{"id":132017,"date":"2023-06-16T09:14:18","date_gmt":"2023-06-16T09:14:18","guid":{"rendered":"http:\/\/talkpal.ai\/almanca-gramer-alistirmalari\/"},"modified":"2025-12-17T16:10:45","modified_gmt":"2025-12-17T16:10:45","slug":"almanca-gramer-alistirmalari","status":"publish","type":"page","link":"https:\/\/talkpal.ai\/tr\/almanca-gramer-alistirmalari\/","title":{"rendered":"Almanca Gramer Al\u0131\u015ft\u0131rmalar\u0131"},"content":{"rendered":"\r\n\r\n\r\n<section class=\"languageChallengeSection\">\r\n    <div class=\"languageInfoWrapper\">\r\n        \r\n        <h1>Almanca Gramer Al\u0131\u015ft\u0131rmalar\u0131<\/h1>\r\n        <p><a href=\"https:\/\/talkpal.ai\/learn-german\/\">Almanca<\/a> Dilbilginizi g\u00fc\u00e7lendirmeye haz\u0131r m\u0131s\u0131n\u0131z? <a href=\"https:\/\/talkpal.ai\/grammar\/\">Dilbilgisi<\/a> al\u0131\u015ft\u0131rmalar\u0131 yapmak, Almanca diline hakim olmak i\u00e7in m\u00fckemmel bir yoldur. Bug\u00fcn \u00e7al\u0131\u015fmaya ba\u015flay\u0131n ve her egzersizde kendinize olan g\u00fcveninizin ve ak\u0131c\u0131l\u0131\u011f\u0131n\u0131z\u0131n artt\u0131\u011f\u0131n\u0131 g\u00f6r\u00fcn!\n\n<\/p>\r\n\r\n                            <a class=\"getStartedHidden\" href=\"https:\/\/app.talkpal.ai\/tr\/signup?lng=\">Hadi ba\u015fla<\/a>\r\n        \r\n    <\/div>\r\n\r\n    <figure>\r\n    <img decoding=\"async\" width=\"768\" height=\"768\" src=\"https:\/\/talkpal.ai\/wp-content\/uploads\/2023\/06\/german-768x768.png\" class=\"languageImage no-lazy\" alt=\"Language learning for global networking\" fetchpriority=\"high\" sizes=\"(max-width: 768px) 150px, 768px\" srcset=\"https:\/\/talkpal.ai\/wp-content\/uploads\/2023\/06\/german-768x768.png 768w, https:\/\/talkpal.ai\/wp-content\/uploads\/2023\/06\/german-300x300.png 300w\" \/>\r\n    \r\n\r\n    <\/figure>\r\n\r\n            <a class=\"getStartedVisible\" href=\"https:\/\/app.talkpal.ai\/tr\/signup?lng=\">Hadi ba\u015fla<\/a>\r\n    \r\n<\/section>\r\n\r\n\r\n<!-- <section class=\"grammarSection\">\r\n    <div class=\"grammarLinks\">\r\n        <a href=\"https:\/\/talkpal.ai\/tr\/exercise_language\/cekim-almanca-dilbilgisi\/\">\u00e7ekim <\/a><a href=\"https:\/\/talkpal.ai\/tr\/exercise_language\/cumle-yapisi-almanca-dilbilgisi\/\">C\u00fcmle Yap\u0131s\u0131 <\/a><a href=\"https:\/\/talkpal.ai\/tr\/exercise_language\/edatlar-almanca-dilbilgisi\/\">Edatlar <\/a><a href=\"https:\/\/talkpal.ai\/tr\/exercise_language\/fiiller-almanca-dilbilgisi\/\">Fiiller <\/a><a href=\"https:\/\/talkpal.ai\/tr\/exercise_language\/isimler-ve-makaleler-almanca-dilbilgisi\/\">\u0130simler ve Makaleler <\/a><a href=\"https:\/\/talkpal.ai\/tr\/exercise_language\/sifatlar-almanca-dilbilgisi\/\">S\u0131fatlar <\/a><a href=\"https:\/\/talkpal.ai\/tr\/exercise_language\/zamanlar-almanca-dilbilgisi\/\">Zamanlar <\/a><a href=\"https:\/\/talkpal.ai\/tr\/exercise_language\/zamirler-almanca-dilbilgisi\/\">Zamirler <\/a><a href=\"https:\/\/talkpal.ai\/tr\/exercise_language\/zarflar-almanca-dilbilgisi\/\">Zarflar <\/a>    <\/div>\r\n<\/section> -->\r\n\r\n\r\n\r\n\r\n        <section class=\"grammarSection\">\r\n            <div class=\"grammarLinks\">\r\n                <a href=\"https:\/\/talkpal.ai\/tr\/exercise_language\/cekim-almanca-dilbilgisi\/\">\u00e7ekim <\/a><a href=\"https:\/\/talkpal.ai\/tr\/exercise_language\/cumle-yapisi-almanca-dilbilgisi\/\">C\u00fcmle Yap\u0131s\u0131 <\/a><a href=\"https:\/\/talkpal.ai\/tr\/exercise_language\/edatlar-almanca-dilbilgisi\/\">Edatlar <\/a><a href=\"https:\/\/talkpal.ai\/tr\/exercise_language\/fiiller-almanca-dilbilgisi\/\">Fiiller <\/a><a href=\"https:\/\/talkpal.ai\/tr\/exercise_language\/isimler-ve-makaleler-almanca-dilbilgisi\/\">\u0130simler ve Makaleler <\/a><a href=\"https:\/\/talkpal.ai\/tr\/exercise_language\/sifatlar-almanca-dilbilgisi\/\">S\u0131fatlar <\/a><a href=\"https:\/\/talkpal.ai\/tr\/exercise_language\/zamanlar-almanca-dilbilgisi\/\">Zamanlar <\/a><a href=\"https:\/\/talkpal.ai\/tr\/exercise_language\/zamirler-almanca-dilbilgisi\/\">Zamirler <\/a><a href=\"https:\/\/talkpal.ai\/tr\/exercise_language\/zarflar-almanca-dilbilgisi\/\">Zarflar <\/a>            <\/div>\r\n        <\/section>\r\n<section class=\"promotionalBanner\">\r\n    <p class=\"promotionalText\">Dil \u00f6\u011frenmenin en etkili yolu<\/p>\r\n    <a class=\"promotionalLink\" href=\"https:\/\/app.talkpal.ai\/tr\/signup?lng=\">Talkpal \u00fccretsiz deneyin<\/a>\r\n<\/section>\n<div class=\"wp-block-group pageContainerStyle\"><div class=\"wp-block-group__inner-container is-layout-constrained wp-block-group-is-layout-constrained\">\n<h2 class=\"wp-block-heading\" id=\"h-german-grammar-topics\">Almanca Dilbilgisi Konular\u0131<\/h2>\n\n\n\n<p>Yeni bir dil \u00f6\u011frenmek g\u00f6z korkutucu bir g\u00f6rev olabilir, ancak do\u011fru yakla\u015f\u0131mla heyecan verici ve \u00f6d\u00fcllendirici bir deneyim olabilir. Almanca son derece yap\u0131land\u0131r\u0131lm\u0131\u015f ve mant\u0131kl\u0131 bir dildir, bu da dilbilgisi kurallar\u0131n\u0131 net bir \u015fekilde anlarsan\u0131z \u00f6\u011frenmeyi kolayla\u015ft\u0131r\u0131r. Bu k\u0131lavuz, Almanca dilbilgisinin zamanlar, fiiller, isimler ve artikeller, zamirler, s\u0131fatlar, \u00e7ekimler, zarflar, edatlar ve c\u00fcmle yap\u0131s\u0131 gibi temel y\u00f6nlerini anlaman\u0131za yard\u0131mc\u0131 olacakt\u0131r. Bu s\u0131ray\u0131 takip ederek, <a href=\"https:\/\/talkpal.ai\/tr\/almanca-ogrenme-dersleri\/\">Almanca \u00f6\u011frenme<\/a> yolculu\u011funuzda etkili ve verimli bir \u015fekilde ilerleyebileceksiniz.<\/p>\n\n\n\n<h3 class=\"wp-block-heading\" id=\"h-1-nouns-and-articles\">1. \u0130simler ve Makaleler:<\/h3>\n\n\n\n<p>Almanca isimlerin ve beraberindeki makalelerin temellerini \u00f6\u011frenerek ba\u015flay\u0131n. Almanca&#8217;da \u00fc\u00e7 cinsiyet (eril, di\u015fil ve n\u00f6tr) ve d\u00f6rt durum (nominatif, accusative, dative ve genitive) vard\u0131r. Bu kurallar\u0131 anlamak, her isim i\u00e7in do\u011fru artikeli belirlemenize ve <a href=\"https:\/\/talkpal.ai\/german-grammar\/\">Almanca dilbilgisi<\/a> bilginizin temelini atman\u0131za yard\u0131mc\u0131 olacakt\u0131r.<\/p>\n\n\n\n<h3 class=\"wp-block-heading\" id=\"h-2-pronouns\">2. Zamirler:<\/h3>\n\n\n\n<p>Zamirler bir c\u00fcmledeki isimlerin yerini al\u0131r ve cinsiyetlerine, say\u0131lar\u0131na ve durumlar\u0131na ba\u011fl\u0131 olarak farkl\u0131 bi\u00e7imlere sahiptir. Daha karma\u015f\u0131k c\u00fcmleler olu\u015fturmak ve d\u00fc\u015f\u00fcncelerinizi daha do\u011fru ifade etmek i\u00e7in ki\u015fisel, iyelik, d\u00f6n\u00fc\u015fl\u00fc ve ilgi zamirleri gibi Almanca zamirleri \u00f6\u011frenin.<\/p>\n\n\n\n<h3 class=\"wp-block-heading\" id=\"h-3-verbs\">3. Fiiller:<\/h3>\n\n\n\n<p>Fiiller, eylemleri ve durumlar\u0131 ifade ettikleri i\u00e7in c\u00fcmle olu\u015fturmada \u00e7ok \u00f6nemlidir. D\u00fczenli, d\u00fczensiz, kipli ve d\u00f6n\u00fc\u015fl\u00fc fiiller gibi farkl\u0131 Almanca fiil t\u00fcrlerini, \u015fimdiki zaman, ge\u00e7mi\u015f ve gelecek zamanlardaki \u00e7ekimleriyle birlikte \u00f6\u011frenin. Bu, \u00e7e\u015fitli durumlarda etkili bir \u015fekilde ileti\u015fim kurman\u0131z\u0131 sa\u011flayacakt\u0131r.<\/p>\n\n\n\n<h3 class=\"wp-block-heading\" id=\"h-4-tenses\">4. Zamanlar:<\/h3>\n\n\n\n<p>Zamanlar, bir eylemin ger\u00e7ekle\u015fti\u011fi zaman\u0131 g\u00f6sterir. Almanca&#8217;da alt\u0131 zaman vard\u0131r: \u015fimdiki zaman, basit ge\u00e7mi\u015f, \u015fimdiki zaman m\u00fckemmel, ge\u00e7mi\u015f m\u00fckemmel, gelecek ve gelecek m\u00fckemmel zamanlar. Bu zamanlar\u0131n kurallar\u0131n\u0131 ve kullan\u0131m\u0131n\u0131 anlamak, kendinizi a\u00e7\u0131k ve do\u011fru bir \u015fekilde ifade etmenize yard\u0131mc\u0131 olacakt\u0131r.<\/p>\n\n\n\n<h3 class=\"wp-block-heading\" id=\"h-5-adjectives\">5. S\u0131fatlar:<\/h3>\n\n\n\n<p>S\u0131fatlar, isimlerin ve zamirlerin niteliklerini tan\u0131mlar ve de\u011fi\u015ftirdikleri isimle cinsiyet, say\u0131 ve durum bak\u0131m\u0131ndan hemfikirdir. A\u00e7\u0131klamalar\u0131n\u0131z\u0131 geli\u015ftirmek ve konu\u015fman\u0131z\u0131 daha renkli hale getirmek i\u00e7in s\u0131fat \u00e7ekimi kurallar\u0131n\u0131n yan\u0131 s\u0131ra kar\u015f\u0131la\u015ft\u0131rmal\u0131 ve \u00fcst\u00fcn bi\u00e7imleri \u00f6\u011frenin.<\/p>\n\n\n\n<h3 class=\"wp-block-heading\" id=\"h-6-declension\">6. \u00c7ekim:<\/h3>\n\n\n\n<p>\u00c7ekim, isimleri, zamirleri ve s\u0131fatlar\u0131 bir c\u00fcmledeki gramer i\u015flevlerini g\u00f6sterecek \u015fekilde de\u011fi\u015ftirme i\u015flemidir. Dilbilgisi a\u00e7\u0131s\u0131ndan do\u011fru c\u00fcmleler kurman\u0131z\u0131 sa\u011flayacak d\u00f6rt Almanca vakay\u0131 ve bunlar\u0131n kelimelerin sonlar\u0131n\u0131 nas\u0131l etkiledi\u011fini \u00f6\u011frenin.<\/p>\n\n\n\n<h3 class=\"wp-block-heading\" id=\"h-7-adverbs\">7. Zarflar:<\/h3>\n\n\n\n<p>Zarflar fiiller, s\u0131fatlar veya di\u011fer zarflar hakk\u0131nda ek bilgi sa\u011flar. Zaman, tarz ve yer belirtenler gibi farkl\u0131 Almanca zarf t\u00fcrlerini ve konu\u015fman\u0131za n\u00fcans ve kesinlik katmak i\u00e7in bunlar\u0131 nas\u0131l etkili bir \u015fekilde kullanaca\u011f\u0131n\u0131z\u0131 \u00f6\u011frenin.<\/p>\n\n\n\n<h3 class=\"wp-block-heading\" id=\"h-8-prepositions\">8. Edatlar:<\/h3>\n\n\n\n<p>Edatlar, bir c\u00fcmledeki isimler veya zamirler ile di\u011fer unsurlar aras\u0131ndaki ili\u015fkiyi belirtmek i\u00e7in kullan\u0131l\u0131r. C\u00fcmlelerin nas\u0131l olu\u015fturuldu\u011funu daha iyi anlamak i\u00e7in \u00e7e\u015fitli Almanca edatlar\u0131 ve farkl\u0131 durumlarda kullan\u0131mlar\u0131n\u0131 inceleyin.<\/p>\n\n\n\n<h3 class=\"wp-block-heading\" id=\"h-9-sentence-structure\">9. C\u00fcmle Yap\u0131s\u0131:<\/h3>\n\n\n\n<p>Son olarak, kelime s\u0131ras\u0131, yan c\u00fcmleler ve ba\u011fla\u00e7lar dahil olmak \u00fczere Almanca c\u00fcmle yap\u0131s\u0131n\u0131 \u00f6\u011frenin. Bu kurallar\u0131 anlamak, tutarl\u0131 ve iyi yap\u0131land\u0131r\u0131lm\u0131\u015f c\u00fcmleler olu\u015fturman\u0131za yard\u0131mc\u0131 olacak ve d\u00fc\u015f\u00fcncelerinizi Almanca olarak a\u00e7\u0131k ve etkili bir \u015fekilde ifade etmenize olanak sa\u011flayacakt\u0131r.<\/p>\n<\/div><\/div>\n\r\n<section class=\"learnNavigationSection\">\r\n            \r\n        <a href=\"https:\/\/talkpal.ai\/tr\/almanca-ogrenin\/\">\r\n            <div class=\"learnNavigationWrapper\">\r\n                <div class=\"learnNavigationContent\">\r\n                    <img decoding=\"async\" src=\"https:\/\/talkpal.ai\/wp-content\/uploads\/2024\/08\/German.jpg\" alt=\"German Flag\">\r\n                    <div>\r\n                        <h4>Almanca \u00d6\u011frenimi Hakk\u0131nda<\/h4>\r\n                        <p>Almanca dilbilgisi hakk\u0131nda her \u015feyi \u00f6\u011frenin.<\/p>\r\n                    <\/div>\r\n                <\/div>\r\n            <\/div>\r\n        <\/a>\r\n\r\n        \r\n        <a href=\"https:\/\/talkpal.ai\/tr\/almanca-dilbilgisi\/\">\r\n            <div class=\"learnNavigationWrapper\">\r\n                <div class=\"learnNavigationContent\">\r\n                    <img decoding=\"async\" src=\"https:\/\/talkpal.ai\/wp-content\/uploads\/2024\/08\/German.jpg\" alt=\"German Flag\">\r\n                    <div>\r\n                        <h4>Almanca Gramer Dersleri<\/h4>\r\n                        <p>Almanca dilbilgisi prati\u011fi yap\u0131n.<\/p>\r\n                    <\/div>\r\n                <\/div>\r\n            <\/div>\r\n        <\/a>\r\n\r\n        \r\n        <a href=\"https:\/\/talkpal.ai\/vocabulary_language\/german\/\">\r\n            <div class=\"learnNavigationWrapper\">\r\n                <div class=\"learnNavigationContent\">\r\n                    <img decoding=\"async\" src=\"https:\/\/talkpal.ai\/wp-content\/uploads\/2024\/08\/German.jpg\" alt=\"German Flag\">\r\n                    <div>\r\n                        <h4>Almanca Kelime Bilgisi<\/h4>\r\n                        <p>Almanca kelime da\u011farc\u0131\u011f\u0131n\u0131z\u0131 geni\u015fletin.<\/p>\r\n                    <\/div>\r\n                <\/div>\r\n            <\/div>\r\n        <\/a>\r\n\r\n            <\/section>","protected":false},"excerpt":{"rendered":"<p>Almanca Dilbilgisi Konular\u0131 Yeni bir dil \u00f6\u011frenmek g\u00f6z korkutucu bir g\u00f6rev olabilir, ancak do\u011fru yakla\u015f\u0131mla heyecan verici ve \u00f6d\u00fcllendirici bir deneyim olabilir. Almanca son derece yap\u0131land\u0131r\u0131lm\u0131\u015f ve mant\u0131kl\u0131 bir dildir, bu da dilbilgisi kurallar\u0131n\u0131 net bir \u015fekilde anlarsan\u0131z \u00f6\u011frenmeyi kolayla\u015ft\u0131r\u0131r. Bu k\u0131lavuz, Almanca dilbilgisinin zamanlar, fiiller, isimler ve artikeller, zamirler, s\u0131fatlar, \u00e7ekimler, zarflar, edatlar ve [&hellip;]<\/p>\n","protected":false},"author":6,"featured_media":75669,"parent":0,"menu_order":0,"comment_status":"closed","ping_status":"closed","template":"LearningContentPage.php","meta":{"_acf_changed":false,"footnotes":""},"class_list":["post-132017","page","type-page","status-publish","has-post-thumbnail","hentry"],"acf":[],"yoast_head":"<!-- This site is optimized with the Yoast SEO Premium plugin v27.2 (Yoast SEO v27.2) - https:\/\/yoast.com\/product\/yoast-seo-premium-wordpress\/ -->\n<title>Almanca Gramer Al\u0131\u015ft\u0131rmalar\u0131 - Talkpal<\/title>\n<meta name=\"description\" content=\"Pratik al\u0131\u015ft\u0131rmalarla Almanca dilbilginizi geli\u015ftirin - h\u0131zl\u0131 bir \u015fekilde geli\u015fin, interaktif bir \u015fekilde pratik yap\u0131n ve Talkpal AI.\" \/>\n<meta name=\"robots\" content=\"index, follow, max-snippet:-1, max-image-preview:large, max-video-preview:-1\" \/>\n<link rel=\"canonical\" href=\"https:\/\/talkpal.ai\/tr\/almanca-gramer-alistirmalari\/\" \/>\n<meta property=\"og:locale\" content=\"tr_TR\" \/>\n<meta property=\"og:type\" content=\"article\" \/>\n<meta property=\"og:title\" content=\"Almanca Gramer Al\u0131\u015ft\u0131rmalar\u0131\" \/>\n<meta property=\"og:description\" content=\"Almanca Dilbilgisi Konular\u0131 Yeni bir dil \u00f6\u011frenmek g\u00f6z korkutucu bir g\u00f6rev olabilir, ancak do\u011fru yakla\u015f\u0131mla heyecan verici ve \u00f6d\u00fcllendirici bir deneyim\" \/>\n<meta property=\"og:url\" content=\"https:\/\/talkpal.ai\/tr\/almanca-gramer-alistirmalari\/\" \/>\n<meta property=\"og:site_name\" content=\"Talkpal\" \/>\n<meta property=\"article:publisher\" content=\"https:\/\/www.facebook.com\/profile.php?id=100090733639311\" \/>\n<meta property=\"article:modified_time\" content=\"2025-12-17T16:10:45+00:00\" \/>\n<meta property=\"og:image\" content=\"https:\/\/talkpal.ai\/wp-content\/uploads\/2023\/03\/germany.png\" \/>\n\t<meta property=\"og:image:width\" content=\"512\" \/>\n\t<meta property=\"og:image:height\" content=\"512\" \/>\n\t<meta property=\"og:image:type\" content=\"image\/png\" \/>\n<meta name=\"twitter:card\" content=\"summary_large_image\" \/>\n<meta name=\"twitter:site\" content=\"@talkpalai\" \/>\n<meta name=\"twitter:label1\" content=\"Tahmini okuma s\u00fcresi\" \/>\n\t<meta name=\"twitter:data1\" content=\"3 dakika\" \/>\n<script type=\"application\/ld+json\" class=\"yoast-schema-graph\">{\"@context\":\"https:\/\/schema.org\",\"@graph\":[{\"@type\":\"WebPage\",\"@id\":\"https:\/\/talkpal.ai\/tr\/almanca-gramer-alistirmalari\/\",\"url\":\"https:\/\/talkpal.ai\/tr\/almanca-gramer-alistirmalari\/\",\"name\":\"Almanca Gramer Al\u0131\u015ft\u0131rmalar\u0131 - Talkpal\",\"isPartOf\":{\"@id\":\"https:\/\/talkpal.ai\/tr\/#website\"},\"primaryImageOfPage\":{\"@id\":\"https:\/\/talkpal.ai\/tr\/almanca-gramer-alistirmalari\/#primaryimage\"},\"image\":{\"@id\":\"https:\/\/talkpal.ai\/tr\/almanca-gramer-alistirmalari\/#primaryimage\"},\"thumbnailUrl\":\"https:\/\/talkpal.ai\/wp-content\/uploads\/2023\/03\/germany.png\",\"datePublished\":\"2023-06-16T09:14:18+00:00\",\"dateModified\":\"2025-12-17T16:10:45+00:00\",\"description\":\"Pratik al\u0131\u015ft\u0131rmalarla Almanca dilbilginizi geli\u015ftirin - h\u0131zl\u0131 bir \u015fekilde geli\u015fin, interaktif bir \u015fekilde pratik yap\u0131n ve Talkpal AI.\",\"breadcrumb\":{\"@id\":\"https:\/\/talkpal.ai\/tr\/almanca-gramer-alistirmalari\/#breadcrumb\"},\"inLanguage\":\"tr\",\"potentialAction\":[{\"@type\":\"ReadAction\",\"target\":[\"https:\/\/talkpal.ai\/tr\/almanca-gramer-alistirmalari\/\"]}]},{\"@type\":\"ImageObject\",\"inLanguage\":\"tr\",\"@id\":\"https:\/\/talkpal.ai\/tr\/almanca-gramer-alistirmalari\/#primaryimage\",\"url\":\"https:\/\/talkpal.ai\/wp-content\/uploads\/2023\/03\/germany.png\",\"contentUrl\":\"https:\/\/talkpal.ai\/wp-content\/uploads\/2023\/03\/germany.png\",\"width\":512,\"height\":512,\"caption\":\"TalkPal AI learn German\"},{\"@type\":\"BreadcrumbList\",\"@id\":\"https:\/\/talkpal.ai\/tr\/almanca-gramer-alistirmalari\/#breadcrumb\",\"itemListElement\":[{\"@type\":\"ListItem\",\"position\":1,\"name\":\"Homepage\",\"item\":\"https:\/\/talkpal.ai\/tr\/\"},{\"@type\":\"ListItem\",\"position\":2,\"name\":\"Almanca Gramer Al\u0131\u015ft\u0131rmalar\u0131\"}]},{\"@type\":\"WebSite\",\"@id\":\"https:\/\/talkpal.ai\/tr\/#website\",\"url\":\"https:\/\/talkpal.ai\/tr\/\",\"name\":\"Talkpal\",\"description\":\"AI Language Learning\",\"publisher\":{\"@id\":\"https:\/\/talkpal.ai\/tr\/#organization\"},\"alternateName\":\"Talkpal AI\",\"potentialAction\":[{\"@type\":\"SearchAction\",\"target\":{\"@type\":\"EntryPoint\",\"urlTemplate\":\"https:\/\/talkpal.ai\/tr\/?s={search_term_string}\"},\"query-input\":{\"@type\":\"PropertyValueSpecification\",\"valueRequired\":true,\"valueName\":\"search_term_string\"}}],\"inLanguage\":\"tr\"},{\"@type\":\"Organization\",\"@id\":\"https:\/\/talkpal.ai\/tr\/#organization\",\"name\":\"Talkpal, Inc.\",\"alternateName\":\"Talkpal AI\",\"url\":\"https:\/\/talkpal.ai\/tr\/\",\"logo\":{\"@type\":\"ImageObject\",\"inLanguage\":\"tr\",\"@id\":\"https:\/\/talkpal.ai\/tr\/#\/schema\/logo\/image\/\",\"url\":\"https:\/\/talkpal.ai\/wp-content\/uploads\/2024\/03\/Talkpal-Logo-Icon.png\",\"contentUrl\":\"https:\/\/talkpal.ai\/wp-content\/uploads\/2024\/03\/Talkpal-Logo-Icon.png\",\"width\":2880,\"height\":2880,\"caption\":\"Talkpal, Inc.\"},\"image\":{\"@id\":\"https:\/\/talkpal.ai\/tr\/#\/schema\/logo\/image\/\"},\"sameAs\":[\"https:\/\/www.facebook.com\/profile.php?id=100090733639311\",\"https:\/\/x.com\/talkpalai\",\"https:\/\/www.linkedin.com\/company\/talkpal\/\",\"https:\/\/www.youtube.com\/@TalkPal\/\",\"https:\/\/www.tiktok.com\/@talkpal\",\"https:\/\/www.instagram.com\/talkpal_ai\/\",\"https:\/\/www.crunchbase.com\/organization\/talkpal-9cde\",\"https:\/\/www.g2.com\/products\/talkpal-for-business\/\",\"https:\/\/www.trustpilot.com\/review\/talkpal.ai\",\"https:\/\/www.capterra.com\/p\/10006800\/TalkPal\/\"],\"description\":\"Talkpal is a language learning web and mobile education app, powered by the latest AI technologies, that provides engaging experiences to its customers in many different languages to help them improve their language skills. Users can chat about unlimited amount of topics with the app and use other modes to practice their language learning.\",\"email\":\"support@talkpal.ai\",\"legalName\":\"Talkpal, Inc.\",\"foundingDate\":\"2023-04-03\",\"duns\":\"118989042\",\"numberOfEmployees\":{\"@type\":\"QuantitativeValue\",\"minValue\":\"11\",\"maxValue\":\"50\"},\"publishingPrinciples\":\"https:\/\/talkpal.ai\/publishing-principles\/\",\"actionableFeedbackPolicy\":\"https:\/\/talkpal.ai\/actionable-feedback-policy\/\",\"correctionsPolicy\":\"https:\/\/talkpal.ai\/corrections-policy\/\",\"ethicsPolicy\":\"https:\/\/talkpal.ai\/ethics-policy\/\",\"diversityPolicy\":\"https:\/\/talkpal.ai\/diversity-policy\/\",\"diversityStaffingReport\":\"https:\/\/talkpal.ai\/diversity-policy\/\"}]}<\/script>\n<!-- \/ Yoast SEO Premium plugin. -->","yoast_head_json":{"title":"Almanca Gramer Al\u0131\u015ft\u0131rmalar\u0131 - Talkpal","description":"Pratik al\u0131\u015ft\u0131rmalarla Almanca dilbilginizi geli\u015ftirin - h\u0131zl\u0131 bir \u015fekilde geli\u015fin, interaktif bir \u015fekilde pratik yap\u0131n ve Talkpal AI.","robots":{"index":"index","follow":"follow","max-snippet":"max-snippet:-1","max-image-preview":"max-image-preview:large","max-video-preview":"max-video-preview:-1"},"canonical":"https:\/\/talkpal.ai\/tr\/almanca-gramer-alistirmalari\/","og_locale":"tr_TR","og_type":"article","og_title":"Almanca Gramer Al\u0131\u015ft\u0131rmalar\u0131","og_description":"Almanca Dilbilgisi Konular\u0131 Yeni bir dil \u00f6\u011frenmek g\u00f6z korkutucu bir g\u00f6rev olabilir, ancak do\u011fru yakla\u015f\u0131mla heyecan verici ve \u00f6d\u00fcllendirici bir deneyim","og_url":"https:\/\/talkpal.ai\/tr\/almanca-gramer-alistirmalari\/","og_site_name":"Talkpal","article_publisher":"https:\/\/www.facebook.com\/profile.php?id=100090733639311","article_modified_time":"2025-12-17T16:10:45+00:00","og_image":[{"width":512,"height":512,"url":"https:\/\/talkpal.ai\/wp-content\/uploads\/2023\/03\/germany.png","type":"image\/png"}],"twitter_card":"summary_large_image","twitter_site":"@talkpalai","twitter_misc":{"Tahmini okuma s\u00fcresi":"3 dakika"},"schema":{"@context":"https:\/\/schema.org","@graph":[{"@type":"WebPage","@id":"https:\/\/talkpal.ai\/tr\/almanca-gramer-alistirmalari\/","url":"https:\/\/talkpal.ai\/tr\/almanca-gramer-alistirmalari\/","name":"Almanca Gramer Al\u0131\u015ft\u0131rmalar\u0131 - Talkpal","isPartOf":{"@id":"https:\/\/talkpal.ai\/tr\/#website"},"primaryImageOfPage":{"@id":"https:\/\/talkpal.ai\/tr\/almanca-gramer-alistirmalari\/#primaryimage"},"image":{"@id":"https:\/\/talkpal.ai\/tr\/almanca-gramer-alistirmalari\/#primaryimage"},"thumbnailUrl":"https:\/\/talkpal.ai\/wp-content\/uploads\/2023\/03\/germany.png","datePublished":"2023-06-16T09:14:18+00:00","dateModified":"2025-12-17T16:10:45+00:00","description":"Pratik al\u0131\u015ft\u0131rmalarla Almanca dilbilginizi geli\u015ftirin - h\u0131zl\u0131 bir \u015fekilde geli\u015fin, interaktif bir \u015fekilde pratik yap\u0131n ve Talkpal AI.","breadcrumb":{"@id":"https:\/\/talkpal.ai\/tr\/almanca-gramer-alistirmalari\/#breadcrumb"},"inLanguage":"tr","potentialAction":[{"@type":"ReadAction","target":["https:\/\/talkpal.ai\/tr\/almanca-gramer-alistirmalari\/"]}]},{"@type":"ImageObject","inLanguage":"tr","@id":"https:\/\/talkpal.ai\/tr\/almanca-gramer-alistirmalari\/#primaryimage","url":"https:\/\/talkpal.ai\/wp-content\/uploads\/2023\/03\/germany.png","contentUrl":"https:\/\/talkpal.ai\/wp-content\/uploads\/2023\/03\/germany.png","width":512,"height":512,"caption":"TalkPal AI learn German"},{"@type":"BreadcrumbList","@id":"https:\/\/talkpal.ai\/tr\/almanca-gramer-alistirmalari\/#breadcrumb","itemListElement":[{"@type":"ListItem","position":1,"name":"Homepage","item":"https:\/\/talkpal.ai\/tr\/"},{"@type":"ListItem","position":2,"name":"Almanca Gramer Al\u0131\u015ft\u0131rmalar\u0131"}]},{"@type":"WebSite","@id":"https:\/\/talkpal.ai\/tr\/#website","url":"https:\/\/talkpal.ai\/tr\/","name":"Talkpal","description":"AI Language Learning","publisher":{"@id":"https:\/\/talkpal.ai\/tr\/#organization"},"alternateName":"Talkpal AI","potentialAction":[{"@type":"SearchAction","target":{"@type":"EntryPoint","urlTemplate":"https:\/\/talkpal.ai\/tr\/?s={search_term_string}"},"query-input":{"@type":"PropertyValueSpecification","valueRequired":true,"valueName":"search_term_string"}}],"inLanguage":"tr"},{"@type":"Organization","@id":"https:\/\/talkpal.ai\/tr\/#organization","name":"Talkpal, Inc.","alternateName":"Talkpal AI","url":"https:\/\/talkpal.ai\/tr\/","logo":{"@type":"ImageObject","inLanguage":"tr","@id":"https:\/\/talkpal.ai\/tr\/#\/schema\/logo\/image\/","url":"https:\/\/talkpal.ai\/wp-content\/uploads\/2024\/03\/Talkpal-Logo-Icon.png","contentUrl":"https:\/\/talkpal.ai\/wp-content\/uploads\/2024\/03\/Talkpal-Logo-Icon.png","width":2880,"height":2880,"caption":"Talkpal, Inc."},"image":{"@id":"https:\/\/talkpal.ai\/tr\/#\/schema\/logo\/image\/"},"sameAs":["https:\/\/www.facebook.com\/profile.php?id=100090733639311","https:\/\/x.com\/talkpalai","https:\/\/www.linkedin.com\/company\/talkpal\/","https:\/\/www.youtube.com\/@TalkPal\/","https:\/\/www.tiktok.com\/@talkpal","https:\/\/www.instagram.com\/talkpal_ai\/","https:\/\/www.crunchbase.com\/organization\/talkpal-9cde","https:\/\/www.g2.com\/products\/talkpal-for-business\/","https:\/\/www.trustpilot.com\/review\/talkpal.ai","https:\/\/www.capterra.com\/p\/10006800\/TalkPal\/"],"description":"Talkpal is a language learning web and mobile education app, powered by the latest AI technologies, that provides engaging experiences to its customers in many different languages to help them improve their language skills. Users can chat about unlimited amount of topics with the app and use other modes to practice their language learning.","email":"support@talkpal.ai","legalName":"Talkpal, Inc.","foundingDate":"2023-04-03","duns":"118989042","numberOfEmployees":{"@type":"QuantitativeValue","minValue":"11","maxValue":"50"},"publishingPrinciples":"https:\/\/talkpal.ai\/publishing-principles\/","actionableFeedbackPolicy":"https:\/\/talkpal.ai\/actionable-feedback-policy\/","correctionsPolicy":"https:\/\/talkpal.ai\/corrections-policy\/","ethicsPolicy":"https:\/\/talkpal.ai\/ethics-policy\/","diversityPolicy":"https:\/\/talkpal.ai\/diversity-policy\/","diversityStaffingReport":"https:\/\/talkpal.ai\/diversity-policy\/"}]}},"_links":{"self":[{"href":"https:\/\/talkpal.ai\/tr\/wp-json\/wp\/v2\/pages\/132017","targetHints":{"allow":["GET"]}}],"collection":[{"href":"https:\/\/talkpal.ai\/tr\/wp-json\/wp\/v2\/pages"}],"about":[{"href":"https:\/\/talkpal.ai\/tr\/wp-json\/wp\/v2\/types\/page"}],"author":[{"embeddable":true,"href":"https:\/\/talkpal.ai\/tr\/wp-json\/wp\/v2\/users\/6"}],"replies":[{"embeddable":true,"href":"https:\/\/talkpal.ai\/tr\/wp-json\/wp\/v2\/comments?post=132017"}],"version-history":[{"count":0,"href":"https:\/\/talkpal.ai\/tr\/wp-json\/wp\/v2\/pages\/132017\/revisions"}],"wp:featuredmedia":[{"embeddable":true,"href":"https:\/\/talkpal.ai\/tr\/wp-json\/wp\/v2\/media\/75669"}],"wp:attachment":[{"href":"https:\/\/talkpal.ai\/tr\/wp-json\/wp\/v2\/media?parent=132017"}],"curies":[{"name":"wp","href":"https:\/\/api.w.org\/{rel}","templated":true}]}}