{"id":131755,"date":"2023-06-16T08:35:52","date_gmt":"2023-06-16T08:35:52","guid":{"rendered":"http:\/\/talkpal.ai\/fransizca-gramer-alistirmalari\/"},"modified":"2025-12-17T16:46:24","modified_gmt":"2025-12-17T16:46:24","slug":"fransizca-gramer-alistirmalari","status":"publish","type":"page","link":"https:\/\/talkpal.ai\/tr\/fransizca-gramer-alistirmalari\/","title":{"rendered":"Frans\u0131zca Gramer Al\u0131\u015ft\u0131rmalar\u0131"},"content":{"rendered":"\r\n\r\n\r\n<section class=\"languageChallengeSection\">\r\n    <div class=\"languageInfoWrapper\">\r\n        \r\n        <h1>Frans\u0131zca Gramer Al\u0131\u015ft\u0131rmalar\u0131<\/h1>\r\n        <p><a href=\"https:\/\/talkpal.ai\/tr\/fransizca-ogrenmek-hizli-ve-kolay-adimlar-ile-baslayin\/\">Frans\u0131zca \u00f6\u011frenmek<\/a> mi istiyorsunuz? Dilbilgisi al\u0131\u015ft\u0131rmalar\u0131 yapmak, c\u00fcmle yap\u0131s\u0131n\u0131, fiil \u00e7ekimlerini ve Frans\u0131z dilinin kendine \u00f6zg\u00fc kal\u0131plar\u0131n\u0131 anlamak i\u00e7in harika bir yoldur. <a href=\"https:\/\/talkpal.ai\/tr\/grammar\/fransizca-dilbilgisi-sorulari\/\">Frans\u0131zca dilbilgisi<\/a> \u00fczerinde \u00e7al\u0131\u015fmaya bug\u00fcn ba\u015flay\u0131n ve her al\u0131\u015ft\u0131rmada kendinize olan g\u00fcveninizin ve ak\u0131c\u0131l\u0131\u011f\u0131n\u0131z\u0131n artmas\u0131n\u0131 izleyin!\n\n<\/p>\r\n\r\n                            <a class=\"getStartedHidden\" href=\"https:\/\/app.talkpal.ai\/tr\/signup?lng=\">Hadi ba\u015fla<\/a>\r\n        \r\n    <\/div>\r\n\r\n    <figure>\r\n    <img decoding=\"async\" width=\"768\" height=\"768\" src=\"https:\/\/talkpal.ai\/wp-content\/uploads\/2023\/06\/french-768x768.png\" class=\"languageImage no-lazy\" alt=\"Language learning strategies for professionals\" fetchpriority=\"high\" sizes=\"(max-width: 768px) 150px, 768px\" srcset=\"https:\/\/talkpal.ai\/wp-content\/uploads\/2023\/06\/french-768x768.png 768w, https:\/\/talkpal.ai\/wp-content\/uploads\/2023\/06\/french-300x300.png 300w\" \/>\r\n    \r\n\r\n    <\/figure>\r\n\r\n            <a class=\"getStartedVisible\" href=\"https:\/\/app.talkpal.ai\/tr\/signup?lng=\">Hadi ba\u015fla<\/a>\r\n    \r\n<\/section>\r\n\r\n\r\n<!-- <section class=\"grammarSection\">\r\n    <div class=\"grammarLinks\">\r\n        <a href=\"https:\/\/talkpal.ai\/tr\/exercise_language\/cumle-yapisi-fransizca-dilbilgisi\/\">C\u00fcmle Yap\u0131s\u0131 <\/a><a href=\"https:\/\/talkpal.ai\/tr\/exercise_language\/edatlar-fransizca-dilbilgisi\/\">Edatlar <\/a><a href=\"https:\/\/talkpal.ai\/tr\/exercise_language\/fiiller-fransizca-dilbilgisi\/\">Fiiller <\/a><a href=\"https:\/\/talkpal.ai\/tr\/exercise_language\/isimler-fransizca-dilbilgisi\/\">\u0130simler <\/a><a href=\"https:\/\/talkpal.ai\/tr\/exercise_language\/makaleler-fransizca-dilbilgisi\/\">Makaleler <\/a><a href=\"https:\/\/talkpal.ai\/tr\/exercise_language\/sifatlar-fransizca-dilbilgisi\/\">S\u0131fatlar <\/a><a href=\"https:\/\/talkpal.ai\/tr\/exercise_language\/zamanlar-gosterge-fransizca-dilbilgisi\/\">Zamanlar \u2013 G\u00f6sterge <\/a><a href=\"https:\/\/talkpal.ai\/tr\/exercise_language\/zamirler-ve-belirleyiciler-fransizca-dilbilgisi\/\">Zamirler ve Belirleyiciler <\/a><a href=\"https:\/\/talkpal.ai\/tr\/exercise_language\/zarflar-fransizca-dilbilgisi\/\">Zarflar <\/a>    <\/div>\r\n<\/section> -->\r\n\r\n\r\n\r\n\r\n        <section class=\"grammarSection\">\r\n            <div class=\"grammarLinks\">\r\n                <a href=\"https:\/\/talkpal.ai\/tr\/exercise_language\/cumle-yapisi-fransizca-dilbilgisi\/\">C\u00fcmle Yap\u0131s\u0131 <\/a><a href=\"https:\/\/talkpal.ai\/tr\/exercise_language\/edatlar-fransizca-dilbilgisi\/\">Edatlar <\/a><a href=\"https:\/\/talkpal.ai\/tr\/exercise_language\/fiiller-fransizca-dilbilgisi\/\">Fiiller <\/a><a href=\"https:\/\/talkpal.ai\/tr\/exercise_language\/isimler-fransizca-dilbilgisi\/\">\u0130simler <\/a><a href=\"https:\/\/talkpal.ai\/tr\/exercise_language\/makaleler-fransizca-dilbilgisi\/\">Makaleler <\/a><a href=\"https:\/\/talkpal.ai\/tr\/exercise_language\/sifatlar-fransizca-dilbilgisi\/\">S\u0131fatlar <\/a><a href=\"https:\/\/talkpal.ai\/tr\/exercise_language\/zamanlar-gosterge-fransizca-dilbilgisi\/\">Zamanlar \u2013 G\u00f6sterge <\/a><a href=\"https:\/\/talkpal.ai\/tr\/exercise_language\/zamirler-ve-belirleyiciler-fransizca-dilbilgisi\/\">Zamirler ve Belirleyiciler <\/a><a href=\"https:\/\/talkpal.ai\/tr\/exercise_language\/zarflar-fransizca-dilbilgisi\/\">Zarflar <\/a>            <\/div>\r\n        <\/section>\r\n<section class=\"promotionalBanner\">\r\n    <p class=\"promotionalText\">Dil \u00f6\u011frenmenin en etkili yolu<\/p>\r\n    <a class=\"promotionalLink\" href=\"https:\/\/app.talkpal.ai\/tr\/signup?lng=\">Talkpal \u00fccretsiz deneyin<\/a>\r\n<\/section>\n<div class=\"wp-block-group pageContainerStyle\"><div class=\"wp-block-group__inner-container is-layout-constrained wp-block-group-is-layout-constrained\">\n<h2 class=\"wp-block-heading\" id=\"h-french-grammar-topics\">Frans\u0131zca Dilbilgisi Konular\u0131<\/h2>\n\n\n\n<p><a href=\"https:\/\/talkpal.ai\/learn-french\/\">Frans\u0131zca<\/a> \u00f6\u011frenmek heyecan verici ve \u00f6d\u00fcllendirici bir deneyim olabilir. Tarih ve k\u00fclt\u00fcr a\u00e7\u0131s\u0131ndan zengin bir dil olarak Frans\u0131zca, d\u00fcnyaya benzersiz bir bak\u0131\u015f a\u00e7\u0131s\u0131 sunar ve \u00e7e\u015fitli alanlarda \u00f6nemli bir ileti\u015fim arac\u0131d\u0131r. Frans\u0131zca&#8217;y\u0131 etkili bir \u015fekilde \u00f6\u011frenmek i\u00e7in, herhangi bir dilin temeli olan dilbilgisini iyi kavramak \u00e7ok \u00f6nemlidir. S\u0131fatlar, zarflar, artikeller, isimler, edatlar, <a href=\"https:\/\/talkpal.ai\/tr\/grammar_exercises\/zamirler-ve-belirleyiciler-gostericiler-fransizca-dilbilgisi-icin-alistirmalar\/\">zamirler ve belirleyiciler<\/a>, c\u00fcmle yap\u0131s\u0131, zamanlar \u2013 g\u00f6sterge ve fiiller dahil olmak \u00fczere a\u015fa\u011f\u0131daki <a href=\"https:\/\/talkpal.ai\/tr\/grammar\/fransizca-dilbilgisi-sorulari\/\">Frans\u0131zca dilbilgisi<\/a> konular\u0131 dizisi, dilde ustala\u015fma yolculu\u011funuzda size rehberlik edecektir.<\/p>\n\n\n\n<h3 class=\"wp-block-heading\" id=\"h-1-nouns\">1. \u0130simler:<\/h3>\n\n\n\n<p>\u0130simler, insanlar\u0131, yerleri, \u015feyleri veya fikirleri temsil ettikleri i\u00e7in herhangi bir dilin ana yap\u0131 ta\u015flar\u0131d\u0131r. Frans\u0131zca&#8217;da isimlerin cinsiyetleri (eril veya di\u015fil) vard\u0131r ve tekil veya \u00e7o\u011ful olabilir. \u0130simlerin cinsiyetini ve say\u0131s\u0131n\u0131 anlamak, bir c\u00fcmledeki s\u0131fatlar, artikeller ve zamirler gibi di\u011fer kelimelerin bi\u00e7imlerini etkiledi\u011fi i\u00e7in hayati \u00f6nem ta\u015f\u0131r.<\/p>\n\n\n\n<h3 class=\"wp-block-heading\" id=\"h-2-articles\">2. Makaleler:<\/h3>\n\n\n\n<p>Makaleler, bir ismin cinsiyeti ve say\u0131s\u0131 hakk\u0131nda bilgi sa\u011flad\u0131klar\u0131 i\u00e7in Frans\u0131zca dilbilgisinde \u00e7ok \u00f6nemlidir. Frans\u0131zca&#8217;da \u00fc\u00e7 t\u00fcr artikel vard\u0131r: kesin (le, la, les), belirsiz (un, une, des) ve partitive (du, de la, des). Uygun makaleyi kullanmak, bir c\u00fcmlenin ama\u00e7lanan anlam\u0131n\u0131 iletmeye yard\u0131mc\u0131 olur.<\/p>\n\n\n\n<h3 class=\"wp-block-heading\" id=\"h-3-adjectives\">3. S\u0131fatlar:<\/h3>\n\n\n\n<p>S\u0131fatlar, isimleri tan\u0131mlamak veya de\u011fi\u015ftirmek i\u00e7in kullan\u0131l\u0131r. Frans\u0131zca&#8217;da s\u0131fatlar, cinsiyet ve say\u0131 olarak de\u011fi\u015ftirdikleri isimle ayn\u0131 fikirde olmal\u0131d\u0131r. Ek olarak, s\u0131fatlar\u0131n bir c\u00fcmledeki konumu de\u011fi\u015febilir, ancak \u00e7o\u011fu s\u0131fat tan\u0131mlad\u0131klar\u0131 ismi takip eder.<\/p>\n\n\n\n<h3 class=\"wp-block-heading\" id=\"h-4-pronouns-and-determiners\">4. Zamirler ve Belirleyiciler:<\/h3>\n\n\n\n<p>Zamirler, tekrar\u0131 \u00f6nlemek i\u00e7in isimlerin yerini al\u0131rken, belirleyiciler isimleri belirtir veya nicelle\u015ftirir. Hem zamirler hem de belirleyiciler, cinsiyet ve say\u0131 olarak de\u011fi\u015ftirdikleri veya e\u015flik ettikleri isimle ayn\u0131 fikirde olmal\u0131d\u0131r. Frans\u0131zca zamirler aras\u0131nda \u00f6zne zamirleri (je, tu, il, vb.), nesne zamirleri (me, te, lui, vb.) ve d\u00f6n\u00fc\u015fl\u00fc zamirler (me, te, se, vb.) bulunur. Belirleyiciler aras\u0131nda iyelik s\u0131fatlar\u0131 (mon, ma, mes, vb.) ve i\u015faret s\u0131fatlar\u0131 (ce, cette, ces, vb.) bulunur.<\/p>\n\n\n\n<h3 class=\"wp-block-heading\" id=\"h-5-verbs\">5. Fiiller:<\/h3>\n\n\n\n<p>Fiiller eylemleri, durumlar\u0131 veya olu\u015fumlar\u0131 ifade eder. Frans\u0131zca&#8217;da fiiller, \u00f6zne ile ki\u015fi ve say\u0131 olarak ayn\u0131 fikirde olmak ve farkl\u0131 zaman ve ruh hallerini ifade etmek i\u00e7in \u00e7ekimlenir. D\u00fczenli fiiller \u00f6ng\u00f6r\u00fclebilir bir model izlerken, d\u00fczensiz fiiller ezber gerektirir.<\/p>\n\n\n\n<h3 class=\"wp-block-heading\" id=\"h-6-tenses-indicative\">6. Zamanlar &#8211; G\u00f6sterge:<\/h3>\n\n\n\n<p>G\u00f6sterge ruh hali, ger\u00e7ekleri ve nesnel ifadeleri ifade etmek i\u00e7in kullan\u0131l\u0131r. Frans\u0131zca g\u00f6stergede sekiz zaman vard\u0131r: \u015fimdi, gelecek, kusurlu, basit ge\u00e7mi\u015f, \u00e7o\u011ful, gelecek m\u00fckemmel, ge\u00e7mi\u015f ko\u015fullu ve ge\u00e7mi\u015f m\u00fckemmel. Bu zamanlar\u0131 anlamak ve ustala\u015fmak, Frans\u0131zca&#8217;da zaman\u0131 ve s\u0131ray\u0131 ifade etmek i\u00e7in \u00e7ok \u00f6nemlidir.<\/p>\n\n\n\n<h3 class=\"wp-block-heading\" id=\"h-7-adverbs\">7. Zarflar:<\/h3>\n\n\n\n<p>Zarflar fiilleri, s\u0131fatlar\u0131 veya di\u011fer zarflar\u0131 de\u011fi\u015ftirerek eylem, durum veya nitelik hakk\u0131nda ek bilgi sa\u011flar. Frans\u0131zca&#8217;da \u00e7o\u011fu zarf, s\u0131fat\u0131n di\u015fil bi\u00e7imine -ment eklenerek olu\u015fturulur. Zarflar genellikle de\u011fi\u015ftirdikleri fiili takip eder.<\/p>\n\n\n\n<h3 class=\"wp-block-heading\" id=\"h-8-prepositions\">8. Edatlar:<\/h3>\n\n\n\n<p>Edatlar, konum, y\u00f6n, zaman veya neden gibi ili\u015fkileri belirten kelimeleri veya kelime gruplar\u0131n\u0131 birbirine ba\u011flar. Yayg\u0131n Frans\u0131zca edatlar aras\u0131nda \u00e0 (at, to), de (of, from), en (in, on) ve pour (for) bulunur. Edatlar\u0131 ve kullan\u0131mlar\u0131n\u0131 \u00f6\u011frenmek, tutarl\u0131 c\u00fcmleler kurmak i\u00e7in \u00e7ok \u00f6nemlidir.<\/p>\n\n\n\n<h3 class=\"wp-block-heading\" id=\"h-9-sentence-structure\">9. C\u00fcmle Yap\u0131s\u0131:<\/h3>\n\n\n\n<p>Frans\u0131zca c\u00fcmleler, \u0130ngilizce&#8217;ye benzer \u015fekilde bir \u00f6zne-fiil-nesne (SVO) yap\u0131s\u0131n\u0131 takip eder. Bununla birlikte, kelime s\u0131ras\u0131 zamirlerin kullan\u0131m\u0131na, olumsuzlamaya ve vurguya ba\u011fl\u0131 olarak de\u011fi\u015febilir. C\u00fcmle yap\u0131s\u0131n\u0131 anlamak, Frans\u0131zca&#8217;da a\u00e7\u0131k ve do\u011fru ifadeler ve sorular olu\u015fturmak i\u00e7in hayati \u00f6nem ta\u015f\u0131r.<\/p>\n<\/div><\/div>\n\r\n<section class=\"learnNavigationSection\">\r\n            \r\n        <a href=\"https:\/\/talkpal.ai\/tr\/fransizca-ogrenin\/\">\r\n            <div class=\"learnNavigationWrapper\">\r\n                <div class=\"learnNavigationContent\">\r\n                    <img decoding=\"async\" src=\"https:\/\/talkpal.ai\/wp-content\/uploads\/2024\/08\/French.jpg\" alt=\"French Flag\">\r\n                    <div>\r\n                        <h4>Frans\u0131zca \u00d6\u011frenimi Hakk\u0131nda<\/h4>\r\n                        <p>Frans\u0131zca dilbilgisi hakk\u0131nda her \u015feyi \u00f6\u011frenin.<\/p>\r\n                    <\/div>\r\n                <\/div>\r\n            <\/div>\r\n        <\/a>\r\n\r\n        \r\n        <a href=\"https:\/\/talkpal.ai\/tr\/fransizca-dilbilgisi\/\">\r\n            <div class=\"learnNavigationWrapper\">\r\n                <div class=\"learnNavigationContent\">\r\n                    <img decoding=\"async\" src=\"https:\/\/talkpal.ai\/wp-content\/uploads\/2024\/08\/French.jpg\" alt=\"French Flag\">\r\n                    <div>\r\n                        <h4>Frans\u0131zca Gramer Dersleri<\/h4>\r\n                        <p>Frans\u0131zca dilbilgisi prati\u011fi yap\u0131n.<\/p>\r\n                    <\/div>\r\n                <\/div>\r\n            <\/div>\r\n        <\/a>\r\n\r\n        \r\n        <a href=\"https:\/\/talkpal.ai\/vocabulary_language\/french\/\">\r\n            <div class=\"learnNavigationWrapper\">\r\n                <div class=\"learnNavigationContent\">\r\n                    <img decoding=\"async\" src=\"https:\/\/talkpal.ai\/wp-content\/uploads\/2024\/08\/French.jpg\" alt=\"French Flag\">\r\n                    <div>\r\n                        <h4>Frans\u0131zca Kelime Bilgisi<\/h4>\r\n                        <p>Frans\u0131zca kelime da\u011farc\u0131\u011f\u0131n\u0131z\u0131 geni\u015fletin.<\/p>\r\n                    <\/div>\r\n                <\/div>\r\n            <\/div>\r\n        <\/a>\r\n\r\n            <\/section>","protected":false},"excerpt":{"rendered":"<p>Frans\u0131zca Dilbilgisi Konular\u0131 Frans\u0131zca \u00f6\u011frenmek heyecan verici ve \u00f6d\u00fcllendirici bir deneyim olabilir. Tarih ve k\u00fclt\u00fcr a\u00e7\u0131s\u0131ndan zengin bir dil olarak Frans\u0131zca, d\u00fcnyaya benzersiz bir bak\u0131\u015f a\u00e7\u0131s\u0131 sunar ve \u00e7e\u015fitli alanlarda \u00f6nemli bir ileti\u015fim arac\u0131d\u0131r. Frans\u0131zca&#8217;y\u0131 etkili bir \u015fekilde \u00f6\u011frenmek i\u00e7in, herhangi bir dilin temeli olan dilbilgisini iyi kavramak \u00e7ok \u00f6nemlidir. S\u0131fatlar, zarflar, artikeller, isimler, edatlar, [&hellip;]<\/p>\n","protected":false},"author":6,"featured_media":75819,"parent":0,"menu_order":0,"comment_status":"closed","ping_status":"closed","template":"LearningContentPage.php","meta":{"_acf_changed":false,"footnotes":""},"class_list":["post-131755","page","type-page","status-publish","has-post-thumbnail","hentry"],"acf":[],"yoast_head":"<!-- This site is optimized with the Yoast SEO Premium plugin v27.2 (Yoast SEO v27.2) - https:\/\/yoast.com\/product\/yoast-seo-premium-wordpress\/ -->\n<title>Frans\u0131zca Gramer Al\u0131\u015ft\u0131rmalar\u0131 - Talkpal<\/title>\n<meta name=\"description\" content=\"T\u00fcm seviyeler i\u00e7in tasarlanm\u0131\u015f interaktif al\u0131\u015ft\u0131rmalarla Frans\u0131zca dilbilgisi becerilerinizi geli\u015ftirin ve pratik yap\u0131n. Dil yeterlili\u011finizi geli\u015ftirin!\" \/>\n<meta name=\"robots\" content=\"index, follow, max-snippet:-1, max-image-preview:large, max-video-preview:-1\" \/>\n<link rel=\"canonical\" href=\"https:\/\/talkpal.ai\/tr\/fransizca-gramer-alistirmalari\/\" \/>\n<meta property=\"og:locale\" content=\"tr_TR\" \/>\n<meta property=\"og:type\" content=\"article\" \/>\n<meta property=\"og:title\" content=\"Frans\u0131zca Gramer Al\u0131\u015ft\u0131rmalar\u0131\" \/>\n<meta property=\"og:description\" content=\"Frans\u0131zca Dilbilgisi Konular\u0131 Frans\u0131zca \u00f6\u011frenmek heyecan verici ve \u00f6d\u00fcllendirici bir deneyim olabilir. Tarih ve k\u00fclt\u00fcr a\u00e7\u0131s\u0131ndan zengin bir dil olarak\" \/>\n<meta property=\"og:url\" content=\"https:\/\/talkpal.ai\/tr\/fransizca-gramer-alistirmalari\/\" \/>\n<meta property=\"og:site_name\" content=\"Talkpal\" \/>\n<meta property=\"article:publisher\" content=\"https:\/\/www.facebook.com\/profile.php?id=100090733639311\" \/>\n<meta property=\"article:modified_time\" content=\"2025-12-17T16:46:24+00:00\" \/>\n<meta property=\"og:image\" content=\"https:\/\/talkpal.ai\/wp-content\/uploads\/2023\/03\/france.png\" \/>\n\t<meta property=\"og:image:width\" content=\"512\" \/>\n\t<meta property=\"og:image:height\" content=\"512\" \/>\n\t<meta property=\"og:image:type\" content=\"image\/png\" \/>\n<meta name=\"twitter:card\" content=\"summary_large_image\" \/>\n<meta name=\"twitter:site\" content=\"@talkpalai\" \/>\n<meta name=\"twitter:label1\" content=\"Tahmini okuma s\u00fcresi\" \/>\n\t<meta name=\"twitter:data1\" content=\"3 dakika\" \/>\n<script type=\"application\/ld+json\" class=\"yoast-schema-graph\">{\"@context\":\"https:\/\/schema.org\",\"@graph\":[{\"@type\":\"WebPage\",\"@id\":\"https:\/\/talkpal.ai\/tr\/fransizca-gramer-alistirmalari\/\",\"url\":\"https:\/\/talkpal.ai\/tr\/fransizca-gramer-alistirmalari\/\",\"name\":\"Frans\u0131zca Gramer Al\u0131\u015ft\u0131rmalar\u0131 - Talkpal\",\"isPartOf\":{\"@id\":\"https:\/\/talkpal.ai\/tr\/#website\"},\"primaryImageOfPage\":{\"@id\":\"https:\/\/talkpal.ai\/tr\/fransizca-gramer-alistirmalari\/#primaryimage\"},\"image\":{\"@id\":\"https:\/\/talkpal.ai\/tr\/fransizca-gramer-alistirmalari\/#primaryimage\"},\"thumbnailUrl\":\"https:\/\/talkpal.ai\/wp-content\/uploads\/2023\/03\/france.png\",\"datePublished\":\"2023-06-16T08:35:52+00:00\",\"dateModified\":\"2025-12-17T16:46:24+00:00\",\"description\":\"T\u00fcm seviyeler i\u00e7in tasarlanm\u0131\u015f interaktif al\u0131\u015ft\u0131rmalarla Frans\u0131zca dilbilgisi becerilerinizi geli\u015ftirin ve pratik yap\u0131n. Dil yeterlili\u011finizi geli\u015ftirin!\",\"breadcrumb\":{\"@id\":\"https:\/\/talkpal.ai\/tr\/fransizca-gramer-alistirmalari\/#breadcrumb\"},\"inLanguage\":\"tr\",\"potentialAction\":[{\"@type\":\"ReadAction\",\"target\":[\"https:\/\/talkpal.ai\/tr\/fransizca-gramer-alistirmalari\/\"]}]},{\"@type\":\"ImageObject\",\"inLanguage\":\"tr\",\"@id\":\"https:\/\/talkpal.ai\/tr\/fransizca-gramer-alistirmalari\/#primaryimage\",\"url\":\"https:\/\/talkpal.ai\/wp-content\/uploads\/2023\/03\/france.png\",\"contentUrl\":\"https:\/\/talkpal.ai\/wp-content\/uploads\/2023\/03\/france.png\",\"width\":512,\"height\":512,\"caption\":\"TalkPal AI learn French\"},{\"@type\":\"BreadcrumbList\",\"@id\":\"https:\/\/talkpal.ai\/tr\/fransizca-gramer-alistirmalari\/#breadcrumb\",\"itemListElement\":[{\"@type\":\"ListItem\",\"position\":1,\"name\":\"Homepage\",\"item\":\"https:\/\/talkpal.ai\/tr\/\"},{\"@type\":\"ListItem\",\"position\":2,\"name\":\"Frans\u0131zca Gramer Al\u0131\u015ft\u0131rmalar\u0131\"}]},{\"@type\":\"WebSite\",\"@id\":\"https:\/\/talkpal.ai\/tr\/#website\",\"url\":\"https:\/\/talkpal.ai\/tr\/\",\"name\":\"Talkpal\",\"description\":\"AI Language Learning\",\"publisher\":{\"@id\":\"https:\/\/talkpal.ai\/tr\/#organization\"},\"alternateName\":\"Talkpal AI\",\"potentialAction\":[{\"@type\":\"SearchAction\",\"target\":{\"@type\":\"EntryPoint\",\"urlTemplate\":\"https:\/\/talkpal.ai\/tr\/?s={search_term_string}\"},\"query-input\":{\"@type\":\"PropertyValueSpecification\",\"valueRequired\":true,\"valueName\":\"search_term_string\"}}],\"inLanguage\":\"tr\"},{\"@type\":\"Organization\",\"@id\":\"https:\/\/talkpal.ai\/tr\/#organization\",\"name\":\"Talkpal, Inc.\",\"alternateName\":\"Talkpal AI\",\"url\":\"https:\/\/talkpal.ai\/tr\/\",\"logo\":{\"@type\":\"ImageObject\",\"inLanguage\":\"tr\",\"@id\":\"https:\/\/talkpal.ai\/tr\/#\/schema\/logo\/image\/\",\"url\":\"https:\/\/talkpal.ai\/wp-content\/uploads\/2024\/03\/Talkpal-Logo-Icon.png\",\"contentUrl\":\"https:\/\/talkpal.ai\/wp-content\/uploads\/2024\/03\/Talkpal-Logo-Icon.png\",\"width\":2880,\"height\":2880,\"caption\":\"Talkpal, Inc.\"},\"image\":{\"@id\":\"https:\/\/talkpal.ai\/tr\/#\/schema\/logo\/image\/\"},\"sameAs\":[\"https:\/\/www.facebook.com\/profile.php?id=100090733639311\",\"https:\/\/x.com\/talkpalai\",\"https:\/\/www.linkedin.com\/company\/talkpal\/\",\"https:\/\/www.youtube.com\/@TalkPal\/\",\"https:\/\/www.tiktok.com\/@talkpal\",\"https:\/\/www.instagram.com\/talkpal_ai\/\",\"https:\/\/www.crunchbase.com\/organization\/talkpal-9cde\",\"https:\/\/www.g2.com\/products\/talkpal-for-business\/\",\"https:\/\/www.trustpilot.com\/review\/talkpal.ai\",\"https:\/\/www.capterra.com\/p\/10006800\/TalkPal\/\"],\"description\":\"Talkpal is a language learning web and mobile education app, powered by the latest AI technologies, that provides engaging experiences to its customers in many different languages to help them improve their language skills. Users can chat about unlimited amount of topics with the app and use other modes to practice their language learning.\",\"email\":\"support@talkpal.ai\",\"legalName\":\"Talkpal, Inc.\",\"foundingDate\":\"2023-04-03\",\"duns\":\"118989042\",\"numberOfEmployees\":{\"@type\":\"QuantitativeValue\",\"minValue\":\"11\",\"maxValue\":\"50\"},\"publishingPrinciples\":\"https:\/\/talkpal.ai\/publishing-principles\/\",\"actionableFeedbackPolicy\":\"https:\/\/talkpal.ai\/actionable-feedback-policy\/\",\"correctionsPolicy\":\"https:\/\/talkpal.ai\/corrections-policy\/\",\"ethicsPolicy\":\"https:\/\/talkpal.ai\/ethics-policy\/\",\"diversityPolicy\":\"https:\/\/talkpal.ai\/diversity-policy\/\",\"diversityStaffingReport\":\"https:\/\/talkpal.ai\/diversity-policy\/\"}]}<\/script>\n<!-- \/ Yoast SEO Premium plugin. -->","yoast_head_json":{"title":"Frans\u0131zca Gramer Al\u0131\u015ft\u0131rmalar\u0131 - Talkpal","description":"T\u00fcm seviyeler i\u00e7in tasarlanm\u0131\u015f interaktif al\u0131\u015ft\u0131rmalarla Frans\u0131zca dilbilgisi becerilerinizi geli\u015ftirin ve pratik yap\u0131n. Dil yeterlili\u011finizi geli\u015ftirin!","robots":{"index":"index","follow":"follow","max-snippet":"max-snippet:-1","max-image-preview":"max-image-preview:large","max-video-preview":"max-video-preview:-1"},"canonical":"https:\/\/talkpal.ai\/tr\/fransizca-gramer-alistirmalari\/","og_locale":"tr_TR","og_type":"article","og_title":"Frans\u0131zca Gramer Al\u0131\u015ft\u0131rmalar\u0131","og_description":"Frans\u0131zca Dilbilgisi Konular\u0131 Frans\u0131zca \u00f6\u011frenmek heyecan verici ve \u00f6d\u00fcllendirici bir deneyim olabilir. Tarih ve k\u00fclt\u00fcr a\u00e7\u0131s\u0131ndan zengin bir dil olarak","og_url":"https:\/\/talkpal.ai\/tr\/fransizca-gramer-alistirmalari\/","og_site_name":"Talkpal","article_publisher":"https:\/\/www.facebook.com\/profile.php?id=100090733639311","article_modified_time":"2025-12-17T16:46:24+00:00","og_image":[{"width":512,"height":512,"url":"https:\/\/talkpal.ai\/wp-content\/uploads\/2023\/03\/france.png","type":"image\/png"}],"twitter_card":"summary_large_image","twitter_site":"@talkpalai","twitter_misc":{"Tahmini okuma s\u00fcresi":"3 dakika"},"schema":{"@context":"https:\/\/schema.org","@graph":[{"@type":"WebPage","@id":"https:\/\/talkpal.ai\/tr\/fransizca-gramer-alistirmalari\/","url":"https:\/\/talkpal.ai\/tr\/fransizca-gramer-alistirmalari\/","name":"Frans\u0131zca Gramer Al\u0131\u015ft\u0131rmalar\u0131 - Talkpal","isPartOf":{"@id":"https:\/\/talkpal.ai\/tr\/#website"},"primaryImageOfPage":{"@id":"https:\/\/talkpal.ai\/tr\/fransizca-gramer-alistirmalari\/#primaryimage"},"image":{"@id":"https:\/\/talkpal.ai\/tr\/fransizca-gramer-alistirmalari\/#primaryimage"},"thumbnailUrl":"https:\/\/talkpal.ai\/wp-content\/uploads\/2023\/03\/france.png","datePublished":"2023-06-16T08:35:52+00:00","dateModified":"2025-12-17T16:46:24+00:00","description":"T\u00fcm seviyeler i\u00e7in tasarlanm\u0131\u015f interaktif al\u0131\u015ft\u0131rmalarla Frans\u0131zca dilbilgisi becerilerinizi geli\u015ftirin ve pratik yap\u0131n. Dil yeterlili\u011finizi geli\u015ftirin!","breadcrumb":{"@id":"https:\/\/talkpal.ai\/tr\/fransizca-gramer-alistirmalari\/#breadcrumb"},"inLanguage":"tr","potentialAction":[{"@type":"ReadAction","target":["https:\/\/talkpal.ai\/tr\/fransizca-gramer-alistirmalari\/"]}]},{"@type":"ImageObject","inLanguage":"tr","@id":"https:\/\/talkpal.ai\/tr\/fransizca-gramer-alistirmalari\/#primaryimage","url":"https:\/\/talkpal.ai\/wp-content\/uploads\/2023\/03\/france.png","contentUrl":"https:\/\/talkpal.ai\/wp-content\/uploads\/2023\/03\/france.png","width":512,"height":512,"caption":"TalkPal AI learn French"},{"@type":"BreadcrumbList","@id":"https:\/\/talkpal.ai\/tr\/fransizca-gramer-alistirmalari\/#breadcrumb","itemListElement":[{"@type":"ListItem","position":1,"name":"Homepage","item":"https:\/\/talkpal.ai\/tr\/"},{"@type":"ListItem","position":2,"name":"Frans\u0131zca Gramer Al\u0131\u015ft\u0131rmalar\u0131"}]},{"@type":"WebSite","@id":"https:\/\/talkpal.ai\/tr\/#website","url":"https:\/\/talkpal.ai\/tr\/","name":"Talkpal","description":"AI Language Learning","publisher":{"@id":"https:\/\/talkpal.ai\/tr\/#organization"},"alternateName":"Talkpal AI","potentialAction":[{"@type":"SearchAction","target":{"@type":"EntryPoint","urlTemplate":"https:\/\/talkpal.ai\/tr\/?s={search_term_string}"},"query-input":{"@type":"PropertyValueSpecification","valueRequired":true,"valueName":"search_term_string"}}],"inLanguage":"tr"},{"@type":"Organization","@id":"https:\/\/talkpal.ai\/tr\/#organization","name":"Talkpal, Inc.","alternateName":"Talkpal AI","url":"https:\/\/talkpal.ai\/tr\/","logo":{"@type":"ImageObject","inLanguage":"tr","@id":"https:\/\/talkpal.ai\/tr\/#\/schema\/logo\/image\/","url":"https:\/\/talkpal.ai\/wp-content\/uploads\/2024\/03\/Talkpal-Logo-Icon.png","contentUrl":"https:\/\/talkpal.ai\/wp-content\/uploads\/2024\/03\/Talkpal-Logo-Icon.png","width":2880,"height":2880,"caption":"Talkpal, Inc."},"image":{"@id":"https:\/\/talkpal.ai\/tr\/#\/schema\/logo\/image\/"},"sameAs":["https:\/\/www.facebook.com\/profile.php?id=100090733639311","https:\/\/x.com\/talkpalai","https:\/\/www.linkedin.com\/company\/talkpal\/","https:\/\/www.youtube.com\/@TalkPal\/","https:\/\/www.tiktok.com\/@talkpal","https:\/\/www.instagram.com\/talkpal_ai\/","https:\/\/www.crunchbase.com\/organization\/talkpal-9cde","https:\/\/www.g2.com\/products\/talkpal-for-business\/","https:\/\/www.trustpilot.com\/review\/talkpal.ai","https:\/\/www.capterra.com\/p\/10006800\/TalkPal\/"],"description":"Talkpal is a language learning web and mobile education app, powered by the latest AI technologies, that provides engaging experiences to its customers in many different languages to help them improve their language skills. Users can chat about unlimited amount of topics with the app and use other modes to practice their language learning.","email":"support@talkpal.ai","legalName":"Talkpal, Inc.","foundingDate":"2023-04-03","duns":"118989042","numberOfEmployees":{"@type":"QuantitativeValue","minValue":"11","maxValue":"50"},"publishingPrinciples":"https:\/\/talkpal.ai\/publishing-principles\/","actionableFeedbackPolicy":"https:\/\/talkpal.ai\/actionable-feedback-policy\/","correctionsPolicy":"https:\/\/talkpal.ai\/corrections-policy\/","ethicsPolicy":"https:\/\/talkpal.ai\/ethics-policy\/","diversityPolicy":"https:\/\/talkpal.ai\/diversity-policy\/","diversityStaffingReport":"https:\/\/talkpal.ai\/diversity-policy\/"}]}},"_links":{"self":[{"href":"https:\/\/talkpal.ai\/tr\/wp-json\/wp\/v2\/pages\/131755","targetHints":{"allow":["GET"]}}],"collection":[{"href":"https:\/\/talkpal.ai\/tr\/wp-json\/wp\/v2\/pages"}],"about":[{"href":"https:\/\/talkpal.ai\/tr\/wp-json\/wp\/v2\/types\/page"}],"author":[{"embeddable":true,"href":"https:\/\/talkpal.ai\/tr\/wp-json\/wp\/v2\/users\/6"}],"replies":[{"embeddable":true,"href":"https:\/\/talkpal.ai\/tr\/wp-json\/wp\/v2\/comments?post=131755"}],"version-history":[{"count":0,"href":"https:\/\/talkpal.ai\/tr\/wp-json\/wp\/v2\/pages\/131755\/revisions"}],"wp:featuredmedia":[{"embeddable":true,"href":"https:\/\/talkpal.ai\/tr\/wp-json\/wp\/v2\/media\/75819"}],"wp:attachment":[{"href":"https:\/\/talkpal.ai\/tr\/wp-json\/wp\/v2\/media?parent=131755"}],"curies":[{"name":"wp","href":"https:\/\/api.w.org\/{rel}","templated":true}]}}