{"id":131465,"date":"2023-06-15T07:00:21","date_gmt":"2023-06-15T07:00:21","guid":{"rendered":"http:\/\/talkpal.ai\/ispanyolca-gramer-alistirmalari\/"},"modified":"2025-12-17T16:36:39","modified_gmt":"2025-12-17T16:36:39","slug":"ispanyolca-gramer-alistirmalari","status":"publish","type":"page","link":"https:\/\/talkpal.ai\/tr\/ispanyolca-gramer-alistirmalari\/","title":{"rendered":"\u0130spanyolca Gramer Al\u0131\u015ft\u0131rmalar\u0131"},"content":{"rendered":"\r\n\r\n\r\n<section class=\"languageChallengeSection\">\r\n    <div class=\"languageInfoWrapper\">\r\n        \r\n        <h1>\u0130spanyolca Gramer Al\u0131\u015ft\u0131rmalar\u0131<\/h1>\r\n        <p>\u0130spanyolcan\u0131z\u0131 geli\u015ftirmeye haz\u0131r m\u0131s\u0131n\u0131z? Dilbilgisi al\u0131\u015ft\u0131rmalar\u0131 yapmak, c\u00fcmle yap\u0131s\u0131, fiil \u00e7ekimleri ve \u0130spanyol dilinin kendine \u00f6zg\u00fc kal\u0131plar\u0131 konusunda uzmanla\u015fmak i\u00e7in harika bir yoldur. \u0130spanyolca dilbilgisi \u00fczerinde \u00e7al\u0131\u015fmaya bug\u00fcn ba\u015flay\u0131n ve her al\u0131\u015ft\u0131rmada kendinize olan g\u00fcveninizin ve ak\u0131c\u0131l\u0131\u011f\u0131n\u0131z\u0131n artt\u0131\u011f\u0131n\u0131 g\u00f6r\u00fcn!\n\n<\/p>\r\n\r\n                            <a class=\"getStartedHidden\" href=\"https:\/\/app.talkpal.ai\/tr\/signup?lng=\">Hadi ba\u015fla<\/a>\r\n        \r\n    <\/div>\r\n\r\n    <figure>\r\n    <img decoding=\"async\" width=\"768\" height=\"768\" src=\"https:\/\/talkpal.ai\/wp-content\/uploads\/2023\/06\/Spanish-768x768.png\" class=\"languageImage no-lazy\" alt=\"Practical application of language learning\" fetchpriority=\"high\" sizes=\"(max-width: 768px) 150px, 768px\" srcset=\"https:\/\/talkpal.ai\/wp-content\/uploads\/2023\/06\/Spanish-768x768.png 768w, https:\/\/talkpal.ai\/wp-content\/uploads\/2023\/06\/Spanish-300x300.png 300w\" \/>\r\n    \r\n\r\n    <\/figure>\r\n\r\n            <a class=\"getStartedVisible\" href=\"https:\/\/app.talkpal.ai\/tr\/signup?lng=\">Hadi ba\u015fla<\/a>\r\n    \r\n<\/section>\r\n\r\n\r\n<!-- <section class=\"grammarSection\">\r\n    <div class=\"grammarLinks\">\r\n        <a href=\"https:\/\/talkpal.ai\/tr\/exercise_language\/cumle-yapisi-ispanyolca-dilbilgisi\/\">C\u00fcmle Yap\u0131s\u0131 <\/a><a href=\"https:\/\/talkpal.ai\/tr\/exercise_language\/edatlar-ispanyolca-dilbilgisi\/\">Edatlar <\/a><a href=\"https:\/\/talkpal.ai\/tr\/exercise_language\/fiiller-ispanyolca-dilbilgisi\/\">Fiiller <\/a><a href=\"https:\/\/talkpal.ai\/tr\/exercise_language\/isimler-ispanyolca-dilbilgisi\/\">\u0130simler <\/a><a href=\"https:\/\/talkpal.ai\/tr\/exercise_language\/makaleler-ispanyolca-dilbilgisi\/\">Makaleler <\/a><a href=\"https:\/\/talkpal.ai\/tr\/exercise_language\/sifatlar-ispanyolca-dilbilgisi\/\">S\u0131fatlar <\/a><a href=\"https:\/\/talkpal.ai\/tr\/exercise_language\/times-subjunctive-ispanyolca-dilbilgisi\/\">Times: Subjunctive <\/a><a href=\"https:\/\/talkpal.ai\/tr\/exercise_language\/zaman-gostergesi-ispanyolca-dilbilgisi\/\">Zaman G\u00f6stergesi <\/a><a href=\"https:\/\/talkpal.ai\/tr\/exercise_language\/zaman-karsilastirmasi-ispanyolca-dilbilgisi\/\">Zaman Kar\u015f\u0131la\u015ft\u0131rmas\u0131 <\/a><a href=\"https:\/\/talkpal.ai\/tr\/exercise_language\/zamirler-ispanyolca-dilbilgisi\/\">Zamirler <\/a><a href=\"https:\/\/talkpal.ai\/tr\/exercise_language\/zarflar-ispanyolca-dilbilgisi\/\">Zarflar <\/a>    <\/div>\r\n<\/section> -->\r\n\r\n\r\n\r\n\r\n        <section class=\"grammarSection\">\r\n            <div class=\"grammarLinks\">\r\n                <a href=\"https:\/\/talkpal.ai\/tr\/exercise_language\/cumle-yapisi-ispanyolca-dilbilgisi\/\">C\u00fcmle Yap\u0131s\u0131 <\/a><a href=\"https:\/\/talkpal.ai\/tr\/exercise_language\/edatlar-ispanyolca-dilbilgisi\/\">Edatlar <\/a><a href=\"https:\/\/talkpal.ai\/tr\/exercise_language\/fiiller-ispanyolca-dilbilgisi\/\">Fiiller <\/a><a href=\"https:\/\/talkpal.ai\/tr\/exercise_language\/isimler-ispanyolca-dilbilgisi\/\">\u0130simler <\/a><a href=\"https:\/\/talkpal.ai\/tr\/exercise_language\/makaleler-ispanyolca-dilbilgisi\/\">Makaleler <\/a><a href=\"https:\/\/talkpal.ai\/tr\/exercise_language\/sifatlar-ispanyolca-dilbilgisi\/\">S\u0131fatlar <\/a><a href=\"https:\/\/talkpal.ai\/tr\/exercise_language\/times-subjunctive-ispanyolca-dilbilgisi\/\">Times: Subjunctive <\/a><a href=\"https:\/\/talkpal.ai\/tr\/exercise_language\/zaman-gostergesi-ispanyolca-dilbilgisi\/\">Zaman G\u00f6stergesi <\/a><a href=\"https:\/\/talkpal.ai\/tr\/exercise_language\/zaman-karsilastirmasi-ispanyolca-dilbilgisi\/\">Zaman Kar\u015f\u0131la\u015ft\u0131rmas\u0131 <\/a><a href=\"https:\/\/talkpal.ai\/tr\/exercise_language\/zamirler-ispanyolca-dilbilgisi\/\">Zamirler <\/a><a href=\"https:\/\/talkpal.ai\/tr\/exercise_language\/zarflar-ispanyolca-dilbilgisi\/\">Zarflar <\/a>            <\/div>\r\n        <\/section>\r\n<section class=\"promotionalBanner\">\r\n    <p class=\"promotionalText\">Dil \u00f6\u011frenmenin en etkili yolu<\/p>\r\n    <a class=\"promotionalLink\" href=\"https:\/\/app.talkpal.ai\/tr\/signup?lng=\">Talkpal \u00fccretsiz deneyin<\/a>\r\n<\/section>\n<div class=\"wp-block-group pageContainerStyle\"><div class=\"wp-block-group__inner-container is-layout-constrained wp-block-group-is-layout-constrained\">\n<h2 class=\"wp-block-heading\" id=\"h-spanish-grammar-topics\">\u0130spanyolca Dilbilgisi Konular\u0131<\/h2>\n\n\n\n<p>Yeni bir dil \u00f6\u011frenmek heyecan verici ve \u00f6d\u00fcllendirici bir \u00e7aba olabilir ve \u0130spanyolca da bir istisna de\u011fildir. D\u00fcnyada en \u00e7ok konu\u015fulan ikinci dil olarak seyahat, i\u015f ve k\u00fclt\u00fcrel de\u011fi\u015fim i\u00e7in yeni f\u0131rsatlar yaratabilir. \u0130ster yeni ba\u015flayan biri olun, ister mevcut becerilerinizi geli\u015ftirmek isteyin, \u0130spanyolca dilbilgisini anlamak ve ustala\u015fmak \u00e7ok \u00f6nemlidir. Zaman ve fiillerden c\u00fcmle yap\u0131s\u0131na ve edatlara kadar, dilin her y\u00f6n\u00fc etkili ileti\u015fim kurma yetene\u011finizde \u00e7ok \u00f6nemli bir rol oynar. Bu k\u0131lavuzda, dili kolayl\u0131kla \u00f6\u011frenmenize yard\u0131mc\u0131 olmak i\u00e7in \u00f6nemli \u0130spanyolca dilbilgisi konular\u0131n\u0131 mant\u0131kl\u0131 bir s\u0131rayla sunarak ke\u015ffedece\u011fiz.<\/p>\n\n\n\n<h3 class=\"wp-block-heading\" id=\"h-1-nouns-and-articles\">1. \u0130simler ve Makaleler:<\/h3>\n\n\n\n<p>\u0130spanyolca isimler ve cinsiyetlerinin yan\u0131 s\u0131ra belirli ve belirsiz makaleler hakk\u0131nda bilgi edinerek ba\u015flay\u0131n. Bu temel yap\u0131 ta\u015flar\u0131, basit ifadeleri ve c\u00fcmleleri anlaman\u0131za ve olu\u015fturman\u0131za yard\u0131mc\u0131 olacakt\u0131r.<\/p>\n\n\n\n<h3 class=\"wp-block-heading\" id=\"h-2-adjectives\">2. S\u0131fatlar:<\/h3>\n\n\n\n<p>S\u0131fatlar isimleri tan\u0131mlamak i\u00e7in gereklidir ve \u0130spanyolca&#8217;da de\u011fi\u015ftirdikleri isimle cinsiyet ve say\u0131 olarak ayn\u0131 fikirde olmalar\u0131 gerekir. S\u0131fat yerle\u015ftirme ve anla\u015fma kurallar\u0131n\u0131 \u00f6\u011frenmek, kendinizi \u0130spanyolca ifade etme yetene\u011finizi b\u00fcy\u00fck \u00f6l\u00e7\u00fcde art\u0131racakt\u0131r.<\/p>\n\n\n\n<h3 class=\"wp-block-heading\" id=\"h-3-pronouns\">3. Zamirler:<\/h3>\n\n\n\n<p>Zamirler isimlerin yerini al\u0131r ve konu\u015fmay\u0131 daha ak\u0131c\u0131 ve do\u011fal hale getirmek i\u00e7in hayati \u00f6nem ta\u015f\u0131r. \u00d6zne zamirlerine, do\u011frudan ve dolayl\u0131 nesne zamirlerine ve d\u00f6n\u00fc\u015fl\u00fc zamirlere odaklanarak bunlar\u0131n c\u00fcmle i\u00e7indeki kullan\u0131mlar\u0131n\u0131 ve yerle\u015fimlerini anlad\u0131\u011f\u0131n\u0131zdan emin olun.<\/p>\n\n\n\n<h3 class=\"wp-block-heading\" id=\"h-4-verbs\">4. Fiiller:<\/h3>\n\n\n\n<p>Fiiller herhangi bir dilin bel kemi\u011fidir ve \u0130spanyolca da farkl\u0131 de\u011fildir. En yayg\u0131n d\u00fczenli ve d\u00fczensiz fiilleri ve bunlar\u0131n \u015fimdiki zaman g\u00f6sterge kipindeki \u00e7ekimlerini \u00f6\u011frenerek ba\u015flay\u0131n.<\/p>\n\n\n\n<h3 class=\"wp-block-heading\" id=\"h-5-tenses-indicative\">5. Zaman G\u00f6stergesi:<\/h3>\n\n\n\n<p>Temel fiil \u00e7ekimini kavrad\u0131ktan sonra, bilginizi preterite, imperfect, future ve conditional timess gibi di\u011fer g\u00f6sterge zamanlar\u0131n\u0131 i\u00e7erecek \u015fekilde geni\u015fletin. Bu, eylemleri ve olaylar\u0131 farkl\u0131 zaman dilimlerinde ifade etmenizi sa\u011flayacakt\u0131r.<\/p>\n\n\n\n<h3 class=\"wp-block-heading\" id=\"h-6-adverbs\">6. Zarflar:<\/h3>\n\n\n\n<p>Zarflar fiiller, s\u0131fatlar veya di\u011fer zarflar hakk\u0131nda ek bilgi sa\u011flar. Konu\u015fman\u0131za daha fazla ayr\u0131nt\u0131 ve n\u00fcans eklemek i\u00e7in farkl\u0131 zarf t\u00fcrlerini ve bunlar\u0131n c\u00fcmle i\u00e7indeki yerle\u015fimlerini \u00f6\u011frenin.<\/p>\n\n\n\n<h3 class=\"wp-block-heading\" id=\"h-7-prepositions\">7. Edatlar:<\/h3>\n\n\n\n<p>Edatlar, konum, y\u00f6n veya zaman gibi kelimeler aras\u0131ndaki ili\u015fkileri ifade etmek i\u00e7in gereklidir. En yayg\u0131n \u0130spanyolca edatlar\u0131 ve bunlar\u0131n \u00e7e\u015fitli ba\u011flamlardaki kullan\u0131mlar\u0131n\u0131 \u00f6\u011frenin.<\/p>\n\n\n\n<h3 class=\"wp-block-heading\" id=\"h-8-tenses-subjunctive\">8. Zaman S\u00fcbjektifi:<\/h3>\n\n\n\n<p>S\u00fcbjektif ruh hali, \u015f\u00fcphe, belirsizlik veya varsay\u0131msal durumlar\u0131 ifade etmek i\u00e7in kullan\u0131l\u0131r. \u0130fade yeteneklerinizi geni\u015fletmek i\u00e7in \u015fimdiki zaman, ge\u00e7mi\u015f ve gelecekteki s\u00fcbjektif zamanlardaki d\u00fczenli ve d\u00fczensiz fiiller i\u00e7in \u00e7ekim kurallar\u0131n\u0131 inceleyin.<\/p>\n\n\n\n<h3 class=\"wp-block-heading\" id=\"h-9-tense-comparison\">9. Gergin Kar\u015f\u0131la\u015ft\u0131rma:<\/h3>\n\n\n\n<p>Farkl\u0131 zamanlar ve ruh halleri aras\u0131ndaki n\u00fcanslar\u0131 anlamak, ama\u00e7lad\u0131\u011f\u0131n\u0131z anlam\u0131 iletmek i\u00e7in uygun formu se\u00e7menize yard\u0131mc\u0131 olacakt\u0131r. Dile daha fazla hakim olmak i\u00e7in g\u00f6sterge ve dilek kiplerinin yan\u0131 s\u0131ra \u00e7e\u015fitli ge\u00e7mi\u015f zamanlar\u0131 kar\u015f\u0131la\u015ft\u0131rma ve kar\u015f\u0131la\u015ft\u0131rma al\u0131\u015ft\u0131rmas\u0131 yap\u0131n.<\/p>\n\n\n\n<h3 class=\"wp-block-heading\" id=\"h-10-sentence-structure\">10. C\u00fcmle Yap\u0131s\u0131:<\/h3>\n\n\n\n<p>Son olarak, basit, bile\u015fik ve karma\u015f\u0131k c\u00fcmleler dahil olmak \u00fczere farkl\u0131 c\u00fcmle yap\u0131lar\u0131n\u0131 ke\u015ffedin. Daha karma\u015f\u0131k fikirler olu\u015fturmak ve \u0130spanyolca&#8217;da etkili ileti\u015fim kurma yetene\u011finizi geli\u015ftirmek i\u00e7in koordinasyon ve yan ba\u011fla\u00e7lar\u0131 nas\u0131l kullanaca\u011f\u0131n\u0131z\u0131 \u00f6\u011frenin.<\/p>\n<\/div><\/div>\n\r\n<section class=\"learnNavigationSection\">\r\n            \r\n        <a href=\"https:\/\/talkpal.ai\/tr\/ispanyolca-ogrenin\/\">\r\n            <div class=\"learnNavigationWrapper\">\r\n                <div class=\"learnNavigationContent\">\r\n                    <img decoding=\"async\" src=\"https:\/\/talkpal.ai\/wp-content\/uploads\/2024\/08\/Spanish.jpg\" alt=\"Spanish Flag\">\r\n                    <div>\r\n                        <h4>\u0130spanyolca \u00d6\u011frenimi Hakk\u0131nda<\/h4>\r\n                        <p>\u0130spanyolca dilbilgisi hakk\u0131nda her \u015feyi \u00f6\u011frenin.<\/p>\r\n                    <\/div>\r\n                <\/div>\r\n            <\/div>\r\n        <\/a>\r\n\r\n        \r\n        <a href=\"https:\/\/talkpal.ai\/tr\/ispanyolca-dilbilgisi\/\">\r\n            <div class=\"learnNavigationWrapper\">\r\n                <div class=\"learnNavigationContent\">\r\n                    <img decoding=\"async\" src=\"https:\/\/talkpal.ai\/wp-content\/uploads\/2024\/08\/Spanish.jpg\" alt=\"Spanish Flag\">\r\n                    <div>\r\n                        <h4>\u0130spanyolca Gramer Dersleri<\/h4>\r\n                        <p>\u0130spanyolca dilbilgisi al\u0131\u015ft\u0131rmas\u0131 yap\u0131n.<\/p>\r\n                    <\/div>\r\n                <\/div>\r\n            <\/div>\r\n        <\/a>\r\n\r\n        \r\n        <a href=\"https:\/\/talkpal.ai\/vocabulary_language\/spanish\/\">\r\n            <div class=\"learnNavigationWrapper\">\r\n                <div class=\"learnNavigationContent\">\r\n                    <img decoding=\"async\" src=\"https:\/\/talkpal.ai\/wp-content\/uploads\/2024\/08\/Spanish.jpg\" alt=\"Spanish Flag\">\r\n                    <div>\r\n                        <h4>\u0130spanyolca Kelime Bilgisi<\/h4>\r\n                        <p>\u0130spanyolca kelime da\u011farc\u0131\u011f\u0131n\u0131z\u0131 geni\u015fletin.<\/p>\r\n                    <\/div>\r\n                <\/div>\r\n            <\/div>\r\n        <\/a>\r\n\r\n            <\/section>","protected":false},"excerpt":{"rendered":"<p>\u0130spanyolca Dilbilgisi Konular\u0131 Yeni bir dil \u00f6\u011frenmek heyecan verici ve \u00f6d\u00fcllendirici bir \u00e7aba olabilir ve \u0130spanyolca da bir istisna de\u011fildir. D\u00fcnyada en \u00e7ok konu\u015fulan ikinci dil olarak seyahat, i\u015f ve k\u00fclt\u00fcrel de\u011fi\u015fim i\u00e7in yeni f\u0131rsatlar yaratabilir. \u0130ster yeni ba\u015flayan biri olun, ister mevcut becerilerinizi geli\u015ftirmek isteyin, \u0130spanyolca dilbilgisini anlamak ve ustala\u015fmak \u00e7ok \u00f6nemlidir. Zaman ve [&hellip;]<\/p>\n","protected":false},"author":1,"featured_media":75502,"parent":0,"menu_order":0,"comment_status":"closed","ping_status":"closed","template":"LearningContentPage.php","meta":{"_acf_changed":false,"footnotes":""},"class_list":["post-131465","page","type-page","status-publish","has-post-thumbnail","hentry"],"acf":[],"yoast_head":"<!-- This site is optimized with the Yoast SEO Premium plugin v27.2 (Yoast SEO v27.2) - https:\/\/yoast.com\/product\/yoast-seo-premium-wordpress\/ -->\n<title>\u0130spanyolca Gramer Al\u0131\u015ft\u0131rmalar\u0131 - Talkpal<\/title>\n<meta name=\"description\" content=\"T\u00fcm beceri seviyeleri i\u00e7in tasarlanm\u0131\u015f interaktif al\u0131\u015ft\u0131rmalarla \u0130spanyolca dilbilginizi geli\u015ftirin. Fiiller, c\u00fcmle yap\u0131s\u0131, kelime bilgisi ve daha fazlas\u0131n\u0131 \u00e7al\u0131\u015f\u0131n!\" \/>\n<meta name=\"robots\" content=\"index, follow, max-snippet:-1, max-image-preview:large, max-video-preview:-1\" \/>\n<link rel=\"canonical\" href=\"https:\/\/talkpal.ai\/tr\/ispanyolca-gramer-alistirmalari\/\" \/>\n<meta property=\"og:locale\" content=\"tr_TR\" \/>\n<meta property=\"og:type\" content=\"article\" \/>\n<meta property=\"og:title\" content=\"\u0130spanyolca Gramer Al\u0131\u015ft\u0131rmalar\u0131\" \/>\n<meta property=\"og:description\" content=\"\u0130spanyolca Dilbilgisi Konular\u0131 Yeni bir dil \u00f6\u011frenmek heyecan verici ve \u00f6d\u00fcllendirici bir \u00e7aba olabilir ve \u0130spanyolca da bir istisna de\u011fildir. D\u00fcnyada en\" \/>\n<meta property=\"og:url\" content=\"https:\/\/talkpal.ai\/tr\/ispanyolca-gramer-alistirmalari\/\" \/>\n<meta property=\"og:site_name\" content=\"Talkpal\" \/>\n<meta property=\"article:publisher\" content=\"https:\/\/www.facebook.com\/profile.php?id=100090733639311\" \/>\n<meta property=\"article:modified_time\" content=\"2025-12-17T16:36:39+00:00\" \/>\n<meta property=\"og:image\" content=\"https:\/\/talkpal.ai\/wp-content\/uploads\/2023\/03\/spain.png\" \/>\n\t<meta property=\"og:image:width\" content=\"512\" \/>\n\t<meta property=\"og:image:height\" content=\"512\" \/>\n\t<meta property=\"og:image:type\" content=\"image\/png\" \/>\n<meta name=\"twitter:card\" content=\"summary_large_image\" \/>\n<meta name=\"twitter:site\" content=\"@talkpalai\" \/>\n<meta name=\"twitter:label1\" content=\"Tahmini okuma s\u00fcresi\" \/>\n\t<meta name=\"twitter:data1\" content=\"3 dakika\" \/>\n<script type=\"application\/ld+json\" class=\"yoast-schema-graph\">{\"@context\":\"https:\/\/schema.org\",\"@graph\":[{\"@type\":\"WebPage\",\"@id\":\"https:\/\/talkpal.ai\/tr\/ispanyolca-gramer-alistirmalari\/\",\"url\":\"https:\/\/talkpal.ai\/tr\/ispanyolca-gramer-alistirmalari\/\",\"name\":\"\u0130spanyolca Gramer Al\u0131\u015ft\u0131rmalar\u0131 - Talkpal\",\"isPartOf\":{\"@id\":\"https:\/\/talkpal.ai\/tr\/#website\"},\"primaryImageOfPage\":{\"@id\":\"https:\/\/talkpal.ai\/tr\/ispanyolca-gramer-alistirmalari\/#primaryimage\"},\"image\":{\"@id\":\"https:\/\/talkpal.ai\/tr\/ispanyolca-gramer-alistirmalari\/#primaryimage\"},\"thumbnailUrl\":\"https:\/\/talkpal.ai\/wp-content\/uploads\/2023\/03\/spain.png\",\"datePublished\":\"2023-06-15T07:00:21+00:00\",\"dateModified\":\"2025-12-17T16:36:39+00:00\",\"description\":\"T\u00fcm beceri seviyeleri i\u00e7in tasarlanm\u0131\u015f interaktif al\u0131\u015ft\u0131rmalarla \u0130spanyolca dilbilginizi geli\u015ftirin. Fiiller, c\u00fcmle yap\u0131s\u0131, kelime bilgisi ve daha fazlas\u0131n\u0131 \u00e7al\u0131\u015f\u0131n!\",\"breadcrumb\":{\"@id\":\"https:\/\/talkpal.ai\/tr\/ispanyolca-gramer-alistirmalari\/#breadcrumb\"},\"inLanguage\":\"tr\",\"potentialAction\":[{\"@type\":\"ReadAction\",\"target\":[\"https:\/\/talkpal.ai\/tr\/ispanyolca-gramer-alistirmalari\/\"]}]},{\"@type\":\"ImageObject\",\"inLanguage\":\"tr\",\"@id\":\"https:\/\/talkpal.ai\/tr\/ispanyolca-gramer-alistirmalari\/#primaryimage\",\"url\":\"https:\/\/talkpal.ai\/wp-content\/uploads\/2023\/03\/spain.png\",\"contentUrl\":\"https:\/\/talkpal.ai\/wp-content\/uploads\/2023\/03\/spain.png\",\"width\":512,\"height\":512,\"caption\":\"TalkPal AI learn Spanish\"},{\"@type\":\"BreadcrumbList\",\"@id\":\"https:\/\/talkpal.ai\/tr\/ispanyolca-gramer-alistirmalari\/#breadcrumb\",\"itemListElement\":[{\"@type\":\"ListItem\",\"position\":1,\"name\":\"Homepage\",\"item\":\"https:\/\/talkpal.ai\/tr\/\"},{\"@type\":\"ListItem\",\"position\":2,\"name\":\"\u0130spanyolca Gramer Al\u0131\u015ft\u0131rmalar\u0131\"}]},{\"@type\":\"WebSite\",\"@id\":\"https:\/\/talkpal.ai\/tr\/#website\",\"url\":\"https:\/\/talkpal.ai\/tr\/\",\"name\":\"Talkpal\",\"description\":\"AI Language Learning\",\"publisher\":{\"@id\":\"https:\/\/talkpal.ai\/tr\/#organization\"},\"alternateName\":\"Talkpal AI\",\"potentialAction\":[{\"@type\":\"SearchAction\",\"target\":{\"@type\":\"EntryPoint\",\"urlTemplate\":\"https:\/\/talkpal.ai\/tr\/?s={search_term_string}\"},\"query-input\":{\"@type\":\"PropertyValueSpecification\",\"valueRequired\":true,\"valueName\":\"search_term_string\"}}],\"inLanguage\":\"tr\"},{\"@type\":\"Organization\",\"@id\":\"https:\/\/talkpal.ai\/tr\/#organization\",\"name\":\"Talkpal, Inc.\",\"alternateName\":\"Talkpal AI\",\"url\":\"https:\/\/talkpal.ai\/tr\/\",\"logo\":{\"@type\":\"ImageObject\",\"inLanguage\":\"tr\",\"@id\":\"https:\/\/talkpal.ai\/tr\/#\/schema\/logo\/image\/\",\"url\":\"https:\/\/talkpal.ai\/wp-content\/uploads\/2024\/03\/Talkpal-Logo-Icon.png\",\"contentUrl\":\"https:\/\/talkpal.ai\/wp-content\/uploads\/2024\/03\/Talkpal-Logo-Icon.png\",\"width\":2880,\"height\":2880,\"caption\":\"Talkpal, Inc.\"},\"image\":{\"@id\":\"https:\/\/talkpal.ai\/tr\/#\/schema\/logo\/image\/\"},\"sameAs\":[\"https:\/\/www.facebook.com\/profile.php?id=100090733639311\",\"https:\/\/x.com\/talkpalai\",\"https:\/\/www.linkedin.com\/company\/talkpal\/\",\"https:\/\/www.youtube.com\/@TalkPal\/\",\"https:\/\/www.tiktok.com\/@talkpal\",\"https:\/\/www.instagram.com\/talkpal_ai\/\",\"https:\/\/www.crunchbase.com\/organization\/talkpal-9cde\",\"https:\/\/www.g2.com\/products\/talkpal-for-business\/\",\"https:\/\/www.trustpilot.com\/review\/talkpal.ai\",\"https:\/\/www.capterra.com\/p\/10006800\/TalkPal\/\"],\"description\":\"Talkpal is a language learning web and mobile education app, powered by the latest AI technologies, that provides engaging experiences to its customers in many different languages to help them improve their language skills. Users can chat about unlimited amount of topics with the app and use other modes to practice their language learning.\",\"email\":\"support@talkpal.ai\",\"legalName\":\"Talkpal, Inc.\",\"foundingDate\":\"2023-04-03\",\"duns\":\"118989042\",\"numberOfEmployees\":{\"@type\":\"QuantitativeValue\",\"minValue\":\"11\",\"maxValue\":\"50\"},\"publishingPrinciples\":\"https:\/\/talkpal.ai\/publishing-principles\/\",\"actionableFeedbackPolicy\":\"https:\/\/talkpal.ai\/actionable-feedback-policy\/\",\"correctionsPolicy\":\"https:\/\/talkpal.ai\/corrections-policy\/\",\"ethicsPolicy\":\"https:\/\/talkpal.ai\/ethics-policy\/\",\"diversityPolicy\":\"https:\/\/talkpal.ai\/diversity-policy\/\",\"diversityStaffingReport\":\"https:\/\/talkpal.ai\/diversity-policy\/\"}]}<\/script>\n<!-- \/ Yoast SEO Premium plugin. -->","yoast_head_json":{"title":"\u0130spanyolca Gramer Al\u0131\u015ft\u0131rmalar\u0131 - Talkpal","description":"T\u00fcm beceri seviyeleri i\u00e7in tasarlanm\u0131\u015f interaktif al\u0131\u015ft\u0131rmalarla \u0130spanyolca dilbilginizi geli\u015ftirin. Fiiller, c\u00fcmle yap\u0131s\u0131, kelime bilgisi ve daha fazlas\u0131n\u0131 \u00e7al\u0131\u015f\u0131n!","robots":{"index":"index","follow":"follow","max-snippet":"max-snippet:-1","max-image-preview":"max-image-preview:large","max-video-preview":"max-video-preview:-1"},"canonical":"https:\/\/talkpal.ai\/tr\/ispanyolca-gramer-alistirmalari\/","og_locale":"tr_TR","og_type":"article","og_title":"\u0130spanyolca Gramer Al\u0131\u015ft\u0131rmalar\u0131","og_description":"\u0130spanyolca Dilbilgisi Konular\u0131 Yeni bir dil \u00f6\u011frenmek heyecan verici ve \u00f6d\u00fcllendirici bir \u00e7aba olabilir ve \u0130spanyolca da bir istisna de\u011fildir. D\u00fcnyada en","og_url":"https:\/\/talkpal.ai\/tr\/ispanyolca-gramer-alistirmalari\/","og_site_name":"Talkpal","article_publisher":"https:\/\/www.facebook.com\/profile.php?id=100090733639311","article_modified_time":"2025-12-17T16:36:39+00:00","og_image":[{"width":512,"height":512,"url":"https:\/\/talkpal.ai\/wp-content\/uploads\/2023\/03\/spain.png","type":"image\/png"}],"twitter_card":"summary_large_image","twitter_site":"@talkpalai","twitter_misc":{"Tahmini okuma s\u00fcresi":"3 dakika"},"schema":{"@context":"https:\/\/schema.org","@graph":[{"@type":"WebPage","@id":"https:\/\/talkpal.ai\/tr\/ispanyolca-gramer-alistirmalari\/","url":"https:\/\/talkpal.ai\/tr\/ispanyolca-gramer-alistirmalari\/","name":"\u0130spanyolca Gramer Al\u0131\u015ft\u0131rmalar\u0131 - Talkpal","isPartOf":{"@id":"https:\/\/talkpal.ai\/tr\/#website"},"primaryImageOfPage":{"@id":"https:\/\/talkpal.ai\/tr\/ispanyolca-gramer-alistirmalari\/#primaryimage"},"image":{"@id":"https:\/\/talkpal.ai\/tr\/ispanyolca-gramer-alistirmalari\/#primaryimage"},"thumbnailUrl":"https:\/\/talkpal.ai\/wp-content\/uploads\/2023\/03\/spain.png","datePublished":"2023-06-15T07:00:21+00:00","dateModified":"2025-12-17T16:36:39+00:00","description":"T\u00fcm beceri seviyeleri i\u00e7in tasarlanm\u0131\u015f interaktif al\u0131\u015ft\u0131rmalarla \u0130spanyolca dilbilginizi geli\u015ftirin. Fiiller, c\u00fcmle yap\u0131s\u0131, kelime bilgisi ve daha fazlas\u0131n\u0131 \u00e7al\u0131\u015f\u0131n!","breadcrumb":{"@id":"https:\/\/talkpal.ai\/tr\/ispanyolca-gramer-alistirmalari\/#breadcrumb"},"inLanguage":"tr","potentialAction":[{"@type":"ReadAction","target":["https:\/\/talkpal.ai\/tr\/ispanyolca-gramer-alistirmalari\/"]}]},{"@type":"ImageObject","inLanguage":"tr","@id":"https:\/\/talkpal.ai\/tr\/ispanyolca-gramer-alistirmalari\/#primaryimage","url":"https:\/\/talkpal.ai\/wp-content\/uploads\/2023\/03\/spain.png","contentUrl":"https:\/\/talkpal.ai\/wp-content\/uploads\/2023\/03\/spain.png","width":512,"height":512,"caption":"TalkPal AI learn Spanish"},{"@type":"BreadcrumbList","@id":"https:\/\/talkpal.ai\/tr\/ispanyolca-gramer-alistirmalari\/#breadcrumb","itemListElement":[{"@type":"ListItem","position":1,"name":"Homepage","item":"https:\/\/talkpal.ai\/tr\/"},{"@type":"ListItem","position":2,"name":"\u0130spanyolca Gramer Al\u0131\u015ft\u0131rmalar\u0131"}]},{"@type":"WebSite","@id":"https:\/\/talkpal.ai\/tr\/#website","url":"https:\/\/talkpal.ai\/tr\/","name":"Talkpal","description":"AI Language Learning","publisher":{"@id":"https:\/\/talkpal.ai\/tr\/#organization"},"alternateName":"Talkpal AI","potentialAction":[{"@type":"SearchAction","target":{"@type":"EntryPoint","urlTemplate":"https:\/\/talkpal.ai\/tr\/?s={search_term_string}"},"query-input":{"@type":"PropertyValueSpecification","valueRequired":true,"valueName":"search_term_string"}}],"inLanguage":"tr"},{"@type":"Organization","@id":"https:\/\/talkpal.ai\/tr\/#organization","name":"Talkpal, Inc.","alternateName":"Talkpal AI","url":"https:\/\/talkpal.ai\/tr\/","logo":{"@type":"ImageObject","inLanguage":"tr","@id":"https:\/\/talkpal.ai\/tr\/#\/schema\/logo\/image\/","url":"https:\/\/talkpal.ai\/wp-content\/uploads\/2024\/03\/Talkpal-Logo-Icon.png","contentUrl":"https:\/\/talkpal.ai\/wp-content\/uploads\/2024\/03\/Talkpal-Logo-Icon.png","width":2880,"height":2880,"caption":"Talkpal, Inc."},"image":{"@id":"https:\/\/talkpal.ai\/tr\/#\/schema\/logo\/image\/"},"sameAs":["https:\/\/www.facebook.com\/profile.php?id=100090733639311","https:\/\/x.com\/talkpalai","https:\/\/www.linkedin.com\/company\/talkpal\/","https:\/\/www.youtube.com\/@TalkPal\/","https:\/\/www.tiktok.com\/@talkpal","https:\/\/www.instagram.com\/talkpal_ai\/","https:\/\/www.crunchbase.com\/organization\/talkpal-9cde","https:\/\/www.g2.com\/products\/talkpal-for-business\/","https:\/\/www.trustpilot.com\/review\/talkpal.ai","https:\/\/www.capterra.com\/p\/10006800\/TalkPal\/"],"description":"Talkpal is a language learning web and mobile education app, powered by the latest AI technologies, that provides engaging experiences to its customers in many different languages to help them improve their language skills. Users can chat about unlimited amount of topics with the app and use other modes to practice their language learning.","email":"support@talkpal.ai","legalName":"Talkpal, Inc.","foundingDate":"2023-04-03","duns":"118989042","numberOfEmployees":{"@type":"QuantitativeValue","minValue":"11","maxValue":"50"},"publishingPrinciples":"https:\/\/talkpal.ai\/publishing-principles\/","actionableFeedbackPolicy":"https:\/\/talkpal.ai\/actionable-feedback-policy\/","correctionsPolicy":"https:\/\/talkpal.ai\/corrections-policy\/","ethicsPolicy":"https:\/\/talkpal.ai\/ethics-policy\/","diversityPolicy":"https:\/\/talkpal.ai\/diversity-policy\/","diversityStaffingReport":"https:\/\/talkpal.ai\/diversity-policy\/"}]}},"_links":{"self":[{"href":"https:\/\/talkpal.ai\/tr\/wp-json\/wp\/v2\/pages\/131465","targetHints":{"allow":["GET"]}}],"collection":[{"href":"https:\/\/talkpal.ai\/tr\/wp-json\/wp\/v2\/pages"}],"about":[{"href":"https:\/\/talkpal.ai\/tr\/wp-json\/wp\/v2\/types\/page"}],"author":[{"embeddable":true,"href":"https:\/\/talkpal.ai\/tr\/wp-json\/wp\/v2\/users\/1"}],"replies":[{"embeddable":true,"href":"https:\/\/talkpal.ai\/tr\/wp-json\/wp\/v2\/comments?post=131465"}],"version-history":[{"count":0,"href":"https:\/\/talkpal.ai\/tr\/wp-json\/wp\/v2\/pages\/131465\/revisions"}],"wp:featuredmedia":[{"embeddable":true,"href":"https:\/\/talkpal.ai\/tr\/wp-json\/wp\/v2\/media\/75502"}],"wp:attachment":[{"href":"https:\/\/talkpal.ai\/tr\/wp-json\/wp\/v2\/media?parent=131465"}],"curies":[{"name":"wp","href":"https:\/\/api.w.org\/{rel}","templated":true}]}}