{"id":131066,"date":"2023-05-14T13:53:24","date_gmt":"2023-05-14T13:53:24","guid":{"rendered":"http:\/\/talkpal.ai\/ukraynaca-dilbilgisi\/"},"modified":"2025-12-11T16:34:52","modified_gmt":"2025-12-11T16:34:52","slug":"ukraynaca-dilbilgisi","status":"publish","type":"page","link":"https:\/\/talkpal.ai\/tr\/ukraynaca-dilbilgisi\/","title":{"rendered":"Ukraynaca Dilbilgisi"},"content":{"rendered":"\r\n\r\n\r\n<section class=\"languageChallengeSection\">\r\n    <div class=\"languageInfoWrapper\">\r\n        \r\n        <h1>Ukraynaca Dilbilgisi<\/h1>\r\n        <p><a href=\"https:\/\/talkpal.ai\/learn-ukrainian\/\">Ukrayna<\/a> dilinin temel gramer kurallar\u0131n\u0131 \u00f6\u011frenerek dilin yap\u0131s\u0131n\u0131 ke\u015ffedin. Ukraynaca dilbilgisinde uzmanla\u015fmak, kendinize g\u00fcvenerek ileti\u015fim kurman\u0131za ve Ukrayna k\u00fclt\u00fcr\u00fc ve miras\u0131yla daha derin bir ba\u011f kurman\u0131za yard\u0131mc\u0131 olacakt\u0131r. <a href=\"https:\/\/talkpal.ai\/ukrainian-grammar\/\">Ukraynaca dilbilgisi<\/a> yolculu\u011funuza bug\u00fcn ba\u015flay\u0131n ve ak\u0131c\u0131l\u0131\u011fa do\u011fru ilk ad\u0131m\u0131 at\u0131n!<\/p>\r\n\r\n                            <a class=\"getStartedHidden\" href=\"https:\/\/app.talkpal.ai\/tr\/signup?lng=\">Hadi ba\u015fla<\/a>\r\n        \r\n    <\/div>\r\n\r\n    <figure>\r\n    <img decoding=\"async\" width=\"768\" height=\"768\" src=\"https:\/\/talkpal.ai\/wp-content\/uploads\/2023\/06\/Ukrainian-768x768.png\" class=\"languageImage no-lazy\" alt=\"Language learning - Your doorway to the world\" fetchpriority=\"high\" sizes=\"(max-width: 768px) 150px, 768px\" srcset=\"https:\/\/talkpal.ai\/wp-content\/uploads\/2023\/06\/Ukrainian-768x768.png 768w, https:\/\/talkpal.ai\/wp-content\/uploads\/2023\/06\/Ukrainian-300x300.png 300w\" \/>\r\n    \r\n\r\n    <\/figure>\r\n\r\n            <a class=\"getStartedVisible\" href=\"https:\/\/app.talkpal.ai\/tr\/signup?lng=\">Hadi ba\u015fla<\/a>\r\n    \r\n<\/section>\r\n<section class=\"promotionalBanner\">\r\n    <p class=\"promotionalText\">Dil \u00f6\u011frenmenin en etkili yolu<\/p>\r\n    <a class=\"promotionalLink\" href=\"https:\/\/app.talkpal.ai\/tr\/signup?lng=\">Talkpal \u00fccretsiz deneyin<\/a>\r\n<\/section>\n<div class=\"wp-block-group pageContainerStyle\"><div class=\"wp-block-group__inner-container is-layout-constrained wp-block-group-is-layout-constrained\">\n<h2 class=\"wp-block-heading\" id=\"h-a-comprehensive-guide-to-mastering-ukrainian-grammar\">Ukraynaca Dilbilgisinde Ustala\u015fmak i\u00e7in Kapsaml\u0131 Bir K\u0131lavuz<\/h2>\n\n\n\n<p>G\u00fczel ve melodik bir dil olan Ukraynaca, d\u00fcnya \u00e7ap\u0131nda dil merakl\u0131lar\u0131n\u0131n artan ilgisini toplad\u0131. Ukraynaca \u00f6\u011frenmek, zengin bir k\u00fclt\u00fcrel mirasa eri\u015fmenizi sa\u011flar ve Ukrayna ve kom\u015fu \u00fclkelerdeki milyonlarca insanla ileti\u015fim kurman\u0131z\u0131 sa\u011flar. Ukraynaca dilbilgisine dalmak ilk ba\u015fta g\u00f6z korkutucu gelse de, g\u00fc\u00e7l\u00fc bir temele sahip olmak, dilin n\u00fcanslar\u0131n\u0131 ke\u015ffetmenize ve g\u00fczelli\u011fini tam olarak takdir etmenize olanak tan\u0131r. Bu makale, Ukraynaca dilbilgisi temelleri konusunda size ad\u0131m ad\u0131m rehberlik edecek ve dil yolculu\u011funuza g\u00fcvenle ba\u015flaman\u0131z i\u00e7in sizi donatacakt\u0131r.<\/p>\n\n\n\n<h3 class=\"wp-block-heading\" id=\"h-1-mastering-ukrainian-nouns-and-cases\">1. Ukraynaca \u0130sim ve Durumlarda Ustala\u015fmak<\/h3>\n\n\n\n<p>Ukraynaca dilbilgisinin temel bir \u00f6zelli\u011fi, durum sistemidir. \u0130simleri kullan\u0131rken, cinsiyetlerini (eril, di\u015fil veya n\u00f6tr) bilmeniz ve sonlar\u0131nda de\u011fi\u015fiklik gerektirebilecek ba\u011flam\u0131n fark\u0131nda olman\u0131z gerekir. Ukrayna dilinin yedi vakas\u0131 vard\u0131r:<\/p>\n\n\n\n<p>&#8211; Nominatif: bir c\u00fcmlenin \u00f6znesi<\/p>\n\n\n\n<p>&#8211; Genitif: sahiplik, miktar ve olumsuzluk belirtir<\/p>\n\n\n\n<p>&#8211; Datif: dolayl\u0131 nesne veya bir hedefe do\u011fru hareket<\/p>\n\n\n\n<p>&#8211; Su\u00e7lay\u0131c\u0131: bir \u015feye y\u00f6nelik do\u011frudan nesne veya hareket<\/p>\n\n\n\n<p>&#8211; Enstr\u00fcmantal: eylem ara\u00e7lar\u0131n\u0131 veya enstr\u00fcmanlar\u0131n\u0131 ifade eder<\/p>\n\n\n\n<p>&#8211; Lokatif: konum belirtir<\/p>\n\n\n\n<p>&#8211; Vokatif: birine hitap etmek veya seslenmek i\u00e7in kullan\u0131l\u0131r<\/p>\n\n\n\n<p>Kullan\u0131lan duruma, ismin cinsiyetine ve say\u0131s\u0131na g\u00f6re de\u011fi\u015ftikleri i\u00e7in isim sonlar\u0131na ve \u00e7ekimlerine dikkat etmeniz gerekecektir.<\/p>\n\n\n\n<h3 class=\"wp-block-heading\" id=\"h-2-navigating-the-ukrainian-verb-system\">2. Ukrayna Fiil Sisteminde Gezinmek<\/h3>\n\n\n\n<p>Ukraynaca fiiller ki\u015fiye, say\u0131ya, zamana, ruh haline ve sese g\u00f6re \u00e7ekimlenir. Ukraynaca&#8217;da fiillerin d\u00f6rt y\u00f6n\u00fc vard\u0131r \u2013 m\u00fckemmel, kusurlu, yinelemeli ve anlay\u0131\u015fl\u0131:<\/p>\n\n\n\n<p>&#8211; Perfective: tamamlanm\u0131\u015f eylemleri belirtir<\/p>\n\n\n\n<p>&#8211; Imperfective: devam eden, al\u0131\u015fkanl\u0131k haline gelmi\u015f veya tekrarlanan eylemleri tan\u0131mlar<\/p>\n\n\n\n<p>&#8211; Yinelemeli: belirli bir aral\u0131kta tekrarlanan eylemleri aktar\u0131r<\/p>\n\n\n\n<p>&#8211; Ba\u015flang\u0131\u00e7: bir eylemin ba\u015flang\u0131c\u0131n\u0131 belirtir<\/p>\n\n\n\n<p>Ukraynaca fiil sisteminde gezinmek i\u00e7in, \u00fc\u00e7 temel fiil \u00e7ekimine a\u015fina olmal\u0131s\u0131n\u0131z. Fiil \u00e7ekimi i\u015flemi, fiil k\u00f6k\u00fcn\u00fcn sonlar\u0131n\u0131 zamana, ruh haline ve konuya g\u00f6re de\u011fi\u015ftirmeyi i\u00e7erir.<\/p>\n\n\n\n<h3 class=\"wp-block-heading\" id=\"h-3-perfecting-ukrainian-adjectives-and-pronouns\">3. Ukraynaca S\u0131fatlar\u0131 ve Zamirleri M\u00fckemmelle\u015ftirmek<\/h3>\n\n\n\n<p>Ukraynaca&#8217;daki s\u0131fatlar, tan\u0131mlad\u0131klar\u0131 isimle cinsiyet, say\u0131 ve durum bak\u0131m\u0131ndan ayn\u0131 fikirde olmal\u0131d\u0131r. Bu, bir s\u0131fat kullan\u0131rken, isimle ayn\u0131 hizaya gelecek \u015fekilde de\u011fi\u015fecekleri i\u00e7in sonlar\u0131na dikkat etmeniz gerekti\u011fi anlam\u0131na gelir. Ek olarak, Ukraynaca&#8217;daki s\u0131fatlar uzun veya k\u0131sa bi\u00e7imlerde olabilir ve her birinin ba\u011flama ba\u011fl\u0131 olarak kullan\u0131m\u0131 vard\u0131r.<\/p>\n\n\n\n<p>Zamirler isimler yerine kullan\u0131l\u0131r ve cinsiyet, say\u0131 ve durum a\u00e7\u0131s\u0131ndan de\u011fi\u015ftirdikleri isimle de ayn\u0131 fikirde olmal\u0131d\u0131r. Ukraynaca&#8217;da \u015fah\u0131s zamirleri &#8220;\u044f&#8221; (ben), &#8220;\u0442\u0438&#8221; (sen, tekil), &#8220;\u0432\u0456\u043d\/\u0432\u043e\u043d\u0430\/\u0432\u043e\u043d\u043e&#8221; (o\/o), &#8220;\u043c\u0438&#8221; (biz), &#8220;\u0432\u0438&#8221; (sen, \u00e7o\u011ful veya resmi) ve &#8220;\u0432\u043e\u043d\u0438&#8221; (onlar). Ukraynaca&#8217;da iyelik, i\u015faret ve ilgi zamirleri de vard\u0131r.<\/p>\n\n\n\n<h3 class=\"wp-block-heading\" id=\"h-4-putting-it-all-together-sentence-structure\">4. Hepsini Bir Araya Getirmek: C\u00fcmle Yap\u0131s\u0131<\/h3>\n\n\n\n<p>Ukraynaca, \u0130ngilizce&#8217;ye benzer \u015fekilde \u00f6zne-fiil-nesne (SVO) c\u00fcmle yap\u0131s\u0131n\u0131 takip eder. Bununla birlikte, \u0130ngilizce&#8217;den farkl\u0131 olarak, Ukraynaca, vaka sistemi nedeniyle kelime s\u0131ralamas\u0131nda daha fazla esnekli\u011fe sahiptir. Bu esneklik, konu\u015fmac\u0131lar\u0131n belirli kelimeleri veya fikirleri bir c\u00fcmle i\u00e7inde \u00e7e\u015fitli konumlara yerle\u015ftirerek vurgulamalar\u0131n\u0131 sa\u011flar. Bu \u00e7ok y\u00f6nl\u00fcl\u00fckte ustala\u015fmak zaman alsa da, kendinizi Ukraynaca daha sanatsal ve ak\u0131c\u0131 bir \u015fekilde ifade etmenizi sa\u011flar.<\/p>\n\n\n\n<h3 class=\"wp-block-heading\" id=\"h-conclusion\">Sonu\u00e7<\/h3>\n\n\n\n<p>Ukraynaca dil yolculu\u011funuza \u00e7\u0131karken, dilbilgisinde ak\u0131c\u0131 olman\u0131n pratik ve sebat gerektirdi\u011fini unutmay\u0131n. \u0130simlerden ve durumlardan fiillere ve c\u00fcmle yap\u0131s\u0131na kadar Ukraynaca dilbilgisinin \u00e7e\u015fitli y\u00f6nlerini yava\u015f yava\u015f \u00f6\u011frenin. \u00d6\u011frenme s\u00fcrecinin tad\u0131n\u0131 \u00e7\u0131kar\u0131n ve Ukrayna dilinin g\u00fczelli\u011finin ve etkileyicili\u011finin tad\u0131n\u0131 \u00e7\u0131kar\u0131n. \u0412\u0434\u0430\u0447\u0456! (\u0130yi \u015fanslar!)<\/p>\n<\/div><\/div>\n\r\n<section class=\"learnNavigationSection\">\r\n            \r\n        <a href=\"https:\/\/talkpal.ai\/tr\/ukraynaca-ogren\/\">\r\n            <div class=\"learnNavigationWrapper\">\r\n                <div class=\"learnNavigationContent\">\r\n                    <img decoding=\"async\" src=\"https:\/\/talkpal.ai\/wp-content\/uploads\/2024\/08\/Ukrainian.jpg\" alt=\"Ukrainian Flag\">\r\n                    <div>\r\n                        <h4>Ukrayna \u00d6\u011frenimi Hakk\u0131nda<\/h4>\r\n                        <p>Ukraynaca dilbilgisi hakk\u0131nda her \u015feyi \u00f6\u011frenin .<\/p>\r\n                    <\/div>\r\n                <\/div>\r\n            <\/div>\r\n        <\/a>\r\n\r\n        \r\n        <a href=\"https:\/\/talkpal.ai\/tr\/ukraynaca-dilbilgisi-alistirmalari\/\">\r\n            <div class=\"learnNavigationWrapper\">\r\n                <div class=\"learnNavigationContent\">\r\n                    <img decoding=\"async\" src=\"https:\/\/talkpal.ai\/wp-content\/uploads\/2024\/08\/Ukrainian.jpg\" alt=\"Ukrainian Flag\">\r\n                    <div>\r\n                        <h4>Ukraynaca Dilbilgisi Al\u0131\u015ft\u0131rmas\u0131<\/h4>\r\n                        <p>Ukraynaca dilbilgisi prati\u011fi yap\u0131n .<\/p>\r\n                    <\/div>\r\n                <\/div>\r\n            <\/div>\r\n        <\/a>\r\n\r\n        \r\n        <a href=\"https:\/\/talkpal.ai\/vocabulary_language\/ukrainian\/\">\r\n            <div class=\"learnNavigationWrapper\">\r\n                <div class=\"learnNavigationContent\">\r\n                    <img decoding=\"async\" src=\"https:\/\/talkpal.ai\/wp-content\/uploads\/2024\/08\/Ukrainian.jpg\" alt=\"Ukrainian Flag\">\r\n                    <div>\r\n                        <h4>Ukraynaca Kelime Bilgisi<\/h4>\r\n                        <p>Ukraynaca kelime da\u011farc\u0131\u011f\u0131n\u0131z\u0131 geni\u015fletin.<\/p>\r\n                    <\/div>\r\n                <\/div>\r\n            <\/div>\r\n        <\/a>\r\n\r\n            <\/section>","protected":false},"excerpt":{"rendered":"<p>Ukraynaca Dilbilgisinde Ustala\u015fmak i\u00e7in Kapsaml\u0131 Bir K\u0131lavuz G\u00fczel ve melodik bir dil olan Ukraynaca, d\u00fcnya \u00e7ap\u0131nda dil merakl\u0131lar\u0131n\u0131n artan ilgisini toplad\u0131. Ukraynaca \u00f6\u011frenmek, zengin bir k\u00fclt\u00fcrel mirasa eri\u015fmenizi sa\u011flar ve Ukrayna ve kom\u015fu \u00fclkelerdeki milyonlarca insanla ileti\u015fim kurman\u0131z\u0131 sa\u011flar. Ukraynaca dilbilgisine dalmak ilk ba\u015fta g\u00f6z korkutucu gelse de, g\u00fc\u00e7l\u00fc bir temele sahip olmak, dilin n\u00fcanslar\u0131n\u0131 [&hellip;]<\/p>\n","protected":false},"author":1,"featured_media":108519,"parent":0,"menu_order":0,"comment_status":"closed","ping_status":"closed","template":"LearningContentPage.php","meta":{"_acf_changed":false,"footnotes":""},"class_list":["post-131066","page","type-page","status-publish","has-post-thumbnail","hentry"],"acf":[],"yoast_head":"<!-- This site is optimized with the Yoast SEO Premium plugin v27.2 (Yoast SEO v27.2) - https:\/\/yoast.com\/product\/yoast-seo-premium-wordpress\/ -->\n<title>Ukraynaca Dilbilgisi - Talkpal<\/title>\n<meta name=\"description\" content=\"Dil \u00f6\u011frenme yolculu\u011funuzu geli\u015ftirmek i\u00e7in gerekli ipu\u00e7lar\u0131 ve i\u00e7g\u00f6r\u00fclerle Ukraynaca Dilbilgisinin g\u00fczelli\u011fini ortaya \u00e7\u0131kar\u0131n.\" \/>\n<meta name=\"robots\" content=\"index, follow, max-snippet:-1, max-image-preview:large, max-video-preview:-1\" \/>\n<link rel=\"canonical\" href=\"https:\/\/talkpal.ai\/tr\/ukraynaca-dilbilgisi\/\" \/>\n<meta property=\"og:locale\" content=\"tr_TR\" \/>\n<meta property=\"og:type\" content=\"article\" \/>\n<meta property=\"og:title\" content=\"Ukraynaca Dilbilgisi\" \/>\n<meta property=\"og:description\" content=\"Ukraynaca Dilbilgisinde Ustala\u015fmak i\u00e7in Kapsaml\u0131 Bir K\u0131lavuz G\u00fczel ve melodik bir dil olan Ukraynaca, d\u00fcnya \u00e7ap\u0131nda dil merakl\u0131lar\u0131n\u0131n artan ilgisini\" \/>\n<meta property=\"og:url\" content=\"https:\/\/talkpal.ai\/tr\/ukraynaca-dilbilgisi\/\" \/>\n<meta property=\"og:site_name\" content=\"Talkpal\" \/>\n<meta property=\"article:publisher\" content=\"https:\/\/www.facebook.com\/profile.php?id=100090733639311\" \/>\n<meta property=\"article:modified_time\" content=\"2025-12-11T16:34:52+00:00\" \/>\n<meta property=\"og:image\" content=\"https:\/\/talkpal.ai\/wp-content\/uploads\/2023\/04\/ukraine.png\" \/>\n\t<meta property=\"og:image:width\" content=\"512\" \/>\n\t<meta property=\"og:image:height\" content=\"512\" \/>\n\t<meta property=\"og:image:type\" content=\"image\/png\" \/>\n<meta name=\"twitter:card\" content=\"summary_large_image\" \/>\n<meta name=\"twitter:site\" content=\"@talkpalai\" \/>\n<meta name=\"twitter:label1\" content=\"Tahmini okuma s\u00fcresi\" \/>\n\t<meta name=\"twitter:data1\" content=\"3 dakika\" \/>\n<script type=\"application\/ld+json\" class=\"yoast-schema-graph\">{\"@context\":\"https:\/\/schema.org\",\"@graph\":[{\"@type\":\"WebPage\",\"@id\":\"https:\/\/talkpal.ai\/tr\/ukraynaca-dilbilgisi\/\",\"url\":\"https:\/\/talkpal.ai\/tr\/ukraynaca-dilbilgisi\/\",\"name\":\"Ukraynaca Dilbilgisi - Talkpal\",\"isPartOf\":{\"@id\":\"https:\/\/talkpal.ai\/tr\/#website\"},\"primaryImageOfPage\":{\"@id\":\"https:\/\/talkpal.ai\/tr\/ukraynaca-dilbilgisi\/#primaryimage\"},\"image\":{\"@id\":\"https:\/\/talkpal.ai\/tr\/ukraynaca-dilbilgisi\/#primaryimage\"},\"thumbnailUrl\":\"https:\/\/talkpal.ai\/wp-content\/uploads\/2023\/04\/ukraine.png\",\"datePublished\":\"2023-05-14T13:53:24+00:00\",\"dateModified\":\"2025-12-11T16:34:52+00:00\",\"description\":\"Dil \u00f6\u011frenme yolculu\u011funuzu geli\u015ftirmek i\u00e7in gerekli ipu\u00e7lar\u0131 ve i\u00e7g\u00f6r\u00fclerle Ukraynaca Dilbilgisinin g\u00fczelli\u011fini ortaya \u00e7\u0131kar\u0131n.\",\"breadcrumb\":{\"@id\":\"https:\/\/talkpal.ai\/tr\/ukraynaca-dilbilgisi\/#breadcrumb\"},\"inLanguage\":\"tr\",\"potentialAction\":[{\"@type\":\"ReadAction\",\"target\":[\"https:\/\/talkpal.ai\/tr\/ukraynaca-dilbilgisi\/\"]}]},{\"@type\":\"ImageObject\",\"inLanguage\":\"tr\",\"@id\":\"https:\/\/talkpal.ai\/tr\/ukraynaca-dilbilgisi\/#primaryimage\",\"url\":\"https:\/\/talkpal.ai\/wp-content\/uploads\/2023\/04\/ukraine.png\",\"contentUrl\":\"https:\/\/talkpal.ai\/wp-content\/uploads\/2023\/04\/ukraine.png\",\"width\":512,\"height\":512,\"caption\":\"TalkPal Ukrainian Flag\"},{\"@type\":\"BreadcrumbList\",\"@id\":\"https:\/\/talkpal.ai\/tr\/ukraynaca-dilbilgisi\/#breadcrumb\",\"itemListElement\":[{\"@type\":\"ListItem\",\"position\":1,\"name\":\"Homepage\",\"item\":\"https:\/\/talkpal.ai\/tr\/\"},{\"@type\":\"ListItem\",\"position\":2,\"name\":\"Ukraynaca Dilbilgisi\"}]},{\"@type\":\"WebSite\",\"@id\":\"https:\/\/talkpal.ai\/tr\/#website\",\"url\":\"https:\/\/talkpal.ai\/tr\/\",\"name\":\"Talkpal\",\"description\":\"AI Language Learning\",\"publisher\":{\"@id\":\"https:\/\/talkpal.ai\/tr\/#organization\"},\"alternateName\":\"Talkpal AI\",\"potentialAction\":[{\"@type\":\"SearchAction\",\"target\":{\"@type\":\"EntryPoint\",\"urlTemplate\":\"https:\/\/talkpal.ai\/tr\/?s={search_term_string}\"},\"query-input\":{\"@type\":\"PropertyValueSpecification\",\"valueRequired\":true,\"valueName\":\"search_term_string\"}}],\"inLanguage\":\"tr\"},{\"@type\":\"Organization\",\"@id\":\"https:\/\/talkpal.ai\/tr\/#organization\",\"name\":\"Talkpal, Inc.\",\"alternateName\":\"Talkpal AI\",\"url\":\"https:\/\/talkpal.ai\/tr\/\",\"logo\":{\"@type\":\"ImageObject\",\"inLanguage\":\"tr\",\"@id\":\"https:\/\/talkpal.ai\/tr\/#\/schema\/logo\/image\/\",\"url\":\"https:\/\/talkpal.ai\/wp-content\/uploads\/2024\/03\/Talkpal-Logo-Icon.png\",\"contentUrl\":\"https:\/\/talkpal.ai\/wp-content\/uploads\/2024\/03\/Talkpal-Logo-Icon.png\",\"width\":2880,\"height\":2880,\"caption\":\"Talkpal, Inc.\"},\"image\":{\"@id\":\"https:\/\/talkpal.ai\/tr\/#\/schema\/logo\/image\/\"},\"sameAs\":[\"https:\/\/www.facebook.com\/profile.php?id=100090733639311\",\"https:\/\/x.com\/talkpalai\",\"https:\/\/www.linkedin.com\/company\/talkpal\/\",\"https:\/\/www.youtube.com\/@TalkPal\/\",\"https:\/\/www.tiktok.com\/@talkpal\",\"https:\/\/www.instagram.com\/talkpal_ai\/\",\"https:\/\/www.crunchbase.com\/organization\/talkpal-9cde\",\"https:\/\/www.g2.com\/products\/talkpal-for-business\/\",\"https:\/\/www.trustpilot.com\/review\/talkpal.ai\",\"https:\/\/www.capterra.com\/p\/10006800\/TalkPal\/\"],\"description\":\"Talkpal is a language learning web and mobile education app, powered by the latest AI technologies, that provides engaging experiences to its customers in many different languages to help them improve their language skills. Users can chat about unlimited amount of topics with the app and use other modes to practice their language learning.\",\"email\":\"support@talkpal.ai\",\"legalName\":\"Talkpal, Inc.\",\"foundingDate\":\"2023-04-03\",\"duns\":\"118989042\",\"numberOfEmployees\":{\"@type\":\"QuantitativeValue\",\"minValue\":\"11\",\"maxValue\":\"50\"},\"publishingPrinciples\":\"https:\/\/talkpal.ai\/publishing-principles\/\",\"actionableFeedbackPolicy\":\"https:\/\/talkpal.ai\/actionable-feedback-policy\/\",\"correctionsPolicy\":\"https:\/\/talkpal.ai\/corrections-policy\/\",\"ethicsPolicy\":\"https:\/\/talkpal.ai\/ethics-policy\/\",\"diversityPolicy\":\"https:\/\/talkpal.ai\/diversity-policy\/\",\"diversityStaffingReport\":\"https:\/\/talkpal.ai\/diversity-policy\/\"}]}<\/script>\n<!-- \/ Yoast SEO Premium plugin. -->","yoast_head_json":{"title":"Ukraynaca Dilbilgisi - Talkpal","description":"Dil \u00f6\u011frenme yolculu\u011funuzu geli\u015ftirmek i\u00e7in gerekli ipu\u00e7lar\u0131 ve i\u00e7g\u00f6r\u00fclerle Ukraynaca Dilbilgisinin g\u00fczelli\u011fini ortaya \u00e7\u0131kar\u0131n.","robots":{"index":"index","follow":"follow","max-snippet":"max-snippet:-1","max-image-preview":"max-image-preview:large","max-video-preview":"max-video-preview:-1"},"canonical":"https:\/\/talkpal.ai\/tr\/ukraynaca-dilbilgisi\/","og_locale":"tr_TR","og_type":"article","og_title":"Ukraynaca Dilbilgisi","og_description":"Ukraynaca Dilbilgisinde Ustala\u015fmak i\u00e7in Kapsaml\u0131 Bir K\u0131lavuz G\u00fczel ve melodik bir dil olan Ukraynaca, d\u00fcnya \u00e7ap\u0131nda dil merakl\u0131lar\u0131n\u0131n artan ilgisini","og_url":"https:\/\/talkpal.ai\/tr\/ukraynaca-dilbilgisi\/","og_site_name":"Talkpal","article_publisher":"https:\/\/www.facebook.com\/profile.php?id=100090733639311","article_modified_time":"2025-12-11T16:34:52+00:00","og_image":[{"width":512,"height":512,"url":"https:\/\/talkpal.ai\/wp-content\/uploads\/2023\/04\/ukraine.png","type":"image\/png"}],"twitter_card":"summary_large_image","twitter_site":"@talkpalai","twitter_misc":{"Tahmini okuma s\u00fcresi":"3 dakika"},"schema":{"@context":"https:\/\/schema.org","@graph":[{"@type":"WebPage","@id":"https:\/\/talkpal.ai\/tr\/ukraynaca-dilbilgisi\/","url":"https:\/\/talkpal.ai\/tr\/ukraynaca-dilbilgisi\/","name":"Ukraynaca Dilbilgisi - Talkpal","isPartOf":{"@id":"https:\/\/talkpal.ai\/tr\/#website"},"primaryImageOfPage":{"@id":"https:\/\/talkpal.ai\/tr\/ukraynaca-dilbilgisi\/#primaryimage"},"image":{"@id":"https:\/\/talkpal.ai\/tr\/ukraynaca-dilbilgisi\/#primaryimage"},"thumbnailUrl":"https:\/\/talkpal.ai\/wp-content\/uploads\/2023\/04\/ukraine.png","datePublished":"2023-05-14T13:53:24+00:00","dateModified":"2025-12-11T16:34:52+00:00","description":"Dil \u00f6\u011frenme yolculu\u011funuzu geli\u015ftirmek i\u00e7in gerekli ipu\u00e7lar\u0131 ve i\u00e7g\u00f6r\u00fclerle Ukraynaca Dilbilgisinin g\u00fczelli\u011fini ortaya \u00e7\u0131kar\u0131n.","breadcrumb":{"@id":"https:\/\/talkpal.ai\/tr\/ukraynaca-dilbilgisi\/#breadcrumb"},"inLanguage":"tr","potentialAction":[{"@type":"ReadAction","target":["https:\/\/talkpal.ai\/tr\/ukraynaca-dilbilgisi\/"]}]},{"@type":"ImageObject","inLanguage":"tr","@id":"https:\/\/talkpal.ai\/tr\/ukraynaca-dilbilgisi\/#primaryimage","url":"https:\/\/talkpal.ai\/wp-content\/uploads\/2023\/04\/ukraine.png","contentUrl":"https:\/\/talkpal.ai\/wp-content\/uploads\/2023\/04\/ukraine.png","width":512,"height":512,"caption":"TalkPal Ukrainian Flag"},{"@type":"BreadcrumbList","@id":"https:\/\/talkpal.ai\/tr\/ukraynaca-dilbilgisi\/#breadcrumb","itemListElement":[{"@type":"ListItem","position":1,"name":"Homepage","item":"https:\/\/talkpal.ai\/tr\/"},{"@type":"ListItem","position":2,"name":"Ukraynaca Dilbilgisi"}]},{"@type":"WebSite","@id":"https:\/\/talkpal.ai\/tr\/#website","url":"https:\/\/talkpal.ai\/tr\/","name":"Talkpal","description":"AI Language Learning","publisher":{"@id":"https:\/\/talkpal.ai\/tr\/#organization"},"alternateName":"Talkpal AI","potentialAction":[{"@type":"SearchAction","target":{"@type":"EntryPoint","urlTemplate":"https:\/\/talkpal.ai\/tr\/?s={search_term_string}"},"query-input":{"@type":"PropertyValueSpecification","valueRequired":true,"valueName":"search_term_string"}}],"inLanguage":"tr"},{"@type":"Organization","@id":"https:\/\/talkpal.ai\/tr\/#organization","name":"Talkpal, Inc.","alternateName":"Talkpal AI","url":"https:\/\/talkpal.ai\/tr\/","logo":{"@type":"ImageObject","inLanguage":"tr","@id":"https:\/\/talkpal.ai\/tr\/#\/schema\/logo\/image\/","url":"https:\/\/talkpal.ai\/wp-content\/uploads\/2024\/03\/Talkpal-Logo-Icon.png","contentUrl":"https:\/\/talkpal.ai\/wp-content\/uploads\/2024\/03\/Talkpal-Logo-Icon.png","width":2880,"height":2880,"caption":"Talkpal, Inc."},"image":{"@id":"https:\/\/talkpal.ai\/tr\/#\/schema\/logo\/image\/"},"sameAs":["https:\/\/www.facebook.com\/profile.php?id=100090733639311","https:\/\/x.com\/talkpalai","https:\/\/www.linkedin.com\/company\/talkpal\/","https:\/\/www.youtube.com\/@TalkPal\/","https:\/\/www.tiktok.com\/@talkpal","https:\/\/www.instagram.com\/talkpal_ai\/","https:\/\/www.crunchbase.com\/organization\/talkpal-9cde","https:\/\/www.g2.com\/products\/talkpal-for-business\/","https:\/\/www.trustpilot.com\/review\/talkpal.ai","https:\/\/www.capterra.com\/p\/10006800\/TalkPal\/"],"description":"Talkpal is a language learning web and mobile education app, powered by the latest AI technologies, that provides engaging experiences to its customers in many different languages to help them improve their language skills. Users can chat about unlimited amount of topics with the app and use other modes to practice their language learning.","email":"support@talkpal.ai","legalName":"Talkpal, Inc.","foundingDate":"2023-04-03","duns":"118989042","numberOfEmployees":{"@type":"QuantitativeValue","minValue":"11","maxValue":"50"},"publishingPrinciples":"https:\/\/talkpal.ai\/publishing-principles\/","actionableFeedbackPolicy":"https:\/\/talkpal.ai\/actionable-feedback-policy\/","correctionsPolicy":"https:\/\/talkpal.ai\/corrections-policy\/","ethicsPolicy":"https:\/\/talkpal.ai\/ethics-policy\/","diversityPolicy":"https:\/\/talkpal.ai\/diversity-policy\/","diversityStaffingReport":"https:\/\/talkpal.ai\/diversity-policy\/"}]}},"_links":{"self":[{"href":"https:\/\/talkpal.ai\/tr\/wp-json\/wp\/v2\/pages\/131066","targetHints":{"allow":["GET"]}}],"collection":[{"href":"https:\/\/talkpal.ai\/tr\/wp-json\/wp\/v2\/pages"}],"about":[{"href":"https:\/\/talkpal.ai\/tr\/wp-json\/wp\/v2\/types\/page"}],"author":[{"embeddable":true,"href":"https:\/\/talkpal.ai\/tr\/wp-json\/wp\/v2\/users\/1"}],"replies":[{"embeddable":true,"href":"https:\/\/talkpal.ai\/tr\/wp-json\/wp\/v2\/comments?post=131066"}],"version-history":[{"count":0,"href":"https:\/\/talkpal.ai\/tr\/wp-json\/wp\/v2\/pages\/131066\/revisions"}],"wp:featuredmedia":[{"embeddable":true,"href":"https:\/\/talkpal.ai\/tr\/wp-json\/wp\/v2\/media\/108519"}],"wp:attachment":[{"href":"https:\/\/talkpal.ai\/tr\/wp-json\/wp\/v2\/media?parent=131066"}],"curies":[{"name":"wp","href":"https:\/\/api.w.org\/{rel}","templated":true}]}}