{"id":130654,"date":"2023-05-14T13:53:07","date_gmt":"2023-05-14T13:53:07","guid":{"rendered":"http:\/\/talkpal.ai\/isvecce-dilbilgisi\/"},"modified":"2025-12-11T16:31:04","modified_gmt":"2025-12-11T16:31:04","slug":"isvecce-dilbilgisi","status":"publish","type":"page","link":"https:\/\/talkpal.ai\/tr\/isvecce-dilbilgisi\/","title":{"rendered":"\u0130sve\u00e7\u00e7e Dilbilgisi"},"content":{"rendered":"\r\n\r\n\r\n<section class=\"languageChallengeSection\">\r\n    <div class=\"languageInfoWrapper\">\r\n        \r\n        <h1>\u0130sve\u00e7\u00e7e Dilbilgisi<\/h1>\r\n        <p>Temel dilbilgisi kurallar\u0131nda ustala\u015farak \u0130sve\u00e7 dilinin g\u00fczelli\u011fini ortaya \u00e7\u0131kar\u0131n. \u0130sve\u00e7\u00e7e dilbilgisini sa\u011flam bir \u015fekilde anlamak, g\u00fcvenle ileti\u015fim kurman\u0131z\u0131 ve \u0130sve\u00e7 k\u00fclt\u00fcr\u00fcyle ba\u011flant\u0131 kurman\u0131z\u0131 sa\u011flayacakt\u0131r. \u0130sve\u00e7\u00e7e dilbilgisi \u00f6\u011frenmeye bug\u00fcn ba\u015flay\u0131n ve ak\u0131c\u0131 konu\u015fmaya do\u011fru ilk ad\u0131m\u0131n\u0131z\u0131 at\u0131n!<\/p>\r\n\r\n                            <a class=\"getStartedHidden\" href=\"https:\/\/app.talkpal.ai\/tr\/signup?lng=\">Hadi ba\u015fla<\/a>\r\n        \r\n    <\/div>\r\n\r\n    <figure>\r\n    <img decoding=\"async\" width=\"768\" height=\"768\" src=\"https:\/\/talkpal.ai\/wp-content\/uploads\/2023\/06\/swedish-768x768.png\" class=\"languageImage no-lazy\" alt=\"Language learning for improved concentration\" fetchpriority=\"high\" sizes=\"(max-width: 768px) 150px, 768px\" srcset=\"https:\/\/talkpal.ai\/wp-content\/uploads\/2023\/06\/swedish-768x768.png 768w, https:\/\/talkpal.ai\/wp-content\/uploads\/2023\/06\/swedish-300x300.png 300w\" \/>\r\n    \r\n\r\n    <\/figure>\r\n\r\n            <a class=\"getStartedVisible\" href=\"https:\/\/app.talkpal.ai\/tr\/signup?lng=\">Hadi ba\u015fla<\/a>\r\n    \r\n<\/section>\r\n<section class=\"promotionalBanner\">\r\n    <p class=\"promotionalText\">Dil \u00f6\u011frenmenin en etkili yolu<\/p>\r\n    <a class=\"promotionalLink\" href=\"https:\/\/app.talkpal.ai\/tr\/signup?lng=\">Talkpal \u00fccretsiz deneyin<\/a>\r\n<\/section>\n<div class=\"wp-block-group pageContainerStyle\"><div class=\"wp-block-group__inner-container is-layout-constrained wp-block-group-is-layout-constrained\">\n<h2 class=\"wp-block-heading\" id=\"h-demystifying-swedish-grammar-a-comprehensive-guide-to-master-its-rules-and-nuances\">\u0130sve\u00e7\u00e7e Dilbilgisinin Gizemini \u00c7\u00f6zmek: Kurallar\u0131na ve N\u00fcanslar\u0131na Hakim Olmak \u0130\u00e7in Kapsaml\u0131 Bir K\u0131lavuz<\/h2>\n\n\n\n<p>Yakla\u015f\u0131k 10 milyon ki\u015fi taraf\u0131ndan konu\u015fulan \u0130sve\u00e7\u00e7e, Kuzey Cermen ailesine mensup zengin ve melodik bir dildir. \u0130sve\u00e7\u00e7e dilbilgisi di\u011fer baz\u0131 dillere k\u0131yasla nispeten basit olsa da, kurallar\u0131n\u0131 ve yap\u0131s\u0131n\u0131 anlamak, dil yeterlili\u011finizi geli\u015ftirmenin anahtar\u0131d\u0131r. Bu makalede, \u0130sve\u00e7\u00e7e dilbilgisinin temel y\u00f6nleri konusunda size rehberlik edecek ve \u0130sve\u00e7\u00e7e dil becerilerinizi geli\u015ftirmek i\u00e7in yararl\u0131 ipu\u00e7lar\u0131 verece\u011fiz.<\/p>\n\n\n\n<h3 class=\"wp-block-heading\" id=\"h-essential-components-of-swedish-grammar\">\u0130sve\u00e7\u00e7e Dilbilgisinin Temel Bile\u015fenleri:<\/h3>\n\n\n\n<p>\u0130sve\u00e7\u00e7e dilbilgisi, \u0130ngilizce dilbilgisi ile benzerlikler payla\u015f\u0131r ve \u0130ngilizce konu\u015fanlar\u0131n anlamas\u0131n\u0131 kolayla\u015ft\u0131r\u0131r. \u0130\u015fte \u0130sve\u00e7\u00e7e dilbilgisinin a\u015fina olmaya de\u011fer baz\u0131 kritik y\u00f6nleri:<\/p>\n\n\n\n<p><strong>1. \u0130simler<\/strong> : \u0130sve\u00e7\u00e7e isimler iki gramer cinsiyetine ayr\u0131l\u0131r: ortak (en) ve n\u00f6tr (ett). Her isim, belirsiz ve kesin makaleler kullan\u0131rken dikkate al\u0131nmas\u0131 gereken bu kategorilerden birine aittir. \u0130sve\u00e7\u00e7e isimlerin de \u00e7o\u011ful bi\u00e7imleri vard\u0131r ve hat\u0131rlanmas\u0131 gereken birka\u00e7 farkl\u0131 desen vard\u0131r.<\/p>\n\n\n\n<p><strong>2. S\u0131fatlar:<\/strong> \u0130sve\u00e7\u00e7e&#8217;de s\u0131fatlar ismin cinsiyeti ile uyumludur. \u0130smin cinsiyetine ba\u011fl\u0131 olarak, \u00fc\u00e7 t\u00fcr s\u0131fat vard\u0131r: olumlu, kar\u015f\u0131la\u015ft\u0131rmal\u0131 ve \u00fcst\u00fcn. S\u0131fatlar da say\u0131 olarak hemfikirdir (tekil veya \u00e7o\u011ful).<\/p>\n\n\n\n<p><strong>3. Fiiller:<\/strong> \u0130sve\u00e7\u00e7e fiiller, her biri kendi \u00e7ekim d\u00fczenine sahip d\u00f6rt gruba ayr\u0131l\u0131r. Fiiller zamana (\u015fimdiki, ge\u00e7mi\u015f ya da gelecek) g\u00f6re \u00e7ekimlenir ancak \u0130ngilizce&#8217;de oldu\u011fu gibi \u00f6zneye g\u00f6re \u00e7ekimlenmez. Bunun yerine, \u0130sve\u00e7\u00e7e fiil bi\u00e7imleri konudan ba\u011f\u0131ms\u0131z olarak tutarl\u0131 kal\u0131r. Ek olarak, \u0130sve\u00e7\u00e7e fiillerin \u0130ngilizce&#8217;deki gibi s\u00fcrekli bi\u00e7imleri (yani -ing) yoktur.<\/p>\n\n\n\n<p><strong>4. C\u00fcmle yap\u0131s\u0131:<\/strong> \u0130sve\u00e7\u00e7e c\u00fcmle yap\u0131s\u0131, \u0130ngilizce&#8217;ye \u00e7ok benzeyen tipik olarak \u00d6zne-Fiil-Nesne&#8217;dir (SVO). Bununla birlikte, \u0130sve\u00e7\u00e7e genellikle fiilin bildirimsel c\u00fcmlelerde ve sorularda ikinci konumda g\u00f6r\u00fcnd\u00fc\u011f\u00fc V2 kelime s\u0131ras\u0131 kural\u0131n\u0131 kullan\u0131r.<\/p>\n\n\n\n<h3 class=\"wp-block-heading\" id=\"h-tips-for-learning-swedish-grammar\">\u0130sve\u00e7\u00e7e Dilbilgisi \u00d6\u011frenmek \u0130\u00e7in \u0130pu\u00e7lar\u0131:<\/h3>\n\n\n\n<p>\u0130sve\u00e7\u00e7e dilbilgisi \u00f6\u011frenme yolculu\u011funuzu daha sorunsuz hale getirmek i\u00e7in izlemeniz gereken baz\u0131 pratik ipu\u00e7lar\u0131:<\/p>\n\n\n\n<p><strong>1. D\u00fczenli olarak pratik yap\u0131n:<\/strong> Tutarl\u0131l\u0131k anahtard\u0131r. \u0130sve\u00e7\u00e7e dilbilgisi al\u0131\u015ft\u0131rmalar\u0131, okuma ve yazma al\u0131\u015ft\u0131rmalar\u0131 yapmak i\u00e7in her g\u00fcn veya hafta zaman ay\u0131r\u0131n.<\/p>\n\n\n\n<p><strong>2. Yerel kaynaklar\u0131 kullan\u0131n:<\/strong> Kendinizi edebiyat, haber makaleleri ve podcast&#8217;ler gibi yerel \u0130sve\u00e7\u00e7e materyallere b\u0131rak\u0131n. Bu sadece \u0130sve\u00e7\u00e7e dilbilgisini ba\u011flam i\u00e7inde anlaman\u0131za yard\u0131mc\u0131 olmakla kalmayacak, ayn\u0131 zamanda okuma ve dinleme becerilerinizi de geli\u015ftirecektir.<\/p>\n\n\n\n<p><strong>3. \u0130sim cinsiyetlerini ve \u00e7o\u011fullar\u0131n\u0131 \u00f6\u011frenin:<\/strong> \u0130sve\u00e7\u00e7e isimlerin cinsiyetini (en veya ett) ve \u00e7o\u011ful bi\u00e7imlerini ezberlemek \u00e7ok \u00f6nemlidir. Zaman i\u00e7inde pratik yapmak, sonunda bu kurallar\u0131 i\u00e7selle\u015ftirmenize yard\u0131mc\u0131 olacakt\u0131r.<\/p>\n\n\n\n<p>4. Anadili \u0130ngilizce olan ki\u015filerle <strong>ba\u011flant\u0131 kurun: Anadili \u0130sve\u00e7\u00e7e olan ki\u015filerle<\/strong> sohbet etmek, dilbilgisi prati\u011fi yapman\u0131za ve de\u011ferli geri bildirimler alman\u0131za olanak tan\u0131r. \u0130sve\u00e7\u00e7e konu\u015fan bireylerle ba\u011flant\u0131 kurmak i\u00e7in dil de\u011fi\u015fim gruplar\u0131na veya \u00e7evrimi\u00e7i forumlara kat\u0131lmay\u0131 d\u00fc\u015f\u00fcn\u00fcn.<\/p>\n\n\n\n<p><strong>5. Sab\u0131rl\u0131 ve \u0131srarc\u0131 olun: Dilbilgisi<\/strong> \u00f6\u011frenmenin bir s\u00fcre\u00e7 oldu\u011funu unutmay\u0131n. Kararl\u0131 kal\u0131n, pratik yapmaya devam edin ve yol boyunca ilerlemeyi kutlay\u0131n.<\/p>\n\n\n\n<h2 class=\"wp-block-heading\" id=\"h-conclusion\">Son:<\/h2>\n\n\n\n<p>\u0130sve\u00e7\u00e7e dilbilgisi, g\u00f6r\u00fcn\u00fc\u015fte karma\u015f\u0131k olsa da, \u00f6zveri ve ayr\u0131lmaz bile\u015fenlerinin anla\u015f\u0131lmas\u0131yla ustala\u015f\u0131labilir. \u00d6nerilerimizi takip ederek ve kendinizi dile kapt\u0131rarak, \u0130sve\u00e7\u00e7e dil becerilerinizde istikrarl\u0131 bir geli\u015fime tan\u0131k olacaks\u0131n\u0131z. Meydan okumay\u0131 kucaklay\u0131n ve \u0130sve\u00e7\u00e7e gramer ustal\u0131\u011f\u0131na giden yolculu\u011fun tad\u0131n\u0131 \u00e7\u0131kar\u0131n!<\/p>\n<\/div><\/div>\n\r\n<section class=\"learnNavigationSection\">\r\n            \r\n        <a href=\"https:\/\/talkpal.ai\/tr\/isvecce-ogren\/\">\r\n            <div class=\"learnNavigationWrapper\">\r\n                <div class=\"learnNavigationContent\">\r\n                    <img decoding=\"async\" src=\"https:\/\/talkpal.ai\/wp-content\/uploads\/2024\/08\/Swedish.jpg\" alt=\"Swedish Flag\">\r\n                    <div>\r\n                        <h4>Swedish Learning Hakk\u0131nda<\/h4>\r\n                        <p>\u0130sve\u00e7\u00e7e dilbilgisi hakk\u0131nda her \u015feyi \u00f6\u011frenin.<\/p>\r\n                    <\/div>\r\n                <\/div>\r\n            <\/div>\r\n        <\/a>\r\n\r\n        \r\n        <a href=\"https:\/\/talkpal.ai\/tr\/isvecce-dilbilgisi-alistirmalari\/\">\r\n            <div class=\"learnNavigationWrapper\">\r\n                <div class=\"learnNavigationContent\">\r\n                    <img decoding=\"async\" src=\"https:\/\/talkpal.ai\/wp-content\/uploads\/2024\/08\/Swedish.jpg\" alt=\"Swedish Flag\">\r\n                    <div>\r\n                        <h4>\u0130sve\u00e7\u00e7e Dilbilgisi Al\u0131\u015ft\u0131rmas\u0131<\/h4>\r\n                        <p>\u0130sve\u00e7\u00e7e dilbilgisi al\u0131\u015ft\u0131rmas\u0131 yap\u0131n .<\/p>\r\n                    <\/div>\r\n                <\/div>\r\n            <\/div>\r\n        <\/a>\r\n\r\n        \r\n        <a href=\"https:\/\/talkpal.ai\/vocabulary_language\/swedish\/\">\r\n            <div class=\"learnNavigationWrapper\">\r\n                <div class=\"learnNavigationContent\">\r\n                    <img decoding=\"async\" src=\"https:\/\/talkpal.ai\/wp-content\/uploads\/2024\/08\/Swedish.jpg\" alt=\"Swedish Flag\">\r\n                    <div>\r\n                        <h4>\u0130sve\u00e7\u00e7e Kelime Bilgisi<\/h4>\r\n                        <p>\u0130sve\u00e7\u00e7e kelime da\u011farc\u0131\u011f\u0131n\u0131z\u0131 geni\u015fletin.<\/p>\r\n                    <\/div>\r\n                <\/div>\r\n            <\/div>\r\n        <\/a>\r\n\r\n            <\/section>","protected":false},"excerpt":{"rendered":"<p>\u0130sve\u00e7\u00e7e Dilbilgisinin Gizemini \u00c7\u00f6zmek: Kurallar\u0131na ve N\u00fcanslar\u0131na Hakim Olmak \u0130\u00e7in Kapsaml\u0131 Bir K\u0131lavuz Yakla\u015f\u0131k 10 milyon ki\u015fi taraf\u0131ndan konu\u015fulan \u0130sve\u00e7\u00e7e, Kuzey Cermen ailesine mensup zengin ve melodik bir dildir. \u0130sve\u00e7\u00e7e dilbilgisi di\u011fer baz\u0131 dillere k\u0131yasla nispeten basit olsa da, kurallar\u0131n\u0131 ve yap\u0131s\u0131n\u0131 anlamak, dil yeterlili\u011finizi geli\u015ftirmenin anahtar\u0131d\u0131r. Bu makalede, \u0130sve\u00e7\u00e7e dilbilgisinin temel y\u00f6nleri konusunda size [&hellip;]<\/p>\n","protected":false},"author":1,"featured_media":108247,"parent":0,"menu_order":0,"comment_status":"closed","ping_status":"closed","template":"LearningContentPage.php","meta":{"_acf_changed":false,"footnotes":""},"class_list":["post-130654","page","type-page","status-publish","has-post-thumbnail","hentry"],"acf":[],"yoast_head":"<!-- This site is optimized with the Yoast SEO Premium plugin v27.2 (Yoast SEO v27.2) - https:\/\/yoast.com\/product\/yoast-seo-premium-wordpress\/ -->\n<title>\u0130sve\u00e7\u00e7e Dilbilgisi - Talkpal<\/title>\n<meta name=\"description\" content=\"Temel kurallar ve faydal\u0131 ipu\u00e7lar\u0131 ile dil becerilerinizi geli\u015ftirmek i\u00e7in \u0130sve\u00e7\u00e7e dilbilgisinin s\u0131rlar\u0131n\u0131 \u00e7\u00f6z\u00fcn.\" \/>\n<meta name=\"robots\" content=\"index, follow, max-snippet:-1, max-image-preview:large, max-video-preview:-1\" \/>\n<link rel=\"canonical\" href=\"https:\/\/talkpal.ai\/tr\/isvecce-dilbilgisi\/\" \/>\n<meta property=\"og:locale\" content=\"tr_TR\" \/>\n<meta property=\"og:type\" content=\"article\" \/>\n<meta property=\"og:title\" content=\"\u0130sve\u00e7\u00e7e Dilbilgisi\" \/>\n<meta property=\"og:description\" content=\"\u0130sve\u00e7\u00e7e Dilbilgisinin Gizemini \u00c7\u00f6zmek: Kurallar\u0131na ve N\u00fcanslar\u0131na Hakim Olmak \u0130\u00e7in Kapsaml\u0131 Bir K\u0131lavuz Yakla\u015f\u0131k 10 milyon ki\u015fi taraf\u0131ndan konu\u015fulan\" \/>\n<meta property=\"og:url\" content=\"https:\/\/talkpal.ai\/tr\/isvecce-dilbilgisi\/\" \/>\n<meta property=\"og:site_name\" content=\"Talkpal\" \/>\n<meta property=\"article:publisher\" content=\"https:\/\/www.facebook.com\/profile.php?id=100090733639311\" \/>\n<meta property=\"article:modified_time\" content=\"2025-12-11T16:31:04+00:00\" \/>\n<meta property=\"og:image\" content=\"https:\/\/talkpal.ai\/wp-content\/uploads\/2023\/04\/sweden.png\" \/>\n\t<meta property=\"og:image:width\" content=\"512\" \/>\n\t<meta property=\"og:image:height\" content=\"512\" \/>\n\t<meta property=\"og:image:type\" content=\"image\/png\" \/>\n<meta name=\"twitter:card\" content=\"summary_large_image\" \/>\n<meta name=\"twitter:site\" content=\"@talkpalai\" \/>\n<meta name=\"twitter:label1\" content=\"Tahmini okuma s\u00fcresi\" \/>\n\t<meta name=\"twitter:data1\" content=\"3 dakika\" \/>\n<script type=\"application\/ld+json\" class=\"yoast-schema-graph\">{\"@context\":\"https:\/\/schema.org\",\"@graph\":[{\"@type\":\"WebPage\",\"@id\":\"https:\/\/talkpal.ai\/tr\/isvecce-dilbilgisi\/\",\"url\":\"https:\/\/talkpal.ai\/tr\/isvecce-dilbilgisi\/\",\"name\":\"\u0130sve\u00e7\u00e7e Dilbilgisi - Talkpal\",\"isPartOf\":{\"@id\":\"https:\/\/talkpal.ai\/tr\/#website\"},\"primaryImageOfPage\":{\"@id\":\"https:\/\/talkpal.ai\/tr\/isvecce-dilbilgisi\/#primaryimage\"},\"image\":{\"@id\":\"https:\/\/talkpal.ai\/tr\/isvecce-dilbilgisi\/#primaryimage\"},\"thumbnailUrl\":\"https:\/\/talkpal.ai\/wp-content\/uploads\/2023\/04\/sweden.png\",\"datePublished\":\"2023-05-14T13:53:07+00:00\",\"dateModified\":\"2025-12-11T16:31:04+00:00\",\"description\":\"Temel kurallar ve faydal\u0131 ipu\u00e7lar\u0131 ile dil becerilerinizi geli\u015ftirmek i\u00e7in \u0130sve\u00e7\u00e7e dilbilgisinin s\u0131rlar\u0131n\u0131 \u00e7\u00f6z\u00fcn.\",\"breadcrumb\":{\"@id\":\"https:\/\/talkpal.ai\/tr\/isvecce-dilbilgisi\/#breadcrumb\"},\"inLanguage\":\"tr\",\"potentialAction\":[{\"@type\":\"ReadAction\",\"target\":[\"https:\/\/talkpal.ai\/tr\/isvecce-dilbilgisi\/\"]}]},{\"@type\":\"ImageObject\",\"inLanguage\":\"tr\",\"@id\":\"https:\/\/talkpal.ai\/tr\/isvecce-dilbilgisi\/#primaryimage\",\"url\":\"https:\/\/talkpal.ai\/wp-content\/uploads\/2023\/04\/sweden.png\",\"contentUrl\":\"https:\/\/talkpal.ai\/wp-content\/uploads\/2023\/04\/sweden.png\",\"width\":512,\"height\":512},{\"@type\":\"BreadcrumbList\",\"@id\":\"https:\/\/talkpal.ai\/tr\/isvecce-dilbilgisi\/#breadcrumb\",\"itemListElement\":[{\"@type\":\"ListItem\",\"position\":1,\"name\":\"Homepage\",\"item\":\"https:\/\/talkpal.ai\/tr\/\"},{\"@type\":\"ListItem\",\"position\":2,\"name\":\"\u0130sve\u00e7\u00e7e Dilbilgisi\"}]},{\"@type\":\"WebSite\",\"@id\":\"https:\/\/talkpal.ai\/tr\/#website\",\"url\":\"https:\/\/talkpal.ai\/tr\/\",\"name\":\"Talkpal\",\"description\":\"AI Language Learning\",\"publisher\":{\"@id\":\"https:\/\/talkpal.ai\/tr\/#organization\"},\"alternateName\":\"Talkpal AI\",\"potentialAction\":[{\"@type\":\"SearchAction\",\"target\":{\"@type\":\"EntryPoint\",\"urlTemplate\":\"https:\/\/talkpal.ai\/tr\/?s={search_term_string}\"},\"query-input\":{\"@type\":\"PropertyValueSpecification\",\"valueRequired\":true,\"valueName\":\"search_term_string\"}}],\"inLanguage\":\"tr\"},{\"@type\":\"Organization\",\"@id\":\"https:\/\/talkpal.ai\/tr\/#organization\",\"name\":\"Talkpal, Inc.\",\"alternateName\":\"Talkpal AI\",\"url\":\"https:\/\/talkpal.ai\/tr\/\",\"logo\":{\"@type\":\"ImageObject\",\"inLanguage\":\"tr\",\"@id\":\"https:\/\/talkpal.ai\/tr\/#\/schema\/logo\/image\/\",\"url\":\"https:\/\/talkpal.ai\/wp-content\/uploads\/2024\/03\/Talkpal-Logo-Icon.png\",\"contentUrl\":\"https:\/\/talkpal.ai\/wp-content\/uploads\/2024\/03\/Talkpal-Logo-Icon.png\",\"width\":2880,\"height\":2880,\"caption\":\"Talkpal, Inc.\"},\"image\":{\"@id\":\"https:\/\/talkpal.ai\/tr\/#\/schema\/logo\/image\/\"},\"sameAs\":[\"https:\/\/www.facebook.com\/profile.php?id=100090733639311\",\"https:\/\/x.com\/talkpalai\",\"https:\/\/www.linkedin.com\/company\/talkpal\/\",\"https:\/\/www.youtube.com\/@TalkPal\/\",\"https:\/\/www.tiktok.com\/@talkpal\",\"https:\/\/www.instagram.com\/talkpal_ai\/\",\"https:\/\/www.crunchbase.com\/organization\/talkpal-9cde\",\"https:\/\/www.g2.com\/products\/talkpal-for-business\/\",\"https:\/\/www.trustpilot.com\/review\/talkpal.ai\",\"https:\/\/www.capterra.com\/p\/10006800\/TalkPal\/\"],\"description\":\"Talkpal is a language learning web and mobile education app, powered by the latest AI technologies, that provides engaging experiences to its customers in many different languages to help them improve their language skills. Users can chat about unlimited amount of topics with the app and use other modes to practice their language learning.\",\"email\":\"support@talkpal.ai\",\"legalName\":\"Talkpal, Inc.\",\"foundingDate\":\"2023-04-03\",\"duns\":\"118989042\",\"numberOfEmployees\":{\"@type\":\"QuantitativeValue\",\"minValue\":\"11\",\"maxValue\":\"50\"},\"publishingPrinciples\":\"https:\/\/talkpal.ai\/publishing-principles\/\",\"actionableFeedbackPolicy\":\"https:\/\/talkpal.ai\/actionable-feedback-policy\/\",\"correctionsPolicy\":\"https:\/\/talkpal.ai\/corrections-policy\/\",\"ethicsPolicy\":\"https:\/\/talkpal.ai\/ethics-policy\/\",\"diversityPolicy\":\"https:\/\/talkpal.ai\/diversity-policy\/\",\"diversityStaffingReport\":\"https:\/\/talkpal.ai\/diversity-policy\/\"}]}<\/script>\n<!-- \/ Yoast SEO Premium plugin. -->","yoast_head_json":{"title":"\u0130sve\u00e7\u00e7e Dilbilgisi - Talkpal","description":"Temel kurallar ve faydal\u0131 ipu\u00e7lar\u0131 ile dil becerilerinizi geli\u015ftirmek i\u00e7in \u0130sve\u00e7\u00e7e dilbilgisinin s\u0131rlar\u0131n\u0131 \u00e7\u00f6z\u00fcn.","robots":{"index":"index","follow":"follow","max-snippet":"max-snippet:-1","max-image-preview":"max-image-preview:large","max-video-preview":"max-video-preview:-1"},"canonical":"https:\/\/talkpal.ai\/tr\/isvecce-dilbilgisi\/","og_locale":"tr_TR","og_type":"article","og_title":"\u0130sve\u00e7\u00e7e Dilbilgisi","og_description":"\u0130sve\u00e7\u00e7e Dilbilgisinin Gizemini \u00c7\u00f6zmek: Kurallar\u0131na ve N\u00fcanslar\u0131na Hakim Olmak \u0130\u00e7in Kapsaml\u0131 Bir K\u0131lavuz Yakla\u015f\u0131k 10 milyon ki\u015fi taraf\u0131ndan konu\u015fulan","og_url":"https:\/\/talkpal.ai\/tr\/isvecce-dilbilgisi\/","og_site_name":"Talkpal","article_publisher":"https:\/\/www.facebook.com\/profile.php?id=100090733639311","article_modified_time":"2025-12-11T16:31:04+00:00","og_image":[{"width":512,"height":512,"url":"https:\/\/talkpal.ai\/wp-content\/uploads\/2023\/04\/sweden.png","type":"image\/png"}],"twitter_card":"summary_large_image","twitter_site":"@talkpalai","twitter_misc":{"Tahmini okuma s\u00fcresi":"3 dakika"},"schema":{"@context":"https:\/\/schema.org","@graph":[{"@type":"WebPage","@id":"https:\/\/talkpal.ai\/tr\/isvecce-dilbilgisi\/","url":"https:\/\/talkpal.ai\/tr\/isvecce-dilbilgisi\/","name":"\u0130sve\u00e7\u00e7e Dilbilgisi - Talkpal","isPartOf":{"@id":"https:\/\/talkpal.ai\/tr\/#website"},"primaryImageOfPage":{"@id":"https:\/\/talkpal.ai\/tr\/isvecce-dilbilgisi\/#primaryimage"},"image":{"@id":"https:\/\/talkpal.ai\/tr\/isvecce-dilbilgisi\/#primaryimage"},"thumbnailUrl":"https:\/\/talkpal.ai\/wp-content\/uploads\/2023\/04\/sweden.png","datePublished":"2023-05-14T13:53:07+00:00","dateModified":"2025-12-11T16:31:04+00:00","description":"Temel kurallar ve faydal\u0131 ipu\u00e7lar\u0131 ile dil becerilerinizi geli\u015ftirmek i\u00e7in \u0130sve\u00e7\u00e7e dilbilgisinin s\u0131rlar\u0131n\u0131 \u00e7\u00f6z\u00fcn.","breadcrumb":{"@id":"https:\/\/talkpal.ai\/tr\/isvecce-dilbilgisi\/#breadcrumb"},"inLanguage":"tr","potentialAction":[{"@type":"ReadAction","target":["https:\/\/talkpal.ai\/tr\/isvecce-dilbilgisi\/"]}]},{"@type":"ImageObject","inLanguage":"tr","@id":"https:\/\/talkpal.ai\/tr\/isvecce-dilbilgisi\/#primaryimage","url":"https:\/\/talkpal.ai\/wp-content\/uploads\/2023\/04\/sweden.png","contentUrl":"https:\/\/talkpal.ai\/wp-content\/uploads\/2023\/04\/sweden.png","width":512,"height":512},{"@type":"BreadcrumbList","@id":"https:\/\/talkpal.ai\/tr\/isvecce-dilbilgisi\/#breadcrumb","itemListElement":[{"@type":"ListItem","position":1,"name":"Homepage","item":"https:\/\/talkpal.ai\/tr\/"},{"@type":"ListItem","position":2,"name":"\u0130sve\u00e7\u00e7e Dilbilgisi"}]},{"@type":"WebSite","@id":"https:\/\/talkpal.ai\/tr\/#website","url":"https:\/\/talkpal.ai\/tr\/","name":"Talkpal","description":"AI Language Learning","publisher":{"@id":"https:\/\/talkpal.ai\/tr\/#organization"},"alternateName":"Talkpal AI","potentialAction":[{"@type":"SearchAction","target":{"@type":"EntryPoint","urlTemplate":"https:\/\/talkpal.ai\/tr\/?s={search_term_string}"},"query-input":{"@type":"PropertyValueSpecification","valueRequired":true,"valueName":"search_term_string"}}],"inLanguage":"tr"},{"@type":"Organization","@id":"https:\/\/talkpal.ai\/tr\/#organization","name":"Talkpal, Inc.","alternateName":"Talkpal AI","url":"https:\/\/talkpal.ai\/tr\/","logo":{"@type":"ImageObject","inLanguage":"tr","@id":"https:\/\/talkpal.ai\/tr\/#\/schema\/logo\/image\/","url":"https:\/\/talkpal.ai\/wp-content\/uploads\/2024\/03\/Talkpal-Logo-Icon.png","contentUrl":"https:\/\/talkpal.ai\/wp-content\/uploads\/2024\/03\/Talkpal-Logo-Icon.png","width":2880,"height":2880,"caption":"Talkpal, Inc."},"image":{"@id":"https:\/\/talkpal.ai\/tr\/#\/schema\/logo\/image\/"},"sameAs":["https:\/\/www.facebook.com\/profile.php?id=100090733639311","https:\/\/x.com\/talkpalai","https:\/\/www.linkedin.com\/company\/talkpal\/","https:\/\/www.youtube.com\/@TalkPal\/","https:\/\/www.tiktok.com\/@talkpal","https:\/\/www.instagram.com\/talkpal_ai\/","https:\/\/www.crunchbase.com\/organization\/talkpal-9cde","https:\/\/www.g2.com\/products\/talkpal-for-business\/","https:\/\/www.trustpilot.com\/review\/talkpal.ai","https:\/\/www.capterra.com\/p\/10006800\/TalkPal\/"],"description":"Talkpal is a language learning web and mobile education app, powered by the latest AI technologies, that provides engaging experiences to its customers in many different languages to help them improve their language skills. Users can chat about unlimited amount of topics with the app and use other modes to practice their language learning.","email":"support@talkpal.ai","legalName":"Talkpal, Inc.","foundingDate":"2023-04-03","duns":"118989042","numberOfEmployees":{"@type":"QuantitativeValue","minValue":"11","maxValue":"50"},"publishingPrinciples":"https:\/\/talkpal.ai\/publishing-principles\/","actionableFeedbackPolicy":"https:\/\/talkpal.ai\/actionable-feedback-policy\/","correctionsPolicy":"https:\/\/talkpal.ai\/corrections-policy\/","ethicsPolicy":"https:\/\/talkpal.ai\/ethics-policy\/","diversityPolicy":"https:\/\/talkpal.ai\/diversity-policy\/","diversityStaffingReport":"https:\/\/talkpal.ai\/diversity-policy\/"}]}},"_links":{"self":[{"href":"https:\/\/talkpal.ai\/tr\/wp-json\/wp\/v2\/pages\/130654","targetHints":{"allow":["GET"]}}],"collection":[{"href":"https:\/\/talkpal.ai\/tr\/wp-json\/wp\/v2\/pages"}],"about":[{"href":"https:\/\/talkpal.ai\/tr\/wp-json\/wp\/v2\/types\/page"}],"author":[{"embeddable":true,"href":"https:\/\/talkpal.ai\/tr\/wp-json\/wp\/v2\/users\/1"}],"replies":[{"embeddable":true,"href":"https:\/\/talkpal.ai\/tr\/wp-json\/wp\/v2\/comments?post=130654"}],"version-history":[{"count":0,"href":"https:\/\/talkpal.ai\/tr\/wp-json\/wp\/v2\/pages\/130654\/revisions"}],"wp:featuredmedia":[{"embeddable":true,"href":"https:\/\/talkpal.ai\/tr\/wp-json\/wp\/v2\/media\/108247"}],"wp:attachment":[{"href":"https:\/\/talkpal.ai\/tr\/wp-json\/wp\/v2\/media?parent=130654"}],"curies":[{"name":"wp","href":"https:\/\/api.w.org\/{rel}","templated":true}]}}