{"id":130606,"date":"2023-05-14T13:52:27","date_gmt":"2023-05-14T13:52:27","guid":{"rendered":"http:\/\/talkpal.ai\/korece-dilbilgisi\/"},"modified":"2025-12-11T16:27:40","modified_gmt":"2025-12-11T16:27:40","slug":"korece-dilbilgisi","status":"publish","type":"page","link":"https:\/\/talkpal.ai\/tr\/korece-dilbilgisi\/","title":{"rendered":"Korece Dilbilgisi"},"content":{"rendered":"\r\n\r\n\r\n<section class=\"languageChallengeSection\">\r\n    <div class=\"languageInfoWrapper\">\r\n        \r\n        <h1>Korece Dilbilgisi<\/h1>\r\n        <p>Takip etmesi kolay k\u0131lavuzlar ve pratik \u00f6rneklerle <a href=\"https:\/\/talkpal.ai\/learn-korean\/\">Korece<\/a> dilbilgisinde ustala\u015fmaya ba\u015flay\u0131n. Kendinizi do\u011fru bir \u015fekilde ifade etmek i\u00e7in nas\u0131l c\u00fcmle kuraca\u011f\u0131n\u0131z\u0131, par\u00e7ac\u0131klar\u0131 nas\u0131l kullanaca\u011f\u0131n\u0131z\u0131 ve fiilleri nas\u0131l \u00e7ekece\u011finizi \u00f6\u011frenin. Kendinize g\u00fcveninizi art\u0131rmak i\u00e7in tasarlanm\u0131\u015f interaktif al\u0131\u015ft\u0131rmalarla becerilerinizi geli\u015ftirin. Korece dil yolculu\u011funuzda bir sonraki ad\u0131m\u0131 at\u0131n ve ak\u0131c\u0131l\u0131\u011f\u0131n\u0131z\u0131 bug\u00fcn geli\u015ftirin!<\/p>\r\n\r\n                            <a class=\"getStartedHidden\" href=\"https:\/\/app.talkpal.ai\/tr\/signup?lng=\">Hadi ba\u015fla<\/a>\r\n        \r\n    <\/div>\r\n\r\n    <figure>\r\n    <img decoding=\"async\" width=\"768\" height=\"768\" src=\"https:\/\/talkpal.ai\/wp-content\/uploads\/2023\/06\/korean-768x768.png\" class=\"languageImage no-lazy\" alt=\"Line-by-line learning for language acquisition\" fetchpriority=\"high\" sizes=\"(max-width: 768px) 150px, 768px\" srcset=\"https:\/\/talkpal.ai\/wp-content\/uploads\/2023\/06\/korean-768x768.png 768w, https:\/\/talkpal.ai\/wp-content\/uploads\/2023\/06\/korean-300x300.png 300w\" \/>\r\n    \r\n\r\n    <\/figure>\r\n\r\n            <a class=\"getStartedVisible\" href=\"https:\/\/app.talkpal.ai\/tr\/signup?lng=\">Hadi ba\u015fla<\/a>\r\n    \r\n<\/section>\r\n<section class=\"promotionalBanner\">\r\n    <p class=\"promotionalText\">Dil \u00f6\u011frenmenin en etkili yolu<\/p>\r\n    <a class=\"promotionalLink\" href=\"https:\/\/app.talkpal.ai\/tr\/signup?lng=\">Talkpal \u00fccretsiz deneyin<\/a>\r\n<\/section>\n<div class=\"wp-block-group pageContainerStyle\"><div class=\"wp-block-group__inner-container is-layout-constrained wp-block-group-is-layout-constrained\">\n<h2 class=\"wp-block-heading\" id=\"h-demystifying-korean-grammar-a-beginner-s-guide\">Korece Dilbilgisinin Gizemini \u00c7\u00f6zmek: Yeni Ba\u015flayanlar \u0130\u00e7in Rehber<\/h2>\n\n\n\n<p>\u0130ster Kore mutfa\u011f\u0131n\u0131 ke\u015ffetmek, ister en yeni K-dramalar\u0131n\u0131 izlemek ya da G\u00fcney Kore&#8217;nin bir\u00e7ok yenilik\u00e7i \u015firketinden birinde \u00e7al\u0131\u015fmak olsun, Korece \u00f6\u011frenmek bir f\u0131rsatlar d\u00fcnyas\u0131n\u0131n kap\u0131lar\u0131n\u0131 a\u00e7abilir. Ana dili \u0130ngilizce olmayan biri olarak bu b\u00fcy\u00fcleyici dile dalan en zorlu y\u00f6nlerden biri dilbilgisine hakim <a href=\"https:\/\/talkpal.ai\/locations\/language-courses-in-rahat\/\">olmak<\/a> olabilir. Korece dilbilgisi ilk bak\u0131\u015fta karma\u015f\u0131k g\u00f6r\u00fcnebilir, ancak d\u00fc\u015f\u00fcnd\u00fc\u011f\u00fcn\u00fczden daha eri\u015filebilir olabilecek bir mant\u0131\u011fa ve tutarl\u0131l\u0131\u011fa sahiptir. Bu makalede, Korece dilbilgisinin temel \u00f6zelliklerini inceleyecek ve ak\u0131c\u0131l\u0131k yolculu\u011funuzu sorunsuz ve keyifli bir hale getirmek i\u00e7in de\u011ferli bilgiler sunaca\u011f\u0131z.<\/p>\n\n\n\n<h3 class=\"wp-block-heading\" id=\"h-1-word-nbsp-order-nbsp-get-in-the-flow\"><b>1. Kelime<\/b> s\u0131ras\u0131<b> \u2013 Ak\u0131\u015fa girin!<\/b><\/h3>\n\n\n\n<p>Korece dilbilgisi hakk\u0131nda bilmeniz gereken ilk \u015fey, temel kelime s\u0131ras\u0131d\u0131r: \u00d6zne-Nesne-Fiil (SOV). Bu, \u0130ngilizce&#8217;deki \u00d6zne-Fiil-Nesne (SVO) d\u00fczeninin aksine, fiillerin c\u00fcmlenin sonunda geldi\u011fi anlam\u0131na gelir. Buna al\u0131\u015fmak biraz zaman alabilir, ancak ak\u0131c\u0131l\u0131\u011f\u0131n anahtar\u0131 bu yeni yap\u0131ya al\u0131\u015fmakt\u0131r.<\/p>\n\n\n\n<p>\u0130pucu: \u0130ngilizce ifadeleri \u00e7evirerek ve kelimelerin s\u0131ras\u0131n\u0131 yeniden d\u00fczenleyerek basit Korece c\u00fcmleler kurma al\u0131\u015ft\u0131rmas\u0131 yap\u0131n. Daha rahat olmak i\u00e7in SOV yap\u0131s\u0131n\u0131n arkas\u0131ndaki mant\u0131\u011f\u0131 anlamaya odaklan\u0131n.<\/p>\n\n\n\n<h3 class=\"wp-block-heading\" id=\"h-2-particles-attach-and-connect\">2. Par\u00e7ac\u0131klar \u2013 Tak\u0131n ve ba\u011flay\u0131n!<\/h3>\n\n\n\n<p>Korece c\u00fcmleler, bir kelimenin c\u00fcmledeki i\u015flevini belirlemeye yard\u0131mc\u0131 olmak i\u00e7in par\u00e7ac\u0131k ad\u0131 verilen k\u00fc\u00e7\u00fck gramer bilgisi par\u00e7alar\u0131n\u0131 kullan\u0131r. \u00d6rne\u011fin, \uc774\/\uac00 ve \uc740\/\ub294 \u00f6zneyi i\u015faret ederken, \uc744\/\ub97c nesneyi g\u00f6sterir. Par\u00e7ac\u0131klar Korece dilbilgisinin \u00f6nemli bir bile\u015fenidir, ancak kullan\u0131mlar\u0131 ba\u015flang\u0131\u00e7ta bunalt\u0131c\u0131 gelebilir.<\/p>\n\n\n\n<p>\u0130pucu: Her seferinde bir par\u00e7ac\u0131\u011f\u0131 ele al\u0131n, kullan\u0131m\u0131 ve anlam\u0131 konusunda rahat olun. Bir referans materyali koleksiyonu olu\u015fturmak i\u00e7in her par\u00e7ac\u0131\u011f\u0131 kullanarak \u00f6rnek c\u00fcmlelerin bir listesini geli\u015ftirin.<\/p>\n\n\n\n<h3 class=\"wp-block-heading\" id=\"h-3-verb-conjugation-keep-it-simple\">3. Fiil \u00e7ekimi \u2013 Basit tutun!<\/h3>\n\n\n\n<p>Korece fiiller olduk\u00e7a tutarl\u0131d\u0131r, bu da onlar\u0131 di\u011fer dillerdeki fiillerden daha kolay \u00f6\u011frenmelerini sa\u011flayabilir. T\u00fcm Korece fiiller temel halleriyle \ub2e4 (da) ile biter ve farkl\u0131 zamanlar veya nezaket seviyeleri olu\u015fturmak i\u00e7in \u00e7e\u015fitli sonlar eklemeniz yeterlidir. En yayg\u0131n olanlar\u0131 gayri resmi nezaket i\u00e7in -\uc694 (yo) ve daha resmi durumlar i\u00e7in -\uc2b5\ub2c8\ub2e4 (seumnida).<\/p>\n\n\n\n<p>\u0130pucu: \ud558\ub2e4 (yapmak), \uba39\ub2e4 (yemek), \uc790\ub2e4 (uyumak) ve \uac00\ub2e4 (gitmek) gibi birka\u00e7 temel fiili farkl\u0131 nezaket seviyelerinde \u00e7ekmeyi \u00f6\u011frenin. Ard\u0131ndan, \u00e7e\u015fitli \u00e7ekimler kullanmaya daha a\u015fina ve rahat olmak i\u00e7in bunlar\u0131 c\u00fcmlelere dahil etmeye ba\u015flay\u0131n.<\/p>\n\n\n\n<h3 class=\"wp-block-heading\" id=\"h-4-adjectives-treat-them-like-verbs\">4. S\u0131fatlar \u2013 Onlara fiil gibi davran\u0131n!<\/h3>\n\n\n\n<p>Korece dilbilgisinde s\u0131fatlar fiillere benzer \u015fekilde i\u015flev g\u00f6r\u00fcr ve ayn\u0131 sistem kullan\u0131larak \u00e7ekimlenir. Bir\u00e7ok s\u0131fat ~\ud558\ub2e4 (-hada) ile biter ve fiilleri \u00e7ekti\u011finiz \u015fekilde \u00e7ekilebilir.<\/p>\n\n\n\n<p>\u0130pucu: \uc88b\ub2e4 (iyi olmak), \uc608\uc058\ub2e4 (g\u00fczel olmak), \ub192\ub2e4 (y\u00fcksek olmak), \ub0ae\ub2e4 (al\u00e7ak olmak) ve \ud06c\ub2e4 (b\u00fcy\u00fck olmak) gibi yayg\u0131n s\u0131fatlar\u0131n \u00e7ekimlerini yap\u0131n. Bunlar\u0131 c\u00fcmlelere dahil etmek, anlay\u0131\u015f\u0131n\u0131z\u0131 sa\u011flamla\u015ft\u0131rman\u0131za yard\u0131mc\u0131 olacakt\u0131r.<\/p>\n\n\n\n<h3 class=\"wp-block-heading\" id=\"h-5-honorifics-show-your-respect\">5. Sayg\u0131 Duru\u015flar\u0131 \u2013 Sayg\u0131n\u0131z\u0131 g\u00f6sterin!<\/h3>\n\n\n\n<p>Kore k\u00fclt\u00fcr\u00fc, ya\u015fl\u0131lara ve otorite konumundakilere sayg\u0131 g\u00f6stermeyi vurgular. Bu, nezaket g\u00f6stermek i\u00e7in kullan\u0131lan \u00f6zel kelime bi\u00e7imleri ve gramer yap\u0131lar\u0131 olan sayg\u0131 ifadeleri arac\u0131l\u0131\u011f\u0131yla diline yans\u0131r. Baz\u0131 \u00f6nemli \u00f6rnekler aras\u0131nda birinden sayg\u0131yla bahsederken -\uc774\/\uac00 yerine -\uaed8\uc11c (-kkeseo) par\u00e7ac\u0131\u011f\u0131n\u0131n kullan\u0131lmas\u0131 veya fiillere nezaket belirteci olarak -\uc2dc (-si) eklenmesi say\u0131labilir.<\/p>\n\n\n\n<p>\u0130pucu: Onursal s\u0131fatlar\u0131 kullanman\u0131n temellerini \u00f6\u011frenin, ancak hemen bir uzman olma konusunda \u00e7ok fazla endi\u015felenmeyin. \u0130ngilizce konu\u015fan biri olarak, Koreliler hata yaparsan\u0131z muhtemelen anlayacaklard\u0131r, ancak sayg\u0131l\u0131 olmak i\u00e7in \u00e7aba g\u00f6stermeniz takdir edilecektir.<\/p>\n\n\n\n<h3 class=\"wp-block-heading\" id=\"h-conclusion\">Son:<\/h3>\n\n\n\n<p>Korece dilbilgisi <a href=\"https:\/\/talkpal.ai\/grammar\/\">ilk ba\u015fta<\/a> zorlay\u0131c\u0131 g\u00f6r\u00fcnebilir, ancak deneyim kazand\u0131k\u00e7a ve anlad\u0131k\u00e7a mant\u0131kl\u0131 ve tutarl\u0131 bir \u00e7er\u00e7eve oldu\u011funu g\u00f6receksiniz. Kelime s\u0131ras\u0131, par\u00e7ac\u0131klar ve fiil \u00e7ekimi gibi temel kavramlara odaklanarak, yak\u0131nda bir profesyonel gibi c\u00fcmleler kuracaks\u0131n\u0131z. Bu etkileyici <a href=\"https:\/\/talkpal.ai\/talkpal-discount-for-influencers-or-content-creators\/\">dile olan<\/a> sevginizi kucaklay\u0131n ve Korece dilbilgisine olan hakimiyetinizin sizi bir olas\u0131l\u0131klar d\u00fcnyas\u0131na g\u00f6t\u00fcrmesini izleyin. \ud654\uc774\ud305 (hwaiting) &#8211; izin ver<\/p>\n<\/div><\/div>\n\r\n<section class=\"learnNavigationSection\">\r\n            \r\n        <a href=\"https:\/\/talkpal.ai\/tr\/korece-ogren\/\">\r\n            <div class=\"learnNavigationWrapper\">\r\n                <div class=\"learnNavigationContent\">\r\n                    <img decoding=\"async\" src=\"https:\/\/talkpal.ai\/wp-content\/uploads\/2024\/08\/Korean.jpg\" alt=\"Korean Flag\">\r\n                    <div>\r\n                        <h4>Korece \u00d6\u011frenimi Hakk\u0131nda<\/h4>\r\n                        <p>Korece dilbilgisi hakk\u0131nda her \u015feyi \u00f6\u011frenin.<\/p>\r\n                    <\/div>\r\n                <\/div>\r\n            <\/div>\r\n        <\/a>\r\n\r\n        \r\n        <a href=\"https:\/\/talkpal.ai\/tr\/korece-dilbilgisi-alistirmalari\/\">\r\n            <div class=\"learnNavigationWrapper\">\r\n                <div class=\"learnNavigationContent\">\r\n                    <img decoding=\"async\" src=\"https:\/\/talkpal.ai\/wp-content\/uploads\/2024\/08\/Korean.jpg\" alt=\"Korean Flag\">\r\n                    <div>\r\n                        <h4>Korece Dilbilgisi Al\u0131\u015ft\u0131rmas\u0131<\/h4>\r\n                        <p>Korece dilbilgisi al\u0131\u015ft\u0131rmas\u0131 yap\u0131n.<\/p>\r\n                    <\/div>\r\n                <\/div>\r\n            <\/div>\r\n        <\/a>\r\n\r\n        \r\n        <a href=\"https:\/\/talkpal.ai\/vocabulary_language\/korean\/\">\r\n            <div class=\"learnNavigationWrapper\">\r\n                <div class=\"learnNavigationContent\">\r\n                    <img decoding=\"async\" src=\"https:\/\/talkpal.ai\/wp-content\/uploads\/2024\/08\/Korean.jpg\" alt=\"Korean Flag\">\r\n                    <div>\r\n                        <h4>Korece Kelime Bilgisi<\/h4>\r\n                        <p>Korece kelime da\u011farc\u0131\u011f\u0131n\u0131z\u0131 geni\u015fletin.<\/p>\r\n                    <\/div>\r\n                <\/div>\r\n            <\/div>\r\n        <\/a>\r\n\r\n            <\/section>","protected":false},"excerpt":{"rendered":"<p>Korece Dilbilgisinin Gizemini \u00c7\u00f6zmek: Yeni Ba\u015flayanlar \u0130\u00e7in Rehber \u0130ster Kore mutfa\u011f\u0131n\u0131 ke\u015ffetmek, ister en yeni K-dramalar\u0131n\u0131 izlemek ya da G\u00fcney Kore&#8217;nin bir\u00e7ok yenilik\u00e7i \u015firketinden birinde \u00e7al\u0131\u015fmak olsun, Korece \u00f6\u011frenmek bir f\u0131rsatlar d\u00fcnyas\u0131n\u0131n kap\u0131lar\u0131n\u0131 a\u00e7abilir. Ana dili \u0130ngilizce olmayan biri olarak bu b\u00fcy\u00fcleyici dile dalan en zorlu y\u00f6nlerden biri dilbilgisine hakim olmak olabilir. Korece dilbilgisi ilk [&hellip;]<\/p>\n","protected":false},"author":1,"featured_media":107508,"parent":0,"menu_order":0,"comment_status":"closed","ping_status":"closed","template":"LearningContentPage.php","meta":{"_acf_changed":false,"footnotes":""},"class_list":["post-130606","page","type-page","status-publish","has-post-thumbnail","hentry"],"acf":[],"yoast_head":"<!-- This site is optimized with the Yoast SEO Premium plugin v27.2 (Yoast SEO v27.2) - https:\/\/yoast.com\/product\/yoast-seo-premium-wordpress\/ -->\n<title>Korece Dilbilgisi - Talkpal<\/title>\n<meta name=\"description\" content=\"Korece dilbilgisine g\u00fcvenle hakim olun - c\u00fcmle yap\u0131s\u0131n\u0131 g\u00fc\u00e7lendirin, kurallar\u0131 netle\u015ftirin ve ak\u0131c\u0131l\u0131\u011f\u0131 kolayca geli\u015ftirin\" \/>\n<meta name=\"robots\" content=\"index, follow, max-snippet:-1, max-image-preview:large, max-video-preview:-1\" \/>\n<link rel=\"canonical\" href=\"https:\/\/talkpal.ai\/tr\/korece-dilbilgisi\/\" \/>\n<meta property=\"og:locale\" content=\"tr_TR\" \/>\n<meta property=\"og:type\" content=\"article\" \/>\n<meta property=\"og:title\" content=\"Korece Dilbilgisi\" \/>\n<meta property=\"og:description\" content=\"Korece Dilbilgisinin Gizemini \u00c7\u00f6zmek: Yeni Ba\u015flayanlar \u0130\u00e7in Rehber \u0130ster Kore mutfa\u011f\u0131n\u0131 ke\u015ffetmek, ister en yeni K-dramalar\u0131n\u0131 izlemek ya da G\u00fcney\" \/>\n<meta property=\"og:url\" content=\"https:\/\/talkpal.ai\/tr\/korece-dilbilgisi\/\" \/>\n<meta property=\"og:site_name\" content=\"Talkpal\" \/>\n<meta property=\"article:publisher\" content=\"https:\/\/www.facebook.com\/profile.php?id=100090733639311\" \/>\n<meta property=\"article:modified_time\" content=\"2025-12-11T16:27:40+00:00\" \/>\n<meta property=\"og:image\" content=\"https:\/\/talkpal.ai\/wp-content\/uploads\/2023\/04\/south-korea.png\" \/>\n\t<meta property=\"og:image:width\" content=\"512\" \/>\n\t<meta property=\"og:image:height\" content=\"512\" \/>\n\t<meta property=\"og:image:type\" content=\"image\/png\" \/>\n<meta name=\"twitter:card\" content=\"summary_large_image\" \/>\n<meta name=\"twitter:site\" content=\"@talkpalai\" \/>\n<meta name=\"twitter:label1\" content=\"Tahmini okuma s\u00fcresi\" \/>\n\t<meta name=\"twitter:data1\" content=\"4 dakika\" \/>\n<script type=\"application\/ld+json\" class=\"yoast-schema-graph\">{\"@context\":\"https:\/\/schema.org\",\"@graph\":[{\"@type\":\"WebPage\",\"@id\":\"https:\/\/talkpal.ai\/tr\/korece-dilbilgisi\/\",\"url\":\"https:\/\/talkpal.ai\/tr\/korece-dilbilgisi\/\",\"name\":\"Korece Dilbilgisi - Talkpal\",\"isPartOf\":{\"@id\":\"https:\/\/talkpal.ai\/tr\/#website\"},\"primaryImageOfPage\":{\"@id\":\"https:\/\/talkpal.ai\/tr\/korece-dilbilgisi\/#primaryimage\"},\"image\":{\"@id\":\"https:\/\/talkpal.ai\/tr\/korece-dilbilgisi\/#primaryimage\"},\"thumbnailUrl\":\"https:\/\/talkpal.ai\/wp-content\/uploads\/2023\/04\/south-korea.png\",\"datePublished\":\"2023-05-14T13:52:27+00:00\",\"dateModified\":\"2025-12-11T16:27:40+00:00\",\"description\":\"Korece dilbilgisine g\u00fcvenle hakim olun - c\u00fcmle yap\u0131s\u0131n\u0131 g\u00fc\u00e7lendirin, kurallar\u0131 netle\u015ftirin ve ak\u0131c\u0131l\u0131\u011f\u0131 kolayca geli\u015ftirin\",\"breadcrumb\":{\"@id\":\"https:\/\/talkpal.ai\/tr\/korece-dilbilgisi\/#breadcrumb\"},\"inLanguage\":\"tr\",\"potentialAction\":[{\"@type\":\"ReadAction\",\"target\":[\"https:\/\/talkpal.ai\/tr\/korece-dilbilgisi\/\"]}]},{\"@type\":\"ImageObject\",\"inLanguage\":\"tr\",\"@id\":\"https:\/\/talkpal.ai\/tr\/korece-dilbilgisi\/#primaryimage\",\"url\":\"https:\/\/talkpal.ai\/wp-content\/uploads\/2023\/04\/south-korea.png\",\"contentUrl\":\"https:\/\/talkpal.ai\/wp-content\/uploads\/2023\/04\/south-korea.png\",\"width\":512,\"height\":512},{\"@type\":\"BreadcrumbList\",\"@id\":\"https:\/\/talkpal.ai\/tr\/korece-dilbilgisi\/#breadcrumb\",\"itemListElement\":[{\"@type\":\"ListItem\",\"position\":1,\"name\":\"Homepage\",\"item\":\"https:\/\/talkpal.ai\/tr\/\"},{\"@type\":\"ListItem\",\"position\":2,\"name\":\"Korece Dilbilgisi\"}]},{\"@type\":\"WebSite\",\"@id\":\"https:\/\/talkpal.ai\/tr\/#website\",\"url\":\"https:\/\/talkpal.ai\/tr\/\",\"name\":\"Talkpal\",\"description\":\"AI Language Learning\",\"publisher\":{\"@id\":\"https:\/\/talkpal.ai\/tr\/#organization\"},\"alternateName\":\"Talkpal AI\",\"potentialAction\":[{\"@type\":\"SearchAction\",\"target\":{\"@type\":\"EntryPoint\",\"urlTemplate\":\"https:\/\/talkpal.ai\/tr\/?s={search_term_string}\"},\"query-input\":{\"@type\":\"PropertyValueSpecification\",\"valueRequired\":true,\"valueName\":\"search_term_string\"}}],\"inLanguage\":\"tr\"},{\"@type\":\"Organization\",\"@id\":\"https:\/\/talkpal.ai\/tr\/#organization\",\"name\":\"Talkpal, Inc.\",\"alternateName\":\"Talkpal AI\",\"url\":\"https:\/\/talkpal.ai\/tr\/\",\"logo\":{\"@type\":\"ImageObject\",\"inLanguage\":\"tr\",\"@id\":\"https:\/\/talkpal.ai\/tr\/#\/schema\/logo\/image\/\",\"url\":\"https:\/\/talkpal.ai\/wp-content\/uploads\/2024\/03\/Talkpal-Logo-Icon.png\",\"contentUrl\":\"https:\/\/talkpal.ai\/wp-content\/uploads\/2024\/03\/Talkpal-Logo-Icon.png\",\"width\":2880,\"height\":2880,\"caption\":\"Talkpal, Inc.\"},\"image\":{\"@id\":\"https:\/\/talkpal.ai\/tr\/#\/schema\/logo\/image\/\"},\"sameAs\":[\"https:\/\/www.facebook.com\/profile.php?id=100090733639311\",\"https:\/\/x.com\/talkpalai\",\"https:\/\/www.linkedin.com\/company\/talkpal\/\",\"https:\/\/www.youtube.com\/@TalkPal\/\",\"https:\/\/www.tiktok.com\/@talkpal\",\"https:\/\/www.instagram.com\/talkpal_ai\/\",\"https:\/\/www.crunchbase.com\/organization\/talkpal-9cde\",\"https:\/\/www.g2.com\/products\/talkpal-for-business\/\",\"https:\/\/www.trustpilot.com\/review\/talkpal.ai\",\"https:\/\/www.capterra.com\/p\/10006800\/TalkPal\/\"],\"description\":\"Talkpal is a language learning web and mobile education app, powered by the latest AI technologies, that provides engaging experiences to its customers in many different languages to help them improve their language skills. Users can chat about unlimited amount of topics with the app and use other modes to practice their language learning.\",\"email\":\"support@talkpal.ai\",\"legalName\":\"Talkpal, Inc.\",\"foundingDate\":\"2023-04-03\",\"duns\":\"118989042\",\"numberOfEmployees\":{\"@type\":\"QuantitativeValue\",\"minValue\":\"11\",\"maxValue\":\"50\"},\"publishingPrinciples\":\"https:\/\/talkpal.ai\/publishing-principles\/\",\"actionableFeedbackPolicy\":\"https:\/\/talkpal.ai\/actionable-feedback-policy\/\",\"correctionsPolicy\":\"https:\/\/talkpal.ai\/corrections-policy\/\",\"ethicsPolicy\":\"https:\/\/talkpal.ai\/ethics-policy\/\",\"diversityPolicy\":\"https:\/\/talkpal.ai\/diversity-policy\/\",\"diversityStaffingReport\":\"https:\/\/talkpal.ai\/diversity-policy\/\"}]}<\/script>\n<!-- \/ Yoast SEO Premium plugin. -->","yoast_head_json":{"title":"Korece Dilbilgisi - Talkpal","description":"Korece dilbilgisine g\u00fcvenle hakim olun - c\u00fcmle yap\u0131s\u0131n\u0131 g\u00fc\u00e7lendirin, kurallar\u0131 netle\u015ftirin ve ak\u0131c\u0131l\u0131\u011f\u0131 kolayca geli\u015ftirin","robots":{"index":"index","follow":"follow","max-snippet":"max-snippet:-1","max-image-preview":"max-image-preview:large","max-video-preview":"max-video-preview:-1"},"canonical":"https:\/\/talkpal.ai\/tr\/korece-dilbilgisi\/","og_locale":"tr_TR","og_type":"article","og_title":"Korece Dilbilgisi","og_description":"Korece Dilbilgisinin Gizemini \u00c7\u00f6zmek: Yeni Ba\u015flayanlar \u0130\u00e7in Rehber \u0130ster Kore mutfa\u011f\u0131n\u0131 ke\u015ffetmek, ister en yeni K-dramalar\u0131n\u0131 izlemek ya da G\u00fcney","og_url":"https:\/\/talkpal.ai\/tr\/korece-dilbilgisi\/","og_site_name":"Talkpal","article_publisher":"https:\/\/www.facebook.com\/profile.php?id=100090733639311","article_modified_time":"2025-12-11T16:27:40+00:00","og_image":[{"width":512,"height":512,"url":"https:\/\/talkpal.ai\/wp-content\/uploads\/2023\/04\/south-korea.png","type":"image\/png"}],"twitter_card":"summary_large_image","twitter_site":"@talkpalai","twitter_misc":{"Tahmini okuma s\u00fcresi":"4 dakika"},"schema":{"@context":"https:\/\/schema.org","@graph":[{"@type":"WebPage","@id":"https:\/\/talkpal.ai\/tr\/korece-dilbilgisi\/","url":"https:\/\/talkpal.ai\/tr\/korece-dilbilgisi\/","name":"Korece Dilbilgisi - Talkpal","isPartOf":{"@id":"https:\/\/talkpal.ai\/tr\/#website"},"primaryImageOfPage":{"@id":"https:\/\/talkpal.ai\/tr\/korece-dilbilgisi\/#primaryimage"},"image":{"@id":"https:\/\/talkpal.ai\/tr\/korece-dilbilgisi\/#primaryimage"},"thumbnailUrl":"https:\/\/talkpal.ai\/wp-content\/uploads\/2023\/04\/south-korea.png","datePublished":"2023-05-14T13:52:27+00:00","dateModified":"2025-12-11T16:27:40+00:00","description":"Korece dilbilgisine g\u00fcvenle hakim olun - c\u00fcmle yap\u0131s\u0131n\u0131 g\u00fc\u00e7lendirin, kurallar\u0131 netle\u015ftirin ve ak\u0131c\u0131l\u0131\u011f\u0131 kolayca geli\u015ftirin","breadcrumb":{"@id":"https:\/\/talkpal.ai\/tr\/korece-dilbilgisi\/#breadcrumb"},"inLanguage":"tr","potentialAction":[{"@type":"ReadAction","target":["https:\/\/talkpal.ai\/tr\/korece-dilbilgisi\/"]}]},{"@type":"ImageObject","inLanguage":"tr","@id":"https:\/\/talkpal.ai\/tr\/korece-dilbilgisi\/#primaryimage","url":"https:\/\/talkpal.ai\/wp-content\/uploads\/2023\/04\/south-korea.png","contentUrl":"https:\/\/talkpal.ai\/wp-content\/uploads\/2023\/04\/south-korea.png","width":512,"height":512},{"@type":"BreadcrumbList","@id":"https:\/\/talkpal.ai\/tr\/korece-dilbilgisi\/#breadcrumb","itemListElement":[{"@type":"ListItem","position":1,"name":"Homepage","item":"https:\/\/talkpal.ai\/tr\/"},{"@type":"ListItem","position":2,"name":"Korece Dilbilgisi"}]},{"@type":"WebSite","@id":"https:\/\/talkpal.ai\/tr\/#website","url":"https:\/\/talkpal.ai\/tr\/","name":"Talkpal","description":"AI Language Learning","publisher":{"@id":"https:\/\/talkpal.ai\/tr\/#organization"},"alternateName":"Talkpal AI","potentialAction":[{"@type":"SearchAction","target":{"@type":"EntryPoint","urlTemplate":"https:\/\/talkpal.ai\/tr\/?s={search_term_string}"},"query-input":{"@type":"PropertyValueSpecification","valueRequired":true,"valueName":"search_term_string"}}],"inLanguage":"tr"},{"@type":"Organization","@id":"https:\/\/talkpal.ai\/tr\/#organization","name":"Talkpal, Inc.","alternateName":"Talkpal AI","url":"https:\/\/talkpal.ai\/tr\/","logo":{"@type":"ImageObject","inLanguage":"tr","@id":"https:\/\/talkpal.ai\/tr\/#\/schema\/logo\/image\/","url":"https:\/\/talkpal.ai\/wp-content\/uploads\/2024\/03\/Talkpal-Logo-Icon.png","contentUrl":"https:\/\/talkpal.ai\/wp-content\/uploads\/2024\/03\/Talkpal-Logo-Icon.png","width":2880,"height":2880,"caption":"Talkpal, Inc."},"image":{"@id":"https:\/\/talkpal.ai\/tr\/#\/schema\/logo\/image\/"},"sameAs":["https:\/\/www.facebook.com\/profile.php?id=100090733639311","https:\/\/x.com\/talkpalai","https:\/\/www.linkedin.com\/company\/talkpal\/","https:\/\/www.youtube.com\/@TalkPal\/","https:\/\/www.tiktok.com\/@talkpal","https:\/\/www.instagram.com\/talkpal_ai\/","https:\/\/www.crunchbase.com\/organization\/talkpal-9cde","https:\/\/www.g2.com\/products\/talkpal-for-business\/","https:\/\/www.trustpilot.com\/review\/talkpal.ai","https:\/\/www.capterra.com\/p\/10006800\/TalkPal\/"],"description":"Talkpal is a language learning web and mobile education app, powered by the latest AI technologies, that provides engaging experiences to its customers in many different languages to help them improve their language skills. Users can chat about unlimited amount of topics with the app and use other modes to practice their language learning.","email":"support@talkpal.ai","legalName":"Talkpal, Inc.","foundingDate":"2023-04-03","duns":"118989042","numberOfEmployees":{"@type":"QuantitativeValue","minValue":"11","maxValue":"50"},"publishingPrinciples":"https:\/\/talkpal.ai\/publishing-principles\/","actionableFeedbackPolicy":"https:\/\/talkpal.ai\/actionable-feedback-policy\/","correctionsPolicy":"https:\/\/talkpal.ai\/corrections-policy\/","ethicsPolicy":"https:\/\/talkpal.ai\/ethics-policy\/","diversityPolicy":"https:\/\/talkpal.ai\/diversity-policy\/","diversityStaffingReport":"https:\/\/talkpal.ai\/diversity-policy\/"}]}},"_links":{"self":[{"href":"https:\/\/talkpal.ai\/tr\/wp-json\/wp\/v2\/pages\/130606","targetHints":{"allow":["GET"]}}],"collection":[{"href":"https:\/\/talkpal.ai\/tr\/wp-json\/wp\/v2\/pages"}],"about":[{"href":"https:\/\/talkpal.ai\/tr\/wp-json\/wp\/v2\/types\/page"}],"author":[{"embeddable":true,"href":"https:\/\/talkpal.ai\/tr\/wp-json\/wp\/v2\/users\/1"}],"replies":[{"embeddable":true,"href":"https:\/\/talkpal.ai\/tr\/wp-json\/wp\/v2\/comments?post=130606"}],"version-history":[{"count":0,"href":"https:\/\/talkpal.ai\/tr\/wp-json\/wp\/v2\/pages\/130606\/revisions"}],"wp:featuredmedia":[{"embeddable":true,"href":"https:\/\/talkpal.ai\/tr\/wp-json\/wp\/v2\/media\/107508"}],"wp:attachment":[{"href":"https:\/\/talkpal.ai\/tr\/wp-json\/wp\/v2\/media?parent=130606"}],"curies":[{"name":"wp","href":"https:\/\/api.w.org\/{rel}","templated":true}]}}