{"id":130203,"date":"2023-05-14T13:51:46","date_gmt":"2023-05-14T13:51:46","guid":{"rendered":"http:\/\/talkpal.ai\/portekizce-dilbilgisi\/"},"modified":"2025-12-11T16:45:31","modified_gmt":"2025-12-11T16:45:31","slug":"portekizce-dilbilgisi","status":"publish","type":"page","link":"https:\/\/talkpal.ai\/tr\/portekizce-dilbilgisi\/","title":{"rendered":"Portekizce Dilbilgisi"},"content":{"rendered":"\r\n\r\n\r\n<section class=\"languageChallengeSection\">\r\n    <div class=\"languageInfoWrapper\">\r\n        \r\n        <h1>Portekizce Dilbilgisi<\/h1>\r\n        <p>Portekizce dilbilgisinin temellerini ke\u015ffedin ve d\u00fcnya \u00e7ap\u0131nda milyonlarca konu\u015fmac\u0131yla ba\u011flant\u0131 kurmak i\u00e7in bir f\u0131rsatlar d\u00fcnyas\u0131n\u0131n kilidini a\u00e7\u0131n. Temel kurallar\u0131na ve yap\u0131lar\u0131na hakim olarak, g\u00fcvenle ileti\u015fim kurmaya ve Portekiz k\u00fclt\u00fcr\u00fcn\u00fcn tad\u0131n\u0131 \u00e7\u0131karmaya haz\u0131r olacaks\u0131n\u0131z. Portekizce dilbilgisi \u00f6\u011frenmeye bug\u00fcn ba\u015flay\u0131n ve ak\u0131c\u0131l\u0131\u011fa do\u011fru ilk ad\u0131m\u0131n\u0131z\u0131 at\u0131n!<\/p>\r\n\r\n                            <a class=\"getStartedHidden\" href=\"https:\/\/app.talkpal.ai\/tr\/signup?lng=\">Hadi ba\u015fla<\/a>\r\n        \r\n    <\/div>\r\n\r\n    <figure>\r\n    <img decoding=\"async\" width=\"768\" height=\"768\" src=\"https:\/\/talkpal.ai\/wp-content\/uploads\/2023\/06\/portuguese-768x768.png\" class=\"languageImage no-lazy\" alt=\"Language learning for broader world view\" fetchpriority=\"high\" sizes=\"(max-width: 768px) 150px, 768px\" srcset=\"https:\/\/talkpal.ai\/wp-content\/uploads\/2023\/06\/portuguese-768x768.png 768w, https:\/\/talkpal.ai\/wp-content\/uploads\/2023\/06\/portuguese-300x300.png 300w\" \/>\r\n    \r\n\r\n    <\/figure>\r\n\r\n            <a class=\"getStartedVisible\" href=\"https:\/\/app.talkpal.ai\/tr\/signup?lng=\">Hadi ba\u015fla<\/a>\r\n    \r\n<\/section>\r\n<section class=\"promotionalBanner\">\r\n    <p class=\"promotionalText\">Dil \u00f6\u011frenmenin en etkili yolu<\/p>\r\n    <a class=\"promotionalLink\" href=\"https:\/\/app.talkpal.ai\/tr\/signup?lng=\">Talkpal \u00fccretsiz deneyin<\/a>\r\n<\/section>\n<div class=\"wp-block-group pageContainerStyle\"><div class=\"wp-block-group__inner-container is-layout-constrained wp-block-group-is-layout-constrained\">\n<h2 class=\"wp-block-heading\" id=\"h-a-beginner-s-guide-to-understanding-portuguese-grammar\">Yeni Ba\u015flayanlar \u0130\u00e7in Portekizce Dilbilgisini Anlama K\u0131lavuzu<\/h2>\n\n\n\n<p>\u0130ster Portekiz&#8217;e bir seyahat planl\u0131yor olun, ister sadece yeni bir dilde ustala\u015fmakla ilgileniyor olun, Portekizce \u00f6\u011frenmek heyecan verici ve \u00f6d\u00fcllendirici bir deneyim olabilir. Portekizce dil \u00f6\u011freniminin \u00f6nemli bir y\u00f6n\u00fc, di\u011ferleri gibi, dilbilgisini anlamakt\u0131r. Bu makale, Portekizce dilbilgisinin temelleri konusunda size rehberlik edecek ve zahmetsizce gezinmenize ve ileti\u015fim kurman\u0131za yard\u0131mc\u0131 olacak temel ipu\u00e7lar\u0131 ve i\u00e7g\u00f6r\u00fcler sa\u011flayacakt\u0131r. Portekizce d\u00fcnyas\u0131na dalmak i\u00e7in bekliyorsan\u0131z, hadi ba\u015flayal\u0131m!<\/p>\n\n\n\n<h3 class=\"wp-block-heading\" id=\"h-1-the-basics-nouns-pronouns-and-articles\">1. Temel Bilgiler: \u0130simler, Zamirler ve Makaleler<\/h3>\n\n\n\n<p>\u0130ngilizce&#8217;de oldu\u011fu gibi, Portekizce dilbilgisi isimler, zamirler ve artikeller etraf\u0131nda in\u015fa edilmi\u015ftir. Portekizce&#8217;de isimler eril veya di\u015fil olabilir ve do\u011fru c\u00fcmle olu\u015fumu i\u00e7in cinsiyeti belirlemek \u00f6nemlidir. \u00d6rne\u011fin, &#8220;o menino&#8221; &#8220;o\u011flan&#8221; anlam\u0131na gelirken, &#8220;a menina&#8221; &#8220;k\u0131z&#8221; anlam\u0131na gelmektedir.<\/p>\n\n\n\n<p>Portekizce&#8217;deki zamirler, \u0130ngilizce gibi, isimlerin yerine ge\u00e7er. Onlar\u0131n da cinsiyetleri var. Ki\u015fi zamirleri aras\u0131nda eu (I), voc\u00ea\/tu (sen), ele\/ela (o\/o), n\u00f3s (biz) ve eles\/elas (onlar) bulunur.<\/p>\n\n\n\n<p>Belirli artikeller (the) ve belirsiz artikeller (a\/an) de cinsiyete \u00f6zg\u00fcd\u00fcr ve uygun c\u00fcmle in\u015fas\u0131 i\u00e7in gereklidir. Portekizce&#8217;de belirli artikeller &#8220;o&#8221; (eril) ve &#8220;a&#8221; (di\u015fil), belirsiz artikeller ise &#8220;um&#8221; (eril) ve &#8220;uma &#8220;d\u0131r (di\u015fil).<\/p>\n\n\n\n<h3 class=\"wp-block-heading\" id=\"h-2-adjectives-and-adverbs-add-spice-to-your-sentences\">2. S\u0131fatlar ve Zarflar: C\u00fcmlelerinize Baharat Kat\u0131n<\/h3>\n\n\n\n<p>S\u0131fatlar, isimleri tan\u0131mlayan veya de\u011fi\u015ftiren kelimelerdir ve isimler gibi cinsiyetleri vard\u0131r. Genellikle &#8220;o&#8221; ile biten s\u0131fatlar eril, &#8220;a&#8221; ile bitenler ise di\u015fildir. S\u0131fat\u0131n cinsiyetini tan\u0131mlad\u0131\u011f\u0131 isimle e\u015fle\u015ftirmek \u00e7ok \u00f6nemlidir. \u00d6rne\u011fin, &#8220;homem alto&#8221; &#8220;uzun adam&#8221; anlam\u0131na gelirken, &#8220;mulher alta&#8221; &#8220;uzun kad\u0131n&#8221; anlam\u0131na gelmektedir.<\/p>\n\n\n\n<p>Zarflar ise fiilleri, s\u0131fatlar\u0131 veya di\u011fer zarflar\u0131 de\u011fi\u015ftirir. Portekizce&#8217;de zarflar\u0131n genellikle cinsiyete \u00f6zg\u00fc bi\u00e7imleri yoktur. Baz\u0131 yayg\u0131n zarflar aras\u0131nda &#8220;rapidamente&#8221; (h\u0131zl\u0131), &#8220;lentamente&#8221; (yava\u015f) ve &#8220;sempre&#8221; (her zaman) bulunur.<\/p>\n\n\n\n<h3 class=\"wp-block-heading\" id=\"h-3-verbs-the-action-words\">3. Fiiller: Eylem Kelimeleri<\/h3>\n\n\n\n<p>Portekizce fiiller \u00fc\u00e7 \u00e7ekim grubuna (-ar, -er, -ir) ayr\u0131l\u0131r ve bi\u00e7imleri zamana ve konuya g\u00f6re de\u011fi\u015fir. Bunlar bilmeniz gereken baz\u0131 temel zaman kipleridir:<\/p>\n\n\n\n<p>&#8211; \u015eimdiki zaman (Presente): \u015eu anda ger\u00e7ekle\u015fen eylemleri veya al\u0131\u015f\u0131lm\u0131\u015f eylemleri tan\u0131mlar.<br\/>&#8211; Ge\u00e7mi\u015f zaman (Pret\u00e9rito): Ge\u00e7mi\u015fte ger\u00e7ekle\u015fen eylemleri tan\u0131mlar. \u0130ki t\u00fcr vard\u0131r: Pret\u00e9rito Perfeito (basit ge\u00e7mi\u015f) ve Pret\u00e9rito Imperfeito (ge\u00e7mi\u015f s\u00fcrekli).<br\/>&#8211; Gelecek zaman (Futuro): Gelecekte ger\u00e7ekle\u015fecek eylemleri tan\u0131mlar.<\/p>\n\n\n\n<p>Portekizce&#8217;de fiil \u00e7ekiminde ustala\u015fmak zor olabilir, ancak pratik ve tutarl\u0131l\u0131k onu daha verimli bir \u015fekilde kavraman\u0131za yard\u0131mc\u0131 olacakt\u0131r.<\/p>\n\n\n\n<h3 class=\"wp-block-heading\" id=\"h-4-word-order-building-understandable-sentences\">4. Kelime S\u0131ras\u0131: Anla\u015f\u0131l\u0131r C\u00fcmleler Kurmak<\/h3>\n\n\n\n<p>Tipik Portekizce c\u00fcmle yap\u0131s\u0131 \u00d6zne-Fiil-Nesne (SVO) s\u0131ras\u0131n\u0131 takip eder. \u00d6rne\u011fin, &#8220;Eu amo pizza&#8221; (&#8220;Pizzay\u0131 severim&#8221;) c\u00fcmlesi bu kal\u0131b\u0131 takip eder. Bununla birlikte, Portekizce dilbilgisi olduk\u00e7a esnek olabilir ve \u00f6zellikle edebiyatta veya gayri resmi konu\u015fmalarda kelime s\u0131ralamas\u0131nda farkl\u0131l\u0131klarla kar\u015f\u0131la\u015fabilirsiniz. Ba\u011flam ve sa\u011fduyu, bu varyasyonlar\u0131 anlamada \u00e7ok \u00f6nemlidir.<\/p>\n\n\n\n<h3 class=\"wp-block-heading\" id=\"h-5-negation-and-interrogation-say-no-and-ask-questions\">5. Olumsuzlama ve Sorgulama: Hay\u0131r Deyin ve Soru Sorun<\/h3>\n\n\n\n<p>Portekizce&#8217;de bir c\u00fcmleyi olumsuzlamak i\u00e7in fiilin \u00f6n\u00fcne &#8220;n\u00e3o&#8221; kelimesini koyman\u0131z yeterlidir. \u00d6rne\u011fin, &#8220;Eu n\u00e3o falo portugu\u00eas&#8221; &#8220;Portekizce konu\u015fmuyorum&#8221; anlam\u0131na gelir.<\/p>\n\n\n\n<p>Portekizce&#8217;de bir ifadeyi soruya d\u00f6n\u00fc\u015ft\u00fcrmek i\u00e7in ya kelime s\u0131ras\u0131n\u0131 de\u011fi\u015ftirebilir ya da bir soru kelimesi kullanabilirsiniz (&#8220;kim&#8221; i\u00e7in &#8220;quem&#8221;, &#8220;ne&#8221; i\u00e7in &#8220;o que&#8221; veya &#8220;nerede&#8221; i\u00e7in &#8220;onde&#8221; gibi). \u00d6rne\u011fin, &#8220;Voc\u00ea fala ingl\u00eas?&#8221;, &#8220;\u0130ngilizce konu\u015fuyor musunuz?&#8221; anlam\u0131na gelir.<\/p>\n\n\n\n<h3 class=\"wp-block-heading\" id=\"h-conclusion\">Sonu\u00e7<\/h3>\n\n\n\n<p>Portekizce dilbilgisi \u00f6\u011frenmek g\u00f6z korkutucu g\u00f6r\u00fcnebilir, ancak cesaretiniz k\u0131r\u0131lmas\u0131n! Her dilin kendine \u00f6zg\u00fc karma\u015f\u0131kl\u0131klar\u0131 vard\u0131r, ancak tutarl\u0131l\u0131k, pratik ve biraz sab\u0131rla kendinizi g\u00fcvenle ve etkili bir \u015fekilde ileti\u015fim kurarken bulacaks\u0131n\u0131z. Dilbilgisi \u00f6\u011frenmenin dil ediniminin sadece bir par\u00e7as\u0131 oldu\u011funu ve ayr\u0131ca Portekizce dinleme, konu\u015fma ve okuma prati\u011fi yapman\u0131z gerekti\u011fini unutmay\u0131n. Boa sorte! (\u0130yi \u015fanslar!)<\/p>\n<\/div><\/div>\n\r\n<section class=\"learnNavigationSection\">\r\n            \r\n        <a href=\"https:\/\/talkpal.ai\/tr\/portekizce-ogren\/\">\r\n            <div class=\"learnNavigationWrapper\">\r\n                <div class=\"learnNavigationContent\">\r\n                    <img decoding=\"async\" src=\"https:\/\/talkpal.ai\/wp-content\/uploads\/2024\/08\/Portuguese.jpg\" alt=\"Portuguese Flag\">\r\n                    <div>\r\n                        <h4>Portekiz \u00d6\u011frenimi Hakk\u0131nda<\/h4>\r\n                        <p>Portekiz dilbilgisi hakk\u0131nda her \u015feyi \u00f6\u011frenin.<\/p>\r\n                    <\/div>\r\n                <\/div>\r\n            <\/div>\r\n        <\/a>\r\n\r\n        \r\n        <a href=\"https:\/\/talkpal.ai\/tr\/portekizce-gramer-alistirmalari\/\">\r\n            <div class=\"learnNavigationWrapper\">\r\n                <div class=\"learnNavigationContent\">\r\n                    <img decoding=\"async\" src=\"https:\/\/talkpal.ai\/wp-content\/uploads\/2024\/08\/Portuguese.jpg\" alt=\"Portuguese Flag\">\r\n                    <div>\r\n                        <h4>Portekizce Dilbilgisi Al\u0131\u015ft\u0131rmas\u0131<\/h4>\r\n                        <p>Portekizce dilbilgisi prati\u011fi yap\u0131n.<\/p>\r\n                    <\/div>\r\n                <\/div>\r\n            <\/div>\r\n        <\/a>\r\n\r\n        \r\n        <a href=\"https:\/\/talkpal.ai\/vocabulary_language\/portuguese\/\">\r\n            <div class=\"learnNavigationWrapper\">\r\n                <div class=\"learnNavigationContent\">\r\n                    <img decoding=\"async\" src=\"https:\/\/talkpal.ai\/wp-content\/uploads\/2024\/08\/Portuguese.jpg\" alt=\"Portuguese Flag\">\r\n                    <div>\r\n                        <h4>Portekizce Kelime Bilgisi<\/h4>\r\n                        <p>Portekizce kelime da\u011farc\u0131\u011f\u0131n\u0131z\u0131 geni\u015fletin.<\/p>\r\n                    <\/div>\r\n                <\/div>\r\n            <\/div>\r\n        <\/a>\r\n\r\n            <\/section>","protected":false},"excerpt":{"rendered":"<p>Yeni Ba\u015flayanlar \u0130\u00e7in Portekizce Dilbilgisini Anlama K\u0131lavuzu \u0130ster Portekiz&#8217;e bir seyahat planl\u0131yor olun, ister sadece yeni bir dilde ustala\u015fmakla ilgileniyor olun, Portekizce \u00f6\u011frenmek heyecan verici ve \u00f6d\u00fcllendirici bir deneyim olabilir. Portekizce dil \u00f6\u011freniminin \u00f6nemli bir y\u00f6n\u00fc, di\u011ferleri gibi, dilbilgisini anlamakt\u0131r. Bu makale, Portekizce dilbilgisinin temelleri konusunda size rehberlik edecek ve zahmetsizce gezinmenize ve ileti\u015fim kurman\u0131za [&hellip;]<\/p>\n","protected":false},"author":1,"featured_media":107917,"parent":0,"menu_order":0,"comment_status":"closed","ping_status":"closed","template":"LearningContentPage.php","meta":{"_acf_changed":false,"footnotes":""},"class_list":["post-130203","page","type-page","status-publish","has-post-thumbnail","hentry"],"acf":[],"yoast_head":"<!-- This site is optimized with the Yoast SEO Premium plugin v27.2 (Yoast SEO v27.2) - https:\/\/yoast.com\/product\/yoast-seo-premium-wordpress\/ -->\n<title>Portekizce Dilbilgisi - Talkpal<\/title>\n<meta name=\"description\" content=\"T\u00fcm beceri seviyeleri i\u00e7in tasarlanm\u0131\u015f interaktif al\u0131\u015ft\u0131rmalarla Portekizce dilbilgisinde ustala\u015f\u0131n. Dil yeterlili\u011finizi geli\u015ftirin!\" \/>\n<meta name=\"robots\" content=\"index, follow, max-snippet:-1, max-image-preview:large, max-video-preview:-1\" \/>\n<link rel=\"canonical\" href=\"https:\/\/talkpal.ai\/tr\/portekizce-dilbilgisi\/\" \/>\n<meta property=\"og:locale\" content=\"tr_TR\" \/>\n<meta property=\"og:type\" content=\"article\" \/>\n<meta property=\"og:title\" content=\"Portekizce Dilbilgisi\" \/>\n<meta property=\"og:description\" content=\"Yeni Ba\u015flayanlar \u0130\u00e7in Portekizce Dilbilgisini Anlama K\u0131lavuzu \u0130ster Portekiz&#039;e bir seyahat planl\u0131yor olun, ister sadece yeni bir dilde ustala\u015fmakla\" \/>\n<meta property=\"og:url\" content=\"https:\/\/talkpal.ai\/tr\/portekizce-dilbilgisi\/\" \/>\n<meta property=\"og:site_name\" content=\"Talkpal\" \/>\n<meta property=\"article:publisher\" content=\"https:\/\/www.facebook.com\/profile.php?id=100090733639311\" \/>\n<meta property=\"article:modified_time\" content=\"2025-12-11T16:45:31+00:00\" \/>\n<meta property=\"og:image\" content=\"https:\/\/talkpal.ai\/wp-content\/uploads\/2023\/04\/portugal.png\" \/>\n\t<meta property=\"og:image:width\" content=\"512\" \/>\n\t<meta property=\"og:image:height\" content=\"512\" \/>\n\t<meta property=\"og:image:type\" content=\"image\/png\" \/>\n<meta name=\"twitter:card\" content=\"summary_large_image\" \/>\n<meta name=\"twitter:site\" content=\"@talkpalai\" \/>\n<meta name=\"twitter:label1\" content=\"Tahmini okuma s\u00fcresi\" \/>\n\t<meta name=\"twitter:data1\" content=\"3 dakika\" \/>\n<script type=\"application\/ld+json\" class=\"yoast-schema-graph\">{\"@context\":\"https:\/\/schema.org\",\"@graph\":[{\"@type\":\"WebPage\",\"@id\":\"https:\/\/talkpal.ai\/tr\/portekizce-dilbilgisi\/\",\"url\":\"https:\/\/talkpal.ai\/tr\/portekizce-dilbilgisi\/\",\"name\":\"Portekizce Dilbilgisi - Talkpal\",\"isPartOf\":{\"@id\":\"https:\/\/talkpal.ai\/tr\/#website\"},\"primaryImageOfPage\":{\"@id\":\"https:\/\/talkpal.ai\/tr\/portekizce-dilbilgisi\/#primaryimage\"},\"image\":{\"@id\":\"https:\/\/talkpal.ai\/tr\/portekizce-dilbilgisi\/#primaryimage\"},\"thumbnailUrl\":\"https:\/\/talkpal.ai\/wp-content\/uploads\/2023\/04\/portugal.png\",\"datePublished\":\"2023-05-14T13:51:46+00:00\",\"dateModified\":\"2025-12-11T16:45:31+00:00\",\"description\":\"T\u00fcm beceri seviyeleri i\u00e7in tasarlanm\u0131\u015f interaktif al\u0131\u015ft\u0131rmalarla Portekizce dilbilgisinde ustala\u015f\u0131n. Dil yeterlili\u011finizi geli\u015ftirin!\",\"breadcrumb\":{\"@id\":\"https:\/\/talkpal.ai\/tr\/portekizce-dilbilgisi\/#breadcrumb\"},\"inLanguage\":\"tr\",\"potentialAction\":[{\"@type\":\"ReadAction\",\"target\":[\"https:\/\/talkpal.ai\/tr\/portekizce-dilbilgisi\/\"]}]},{\"@type\":\"ImageObject\",\"inLanguage\":\"tr\",\"@id\":\"https:\/\/talkpal.ai\/tr\/portekizce-dilbilgisi\/#primaryimage\",\"url\":\"https:\/\/talkpal.ai\/wp-content\/uploads\/2023\/04\/portugal.png\",\"contentUrl\":\"https:\/\/talkpal.ai\/wp-content\/uploads\/2023\/04\/portugal.png\",\"width\":512,\"height\":512},{\"@type\":\"BreadcrumbList\",\"@id\":\"https:\/\/talkpal.ai\/tr\/portekizce-dilbilgisi\/#breadcrumb\",\"itemListElement\":[{\"@type\":\"ListItem\",\"position\":1,\"name\":\"Homepage\",\"item\":\"https:\/\/talkpal.ai\/tr\/\"},{\"@type\":\"ListItem\",\"position\":2,\"name\":\"Portekizce Dilbilgisi\"}]},{\"@type\":\"WebSite\",\"@id\":\"https:\/\/talkpal.ai\/tr\/#website\",\"url\":\"https:\/\/talkpal.ai\/tr\/\",\"name\":\"Talkpal\",\"description\":\"AI Language Learning\",\"publisher\":{\"@id\":\"https:\/\/talkpal.ai\/tr\/#organization\"},\"alternateName\":\"Talkpal AI\",\"potentialAction\":[{\"@type\":\"SearchAction\",\"target\":{\"@type\":\"EntryPoint\",\"urlTemplate\":\"https:\/\/talkpal.ai\/tr\/?s={search_term_string}\"},\"query-input\":{\"@type\":\"PropertyValueSpecification\",\"valueRequired\":true,\"valueName\":\"search_term_string\"}}],\"inLanguage\":\"tr\"},{\"@type\":\"Organization\",\"@id\":\"https:\/\/talkpal.ai\/tr\/#organization\",\"name\":\"Talkpal, Inc.\",\"alternateName\":\"Talkpal AI\",\"url\":\"https:\/\/talkpal.ai\/tr\/\",\"logo\":{\"@type\":\"ImageObject\",\"inLanguage\":\"tr\",\"@id\":\"https:\/\/talkpal.ai\/tr\/#\/schema\/logo\/image\/\",\"url\":\"https:\/\/talkpal.ai\/wp-content\/uploads\/2024\/03\/Talkpal-Logo-Icon.png\",\"contentUrl\":\"https:\/\/talkpal.ai\/wp-content\/uploads\/2024\/03\/Talkpal-Logo-Icon.png\",\"width\":2880,\"height\":2880,\"caption\":\"Talkpal, Inc.\"},\"image\":{\"@id\":\"https:\/\/talkpal.ai\/tr\/#\/schema\/logo\/image\/\"},\"sameAs\":[\"https:\/\/www.facebook.com\/profile.php?id=100090733639311\",\"https:\/\/x.com\/talkpalai\",\"https:\/\/www.linkedin.com\/company\/talkpal\/\",\"https:\/\/www.youtube.com\/@TalkPal\/\",\"https:\/\/www.tiktok.com\/@talkpal\",\"https:\/\/www.instagram.com\/talkpal_ai\/\",\"https:\/\/www.crunchbase.com\/organization\/talkpal-9cde\",\"https:\/\/www.g2.com\/products\/talkpal-for-business\/\",\"https:\/\/www.trustpilot.com\/review\/talkpal.ai\",\"https:\/\/www.capterra.com\/p\/10006800\/TalkPal\/\"],\"description\":\"Talkpal is a language learning web and mobile education app, powered by the latest AI technologies, that provides engaging experiences to its customers in many different languages to help them improve their language skills. Users can chat about unlimited amount of topics with the app and use other modes to practice their language learning.\",\"email\":\"support@talkpal.ai\",\"legalName\":\"Talkpal, Inc.\",\"foundingDate\":\"2023-04-03\",\"duns\":\"118989042\",\"numberOfEmployees\":{\"@type\":\"QuantitativeValue\",\"minValue\":\"11\",\"maxValue\":\"50\"},\"publishingPrinciples\":\"https:\/\/talkpal.ai\/publishing-principles\/\",\"actionableFeedbackPolicy\":\"https:\/\/talkpal.ai\/actionable-feedback-policy\/\",\"correctionsPolicy\":\"https:\/\/talkpal.ai\/corrections-policy\/\",\"ethicsPolicy\":\"https:\/\/talkpal.ai\/ethics-policy\/\",\"diversityPolicy\":\"https:\/\/talkpal.ai\/diversity-policy\/\",\"diversityStaffingReport\":\"https:\/\/talkpal.ai\/diversity-policy\/\"}]}<\/script>\n<!-- \/ Yoast SEO Premium plugin. -->","yoast_head_json":{"title":"Portekizce Dilbilgisi - Talkpal","description":"T\u00fcm beceri seviyeleri i\u00e7in tasarlanm\u0131\u015f interaktif al\u0131\u015ft\u0131rmalarla Portekizce dilbilgisinde ustala\u015f\u0131n. Dil yeterlili\u011finizi geli\u015ftirin!","robots":{"index":"index","follow":"follow","max-snippet":"max-snippet:-1","max-image-preview":"max-image-preview:large","max-video-preview":"max-video-preview:-1"},"canonical":"https:\/\/talkpal.ai\/tr\/portekizce-dilbilgisi\/","og_locale":"tr_TR","og_type":"article","og_title":"Portekizce Dilbilgisi","og_description":"Yeni Ba\u015flayanlar \u0130\u00e7in Portekizce Dilbilgisini Anlama K\u0131lavuzu \u0130ster Portekiz'e bir seyahat planl\u0131yor olun, ister sadece yeni bir dilde ustala\u015fmakla","og_url":"https:\/\/talkpal.ai\/tr\/portekizce-dilbilgisi\/","og_site_name":"Talkpal","article_publisher":"https:\/\/www.facebook.com\/profile.php?id=100090733639311","article_modified_time":"2025-12-11T16:45:31+00:00","og_image":[{"width":512,"height":512,"url":"https:\/\/talkpal.ai\/wp-content\/uploads\/2023\/04\/portugal.png","type":"image\/png"}],"twitter_card":"summary_large_image","twitter_site":"@talkpalai","twitter_misc":{"Tahmini okuma s\u00fcresi":"3 dakika"},"schema":{"@context":"https:\/\/schema.org","@graph":[{"@type":"WebPage","@id":"https:\/\/talkpal.ai\/tr\/portekizce-dilbilgisi\/","url":"https:\/\/talkpal.ai\/tr\/portekizce-dilbilgisi\/","name":"Portekizce Dilbilgisi - Talkpal","isPartOf":{"@id":"https:\/\/talkpal.ai\/tr\/#website"},"primaryImageOfPage":{"@id":"https:\/\/talkpal.ai\/tr\/portekizce-dilbilgisi\/#primaryimage"},"image":{"@id":"https:\/\/talkpal.ai\/tr\/portekizce-dilbilgisi\/#primaryimage"},"thumbnailUrl":"https:\/\/talkpal.ai\/wp-content\/uploads\/2023\/04\/portugal.png","datePublished":"2023-05-14T13:51:46+00:00","dateModified":"2025-12-11T16:45:31+00:00","description":"T\u00fcm beceri seviyeleri i\u00e7in tasarlanm\u0131\u015f interaktif al\u0131\u015ft\u0131rmalarla Portekizce dilbilgisinde ustala\u015f\u0131n. Dil yeterlili\u011finizi geli\u015ftirin!","breadcrumb":{"@id":"https:\/\/talkpal.ai\/tr\/portekizce-dilbilgisi\/#breadcrumb"},"inLanguage":"tr","potentialAction":[{"@type":"ReadAction","target":["https:\/\/talkpal.ai\/tr\/portekizce-dilbilgisi\/"]}]},{"@type":"ImageObject","inLanguage":"tr","@id":"https:\/\/talkpal.ai\/tr\/portekizce-dilbilgisi\/#primaryimage","url":"https:\/\/talkpal.ai\/wp-content\/uploads\/2023\/04\/portugal.png","contentUrl":"https:\/\/talkpal.ai\/wp-content\/uploads\/2023\/04\/portugal.png","width":512,"height":512},{"@type":"BreadcrumbList","@id":"https:\/\/talkpal.ai\/tr\/portekizce-dilbilgisi\/#breadcrumb","itemListElement":[{"@type":"ListItem","position":1,"name":"Homepage","item":"https:\/\/talkpal.ai\/tr\/"},{"@type":"ListItem","position":2,"name":"Portekizce Dilbilgisi"}]},{"@type":"WebSite","@id":"https:\/\/talkpal.ai\/tr\/#website","url":"https:\/\/talkpal.ai\/tr\/","name":"Talkpal","description":"AI Language Learning","publisher":{"@id":"https:\/\/talkpal.ai\/tr\/#organization"},"alternateName":"Talkpal AI","potentialAction":[{"@type":"SearchAction","target":{"@type":"EntryPoint","urlTemplate":"https:\/\/talkpal.ai\/tr\/?s={search_term_string}"},"query-input":{"@type":"PropertyValueSpecification","valueRequired":true,"valueName":"search_term_string"}}],"inLanguage":"tr"},{"@type":"Organization","@id":"https:\/\/talkpal.ai\/tr\/#organization","name":"Talkpal, Inc.","alternateName":"Talkpal AI","url":"https:\/\/talkpal.ai\/tr\/","logo":{"@type":"ImageObject","inLanguage":"tr","@id":"https:\/\/talkpal.ai\/tr\/#\/schema\/logo\/image\/","url":"https:\/\/talkpal.ai\/wp-content\/uploads\/2024\/03\/Talkpal-Logo-Icon.png","contentUrl":"https:\/\/talkpal.ai\/wp-content\/uploads\/2024\/03\/Talkpal-Logo-Icon.png","width":2880,"height":2880,"caption":"Talkpal, Inc."},"image":{"@id":"https:\/\/talkpal.ai\/tr\/#\/schema\/logo\/image\/"},"sameAs":["https:\/\/www.facebook.com\/profile.php?id=100090733639311","https:\/\/x.com\/talkpalai","https:\/\/www.linkedin.com\/company\/talkpal\/","https:\/\/www.youtube.com\/@TalkPal\/","https:\/\/www.tiktok.com\/@talkpal","https:\/\/www.instagram.com\/talkpal_ai\/","https:\/\/www.crunchbase.com\/organization\/talkpal-9cde","https:\/\/www.g2.com\/products\/talkpal-for-business\/","https:\/\/www.trustpilot.com\/review\/talkpal.ai","https:\/\/www.capterra.com\/p\/10006800\/TalkPal\/"],"description":"Talkpal is a language learning web and mobile education app, powered by the latest AI technologies, that provides engaging experiences to its customers in many different languages to help them improve their language skills. Users can chat about unlimited amount of topics with the app and use other modes to practice their language learning.","email":"support@talkpal.ai","legalName":"Talkpal, Inc.","foundingDate":"2023-04-03","duns":"118989042","numberOfEmployees":{"@type":"QuantitativeValue","minValue":"11","maxValue":"50"},"publishingPrinciples":"https:\/\/talkpal.ai\/publishing-principles\/","actionableFeedbackPolicy":"https:\/\/talkpal.ai\/actionable-feedback-policy\/","correctionsPolicy":"https:\/\/talkpal.ai\/corrections-policy\/","ethicsPolicy":"https:\/\/talkpal.ai\/ethics-policy\/","diversityPolicy":"https:\/\/talkpal.ai\/diversity-policy\/","diversityStaffingReport":"https:\/\/talkpal.ai\/diversity-policy\/"}]}},"_links":{"self":[{"href":"https:\/\/talkpal.ai\/tr\/wp-json\/wp\/v2\/pages\/130203","targetHints":{"allow":["GET"]}}],"collection":[{"href":"https:\/\/talkpal.ai\/tr\/wp-json\/wp\/v2\/pages"}],"about":[{"href":"https:\/\/talkpal.ai\/tr\/wp-json\/wp\/v2\/types\/page"}],"author":[{"embeddable":true,"href":"https:\/\/talkpal.ai\/tr\/wp-json\/wp\/v2\/users\/1"}],"replies":[{"embeddable":true,"href":"https:\/\/talkpal.ai\/tr\/wp-json\/wp\/v2\/comments?post=130203"}],"version-history":[{"count":0,"href":"https:\/\/talkpal.ai\/tr\/wp-json\/wp\/v2\/pages\/130203\/revisions"}],"wp:featuredmedia":[{"embeddable":true,"href":"https:\/\/talkpal.ai\/tr\/wp-json\/wp\/v2\/media\/107917"}],"wp:attachment":[{"href":"https:\/\/talkpal.ai\/tr\/wp-json\/wp\/v2\/media?parent=130203"}],"curies":[{"name":"wp","href":"https:\/\/api.w.org\/{rel}","templated":true}]}}