{"id":129868,"date":"2023-05-14T13:51:09","date_gmt":"2023-05-14T13:51:09","guid":{"rendered":"http:\/\/talkpal.ai\/japonca-dilbilgisi\/"},"modified":"2025-12-11T16:42:25","modified_gmt":"2025-12-11T16:42:25","slug":"japonca-dilbilgisi","status":"publish","type":"page","link":"https:\/\/talkpal.ai\/tr\/japonca-dilbilgisi\/","title":{"rendered":"Japonca Dilbilgisi"},"content":{"rendered":"\r\n\r\n\r\n<section class=\"languageChallengeSection\">\r\n    <div class=\"languageInfoWrapper\">\r\n        \r\n        <h1>Japonca Dilbilgisi<\/h1>\r\n        <p>Net a\u00e7\u0131klamalar ve \u00f6rneklerle temel <a href=\"https:\/\/talkpal.ai\/grammar\/\">dilbilgisi<\/a> noktalar\u0131nda ustala\u015farak <a href=\"https:\/\/talkpal.ai\/learn-japanese\/\">Japonca<\/a> dil becerilerinizi geli\u015ftirin. Ak\u0131c\u0131l\u0131k yolculu\u011funuza ba\u015flay\u0131n &#8211; bug\u00fcn Japonca dilbilgisine dal\u0131n!<\/p>\r\n\r\n                            <a class=\"getStartedHidden\" href=\"https:\/\/app.talkpal.ai\/tr\/signup?lng=\">Hadi ba\u015fla<\/a>\r\n        \r\n    <\/div>\r\n\r\n    <figure>\r\n    <img decoding=\"async\" width=\"768\" height=\"768\" src=\"https:\/\/talkpal.ai\/wp-content\/uploads\/2023\/06\/japanese-768x768.png\" class=\"languageImage no-lazy\" alt=\"Language learning for world travelers\" fetchpriority=\"high\" sizes=\"(max-width: 768px) 150px, 768px\" srcset=\"https:\/\/talkpal.ai\/wp-content\/uploads\/2023\/06\/japanese-768x768.png 768w, https:\/\/talkpal.ai\/wp-content\/uploads\/2023\/06\/japanese-300x300.png 300w\" \/>\r\n    \r\n\r\n    <\/figure>\r\n\r\n            <a class=\"getStartedVisible\" href=\"https:\/\/app.talkpal.ai\/tr\/signup?lng=\">Hadi ba\u015fla<\/a>\r\n    \r\n<\/section>\r\n<section class=\"promotionalBanner\">\r\n    <p class=\"promotionalText\">Dil \u00f6\u011frenmenin en etkili yolu<\/p>\r\n    <a class=\"promotionalLink\" href=\"https:\/\/app.talkpal.ai\/tr\/signup?lng=\">Talkpal \u00fccretsiz deneyin<\/a>\r\n<\/section>\n<div class=\"wp-block-group pageContainerStyle\"><div class=\"wp-block-group__inner-container is-layout-constrained wp-block-group-is-layout-constrained\">\n<h2 class=\"wp-block-heading\" id=\"h-mastering-the-intricacies-of-japanese-grammar\">Japonca Dilbilgisinin Inceliklerine Hakim Olmak<\/h2>\n\n\n\n<p><a href=\"https:\/\/talkpal.ai\/talkpal-discount-for-language-enthusiasts\/\">Dil merakl\u0131lar\u0131<\/a>, b\u00fcy\u00fck \u00f6l\u00e7\u00fcde benzersiz dilbilgisi sistemi nedeniyle Japonca&#8217;y\u0131 genellikle b\u00fcy\u00fcleyici ve \u00f6\u011frenmesi zor bir dil olarak g\u00f6r\u00fcrler. Buna ra\u011fmen, Japonca dilbilgisini anlamak, ileti\u015fim becerilerinizi ve k\u00fclt\u00fcrel anlay\u0131\u015f\u0131n\u0131z\u0131 \u00f6nemli \u00f6l\u00e7\u00fcde geli\u015ftirebilir. Bu yaz\u0131da, <a href=\"https:\/\/talkpal.ai\/tr\/talkpal-chat-ile-dil-nasil-ogrenilir\/\">dil \u00f6\u011frenme<\/a> yolculu\u011funuzda size yard\u0131mc\u0131 olmak i\u00e7in Japonca dilbilgisinin birka\u00e7 temel y\u00f6n\u00fcn\u00fc tart\u0131\u015faca\u011f\u0131z. \u00d6yleyse, kemerlerinizi ba\u011flay\u0131n ve Japonca dilbilgisinin b\u00fcy\u00fcleyici d\u00fcnyas\u0131na dalal\u0131m.<\/p>\n\n\n\n<h3 class=\"wp-block-heading\" id=\"h-1-sentence-structure-sov\">1. C\u00fcmle Yap\u0131s\u0131: SOV<\/h3>\n\n\n\n<p>\u0130ngilizceden (\u00d6zne &#8211; Fiil &#8211; Nesne veya SVO) farkl\u0131 olarak, Japonca \u00d6zne &#8211; Nesne &#8211; Fiil (SOV) c\u00fcmle yap\u0131s\u0131n\u0131 takip eder. Bu, fiilin genellikle bir c\u00fcmlede en son geldi\u011fi anlam\u0131na gelir. Bu benzersiz kelime s\u0131ras\u0131na al\u0131\u015fmak, Japonca&#8217;da anla\u015f\u0131l\u0131r c\u00fcmleler kurmak i\u00e7in hayati \u00f6nem ta\u015f\u0131r.<\/p>\n\n\n\n<p>\u00d6rnek:  <\/p>\n\n\n\n<p>&#8211; \u308f\u305f\u3057\u306f\u308a\u3093\u3054\u3092\u305f\u3079\u307e\u3059\u3002 (Bir elma yerim)<\/p>\n\n\n\n<p>&#8211; Watashi wa ringo o tabemasu. (Yan\u0131yor. Ben bir elma yerim)<\/p>\n\n\n\n<h3 class=\"wp-block-heading\" id=\"h-2-particles-the-sentence-connectors\">2. Par\u00e7ac\u0131klar: C\u00fcmle Ba\u011flay\u0131c\u0131lar\u0131<\/h3>\n\n\n\n<p>Par\u00e7ac\u0131klar, bir s\u00f6zc\u00fc\u011f\u00fcn c\u00fcmle i\u00e7indeki i\u015flevini i\u015faretleyerek Japonca dilbilgisinde \u00e7ok \u00f6nemli bir rol oynar. Baz\u0131 yayg\u0131n par\u00e7ac\u0131klar aras\u0131nda \u306f (wa), \u3092 (o), \u304c (ga), \u3067 (de) ve \u306b (ni) bulunur. Bu par\u00e7ac\u0131klar\u0131n nas\u0131l i\u015fledi\u011fini anlad\u0131\u011f\u0131n\u0131zda, Japonca c\u00fcmleleri de\u015fifre etmenin ve kurman\u0131n \u00e7ok daha kolay oldu\u011funu g\u00f6receksiniz.<\/p>\n\n\n\n<h3 class=\"wp-block-heading\" id=\"h-3-verbs-an-introduction-to-conjugation\">3. Fiiller: \u00c7ekime Giri\u015f<\/h3>\n\n\n\n<p>Japonca fiiller, temel bi\u00e7imlerinin sonlar\u0131na g\u00f6re tan\u0131mlanan \u00fc\u00e7 ana gruba sahiptir. Bu gruplar gerginlik, nezaket ve ruh hali i\u00e7in bir araya getirilirken dikkate al\u0131n\u0131r. \u0130yi haber \u015fu ki, Japonca fiiller konuya g\u00f6re de\u011fi\u015fmiyor, bu da onlar\u0131 di\u011fer baz\u0131 dillerdekilerden daha az karma\u015f\u0131k hale getiriyor.<\/p>\n\n\n\n<p>&#8211; Grup 1: U-fiiller<\/p>\n\n\n\n<p>&#8211; Grup 2: Ru-fiiller<\/p>\n\n\n\n<p>&#8211; Grup 3: D\u00fczensiz fiiller (sadece iki fiil &#8211; \u3059\u308b (suru) ve \u6765\u308b (kuru))<\/p>\n\n\n\n<h3 class=\"wp-block-heading\" id=\"h-4-politeness-levels\">4. Nezaket D\u00fczeyleri<\/h3>\n\n\n\n<p>Japonca nezaket a\u00e7\u0131s\u0131ndan zengin bir dildir ve dilin grameri de bunu yans\u0131t\u0131r. \u00dc\u00e7 temel nezaket seviyesi vard\u0131r: g\u00fcndelik, kibar ve onursal. Bunlar\u0131 tan\u0131mak ve uygun \u015fekilde kullanmak, do\u011fal ve sayg\u0131l\u0131 ileti\u015fim i\u00e7in esast\u0131r.<\/p>\n\n\n\n<p>&#8211; G\u00fcndelik: d\u00fcz fiil formlar\u0131 (\u00f6rne\u011fin, \u98df\u3079\u308b &#8211; taberu &#8211; yemek)<\/p>\n\n\n\n<p>&#8211; Kibarl\u0131k: \u307e\u3059 (masu) \u00e7ekimi (\u00f6rne\u011fin, \u98df\u3079\u307e\u3059 &#8211; tabemasu &#8211; yemek (kibarca))<\/p>\n\n\n\n<p>&#8211; Onursal: \u00f6zel \u00e7ekimler ve \u00f6nekler (\u00f6rne\u011fin, \u304a\u53ec\u3057\u4e0a\u304c\u308a\u306b\u306a\u308b &#8211; omeshiagari ni naru &#8211; yemek (onursal))<\/p>\n\n\n\n<h3 class=\"wp-block-heading\" id=\"h-5-japanese-adjectives\">5. Japonca S\u0131fatlar<\/h3>\n\n\n\n<p>Japonca s\u0131fatlar iki t\u00fcrd\u00fcr: i-s\u0131fatlar\u0131 ve na-s\u0131fatlar\u0131. Her iki t\u00fcr\u00fcn de kendine \u00f6zg\u00fc \u00e7ekim kurallar\u0131 vard\u0131r ve isimlerle farkl\u0131 \u015fekilde etkile\u015fime girer. Bu iki t\u00fcr s\u0131fat\u0131n kullan\u0131m\u0131na hakim olmak, Japonca&#8217;da etkili ileti\u015fim i\u00e7in \u00e7ok \u00f6nemlidir.<\/p>\n\n\n\n<h3 class=\"wp-block-heading\" id=\"h-6-engaging-with-the-language\">6. Dil ile \u0130lgi Kurmak<\/h3>\n\n\n\n<p>Japonca dilbilgisi \u00f6\u011frenmenin en etkili yollar\u0131ndan biri, dille tutarl\u0131 bir \u015fekilde etkile\u015fim kurmakt\u0131r. Japon filmleri ve anime izlemekten anadili \u0130ngilizce olan ki\u015filerle sohbet al\u0131\u015fveri\u015flerine kat\u0131lmaya kadar, kendinizi dile kapt\u0131rmak dilbilgisi kavramlar\u0131n\u0131 sa\u011flamla\u015ft\u0131rman\u0131za ve kelime da\u011farc\u0131\u011f\u0131n\u0131z\u0131 geni\u015fletmenize yard\u0131mc\u0131 olacakt\u0131r.<\/p>\n\n\n\n<h3 class=\"wp-block-heading\" id=\"h-conclusion\">Sonu\u00e7<\/h3>\n\n\n\n<p>Japonca dilbilgisi ilk ba\u015fta bunalt\u0131c\u0131 g\u00f6r\u00fcnse de, \u00f6zveri ve zamanla, kendinizi karma\u015f\u0131kl\u0131klar\u0131nda kolayl\u0131kla gezinirken bulacaks\u0131n\u0131z. Anahtar, merakl\u0131 kalmak ve d\u00fczenli olarak pratik yapmakt\u0131r. Japonca dilbilgisinde ustala\u015fma yolculu\u011funuzda iyi \u015fanslar ve dil maceras\u0131n\u0131n tad\u0131n\u0131 \u00e7\u0131kar\u0131n!<\/p>\n<\/div><\/div>\n\r\n<section class=\"learnNavigationSection\">\r\n            \r\n        <a href=\"https:\/\/talkpal.ai\/tr\/japonca-ogren\/\">\r\n            <div class=\"learnNavigationWrapper\">\r\n                <div class=\"learnNavigationContent\">\r\n                    <img decoding=\"async\" src=\"https:\/\/talkpal.ai\/wp-content\/uploads\/2024\/08\/Japanese.jpg\" alt=\"Japanese Flag\">\r\n                    <div>\r\n                        <h4>Japonca \u00d6\u011frenimi Hakk\u0131nda<\/h4>\r\n                        <p>Japonca dilbilgisi hakk\u0131nda her \u015feyi \u00f6\u011frenin.<\/p>\r\n                    <\/div>\r\n                <\/div>\r\n            <\/div>\r\n        <\/a>\r\n\r\n        \r\n        <a href=\"https:\/\/talkpal.ai\/tr\/japonca-gramer-alistirmalari\/\">\r\n            <div class=\"learnNavigationWrapper\">\r\n                <div class=\"learnNavigationContent\">\r\n                    <img decoding=\"async\" src=\"https:\/\/talkpal.ai\/wp-content\/uploads\/2024\/08\/Japanese.jpg\" alt=\"Japanese Flag\">\r\n                    <div>\r\n                        <h4>Japonca Dilbilgisi Al\u0131\u015ft\u0131rmas\u0131<\/h4>\r\n                        <p>Japonca dilbilgisi prati\u011fi yap\u0131n.<\/p>\r\n                    <\/div>\r\n                <\/div>\r\n            <\/div>\r\n        <\/a>\r\n\r\n        \r\n        <a href=\"https:\/\/talkpal.ai\/vocabulary_language\/japanese\/\">\r\n            <div class=\"learnNavigationWrapper\">\r\n                <div class=\"learnNavigationContent\">\r\n                    <img decoding=\"async\" src=\"https:\/\/talkpal.ai\/wp-content\/uploads\/2024\/08\/Japanese.jpg\" alt=\"Japanese Flag\">\r\n                    <div>\r\n                        <h4>Japonca Kelime Bilgisi<\/h4>\r\n                        <p>Japonca kelime da\u011farc\u0131\u011f\u0131n\u0131z\u0131 geni\u015fletin.<\/p>\r\n                    <\/div>\r\n                <\/div>\r\n            <\/div>\r\n        <\/a>\r\n\r\n            <\/section>","protected":false},"excerpt":{"rendered":"<p>Japonca Dilbilgisinin Inceliklerine Hakim Olmak Dil merakl\u0131lar\u0131, b\u00fcy\u00fck \u00f6l\u00e7\u00fcde benzersiz dilbilgisi sistemi nedeniyle Japonca&#8217;y\u0131 genellikle b\u00fcy\u00fcleyici ve \u00f6\u011frenmesi zor bir dil olarak g\u00f6r\u00fcrler. Buna ra\u011fmen, Japonca dilbilgisini anlamak, ileti\u015fim becerilerinizi ve k\u00fclt\u00fcrel anlay\u0131\u015f\u0131n\u0131z\u0131 \u00f6nemli \u00f6l\u00e7\u00fcde geli\u015ftirebilir. Bu yaz\u0131da, dil \u00f6\u011frenme yolculu\u011funuzda size yard\u0131mc\u0131 olmak i\u00e7in Japonca dilbilgisinin birka\u00e7 temel y\u00f6n\u00fcn\u00fc tart\u0131\u015faca\u011f\u0131z. \u00d6yleyse, kemerlerinizi ba\u011flay\u0131n ve [&hellip;]<\/p>\n","protected":false},"author":1,"featured_media":107193,"parent":0,"menu_order":0,"comment_status":"closed","ping_status":"closed","template":"LearningContentPage.php","meta":{"_acf_changed":false,"footnotes":""},"class_list":["post-129868","page","type-page","status-publish","has-post-thumbnail","hentry"],"acf":[],"yoast_head":"<!-- This site is optimized with the Yoast SEO Premium plugin v27.2 (Yoast SEO v27.2) - https:\/\/yoast.com\/product\/yoast-seo-premium-wordpress\/ -->\n<title>Japonca Dilbilgisi - Talkpal<\/title>\n<meta name=\"description\" content=\"Yapay zeka dil \u00f6\u011frenme uygulamam\u0131zla Japonca dilbilgisinde ustala\u015f\u0131n. Dil becerilerinizi kolayca geli\u015ftirin Talkpal&#039;in yapay zeka deste\u011fi.\" \/>\n<meta name=\"robots\" content=\"index, follow, max-snippet:-1, max-image-preview:large, max-video-preview:-1\" \/>\n<link rel=\"canonical\" href=\"https:\/\/talkpal.ai\/tr\/japonca-dilbilgisi\/\" \/>\n<meta property=\"og:locale\" content=\"tr_TR\" \/>\n<meta property=\"og:type\" content=\"article\" \/>\n<meta property=\"og:title\" content=\"Japonca Dilbilgisi\" \/>\n<meta property=\"og:description\" content=\"Japonca Dilbilgisinin Inceliklerine Hakim Olmak Dil merakl\u0131lar\u0131, b\u00fcy\u00fck \u00f6l\u00e7\u00fcde benzersiz dilbilgisi sistemi nedeniyle Japonca&#039;y\u0131 genellikle b\u00fcy\u00fcleyici ve\" \/>\n<meta property=\"og:url\" content=\"https:\/\/talkpal.ai\/tr\/japonca-dilbilgisi\/\" \/>\n<meta property=\"og:site_name\" content=\"Talkpal\" \/>\n<meta property=\"article:publisher\" content=\"https:\/\/www.facebook.com\/profile.php?id=100090733639311\" \/>\n<meta property=\"article:modified_time\" content=\"2025-12-11T16:42:25+00:00\" \/>\n<meta property=\"og:image\" content=\"https:\/\/talkpal.ai\/wp-content\/uploads\/2023\/04\/japan.png\" \/>\n\t<meta property=\"og:image:width\" content=\"512\" \/>\n\t<meta property=\"og:image:height\" content=\"512\" \/>\n\t<meta property=\"og:image:type\" content=\"image\/png\" \/>\n<meta name=\"twitter:card\" content=\"summary_large_image\" \/>\n<meta name=\"twitter:site\" content=\"@talkpalai\" \/>\n<meta name=\"twitter:label1\" content=\"Tahmini okuma s\u00fcresi\" \/>\n\t<meta name=\"twitter:data1\" content=\"3 dakika\" \/>\n<script type=\"application\/ld+json\" class=\"yoast-schema-graph\">{\"@context\":\"https:\/\/schema.org\",\"@graph\":[{\"@type\":\"WebPage\",\"@id\":\"https:\/\/talkpal.ai\/tr\/japonca-dilbilgisi\/\",\"url\":\"https:\/\/talkpal.ai\/tr\/japonca-dilbilgisi\/\",\"name\":\"Japonca Dilbilgisi - Talkpal\",\"isPartOf\":{\"@id\":\"https:\/\/talkpal.ai\/tr\/#website\"},\"primaryImageOfPage\":{\"@id\":\"https:\/\/talkpal.ai\/tr\/japonca-dilbilgisi\/#primaryimage\"},\"image\":{\"@id\":\"https:\/\/talkpal.ai\/tr\/japonca-dilbilgisi\/#primaryimage\"},\"thumbnailUrl\":\"https:\/\/talkpal.ai\/wp-content\/uploads\/2023\/04\/japan.png\",\"datePublished\":\"2023-05-14T13:51:09+00:00\",\"dateModified\":\"2025-12-11T16:42:25+00:00\",\"description\":\"Yapay zeka dil \u00f6\u011frenme uygulamam\u0131zla Japonca dilbilgisinde ustala\u015f\u0131n. Dil becerilerinizi kolayca geli\u015ftirin Talkpal'in yapay zeka deste\u011fi.\",\"breadcrumb\":{\"@id\":\"https:\/\/talkpal.ai\/tr\/japonca-dilbilgisi\/#breadcrumb\"},\"inLanguage\":\"tr\",\"potentialAction\":[{\"@type\":\"ReadAction\",\"target\":[\"https:\/\/talkpal.ai\/tr\/japonca-dilbilgisi\/\"]}]},{\"@type\":\"ImageObject\",\"inLanguage\":\"tr\",\"@id\":\"https:\/\/talkpal.ai\/tr\/japonca-dilbilgisi\/#primaryimage\",\"url\":\"https:\/\/talkpal.ai\/wp-content\/uploads\/2023\/04\/japan.png\",\"contentUrl\":\"https:\/\/talkpal.ai\/wp-content\/uploads\/2023\/04\/japan.png\",\"width\":512,\"height\":512},{\"@type\":\"BreadcrumbList\",\"@id\":\"https:\/\/talkpal.ai\/tr\/japonca-dilbilgisi\/#breadcrumb\",\"itemListElement\":[{\"@type\":\"ListItem\",\"position\":1,\"name\":\"Homepage\",\"item\":\"https:\/\/talkpal.ai\/tr\/\"},{\"@type\":\"ListItem\",\"position\":2,\"name\":\"Japonca Dilbilgisi\"}]},{\"@type\":\"WebSite\",\"@id\":\"https:\/\/talkpal.ai\/tr\/#website\",\"url\":\"https:\/\/talkpal.ai\/tr\/\",\"name\":\"Talkpal\",\"description\":\"AI Language Learning\",\"publisher\":{\"@id\":\"https:\/\/talkpal.ai\/tr\/#organization\"},\"alternateName\":\"Talkpal AI\",\"potentialAction\":[{\"@type\":\"SearchAction\",\"target\":{\"@type\":\"EntryPoint\",\"urlTemplate\":\"https:\/\/talkpal.ai\/tr\/?s={search_term_string}\"},\"query-input\":{\"@type\":\"PropertyValueSpecification\",\"valueRequired\":true,\"valueName\":\"search_term_string\"}}],\"inLanguage\":\"tr\"},{\"@type\":\"Organization\",\"@id\":\"https:\/\/talkpal.ai\/tr\/#organization\",\"name\":\"Talkpal, Inc.\",\"alternateName\":\"Talkpal AI\",\"url\":\"https:\/\/talkpal.ai\/tr\/\",\"logo\":{\"@type\":\"ImageObject\",\"inLanguage\":\"tr\",\"@id\":\"https:\/\/talkpal.ai\/tr\/#\/schema\/logo\/image\/\",\"url\":\"https:\/\/talkpal.ai\/wp-content\/uploads\/2024\/03\/Talkpal-Logo-Icon.png\",\"contentUrl\":\"https:\/\/talkpal.ai\/wp-content\/uploads\/2024\/03\/Talkpal-Logo-Icon.png\",\"width\":2880,\"height\":2880,\"caption\":\"Talkpal, Inc.\"},\"image\":{\"@id\":\"https:\/\/talkpal.ai\/tr\/#\/schema\/logo\/image\/\"},\"sameAs\":[\"https:\/\/www.facebook.com\/profile.php?id=100090733639311\",\"https:\/\/x.com\/talkpalai\",\"https:\/\/www.linkedin.com\/company\/talkpal\/\",\"https:\/\/www.youtube.com\/@TalkPal\/\",\"https:\/\/www.tiktok.com\/@talkpal\",\"https:\/\/www.instagram.com\/talkpal_ai\/\",\"https:\/\/www.crunchbase.com\/organization\/talkpal-9cde\",\"https:\/\/www.g2.com\/products\/talkpal-for-business\/\",\"https:\/\/www.trustpilot.com\/review\/talkpal.ai\",\"https:\/\/www.capterra.com\/p\/10006800\/TalkPal\/\"],\"description\":\"Talkpal is a language learning web and mobile education app, powered by the latest AI technologies, that provides engaging experiences to its customers in many different languages to help them improve their language skills. Users can chat about unlimited amount of topics with the app and use other modes to practice their language learning.\",\"email\":\"support@talkpal.ai\",\"legalName\":\"Talkpal, Inc.\",\"foundingDate\":\"2023-04-03\",\"duns\":\"118989042\",\"numberOfEmployees\":{\"@type\":\"QuantitativeValue\",\"minValue\":\"11\",\"maxValue\":\"50\"},\"publishingPrinciples\":\"https:\/\/talkpal.ai\/publishing-principles\/\",\"actionableFeedbackPolicy\":\"https:\/\/talkpal.ai\/actionable-feedback-policy\/\",\"correctionsPolicy\":\"https:\/\/talkpal.ai\/corrections-policy\/\",\"ethicsPolicy\":\"https:\/\/talkpal.ai\/ethics-policy\/\",\"diversityPolicy\":\"https:\/\/talkpal.ai\/diversity-policy\/\",\"diversityStaffingReport\":\"https:\/\/talkpal.ai\/diversity-policy\/\"}]}<\/script>\n<!-- \/ Yoast SEO Premium plugin. -->","yoast_head_json":{"title":"Japonca Dilbilgisi - Talkpal","description":"Yapay zeka dil \u00f6\u011frenme uygulamam\u0131zla Japonca dilbilgisinde ustala\u015f\u0131n. Dil becerilerinizi kolayca geli\u015ftirin Talkpal'in yapay zeka deste\u011fi.","robots":{"index":"index","follow":"follow","max-snippet":"max-snippet:-1","max-image-preview":"max-image-preview:large","max-video-preview":"max-video-preview:-1"},"canonical":"https:\/\/talkpal.ai\/tr\/japonca-dilbilgisi\/","og_locale":"tr_TR","og_type":"article","og_title":"Japonca Dilbilgisi","og_description":"Japonca Dilbilgisinin Inceliklerine Hakim Olmak Dil merakl\u0131lar\u0131, b\u00fcy\u00fck \u00f6l\u00e7\u00fcde benzersiz dilbilgisi sistemi nedeniyle Japonca'y\u0131 genellikle b\u00fcy\u00fcleyici ve","og_url":"https:\/\/talkpal.ai\/tr\/japonca-dilbilgisi\/","og_site_name":"Talkpal","article_publisher":"https:\/\/www.facebook.com\/profile.php?id=100090733639311","article_modified_time":"2025-12-11T16:42:25+00:00","og_image":[{"width":512,"height":512,"url":"https:\/\/talkpal.ai\/wp-content\/uploads\/2023\/04\/japan.png","type":"image\/png"}],"twitter_card":"summary_large_image","twitter_site":"@talkpalai","twitter_misc":{"Tahmini okuma s\u00fcresi":"3 dakika"},"schema":{"@context":"https:\/\/schema.org","@graph":[{"@type":"WebPage","@id":"https:\/\/talkpal.ai\/tr\/japonca-dilbilgisi\/","url":"https:\/\/talkpal.ai\/tr\/japonca-dilbilgisi\/","name":"Japonca Dilbilgisi - Talkpal","isPartOf":{"@id":"https:\/\/talkpal.ai\/tr\/#website"},"primaryImageOfPage":{"@id":"https:\/\/talkpal.ai\/tr\/japonca-dilbilgisi\/#primaryimage"},"image":{"@id":"https:\/\/talkpal.ai\/tr\/japonca-dilbilgisi\/#primaryimage"},"thumbnailUrl":"https:\/\/talkpal.ai\/wp-content\/uploads\/2023\/04\/japan.png","datePublished":"2023-05-14T13:51:09+00:00","dateModified":"2025-12-11T16:42:25+00:00","description":"Yapay zeka dil \u00f6\u011frenme uygulamam\u0131zla Japonca dilbilgisinde ustala\u015f\u0131n. Dil becerilerinizi kolayca geli\u015ftirin Talkpal'in yapay zeka deste\u011fi.","breadcrumb":{"@id":"https:\/\/talkpal.ai\/tr\/japonca-dilbilgisi\/#breadcrumb"},"inLanguage":"tr","potentialAction":[{"@type":"ReadAction","target":["https:\/\/talkpal.ai\/tr\/japonca-dilbilgisi\/"]}]},{"@type":"ImageObject","inLanguage":"tr","@id":"https:\/\/talkpal.ai\/tr\/japonca-dilbilgisi\/#primaryimage","url":"https:\/\/talkpal.ai\/wp-content\/uploads\/2023\/04\/japan.png","contentUrl":"https:\/\/talkpal.ai\/wp-content\/uploads\/2023\/04\/japan.png","width":512,"height":512},{"@type":"BreadcrumbList","@id":"https:\/\/talkpal.ai\/tr\/japonca-dilbilgisi\/#breadcrumb","itemListElement":[{"@type":"ListItem","position":1,"name":"Homepage","item":"https:\/\/talkpal.ai\/tr\/"},{"@type":"ListItem","position":2,"name":"Japonca Dilbilgisi"}]},{"@type":"WebSite","@id":"https:\/\/talkpal.ai\/tr\/#website","url":"https:\/\/talkpal.ai\/tr\/","name":"Talkpal","description":"AI Language Learning","publisher":{"@id":"https:\/\/talkpal.ai\/tr\/#organization"},"alternateName":"Talkpal AI","potentialAction":[{"@type":"SearchAction","target":{"@type":"EntryPoint","urlTemplate":"https:\/\/talkpal.ai\/tr\/?s={search_term_string}"},"query-input":{"@type":"PropertyValueSpecification","valueRequired":true,"valueName":"search_term_string"}}],"inLanguage":"tr"},{"@type":"Organization","@id":"https:\/\/talkpal.ai\/tr\/#organization","name":"Talkpal, Inc.","alternateName":"Talkpal AI","url":"https:\/\/talkpal.ai\/tr\/","logo":{"@type":"ImageObject","inLanguage":"tr","@id":"https:\/\/talkpal.ai\/tr\/#\/schema\/logo\/image\/","url":"https:\/\/talkpal.ai\/wp-content\/uploads\/2024\/03\/Talkpal-Logo-Icon.png","contentUrl":"https:\/\/talkpal.ai\/wp-content\/uploads\/2024\/03\/Talkpal-Logo-Icon.png","width":2880,"height":2880,"caption":"Talkpal, Inc."},"image":{"@id":"https:\/\/talkpal.ai\/tr\/#\/schema\/logo\/image\/"},"sameAs":["https:\/\/www.facebook.com\/profile.php?id=100090733639311","https:\/\/x.com\/talkpalai","https:\/\/www.linkedin.com\/company\/talkpal\/","https:\/\/www.youtube.com\/@TalkPal\/","https:\/\/www.tiktok.com\/@talkpal","https:\/\/www.instagram.com\/talkpal_ai\/","https:\/\/www.crunchbase.com\/organization\/talkpal-9cde","https:\/\/www.g2.com\/products\/talkpal-for-business\/","https:\/\/www.trustpilot.com\/review\/talkpal.ai","https:\/\/www.capterra.com\/p\/10006800\/TalkPal\/"],"description":"Talkpal is a language learning web and mobile education app, powered by the latest AI technologies, that provides engaging experiences to its customers in many different languages to help them improve their language skills. Users can chat about unlimited amount of topics with the app and use other modes to practice their language learning.","email":"support@talkpal.ai","legalName":"Talkpal, Inc.","foundingDate":"2023-04-03","duns":"118989042","numberOfEmployees":{"@type":"QuantitativeValue","minValue":"11","maxValue":"50"},"publishingPrinciples":"https:\/\/talkpal.ai\/publishing-principles\/","actionableFeedbackPolicy":"https:\/\/talkpal.ai\/actionable-feedback-policy\/","correctionsPolicy":"https:\/\/talkpal.ai\/corrections-policy\/","ethicsPolicy":"https:\/\/talkpal.ai\/ethics-policy\/","diversityPolicy":"https:\/\/talkpal.ai\/diversity-policy\/","diversityStaffingReport":"https:\/\/talkpal.ai\/diversity-policy\/"}]}},"_links":{"self":[{"href":"https:\/\/talkpal.ai\/tr\/wp-json\/wp\/v2\/pages\/129868","targetHints":{"allow":["GET"]}}],"collection":[{"href":"https:\/\/talkpal.ai\/tr\/wp-json\/wp\/v2\/pages"}],"about":[{"href":"https:\/\/talkpal.ai\/tr\/wp-json\/wp\/v2\/types\/page"}],"author":[{"embeddable":true,"href":"https:\/\/talkpal.ai\/tr\/wp-json\/wp\/v2\/users\/1"}],"replies":[{"embeddable":true,"href":"https:\/\/talkpal.ai\/tr\/wp-json\/wp\/v2\/comments?post=129868"}],"version-history":[{"count":0,"href":"https:\/\/talkpal.ai\/tr\/wp-json\/wp\/v2\/pages\/129868\/revisions"}],"wp:featuredmedia":[{"embeddable":true,"href":"https:\/\/talkpal.ai\/tr\/wp-json\/wp\/v2\/media\/107193"}],"wp:attachment":[{"href":"https:\/\/talkpal.ai\/tr\/wp-json\/wp\/v2\/media?parent=129868"}],"curies":[{"name":"wp","href":"https:\/\/api.w.org\/{rel}","templated":true}]}}