{"id":129359,"date":"2023-05-14T13:50:44","date_gmt":"2023-05-14T13:50:44","guid":{"rendered":"http:\/\/talkpal.ai\/hintce-dilbilgisi\/"},"modified":"2025-12-13T15:11:39","modified_gmt":"2025-12-13T15:11:39","slug":"hintce-dilbilgisi","status":"publish","type":"page","link":"https:\/\/talkpal.ai\/tr\/hintce-dilbilgisi\/","title":{"rendered":"Hint\u00e7e Dilbilgisi"},"content":{"rendered":"\r\n\r\n\r\n<section class=\"languageChallengeSection\">\r\n    <div class=\"languageInfoWrapper\">\r\n        \r\n        <h1>Hint\u00e7e Dilbilgisi<\/h1>\r\n        <p><a href=\"https:\/\/talkpal.ai\/learn-hindi\/\">Hint\u00e7e<\/a> \u00f6\u011frenmeye haz\u0131r m\u0131s\u0131n\u0131z? Cinsiyetlendirilmi\u015f isimlerin, \u00f6zne-nesne-fiil c\u00fcmle yap\u0131s\u0131n\u0131n ve etkileyici fiil \u00e7ekimlerinin dile hayat verdi\u011fi Hint\u00e7e gramerine dal\u0131n. Hint\u00e7e yolculu\u011funuza bug\u00fcn ba\u015flay\u0131n &#8211; dilbilgisinde ustala\u015fmak, kendinize g\u00fcvenerek ileti\u015fim kurman\u0131z\u0131 ve Hindistan&#039;\u0131n canl\u0131 k\u00fclt\u00fcr\u00fc ve gelenekleriyle ba\u011flant\u0131 kurman\u0131z\u0131 sa\u011flayacakt\u0131r!<\/p>\r\n\r\n                            <a class=\"getStartedHidden\" href=\"https:\/\/app.talkpal.ai\/tr\/signup?lng=\">Hadi ba\u015fla<\/a>\r\n        \r\n    <\/div>\r\n\r\n    <figure>\r\n    <img decoding=\"async\" width=\"768\" height=\"768\" src=\"https:\/\/talkpal.ai\/wp-content\/uploads\/2023\/06\/hindi-768x768.png\" class=\"languageImage no-lazy\" alt=\"Language learning for mental agility\" fetchpriority=\"high\" sizes=\"(max-width: 768px) 150px, 768px\" srcset=\"https:\/\/talkpal.ai\/wp-content\/uploads\/2023\/06\/hindi-768x768.png 768w, https:\/\/talkpal.ai\/wp-content\/uploads\/2023\/06\/hindi-300x300.png 300w\" \/>\r\n    \r\n\r\n    <\/figure>\r\n\r\n            <a class=\"getStartedVisible\" href=\"https:\/\/app.talkpal.ai\/tr\/signup?lng=\">Hadi ba\u015fla<\/a>\r\n    \r\n<\/section>\r\n<section class=\"promotionalBanner\">\r\n    <p class=\"promotionalText\">Dil \u00f6\u011frenmenin en etkili yolu<\/p>\r\n    <a class=\"promotionalLink\" href=\"https:\/\/app.talkpal.ai\/tr\/signup?lng=\">Talkpal \u00fccretsiz deneyin<\/a>\r\n<\/section>\n<div class=\"wp-block-group pageContainerStyle\"><div class=\"wp-block-group__inner-container is-layout-constrained wp-block-group-is-layout-constrained\">\n<h2 class=\"wp-block-heading\" id=\"h-mastering-hindi-grammar-your-ultimate-guide\">Hint\u00e7e Dilbilgisinde Ustala\u015fmak: En \u0130yi Rehberiniz<\/h2>\n\n\n\n<p>Namaste, dil merakl\u0131lar\u0131! Hint\u00e7e dilbilgisi d\u00fcnyas\u0131n\u0131 ke\u015ffetmeye haz\u0131r m\u0131s\u0131n\u0131z? Do\u011fru yere geldiniz. Anla\u015f\u0131lmas\u0131 kolay bilgiler ve konu\u015fma tonuyla dolu bu makale, Hint\u00e7e dilbilgisinin b\u00fcy\u00fcleyici alan\u0131nda size rehberlik edecek. Yak\u0131nda, c\u00fcmleler kurabilecek ve ana dili \u0130ngilizce olan ki\u015filerle anlaml\u0131 konu\u015fmalar yapabileceksiniz. \u00d6yleyse, hemen konuya girelim!<\/p>\n\n\n\n<p><strong>Ama \u00f6nce, neden Hint\u00e7e dilbilgisi?<\/strong><\/p>\n\n\n\n<p>Hint\u00e7e \u00f6\u011freniyorsan\u0131z, dilbilgisinde g\u00fc\u00e7l\u00fc bir temel, ak\u0131c\u0131 bir \u015fekilde konu\u015fmak, okumak ve yazmak i\u00e7in \u00e7ok \u00f6nemlidir. Hint\u00e7e dilbilgisi ba\u015flang\u0131\u00e7ta karma\u015f\u0131k g\u00f6r\u00fcnse de, daha k\u00fc\u00e7\u00fck, y\u00f6netilebilir b\u00f6l\u00fcmlere ayr\u0131ld\u0131\u011f\u0131nda daha ula\u015f\u0131labilir hale gelir. Bu makale, Hint\u00e7e dilbilgisinde ustala\u015fma yolculu\u011funuza ba\u015flamak i\u00e7in m\u00fckemmel bir yer olacak!<\/p>\n\n\n\n<h3 class=\"wp-block-heading\" id=\"h-1-nouns-gender-and-cases\">1. \u0130simler, cinsiyet ve durumlar<\/h3>\n\n\n\n<p>Hint\u00e7e isimler iki cinsiyette gelir: eril ve di\u015fil. \u0130simlerin cinsiyetini belirlemek \u00f6nemlidir \u00e7\u00fcnk\u00fc bu, s\u0131fatlar ve fiiller gibi konu\u015fman\u0131n di\u011fer b\u00f6l\u00fcmlerini etkiler.  <\/p>\n\n\n\n<p>Basit bir kural: E\u011fer bir isim \u201c-aa\u201d (\u201c\u0906\u201d) ile bitiyorsa genellikle eril, \u201c-ii\u201d (\u201c\u0908\u201d) ile bitiyorsa genellikle di\u015fildir. Ama unutmay\u0131n &#8211; her zaman oldu\u011fu gibi, istisnalar vard\u0131r!  <\/p>\n\n\n\n<p>Hint\u00e7e isimler bir c\u00fcmledeki rollerine (\u00f6zne, nesne, iyelik vb.) ba\u011fl\u0131 olarak farkl\u0131 bi\u00e7imler al\u0131r. Bu formlara vaka denir. Hint\u00e7ede birincil durumlar do\u011frudan (\u201c\u0906\u092e \u0915\u094d\u0930\u092e\u201d), e\u011fik (\u201c\u0909\u092a \u0935\u093f\u0932\u094b\u092e\u201d) ve vokatiftir (\u201c\u0938\u0902\u092c\u094b\u0927\u0928\u201d).<\/p>\n\n\n\n<h3 class=\"wp-block-heading\" id=\"h-2-pronouns-and-agreement\">2. Zamirler ve anla\u015fma<\/h3>\n\n\n\n<p>Hint\u00e7e zamirler (ben, sen, o, o vb.) cinsiyete ve hiyerar\u015fiye g\u00f6re de\u011fi\u015fir. \u00d6rne\u011fin: \u092e\u0948\u0902 (main &#8211; ben), \u0924\u0941\u092e (tum &#8211; sen, gayri resmi), \u0906\u092a (aap &#8211; sen, resmi), \u0935\u0939 (vah &#8211; o), \u0939\u092e (hum &#8211; biz) ve \u0935\u0947 (ve &#8211; onlar).  <\/p>\n\n\n\n<p>Zamirleri kullan\u0131rken hiyerar\u015finin fark\u0131nda olmak \u00e7ok \u00f6nemlidir. \u00d6rne\u011fin, arkada\u015flar aras\u0131nda \u201c\u0924\u0941\u092e\u201d uygun olabilirken, b\u00fcy\u00fcklere veya yabanc\u0131lara hitap ederken \u201c\u0906\u092a\u201d kullanmak sayg\u0131 g\u00f6sterir.<\/p>\n\n\n\n<h3 class=\"wp-block-heading\" id=\"h-3-verbs-tense-and-conjugation\">3. Fiiller, zaman ve \u00e7ekim<\/h3>\n\n\n\n<p>Fiiller Hint\u00e7e dilbilgisinin bel kemi\u011fini olu\u015fturur ve bunlar\u0131 anlamak c\u00fcmle kurmak i\u00e7in hayati \u00f6nem ta\u015f\u0131r. Hint\u00e7e fiiller genel olarak ge\u00e7i\u015fli (\u201c\u0938\u0915\u0930\u094d\u092e\u0915\u201d) ve ge\u00e7i\u015fsiz (\u201c\u0905\u0915\u0930\u094d\u092e\u0915\u201d) olarak kategorize edilir ve her biri i\u00e7in farkl\u0131 \u00e7ekim kurallar\u0131 vard\u0131r.  <\/p>\n\n\n\n<p>Size h\u0131zl\u0131 bir genel bak\u0131\u015f sa\u011flamak i\u00e7in, d\u00fczenli fiillerin \u015fimdiki zaman \u00e7ekimini tart\u0131\u015fal\u0131m:<\/p>\n\n\n\n<p>&#8211; \u092e\u0948\u0902 \u092a\u0922\u093c\u0924\u093e \u0939\u0942\u0901 (main padhta hoon &#8211; okudum, eril)<\/p>\n\n\n\n<p>&#8211; \u092e\u0948\u0902 \u092a\u0922\u093c\u0924\u0940 \u0939\u0942\u0901 (main padhti hoon &#8211; okudum, di\u015fil)<\/p>\n\n\n\n<p>&#8211; \u0924\u0941\u092e \u092a\u0922\u093c\u0924\u0947 \u0939\u094b (tum padhte ho &#8211; okudunuz, gayri resmi, eril)<\/p>\n\n\n\n<p>&#8211; \u0924\u0941\u092e \u092a\u0922\u093c\u0924\u0940 \u0939\u094b (tum padhti ho &#8211; okudunuz, gayri resmi, di\u015fil)<\/p>\n\n\n\n<p>Unutmay\u0131n, bu sadece ba\u015flang\u0131\u00e7! Ustala\u015fman\u0131z gereken bir\u00e7ok zaman ve d\u00fczensiz fiil vard\u0131r, ancak her yeni ad\u0131m sizi ak\u0131c\u0131l\u0131\u011fa yakla\u015ft\u0131r\u0131r.<\/p>\n\n\n\n<h3 class=\"wp-block-heading\" id=\"h-4-adjectives-adverbs-and-more\">4. S\u0131fatlar, zarflar ve daha fazlas\u0131!<\/h3>\n\n\n\n<p>Hint\u00e7e dilbilgisi, s\u0131fatlar (cinsiyet ve say\u0131 olarak isimlerle ayn\u0131 fikirde olmas\u0131 gereken), zarflar, edatlar ve deyimsel ifadeler gibi di\u011fer bile\u015fenleri i\u00e7erir. Her \u00f6\u011fe Hint\u00e7e&#8217;yi ak\u0131c\u0131 hale getirmenin anahtar\u0131d\u0131r, bu nedenle bunlar\u0131 ad\u0131m ad\u0131m ele al\u0131n.<\/p>\n\n\n\n<p>Sonu\u00e7 olarak, Hint\u00e7e dilbilgisinde ustala\u015fman\u0131n kestirme bir yolu yoktur. Israr, pratik ve sab\u0131r gerektirir. Ancak, bir kez kavrad\u0131\u011f\u0131n\u0131zda, Hint\u00e7e konu\u015fman\u0131n n\u00fcanslar\u0131n\u0131 takdir edebilecek, zengin k\u00fclt\u00fcr ve tarihi ortaya \u00e7\u0131karabilecek ve dile olan sevginizi derinle\u015ftirebileceksiniz. \u0936\u0941\u092d\u0915\u093e\u092e\u0928\u093e\u090f\u0901 (shubhkaamnaayein &#8211; en iyi dileklerimle)!<\/p>\n<\/div><\/div>\n\r\n<section class=\"learnNavigationSection\">\r\n            \r\n        <a href=\"https:\/\/talkpal.ai\/tr\/hintce-ogren\/\">\r\n            <div class=\"learnNavigationWrapper\">\r\n                <div class=\"learnNavigationContent\">\r\n                    <img decoding=\"async\" src=\"https:\/\/talkpal.ai\/wp-content\/uploads\/2024\/08\/Hindi.jpg\" alt=\"Indian Flag\">\r\n                    <div>\r\n                        <h4>Hint\u00e7e \u00d6\u011frenimi Hakk\u0131nda<\/h4>\r\n                        <p>Hint\u00e7e dilbilgisi hakk\u0131nda her \u015feyi \u00f6\u011frenin .<\/p>\r\n                    <\/div>\r\n                <\/div>\r\n            <\/div>\r\n        <\/a>\r\n\r\n        \r\n        <a href=\"https:\/\/talkpal.ai\/tr\/hintce-dilbilgisi-alistirmalari\/\">\r\n            <div class=\"learnNavigationWrapper\">\r\n                <div class=\"learnNavigationContent\">\r\n                    <img decoding=\"async\" src=\"https:\/\/talkpal.ai\/wp-content\/uploads\/2024\/08\/Hindi.jpg\" alt=\"Indian Flag\">\r\n                    <div>\r\n                        <h4>Hint\u00e7e Dilbilgisi Al\u0131\u015ft\u0131rmas\u0131<\/h4>\r\n                        <p>Hint\u00e7e dilbilgisi al\u0131\u015ft\u0131rmas\u0131 yap\u0131n .<\/p>\r\n                    <\/div>\r\n                <\/div>\r\n            <\/div>\r\n        <\/a>\r\n\r\n        \r\n        <a href=\"https:\/\/talkpal.ai\/vocabulary_language\/hindi\/\">\r\n            <div class=\"learnNavigationWrapper\">\r\n                <div class=\"learnNavigationContent\">\r\n                    <img decoding=\"async\" src=\"https:\/\/talkpal.ai\/wp-content\/uploads\/2024\/08\/Hindi.jpg\" alt=\"Indian Flag\">\r\n                    <div>\r\n                        <h4>Hint\u00e7e Kelime Bilgisi<\/h4>\r\n                        <p>Hint\u00e7e kelime da\u011farc\u0131\u011f\u0131n\u0131z\u0131 geni\u015fletin.<\/p>\r\n                    <\/div>\r\n                <\/div>\r\n            <\/div>\r\n        <\/a>\r\n\r\n            <\/section>","protected":false},"excerpt":{"rendered":"<p>Hint\u00e7e Dilbilgisinde Ustala\u015fmak: En \u0130yi Rehberiniz Namaste, dil merakl\u0131lar\u0131! Hint\u00e7e dilbilgisi d\u00fcnyas\u0131n\u0131 ke\u015ffetmeye haz\u0131r m\u0131s\u0131n\u0131z? Do\u011fru yere geldiniz. Anla\u015f\u0131lmas\u0131 kolay bilgiler ve konu\u015fma tonuyla dolu bu makale, Hint\u00e7e dilbilgisinin b\u00fcy\u00fcleyici alan\u0131nda size rehberlik edecek. Yak\u0131nda, c\u00fcmleler kurabilecek ve ana dili \u0130ngilizce olan ki\u015filerle anlaml\u0131 konu\u015fmalar yapabileceksiniz. \u00d6yleyse, hemen konuya girelim! Ama \u00f6nce, neden Hint\u00e7e dilbilgisi? [&hellip;]<\/p>\n","protected":false},"author":1,"featured_media":188236,"parent":0,"menu_order":0,"comment_status":"closed","ping_status":"closed","template":"LearningContentPage.php","meta":{"_acf_changed":false,"footnotes":""},"class_list":["post-129359","page","type-page","status-publish","has-post-thumbnail","hentry"],"acf":[],"yoast_head":"<!-- This site is optimized with the Yoast SEO Premium plugin v27.2 (Yoast SEO v27.2) - https:\/\/yoast.com\/product\/yoast-seo-premium-wordpress\/ -->\n<title>Hint\u00e7e Dilbilgisi - Talkpal<\/title>\n<meta name=\"description\" content=\"Hint\u00e7e dilbilgisinde g\u00fcvenle ustala\u015f\u0131n - a\u00e7\u0131k kurallar\u0131 \u00f6\u011frenin, do\u011fru c\u00fcmleler kurun ve kolay rehberlikle daha iyi konu\u015fun Talkpal AI.\" \/>\n<meta name=\"robots\" content=\"index, follow, max-snippet:-1, max-image-preview:large, max-video-preview:-1\" \/>\n<link rel=\"canonical\" href=\"https:\/\/talkpal.ai\/tr\/hintce-dilbilgisi\/\" \/>\n<meta property=\"og:locale\" content=\"tr_TR\" \/>\n<meta property=\"og:type\" content=\"article\" \/>\n<meta property=\"og:title\" content=\"Hint\u00e7e Dilbilgisi\" \/>\n<meta property=\"og:description\" content=\"Hint\u00e7e Dilbilgisinde Ustala\u015fmak: En \u0130yi Rehberiniz Namaste, dil merakl\u0131lar\u0131! Hint\u00e7e dilbilgisi d\u00fcnyas\u0131n\u0131 ke\u015ffetmeye haz\u0131r m\u0131s\u0131n\u0131z? Do\u011fru yere geldiniz.\" \/>\n<meta property=\"og:url\" content=\"https:\/\/talkpal.ai\/tr\/hintce-dilbilgisi\/\" \/>\n<meta property=\"og:site_name\" content=\"Talkpal\" \/>\n<meta property=\"article:publisher\" content=\"https:\/\/www.facebook.com\/profile.php?id=100090733639311\" \/>\n<meta property=\"article:modified_time\" content=\"2025-12-13T15:11:39+00:00\" \/>\n<meta property=\"og:image\" content=\"https:\/\/talkpal.ai\/wp-content\/uploads\/2024\/02\/india.png\" \/>\n\t<meta property=\"og:image:width\" content=\"517\" \/>\n\t<meta property=\"og:image:height\" content=\"517\" \/>\n\t<meta property=\"og:image:type\" content=\"image\/png\" \/>\n<meta name=\"twitter:card\" content=\"summary_large_image\" \/>\n<meta name=\"twitter:site\" content=\"@talkpalai\" \/>\n<meta name=\"twitter:label1\" content=\"Tahmini okuma s\u00fcresi\" \/>\n\t<meta name=\"twitter:data1\" content=\"3 dakika\" \/>\n<script type=\"application\/ld+json\" class=\"yoast-schema-graph\">{\"@context\":\"https:\/\/schema.org\",\"@graph\":[{\"@type\":\"WebPage\",\"@id\":\"https:\/\/talkpal.ai\/tr\/hintce-dilbilgisi\/\",\"url\":\"https:\/\/talkpal.ai\/tr\/hintce-dilbilgisi\/\",\"name\":\"Hint\u00e7e Dilbilgisi - Talkpal\",\"isPartOf\":{\"@id\":\"https:\/\/talkpal.ai\/tr\/#website\"},\"primaryImageOfPage\":{\"@id\":\"https:\/\/talkpal.ai\/tr\/hintce-dilbilgisi\/#primaryimage\"},\"image\":{\"@id\":\"https:\/\/talkpal.ai\/tr\/hintce-dilbilgisi\/#primaryimage\"},\"thumbnailUrl\":\"https:\/\/talkpal.ai\/wp-content\/uploads\/2024\/02\/india.png\",\"datePublished\":\"2023-05-14T13:50:44+00:00\",\"dateModified\":\"2025-12-13T15:11:39+00:00\",\"description\":\"Hint\u00e7e dilbilgisinde g\u00fcvenle ustala\u015f\u0131n - a\u00e7\u0131k kurallar\u0131 \u00f6\u011frenin, do\u011fru c\u00fcmleler kurun ve kolay rehberlikle daha iyi konu\u015fun Talkpal AI.\",\"breadcrumb\":{\"@id\":\"https:\/\/talkpal.ai\/tr\/hintce-dilbilgisi\/#breadcrumb\"},\"inLanguage\":\"tr\",\"potentialAction\":[{\"@type\":\"ReadAction\",\"target\":[\"https:\/\/talkpal.ai\/tr\/hintce-dilbilgisi\/\"]}]},{\"@type\":\"ImageObject\",\"inLanguage\":\"tr\",\"@id\":\"https:\/\/talkpal.ai\/tr\/hintce-dilbilgisi\/#primaryimage\",\"url\":\"https:\/\/talkpal.ai\/wp-content\/uploads\/2024\/02\/india.png\",\"contentUrl\":\"https:\/\/talkpal.ai\/wp-content\/uploads\/2024\/02\/india.png\",\"width\":517,\"height\":517,\"caption\":\"TalkPal Indian Flag\"},{\"@type\":\"BreadcrumbList\",\"@id\":\"https:\/\/talkpal.ai\/tr\/hintce-dilbilgisi\/#breadcrumb\",\"itemListElement\":[{\"@type\":\"ListItem\",\"position\":1,\"name\":\"Homepage\",\"item\":\"https:\/\/talkpal.ai\/tr\/\"},{\"@type\":\"ListItem\",\"position\":2,\"name\":\"Hint\u00e7e Dilbilgisi\"}]},{\"@type\":\"WebSite\",\"@id\":\"https:\/\/talkpal.ai\/tr\/#website\",\"url\":\"https:\/\/talkpal.ai\/tr\/\",\"name\":\"Talkpal\",\"description\":\"AI Language Learning\",\"publisher\":{\"@id\":\"https:\/\/talkpal.ai\/tr\/#organization\"},\"alternateName\":\"Talkpal AI\",\"potentialAction\":[{\"@type\":\"SearchAction\",\"target\":{\"@type\":\"EntryPoint\",\"urlTemplate\":\"https:\/\/talkpal.ai\/tr\/?s={search_term_string}\"},\"query-input\":{\"@type\":\"PropertyValueSpecification\",\"valueRequired\":true,\"valueName\":\"search_term_string\"}}],\"inLanguage\":\"tr\"},{\"@type\":\"Organization\",\"@id\":\"https:\/\/talkpal.ai\/tr\/#organization\",\"name\":\"Talkpal, Inc.\",\"alternateName\":\"Talkpal AI\",\"url\":\"https:\/\/talkpal.ai\/tr\/\",\"logo\":{\"@type\":\"ImageObject\",\"inLanguage\":\"tr\",\"@id\":\"https:\/\/talkpal.ai\/tr\/#\/schema\/logo\/image\/\",\"url\":\"https:\/\/talkpal.ai\/wp-content\/uploads\/2024\/03\/Talkpal-Logo-Icon.png\",\"contentUrl\":\"https:\/\/talkpal.ai\/wp-content\/uploads\/2024\/03\/Talkpal-Logo-Icon.png\",\"width\":2880,\"height\":2880,\"caption\":\"Talkpal, Inc.\"},\"image\":{\"@id\":\"https:\/\/talkpal.ai\/tr\/#\/schema\/logo\/image\/\"},\"sameAs\":[\"https:\/\/www.facebook.com\/profile.php?id=100090733639311\",\"https:\/\/x.com\/talkpalai\",\"https:\/\/www.linkedin.com\/company\/talkpal\/\",\"https:\/\/www.youtube.com\/@TalkPal\/\",\"https:\/\/www.tiktok.com\/@talkpal\",\"https:\/\/www.instagram.com\/talkpal_ai\/\",\"https:\/\/www.crunchbase.com\/organization\/talkpal-9cde\",\"https:\/\/www.g2.com\/products\/talkpal-for-business\/\",\"https:\/\/www.trustpilot.com\/review\/talkpal.ai\",\"https:\/\/www.capterra.com\/p\/10006800\/TalkPal\/\"],\"description\":\"Talkpal is a language learning web and mobile education app, powered by the latest AI technologies, that provides engaging experiences to its customers in many different languages to help them improve their language skills. Users can chat about unlimited amount of topics with the app and use other modes to practice their language learning.\",\"email\":\"support@talkpal.ai\",\"legalName\":\"Talkpal, Inc.\",\"foundingDate\":\"2023-04-03\",\"duns\":\"118989042\",\"numberOfEmployees\":{\"@type\":\"QuantitativeValue\",\"minValue\":\"11\",\"maxValue\":\"50\"},\"publishingPrinciples\":\"https:\/\/talkpal.ai\/publishing-principles\/\",\"actionableFeedbackPolicy\":\"https:\/\/talkpal.ai\/actionable-feedback-policy\/\",\"correctionsPolicy\":\"https:\/\/talkpal.ai\/corrections-policy\/\",\"ethicsPolicy\":\"https:\/\/talkpal.ai\/ethics-policy\/\",\"diversityPolicy\":\"https:\/\/talkpal.ai\/diversity-policy\/\",\"diversityStaffingReport\":\"https:\/\/talkpal.ai\/diversity-policy\/\"}]}<\/script>\n<!-- \/ Yoast SEO Premium plugin. -->","yoast_head_json":{"title":"Hint\u00e7e Dilbilgisi - Talkpal","description":"Hint\u00e7e dilbilgisinde g\u00fcvenle ustala\u015f\u0131n - a\u00e7\u0131k kurallar\u0131 \u00f6\u011frenin, do\u011fru c\u00fcmleler kurun ve kolay rehberlikle daha iyi konu\u015fun Talkpal AI.","robots":{"index":"index","follow":"follow","max-snippet":"max-snippet:-1","max-image-preview":"max-image-preview:large","max-video-preview":"max-video-preview:-1"},"canonical":"https:\/\/talkpal.ai\/tr\/hintce-dilbilgisi\/","og_locale":"tr_TR","og_type":"article","og_title":"Hint\u00e7e Dilbilgisi","og_description":"Hint\u00e7e Dilbilgisinde Ustala\u015fmak: En \u0130yi Rehberiniz Namaste, dil merakl\u0131lar\u0131! Hint\u00e7e dilbilgisi d\u00fcnyas\u0131n\u0131 ke\u015ffetmeye haz\u0131r m\u0131s\u0131n\u0131z? Do\u011fru yere geldiniz.","og_url":"https:\/\/talkpal.ai\/tr\/hintce-dilbilgisi\/","og_site_name":"Talkpal","article_publisher":"https:\/\/www.facebook.com\/profile.php?id=100090733639311","article_modified_time":"2025-12-13T15:11:39+00:00","og_image":[{"width":517,"height":517,"url":"https:\/\/talkpal.ai\/wp-content\/uploads\/2024\/02\/india.png","type":"image\/png"}],"twitter_card":"summary_large_image","twitter_site":"@talkpalai","twitter_misc":{"Tahmini okuma s\u00fcresi":"3 dakika"},"schema":{"@context":"https:\/\/schema.org","@graph":[{"@type":"WebPage","@id":"https:\/\/talkpal.ai\/tr\/hintce-dilbilgisi\/","url":"https:\/\/talkpal.ai\/tr\/hintce-dilbilgisi\/","name":"Hint\u00e7e Dilbilgisi - Talkpal","isPartOf":{"@id":"https:\/\/talkpal.ai\/tr\/#website"},"primaryImageOfPage":{"@id":"https:\/\/talkpal.ai\/tr\/hintce-dilbilgisi\/#primaryimage"},"image":{"@id":"https:\/\/talkpal.ai\/tr\/hintce-dilbilgisi\/#primaryimage"},"thumbnailUrl":"https:\/\/talkpal.ai\/wp-content\/uploads\/2024\/02\/india.png","datePublished":"2023-05-14T13:50:44+00:00","dateModified":"2025-12-13T15:11:39+00:00","description":"Hint\u00e7e dilbilgisinde g\u00fcvenle ustala\u015f\u0131n - a\u00e7\u0131k kurallar\u0131 \u00f6\u011frenin, do\u011fru c\u00fcmleler kurun ve kolay rehberlikle daha iyi konu\u015fun Talkpal AI.","breadcrumb":{"@id":"https:\/\/talkpal.ai\/tr\/hintce-dilbilgisi\/#breadcrumb"},"inLanguage":"tr","potentialAction":[{"@type":"ReadAction","target":["https:\/\/talkpal.ai\/tr\/hintce-dilbilgisi\/"]}]},{"@type":"ImageObject","inLanguage":"tr","@id":"https:\/\/talkpal.ai\/tr\/hintce-dilbilgisi\/#primaryimage","url":"https:\/\/talkpal.ai\/wp-content\/uploads\/2024\/02\/india.png","contentUrl":"https:\/\/talkpal.ai\/wp-content\/uploads\/2024\/02\/india.png","width":517,"height":517,"caption":"TalkPal Indian Flag"},{"@type":"BreadcrumbList","@id":"https:\/\/talkpal.ai\/tr\/hintce-dilbilgisi\/#breadcrumb","itemListElement":[{"@type":"ListItem","position":1,"name":"Homepage","item":"https:\/\/talkpal.ai\/tr\/"},{"@type":"ListItem","position":2,"name":"Hint\u00e7e Dilbilgisi"}]},{"@type":"WebSite","@id":"https:\/\/talkpal.ai\/tr\/#website","url":"https:\/\/talkpal.ai\/tr\/","name":"Talkpal","description":"AI Language Learning","publisher":{"@id":"https:\/\/talkpal.ai\/tr\/#organization"},"alternateName":"Talkpal AI","potentialAction":[{"@type":"SearchAction","target":{"@type":"EntryPoint","urlTemplate":"https:\/\/talkpal.ai\/tr\/?s={search_term_string}"},"query-input":{"@type":"PropertyValueSpecification","valueRequired":true,"valueName":"search_term_string"}}],"inLanguage":"tr"},{"@type":"Organization","@id":"https:\/\/talkpal.ai\/tr\/#organization","name":"Talkpal, Inc.","alternateName":"Talkpal AI","url":"https:\/\/talkpal.ai\/tr\/","logo":{"@type":"ImageObject","inLanguage":"tr","@id":"https:\/\/talkpal.ai\/tr\/#\/schema\/logo\/image\/","url":"https:\/\/talkpal.ai\/wp-content\/uploads\/2024\/03\/Talkpal-Logo-Icon.png","contentUrl":"https:\/\/talkpal.ai\/wp-content\/uploads\/2024\/03\/Talkpal-Logo-Icon.png","width":2880,"height":2880,"caption":"Talkpal, Inc."},"image":{"@id":"https:\/\/talkpal.ai\/tr\/#\/schema\/logo\/image\/"},"sameAs":["https:\/\/www.facebook.com\/profile.php?id=100090733639311","https:\/\/x.com\/talkpalai","https:\/\/www.linkedin.com\/company\/talkpal\/","https:\/\/www.youtube.com\/@TalkPal\/","https:\/\/www.tiktok.com\/@talkpal","https:\/\/www.instagram.com\/talkpal_ai\/","https:\/\/www.crunchbase.com\/organization\/talkpal-9cde","https:\/\/www.g2.com\/products\/talkpal-for-business\/","https:\/\/www.trustpilot.com\/review\/talkpal.ai","https:\/\/www.capterra.com\/p\/10006800\/TalkPal\/"],"description":"Talkpal is a language learning web and mobile education app, powered by the latest AI technologies, that provides engaging experiences to its customers in many different languages to help them improve their language skills. Users can chat about unlimited amount of topics with the app and use other modes to practice their language learning.","email":"support@talkpal.ai","legalName":"Talkpal, Inc.","foundingDate":"2023-04-03","duns":"118989042","numberOfEmployees":{"@type":"QuantitativeValue","minValue":"11","maxValue":"50"},"publishingPrinciples":"https:\/\/talkpal.ai\/publishing-principles\/","actionableFeedbackPolicy":"https:\/\/talkpal.ai\/actionable-feedback-policy\/","correctionsPolicy":"https:\/\/talkpal.ai\/corrections-policy\/","ethicsPolicy":"https:\/\/talkpal.ai\/ethics-policy\/","diversityPolicy":"https:\/\/talkpal.ai\/diversity-policy\/","diversityStaffingReport":"https:\/\/talkpal.ai\/diversity-policy\/"}]}},"_links":{"self":[{"href":"https:\/\/talkpal.ai\/tr\/wp-json\/wp\/v2\/pages\/129359","targetHints":{"allow":["GET"]}}],"collection":[{"href":"https:\/\/talkpal.ai\/tr\/wp-json\/wp\/v2\/pages"}],"about":[{"href":"https:\/\/talkpal.ai\/tr\/wp-json\/wp\/v2\/types\/page"}],"author":[{"embeddable":true,"href":"https:\/\/talkpal.ai\/tr\/wp-json\/wp\/v2\/users\/1"}],"replies":[{"embeddable":true,"href":"https:\/\/talkpal.ai\/tr\/wp-json\/wp\/v2\/comments?post=129359"}],"version-history":[{"count":0,"href":"https:\/\/talkpal.ai\/tr\/wp-json\/wp\/v2\/pages\/129359\/revisions"}],"wp:featuredmedia":[{"embeddable":true,"href":"https:\/\/talkpal.ai\/tr\/wp-json\/wp\/v2\/media\/188236"}],"wp:attachment":[{"href":"https:\/\/talkpal.ai\/tr\/wp-json\/wp\/v2\/media?parent=129359"}],"curies":[{"name":"wp","href":"https:\/\/api.w.org\/{rel}","templated":true}]}}