{"id":129013,"date":"2023-05-14T13:50:21","date_gmt":"2023-05-14T13:50:21","guid":{"rendered":"http:\/\/talkpal.ai\/fince-dilbilgisi\/"},"modified":"2025-12-11T17:05:34","modified_gmt":"2025-12-11T17:05:34","slug":"fince-dilbilgisi","status":"publish","type":"page","link":"https:\/\/talkpal.ai\/tr\/fince-dilbilgisi\/","title":{"rendered":"Fince Dilbilgisi"},"content":{"rendered":"\r\n\r\n\r\n<section class=\"languageChallengeSection\">\r\n    <div class=\"languageInfoWrapper\">\r\n        \r\n        <h1>Fince Dilbilgisi<\/h1>\r\n        <p>Fince&#039;nin s\u0131rlar\u0131n\u0131 ke\u015ffetmeye haz\u0131r m\u0131s\u0131n\u0131z? Mant\u0131ksal yap\u0131s\u0131, sesli harf uyumu ve etkileyici bir dizi durumuyla \u00fcnl\u00fc <a href=\"https:\/\/talkpal.ai\/learn-finnish\/\">Fince<\/a> dilbilgisine dal\u0131n. \u00d6\u011frenmeye bug\u00fcn ba\u015flay\u0131n &#8211; Fince dilbilgisinde ustala\u015fmak size Finlandiya&#039;n\u0131n zengin k\u00fclt\u00fcr ve geleneklerine kap\u0131 a\u00e7arken konu\u015fma ve ba\u011flant\u0131 kurma konusunda g\u00fcven verecektir!<\/p>\r\n\r\n                            <a class=\"getStartedHidden\" href=\"https:\/\/app.talkpal.ai\/tr\/signup?lng=\">Hadi ba\u015fla<\/a>\r\n        \r\n    <\/div>\r\n\r\n    <figure>\r\n    <img decoding=\"async\" width=\"768\" height=\"768\" src=\"https:\/\/talkpal.ai\/wp-content\/uploads\/2023\/06\/Finnish-768x768.png\" class=\"languageImage no-lazy\" alt=\"Develop your language aptitude learning\" fetchpriority=\"high\" sizes=\"(max-width: 768px) 150px, 768px\" srcset=\"https:\/\/talkpal.ai\/wp-content\/uploads\/2023\/06\/Finnish-768x768.png 768w, https:\/\/talkpal.ai\/wp-content\/uploads\/2023\/06\/Finnish-300x300.png 300w\" \/>\r\n    \r\n\r\n    <\/figure>\r\n\r\n            <a class=\"getStartedVisible\" href=\"https:\/\/app.talkpal.ai\/tr\/signup?lng=\">Hadi ba\u015fla<\/a>\r\n    \r\n<\/section>\r\n<section class=\"promotionalBanner\">\r\n    <p class=\"promotionalText\">Dil \u00f6\u011frenmenin en etkili yolu<\/p>\r\n    <a class=\"promotionalLink\" href=\"https:\/\/app.talkpal.ai\/tr\/signup?lng=\">Talkpal \u00fccretsiz deneyin<\/a>\r\n<\/section>\n<div class=\"wp-block-group pageContainerStyle\"><div class=\"wp-block-group__inner-container is-layout-constrained wp-block-group-is-layout-constrained\">\n<h2 class=\"wp-block-heading\" id=\"h-finnish-grammar-a-guide-to-mastering-the-complexities-of-the-finnish-language\">Fince Dilbilgisi: Fin Dilinin Karma\u015f\u0131kl\u0131klar\u0131na Hakim Olma Rehberi<\/h2>\n\n\n\n<p>Yakla\u015f\u0131k 5 milyon ki\u015fi taraf\u0131ndan konu\u015fulan e\u015fsiz ve b\u00fcy\u00fcleyici bir dil olan Fince, karma\u015f\u0131kl\u0131\u011f\u0131 ve kendine \u00f6zg\u00fc gramer sistemi ile bilinir. \u0130lk bak\u0131\u015fta, Fince dilbilgisindeki kurallar ve yap\u0131lar g\u00f6z korkutucu g\u00f6r\u00fcnebilir, ancak korkmay\u0131n! Sab\u0131r, pratik ve rehberlikle Fince dilbilgisinin gizemlerini ortaya \u00e7\u0131karabilir ve dil becerilerinizi geli\u015ftirebilirsiniz. Bu makalede, Fince dilbilgisine genel bir bak\u0131\u015f sunaca\u011f\u0131z ve \u00f6\u011frenme yolculu\u011funuzu daha sorunsuz hale getirmek i\u00e7in baz\u0131 ipu\u00e7lar\u0131 payla\u015faca\u011f\u0131z.<\/p>\n\n\n\n<h3 class=\"wp-block-heading\" id=\"h-the-basics-of-finnish-grammar\">Fince Dilbilgisinin Temelleri:<\/h3>\n\n\n\n<p>\u0130ngilizce dilbilgisinden olduk\u00e7a farkl\u0131 olan <a href=\"https:\/\/talkpal.ai\/finnish-grammar\/\">Fince dilbilgisi<\/a>, zengin vaka kullan\u0131m\u0131, dilbilgisel cinsiyet eksikli\u011fi ve benzersiz fiil \u00e7ekim sistemi ile karakterizedir. Fince dilbilgisinin a\u015fina olman\u0131z gereken baz\u0131 temel y\u00f6nleri \u015funlard\u0131r:<\/p>\n\n\n\n<p><strong>1. \u0130sim durumlar\u0131:<\/strong> Fince&#8217;de, bir isim ile bir c\u00fcmlenin di\u011fer bile\u015fenleri aras\u0131ndaki ili\u015fkiyi ifade eden 15 isim durumu vard\u0131r. Her isim durumunun, ismin k\u00f6k\u00fcne eklenen belirli bir sonu vard\u0131r. \u0130sim durumlar\u0131na birka\u00e7 \u00f6rnek, nominatif, genitive, accusative ve partitive&#8217;i i\u00e7erir.<\/p>\n\n\n\n<p><strong>2. Dilbilgisel cinsiyet yok:<\/strong> Bir\u00e7ok dilin aksine, Fince isimlere cinsiyet atfetmez. Bunun yerine, dilde hem &#8216;erkek&#8217; hem de &#8216;di\u015fi&#8217; anlam\u0131na gelen tek bir kelime &#8211; h\u00e4n &#8211; kullan\u0131l\u0131r. Bu \u00f6zellik Fince \u00f6\u011frenme s\u00fcrecini basitle\u015ftirir ve cinsiyete dayal\u0131 artikelleri veya zamir formlar\u0131n\u0131 ezberleme ihtiyac\u0131n\u0131 ortadan kald\u0131r\u0131r.<\/p>\n\n\n\n<p><strong>3. Fiil \u00e7ekimi:<\/strong> Fince fiiller zaman, ruh hali ve sese g\u00f6re \u00e7ekimlenir. Fince&#8217;de d\u00f6rt fiil zaman\u0131 vard\u0131r: \u015fimdiki zaman, ge\u00e7mi\u015f, m\u00fckemmel ve \u00e7o\u011ful. Ek olarak, Fince fiillerin be\u015f hali vard\u0131r: g\u00f6sterge, ko\u015fullu, potansiyel, emir kipi ve olayl\u0131.<\/p>\n\n\n\n<p><strong>4. \u00dcnl\u00fc uyumu<\/strong> : Fince&#8217;de sesli harfler \u00fc\u00e7 gruba ayr\u0131l\u0131r: \u00f6n (\u00e4, \u00f6, y), arka (a, o, u) ve n\u00f6tr (i, e). \u00dcnl\u00fc uyumu nedeniyle, bile\u015fik kelimeler ve baz\u0131 \u00f6d\u00fcn\u00e7 kelimeler d\u0131\u015f\u0131nda, \u00f6n ve arka \u00fcnl\u00fcler tipik olarak ayn\u0131 kelimede g\u00f6r\u00fcnemez.<\/p>\n\n\n\n<h3 class=\"wp-block-heading\" id=\"h-strategies-for-learning-finnish-grammar\">Fince Dilbilgisi \u00d6\u011frenme Stratejileri:<\/h3>\n\n\n\n<p>Fince dilbilgisini anlamak \u00e7ok zor g\u00f6r\u00fcnebilir, ancak do\u011fru zihniyet ve \u00f6\u011frenme stratejileri ile bunu ba\u015farabilirsiniz. \u0130\u015fte \u00e7al\u0131\u015fman\u0131za rehberlik edecek baz\u0131 yararl\u0131 ipu\u00e7lar\u0131:<\/p>\n\n\n\n<p><strong>1. K\u00fc\u00e7\u00fck ad\u0131mlar at\u0131n:<\/strong> \u0130sim durumlar\u0131 ve fiil \u00e7ekimi gibi Fince dilbilgisinin temelleriyle ba\u015flay\u0131n. Karma\u015f\u0131k kurallar\u0131 daha k\u00fc\u00e7\u00fck, sindirilebilir par\u00e7alara ay\u0131rarak, istikrarl\u0131 bir \u015fekilde ilerleyebilir ve g\u00fc\u00e7l\u00fc bir temel olu\u015fturabilirsiniz.<\/p>\n\n\n\n<p><strong>2. D\u00fczenli olarak pratik yap\u0131n:<\/strong> Bir dil \u00f6\u011frenirken tutarl\u0131l\u0131k \u00e7ok \u00f6nemlidir. Fince al\u0131\u015ft\u0131rmalar, okuma ve yazma yoluyla dilbilgisi prati\u011fi yapmak i\u00e7in her g\u00fcn veya hafta zaman ay\u0131r\u0131n.<\/p>\n\n\n\n<p><strong>3. Yerel kaynaklar\u0131 kullan\u0131n:<\/strong> Fince dilbilgisini ba\u011flam i\u00e7inde daha iyi anlamak i\u00e7in kendinizi edebiyat, haber makaleleri ve podcast&#8217;ler gibi yerel materyallere b\u0131rak\u0131n. Bu, kurallar\u0131 i\u00e7selle\u015ftirmenize ve dinleme ve okuma becerilerinizi geli\u015ftirmenize yard\u0131mc\u0131 olacakt\u0131r.<\/p>\n\n\n\n<p><strong>4. Anadili \u0130ngilizce olan ki\u015filerle ba\u011flant\u0131 kurun: Anadili<\/strong> Fince olan ki\u015filerle sohbet etmek, dilbilgisi prati\u011fi yapmak ve de\u011ferli geri bildirimler almak i\u00e7in m\u00fckemmel bir yoldur. Fince konu\u015fan insanlarla ba\u011flant\u0131 kurabilece\u011finiz dil de\u011fi\u015fim gruplar\u0131na veya \u00e7evrimi\u00e7i forumlara kat\u0131lmay\u0131 d\u00fc\u015f\u00fcn\u00fcn.<\/p>\n\n\n\n<p><strong>5. Sab\u0131rl\u0131 ve \u0131srarc\u0131 olun:<\/strong> Fince dilbilgisi \u00f6\u011frenmek zorlu bir yolculuktur, ancak sab\u0131r ve \u00f6zveri ile karma\u015f\u0131kl\u0131klar\u0131n\u0131n kilidini a\u00e7acak ve dilde yetkin hale geleceksiniz.<\/p>\n\n\n\n<h3 class=\"wp-block-heading\" id=\"h-conclusion\">Son:<\/h3>\n\n\n\n<p>Fince dilbilgisi d\u00fcnyas\u0131, karma\u015f\u0131k olsa da, kararl\u0131l\u0131k ve uygulama yoluyla \u00e7\u00f6z\u00fclebilecek ilgi \u00e7ekici bir d\u00fcnyad\u0131r. Fince dilbilgisinin temel unsurlar\u0131na a\u015fina olarak ve \u00f6\u011frenme stratejilerimizi takip ederek, ak\u0131c\u0131l\u0131\u011fa ve bu b\u00fcy\u00fcleyici dilin daha derin bir takdirine giden yolu a\u00e7acaks\u0131n\u0131z. Bu nedenle, olumlu bir zihniyetle Fince dilbilgisinin inceliklerine dal\u0131n ve fark\u0131na bile varmadan Suomi&#8217;nin dilbilimsel manzaras\u0131nda g\u00fcvenle gezineceksiniz!<\/p>\n<\/div><\/div>\n\r\n<section class=\"learnNavigationSection\">\r\n            \r\n        <a href=\"https:\/\/talkpal.ai\/tr\/fince-ogren\/\">\r\n            <div class=\"learnNavigationWrapper\">\r\n                <div class=\"learnNavigationContent\">\r\n                    <img decoding=\"async\" src=\"https:\/\/talkpal.ai\/wp-content\/uploads\/2024\/08\/Finnish.jpg\" alt=\"Finnish Flag\">\r\n                    <div>\r\n                        <h4>Fince \u00d6\u011frenim Hakk\u0131nda<\/h4>\r\n                        <p>Fince dilbilgisi hakk\u0131nda her \u015feyi \u00f6\u011frenin .<\/p>\r\n                    <\/div>\r\n                <\/div>\r\n            <\/div>\r\n        <\/a>\r\n\r\n        \r\n        <a href=\"https:\/\/talkpal.ai\/tr\/fince-dilbilgisi-alistirmalari\/\">\r\n            <div class=\"learnNavigationWrapper\">\r\n                <div class=\"learnNavigationContent\">\r\n                    <img decoding=\"async\" src=\"https:\/\/talkpal.ai\/wp-content\/uploads\/2024\/08\/Finnish.jpg\" alt=\"Finnish Flag\">\r\n                    <div>\r\n                        <h4>Fince Dilbilgisi Al\u0131\u015ft\u0131rmas\u0131<\/h4>\r\n                        <p>Fince dilbilgisi al\u0131\u015ft\u0131rmas\u0131 yap\u0131n .<\/p>\r\n                    <\/div>\r\n                <\/div>\r\n            <\/div>\r\n        <\/a>\r\n\r\n        \r\n        <a href=\"https:\/\/talkpal.ai\/vocabulary_language\/finnish\/\">\r\n            <div class=\"learnNavigationWrapper\">\r\n                <div class=\"learnNavigationContent\">\r\n                    <img decoding=\"async\" src=\"https:\/\/talkpal.ai\/wp-content\/uploads\/2024\/08\/Finnish.jpg\" alt=\"Finnish Flag\">\r\n                    <div>\r\n                        <h4>Fince Kelime Bilgisi<\/h4>\r\n                        <p>Fince kelime da\u011farc\u0131\u011f\u0131n\u0131z\u0131 geni\u015fletin.<\/p>\r\n                    <\/div>\r\n                <\/div>\r\n            <\/div>\r\n        <\/a>\r\n\r\n            <\/section>","protected":false},"excerpt":{"rendered":"<p>Fince Dilbilgisi: Fin Dilinin Karma\u015f\u0131kl\u0131klar\u0131na Hakim Olma Rehberi Yakla\u015f\u0131k 5 milyon ki\u015fi taraf\u0131ndan konu\u015fulan e\u015fsiz ve b\u00fcy\u00fcleyici bir dil olan Fince, karma\u015f\u0131kl\u0131\u011f\u0131 ve kendine \u00f6zg\u00fc gramer sistemi ile bilinir. \u0130lk bak\u0131\u015fta, Fince dilbilgisindeki kurallar ve yap\u0131lar g\u00f6z korkutucu g\u00f6r\u00fcnebilir, ancak korkmay\u0131n! Sab\u0131r, pratik ve rehberlikle Fince dilbilgisinin gizemlerini ortaya \u00e7\u0131karabilir ve dil becerilerinizi geli\u015ftirebilirsiniz. Bu [&hellip;]<\/p>\n","protected":false},"author":1,"featured_media":106599,"parent":0,"menu_order":0,"comment_status":"closed","ping_status":"closed","template":"LearningContentPage.php","meta":{"_acf_changed":false,"footnotes":""},"class_list":["post-129013","page","type-page","status-publish","has-post-thumbnail","hentry"],"acf":[],"yoast_head":"<!-- This site is optimized with the Yoast SEO Premium plugin v27.2 (Yoast SEO v27.2) - https:\/\/yoast.com\/product\/yoast-seo-premium-wordpress\/ -->\n<title>Fince Dilbilgisi - Talkpal<\/title>\n<meta name=\"description\" content=\"Fince dilinde ustala\u015fmak i\u00e7in durumlar, fiiller, c\u00fcmle yap\u0131s\u0131 ve telaffuz ipu\u00e7lar\u0131 dahil olmak \u00fczere Fince dilbilgisinin temel y\u00f6nlerini \u00f6\u011frenin.\" \/>\n<meta name=\"robots\" content=\"index, follow, max-snippet:-1, max-image-preview:large, max-video-preview:-1\" \/>\n<link rel=\"canonical\" href=\"https:\/\/talkpal.ai\/tr\/fince-dilbilgisi\/\" \/>\n<meta property=\"og:locale\" content=\"tr_TR\" \/>\n<meta property=\"og:type\" content=\"article\" \/>\n<meta property=\"og:title\" content=\"Fince Dilbilgisi\" \/>\n<meta property=\"og:description\" content=\"Fince Dilbilgisi: Fin Dilinin Karma\u015f\u0131kl\u0131klar\u0131na Hakim Olma Rehberi Yakla\u015f\u0131k 5 milyon ki\u015fi taraf\u0131ndan konu\u015fulan e\u015fsiz ve b\u00fcy\u00fcleyici bir dil olan Fince,\" \/>\n<meta property=\"og:url\" content=\"https:\/\/talkpal.ai\/tr\/fince-dilbilgisi\/\" \/>\n<meta property=\"og:site_name\" content=\"Talkpal\" \/>\n<meta property=\"article:publisher\" content=\"https:\/\/www.facebook.com\/profile.php?id=100090733639311\" \/>\n<meta property=\"article:modified_time\" content=\"2025-12-11T17:05:34+00:00\" \/>\n<meta property=\"og:image\" content=\"https:\/\/talkpal.ai\/wp-content\/uploads\/2023\/04\/finland.png\" \/>\n\t<meta property=\"og:image:width\" content=\"512\" \/>\n\t<meta property=\"og:image:height\" content=\"512\" \/>\n\t<meta property=\"og:image:type\" content=\"image\/png\" \/>\n<meta name=\"twitter:card\" content=\"summary_large_image\" \/>\n<meta name=\"twitter:site\" content=\"@talkpalai\" \/>\n<meta name=\"twitter:label1\" content=\"Tahmini okuma s\u00fcresi\" \/>\n\t<meta name=\"twitter:data1\" content=\"3 dakika\" \/>\n<script type=\"application\/ld+json\" class=\"yoast-schema-graph\">{\"@context\":\"https:\/\/schema.org\",\"@graph\":[{\"@type\":\"WebPage\",\"@id\":\"https:\/\/talkpal.ai\/tr\/fince-dilbilgisi\/\",\"url\":\"https:\/\/talkpal.ai\/tr\/fince-dilbilgisi\/\",\"name\":\"Fince Dilbilgisi - Talkpal\",\"isPartOf\":{\"@id\":\"https:\/\/talkpal.ai\/tr\/#website\"},\"primaryImageOfPage\":{\"@id\":\"https:\/\/talkpal.ai\/tr\/fince-dilbilgisi\/#primaryimage\"},\"image\":{\"@id\":\"https:\/\/talkpal.ai\/tr\/fince-dilbilgisi\/#primaryimage\"},\"thumbnailUrl\":\"https:\/\/talkpal.ai\/wp-content\/uploads\/2023\/04\/finland.png\",\"datePublished\":\"2023-05-14T13:50:21+00:00\",\"dateModified\":\"2025-12-11T17:05:34+00:00\",\"description\":\"Fince dilinde ustala\u015fmak i\u00e7in durumlar, fiiller, c\u00fcmle yap\u0131s\u0131 ve telaffuz ipu\u00e7lar\u0131 dahil olmak \u00fczere Fince dilbilgisinin temel y\u00f6nlerini \u00f6\u011frenin.\",\"breadcrumb\":{\"@id\":\"https:\/\/talkpal.ai\/tr\/fince-dilbilgisi\/#breadcrumb\"},\"inLanguage\":\"tr\",\"potentialAction\":[{\"@type\":\"ReadAction\",\"target\":[\"https:\/\/talkpal.ai\/tr\/fince-dilbilgisi\/\"]}]},{\"@type\":\"ImageObject\",\"inLanguage\":\"tr\",\"@id\":\"https:\/\/talkpal.ai\/tr\/fince-dilbilgisi\/#primaryimage\",\"url\":\"https:\/\/talkpal.ai\/wp-content\/uploads\/2023\/04\/finland.png\",\"contentUrl\":\"https:\/\/talkpal.ai\/wp-content\/uploads\/2023\/04\/finland.png\",\"width\":512,\"height\":512,\"caption\":\"TalkPal finland Flag\"},{\"@type\":\"BreadcrumbList\",\"@id\":\"https:\/\/talkpal.ai\/tr\/fince-dilbilgisi\/#breadcrumb\",\"itemListElement\":[{\"@type\":\"ListItem\",\"position\":1,\"name\":\"Homepage\",\"item\":\"https:\/\/talkpal.ai\/tr\/\"},{\"@type\":\"ListItem\",\"position\":2,\"name\":\"Fince Dilbilgisi\"}]},{\"@type\":\"WebSite\",\"@id\":\"https:\/\/talkpal.ai\/tr\/#website\",\"url\":\"https:\/\/talkpal.ai\/tr\/\",\"name\":\"Talkpal\",\"description\":\"AI Language Learning\",\"publisher\":{\"@id\":\"https:\/\/talkpal.ai\/tr\/#organization\"},\"alternateName\":\"Talkpal AI\",\"potentialAction\":[{\"@type\":\"SearchAction\",\"target\":{\"@type\":\"EntryPoint\",\"urlTemplate\":\"https:\/\/talkpal.ai\/tr\/?s={search_term_string}\"},\"query-input\":{\"@type\":\"PropertyValueSpecification\",\"valueRequired\":true,\"valueName\":\"search_term_string\"}}],\"inLanguage\":\"tr\"},{\"@type\":\"Organization\",\"@id\":\"https:\/\/talkpal.ai\/tr\/#organization\",\"name\":\"Talkpal, Inc.\",\"alternateName\":\"Talkpal AI\",\"url\":\"https:\/\/talkpal.ai\/tr\/\",\"logo\":{\"@type\":\"ImageObject\",\"inLanguage\":\"tr\",\"@id\":\"https:\/\/talkpal.ai\/tr\/#\/schema\/logo\/image\/\",\"url\":\"https:\/\/talkpal.ai\/wp-content\/uploads\/2024\/03\/Talkpal-Logo-Icon.png\",\"contentUrl\":\"https:\/\/talkpal.ai\/wp-content\/uploads\/2024\/03\/Talkpal-Logo-Icon.png\",\"width\":2880,\"height\":2880,\"caption\":\"Talkpal, Inc.\"},\"image\":{\"@id\":\"https:\/\/talkpal.ai\/tr\/#\/schema\/logo\/image\/\"},\"sameAs\":[\"https:\/\/www.facebook.com\/profile.php?id=100090733639311\",\"https:\/\/x.com\/talkpalai\",\"https:\/\/www.linkedin.com\/company\/talkpal\/\",\"https:\/\/www.youtube.com\/@TalkPal\/\",\"https:\/\/www.tiktok.com\/@talkpal\",\"https:\/\/www.instagram.com\/talkpal_ai\/\",\"https:\/\/www.crunchbase.com\/organization\/talkpal-9cde\",\"https:\/\/www.g2.com\/products\/talkpal-for-business\/\",\"https:\/\/www.trustpilot.com\/review\/talkpal.ai\",\"https:\/\/www.capterra.com\/p\/10006800\/TalkPal\/\"],\"description\":\"Talkpal is a language learning web and mobile education app, powered by the latest AI technologies, that provides engaging experiences to its customers in many different languages to help them improve their language skills. Users can chat about unlimited amount of topics with the app and use other modes to practice their language learning.\",\"email\":\"support@talkpal.ai\",\"legalName\":\"Talkpal, Inc.\",\"foundingDate\":\"2023-04-03\",\"duns\":\"118989042\",\"numberOfEmployees\":{\"@type\":\"QuantitativeValue\",\"minValue\":\"11\",\"maxValue\":\"50\"},\"publishingPrinciples\":\"https:\/\/talkpal.ai\/publishing-principles\/\",\"actionableFeedbackPolicy\":\"https:\/\/talkpal.ai\/actionable-feedback-policy\/\",\"correctionsPolicy\":\"https:\/\/talkpal.ai\/corrections-policy\/\",\"ethicsPolicy\":\"https:\/\/talkpal.ai\/ethics-policy\/\",\"diversityPolicy\":\"https:\/\/talkpal.ai\/diversity-policy\/\",\"diversityStaffingReport\":\"https:\/\/talkpal.ai\/diversity-policy\/\"}]}<\/script>\n<!-- \/ Yoast SEO Premium plugin. -->","yoast_head_json":{"title":"Fince Dilbilgisi - Talkpal","description":"Fince dilinde ustala\u015fmak i\u00e7in durumlar, fiiller, c\u00fcmle yap\u0131s\u0131 ve telaffuz ipu\u00e7lar\u0131 dahil olmak \u00fczere Fince dilbilgisinin temel y\u00f6nlerini \u00f6\u011frenin.","robots":{"index":"index","follow":"follow","max-snippet":"max-snippet:-1","max-image-preview":"max-image-preview:large","max-video-preview":"max-video-preview:-1"},"canonical":"https:\/\/talkpal.ai\/tr\/fince-dilbilgisi\/","og_locale":"tr_TR","og_type":"article","og_title":"Fince Dilbilgisi","og_description":"Fince Dilbilgisi: Fin Dilinin Karma\u015f\u0131kl\u0131klar\u0131na Hakim Olma Rehberi Yakla\u015f\u0131k 5 milyon ki\u015fi taraf\u0131ndan konu\u015fulan e\u015fsiz ve b\u00fcy\u00fcleyici bir dil olan Fince,","og_url":"https:\/\/talkpal.ai\/tr\/fince-dilbilgisi\/","og_site_name":"Talkpal","article_publisher":"https:\/\/www.facebook.com\/profile.php?id=100090733639311","article_modified_time":"2025-12-11T17:05:34+00:00","og_image":[{"width":512,"height":512,"url":"https:\/\/talkpal.ai\/wp-content\/uploads\/2023\/04\/finland.png","type":"image\/png"}],"twitter_card":"summary_large_image","twitter_site":"@talkpalai","twitter_misc":{"Tahmini okuma s\u00fcresi":"3 dakika"},"schema":{"@context":"https:\/\/schema.org","@graph":[{"@type":"WebPage","@id":"https:\/\/talkpal.ai\/tr\/fince-dilbilgisi\/","url":"https:\/\/talkpal.ai\/tr\/fince-dilbilgisi\/","name":"Fince Dilbilgisi - Talkpal","isPartOf":{"@id":"https:\/\/talkpal.ai\/tr\/#website"},"primaryImageOfPage":{"@id":"https:\/\/talkpal.ai\/tr\/fince-dilbilgisi\/#primaryimage"},"image":{"@id":"https:\/\/talkpal.ai\/tr\/fince-dilbilgisi\/#primaryimage"},"thumbnailUrl":"https:\/\/talkpal.ai\/wp-content\/uploads\/2023\/04\/finland.png","datePublished":"2023-05-14T13:50:21+00:00","dateModified":"2025-12-11T17:05:34+00:00","description":"Fince dilinde ustala\u015fmak i\u00e7in durumlar, fiiller, c\u00fcmle yap\u0131s\u0131 ve telaffuz ipu\u00e7lar\u0131 dahil olmak \u00fczere Fince dilbilgisinin temel y\u00f6nlerini \u00f6\u011frenin.","breadcrumb":{"@id":"https:\/\/talkpal.ai\/tr\/fince-dilbilgisi\/#breadcrumb"},"inLanguage":"tr","potentialAction":[{"@type":"ReadAction","target":["https:\/\/talkpal.ai\/tr\/fince-dilbilgisi\/"]}]},{"@type":"ImageObject","inLanguage":"tr","@id":"https:\/\/talkpal.ai\/tr\/fince-dilbilgisi\/#primaryimage","url":"https:\/\/talkpal.ai\/wp-content\/uploads\/2023\/04\/finland.png","contentUrl":"https:\/\/talkpal.ai\/wp-content\/uploads\/2023\/04\/finland.png","width":512,"height":512,"caption":"TalkPal finland Flag"},{"@type":"BreadcrumbList","@id":"https:\/\/talkpal.ai\/tr\/fince-dilbilgisi\/#breadcrumb","itemListElement":[{"@type":"ListItem","position":1,"name":"Homepage","item":"https:\/\/talkpal.ai\/tr\/"},{"@type":"ListItem","position":2,"name":"Fince Dilbilgisi"}]},{"@type":"WebSite","@id":"https:\/\/talkpal.ai\/tr\/#website","url":"https:\/\/talkpal.ai\/tr\/","name":"Talkpal","description":"AI Language Learning","publisher":{"@id":"https:\/\/talkpal.ai\/tr\/#organization"},"alternateName":"Talkpal AI","potentialAction":[{"@type":"SearchAction","target":{"@type":"EntryPoint","urlTemplate":"https:\/\/talkpal.ai\/tr\/?s={search_term_string}"},"query-input":{"@type":"PropertyValueSpecification","valueRequired":true,"valueName":"search_term_string"}}],"inLanguage":"tr"},{"@type":"Organization","@id":"https:\/\/talkpal.ai\/tr\/#organization","name":"Talkpal, Inc.","alternateName":"Talkpal AI","url":"https:\/\/talkpal.ai\/tr\/","logo":{"@type":"ImageObject","inLanguage":"tr","@id":"https:\/\/talkpal.ai\/tr\/#\/schema\/logo\/image\/","url":"https:\/\/talkpal.ai\/wp-content\/uploads\/2024\/03\/Talkpal-Logo-Icon.png","contentUrl":"https:\/\/talkpal.ai\/wp-content\/uploads\/2024\/03\/Talkpal-Logo-Icon.png","width":2880,"height":2880,"caption":"Talkpal, Inc."},"image":{"@id":"https:\/\/talkpal.ai\/tr\/#\/schema\/logo\/image\/"},"sameAs":["https:\/\/www.facebook.com\/profile.php?id=100090733639311","https:\/\/x.com\/talkpalai","https:\/\/www.linkedin.com\/company\/talkpal\/","https:\/\/www.youtube.com\/@TalkPal\/","https:\/\/www.tiktok.com\/@talkpal","https:\/\/www.instagram.com\/talkpal_ai\/","https:\/\/www.crunchbase.com\/organization\/talkpal-9cde","https:\/\/www.g2.com\/products\/talkpal-for-business\/","https:\/\/www.trustpilot.com\/review\/talkpal.ai","https:\/\/www.capterra.com\/p\/10006800\/TalkPal\/"],"description":"Talkpal is a language learning web and mobile education app, powered by the latest AI technologies, that provides engaging experiences to its customers in many different languages to help them improve their language skills. Users can chat about unlimited amount of topics with the app and use other modes to practice their language learning.","email":"support@talkpal.ai","legalName":"Talkpal, Inc.","foundingDate":"2023-04-03","duns":"118989042","numberOfEmployees":{"@type":"QuantitativeValue","minValue":"11","maxValue":"50"},"publishingPrinciples":"https:\/\/talkpal.ai\/publishing-principles\/","actionableFeedbackPolicy":"https:\/\/talkpal.ai\/actionable-feedback-policy\/","correctionsPolicy":"https:\/\/talkpal.ai\/corrections-policy\/","ethicsPolicy":"https:\/\/talkpal.ai\/ethics-policy\/","diversityPolicy":"https:\/\/talkpal.ai\/diversity-policy\/","diversityStaffingReport":"https:\/\/talkpal.ai\/diversity-policy\/"}]}},"_links":{"self":[{"href":"https:\/\/talkpal.ai\/tr\/wp-json\/wp\/v2\/pages\/129013","targetHints":{"allow":["GET"]}}],"collection":[{"href":"https:\/\/talkpal.ai\/tr\/wp-json\/wp\/v2\/pages"}],"about":[{"href":"https:\/\/talkpal.ai\/tr\/wp-json\/wp\/v2\/types\/page"}],"author":[{"embeddable":true,"href":"https:\/\/talkpal.ai\/tr\/wp-json\/wp\/v2\/users\/1"}],"replies":[{"embeddable":true,"href":"https:\/\/talkpal.ai\/tr\/wp-json\/wp\/v2\/comments?post=129013"}],"version-history":[{"count":0,"href":"https:\/\/talkpal.ai\/tr\/wp-json\/wp\/v2\/pages\/129013\/revisions"}],"wp:featuredmedia":[{"embeddable":true,"href":"https:\/\/talkpal.ai\/tr\/wp-json\/wp\/v2\/media\/106599"}],"wp:attachment":[{"href":"https:\/\/talkpal.ai\/tr\/wp-json\/wp\/v2\/media?parent=129013"}],"curies":[{"name":"wp","href":"https:\/\/api.w.org\/{rel}","templated":true}]}}