{"id":128687,"date":"2023-05-14T13:49:38","date_gmt":"2023-05-14T13:49:38","guid":{"rendered":"http:\/\/talkpal.ai\/hollandaca-dilbilgisi\/"},"modified":"2025-12-11T17:02:08","modified_gmt":"2025-12-11T17:02:08","slug":"hollandaca-dilbilgisi","status":"publish","type":"page","link":"https:\/\/talkpal.ai\/tr\/hollandaca-dilbilgisi\/","title":{"rendered":"Hollandaca Dilbilgisi"},"content":{"rendered":"\r\n\r\n\r\n<section class=\"languageChallengeSection\">\r\n    <div class=\"languageInfoWrapper\">\r\n        \r\n        <h1>Hollandaca Dilbilgisi<\/h1>\r\n        <p>Temel dilbilgisi kurallar\u0131n\u0131 \u00f6\u011frenerek Hollandaca dilinin temellerini ke\u015ffedin. Hollandaca dilbilgisinde ustala\u015fmak, etkili bir \u015fekilde ileti\u015fim kurman\u0131za ve Hollanda k\u00fclt\u00fcr\u00fc hakk\u0131nda daha derin bilgiler edinmenize yard\u0131mc\u0131 olacakt\u0131r. <a href=\"https:\/\/talkpal.ai\/dutch-grammar\/\">Hollandaca dilbilgisi<\/a> \u00f6\u011frenmeye bug\u00fcn ba\u015flay\u0131n ve ak\u0131c\u0131l\u0131\u011fa do\u011fru ilk ad\u0131m\u0131n\u0131z\u0131 at\u0131n!\n<\/p>\r\n\r\n                            <a class=\"getStartedHidden\" href=\"https:\/\/app.talkpal.ai\/tr\/signup?lng=\">Hadi ba\u015fla<\/a>\r\n        \r\n    <\/div>\r\n\r\n    <figure>\r\n    <img decoding=\"async\" width=\"768\" height=\"768\" src=\"https:\/\/talkpal.ai\/wp-content\/uploads\/2023\/06\/Dutch-768x768.png\" class=\"languageImage no-lazy\" alt=\"Developing skills through language learning\" fetchpriority=\"high\" sizes=\"(max-width: 768px) 150px, 768px\" srcset=\"https:\/\/talkpal.ai\/wp-content\/uploads\/2023\/06\/Dutch-768x768.png 768w, https:\/\/talkpal.ai\/wp-content\/uploads\/2023\/06\/Dutch-300x300.png 300w\" \/>\r\n    \r\n\r\n    <\/figure>\r\n\r\n            <a class=\"getStartedVisible\" href=\"https:\/\/app.talkpal.ai\/tr\/signup?lng=\">Hadi ba\u015fla<\/a>\r\n    \r\n<\/section>\r\n<section class=\"promotionalBanner\">\r\n    <p class=\"promotionalText\">Dil \u00f6\u011frenmenin en etkili yolu<\/p>\r\n    <a class=\"promotionalLink\" href=\"https:\/\/app.talkpal.ai\/tr\/signup?lng=\">Talkpal \u00fccretsiz deneyin<\/a>\r\n<\/section>\n<div class=\"wp-block-group pageContainerStyle\"><div class=\"wp-block-group__inner-container is-layout-constrained wp-block-group-is-layout-constrained\">\n<h2 class=\"wp-block-heading\" id=\"h-dutch-grammar-master-the-mechanics-of-the-dutch-language\">Hollandaca Dilbilgisi: Hollanda Dilinin Mekani\u011finde Ustala\u015f\u0131n<\/h2>\n\n\n\n<p>Hollandaca \u00f6\u011frenmek i\u00e7in ad\u0131m att\u0131ysan\u0131z, heyecan verici bir yolculu\u011fa haz\u0131rs\u0131n\u0131z demektir! D\u00fcnya \u00e7ap\u0131nda 23 milyondan fazla konu\u015fmac\u0131 ile Felemenk\u00e7e, dil becerilerinizi desteklemek ve ufkunuzu geni\u015fletmek i\u00e7in harika bir dildir. \u015eimdi, Hollandaca dilbilgisinin karma\u015f\u0131kl\u0131\u011f\u0131 hakk\u0131nda f\u0131s\u0131lt\u0131lar duymu\u015f olabilirsiniz, <a href=\"https:\/\/talkpal.ai\/locations\/language-courses-in-ama\/\">ama<\/a> korkmay\u0131n! Bu makale, Hollandaca dilbilgisini e\u011flenceli ama kapsaml\u0131 bir \u015fekilde a\u00e7\u0131klayacak dost\u00e7a bir ba\u015flang\u0131\u00e7 rehberi olarak hizmet vermektedir.<\/p>\n\n\n\n<h3 class=\"wp-block-heading\" id=\"h-1-the-pillar-of-dutch-grammar-word-order\">1. Hollandaca dilbilgisinin temel dire\u011fi: kelime s\u0131ras\u0131<\/h3>\n\n\n\n<p><a href=\"https:\/\/talkpal.ai\/dutch-grammar\/\">Hollandaca dilbilgisi<\/a> b\u00fcy\u00fck \u00f6l\u00e7\u00fcde kelime s\u0131ras\u0131na dayan\u0131r. Genel olarak \u0130ngilizce diline benzer bir &#8220;\u00f6zne-fiil-nesne&#8221; yap\u0131s\u0131n\u0131 takip eder. Bununla birlikte, Felemenk\u00e7e&#8217;nin benzersiz bir \u00f6zelli\u011fi vard\u0131r: Fiil \u0130kinci (V2) kelime s\u0131ras\u0131. Birden fazla fiil i\u00e7eren bir c\u00fcmlede ikinci fiil sonuna itilir. Mesela:<\/p>\n\n\n\n<p>\u0130ngilizce: Bug\u00fcn \u00e7al\u0131\u015fmak zorunday\u0131m.<\/p>\n\n\n\n<p>Felemenk\u00e7e: Ik moet vandaag werken. (kelimesi kelimesine: &#8220;Bug\u00fcn \u00e7al\u0131\u015fmal\u0131y\u0131m.&#8221;)<\/p>\n\n\n\n<p>Hollandaca dilbilgisi \u00f6\u011frenirken V2 kelime s\u0131ras\u0131na hakim olmak \u00e7ok \u00f6nemlidir.<\/p>\n\n\n\n<h3 class=\"wp-block-heading\" id=\"h-2-get-to-know-your-articles\">2. Makalelerinizi tan\u0131y\u0131n<\/h3>\n\n\n\n<p>Felemenk\u00e7e&#8217;nin iki kesin artikeli (&#8220;de&#8221; ve &#8220;het&#8221;) ve belirsiz bir artikeli (&#8220;een&#8221;) vard\u0131r. \u0130ki kesin makale aras\u0131nda se\u00e7im yapmak, uyulmas\u0131 gereken kesin bir kural olmaks\u0131z\u0131n zor olabilir. Yeni ba\u015flayan biri olarak, bunlar\u0131 \u00f6\u011frenmenin en iyi yolu pratik ve ba\u011flamd\u0131r. Mesela:<\/p>\n\n\n\n<p>De man &#8211; Adam<\/p>\n\n\n\n<p>Het meisje &#8211; K\u0131z<\/p>\n\n\n\n<p>Een hond &#8211; Bir k\u00f6pek<\/p>\n\n\n\n<h3 class=\"wp-block-heading\" id=\"h-3-the-dance-of-dutch-conjugations\">3. Hollanda \u00e7ekimlerinin dans\u0131<\/h3>\n\n\n\n<p>\u0130ngilizce gibi, Hollandaca fiiller de zaman ve ruh halini iletmek i\u00e7in bi\u00e7im de\u011fi\u015ftirir. Felemenk\u00e7e&#8217;de \u00fc\u00e7 ana fiil \u00e7ekimi grubu vard\u0131r: zay\u0131f fiiller, g\u00fc\u00e7l\u00fc fiiller ve d\u00fczensiz fiiller.<\/p>\n\n\n\n<p>Zay\u0131f fiiller \u00e7ekim i\u00e7in belirlenmi\u015f kurallar\u0131 takip eder ve bu da onlar\u0131 \u00f6\u011frenmeyi olduk\u00e7a kolayla\u015ft\u0131r\u0131r.  <\/p>\n\n\n\n<p>\u00d6rnek (\u015eimdiki zaman): Ik werk, jij werkt, hij\/zij\/u werkt, wij\/jullie\/zij werken<\/p>\n\n\n\n<p>G\u00fc\u00e7l\u00fc fiiller, sesli harf de\u011fi\u015fikliklerini i\u00e7erir ve genellikle \u00f6\u011frencilerin bunlar\u0131 tek tek ezberlemelerine yol a\u00e7ar.<\/p>\n\n\n\n<p>\u00d6rnek (\u015eimdiki zaman): Ik zing, jij zingt, hij\/zij\/u zingt, wij\/jullie\/zij zingen<\/p>\n\n\n\n<p>D\u00fczensiz fiiller, adlar\u0131ndan da anla\u015f\u0131laca\u011f\u0131 gibi, \u00e7ekim i\u00e7in herhangi bir kal\u0131b\u0131 takip etmezler ve ba\u011f\u0131ms\u0131z olarak \u00f6\u011frenilmelidirler.<\/p>\n\n\n\n<p>\u00d6rnek (\u015eimdiki zaman): Ik ben, jij bent, hij\/zij\/u is, wij\/jullie\/zij zijn<\/p>\n\n\n\n<h3 class=\"wp-block-heading\" id=\"h-4-a-flair-for-pronouns\">4. Zamirler i\u00e7in bir yetenek<\/h3>\n\n\n\n<p>Hollandaca dilbilgisindeki zamirler isimlerin yerini al\u0131r ve konu\u015fman\u0131z\u0131 daha dinamik ve ak\u0131c\u0131 hale getirmek i\u00e7in gereklidir. Ki\u015fi zamirleri, iyelik zamirleri, i\u015faret zamirleri ve d\u00f6n\u00fc\u015fl\u00fc zamirler vard\u0131r. Yeni ba\u015flayan biri olarak, ki\u015fisel ve iyelik zamirlerini anlamak \u00e7ok \u00f6nemlidir.<\/p>\n\n\n\n<p>Ki\u015fi <a href=\"https:\/\/talkpal.ai\/sv\/grammar\/personliga-pronomen-i-turkisk-grammatik\/\">zamirleri: ik<\/a> (I), jij\/je (siz), hij\/zij\/ze (o\/o), wij\/biz (biz), jullie (hepiniz), zij\/ze (onlar)<\/p>\n\n\n\n<p>\u0130yelik zamirleri: mijn (benim), jouw\/je (sizin), zijn\/haar (onun), ons\/onze (bizim), jullie (sizin), hun\/hen (onlar\u0131n)<\/p>\n\n\n\n<h3 class=\"wp-block-heading\" id=\"h-5-cases-no-more-mostly\">5. Vakalar art\u0131k yok (\u00e7o\u011funlukla)<\/h3>\n\n\n\n<p>Almanca&#8217;dan farkl\u0131 olarak, Felemenk\u00e7e art\u0131k g\u00fcnl\u00fck ya\u015famda bir vaka sistemi kullanm\u0131yor ve bu da dilsel engellerden bir miktar rahatlama sa\u011fl\u0131yor. Bunun tek istisnas\u0131 \u201cwho\u201d ve \u201cwhom\u201d (s\u0131ras\u0131yla wie ve wie) kelimelerinin Hollandaca varyantlar\u0131 ve birka\u00e7 sabit ifadedir (te allen <a href=\"https:\/\/talkpal.ai\/locations\/learn-english-in-allen\/\">tijde<\/a> gibi, \u201cher zaman\u201d anlam\u0131na gelir).  <\/p>\n\n\n\n<p>Tebrikler! Hollandaca dilbilgisinde ustala\u015fmak i\u00e7in ilk ad\u0131mlar\u0131 att\u0131n\u0131z. Pratik yapman\u0131n anahtar oldu\u011funu unutmay\u0131n, bu nedenle daha derinlere inmekten, anadili \u0130ngilizce olan ki\u015filerle ileti\u015fim kurmaktan ve g\u00fc\u00e7l\u00fc bir temel olu\u015fturmaktan \u00e7ekinmeyin. Veel ba\u015far\u0131l\u0131! (\u0130yi \u015fanslar!)<\/p>\n<\/div><\/div>\n\r\n<section class=\"learnNavigationSection\">\r\n            \r\n        <a href=\"https:\/\/talkpal.ai\/tr\/hollandaca-ogren\/\">\r\n            <div class=\"learnNavigationWrapper\">\r\n                <div class=\"learnNavigationContent\">\r\n                    <img decoding=\"async\" src=\"https:\/\/talkpal.ai\/wp-content\/uploads\/2024\/08\/Dutch.jpg\" alt=\"Netherlands Flag\">\r\n                    <div>\r\n                        <h4>Dutch Learning Hakk\u0131nda<\/h4>\r\n                        <p>Hollandaca dilbilgisi hakk\u0131nda her \u015feyi \u00f6\u011frenin .<\/p>\r\n                    <\/div>\r\n                <\/div>\r\n            <\/div>\r\n        <\/a>\r\n\r\n        \r\n        <a href=\"https:\/\/talkpal.ai\/tr\/hollandaca-dilbilgisi-alistirmalari\/\">\r\n            <div class=\"learnNavigationWrapper\">\r\n                <div class=\"learnNavigationContent\">\r\n                    <img decoding=\"async\" src=\"https:\/\/talkpal.ai\/wp-content\/uploads\/2024\/08\/Dutch.jpg\" alt=\"Netherlands Flag\">\r\n                    <div>\r\n                        <h4>Hollandaca Dilbilgisi Al\u0131\u015ft\u0131rmas\u0131<\/h4>\r\n                        <p>Hollandaca dilbilgisi prati\u011fi yap\u0131n .<\/p>\r\n                    <\/div>\r\n                <\/div>\r\n            <\/div>\r\n        <\/a>\r\n\r\n        \r\n        <a href=\"https:\/\/talkpal.ai\/vocabulary_language\/dutch\/\">\r\n            <div class=\"learnNavigationWrapper\">\r\n                <div class=\"learnNavigationContent\">\r\n                    <img decoding=\"async\" src=\"https:\/\/talkpal.ai\/wp-content\/uploads\/2024\/08\/Dutch.jpg\" alt=\"Netherlands Flag\">\r\n                    <div>\r\n                        <h4>Hollandaca Kelime Bilgisi<\/h4>\r\n                        <p>Hollandaca kelime da\u011farc\u0131\u011f\u0131n\u0131z\u0131 geni\u015fletin.<\/p>\r\n                    <\/div>\r\n                <\/div>\r\n            <\/div>\r\n        <\/a>\r\n\r\n            <\/section>","protected":false},"excerpt":{"rendered":"<p>Hollandaca Dilbilgisi: Hollanda Dilinin Mekani\u011finde Ustala\u015f\u0131n Hollandaca \u00f6\u011frenmek i\u00e7in ad\u0131m att\u0131ysan\u0131z, heyecan verici bir yolculu\u011fa haz\u0131rs\u0131n\u0131z demektir! D\u00fcnya \u00e7ap\u0131nda 23 milyondan fazla konu\u015fmac\u0131 ile Felemenk\u00e7e, dil becerilerinizi desteklemek ve ufkunuzu geni\u015fletmek i\u00e7in harika bir dildir. \u015eimdi, Hollandaca dilbilgisinin karma\u015f\u0131kl\u0131\u011f\u0131 hakk\u0131nda f\u0131s\u0131lt\u0131lar duymu\u015f olabilirsiniz, ama korkmay\u0131n! Bu makale, Hollandaca dilbilgisini e\u011flenceli ama kapsaml\u0131 bir \u015fekilde a\u00e7\u0131klayacak [&hellip;]<\/p>\n","protected":false},"author":1,"featured_media":106281,"parent":0,"menu_order":0,"comment_status":"closed","ping_status":"closed","template":"LearningContentPage.php","meta":{"_acf_changed":false,"footnotes":""},"class_list":["post-128687","page","type-page","status-publish","has-post-thumbnail","hentry"],"acf":[],"yoast_head":"<!-- This site is optimized with the Yoast SEO Premium plugin v27.2 (Yoast SEO v27.2) - https:\/\/yoast.com\/product\/yoast-seo-premium-wordpress\/ -->\n<title>Hollandaca Dilbilgisi - Talkpal<\/title>\n<meta name=\"description\" content=\"Hollandaca Dilbilgisi ile Ustala\u015f\u0131n TalkpalYapay zeka destekli dil \u00f6\u011fretmeniniz. Net a\u00e7\u0131klamalara, pratik \u00f6rneklere ve interaktif al\u0131\u015ft\u0131rmalara eri\u015fin!\" \/>\n<meta name=\"robots\" content=\"index, follow, max-snippet:-1, max-image-preview:large, max-video-preview:-1\" \/>\n<link rel=\"canonical\" href=\"https:\/\/talkpal.ai\/tr\/hollandaca-dilbilgisi\/\" \/>\n<meta property=\"og:locale\" content=\"tr_TR\" \/>\n<meta property=\"og:type\" content=\"article\" \/>\n<meta property=\"og:title\" content=\"Hollandaca Dilbilgisi\" \/>\n<meta property=\"og:description\" content=\"Hollandaca Dilbilgisi: Hollanda Dilinin Mekani\u011finde Ustala\u015f\u0131n Hollandaca \u00f6\u011frenmek i\u00e7in ad\u0131m att\u0131ysan\u0131z, heyecan verici bir yolculu\u011fa haz\u0131rs\u0131n\u0131z demektir!\" \/>\n<meta property=\"og:url\" content=\"https:\/\/talkpal.ai\/tr\/hollandaca-dilbilgisi\/\" \/>\n<meta property=\"og:site_name\" content=\"Talkpal\" \/>\n<meta property=\"article:publisher\" content=\"https:\/\/www.facebook.com\/profile.php?id=100090733639311\" \/>\n<meta property=\"article:modified_time\" content=\"2025-12-11T17:02:08+00:00\" \/>\n<meta property=\"og:image\" content=\"https:\/\/talkpal.ai\/wp-content\/uploads\/2023\/04\/netherlands-dutch.png\" \/>\n\t<meta property=\"og:image:width\" content=\"512\" \/>\n\t<meta property=\"og:image:height\" content=\"512\" \/>\n\t<meta property=\"og:image:type\" content=\"image\/png\" \/>\n<meta name=\"twitter:card\" content=\"summary_large_image\" \/>\n<meta name=\"twitter:site\" content=\"@talkpalai\" \/>\n<meta name=\"twitter:label1\" content=\"Tahmini okuma s\u00fcresi\" \/>\n\t<meta name=\"twitter:data1\" content=\"3 dakika\" \/>\n<script type=\"application\/ld+json\" class=\"yoast-schema-graph\">{\"@context\":\"https:\/\/schema.org\",\"@graph\":[{\"@type\":\"WebPage\",\"@id\":\"https:\/\/talkpal.ai\/tr\/hollandaca-dilbilgisi\/\",\"url\":\"https:\/\/talkpal.ai\/tr\/hollandaca-dilbilgisi\/\",\"name\":\"Hollandaca Dilbilgisi - Talkpal\",\"isPartOf\":{\"@id\":\"https:\/\/talkpal.ai\/tr\/#website\"},\"primaryImageOfPage\":{\"@id\":\"https:\/\/talkpal.ai\/tr\/hollandaca-dilbilgisi\/#primaryimage\"},\"image\":{\"@id\":\"https:\/\/talkpal.ai\/tr\/hollandaca-dilbilgisi\/#primaryimage\"},\"thumbnailUrl\":\"https:\/\/talkpal.ai\/wp-content\/uploads\/2023\/04\/netherlands-dutch.png\",\"datePublished\":\"2023-05-14T13:49:38+00:00\",\"dateModified\":\"2025-12-11T17:02:08+00:00\",\"description\":\"Hollandaca Dilbilgisi ile Ustala\u015f\u0131n TalkpalYapay zeka destekli dil \u00f6\u011fretmeniniz. Net a\u00e7\u0131klamalara, pratik \u00f6rneklere ve interaktif al\u0131\u015ft\u0131rmalara eri\u015fin!\",\"breadcrumb\":{\"@id\":\"https:\/\/talkpal.ai\/tr\/hollandaca-dilbilgisi\/#breadcrumb\"},\"inLanguage\":\"tr\",\"potentialAction\":[{\"@type\":\"ReadAction\",\"target\":[\"https:\/\/talkpal.ai\/tr\/hollandaca-dilbilgisi\/\"]}]},{\"@type\":\"ImageObject\",\"inLanguage\":\"tr\",\"@id\":\"https:\/\/talkpal.ai\/tr\/hollandaca-dilbilgisi\/#primaryimage\",\"url\":\"https:\/\/talkpal.ai\/wp-content\/uploads\/2023\/04\/netherlands-dutch.png\",\"contentUrl\":\"https:\/\/talkpal.ai\/wp-content\/uploads\/2023\/04\/netherlands-dutch.png\",\"width\":512,\"height\":512},{\"@type\":\"BreadcrumbList\",\"@id\":\"https:\/\/talkpal.ai\/tr\/hollandaca-dilbilgisi\/#breadcrumb\",\"itemListElement\":[{\"@type\":\"ListItem\",\"position\":1,\"name\":\"Homepage\",\"item\":\"https:\/\/talkpal.ai\/tr\/\"},{\"@type\":\"ListItem\",\"position\":2,\"name\":\"Hollandaca Dilbilgisi\"}]},{\"@type\":\"WebSite\",\"@id\":\"https:\/\/talkpal.ai\/tr\/#website\",\"url\":\"https:\/\/talkpal.ai\/tr\/\",\"name\":\"Talkpal\",\"description\":\"AI Language Learning\",\"publisher\":{\"@id\":\"https:\/\/talkpal.ai\/tr\/#organization\"},\"alternateName\":\"Talkpal AI\",\"potentialAction\":[{\"@type\":\"SearchAction\",\"target\":{\"@type\":\"EntryPoint\",\"urlTemplate\":\"https:\/\/talkpal.ai\/tr\/?s={search_term_string}\"},\"query-input\":{\"@type\":\"PropertyValueSpecification\",\"valueRequired\":true,\"valueName\":\"search_term_string\"}}],\"inLanguage\":\"tr\"},{\"@type\":\"Organization\",\"@id\":\"https:\/\/talkpal.ai\/tr\/#organization\",\"name\":\"Talkpal, Inc.\",\"alternateName\":\"Talkpal AI\",\"url\":\"https:\/\/talkpal.ai\/tr\/\",\"logo\":{\"@type\":\"ImageObject\",\"inLanguage\":\"tr\",\"@id\":\"https:\/\/talkpal.ai\/tr\/#\/schema\/logo\/image\/\",\"url\":\"https:\/\/talkpal.ai\/wp-content\/uploads\/2024\/03\/Talkpal-Logo-Icon.png\",\"contentUrl\":\"https:\/\/talkpal.ai\/wp-content\/uploads\/2024\/03\/Talkpal-Logo-Icon.png\",\"width\":2880,\"height\":2880,\"caption\":\"Talkpal, Inc.\"},\"image\":{\"@id\":\"https:\/\/talkpal.ai\/tr\/#\/schema\/logo\/image\/\"},\"sameAs\":[\"https:\/\/www.facebook.com\/profile.php?id=100090733639311\",\"https:\/\/x.com\/talkpalai\",\"https:\/\/www.linkedin.com\/company\/talkpal\/\",\"https:\/\/www.youtube.com\/@TalkPal\/\",\"https:\/\/www.tiktok.com\/@talkpal\",\"https:\/\/www.instagram.com\/talkpal_ai\/\",\"https:\/\/www.crunchbase.com\/organization\/talkpal-9cde\",\"https:\/\/www.g2.com\/products\/talkpal-for-business\/\",\"https:\/\/www.trustpilot.com\/review\/talkpal.ai\",\"https:\/\/www.capterra.com\/p\/10006800\/TalkPal\/\"],\"description\":\"Talkpal is a language learning web and mobile education app, powered by the latest AI technologies, that provides engaging experiences to its customers in many different languages to help them improve their language skills. Users can chat about unlimited amount of topics with the app and use other modes to practice their language learning.\",\"email\":\"support@talkpal.ai\",\"legalName\":\"Talkpal, Inc.\",\"foundingDate\":\"2023-04-03\",\"duns\":\"118989042\",\"numberOfEmployees\":{\"@type\":\"QuantitativeValue\",\"minValue\":\"11\",\"maxValue\":\"50\"},\"publishingPrinciples\":\"https:\/\/talkpal.ai\/publishing-principles\/\",\"actionableFeedbackPolicy\":\"https:\/\/talkpal.ai\/actionable-feedback-policy\/\",\"correctionsPolicy\":\"https:\/\/talkpal.ai\/corrections-policy\/\",\"ethicsPolicy\":\"https:\/\/talkpal.ai\/ethics-policy\/\",\"diversityPolicy\":\"https:\/\/talkpal.ai\/diversity-policy\/\",\"diversityStaffingReport\":\"https:\/\/talkpal.ai\/diversity-policy\/\"}]}<\/script>\n<!-- \/ Yoast SEO Premium plugin. -->","yoast_head_json":{"title":"Hollandaca Dilbilgisi - Talkpal","description":"Hollandaca Dilbilgisi ile Ustala\u015f\u0131n TalkpalYapay zeka destekli dil \u00f6\u011fretmeniniz. Net a\u00e7\u0131klamalara, pratik \u00f6rneklere ve interaktif al\u0131\u015ft\u0131rmalara eri\u015fin!","robots":{"index":"index","follow":"follow","max-snippet":"max-snippet:-1","max-image-preview":"max-image-preview:large","max-video-preview":"max-video-preview:-1"},"canonical":"https:\/\/talkpal.ai\/tr\/hollandaca-dilbilgisi\/","og_locale":"tr_TR","og_type":"article","og_title":"Hollandaca Dilbilgisi","og_description":"Hollandaca Dilbilgisi: Hollanda Dilinin Mekani\u011finde Ustala\u015f\u0131n Hollandaca \u00f6\u011frenmek i\u00e7in ad\u0131m att\u0131ysan\u0131z, heyecan verici bir yolculu\u011fa haz\u0131rs\u0131n\u0131z demektir!","og_url":"https:\/\/talkpal.ai\/tr\/hollandaca-dilbilgisi\/","og_site_name":"Talkpal","article_publisher":"https:\/\/www.facebook.com\/profile.php?id=100090733639311","article_modified_time":"2025-12-11T17:02:08+00:00","og_image":[{"width":512,"height":512,"url":"https:\/\/talkpal.ai\/wp-content\/uploads\/2023\/04\/netherlands-dutch.png","type":"image\/png"}],"twitter_card":"summary_large_image","twitter_site":"@talkpalai","twitter_misc":{"Tahmini okuma s\u00fcresi":"3 dakika"},"schema":{"@context":"https:\/\/schema.org","@graph":[{"@type":"WebPage","@id":"https:\/\/talkpal.ai\/tr\/hollandaca-dilbilgisi\/","url":"https:\/\/talkpal.ai\/tr\/hollandaca-dilbilgisi\/","name":"Hollandaca Dilbilgisi - Talkpal","isPartOf":{"@id":"https:\/\/talkpal.ai\/tr\/#website"},"primaryImageOfPage":{"@id":"https:\/\/talkpal.ai\/tr\/hollandaca-dilbilgisi\/#primaryimage"},"image":{"@id":"https:\/\/talkpal.ai\/tr\/hollandaca-dilbilgisi\/#primaryimage"},"thumbnailUrl":"https:\/\/talkpal.ai\/wp-content\/uploads\/2023\/04\/netherlands-dutch.png","datePublished":"2023-05-14T13:49:38+00:00","dateModified":"2025-12-11T17:02:08+00:00","description":"Hollandaca Dilbilgisi ile Ustala\u015f\u0131n TalkpalYapay zeka destekli dil \u00f6\u011fretmeniniz. Net a\u00e7\u0131klamalara, pratik \u00f6rneklere ve interaktif al\u0131\u015ft\u0131rmalara eri\u015fin!","breadcrumb":{"@id":"https:\/\/talkpal.ai\/tr\/hollandaca-dilbilgisi\/#breadcrumb"},"inLanguage":"tr","potentialAction":[{"@type":"ReadAction","target":["https:\/\/talkpal.ai\/tr\/hollandaca-dilbilgisi\/"]}]},{"@type":"ImageObject","inLanguage":"tr","@id":"https:\/\/talkpal.ai\/tr\/hollandaca-dilbilgisi\/#primaryimage","url":"https:\/\/talkpal.ai\/wp-content\/uploads\/2023\/04\/netherlands-dutch.png","contentUrl":"https:\/\/talkpal.ai\/wp-content\/uploads\/2023\/04\/netherlands-dutch.png","width":512,"height":512},{"@type":"BreadcrumbList","@id":"https:\/\/talkpal.ai\/tr\/hollandaca-dilbilgisi\/#breadcrumb","itemListElement":[{"@type":"ListItem","position":1,"name":"Homepage","item":"https:\/\/talkpal.ai\/tr\/"},{"@type":"ListItem","position":2,"name":"Hollandaca Dilbilgisi"}]},{"@type":"WebSite","@id":"https:\/\/talkpal.ai\/tr\/#website","url":"https:\/\/talkpal.ai\/tr\/","name":"Talkpal","description":"AI Language Learning","publisher":{"@id":"https:\/\/talkpal.ai\/tr\/#organization"},"alternateName":"Talkpal AI","potentialAction":[{"@type":"SearchAction","target":{"@type":"EntryPoint","urlTemplate":"https:\/\/talkpal.ai\/tr\/?s={search_term_string}"},"query-input":{"@type":"PropertyValueSpecification","valueRequired":true,"valueName":"search_term_string"}}],"inLanguage":"tr"},{"@type":"Organization","@id":"https:\/\/talkpal.ai\/tr\/#organization","name":"Talkpal, Inc.","alternateName":"Talkpal AI","url":"https:\/\/talkpal.ai\/tr\/","logo":{"@type":"ImageObject","inLanguage":"tr","@id":"https:\/\/talkpal.ai\/tr\/#\/schema\/logo\/image\/","url":"https:\/\/talkpal.ai\/wp-content\/uploads\/2024\/03\/Talkpal-Logo-Icon.png","contentUrl":"https:\/\/talkpal.ai\/wp-content\/uploads\/2024\/03\/Talkpal-Logo-Icon.png","width":2880,"height":2880,"caption":"Talkpal, Inc."},"image":{"@id":"https:\/\/talkpal.ai\/tr\/#\/schema\/logo\/image\/"},"sameAs":["https:\/\/www.facebook.com\/profile.php?id=100090733639311","https:\/\/x.com\/talkpalai","https:\/\/www.linkedin.com\/company\/talkpal\/","https:\/\/www.youtube.com\/@TalkPal\/","https:\/\/www.tiktok.com\/@talkpal","https:\/\/www.instagram.com\/talkpal_ai\/","https:\/\/www.crunchbase.com\/organization\/talkpal-9cde","https:\/\/www.g2.com\/products\/talkpal-for-business\/","https:\/\/www.trustpilot.com\/review\/talkpal.ai","https:\/\/www.capterra.com\/p\/10006800\/TalkPal\/"],"description":"Talkpal is a language learning web and mobile education app, powered by the latest AI technologies, that provides engaging experiences to its customers in many different languages to help them improve their language skills. Users can chat about unlimited amount of topics with the app and use other modes to practice their language learning.","email":"support@talkpal.ai","legalName":"Talkpal, Inc.","foundingDate":"2023-04-03","duns":"118989042","numberOfEmployees":{"@type":"QuantitativeValue","minValue":"11","maxValue":"50"},"publishingPrinciples":"https:\/\/talkpal.ai\/publishing-principles\/","actionableFeedbackPolicy":"https:\/\/talkpal.ai\/actionable-feedback-policy\/","correctionsPolicy":"https:\/\/talkpal.ai\/corrections-policy\/","ethicsPolicy":"https:\/\/talkpal.ai\/ethics-policy\/","diversityPolicy":"https:\/\/talkpal.ai\/diversity-policy\/","diversityStaffingReport":"https:\/\/talkpal.ai\/diversity-policy\/"}]}},"_links":{"self":[{"href":"https:\/\/talkpal.ai\/tr\/wp-json\/wp\/v2\/pages\/128687","targetHints":{"allow":["GET"]}}],"collection":[{"href":"https:\/\/talkpal.ai\/tr\/wp-json\/wp\/v2\/pages"}],"about":[{"href":"https:\/\/talkpal.ai\/tr\/wp-json\/wp\/v2\/types\/page"}],"author":[{"embeddable":true,"href":"https:\/\/talkpal.ai\/tr\/wp-json\/wp\/v2\/users\/1"}],"replies":[{"embeddable":true,"href":"https:\/\/talkpal.ai\/tr\/wp-json\/wp\/v2\/comments?post=128687"}],"version-history":[{"count":0,"href":"https:\/\/talkpal.ai\/tr\/wp-json\/wp\/v2\/pages\/128687\/revisions"}],"wp:featuredmedia":[{"embeddable":true,"href":"https:\/\/talkpal.ai\/tr\/wp-json\/wp\/v2\/media\/106281"}],"wp:attachment":[{"href":"https:\/\/talkpal.ai\/tr\/wp-json\/wp\/v2\/media?parent=128687"}],"curies":[{"name":"wp","href":"https:\/\/api.w.org\/{rel}","templated":true}]}}