{"id":128237,"date":"2023-05-14T13:48:36","date_gmt":"2023-05-14T13:48:36","guid":{"rendered":"http:\/\/talkpal.ai\/cince-dilbilgisi\/"},"modified":"2025-06-17T16:38:21","modified_gmt":"2025-06-17T16:38:21","slug":"cince-dilbilgisi","status":"publish","type":"page","link":"https:\/\/talkpal.ai\/tr\/cince-dilbilgisi\/","title":{"rendered":"\u00c7ince Dilbilgisi"},"content":{"rendered":"\r\n\r\n\r\n<section class=\"languageChallengeSection\">\r\n    <div class=\"languageInfoWrapper\">\r\n        \r\n        <h1>\u00c7ince Dilbilgisi<\/h1>\r\n        <p>Temel gramer yap\u0131lar\u0131n\u0131 ve kullan\u0131m kal\u0131plar\u0131n\u0131 \u00f6\u011frenerek <a href=\"https:\/\/talkpal.ai\/learn-chinese\/\">\u00c7ince<\/a> dil becerilerinizi g\u00fc\u00e7lendirin. \u00c7ince dilbilginizi bug\u00fcn geli\u015ftirmeye ba\u015flay\u0131n ve g\u00fcvenle ileti\u015fim kurun!<\/p>\r\n\r\n                            <a class=\"getStartedHidden\" href=\"https:\/\/app.talkpal.ai\/tr\/signup?lng=\">Hadi ba\u015fla<\/a>\r\n        \r\n    <\/div>\r\n\r\n    <figure>\r\n    <img decoding=\"async\" width=\"768\" height=\"768\" src=\"https:\/\/talkpal.ai\/wp-content\/uploads\/2023\/06\/chinese-768x768.png\" class=\"languageImage no-lazy\" alt=\"Language learning for flexible communication\" fetchpriority=\"high\" sizes=\"(max-width: 768px) 150px, 768px\" srcset=\"https:\/\/talkpal.ai\/wp-content\/uploads\/2023\/06\/chinese-768x768.png 768w, https:\/\/talkpal.ai\/wp-content\/uploads\/2023\/06\/chinese-300x300.png 300w\" \/>\r\n    \r\n\r\n    <\/figure>\r\n\r\n            <a class=\"getStartedVisible\" href=\"https:\/\/app.talkpal.ai\/tr\/signup?lng=\">Hadi ba\u015fla<\/a>\r\n    \r\n<\/section>\r\n<section class=\"promotionalBanner\">\r\n    <p class=\"promotionalText\">Dil \u00f6\u011frenmenin en etkili yolu<\/p>\r\n    <a class=\"promotionalLink\" href=\"https:\/\/app.talkpal.ai\/tr\/signup?lng=\">Talkpal \u00fccretsiz deneyin<\/a>\r\n<\/section>\n<div class=\"wp-block-group pageContainerStyle\"><div class=\"wp-block-group__inner-container is-layout-constrained wp-block-group-is-layout-constrained\">\n<h2 class=\"wp-block-heading\" id=\"h-chinese-grammar-the-key-to-mastering-mandarin\">\u00c7ince Dilbilgisi: Mandarin&#8217;de Ustala\u015fman\u0131n Anahtar\u0131<\/h2>\n\n\n\n<p>Mandarin&#8217;de ustala\u015fmay\u0131 hedeflemi\u015f h\u0131rsl\u0131 bir dil \u00f6\u011frencisi misiniz? E\u011fer \u00f6yleyse, tebrikler! \u00c7ince ile u\u011fra\u015fmak, k\u00fcresel zihniyetinizi geni\u015fletmenin, \u00e7ok \u00e7e\u015fitli konu\u015fmac\u0131larla ba\u011flant\u0131 kurman\u0131n ve entelekt\u00fcel olarak kendinize meydan okuman\u0131n harika bir yoludur. Bununla birlikte, 1,2 milyar anadili ve Bat\u0131 dillerinden \u00e7ok farkl\u0131 bir dil sistemi ile <a href=\"https:\/\/talkpal.ai\/chinese-grammar\/\">\u00c7ince dilbilgisi<\/a> olduk\u00e7a g\u00f6z korkutucu g\u00f6r\u00fcnebilir. Korkmay\u0131n! <a href=\"https:\/\/talkpal.ai\/chinese-grammar\/\">\u00c7ince dilbilgisi<\/a> konusunda hem ilgi \u00e7ekici hem de bilgilendirici, ba\u015flang\u0131\u00e7 seviyesine uygun h\u0131zland\u0131r\u0131lm\u0131\u015f bir <a href=\"https:\/\/talkpal.ai\/courses\/\">kurs<\/a> i\u00e7in okumaya devam edin.<\/p>\n\n\n\n<p><strong>Her \u015feyden \u00f6nce: Avrupa dilleri hakk\u0131nda bildiklerinizi unutun!<\/strong><\/p>\n\n\n\n<p>Dil \u00f6\u011frencilerinin \u00c7ince gramerden korkmalar\u0131n\u0131n en \u00f6nemli nedenlerinden biri, \u0130ngilizce, \u0130spanyolca veya Frans\u0131zca gibi dillerde al\u0131\u015f\u0131k oldu\u011fumuz &#8220;\u00f6zne-fiil-nesne&#8221; yap\u0131s\u0131ndan radikal bir \u015fekilde farkl\u0131 olmas\u0131d\u0131r. O halde derin bir nefes al\u0131n ve dilbilimsel kurallar ve kavramlardan olu\u015fan yepyeni bir evrene dalal\u0131m!<\/p>\n\n\n\n<h3 class=\"wp-block-heading\" id=\"h-1-word-order-is-king\">1. Kelime s\u0131ras\u0131 krald\u0131r<\/h3>\n\n\n\n<p>\u00c7ince dilbilgisinde zamanlar, fiil \u00e7ekimleri veya \u00e7o\u011fullar olmasa da, uygun c\u00fcmle yap\u0131s\u0131 \u00e7ok \u00f6nemlidir. Peki do\u011fru kelime s\u0131ralamas\u0131 nas\u0131l elde edilir? \u00c7o\u011fu durumda, sadece &#8220;\u00f6zne-fiil-nesne&#8221; kal\u0131b\u0131n\u0131 takip edin (\u0130ngilizce&#8217;ye benzer). Mesela:<\/p>\n\n\n\n<p>\u0130ngilizce: Seni seviyorum.<br\/>\u00c7ince: \u6211\u7231\u4f60\u3002 W\u01d2 \u00e0i n\u01d0.<\/p>\n\n\n\n<p>Daha karma\u015f\u0131k yap\u0131lar var, ancak g\u00fc\u00e7l\u00fc bir temel geli\u015ftirmek, ilerledik\u00e7e onlar\u0131 kavramay\u0131 kolayla\u015ft\u0131racakt\u0131r.<\/p>\n\n\n\n<h3 class=\"wp-block-heading\" id=\"h-2-particles-particles-everywhere\">2. Par\u00e7ac\u0131klar, her yerde par\u00e7ac\u0131klar!<\/h3>\n\n\n\n<p>\u00c7ince dilbilgisinde, par\u00e7ac\u0131klar anlam\u0131n aktar\u0131lmas\u0131nda kritik bir rol oynar. En yayg\u0131n par\u00e7ac\u0131klardan biri, tamamlanm\u0131\u015f bir eylemi i\u015faret eden &#8220;\u4e86 (le) &#8220;dir. Mesela:<\/p>\n\n\n\n<p>Ch\u012b le. &#8211; &#8220;Yemek yedim.&#8221;<\/p>\n\n\n\n<p>Bir ba\u015fka yayg\u0131n par\u00e7ac\u0131k da &#8220;\u5427 (ba)&#8221; olup bir ifadeyi \u00f6neri veya soruya d\u00f6n\u00fc\u015ft\u00fcr\u00fcr:<\/p>\n\n\n\n<p>\u8d70\u5427\uff01Z\u01d2u ba! &#8211; &#8220;Hadi gidelim!&#8221;<\/p>\n\n\n\n<p>\u00c7e\u015fitli par\u00e7ac\u0131klar\u0131n i\u015flevlerini anlamak, \u00c7ince dilbilgisinin n\u00fcanslar\u0131na hakim olman\u0131n anahtar\u0131d\u0131r.<\/p>\n\n\n\n<h3 class=\"wp-block-heading\" id=\"h-3-measure-words-quality-not-quantity\">3. Kelimeleri \u00f6l\u00e7\u00fcn: nicelik de\u011fil nitelik<\/h3>\n\n\n\n<p>\u00c7ince&#8217;de isimlerin \u00e7o\u011fullar\u0131 yoktur. Bunun yerine, miktar\u0131 ifade etmek i\u00e7in \u00f6l\u00e7\u00fc s\u00f6zc\u00fckleri (s\u0131n\u0131fland\u0131r\u0131c\u0131lar olarak da bilinir) kullan\u0131rlar. Say\u0131 ile isim aras\u0131na \u00f6l\u00e7\u00fc kelimeleri eklenir. Mesela:<\/p>\n\n\n\n<p>\u4e00\u672c\u4e66 &#8211; Y\u012b b\u011bn sh\u016b &#8211; &#8220;bir kitap&#8221;<\/p>\n\n\n\n<p>Kitaplar i\u00e7in \u00f6l\u00e7\u00fc kelimesi olarak \u672c (b\u011bn) kullan\u0131m\u0131na dikkat edin. Farkl\u0131 isimler farkl\u0131 \u00f6l\u00e7\u00fc kelimeleri gerektirir ve bu ilk ba\u015fta kafa kar\u0131\u015ft\u0131r\u0131c\u0131 g\u00f6r\u00fcnse de, pratikle ikinci do\u011fa haline gelecektir.<\/p>\n\n\n\n<h3 class=\"wp-block-heading\" id=\"h-4-the-magic-of-compound-words\">4. Bile\u015fik kelimelerin b\u00fcy\u00fcs\u00fc<\/h3>\n\n\n\n<p>\u00c7ince, iki veya daha fazla karakterin birle\u015ftirilmesiyle olu\u015fturulan bile\u015fik kelimelerle doludur. Bu sadece kelime \u00f6\u011frenimini kolayla\u015ft\u0131rmakla kalmaz, ayn\u0131 zamanda canl\u0131 g\u00f6r\u00fcnt\u00fcler ve ba\u011flam sa\u011flar. Mesela:<\/p>\n\n\n\n<p>\u706b\u8f66 &#8211; Hu\u01d2ch\u0113 &#8211; &#8220;tren&#8221; (kelime anlam\u0131yla: &#8220;yang\u0131n arac\u0131&#8221;)<br\/>\u7535\u8bdd &#8211; Di\u00e0nhu\u00e0 &#8211; &#8220;telefon&#8221; (kelimenin tam anlam\u0131yla: &#8220;elektrikli konu\u015fma&#8221;)<\/p>\n\n\n\n<p>Tek tek karakterlerin anlam\u0131n\u0131 anlayarak, daha \u00f6nce hi\u00e7 kar\u015f\u0131la\u015fmad\u0131\u011f\u0131n\u0131z bile\u015fik kelimelerin anlam\u0131n\u0131 kolayca \u00e7\u0131karabilirsiniz.<\/p>\n\n\n\n<h3 class=\"wp-block-heading\" id=\"h-5-no-tenses-no-problem\">5. Zaman yok mu? Sorun de\u011fil!<\/h3>\n\n\n\n<p>\u00c7ince&#8217;nin en canland\u0131r\u0131c\u0131 y\u00f6nlerinden biri, farkl\u0131 zamanlar i\u00e7in fiil \u00e7ekimlerinin olmamas\u0131d\u0131r. Ama zaman\u0131 nas\u0131l ifade edersiniz? Basit! Sadece zaman dilimini g\u00f6steren kelimeler ekleyin, \u00f6rne\u011fin:<\/p>\n\n\n\n<p>\u6628\u5929 &#8211; Zu\u00f3ti\u0101n &#8211; &#8220;d\u00fcn&#8221;<br\/>\u660e\u5929 &#8211; M\u00edngti\u0101n &#8211; &#8220;yar\u0131n&#8221;<\/p>\n\n\n\n<p><strong>Mesela:<\/strong><\/p>\n\n\n\n<p>Zu\u00f3ti\u0101n ch\u012b le f\u00e0n. &#8211; &#8220;D\u00fcn yemek yedim.&#8221;<br\/>\u6211\u660e\u5929\u5403\u996d\u3002W\u01d2 m\u00edngti\u0101n ch\u012b f\u00e0n. &#8211; &#8220;Yar\u0131n yemek yiyece\u011fim.&#8221;<\/p>\n\n\n\n<p>Tebrikler! \u00c7ince dilbilgisinde ustala\u015fmak i\u00e7in ilk ad\u0131mlar\u0131 att\u0131n\u0131z. Unutmay\u0131n: pratik yapmak m\u00fckemmelle\u015ftirir. Bu nedenle, yeni gramer yap\u0131lar\u0131n\u0131 ke\u015ffetmekten, ana dili \u0130ngilizce olan ki\u015filerle sohbet etmekten ve temelinizi g\u00fc\u00e7lendirmekten \u00e7ekinmeyin. Mandarin d\u00fcnyas\u0131 sizi bekliyor &#8211; iyi \u00f6\u011frenmeler!<\/p>\n<\/div><\/div>\n\r\n<section class=\"learnNavigationSection\">\r\n            \r\n        <a href=\"https:\/\/talkpal.ai\/tr\/cince-ogren\/\">\r\n            <div class=\"learnNavigationWrapper\">\r\n                <div class=\"learnNavigationContent\">\r\n                    <img decoding=\"async\" src=\"https:\/\/talkpal.ai\/wp-content\/uploads\/2024\/08\/Chinese.jpg\" alt=\"Chinese Flag\u00a0\">\r\n                    <div>\r\n                        <h4>\u00c7ince \u00d6\u011frenimi Hakk\u0131nda<\/h4>\r\n                        <p>\u00c7ince dilbilgisi hakk\u0131nda her \u015feyi \u00f6\u011frenin.<\/p>\r\n                    <\/div>\r\n                <\/div>\r\n            <\/div>\r\n        <\/a>\r\n\r\n        \r\n        <a href=\"https:\/\/talkpal.ai\/tr\/cince-dilbilgisi-alistirmalari\/\">\r\n            <div class=\"learnNavigationWrapper\">\r\n                <div class=\"learnNavigationContent\">\r\n                    <img decoding=\"async\" src=\"https:\/\/talkpal.ai\/wp-content\/uploads\/2024\/08\/Chinese.jpg\" alt=\"Chinese Flag\u00a0\">\r\n                    <div>\r\n                        <h4>\u00c7ince Dilbilgisi Al\u0131\u015ft\u0131rmas\u0131<\/h4>\r\n                        <p>\u00c7ince dilbilgisi al\u0131\u015ft\u0131rmas\u0131 yap\u0131n.<\/p>\r\n                    <\/div>\r\n                <\/div>\r\n            <\/div>\r\n        <\/a>\r\n\r\n        \r\n        <a href=\"https:\/\/talkpal.ai\/vocabulary_language\/chinese\/\">\r\n            <div class=\"learnNavigationWrapper\">\r\n                <div class=\"learnNavigationContent\">\r\n                    <img decoding=\"async\" src=\"https:\/\/talkpal.ai\/wp-content\/uploads\/2024\/08\/Chinese.jpg\" alt=\"Chinese Flag\u00a0\">\r\n                    <div>\r\n                        <h4>\u00c7ince Kelime Bilgisi<\/h4>\r\n                        <p>\u00c7ince kelime da\u011farc\u0131\u011f\u0131n\u0131z\u0131 geni\u015fletin.<\/p>\r\n                    <\/div>\r\n                <\/div>\r\n            <\/div>\r\n        <\/a>\r\n\r\n            <\/section>","protected":false},"excerpt":{"rendered":"<p>\u00c7ince Dilbilgisi: Mandarin&#8217;de Ustala\u015fman\u0131n Anahtar\u0131 Mandarin&#8217;de ustala\u015fmay\u0131 hedeflemi\u015f h\u0131rsl\u0131 bir dil \u00f6\u011frencisi misiniz? E\u011fer \u00f6yleyse, tebrikler! \u00c7ince ile u\u011fra\u015fmak, k\u00fcresel zihniyetinizi geni\u015fletmenin, \u00e7ok \u00e7e\u015fitli konu\u015fmac\u0131larla ba\u011flant\u0131 kurman\u0131n ve entelekt\u00fcel olarak kendinize meydan okuman\u0131n harika bir yoludur. Bununla birlikte, 1,2 milyar anadili ve Bat\u0131 dillerinden \u00e7ok farkl\u0131 bir dil sistemi ile \u00c7ince dilbilgisi olduk\u00e7a g\u00f6z korkutucu [&hellip;]<\/p>\n","protected":false},"author":1,"featured_media":106213,"parent":0,"menu_order":0,"comment_status":"closed","ping_status":"closed","template":"LearningContentPage.php","meta":{"_acf_changed":false,"footnotes":""},"class_list":["post-128237","page","type-page","status-publish","has-post-thumbnail","hentry"],"acf":[],"yoast_head":"<!-- This site is optimized with the Yoast SEO Premium plugin v27.2 (Yoast SEO v27.2) - https:\/\/yoast.com\/product\/yoast-seo-premium-wordpress\/ -->\n<title>\u00c7ince Dilbilgisi - Talkpal<\/title>\n<meta name=\"description\" content=\"\u00c7in dilini ve k\u00fclt\u00fcr\u00fcn\u00fc daha iyi anlamak i\u00e7in \u00c7ince Dilbilgisinin s\u0131rlar\u0131n\u0131 \u00e7\u00f6z\u00fcn.\" \/>\n<meta name=\"robots\" content=\"index, follow, max-snippet:-1, max-image-preview:large, max-video-preview:-1\" \/>\n<link rel=\"canonical\" href=\"https:\/\/talkpal.ai\/tr\/cince-dilbilgisi\/\" \/>\n<meta property=\"og:locale\" content=\"tr_TR\" \/>\n<meta property=\"og:type\" content=\"article\" \/>\n<meta property=\"og:title\" content=\"\u00c7ince Dilbilgisi\" \/>\n<meta property=\"og:description\" content=\"\u00c7ince Dilbilgisi: Mandarin&#039;de Ustala\u015fman\u0131n Anahtar\u0131 Mandarin&#039;de ustala\u015fmay\u0131 hedeflemi\u015f h\u0131rsl\u0131 bir dil \u00f6\u011frencisi misiniz? E\u011fer \u00f6yleyse, tebrikler! \u00c7ince\" \/>\n<meta property=\"og:url\" content=\"https:\/\/talkpal.ai\/tr\/cince-dilbilgisi\/\" \/>\n<meta property=\"og:site_name\" content=\"Talkpal\" \/>\n<meta property=\"article:publisher\" content=\"https:\/\/www.facebook.com\/profile.php?id=100090733639311\" \/>\n<meta property=\"article:modified_time\" content=\"2025-06-17T16:38:21+00:00\" \/>\n<meta property=\"og:image\" content=\"https:\/\/talkpal.ai\/wp-content\/uploads\/2023\/04\/china.png\" \/>\n\t<meta property=\"og:image:width\" content=\"512\" \/>\n\t<meta property=\"og:image:height\" content=\"512\" \/>\n\t<meta property=\"og:image:type\" content=\"image\/png\" \/>\n<meta name=\"twitter:card\" content=\"summary_large_image\" \/>\n<meta name=\"twitter:site\" content=\"@talkpalai\" \/>\n<meta name=\"twitter:label1\" content=\"Tahmini okuma s\u00fcresi\" \/>\n\t<meta name=\"twitter:data1\" content=\"3 dakika\" \/>\n<script type=\"application\/ld+json\" class=\"yoast-schema-graph\">{\"@context\":\"https:\/\/schema.org\",\"@graph\":[{\"@type\":\"WebPage\",\"@id\":\"https:\/\/talkpal.ai\/tr\/cince-dilbilgisi\/\",\"url\":\"https:\/\/talkpal.ai\/tr\/cince-dilbilgisi\/\",\"name\":\"\u00c7ince Dilbilgisi - Talkpal\",\"isPartOf\":{\"@id\":\"https:\/\/talkpal.ai\/tr\/#website\"},\"primaryImageOfPage\":{\"@id\":\"https:\/\/talkpal.ai\/tr\/cince-dilbilgisi\/#primaryimage\"},\"image\":{\"@id\":\"https:\/\/talkpal.ai\/tr\/cince-dilbilgisi\/#primaryimage\"},\"thumbnailUrl\":\"https:\/\/talkpal.ai\/wp-content\/uploads\/2023\/04\/china.png\",\"datePublished\":\"2023-05-14T13:48:36+00:00\",\"dateModified\":\"2025-06-17T16:38:21+00:00\",\"description\":\"\u00c7in dilini ve k\u00fclt\u00fcr\u00fcn\u00fc daha iyi anlamak i\u00e7in \u00c7ince Dilbilgisinin s\u0131rlar\u0131n\u0131 \u00e7\u00f6z\u00fcn.\",\"breadcrumb\":{\"@id\":\"https:\/\/talkpal.ai\/tr\/cince-dilbilgisi\/#breadcrumb\"},\"inLanguage\":\"tr\",\"potentialAction\":[{\"@type\":\"ReadAction\",\"target\":[\"https:\/\/talkpal.ai\/tr\/cince-dilbilgisi\/\"]}]},{\"@type\":\"ImageObject\",\"inLanguage\":\"tr\",\"@id\":\"https:\/\/talkpal.ai\/tr\/cince-dilbilgisi\/#primaryimage\",\"url\":\"https:\/\/talkpal.ai\/wp-content\/uploads\/2023\/04\/china.png\",\"contentUrl\":\"https:\/\/talkpal.ai\/wp-content\/uploads\/2023\/04\/china.png\",\"width\":512,\"height\":512},{\"@type\":\"BreadcrumbList\",\"@id\":\"https:\/\/talkpal.ai\/tr\/cince-dilbilgisi\/#breadcrumb\",\"itemListElement\":[{\"@type\":\"ListItem\",\"position\":1,\"name\":\"Homepage\",\"item\":\"https:\/\/talkpal.ai\/tr\/\"},{\"@type\":\"ListItem\",\"position\":2,\"name\":\"\u00c7ince Dilbilgisi\"}]},{\"@type\":\"WebSite\",\"@id\":\"https:\/\/talkpal.ai\/tr\/#website\",\"url\":\"https:\/\/talkpal.ai\/tr\/\",\"name\":\"Talkpal\",\"description\":\"AI Language Learning\",\"publisher\":{\"@id\":\"https:\/\/talkpal.ai\/tr\/#organization\"},\"alternateName\":\"Talkpal AI\",\"potentialAction\":[{\"@type\":\"SearchAction\",\"target\":{\"@type\":\"EntryPoint\",\"urlTemplate\":\"https:\/\/talkpal.ai\/tr\/?s={search_term_string}\"},\"query-input\":{\"@type\":\"PropertyValueSpecification\",\"valueRequired\":true,\"valueName\":\"search_term_string\"}}],\"inLanguage\":\"tr\"},{\"@type\":\"Organization\",\"@id\":\"https:\/\/talkpal.ai\/tr\/#organization\",\"name\":\"Talkpal, Inc.\",\"alternateName\":\"Talkpal AI\",\"url\":\"https:\/\/talkpal.ai\/tr\/\",\"logo\":{\"@type\":\"ImageObject\",\"inLanguage\":\"tr\",\"@id\":\"https:\/\/talkpal.ai\/tr\/#\/schema\/logo\/image\/\",\"url\":\"https:\/\/talkpal.ai\/wp-content\/uploads\/2024\/03\/Talkpal-Logo-Icon.png\",\"contentUrl\":\"https:\/\/talkpal.ai\/wp-content\/uploads\/2024\/03\/Talkpal-Logo-Icon.png\",\"width\":2880,\"height\":2880,\"caption\":\"Talkpal, Inc.\"},\"image\":{\"@id\":\"https:\/\/talkpal.ai\/tr\/#\/schema\/logo\/image\/\"},\"sameAs\":[\"https:\/\/www.facebook.com\/profile.php?id=100090733639311\",\"https:\/\/x.com\/talkpalai\",\"https:\/\/www.linkedin.com\/company\/talkpal\/\",\"https:\/\/www.youtube.com\/@TalkPal\/\",\"https:\/\/www.tiktok.com\/@talkpal\",\"https:\/\/www.instagram.com\/talkpal_ai\/\",\"https:\/\/www.crunchbase.com\/organization\/talkpal-9cde\",\"https:\/\/www.g2.com\/products\/talkpal-for-business\/\",\"https:\/\/www.trustpilot.com\/review\/talkpal.ai\",\"https:\/\/www.capterra.com\/p\/10006800\/TalkPal\/\"],\"description\":\"Talkpal is a language learning web and mobile education app, powered by the latest AI technologies, that provides engaging experiences to its customers in many different languages to help them improve their language skills. Users can chat about unlimited amount of topics with the app and use other modes to practice their language learning.\",\"email\":\"support@talkpal.ai\",\"legalName\":\"Talkpal, Inc.\",\"foundingDate\":\"2023-04-03\",\"duns\":\"118989042\",\"numberOfEmployees\":{\"@type\":\"QuantitativeValue\",\"minValue\":\"11\",\"maxValue\":\"50\"},\"publishingPrinciples\":\"https:\/\/talkpal.ai\/publishing-principles\/\",\"actionableFeedbackPolicy\":\"https:\/\/talkpal.ai\/actionable-feedback-policy\/\",\"correctionsPolicy\":\"https:\/\/talkpal.ai\/corrections-policy\/\",\"ethicsPolicy\":\"https:\/\/talkpal.ai\/ethics-policy\/\",\"diversityPolicy\":\"https:\/\/talkpal.ai\/diversity-policy\/\",\"diversityStaffingReport\":\"https:\/\/talkpal.ai\/diversity-policy\/\"}]}<\/script>\n<!-- \/ Yoast SEO Premium plugin. -->","yoast_head_json":{"title":"\u00c7ince Dilbilgisi - Talkpal","description":"\u00c7in dilini ve k\u00fclt\u00fcr\u00fcn\u00fc daha iyi anlamak i\u00e7in \u00c7ince Dilbilgisinin s\u0131rlar\u0131n\u0131 \u00e7\u00f6z\u00fcn.","robots":{"index":"index","follow":"follow","max-snippet":"max-snippet:-1","max-image-preview":"max-image-preview:large","max-video-preview":"max-video-preview:-1"},"canonical":"https:\/\/talkpal.ai\/tr\/cince-dilbilgisi\/","og_locale":"tr_TR","og_type":"article","og_title":"\u00c7ince Dilbilgisi","og_description":"\u00c7ince Dilbilgisi: Mandarin'de Ustala\u015fman\u0131n Anahtar\u0131 Mandarin'de ustala\u015fmay\u0131 hedeflemi\u015f h\u0131rsl\u0131 bir dil \u00f6\u011frencisi misiniz? E\u011fer \u00f6yleyse, tebrikler! \u00c7ince","og_url":"https:\/\/talkpal.ai\/tr\/cince-dilbilgisi\/","og_site_name":"Talkpal","article_publisher":"https:\/\/www.facebook.com\/profile.php?id=100090733639311","article_modified_time":"2025-06-17T16:38:21+00:00","og_image":[{"width":512,"height":512,"url":"https:\/\/talkpal.ai\/wp-content\/uploads\/2023\/04\/china.png","type":"image\/png"}],"twitter_card":"summary_large_image","twitter_site":"@talkpalai","twitter_misc":{"Tahmini okuma s\u00fcresi":"3 dakika"},"schema":{"@context":"https:\/\/schema.org","@graph":[{"@type":"WebPage","@id":"https:\/\/talkpal.ai\/tr\/cince-dilbilgisi\/","url":"https:\/\/talkpal.ai\/tr\/cince-dilbilgisi\/","name":"\u00c7ince Dilbilgisi - Talkpal","isPartOf":{"@id":"https:\/\/talkpal.ai\/tr\/#website"},"primaryImageOfPage":{"@id":"https:\/\/talkpal.ai\/tr\/cince-dilbilgisi\/#primaryimage"},"image":{"@id":"https:\/\/talkpal.ai\/tr\/cince-dilbilgisi\/#primaryimage"},"thumbnailUrl":"https:\/\/talkpal.ai\/wp-content\/uploads\/2023\/04\/china.png","datePublished":"2023-05-14T13:48:36+00:00","dateModified":"2025-06-17T16:38:21+00:00","description":"\u00c7in dilini ve k\u00fclt\u00fcr\u00fcn\u00fc daha iyi anlamak i\u00e7in \u00c7ince Dilbilgisinin s\u0131rlar\u0131n\u0131 \u00e7\u00f6z\u00fcn.","breadcrumb":{"@id":"https:\/\/talkpal.ai\/tr\/cince-dilbilgisi\/#breadcrumb"},"inLanguage":"tr","potentialAction":[{"@type":"ReadAction","target":["https:\/\/talkpal.ai\/tr\/cince-dilbilgisi\/"]}]},{"@type":"ImageObject","inLanguage":"tr","@id":"https:\/\/talkpal.ai\/tr\/cince-dilbilgisi\/#primaryimage","url":"https:\/\/talkpal.ai\/wp-content\/uploads\/2023\/04\/china.png","contentUrl":"https:\/\/talkpal.ai\/wp-content\/uploads\/2023\/04\/china.png","width":512,"height":512},{"@type":"BreadcrumbList","@id":"https:\/\/talkpal.ai\/tr\/cince-dilbilgisi\/#breadcrumb","itemListElement":[{"@type":"ListItem","position":1,"name":"Homepage","item":"https:\/\/talkpal.ai\/tr\/"},{"@type":"ListItem","position":2,"name":"\u00c7ince Dilbilgisi"}]},{"@type":"WebSite","@id":"https:\/\/talkpal.ai\/tr\/#website","url":"https:\/\/talkpal.ai\/tr\/","name":"Talkpal","description":"AI Language Learning","publisher":{"@id":"https:\/\/talkpal.ai\/tr\/#organization"},"alternateName":"Talkpal AI","potentialAction":[{"@type":"SearchAction","target":{"@type":"EntryPoint","urlTemplate":"https:\/\/talkpal.ai\/tr\/?s={search_term_string}"},"query-input":{"@type":"PropertyValueSpecification","valueRequired":true,"valueName":"search_term_string"}}],"inLanguage":"tr"},{"@type":"Organization","@id":"https:\/\/talkpal.ai\/tr\/#organization","name":"Talkpal, Inc.","alternateName":"Talkpal AI","url":"https:\/\/talkpal.ai\/tr\/","logo":{"@type":"ImageObject","inLanguage":"tr","@id":"https:\/\/talkpal.ai\/tr\/#\/schema\/logo\/image\/","url":"https:\/\/talkpal.ai\/wp-content\/uploads\/2024\/03\/Talkpal-Logo-Icon.png","contentUrl":"https:\/\/talkpal.ai\/wp-content\/uploads\/2024\/03\/Talkpal-Logo-Icon.png","width":2880,"height":2880,"caption":"Talkpal, Inc."},"image":{"@id":"https:\/\/talkpal.ai\/tr\/#\/schema\/logo\/image\/"},"sameAs":["https:\/\/www.facebook.com\/profile.php?id=100090733639311","https:\/\/x.com\/talkpalai","https:\/\/www.linkedin.com\/company\/talkpal\/","https:\/\/www.youtube.com\/@TalkPal\/","https:\/\/www.tiktok.com\/@talkpal","https:\/\/www.instagram.com\/talkpal_ai\/","https:\/\/www.crunchbase.com\/organization\/talkpal-9cde","https:\/\/www.g2.com\/products\/talkpal-for-business\/","https:\/\/www.trustpilot.com\/review\/talkpal.ai","https:\/\/www.capterra.com\/p\/10006800\/TalkPal\/"],"description":"Talkpal is a language learning web and mobile education app, powered by the latest AI technologies, that provides engaging experiences to its customers in many different languages to help them improve their language skills. Users can chat about unlimited amount of topics with the app and use other modes to practice their language learning.","email":"support@talkpal.ai","legalName":"Talkpal, Inc.","foundingDate":"2023-04-03","duns":"118989042","numberOfEmployees":{"@type":"QuantitativeValue","minValue":"11","maxValue":"50"},"publishingPrinciples":"https:\/\/talkpal.ai\/publishing-principles\/","actionableFeedbackPolicy":"https:\/\/talkpal.ai\/actionable-feedback-policy\/","correctionsPolicy":"https:\/\/talkpal.ai\/corrections-policy\/","ethicsPolicy":"https:\/\/talkpal.ai\/ethics-policy\/","diversityPolicy":"https:\/\/talkpal.ai\/diversity-policy\/","diversityStaffingReport":"https:\/\/talkpal.ai\/diversity-policy\/"}]}},"_links":{"self":[{"href":"https:\/\/talkpal.ai\/tr\/wp-json\/wp\/v2\/pages\/128237","targetHints":{"allow":["GET"]}}],"collection":[{"href":"https:\/\/talkpal.ai\/tr\/wp-json\/wp\/v2\/pages"}],"about":[{"href":"https:\/\/talkpal.ai\/tr\/wp-json\/wp\/v2\/types\/page"}],"author":[{"embeddable":true,"href":"https:\/\/talkpal.ai\/tr\/wp-json\/wp\/v2\/users\/1"}],"replies":[{"embeddable":true,"href":"https:\/\/talkpal.ai\/tr\/wp-json\/wp\/v2\/comments?post=128237"}],"version-history":[{"count":0,"href":"https:\/\/talkpal.ai\/tr\/wp-json\/wp\/v2\/pages\/128237\/revisions"}],"wp:featuredmedia":[{"embeddable":true,"href":"https:\/\/talkpal.ai\/tr\/wp-json\/wp\/v2\/media\/106213"}],"wp:attachment":[{"href":"https:\/\/talkpal.ai\/tr\/wp-json\/wp\/v2\/media?parent=128237"}],"curies":[{"name":"wp","href":"https:\/\/api.w.org\/{rel}","templated":true}]}}