{"id":127840,"date":"2023-05-14T13:43:38","date_gmt":"2023-05-14T13:43:38","guid":{"rendered":"http:\/\/talkpal.ai\/arapca-dilbilgisi\/"},"modified":"2025-05-21T11:47:32","modified_gmt":"2025-05-21T11:47:32","slug":"arapca-dilbilgisi","status":"publish","type":"page","link":"https:\/\/talkpal.ai\/tr\/arapca-dilbilgisi\/","title":{"rendered":"Arap\u00e7a Dilbilgisi"},"content":{"rendered":"\r\n\r\n\r\n<section class=\"languageChallengeSection\">\r\n    <div class=\"languageInfoWrapper\">\r\n        \r\n        <h1>Arap\u00e7a Dilbilgisi<\/h1>\r\n        <p>Temel dilbilgisi kavramlar\u0131n\u0131 ve a\u00e7\u0131k, ad\u0131m ad\u0131m a\u00e7\u0131klamalar\u0131 ke\u015ffederek Arap\u00e7a becerilerinizi geli\u015ftirin. \u015eimdi Arap\u00e7a dilbilgisinde ustala\u015fmaya ba\u015flay\u0131n ve daha ak\u0131c\u0131 ve g\u00fcvenle ileti\u015fim kurun!<\/p>\r\n\r\n                            <a class=\"getStartedHidden\" href=\"https:\/\/app.talkpal.ai\/tr\/signup?lng=\">Hadi ba\u015fla<\/a>\r\n        \r\n    <\/div>\r\n\r\n    <figure>\r\n    <img decoding=\"async\" width=\"768\" height=\"768\" src=\"https:\/\/talkpal.ai\/wp-content\/uploads\/2023\/06\/arabic-768x768.png\" class=\"languageImage no-lazy\" alt=\"Language learning for linguistic diversity\" fetchpriority=\"high\" sizes=\"(max-width: 768px) 150px, 768px\" srcset=\"https:\/\/talkpal.ai\/wp-content\/uploads\/2023\/06\/arabic-768x768.png 768w, https:\/\/talkpal.ai\/wp-content\/uploads\/2023\/06\/arabic-300x300.png 300w\" \/>\r\n    \r\n\r\n    <\/figure>\r\n\r\n            <a class=\"getStartedVisible\" href=\"https:\/\/app.talkpal.ai\/tr\/signup?lng=\">Hadi ba\u015fla<\/a>\r\n    \r\n<\/section>\r\n<section class=\"promotionalBanner\">\r\n    <p class=\"promotionalText\">Dil \u00f6\u011frenmenin en etkili yolu<\/p>\r\n    <a class=\"promotionalLink\" href=\"https:\/\/app.talkpal.ai\/tr\/signup?lng=\">Talkpal \u00fccretsiz deneyin<\/a>\r\n<\/section>\n<div class=\"wp-block-group pageContainerStyle\"><div class=\"wp-block-group__inner-container is-layout-constrained wp-block-group-is-layout-constrained\">\n<h2 class=\"wp-block-heading\" id=\"h-the-intricacies-of-arabic-grammar-a-journey-through-its-roots-and-beauty\">Arap\u00e7a Dilbilgisinin Karma\u015f\u0131kl\u0131klar\u0131: K\u00f6kleri ve G\u00fczelli\u011fi Aras\u0131nda Bir Yolculuk<\/h2>\n\n\n\n<p><strong>\u0130ngilizce gramer \u00f6\u011frenmeye ilk ba\u015flad\u0131\u011f\u0131n zaman\u0131 hat\u0131rl\u0131yor musun?<\/strong>  G\u00f6r\u00fcn\u00fc\u015fte sonsuz kurallar, istisnalar ve terminolojiler zaman zaman bunalm\u0131\u015f hissetmenize neden olmu\u015f olabilir. Arap\u00e7a dilini \u00f6\u011frenmeyi d\u00fc\u015f\u00fcn\u00fcyorsan\u0131z, benzersiz ve karma\u015f\u0131k bir gramer sistemine sahip oldu\u011fundan emin olabilirsiniz. \u00d6yleyse, Arap\u00e7a dilbilgisinin k\u00f6klerine ve g\u00fczelli\u011fine do\u011fru k\u0131sa ama ayd\u0131nlat\u0131c\u0131 bir yolculu\u011fa \u00e7\u0131kal\u0131m.<\/p>\n\n\n\n<p>\u00d6ncelikle, <strong>Arap\u00e7a ve \u0130ngilizce dilbilgisi aras\u0131ndaki<\/strong> baz\u0131 <strong>temel farkl\u0131l\u0131klar\u0131<\/strong> belirleyelim. Arap\u00e7ada kelimeler \u00fc\u00e7 kategoriye ayr\u0131l\u0131r: isimler, fiiller ve par\u00e7ac\u0131klar. \u0130ngilizce&#8217;den farkl\u0131 olarak, Arap\u00e7a kelimeler bir k\u00f6k sistemini takip eder, bu da bir kelimenin k\u00f6k\u00fcn\u00fc belirleyerek temel anlam\u0131n\u0131 izleyebilece\u011finiz anlam\u0131na gelir. Bu k\u00f6k sistemi Arap\u00e7a&#8217;ya ola\u011fan\u00fcst\u00fc bir derinlik ve zenginlik kazand\u0131r\u0131r. Arap\u00e7a dilbilgisi ile ilgili inan\u0131lmaz bir \u015fey, konu\u015fmac\u0131lar\u0131n genellikle belirli yap\u0131lar\u0131 takip ederek yeni kelimeler olu\u015fturmas\u0131na izin veren kal\u0131plara dayanmas\u0131d\u0131r.<\/p>\n\n\n\n<p><strong>Arap\u00e7a gramerinin bir<\/strong> di\u011fer \u00f6nemli y\u00f6n\u00fc <strong>de cinsiyetli bir dil olmas\u0131d\u0131r<\/strong>, yani isimlerin ve s\u0131fatlar\u0131n cinsiyete \u00f6zg\u00fc bi\u00e7imleri vard\u0131r. Arap\u00e7an\u0131n tekil ve \u00e7o\u011ful bi\u00e7imlerinin yan\u0131 s\u0131ra ikili bir bi\u00e7imi oldu\u011funu biliyor muydunuz? Bu do\u011fru! Arap\u00e7a ikili form, g\u00f6zler, eller veya ebeveynler gibi \u00e7iftleri belirtmek i\u00e7in kullan\u0131l\u0131r. \u0130ngilizce dilinde eksik olan ekstra bir \u00f6zg\u00fcll\u00fck katman\u0131 ekler.<\/p>\n\n\n\n<p>\u015eimdi de ba\u015fl\u0131 ba\u015f\u0131na yepyeni bir d\u00fcnya olan <strong>Arap\u00e7ada fiil \u00e7ekimlerini<\/strong> ele alal\u0131m. Arap\u00e7a fiiller, genellikle \u00fc\u00e7 temel \u00fcns\u00fczden olu\u015fan bir k\u00f6k sistemine dayan\u0131r. K\u00f6k, fiilin temel anlam\u0131n\u0131 belirler ve sesli harf kal\u0131plar\u0131 ekleyerek, fiilin farkl\u0131 anlam ve zamanlar\u0131 ifade eden farkl\u0131 bi\u00e7imlerini olu\u015fturursunuz. \u00d6rne\u011fin, bir k\u00f6kteki sesli harfleri de\u011fi\u015ftirmek, zaman\u0131 ge\u00e7mi\u015ften bug\u00fcne de\u011fi\u015ftirebilir veya aktif bir fiili pasif bir fiil haline getirebilir. Olduk\u00e7a \u015fa\u015f\u0131rt\u0131c\u0131, de\u011fil mi?<\/p>\n\n\n\n<p>Arap\u00e7a dilbilgisinin bahsetmemiz gereken bir ba\u015fka b\u00fcy\u00fcleyici y\u00f6n\u00fc de <strong>kesinliktir<\/strong>. \u0130ngilizce&#8217;de bir ismin belirli oldu\u011funu belirtmek i\u00e7in &#8220;the&#8221; kelimesini kullan\u0131r\u0131z. Arap\u00e7ada bu kavram, bir kelimenin ba\u015f\u0131na eklenen &#8220;Al-&#8221; adl\u0131 k\u00fc\u00e7\u00fck bir par\u00e7ac\u0131k arac\u0131l\u0131\u011f\u0131yla dile yerle\u015ftirilmi\u015ftir. Bir isimden \u00f6nce &#8220;Al-&#8221; geldi\u011finde, herhangi bir ek niteleyici olmadan belirli hale gelir. Yani, Arap\u00e7a&#8217;da &#8220;ev b\u00fcy\u00fckt\u00fcr&#8221; demek yerine &#8220;Al-baytu kabir&#8221; dersiniz, burada &#8220;Al-baytu&#8221; &#8220;ev&#8221; anlam\u0131na gelir.<\/p>\n\n\n\n<p><strong>Konu\u015fma Arap\u00e7as\u0131<\/strong> , her dilde oldu\u011fu gibi resmi Arap\u00e7a&#8217;dan daha dinamik ve ak\u0131c\u0131d\u0131r. Bununla birlikte, Arap\u00e7a dilbilgisinin temel ilkelerine hakim olmak, dili ger\u00e7ekten anlamak ve takdir etmek i\u00e7in gerekli olmaya devam etmektedir. K\u00f6k kal\u0131plar\u0131, cinsiyet formlar\u0131n\u0131 ve fiil \u00e7ekimlerini \u00f6\u011frendikten sonra, yeni kelimeleri tan\u0131mak ve \u00f6\u011frenmek \u00e7ok daha kolay hale gelecektir.<\/p>\n\n\n\n<p><strong>Arap\u00e7a dilbilgisi \u00f6\u011frenmek<\/strong> ilk ba\u015fta g\u00f6z korkutucu g\u00f6r\u00fcnebilir, ancak sebat ve \u00f6zveri ile bu karma\u015f\u0131k dilin g\u00fczelli\u011fini takdir edebileceksiniz. T\u0131pk\u0131 karma\u015f\u0131k bir bulmacay\u0131 \u00e7\u00f6zmek veya \u015fifreli bir kodu de\u015fifre etmek gibi, \u00f6d\u00fcl de Arap dilinin gizemlerini \u00e7\u00f6zmenin ve kendinizi onun zengin k\u00fclt\u00fcr\u00fcne, tarihine ve edebiyat\u0131na kapt\u0131rman\u0131n memnuniyetinde yatmaktad\u0131r. Peki, ne bekliyorsun? Arap\u00e7a dilbilgisinin b\u00fcy\u00fcleyici d\u00fcnyas\u0131na dal\u0131n ve ger\u00e7ek \u00f6z\u00fcn\u00fc kendiniz ke\u015ffedin.<\/p>\n<\/div><\/div>\n\r\n<section class=\"learnNavigationSection\">\r\n            \r\n        <a href=\"https:\/\/talkpal.ai\/tr\/arapca-ogren\/\">\r\n            <div class=\"learnNavigationWrapper\">\r\n                <div class=\"learnNavigationContent\">\r\n                    <img decoding=\"async\" src=\"https:\/\/talkpal.ai\/wp-content\/uploads\/2024\/08\/Arabic.jpg\" alt=\"Arabic Flag\">\r\n                    <div>\r\n                        <h4>Arap\u00e7a \u00d6\u011frenimi Hakk\u0131nda<\/h4>\r\n                        <p>Arap\u00e7a dilbilgisi hakk\u0131nda her \u015feyi \u00f6\u011frenin.<\/p>\r\n                    <\/div>\r\n                <\/div>\r\n            <\/div>\r\n        <\/a>\r\n\r\n        \r\n        <a href=\"https:\/\/talkpal.ai\/tr\/arapca-gramer-alistirmalari\/\">\r\n            <div class=\"learnNavigationWrapper\">\r\n                <div class=\"learnNavigationContent\">\r\n                    <img decoding=\"async\" src=\"https:\/\/talkpal.ai\/wp-content\/uploads\/2024\/08\/Arabic.jpg\" alt=\"Arabic Flag\">\r\n                    <div>\r\n                        <h4>Arap\u00e7a Dilbilgisi Al\u0131\u015ft\u0131rmas\u0131<\/h4>\r\n                        <p>Arap\u00e7a dilbilgisi al\u0131\u015ft\u0131rmas\u0131 yap\u0131n.<\/p>\r\n                    <\/div>\r\n                <\/div>\r\n            <\/div>\r\n        <\/a>\r\n\r\n        \r\n        <a href=\"https:\/\/talkpal.ai\/vocabulary_language\/arabic\/\">\r\n            <div class=\"learnNavigationWrapper\">\r\n                <div class=\"learnNavigationContent\">\r\n                    <img decoding=\"async\" src=\"https:\/\/talkpal.ai\/wp-content\/uploads\/2024\/08\/Arabic.jpg\" alt=\"Arabic Flag\">\r\n                    <div>\r\n                        <h4>Arap\u00e7a Kelime Bilgisi<\/h4>\r\n                        <p>Arap\u00e7a kelime da\u011farc\u0131\u011f\u0131n\u0131z\u0131 geni\u015fletin.<\/p>\r\n                    <\/div>\r\n                <\/div>\r\n            <\/div>\r\n        <\/a>\r\n\r\n            <\/section>","protected":false},"excerpt":{"rendered":"<p>Arap\u00e7a Dilbilgisinin Karma\u015f\u0131kl\u0131klar\u0131: K\u00f6kleri ve G\u00fczelli\u011fi Aras\u0131nda Bir Yolculuk \u0130ngilizce gramer \u00f6\u011frenmeye ilk ba\u015flad\u0131\u011f\u0131n zaman\u0131 hat\u0131rl\u0131yor musun? G\u00f6r\u00fcn\u00fc\u015fte sonsuz kurallar, istisnalar ve terminolojiler zaman zaman bunalm\u0131\u015f hissetmenize neden olmu\u015f olabilir. Arap\u00e7a dilini \u00f6\u011frenmeyi d\u00fc\u015f\u00fcn\u00fcyorsan\u0131z, benzersiz ve karma\u015f\u0131k bir gramer sistemine sahip oldu\u011fundan emin olabilirsiniz. \u00d6yleyse, Arap\u00e7a dilbilgisinin k\u00f6klerine ve g\u00fczelli\u011fine do\u011fru k\u0131sa ama ayd\u0131nlat\u0131c\u0131 bir [&hellip;]<\/p>\n","protected":false},"author":1,"featured_media":105794,"parent":0,"menu_order":0,"comment_status":"closed","ping_status":"closed","template":"LearningContentPage.php","meta":{"_acf_changed":false,"footnotes":""},"class_list":["post-127840","page","type-page","status-publish","has-post-thumbnail","hentry"],"acf":[],"yoast_head":"<!-- This site is optimized with the Yoast SEO Premium plugin v27.2 (Yoast SEO v27.2) - https:\/\/yoast.com\/product\/yoast-seo-premium-wordpress\/ -->\n<title>Arap\u00e7a Dilbilgisi - Talkpal<\/title>\n<meta name=\"description\" content=\"Arap\u00e7a dilbilgisinin inceliklerini ke\u015ffedin ve \u0130ngilizce dilbilgisine k\u0131yasla benzersiz yap\u0131s\u0131n\u0131 ke\u015ffedin.\" \/>\n<meta name=\"robots\" content=\"index, follow, max-snippet:-1, max-image-preview:large, max-video-preview:-1\" \/>\n<link rel=\"canonical\" href=\"https:\/\/talkpal.ai\/tr\/arapca-dilbilgisi\/\" \/>\n<meta property=\"og:locale\" content=\"tr_TR\" \/>\n<meta property=\"og:type\" content=\"article\" \/>\n<meta property=\"og:title\" content=\"Arap\u00e7a Dilbilgisi\" \/>\n<meta property=\"og:description\" content=\"Arap\u00e7a Dilbilgisinin Karma\u015f\u0131kl\u0131klar\u0131: K\u00f6kleri ve G\u00fczelli\u011fi Aras\u0131nda Bir Yolculuk \u0130ngilizce gramer \u00f6\u011frenmeye ilk ba\u015flad\u0131\u011f\u0131n zaman\u0131 hat\u0131rl\u0131yor musun?\" \/>\n<meta property=\"og:url\" content=\"https:\/\/talkpal.ai\/tr\/arapca-dilbilgisi\/\" \/>\n<meta property=\"og:site_name\" content=\"Talkpal\" \/>\n<meta property=\"article:publisher\" content=\"https:\/\/www.facebook.com\/profile.php?id=100090733639311\" \/>\n<meta property=\"article:modified_time\" content=\"2025-05-21T11:47:32+00:00\" \/>\n<meta property=\"og:image\" content=\"https:\/\/talkpal.ai\/wp-content\/uploads\/2023\/04\/arabic-united-arab-emirates.png\" \/>\n\t<meta property=\"og:image:width\" content=\"512\" \/>\n\t<meta property=\"og:image:height\" content=\"512\" \/>\n\t<meta property=\"og:image:type\" content=\"image\/png\" \/>\n<meta name=\"twitter:card\" content=\"summary_large_image\" \/>\n<meta name=\"twitter:site\" content=\"@talkpalai\" \/>\n<meta name=\"twitter:label1\" content=\"Tahmini okuma s\u00fcresi\" \/>\n\t<meta name=\"twitter:data1\" content=\"3 dakika\" \/>\n<script type=\"application\/ld+json\" class=\"yoast-schema-graph\">{\"@context\":\"https:\/\/schema.org\",\"@graph\":[{\"@type\":\"WebPage\",\"@id\":\"https:\/\/talkpal.ai\/tr\/arapca-dilbilgisi\/\",\"url\":\"https:\/\/talkpal.ai\/tr\/arapca-dilbilgisi\/\",\"name\":\"Arap\u00e7a Dilbilgisi - Talkpal\",\"isPartOf\":{\"@id\":\"https:\/\/talkpal.ai\/tr\/#website\"},\"primaryImageOfPage\":{\"@id\":\"https:\/\/talkpal.ai\/tr\/arapca-dilbilgisi\/#primaryimage\"},\"image\":{\"@id\":\"https:\/\/talkpal.ai\/tr\/arapca-dilbilgisi\/#primaryimage\"},\"thumbnailUrl\":\"https:\/\/talkpal.ai\/wp-content\/uploads\/2023\/04\/arabic-united-arab-emirates.png\",\"datePublished\":\"2023-05-14T13:43:38+00:00\",\"dateModified\":\"2025-05-21T11:47:32+00:00\",\"description\":\"Arap\u00e7a dilbilgisinin inceliklerini ke\u015ffedin ve \u0130ngilizce dilbilgisine k\u0131yasla benzersiz yap\u0131s\u0131n\u0131 ke\u015ffedin.\",\"breadcrumb\":{\"@id\":\"https:\/\/talkpal.ai\/tr\/arapca-dilbilgisi\/#breadcrumb\"},\"inLanguage\":\"tr\",\"potentialAction\":[{\"@type\":\"ReadAction\",\"target\":[\"https:\/\/talkpal.ai\/tr\/arapca-dilbilgisi\/\"]}]},{\"@type\":\"ImageObject\",\"inLanguage\":\"tr\",\"@id\":\"https:\/\/talkpal.ai\/tr\/arapca-dilbilgisi\/#primaryimage\",\"url\":\"https:\/\/talkpal.ai\/wp-content\/uploads\/2023\/04\/arabic-united-arab-emirates.png\",\"contentUrl\":\"https:\/\/talkpal.ai\/wp-content\/uploads\/2023\/04\/arabic-united-arab-emirates.png\",\"width\":512,\"height\":512},{\"@type\":\"BreadcrumbList\",\"@id\":\"https:\/\/talkpal.ai\/tr\/arapca-dilbilgisi\/#breadcrumb\",\"itemListElement\":[{\"@type\":\"ListItem\",\"position\":1,\"name\":\"Homepage\",\"item\":\"https:\/\/talkpal.ai\/tr\/\"},{\"@type\":\"ListItem\",\"position\":2,\"name\":\"Arap\u00e7a Dilbilgisi\"}]},{\"@type\":\"WebSite\",\"@id\":\"https:\/\/talkpal.ai\/tr\/#website\",\"url\":\"https:\/\/talkpal.ai\/tr\/\",\"name\":\"Talkpal\",\"description\":\"AI Language Learning\",\"publisher\":{\"@id\":\"https:\/\/talkpal.ai\/tr\/#organization\"},\"alternateName\":\"Talkpal AI\",\"potentialAction\":[{\"@type\":\"SearchAction\",\"target\":{\"@type\":\"EntryPoint\",\"urlTemplate\":\"https:\/\/talkpal.ai\/tr\/?s={search_term_string}\"},\"query-input\":{\"@type\":\"PropertyValueSpecification\",\"valueRequired\":true,\"valueName\":\"search_term_string\"}}],\"inLanguage\":\"tr\"},{\"@type\":\"Organization\",\"@id\":\"https:\/\/talkpal.ai\/tr\/#organization\",\"name\":\"Talkpal, Inc.\",\"alternateName\":\"Talkpal AI\",\"url\":\"https:\/\/talkpal.ai\/tr\/\",\"logo\":{\"@type\":\"ImageObject\",\"inLanguage\":\"tr\",\"@id\":\"https:\/\/talkpal.ai\/tr\/#\/schema\/logo\/image\/\",\"url\":\"https:\/\/talkpal.ai\/wp-content\/uploads\/2024\/03\/Talkpal-Logo-Icon.png\",\"contentUrl\":\"https:\/\/talkpal.ai\/wp-content\/uploads\/2024\/03\/Talkpal-Logo-Icon.png\",\"width\":2880,\"height\":2880,\"caption\":\"Talkpal, Inc.\"},\"image\":{\"@id\":\"https:\/\/talkpal.ai\/tr\/#\/schema\/logo\/image\/\"},\"sameAs\":[\"https:\/\/www.facebook.com\/profile.php?id=100090733639311\",\"https:\/\/x.com\/talkpalai\",\"https:\/\/www.linkedin.com\/company\/talkpal\/\",\"https:\/\/www.youtube.com\/@TalkPal\/\",\"https:\/\/www.tiktok.com\/@talkpal\",\"https:\/\/www.instagram.com\/talkpal_ai\/\",\"https:\/\/www.crunchbase.com\/organization\/talkpal-9cde\",\"https:\/\/www.g2.com\/products\/talkpal-for-business\/\",\"https:\/\/www.trustpilot.com\/review\/talkpal.ai\",\"https:\/\/www.capterra.com\/p\/10006800\/TalkPal\/\"],\"description\":\"Talkpal is a language learning web and mobile education app, powered by the latest AI technologies, that provides engaging experiences to its customers in many different languages to help them improve their language skills. Users can chat about unlimited amount of topics with the app and use other modes to practice their language learning.\",\"email\":\"support@talkpal.ai\",\"legalName\":\"Talkpal, Inc.\",\"foundingDate\":\"2023-04-03\",\"duns\":\"118989042\",\"numberOfEmployees\":{\"@type\":\"QuantitativeValue\",\"minValue\":\"11\",\"maxValue\":\"50\"},\"publishingPrinciples\":\"https:\/\/talkpal.ai\/publishing-principles\/\",\"actionableFeedbackPolicy\":\"https:\/\/talkpal.ai\/actionable-feedback-policy\/\",\"correctionsPolicy\":\"https:\/\/talkpal.ai\/corrections-policy\/\",\"ethicsPolicy\":\"https:\/\/talkpal.ai\/ethics-policy\/\",\"diversityPolicy\":\"https:\/\/talkpal.ai\/diversity-policy\/\",\"diversityStaffingReport\":\"https:\/\/talkpal.ai\/diversity-policy\/\"}]}<\/script>\n<!-- \/ Yoast SEO Premium plugin. -->","yoast_head_json":{"title":"Arap\u00e7a Dilbilgisi - Talkpal","description":"Arap\u00e7a dilbilgisinin inceliklerini ke\u015ffedin ve \u0130ngilizce dilbilgisine k\u0131yasla benzersiz yap\u0131s\u0131n\u0131 ke\u015ffedin.","robots":{"index":"index","follow":"follow","max-snippet":"max-snippet:-1","max-image-preview":"max-image-preview:large","max-video-preview":"max-video-preview:-1"},"canonical":"https:\/\/talkpal.ai\/tr\/arapca-dilbilgisi\/","og_locale":"tr_TR","og_type":"article","og_title":"Arap\u00e7a Dilbilgisi","og_description":"Arap\u00e7a Dilbilgisinin Karma\u015f\u0131kl\u0131klar\u0131: K\u00f6kleri ve G\u00fczelli\u011fi Aras\u0131nda Bir Yolculuk \u0130ngilizce gramer \u00f6\u011frenmeye ilk ba\u015flad\u0131\u011f\u0131n zaman\u0131 hat\u0131rl\u0131yor musun?","og_url":"https:\/\/talkpal.ai\/tr\/arapca-dilbilgisi\/","og_site_name":"Talkpal","article_publisher":"https:\/\/www.facebook.com\/profile.php?id=100090733639311","article_modified_time":"2025-05-21T11:47:32+00:00","og_image":[{"width":512,"height":512,"url":"https:\/\/talkpal.ai\/wp-content\/uploads\/2023\/04\/arabic-united-arab-emirates.png","type":"image\/png"}],"twitter_card":"summary_large_image","twitter_site":"@talkpalai","twitter_misc":{"Tahmini okuma s\u00fcresi":"3 dakika"},"schema":{"@context":"https:\/\/schema.org","@graph":[{"@type":"WebPage","@id":"https:\/\/talkpal.ai\/tr\/arapca-dilbilgisi\/","url":"https:\/\/talkpal.ai\/tr\/arapca-dilbilgisi\/","name":"Arap\u00e7a Dilbilgisi - Talkpal","isPartOf":{"@id":"https:\/\/talkpal.ai\/tr\/#website"},"primaryImageOfPage":{"@id":"https:\/\/talkpal.ai\/tr\/arapca-dilbilgisi\/#primaryimage"},"image":{"@id":"https:\/\/talkpal.ai\/tr\/arapca-dilbilgisi\/#primaryimage"},"thumbnailUrl":"https:\/\/talkpal.ai\/wp-content\/uploads\/2023\/04\/arabic-united-arab-emirates.png","datePublished":"2023-05-14T13:43:38+00:00","dateModified":"2025-05-21T11:47:32+00:00","description":"Arap\u00e7a dilbilgisinin inceliklerini ke\u015ffedin ve \u0130ngilizce dilbilgisine k\u0131yasla benzersiz yap\u0131s\u0131n\u0131 ke\u015ffedin.","breadcrumb":{"@id":"https:\/\/talkpal.ai\/tr\/arapca-dilbilgisi\/#breadcrumb"},"inLanguage":"tr","potentialAction":[{"@type":"ReadAction","target":["https:\/\/talkpal.ai\/tr\/arapca-dilbilgisi\/"]}]},{"@type":"ImageObject","inLanguage":"tr","@id":"https:\/\/talkpal.ai\/tr\/arapca-dilbilgisi\/#primaryimage","url":"https:\/\/talkpal.ai\/wp-content\/uploads\/2023\/04\/arabic-united-arab-emirates.png","contentUrl":"https:\/\/talkpal.ai\/wp-content\/uploads\/2023\/04\/arabic-united-arab-emirates.png","width":512,"height":512},{"@type":"BreadcrumbList","@id":"https:\/\/talkpal.ai\/tr\/arapca-dilbilgisi\/#breadcrumb","itemListElement":[{"@type":"ListItem","position":1,"name":"Homepage","item":"https:\/\/talkpal.ai\/tr\/"},{"@type":"ListItem","position":2,"name":"Arap\u00e7a Dilbilgisi"}]},{"@type":"WebSite","@id":"https:\/\/talkpal.ai\/tr\/#website","url":"https:\/\/talkpal.ai\/tr\/","name":"Talkpal","description":"AI Language Learning","publisher":{"@id":"https:\/\/talkpal.ai\/tr\/#organization"},"alternateName":"Talkpal AI","potentialAction":[{"@type":"SearchAction","target":{"@type":"EntryPoint","urlTemplate":"https:\/\/talkpal.ai\/tr\/?s={search_term_string}"},"query-input":{"@type":"PropertyValueSpecification","valueRequired":true,"valueName":"search_term_string"}}],"inLanguage":"tr"},{"@type":"Organization","@id":"https:\/\/talkpal.ai\/tr\/#organization","name":"Talkpal, Inc.","alternateName":"Talkpal AI","url":"https:\/\/talkpal.ai\/tr\/","logo":{"@type":"ImageObject","inLanguage":"tr","@id":"https:\/\/talkpal.ai\/tr\/#\/schema\/logo\/image\/","url":"https:\/\/talkpal.ai\/wp-content\/uploads\/2024\/03\/Talkpal-Logo-Icon.png","contentUrl":"https:\/\/talkpal.ai\/wp-content\/uploads\/2024\/03\/Talkpal-Logo-Icon.png","width":2880,"height":2880,"caption":"Talkpal, Inc."},"image":{"@id":"https:\/\/talkpal.ai\/tr\/#\/schema\/logo\/image\/"},"sameAs":["https:\/\/www.facebook.com\/profile.php?id=100090733639311","https:\/\/x.com\/talkpalai","https:\/\/www.linkedin.com\/company\/talkpal\/","https:\/\/www.youtube.com\/@TalkPal\/","https:\/\/www.tiktok.com\/@talkpal","https:\/\/www.instagram.com\/talkpal_ai\/","https:\/\/www.crunchbase.com\/organization\/talkpal-9cde","https:\/\/www.g2.com\/products\/talkpal-for-business\/","https:\/\/www.trustpilot.com\/review\/talkpal.ai","https:\/\/www.capterra.com\/p\/10006800\/TalkPal\/"],"description":"Talkpal is a language learning web and mobile education app, powered by the latest AI technologies, that provides engaging experiences to its customers in many different languages to help them improve their language skills. Users can chat about unlimited amount of topics with the app and use other modes to practice their language learning.","email":"support@talkpal.ai","legalName":"Talkpal, Inc.","foundingDate":"2023-04-03","duns":"118989042","numberOfEmployees":{"@type":"QuantitativeValue","minValue":"11","maxValue":"50"},"publishingPrinciples":"https:\/\/talkpal.ai\/publishing-principles\/","actionableFeedbackPolicy":"https:\/\/talkpal.ai\/actionable-feedback-policy\/","correctionsPolicy":"https:\/\/talkpal.ai\/corrections-policy\/","ethicsPolicy":"https:\/\/talkpal.ai\/ethics-policy\/","diversityPolicy":"https:\/\/talkpal.ai\/diversity-policy\/","diversityStaffingReport":"https:\/\/talkpal.ai\/diversity-policy\/"}]}},"_links":{"self":[{"href":"https:\/\/talkpal.ai\/tr\/wp-json\/wp\/v2\/pages\/127840","targetHints":{"allow":["GET"]}}],"collection":[{"href":"https:\/\/talkpal.ai\/tr\/wp-json\/wp\/v2\/pages"}],"about":[{"href":"https:\/\/talkpal.ai\/tr\/wp-json\/wp\/v2\/types\/page"}],"author":[{"embeddable":true,"href":"https:\/\/talkpal.ai\/tr\/wp-json\/wp\/v2\/users\/1"}],"replies":[{"embeddable":true,"href":"https:\/\/talkpal.ai\/tr\/wp-json\/wp\/v2\/comments?post=127840"}],"version-history":[{"count":0,"href":"https:\/\/talkpal.ai\/tr\/wp-json\/wp\/v2\/pages\/127840\/revisions"}],"wp:featuredmedia":[{"embeddable":true,"href":"https:\/\/talkpal.ai\/tr\/wp-json\/wp\/v2\/media\/105794"}],"wp:attachment":[{"href":"https:\/\/talkpal.ai\/tr\/wp-json\/wp\/v2\/media?parent=127840"}],"curies":[{"name":"wp","href":"https:\/\/api.w.org\/{rel}","templated":true}]}}