{"id":126940,"date":"2023-03-26T12:27:22","date_gmt":"2023-03-26T12:27:22","guid":{"rendered":"http:\/\/talkpal.ai\/italyanca-dilbilgisi\/"},"modified":"2025-05-22T18:43:06","modified_gmt":"2025-05-22T18:43:06","slug":"italyanca-dilbilgisi","status":"publish","type":"page","link":"https:\/\/talkpal.ai\/tr\/italyanca-dilbilgisi\/","title":{"rendered":"\u0130talyanca Dilbilgisi"},"content":{"rendered":"\r\n\r\n\r\n<section class=\"languageChallengeSection\">\r\n    <div class=\"languageInfoWrapper\">\r\n        \r\n        <h1>\u0130talyanca Dilbilgisi<\/h1>\r\n        <p>Temel dilbilgisi kurallar\u0131n\u0131 \u00f6\u011frenerek \u0130talyanca dilinin temellerini ke\u015ffedin. \u0130talyanca dilbilgisine hakim olmak, kendinizi g\u00fcvenle ifade etmenize ve \u0130talya&#039;n\u0131n zengin k\u00fclt\u00fcr\u00fcyle daha derin bir ba\u011f kurman\u0131za yard\u0131mc\u0131 olacakt\u0131r. Bug\u00fcn \u0130talyanca dilbilgisi \u00f6\u011frenmeye ba\u015flay\u0131n ve ak\u0131c\u0131l\u0131\u011fa do\u011fru ilk ad\u0131m\u0131n\u0131z\u0131 at\u0131n!<\/p>\r\n\r\n                            <a class=\"getStartedHidden\" href=\"https:\/\/app.talkpal.ai\/tr\/signup?lng=\">Hadi ba\u015fla<\/a>\r\n        \r\n    <\/div>\r\n\r\n    <figure>\r\n    <img decoding=\"async\" width=\"768\" height=\"768\" src=\"https:\/\/talkpal.ai\/wp-content\/uploads\/2023\/06\/italian-768x768.png\" class=\"languageImage no-lazy\" alt=\"Language learning for increased memory capacity\" fetchpriority=\"high\" sizes=\"(max-width: 768px) 150px, 768px\" srcset=\"https:\/\/talkpal.ai\/wp-content\/uploads\/2023\/06\/italian-768x768.png 768w, https:\/\/talkpal.ai\/wp-content\/uploads\/2023\/06\/italian-300x300.png 300w\" \/>\r\n    \r\n\r\n    <\/figure>\r\n\r\n            <a class=\"getStartedVisible\" href=\"https:\/\/app.talkpal.ai\/tr\/signup?lng=\">Hadi ba\u015fla<\/a>\r\n    \r\n<\/section>\r\n        <section class=\"grammarSection\">\r\n            <div class=\"grammarLinks\">\r\n                <a href=\"https:\/\/talkpal.ai\/tr\/language\/baglaclar-italyanca-dilbilgisi\/\">Ba\u011fla\u00e7lar <\/a><a href=\"https:\/\/talkpal.ai\/tr\/language\/edatlar-italyanca-dilbilgisi\/\">Edatlar <\/a><a href=\"https:\/\/talkpal.ai\/tr\/language\/fiiller-italyanca-dilbilgisi\/\">Fiiller <\/a><a href=\"https:\/\/talkpal.ai\/tr\/language\/isimler-italyanca-dilbilgisi\/\">\u0130simler <\/a><a href=\"https:\/\/talkpal.ai\/tr\/language\/olumsuzlama-ve-sorgulama-italyanca-dilbilgisi\/\">Olumsuzlama ve sorgulama <\/a><a href=\"https:\/\/talkpal.ai\/tr\/language\/sifatlar-italyanca-dilbilgisi\/\">S\u0131fatlar <\/a><a href=\"https:\/\/talkpal.ai\/tr\/language\/sozdizimi-ve-cumle-yapisi-italyanca-dilbilgisi\/\">S\u00f6zdizimi ve c\u00fcmle yap\u0131s\u0131 <\/a><a href=\"https:\/\/talkpal.ai\/tr\/language\/zamirler-italyanca-dilbilgisi\/\">Zamirler <\/a><a href=\"https:\/\/talkpal.ai\/tr\/language\/zarflar-italyanca-dilbilgisi\/\">Zarflar <\/a>            <\/div>\r\n        <\/section>\r\n    <section class=\"promotionalBanner\">\r\n    <p class=\"promotionalText\">Dil \u00f6\u011frenmenin en etkili yolu<\/p>\r\n    <a class=\"promotionalLink\" href=\"https:\/\/app.talkpal.ai\/tr\/signup?lng=\">Talkpal \u00fccretsiz deneyin<\/a>\r\n<\/section>\n<div class=\"wp-block-group pageContainerStyle\"><div class=\"wp-block-group__inner-container is-layout-constrained wp-block-group-is-layout-constrained\">\n<h2 class=\"wp-block-heading\" id=\"h-mastering-the-art-of-italian-grammar-your-ultimate-guide\">\u0130talyanca Dilbilgisi Sanat\u0131nda Ustala\u015fmak: Nihai K\u0131lavuzunuz<\/h2>\n\n\n\n<p>\u00c7av, dil merakl\u0131lar\u0131! \u0130talyanca dilbilgisi d\u00fcnyas\u0131na bal\u0131klama dalmaya haz\u0131r m\u0131s\u0131n\u0131z? Do\u011fru yere geldiniz. Sindirimi kolay ve konu\u015fma tonunda bilgilerle dolu bu makale, \u0130talyanca dilbilgisinin b\u00fcy\u00fcleyici (ve bazen zor) d\u00fcnyas\u0131nda size rehberlik edecek, b\u00f6ylece g\u00fcvenle c\u00fcmleler kurabilecek ve anadili \u0130talyanca olan ki\u015filerle anlaml\u0131 konu\u015fmalar yapabileceksiniz. Kemerlerinizi ba\u011flay\u0131n ve ba\u015flayal\u0131m!<\/p>\n\n\n\n<h3 class=\"wp-block-heading\" id=\"h-but-first-why-italian-grammar\">Ama \u00f6nce, neden \u0130talyanca dilbilgisi?<\/h3>\n\n\n\n<p>\u0130talyanca \u00f6\u011freniyorsan\u0131z, ak\u0131c\u0131 bir \u015fekilde konu\u015fmak, okumak ve yazmak i\u00e7in dilbilgisinde g\u00fc\u00e7l\u00fc bir temel \u00e7ok \u00f6nemlidir. \u0130talyanca dil bilgisi ilk ba\u015fta karma\u015f\u0131k g\u00f6r\u00fcnebilir, ancak daha k\u00fc\u00e7\u00fck, daha y\u00f6netilebilir par\u00e7alara ay\u0131rd\u0131\u011f\u0131n\u0131zda nispeten basittir. \u00d6yleyse, \u0130talyanca dilbilgisinde ustala\u015fmaya do\u011fru yolculu\u011funuza ba\u015flayal\u0131m!<\/p>\n\n\n\n<h3 class=\"wp-block-heading\" id=\"h-1-nouns-articles-and-gender\">1. \u0130simler, artikeller ve cinsiyet<\/h3>\n\n\n\n<p>\u0130talyanca isimlerin iki cinsiyeti vard\u0131r: eril ve di\u015fil. \u0130smin cinsiyetinin \u00f6nemsiz oldu\u011fu \u0130ngilizcenin aksine, \u0130talyanca d\u00fczg\u00fcn c\u00fcmle yap\u0131s\u0131 i\u00e7in do\u011fru cinsiyete ihtiya\u00e7 duyar. &#8220;Tavolo&#8221; (masa) veya &#8220;casa&#8221; (ev) gibi isimlerin cinsiyetini tahmin edebilir misiniz? E\u011fer &#8220;tavolo&#8221; i\u00e7in eril ve &#8220;casa&#8221; i\u00e7in di\u015fil tahmin ettiyseniz, bravo!<\/p>\n\n\n\n<p>\u0130talyanca&#8217;da isimler genellikle eril i\u00e7in &#8220;-o&#8221; ve di\u015fil i\u00e7in &#8220;-a&#8221; ile biter. Baz\u0131 istisnalar vard\u0131r -baz\u0131 kelimeler &#8220;-e&#8221; ile biter ve her iki cinsiyette de olabilir- ancak \u015fimdilik bu temel ilkeyi akl\u0131m\u0131zda tutal\u0131m.<\/p>\n\n\n\n<p>\u015eimdi, makaleler hakk\u0131nda konu\u015fal\u0131m. T\u0131pk\u0131 \u0130ngilizce&#8217;de oldu\u011fu gibi, isimlerden \u00f6nce artikellere ihtiyac\u0131m\u0131z var. \u0130talyancada belirli (il, lo, la, i, gli, le) ve belirsiz artikeller (un, uno, una) vard\u0131r.<\/p>\n\n\n\n<p>Peki, hangi belirli artikeli kullanaca\u011f\u0131m\u0131z\u0131 nas\u0131l se\u00e7ece\u011fiz?<\/p>\n\n\n\n<p>&#8211; \u00dcns\u00fczle ba\u015flayan eril isimler i\u00e7in &#8220;il&#8221; ve &#8220;i&#8221;, \u00f6rne\u011fin, il libro (kitap), i libri (kitaplar)<br\/>&#8211; &#8220;s&#8221; ile ba\u015flayan ve ard\u0131ndan bir \u00fcns\u00fcz, bir sesli harf (&#8220;u&#8221; hari\u00e7) veya bir &#8220;z&#8221; harfi gelen eril isimler i\u00e7in &#8220;lo&#8221; ve &#8220;gli&#8221;, \u00f6rne\u011fin, lo studente (\u00f6\u011frenci), gli studenti (\u00f6\u011frenciler)<br\/>&#8211; Di\u015fil isimler i\u00e7in &#8220;la&#8221; ve &#8220;le&#8221;, \u00f6rne\u011fin, la casa (ev), le case (evler)<\/p>\n\n\n\n<h3 class=\"wp-block-heading\" id=\"h-2-adjectives-and-agreement\">2. S\u0131fatlar ve anla\u015fma<\/h3>\n\n\n\n<p>\u0130talyancada s\u0131fatlar, cinsiyet ve say\u0131 bak\u0131m\u0131ndan de\u011fi\u015ftirdikleri isimle uyumlu olmal\u0131d\u0131r. \u00d6rne\u011fin, lezzetli bir pizzay\u0131 tarif etmek i\u00e7in &#8220;delizioso&#8221; de\u011fil &#8220;una pizza deliziosa&#8221; dersiniz. Unutmay\u0131n, \u0130talyanca&#8217;da s\u0131fat genellikle isimden sonra gelir.<\/p>\n\n\n\n<h3 class=\"wp-block-heading\" id=\"h-3-verbs-tense-and-conjugation\">3. Fiiller, zaman ve \u00e7ekim<\/h3>\n\n\n\n<p>\u0130talyanca fiiller dilbilgisinin \u00f6nemli bir par\u00e7as\u0131d\u0131r. \u00dc\u00e7 fiil kategorisi (-are, -ere ve -ire) ve tonlarca d\u00fczensiz fiil var, bu y\u00fczden i\u015fimiz \u00e7ok zor! Size h\u0131zl\u0131 bir genel bak\u0131\u015f sa\u011flamak i\u00e7in, d\u00fczenli fiillerin \u015fimdiki zaman\u0131n\u0131 ele alal\u0131m.<\/p>\n\n\n\n<p>&#8211; &#8220;-are&#8221; fiilleri: \u00f6rne\u011fin, parlare (konu\u015fmak): io parlo, tu parli, lui\/lei parla, noi parliamo, voi parlate, loro parlano<br\/>&#8211; &#8220;-ere&#8221; fiiller: \u00f6rne\u011fin, leggere (okumak): io leggo, tu leggi, lui\/lei legge, noi leggiamo, voi leggete, loro leggono<br\/>&#8211; &#8220;-ire&#8221; fiilleri: \u00f6rne\u011fin, finire (bitirmek): io finisco, tu finisci, lui\/lei finisce, noi finiamo, voi finite, loro finiscono<\/p>\n\n\n\n<p>Unutmay\u0131n, bu sadece buzda\u011f\u0131n\u0131n g\u00f6r\u00fcnen k\u0131sm\u0131! \u00d6\u011frenilecek daha pek \u00e7ok zaman ve d\u00fczensiz fiil var, ancak her yolculuk tek bir ad\u0131mla ba\u015flar.<\/p>\n\n\n\n<h3 class=\"wp-block-heading\" id=\"h-4-prepositions-pronouns-and-more\">4. Edatlar, zamirler ve daha fazlas\u0131!<\/h3>\n\n\n\n<p>\u0130talyanca dilbilgisinin edatlar (di, a, da, in, su, vb.), zamirler (io, tu, lui\/lei, vb.), d\u00f6n\u00fc\u015fl\u00fc fiiller ve deyimsel ifadeler gibi bir\u00e7ok bile\u015feni vard\u0131r. Her bir bile\u015fen ak\u0131c\u0131l\u0131\u011f\u0131n\u0131z\u0131n kilidini a\u00e7man\u0131n anahtar\u0131d\u0131r, bu nedenle her seferinde bir ad\u0131m at\u0131n.<\/p>\n\n\n\n<p>Sonu\u00e7 olarak, \u0130talyanca dilbilgisinde ustala\u015fman\u0131n kestirme bir yolu yoktur. Israr, pratik ve sab\u0131r gerektirir. Ancak bir kez al\u0131\u015ft\u0131\u011f\u0131n\u0131zda, \u0130talyanca konu\u015fman\u0131n g\u00fczelli\u011fini deneyimleyebilecek, zengin k\u00fclt\u00fcr\u00fc ve tarihi ke\u015ffedecek ve dile olan takdirinizi derinle\u015ftirebileceksiniz. Buona fortuna!<\/p>\n<\/div><\/div>\n\r\n<section class=\"learnNavigationSection\">\r\n            \r\n        <a href=\"https:\/\/talkpal.ai\/tr\/italyanca-ogrenin\/\">\r\n            <div class=\"learnNavigationWrapper\">\r\n                <div class=\"learnNavigationContent\">\r\n                    <img decoding=\"async\" src=\"https:\/\/talkpal.ai\/wp-content\/uploads\/2024\/08\/Italian.jpg\" alt=\"Italian Flag\">\r\n                    <div>\r\n                        <h4>\u0130talyanca \u00d6\u011frenimi Hakk\u0131nda<\/h4>\r\n                        <p>\u0130talyanca dilbilgisi hakk\u0131nda her \u015feyi \u00f6\u011frenin.<\/p>\r\n                    <\/div>\r\n                <\/div>\r\n            <\/div>\r\n        <\/a>\r\n\r\n        \r\n        <a href=\"https:\/\/talkpal.ai\/tr\/italyanca-gramer-alistirmalari\/\">\r\n            <div class=\"learnNavigationWrapper\">\r\n                <div class=\"learnNavigationContent\">\r\n                    <img decoding=\"async\" src=\"https:\/\/talkpal.ai\/wp-content\/uploads\/2024\/08\/Italian.jpg\" alt=\"Italian Flag\">\r\n                    <div>\r\n                        <h4>\u0130talyanca Dilbilgisi Al\u0131\u015ft\u0131rmas\u0131<\/h4>\r\n                        <p>\u0130talyanca dilbilgisi prati\u011fi yap\u0131n.<\/p>\r\n                    <\/div>\r\n                <\/div>\r\n            <\/div>\r\n        <\/a>\r\n\r\n        \r\n        <a href=\"https:\/\/talkpal.ai\/vocabulary_language\/italian\/\">\r\n            <div class=\"learnNavigationWrapper\">\r\n                <div class=\"learnNavigationContent\">\r\n                    <img decoding=\"async\" src=\"https:\/\/talkpal.ai\/wp-content\/uploads\/2024\/08\/Italian.jpg\" alt=\"Italian Flag\">\r\n                    <div>\r\n                        <h4>\u0130talyanca Kelime Bilgisi<\/h4>\r\n                        <p>\u0130talyanca kelime da\u011farc\u0131\u011f\u0131n\u0131z\u0131 geni\u015fletin.<\/p>\r\n                    <\/div>\r\n                <\/div>\r\n            <\/div>\r\n        <\/a>\r\n\r\n            <\/section>","protected":false},"excerpt":{"rendered":"<p>\u0130talyanca Dilbilgisi Sanat\u0131nda Ustala\u015fmak: Nihai K\u0131lavuzunuz \u00c7av, dil merakl\u0131lar\u0131! \u0130talyanca dilbilgisi d\u00fcnyas\u0131na bal\u0131klama dalmaya haz\u0131r m\u0131s\u0131n\u0131z? Do\u011fru yere geldiniz. Sindirimi kolay ve konu\u015fma tonunda bilgilerle dolu bu makale, \u0130talyanca dilbilgisinin b\u00fcy\u00fcleyici (ve bazen zor) d\u00fcnyas\u0131nda size rehberlik edecek, b\u00f6ylece g\u00fcvenle c\u00fcmleler kurabilecek ve anadili \u0130talyanca olan ki\u015filerle anlaml\u0131 konu\u015fmalar yapabileceksiniz. Kemerlerinizi ba\u011flay\u0131n ve ba\u015flayal\u0131m! Ama [&hellip;]<\/p>\n","protected":false},"author":1,"featured_media":76118,"parent":0,"menu_order":0,"comment_status":"closed","ping_status":"closed","template":"LearningContentPage.php","meta":{"_acf_changed":false,"footnotes":""},"class_list":["post-126940","page","type-page","status-publish","has-post-thumbnail","hentry"],"acf":[],"yoast_head":"<!-- This site is optimized with the Yoast SEO Premium plugin v27.2 (Yoast SEO v27.2) - https:\/\/yoast.com\/product\/yoast-seo-premium-wordpress\/ -->\n<title>\u0130talyanca Dilbilgisi - Talkpal<\/title>\n<meta name=\"description\" content=\"\u0130talyanca dilbilgisini kolayca \u00f6\u011frenin - a\u00e7\u0131k bir \u015fekilde pratik yap\u0131n, kurallar\u0131 anlay\u0131n ve basit rehberlikle daha iyi konu\u015fun Talkpal AI.\" \/>\n<meta name=\"robots\" content=\"index, follow, max-snippet:-1, max-image-preview:large, max-video-preview:-1\" \/>\n<link rel=\"canonical\" href=\"https:\/\/talkpal.ai\/tr\/italyanca-dilbilgisi\/\" \/>\n<meta property=\"og:locale\" content=\"tr_TR\" \/>\n<meta property=\"og:type\" content=\"article\" \/>\n<meta property=\"og:title\" content=\"\u0130talyanca Dilbilgisi\" \/>\n<meta property=\"og:description\" content=\"\u0130talyanca Dilbilgisi Sanat\u0131nda Ustala\u015fmak: Nihai K\u0131lavuzunuz \u00c7av, dil merakl\u0131lar\u0131! \u0130talyanca dilbilgisi d\u00fcnyas\u0131na bal\u0131klama dalmaya haz\u0131r m\u0131s\u0131n\u0131z? Do\u011fru\" \/>\n<meta property=\"og:url\" content=\"https:\/\/talkpal.ai\/tr\/italyanca-dilbilgisi\/\" \/>\n<meta property=\"og:site_name\" content=\"Talkpal\" \/>\n<meta property=\"article:publisher\" content=\"https:\/\/www.facebook.com\/profile.php?id=100090733639311\" \/>\n<meta property=\"article:modified_time\" content=\"2025-05-22T18:43:06+00:00\" \/>\n<meta property=\"og:image\" content=\"https:\/\/talkpal.ai\/wp-content\/uploads\/2023\/03\/italy.png\" \/>\n\t<meta property=\"og:image:width\" content=\"512\" \/>\n\t<meta property=\"og:image:height\" content=\"512\" \/>\n\t<meta property=\"og:image:type\" content=\"image\/png\" \/>\n<meta name=\"twitter:card\" content=\"summary_large_image\" \/>\n<meta name=\"twitter:site\" content=\"@talkpalai\" \/>\n<meta name=\"twitter:label1\" content=\"Tahmini okuma s\u00fcresi\" \/>\n\t<meta name=\"twitter:data1\" content=\"3 dakika\" \/>\n<script type=\"application\/ld+json\" class=\"yoast-schema-graph\">{\"@context\":\"https:\/\/schema.org\",\"@graph\":[{\"@type\":\"WebPage\",\"@id\":\"https:\/\/talkpal.ai\/tr\/italyanca-dilbilgisi\/\",\"url\":\"https:\/\/talkpal.ai\/tr\/italyanca-dilbilgisi\/\",\"name\":\"\u0130talyanca Dilbilgisi - Talkpal\",\"isPartOf\":{\"@id\":\"https:\/\/talkpal.ai\/tr\/#website\"},\"primaryImageOfPage\":{\"@id\":\"https:\/\/talkpal.ai\/tr\/italyanca-dilbilgisi\/#primaryimage\"},\"image\":{\"@id\":\"https:\/\/talkpal.ai\/tr\/italyanca-dilbilgisi\/#primaryimage\"},\"thumbnailUrl\":\"https:\/\/talkpal.ai\/wp-content\/uploads\/2023\/03\/italy.png\",\"datePublished\":\"2023-03-26T12:27:22+00:00\",\"dateModified\":\"2025-05-22T18:43:06+00:00\",\"description\":\"\u0130talyanca dilbilgisini kolayca \u00f6\u011frenin - a\u00e7\u0131k bir \u015fekilde pratik yap\u0131n, kurallar\u0131 anlay\u0131n ve basit rehberlikle daha iyi konu\u015fun Talkpal AI.\",\"breadcrumb\":{\"@id\":\"https:\/\/talkpal.ai\/tr\/italyanca-dilbilgisi\/#breadcrumb\"},\"inLanguage\":\"tr\",\"potentialAction\":[{\"@type\":\"ReadAction\",\"target\":[\"https:\/\/talkpal.ai\/tr\/italyanca-dilbilgisi\/\"]}]},{\"@type\":\"ImageObject\",\"inLanguage\":\"tr\",\"@id\":\"https:\/\/talkpal.ai\/tr\/italyanca-dilbilgisi\/#primaryimage\",\"url\":\"https:\/\/talkpal.ai\/wp-content\/uploads\/2023\/03\/italy.png\",\"contentUrl\":\"https:\/\/talkpal.ai\/wp-content\/uploads\/2023\/03\/italy.png\",\"width\":512,\"height\":512,\"caption\":\"TalkPal AI learn Italian\"},{\"@type\":\"BreadcrumbList\",\"@id\":\"https:\/\/talkpal.ai\/tr\/italyanca-dilbilgisi\/#breadcrumb\",\"itemListElement\":[{\"@type\":\"ListItem\",\"position\":1,\"name\":\"Homepage\",\"item\":\"https:\/\/talkpal.ai\/tr\/\"},{\"@type\":\"ListItem\",\"position\":2,\"name\":\"\u0130talyanca Dilbilgisi\"}]},{\"@type\":\"WebSite\",\"@id\":\"https:\/\/talkpal.ai\/tr\/#website\",\"url\":\"https:\/\/talkpal.ai\/tr\/\",\"name\":\"Talkpal\",\"description\":\"AI Language Learning\",\"publisher\":{\"@id\":\"https:\/\/talkpal.ai\/tr\/#organization\"},\"alternateName\":\"Talkpal AI\",\"potentialAction\":[{\"@type\":\"SearchAction\",\"target\":{\"@type\":\"EntryPoint\",\"urlTemplate\":\"https:\/\/talkpal.ai\/tr\/?s={search_term_string}\"},\"query-input\":{\"@type\":\"PropertyValueSpecification\",\"valueRequired\":true,\"valueName\":\"search_term_string\"}}],\"inLanguage\":\"tr\"},{\"@type\":\"Organization\",\"@id\":\"https:\/\/talkpal.ai\/tr\/#organization\",\"name\":\"Talkpal, Inc.\",\"alternateName\":\"Talkpal AI\",\"url\":\"https:\/\/talkpal.ai\/tr\/\",\"logo\":{\"@type\":\"ImageObject\",\"inLanguage\":\"tr\",\"@id\":\"https:\/\/talkpal.ai\/tr\/#\/schema\/logo\/image\/\",\"url\":\"https:\/\/talkpal.ai\/wp-content\/uploads\/2024\/03\/Talkpal-Logo-Icon.png\",\"contentUrl\":\"https:\/\/talkpal.ai\/wp-content\/uploads\/2024\/03\/Talkpal-Logo-Icon.png\",\"width\":2880,\"height\":2880,\"caption\":\"Talkpal, Inc.\"},\"image\":{\"@id\":\"https:\/\/talkpal.ai\/tr\/#\/schema\/logo\/image\/\"},\"sameAs\":[\"https:\/\/www.facebook.com\/profile.php?id=100090733639311\",\"https:\/\/x.com\/talkpalai\",\"https:\/\/www.linkedin.com\/company\/talkpal\/\",\"https:\/\/www.youtube.com\/@TalkPal\/\",\"https:\/\/www.tiktok.com\/@talkpal\",\"https:\/\/www.instagram.com\/talkpal_ai\/\",\"https:\/\/www.crunchbase.com\/organization\/talkpal-9cde\",\"https:\/\/www.g2.com\/products\/talkpal-for-business\/\",\"https:\/\/www.trustpilot.com\/review\/talkpal.ai\",\"https:\/\/www.capterra.com\/p\/10006800\/TalkPal\/\"],\"description\":\"Talkpal is a language learning web and mobile education app, powered by the latest AI technologies, that provides engaging experiences to its customers in many different languages to help them improve their language skills. Users can chat about unlimited amount of topics with the app and use other modes to practice their language learning.\",\"email\":\"support@talkpal.ai\",\"legalName\":\"Talkpal, Inc.\",\"foundingDate\":\"2023-04-03\",\"duns\":\"118989042\",\"numberOfEmployees\":{\"@type\":\"QuantitativeValue\",\"minValue\":\"11\",\"maxValue\":\"50\"},\"publishingPrinciples\":\"https:\/\/talkpal.ai\/publishing-principles\/\",\"actionableFeedbackPolicy\":\"https:\/\/talkpal.ai\/actionable-feedback-policy\/\",\"correctionsPolicy\":\"https:\/\/talkpal.ai\/corrections-policy\/\",\"ethicsPolicy\":\"https:\/\/talkpal.ai\/ethics-policy\/\",\"diversityPolicy\":\"https:\/\/talkpal.ai\/diversity-policy\/\",\"diversityStaffingReport\":\"https:\/\/talkpal.ai\/diversity-policy\/\"}]}<\/script>\n<!-- \/ Yoast SEO Premium plugin. -->","yoast_head_json":{"title":"\u0130talyanca Dilbilgisi - Talkpal","description":"\u0130talyanca dilbilgisini kolayca \u00f6\u011frenin - a\u00e7\u0131k bir \u015fekilde pratik yap\u0131n, kurallar\u0131 anlay\u0131n ve basit rehberlikle daha iyi konu\u015fun Talkpal AI.","robots":{"index":"index","follow":"follow","max-snippet":"max-snippet:-1","max-image-preview":"max-image-preview:large","max-video-preview":"max-video-preview:-1"},"canonical":"https:\/\/talkpal.ai\/tr\/italyanca-dilbilgisi\/","og_locale":"tr_TR","og_type":"article","og_title":"\u0130talyanca Dilbilgisi","og_description":"\u0130talyanca Dilbilgisi Sanat\u0131nda Ustala\u015fmak: Nihai K\u0131lavuzunuz \u00c7av, dil merakl\u0131lar\u0131! \u0130talyanca dilbilgisi d\u00fcnyas\u0131na bal\u0131klama dalmaya haz\u0131r m\u0131s\u0131n\u0131z? Do\u011fru","og_url":"https:\/\/talkpal.ai\/tr\/italyanca-dilbilgisi\/","og_site_name":"Talkpal","article_publisher":"https:\/\/www.facebook.com\/profile.php?id=100090733639311","article_modified_time":"2025-05-22T18:43:06+00:00","og_image":[{"width":512,"height":512,"url":"https:\/\/talkpal.ai\/wp-content\/uploads\/2023\/03\/italy.png","type":"image\/png"}],"twitter_card":"summary_large_image","twitter_site":"@talkpalai","twitter_misc":{"Tahmini okuma s\u00fcresi":"3 dakika"},"schema":{"@context":"https:\/\/schema.org","@graph":[{"@type":"WebPage","@id":"https:\/\/talkpal.ai\/tr\/italyanca-dilbilgisi\/","url":"https:\/\/talkpal.ai\/tr\/italyanca-dilbilgisi\/","name":"\u0130talyanca Dilbilgisi - Talkpal","isPartOf":{"@id":"https:\/\/talkpal.ai\/tr\/#website"},"primaryImageOfPage":{"@id":"https:\/\/talkpal.ai\/tr\/italyanca-dilbilgisi\/#primaryimage"},"image":{"@id":"https:\/\/talkpal.ai\/tr\/italyanca-dilbilgisi\/#primaryimage"},"thumbnailUrl":"https:\/\/talkpal.ai\/wp-content\/uploads\/2023\/03\/italy.png","datePublished":"2023-03-26T12:27:22+00:00","dateModified":"2025-05-22T18:43:06+00:00","description":"\u0130talyanca dilbilgisini kolayca \u00f6\u011frenin - a\u00e7\u0131k bir \u015fekilde pratik yap\u0131n, kurallar\u0131 anlay\u0131n ve basit rehberlikle daha iyi konu\u015fun Talkpal AI.","breadcrumb":{"@id":"https:\/\/talkpal.ai\/tr\/italyanca-dilbilgisi\/#breadcrumb"},"inLanguage":"tr","potentialAction":[{"@type":"ReadAction","target":["https:\/\/talkpal.ai\/tr\/italyanca-dilbilgisi\/"]}]},{"@type":"ImageObject","inLanguage":"tr","@id":"https:\/\/talkpal.ai\/tr\/italyanca-dilbilgisi\/#primaryimage","url":"https:\/\/talkpal.ai\/wp-content\/uploads\/2023\/03\/italy.png","contentUrl":"https:\/\/talkpal.ai\/wp-content\/uploads\/2023\/03\/italy.png","width":512,"height":512,"caption":"TalkPal AI learn Italian"},{"@type":"BreadcrumbList","@id":"https:\/\/talkpal.ai\/tr\/italyanca-dilbilgisi\/#breadcrumb","itemListElement":[{"@type":"ListItem","position":1,"name":"Homepage","item":"https:\/\/talkpal.ai\/tr\/"},{"@type":"ListItem","position":2,"name":"\u0130talyanca Dilbilgisi"}]},{"@type":"WebSite","@id":"https:\/\/talkpal.ai\/tr\/#website","url":"https:\/\/talkpal.ai\/tr\/","name":"Talkpal","description":"AI Language Learning","publisher":{"@id":"https:\/\/talkpal.ai\/tr\/#organization"},"alternateName":"Talkpal AI","potentialAction":[{"@type":"SearchAction","target":{"@type":"EntryPoint","urlTemplate":"https:\/\/talkpal.ai\/tr\/?s={search_term_string}"},"query-input":{"@type":"PropertyValueSpecification","valueRequired":true,"valueName":"search_term_string"}}],"inLanguage":"tr"},{"@type":"Organization","@id":"https:\/\/talkpal.ai\/tr\/#organization","name":"Talkpal, Inc.","alternateName":"Talkpal AI","url":"https:\/\/talkpal.ai\/tr\/","logo":{"@type":"ImageObject","inLanguage":"tr","@id":"https:\/\/talkpal.ai\/tr\/#\/schema\/logo\/image\/","url":"https:\/\/talkpal.ai\/wp-content\/uploads\/2024\/03\/Talkpal-Logo-Icon.png","contentUrl":"https:\/\/talkpal.ai\/wp-content\/uploads\/2024\/03\/Talkpal-Logo-Icon.png","width":2880,"height":2880,"caption":"Talkpal, Inc."},"image":{"@id":"https:\/\/talkpal.ai\/tr\/#\/schema\/logo\/image\/"},"sameAs":["https:\/\/www.facebook.com\/profile.php?id=100090733639311","https:\/\/x.com\/talkpalai","https:\/\/www.linkedin.com\/company\/talkpal\/","https:\/\/www.youtube.com\/@TalkPal\/","https:\/\/www.tiktok.com\/@talkpal","https:\/\/www.instagram.com\/talkpal_ai\/","https:\/\/www.crunchbase.com\/organization\/talkpal-9cde","https:\/\/www.g2.com\/products\/talkpal-for-business\/","https:\/\/www.trustpilot.com\/review\/talkpal.ai","https:\/\/www.capterra.com\/p\/10006800\/TalkPal\/"],"description":"Talkpal is a language learning web and mobile education app, powered by the latest AI technologies, that provides engaging experiences to its customers in many different languages to help them improve their language skills. Users can chat about unlimited amount of topics with the app and use other modes to practice their language learning.","email":"support@talkpal.ai","legalName":"Talkpal, Inc.","foundingDate":"2023-04-03","duns":"118989042","numberOfEmployees":{"@type":"QuantitativeValue","minValue":"11","maxValue":"50"},"publishingPrinciples":"https:\/\/talkpal.ai\/publishing-principles\/","actionableFeedbackPolicy":"https:\/\/talkpal.ai\/actionable-feedback-policy\/","correctionsPolicy":"https:\/\/talkpal.ai\/corrections-policy\/","ethicsPolicy":"https:\/\/talkpal.ai\/ethics-policy\/","diversityPolicy":"https:\/\/talkpal.ai\/diversity-policy\/","diversityStaffingReport":"https:\/\/talkpal.ai\/diversity-policy\/"}]}},"_links":{"self":[{"href":"https:\/\/talkpal.ai\/tr\/wp-json\/wp\/v2\/pages\/126940","targetHints":{"allow":["GET"]}}],"collection":[{"href":"https:\/\/talkpal.ai\/tr\/wp-json\/wp\/v2\/pages"}],"about":[{"href":"https:\/\/talkpal.ai\/tr\/wp-json\/wp\/v2\/types\/page"}],"author":[{"embeddable":true,"href":"https:\/\/talkpal.ai\/tr\/wp-json\/wp\/v2\/users\/1"}],"replies":[{"embeddable":true,"href":"https:\/\/talkpal.ai\/tr\/wp-json\/wp\/v2\/comments?post=126940"}],"version-history":[{"count":0,"href":"https:\/\/talkpal.ai\/tr\/wp-json\/wp\/v2\/pages\/126940\/revisions"}],"wp:featuredmedia":[{"embeddable":true,"href":"https:\/\/talkpal.ai\/tr\/wp-json\/wp\/v2\/media\/76118"}],"wp:attachment":[{"href":"https:\/\/talkpal.ai\/tr\/wp-json\/wp\/v2\/media?parent=126940"}],"curies":[{"name":"wp","href":"https:\/\/api.w.org\/{rel}","templated":true}]}}