{"id":124433,"date":"2023-03-26T11:55:54","date_gmt":"2023-03-26T11:55:54","guid":{"rendered":"http:\/\/talkpal.ai\/ispanyolca-dilbilgisi\/"},"modified":"2025-05-22T18:50:09","modified_gmt":"2025-05-22T18:50:09","slug":"ispanyolca-dilbilgisi","status":"publish","type":"page","link":"https:\/\/talkpal.ai\/tr\/ispanyolca-dilbilgisi\/","title":{"rendered":"\u0130spanyolca Dilbilgisi"},"content":{"rendered":"\r\n\r\n\r\n<section class=\"languageChallengeSection\">\r\n    <div class=\"languageInfoWrapper\">\r\n        \r\n        <h1>\u0130spanyolca Dilbilgisi<\/h1>\r\n        <p>Temel dilbilgisi kurallar\u0131nda ustala\u015farak \u0130spanyolcan\u0131n canl\u0131 d\u00fcnyas\u0131na dal\u0131n. \u0130spanyolca dilbilgisini anlamak, kendinizden emin <a href=\"https:\/\/talkpal.ai\/locations\/language-courses-in-rahat\/\">bir<\/a> \u015fekilde ileti\u015fim kurman\u0131za ve d\u00fcnya \u00e7ap\u0131nda milyonlarca konu\u015fmac\u0131yla yeni ba\u011flant\u0131lar kurman\u0131za yard\u0131mc\u0131 olacakt\u0131r. \u0130spanyolca dilbilgisi \u00f6\u011frenmeye bug\u00fcn ba\u015flay\u0131n ve ak\u0131c\u0131l\u0131\u011fa do\u011fru ilk ad\u0131m\u0131n\u0131z\u0131 at\u0131n!<\/p>\r\n\r\n                            <a class=\"getStartedHidden\" href=\"https:\/\/app.talkpal.ai\/tr\/signup?lng=\">Hadi ba\u015fla<\/a>\r\n        \r\n    <\/div>\r\n\r\n    <figure>\r\n    <img decoding=\"async\" width=\"768\" height=\"768\" src=\"https:\/\/talkpal.ai\/wp-content\/uploads\/2023\/06\/Spanish-768x768.png\" class=\"languageImage no-lazy\" alt=\"Practical application of language learning\" fetchpriority=\"high\" sizes=\"(max-width: 768px) 150px, 768px\" srcset=\"https:\/\/talkpal.ai\/wp-content\/uploads\/2023\/06\/Spanish-768x768.png 768w, https:\/\/talkpal.ai\/wp-content\/uploads\/2023\/06\/Spanish-300x300.png 300w\" \/>\r\n    \r\n\r\n    <\/figure>\r\n\r\n            <a class=\"getStartedVisible\" href=\"https:\/\/app.talkpal.ai\/tr\/signup?lng=\">Hadi ba\u015fla<\/a>\r\n    \r\n<\/section>\r\n        <section class=\"grammarSection\">\r\n            <div class=\"grammarLinks\">\r\n                <a href=\"https:\/\/talkpal.ai\/tr\/language\/cumle-yapisi-ispanyolca-dilbilgisi\/\">C\u00fcmle Yap\u0131s\u0131 <\/a><a href=\"https:\/\/talkpal.ai\/tr\/language\/edatlar-ispanyolca-dilbilgisi\/\">Edatlar <\/a><a href=\"https:\/\/talkpal.ai\/tr\/language\/fiiller-ispanyolca-dilbilgisi\/\">Fiiller <\/a><a href=\"https:\/\/talkpal.ai\/tr\/language\/isimler-ispanyolca-dilbilgisi\/\">\u0130simler <\/a><a href=\"https:\/\/talkpal.ai\/tr\/language\/makaleler-ispanyolca-dilbilgisi\/\">Makaleler <\/a><a href=\"https:\/\/talkpal.ai\/tr\/language\/sifatlar-ispanyolca-dilbilgisi\/\">S\u0131fatlar <\/a><a href=\"https:\/\/talkpal.ai\/tr\/language\/times-subjunctive-ispanyolca-dilbilgisi\/\">Times: Subjunctive <\/a><a href=\"https:\/\/talkpal.ai\/tr\/language\/zaman-gostergesi-ispanyolca-dilbilgisi\/\">Zaman G\u00f6stergesi <\/a><a href=\"https:\/\/talkpal.ai\/tr\/language\/zamirler-ispanyolca-dilbilgisi\/\">Zamirler <\/a><a href=\"https:\/\/talkpal.ai\/tr\/language\/zarflar-ispanyolca-dilbilgisi\/\">Zarflar <\/a>            <\/div>\r\n        <\/section>\r\n    <section class=\"promotionalBanner\">\r\n    <p class=\"promotionalText\"><\/p>\r\n    <a class=\"promotionalLink\" href=\"https:\/\/app.talkpal.ai\/tr\/signup?lng=\"><\/a>\r\n<\/section>\n<div class=\"wp-block-group pageContainerStyle\"><div class=\"wp-block-group__inner-container is-layout-constrained wp-block-group-is-layout-constrained\">\n<h2 class=\"wp-block-heading\" id=\"h-a-quick-guide-to-learning-spanish-grammar\">\u0130spanyolca Dilbilgisi \u00d6\u011frenmek i\u00e7in H\u0131zl\u0131 Bir K\u0131lavuz<\/h2>\n\n\n\n<p>E\u011fer yeni bir dil \u00f6\u011frenmeyi d\u00fc\u015f\u00fcnd\u00fcyseniz, \u0130spanyolca&#8217;n\u0131n akl\u0131n\u0131zdan ge\u00e7me ihtimali y\u00fcksektir. D\u00fcnya \u00e7ap\u0131nda en \u00e7ok konu\u015fulan dillerden biri olan \u0130spanyolca, ki\u015fisel ve profesyonel geli\u015fim i\u00e7in say\u0131s\u0131z fayda sunar. \u0130spanyolca \u00f6\u011frenmek sadece yeni k\u00fclt\u00fcrlere eri\u015fmenizi sa\u011flamakla kalmayacak, ayn\u0131 zamanda ileti\u015fim becerilerinizi de geli\u015ftirecektir. Bir\u00e7ok insan dilbilgisi kurallar\u0131na tak\u0131lmaktan korksa da, \u0130spanyolca dilbilgisi nispeten basit oldu\u011fu i\u00e7in rahat bir nefes alabilirsiniz. Bu makalede, \u0130spanyolca dilbilgisinin heyecan verici d\u00fcnyas\u0131nda bir profesyonel gibi gezinmenize yard\u0131mc\u0131 olacak h\u0131zl\u0131 bir rehber sunaca\u011f\u0131z!<\/p>\n\n\n\n<h3 class=\"wp-block-heading\" id=\"h-1-understanding-spanish-nouns-and-articles\">1. \u0130spanyolca \u0130simleri ve Makaleleri Anlamak<\/h3>\n\n\n\n<p>\u0130spanyolca isimler, \u0130ngilizce&#8217;de oldu\u011fu gibi, insanlar\u0131, yerleri, nesneleri, fikirleri ve duygular\u0131 tan\u0131mlamak i\u00e7in kullan\u0131l\u0131r. \u0130spanyolca isimler hakk\u0131nda hat\u0131rlanmas\u0131 gereken ilk kural, cinsiyete sahip olmalar\u0131d\u0131r. \u0130spanyolca isimler ya eril ya da di\u015fildir. \u00d6rne\u011fin, &#8216;libro&#8217; (kitap) eril ve &#8216;casa&#8217; (ev) di\u015fildir. \u00c7o\u011fu zaman, &#8216;o&#8217; ile biten isimler eril, &#8216;a&#8217; ile bitenler ise di\u015fildir.<\/p>\n\n\n\n<p>\u0130spanyolca artikeller \u0130ngilizce &#8216;the&#8217;, &#8216;a&#8217; veya &#8216;an&#8217; ile benzerlik g\u00f6sterir. Tan\u0131mlad\u0131klar\u0131 ismin cinsiyeti ve say\u0131s\u0131 ile ayn\u0131 fikirde olmalar\u0131 gerekti\u011finden dilin \u00e7ok \u00f6nemli bir par\u00e7as\u0131d\u0131rlar. D\u00f6rt t\u00fcr \u0130spanyolca makale vard\u0131r:<\/p>\n\n\n\n<p>&#8211; <strong>Belirli artikeller:<\/strong> el (eril tekil), la (di\u015fil tekil), los (eril \u00e7o\u011ful) ve las (di\u015fil \u00e7o\u011ful).<br\/>&#8211; <strong>Belirsiz artikeller:<\/strong> un (a\/an eril tekil), una (a\/an di\u015fil tekil), unos (baz\u0131 eril \u00e7o\u011ful) ve unas (baz\u0131 di\u015fil \u00e7o\u011ful).<\/p>\n\n\n\n<h3 class=\"wp-block-heading\" id=\"h-2-slaying-spanish-verbs-conjugation-and-tenses\">2. \u0130spanyolca Fiilleri \u00d6ld\u00fcrmek: Fiil \u00c7ekimi ve Zamanlar<\/h3>\n\n\n\n<p>\u0130spanyolca dilbilgisi \u00f6\u011frenmenin en \u00f6nemli y\u00f6nlerinden biri fiil \u00e7ekimini anlamakt\u0131r. \u00c7ekim basit\u00e7e fiilin k\u00f6k formunun \u00f6znesine ve zaman\u0131na uyacak \u015fekilde de\u011fi\u015ftirilmesi anlam\u0131na gelir. \u00d6rne\u011fin, \u0130spanyolca&#8217;da &#8216;Yo como&#8217; (ben yiyorum) ve &#8216;\u00e9l come&#8217; (o yiyor) dersiniz. Konuyu de\u011fi\u015ftirdi\u011finizde comer (yemek) fiilinin bi\u00e7imini de\u011fi\u015ftirdi\u011fine dikkat edin.<\/p>\n\n\n\n<p><strong>\u0130spanyolca&#8217;daki baz\u0131 yayg\u0131n d\u00fczenli fiiller \u015funlar\u0131 i\u00e7erir:<\/strong><\/p>\n\n\n\n<p>&#8211; AR fiilleri: hablar (konu\u015fmak), amar (sevmek) ve bailar (dans etmek).<br\/>&#8211; ER fiilleri: comer (yemek), aprender (\u00f6\u011frenmek) ve vender (satmak).<br\/>&#8211; IR fiilleri: vivir (ya\u015famak), escribir (yazmak) ve descubrir (ke\u015ffetmek).<\/p>\n\n\n\n<p>T\u0131pk\u0131 \u0130ngilizce&#8217;de oldu\u011fu gibi, \u0130spanyolca&#8217;da da bir eylemin ger\u00e7ekle\u015fti\u011fi zaman\u0131 belirtmek i\u00e7in birden fazla fiil zaman\u0131 vard\u0131r. En temel olanlar:<\/p>\n\n\n\n<p><strong>&#8211; Mevcut<\/strong><br\/><strong>&#8211; Preterite<\/strong><br\/><strong>&#8211; Kusurlu<\/strong><br\/><strong>&#8211; Gelecek<\/strong><br\/><strong>&#8211; Ko\u015fullu<\/strong><br\/><strong>&#8211; \u015eimdiki Zaman Kipi<\/strong><br\/><strong>&#8211; Kusurlu \u0130stek Kipi<\/strong><\/p>\n\n\n\n<p>T\u00fcm fiil zamanlar\u0131n\u0131 bir kerede \u00f6\u011frenmek i\u00e7in stres yapmay\u0131n. Bunlar\u0131 teker teker ele al\u0131n ve rahat bir \u015fekilde kullanana kadar pratik yap\u0131n.<\/p>\n\n\n\n<h3 class=\"wp-block-heading\" id=\"h-3-creating-sentences-with-spanish-adjectives-and-adverbs\">3. \u0130spanyolca S\u0131fat ve Zarflarla C\u00fcmle Olu\u015fturma<\/h3>\n\n\n\n<p>S\u0131fatlar ve zarflar, \u0130spanyolca c\u00fcmlelerinizi renklendirmede \u00f6nemli bir rol oynar. S\u0131fatlar isimlerin niteliklerini veya \u00f6zelliklerini tan\u0131mlarken, zarflar eylemleri veya fiilleri tan\u0131mlar. \u0130spanyolca&#8217;da s\u0131fatlar, hem cinsiyet hem de say\u0131 olarak tan\u0131mlad\u0131klar\u0131 isimle ayn\u0131 fikirde olmal\u0131d\u0131r.<\/p>\n\n\n\n<p>\u0130spanyolca ve \u0130ngilizce aras\u0131ndaki temel farklardan biri s\u0131fat s\u0131ras\u0131d\u0131r. \u0130spanyolca s\u0131fatlar genellikle isimden sonra gelir, \u00f6rne\u011fin &#8216;un coche rojo&#8217; (k\u0131rm\u0131z\u0131 bir araba).<\/p>\n\n\n\n<p>\u0130spanyolca zarflar ise cinsiyet veya say\u0131 i\u00e7in asla de\u011fi\u015fmez. T\u0131pk\u0131 \u0130ngilizcede oldu\u011fu gibi, zarflar genellikle de\u011fi\u015ftirdikleri fiilden sonra gelir, \u00f6rne\u011fin, &#8216;Ella habla r\u00e1pidamente&#8217; (O h\u0131zl\u0131 konu\u015fuyor).<\/p>\n\n\n\n<h3 class=\"wp-block-heading\" id=\"h-conclusion\">Sonu\u00e7<\/h3>\n\n\n\n<p>\u0130spanyolca dilbilgisi sizi korkutmamal\u0131! Kabul etmek gerekir ki bu pratik gerektirir, ancak bu basit y\u00f6nergeleri izleyerek ola\u011fan\u00fcst\u00fc bir \u0130spanyolca konu\u015fmac\u0131s\u0131 olma yolunda ilerleyeceksiniz. \u0130simleri, fiilleri, s\u0131fatlar\u0131 ve zarflar\u0131 ke\u015ffederken dille her zaman e\u011flenceli, konu\u015fkan bir \u015fekilde etkile\u015fim kurmay\u0131 unutmay\u0131n. Pratik yapmaya devam edin, k\u00fclt\u00fcr\u00fc kucaklay\u0131n ve \u0130spanyolca yolculu\u011funuzun ortaya \u00e7\u0131kmas\u0131na izin verin. \u00a1Buena suerte!<\/p>\n<\/div><\/div>\n\r\n<section class=\"learnNavigationSection\">\r\n            \r\n        <a href=\"https:\/\/talkpal.ai\/tr\/ispanyolca-ogrenin\/\">\r\n            <div class=\"learnNavigationWrapper\">\r\n                <div class=\"learnNavigationContent\">\r\n                    <img decoding=\"async\" src=\"https:\/\/talkpal.ai\/wp-content\/uploads\/2024\/08\/Spanish.jpg\" alt=\"Spanish Flag\">\r\n                    <div>\r\n                        <h4>\u0130spanyolca \u00d6\u011frenimi Hakk\u0131nda<\/h4>\r\n                        <p>\u0130spanyolca dilbilgisi hakk\u0131nda her \u015feyi \u00f6\u011frenin.<\/p>\r\n                    <\/div>\r\n                <\/div>\r\n            <\/div>\r\n        <\/a>\r\n\r\n        \r\n        <a href=\"https:\/\/talkpal.ai\/tr\/ispanyolca-gramer-alistirmalari\/\">\r\n            <div class=\"learnNavigationWrapper\">\r\n                <div class=\"learnNavigationContent\">\r\n                    <img decoding=\"async\" src=\"https:\/\/talkpal.ai\/wp-content\/uploads\/2024\/08\/Spanish.jpg\" alt=\"Spanish Flag\">\r\n                    <div>\r\n                        <h4>\u0130spanyolca Dilbilgisi Al\u0131\u015ft\u0131rmas\u0131<\/h4>\r\n                        <p>\u0130spanyolca dilbilgisi al\u0131\u015ft\u0131rmas\u0131 yap\u0131n.<\/p>\r\n                    <\/div>\r\n                <\/div>\r\n            <\/div>\r\n        <\/a>\r\n\r\n        \r\n        <a href=\"https:\/\/talkpal.ai\/vocabulary_language\/spanish\/\">\r\n            <div class=\"learnNavigationWrapper\">\r\n                <div class=\"learnNavigationContent\">\r\n                    <img decoding=\"async\" src=\"https:\/\/talkpal.ai\/wp-content\/uploads\/2024\/08\/Spanish.jpg\" alt=\"Spanish Flag\">\r\n                    <div>\r\n                        <h4>\u0130spanyolca Kelime Bilgisi<\/h4>\r\n                        <p>\u0130spanyolca kelime da\u011farc\u0131\u011f\u0131n\u0131z\u0131 geni\u015fletin.<\/p>\r\n                    <\/div>\r\n                <\/div>\r\n            <\/div>\r\n        <\/a>\r\n\r\n            <\/section>","protected":false},"excerpt":{"rendered":"<p>\u0130spanyolca Dilbilgisi \u00d6\u011frenmek i\u00e7in H\u0131zl\u0131 Bir K\u0131lavuz E\u011fer yeni bir dil \u00f6\u011frenmeyi d\u00fc\u015f\u00fcnd\u00fcyseniz, \u0130spanyolca&#8217;n\u0131n akl\u0131n\u0131zdan ge\u00e7me ihtimali y\u00fcksektir. D\u00fcnya \u00e7ap\u0131nda en \u00e7ok konu\u015fulan dillerden biri olan \u0130spanyolca, ki\u015fisel ve profesyonel geli\u015fim i\u00e7in say\u0131s\u0131z fayda sunar. \u0130spanyolca \u00f6\u011frenmek sadece yeni k\u00fclt\u00fcrlere eri\u015fmenizi sa\u011flamakla kalmayacak, ayn\u0131 zamanda ileti\u015fim becerilerinizi de geli\u015ftirecektir. Bir\u00e7ok insan dilbilgisi kurallar\u0131na tak\u0131lmaktan korksa [&hellip;]<\/p>\n","protected":false},"author":1,"featured_media":75502,"parent":0,"menu_order":0,"comment_status":"closed","ping_status":"closed","template":"LearningContentPage.php","meta":{"_acf_changed":false,"footnotes":""},"class_list":["post-124433","page","type-page","status-publish","has-post-thumbnail","hentry"],"acf":[],"yoast_head":"<!-- This site is optimized with the Yoast SEO Premium plugin v27.2 (Yoast SEO v27.2) - https:\/\/yoast.com\/product\/yoast-seo-premium-wordpress\/ -->\n<title>\u0130spanyolca Dilbilgisi - Talkpal<\/title>\n<meta name=\"description\" content=\"T\u00fcm yeterlilik seviyeleri i\u00e7in tasarlanm\u0131\u015f interaktif al\u0131\u015ft\u0131rmalarla \u0130spanyolca dilbilgisi becerilerinizi geli\u015ftirin. Etkili \u0130spanyolca prati\u011fi yap\u0131n!\" \/>\n<meta name=\"robots\" content=\"index, follow, max-snippet:-1, max-image-preview:large, max-video-preview:-1\" \/>\n<link rel=\"canonical\" href=\"https:\/\/talkpal.ai\/tr\/ispanyolca-dilbilgisi\/\" \/>\n<meta property=\"og:locale\" content=\"tr_TR\" \/>\n<meta property=\"og:type\" content=\"article\" \/>\n<meta property=\"og:title\" content=\"\u0130spanyolca Dilbilgisi\" \/>\n<meta property=\"og:description\" content=\"\u0130spanyolca Dilbilgisi \u00d6\u011frenmek i\u00e7in H\u0131zl\u0131 Bir K\u0131lavuz E\u011fer yeni bir dil \u00f6\u011frenmeyi d\u00fc\u015f\u00fcnd\u00fcyseniz, \u0130spanyolca&#039;n\u0131n akl\u0131n\u0131zdan ge\u00e7me ihtimali y\u00fcksektir. D\u00fcnya\" \/>\n<meta property=\"og:url\" content=\"https:\/\/talkpal.ai\/tr\/ispanyolca-dilbilgisi\/\" \/>\n<meta property=\"og:site_name\" content=\"Talkpal\" \/>\n<meta property=\"article:publisher\" content=\"https:\/\/www.facebook.com\/profile.php?id=100090733639311\" \/>\n<meta property=\"article:modified_time\" content=\"2025-05-22T18:50:09+00:00\" \/>\n<meta property=\"og:image\" content=\"https:\/\/talkpal.ai\/wp-content\/uploads\/2023\/03\/spain.png\" \/>\n\t<meta property=\"og:image:width\" content=\"512\" \/>\n\t<meta property=\"og:image:height\" content=\"512\" \/>\n\t<meta property=\"og:image:type\" content=\"image\/png\" \/>\n<meta name=\"twitter:card\" content=\"summary_large_image\" \/>\n<meta name=\"twitter:site\" content=\"@talkpalai\" \/>\n<meta name=\"twitter:label1\" content=\"Tahmini okuma s\u00fcresi\" \/>\n\t<meta name=\"twitter:data1\" content=\"3 dakika\" \/>\n<script type=\"application\/ld+json\" class=\"yoast-schema-graph\">{\"@context\":\"https:\/\/schema.org\",\"@graph\":[{\"@type\":\"WebPage\",\"@id\":\"https:\/\/talkpal.ai\/tr\/ispanyolca-dilbilgisi\/\",\"url\":\"https:\/\/talkpal.ai\/tr\/ispanyolca-dilbilgisi\/\",\"name\":\"\u0130spanyolca Dilbilgisi - Talkpal\",\"isPartOf\":{\"@id\":\"https:\/\/talkpal.ai\/tr\/#website\"},\"primaryImageOfPage\":{\"@id\":\"https:\/\/talkpal.ai\/tr\/ispanyolca-dilbilgisi\/#primaryimage\"},\"image\":{\"@id\":\"https:\/\/talkpal.ai\/tr\/ispanyolca-dilbilgisi\/#primaryimage\"},\"thumbnailUrl\":\"https:\/\/talkpal.ai\/wp-content\/uploads\/2023\/03\/spain.png\",\"datePublished\":\"2023-03-26T11:55:54+00:00\",\"dateModified\":\"2025-05-22T18:50:09+00:00\",\"description\":\"T\u00fcm yeterlilik seviyeleri i\u00e7in tasarlanm\u0131\u015f interaktif al\u0131\u015ft\u0131rmalarla \u0130spanyolca dilbilgisi becerilerinizi geli\u015ftirin. Etkili \u0130spanyolca prati\u011fi yap\u0131n!\",\"breadcrumb\":{\"@id\":\"https:\/\/talkpal.ai\/tr\/ispanyolca-dilbilgisi\/#breadcrumb\"},\"inLanguage\":\"tr\",\"potentialAction\":[{\"@type\":\"ReadAction\",\"target\":[\"https:\/\/talkpal.ai\/tr\/ispanyolca-dilbilgisi\/\"]}]},{\"@type\":\"ImageObject\",\"inLanguage\":\"tr\",\"@id\":\"https:\/\/talkpal.ai\/tr\/ispanyolca-dilbilgisi\/#primaryimage\",\"url\":\"https:\/\/talkpal.ai\/wp-content\/uploads\/2023\/03\/spain.png\",\"contentUrl\":\"https:\/\/talkpal.ai\/wp-content\/uploads\/2023\/03\/spain.png\",\"width\":512,\"height\":512,\"caption\":\"TalkPal AI learn Spanish\"},{\"@type\":\"BreadcrumbList\",\"@id\":\"https:\/\/talkpal.ai\/tr\/ispanyolca-dilbilgisi\/#breadcrumb\",\"itemListElement\":[{\"@type\":\"ListItem\",\"position\":1,\"name\":\"Homepage\",\"item\":\"https:\/\/talkpal.ai\/tr\/\"},{\"@type\":\"ListItem\",\"position\":2,\"name\":\"\u0130spanyolca Dilbilgisi\"}]},{\"@type\":\"WebSite\",\"@id\":\"https:\/\/talkpal.ai\/tr\/#website\",\"url\":\"https:\/\/talkpal.ai\/tr\/\",\"name\":\"Talkpal\",\"description\":\"AI Language Learning\",\"publisher\":{\"@id\":\"https:\/\/talkpal.ai\/tr\/#organization\"},\"alternateName\":\"Talkpal AI\",\"potentialAction\":[{\"@type\":\"SearchAction\",\"target\":{\"@type\":\"EntryPoint\",\"urlTemplate\":\"https:\/\/talkpal.ai\/tr\/?s={search_term_string}\"},\"query-input\":{\"@type\":\"PropertyValueSpecification\",\"valueRequired\":true,\"valueName\":\"search_term_string\"}}],\"inLanguage\":\"tr\"},{\"@type\":\"Organization\",\"@id\":\"https:\/\/talkpal.ai\/tr\/#organization\",\"name\":\"Talkpal, Inc.\",\"alternateName\":\"Talkpal AI\",\"url\":\"https:\/\/talkpal.ai\/tr\/\",\"logo\":{\"@type\":\"ImageObject\",\"inLanguage\":\"tr\",\"@id\":\"https:\/\/talkpal.ai\/tr\/#\/schema\/logo\/image\/\",\"url\":\"https:\/\/talkpal.ai\/wp-content\/uploads\/2024\/03\/Talkpal-Logo-Icon.png\",\"contentUrl\":\"https:\/\/talkpal.ai\/wp-content\/uploads\/2024\/03\/Talkpal-Logo-Icon.png\",\"width\":2880,\"height\":2880,\"caption\":\"Talkpal, Inc.\"},\"image\":{\"@id\":\"https:\/\/talkpal.ai\/tr\/#\/schema\/logo\/image\/\"},\"sameAs\":[\"https:\/\/www.facebook.com\/profile.php?id=100090733639311\",\"https:\/\/x.com\/talkpalai\",\"https:\/\/www.linkedin.com\/company\/talkpal\/\",\"https:\/\/www.youtube.com\/@TalkPal\/\",\"https:\/\/www.tiktok.com\/@talkpal\",\"https:\/\/www.instagram.com\/talkpal_ai\/\",\"https:\/\/www.crunchbase.com\/organization\/talkpal-9cde\",\"https:\/\/www.g2.com\/products\/talkpal-for-business\/\",\"https:\/\/www.trustpilot.com\/review\/talkpal.ai\",\"https:\/\/www.capterra.com\/p\/10006800\/TalkPal\/\"],\"description\":\"Talkpal is a language learning web and mobile education app, powered by the latest AI technologies, that provides engaging experiences to its customers in many different languages to help them improve their language skills. Users can chat about unlimited amount of topics with the app and use other modes to practice their language learning.\",\"email\":\"support@talkpal.ai\",\"legalName\":\"Talkpal, Inc.\",\"foundingDate\":\"2023-04-03\",\"duns\":\"118989042\",\"numberOfEmployees\":{\"@type\":\"QuantitativeValue\",\"minValue\":\"11\",\"maxValue\":\"50\"},\"publishingPrinciples\":\"https:\/\/talkpal.ai\/publishing-principles\/\",\"actionableFeedbackPolicy\":\"https:\/\/talkpal.ai\/actionable-feedback-policy\/\",\"correctionsPolicy\":\"https:\/\/talkpal.ai\/corrections-policy\/\",\"ethicsPolicy\":\"https:\/\/talkpal.ai\/ethics-policy\/\",\"diversityPolicy\":\"https:\/\/talkpal.ai\/diversity-policy\/\",\"diversityStaffingReport\":\"https:\/\/talkpal.ai\/diversity-policy\/\"}]}<\/script>\n<!-- \/ Yoast SEO Premium plugin. -->","yoast_head_json":{"title":"\u0130spanyolca Dilbilgisi - Talkpal","description":"T\u00fcm yeterlilik seviyeleri i\u00e7in tasarlanm\u0131\u015f interaktif al\u0131\u015ft\u0131rmalarla \u0130spanyolca dilbilgisi becerilerinizi geli\u015ftirin. Etkili \u0130spanyolca prati\u011fi yap\u0131n!","robots":{"index":"index","follow":"follow","max-snippet":"max-snippet:-1","max-image-preview":"max-image-preview:large","max-video-preview":"max-video-preview:-1"},"canonical":"https:\/\/talkpal.ai\/tr\/ispanyolca-dilbilgisi\/","og_locale":"tr_TR","og_type":"article","og_title":"\u0130spanyolca Dilbilgisi","og_description":"\u0130spanyolca Dilbilgisi \u00d6\u011frenmek i\u00e7in H\u0131zl\u0131 Bir K\u0131lavuz E\u011fer yeni bir dil \u00f6\u011frenmeyi d\u00fc\u015f\u00fcnd\u00fcyseniz, \u0130spanyolca'n\u0131n akl\u0131n\u0131zdan ge\u00e7me ihtimali y\u00fcksektir. D\u00fcnya","og_url":"https:\/\/talkpal.ai\/tr\/ispanyolca-dilbilgisi\/","og_site_name":"Talkpal","article_publisher":"https:\/\/www.facebook.com\/profile.php?id=100090733639311","article_modified_time":"2025-05-22T18:50:09+00:00","og_image":[{"width":512,"height":512,"url":"https:\/\/talkpal.ai\/wp-content\/uploads\/2023\/03\/spain.png","type":"image\/png"}],"twitter_card":"summary_large_image","twitter_site":"@talkpalai","twitter_misc":{"Tahmini okuma s\u00fcresi":"3 dakika"},"schema":{"@context":"https:\/\/schema.org","@graph":[{"@type":"WebPage","@id":"https:\/\/talkpal.ai\/tr\/ispanyolca-dilbilgisi\/","url":"https:\/\/talkpal.ai\/tr\/ispanyolca-dilbilgisi\/","name":"\u0130spanyolca Dilbilgisi - Talkpal","isPartOf":{"@id":"https:\/\/talkpal.ai\/tr\/#website"},"primaryImageOfPage":{"@id":"https:\/\/talkpal.ai\/tr\/ispanyolca-dilbilgisi\/#primaryimage"},"image":{"@id":"https:\/\/talkpal.ai\/tr\/ispanyolca-dilbilgisi\/#primaryimage"},"thumbnailUrl":"https:\/\/talkpal.ai\/wp-content\/uploads\/2023\/03\/spain.png","datePublished":"2023-03-26T11:55:54+00:00","dateModified":"2025-05-22T18:50:09+00:00","description":"T\u00fcm yeterlilik seviyeleri i\u00e7in tasarlanm\u0131\u015f interaktif al\u0131\u015ft\u0131rmalarla \u0130spanyolca dilbilgisi becerilerinizi geli\u015ftirin. Etkili \u0130spanyolca prati\u011fi yap\u0131n!","breadcrumb":{"@id":"https:\/\/talkpal.ai\/tr\/ispanyolca-dilbilgisi\/#breadcrumb"},"inLanguage":"tr","potentialAction":[{"@type":"ReadAction","target":["https:\/\/talkpal.ai\/tr\/ispanyolca-dilbilgisi\/"]}]},{"@type":"ImageObject","inLanguage":"tr","@id":"https:\/\/talkpal.ai\/tr\/ispanyolca-dilbilgisi\/#primaryimage","url":"https:\/\/talkpal.ai\/wp-content\/uploads\/2023\/03\/spain.png","contentUrl":"https:\/\/talkpal.ai\/wp-content\/uploads\/2023\/03\/spain.png","width":512,"height":512,"caption":"TalkPal AI learn Spanish"},{"@type":"BreadcrumbList","@id":"https:\/\/talkpal.ai\/tr\/ispanyolca-dilbilgisi\/#breadcrumb","itemListElement":[{"@type":"ListItem","position":1,"name":"Homepage","item":"https:\/\/talkpal.ai\/tr\/"},{"@type":"ListItem","position":2,"name":"\u0130spanyolca Dilbilgisi"}]},{"@type":"WebSite","@id":"https:\/\/talkpal.ai\/tr\/#website","url":"https:\/\/talkpal.ai\/tr\/","name":"Talkpal","description":"AI Language Learning","publisher":{"@id":"https:\/\/talkpal.ai\/tr\/#organization"},"alternateName":"Talkpal AI","potentialAction":[{"@type":"SearchAction","target":{"@type":"EntryPoint","urlTemplate":"https:\/\/talkpal.ai\/tr\/?s={search_term_string}"},"query-input":{"@type":"PropertyValueSpecification","valueRequired":true,"valueName":"search_term_string"}}],"inLanguage":"tr"},{"@type":"Organization","@id":"https:\/\/talkpal.ai\/tr\/#organization","name":"Talkpal, Inc.","alternateName":"Talkpal AI","url":"https:\/\/talkpal.ai\/tr\/","logo":{"@type":"ImageObject","inLanguage":"tr","@id":"https:\/\/talkpal.ai\/tr\/#\/schema\/logo\/image\/","url":"https:\/\/talkpal.ai\/wp-content\/uploads\/2024\/03\/Talkpal-Logo-Icon.png","contentUrl":"https:\/\/talkpal.ai\/wp-content\/uploads\/2024\/03\/Talkpal-Logo-Icon.png","width":2880,"height":2880,"caption":"Talkpal, Inc."},"image":{"@id":"https:\/\/talkpal.ai\/tr\/#\/schema\/logo\/image\/"},"sameAs":["https:\/\/www.facebook.com\/profile.php?id=100090733639311","https:\/\/x.com\/talkpalai","https:\/\/www.linkedin.com\/company\/talkpal\/","https:\/\/www.youtube.com\/@TalkPal\/","https:\/\/www.tiktok.com\/@talkpal","https:\/\/www.instagram.com\/talkpal_ai\/","https:\/\/www.crunchbase.com\/organization\/talkpal-9cde","https:\/\/www.g2.com\/products\/talkpal-for-business\/","https:\/\/www.trustpilot.com\/review\/talkpal.ai","https:\/\/www.capterra.com\/p\/10006800\/TalkPal\/"],"description":"Talkpal is a language learning web and mobile education app, powered by the latest AI technologies, that provides engaging experiences to its customers in many different languages to help them improve their language skills. Users can chat about unlimited amount of topics with the app and use other modes to practice their language learning.","email":"support@talkpal.ai","legalName":"Talkpal, Inc.","foundingDate":"2023-04-03","duns":"118989042","numberOfEmployees":{"@type":"QuantitativeValue","minValue":"11","maxValue":"50"},"publishingPrinciples":"https:\/\/talkpal.ai\/publishing-principles\/","actionableFeedbackPolicy":"https:\/\/talkpal.ai\/actionable-feedback-policy\/","correctionsPolicy":"https:\/\/talkpal.ai\/corrections-policy\/","ethicsPolicy":"https:\/\/talkpal.ai\/ethics-policy\/","diversityPolicy":"https:\/\/talkpal.ai\/diversity-policy\/","diversityStaffingReport":"https:\/\/talkpal.ai\/diversity-policy\/"}]}},"_links":{"self":[{"href":"https:\/\/talkpal.ai\/tr\/wp-json\/wp\/v2\/pages\/124433","targetHints":{"allow":["GET"]}}],"collection":[{"href":"https:\/\/talkpal.ai\/tr\/wp-json\/wp\/v2\/pages"}],"about":[{"href":"https:\/\/talkpal.ai\/tr\/wp-json\/wp\/v2\/types\/page"}],"author":[{"embeddable":true,"href":"https:\/\/talkpal.ai\/tr\/wp-json\/wp\/v2\/users\/1"}],"replies":[{"embeddable":true,"href":"https:\/\/talkpal.ai\/tr\/wp-json\/wp\/v2\/comments?post=124433"}],"version-history":[{"count":0,"href":"https:\/\/talkpal.ai\/tr\/wp-json\/wp\/v2\/pages\/124433\/revisions"}],"wp:featuredmedia":[{"embeddable":true,"href":"https:\/\/talkpal.ai\/tr\/wp-json\/wp\/v2\/media\/75502"}],"wp:attachment":[{"href":"https:\/\/talkpal.ai\/tr\/wp-json\/wp\/v2\/media?parent=124433"}],"curies":[{"name":"wp","href":"https:\/\/api.w.org\/{rel}","templated":true}]}}