{"id":124379,"date":"2023-03-26T11:45:19","date_gmt":"2023-03-26T11:45:19","guid":{"rendered":"http:\/\/talkpal.ai\/fransizca-dilbilgisi\/"},"modified":"2025-05-22T18:46:24","modified_gmt":"2025-05-22T18:46:24","slug":"fransizca-dilbilgisi","status":"publish","type":"page","link":"https:\/\/talkpal.ai\/tr\/fransizca-dilbilgisi\/","title":{"rendered":"Frans\u0131zca Dilbilgisi"},"content":{"rendered":"\r\n\r\n\r\n<section class=\"languageChallengeSection\">\r\n    <div class=\"languageInfoWrapper\">\r\n        \r\n        <h1>Frans\u0131zca Dilbilgisi<\/h1>\r\n        <p>Temel dilbilgisi kurallar\u0131nda ustala\u015farak Frans\u0131zcan\u0131n zarafetini ortaya \u00e7\u0131kar\u0131n. Sa\u011flam bir Frans\u0131zca dilbilgisi anlay\u0131\u015f\u0131, kolayl\u0131kla ileti\u015fim kurman\u0131za ve Frans\u0131z k\u00fclt\u00fcr\u00fcn\u00fcn zenginli\u011fini takdir etmenize yard\u0131mc\u0131 olacakt\u0131r. Bug\u00fcn Frans\u0131zca dilbilgisi \u00f6\u011frenmeye ba\u015flay\u0131n ve ak\u0131c\u0131l\u0131\u011fa do\u011fru yolculu\u011funuza ba\u015flay\u0131n!<\/p>\r\n\r\n                            <a class=\"getStartedHidden\" href=\"https:\/\/app.talkpal.ai\/tr\/signup?lng=\">Hadi ba\u015fla<\/a>\r\n        \r\n    <\/div>\r\n\r\n    <figure>\r\n    <img decoding=\"async\" width=\"768\" height=\"768\" src=\"https:\/\/talkpal.ai\/wp-content\/uploads\/2023\/06\/french-768x768.png\" class=\"languageImage no-lazy\" alt=\"Language learning strategies for professionals\" fetchpriority=\"high\" sizes=\"(max-width: 768px) 150px, 768px\" srcset=\"https:\/\/talkpal.ai\/wp-content\/uploads\/2023\/06\/french-768x768.png 768w, https:\/\/talkpal.ai\/wp-content\/uploads\/2023\/06\/french-300x300.png 300w\" \/>\r\n    \r\n\r\n    <\/figure>\r\n\r\n            <a class=\"getStartedVisible\" href=\"https:\/\/app.talkpal.ai\/tr\/signup?lng=\">Hadi ba\u015fla<\/a>\r\n    \r\n<\/section>\r\n        <section class=\"grammarSection\">\r\n            <div class=\"grammarLinks\">\r\n                <a href=\"https:\/\/talkpal.ai\/tr\/language\/cumle-yapisi-fransizca-dilbilgisi\/\">C\u00fcmle Yap\u0131s\u0131 <\/a><a href=\"https:\/\/talkpal.ai\/tr\/language\/edatlar-fransizca-dilbilgisi\/\">Edatlar <\/a><a href=\"https:\/\/talkpal.ai\/tr\/language\/fiiller-fransizca-dilbilgisi\/\">Fiiller <\/a><a href=\"https:\/\/talkpal.ai\/tr\/language\/isimler-fransizca-dilbilgisi\/\">\u0130simler <\/a><a href=\"https:\/\/talkpal.ai\/tr\/language\/makaleler-fransizca-dilbilgisi\/\">Makaleler <\/a><a href=\"https:\/\/talkpal.ai\/tr\/language\/sifatlar-fransizca-dilbilgisi\/\">S\u0131fatlar <\/a><a href=\"https:\/\/talkpal.ai\/tr\/language\/zaman-gostergesi-fransizca-dilbilgisi\/\">Zaman G\u00f6stergesi <\/a><a href=\"https:\/\/talkpal.ai\/tr\/language\/zamirler-ve-belirleyiciler-fransizca-dilbilgisi\/\">Zamirler ve Belirleyiciler <\/a><a href=\"https:\/\/talkpal.ai\/tr\/language\/zarflar-fransizca-dilbilgisi\/\">Zarflar <\/a>            <\/div>\r\n        <\/section>\r\n    <section class=\"promotionalBanner\">\r\n    <p class=\"promotionalText\"><\/p>\r\n    <a class=\"promotionalLink\" href=\"https:\/\/app.talkpal.ai\/tr\/signup?lng=\"><\/a>\r\n<\/section>\n<div class=\"wp-block-group pageContainerStyle\"><div class=\"wp-block-group__inner-container is-layout-constrained wp-block-group-is-layout-constrained\">\n<h2 class=\"wp-block-heading\" id=\"h-a-beginner-s-guide-to-french-grammar\">Yeni Ba\u015flayanlar \u0130\u00e7in Frans\u0131zca Dilbilgisi Rehberi<\/h2>\n\n\n\n<p>Frans\u0131zca \u00f6\u011frenmek heyecan verici ve \u00f6d\u00fcllendirici bir deneyim olabilir. Bununla birlikte, Frans\u0131zca dilbilgisine hakim olmak, \u0130ngilizce konusunda yetkin olanlar i\u00e7in bile zor olabilir. Bu makalede, dil becerilerinizi geli\u015ftirmenize yard\u0131mc\u0131 olacak baz\u0131 temel Frans\u0131zca dilbilgisi ipu\u00e7lar\u0131n\u0131 tart\u0131\u015faca\u011f\u0131z. Bu kurallar\u0131 \u00f6\u011frenerek ve d\u00fczenli olarak uygulayarak Frans\u0131zca dilbilgisi uzman\u0131 olma yolunda ilerleyebilirsiniz.<\/p>\n\n\n\n<h3 class=\"wp-block-heading\" id=\"h-1-the-importance-of-gender-in-french-nouns\">1. Frans\u0131zca \u0130simlerde Cinsiyetin \u00d6nemi<\/h3>\n\n\n\n<p>Frans\u0131zca ve \u0130ngilizce dilbilgisi aras\u0131ndaki en \u00f6nemli farklardan biri cinsiyet kavram\u0131d\u0131r. T\u00fcm Frans\u0131zca isimler ya eril ya da di\u015fildir, bu da onlarla birlikte kullan\u0131lan makaleleri ve s\u0131fatlar\u0131 etkiler. \u00d6rne\u011fin, &#8220;le&#8221; ve &#8220;la&#8221; s\u0131ras\u0131yla eril ve di\u015fil isimler i\u00e7in belirli artikellerdir. Yeni bir isimle kar\u015f\u0131la\u015ft\u0131\u011f\u0131n\u0131zda, dilbilgisi hatalar\u0131 yapmaktan ka\u00e7\u0131nmak i\u00e7in cinsiyetini hat\u0131rlamak \u00e7ok \u00f6nemlidir.<\/p>\n\n\n\n<h3 class=\"wp-block-heading\" id=\"h-2-mastering-verb-conjugations\">2. Fiil \u00c7ekimlerinde Ustala\u015fmak<\/h3>\n\n\n\n<p>Frans\u0131zca fiillerin zaman, ruh hali ve \u00f6zne zamirlerine dayal\u0131 \u00e7ok say\u0131da \u00e7ekimi vard\u0131r. Bu \u00e7ok zor g\u00f6r\u00fcnebilir, ancak s\u00fcreci basitle\u015ftirmek i\u00e7in kullanabilece\u011finiz kal\u0131plar ve k\u0131sayollar vard\u0131r. D\u00fczenli fiiller, mastar sonlar\u0131na (-er, -ir ve -re) g\u00f6re \u00fc\u00e7 gruptan birine aittir ve her grubun kendi \u00e7ekim kurallar\u0131 vard\u0131r. Bu kurallar\u0131 \u00f6\u011frendikten sonra, \u00f6nemli say\u0131da Frans\u0131zca fiili kolayca \u00e7ekimleyebilirsiniz.<\/p>\n\n\n\n<h3 class=\"wp-block-heading\" id=\"h-3-the-partitive-article-du-de-la-and-de-l\">3. Partitif Madde: du, de la, ve de l&#8217;<\/h3>\n\n\n\n<p>Bir \u015feyin bir k\u0131sm\u0131ndan veya belirtilmemi\u015f bir miktar\u0131ndan bahsederken partitive article kullanman\u0131z gerekir. Partitif article ismin cinsiyetine ve sesli ya da sessiz harfle ba\u015flamas\u0131na g\u00f6re de\u011fi\u015fir. Eril isimler i\u00e7in &#8220;du&#8221;, di\u015fil isimler i\u00e7in &#8220;de la&#8221; ve sesli harfle veya sessiz &#8216;h&#8217; ile ba\u015flayan isimler i\u00e7in &#8220;de l'&#8221; kullan\u0131n.<\/p>\n\n\n\n<h3 class=\"wp-block-heading\" id=\"h-4-adjective-agreement-and-placement\">4. S\u0131fat Anla\u015fmas\u0131 ve Yerle\u015ftirme<\/h3>\n\n\n\n<p>Frans\u0131zca dilbilgisinde s\u0131fatlar, cinsiyet ve say\u0131 a\u00e7\u0131s\u0131ndan de\u011fi\u015ftirdikleri isimle ayn\u0131 fikirde olmal\u0131d\u0131r. Genellikle bu, s\u0131fat\u0131 di\u015fil yapmak i\u00e7in bir &#8216;e&#8217; ve \u00e7o\u011ful yapmak i\u00e7in bir &#8216;s&#8217; eklemeniz gerekti\u011fi anlam\u0131na gelir. Ayr\u0131ca, &#8220;beau&#8221;, &#8220;vieil&#8221; ve &#8220;grand&#8221; gibi k\u0131sa ve yayg\u0131n s\u0131fatlar i\u00e7in baz\u0131 istisnalar d\u0131\u015f\u0131nda, s\u0131fatlar genellikle de\u011fi\u015ftirdikleri ismi takip eder.<\/p>\n\n\n\n<p>\u00d6rnekler:<br\/>&#8211; Un chat noir (Kara bir kedi)<br\/>&#8211; Une voiture noire (Siyah bir araba)<br\/>&#8211; Deux chats noirs (\u0130ki kara kedi)<\/p>\n\n\n\n<h3 class=\"wp-block-heading\" id=\"h-5-passe-compose-past-tense-made-easy\">5. Passe Compose &#8211; Ge\u00e7mi\u015f Zaman Art\u0131k \u00c7ok Kolay<\/h3>\n\n\n\n<p>Frans\u0131zca&#8217;da ge\u00e7mi\u015f zaman\u0131 ifade etmenin bir\u00e7ok yolu olsa da, pass\u00e8 compos\u00e9 en kullan\u0131\u015fl\u0131 ve \u00f6\u011frenmesi en kolay olanlardan biridir. Pass\u00e9 compos\u00e9 olu\u015fturmak i\u00e7in, &#8220;avoir&#8221; veya &#8220;\u00eatre&#8221; yard\u0131mc\u0131 fiilinin \u015fimdiki zaman\u0131na ve ard\u0131ndan ana fiilin ge\u00e7mi\u015f zaman ortac\u0131na ihtiyac\u0131n\u0131z olacakt\u0131r. \u00c7o\u011fu fiil yard\u0131mc\u0131 fiil olarak &#8220;avoir&#8221; kullan\u0131rken, \u00e7o\u011funlukla hareket ve d\u00f6n\u00fc\u015fl\u00fc fiillerle ilgili olan baz\u0131 fiiller &#8220;\u00eatre&#8221; kullan\u0131r.<\/p>\n\n\n\n<p>\u00d6rnek:<br\/>&#8211; J&#8217;ai mang\u00e9 (Yedim)<br\/>&#8211; Nous sommes all\u00e9s (Gittik)<\/p>\n\n\n\n<h3 class=\"wp-block-heading\" id=\"h-6-engaging-with-the-language\">6. Dil ile \u0130lgi Kurmak<\/h3>\n\n\n\n<p>Frans\u0131zca dilbilginizi geli\u015ftirmenin en iyi yollar\u0131ndan biri, dille d\u00fczenli olarak etkile\u015fim kurmakt\u0131r. Frans\u0131zca gazeteler okumak, Frans\u0131zca filmler izlemek veya anadili Frans\u0131zca olan biriyle konu\u015fmak gibi farkl\u0131 ba\u011flamlarda dile maruz kalmak, dilbilgisi anlay\u0131\u015f\u0131n\u0131z\u0131 peki\u015ftirmenize ve kelime da\u011farc\u0131\u011f\u0131n\u0131z\u0131 geni\u015fletmenize yard\u0131mc\u0131 olacakt\u0131r.<\/p>\n\n\n\n<h3 class=\"wp-block-heading\" id=\"h-conclusion\">Sonu\u00e7<\/h3>\n\n\n\n<p>Frans\u0131zca dilbilgisine hakim olmak g\u00f6z korkutucu g\u00f6r\u00fcnebilir, ancak tutarl\u0131 uygulama ve \u00f6zveri ile bu g\u00fczel dilde ak\u0131c\u0131 hale gelebilirsiniz. Yukar\u0131da \u00f6zetlenen temel kurallara odaklanarak ve dille \u00e7e\u015fitli ba\u011flamlarda etkile\u015fim kurarak, Frans\u0131zca dilbilgisi becerileriniz h\u0131zla geli\u015fecektir. Frans\u0131zca dilbilgisinde ustala\u015fma yolculu\u011funuzda bonne \u015fans\u0131!<\/p>\n<\/div><\/div>\n\r\n<section class=\"learnNavigationSection\">\r\n            \r\n        <a href=\"https:\/\/talkpal.ai\/tr\/fransizca-ogrenin\/\">\r\n            <div class=\"learnNavigationWrapper\">\r\n                <div class=\"learnNavigationContent\">\r\n                    <img decoding=\"async\" src=\"https:\/\/talkpal.ai\/wp-content\/uploads\/2024\/08\/French.jpg\" alt=\"French Flag\">\r\n                    <div>\r\n                        <h4>Frans\u0131zca \u00d6\u011frenimi Hakk\u0131nda<\/h4>\r\n                        <p>Frans\u0131zca dilbilgisi hakk\u0131nda her \u015feyi \u00f6\u011frenin.<\/p>\r\n                    <\/div>\r\n                <\/div>\r\n            <\/div>\r\n        <\/a>\r\n\r\n        \r\n        <a href=\"https:\/\/talkpal.ai\/tr\/fransizca-gramer-alistirmalari\/\">\r\n            <div class=\"learnNavigationWrapper\">\r\n                <div class=\"learnNavigationContent\">\r\n                    <img decoding=\"async\" src=\"https:\/\/talkpal.ai\/wp-content\/uploads\/2024\/08\/French.jpg\" alt=\"French Flag\">\r\n                    <div>\r\n                        <h4>Frans\u0131zca Dilbilgisi Al\u0131\u015ft\u0131rmas\u0131<\/h4>\r\n                        <p>Frans\u0131zca dilbilgisi prati\u011fi yap\u0131n.<\/p>\r\n                    <\/div>\r\n                <\/div>\r\n            <\/div>\r\n        <\/a>\r\n\r\n        \r\n        <a href=\"https:\/\/talkpal.ai\/vocabulary_language\/french\/\">\r\n            <div class=\"learnNavigationWrapper\">\r\n                <div class=\"learnNavigationContent\">\r\n                    <img decoding=\"async\" src=\"https:\/\/talkpal.ai\/wp-content\/uploads\/2024\/08\/French.jpg\" alt=\"French Flag\">\r\n                    <div>\r\n                        <h4>Frans\u0131zca Kelime Bilgisi<\/h4>\r\n                        <p>Frans\u0131zca kelime da\u011farc\u0131\u011f\u0131n\u0131z\u0131 geni\u015fletin.<\/p>\r\n                    <\/div>\r\n                <\/div>\r\n            <\/div>\r\n        <\/a>\r\n\r\n            <\/section>","protected":false},"excerpt":{"rendered":"<p>Yeni Ba\u015flayanlar \u0130\u00e7in Frans\u0131zca Dilbilgisi Rehberi Frans\u0131zca \u00f6\u011frenmek heyecan verici ve \u00f6d\u00fcllendirici bir deneyim olabilir. Bununla birlikte, Frans\u0131zca dilbilgisine hakim olmak, \u0130ngilizce konusunda yetkin olanlar i\u00e7in bile zor olabilir. Bu makalede, dil becerilerinizi geli\u015ftirmenize yard\u0131mc\u0131 olacak baz\u0131 temel Frans\u0131zca dilbilgisi ipu\u00e7lar\u0131n\u0131 tart\u0131\u015faca\u011f\u0131z. Bu kurallar\u0131 \u00f6\u011frenerek ve d\u00fczenli olarak uygulayarak Frans\u0131zca dilbilgisi uzman\u0131 olma yolunda ilerleyebilirsiniz. [&hellip;]<\/p>\n","protected":false},"author":1,"featured_media":75819,"parent":0,"menu_order":0,"comment_status":"closed","ping_status":"closed","template":"LearningContentPage.php","meta":{"_acf_changed":false,"footnotes":""},"class_list":["post-124379","page","type-page","status-publish","has-post-thumbnail","hentry"],"acf":[],"yoast_head":"<!-- This site is optimized with the Yoast SEO Premium plugin v27.2 (Yoast SEO v27.2) - https:\/\/yoast.com\/product\/yoast-seo-premium-wordpress\/ -->\n<title>Frans\u0131zca Dilbilgisi - Talkpal<\/title>\n<meta name=\"description\" content=\"Fiiller, \u00e7ekimler, zamanlar, isimler, artikeller, s\u0131fatlar, zamirler ve c\u00fcmle yap\u0131s\u0131n\u0131 kapsayan temel Frans\u0131zca dilbilgisi kavramlar\u0131nda uzmanla\u015f\u0131n.\" \/>\n<meta name=\"robots\" content=\"index, follow, max-snippet:-1, max-image-preview:large, max-video-preview:-1\" \/>\n<link rel=\"canonical\" href=\"https:\/\/talkpal.ai\/tr\/fransizca-dilbilgisi\/\" \/>\n<meta property=\"og:locale\" content=\"tr_TR\" \/>\n<meta property=\"og:type\" content=\"article\" \/>\n<meta property=\"og:title\" content=\"Frans\u0131zca Dilbilgisi\" \/>\n<meta property=\"og:description\" content=\"Yeni Ba\u015flayanlar \u0130\u00e7in Frans\u0131zca Dilbilgisi Rehberi Frans\u0131zca \u00f6\u011frenmek heyecan verici ve \u00f6d\u00fcllendirici bir deneyim olabilir. Bununla birlikte, Frans\u0131zca\" \/>\n<meta property=\"og:url\" content=\"https:\/\/talkpal.ai\/tr\/fransizca-dilbilgisi\/\" \/>\n<meta property=\"og:site_name\" content=\"Talkpal\" \/>\n<meta property=\"article:publisher\" content=\"https:\/\/www.facebook.com\/profile.php?id=100090733639311\" \/>\n<meta property=\"article:modified_time\" content=\"2025-05-22T18:46:24+00:00\" \/>\n<meta property=\"og:image\" content=\"https:\/\/talkpal.ai\/wp-content\/uploads\/2023\/03\/france.png\" \/>\n\t<meta property=\"og:image:width\" content=\"512\" \/>\n\t<meta property=\"og:image:height\" content=\"512\" \/>\n\t<meta property=\"og:image:type\" content=\"image\/png\" \/>\n<meta name=\"twitter:card\" content=\"summary_large_image\" \/>\n<meta name=\"twitter:site\" content=\"@talkpalai\" \/>\n<meta name=\"twitter:label1\" content=\"Tahmini okuma s\u00fcresi\" \/>\n\t<meta name=\"twitter:data1\" content=\"3 dakika\" \/>\n<script type=\"application\/ld+json\" class=\"yoast-schema-graph\">{\"@context\":\"https:\/\/schema.org\",\"@graph\":[{\"@type\":\"WebPage\",\"@id\":\"https:\/\/talkpal.ai\/tr\/fransizca-dilbilgisi\/\",\"url\":\"https:\/\/talkpal.ai\/tr\/fransizca-dilbilgisi\/\",\"name\":\"Frans\u0131zca Dilbilgisi - Talkpal\",\"isPartOf\":{\"@id\":\"https:\/\/talkpal.ai\/tr\/#website\"},\"primaryImageOfPage\":{\"@id\":\"https:\/\/talkpal.ai\/tr\/fransizca-dilbilgisi\/#primaryimage\"},\"image\":{\"@id\":\"https:\/\/talkpal.ai\/tr\/fransizca-dilbilgisi\/#primaryimage\"},\"thumbnailUrl\":\"https:\/\/talkpal.ai\/wp-content\/uploads\/2023\/03\/france.png\",\"datePublished\":\"2023-03-26T11:45:19+00:00\",\"dateModified\":\"2025-05-22T18:46:24+00:00\",\"description\":\"Fiiller, \u00e7ekimler, zamanlar, isimler, artikeller, s\u0131fatlar, zamirler ve c\u00fcmle yap\u0131s\u0131n\u0131 kapsayan temel Frans\u0131zca dilbilgisi kavramlar\u0131nda uzmanla\u015f\u0131n.\",\"breadcrumb\":{\"@id\":\"https:\/\/talkpal.ai\/tr\/fransizca-dilbilgisi\/#breadcrumb\"},\"inLanguage\":\"tr\",\"potentialAction\":[{\"@type\":\"ReadAction\",\"target\":[\"https:\/\/talkpal.ai\/tr\/fransizca-dilbilgisi\/\"]}]},{\"@type\":\"ImageObject\",\"inLanguage\":\"tr\",\"@id\":\"https:\/\/talkpal.ai\/tr\/fransizca-dilbilgisi\/#primaryimage\",\"url\":\"https:\/\/talkpal.ai\/wp-content\/uploads\/2023\/03\/france.png\",\"contentUrl\":\"https:\/\/talkpal.ai\/wp-content\/uploads\/2023\/03\/france.png\",\"width\":512,\"height\":512,\"caption\":\"TalkPal AI learn French\"},{\"@type\":\"BreadcrumbList\",\"@id\":\"https:\/\/talkpal.ai\/tr\/fransizca-dilbilgisi\/#breadcrumb\",\"itemListElement\":[{\"@type\":\"ListItem\",\"position\":1,\"name\":\"Homepage\",\"item\":\"https:\/\/talkpal.ai\/tr\/\"},{\"@type\":\"ListItem\",\"position\":2,\"name\":\"Frans\u0131zca Dilbilgisi\"}]},{\"@type\":\"WebSite\",\"@id\":\"https:\/\/talkpal.ai\/tr\/#website\",\"url\":\"https:\/\/talkpal.ai\/tr\/\",\"name\":\"Talkpal\",\"description\":\"AI Language Learning\",\"publisher\":{\"@id\":\"https:\/\/talkpal.ai\/tr\/#organization\"},\"alternateName\":\"Talkpal AI\",\"potentialAction\":[{\"@type\":\"SearchAction\",\"target\":{\"@type\":\"EntryPoint\",\"urlTemplate\":\"https:\/\/talkpal.ai\/tr\/?s={search_term_string}\"},\"query-input\":{\"@type\":\"PropertyValueSpecification\",\"valueRequired\":true,\"valueName\":\"search_term_string\"}}],\"inLanguage\":\"tr\"},{\"@type\":\"Organization\",\"@id\":\"https:\/\/talkpal.ai\/tr\/#organization\",\"name\":\"Talkpal, Inc.\",\"alternateName\":\"Talkpal AI\",\"url\":\"https:\/\/talkpal.ai\/tr\/\",\"logo\":{\"@type\":\"ImageObject\",\"inLanguage\":\"tr\",\"@id\":\"https:\/\/talkpal.ai\/tr\/#\/schema\/logo\/image\/\",\"url\":\"https:\/\/talkpal.ai\/wp-content\/uploads\/2024\/03\/Talkpal-Logo-Icon.png\",\"contentUrl\":\"https:\/\/talkpal.ai\/wp-content\/uploads\/2024\/03\/Talkpal-Logo-Icon.png\",\"width\":2880,\"height\":2880,\"caption\":\"Talkpal, Inc.\"},\"image\":{\"@id\":\"https:\/\/talkpal.ai\/tr\/#\/schema\/logo\/image\/\"},\"sameAs\":[\"https:\/\/www.facebook.com\/profile.php?id=100090733639311\",\"https:\/\/x.com\/talkpalai\",\"https:\/\/www.linkedin.com\/company\/talkpal\/\",\"https:\/\/www.youtube.com\/@TalkPal\/\",\"https:\/\/www.tiktok.com\/@talkpal\",\"https:\/\/www.instagram.com\/talkpal_ai\/\",\"https:\/\/www.crunchbase.com\/organization\/talkpal-9cde\",\"https:\/\/www.g2.com\/products\/talkpal-for-business\/\",\"https:\/\/www.trustpilot.com\/review\/talkpal.ai\",\"https:\/\/www.capterra.com\/p\/10006800\/TalkPal\/\"],\"description\":\"Talkpal is a language learning web and mobile education app, powered by the latest AI technologies, that provides engaging experiences to its customers in many different languages to help them improve their language skills. Users can chat about unlimited amount of topics with the app and use other modes to practice their language learning.\",\"email\":\"support@talkpal.ai\",\"legalName\":\"Talkpal, Inc.\",\"foundingDate\":\"2023-04-03\",\"duns\":\"118989042\",\"numberOfEmployees\":{\"@type\":\"QuantitativeValue\",\"minValue\":\"11\",\"maxValue\":\"50\"},\"publishingPrinciples\":\"https:\/\/talkpal.ai\/publishing-principles\/\",\"actionableFeedbackPolicy\":\"https:\/\/talkpal.ai\/actionable-feedback-policy\/\",\"correctionsPolicy\":\"https:\/\/talkpal.ai\/corrections-policy\/\",\"ethicsPolicy\":\"https:\/\/talkpal.ai\/ethics-policy\/\",\"diversityPolicy\":\"https:\/\/talkpal.ai\/diversity-policy\/\",\"diversityStaffingReport\":\"https:\/\/talkpal.ai\/diversity-policy\/\"}]}<\/script>\n<!-- \/ Yoast SEO Premium plugin. -->","yoast_head_json":{"title":"Frans\u0131zca Dilbilgisi - Talkpal","description":"Fiiller, \u00e7ekimler, zamanlar, isimler, artikeller, s\u0131fatlar, zamirler ve c\u00fcmle yap\u0131s\u0131n\u0131 kapsayan temel Frans\u0131zca dilbilgisi kavramlar\u0131nda uzmanla\u015f\u0131n.","robots":{"index":"index","follow":"follow","max-snippet":"max-snippet:-1","max-image-preview":"max-image-preview:large","max-video-preview":"max-video-preview:-1"},"canonical":"https:\/\/talkpal.ai\/tr\/fransizca-dilbilgisi\/","og_locale":"tr_TR","og_type":"article","og_title":"Frans\u0131zca Dilbilgisi","og_description":"Yeni Ba\u015flayanlar \u0130\u00e7in Frans\u0131zca Dilbilgisi Rehberi Frans\u0131zca \u00f6\u011frenmek heyecan verici ve \u00f6d\u00fcllendirici bir deneyim olabilir. Bununla birlikte, Frans\u0131zca","og_url":"https:\/\/talkpal.ai\/tr\/fransizca-dilbilgisi\/","og_site_name":"Talkpal","article_publisher":"https:\/\/www.facebook.com\/profile.php?id=100090733639311","article_modified_time":"2025-05-22T18:46:24+00:00","og_image":[{"width":512,"height":512,"url":"https:\/\/talkpal.ai\/wp-content\/uploads\/2023\/03\/france.png","type":"image\/png"}],"twitter_card":"summary_large_image","twitter_site":"@talkpalai","twitter_misc":{"Tahmini okuma s\u00fcresi":"3 dakika"},"schema":{"@context":"https:\/\/schema.org","@graph":[{"@type":"WebPage","@id":"https:\/\/talkpal.ai\/tr\/fransizca-dilbilgisi\/","url":"https:\/\/talkpal.ai\/tr\/fransizca-dilbilgisi\/","name":"Frans\u0131zca Dilbilgisi - Talkpal","isPartOf":{"@id":"https:\/\/talkpal.ai\/tr\/#website"},"primaryImageOfPage":{"@id":"https:\/\/talkpal.ai\/tr\/fransizca-dilbilgisi\/#primaryimage"},"image":{"@id":"https:\/\/talkpal.ai\/tr\/fransizca-dilbilgisi\/#primaryimage"},"thumbnailUrl":"https:\/\/talkpal.ai\/wp-content\/uploads\/2023\/03\/france.png","datePublished":"2023-03-26T11:45:19+00:00","dateModified":"2025-05-22T18:46:24+00:00","description":"Fiiller, \u00e7ekimler, zamanlar, isimler, artikeller, s\u0131fatlar, zamirler ve c\u00fcmle yap\u0131s\u0131n\u0131 kapsayan temel Frans\u0131zca dilbilgisi kavramlar\u0131nda uzmanla\u015f\u0131n.","breadcrumb":{"@id":"https:\/\/talkpal.ai\/tr\/fransizca-dilbilgisi\/#breadcrumb"},"inLanguage":"tr","potentialAction":[{"@type":"ReadAction","target":["https:\/\/talkpal.ai\/tr\/fransizca-dilbilgisi\/"]}]},{"@type":"ImageObject","inLanguage":"tr","@id":"https:\/\/talkpal.ai\/tr\/fransizca-dilbilgisi\/#primaryimage","url":"https:\/\/talkpal.ai\/wp-content\/uploads\/2023\/03\/france.png","contentUrl":"https:\/\/talkpal.ai\/wp-content\/uploads\/2023\/03\/france.png","width":512,"height":512,"caption":"TalkPal AI learn French"},{"@type":"BreadcrumbList","@id":"https:\/\/talkpal.ai\/tr\/fransizca-dilbilgisi\/#breadcrumb","itemListElement":[{"@type":"ListItem","position":1,"name":"Homepage","item":"https:\/\/talkpal.ai\/tr\/"},{"@type":"ListItem","position":2,"name":"Frans\u0131zca Dilbilgisi"}]},{"@type":"WebSite","@id":"https:\/\/talkpal.ai\/tr\/#website","url":"https:\/\/talkpal.ai\/tr\/","name":"Talkpal","description":"AI Language Learning","publisher":{"@id":"https:\/\/talkpal.ai\/tr\/#organization"},"alternateName":"Talkpal AI","potentialAction":[{"@type":"SearchAction","target":{"@type":"EntryPoint","urlTemplate":"https:\/\/talkpal.ai\/tr\/?s={search_term_string}"},"query-input":{"@type":"PropertyValueSpecification","valueRequired":true,"valueName":"search_term_string"}}],"inLanguage":"tr"},{"@type":"Organization","@id":"https:\/\/talkpal.ai\/tr\/#organization","name":"Talkpal, Inc.","alternateName":"Talkpal AI","url":"https:\/\/talkpal.ai\/tr\/","logo":{"@type":"ImageObject","inLanguage":"tr","@id":"https:\/\/talkpal.ai\/tr\/#\/schema\/logo\/image\/","url":"https:\/\/talkpal.ai\/wp-content\/uploads\/2024\/03\/Talkpal-Logo-Icon.png","contentUrl":"https:\/\/talkpal.ai\/wp-content\/uploads\/2024\/03\/Talkpal-Logo-Icon.png","width":2880,"height":2880,"caption":"Talkpal, Inc."},"image":{"@id":"https:\/\/talkpal.ai\/tr\/#\/schema\/logo\/image\/"},"sameAs":["https:\/\/www.facebook.com\/profile.php?id=100090733639311","https:\/\/x.com\/talkpalai","https:\/\/www.linkedin.com\/company\/talkpal\/","https:\/\/www.youtube.com\/@TalkPal\/","https:\/\/www.tiktok.com\/@talkpal","https:\/\/www.instagram.com\/talkpal_ai\/","https:\/\/www.crunchbase.com\/organization\/talkpal-9cde","https:\/\/www.g2.com\/products\/talkpal-for-business\/","https:\/\/www.trustpilot.com\/review\/talkpal.ai","https:\/\/www.capterra.com\/p\/10006800\/TalkPal\/"],"description":"Talkpal is a language learning web and mobile education app, powered by the latest AI technologies, that provides engaging experiences to its customers in many different languages to help them improve their language skills. Users can chat about unlimited amount of topics with the app and use other modes to practice their language learning.","email":"support@talkpal.ai","legalName":"Talkpal, Inc.","foundingDate":"2023-04-03","duns":"118989042","numberOfEmployees":{"@type":"QuantitativeValue","minValue":"11","maxValue":"50"},"publishingPrinciples":"https:\/\/talkpal.ai\/publishing-principles\/","actionableFeedbackPolicy":"https:\/\/talkpal.ai\/actionable-feedback-policy\/","correctionsPolicy":"https:\/\/talkpal.ai\/corrections-policy\/","ethicsPolicy":"https:\/\/talkpal.ai\/ethics-policy\/","diversityPolicy":"https:\/\/talkpal.ai\/diversity-policy\/","diversityStaffingReport":"https:\/\/talkpal.ai\/diversity-policy\/"}]}},"_links":{"self":[{"href":"https:\/\/talkpal.ai\/tr\/wp-json\/wp\/v2\/pages\/124379","targetHints":{"allow":["GET"]}}],"collection":[{"href":"https:\/\/talkpal.ai\/tr\/wp-json\/wp\/v2\/pages"}],"about":[{"href":"https:\/\/talkpal.ai\/tr\/wp-json\/wp\/v2\/types\/page"}],"author":[{"embeddable":true,"href":"https:\/\/talkpal.ai\/tr\/wp-json\/wp\/v2\/users\/1"}],"replies":[{"embeddable":true,"href":"https:\/\/talkpal.ai\/tr\/wp-json\/wp\/v2\/comments?post=124379"}],"version-history":[{"count":0,"href":"https:\/\/talkpal.ai\/tr\/wp-json\/wp\/v2\/pages\/124379\/revisions"}],"wp:featuredmedia":[{"embeddable":true,"href":"https:\/\/talkpal.ai\/tr\/wp-json\/wp\/v2\/media\/75819"}],"wp:attachment":[{"href":"https:\/\/talkpal.ai\/tr\/wp-json\/wp\/v2\/media?parent=124379"}],"curies":[{"name":"wp","href":"https:\/\/api.w.org\/{rel}","templated":true}]}}