{"id":124128,"date":"2023-03-26T11:40:15","date_gmt":"2023-03-26T11:40:15","guid":{"rendered":"http:\/\/talkpal.ai\/almanca-dilbilgisi\/"},"modified":"2025-05-22T19:21:58","modified_gmt":"2025-05-22T19:21:58","slug":"almanca-dilbilgisi","status":"publish","type":"page","link":"https:\/\/talkpal.ai\/tr\/almanca-dilbilgisi\/","title":{"rendered":"Almanca Dilbilgisi"},"content":{"rendered":"\r\n\r\n\r\n<section class=\"languageChallengeSection\">\r\n    <div class=\"languageInfoWrapper\">\r\n        \r\n        <h1>Almanca Dilbilgisi<\/h1>\r\n        <p>Temel dilbilgisi kurallar\u0131na hakim olarak <a href=\"https:\/\/talkpal.ai\/learn-german\/\">Almanca<\/a> dilinin yap\u0131s\u0131n\u0131 \u00e7\u00f6z\u00fcn. Almanca dilbilgisini anlamak, g\u00fcvenle ileti\u015fim kurman\u0131za ve Almanca konu\u015fulan k\u00fclt\u00fcrlerin zenginli\u011fini tam olarak takdir etmenize yard\u0131mc\u0131 olacakt\u0131r. Almanca dilbilgisi \u00f6\u011frenmeye bug\u00fcn ba\u015flay\u0131n ve ak\u0131c\u0131l\u0131\u011fa do\u011fru ilk ad\u0131m\u0131n\u0131z\u0131 at\u0131n!\n\n<\/p>\r\n\r\n                            <a class=\"getStartedHidden\" href=\"https:\/\/app.talkpal.ai\/tr\/signup?lng=\">Hadi ba\u015fla<\/a>\r\n        \r\n    <\/div>\r\n\r\n    <figure>\r\n    <img decoding=\"async\" width=\"768\" height=\"768\" src=\"https:\/\/talkpal.ai\/wp-content\/uploads\/2023\/06\/german-768x768.png\" class=\"languageImage no-lazy\" alt=\"Language learning for global networking\" fetchpriority=\"high\" sizes=\"(max-width: 768px) 150px, 768px\" srcset=\"https:\/\/talkpal.ai\/wp-content\/uploads\/2023\/06\/german-768x768.png 768w, https:\/\/talkpal.ai\/wp-content\/uploads\/2023\/06\/german-300x300.png 300w\" \/>\r\n    \r\n\r\n    <\/figure>\r\n\r\n            <a class=\"getStartedVisible\" href=\"https:\/\/app.talkpal.ai\/tr\/signup?lng=\">Hadi ba\u015fla<\/a>\r\n    \r\n<\/section>\r\n        <section class=\"grammarSection\">\r\n            <div class=\"grammarLinks\">\r\n                <a href=\"https:\/\/talkpal.ai\/tr\/language\/cekim-almanca-dilbilgisi\/\">\u00e7ekim <\/a><a href=\"https:\/\/talkpal.ai\/tr\/language\/cumle-yapisi-almanca-dilbilgisi\/\">C\u00fcmle Yap\u0131s\u0131 <\/a><a href=\"https:\/\/talkpal.ai\/tr\/language\/edatlar-almanca-dilbilgisi\/\">Edatlar <\/a><a href=\"https:\/\/talkpal.ai\/tr\/language\/fiiller-almanca-dilbilgisi\/\">Fiiller <\/a><a href=\"https:\/\/talkpal.ai\/tr\/language\/isimler-ve-makaleler-almanca-dilbilgisi\/\">\u0130simler ve Makaleler <\/a><a href=\"https:\/\/talkpal.ai\/tr\/language\/sifatlar-almanca-dilbilgisi\/\">S\u0131fatlar <\/a><a href=\"https:\/\/talkpal.ai\/tr\/language\/zamanlar-almanca-dilbilgisi\/\">Zamanlar <\/a><a href=\"https:\/\/talkpal.ai\/tr\/language\/zamirler-almanca-dilbilgisi\/\">Zamirler <\/a><a href=\"https:\/\/talkpal.ai\/tr\/language\/zarflar-almanca-dilbilgisi\/\">Zarflar <\/a>            <\/div>\r\n        <\/section>\r\n    <section class=\"promotionalBanner\">\r\n    <p class=\"promotionalText\">Dil \u00f6\u011frenmenin en etkili yolu<\/p>\r\n    <a class=\"promotionalLink\" href=\"https:\/\/app.talkpal.ai\/tr\/signup?lng=\">Talkpal \u00fccretsiz deneyin<\/a>\r\n<\/section>\n<div class=\"wp-block-group pageContainerStyle\"><div class=\"wp-block-group__inner-container is-layout-constrained wp-block-group-is-layout-constrained\">\n<h2 class=\"wp-block-heading\" id=\"h-unraveling-the-intricacies-of-german-grammar\">Almanca Dilbilgisinin Karma\u015f\u0131kl\u0131klar\u0131n\u0131 \u00c7\u00f6zmek<\/h2>\n\n\n\n<p>Almanca \u00f6\u011frenmek heyecan verici ve \u00f6d\u00fcllendirici bir \u00e7aba olabilir. Sadece d\u00fcnya \u00e7ap\u0131nda 130 milyondan fazla insanla konu\u015fmakla kalmayacak, ayn\u0131 zamanda zengin bir edebiyat, m\u00fczik ve k\u00fclt\u00fcrel tarihe de eri\u015febileceksiniz. Her dilde oldu\u011fu gibi, Almanca&#8217;ya hakim olmak \u00f6zveri ve sab\u0131r gerektirir &#8211; \u00f6zellikle de grameri s\u00f6z konusu oldu\u011funda. \u0130yi haber \u015fu ki, Almanca dilbilgisinin bir\u00e7ok y\u00f6n\u00fc \u0130ngilizce dilbilgisine olduk\u00e7a benziyor ve bu <a href=\"https:\/\/talkpal.ai\/locations\/language-courses-in-ise\/\">da<\/a> \u0130ngilizce konu\u015fanlar\u0131n kafalar\u0131n\u0131 sarmalar\u0131n\u0131 kolayla\u015ft\u0131r\u0131yor. Bu makalede, Almanca dilbilgisinin baz\u0131 temel \u00f6zelliklerini inceleyecek, bu g\u00fczel ve karma\u015f\u0131k dilde ustala\u015fman\u0131za yard\u0131mc\u0131 olacak yararl\u0131 ipu\u00e7lar\u0131 ve p\u00fcf noktalar\u0131 sunaca\u011f\u0131z.<\/p>\n\n\n\n<h3 class=\"wp-block-heading\" id=\"h-1-nouns-and-articles-get-your-cases-right\">1. \u0130simler ve artikeller \u2013 Davalar\u0131n\u0131z\u0131 do\u011fru yap\u0131n!<\/h3>\n\n\n\n<p>Almanca \u00f6\u011frenen \u0130ngilizce konu\u015fanlar\u0131n \u00f6n\u00fcndeki ilk engellerden biri d\u00f6rt durumu anlamakt\u0131r: nominatif, accuative, dative ve genitive. Her durum, bir c\u00fcmledeki bir ismin \u00f6zne, do\u011frudan nesne veya dolayl\u0131 nesne gibi farkl\u0131 bir i\u015flevine i\u015faret eder. Ek olarak, Almanca&#8217;n\u0131n \u00fc\u00e7 gramer cinsiyeti vard\u0131r (eril, di\u015fil ve n\u00f6tr) ve her cinsiyet i\u00e7in makaleler duruma g\u00f6re de\u011fi\u015fir. Kafa kar\u0131\u015ft\u0131r\u0131c\u0131 m\u0131 geliyor? Merak etmeyin! Almancaya a\u015fina olduk\u00e7a, kal\u0131plar\u0131 tan\u0131maya ve hangi b\u00fcy\u00fck\/k\u00fc\u00e7\u00fck harf ve cinsiyetin kullan\u0131laca\u011f\u0131n\u0131 tahmin etmeye ba\u015flayacaks\u0131n\u0131z.<\/p>\n\n\n\n<p>\u0130pucu: Her cinsiyet ve durum i\u00e7in belirli artikellerin (der, die, das) ve belirsiz artikellerin (ein, eine, ein) bir \u00e7izelgesini yap\u0131n. Almanca c\u00fcmle yap\u0131s\u0131n\u0131 anlaman\u0131z i\u00e7in temel olu\u015fturacaklar\u0131 i\u00e7in \u00f6nce bunlar\u0131 ezberleyin.<\/p>\n\n\n\n<h3 class=\"wp-block-heading\" id=\"h-2-verbs-conjugate-and-dominate\">2. Fiiller \u2013 E\u015flenik ve hakim olun!<\/h3>\n\n\n\n<p>Almanca&#8217;da fiiller sadece eylemi ifade etmek i\u00e7in de\u011fil, ayn\u0131 zamanda zaman ve ruh halini belirtmek i\u00e7in de gereklidir. T\u0131pk\u0131 \u0130ngilizce gibi, Almanca fiillerin de c\u00fcmlenin \u00f6znesine uymas\u0131 i\u00e7in \u00e7ekimlenmesi gerekir. Bununla birlikte, d\u00fczenli (zay\u0131f) ve d\u00fczensiz (g\u00fc\u00e7l\u00fc) fiillerin kullan\u0131m\u0131n\u0131n yan\u0131 s\u0131ra belirli zamanlar i\u00e7in yard\u0131mc\u0131 fiillerin kullan\u0131m\u0131 da dahil olmak \u00fczere baz\u0131 \u00f6nemli farkl\u0131l\u0131klar vard\u0131r. \u0130yi haber \u015fu ki, Almanca fiil \u00e7ekiminin baz\u0131 y\u00f6nleri \u0130ngilizceden daha basittir, \u00f6rne\u011fin sorular veya olumsuzluklar i\u00e7in &#8220;do&#8221; kullan\u0131m\u0131n\u0131 gerektirmez.<\/p>\n\n\n\n<p>\u0130pucu: D\u00fczenli fiil \u00e7ekimlerinde ustala\u015farak ba\u015flay\u0131n ve ard\u0131ndan en yayg\u0131n d\u00fczensiz fiilleri ele al\u0131n. Ge\u00e7mi\u015f ve gelecek zaman ile yard\u0131mc\u0131 fiilleri kullanma al\u0131\u015ft\u0131rmas\u0131 yap\u0131n ve yak\u0131nda daha karma\u015f\u0131k c\u00fcmleler kurabileceksiniz.<\/p>\n\n\n\n<h3 class=\"wp-block-heading\" id=\"h-3-adjectives-show-your-agreement\">3. S\u0131fatlar \u2013 Anla\u015fman\u0131z\u0131 g\u00f6sterin!<\/h3>\n\n\n\n<p>Almanca&#8217;da isimleri tan\u0131mlamak i\u00e7in s\u0131fatlar\u0131 kullan\u0131rken, s\u0131fat uyumunu anlamak \u00e7ok \u00f6nemlidir. Bu, s\u0131fatlar\u0131n ismin cinsiyeti ve durumuyla uyumlu olmas\u0131 gerekti\u011fi anlam\u0131na gelir. Baz\u0131 durumlarda, bu, ismin artikeline ve durumuna ba\u011fl\u0131 olarak s\u0131fata bir son eklenmesi gerektirecektir.<\/p>\n\n\n\n<p>\u0130pucu: Do\u011fru s\u0131fat sonlar\u0131n\u0131 hat\u0131rlaman\u0131za yard\u0131mc\u0131 olmas\u0131 i\u00e7in daha \u00f6nceki makale grafi\u011finizi kullan\u0131n. S\u0131fatlar\u0131 c\u00fcmlelerde kullanma al\u0131\u015ft\u0131rmas\u0131 yaparken, biti\u015f kal\u0131plar\u0131n\u0131 ve bunlar\u0131n ismin cinsiyeti ve durumuyla nas\u0131l ili\u015fkili oldu\u011funu zihinsel olarak not edin.<\/p>\n\n\n\n<h3 class=\"wp-block-heading\" id=\"h-4-word-order-embrace-the-flexibility\">4. Kelime s\u0131ras\u0131 \u2013 Esnekli\u011fi benimseyin!<\/h3>\n\n\n\n<p>Almanca dilbilgisinin bir\u00e7ok zevkinden biri de esnek kelime s\u0131ras\u0131d\u0131r. Genellikle kat\u0131 bir \u00f6zne-fiil-nesne kal\u0131b\u0131 izleyen \u0130ngilizce&#8217;nin aksine, Almanca c\u00fcmleler yap\u0131lar\u0131nda farkl\u0131l\u0131k g\u00f6sterebilir. Anahtar, genellikle ana c\u00fcmlede ikinci, yan c\u00fcmlede ise son s\u0131rada gelen fiilin konumunun \u00f6nemini anlamakt\u0131r.<\/p>\n\n\n\n<p>\u0130pucu: Farkl\u0131 kelime s\u0131ras\u0131 kal\u0131plar\u0131na al\u0131\u015fmak i\u00e7in basit \u0130ngilizce c\u00fcmleleri Almanca&#8217;ya \u00e7evirmeyi deneyin ve ard\u0131ndan fiili do\u011fru yerinde tutarak c\u00fcmleyi yeniden d\u00fczenleyin. Bu, Almanca&#8217;da n\u00fcansl\u0131 ve etkileyici c\u00fcmleler kurmada daha usta olman\u0131za yard\u0131mc\u0131 olacakt\u0131r.<\/p>\n\n\n\n<h3 class=\"wp-block-heading\" id=\"h-5-prepositions-think-in-german\">5. Edatlar \u2013 Almanca d\u00fc\u015f\u00fcn\u00fcn!<\/h3>\n\n\n\n<p>Almanca dilbilgisi \u00f6\u011frenmenin tart\u0131\u015fmas\u0131z en zor k\u0131sm\u0131 edatlara hakim olmakt\u0131r. Edatlar \u0130ngilizcede var olsa ve benzer bir amaca hizmet etse de, Almancadaki kullan\u0131mlar\u0131 farkl\u0131d\u0131r ve genellikle do\u011fru olan\u0131 se\u00e7mek i\u00e7in &#8220;Almanca d\u00fc\u015f\u00fcnmenizi&#8221; gerektirir. \u00d6rne\u011fin, \u0130ngilizce &#8220;in&#8221; edat\u0131 ba\u011flama ba\u011fl\u0131 olarak Almanca&#8217;da &#8220;in&#8221;, &#8220;an&#8221; veya &#8220;auf&#8221; olarak \u00e7evrilebilir.<\/p>\n\n\n\n<p>\u0130pucu: Yayg\u0131n edatlar ve \u0130ngilizce kar\u015f\u0131l\u0131klar\u0131 olan bilgi kartlar\u0131 olu\u015fturun. Bunlar\u0131 c\u00fcmle i\u00e7inde kullanma al\u0131\u015ft\u0131rmas\u0131 yap\u0131n ve her edat\u0131n kullan\u0131ld\u0131\u011f\u0131 belirli ba\u011flamlara odaklan\u0131n.<\/p>\n\n\n\n<h3 class=\"wp-block-heading\" id=\"h-conclusion\">Son:<\/h3>\n\n\n\n<p>Almanca dilbilgisi ilk ba\u015fta g\u00f6z korkutucu g\u00f6r\u00fcnebilir, ancak \u00f6zel pratik, sab\u0131r ve temel kurallar\u0131 ve kal\u0131plar\u0131 anlamaya odaklanarak, yak\u0131nda kolayl\u0131kla sofistike c\u00fcmleler kuracaks\u0131n\u0131z. Almanca dilbilgisinin inceliklerini kavrayarak, \u0130ngilizce konu\u015fanlar sadece dil becerilerini geli\u015ftirmekle kalmayacak, ayn\u0131 zamanda bu g\u00fczel ve karma\u015f\u0131k dil i\u00e7in yeni bir takdir geli\u015ftireceklerdir. \u015eimdi, auf geht&#8217;s! Almanca dilbilgisi d\u00fcnyas\u0131na dalma ve t\u00fcm dil \u00f6\u011frenme potansiyelinizi ortaya \u00e7\u0131karma zaman\u0131.<\/p>\n<\/div><\/div>\n\r\n<section class=\"learnNavigationSection\">\r\n            \r\n        <a href=\"https:\/\/talkpal.ai\/tr\/almanca-ogrenin\/\">\r\n            <div class=\"learnNavigationWrapper\">\r\n                <div class=\"learnNavigationContent\">\r\n                    <img decoding=\"async\" src=\"https:\/\/talkpal.ai\/wp-content\/uploads\/2024\/08\/German.jpg\" alt=\"German Flag\">\r\n                    <div>\r\n                        <h4>Almanca \u00d6\u011frenimi Hakk\u0131nda<\/h4>\r\n                        <p>Almanca dilbilgisi hakk\u0131nda her \u015feyi \u00f6\u011frenin.<\/p>\r\n                    <\/div>\r\n                <\/div>\r\n            <\/div>\r\n        <\/a>\r\n\r\n        \r\n        <a href=\"https:\/\/talkpal.ai\/tr\/almanca-gramer-alistirmalari\/\">\r\n            <div class=\"learnNavigationWrapper\">\r\n                <div class=\"learnNavigationContent\">\r\n                    <img decoding=\"async\" src=\"https:\/\/talkpal.ai\/wp-content\/uploads\/2024\/08\/German.jpg\" alt=\"German Flag\">\r\n                    <div>\r\n                        <h4>Almanca Dilbilgisi Al\u0131\u015ft\u0131rmas\u0131<\/h4>\r\n                        <p>Almanca dilbilgisi prati\u011fi yap\u0131n.<\/p>\r\n                    <\/div>\r\n                <\/div>\r\n            <\/div>\r\n        <\/a>\r\n\r\n        \r\n        <a href=\"https:\/\/talkpal.ai\/vocabulary_language\/german\/\">\r\n            <div class=\"learnNavigationWrapper\">\r\n                <div class=\"learnNavigationContent\">\r\n                    <img decoding=\"async\" src=\"https:\/\/talkpal.ai\/wp-content\/uploads\/2024\/08\/German.jpg\" alt=\"German Flag\">\r\n                    <div>\r\n                        <h4>Almanca Kelime Bilgisi<\/h4>\r\n                        <p>Almanca kelime da\u011farc\u0131\u011f\u0131n\u0131z\u0131 geni\u015fletin.<\/p>\r\n                    <\/div>\r\n                <\/div>\r\n            <\/div>\r\n        <\/a>\r\n\r\n            <\/section>","protected":false},"excerpt":{"rendered":"<p>Almanca Dilbilgisinin Karma\u015f\u0131kl\u0131klar\u0131n\u0131 \u00c7\u00f6zmek Almanca \u00f6\u011frenmek heyecan verici ve \u00f6d\u00fcllendirici bir \u00e7aba olabilir. Sadece d\u00fcnya \u00e7ap\u0131nda 130 milyondan fazla insanla konu\u015fmakla kalmayacak, ayn\u0131 zamanda zengin bir edebiyat, m\u00fczik ve k\u00fclt\u00fcrel tarihe de eri\u015febileceksiniz. Her dilde oldu\u011fu gibi, Almanca&#8217;ya hakim olmak \u00f6zveri ve sab\u0131r gerektirir &#8211; \u00f6zellikle de grameri s\u00f6z konusu oldu\u011funda. \u0130yi haber \u015fu ki, [&hellip;]<\/p>\n","protected":false},"author":1,"featured_media":75669,"parent":0,"menu_order":0,"comment_status":"closed","ping_status":"closed","template":"LearningContentPage.php","meta":{"_acf_changed":false,"footnotes":""},"class_list":["post-124128","page","type-page","status-publish","has-post-thumbnail","hentry"],"acf":[],"yoast_head":"<!-- This site is optimized with the Yoast SEO Premium plugin v27.2 (Yoast SEO v27.2) - https:\/\/yoast.com\/product\/yoast-seo-premium-wordpress\/ -->\n<title>Almanca Dilbilgisi - Talkpal<\/title>\n<meta name=\"description\" content=\"Almanca dilbilgisini kolayca \u00f6\u011frenin; temel kurallar\u0131 anlay\u0131n, c\u00fcmle kurma prati\u011fi yap\u0131n ve anla\u015f\u0131l\u0131r bir \u015fekilde konu\u015fun. Talkpal&#039;in yapay zeka g\u00fcd\u00fcml\u00fc deste\u011fi.\" \/>\n<meta name=\"robots\" content=\"index, follow, max-snippet:-1, max-image-preview:large, max-video-preview:-1\" \/>\n<link rel=\"canonical\" href=\"https:\/\/talkpal.ai\/tr\/almanca-dilbilgisi\/\" \/>\n<meta property=\"og:locale\" content=\"tr_TR\" \/>\n<meta property=\"og:type\" content=\"article\" \/>\n<meta property=\"og:title\" content=\"Almanca Dilbilgisi\" \/>\n<meta property=\"og:description\" content=\"Almanca Dilbilgisinin Karma\u015f\u0131kl\u0131klar\u0131n\u0131 \u00c7\u00f6zmek Almanca \u00f6\u011frenmek heyecan verici ve \u00f6d\u00fcllendirici bir \u00e7aba olabilir. Sadece d\u00fcnya \u00e7ap\u0131nda 130 milyondan\" \/>\n<meta property=\"og:url\" content=\"https:\/\/talkpal.ai\/tr\/almanca-dilbilgisi\/\" \/>\n<meta property=\"og:site_name\" content=\"Talkpal\" \/>\n<meta property=\"article:publisher\" content=\"https:\/\/www.facebook.com\/profile.php?id=100090733639311\" \/>\n<meta property=\"article:modified_time\" content=\"2025-05-22T19:21:58+00:00\" \/>\n<meta property=\"og:image\" content=\"https:\/\/talkpal.ai\/wp-content\/uploads\/2023\/03\/germany.png\" \/>\n\t<meta property=\"og:image:width\" content=\"512\" \/>\n\t<meta property=\"og:image:height\" content=\"512\" \/>\n\t<meta property=\"og:image:type\" content=\"image\/png\" \/>\n<meta name=\"twitter:card\" content=\"summary_large_image\" \/>\n<meta name=\"twitter:site\" content=\"@talkpalai\" \/>\n<meta name=\"twitter:label1\" content=\"Tahmini okuma s\u00fcresi\" \/>\n\t<meta name=\"twitter:data1\" content=\"4 dakika\" \/>\n<script type=\"application\/ld+json\" class=\"yoast-schema-graph\">{\"@context\":\"https:\/\/schema.org\",\"@graph\":[{\"@type\":\"WebPage\",\"@id\":\"https:\/\/talkpal.ai\/tr\/almanca-dilbilgisi\/\",\"url\":\"https:\/\/talkpal.ai\/tr\/almanca-dilbilgisi\/\",\"name\":\"Almanca Dilbilgisi - Talkpal\",\"isPartOf\":{\"@id\":\"https:\/\/talkpal.ai\/tr\/#website\"},\"primaryImageOfPage\":{\"@id\":\"https:\/\/talkpal.ai\/tr\/almanca-dilbilgisi\/#primaryimage\"},\"image\":{\"@id\":\"https:\/\/talkpal.ai\/tr\/almanca-dilbilgisi\/#primaryimage\"},\"thumbnailUrl\":\"https:\/\/talkpal.ai\/wp-content\/uploads\/2023\/03\/germany.png\",\"datePublished\":\"2023-03-26T11:40:15+00:00\",\"dateModified\":\"2025-05-22T19:21:58+00:00\",\"description\":\"Almanca dilbilgisini kolayca \u00f6\u011frenin; temel kurallar\u0131 anlay\u0131n, c\u00fcmle kurma prati\u011fi yap\u0131n ve anla\u015f\u0131l\u0131r bir \u015fekilde konu\u015fun. Talkpal'in yapay zeka g\u00fcd\u00fcml\u00fc deste\u011fi.\",\"breadcrumb\":{\"@id\":\"https:\/\/talkpal.ai\/tr\/almanca-dilbilgisi\/#breadcrumb\"},\"inLanguage\":\"tr\",\"potentialAction\":[{\"@type\":\"ReadAction\",\"target\":[\"https:\/\/talkpal.ai\/tr\/almanca-dilbilgisi\/\"]}]},{\"@type\":\"ImageObject\",\"inLanguage\":\"tr\",\"@id\":\"https:\/\/talkpal.ai\/tr\/almanca-dilbilgisi\/#primaryimage\",\"url\":\"https:\/\/talkpal.ai\/wp-content\/uploads\/2023\/03\/germany.png\",\"contentUrl\":\"https:\/\/talkpal.ai\/wp-content\/uploads\/2023\/03\/germany.png\",\"width\":512,\"height\":512,\"caption\":\"TalkPal AI learn German\"},{\"@type\":\"BreadcrumbList\",\"@id\":\"https:\/\/talkpal.ai\/tr\/almanca-dilbilgisi\/#breadcrumb\",\"itemListElement\":[{\"@type\":\"ListItem\",\"position\":1,\"name\":\"Homepage\",\"item\":\"https:\/\/talkpal.ai\/tr\/\"},{\"@type\":\"ListItem\",\"position\":2,\"name\":\"Almanca Dilbilgisi\"}]},{\"@type\":\"WebSite\",\"@id\":\"https:\/\/talkpal.ai\/tr\/#website\",\"url\":\"https:\/\/talkpal.ai\/tr\/\",\"name\":\"Talkpal\",\"description\":\"AI Language Learning\",\"publisher\":{\"@id\":\"https:\/\/talkpal.ai\/tr\/#organization\"},\"alternateName\":\"Talkpal AI\",\"potentialAction\":[{\"@type\":\"SearchAction\",\"target\":{\"@type\":\"EntryPoint\",\"urlTemplate\":\"https:\/\/talkpal.ai\/tr\/?s={search_term_string}\"},\"query-input\":{\"@type\":\"PropertyValueSpecification\",\"valueRequired\":true,\"valueName\":\"search_term_string\"}}],\"inLanguage\":\"tr\"},{\"@type\":\"Organization\",\"@id\":\"https:\/\/talkpal.ai\/tr\/#organization\",\"name\":\"Talkpal, Inc.\",\"alternateName\":\"Talkpal AI\",\"url\":\"https:\/\/talkpal.ai\/tr\/\",\"logo\":{\"@type\":\"ImageObject\",\"inLanguage\":\"tr\",\"@id\":\"https:\/\/talkpal.ai\/tr\/#\/schema\/logo\/image\/\",\"url\":\"https:\/\/talkpal.ai\/wp-content\/uploads\/2024\/03\/Talkpal-Logo-Icon.png\",\"contentUrl\":\"https:\/\/talkpal.ai\/wp-content\/uploads\/2024\/03\/Talkpal-Logo-Icon.png\",\"width\":2880,\"height\":2880,\"caption\":\"Talkpal, Inc.\"},\"image\":{\"@id\":\"https:\/\/talkpal.ai\/tr\/#\/schema\/logo\/image\/\"},\"sameAs\":[\"https:\/\/www.facebook.com\/profile.php?id=100090733639311\",\"https:\/\/x.com\/talkpalai\",\"https:\/\/www.linkedin.com\/company\/talkpal\/\",\"https:\/\/www.youtube.com\/@TalkPal\/\",\"https:\/\/www.tiktok.com\/@talkpal\",\"https:\/\/www.instagram.com\/talkpal_ai\/\",\"https:\/\/www.crunchbase.com\/organization\/talkpal-9cde\",\"https:\/\/www.g2.com\/products\/talkpal-for-business\/\",\"https:\/\/www.trustpilot.com\/review\/talkpal.ai\",\"https:\/\/www.capterra.com\/p\/10006800\/TalkPal\/\"],\"description\":\"Talkpal is a language learning web and mobile education app, powered by the latest AI technologies, that provides engaging experiences to its customers in many different languages to help them improve their language skills. Users can chat about unlimited amount of topics with the app and use other modes to practice their language learning.\",\"email\":\"support@talkpal.ai\",\"legalName\":\"Talkpal, Inc.\",\"foundingDate\":\"2023-04-03\",\"duns\":\"118989042\",\"numberOfEmployees\":{\"@type\":\"QuantitativeValue\",\"minValue\":\"11\",\"maxValue\":\"50\"},\"publishingPrinciples\":\"https:\/\/talkpal.ai\/publishing-principles\/\",\"actionableFeedbackPolicy\":\"https:\/\/talkpal.ai\/actionable-feedback-policy\/\",\"correctionsPolicy\":\"https:\/\/talkpal.ai\/corrections-policy\/\",\"ethicsPolicy\":\"https:\/\/talkpal.ai\/ethics-policy\/\",\"diversityPolicy\":\"https:\/\/talkpal.ai\/diversity-policy\/\",\"diversityStaffingReport\":\"https:\/\/talkpal.ai\/diversity-policy\/\"}]}<\/script>\n<!-- \/ Yoast SEO Premium plugin. -->","yoast_head_json":{"title":"Almanca Dilbilgisi - Talkpal","description":"Almanca dilbilgisini kolayca \u00f6\u011frenin; temel kurallar\u0131 anlay\u0131n, c\u00fcmle kurma prati\u011fi yap\u0131n ve anla\u015f\u0131l\u0131r bir \u015fekilde konu\u015fun. Talkpal'in yapay zeka g\u00fcd\u00fcml\u00fc deste\u011fi.","robots":{"index":"index","follow":"follow","max-snippet":"max-snippet:-1","max-image-preview":"max-image-preview:large","max-video-preview":"max-video-preview:-1"},"canonical":"https:\/\/talkpal.ai\/tr\/almanca-dilbilgisi\/","og_locale":"tr_TR","og_type":"article","og_title":"Almanca Dilbilgisi","og_description":"Almanca Dilbilgisinin Karma\u015f\u0131kl\u0131klar\u0131n\u0131 \u00c7\u00f6zmek Almanca \u00f6\u011frenmek heyecan verici ve \u00f6d\u00fcllendirici bir \u00e7aba olabilir. Sadece d\u00fcnya \u00e7ap\u0131nda 130 milyondan","og_url":"https:\/\/talkpal.ai\/tr\/almanca-dilbilgisi\/","og_site_name":"Talkpal","article_publisher":"https:\/\/www.facebook.com\/profile.php?id=100090733639311","article_modified_time":"2025-05-22T19:21:58+00:00","og_image":[{"width":512,"height":512,"url":"https:\/\/talkpal.ai\/wp-content\/uploads\/2023\/03\/germany.png","type":"image\/png"}],"twitter_card":"summary_large_image","twitter_site":"@talkpalai","twitter_misc":{"Tahmini okuma s\u00fcresi":"4 dakika"},"schema":{"@context":"https:\/\/schema.org","@graph":[{"@type":"WebPage","@id":"https:\/\/talkpal.ai\/tr\/almanca-dilbilgisi\/","url":"https:\/\/talkpal.ai\/tr\/almanca-dilbilgisi\/","name":"Almanca Dilbilgisi - Talkpal","isPartOf":{"@id":"https:\/\/talkpal.ai\/tr\/#website"},"primaryImageOfPage":{"@id":"https:\/\/talkpal.ai\/tr\/almanca-dilbilgisi\/#primaryimage"},"image":{"@id":"https:\/\/talkpal.ai\/tr\/almanca-dilbilgisi\/#primaryimage"},"thumbnailUrl":"https:\/\/talkpal.ai\/wp-content\/uploads\/2023\/03\/germany.png","datePublished":"2023-03-26T11:40:15+00:00","dateModified":"2025-05-22T19:21:58+00:00","description":"Almanca dilbilgisini kolayca \u00f6\u011frenin; temel kurallar\u0131 anlay\u0131n, c\u00fcmle kurma prati\u011fi yap\u0131n ve anla\u015f\u0131l\u0131r bir \u015fekilde konu\u015fun. Talkpal'in yapay zeka g\u00fcd\u00fcml\u00fc deste\u011fi.","breadcrumb":{"@id":"https:\/\/talkpal.ai\/tr\/almanca-dilbilgisi\/#breadcrumb"},"inLanguage":"tr","potentialAction":[{"@type":"ReadAction","target":["https:\/\/talkpal.ai\/tr\/almanca-dilbilgisi\/"]}]},{"@type":"ImageObject","inLanguage":"tr","@id":"https:\/\/talkpal.ai\/tr\/almanca-dilbilgisi\/#primaryimage","url":"https:\/\/talkpal.ai\/wp-content\/uploads\/2023\/03\/germany.png","contentUrl":"https:\/\/talkpal.ai\/wp-content\/uploads\/2023\/03\/germany.png","width":512,"height":512,"caption":"TalkPal AI learn German"},{"@type":"BreadcrumbList","@id":"https:\/\/talkpal.ai\/tr\/almanca-dilbilgisi\/#breadcrumb","itemListElement":[{"@type":"ListItem","position":1,"name":"Homepage","item":"https:\/\/talkpal.ai\/tr\/"},{"@type":"ListItem","position":2,"name":"Almanca Dilbilgisi"}]},{"@type":"WebSite","@id":"https:\/\/talkpal.ai\/tr\/#website","url":"https:\/\/talkpal.ai\/tr\/","name":"Talkpal","description":"AI Language Learning","publisher":{"@id":"https:\/\/talkpal.ai\/tr\/#organization"},"alternateName":"Talkpal AI","potentialAction":[{"@type":"SearchAction","target":{"@type":"EntryPoint","urlTemplate":"https:\/\/talkpal.ai\/tr\/?s={search_term_string}"},"query-input":{"@type":"PropertyValueSpecification","valueRequired":true,"valueName":"search_term_string"}}],"inLanguage":"tr"},{"@type":"Organization","@id":"https:\/\/talkpal.ai\/tr\/#organization","name":"Talkpal, Inc.","alternateName":"Talkpal AI","url":"https:\/\/talkpal.ai\/tr\/","logo":{"@type":"ImageObject","inLanguage":"tr","@id":"https:\/\/talkpal.ai\/tr\/#\/schema\/logo\/image\/","url":"https:\/\/talkpal.ai\/wp-content\/uploads\/2024\/03\/Talkpal-Logo-Icon.png","contentUrl":"https:\/\/talkpal.ai\/wp-content\/uploads\/2024\/03\/Talkpal-Logo-Icon.png","width":2880,"height":2880,"caption":"Talkpal, Inc."},"image":{"@id":"https:\/\/talkpal.ai\/tr\/#\/schema\/logo\/image\/"},"sameAs":["https:\/\/www.facebook.com\/profile.php?id=100090733639311","https:\/\/x.com\/talkpalai","https:\/\/www.linkedin.com\/company\/talkpal\/","https:\/\/www.youtube.com\/@TalkPal\/","https:\/\/www.tiktok.com\/@talkpal","https:\/\/www.instagram.com\/talkpal_ai\/","https:\/\/www.crunchbase.com\/organization\/talkpal-9cde","https:\/\/www.g2.com\/products\/talkpal-for-business\/","https:\/\/www.trustpilot.com\/review\/talkpal.ai","https:\/\/www.capterra.com\/p\/10006800\/TalkPal\/"],"description":"Talkpal is a language learning web and mobile education app, powered by the latest AI technologies, that provides engaging experiences to its customers in many different languages to help them improve their language skills. Users can chat about unlimited amount of topics with the app and use other modes to practice their language learning.","email":"support@talkpal.ai","legalName":"Talkpal, Inc.","foundingDate":"2023-04-03","duns":"118989042","numberOfEmployees":{"@type":"QuantitativeValue","minValue":"11","maxValue":"50"},"publishingPrinciples":"https:\/\/talkpal.ai\/publishing-principles\/","actionableFeedbackPolicy":"https:\/\/talkpal.ai\/actionable-feedback-policy\/","correctionsPolicy":"https:\/\/talkpal.ai\/corrections-policy\/","ethicsPolicy":"https:\/\/talkpal.ai\/ethics-policy\/","diversityPolicy":"https:\/\/talkpal.ai\/diversity-policy\/","diversityStaffingReport":"https:\/\/talkpal.ai\/diversity-policy\/"}]}},"_links":{"self":[{"href":"https:\/\/talkpal.ai\/tr\/wp-json\/wp\/v2\/pages\/124128","targetHints":{"allow":["GET"]}}],"collection":[{"href":"https:\/\/talkpal.ai\/tr\/wp-json\/wp\/v2\/pages"}],"about":[{"href":"https:\/\/talkpal.ai\/tr\/wp-json\/wp\/v2\/types\/page"}],"author":[{"embeddable":true,"href":"https:\/\/talkpal.ai\/tr\/wp-json\/wp\/v2\/users\/1"}],"replies":[{"embeddable":true,"href":"https:\/\/talkpal.ai\/tr\/wp-json\/wp\/v2\/comments?post=124128"}],"version-history":[{"count":0,"href":"https:\/\/talkpal.ai\/tr\/wp-json\/wp\/v2\/pages\/124128\/revisions"}],"wp:featuredmedia":[{"embeddable":true,"href":"https:\/\/talkpal.ai\/tr\/wp-json\/wp\/v2\/media\/75669"}],"wp:attachment":[{"href":"https:\/\/talkpal.ai\/tr\/wp-json\/wp\/v2\/media?parent=124128"}],"curies":[{"name":"wp","href":"https:\/\/api.w.org\/{rel}","templated":true}]}}