{"id":997934,"date":"2023-10-09T10:03:45","date_gmt":"2023-10-09T10:03:45","guid":{"rendered":"https:\/\/talkpal.ai\/instruktioner-for-hantering-av-prenumerationer\/"},"modified":"2025-07-12T09:46:09","modified_gmt":"2025-07-12T09:46:09","slug":"instruktioner-for-hantering-av-prenumerationer","status":"publish","type":"page","link":"https:\/\/talkpal.ai\/sv\/instruktioner-for-hantering-av-prenumerationer\/","title":{"rendered":"Instruktioner f\u00f6r hantering av prenumerationer"},"content":{"rendered":"\n<p>Du kan hantera dina prenumerationer i v\u00e5ra appar i <a href=\"https:\/\/talkpal.ai\/es\/descargar-la-aplicacion-talkpal-para-android-e-ios\/\">App Store<\/a> (Apple <a href=\"https:\/\/talkpal.ai\/es\/descargar-la-aplicacion-talkpal-para-android-e-ios\/\">iOS<\/a>), Google Play (Android) eller p\u00e5 webbplatsen.<\/p>\n\n<h2 class=\"wp-block-heading\" id=\"h-app-store-apple-ios\">App Store (Apple iOS)<\/h2>\n\n<p>Observera: Du m\u00e5ste s\u00e4ga upp din Apple-prenumeration eller provperiod minst 24 timmar innan den tar slut. Om du avbryter den den sista dagen kommer den att f\u00f6rnyas automatiskt.<\/p>\n\n<p>F\u00f6lj dessa steg p\u00e5 din iOS-enhet f\u00f6r att avsluta din prenumeration p\u00e5 <a href=\"https:\/\/talkpal.ai\/ko\/ai-%ec%96%b8%ec%96%b4-%ea%b5%90%ec%82%ac\/\">Talkpal<\/a> via App Store:<\/p>\n\n<p><strong>Steg 1<\/strong> &#8211; \u00d6ppna appen Inst\u00e4llningar.<\/p>\n\n<p><strong>Steg 2<\/strong> &#8211; V\u00e4lj ditt Apple-ID l\u00e4ngst upp p\u00e5 sidan.<\/p>\n\n<p><strong>Steg 3<\/strong> &#8211; V\u00e4lj &#8221;Visa Apple ID&#8221;<\/p>\n\n<p><strong>Steg 4<\/strong> &#8211; G\u00e5 till &#8221;Prenumerationer&#8221; och v\u00e4lj den prenumeration du vill s\u00e4ga upp.<\/p>\n\n<p><strong>Steg 5<\/strong> &#8211; <a href=\"https:\/\/talkpal.ai\/sv\/tryck-pa\/\">Tryck p\u00e5<\/a> &#8221;Avbryt prenumeration&#8221;.<\/p>\n\n<h2 class=\"wp-block-heading\" id=\"h-google-play-android\">Google Play (Android)<\/h2>\n\n<p><b>Steg 1<\/b> &#8211; P\u00e5 din Android-enhet navigerar du till dina prenumerationer i Google Play.<\/p>\n\n<p><b>Steg 2<\/b> &#8211; V\u00e4lj den prenumeration som du vill s\u00e4ga upp.<\/p>\n\n<p><b>Steg 3<\/b> &#8211; Tryck p\u00e5 <a href=\"https:\/\/talkpal.ai\/culture\/how-do-i-cancel-a-subscription-in-swedish\/\">Avbryt prenumeration<\/a>.<\/p>\n\n<h2 class=\"wp-block-heading\" id=\"h-website\">Webbplats<\/h2>\n\n<p><b>Steg 1<\/b> &#8211; G\u00e5 till din kontosida.<\/p>\n\n<p><b>Steg 2<\/b> &#8211; Bl\u00e4ddra ner till avsnittet &#8221;Prenumeration&#8221;.<\/p>\n\n<p><b>Steg 3<\/b> &#8211; Klicka p\u00e5 &#8221;Avbryt prenumeration&#8221;.<\/p>\n","protected":false},"excerpt":{"rendered":"<p>Du kan hantera dina prenumerationer i v\u00e5ra appar i App Store (Apple iOS), Google Play (Android) eller p\u00e5 webbplatsen. App Store (Apple iOS) Observera: Du m\u00e5ste s\u00e4ga upp din Apple-prenumeration eller provperiod minst 24 timmar innan den tar slut. Om du avbryter den den sista dagen kommer den att f\u00f6rnyas automatiskt. F\u00f6lj dessa steg p\u00e5 [&hellip;]<\/p>\n","protected":false},"author":10,"featured_media":197982,"parent":0,"menu_order":0,"comment_status":"closed","ping_status":"closed","template":"","meta":{"_acf_changed":false,"footnotes":""},"class_list":["post-997934","page","type-page","status-publish","has-post-thumbnail","hentry"],"acf":[],"yoast_head":"<!-- This site is optimized with the Yoast SEO Premium plugin v27.2 (Yoast SEO v27.2) - https:\/\/yoast.com\/product\/yoast-seo-premium-wordpress\/ -->\n<title>Instruktioner f\u00f6r hantering av prenumerationer - Talkpal<\/title>\n<meta name=\"description\" content=\"F\u00f6lj dessa instruktioner f\u00f6r prenumerationshantering f\u00f6r att enkelt s\u00e4ga upp dina prenumerationer i Apple- eller Google Play-appar.\" \/>\n<meta name=\"robots\" content=\"index, follow, max-snippet:-1, max-image-preview:large, max-video-preview:-1\" \/>\n<link rel=\"canonical\" href=\"https:\/\/talkpal.ai\/sv\/instruktioner-for-hantering-av-prenumerationer\/\" \/>\n<meta property=\"og:locale\" content=\"sv_SE\" \/>\n<meta property=\"og:type\" content=\"article\" \/>\n<meta property=\"og:title\" content=\"Instruktioner f\u00f6r hantering av prenumerationer\" \/>\n<meta property=\"og:description\" content=\"Du kan hantera dina prenumerationer i v\u00e5ra appar i App Store (Apple iOS), Google Play (Android) eller p\u00e5 webbplatsen. App Store (Apple iOS) Observera: Du\" \/>\n<meta property=\"og:url\" content=\"https:\/\/talkpal.ai\/sv\/instruktioner-for-hantering-av-prenumerationer\/\" \/>\n<meta property=\"og:site_name\" content=\"Talkpal\" \/>\n<meta property=\"article:publisher\" content=\"https:\/\/www.facebook.com\/profile.php?id=100090733639311\" \/>\n<meta property=\"article:modified_time\" content=\"2025-07-12T09:46:09+00:00\" \/>\n<meta property=\"og:image\" content=\"https:\/\/talkpal.ai\/wp-content\/uploads\/2024\/03\/Talkpal-Logo-Icon.png\" \/>\n\t<meta property=\"og:image:width\" content=\"5000\" \/>\n\t<meta property=\"og:image:height\" content=\"5000\" \/>\n\t<meta property=\"og:image:type\" content=\"image\/png\" \/>\n<meta name=\"twitter:card\" content=\"summary_large_image\" \/>\n<meta name=\"twitter:site\" content=\"@talkpalai\" \/>\n<meta name=\"twitter:label1\" content=\"Ber\u00e4knad l\u00e4stid\" \/>\n\t<meta name=\"twitter:data1\" content=\"1 minut\" \/>\n<script type=\"application\/ld+json\" class=\"yoast-schema-graph\">{\"@context\":\"https:\/\/schema.org\",\"@graph\":[{\"@type\":\"WebPage\",\"@id\":\"https:\/\/talkpal.ai\/sv\/instruktioner-for-hantering-av-prenumerationer\/\",\"url\":\"https:\/\/talkpal.ai\/sv\/instruktioner-for-hantering-av-prenumerationer\/\",\"name\":\"Instruktioner f\u00f6r hantering av prenumerationer - Talkpal\",\"isPartOf\":{\"@id\":\"https:\/\/talkpal.ai\/sv\/#website\"},\"primaryImageOfPage\":{\"@id\":\"https:\/\/talkpal.ai\/sv\/instruktioner-for-hantering-av-prenumerationer\/#primaryimage\"},\"image\":{\"@id\":\"https:\/\/talkpal.ai\/sv\/instruktioner-for-hantering-av-prenumerationer\/#primaryimage\"},\"thumbnailUrl\":\"https:\/\/talkpal.ai\/wp-content\/uploads\/2024\/03\/Talkpal-Logo-Icon.png\",\"datePublished\":\"2023-10-09T10:03:45+00:00\",\"dateModified\":\"2025-07-12T09:46:09+00:00\",\"description\":\"F\u00f6lj dessa instruktioner f\u00f6r prenumerationshantering f\u00f6r att enkelt s\u00e4ga upp dina prenumerationer i Apple- eller Google Play-appar.\",\"breadcrumb\":{\"@id\":\"https:\/\/talkpal.ai\/sv\/instruktioner-for-hantering-av-prenumerationer\/#breadcrumb\"},\"inLanguage\":\"sv-SE\",\"potentialAction\":[{\"@type\":\"ReadAction\",\"target\":[\"https:\/\/talkpal.ai\/sv\/instruktioner-for-hantering-av-prenumerationer\/\"]}]},{\"@type\":\"ImageObject\",\"inLanguage\":\"sv-SE\",\"@id\":\"https:\/\/talkpal.ai\/sv\/instruktioner-for-hantering-av-prenumerationer\/#primaryimage\",\"url\":\"https:\/\/talkpal.ai\/wp-content\/uploads\/2024\/03\/Talkpal-Logo-Icon.png\",\"contentUrl\":\"https:\/\/talkpal.ai\/wp-content\/uploads\/2024\/03\/Talkpal-Logo-Icon.png\",\"width\":5000,\"height\":5000,\"caption\":\"TalkPal-logotyp\"},{\"@type\":\"BreadcrumbList\",\"@id\":\"https:\/\/talkpal.ai\/sv\/instruktioner-for-hantering-av-prenumerationer\/#breadcrumb\",\"itemListElement\":[{\"@type\":\"ListItem\",\"position\":1,\"name\":\"Homepage\",\"item\":\"https:\/\/talkpal.ai\/sv\/\"},{\"@type\":\"ListItem\",\"position\":2,\"name\":\"Instruktioner f\u00f6r hantering av prenumerationer\"}]},{\"@type\":\"WebSite\",\"@id\":\"https:\/\/talkpal.ai\/sv\/#website\",\"url\":\"https:\/\/talkpal.ai\/sv\/\",\"name\":\"Talkpal\",\"description\":\"AI Language Learning\",\"publisher\":{\"@id\":\"https:\/\/talkpal.ai\/sv\/#organization\"},\"alternateName\":\"Talkpal AI\",\"potentialAction\":[{\"@type\":\"SearchAction\",\"target\":{\"@type\":\"EntryPoint\",\"urlTemplate\":\"https:\/\/talkpal.ai\/sv\/?s={search_term_string}\"},\"query-input\":{\"@type\":\"PropertyValueSpecification\",\"valueRequired\":true,\"valueName\":\"search_term_string\"}}],\"inLanguage\":\"sv-SE\"},{\"@type\":\"Organization\",\"@id\":\"https:\/\/talkpal.ai\/sv\/#organization\",\"name\":\"Talkpal, Inc.\",\"alternateName\":\"Talkpal AI\",\"url\":\"https:\/\/talkpal.ai\/sv\/\",\"logo\":{\"@type\":\"ImageObject\",\"inLanguage\":\"sv-SE\",\"@id\":\"https:\/\/talkpal.ai\/sv\/#\/schema\/logo\/image\/\",\"url\":\"https:\/\/talkpal.ai\/wp-content\/uploads\/2024\/03\/Talkpal-Logo-Icon.png\",\"contentUrl\":\"https:\/\/talkpal.ai\/wp-content\/uploads\/2024\/03\/Talkpal-Logo-Icon.png\",\"width\":2880,\"height\":2880,\"caption\":\"Talkpal, Inc.\"},\"image\":{\"@id\":\"https:\/\/talkpal.ai\/sv\/#\/schema\/logo\/image\/\"},\"sameAs\":[\"https:\/\/www.facebook.com\/profile.php?id=100090733639311\",\"https:\/\/x.com\/talkpalai\",\"https:\/\/www.linkedin.com\/company\/talkpal\/\",\"https:\/\/www.youtube.com\/@TalkPal\/\",\"https:\/\/www.tiktok.com\/@talkpal\",\"https:\/\/www.instagram.com\/talkpal_ai\/\",\"https:\/\/www.crunchbase.com\/organization\/talkpal-9cde\",\"https:\/\/www.g2.com\/products\/talkpal-for-business\/\",\"https:\/\/www.trustpilot.com\/review\/talkpal.ai\",\"https:\/\/www.capterra.com\/p\/10006800\/TalkPal\/\"],\"description\":\"Talkpal is a language learning web and mobile education app, powered by the latest AI technologies, that provides engaging experiences to its customers in many different languages to help them improve their language skills. Users can chat about unlimited amount of topics with the app and use other modes to practice their language learning.\",\"email\":\"support@talkpal.ai\",\"legalName\":\"Talkpal, Inc.\",\"foundingDate\":\"2023-04-03\",\"duns\":\"118989042\",\"numberOfEmployees\":{\"@type\":\"QuantitativeValue\",\"minValue\":\"11\",\"maxValue\":\"50\"},\"publishingPrinciples\":\"https:\/\/talkpal.ai\/publishing-principles\/\",\"actionableFeedbackPolicy\":\"https:\/\/talkpal.ai\/actionable-feedback-policy\/\",\"correctionsPolicy\":\"https:\/\/talkpal.ai\/corrections-policy\/\",\"ethicsPolicy\":\"https:\/\/talkpal.ai\/ethics-policy\/\",\"diversityPolicy\":\"https:\/\/talkpal.ai\/diversity-policy\/\",\"diversityStaffingReport\":\"https:\/\/talkpal.ai\/diversity-policy\/\"}]}<\/script>\n<!-- \/ Yoast SEO Premium plugin. -->","yoast_head_json":{"title":"Instruktioner f\u00f6r hantering av prenumerationer - Talkpal","description":"F\u00f6lj dessa instruktioner f\u00f6r prenumerationshantering f\u00f6r att enkelt s\u00e4ga upp dina prenumerationer i Apple- eller Google Play-appar.","robots":{"index":"index","follow":"follow","max-snippet":"max-snippet:-1","max-image-preview":"max-image-preview:large","max-video-preview":"max-video-preview:-1"},"canonical":"https:\/\/talkpal.ai\/sv\/instruktioner-for-hantering-av-prenumerationer\/","og_locale":"sv_SE","og_type":"article","og_title":"Instruktioner f\u00f6r hantering av prenumerationer","og_description":"Du kan hantera dina prenumerationer i v\u00e5ra appar i App Store (Apple iOS), Google Play (Android) eller p\u00e5 webbplatsen. App Store (Apple iOS) Observera: Du","og_url":"https:\/\/talkpal.ai\/sv\/instruktioner-for-hantering-av-prenumerationer\/","og_site_name":"Talkpal","article_publisher":"https:\/\/www.facebook.com\/profile.php?id=100090733639311","article_modified_time":"2025-07-12T09:46:09+00:00","og_image":[{"width":5000,"height":5000,"url":"https:\/\/talkpal.ai\/wp-content\/uploads\/2024\/03\/Talkpal-Logo-Icon.png","type":"image\/png"}],"twitter_card":"summary_large_image","twitter_site":"@talkpalai","twitter_misc":{"Ber\u00e4knad l\u00e4stid":"1 minut"},"schema":{"@context":"https:\/\/schema.org","@graph":[{"@type":"WebPage","@id":"https:\/\/talkpal.ai\/sv\/instruktioner-for-hantering-av-prenumerationer\/","url":"https:\/\/talkpal.ai\/sv\/instruktioner-for-hantering-av-prenumerationer\/","name":"Instruktioner f\u00f6r hantering av prenumerationer - Talkpal","isPartOf":{"@id":"https:\/\/talkpal.ai\/sv\/#website"},"primaryImageOfPage":{"@id":"https:\/\/talkpal.ai\/sv\/instruktioner-for-hantering-av-prenumerationer\/#primaryimage"},"image":{"@id":"https:\/\/talkpal.ai\/sv\/instruktioner-for-hantering-av-prenumerationer\/#primaryimage"},"thumbnailUrl":"https:\/\/talkpal.ai\/wp-content\/uploads\/2024\/03\/Talkpal-Logo-Icon.png","datePublished":"2023-10-09T10:03:45+00:00","dateModified":"2025-07-12T09:46:09+00:00","description":"F\u00f6lj dessa instruktioner f\u00f6r prenumerationshantering f\u00f6r att enkelt s\u00e4ga upp dina prenumerationer i Apple- eller Google Play-appar.","breadcrumb":{"@id":"https:\/\/talkpal.ai\/sv\/instruktioner-for-hantering-av-prenumerationer\/#breadcrumb"},"inLanguage":"sv-SE","potentialAction":[{"@type":"ReadAction","target":["https:\/\/talkpal.ai\/sv\/instruktioner-for-hantering-av-prenumerationer\/"]}]},{"@type":"ImageObject","inLanguage":"sv-SE","@id":"https:\/\/talkpal.ai\/sv\/instruktioner-for-hantering-av-prenumerationer\/#primaryimage","url":"https:\/\/talkpal.ai\/wp-content\/uploads\/2024\/03\/Talkpal-Logo-Icon.png","contentUrl":"https:\/\/talkpal.ai\/wp-content\/uploads\/2024\/03\/Talkpal-Logo-Icon.png","width":5000,"height":5000,"caption":"TalkPal-logotyp"},{"@type":"BreadcrumbList","@id":"https:\/\/talkpal.ai\/sv\/instruktioner-for-hantering-av-prenumerationer\/#breadcrumb","itemListElement":[{"@type":"ListItem","position":1,"name":"Homepage","item":"https:\/\/talkpal.ai\/sv\/"},{"@type":"ListItem","position":2,"name":"Instruktioner f\u00f6r hantering av prenumerationer"}]},{"@type":"WebSite","@id":"https:\/\/talkpal.ai\/sv\/#website","url":"https:\/\/talkpal.ai\/sv\/","name":"Talkpal","description":"AI Language Learning","publisher":{"@id":"https:\/\/talkpal.ai\/sv\/#organization"},"alternateName":"Talkpal AI","potentialAction":[{"@type":"SearchAction","target":{"@type":"EntryPoint","urlTemplate":"https:\/\/talkpal.ai\/sv\/?s={search_term_string}"},"query-input":{"@type":"PropertyValueSpecification","valueRequired":true,"valueName":"search_term_string"}}],"inLanguage":"sv-SE"},{"@type":"Organization","@id":"https:\/\/talkpal.ai\/sv\/#organization","name":"Talkpal, Inc.","alternateName":"Talkpal AI","url":"https:\/\/talkpal.ai\/sv\/","logo":{"@type":"ImageObject","inLanguage":"sv-SE","@id":"https:\/\/talkpal.ai\/sv\/#\/schema\/logo\/image\/","url":"https:\/\/talkpal.ai\/wp-content\/uploads\/2024\/03\/Talkpal-Logo-Icon.png","contentUrl":"https:\/\/talkpal.ai\/wp-content\/uploads\/2024\/03\/Talkpal-Logo-Icon.png","width":2880,"height":2880,"caption":"Talkpal, Inc."},"image":{"@id":"https:\/\/talkpal.ai\/sv\/#\/schema\/logo\/image\/"},"sameAs":["https:\/\/www.facebook.com\/profile.php?id=100090733639311","https:\/\/x.com\/talkpalai","https:\/\/www.linkedin.com\/company\/talkpal\/","https:\/\/www.youtube.com\/@TalkPal\/","https:\/\/www.tiktok.com\/@talkpal","https:\/\/www.instagram.com\/talkpal_ai\/","https:\/\/www.crunchbase.com\/organization\/talkpal-9cde","https:\/\/www.g2.com\/products\/talkpal-for-business\/","https:\/\/www.trustpilot.com\/review\/talkpal.ai","https:\/\/www.capterra.com\/p\/10006800\/TalkPal\/"],"description":"Talkpal is a language learning web and mobile education app, powered by the latest AI technologies, that provides engaging experiences to its customers in many different languages to help them improve their language skills. Users can chat about unlimited amount of topics with the app and use other modes to practice their language learning.","email":"support@talkpal.ai","legalName":"Talkpal, Inc.","foundingDate":"2023-04-03","duns":"118989042","numberOfEmployees":{"@type":"QuantitativeValue","minValue":"11","maxValue":"50"},"publishingPrinciples":"https:\/\/talkpal.ai\/publishing-principles\/","actionableFeedbackPolicy":"https:\/\/talkpal.ai\/actionable-feedback-policy\/","correctionsPolicy":"https:\/\/talkpal.ai\/corrections-policy\/","ethicsPolicy":"https:\/\/talkpal.ai\/ethics-policy\/","diversityPolicy":"https:\/\/talkpal.ai\/diversity-policy\/","diversityStaffingReport":"https:\/\/talkpal.ai\/diversity-policy\/"}]}},"_links":{"self":[{"href":"https:\/\/talkpal.ai\/sv\/wp-json\/wp\/v2\/pages\/997934","targetHints":{"allow":["GET"]}}],"collection":[{"href":"https:\/\/talkpal.ai\/sv\/wp-json\/wp\/v2\/pages"}],"about":[{"href":"https:\/\/talkpal.ai\/sv\/wp-json\/wp\/v2\/types\/page"}],"author":[{"embeddable":true,"href":"https:\/\/talkpal.ai\/sv\/wp-json\/wp\/v2\/users\/10"}],"replies":[{"embeddable":true,"href":"https:\/\/talkpal.ai\/sv\/wp-json\/wp\/v2\/comments?post=997934"}],"version-history":[{"count":0,"href":"https:\/\/talkpal.ai\/sv\/wp-json\/wp\/v2\/pages\/997934\/revisions"}],"wp:featuredmedia":[{"embeddable":true,"href":"https:\/\/talkpal.ai\/sv\/wp-json\/wp\/v2\/media\/197982"}],"wp:attachment":[{"href":"https:\/\/talkpal.ai\/sv\/wp-json\/wp\/v2\/media?parent=997934"}],"curies":[{"name":"wp","href":"https:\/\/api.w.org\/{rel}","templated":true}]}}