{"id":994660,"date":"2023-12-20T15:42:12","date_gmt":"2023-12-20T15:42:12","guid":{"rendered":"https:\/\/talkpal.ai\/instruktioner-for-att-lagga-till-kupongkod-i-stripe-checkout\/"},"modified":"2025-06-19T18:07:11","modified_gmt":"2025-06-19T18:07:11","slug":"instruktioner-for-att-lagga-till-kupongkod-i-stripe-checkout","status":"publish","type":"page","link":"https:\/\/talkpal.ai\/sv\/instruktioner-for-att-lagga-till-kupongkod-i-stripe-checkout\/","title":{"rendered":"Instruktioner f\u00f6r att l\u00e4gga till kupongkod i Stripe Checkout"},"content":{"rendered":"\n<p>L\u00e4gg till kupongkod och f\u00e5 rabatt.<\/p>\n\n<h2 class=\"wp-block-heading\" id=\"h-follow-the-steps\">F\u00f6lj stegen<\/h2>\n\n<h3 class=\"wp-block-heading\" id=\"h-step-1\">Steg 1:<\/h3>\n\n<p>V\u00e4lj en \u00f6nskad plan.<\/p>\n\n<figure class=\"wp-block-image\"><img decoding=\"async\" src=\"https:\/\/talkpal.ai\/wp-content\/uploads\/2024\/12\/Choos-plan-screen-768x389.png\" alt=\"\"\/><\/figure>\n\n<h3 class=\"wp-block-heading\" id=\"h-step-2\">Steg 2:<\/h3>\n\n<p>V\u00e4lj alternativet att betala med kort och <a href=\"https:\/\/talkpal.ai\/sv\/tryck-pa\/\">tryck p\u00e5<\/a> startknappen.<\/p>\n\n<figure class=\"wp-block-image\"><img decoding=\"async\" src=\"https:\/\/talkpal.ai\/wp-content\/uploads\/2024\/12\/Payment-method-screen-768x389.png\" alt=\"\"\/><\/figure>\n\n<h3 class=\"wp-block-heading\" id=\"h-step-3\">Steg 3:<\/h3>\n\n<p>Du kommer att omdirigeras till Stripe-kassasidan.<\/p>\n\n<h3 class=\"wp-block-heading\" id=\"h-step-4\">Steg 4:<\/h3>\n\n<p><a href=\"https:\/\/talkpal.ai\/sv\/tryck-pa\/\">Tryck p\u00e5<\/a> \u201cAdd Promotion Code\u201d och skriv in koden, t.ex: <strong>JOIN25<\/strong> och tryck p\u00e5 \u201cApply\u201d.<\/p>\n\n<figure class=\"wp-block-image\"><img decoding=\"async\" src=\"https:\/\/talkpal.ai\/wp-content\/uploads\/2024\/05\/Talkpal-Stripe-instructions-1024x593.png\" alt=\"\"\/><\/figure>\n\n<h3 class=\"wp-block-heading\" id=\"h-step-5\">Steg 5:<\/h3>\n\n<p>Fyll i dina kortuppgifter och b\u00f6rja utforska ditt Premium-konto.<\/p>\n\n<p><\/p>\n","protected":false},"excerpt":{"rendered":"<p>L\u00e4gg till kupongkod och f\u00e5 rabatt. F\u00f6lj stegen Steg 1: V\u00e4lj en \u00f6nskad plan. Steg 2: V\u00e4lj alternativet att betala med kort och tryck p\u00e5 startknappen. Steg 3: Du kommer att omdirigeras till Stripe-kassasidan. Steg 4: Tryck p\u00e5 \u201cAdd Promotion Code\u201d och skriv in koden, t.ex: JOIN25 och tryck p\u00e5 \u201cApply\u201d. Steg 5: Fyll i [&hellip;]<\/p>\n","protected":false},"author":6,"featured_media":197982,"parent":0,"menu_order":0,"comment_status":"closed","ping_status":"closed","template":"","meta":{"_acf_changed":false,"footnotes":""},"class_list":["post-994660","page","type-page","status-publish","has-post-thumbnail","hentry"],"acf":[],"yoast_head":"<!-- This site is optimized with the Yoast SEO Premium plugin v27.2 (Yoast SEO v27.2) - https:\/\/yoast.com\/product\/yoast-seo-premium-wordpress\/ -->\n<title>Instruktioner f\u00f6r att l\u00e4gga till kupongkod i Stripe Checkout - Talkpal<\/title>\n<meta name=\"description\" content=\"L\u00e4r dig hur du enkelt l\u00e4gger till kupongkoder i Stripe Checkout. F\u00f6lj enkla steg f\u00f6r att f\u00f6rb\u00e4ttra kundens upplevelse i kassan.\" \/>\n<meta name=\"robots\" content=\"index, follow, max-snippet:-1, max-image-preview:large, max-video-preview:-1\" \/>\n<link rel=\"canonical\" href=\"https:\/\/talkpal.ai\/sv\/instruktioner-for-att-lagga-till-kupongkod-i-stripe-checkout\/\" \/>\n<meta property=\"og:locale\" content=\"sv_SE\" \/>\n<meta property=\"og:type\" content=\"article\" \/>\n<meta property=\"og:title\" content=\"Instruktioner f\u00f6r att l\u00e4gga till kupongkod i Stripe Checkout\" \/>\n<meta property=\"og:description\" content=\"L\u00e4gg till kupongkod och f\u00e5 rabatt. F\u00f6lj stegen Steg 1: V\u00e4lj en \u00f6nskad plan. Steg 2: V\u00e4lj alternativet att betala med kort och tryck p\u00e5 startknappen. Steg\" \/>\n<meta property=\"og:url\" content=\"https:\/\/talkpal.ai\/sv\/instruktioner-for-att-lagga-till-kupongkod-i-stripe-checkout\/\" \/>\n<meta property=\"og:site_name\" content=\"Talkpal\" \/>\n<meta property=\"article:publisher\" content=\"https:\/\/www.facebook.com\/profile.php?id=100090733639311\" \/>\n<meta property=\"article:modified_time\" content=\"2025-06-19T18:07:11+00:00\" \/>\n<meta property=\"og:image\" content=\"https:\/\/talkpal.ai\/wp-content\/uploads\/2024\/03\/Talkpal-Logo-Icon.png\" \/>\n\t<meta property=\"og:image:width\" content=\"5000\" \/>\n\t<meta property=\"og:image:height\" content=\"5000\" \/>\n\t<meta property=\"og:image:type\" content=\"image\/png\" \/>\n<meta name=\"twitter:card\" content=\"summary_large_image\" \/>\n<meta name=\"twitter:site\" content=\"@talkpalai\" \/>\n<script type=\"application\/ld+json\" class=\"yoast-schema-graph\">{\"@context\":\"https:\/\/schema.org\",\"@graph\":[{\"@type\":\"WebPage\",\"@id\":\"https:\/\/talkpal.ai\/sv\/instruktioner-for-att-lagga-till-kupongkod-i-stripe-checkout\/\",\"url\":\"https:\/\/talkpal.ai\/sv\/instruktioner-for-att-lagga-till-kupongkod-i-stripe-checkout\/\",\"name\":\"Instruktioner f\u00f6r att l\u00e4gga till kupongkod i Stripe Checkout - Talkpal\",\"isPartOf\":{\"@id\":\"https:\/\/talkpal.ai\/sv\/#website\"},\"primaryImageOfPage\":{\"@id\":\"https:\/\/talkpal.ai\/sv\/instruktioner-for-att-lagga-till-kupongkod-i-stripe-checkout\/#primaryimage\"},\"image\":{\"@id\":\"https:\/\/talkpal.ai\/sv\/instruktioner-for-att-lagga-till-kupongkod-i-stripe-checkout\/#primaryimage\"},\"thumbnailUrl\":\"https:\/\/talkpal.ai\/wp-content\/uploads\/2024\/03\/Talkpal-Logo-Icon.png\",\"datePublished\":\"2023-12-20T15:42:12+00:00\",\"dateModified\":\"2025-06-19T18:07:11+00:00\",\"description\":\"L\u00e4r dig hur du enkelt l\u00e4gger till kupongkoder i Stripe Checkout. F\u00f6lj enkla steg f\u00f6r att f\u00f6rb\u00e4ttra kundens upplevelse i kassan.\",\"breadcrumb\":{\"@id\":\"https:\/\/talkpal.ai\/sv\/instruktioner-for-att-lagga-till-kupongkod-i-stripe-checkout\/#breadcrumb\"},\"inLanguage\":\"sv-SE\",\"potentialAction\":[{\"@type\":\"ReadAction\",\"target\":[\"https:\/\/talkpal.ai\/sv\/instruktioner-for-att-lagga-till-kupongkod-i-stripe-checkout\/\"]}]},{\"@type\":\"ImageObject\",\"inLanguage\":\"sv-SE\",\"@id\":\"https:\/\/talkpal.ai\/sv\/instruktioner-for-att-lagga-till-kupongkod-i-stripe-checkout\/#primaryimage\",\"url\":\"https:\/\/talkpal.ai\/wp-content\/uploads\/2024\/03\/Talkpal-Logo-Icon.png\",\"contentUrl\":\"https:\/\/talkpal.ai\/wp-content\/uploads\/2024\/03\/Talkpal-Logo-Icon.png\",\"width\":5000,\"height\":5000,\"caption\":\"TalkPal-logotyp\"},{\"@type\":\"BreadcrumbList\",\"@id\":\"https:\/\/talkpal.ai\/sv\/instruktioner-for-att-lagga-till-kupongkod-i-stripe-checkout\/#breadcrumb\",\"itemListElement\":[{\"@type\":\"ListItem\",\"position\":1,\"name\":\"Homepage\",\"item\":\"https:\/\/talkpal.ai\/sv\/\"},{\"@type\":\"ListItem\",\"position\":2,\"name\":\"Instruktioner f\u00f6r att l\u00e4gga till kupongkod i Stripe Checkout\"}]},{\"@type\":\"WebSite\",\"@id\":\"https:\/\/talkpal.ai\/sv\/#website\",\"url\":\"https:\/\/talkpal.ai\/sv\/\",\"name\":\"Talkpal\",\"description\":\"AI Language Learning\",\"publisher\":{\"@id\":\"https:\/\/talkpal.ai\/sv\/#organization\"},\"alternateName\":\"Talkpal AI\",\"potentialAction\":[{\"@type\":\"SearchAction\",\"target\":{\"@type\":\"EntryPoint\",\"urlTemplate\":\"https:\/\/talkpal.ai\/sv\/?s={search_term_string}\"},\"query-input\":{\"@type\":\"PropertyValueSpecification\",\"valueRequired\":true,\"valueName\":\"search_term_string\"}}],\"inLanguage\":\"sv-SE\"},{\"@type\":\"Organization\",\"@id\":\"https:\/\/talkpal.ai\/sv\/#organization\",\"name\":\"Talkpal, Inc.\",\"alternateName\":\"Talkpal AI\",\"url\":\"https:\/\/talkpal.ai\/sv\/\",\"logo\":{\"@type\":\"ImageObject\",\"inLanguage\":\"sv-SE\",\"@id\":\"https:\/\/talkpal.ai\/sv\/#\/schema\/logo\/image\/\",\"url\":\"https:\/\/talkpal.ai\/wp-content\/uploads\/2024\/03\/Talkpal-Logo-Icon.png\",\"contentUrl\":\"https:\/\/talkpal.ai\/wp-content\/uploads\/2024\/03\/Talkpal-Logo-Icon.png\",\"width\":2880,\"height\":2880,\"caption\":\"Talkpal, Inc.\"},\"image\":{\"@id\":\"https:\/\/talkpal.ai\/sv\/#\/schema\/logo\/image\/\"},\"sameAs\":[\"https:\/\/www.facebook.com\/profile.php?id=100090733639311\",\"https:\/\/x.com\/talkpalai\",\"https:\/\/www.linkedin.com\/company\/talkpal\/\",\"https:\/\/www.youtube.com\/@TalkPal\/\",\"https:\/\/www.tiktok.com\/@talkpal\",\"https:\/\/www.instagram.com\/talkpal_ai\/\",\"https:\/\/www.crunchbase.com\/organization\/talkpal-9cde\",\"https:\/\/www.g2.com\/products\/talkpal-for-business\/\",\"https:\/\/www.trustpilot.com\/review\/talkpal.ai\",\"https:\/\/www.capterra.com\/p\/10006800\/TalkPal\/\"],\"description\":\"Talkpal is a language learning web and mobile education app, powered by the latest AI technologies, that provides engaging experiences to its customers in many different languages to help them improve their language skills. Users can chat about unlimited amount of topics with the app and use other modes to practice their language learning.\",\"email\":\"support@talkpal.ai\",\"legalName\":\"Talkpal, Inc.\",\"foundingDate\":\"2023-04-03\",\"duns\":\"118989042\",\"numberOfEmployees\":{\"@type\":\"QuantitativeValue\",\"minValue\":\"11\",\"maxValue\":\"50\"},\"publishingPrinciples\":\"https:\/\/talkpal.ai\/publishing-principles\/\",\"actionableFeedbackPolicy\":\"https:\/\/talkpal.ai\/actionable-feedback-policy\/\",\"correctionsPolicy\":\"https:\/\/talkpal.ai\/corrections-policy\/\",\"ethicsPolicy\":\"https:\/\/talkpal.ai\/ethics-policy\/\",\"diversityPolicy\":\"https:\/\/talkpal.ai\/diversity-policy\/\",\"diversityStaffingReport\":\"https:\/\/talkpal.ai\/diversity-policy\/\"}]}<\/script>\n<!-- \/ Yoast SEO Premium plugin. -->","yoast_head_json":{"title":"Instruktioner f\u00f6r att l\u00e4gga till kupongkod i Stripe Checkout - Talkpal","description":"L\u00e4r dig hur du enkelt l\u00e4gger till kupongkoder i Stripe Checkout. F\u00f6lj enkla steg f\u00f6r att f\u00f6rb\u00e4ttra kundens upplevelse i kassan.","robots":{"index":"index","follow":"follow","max-snippet":"max-snippet:-1","max-image-preview":"max-image-preview:large","max-video-preview":"max-video-preview:-1"},"canonical":"https:\/\/talkpal.ai\/sv\/instruktioner-for-att-lagga-till-kupongkod-i-stripe-checkout\/","og_locale":"sv_SE","og_type":"article","og_title":"Instruktioner f\u00f6r att l\u00e4gga till kupongkod i Stripe Checkout","og_description":"L\u00e4gg till kupongkod och f\u00e5 rabatt. F\u00f6lj stegen Steg 1: V\u00e4lj en \u00f6nskad plan. Steg 2: V\u00e4lj alternativet att betala med kort och tryck p\u00e5 startknappen. Steg","og_url":"https:\/\/talkpal.ai\/sv\/instruktioner-for-att-lagga-till-kupongkod-i-stripe-checkout\/","og_site_name":"Talkpal","article_publisher":"https:\/\/www.facebook.com\/profile.php?id=100090733639311","article_modified_time":"2025-06-19T18:07:11+00:00","og_image":[{"width":5000,"height":5000,"url":"https:\/\/talkpal.ai\/wp-content\/uploads\/2024\/03\/Talkpal-Logo-Icon.png","type":"image\/png"}],"twitter_card":"summary_large_image","twitter_site":"@talkpalai","schema":{"@context":"https:\/\/schema.org","@graph":[{"@type":"WebPage","@id":"https:\/\/talkpal.ai\/sv\/instruktioner-for-att-lagga-till-kupongkod-i-stripe-checkout\/","url":"https:\/\/talkpal.ai\/sv\/instruktioner-for-att-lagga-till-kupongkod-i-stripe-checkout\/","name":"Instruktioner f\u00f6r att l\u00e4gga till kupongkod i Stripe Checkout - Talkpal","isPartOf":{"@id":"https:\/\/talkpal.ai\/sv\/#website"},"primaryImageOfPage":{"@id":"https:\/\/talkpal.ai\/sv\/instruktioner-for-att-lagga-till-kupongkod-i-stripe-checkout\/#primaryimage"},"image":{"@id":"https:\/\/talkpal.ai\/sv\/instruktioner-for-att-lagga-till-kupongkod-i-stripe-checkout\/#primaryimage"},"thumbnailUrl":"https:\/\/talkpal.ai\/wp-content\/uploads\/2024\/03\/Talkpal-Logo-Icon.png","datePublished":"2023-12-20T15:42:12+00:00","dateModified":"2025-06-19T18:07:11+00:00","description":"L\u00e4r dig hur du enkelt l\u00e4gger till kupongkoder i Stripe Checkout. F\u00f6lj enkla steg f\u00f6r att f\u00f6rb\u00e4ttra kundens upplevelse i kassan.","breadcrumb":{"@id":"https:\/\/talkpal.ai\/sv\/instruktioner-for-att-lagga-till-kupongkod-i-stripe-checkout\/#breadcrumb"},"inLanguage":"sv-SE","potentialAction":[{"@type":"ReadAction","target":["https:\/\/talkpal.ai\/sv\/instruktioner-for-att-lagga-till-kupongkod-i-stripe-checkout\/"]}]},{"@type":"ImageObject","inLanguage":"sv-SE","@id":"https:\/\/talkpal.ai\/sv\/instruktioner-for-att-lagga-till-kupongkod-i-stripe-checkout\/#primaryimage","url":"https:\/\/talkpal.ai\/wp-content\/uploads\/2024\/03\/Talkpal-Logo-Icon.png","contentUrl":"https:\/\/talkpal.ai\/wp-content\/uploads\/2024\/03\/Talkpal-Logo-Icon.png","width":5000,"height":5000,"caption":"TalkPal-logotyp"},{"@type":"BreadcrumbList","@id":"https:\/\/talkpal.ai\/sv\/instruktioner-for-att-lagga-till-kupongkod-i-stripe-checkout\/#breadcrumb","itemListElement":[{"@type":"ListItem","position":1,"name":"Homepage","item":"https:\/\/talkpal.ai\/sv\/"},{"@type":"ListItem","position":2,"name":"Instruktioner f\u00f6r att l\u00e4gga till kupongkod i Stripe Checkout"}]},{"@type":"WebSite","@id":"https:\/\/talkpal.ai\/sv\/#website","url":"https:\/\/talkpal.ai\/sv\/","name":"Talkpal","description":"AI Language Learning","publisher":{"@id":"https:\/\/talkpal.ai\/sv\/#organization"},"alternateName":"Talkpal AI","potentialAction":[{"@type":"SearchAction","target":{"@type":"EntryPoint","urlTemplate":"https:\/\/talkpal.ai\/sv\/?s={search_term_string}"},"query-input":{"@type":"PropertyValueSpecification","valueRequired":true,"valueName":"search_term_string"}}],"inLanguage":"sv-SE"},{"@type":"Organization","@id":"https:\/\/talkpal.ai\/sv\/#organization","name":"Talkpal, Inc.","alternateName":"Talkpal AI","url":"https:\/\/talkpal.ai\/sv\/","logo":{"@type":"ImageObject","inLanguage":"sv-SE","@id":"https:\/\/talkpal.ai\/sv\/#\/schema\/logo\/image\/","url":"https:\/\/talkpal.ai\/wp-content\/uploads\/2024\/03\/Talkpal-Logo-Icon.png","contentUrl":"https:\/\/talkpal.ai\/wp-content\/uploads\/2024\/03\/Talkpal-Logo-Icon.png","width":2880,"height":2880,"caption":"Talkpal, Inc."},"image":{"@id":"https:\/\/talkpal.ai\/sv\/#\/schema\/logo\/image\/"},"sameAs":["https:\/\/www.facebook.com\/profile.php?id=100090733639311","https:\/\/x.com\/talkpalai","https:\/\/www.linkedin.com\/company\/talkpal\/","https:\/\/www.youtube.com\/@TalkPal\/","https:\/\/www.tiktok.com\/@talkpal","https:\/\/www.instagram.com\/talkpal_ai\/","https:\/\/www.crunchbase.com\/organization\/talkpal-9cde","https:\/\/www.g2.com\/products\/talkpal-for-business\/","https:\/\/www.trustpilot.com\/review\/talkpal.ai","https:\/\/www.capterra.com\/p\/10006800\/TalkPal\/"],"description":"Talkpal is a language learning web and mobile education app, powered by the latest AI technologies, that provides engaging experiences to its customers in many different languages to help them improve their language skills. Users can chat about unlimited amount of topics with the app and use other modes to practice their language learning.","email":"support@talkpal.ai","legalName":"Talkpal, Inc.","foundingDate":"2023-04-03","duns":"118989042","numberOfEmployees":{"@type":"QuantitativeValue","minValue":"11","maxValue":"50"},"publishingPrinciples":"https:\/\/talkpal.ai\/publishing-principles\/","actionableFeedbackPolicy":"https:\/\/talkpal.ai\/actionable-feedback-policy\/","correctionsPolicy":"https:\/\/talkpal.ai\/corrections-policy\/","ethicsPolicy":"https:\/\/talkpal.ai\/ethics-policy\/","diversityPolicy":"https:\/\/talkpal.ai\/diversity-policy\/","diversityStaffingReport":"https:\/\/talkpal.ai\/diversity-policy\/"}]}},"_links":{"self":[{"href":"https:\/\/talkpal.ai\/sv\/wp-json\/wp\/v2\/pages\/994660","targetHints":{"allow":["GET"]}}],"collection":[{"href":"https:\/\/talkpal.ai\/sv\/wp-json\/wp\/v2\/pages"}],"about":[{"href":"https:\/\/talkpal.ai\/sv\/wp-json\/wp\/v2\/types\/page"}],"author":[{"embeddable":true,"href":"https:\/\/talkpal.ai\/sv\/wp-json\/wp\/v2\/users\/6"}],"replies":[{"embeddable":true,"href":"https:\/\/talkpal.ai\/sv\/wp-json\/wp\/v2\/comments?post=994660"}],"version-history":[{"count":0,"href":"https:\/\/talkpal.ai\/sv\/wp-json\/wp\/v2\/pages\/994660\/revisions"}],"wp:featuredmedia":[{"embeddable":true,"href":"https:\/\/talkpal.ai\/sv\/wp-json\/wp\/v2\/media\/197982"}],"wp:attachment":[{"href":"https:\/\/talkpal.ai\/sv\/wp-json\/wp\/v2\/media?parent=994660"}],"curies":[{"name":"wp","href":"https:\/\/api.w.org\/{rel}","templated":true}]}}