{"id":9436,"date":"2023-04-03T14:56:00","date_gmt":"2023-04-03T14:56:00","guid":{"rendered":"http:\/\/talkpal.ai\/om\/"},"modified":"2026-03-06T16:34:17","modified_gmt":"2026-03-06T16:34:17","slug":"om","status":"publish","type":"page","link":"https:\/\/talkpal.ai\/sv\/om\/","title":{"rendered":"Om"},"content":{"rendered":"\n<p id=\"h-\"><a href=\"https:\/\/talkpal.ai\/ko\/ai-%ec%96%b8%ec%96%b4-%ea%b5%90%ec%82%ac\/\">Talkpal<\/a>, Inc. \u00e4r ett AI-drivet spr\u00e5kinl\u00e4rningsf\u00f6retag med uppdrag att g\u00f6ra det m\u00f6jligt f\u00f6r alla att <a href=\"https:\/\/talkpal.ai\/locations\/language-courses-in-tala\/\">tala<\/a> <a href=\"https:\/\/talkpal.ai\/fr\/langues\/\">alla spr\u00e5k<\/a>, \u00f6verallt. Talkpal utvecklar en av v\u00e4rldens mest avancerade AI-plattformar f\u00f6r spr\u00e5khandledning och hj\u00e4lper miljontals elever att \u00f6va p\u00e5 riktiga konversationer med sj\u00e4lvf\u00f6rtroende.<\/p>\n\n<p>Talkpal grundades 2023 och byggde p\u00e5 en enkel men kraftfull \u00f6vertygelse: <a href=\"https:\/\/talkpal.ai\/sv\/hur-lar-man-sig-ett-sprak-via-talkpal-chat\/\">spr\u00e5kinl\u00e4rning<\/a> ska inte vara ett privilegium och ska vara tillg\u00e4ngligt f\u00f6r alla. Genom att kombinera banbrytande artificiell intelligens med lingvistisk expertis och forskning undanr\u00f6jer Talkpal traditionella hinder som kostnad, tid och r\u00e4dsla f\u00f6r att tala &#8211; och ers\u00e4tter dem med personlig, pressfri \u00f6vning tillg\u00e4nglig p\u00e5 flera plattformar 24\/7.<\/p>\n\n<p>Idag st\u00f6der Talkpal \u00f6ver 80 spr\u00e5k, har miljontals anv\u00e4ndare i \u00f6ver 180 l\u00e4nder och finns tillg\u00e4ngligt p\u00e5 webben, <a href=\"https:\/\/talkpal.ai\/es\/descargar-la-aplicacion-talkpal-para-android-e-ios\/\">iOS<\/a> och <a href=\"https:\/\/talkpal.ai\/es\/descargar-la-aplicacion-talkpal-para-android-e-ios\/\">Android<\/a>.<\/p>\n\n<h2 class=\"wp-block-heading\" id=\"h-our-mission\">V\u00e5rt uppdrag<\/h2>\n\n<p>V\u00e5rt uppdrag \u00e4r att revolutionera spr\u00e5kinl\u00e4rningen genom att erbjuda en engagerande, interaktiv och personlig AI-driven spr\u00e5kundervisning.<br\/><br\/>Vi str\u00e4var efter att undanr\u00f6ja spr\u00e5kbarri\u00e4rer, fr\u00e4mja globala kontakter och odla en gemenskap av passionerade elever, s\u00e5 att de kan kommunicera med sj\u00e4lvf\u00f6rtroende och flytande p\u00e5 sitt valda spr\u00e5k.<\/p>\n\n<h2 class=\"wp-block-heading\" id=\"h-our-vision\">V\u00e5r vision<\/h2>\n\n<p>V\u00e5r vision \u00e4r att bli v\u00e4rldens ledande AI-spr\u00e5kl\u00e4rare och f\u00f6r\u00e4ndra hur m\u00e4nniskor l\u00e4r sig spr\u00e5k genom uppslukande, kontextdrivna konversationer och adaptiv inl\u00e4rningsteknik.<br\/><br\/>V\u00e5rt m\u00e5l \u00e4r att inspirera och fr\u00e4mja k\u00e4rleken till spr\u00e5kinl\u00e4rning, uppmuntra kulturellt utbyte och \u00f6verbrygga kommunikationsklyftan \u00f6ver gr\u00e4nserna, f\u00f6r att i slut\u00e4ndan skapa en mer sammanl\u00e4nkad och f\u00f6rst\u00e5ende v\u00e4rld.<\/p>\n\n<h2 class=\"wp-block-heading\" id=\"h-our-story\">V\u00e5r ber\u00e4ttelse<\/h2>\n\n<p>Talkpal grundades av David Gegechkori (till v\u00e4nster p\u00e5 bilden) och Dimitri Dekanozishvili (till h\u00f6ger p\u00e5 bilden), drivna av en gemensam frustration \u00f6ver traditionella spr\u00e5kinl\u00e4rningsmetoder som ofta misslyckas med att f\u00f6rbereda eleverna f\u00f6r att tala i den verkliga v\u00e4rlden.<\/p>\n\n<div class=\"wp-block-columns is-layout-flex wp-container-core-columns-is-layout-9d6595d7 wp-block-columns-is-layout-flex\">\n<div class=\"wp-block-column is-layout-flow wp-block-column-is-layout-flow\" style=\"flex-basis:50%\"><div class=\"wp-block-image\">\n<figure class=\"alignleft size-large\"><img decoding=\"async\" width=\"1024\" height=\"683\" src=\"https:\/\/talkpal.ai\/wp-content\/uploads\/2025\/12\/Talkpal-Entrepreneur-1024x683.jpg\" alt=\"\" class=\"wp-image-1557444\" style=\"aspect-ratio:1.4992888417882142\" srcset=\"https:\/\/talkpal.ai\/wp-content\/uploads\/2025\/12\/Talkpal-Entrepreneur-1024x683.jpg 1024w, https:\/\/talkpal.ai\/wp-content\/uploads\/2025\/12\/Talkpal-Entrepreneur-300x200.jpg 300w, https:\/\/talkpal.ai\/wp-content\/uploads\/2025\/12\/Talkpal-Entrepreneur-768x512.jpg 768w, https:\/\/talkpal.ai\/wp-content\/uploads\/2025\/12\/Talkpal-Entrepreneur.jpg 1344w\" sizes=\"(max-width: 1024px) 100vw, 1024px\" \/><\/figure>\n<\/div><\/div>\n\n\n\n<div class=\"wp-block-column is-layout-flow wp-block-column-is-layout-flow\" style=\"flex-basis:50%\">\n<p>Redan fr\u00e5n b\u00f6rjan var m\u00e5let tydligt: att skapa en AI-spr\u00e5kkompis som k\u00e4nns mindre som en l\u00e4robok och mer som en st\u00f6djande samtalspartner. Namnet &#8221;Talkpal&#8221; \u00e5terspeglar denna filosofi &#8211; en v\u00e4nlig, alltid tillg\u00e4nglig f\u00f6ljeslagare som uppmuntrar eleverna att \u00f6va p\u00e5 att tala utan r\u00e4dsla f\u00f6r att bli d\u00f6mda.<\/p>\n\n\n\n<p>Talkpal b\u00f6rjade som en webbaserad produkt och expanderade snabbt till mobila plattformar och samlade ett globalt team av AI-ingenj\u00f6rer, lingvister, utbildare, marknadsf\u00f6rare och produktdesigners. Genom kontinuerlig iteration, forskning och feedback fr\u00e5n anv\u00e4ndare utvecklades Talkpal till en omfattande AI-plattform f\u00f6r spr\u00e5kinl\u00e4rning som miljontals m\u00e4nniskor v\u00e4rlden \u00f6ver litar p\u00e5.<\/p>\n<\/div>\n<\/div>\n\n<h2 class=\"wp-block-heading\" id=\"h-what-we-do\">Vad vi g\u00f6r<\/h2>\n\n<p>Talkpal tillhandah\u00e5ller AI-drivna text- och r\u00f6stinl\u00e4rningsupplevelser som \u00e4r utformade f\u00f6r att simulera verklig m\u00e4nsklig interaktion. V\u00e5r plattform anpassar sig dynamiskt till varje elevs niv\u00e5, m\u00e5l och inl\u00e4rningsstil.<\/p>\n\n<p>Viktiga funktioner inkluderar:<\/p>\n\n<ul class=\"wp-block-list\">\n<li>Naturliga AI-konversationer f\u00f6r att \u00f6va p\u00e5 att tala<\/li>\n\n\n\n<li>Feedback i realtid p\u00e5 uttal, grammatik och flyt i talet<\/li>\n\n\n\n<li>St\u00f6d f\u00f6r nyb\u00f6rjare till avancerade elever<\/li>\n\n\n\n<li>Lektioner p\u00e5 \u00f6ver 80 globala spr\u00e5k, inklusive engelska, spanska, tyska, franska, italienska, japanska, kinesiska, koreanska, arabiska, nederl\u00e4ndska, portugisiska, svenska, hebreiska, grekiska, turkiska, finska och afrikaans, albanska, armeniska, assamesiska, azerbajdzjanska, baskiska, vitryska, bengali, bosniska, bulgariska, burmesiska, kantonesiska, katalanska, kroatiska, tjeckiska, danska, estniska, galiciska, georgiska, gujarati, hindi, isl\u00e4ndska, indonesiska, iriska, javanska, kanada, kazakiska, khmer, lao, lettiska, litauiska, makedonska, malajiska, malayalam, maltesiska, maori, marathi, mongoliska, nepali, norska, odia, ungerska pashto, persiska, polska, punjabi, rum\u00e4nska, ryska, serbiska, singalesiska, slovakiska, slovenska, somaliska, swahili, tagalog, tamil, telugu, thai, ukrainska, urdu, uzbekiska, vietnamesiska, walesiska, zulu m.fl.<\/li>\n\n\n\n<li>En freemium-modell med flexibla abonnemangsplaner<\/li>\n\n\n\n<li>Dedikerade f\u00f6retagsl\u00f6sningar f\u00f6r universitet, spr\u00e5kskolor, f\u00f6retag och andra organisationer<\/li>\n<\/ul>\n\n<p>V\u00e5rt inneh\u00e5ll och v\u00e5ra system utvecklas i samarbete med spr\u00e5kexperter och AI-forskare, vilket s\u00e4kerst\u00e4ller b\u00e5de pedagogisk och teknisk kvalitet.<\/p>\n\n<h2 class=\"wp-block-heading\" id=\"h-research-backed-learning\">Forskningsbaserat l\u00e4rande<\/h2>\n\n<p>Talkpals effektivitet har unders\u00f6kts i flera akademiska studier, s\u00e4rskilt i ESL- och EFL-sammanhang. Forskning har visat statistiskt signifikanta f\u00f6rb\u00e4ttringar i elevernas talflyt, uttal, grammatik och sj\u00e4lvf\u00f6rtroende n\u00e4r de anv\u00e4nder AI-baserade konversationsverktyg som Talkpal.<\/p>\n\n<p>Detta forskningsdrivna tillv\u00e4gag\u00e5ngss\u00e4tt ligger till grund f\u00f6r v\u00e5rt \u00e5tagande att inte bara bygga innovativ teknik &#8211; utan \u00e4ven m\u00e4tbart effektiva spr\u00e5kinl\u00e4rningsupplevelser.<\/p>\n\n<h2 class=\"wp-block-heading\" id=\"h-trusted-by-learners-worldwide\">Betrodda av elever \u00f6ver hela v\u00e4rlden<\/h2>\n\n<p>Talkpal \u00e4r betrott av miljontals anv\u00e4ndare globalt och f\u00e5r genomg\u00e5ende h\u00f6ga betyg i appbutiker och p\u00e5 granskningsplattformar. Eleverna lyfter ofta fram:<\/p>\n\n<ul class=\"wp-block-list\">\n<li>Den tryckfria milj\u00f6n f\u00f6r tal\u00f6vningar<\/li>\n\n\n\n<li>Omedelbar, handlingsinriktad feedback<\/li>\n\n\n\n<li>Flexibilitet att l\u00e4ra sig n\u00e4r som helst och var som helst<\/li>\n\n\n\n<li>M\u00f6jligheten att \u00f6va utan att beh\u00f6va en m\u00e4nsklig spr\u00e5kpartner<\/li>\n<\/ul>\n\n<h2 class=\"wp-block-heading\" id=\"h-our-commitment\">V\u00e5rt \u00e5tagande<\/h2>\n\n<p>P\u00e5 Talkpal \u00e4r vi engagerade i att:<\/p>\n\n<ul class=\"wp-block-list\">\n<li><strong>Innovation<\/strong> &#8211; kontinuerlig utveckling av AI- och utbildningsteknik<\/li>\n\n\n\n<li><strong>Kvalitet<\/strong> &#8211; forskningsst\u00f6dda inl\u00e4rningsupplevelser<\/li>\n\n\n\n<li><strong>Tillg\u00e4nglighet<\/strong> &#8211; prisv\u00e4rd och inkluderande spr\u00e5kinl\u00e4rning f\u00f6r alla<\/li>\n\n\n\n<li><strong>Global p\u00e5verkan<\/strong> &#8211; m\u00f6jligg\u00f6r kommunikation mellan olika kulturer<\/li>\n<\/ul>\n\n<p>Vi tror att spr\u00e5k har f\u00f6rm\u00e5gan att f\u00f6r\u00e4ndra liv &#8211; och med <a href=\"https:\/\/talkpal.ai\/speaking-with-ai\/\">AI<\/a> kan den f\u00f6rm\u00e5gan n\u00e5 ut till alla.<\/p>\n\n<p><\/p>\n","protected":false},"excerpt":{"rendered":"<p>Talkpal, Inc. \u00e4r ett AI-drivet spr\u00e5kinl\u00e4rningsf\u00f6retag med uppdrag att g\u00f6ra det m\u00f6jligt f\u00f6r alla att tala alla spr\u00e5k, \u00f6verallt. Talkpal utvecklar en av v\u00e4rldens mest avancerade AI-plattformar f\u00f6r spr\u00e5khandledning och hj\u00e4lper miljontals elever att \u00f6va p\u00e5 riktiga konversationer med sj\u00e4lvf\u00f6rtroende. Talkpal grundades 2023 och byggde p\u00e5 en enkel men kraftfull \u00f6vertygelse: spr\u00e5kinl\u00e4rning ska inte vara [&hellip;]<\/p>\n","protected":false},"author":1,"featured_media":197982,"parent":0,"menu_order":0,"comment_status":"closed","ping_status":"closed","template":"","meta":{"_acf_changed":false,"footnotes":""},"class_list":["post-9436","page","type-page","status-publish","has-post-thumbnail","hentry"],"acf":[],"yoast_head":"<!-- This site is optimized with the Yoast SEO Premium plugin v27.2 (Yoast SEO v27.2) - https:\/\/yoast.com\/product\/yoast-seo-premium-wordpress\/ -->\n<title>Om - Talkpal<\/title>\n<meta name=\"description\" content=\"Talkpal \u00e4r en GPT-driven AI-spr\u00e5kl\u00e4rare som grundades med tron att spr\u00e5kinl\u00e4rning ska vara tillg\u00e4nglig f\u00f6r alla.\" \/>\n<meta name=\"robots\" content=\"index, follow, max-snippet:-1, max-image-preview:large, max-video-preview:-1\" \/>\n<link rel=\"canonical\" href=\"https:\/\/talkpal.ai\/sv\/om\/\" \/>\n<meta property=\"og:locale\" content=\"sv_SE\" \/>\n<meta property=\"og:type\" content=\"article\" \/>\n<meta property=\"og:title\" content=\"Om\" \/>\n<meta property=\"og:description\" content=\"Talkpal, Inc. \u00e4r ett AI-drivet spr\u00e5kinl\u00e4rningsf\u00f6retag med uppdrag att g\u00f6ra det m\u00f6jligt f\u00f6r alla att tala alla spr\u00e5k, \u00f6verallt. Talkpal utvecklar en av\" \/>\n<meta property=\"og:url\" content=\"https:\/\/talkpal.ai\/sv\/om\/\" \/>\n<meta property=\"og:site_name\" content=\"Talkpal\" \/>\n<meta property=\"article:publisher\" content=\"https:\/\/www.facebook.com\/profile.php?id=100090733639311\" \/>\n<meta property=\"article:modified_time\" content=\"2026-03-06T16:34:17+00:00\" \/>\n<meta property=\"og:image\" content=\"https:\/\/talkpal.ai\/wp-content\/uploads\/2024\/03\/Talkpal-Logo-Icon.png\" \/>\n\t<meta property=\"og:image:width\" content=\"5000\" \/>\n\t<meta property=\"og:image:height\" content=\"5000\" \/>\n\t<meta property=\"og:image:type\" content=\"image\/png\" \/>\n<meta name=\"twitter:card\" content=\"summary_large_image\" \/>\n<meta name=\"twitter:site\" content=\"@talkpalai\" \/>\n<meta name=\"twitter:label1\" content=\"Ber\u00e4knad l\u00e4stid\" \/>\n\t<meta name=\"twitter:data1\" content=\"4 minuter\" \/>\n<script type=\"application\/ld+json\" class=\"yoast-schema-graph\">{\"@context\":\"https:\/\/schema.org\",\"@graph\":[{\"@type\":\"WebPage\",\"@id\":\"https:\/\/talkpal.ai\/sv\/om\/\",\"url\":\"https:\/\/talkpal.ai\/sv\/om\/\",\"name\":\"Om - Talkpal\",\"isPartOf\":{\"@id\":\"https:\/\/talkpal.ai\/sv\/#website\"},\"primaryImageOfPage\":{\"@id\":\"https:\/\/talkpal.ai\/sv\/om\/#primaryimage\"},\"image\":{\"@id\":\"https:\/\/talkpal.ai\/sv\/om\/#primaryimage\"},\"thumbnailUrl\":\"https:\/\/talkpal.ai\/wp-content\/uploads\/2024\/03\/Talkpal-Logo-Icon.png\",\"datePublished\":\"2023-04-03T14:56:00+00:00\",\"dateModified\":\"2026-03-06T16:34:17+00:00\",\"description\":\"Talkpal \u00e4r en GPT-driven AI-spr\u00e5kl\u00e4rare som grundades med tron att spr\u00e5kinl\u00e4rning ska vara tillg\u00e4nglig f\u00f6r alla.\",\"breadcrumb\":{\"@id\":\"https:\/\/talkpal.ai\/sv\/om\/#breadcrumb\"},\"inLanguage\":\"sv-SE\",\"potentialAction\":[{\"@type\":\"ReadAction\",\"target\":[\"https:\/\/talkpal.ai\/sv\/om\/\"]}]},{\"@type\":\"ImageObject\",\"inLanguage\":\"sv-SE\",\"@id\":\"https:\/\/talkpal.ai\/sv\/om\/#primaryimage\",\"url\":\"https:\/\/talkpal.ai\/wp-content\/uploads\/2024\/03\/Talkpal-Logo-Icon.png\",\"contentUrl\":\"https:\/\/talkpal.ai\/wp-content\/uploads\/2024\/03\/Talkpal-Logo-Icon.png\",\"width\":5000,\"height\":5000,\"caption\":\"TalkPal-logotyp\"},{\"@type\":\"BreadcrumbList\",\"@id\":\"https:\/\/talkpal.ai\/sv\/om\/#breadcrumb\",\"itemListElement\":[{\"@type\":\"ListItem\",\"position\":1,\"name\":\"Homepage\",\"item\":\"https:\/\/talkpal.ai\/sv\/\"},{\"@type\":\"ListItem\",\"position\":2,\"name\":\"Om\"}]},{\"@type\":\"WebSite\",\"@id\":\"https:\/\/talkpal.ai\/sv\/#website\",\"url\":\"https:\/\/talkpal.ai\/sv\/\",\"name\":\"Talkpal\",\"description\":\"AI Language Learning\",\"publisher\":{\"@id\":\"https:\/\/talkpal.ai\/sv\/#organization\"},\"alternateName\":\"Talkpal AI\",\"potentialAction\":[{\"@type\":\"SearchAction\",\"target\":{\"@type\":\"EntryPoint\",\"urlTemplate\":\"https:\/\/talkpal.ai\/sv\/?s={search_term_string}\"},\"query-input\":{\"@type\":\"PropertyValueSpecification\",\"valueRequired\":true,\"valueName\":\"search_term_string\"}}],\"inLanguage\":\"sv-SE\"},{\"@type\":\"Organization\",\"@id\":\"https:\/\/talkpal.ai\/sv\/#organization\",\"name\":\"Talkpal, Inc.\",\"alternateName\":\"Talkpal AI\",\"url\":\"https:\/\/talkpal.ai\/sv\/\",\"logo\":{\"@type\":\"ImageObject\",\"inLanguage\":\"sv-SE\",\"@id\":\"https:\/\/talkpal.ai\/sv\/#\/schema\/logo\/image\/\",\"url\":\"https:\/\/talkpal.ai\/wp-content\/uploads\/2024\/03\/Talkpal-Logo-Icon.png\",\"contentUrl\":\"https:\/\/talkpal.ai\/wp-content\/uploads\/2024\/03\/Talkpal-Logo-Icon.png\",\"width\":2880,\"height\":2880,\"caption\":\"Talkpal, Inc.\"},\"image\":{\"@id\":\"https:\/\/talkpal.ai\/sv\/#\/schema\/logo\/image\/\"},\"sameAs\":[\"https:\/\/www.facebook.com\/profile.php?id=100090733639311\",\"https:\/\/x.com\/talkpalai\",\"https:\/\/www.linkedin.com\/company\/talkpal\/\",\"https:\/\/www.youtube.com\/@TalkPal\/\",\"https:\/\/www.tiktok.com\/@talkpal\",\"https:\/\/www.instagram.com\/talkpal_ai\/\",\"https:\/\/www.crunchbase.com\/organization\/talkpal-9cde\",\"https:\/\/www.g2.com\/products\/talkpal-for-business\/\",\"https:\/\/www.trustpilot.com\/review\/talkpal.ai\",\"https:\/\/www.capterra.com\/p\/10006800\/TalkPal\/\"],\"description\":\"Talkpal is a language learning web and mobile education app, powered by the latest AI technologies, that provides engaging experiences to its customers in many different languages to help them improve their language skills. Users can chat about unlimited amount of topics with the app and use other modes to practice their language learning.\",\"email\":\"support@talkpal.ai\",\"legalName\":\"Talkpal, Inc.\",\"foundingDate\":\"2023-04-03\",\"duns\":\"118989042\",\"numberOfEmployees\":{\"@type\":\"QuantitativeValue\",\"minValue\":\"11\",\"maxValue\":\"50\"},\"publishingPrinciples\":\"https:\/\/talkpal.ai\/publishing-principles\/\",\"actionableFeedbackPolicy\":\"https:\/\/talkpal.ai\/actionable-feedback-policy\/\",\"correctionsPolicy\":\"https:\/\/talkpal.ai\/corrections-policy\/\",\"ethicsPolicy\":\"https:\/\/talkpal.ai\/ethics-policy\/\",\"diversityPolicy\":\"https:\/\/talkpal.ai\/diversity-policy\/\",\"diversityStaffingReport\":\"https:\/\/talkpal.ai\/diversity-policy\/\"}]}<\/script>\n<!-- \/ Yoast SEO Premium plugin. -->","yoast_head_json":{"title":"Om - Talkpal","description":"Talkpal \u00e4r en GPT-driven AI-spr\u00e5kl\u00e4rare som grundades med tron att spr\u00e5kinl\u00e4rning ska vara tillg\u00e4nglig f\u00f6r alla.","robots":{"index":"index","follow":"follow","max-snippet":"max-snippet:-1","max-image-preview":"max-image-preview:large","max-video-preview":"max-video-preview:-1"},"canonical":"https:\/\/talkpal.ai\/sv\/om\/","og_locale":"sv_SE","og_type":"article","og_title":"Om","og_description":"Talkpal, Inc. \u00e4r ett AI-drivet spr\u00e5kinl\u00e4rningsf\u00f6retag med uppdrag att g\u00f6ra det m\u00f6jligt f\u00f6r alla att tala alla spr\u00e5k, \u00f6verallt. Talkpal utvecklar en av","og_url":"https:\/\/talkpal.ai\/sv\/om\/","og_site_name":"Talkpal","article_publisher":"https:\/\/www.facebook.com\/profile.php?id=100090733639311","article_modified_time":"2026-03-06T16:34:17+00:00","og_image":[{"width":5000,"height":5000,"url":"https:\/\/talkpal.ai\/wp-content\/uploads\/2024\/03\/Talkpal-Logo-Icon.png","type":"image\/png"}],"twitter_card":"summary_large_image","twitter_site":"@talkpalai","twitter_misc":{"Ber\u00e4knad l\u00e4stid":"4 minuter"},"schema":{"@context":"https:\/\/schema.org","@graph":[{"@type":"WebPage","@id":"https:\/\/talkpal.ai\/sv\/om\/","url":"https:\/\/talkpal.ai\/sv\/om\/","name":"Om - Talkpal","isPartOf":{"@id":"https:\/\/talkpal.ai\/sv\/#website"},"primaryImageOfPage":{"@id":"https:\/\/talkpal.ai\/sv\/om\/#primaryimage"},"image":{"@id":"https:\/\/talkpal.ai\/sv\/om\/#primaryimage"},"thumbnailUrl":"https:\/\/talkpal.ai\/wp-content\/uploads\/2024\/03\/Talkpal-Logo-Icon.png","datePublished":"2023-04-03T14:56:00+00:00","dateModified":"2026-03-06T16:34:17+00:00","description":"Talkpal \u00e4r en GPT-driven AI-spr\u00e5kl\u00e4rare som grundades med tron att spr\u00e5kinl\u00e4rning ska vara tillg\u00e4nglig f\u00f6r alla.","breadcrumb":{"@id":"https:\/\/talkpal.ai\/sv\/om\/#breadcrumb"},"inLanguage":"sv-SE","potentialAction":[{"@type":"ReadAction","target":["https:\/\/talkpal.ai\/sv\/om\/"]}]},{"@type":"ImageObject","inLanguage":"sv-SE","@id":"https:\/\/talkpal.ai\/sv\/om\/#primaryimage","url":"https:\/\/talkpal.ai\/wp-content\/uploads\/2024\/03\/Talkpal-Logo-Icon.png","contentUrl":"https:\/\/talkpal.ai\/wp-content\/uploads\/2024\/03\/Talkpal-Logo-Icon.png","width":5000,"height":5000,"caption":"TalkPal-logotyp"},{"@type":"BreadcrumbList","@id":"https:\/\/talkpal.ai\/sv\/om\/#breadcrumb","itemListElement":[{"@type":"ListItem","position":1,"name":"Homepage","item":"https:\/\/talkpal.ai\/sv\/"},{"@type":"ListItem","position":2,"name":"Om"}]},{"@type":"WebSite","@id":"https:\/\/talkpal.ai\/sv\/#website","url":"https:\/\/talkpal.ai\/sv\/","name":"Talkpal","description":"AI Language Learning","publisher":{"@id":"https:\/\/talkpal.ai\/sv\/#organization"},"alternateName":"Talkpal AI","potentialAction":[{"@type":"SearchAction","target":{"@type":"EntryPoint","urlTemplate":"https:\/\/talkpal.ai\/sv\/?s={search_term_string}"},"query-input":{"@type":"PropertyValueSpecification","valueRequired":true,"valueName":"search_term_string"}}],"inLanguage":"sv-SE"},{"@type":"Organization","@id":"https:\/\/talkpal.ai\/sv\/#organization","name":"Talkpal, Inc.","alternateName":"Talkpal AI","url":"https:\/\/talkpal.ai\/sv\/","logo":{"@type":"ImageObject","inLanguage":"sv-SE","@id":"https:\/\/talkpal.ai\/sv\/#\/schema\/logo\/image\/","url":"https:\/\/talkpal.ai\/wp-content\/uploads\/2024\/03\/Talkpal-Logo-Icon.png","contentUrl":"https:\/\/talkpal.ai\/wp-content\/uploads\/2024\/03\/Talkpal-Logo-Icon.png","width":2880,"height":2880,"caption":"Talkpal, Inc."},"image":{"@id":"https:\/\/talkpal.ai\/sv\/#\/schema\/logo\/image\/"},"sameAs":["https:\/\/www.facebook.com\/profile.php?id=100090733639311","https:\/\/x.com\/talkpalai","https:\/\/www.linkedin.com\/company\/talkpal\/","https:\/\/www.youtube.com\/@TalkPal\/","https:\/\/www.tiktok.com\/@talkpal","https:\/\/www.instagram.com\/talkpal_ai\/","https:\/\/www.crunchbase.com\/organization\/talkpal-9cde","https:\/\/www.g2.com\/products\/talkpal-for-business\/","https:\/\/www.trustpilot.com\/review\/talkpal.ai","https:\/\/www.capterra.com\/p\/10006800\/TalkPal\/"],"description":"Talkpal is a language learning web and mobile education app, powered by the latest AI technologies, that provides engaging experiences to its customers in many different languages to help them improve their language skills. Users can chat about unlimited amount of topics with the app and use other modes to practice their language learning.","email":"support@talkpal.ai","legalName":"Talkpal, Inc.","foundingDate":"2023-04-03","duns":"118989042","numberOfEmployees":{"@type":"QuantitativeValue","minValue":"11","maxValue":"50"},"publishingPrinciples":"https:\/\/talkpal.ai\/publishing-principles\/","actionableFeedbackPolicy":"https:\/\/talkpal.ai\/actionable-feedback-policy\/","correctionsPolicy":"https:\/\/talkpal.ai\/corrections-policy\/","ethicsPolicy":"https:\/\/talkpal.ai\/ethics-policy\/","diversityPolicy":"https:\/\/talkpal.ai\/diversity-policy\/","diversityStaffingReport":"https:\/\/talkpal.ai\/diversity-policy\/"}]}},"_links":{"self":[{"href":"https:\/\/talkpal.ai\/sv\/wp-json\/wp\/v2\/pages\/9436","targetHints":{"allow":["GET"]}}],"collection":[{"href":"https:\/\/talkpal.ai\/sv\/wp-json\/wp\/v2\/pages"}],"about":[{"href":"https:\/\/talkpal.ai\/sv\/wp-json\/wp\/v2\/types\/page"}],"author":[{"embeddable":true,"href":"https:\/\/talkpal.ai\/sv\/wp-json\/wp\/v2\/users\/1"}],"replies":[{"embeddable":true,"href":"https:\/\/talkpal.ai\/sv\/wp-json\/wp\/v2\/comments?post=9436"}],"version-history":[{"count":0,"href":"https:\/\/talkpal.ai\/sv\/wp-json\/wp\/v2\/pages\/9436\/revisions"}],"wp:featuredmedia":[{"embeddable":true,"href":"https:\/\/talkpal.ai\/sv\/wp-json\/wp\/v2\/media\/197982"}],"wp:attachment":[{"href":"https:\/\/talkpal.ai\/sv\/wp-json\/wp\/v2\/media?parent=9436"}],"curies":[{"name":"wp","href":"https:\/\/api.w.org\/{rel}","templated":true}]}}