{"id":91723,"date":"2023-06-16T08:35:52","date_gmt":"2023-06-16T08:35:52","guid":{"rendered":"http:\/\/talkpal.ai\/franska-grammatikovningar\/"},"modified":"2025-12-17T16:46:24","modified_gmt":"2025-12-17T16:46:24","slug":"franska-grammatikovningar","status":"publish","type":"page","link":"https:\/\/talkpal.ai\/sv\/franska-grammatikovningar\/","title":{"rendered":"Franska grammatik\u00f6vningar"},"content":{"rendered":"\r\n\r\n\r\n<section class=\"languageChallengeSection\">\r\n    <div class=\"languageInfoWrapper\">\r\n        \r\n        <h1>Franska grammatik\u00f6vningar<\/h1>\r\n        <p>Vill du l\u00e4ra dig <a href=\"https:\/\/talkpal.ai\/learn-french\/\">franska<\/a>? Att \u00f6va p\u00e5 grammatik\u00f6vningar \u00e4r ett fantastiskt s\u00e4tt att f\u00f6rst\u00e5 meningsbyggnad, verbkonjugationer och det <a href=\"https:\/\/talkpal.ai\/learn-french\/\">franska<\/a> spr\u00e5kets unika m\u00f6nster. B\u00f6rja arbeta med <a href=\"https:\/\/talkpal.ai\/no\/laer-fransk\/\">fransk grammatik<\/a> idag och se ditt sj\u00e4lvf\u00f6rtroende och flyt v\u00e4xa med varje \u00f6vning!\n\n<\/p>\r\n\r\n                            <a class=\"getStartedHidden\" href=\"https:\/\/app.talkpal.ai\/sv\/signup?lng=\">Kom ig\u00e5ng<\/a>\r\n        \r\n    <\/div>\r\n\r\n    <figure>\r\n    <img decoding=\"async\" width=\"768\" height=\"768\" src=\"https:\/\/talkpal.ai\/wp-content\/uploads\/2023\/06\/french-768x768.png\" class=\"languageImage no-lazy\" alt=\"Default alt text\" fetchpriority=\"high\" sizes=\"(max-width: 768px) 150px, 768px\" srcset=\"https:\/\/talkpal.ai\/wp-content\/uploads\/2023\/06\/french-768x768.png 768w, https:\/\/talkpal.ai\/wp-content\/uploads\/2023\/06\/french-300x300.png 300w\" \/>\r\n    \r\n\r\n    <\/figure>\r\n\r\n            <a class=\"getStartedVisible\" href=\"https:\/\/app.talkpal.ai\/sv\/signup?lng=\">Kom ig\u00e5ng<\/a>\r\n    \r\n<\/section>\r\n\r\n\r\n<!-- <section class=\"grammarSection\">\r\n    <div class=\"grammarLinks\">\r\n        <a href=\"https:\/\/talkpal.ai\/sv\/exercise_language\/adjektiv-sv-2\/\">Adjektiv <\/a><a href=\"https:\/\/talkpal.ai\/sv\/exercise_language\/adverb-sv-2\/\">Adverb <\/a><a href=\"https:\/\/talkpal.ai\/sv\/exercise_language\/artiklar-sv\/\">Artiklar <\/a><a href=\"https:\/\/talkpal.ai\/sv\/exercise_language\/straffstruktur-sv\/\">Meningsbyggnad <\/a><a href=\"https:\/\/talkpal.ai\/sv\/exercise_language\/prepositioner-sv-2\/\">Prepositioner <\/a><a href=\"https:\/\/talkpal.ai\/sv\/exercise_language\/pronomen-och-determinister\/\">Pronomen och best\u00e4mningsfaktorer <\/a><a href=\"https:\/\/talkpal.ai\/sv\/exercise_language\/substantiv-sv\/\">Substantiv <\/a><a href=\"https:\/\/talkpal.ai\/sv\/exercise_language\/tider-tecken\/\">Tempus \u2013 Indikativ <\/a><a href=\"https:\/\/talkpal.ai\/sv\/exercise_language\/verb-sv-2\/\">Verb <\/a>    <\/div>\r\n<\/section> -->\r\n\r\n\r\n\r\n\r\n        <section class=\"grammarSection\">\r\n            <div class=\"grammarLinks\">\r\n                <a href=\"https:\/\/talkpal.ai\/sv\/exercise_language\/adjektiv-sv-2\/\">Adjektiv <\/a><a href=\"https:\/\/talkpal.ai\/sv\/exercise_language\/adverb-sv-2\/\">Adverb <\/a><a href=\"https:\/\/talkpal.ai\/sv\/exercise_language\/artiklar-sv\/\">Artiklar <\/a><a href=\"https:\/\/talkpal.ai\/sv\/exercise_language\/straffstruktur-sv\/\">Meningsbyggnad <\/a><a href=\"https:\/\/talkpal.ai\/sv\/exercise_language\/prepositioner-sv-2\/\">Prepositioner <\/a><a href=\"https:\/\/talkpal.ai\/sv\/exercise_language\/pronomen-och-determinister\/\">Pronomen och best\u00e4mningsfaktorer <\/a><a href=\"https:\/\/talkpal.ai\/sv\/exercise_language\/substantiv-sv\/\">Substantiv <\/a><a href=\"https:\/\/talkpal.ai\/sv\/exercise_language\/tider-tecken\/\">Tempus \u2013 Indikativ <\/a><a href=\"https:\/\/talkpal.ai\/sv\/exercise_language\/verb-sv-2\/\">Verb <\/a>            <\/div>\r\n        <\/section>\r\n<section class=\"promotionalBanner\">\r\n    <p class=\"promotionalText\">Det mest effektiva s\u00e4ttet att l\u00e4ra sig ett spr\u00e5k<\/p>\r\n    <a class=\"promotionalLink\" href=\"https:\/\/app.talkpal.ai\/sv\/signup?lng=\">Prova Talkpal gratis<\/a>\r\n<\/section>\n<div class=\"wp-block-group pageContainerStyle\"><div class=\"wp-block-group__inner-container is-layout-constrained wp-block-group-is-layout-constrained\">\n<h2 class=\"wp-block-heading\" id=\"h-french-grammar-topics\">Franska grammatik\u00e4mnen<\/h2>\n\n\n\n<p>Att <a href=\"https:\/\/talkpal.ai\/learn-french-with-ai\/\">l\u00e4ra sig franska<\/a> kan vara en sp\u00e4nnande och givande upplevelse. Som ett spr\u00e5k rikt p\u00e5 historia och kultur erbjuder franska ett unikt perspektiv p\u00e5 v\u00e4rlden och \u00e4r ett viktigt kommunikationsverktyg inom olika omr\u00e5den. F\u00f6r att effektivt l\u00e4ra sig franska \u00e4r det avg\u00f6rande att ha ett <a href=\"https:\/\/talkpal.ai\/locations\/learn-english-in-bra\/\">bra<\/a> grepp om grammatiken, som \u00e4r grunden f\u00f6r <a href=\"https:\/\/talkpal.ai\/fr\/langues\/\">alla spr\u00e5k<\/a>. F\u00f6ljande sekvens av franska grammatik\u00e4mnen, inklusive adjektiv, adverb, artiklar, substantiv, prepositioner, pronomen och best\u00e4mningar, meningsbyggnad, tempus \u2013 indikativ och verb, hj\u00e4lper dig p\u00e5 din resa mot att beh\u00e4rska spr\u00e5ket.<\/p>\n\n\n\n<h3 class=\"wp-block-heading\" id=\"h-1-nouns\">1. Substantiv:<\/h3>\n\n\n\n<p>Substantiv \u00e4r de viktigaste byggstenarna i alla spr\u00e5k, eftersom de representerar m\u00e4nniskor, platser, saker eller id\u00e9er. P\u00e5 franska har substantiv genus (maskulinum eller femininum) och kan vara singular eller plural. Att f\u00f6rst\u00e5 genus och antal substantiv \u00e4r viktigt, eftersom det p\u00e5verkar formerna f\u00f6r andra ord i en mening, s\u00e5som adjektiv, artiklar och pronomen.<\/p>\n\n\n\n<h3 class=\"wp-block-heading\" id=\"h-2-articles\">2. Artiklar:<\/h3>\n\n\n\n<p>Artiklar \u00e4r viktiga i fransk grammatik, eftersom de ger information om ett <a href=\"https:\/\/talkpal.ai\/sv\/grammar_exercises\/genus-of-substantivsovningar-for-turkisk-grammatik\/\">substantivs genus<\/a> och antal. <a href=\"https:\/\/talkpal.ai\/culture\/how-do-i-use-det-finns-correctly\/\">Det finns<\/a> tre typer av artiklar i franskan: best\u00e4md (le, la, les), obest\u00e4md (un, une, des) och partitiv (du, de la, des). Att anv\u00e4nda l\u00e4mplig artikel hj\u00e4lper till att f\u00f6rmedla den avsedda inneb\u00f6rden av en mening.<\/p>\n\n\n\n<h3 class=\"wp-block-heading\" id=\"h-3-adjectives\">3. Adjektiv:<\/h3>\n\n\n\n<p>Adjektiv anv\u00e4nds f\u00f6r att beskriva eller modifiera substantiv. P\u00e5 franska m\u00e5ste adjektiv \u00f6verensst\u00e4mma med substantivet de modifierar i genus och numerus. Dessutom kan adjektivens position i en mening variera, \u00e4ven om de flesta adjektiv f\u00f6ljer substantivet de beskriver.<\/p>\n\n\n\n<h3 class=\"wp-block-heading\" id=\"h-4-pronouns-and-determiners\">4. Pronomen och best\u00e4mningar:<\/h3>\n\n\n\n<p>Pronomen ers\u00e4tter substantiv f\u00f6r att undvika upprepning, medan best\u00e4mningar specificerar eller kvantifierar substantiv. B\u00e5de pronomen och best\u00e4mningar m\u00e5ste \u00f6verensst\u00e4mma med substantivet de ers\u00e4tter eller \u00e5tf\u00f6ljer i genus och numerus. Franska pronomen inkluderar subjektspronomen (je, tu, il, etc.), objektpronomen (me, te, lui, etc.) och reflexiva pronomen (me, te, se, etc.). Determinorer inkluderar possessiva adjektiv (mon, ma, mes, etc.) och demonstrativa adjektiv (ce, cette, ces, etc.).<\/p>\n\n\n\n<h3 class=\"wp-block-heading\" id=\"h-5-verbs\">5. Verb:<\/h3>\n\n\n\n<p>Verb uttrycker handlingar, tillst\u00e5nd eller h\u00e4ndelser. P\u00e5 franska b\u00f6js verb f\u00f6r att \u00f6verensst\u00e4mma med subjektet i person och numerus och f\u00f6r att uttrycka olika tempus och modus. Regelbundna verb f\u00f6ljer ett f\u00f6ruts\u00e4gbart m\u00f6nster, medan oregelbundna verb kr\u00e4ver memorering.<\/p>\n\n\n\n<h3 class=\"wp-block-heading\" id=\"h-6-tenses-indicative\">6. Tempus &#8211; Indikativ:<\/h3>\n\n\n\n<p>Den indikativa st\u00e4mningen anv\u00e4nds f\u00f6r att uttrycka fakta och objektiva uttalanden. Det finns \u00e5tta tempus i den franska indikativen: nutid, framtid, imperfekt, enkelt f\u00f6rflutet, pluperfekt, futurum perfekt, f\u00f6rfluten konditional, och f\u00f6rfluten perfekt. Att f\u00f6rst\u00e5 och beh\u00e4rska dessa tempus \u00e4r avg\u00f6rande f\u00f6r att kunna uttrycka tid och sekvens p\u00e5 franska.<\/p>\n\n\n\n<h3 class=\"wp-block-heading\" id=\"h-7-adverbs\">7. Adverb:<\/h3>\n\n\n\n<p>Adverb modifierar verb, adjektiv eller andra adverb och ger ytterligare information om handlingen, tillst\u00e5ndet eller kvaliteten. P\u00e5 franska bildas de flesta adverb genom att l\u00e4gga till -ment till den feminina formen av adjektivet. Adverb f\u00f6ljer i allm\u00e4nhet det verb de modifierar.<\/p>\n\n\n\n<h3 class=\"wp-block-heading\" id=\"h-8-prepositions\">8. Prepositioner:<\/h3>\n\n\n\n<p>Prepositioner l\u00e4nkar samman ord eller grupper av ord, vilket indikerar relationer som plats, riktning, tid eller orsak. Vanliga franska prepositioner \u00e4r \u00e0 (vid, till), de (av, fr\u00e5n), en (in, p\u00e5) och pour (f\u00f6r). Att l\u00e4ra sig prepositioner och deras anv\u00e4ndning \u00e4r viktigt f\u00f6r att konstruera sammanh\u00e4ngande meningar.<\/p>\n\n\n\n<h3 class=\"wp-block-heading\" id=\"h-9-sentence-structure\">9. Meningsbyggnad:<\/h3>\n\n\n\n<p>Franska meningar f\u00f6ljer en subjekt-verb-objekt-struktur (SVO), liknande engelskan. Ordf\u00f6ljden kan dock variera beroende p\u00e5 anv\u00e4ndningen av pronomen, negation och betoning. Att f\u00f6rst\u00e5 meningsstrukturen \u00e4r avg\u00f6rande f\u00f6r att kunna formulera tydliga och korrekta p\u00e5st\u00e5enden och fr\u00e5gor p\u00e5 franska.<\/p>\n<\/div><\/div>\n\r\n<section class=\"learnNavigationSection\">\r\n            \r\n        <a href=\"https:\/\/talkpal.ai\/sv\/lar-dig-franska\/\">\r\n            <div class=\"learnNavigationWrapper\">\r\n                <div class=\"learnNavigationContent\">\r\n                    <img decoding=\"async\" src=\"https:\/\/talkpal.ai\/wp-content\/uploads\/2024\/08\/French.jpg\" alt=\"French Flag\">\r\n                    <div>\r\n                        <h4>Om fransk inl\u00e4rning<\/h4>\r\n                        <p>Ta reda p\u00e5 allt om fransk grammatik.<\/p>\r\n                    <\/div>\r\n                <\/div>\r\n            <\/div>\r\n        <\/a>\r\n\r\n        \r\n        <a href=\"https:\/\/talkpal.ai\/sv\/fransk-grammatik\/\">\r\n            <div class=\"learnNavigationWrapper\">\r\n                <div class=\"learnNavigationContent\">\r\n                    <img decoding=\"async\" src=\"https:\/\/talkpal.ai\/wp-content\/uploads\/2024\/08\/French.jpg\" alt=\"French Flag\">\r\n                    <div>\r\n                        <h4>Lektioner i fransk grammatik<\/h4>\r\n                        <p>\u00d6va fransk grammatik.<\/p>\r\n                    <\/div>\r\n                <\/div>\r\n            <\/div>\r\n        <\/a>\r\n\r\n        \r\n        <a href=\"https:\/\/talkpal.ai\/vocabulary_language\/french\/\">\r\n            <div class=\"learnNavigationWrapper\">\r\n                <div class=\"learnNavigationContent\">\r\n                    <img decoding=\"async\" src=\"https:\/\/talkpal.ai\/wp-content\/uploads\/2024\/08\/French.jpg\" alt=\"French Flag\">\r\n                    <div>\r\n                        <h4>Fransk vokabul\u00e4r<\/h4>\r\n                        <p>Ut\u00f6ka ditt franska ordf\u00f6rr\u00e5d.<\/p>\r\n                    <\/div>\r\n                <\/div>\r\n            <\/div>\r\n        <\/a>\r\n\r\n            <\/section>","protected":false},"excerpt":{"rendered":"<p>Franska grammatik\u00e4mnen Att l\u00e4ra sig franska kan vara en sp\u00e4nnande och givande upplevelse. Som ett spr\u00e5k rikt p\u00e5 historia och kultur erbjuder franska ett unikt perspektiv p\u00e5 v\u00e4rlden och \u00e4r ett viktigt kommunikationsverktyg inom olika omr\u00e5den. F\u00f6r att effektivt l\u00e4ra sig franska \u00e4r det avg\u00f6rande att ha ett bra grepp om grammatiken, som \u00e4r grunden [&hellip;]<\/p>\n","protected":false},"author":6,"featured_media":6255,"parent":0,"menu_order":0,"comment_status":"closed","ping_status":"closed","template":"LearningContentPage.php","meta":{"_acf_changed":false,"footnotes":""},"class_list":["post-91723","page","type-page","status-publish","has-post-thumbnail","hentry"],"acf":[],"yoast_head":"<!-- This site is optimized with the Yoast SEO Premium plugin v27.2 (Yoast SEO v27.2) - https:\/\/yoast.com\/product\/yoast-seo-premium-wordpress\/ -->\n<title>Franska grammatik\u00f6vningar - Talkpal<\/title>\n<meta name=\"description\" content=\"\u00d6va och f\u00f6rb\u00e4ttra dina kunskaper i fransk grammatik med interaktiva \u00f6vningar som passar alla niv\u00e5er. F\u00f6rb\u00e4ttra dina spr\u00e5kkunskaper!\" \/>\n<meta name=\"robots\" content=\"index, follow, max-snippet:-1, max-image-preview:large, max-video-preview:-1\" \/>\n<link rel=\"canonical\" href=\"https:\/\/talkpal.ai\/sv\/franska-grammatikovningar\/\" \/>\n<meta property=\"og:locale\" content=\"sv_SE\" \/>\n<meta property=\"og:type\" content=\"article\" \/>\n<meta property=\"og:title\" content=\"Franska grammatik\u00f6vningar\" \/>\n<meta property=\"og:description\" content=\"Franska grammatik\u00e4mnen Att l\u00e4ra sig franska kan vara en sp\u00e4nnande och givande upplevelse. Som ett spr\u00e5k rikt p\u00e5 historia och kultur erbjuder franska ett\" \/>\n<meta property=\"og:url\" content=\"https:\/\/talkpal.ai\/sv\/franska-grammatikovningar\/\" \/>\n<meta property=\"og:site_name\" content=\"Talkpal\" \/>\n<meta property=\"article:publisher\" content=\"https:\/\/www.facebook.com\/profile.php?id=100090733639311\" \/>\n<meta property=\"article:modified_time\" content=\"2025-12-17T16:46:24+00:00\" \/>\n<meta property=\"og:image\" content=\"https:\/\/talkpal.ai\/wp-content\/uploads\/2023\/03\/france.png\" \/>\n\t<meta property=\"og:image:width\" content=\"512\" \/>\n\t<meta property=\"og:image:height\" content=\"512\" \/>\n\t<meta property=\"og:image:type\" content=\"image\/png\" \/>\n<meta name=\"twitter:card\" content=\"summary_large_image\" \/>\n<meta name=\"twitter:site\" content=\"@talkpalai\" \/>\n<meta name=\"twitter:label1\" content=\"Ber\u00e4knad l\u00e4stid\" \/>\n\t<meta name=\"twitter:data1\" content=\"3 minuter\" \/>\n<script type=\"application\/ld+json\" class=\"yoast-schema-graph\">{\"@context\":\"https:\/\/schema.org\",\"@graph\":[{\"@type\":\"WebPage\",\"@id\":\"https:\/\/talkpal.ai\/sv\/franska-grammatikovningar\/\",\"url\":\"https:\/\/talkpal.ai\/sv\/franska-grammatikovningar\/\",\"name\":\"Franska grammatik\u00f6vningar - Talkpal\",\"isPartOf\":{\"@id\":\"https:\/\/talkpal.ai\/sv\/#website\"},\"primaryImageOfPage\":{\"@id\":\"https:\/\/talkpal.ai\/sv\/franska-grammatikovningar\/#primaryimage\"},\"image\":{\"@id\":\"https:\/\/talkpal.ai\/sv\/franska-grammatikovningar\/#primaryimage\"},\"thumbnailUrl\":\"https:\/\/talkpal.ai\/wp-content\/uploads\/2023\/03\/france.png\",\"datePublished\":\"2023-06-16T08:35:52+00:00\",\"dateModified\":\"2025-12-17T16:46:24+00:00\",\"description\":\"\u00d6va och f\u00f6rb\u00e4ttra dina kunskaper i fransk grammatik med interaktiva \u00f6vningar som passar alla niv\u00e5er. F\u00f6rb\u00e4ttra dina spr\u00e5kkunskaper!\",\"breadcrumb\":{\"@id\":\"https:\/\/talkpal.ai\/sv\/franska-grammatikovningar\/#breadcrumb\"},\"inLanguage\":\"sv-SE\",\"potentialAction\":[{\"@type\":\"ReadAction\",\"target\":[\"https:\/\/talkpal.ai\/sv\/franska-grammatikovningar\/\"]}]},{\"@type\":\"ImageObject\",\"inLanguage\":\"sv-SE\",\"@id\":\"https:\/\/talkpal.ai\/sv\/franska-grammatikovningar\/#primaryimage\",\"url\":\"https:\/\/talkpal.ai\/wp-content\/uploads\/2023\/03\/france.png\",\"contentUrl\":\"https:\/\/talkpal.ai\/wp-content\/uploads\/2023\/03\/france.png\",\"width\":512,\"height\":512,\"caption\":\"TalkPal AI learn French\"},{\"@type\":\"BreadcrumbList\",\"@id\":\"https:\/\/talkpal.ai\/sv\/franska-grammatikovningar\/#breadcrumb\",\"itemListElement\":[{\"@type\":\"ListItem\",\"position\":1,\"name\":\"Homepage\",\"item\":\"https:\/\/talkpal.ai\/sv\/\"},{\"@type\":\"ListItem\",\"position\":2,\"name\":\"Franska grammatik\u00f6vningar\"}]},{\"@type\":\"WebSite\",\"@id\":\"https:\/\/talkpal.ai\/sv\/#website\",\"url\":\"https:\/\/talkpal.ai\/sv\/\",\"name\":\"Talkpal\",\"description\":\"AI Language Learning\",\"publisher\":{\"@id\":\"https:\/\/talkpal.ai\/sv\/#organization\"},\"alternateName\":\"Talkpal AI\",\"potentialAction\":[{\"@type\":\"SearchAction\",\"target\":{\"@type\":\"EntryPoint\",\"urlTemplate\":\"https:\/\/talkpal.ai\/sv\/?s={search_term_string}\"},\"query-input\":{\"@type\":\"PropertyValueSpecification\",\"valueRequired\":true,\"valueName\":\"search_term_string\"}}],\"inLanguage\":\"sv-SE\"},{\"@type\":\"Organization\",\"@id\":\"https:\/\/talkpal.ai\/sv\/#organization\",\"name\":\"Talkpal, Inc.\",\"alternateName\":\"Talkpal AI\",\"url\":\"https:\/\/talkpal.ai\/sv\/\",\"logo\":{\"@type\":\"ImageObject\",\"inLanguage\":\"sv-SE\",\"@id\":\"https:\/\/talkpal.ai\/sv\/#\/schema\/logo\/image\/\",\"url\":\"https:\/\/talkpal.ai\/wp-content\/uploads\/2024\/03\/Talkpal-Logo-Icon.png\",\"contentUrl\":\"https:\/\/talkpal.ai\/wp-content\/uploads\/2024\/03\/Talkpal-Logo-Icon.png\",\"width\":2880,\"height\":2880,\"caption\":\"Talkpal, Inc.\"},\"image\":{\"@id\":\"https:\/\/talkpal.ai\/sv\/#\/schema\/logo\/image\/\"},\"sameAs\":[\"https:\/\/www.facebook.com\/profile.php?id=100090733639311\",\"https:\/\/x.com\/talkpalai\",\"https:\/\/www.linkedin.com\/company\/talkpal\/\",\"https:\/\/www.youtube.com\/@TalkPal\/\",\"https:\/\/www.tiktok.com\/@talkpal\",\"https:\/\/www.instagram.com\/talkpal_ai\/\",\"https:\/\/www.crunchbase.com\/organization\/talkpal-9cde\",\"https:\/\/www.g2.com\/products\/talkpal-for-business\/\",\"https:\/\/www.trustpilot.com\/review\/talkpal.ai\",\"https:\/\/www.capterra.com\/p\/10006800\/TalkPal\/\"],\"description\":\"Talkpal is a language learning web and mobile education app, powered by the latest AI technologies, that provides engaging experiences to its customers in many different languages to help them improve their language skills. Users can chat about unlimited amount of topics with the app and use other modes to practice their language learning.\",\"email\":\"support@talkpal.ai\",\"legalName\":\"Talkpal, Inc.\",\"foundingDate\":\"2023-04-03\",\"duns\":\"118989042\",\"numberOfEmployees\":{\"@type\":\"QuantitativeValue\",\"minValue\":\"11\",\"maxValue\":\"50\"},\"publishingPrinciples\":\"https:\/\/talkpal.ai\/publishing-principles\/\",\"actionableFeedbackPolicy\":\"https:\/\/talkpal.ai\/actionable-feedback-policy\/\",\"correctionsPolicy\":\"https:\/\/talkpal.ai\/corrections-policy\/\",\"ethicsPolicy\":\"https:\/\/talkpal.ai\/ethics-policy\/\",\"diversityPolicy\":\"https:\/\/talkpal.ai\/diversity-policy\/\",\"diversityStaffingReport\":\"https:\/\/talkpal.ai\/diversity-policy\/\"}]}<\/script>\n<!-- \/ Yoast SEO Premium plugin. -->","yoast_head_json":{"title":"Franska grammatik\u00f6vningar - Talkpal","description":"\u00d6va och f\u00f6rb\u00e4ttra dina kunskaper i fransk grammatik med interaktiva \u00f6vningar som passar alla niv\u00e5er. F\u00f6rb\u00e4ttra dina spr\u00e5kkunskaper!","robots":{"index":"index","follow":"follow","max-snippet":"max-snippet:-1","max-image-preview":"max-image-preview:large","max-video-preview":"max-video-preview:-1"},"canonical":"https:\/\/talkpal.ai\/sv\/franska-grammatikovningar\/","og_locale":"sv_SE","og_type":"article","og_title":"Franska grammatik\u00f6vningar","og_description":"Franska grammatik\u00e4mnen Att l\u00e4ra sig franska kan vara en sp\u00e4nnande och givande upplevelse. Som ett spr\u00e5k rikt p\u00e5 historia och kultur erbjuder franska ett","og_url":"https:\/\/talkpal.ai\/sv\/franska-grammatikovningar\/","og_site_name":"Talkpal","article_publisher":"https:\/\/www.facebook.com\/profile.php?id=100090733639311","article_modified_time":"2025-12-17T16:46:24+00:00","og_image":[{"width":512,"height":512,"url":"https:\/\/talkpal.ai\/wp-content\/uploads\/2023\/03\/france.png","type":"image\/png"}],"twitter_card":"summary_large_image","twitter_site":"@talkpalai","twitter_misc":{"Ber\u00e4knad l\u00e4stid":"3 minuter"},"schema":{"@context":"https:\/\/schema.org","@graph":[{"@type":"WebPage","@id":"https:\/\/talkpal.ai\/sv\/franska-grammatikovningar\/","url":"https:\/\/talkpal.ai\/sv\/franska-grammatikovningar\/","name":"Franska grammatik\u00f6vningar - Talkpal","isPartOf":{"@id":"https:\/\/talkpal.ai\/sv\/#website"},"primaryImageOfPage":{"@id":"https:\/\/talkpal.ai\/sv\/franska-grammatikovningar\/#primaryimage"},"image":{"@id":"https:\/\/talkpal.ai\/sv\/franska-grammatikovningar\/#primaryimage"},"thumbnailUrl":"https:\/\/talkpal.ai\/wp-content\/uploads\/2023\/03\/france.png","datePublished":"2023-06-16T08:35:52+00:00","dateModified":"2025-12-17T16:46:24+00:00","description":"\u00d6va och f\u00f6rb\u00e4ttra dina kunskaper i fransk grammatik med interaktiva \u00f6vningar som passar alla niv\u00e5er. F\u00f6rb\u00e4ttra dina spr\u00e5kkunskaper!","breadcrumb":{"@id":"https:\/\/talkpal.ai\/sv\/franska-grammatikovningar\/#breadcrumb"},"inLanguage":"sv-SE","potentialAction":[{"@type":"ReadAction","target":["https:\/\/talkpal.ai\/sv\/franska-grammatikovningar\/"]}]},{"@type":"ImageObject","inLanguage":"sv-SE","@id":"https:\/\/talkpal.ai\/sv\/franska-grammatikovningar\/#primaryimage","url":"https:\/\/talkpal.ai\/wp-content\/uploads\/2023\/03\/france.png","contentUrl":"https:\/\/talkpal.ai\/wp-content\/uploads\/2023\/03\/france.png","width":512,"height":512,"caption":"TalkPal AI learn French"},{"@type":"BreadcrumbList","@id":"https:\/\/talkpal.ai\/sv\/franska-grammatikovningar\/#breadcrumb","itemListElement":[{"@type":"ListItem","position":1,"name":"Homepage","item":"https:\/\/talkpal.ai\/sv\/"},{"@type":"ListItem","position":2,"name":"Franska grammatik\u00f6vningar"}]},{"@type":"WebSite","@id":"https:\/\/talkpal.ai\/sv\/#website","url":"https:\/\/talkpal.ai\/sv\/","name":"Talkpal","description":"AI Language Learning","publisher":{"@id":"https:\/\/talkpal.ai\/sv\/#organization"},"alternateName":"Talkpal AI","potentialAction":[{"@type":"SearchAction","target":{"@type":"EntryPoint","urlTemplate":"https:\/\/talkpal.ai\/sv\/?s={search_term_string}"},"query-input":{"@type":"PropertyValueSpecification","valueRequired":true,"valueName":"search_term_string"}}],"inLanguage":"sv-SE"},{"@type":"Organization","@id":"https:\/\/talkpal.ai\/sv\/#organization","name":"Talkpal, Inc.","alternateName":"Talkpal AI","url":"https:\/\/talkpal.ai\/sv\/","logo":{"@type":"ImageObject","inLanguage":"sv-SE","@id":"https:\/\/talkpal.ai\/sv\/#\/schema\/logo\/image\/","url":"https:\/\/talkpal.ai\/wp-content\/uploads\/2024\/03\/Talkpal-Logo-Icon.png","contentUrl":"https:\/\/talkpal.ai\/wp-content\/uploads\/2024\/03\/Talkpal-Logo-Icon.png","width":2880,"height":2880,"caption":"Talkpal, Inc."},"image":{"@id":"https:\/\/talkpal.ai\/sv\/#\/schema\/logo\/image\/"},"sameAs":["https:\/\/www.facebook.com\/profile.php?id=100090733639311","https:\/\/x.com\/talkpalai","https:\/\/www.linkedin.com\/company\/talkpal\/","https:\/\/www.youtube.com\/@TalkPal\/","https:\/\/www.tiktok.com\/@talkpal","https:\/\/www.instagram.com\/talkpal_ai\/","https:\/\/www.crunchbase.com\/organization\/talkpal-9cde","https:\/\/www.g2.com\/products\/talkpal-for-business\/","https:\/\/www.trustpilot.com\/review\/talkpal.ai","https:\/\/www.capterra.com\/p\/10006800\/TalkPal\/"],"description":"Talkpal is a language learning web and mobile education app, powered by the latest AI technologies, that provides engaging experiences to its customers in many different languages to help them improve their language skills. Users can chat about unlimited amount of topics with the app and use other modes to practice their language learning.","email":"support@talkpal.ai","legalName":"Talkpal, Inc.","foundingDate":"2023-04-03","duns":"118989042","numberOfEmployees":{"@type":"QuantitativeValue","minValue":"11","maxValue":"50"},"publishingPrinciples":"https:\/\/talkpal.ai\/publishing-principles\/","actionableFeedbackPolicy":"https:\/\/talkpal.ai\/actionable-feedback-policy\/","correctionsPolicy":"https:\/\/talkpal.ai\/corrections-policy\/","ethicsPolicy":"https:\/\/talkpal.ai\/ethics-policy\/","diversityPolicy":"https:\/\/talkpal.ai\/diversity-policy\/","diversityStaffingReport":"https:\/\/talkpal.ai\/diversity-policy\/"}]}},"_links":{"self":[{"href":"https:\/\/talkpal.ai\/sv\/wp-json\/wp\/v2\/pages\/91723","targetHints":{"allow":["GET"]}}],"collection":[{"href":"https:\/\/talkpal.ai\/sv\/wp-json\/wp\/v2\/pages"}],"about":[{"href":"https:\/\/talkpal.ai\/sv\/wp-json\/wp\/v2\/types\/page"}],"author":[{"embeddable":true,"href":"https:\/\/talkpal.ai\/sv\/wp-json\/wp\/v2\/users\/6"}],"replies":[{"embeddable":true,"href":"https:\/\/talkpal.ai\/sv\/wp-json\/wp\/v2\/comments?post=91723"}],"version-history":[{"count":0,"href":"https:\/\/talkpal.ai\/sv\/wp-json\/wp\/v2\/pages\/91723\/revisions"}],"wp:featuredmedia":[{"embeddable":true,"href":"https:\/\/talkpal.ai\/sv\/wp-json\/wp\/v2\/media\/6255"}],"wp:attachment":[{"href":"https:\/\/talkpal.ai\/sv\/wp-json\/wp\/v2\/media?parent=91723"}],"curies":[{"name":"wp","href":"https:\/\/api.w.org\/{rel}","templated":true}]}}