{"id":91578,"date":"2023-06-15T07:00:21","date_gmt":"2023-06-15T07:00:21","guid":{"rendered":"http:\/\/talkpal.ai\/spanska-grammatikovningar\/"},"modified":"2025-12-17T16:36:40","modified_gmt":"2025-12-17T16:36:40","slug":"spanska-grammatikovningar","status":"publish","type":"page","link":"https:\/\/talkpal.ai\/sv\/spanska-grammatikovningar\/","title":{"rendered":"Spanska grammatik\u00f6vningar"},"content":{"rendered":"\r\n\r\n\r\n<section class=\"languageChallengeSection\">\r\n    <div class=\"languageInfoWrapper\">\r\n        \r\n        <h1>Spanska grammatik\u00f6vningar<\/h1>\r\n        <p>\u00c4r du redo att f\u00f6rb\u00e4ttra din <a href=\"https:\/\/talkpal.ai\/learn-spanish\/\">spanska<\/a>? Grammatik\u00f6vningar \u00e4r ett bra s\u00e4tt att l\u00e4ra sig beh\u00e4rska meningsbyggnad, verbkonjugationer och det <a href=\"https:\/\/talkpal.ai\/learn-spanish\/\">spanska<\/a> spr\u00e5kets unika m\u00f6nster. B\u00f6rja arbeta med <a href=\"https:\/\/talkpal.ai\/no\/laer-spansk\/\">spansk grammatik<\/a> idag och se ditt sj\u00e4lvf\u00f6rtroende och din f\u00f6rm\u00e5ga att tala flytande spanska v\u00e4xa med varje \u00f6vning!\n\n<\/p>\r\n\r\n                            <a class=\"getStartedHidden\" href=\"https:\/\/app.talkpal.ai\/sv\/signup?lng=\">Kom ig\u00e5ng<\/a>\r\n        \r\n    <\/div>\r\n\r\n    <figure>\r\n    <img decoding=\"async\" width=\"768\" height=\"768\" src=\"https:\/\/talkpal.ai\/wp-content\/uploads\/2023\/06\/Spanish-768x768.png\" class=\"languageImage no-lazy\" alt=\"Default alt text\" fetchpriority=\"high\" sizes=\"(max-width: 768px) 150px, 768px\" srcset=\"https:\/\/talkpal.ai\/wp-content\/uploads\/2023\/06\/Spanish-768x768.png 768w, https:\/\/talkpal.ai\/wp-content\/uploads\/2023\/06\/Spanish-300x300.png 300w\" \/>\r\n    \r\n\r\n    <\/figure>\r\n\r\n            <a class=\"getStartedVisible\" href=\"https:\/\/app.talkpal.ai\/sv\/signup?lng=\">Kom ig\u00e5ng<\/a>\r\n    \r\n<\/section>\r\n\r\n\r\n<!-- <section class=\"grammarSection\">\r\n    <div class=\"grammarLinks\">\r\n        <a href=\"https:\/\/talkpal.ai\/sv\/exercise_language\/adjektiv-sv-3\/\">Adjektiv <\/a><a href=\"https:\/\/talkpal.ai\/sv\/exercise_language\/adverb-sv-3\/\">Adverb <\/a><a href=\"https:\/\/talkpal.ai\/sv\/exercise_language\/artiklar-sv-2\/\">Artiklar <\/a><a href=\"https:\/\/talkpal.ai\/sv\/exercise_language\/straffstruktur-sv-2\/\">Meningsbyggnad <\/a><a href=\"https:\/\/talkpal.ai\/sv\/exercise_language\/prepositioner-sv-3\/\">Prepositioner <\/a><a href=\"https:\/\/talkpal.ai\/sv\/exercise_language\/pronomen-sv\/\">Pronomen <\/a><a href=\"https:\/\/talkpal.ai\/sv\/exercise_language\/substantiv-sv-2\/\">Substantiv <\/a><a href=\"https:\/\/talkpal.ai\/sv\/exercise_language\/tidsindikerande\/\">Tempus indikativ <\/a><a href=\"https:\/\/talkpal.ai\/sv\/exercise_language\/tider-subjunktiv\/\">Tempus konjunktiv <\/a><a href=\"https:\/\/talkpal.ai\/sv\/exercise_language\/spand-jamforelse-sv\/\">Tempusj\u00e4mf\u00f6relse <\/a><a href=\"https:\/\/talkpal.ai\/sv\/exercise_language\/verb-sv-3\/\">Verb <\/a>    <\/div>\r\n<\/section> -->\r\n\r\n\r\n\r\n\r\n        <section class=\"grammarSection\">\r\n            <div class=\"grammarLinks\">\r\n                <a href=\"https:\/\/talkpal.ai\/sv\/exercise_language\/adjektiv-sv-3\/\">Adjektiv <\/a><a href=\"https:\/\/talkpal.ai\/sv\/exercise_language\/adverb-sv-3\/\">Adverb <\/a><a href=\"https:\/\/talkpal.ai\/sv\/exercise_language\/artiklar-sv-2\/\">Artiklar <\/a><a href=\"https:\/\/talkpal.ai\/sv\/exercise_language\/straffstruktur-sv-2\/\">Meningsbyggnad <\/a><a href=\"https:\/\/talkpal.ai\/sv\/exercise_language\/prepositioner-sv-3\/\">Prepositioner <\/a><a href=\"https:\/\/talkpal.ai\/sv\/exercise_language\/pronomen-sv\/\">Pronomen <\/a><a href=\"https:\/\/talkpal.ai\/sv\/exercise_language\/substantiv-sv-2\/\">Substantiv <\/a><a href=\"https:\/\/talkpal.ai\/sv\/exercise_language\/tidsindikerande\/\">Tempus indikativ <\/a><a href=\"https:\/\/talkpal.ai\/sv\/exercise_language\/tider-subjunktiv\/\">Tempus konjunktiv <\/a><a href=\"https:\/\/talkpal.ai\/sv\/exercise_language\/spand-jamforelse-sv\/\">Tempusj\u00e4mf\u00f6relse <\/a><a href=\"https:\/\/talkpal.ai\/sv\/exercise_language\/verb-sv-3\/\">Verb <\/a>            <\/div>\r\n        <\/section>\r\n<section class=\"promotionalBanner\">\r\n    <p class=\"promotionalText\">Det mest effektiva s\u00e4ttet att l\u00e4ra sig ett spr\u00e5k<\/p>\r\n    <a class=\"promotionalLink\" href=\"https:\/\/app.talkpal.ai\/sv\/signup?lng=\">Prova Talkpal gratis<\/a>\r\n<\/section>\n<div class=\"wp-block-group pageContainerStyle\"><div class=\"wp-block-group__inner-container is-layout-constrained wp-block-group-is-layout-constrained\">\n<h2 class=\"wp-block-heading\" id=\"h-spanish-grammar-topics\">Spanska grammatik\u00e4mnen<\/h2>\n\n\n\n<p>Att l\u00e4ra sig ett nytt spr\u00e5k kan vara en sp\u00e4nnande och givande str\u00e4van, och spanska \u00e4r inget undantag. Som det n\u00e4st mest talade spr\u00e5ket i v\u00e4rlden kan det \u00f6ppna upp nya m\u00f6jligheter f\u00f6r resor, arbete och kulturellt utbyte. Oavsett om du \u00e4r nyb\u00f6rjare eller vill f\u00f6rb\u00e4ttra dina befintliga f\u00e4rdigheter \u00e4r det viktigt att f\u00f6rst\u00e5 och beh\u00e4rska spansk grammatik. Fr\u00e5n tempus och verb till meningsstruktur och prepositioner, varje aspekt av spr\u00e5ket spelar en avg\u00f6rande roll f\u00f6r din f\u00f6rm\u00e5ga att kommunicera effektivt. I <a href=\"https:\/\/talkpal.ai\/culture\/how-do-i-use-den-har-and-det-har\/\">den h\u00e4r<\/a> guiden kommer vi att utforska viktiga spanska grammatik\u00e4mnen och presentera dem i en logisk sekvens f\u00f6r att hj\u00e4lpa dig att l\u00e4ra dig spr\u00e5ket med l\u00e4tthet.<\/p>\n\n\n\n<h3 class=\"wp-block-heading\" id=\"h-1-nouns-and-articles\">1. Substantiv och artiklar:<\/h3>\n\n\n\n<p>B\u00f6rja med att bekanta dig med spanska substantiv och deras genus, samt best\u00e4mda och obest\u00e4mda artiklar. Dessa grundl\u00e4ggande byggstenar hj\u00e4lper dig att f\u00f6rst\u00e5 och bilda enkla fraser och meningar.<\/p>\n\n\n\n<h3 class=\"wp-block-heading\" id=\"h-2-adjectives\">2. Adjektiv:<\/h3>\n\n\n\n<p>Adjektiv \u00e4r viktiga f\u00f6r att beskriva substantiv, och p\u00e5 spanska m\u00e5ste de \u00f6verensst\u00e4mma i genus och numerus med substantivet de modifierar. Att l\u00e4ra sig reglerna f\u00f6r adjektivplacering och \u00f6verensst\u00e4mmelse kommer att avsev\u00e4rt f\u00f6rb\u00e4ttra din f\u00f6rm\u00e5ga att uttrycka dig p\u00e5 spanska.<\/p>\n\n\n\n<h3 class=\"wp-block-heading\" id=\"h-3-pronouns\">3. Pronomen:<\/h3>\n\n\n\n<p>Pronomen ers\u00e4tter substantiv och \u00e4r viktiga f\u00f6r att g\u00f6ra konversationen mer flytande och naturlig. Fokusera p\u00e5 subjektspronomen, direkta och indirekta objektpronomen och reflexiva pronomen, s\u00e5 att du f\u00f6rst\u00e5r deras anv\u00e4ndning och placering i meningar.<\/p>\n\n\n\n<h3 class=\"wp-block-heading\" id=\"h-4-verbs\">4. Verb:<\/h3>\n\n\n\n<p>Verb \u00e4r ryggraden i <a href=\"https:\/\/talkpal.ai\/fr\/langues\/\">alla spr\u00e5k<\/a>, och spanska \u00e4r inte annorlunda. B\u00f6rja med att l\u00e4ra dig de vanligaste regelbundna och oregelbundna verben, samt deras b\u00f6jningar i presens indikativ modus.<\/p>\n\n\n\n<h3 class=\"wp-block-heading\" id=\"h-5-tenses-indicative\">5. Tempus v\u00e4gledande:<\/h3>\n\n\n\n<p>N\u00e4r du v\u00e4l har f\u00e5tt grepp om grundl\u00e4ggande verbb\u00f6jning kan du ut\u00f6ka dina kunskaper till att omfatta andra indikativa tempus, till exempel preteritum, imperfekt, futurum och villkorsform. Detta g\u00f6r att du kan uttrycka \u00e5tg\u00e4rder och h\u00e4ndelser \u00f6ver olika tidsramar.<\/p>\n\n\n\n<h3 class=\"wp-block-heading\" id=\"h-6-adverbs\">6. Adverb:<\/h3>\n\n\n\n<p>Adverb ger ytterligare information om verb, adjektiv eller andra adverb. L\u00e4r dig de olika typerna av adverb och deras placering i meningar f\u00f6r att l\u00e4gga till mer detaljer och nyanser till ditt tal.<\/p>\n\n\n\n<h3 class=\"wp-block-heading\" id=\"h-7-prepositions\">7. Prepositioner:<\/h3>\n\n\n\n<p>Prepositioner \u00e4r viktiga f\u00f6r att uttrycka relationer mellan ord, till exempel plats, riktning eller tid. Bekanta dig med de vanligaste spanska prepositionerna och deras anv\u00e4ndning i olika sammanhang.<\/p>\n\n\n\n<h3 class=\"wp-block-heading\" id=\"h-8-tenses-subjunctive\">8. Tempus konjunktiv:<\/h3>\n\n\n\n<p>Konjunktiven anv\u00e4nds f\u00f6r att uttrycka tvivel, os\u00e4kerhet eller hypotetiska situationer. Studera konjugationsreglerna f\u00f6r regelbundna och <a href=\"https:\/\/talkpal.ai\/sv\/grammar\/oregelbundna-verb-i-armenisk-grammatik\/\">oregelbundna verb<\/a> i nutid, d\u00e5tid och framtid f\u00f6r <a href=\"https:\/\/talkpal.ai\/ja\/grammar_exercises\/konjunktiv-%e3%83%89%e3%82%a4%e3%83%84%e6%96%87%e6%b3%95%e3%81%ae%e6%bc%94%e7%bf%92\/\">konjunktiv<\/a> f\u00f6r att ut\u00f6ka din uttrycksf\u00f6rm\u00e5ga.<\/p>\n\n\n\n<h3 class=\"wp-block-heading\" id=\"h-9-tense-comparison\">9. J\u00e4mf\u00f6relse av tempus:<\/h3>\n\n\n\n<p>Att f\u00f6rst\u00e5 nyanserna mellan olika tempus och st\u00e4mningar hj\u00e4lper dig att v\u00e4lja l\u00e4mplig form f\u00f6r att f\u00f6rmedla din avsedda betydelse. \u00d6va p\u00e5 att j\u00e4mf\u00f6ra och kontrastera indikativa och konjunktiva tempus, s\u00e5v\u00e4l som de olika d\u00e5tid, f\u00f6r att f\u00e5 b\u00e4ttre kontroll \u00f6ver spr\u00e5ket.<\/p>\n\n\n\n<h3 class=\"wp-block-heading\" id=\"h-10-sentence-structure\">10. Meningsbyggnad:<\/h3>\n\n\n\n<p>Slutligen kan du utforska olika meningsstrukturer, inklusive enkla, sammansatta och komplexa meningar. L\u00e4r dig hur du anv\u00e4nder koordinerande och underordnade konjunktioner f\u00f6r att skapa mer komplexa id\u00e9er och utveckla din f\u00f6rm\u00e5ga att kommunicera effektivt p\u00e5 spanska.<\/p>\n<\/div><\/div>\n\r\n<section class=\"learnNavigationSection\">\r\n            \r\n        <a href=\"https:\/\/talkpal.ai\/sv\/lar-dig-spanska\/\">\r\n            <div class=\"learnNavigationWrapper\">\r\n                <div class=\"learnNavigationContent\">\r\n                    <img decoding=\"async\" src=\"https:\/\/talkpal.ai\/wp-content\/uploads\/2024\/08\/Spanish.jpg\" alt=\"Spanish Flag\">\r\n                    <div>\r\n                        <h4>Om att l\u00e4ra sig spanska<\/h4>\r\n                        <p>Ta reda p\u00e5 allt om spansk grammatik.<\/p>\r\n                    <\/div>\r\n                <\/div>\r\n            <\/div>\r\n        <\/a>\r\n\r\n        \r\n        <a href=\"https:\/\/talkpal.ai\/sv\/spansk-grammatik\/\">\r\n            <div class=\"learnNavigationWrapper\">\r\n                <div class=\"learnNavigationContent\">\r\n                    <img decoding=\"async\" src=\"https:\/\/talkpal.ai\/wp-content\/uploads\/2024\/08\/Spanish.jpg\" alt=\"Spanish Flag\">\r\n                    <div>\r\n                        <h4>Lektioner i spansk grammatik<\/h4>\r\n                        <p>\u00d6va spansk grammatik.<\/p>\r\n                    <\/div>\r\n                <\/div>\r\n            <\/div>\r\n        <\/a>\r\n\r\n        \r\n        <a href=\"https:\/\/talkpal.ai\/vocabulary_language\/spanish\/\">\r\n            <div class=\"learnNavigationWrapper\">\r\n                <div class=\"learnNavigationContent\">\r\n                    <img decoding=\"async\" src=\"https:\/\/talkpal.ai\/wp-content\/uploads\/2024\/08\/Spanish.jpg\" alt=\"Spanish Flag\">\r\n                    <div>\r\n                        <h4>Spansk vokabul\u00e4r<\/h4>\r\n                        <p>Ut\u00f6ka ditt spanska ordf\u00f6rr\u00e5d.<\/p>\r\n                    <\/div>\r\n                <\/div>\r\n            <\/div>\r\n        <\/a>\r\n\r\n            <\/section>","protected":false},"excerpt":{"rendered":"<p>Spanska grammatik\u00e4mnen Att l\u00e4ra sig ett nytt spr\u00e5k kan vara en sp\u00e4nnande och givande str\u00e4van, och spanska \u00e4r inget undantag. Som det n\u00e4st mest talade spr\u00e5ket i v\u00e4rlden kan det \u00f6ppna upp nya m\u00f6jligheter f\u00f6r resor, arbete och kulturellt utbyte. Oavsett om du \u00e4r nyb\u00f6rjare eller vill f\u00f6rb\u00e4ttra dina befintliga f\u00e4rdigheter \u00e4r det viktigt att [&hellip;]<\/p>\n","protected":false},"author":1,"featured_media":6261,"parent":0,"menu_order":0,"comment_status":"closed","ping_status":"closed","template":"LearningContentPage.php","meta":{"_acf_changed":false,"footnotes":""},"class_list":["post-91578","page","type-page","status-publish","has-post-thumbnail","hentry"],"acf":[],"yoast_head":"<!-- This site is optimized with the Yoast SEO Premium plugin v27.2 (Yoast SEO v27.2) - https:\/\/yoast.com\/product\/yoast-seo-premium-wordpress\/ -->\n<title>Spanska grammatik\u00f6vningar - Talkpal<\/title>\n<meta name=\"description\" content=\"F\u00f6rb\u00e4ttra din spanska grammatik med interaktiva \u00f6vningar som \u00e4r utformade f\u00f6r alla kunskapsniv\u00e5er. \u00d6va verb, meningsbyggnad, ordf\u00f6rr\u00e5d och mycket mer!\" \/>\n<meta name=\"robots\" content=\"index, follow, max-snippet:-1, max-image-preview:large, max-video-preview:-1\" \/>\n<link rel=\"canonical\" href=\"https:\/\/talkpal.ai\/sv\/spanska-grammatikovningar\/\" \/>\n<meta property=\"og:locale\" content=\"sv_SE\" \/>\n<meta property=\"og:type\" content=\"article\" \/>\n<meta property=\"og:title\" content=\"Spanska grammatik\u00f6vningar\" \/>\n<meta property=\"og:description\" content=\"Spanska grammatik\u00e4mnen Att l\u00e4ra sig ett nytt spr\u00e5k kan vara en sp\u00e4nnande och givande str\u00e4van, och spanska \u00e4r inget undantag. Som det n\u00e4st mest talade\" \/>\n<meta property=\"og:url\" content=\"https:\/\/talkpal.ai\/sv\/spanska-grammatikovningar\/\" \/>\n<meta property=\"og:site_name\" content=\"Talkpal\" \/>\n<meta property=\"article:publisher\" content=\"https:\/\/www.facebook.com\/profile.php?id=100090733639311\" \/>\n<meta property=\"article:modified_time\" content=\"2025-12-17T16:36:40+00:00\" \/>\n<meta property=\"og:image\" content=\"https:\/\/talkpal.ai\/wp-content\/uploads\/2023\/03\/spain.png\" \/>\n\t<meta property=\"og:image:width\" content=\"512\" \/>\n\t<meta property=\"og:image:height\" content=\"512\" \/>\n\t<meta property=\"og:image:type\" content=\"image\/png\" \/>\n<meta name=\"twitter:card\" content=\"summary_large_image\" \/>\n<meta name=\"twitter:site\" content=\"@talkpalai\" \/>\n<meta name=\"twitter:label1\" content=\"Ber\u00e4knad l\u00e4stid\" \/>\n\t<meta name=\"twitter:data1\" content=\"3 minuter\" \/>\n<script type=\"application\/ld+json\" class=\"yoast-schema-graph\">{\"@context\":\"https:\/\/schema.org\",\"@graph\":[{\"@type\":\"WebPage\",\"@id\":\"https:\/\/talkpal.ai\/sv\/spanska-grammatikovningar\/\",\"url\":\"https:\/\/talkpal.ai\/sv\/spanska-grammatikovningar\/\",\"name\":\"Spanska grammatik\u00f6vningar - Talkpal\",\"isPartOf\":{\"@id\":\"https:\/\/talkpal.ai\/sv\/#website\"},\"primaryImageOfPage\":{\"@id\":\"https:\/\/talkpal.ai\/sv\/spanska-grammatikovningar\/#primaryimage\"},\"image\":{\"@id\":\"https:\/\/talkpal.ai\/sv\/spanska-grammatikovningar\/#primaryimage\"},\"thumbnailUrl\":\"https:\/\/talkpal.ai\/wp-content\/uploads\/2023\/03\/spain.png\",\"datePublished\":\"2023-06-15T07:00:21+00:00\",\"dateModified\":\"2025-12-17T16:36:40+00:00\",\"description\":\"F\u00f6rb\u00e4ttra din spanska grammatik med interaktiva \u00f6vningar som \u00e4r utformade f\u00f6r alla kunskapsniv\u00e5er. \u00d6va verb, meningsbyggnad, ordf\u00f6rr\u00e5d och mycket mer!\",\"breadcrumb\":{\"@id\":\"https:\/\/talkpal.ai\/sv\/spanska-grammatikovningar\/#breadcrumb\"},\"inLanguage\":\"sv-SE\",\"potentialAction\":[{\"@type\":\"ReadAction\",\"target\":[\"https:\/\/talkpal.ai\/sv\/spanska-grammatikovningar\/\"]}]},{\"@type\":\"ImageObject\",\"inLanguage\":\"sv-SE\",\"@id\":\"https:\/\/talkpal.ai\/sv\/spanska-grammatikovningar\/#primaryimage\",\"url\":\"https:\/\/talkpal.ai\/wp-content\/uploads\/2023\/03\/spain.png\",\"contentUrl\":\"https:\/\/talkpal.ai\/wp-content\/uploads\/2023\/03\/spain.png\",\"width\":512,\"height\":512,\"caption\":\"TalkPal AI learn Spanish\"},{\"@type\":\"BreadcrumbList\",\"@id\":\"https:\/\/talkpal.ai\/sv\/spanska-grammatikovningar\/#breadcrumb\",\"itemListElement\":[{\"@type\":\"ListItem\",\"position\":1,\"name\":\"Homepage\",\"item\":\"https:\/\/talkpal.ai\/sv\/\"},{\"@type\":\"ListItem\",\"position\":2,\"name\":\"Spanska grammatik\u00f6vningar\"}]},{\"@type\":\"WebSite\",\"@id\":\"https:\/\/talkpal.ai\/sv\/#website\",\"url\":\"https:\/\/talkpal.ai\/sv\/\",\"name\":\"Talkpal\",\"description\":\"AI Language Learning\",\"publisher\":{\"@id\":\"https:\/\/talkpal.ai\/sv\/#organization\"},\"alternateName\":\"Talkpal AI\",\"potentialAction\":[{\"@type\":\"SearchAction\",\"target\":{\"@type\":\"EntryPoint\",\"urlTemplate\":\"https:\/\/talkpal.ai\/sv\/?s={search_term_string}\"},\"query-input\":{\"@type\":\"PropertyValueSpecification\",\"valueRequired\":true,\"valueName\":\"search_term_string\"}}],\"inLanguage\":\"sv-SE\"},{\"@type\":\"Organization\",\"@id\":\"https:\/\/talkpal.ai\/sv\/#organization\",\"name\":\"Talkpal, Inc.\",\"alternateName\":\"Talkpal AI\",\"url\":\"https:\/\/talkpal.ai\/sv\/\",\"logo\":{\"@type\":\"ImageObject\",\"inLanguage\":\"sv-SE\",\"@id\":\"https:\/\/talkpal.ai\/sv\/#\/schema\/logo\/image\/\",\"url\":\"https:\/\/talkpal.ai\/wp-content\/uploads\/2024\/03\/Talkpal-Logo-Icon.png\",\"contentUrl\":\"https:\/\/talkpal.ai\/wp-content\/uploads\/2024\/03\/Talkpal-Logo-Icon.png\",\"width\":2880,\"height\":2880,\"caption\":\"Talkpal, Inc.\"},\"image\":{\"@id\":\"https:\/\/talkpal.ai\/sv\/#\/schema\/logo\/image\/\"},\"sameAs\":[\"https:\/\/www.facebook.com\/profile.php?id=100090733639311\",\"https:\/\/x.com\/talkpalai\",\"https:\/\/www.linkedin.com\/company\/talkpal\/\",\"https:\/\/www.youtube.com\/@TalkPal\/\",\"https:\/\/www.tiktok.com\/@talkpal\",\"https:\/\/www.instagram.com\/talkpal_ai\/\",\"https:\/\/www.crunchbase.com\/organization\/talkpal-9cde\",\"https:\/\/www.g2.com\/products\/talkpal-for-business\/\",\"https:\/\/www.trustpilot.com\/review\/talkpal.ai\",\"https:\/\/www.capterra.com\/p\/10006800\/TalkPal\/\"],\"description\":\"Talkpal is a language learning web and mobile education app, powered by the latest AI technologies, that provides engaging experiences to its customers in many different languages to help them improve their language skills. Users can chat about unlimited amount of topics with the app and use other modes to practice their language learning.\",\"email\":\"support@talkpal.ai\",\"legalName\":\"Talkpal, Inc.\",\"foundingDate\":\"2023-04-03\",\"duns\":\"118989042\",\"numberOfEmployees\":{\"@type\":\"QuantitativeValue\",\"minValue\":\"11\",\"maxValue\":\"50\"},\"publishingPrinciples\":\"https:\/\/talkpal.ai\/publishing-principles\/\",\"actionableFeedbackPolicy\":\"https:\/\/talkpal.ai\/actionable-feedback-policy\/\",\"correctionsPolicy\":\"https:\/\/talkpal.ai\/corrections-policy\/\",\"ethicsPolicy\":\"https:\/\/talkpal.ai\/ethics-policy\/\",\"diversityPolicy\":\"https:\/\/talkpal.ai\/diversity-policy\/\",\"diversityStaffingReport\":\"https:\/\/talkpal.ai\/diversity-policy\/\"}]}<\/script>\n<!-- \/ Yoast SEO Premium plugin. -->","yoast_head_json":{"title":"Spanska grammatik\u00f6vningar - Talkpal","description":"F\u00f6rb\u00e4ttra din spanska grammatik med interaktiva \u00f6vningar som \u00e4r utformade f\u00f6r alla kunskapsniv\u00e5er. \u00d6va verb, meningsbyggnad, ordf\u00f6rr\u00e5d och mycket mer!","robots":{"index":"index","follow":"follow","max-snippet":"max-snippet:-1","max-image-preview":"max-image-preview:large","max-video-preview":"max-video-preview:-1"},"canonical":"https:\/\/talkpal.ai\/sv\/spanska-grammatikovningar\/","og_locale":"sv_SE","og_type":"article","og_title":"Spanska grammatik\u00f6vningar","og_description":"Spanska grammatik\u00e4mnen Att l\u00e4ra sig ett nytt spr\u00e5k kan vara en sp\u00e4nnande och givande str\u00e4van, och spanska \u00e4r inget undantag. Som det n\u00e4st mest talade","og_url":"https:\/\/talkpal.ai\/sv\/spanska-grammatikovningar\/","og_site_name":"Talkpal","article_publisher":"https:\/\/www.facebook.com\/profile.php?id=100090733639311","article_modified_time":"2025-12-17T16:36:40+00:00","og_image":[{"width":512,"height":512,"url":"https:\/\/talkpal.ai\/wp-content\/uploads\/2023\/03\/spain.png","type":"image\/png"}],"twitter_card":"summary_large_image","twitter_site":"@talkpalai","twitter_misc":{"Ber\u00e4knad l\u00e4stid":"3 minuter"},"schema":{"@context":"https:\/\/schema.org","@graph":[{"@type":"WebPage","@id":"https:\/\/talkpal.ai\/sv\/spanska-grammatikovningar\/","url":"https:\/\/talkpal.ai\/sv\/spanska-grammatikovningar\/","name":"Spanska grammatik\u00f6vningar - Talkpal","isPartOf":{"@id":"https:\/\/talkpal.ai\/sv\/#website"},"primaryImageOfPage":{"@id":"https:\/\/talkpal.ai\/sv\/spanska-grammatikovningar\/#primaryimage"},"image":{"@id":"https:\/\/talkpal.ai\/sv\/spanska-grammatikovningar\/#primaryimage"},"thumbnailUrl":"https:\/\/talkpal.ai\/wp-content\/uploads\/2023\/03\/spain.png","datePublished":"2023-06-15T07:00:21+00:00","dateModified":"2025-12-17T16:36:40+00:00","description":"F\u00f6rb\u00e4ttra din spanska grammatik med interaktiva \u00f6vningar som \u00e4r utformade f\u00f6r alla kunskapsniv\u00e5er. \u00d6va verb, meningsbyggnad, ordf\u00f6rr\u00e5d och mycket mer!","breadcrumb":{"@id":"https:\/\/talkpal.ai\/sv\/spanska-grammatikovningar\/#breadcrumb"},"inLanguage":"sv-SE","potentialAction":[{"@type":"ReadAction","target":["https:\/\/talkpal.ai\/sv\/spanska-grammatikovningar\/"]}]},{"@type":"ImageObject","inLanguage":"sv-SE","@id":"https:\/\/talkpal.ai\/sv\/spanska-grammatikovningar\/#primaryimage","url":"https:\/\/talkpal.ai\/wp-content\/uploads\/2023\/03\/spain.png","contentUrl":"https:\/\/talkpal.ai\/wp-content\/uploads\/2023\/03\/spain.png","width":512,"height":512,"caption":"TalkPal AI learn Spanish"},{"@type":"BreadcrumbList","@id":"https:\/\/talkpal.ai\/sv\/spanska-grammatikovningar\/#breadcrumb","itemListElement":[{"@type":"ListItem","position":1,"name":"Homepage","item":"https:\/\/talkpal.ai\/sv\/"},{"@type":"ListItem","position":2,"name":"Spanska grammatik\u00f6vningar"}]},{"@type":"WebSite","@id":"https:\/\/talkpal.ai\/sv\/#website","url":"https:\/\/talkpal.ai\/sv\/","name":"Talkpal","description":"AI Language Learning","publisher":{"@id":"https:\/\/talkpal.ai\/sv\/#organization"},"alternateName":"Talkpal AI","potentialAction":[{"@type":"SearchAction","target":{"@type":"EntryPoint","urlTemplate":"https:\/\/talkpal.ai\/sv\/?s={search_term_string}"},"query-input":{"@type":"PropertyValueSpecification","valueRequired":true,"valueName":"search_term_string"}}],"inLanguage":"sv-SE"},{"@type":"Organization","@id":"https:\/\/talkpal.ai\/sv\/#organization","name":"Talkpal, Inc.","alternateName":"Talkpal AI","url":"https:\/\/talkpal.ai\/sv\/","logo":{"@type":"ImageObject","inLanguage":"sv-SE","@id":"https:\/\/talkpal.ai\/sv\/#\/schema\/logo\/image\/","url":"https:\/\/talkpal.ai\/wp-content\/uploads\/2024\/03\/Talkpal-Logo-Icon.png","contentUrl":"https:\/\/talkpal.ai\/wp-content\/uploads\/2024\/03\/Talkpal-Logo-Icon.png","width":2880,"height":2880,"caption":"Talkpal, Inc."},"image":{"@id":"https:\/\/talkpal.ai\/sv\/#\/schema\/logo\/image\/"},"sameAs":["https:\/\/www.facebook.com\/profile.php?id=100090733639311","https:\/\/x.com\/talkpalai","https:\/\/www.linkedin.com\/company\/talkpal\/","https:\/\/www.youtube.com\/@TalkPal\/","https:\/\/www.tiktok.com\/@talkpal","https:\/\/www.instagram.com\/talkpal_ai\/","https:\/\/www.crunchbase.com\/organization\/talkpal-9cde","https:\/\/www.g2.com\/products\/talkpal-for-business\/","https:\/\/www.trustpilot.com\/review\/talkpal.ai","https:\/\/www.capterra.com\/p\/10006800\/TalkPal\/"],"description":"Talkpal is a language learning web and mobile education app, powered by the latest AI technologies, that provides engaging experiences to its customers in many different languages to help them improve their language skills. Users can chat about unlimited amount of topics with the app and use other modes to practice their language learning.","email":"support@talkpal.ai","legalName":"Talkpal, Inc.","foundingDate":"2023-04-03","duns":"118989042","numberOfEmployees":{"@type":"QuantitativeValue","minValue":"11","maxValue":"50"},"publishingPrinciples":"https:\/\/talkpal.ai\/publishing-principles\/","actionableFeedbackPolicy":"https:\/\/talkpal.ai\/actionable-feedback-policy\/","correctionsPolicy":"https:\/\/talkpal.ai\/corrections-policy\/","ethicsPolicy":"https:\/\/talkpal.ai\/ethics-policy\/","diversityPolicy":"https:\/\/talkpal.ai\/diversity-policy\/","diversityStaffingReport":"https:\/\/talkpal.ai\/diversity-policy\/"}]}},"_links":{"self":[{"href":"https:\/\/talkpal.ai\/sv\/wp-json\/wp\/v2\/pages\/91578","targetHints":{"allow":["GET"]}}],"collection":[{"href":"https:\/\/talkpal.ai\/sv\/wp-json\/wp\/v2\/pages"}],"about":[{"href":"https:\/\/talkpal.ai\/sv\/wp-json\/wp\/v2\/types\/page"}],"author":[{"embeddable":true,"href":"https:\/\/talkpal.ai\/sv\/wp-json\/wp\/v2\/users\/1"}],"replies":[{"embeddable":true,"href":"https:\/\/talkpal.ai\/sv\/wp-json\/wp\/v2\/comments?post=91578"}],"version-history":[{"count":0,"href":"https:\/\/talkpal.ai\/sv\/wp-json\/wp\/v2\/pages\/91578\/revisions"}],"wp:featuredmedia":[{"embeddable":true,"href":"https:\/\/talkpal.ai\/sv\/wp-json\/wp\/v2\/media\/6261"}],"wp:attachment":[{"href":"https:\/\/talkpal.ai\/sv\/wp-json\/wp\/v2\/media?parent=91578"}],"curies":[{"name":"wp","href":"https:\/\/api.w.org\/{rel}","templated":true}]}}