{"id":91424,"date":"2023-03-26T12:27:22","date_gmt":"2023-03-26T12:27:22","guid":{"rendered":"http:\/\/talkpal.ai\/italiensk-grammatik\/"},"modified":"2025-05-22T18:43:06","modified_gmt":"2025-05-22T18:43:06","slug":"italiensk-grammatik","status":"publish","type":"page","link":"https:\/\/talkpal.ai\/sv\/italiensk-grammatik\/","title":{"rendered":"Italiensk grammatik"},"content":{"rendered":"\r\n\r\n\r\n<section class=\"languageChallengeSection\">\r\n    <div class=\"languageInfoWrapper\">\r\n        \r\n        <h1>Italiensk grammatik<\/h1>\r\n        <p>Uppt\u00e4ck grunderna i det <a href=\"https:\/\/talkpal.ai\/learn-italian\/\">italienska<\/a> spr\u00e5ket genom att l\u00e4ra dig de viktigaste grammatiska reglerna. Om du beh\u00e4rskar den italienska grammatiken kommer du att kunna uttrycka dig med sj\u00e4lvf\u00f6rtroende och f\u00e5 en djupare kontakt med Italiens rika kultur. B\u00f6rja l\u00e4ra dig <a href=\"https:\/\/talkpal.ai\/no\/laer-italiensk\/\">italiensk grammatik<\/a> idag och ta ditt f\u00f6rsta steg mot flytande spr\u00e5k!<\/p>\r\n\r\n                            <a class=\"getStartedHidden\" href=\"https:\/\/app.talkpal.ai\/sv\/signup?lng=\">Kom ig\u00e5ng<\/a>\r\n        \r\n    <\/div>\r\n\r\n    <figure>\r\n    <img decoding=\"async\" width=\"768\" height=\"768\" src=\"https:\/\/talkpal.ai\/wp-content\/uploads\/2023\/06\/italian-768x768.png\" class=\"languageImage no-lazy\" alt=\"Default alt text\" fetchpriority=\"high\" sizes=\"(max-width: 768px) 150px, 768px\" srcset=\"https:\/\/talkpal.ai\/wp-content\/uploads\/2023\/06\/italian-768x768.png 768w, https:\/\/talkpal.ai\/wp-content\/uploads\/2023\/06\/italian-300x300.png 300w\" \/>\r\n    \r\n\r\n    <\/figure>\r\n\r\n            <a class=\"getStartedVisible\" href=\"https:\/\/app.talkpal.ai\/sv\/signup?lng=\">Kom ig\u00e5ng<\/a>\r\n    \r\n<\/section>\r\n        <section class=\"grammarSection\">\r\n            <div class=\"grammarLinks\">\r\n                <a href=\"https:\/\/talkpal.ai\/sv\/language\/adjektiv-italiensk-grammatik\/\">Adjektiv <\/a><a href=\"https:\/\/talkpal.ai\/sv\/language\/adverb-italiensk-grammatik\/\">Adverb <\/a><a href=\"https:\/\/talkpal.ai\/sv\/language\/konjunktioner-italiensk-grammatik\/\">Konjunktioner <\/a><a href=\"https:\/\/talkpal.ai\/sv\/language\/negation-och-forhor-italiensk-grammatik\/\">Negation och f\u00f6rh\u00f6r <\/a><a href=\"https:\/\/talkpal.ai\/sv\/language\/prepositioner-italiensk-grammatik\/\">Prepositioner <\/a><a href=\"https:\/\/talkpal.ai\/sv\/language\/pronomen-italiensk-grammatik\/\">Pronomen <\/a><a href=\"https:\/\/talkpal.ai\/sv\/language\/substantiv-italiensk-grammatik\/\">Substantiv <\/a><a href=\"https:\/\/talkpal.ai\/sv\/language\/syntax-och-meningsbyggnad-italiensk-grammatik\/\">Syntax och meningsbyggnad <\/a><a href=\"https:\/\/talkpal.ai\/sv\/language\/verb-italiensk-grammatik\/\">Verb <\/a>            <\/div>\r\n        <\/section>\r\n    <section class=\"promotionalBanner\">\r\n    <p class=\"promotionalText\">Det mest effektiva s\u00e4ttet att l\u00e4ra sig ett spr\u00e5k<\/p>\r\n    <a class=\"promotionalLink\" href=\"https:\/\/app.talkpal.ai\/sv\/signup?lng=\">Prova Talkpal gratis<\/a>\r\n<\/section>\n<div class=\"wp-block-group pageContainerStyle\"><div class=\"wp-block-group__inner-container is-layout-constrained wp-block-group-is-layout-constrained\">\n<h2 class=\"wp-block-heading\" id=\"h-mastering-the-art-of-italian-grammar-your-ultimate-guide\">Bem\u00e4stra konsten att l\u00e4ra sig italiensk grammatik: Din ultimata guide<\/h2>\n\n\n\n<p>Ciao, <a href=\"https:\/\/talkpal.ai\/talkpal-discount-for-language-enthusiasts\/\">spr\u00e5kentusiaster<\/a>! \u00c4r du redo att dyka in i den italienska grammatikens v\u00e4rld? Du har kommit till r\u00e4tt st\u00e4lle. <a href=\"https:\/\/talkpal.ai\/culture\/how-do-i-use-den-har-and-det-har\/\">Den h\u00e4r<\/a> artikeln \u00e4r fylld med information som \u00e4r l\u00e4tt att ta till sig och har en samtalston. Den guidar dig genom den fascinerande (och ibland knepiga) italienska grammatiken s\u00e5 att du med s\u00e4kerhet kan konstruera meningar och f\u00f6ra meningsfulla samtal med personer som har italienska som modersm\u00e5l. S\u00e5 sp\u00e4nn fast s\u00e4kerhetsb\u00e4ltet och l\u00e5t <a href=\"https:\/\/talkpal.ai\/locations\/language-courses-in-oss\/\">oss<\/a> <a href=\"https:\/\/talkpal.ai\/ko\/ai-%ec%96%b8%ec%96%b4-%ea%b5%90%ec%82%ac\/\">komma ig\u00e5ng<\/a>!<\/p>\n\n\n\n<h3 class=\"wp-block-heading\" id=\"h-but-first-why-italian-grammar\">Men f\u00f6rst, varf\u00f6r italiensk grammatik?<\/h3>\n\n\n\n<p>Om du <a href=\"https:\/\/talkpal.ai\/learn-italian-with-ai\/\">l\u00e4r dig italienska<\/a> \u00e4r en stark grund i <a href=\"https:\/\/talkpal.ai\/fr\/les\/\">grammatik<\/a> avg\u00f6rande f\u00f6r att du ska kunna tala, l\u00e4sa och skriva flytande. Den italienska grammatiken kan verka komplicerad till en b\u00f6rjan, men den \u00e4r relativt enkel n\u00e4r man bryter ner den i mindre, mer hanterbara delar. S\u00e5 l\u00e5t oss b\u00f6rja din resa mot att beh\u00e4rska italiensk grammatik!<\/p>\n\n\n\n<h3 class=\"wp-block-heading\" id=\"h-1-nouns-articles-and-gender\">1. Substantiv, artiklar och genus<\/h3>\n\n\n\n<p>Italienska substantiv finns i tv\u00e5 genus: maskulinum och femininum. Till skillnad fr\u00e5n engelska, d\u00e4r substantivets genus \u00e4r irrelevant, kr\u00e4ver italienskan r\u00e4tt genus f\u00f6r korrekt meningsbyggnad. Kan du gissa k\u00f6net p\u00e5 substantiv som &#8221;tavolo&#8221; (bord) eller &#8221;casa&#8221; (hus)? Om du gissade p\u00e5 maskulinum f\u00f6r &#8221;tavolo&#8221; och femininum f\u00f6r &#8221;casa&#8221;, bravo!<\/p>\n\n\n\n<p>P\u00e5 italienska slutar substantiv vanligtvis p\u00e5 &#8221;-o&#8221; f\u00f6r maskulinum och &#8221;-a&#8221; f\u00f6r femininum. Det finns undantag &#8211; vissa ord slutar p\u00e5 &#8221;-e&#8221; och kan vara av b\u00e5da k\u00f6nen &#8211; men nu ska vi h\u00e5lla den h\u00e4r grundl\u00e4ggande principen i \u00e5tanke.<\/p>\n\n\n\n<p>L\u00e5t oss nu prata om artiklar. Precis som p\u00e5 engelska beh\u00f6ver vi artiklar f\u00f6re substantiv. Italienskan har best\u00e4mda (il, lo, la, i, gli, le) och obest\u00e4mda artiklar (un, uno, una).<\/p>\n\n\n\n<p>S\u00e5, hur v\u00e4ljer vi vilken best\u00e4md artikel vi ska anv\u00e4nda?<\/p>\n\n\n\n<p>&#8211; &#8221;il&#8221; och &#8221;i&#8221; f\u00f6r maskulina substantiv som b\u00f6rjar med en konsonant, t.ex. il libro (boken), i libri (b\u00f6ckerna)<br\/>&#8211; &#8221;lo&#8221; och &#8221;gli&#8221; f\u00f6r maskulina substantiv som b\u00f6rjar p\u00e5 &#8221;s&#8221; f\u00f6ljt av en konsonant, en vokal (utom &#8221;u&#8221;) eller ett &#8221;z&#8221;, t.ex. lo studente (studenten), gli studenti (studenterna)<br\/>&#8211; &#8221;la&#8221; och &#8221;le&#8221; f\u00f6r feminina substantiv, t.ex. la casa (huset), le case (husen)<\/p>\n\n\n\n<h3 class=\"wp-block-heading\" id=\"h-2-adjectives-and-agreement\">2. Adjektiv och \u00f6verenskommelse<\/h3>\n\n\n\n<p>Adjektiv p\u00e5 italienska m\u00e5ste \u00f6verensst\u00e4mma med substantivet de modifierar i genus och numerus. F\u00f6r att beskriva en uts\u00f6kt pizza skulle man till exempel s\u00e4ga &#8221;una pizza deliziosa&#8221; och inte &#8221;delizioso&#8221;. Kom ih\u00e5g att adjektivet vanligtvis f\u00f6ljer substantivet p\u00e5 italienska.<\/p>\n\n\n\n<h3 class=\"wp-block-heading\" id=\"h-3-verbs-tense-and-conjugation\">3. Verb, tempus och konjugation<\/h3>\n\n\n\n<p>Italienska verb \u00e4r en stor del av grammatiken. Det finns tre verbkategorier (-are, -ere och -ire) och massor av oregelbundna verb, s\u00e5 vi har mycket att g\u00f6ra! F\u00f6r att ge dig en snabb \u00f6verblick g\u00e5r vi igenom presens f\u00f6r vanliga verb.<\/p>\n\n\n\n<p>&#8211; Verb p\u00e5 &#8221;-are&#8221;: t.ex. parlare (tala): io parlo, tu parli, lui\/lei parla, noi parliamo, voi parlate, loro parlano<br\/>&#8211; Verb p\u00e5 &#8221;-ere&#8221;: t.ex. leggere (att l\u00e4sa): io leggo, tu leggi, lui\/lei legge, noi leggiamo, voi leggete, loro leggono<br\/>&#8211; Verb p\u00e5 &#8221;-ire&#8221;: t.ex. finire (avsluta): io finisco, tu finisci, lui\/lei finisce, noi finiamo, voi finite, loro finiscono<\/p>\n\n\n\n<p>T\u00e4nk p\u00e5 att detta bara \u00e4r toppen av isberget! Det finns m\u00e5nga andra tempus och oregelbundna verb att l\u00e4ra sig, men varje resa b\u00f6rjar med ett enda steg.<\/p>\n\n\n\n<h3 class=\"wp-block-heading\" id=\"h-4-prepositions-pronouns-and-more\">4. Prepositioner, pronomen och mycket mer!<\/h3>\n\n\n\n<p>Italiensk grammatik har m\u00e5nga andra komponenter som prepositioner (di, a, da, in, su, etc.), pronomen (io, tu, lui\/lei, etc.), reflexiva verb och idiomatiska uttryck. Varje komponent \u00e4r nyckeln till att l\u00e5sa upp ditt flyt, s\u00e5 ta det ett steg i taget.<\/p>\n\n\n\n<p>Sammanfattningsvis finns det ingen genv\u00e4g till att beh\u00e4rska italiensk grammatik. Det kr\u00e4ver uth\u00e5llighet, \u00f6vning och t\u00e5lamod. Men n\u00e4r du v\u00e4l har f\u00e5tt kl\u00e4m p\u00e5 det kommer du att kunna uppleva sk\u00f6nheten i att konversera p\u00e5 italienska, uppt\u00e4cka den rika kulturen och historien och f\u00f6rdjupa din uppskattning f\u00f6r spr\u00e5ket. Buona fortuna!<\/p>\n<\/div><\/div>\n\r\n<section class=\"learnNavigationSection\">\r\n            \r\n        <a href=\"https:\/\/talkpal.ai\/sv\/lar-dig-italienska\/\">\r\n            <div class=\"learnNavigationWrapper\">\r\n                <div class=\"learnNavigationContent\">\r\n                    <img decoding=\"async\" src=\"https:\/\/talkpal.ai\/wp-content\/uploads\/2024\/08\/Italian.jpg\" alt=\"Italian Flag\">\r\n                    <div>\r\n                        <h4>Om Italian Learning<\/h4>\r\n                        <p>Ta reda p\u00e5 allt om italiensk grammatik.<\/p>\r\n                    <\/div>\r\n                <\/div>\r\n            <\/div>\r\n        <\/a>\r\n\r\n        \r\n        <a href=\"https:\/\/talkpal.ai\/sv\/italienska-grammatikovningar\/\">\r\n            <div class=\"learnNavigationWrapper\">\r\n                <div class=\"learnNavigationContent\">\r\n                    <img decoding=\"async\" src=\"https:\/\/talkpal.ai\/wp-content\/uploads\/2024\/08\/Italian.jpg\" alt=\"Italian Flag\">\r\n                    <div>\r\n                        <h4>\u00d6vning i italiensk grammatik<\/h4>\r\n                        <p>\u00d6va italiensk grammatik.<\/p>\r\n                    <\/div>\r\n                <\/div>\r\n            <\/div>\r\n        <\/a>\r\n\r\n        \r\n        <a href=\"https:\/\/talkpal.ai\/vocabulary_language\/italian\/\">\r\n            <div class=\"learnNavigationWrapper\">\r\n                <div class=\"learnNavigationContent\">\r\n                    <img decoding=\"async\" src=\"https:\/\/talkpal.ai\/wp-content\/uploads\/2024\/08\/Italian.jpg\" alt=\"Italian Flag\">\r\n                    <div>\r\n                        <h4>Italiensk vokabul\u00e4r<\/h4>\r\n                        <p>Ut\u00f6ka ditt italienska ordf\u00f6rr\u00e5d.<\/p>\r\n                    <\/div>\r\n                <\/div>\r\n            <\/div>\r\n        <\/a>\r\n\r\n            <\/section>","protected":false},"excerpt":{"rendered":"<p>Bem\u00e4stra konsten att l\u00e4ra sig italiensk grammatik: Din ultimata guide Ciao, spr\u00e5kentusiaster! \u00c4r du redo att dyka in i den italienska grammatikens v\u00e4rld? Du har kommit till r\u00e4tt st\u00e4lle. Den h\u00e4r artikeln \u00e4r fylld med information som \u00e4r l\u00e4tt att ta till sig och har en samtalston. Den guidar dig genom den fascinerande (och ibland [&hellip;]<\/p>\n","protected":false},"author":1,"featured_media":6259,"parent":0,"menu_order":0,"comment_status":"closed","ping_status":"closed","template":"LearningContentPage.php","meta":{"_acf_changed":false,"footnotes":""},"class_list":["post-91424","page","type-page","status-publish","has-post-thumbnail","hentry"],"acf":[],"yoast_head":"<!-- This site is optimized with the Yoast SEO Premium plugin v27.2 (Yoast SEO v27.2) - https:\/\/yoast.com\/product\/yoast-seo-premium-wordpress\/ -->\n<title>Italiensk grammatik - Talkpal<\/title>\n<meta name=\"description\" content=\"L\u00e4r dig italiensk grammatik enkelt - \u00f6va tydligt, f\u00f6rst\u00e5 regler och tala b\u00e4ttre med enkel v\u00e4gledning fr\u00e5n Talkpal AI.\" \/>\n<meta name=\"robots\" content=\"index, follow, max-snippet:-1, max-image-preview:large, max-video-preview:-1\" \/>\n<link rel=\"canonical\" href=\"https:\/\/talkpal.ai\/sv\/italiensk-grammatik\/\" \/>\n<meta property=\"og:locale\" content=\"sv_SE\" \/>\n<meta property=\"og:type\" content=\"article\" \/>\n<meta property=\"og:title\" content=\"Italiensk grammatik\" \/>\n<meta property=\"og:description\" content=\"Bem\u00e4stra konsten att l\u00e4ra sig italiensk grammatik: Din ultimata guide Ciao, spr\u00e5kentusiaster! \u00c4r du redo att dyka in i den italienska grammatikens v\u00e4rld?\" \/>\n<meta property=\"og:url\" content=\"https:\/\/talkpal.ai\/sv\/italiensk-grammatik\/\" \/>\n<meta property=\"og:site_name\" content=\"Talkpal\" \/>\n<meta property=\"article:publisher\" content=\"https:\/\/www.facebook.com\/profile.php?id=100090733639311\" \/>\n<meta property=\"article:modified_time\" content=\"2025-05-22T18:43:06+00:00\" \/>\n<meta property=\"og:image\" content=\"https:\/\/talkpal.ai\/wp-content\/uploads\/2023\/03\/italy.png\" \/>\n\t<meta property=\"og:image:width\" content=\"512\" \/>\n\t<meta property=\"og:image:height\" content=\"512\" \/>\n\t<meta property=\"og:image:type\" content=\"image\/png\" \/>\n<meta name=\"twitter:card\" content=\"summary_large_image\" \/>\n<meta name=\"twitter:site\" content=\"@talkpalai\" \/>\n<meta name=\"twitter:label1\" content=\"Ber\u00e4knad l\u00e4stid\" \/>\n\t<meta name=\"twitter:data1\" content=\"4 minuter\" \/>\n<script type=\"application\/ld+json\" class=\"yoast-schema-graph\">{\"@context\":\"https:\/\/schema.org\",\"@graph\":[{\"@type\":\"WebPage\",\"@id\":\"https:\/\/talkpal.ai\/sv\/italiensk-grammatik\/\",\"url\":\"https:\/\/talkpal.ai\/sv\/italiensk-grammatik\/\",\"name\":\"Italiensk grammatik - Talkpal\",\"isPartOf\":{\"@id\":\"https:\/\/talkpal.ai\/sv\/#website\"},\"primaryImageOfPage\":{\"@id\":\"https:\/\/talkpal.ai\/sv\/italiensk-grammatik\/#primaryimage\"},\"image\":{\"@id\":\"https:\/\/talkpal.ai\/sv\/italiensk-grammatik\/#primaryimage\"},\"thumbnailUrl\":\"https:\/\/talkpal.ai\/wp-content\/uploads\/2023\/03\/italy.png\",\"datePublished\":\"2023-03-26T12:27:22+00:00\",\"dateModified\":\"2025-05-22T18:43:06+00:00\",\"description\":\"L\u00e4r dig italiensk grammatik enkelt - \u00f6va tydligt, f\u00f6rst\u00e5 regler och tala b\u00e4ttre med enkel v\u00e4gledning fr\u00e5n Talkpal AI.\",\"breadcrumb\":{\"@id\":\"https:\/\/talkpal.ai\/sv\/italiensk-grammatik\/#breadcrumb\"},\"inLanguage\":\"sv-SE\",\"potentialAction\":[{\"@type\":\"ReadAction\",\"target\":[\"https:\/\/talkpal.ai\/sv\/italiensk-grammatik\/\"]}]},{\"@type\":\"ImageObject\",\"inLanguage\":\"sv-SE\",\"@id\":\"https:\/\/talkpal.ai\/sv\/italiensk-grammatik\/#primaryimage\",\"url\":\"https:\/\/talkpal.ai\/wp-content\/uploads\/2023\/03\/italy.png\",\"contentUrl\":\"https:\/\/talkpal.ai\/wp-content\/uploads\/2023\/03\/italy.png\",\"width\":512,\"height\":512,\"caption\":\"TalkPal AI learn Italian\"},{\"@type\":\"BreadcrumbList\",\"@id\":\"https:\/\/talkpal.ai\/sv\/italiensk-grammatik\/#breadcrumb\",\"itemListElement\":[{\"@type\":\"ListItem\",\"position\":1,\"name\":\"Homepage\",\"item\":\"https:\/\/talkpal.ai\/sv\/\"},{\"@type\":\"ListItem\",\"position\":2,\"name\":\"Italiensk grammatik\"}]},{\"@type\":\"WebSite\",\"@id\":\"https:\/\/talkpal.ai\/sv\/#website\",\"url\":\"https:\/\/talkpal.ai\/sv\/\",\"name\":\"Talkpal\",\"description\":\"AI Language Learning\",\"publisher\":{\"@id\":\"https:\/\/talkpal.ai\/sv\/#organization\"},\"alternateName\":\"Talkpal AI\",\"potentialAction\":[{\"@type\":\"SearchAction\",\"target\":{\"@type\":\"EntryPoint\",\"urlTemplate\":\"https:\/\/talkpal.ai\/sv\/?s={search_term_string}\"},\"query-input\":{\"@type\":\"PropertyValueSpecification\",\"valueRequired\":true,\"valueName\":\"search_term_string\"}}],\"inLanguage\":\"sv-SE\"},{\"@type\":\"Organization\",\"@id\":\"https:\/\/talkpal.ai\/sv\/#organization\",\"name\":\"Talkpal, Inc.\",\"alternateName\":\"Talkpal AI\",\"url\":\"https:\/\/talkpal.ai\/sv\/\",\"logo\":{\"@type\":\"ImageObject\",\"inLanguage\":\"sv-SE\",\"@id\":\"https:\/\/talkpal.ai\/sv\/#\/schema\/logo\/image\/\",\"url\":\"https:\/\/talkpal.ai\/wp-content\/uploads\/2024\/03\/Talkpal-Logo-Icon.png\",\"contentUrl\":\"https:\/\/talkpal.ai\/wp-content\/uploads\/2024\/03\/Talkpal-Logo-Icon.png\",\"width\":2880,\"height\":2880,\"caption\":\"Talkpal, Inc.\"},\"image\":{\"@id\":\"https:\/\/talkpal.ai\/sv\/#\/schema\/logo\/image\/\"},\"sameAs\":[\"https:\/\/www.facebook.com\/profile.php?id=100090733639311\",\"https:\/\/x.com\/talkpalai\",\"https:\/\/www.linkedin.com\/company\/talkpal\/\",\"https:\/\/www.youtube.com\/@TalkPal\/\",\"https:\/\/www.tiktok.com\/@talkpal\",\"https:\/\/www.instagram.com\/talkpal_ai\/\",\"https:\/\/www.crunchbase.com\/organization\/talkpal-9cde\",\"https:\/\/www.g2.com\/products\/talkpal-for-business\/\",\"https:\/\/www.trustpilot.com\/review\/talkpal.ai\",\"https:\/\/www.capterra.com\/p\/10006800\/TalkPal\/\"],\"description\":\"Talkpal is a language learning web and mobile education app, powered by the latest AI technologies, that provides engaging experiences to its customers in many different languages to help them improve their language skills. Users can chat about unlimited amount of topics with the app and use other modes to practice their language learning.\",\"email\":\"support@talkpal.ai\",\"legalName\":\"Talkpal, Inc.\",\"foundingDate\":\"2023-04-03\",\"duns\":\"118989042\",\"numberOfEmployees\":{\"@type\":\"QuantitativeValue\",\"minValue\":\"11\",\"maxValue\":\"50\"},\"publishingPrinciples\":\"https:\/\/talkpal.ai\/publishing-principles\/\",\"actionableFeedbackPolicy\":\"https:\/\/talkpal.ai\/actionable-feedback-policy\/\",\"correctionsPolicy\":\"https:\/\/talkpal.ai\/corrections-policy\/\",\"ethicsPolicy\":\"https:\/\/talkpal.ai\/ethics-policy\/\",\"diversityPolicy\":\"https:\/\/talkpal.ai\/diversity-policy\/\",\"diversityStaffingReport\":\"https:\/\/talkpal.ai\/diversity-policy\/\"}]}<\/script>\n<!-- \/ Yoast SEO Premium plugin. -->","yoast_head_json":{"title":"Italiensk grammatik - Talkpal","description":"L\u00e4r dig italiensk grammatik enkelt - \u00f6va tydligt, f\u00f6rst\u00e5 regler och tala b\u00e4ttre med enkel v\u00e4gledning fr\u00e5n Talkpal AI.","robots":{"index":"index","follow":"follow","max-snippet":"max-snippet:-1","max-image-preview":"max-image-preview:large","max-video-preview":"max-video-preview:-1"},"canonical":"https:\/\/talkpal.ai\/sv\/italiensk-grammatik\/","og_locale":"sv_SE","og_type":"article","og_title":"Italiensk grammatik","og_description":"Bem\u00e4stra konsten att l\u00e4ra sig italiensk grammatik: Din ultimata guide Ciao, spr\u00e5kentusiaster! \u00c4r du redo att dyka in i den italienska grammatikens v\u00e4rld?","og_url":"https:\/\/talkpal.ai\/sv\/italiensk-grammatik\/","og_site_name":"Talkpal","article_publisher":"https:\/\/www.facebook.com\/profile.php?id=100090733639311","article_modified_time":"2025-05-22T18:43:06+00:00","og_image":[{"width":512,"height":512,"url":"https:\/\/talkpal.ai\/wp-content\/uploads\/2023\/03\/italy.png","type":"image\/png"}],"twitter_card":"summary_large_image","twitter_site":"@talkpalai","twitter_misc":{"Ber\u00e4knad l\u00e4stid":"4 minuter"},"schema":{"@context":"https:\/\/schema.org","@graph":[{"@type":"WebPage","@id":"https:\/\/talkpal.ai\/sv\/italiensk-grammatik\/","url":"https:\/\/talkpal.ai\/sv\/italiensk-grammatik\/","name":"Italiensk grammatik - Talkpal","isPartOf":{"@id":"https:\/\/talkpal.ai\/sv\/#website"},"primaryImageOfPage":{"@id":"https:\/\/talkpal.ai\/sv\/italiensk-grammatik\/#primaryimage"},"image":{"@id":"https:\/\/talkpal.ai\/sv\/italiensk-grammatik\/#primaryimage"},"thumbnailUrl":"https:\/\/talkpal.ai\/wp-content\/uploads\/2023\/03\/italy.png","datePublished":"2023-03-26T12:27:22+00:00","dateModified":"2025-05-22T18:43:06+00:00","description":"L\u00e4r dig italiensk grammatik enkelt - \u00f6va tydligt, f\u00f6rst\u00e5 regler och tala b\u00e4ttre med enkel v\u00e4gledning fr\u00e5n Talkpal AI.","breadcrumb":{"@id":"https:\/\/talkpal.ai\/sv\/italiensk-grammatik\/#breadcrumb"},"inLanguage":"sv-SE","potentialAction":[{"@type":"ReadAction","target":["https:\/\/talkpal.ai\/sv\/italiensk-grammatik\/"]}]},{"@type":"ImageObject","inLanguage":"sv-SE","@id":"https:\/\/talkpal.ai\/sv\/italiensk-grammatik\/#primaryimage","url":"https:\/\/talkpal.ai\/wp-content\/uploads\/2023\/03\/italy.png","contentUrl":"https:\/\/talkpal.ai\/wp-content\/uploads\/2023\/03\/italy.png","width":512,"height":512,"caption":"TalkPal AI learn Italian"},{"@type":"BreadcrumbList","@id":"https:\/\/talkpal.ai\/sv\/italiensk-grammatik\/#breadcrumb","itemListElement":[{"@type":"ListItem","position":1,"name":"Homepage","item":"https:\/\/talkpal.ai\/sv\/"},{"@type":"ListItem","position":2,"name":"Italiensk grammatik"}]},{"@type":"WebSite","@id":"https:\/\/talkpal.ai\/sv\/#website","url":"https:\/\/talkpal.ai\/sv\/","name":"Talkpal","description":"AI Language Learning","publisher":{"@id":"https:\/\/talkpal.ai\/sv\/#organization"},"alternateName":"Talkpal AI","potentialAction":[{"@type":"SearchAction","target":{"@type":"EntryPoint","urlTemplate":"https:\/\/talkpal.ai\/sv\/?s={search_term_string}"},"query-input":{"@type":"PropertyValueSpecification","valueRequired":true,"valueName":"search_term_string"}}],"inLanguage":"sv-SE"},{"@type":"Organization","@id":"https:\/\/talkpal.ai\/sv\/#organization","name":"Talkpal, Inc.","alternateName":"Talkpal AI","url":"https:\/\/talkpal.ai\/sv\/","logo":{"@type":"ImageObject","inLanguage":"sv-SE","@id":"https:\/\/talkpal.ai\/sv\/#\/schema\/logo\/image\/","url":"https:\/\/talkpal.ai\/wp-content\/uploads\/2024\/03\/Talkpal-Logo-Icon.png","contentUrl":"https:\/\/talkpal.ai\/wp-content\/uploads\/2024\/03\/Talkpal-Logo-Icon.png","width":2880,"height":2880,"caption":"Talkpal, Inc."},"image":{"@id":"https:\/\/talkpal.ai\/sv\/#\/schema\/logo\/image\/"},"sameAs":["https:\/\/www.facebook.com\/profile.php?id=100090733639311","https:\/\/x.com\/talkpalai","https:\/\/www.linkedin.com\/company\/talkpal\/","https:\/\/www.youtube.com\/@TalkPal\/","https:\/\/www.tiktok.com\/@talkpal","https:\/\/www.instagram.com\/talkpal_ai\/","https:\/\/www.crunchbase.com\/organization\/talkpal-9cde","https:\/\/www.g2.com\/products\/talkpal-for-business\/","https:\/\/www.trustpilot.com\/review\/talkpal.ai","https:\/\/www.capterra.com\/p\/10006800\/TalkPal\/"],"description":"Talkpal is a language learning web and mobile education app, powered by the latest AI technologies, that provides engaging experiences to its customers in many different languages to help them improve their language skills. Users can chat about unlimited amount of topics with the app and use other modes to practice their language learning.","email":"support@talkpal.ai","legalName":"Talkpal, Inc.","foundingDate":"2023-04-03","duns":"118989042","numberOfEmployees":{"@type":"QuantitativeValue","minValue":"11","maxValue":"50"},"publishingPrinciples":"https:\/\/talkpal.ai\/publishing-principles\/","actionableFeedbackPolicy":"https:\/\/talkpal.ai\/actionable-feedback-policy\/","correctionsPolicy":"https:\/\/talkpal.ai\/corrections-policy\/","ethicsPolicy":"https:\/\/talkpal.ai\/ethics-policy\/","diversityPolicy":"https:\/\/talkpal.ai\/diversity-policy\/","diversityStaffingReport":"https:\/\/talkpal.ai\/diversity-policy\/"}]}},"_links":{"self":[{"href":"https:\/\/talkpal.ai\/sv\/wp-json\/wp\/v2\/pages\/91424","targetHints":{"allow":["GET"]}}],"collection":[{"href":"https:\/\/talkpal.ai\/sv\/wp-json\/wp\/v2\/pages"}],"about":[{"href":"https:\/\/talkpal.ai\/sv\/wp-json\/wp\/v2\/types\/page"}],"author":[{"embeddable":true,"href":"https:\/\/talkpal.ai\/sv\/wp-json\/wp\/v2\/users\/1"}],"replies":[{"embeddable":true,"href":"https:\/\/talkpal.ai\/sv\/wp-json\/wp\/v2\/comments?post=91424"}],"version-history":[{"count":0,"href":"https:\/\/talkpal.ai\/sv\/wp-json\/wp\/v2\/pages\/91424\/revisions"}],"wp:featuredmedia":[{"embeddable":true,"href":"https:\/\/talkpal.ai\/sv\/wp-json\/wp\/v2\/media\/6259"}],"wp:attachment":[{"href":"https:\/\/talkpal.ai\/sv\/wp-json\/wp\/v2\/media?parent=91424"}],"curies":[{"name":"wp","href":"https:\/\/api.w.org\/{rel}","templated":true}]}}