{"id":91350,"date":"2023-03-26T11:45:19","date_gmt":"2023-03-26T11:45:19","guid":{"rendered":"http:\/\/talkpal.ai\/fransk-grammatik\/"},"modified":"2025-05-22T18:46:24","modified_gmt":"2025-05-22T18:46:24","slug":"fransk-grammatik","status":"publish","type":"page","link":"https:\/\/talkpal.ai\/sv\/fransk-grammatik\/","title":{"rendered":"Fransk grammatik"},"content":{"rendered":"\r\n\r\n\r\n<section class=\"languageChallengeSection\">\r\n    <div class=\"languageInfoWrapper\">\r\n        \r\n        <h1>Fransk grammatik<\/h1>\r\n        <p>Uppt\u00e4ck det <a href=\"https:\/\/talkpal.ai\/learn-french\/\">franska<\/a> spr\u00e5kets elegans genom att beh\u00e4rska dess grundl\u00e4ggande grammatikregler. En gedigen f\u00f6rst\u00e5else av <a href=\"https:\/\/talkpal.ai\/no\/laer-fransk\/\">fransk grammatik<\/a> hj\u00e4lper dig att kommunicera med l\u00e4tthet och uppskatta den franska kulturens rikedom. B\u00f6rja l\u00e4ra dig <a href=\"https:\/\/talkpal.ai\/learn-french\/\">fransk<\/a> <a href=\"https:\/\/talkpal.ai\/fr\/les\/\">grammatik<\/a> idag och p\u00e5b\u00f6rja din resa mot flytande spr\u00e5k!<\/p>\r\n\r\n                            <a class=\"getStartedHidden\" href=\"https:\/\/app.talkpal.ai\/sv\/signup?lng=\">Kom ig\u00e5ng<\/a>\r\n        \r\n    <\/div>\r\n\r\n    <figure>\r\n    <img decoding=\"async\" width=\"768\" height=\"768\" src=\"https:\/\/talkpal.ai\/wp-content\/uploads\/2023\/06\/french-768x768.png\" class=\"languageImage no-lazy\" alt=\"Default alt text\" fetchpriority=\"high\" sizes=\"(max-width: 768px) 150px, 768px\" srcset=\"https:\/\/talkpal.ai\/wp-content\/uploads\/2023\/06\/french-768x768.png 768w, https:\/\/talkpal.ai\/wp-content\/uploads\/2023\/06\/french-300x300.png 300w\" \/>\r\n    \r\n\r\n    <\/figure>\r\n\r\n            <a class=\"getStartedVisible\" href=\"https:\/\/app.talkpal.ai\/sv\/signup?lng=\">Kom ig\u00e5ng<\/a>\r\n    \r\n<\/section>\r\n        <section class=\"grammarSection\">\r\n            <div class=\"grammarLinks\">\r\n                <a href=\"https:\/\/talkpal.ai\/sv\/language\/adjektiv-fransk-grammatik\/\">Adjektiv <\/a><a href=\"https:\/\/talkpal.ai\/sv\/language\/adverb-fransk-grammatik\/\">Adverb <\/a><a href=\"https:\/\/talkpal.ai\/sv\/language\/artiklar-fransk-grammatik\/\">Artiklar <\/a><a href=\"https:\/\/talkpal.ai\/sv\/language\/meningsbyggnad-fransk-grammatik\/\">Meningsbyggnad <\/a><a href=\"https:\/\/talkpal.ai\/sv\/language\/prepositioner-fransk-grammatik\/\">Prepositioner <\/a><a href=\"https:\/\/talkpal.ai\/sv\/language\/pronomen-och-bestamningsfaktorer-fransk-grammatik\/\">Pronomen och best\u00e4mningsfaktorer <\/a><a href=\"https:\/\/talkpal.ai\/sv\/language\/substantiv-fransk-grammatik\/\">Substantiv <\/a><a href=\"https:\/\/talkpal.ai\/sv\/language\/tempus-indikativ-fransk-grammatik\/\">Tempus indikativ <\/a><a href=\"https:\/\/talkpal.ai\/sv\/language\/verb-fransk-grammatik\/\">Verb <\/a>            <\/div>\r\n        <\/section>\r\n    <section class=\"promotionalBanner\">\r\n    <p class=\"promotionalText\"><\/p>\r\n    <a class=\"promotionalLink\" href=\"https:\/\/app.talkpal.ai\/sv\/signup?lng=\"><\/a>\r\n<\/section>\n<div class=\"wp-block-group pageContainerStyle\"><div class=\"wp-block-group__inner-container is-layout-constrained wp-block-group-is-layout-constrained\">\n<h2 class=\"wp-block-heading\" id=\"h-a-beginner-s-guide-to-french-grammar\">En nyb\u00f6rjares guide till fransk grammatik<\/h2>\n\n\n\n<p>Att <a href=\"https:\/\/talkpal.ai\/learn-french-with-ai\/\">l\u00e4ra sig franska<\/a> kan vara en sp\u00e4nnande och givande upplevelse. Att beh\u00e4rska fransk grammatik kan dock vara utmanande, \u00e4ven f\u00f6r dem som beh\u00e4rskar <a href=\"https:\/\/talkpal.ai\/learn-english-with-ai\/\">engelska<\/a>. I <a href=\"https:\/\/talkpal.ai\/culture\/how-do-i-use-den-har-and-det-har\/\">den h\u00e4r<\/a> artikeln kommer vi att diskutera n\u00e5gra viktiga franska grammatiktips som hj\u00e4lper dig att f\u00f6rb\u00e4ttra dina spr\u00e5kkunskaper. Genom att bekanta dig med dessa regler och \u00f6va dem regelbundet kommer du att vara p\u00e5 god v\u00e4g att bli en expert p\u00e5 fransk grammatik.<\/p>\n\n\n\n<h3 class=\"wp-block-heading\" id=\"h-1-the-importance-of-gender-in-french-nouns\">1. Betydelsen av genus i franska substantiv<\/h3>\n\n\n\n<p>En av de viktigaste skillnaderna mellan fransk och <a href=\"https:\/\/talkpal.ai\/da\/grammar\/korte-svar-i-engelsk-grammatik\/\">engelsk grammatik<\/a> \u00e4r begreppet genus. Alla franska substantiv \u00e4r antingen maskulina eller feminina, vilket p\u00e5verkar de artiklar och adjektiv som anv\u00e4nds med dem. Till exempel \u00e4r &#8221;le&#8221; och &#8221;la&#8221; best\u00e4mda artiklar f\u00f6r maskulina respektive feminina substantiv. N\u00e4r du st\u00f6ter p\u00e5 ett nytt substantiv \u00e4r det viktigt att komma ih\u00e5g dess genus f\u00f6r att undvika grammatiska misstag.<\/p>\n\n\n\n<h3 class=\"wp-block-heading\" id=\"h-2-mastering-verb-conjugations\">2. Beh\u00e4rska verbb\u00f6jningar<\/h3>\n\n\n\n<p>Franska verb har m\u00e5nga b\u00f6jningar baserade p\u00e5 tempus, modus och subjektspronomen. Detta kan verka \u00f6verv\u00e4ldigande, men <a href=\"https:\/\/talkpal.ai\/culture\/how-do-i-use-det-finns-correctly\/\">det finns<\/a> m\u00f6nster och genv\u00e4gar som du kan anv\u00e4nda f\u00f6r att f\u00f6renkla processen. Regelbundna verb tillh\u00f6r en av de tre grupperna baserat p\u00e5 deras infinitiv\u00e4ndelser (-er, -ir och -re), och varje grupp har sin egen upps\u00e4ttning b\u00f6jningsregler. N\u00e4r du v\u00e4l har l\u00e4rt dig dessa regler kan du enkelt b\u00f6ja ett stort antal franska verb.<\/p>\n\n\n\n<h3 class=\"wp-block-heading\" id=\"h-3-the-partitive-article-du-de-la-and-de-l\">3. Den partitiva artikeln: du, de la och de l&#8217;<\/h3>\n\n\n\n<p>N\u00e4r du talar om en del eller en ospecificerad m\u00e4ngd av n\u00e5got m\u00e5ste du anv\u00e4nda artikeln i partitiv. Den partitiva artikeln \u00e4ndras beroende p\u00e5 substantivets k\u00f6n och om det b\u00f6rjar med en vokal eller en konsonant. F\u00f6r maskulina substantiv anv\u00e4nds &#8221;du&#8221;, f\u00f6r feminina substantiv anv\u00e4nds &#8221;de la&#8221; och f\u00f6r substantiv som b\u00f6rjar med en vokal eller ett stumt &#8221;h&#8221; anv\u00e4nds &#8221;de l'&#8221;.<\/p>\n\n\n\n<h3 class=\"wp-block-heading\" id=\"h-4-adjective-agreement-and-placement\">4. Adjektiv \u00d6verenskommelse och placering<\/h3>\n\n\n\n<p>I fransk grammatik m\u00e5ste adjektiv \u00f6verensst\u00e4mma med substantivet de modifierar n\u00e4r det g\u00e4ller genus och numerus. Ofta inneb\u00e4r det att du m\u00e5ste l\u00e4gga till ett &#8221;e&#8221; i adjektivet f\u00f6r att det ska bli feminint och ett &#8221;s&#8221; f\u00f6r att det ska bli pluralis. Dessutom f\u00f6ljer adjektiv i allm\u00e4nhet det substantiv som de modifierar, med vissa undantag f\u00f6r korta och vanliga adjektiv som &#8221;beau&#8221;, &#8221;vieil&#8221; och &#8221;grand&#8221;.<\/p>\n\n\n\n<p>Exempel:<br\/>&#8211; Un chat noir (En svart katt)<br\/>&#8211; Une voiture noire (En svart bil)<br\/>&#8211; Deux chats noirs (Tv\u00e5 svarta katter)<\/p>\n\n\n\n<h3 class=\"wp-block-heading\" id=\"h-5-passe-compose-past-tense-made-easy\">5. Passe Compose &#8211; f\u00f6rfluten tid l\u00e4tt som en pl\u00e4tt<\/h3>\n\n\n\n<p>\u00c4ven om det finns m\u00e5nga s\u00e4tt att uttrycka d\u00e5tid p\u00e5 franska, \u00e4r pass\u00e8 compos\u00e9 ett av de mest anv\u00e4ndbara och l\u00e4ttaste att l\u00e4ra sig. F\u00f6r att bilda pass\u00e9 compos\u00e9 beh\u00f6ver du presens av hj\u00e4lpverbet &#8221;avoir&#8221; eller &#8221;\u00eatre&#8221;, f\u00f6ljt av huvudverbets particip i f\u00f6rfluten tid. De flesta verb anv\u00e4nder &#8221;avoir&#8221; som hj\u00e4lpverb, medan vissa verb, fr\u00e4mst r\u00f6relseverb och reflexiva verb, anv\u00e4nder &#8221;\u00eatre&#8221;.<\/p>\n\n\n\n<p>Exempel:<br\/>&#8211; J&#8217;ai mang\u00e9 (jag \u00e5t)<br\/>&#8211; Nous sommes all\u00e9s (Vi \u00e5kte)<\/p>\n\n\n\n<h3 class=\"wp-block-heading\" id=\"h-6-engaging-with-the-language\">6. Engagera sig i spr\u00e5ket<\/h3>\n\n\n\n<p>Ett av de b\u00e4sta s\u00e4tten att f\u00f6rb\u00e4ttra din franska grammatik \u00e4r att regelbundet engagera sig i spr\u00e5ket. Oavsett om du l\u00e4ser franska tidningar, tittar p\u00e5 franska filmer eller pratar med en inf\u00f6dd talare, kommer exponering f\u00f6r spr\u00e5ket i olika sammanhang att hj\u00e4lpa dig att f\u00f6rst\u00e4rka din f\u00f6rst\u00e5else f\u00f6r grammatik och ut\u00f6ka ditt ordf\u00f6rr\u00e5d.<\/p>\n\n\n\n<h3 class=\"wp-block-heading\" id=\"h-conclusion\">Slutsats<\/h3>\n\n\n\n<p>Att beh\u00e4rska fransk grammatik kan verka skr\u00e4mmande, men med konsekvent \u00f6vning och engagemang kan du bli flytande i detta vackra spr\u00e5k. Genom att fokusera p\u00e5 de grundl\u00e4ggande reglerna som beskrivs ovan och engagera dig i spr\u00e5ket i olika sammanhang kommer dina franska grammatikkunskaper snabbt att f\u00f6rb\u00e4ttras. Bonne chans p\u00e5 din resa mot att beh\u00e4rska fransk grammatik!<\/p>\n<\/div><\/div>\n\r\n<section class=\"learnNavigationSection\">\r\n            \r\n        <a href=\"https:\/\/talkpal.ai\/sv\/lar-dig-franska\/\">\r\n            <div class=\"learnNavigationWrapper\">\r\n                <div class=\"learnNavigationContent\">\r\n                    <img decoding=\"async\" src=\"https:\/\/talkpal.ai\/wp-content\/uploads\/2024\/08\/French.jpg\" alt=\"French Flag\">\r\n                    <div>\r\n                        <h4>Om fransk inl\u00e4rning<\/h4>\r\n                        <p>Ta reda p\u00e5 allt om fransk grammatik.<\/p>\r\n                    <\/div>\r\n                <\/div>\r\n            <\/div>\r\n        <\/a>\r\n\r\n        \r\n        <a href=\"https:\/\/talkpal.ai\/sv\/franska-grammatikovningar\/\">\r\n            <div class=\"learnNavigationWrapper\">\r\n                <div class=\"learnNavigationContent\">\r\n                    <img decoding=\"async\" src=\"https:\/\/talkpal.ai\/wp-content\/uploads\/2024\/08\/French.jpg\" alt=\"French Flag\">\r\n                    <div>\r\n                        <h4>\u00d6vning i fransk grammatik<\/h4>\r\n                        <p>\u00d6va fransk grammatik.<\/p>\r\n                    <\/div>\r\n                <\/div>\r\n            <\/div>\r\n        <\/a>\r\n\r\n        \r\n        <a href=\"https:\/\/talkpal.ai\/vocabulary_language\/french\/\">\r\n            <div class=\"learnNavigationWrapper\">\r\n                <div class=\"learnNavigationContent\">\r\n                    <img decoding=\"async\" src=\"https:\/\/talkpal.ai\/wp-content\/uploads\/2024\/08\/French.jpg\" alt=\"French Flag\">\r\n                    <div>\r\n                        <h4>Fransk vokabul\u00e4r<\/h4>\r\n                        <p>Ut\u00f6ka ditt franska ordf\u00f6rr\u00e5d.<\/p>\r\n                    <\/div>\r\n                <\/div>\r\n            <\/div>\r\n        <\/a>\r\n\r\n            <\/section>","protected":false},"excerpt":{"rendered":"<p>En nyb\u00f6rjares guide till fransk grammatik Att l\u00e4ra sig franska kan vara en sp\u00e4nnande och givande upplevelse. Att beh\u00e4rska fransk grammatik kan dock vara utmanande, \u00e4ven f\u00f6r dem som beh\u00e4rskar engelska. I den h\u00e4r artikeln kommer vi att diskutera n\u00e5gra viktiga franska grammatiktips som hj\u00e4lper dig att f\u00f6rb\u00e4ttra dina spr\u00e5kkunskaper. Genom att bekanta dig med [&hellip;]<\/p>\n","protected":false},"author":1,"featured_media":6255,"parent":0,"menu_order":0,"comment_status":"closed","ping_status":"closed","template":"LearningContentPage.php","meta":{"_acf_changed":false,"footnotes":""},"class_list":["post-91350","page","type-page","status-publish","has-post-thumbnail","hentry"],"acf":[],"yoast_head":"<!-- This site is optimized with the Yoast SEO Premium plugin v27.2 (Yoast SEO v27.2) - https:\/\/yoast.com\/product\/yoast-seo-premium-wordpress\/ -->\n<title>Fransk grammatik - Talkpal<\/title>\n<meta name=\"description\" content=\"Beh\u00e4rska grundl\u00e4ggande franska grammatiska begrepp - verb, b\u00f6jningar, tempus, substantiv, artiklar, adjektiv, pronomen och meningsbyggnad.\" \/>\n<meta name=\"robots\" content=\"index, follow, max-snippet:-1, max-image-preview:large, max-video-preview:-1\" \/>\n<link rel=\"canonical\" href=\"https:\/\/talkpal.ai\/sv\/fransk-grammatik\/\" \/>\n<meta property=\"og:locale\" content=\"sv_SE\" \/>\n<meta property=\"og:type\" content=\"article\" \/>\n<meta property=\"og:title\" content=\"Fransk grammatik\" \/>\n<meta property=\"og:description\" content=\"En nyb\u00f6rjares guide till fransk grammatik Att l\u00e4ra sig franska kan vara en sp\u00e4nnande och givande upplevelse. Att beh\u00e4rska fransk grammatik kan dock vara\" \/>\n<meta property=\"og:url\" content=\"https:\/\/talkpal.ai\/sv\/fransk-grammatik\/\" \/>\n<meta property=\"og:site_name\" content=\"Talkpal\" \/>\n<meta property=\"article:publisher\" content=\"https:\/\/www.facebook.com\/profile.php?id=100090733639311\" \/>\n<meta property=\"article:modified_time\" content=\"2025-05-22T18:46:24+00:00\" \/>\n<meta property=\"og:image\" content=\"https:\/\/talkpal.ai\/wp-content\/uploads\/2023\/03\/france.png\" \/>\n\t<meta property=\"og:image:width\" content=\"512\" \/>\n\t<meta property=\"og:image:height\" content=\"512\" \/>\n\t<meta property=\"og:image:type\" content=\"image\/png\" \/>\n<meta name=\"twitter:card\" content=\"summary_large_image\" \/>\n<meta name=\"twitter:site\" content=\"@talkpalai\" \/>\n<meta name=\"twitter:label1\" content=\"Ber\u00e4knad l\u00e4stid\" \/>\n\t<meta name=\"twitter:data1\" content=\"3 minuter\" \/>\n<script type=\"application\/ld+json\" class=\"yoast-schema-graph\">{\"@context\":\"https:\/\/schema.org\",\"@graph\":[{\"@type\":\"WebPage\",\"@id\":\"https:\/\/talkpal.ai\/sv\/fransk-grammatik\/\",\"url\":\"https:\/\/talkpal.ai\/sv\/fransk-grammatik\/\",\"name\":\"Fransk grammatik - Talkpal\",\"isPartOf\":{\"@id\":\"https:\/\/talkpal.ai\/sv\/#website\"},\"primaryImageOfPage\":{\"@id\":\"https:\/\/talkpal.ai\/sv\/fransk-grammatik\/#primaryimage\"},\"image\":{\"@id\":\"https:\/\/talkpal.ai\/sv\/fransk-grammatik\/#primaryimage\"},\"thumbnailUrl\":\"https:\/\/talkpal.ai\/wp-content\/uploads\/2023\/03\/france.png\",\"datePublished\":\"2023-03-26T11:45:19+00:00\",\"dateModified\":\"2025-05-22T18:46:24+00:00\",\"description\":\"Beh\u00e4rska grundl\u00e4ggande franska grammatiska begrepp - verb, b\u00f6jningar, tempus, substantiv, artiklar, adjektiv, pronomen och meningsbyggnad.\",\"breadcrumb\":{\"@id\":\"https:\/\/talkpal.ai\/sv\/fransk-grammatik\/#breadcrumb\"},\"inLanguage\":\"sv-SE\",\"potentialAction\":[{\"@type\":\"ReadAction\",\"target\":[\"https:\/\/talkpal.ai\/sv\/fransk-grammatik\/\"]}]},{\"@type\":\"ImageObject\",\"inLanguage\":\"sv-SE\",\"@id\":\"https:\/\/talkpal.ai\/sv\/fransk-grammatik\/#primaryimage\",\"url\":\"https:\/\/talkpal.ai\/wp-content\/uploads\/2023\/03\/france.png\",\"contentUrl\":\"https:\/\/talkpal.ai\/wp-content\/uploads\/2023\/03\/france.png\",\"width\":512,\"height\":512,\"caption\":\"TalkPal AI learn French\"},{\"@type\":\"BreadcrumbList\",\"@id\":\"https:\/\/talkpal.ai\/sv\/fransk-grammatik\/#breadcrumb\",\"itemListElement\":[{\"@type\":\"ListItem\",\"position\":1,\"name\":\"Homepage\",\"item\":\"https:\/\/talkpal.ai\/sv\/\"},{\"@type\":\"ListItem\",\"position\":2,\"name\":\"Fransk grammatik\"}]},{\"@type\":\"WebSite\",\"@id\":\"https:\/\/talkpal.ai\/sv\/#website\",\"url\":\"https:\/\/talkpal.ai\/sv\/\",\"name\":\"Talkpal\",\"description\":\"AI Language Learning\",\"publisher\":{\"@id\":\"https:\/\/talkpal.ai\/sv\/#organization\"},\"alternateName\":\"Talkpal AI\",\"potentialAction\":[{\"@type\":\"SearchAction\",\"target\":{\"@type\":\"EntryPoint\",\"urlTemplate\":\"https:\/\/talkpal.ai\/sv\/?s={search_term_string}\"},\"query-input\":{\"@type\":\"PropertyValueSpecification\",\"valueRequired\":true,\"valueName\":\"search_term_string\"}}],\"inLanguage\":\"sv-SE\"},{\"@type\":\"Organization\",\"@id\":\"https:\/\/talkpal.ai\/sv\/#organization\",\"name\":\"Talkpal, Inc.\",\"alternateName\":\"Talkpal AI\",\"url\":\"https:\/\/talkpal.ai\/sv\/\",\"logo\":{\"@type\":\"ImageObject\",\"inLanguage\":\"sv-SE\",\"@id\":\"https:\/\/talkpal.ai\/sv\/#\/schema\/logo\/image\/\",\"url\":\"https:\/\/talkpal.ai\/wp-content\/uploads\/2024\/03\/Talkpal-Logo-Icon.png\",\"contentUrl\":\"https:\/\/talkpal.ai\/wp-content\/uploads\/2024\/03\/Talkpal-Logo-Icon.png\",\"width\":2880,\"height\":2880,\"caption\":\"Talkpal, Inc.\"},\"image\":{\"@id\":\"https:\/\/talkpal.ai\/sv\/#\/schema\/logo\/image\/\"},\"sameAs\":[\"https:\/\/www.facebook.com\/profile.php?id=100090733639311\",\"https:\/\/x.com\/talkpalai\",\"https:\/\/www.linkedin.com\/company\/talkpal\/\",\"https:\/\/www.youtube.com\/@TalkPal\/\",\"https:\/\/www.tiktok.com\/@talkpal\",\"https:\/\/www.instagram.com\/talkpal_ai\/\",\"https:\/\/www.crunchbase.com\/organization\/talkpal-9cde\",\"https:\/\/www.g2.com\/products\/talkpal-for-business\/\",\"https:\/\/www.trustpilot.com\/review\/talkpal.ai\",\"https:\/\/www.capterra.com\/p\/10006800\/TalkPal\/\"],\"description\":\"Talkpal is a language learning web and mobile education app, powered by the latest AI technologies, that provides engaging experiences to its customers in many different languages to help them improve their language skills. Users can chat about unlimited amount of topics with the app and use other modes to practice their language learning.\",\"email\":\"support@talkpal.ai\",\"legalName\":\"Talkpal, Inc.\",\"foundingDate\":\"2023-04-03\",\"duns\":\"118989042\",\"numberOfEmployees\":{\"@type\":\"QuantitativeValue\",\"minValue\":\"11\",\"maxValue\":\"50\"},\"publishingPrinciples\":\"https:\/\/talkpal.ai\/publishing-principles\/\",\"actionableFeedbackPolicy\":\"https:\/\/talkpal.ai\/actionable-feedback-policy\/\",\"correctionsPolicy\":\"https:\/\/talkpal.ai\/corrections-policy\/\",\"ethicsPolicy\":\"https:\/\/talkpal.ai\/ethics-policy\/\",\"diversityPolicy\":\"https:\/\/talkpal.ai\/diversity-policy\/\",\"diversityStaffingReport\":\"https:\/\/talkpal.ai\/diversity-policy\/\"}]}<\/script>\n<!-- \/ Yoast SEO Premium plugin. -->","yoast_head_json":{"title":"Fransk grammatik - Talkpal","description":"Beh\u00e4rska grundl\u00e4ggande franska grammatiska begrepp - verb, b\u00f6jningar, tempus, substantiv, artiklar, adjektiv, pronomen och meningsbyggnad.","robots":{"index":"index","follow":"follow","max-snippet":"max-snippet:-1","max-image-preview":"max-image-preview:large","max-video-preview":"max-video-preview:-1"},"canonical":"https:\/\/talkpal.ai\/sv\/fransk-grammatik\/","og_locale":"sv_SE","og_type":"article","og_title":"Fransk grammatik","og_description":"En nyb\u00f6rjares guide till fransk grammatik Att l\u00e4ra sig franska kan vara en sp\u00e4nnande och givande upplevelse. Att beh\u00e4rska fransk grammatik kan dock vara","og_url":"https:\/\/talkpal.ai\/sv\/fransk-grammatik\/","og_site_name":"Talkpal","article_publisher":"https:\/\/www.facebook.com\/profile.php?id=100090733639311","article_modified_time":"2025-05-22T18:46:24+00:00","og_image":[{"width":512,"height":512,"url":"https:\/\/talkpal.ai\/wp-content\/uploads\/2023\/03\/france.png","type":"image\/png"}],"twitter_card":"summary_large_image","twitter_site":"@talkpalai","twitter_misc":{"Ber\u00e4knad l\u00e4stid":"3 minuter"},"schema":{"@context":"https:\/\/schema.org","@graph":[{"@type":"WebPage","@id":"https:\/\/talkpal.ai\/sv\/fransk-grammatik\/","url":"https:\/\/talkpal.ai\/sv\/fransk-grammatik\/","name":"Fransk grammatik - Talkpal","isPartOf":{"@id":"https:\/\/talkpal.ai\/sv\/#website"},"primaryImageOfPage":{"@id":"https:\/\/talkpal.ai\/sv\/fransk-grammatik\/#primaryimage"},"image":{"@id":"https:\/\/talkpal.ai\/sv\/fransk-grammatik\/#primaryimage"},"thumbnailUrl":"https:\/\/talkpal.ai\/wp-content\/uploads\/2023\/03\/france.png","datePublished":"2023-03-26T11:45:19+00:00","dateModified":"2025-05-22T18:46:24+00:00","description":"Beh\u00e4rska grundl\u00e4ggande franska grammatiska begrepp - verb, b\u00f6jningar, tempus, substantiv, artiklar, adjektiv, pronomen och meningsbyggnad.","breadcrumb":{"@id":"https:\/\/talkpal.ai\/sv\/fransk-grammatik\/#breadcrumb"},"inLanguage":"sv-SE","potentialAction":[{"@type":"ReadAction","target":["https:\/\/talkpal.ai\/sv\/fransk-grammatik\/"]}]},{"@type":"ImageObject","inLanguage":"sv-SE","@id":"https:\/\/talkpal.ai\/sv\/fransk-grammatik\/#primaryimage","url":"https:\/\/talkpal.ai\/wp-content\/uploads\/2023\/03\/france.png","contentUrl":"https:\/\/talkpal.ai\/wp-content\/uploads\/2023\/03\/france.png","width":512,"height":512,"caption":"TalkPal AI learn French"},{"@type":"BreadcrumbList","@id":"https:\/\/talkpal.ai\/sv\/fransk-grammatik\/#breadcrumb","itemListElement":[{"@type":"ListItem","position":1,"name":"Homepage","item":"https:\/\/talkpal.ai\/sv\/"},{"@type":"ListItem","position":2,"name":"Fransk grammatik"}]},{"@type":"WebSite","@id":"https:\/\/talkpal.ai\/sv\/#website","url":"https:\/\/talkpal.ai\/sv\/","name":"Talkpal","description":"AI Language Learning","publisher":{"@id":"https:\/\/talkpal.ai\/sv\/#organization"},"alternateName":"Talkpal AI","potentialAction":[{"@type":"SearchAction","target":{"@type":"EntryPoint","urlTemplate":"https:\/\/talkpal.ai\/sv\/?s={search_term_string}"},"query-input":{"@type":"PropertyValueSpecification","valueRequired":true,"valueName":"search_term_string"}}],"inLanguage":"sv-SE"},{"@type":"Organization","@id":"https:\/\/talkpal.ai\/sv\/#organization","name":"Talkpal, Inc.","alternateName":"Talkpal AI","url":"https:\/\/talkpal.ai\/sv\/","logo":{"@type":"ImageObject","inLanguage":"sv-SE","@id":"https:\/\/talkpal.ai\/sv\/#\/schema\/logo\/image\/","url":"https:\/\/talkpal.ai\/wp-content\/uploads\/2024\/03\/Talkpal-Logo-Icon.png","contentUrl":"https:\/\/talkpal.ai\/wp-content\/uploads\/2024\/03\/Talkpal-Logo-Icon.png","width":2880,"height":2880,"caption":"Talkpal, Inc."},"image":{"@id":"https:\/\/talkpal.ai\/sv\/#\/schema\/logo\/image\/"},"sameAs":["https:\/\/www.facebook.com\/profile.php?id=100090733639311","https:\/\/x.com\/talkpalai","https:\/\/www.linkedin.com\/company\/talkpal\/","https:\/\/www.youtube.com\/@TalkPal\/","https:\/\/www.tiktok.com\/@talkpal","https:\/\/www.instagram.com\/talkpal_ai\/","https:\/\/www.crunchbase.com\/organization\/talkpal-9cde","https:\/\/www.g2.com\/products\/talkpal-for-business\/","https:\/\/www.trustpilot.com\/review\/talkpal.ai","https:\/\/www.capterra.com\/p\/10006800\/TalkPal\/"],"description":"Talkpal is a language learning web and mobile education app, powered by the latest AI technologies, that provides engaging experiences to its customers in many different languages to help them improve their language skills. Users can chat about unlimited amount of topics with the app and use other modes to practice their language learning.","email":"support@talkpal.ai","legalName":"Talkpal, Inc.","foundingDate":"2023-04-03","duns":"118989042","numberOfEmployees":{"@type":"QuantitativeValue","minValue":"11","maxValue":"50"},"publishingPrinciples":"https:\/\/talkpal.ai\/publishing-principles\/","actionableFeedbackPolicy":"https:\/\/talkpal.ai\/actionable-feedback-policy\/","correctionsPolicy":"https:\/\/talkpal.ai\/corrections-policy\/","ethicsPolicy":"https:\/\/talkpal.ai\/ethics-policy\/","diversityPolicy":"https:\/\/talkpal.ai\/diversity-policy\/","diversityStaffingReport":"https:\/\/talkpal.ai\/diversity-policy\/"}]}},"_links":{"self":[{"href":"https:\/\/talkpal.ai\/sv\/wp-json\/wp\/v2\/pages\/91350","targetHints":{"allow":["GET"]}}],"collection":[{"href":"https:\/\/talkpal.ai\/sv\/wp-json\/wp\/v2\/pages"}],"about":[{"href":"https:\/\/talkpal.ai\/sv\/wp-json\/wp\/v2\/types\/page"}],"author":[{"embeddable":true,"href":"https:\/\/talkpal.ai\/sv\/wp-json\/wp\/v2\/users\/1"}],"replies":[{"embeddable":true,"href":"https:\/\/talkpal.ai\/sv\/wp-json\/wp\/v2\/comments?post=91350"}],"version-history":[{"count":0,"href":"https:\/\/talkpal.ai\/sv\/wp-json\/wp\/v2\/pages\/91350\/revisions"}],"wp:featuredmedia":[{"embeddable":true,"href":"https:\/\/talkpal.ai\/sv\/wp-json\/wp\/v2\/media\/6255"}],"wp:attachment":[{"href":"https:\/\/talkpal.ai\/sv\/wp-json\/wp\/v2\/media?parent=91350"}],"curies":[{"name":"wp","href":"https:\/\/api.w.org\/{rel}","templated":true}]}}