{"id":91330,"date":"2023-03-26T11:55:54","date_gmt":"2023-03-26T11:55:54","guid":{"rendered":"http:\/\/talkpal.ai\/spansk-grammatik\/"},"modified":"2025-05-22T18:50:10","modified_gmt":"2025-05-22T18:50:10","slug":"spansk-grammatik","status":"publish","type":"page","link":"https:\/\/talkpal.ai\/sv\/spansk-grammatik\/","title":{"rendered":"Spansk grammatik"},"content":{"rendered":"\r\n\r\n\r\n<section class=\"languageChallengeSection\">\r\n    <div class=\"languageInfoWrapper\">\r\n        \r\n        <h1>Spansk grammatik<\/h1>\r\n        <p>Dyk in i den livfulla <a href=\"https:\/\/talkpal.ai\/learn-spanish\/\">spanska<\/a> v\u00e4rlden genom att beh\u00e4rska de viktigaste grammatikreglerna. Genom att f\u00f6rst\u00e5 den spanska grammatiken kan du kommunicera med sj\u00e4lvf\u00f6rtroende och skapa nya kontakter med miljontals spansktalande v\u00e4rlden \u00f6ver. B\u00f6rja l\u00e4ra dig <a href=\"https:\/\/talkpal.ai\/no\/laer-spansk\/\">spansk grammatik<\/a> idag och ta ditt f\u00f6rsta steg mot flytande spr\u00e5k!<\/p>\r\n\r\n                            <a class=\"getStartedHidden\" href=\"https:\/\/app.talkpal.ai\/sv\/signup?lng=\">Kom ig\u00e5ng<\/a>\r\n        \r\n    <\/div>\r\n\r\n    <figure>\r\n    <img decoding=\"async\" width=\"768\" height=\"768\" src=\"https:\/\/talkpal.ai\/wp-content\/uploads\/2023\/06\/Spanish-768x768.png\" class=\"languageImage no-lazy\" alt=\"Default alt text\" fetchpriority=\"high\" sizes=\"(max-width: 768px) 150px, 768px\" srcset=\"https:\/\/talkpal.ai\/wp-content\/uploads\/2023\/06\/Spanish-768x768.png 768w, https:\/\/talkpal.ai\/wp-content\/uploads\/2023\/06\/Spanish-300x300.png 300w\" \/>\r\n    \r\n\r\n    <\/figure>\r\n\r\n            <a class=\"getStartedVisible\" href=\"https:\/\/app.talkpal.ai\/sv\/signup?lng=\">Kom ig\u00e5ng<\/a>\r\n    \r\n<\/section>\r\n        <section class=\"grammarSection\">\r\n            <div class=\"grammarLinks\">\r\n                <a href=\"https:\/\/talkpal.ai\/sv\/language\/adjektiv-spansk-grammatik\/\">Adjektiv <\/a><a href=\"https:\/\/talkpal.ai\/sv\/language\/adverb-spansk-grammatik\/\">Adverb <\/a><a href=\"https:\/\/talkpal.ai\/sv\/language\/artiklar-spansk-grammatik\/\">Artiklar <\/a><a href=\"https:\/\/talkpal.ai\/sv\/language\/meningsbyggnad-spansk-grammatik\/\">Meningsbyggnad <\/a><a href=\"https:\/\/talkpal.ai\/sv\/language\/prepositioner-spansk-grammatik\/\">Prepositioner <\/a><a href=\"https:\/\/talkpal.ai\/sv\/language\/pronomen-spansk-grammatik\/\">Pronomen <\/a><a href=\"https:\/\/talkpal.ai\/sv\/language\/substantiv-spansk-grammatik\/\">Substantiv <\/a><a href=\"https:\/\/talkpal.ai\/sv\/language\/tempus-indikativ-spansk-grammatik\/\">Tempus indikativ <\/a><a href=\"https:\/\/talkpal.ai\/sv\/language\/tempus-konjunktiv-spansk-grammatik\/\">Tempus konjunktiv <\/a><a href=\"https:\/\/talkpal.ai\/sv\/language\/verb-spansk-grammatik\/\">Verb <\/a>            <\/div>\r\n        <\/section>\r\n    <section class=\"promotionalBanner\">\r\n    <p class=\"promotionalText\"><\/p>\r\n    <a class=\"promotionalLink\" href=\"https:\/\/app.talkpal.ai\/sv\/signup?lng=\"><\/a>\r\n<\/section>\n<div class=\"wp-block-group pageContainerStyle\"><div class=\"wp-block-group__inner-container is-layout-constrained wp-block-group-is-layout-constrained\">\n<h2 class=\"wp-block-heading\" id=\"h-a-quick-guide-to-learning-spanish-grammar\">En snabbguide f\u00f6r att l\u00e4ra sig spansk grammatik<\/h2>\n\n\n\n<p>Om du n\u00e5gonsin har funderat p\u00e5 att l\u00e4ra dig ett nytt spr\u00e5k \u00e4r chansen stor att du har t\u00e4nkt p\u00e5 spanska. Som ett av <a href=\"https:\/\/talkpal.ai\/the-10-most-spoken-languages-in-the-world\/\">de mest talade spr\u00e5ken<\/a> i v\u00e4rlden erbjuder spanska m\u00e5nga f\u00f6rdelar f\u00f6r personlig och professionell utveckling. Att l\u00e4ra sig spanska kommer inte bara att ge dig tillg\u00e5ng till nya kulturer utan kommer ocks\u00e5 att f\u00f6rb\u00e4ttra din kommunikationsf\u00f6rm\u00e5ga. \u00c4ven om m\u00e5nga m\u00e4nniskor \u00e4r r\u00e4dda f\u00f6r att trassla in sig i grammatiska regler kan du andas ut, eftersom spansk <a href=\"https:\/\/talkpal.ai\/fr\/les\/\">grammatik<\/a> \u00e4r relativt enkel. I <a href=\"https:\/\/talkpal.ai\/culture\/how-do-i-use-den-har-and-det-har\/\">den h\u00e4r<\/a> artikeln ger vi dig en snabbguide som hj\u00e4lper dig att navigera i den sp\u00e4nnande v\u00e4rlden av spansk grammatik som ett proffs!<\/p>\n\n\n\n<h3 class=\"wp-block-heading\" id=\"h-1-understanding-spanish-nouns-and-articles\">1. F\u00f6rst\u00e5 spanska substantiv och artiklar<\/h3>\n\n\n\n<p>Spanska substantiv, som p\u00e5 <a href=\"https:\/\/talkpal.ai\/learn-english-with-ai\/\">engelska<\/a>, anv\u00e4nds f\u00f6r att identifiera m\u00e4nniskor, platser, f\u00f6rem\u00e5l, id\u00e9er och k\u00e4nslor. Den f\u00f6rsta regeln att komma ih\u00e5g om spanska substantiv \u00e4r att de har genus. Spanska substantiv \u00e4r antingen maskulina eller feminina. Till exempel \u00e4r &#8221;libro&#8221; (bok) maskulinum och &#8221;casa&#8221; (hus) femininum. M\u00e5nga g\u00e5nger \u00e4r substantiv som slutar p\u00e5 &#8221;o&#8221; maskulina, medan de som slutar p\u00e5 &#8221;a&#8221; \u00e4r feminina.<\/p>\n\n\n\n<p>Spanska artiklar liknar de engelska &#8221;the&#8221;, &#8221;a&#8221; eller &#8221;an&#8221;. De \u00e4r en viktig del av spr\u00e5ket eftersom de m\u00e5ste st\u00e4mma \u00f6verens med genus och numerus p\u00e5 substantivet de beskriver. <a href=\"https:\/\/talkpal.ai\/culture\/how-do-i-use-det-finns-correctly\/\">Det finns<\/a> fyra typer av spanska artiklar:<\/p>\n\n\n\n<p>&#8211; <strong>Definita artiklar<\/strong>: el (maskulinum singularis), la (femininum singularis), los (maskulinum pluralis) och las (femininum pluralis).<br\/>&#8211; <strong>Obest\u00e4mda artiklar:<\/strong> un (a\/ett maskulint singularis), una (a\/ett feminint singularis), unos (vissa maskulina pluralformer) och unas (vissa feminina pluralformer).<\/p>\n\n\n\n<h3 class=\"wp-block-heading\" id=\"h-2-slaying-spanish-verbs-conjugation-and-tenses\">2. Att d\u00f6da spanska verb: konjugation och tempus<\/h3>\n\n\n\n<p>En av de viktigaste aspekterna av att l\u00e4ra sig spansk grammatik \u00e4r att f\u00f6rst\u00e5 verbb\u00f6jningar. Konjugering inneb\u00e4r helt enkelt att verbets rotform \u00e4ndras s\u00e5 att den passar subjektet och tempus. P\u00e5 spanska s\u00e4ger man till exempel &#8221;Yo como&#8221; (jag \u00e4ter) och &#8221;\u00e9l come&#8221; (han \u00e4ter). L\u00e4gg m\u00e4rke till att verbet comer (att \u00e4ta) \u00e4ndrar form n\u00e4r du byter subjekt.<\/p>\n\n\n\n<p><strong>N\u00e5gra vanliga regelbundna verb p\u00e5 spanska \u00e4r:<\/strong><\/p>\n\n\n\n<p>&#8211; AR-verb: hablar (att tala), amar (att \u00e4lska) och bailar (att dansa).<br\/>&#8211; ER-verb: comer (att \u00e4ta), aprender (att l\u00e4ra sig) och vender (att s\u00e4lja).<br\/>&#8211; IR-verb: vivir (att leva), escribir (att skriva) och descubrir (att uppt\u00e4cka).<\/p>\n\n\n\n<p>Precis som p\u00e5 engelska har spanskan flera verbtempus f\u00f6r att beteckna den tidpunkt d\u00e5 en handling intr\u00e4ffar. De mest grundl\u00e4ggande \u00e4r:<\/p>\n\n\n\n<p><strong>&#8211; Nuvarande<\/strong><br\/><strong>&#8211; Preteritum<\/strong><br\/><strong>&#8211; Imperfekt<\/strong><br\/><strong>&#8211; Framtid<\/strong><br\/><strong>&#8211; Villkorlig<\/strong><br\/><strong>&#8211; Nuvarande konjunktiv<\/strong><br\/><strong>&#8211; Imperfekt konjunktiv<\/strong><\/p>\n\n\n\n<p>Stressa inte \u00f6ver att l\u00e4ra dig alla verbtider p\u00e5 en g\u00e5ng. Ta itu med dem en i taget och \u00f6va tills du k\u00e4nner dig bekv\u00e4m med att anv\u00e4nda dem.<\/p>\n\n\n\n<h3 class=\"wp-block-heading\" id=\"h-3-creating-sentences-with-spanish-adjectives-and-adverbs\">3. Skapa meningar med spanska adjektiv och adverb<\/h3>\n\n\n\n<p>Adjektiv och adverb spelar en viktig roll f\u00f6r att krydda dina spanska meningar. Adjektiv beskriver egenskaper eller egenskaper hos substantiv, medan adverb beskriver handlingar eller verb. P\u00e5 spanska m\u00e5ste adjektiv \u00f6verensst\u00e4mma med substantivet de beskriver, b\u00e5de i genus och numerus.<\/p>\n\n\n\n<p>En viktig skillnad mellan spanska och engelska \u00e4r adjektivordningen. Spanska adjektiv kommer vanligtvis efter substantivet, t.ex. &#8221;un coche rojo&#8221; (en r\u00f6d bil).<\/p>\n\n\n\n<p>Spanska adverb, \u00e5 andra sidan, \u00e4ndras aldrig f\u00f6r genus eller numerus. Precis som i engelskan kommer adverb vanligtvis efter verbet som de modifierar, t.ex. &#8221;Ella habla r\u00e1pidamente&#8221; (Hon talar snabbt).<\/p>\n\n\n\n<h3 class=\"wp-block-heading\" id=\"h-conclusion\">Slutsats<\/h3>\n\n\n\n<p>Spansk grammatik borde inte skr\u00e4mma dig! Visst, det kr\u00e4ver \u00f6vning, men genom att f\u00f6lja dessa enkla riktlinjer \u00e4r du p\u00e5 v\u00e4g att bli en exceptionell spansktalare. Kom ih\u00e5g att alltid engagera dig i spr\u00e5ket p\u00e5 ett roligt, konversationsm\u00e4ssigt s\u00e4tt n\u00e4r du utforskar substantiv, verb, adjektiv och adverb. Forts\u00e4tt \u00f6va, omfamna kulturen och l\u00e5t din spanska resa utvecklas. \u00a1Buena suerte!<\/p>\n<\/div><\/div>\n\r\n<section class=\"learnNavigationSection\">\r\n            \r\n        <a href=\"https:\/\/talkpal.ai\/sv\/lar-dig-spanska\/\">\r\n            <div class=\"learnNavigationWrapper\">\r\n                <div class=\"learnNavigationContent\">\r\n                    <img decoding=\"async\" src=\"https:\/\/talkpal.ai\/wp-content\/uploads\/2024\/08\/Spanish.jpg\" alt=\"Spanish Flag\">\r\n                    <div>\r\n                        <h4>Om att l\u00e4ra sig spanska<\/h4>\r\n                        <p>Ta reda p\u00e5 allt om spansk grammatik.<\/p>\r\n                    <\/div>\r\n                <\/div>\r\n            <\/div>\r\n        <\/a>\r\n\r\n        \r\n        <a href=\"https:\/\/talkpal.ai\/sv\/spanska-grammatikovningar\/\">\r\n            <div class=\"learnNavigationWrapper\">\r\n                <div class=\"learnNavigationContent\">\r\n                    <img decoding=\"async\" src=\"https:\/\/talkpal.ai\/wp-content\/uploads\/2024\/08\/Spanish.jpg\" alt=\"Spanish Flag\">\r\n                    <div>\r\n                        <h4>\u00d6vning i spansk grammatik<\/h4>\r\n                        <p>\u00d6va spansk grammatik.<\/p>\r\n                    <\/div>\r\n                <\/div>\r\n            <\/div>\r\n        <\/a>\r\n\r\n        \r\n        <a href=\"https:\/\/talkpal.ai\/vocabulary_language\/spanish\/\">\r\n            <div class=\"learnNavigationWrapper\">\r\n                <div class=\"learnNavigationContent\">\r\n                    <img decoding=\"async\" src=\"https:\/\/talkpal.ai\/wp-content\/uploads\/2024\/08\/Spanish.jpg\" alt=\"Spanish Flag\">\r\n                    <div>\r\n                        <h4>Spansk vokabul\u00e4r<\/h4>\r\n                        <p>Ut\u00f6ka ditt spanska ordf\u00f6rr\u00e5d.<\/p>\r\n                    <\/div>\r\n                <\/div>\r\n            <\/div>\r\n        <\/a>\r\n\r\n            <\/section>","protected":false},"excerpt":{"rendered":"<p>En snabbguide f\u00f6r att l\u00e4ra sig spansk grammatik Om du n\u00e5gonsin har funderat p\u00e5 att l\u00e4ra dig ett nytt spr\u00e5k \u00e4r chansen stor att du har t\u00e4nkt p\u00e5 spanska. Som ett av de mest talade spr\u00e5ken i v\u00e4rlden erbjuder spanska m\u00e5nga f\u00f6rdelar f\u00f6r personlig och professionell utveckling. Att l\u00e4ra sig spanska kommer inte bara att [&hellip;]<\/p>\n","protected":false},"author":1,"featured_media":6261,"parent":0,"menu_order":0,"comment_status":"closed","ping_status":"closed","template":"LearningContentPage.php","meta":{"_acf_changed":false,"footnotes":""},"class_list":["post-91330","page","type-page","status-publish","has-post-thumbnail","hentry"],"acf":[],"yoast_head":"<!-- This site is optimized with the Yoast SEO Premium plugin v27.2 (Yoast SEO v27.2) - https:\/\/yoast.com\/product\/yoast-seo-premium-wordpress\/ -->\n<title>Spansk grammatik - Talkpal<\/title>\n<meta name=\"description\" content=\"F\u00f6rb\u00e4ttra dina kunskaper i spansk grammatik med interaktiva \u00f6vningar som \u00e4r utformade f\u00f6r alla kunskapsniv\u00e5er. \u00d6va spanska effektivt!\" \/>\n<meta name=\"robots\" content=\"index, follow, max-snippet:-1, max-image-preview:large, max-video-preview:-1\" \/>\n<link rel=\"canonical\" href=\"https:\/\/talkpal.ai\/sv\/spansk-grammatik\/\" \/>\n<meta property=\"og:locale\" content=\"sv_SE\" \/>\n<meta property=\"og:type\" content=\"article\" \/>\n<meta property=\"og:title\" content=\"Spansk grammatik\" \/>\n<meta property=\"og:description\" content=\"En snabbguide f\u00f6r att l\u00e4ra sig spansk grammatik Om du n\u00e5gonsin har funderat p\u00e5 att l\u00e4ra dig ett nytt spr\u00e5k \u00e4r chansen stor att du har t\u00e4nkt p\u00e5 spanska.\" \/>\n<meta property=\"og:url\" content=\"https:\/\/talkpal.ai\/sv\/spansk-grammatik\/\" \/>\n<meta property=\"og:site_name\" content=\"Talkpal\" \/>\n<meta property=\"article:publisher\" content=\"https:\/\/www.facebook.com\/profile.php?id=100090733639311\" \/>\n<meta property=\"article:modified_time\" content=\"2025-05-22T18:50:10+00:00\" \/>\n<meta property=\"og:image\" content=\"https:\/\/talkpal.ai\/wp-content\/uploads\/2023\/03\/spain.png\" \/>\n\t<meta property=\"og:image:width\" content=\"512\" \/>\n\t<meta property=\"og:image:height\" content=\"512\" \/>\n\t<meta property=\"og:image:type\" content=\"image\/png\" \/>\n<meta name=\"twitter:card\" content=\"summary_large_image\" \/>\n<meta name=\"twitter:site\" content=\"@talkpalai\" \/>\n<meta name=\"twitter:label1\" content=\"Ber\u00e4knad l\u00e4stid\" \/>\n\t<meta name=\"twitter:data1\" content=\"3 minuter\" \/>\n<script type=\"application\/ld+json\" class=\"yoast-schema-graph\">{\"@context\":\"https:\/\/schema.org\",\"@graph\":[{\"@type\":\"WebPage\",\"@id\":\"https:\/\/talkpal.ai\/sv\/spansk-grammatik\/\",\"url\":\"https:\/\/talkpal.ai\/sv\/spansk-grammatik\/\",\"name\":\"Spansk grammatik - Talkpal\",\"isPartOf\":{\"@id\":\"https:\/\/talkpal.ai\/sv\/#website\"},\"primaryImageOfPage\":{\"@id\":\"https:\/\/talkpal.ai\/sv\/spansk-grammatik\/#primaryimage\"},\"image\":{\"@id\":\"https:\/\/talkpal.ai\/sv\/spansk-grammatik\/#primaryimage\"},\"thumbnailUrl\":\"https:\/\/talkpal.ai\/wp-content\/uploads\/2023\/03\/spain.png\",\"datePublished\":\"2023-03-26T11:55:54+00:00\",\"dateModified\":\"2025-05-22T18:50:10+00:00\",\"description\":\"F\u00f6rb\u00e4ttra dina kunskaper i spansk grammatik med interaktiva \u00f6vningar som \u00e4r utformade f\u00f6r alla kunskapsniv\u00e5er. \u00d6va spanska effektivt!\",\"breadcrumb\":{\"@id\":\"https:\/\/talkpal.ai\/sv\/spansk-grammatik\/#breadcrumb\"},\"inLanguage\":\"sv-SE\",\"potentialAction\":[{\"@type\":\"ReadAction\",\"target\":[\"https:\/\/talkpal.ai\/sv\/spansk-grammatik\/\"]}]},{\"@type\":\"ImageObject\",\"inLanguage\":\"sv-SE\",\"@id\":\"https:\/\/talkpal.ai\/sv\/spansk-grammatik\/#primaryimage\",\"url\":\"https:\/\/talkpal.ai\/wp-content\/uploads\/2023\/03\/spain.png\",\"contentUrl\":\"https:\/\/talkpal.ai\/wp-content\/uploads\/2023\/03\/spain.png\",\"width\":512,\"height\":512,\"caption\":\"TalkPal AI learn Spanish\"},{\"@type\":\"BreadcrumbList\",\"@id\":\"https:\/\/talkpal.ai\/sv\/spansk-grammatik\/#breadcrumb\",\"itemListElement\":[{\"@type\":\"ListItem\",\"position\":1,\"name\":\"Homepage\",\"item\":\"https:\/\/talkpal.ai\/sv\/\"},{\"@type\":\"ListItem\",\"position\":2,\"name\":\"Spansk grammatik\"}]},{\"@type\":\"WebSite\",\"@id\":\"https:\/\/talkpal.ai\/sv\/#website\",\"url\":\"https:\/\/talkpal.ai\/sv\/\",\"name\":\"Talkpal\",\"description\":\"AI Language Learning\",\"publisher\":{\"@id\":\"https:\/\/talkpal.ai\/sv\/#organization\"},\"alternateName\":\"Talkpal AI\",\"potentialAction\":[{\"@type\":\"SearchAction\",\"target\":{\"@type\":\"EntryPoint\",\"urlTemplate\":\"https:\/\/talkpal.ai\/sv\/?s={search_term_string}\"},\"query-input\":{\"@type\":\"PropertyValueSpecification\",\"valueRequired\":true,\"valueName\":\"search_term_string\"}}],\"inLanguage\":\"sv-SE\"},{\"@type\":\"Organization\",\"@id\":\"https:\/\/talkpal.ai\/sv\/#organization\",\"name\":\"Talkpal, Inc.\",\"alternateName\":\"Talkpal AI\",\"url\":\"https:\/\/talkpal.ai\/sv\/\",\"logo\":{\"@type\":\"ImageObject\",\"inLanguage\":\"sv-SE\",\"@id\":\"https:\/\/talkpal.ai\/sv\/#\/schema\/logo\/image\/\",\"url\":\"https:\/\/talkpal.ai\/wp-content\/uploads\/2024\/03\/Talkpal-Logo-Icon.png\",\"contentUrl\":\"https:\/\/talkpal.ai\/wp-content\/uploads\/2024\/03\/Talkpal-Logo-Icon.png\",\"width\":2880,\"height\":2880,\"caption\":\"Talkpal, Inc.\"},\"image\":{\"@id\":\"https:\/\/talkpal.ai\/sv\/#\/schema\/logo\/image\/\"},\"sameAs\":[\"https:\/\/www.facebook.com\/profile.php?id=100090733639311\",\"https:\/\/x.com\/talkpalai\",\"https:\/\/www.linkedin.com\/company\/talkpal\/\",\"https:\/\/www.youtube.com\/@TalkPal\/\",\"https:\/\/www.tiktok.com\/@talkpal\",\"https:\/\/www.instagram.com\/talkpal_ai\/\",\"https:\/\/www.crunchbase.com\/organization\/talkpal-9cde\",\"https:\/\/www.g2.com\/products\/talkpal-for-business\/\",\"https:\/\/www.trustpilot.com\/review\/talkpal.ai\",\"https:\/\/www.capterra.com\/p\/10006800\/TalkPal\/\"],\"description\":\"Talkpal is a language learning web and mobile education app, powered by the latest AI technologies, that provides engaging experiences to its customers in many different languages to help them improve their language skills. Users can chat about unlimited amount of topics with the app and use other modes to practice their language learning.\",\"email\":\"support@talkpal.ai\",\"legalName\":\"Talkpal, Inc.\",\"foundingDate\":\"2023-04-03\",\"duns\":\"118989042\",\"numberOfEmployees\":{\"@type\":\"QuantitativeValue\",\"minValue\":\"11\",\"maxValue\":\"50\"},\"publishingPrinciples\":\"https:\/\/talkpal.ai\/publishing-principles\/\",\"actionableFeedbackPolicy\":\"https:\/\/talkpal.ai\/actionable-feedback-policy\/\",\"correctionsPolicy\":\"https:\/\/talkpal.ai\/corrections-policy\/\",\"ethicsPolicy\":\"https:\/\/talkpal.ai\/ethics-policy\/\",\"diversityPolicy\":\"https:\/\/talkpal.ai\/diversity-policy\/\",\"diversityStaffingReport\":\"https:\/\/talkpal.ai\/diversity-policy\/\"}]}<\/script>\n<!-- \/ Yoast SEO Premium plugin. -->","yoast_head_json":{"title":"Spansk grammatik - Talkpal","description":"F\u00f6rb\u00e4ttra dina kunskaper i spansk grammatik med interaktiva \u00f6vningar som \u00e4r utformade f\u00f6r alla kunskapsniv\u00e5er. \u00d6va spanska effektivt!","robots":{"index":"index","follow":"follow","max-snippet":"max-snippet:-1","max-image-preview":"max-image-preview:large","max-video-preview":"max-video-preview:-1"},"canonical":"https:\/\/talkpal.ai\/sv\/spansk-grammatik\/","og_locale":"sv_SE","og_type":"article","og_title":"Spansk grammatik","og_description":"En snabbguide f\u00f6r att l\u00e4ra sig spansk grammatik Om du n\u00e5gonsin har funderat p\u00e5 att l\u00e4ra dig ett nytt spr\u00e5k \u00e4r chansen stor att du har t\u00e4nkt p\u00e5 spanska.","og_url":"https:\/\/talkpal.ai\/sv\/spansk-grammatik\/","og_site_name":"Talkpal","article_publisher":"https:\/\/www.facebook.com\/profile.php?id=100090733639311","article_modified_time":"2025-05-22T18:50:10+00:00","og_image":[{"width":512,"height":512,"url":"https:\/\/talkpal.ai\/wp-content\/uploads\/2023\/03\/spain.png","type":"image\/png"}],"twitter_card":"summary_large_image","twitter_site":"@talkpalai","twitter_misc":{"Ber\u00e4knad l\u00e4stid":"3 minuter"},"schema":{"@context":"https:\/\/schema.org","@graph":[{"@type":"WebPage","@id":"https:\/\/talkpal.ai\/sv\/spansk-grammatik\/","url":"https:\/\/talkpal.ai\/sv\/spansk-grammatik\/","name":"Spansk grammatik - Talkpal","isPartOf":{"@id":"https:\/\/talkpal.ai\/sv\/#website"},"primaryImageOfPage":{"@id":"https:\/\/talkpal.ai\/sv\/spansk-grammatik\/#primaryimage"},"image":{"@id":"https:\/\/talkpal.ai\/sv\/spansk-grammatik\/#primaryimage"},"thumbnailUrl":"https:\/\/talkpal.ai\/wp-content\/uploads\/2023\/03\/spain.png","datePublished":"2023-03-26T11:55:54+00:00","dateModified":"2025-05-22T18:50:10+00:00","description":"F\u00f6rb\u00e4ttra dina kunskaper i spansk grammatik med interaktiva \u00f6vningar som \u00e4r utformade f\u00f6r alla kunskapsniv\u00e5er. \u00d6va spanska effektivt!","breadcrumb":{"@id":"https:\/\/talkpal.ai\/sv\/spansk-grammatik\/#breadcrumb"},"inLanguage":"sv-SE","potentialAction":[{"@type":"ReadAction","target":["https:\/\/talkpal.ai\/sv\/spansk-grammatik\/"]}]},{"@type":"ImageObject","inLanguage":"sv-SE","@id":"https:\/\/talkpal.ai\/sv\/spansk-grammatik\/#primaryimage","url":"https:\/\/talkpal.ai\/wp-content\/uploads\/2023\/03\/spain.png","contentUrl":"https:\/\/talkpal.ai\/wp-content\/uploads\/2023\/03\/spain.png","width":512,"height":512,"caption":"TalkPal AI learn Spanish"},{"@type":"BreadcrumbList","@id":"https:\/\/talkpal.ai\/sv\/spansk-grammatik\/#breadcrumb","itemListElement":[{"@type":"ListItem","position":1,"name":"Homepage","item":"https:\/\/talkpal.ai\/sv\/"},{"@type":"ListItem","position":2,"name":"Spansk grammatik"}]},{"@type":"WebSite","@id":"https:\/\/talkpal.ai\/sv\/#website","url":"https:\/\/talkpal.ai\/sv\/","name":"Talkpal","description":"AI Language Learning","publisher":{"@id":"https:\/\/talkpal.ai\/sv\/#organization"},"alternateName":"Talkpal AI","potentialAction":[{"@type":"SearchAction","target":{"@type":"EntryPoint","urlTemplate":"https:\/\/talkpal.ai\/sv\/?s={search_term_string}"},"query-input":{"@type":"PropertyValueSpecification","valueRequired":true,"valueName":"search_term_string"}}],"inLanguage":"sv-SE"},{"@type":"Organization","@id":"https:\/\/talkpal.ai\/sv\/#organization","name":"Talkpal, Inc.","alternateName":"Talkpal AI","url":"https:\/\/talkpal.ai\/sv\/","logo":{"@type":"ImageObject","inLanguage":"sv-SE","@id":"https:\/\/talkpal.ai\/sv\/#\/schema\/logo\/image\/","url":"https:\/\/talkpal.ai\/wp-content\/uploads\/2024\/03\/Talkpal-Logo-Icon.png","contentUrl":"https:\/\/talkpal.ai\/wp-content\/uploads\/2024\/03\/Talkpal-Logo-Icon.png","width":2880,"height":2880,"caption":"Talkpal, Inc."},"image":{"@id":"https:\/\/talkpal.ai\/sv\/#\/schema\/logo\/image\/"},"sameAs":["https:\/\/www.facebook.com\/profile.php?id=100090733639311","https:\/\/x.com\/talkpalai","https:\/\/www.linkedin.com\/company\/talkpal\/","https:\/\/www.youtube.com\/@TalkPal\/","https:\/\/www.tiktok.com\/@talkpal","https:\/\/www.instagram.com\/talkpal_ai\/","https:\/\/www.crunchbase.com\/organization\/talkpal-9cde","https:\/\/www.g2.com\/products\/talkpal-for-business\/","https:\/\/www.trustpilot.com\/review\/talkpal.ai","https:\/\/www.capterra.com\/p\/10006800\/TalkPal\/"],"description":"Talkpal is a language learning web and mobile education app, powered by the latest AI technologies, that provides engaging experiences to its customers in many different languages to help them improve their language skills. Users can chat about unlimited amount of topics with the app and use other modes to practice their language learning.","email":"support@talkpal.ai","legalName":"Talkpal, Inc.","foundingDate":"2023-04-03","duns":"118989042","numberOfEmployees":{"@type":"QuantitativeValue","minValue":"11","maxValue":"50"},"publishingPrinciples":"https:\/\/talkpal.ai\/publishing-principles\/","actionableFeedbackPolicy":"https:\/\/talkpal.ai\/actionable-feedback-policy\/","correctionsPolicy":"https:\/\/talkpal.ai\/corrections-policy\/","ethicsPolicy":"https:\/\/talkpal.ai\/ethics-policy\/","diversityPolicy":"https:\/\/talkpal.ai\/diversity-policy\/","diversityStaffingReport":"https:\/\/talkpal.ai\/diversity-policy\/"}]}},"_links":{"self":[{"href":"https:\/\/talkpal.ai\/sv\/wp-json\/wp\/v2\/pages\/91330","targetHints":{"allow":["GET"]}}],"collection":[{"href":"https:\/\/talkpal.ai\/sv\/wp-json\/wp\/v2\/pages"}],"about":[{"href":"https:\/\/talkpal.ai\/sv\/wp-json\/wp\/v2\/types\/page"}],"author":[{"embeddable":true,"href":"https:\/\/talkpal.ai\/sv\/wp-json\/wp\/v2\/users\/1"}],"replies":[{"embeddable":true,"href":"https:\/\/talkpal.ai\/sv\/wp-json\/wp\/v2\/comments?post=91330"}],"version-history":[{"count":0,"href":"https:\/\/talkpal.ai\/sv\/wp-json\/wp\/v2\/pages\/91330\/revisions"}],"wp:featuredmedia":[{"embeddable":true,"href":"https:\/\/talkpal.ai\/sv\/wp-json\/wp\/v2\/media\/6261"}],"wp:attachment":[{"href":"https:\/\/talkpal.ai\/sv\/wp-json\/wp\/v2\/media?parent=91330"}],"curies":[{"name":"wp","href":"https:\/\/api.w.org\/{rel}","templated":true}]}}