{"id":91280,"date":"2023-06-16T09:14:18","date_gmt":"2023-06-16T09:14:18","guid":{"rendered":"http:\/\/talkpal.ai\/tyska-grammatikovningar\/"},"modified":"2025-12-17T16:11:10","modified_gmt":"2025-12-17T16:11:10","slug":"tyska-grammatikovningar","status":"publish","type":"page","link":"https:\/\/talkpal.ai\/sv\/tyska-grammatikovningar\/","title":{"rendered":"Tyska grammatik\u00f6vningar"},"content":{"rendered":"\r\n\r\n\r\n<section class=\"languageChallengeSection\">\r\n    <div class=\"languageInfoWrapper\">\r\n        \r\n        <h1>Tyska grammatik\u00f6vningar<\/h1>\r\n        <p>\u00c4r du redo att st\u00e4rka din <a href=\"https:\/\/talkpal.ai\/german-grammar-exercises\/\">tyska<\/a> grammatik? Att \u00f6va p\u00e5 grammatik\u00f6vningar \u00e4r det perfekta s\u00e4ttet att beh\u00e4rska det tyska spr\u00e5ket. B\u00f6rja arbeta med det idag och se hur ditt sj\u00e4lvf\u00f6rtroende och din f\u00f6rm\u00e5ga att tala flytande \u00f6kar med varje \u00f6vning!\n\n<\/p>\r\n\r\n                            <a class=\"getStartedHidden\" href=\"https:\/\/app.talkpal.ai\/sv\/signup?lng=\">Kom ig\u00e5ng<\/a>\r\n        \r\n    <\/div>\r\n\r\n    <figure>\r\n    <img decoding=\"async\" width=\"768\" height=\"768\" src=\"https:\/\/talkpal.ai\/wp-content\/uploads\/2023\/06\/german-768x768.png\" class=\"languageImage no-lazy\" alt=\"Default alt text\" fetchpriority=\"high\" sizes=\"(max-width: 768px) 150px, 768px\" srcset=\"https:\/\/talkpal.ai\/wp-content\/uploads\/2023\/06\/german-768x768.png 768w, https:\/\/talkpal.ai\/wp-content\/uploads\/2023\/06\/german-300x300.png 300w\" \/>\r\n    \r\n\r\n    <\/figure>\r\n\r\n            <a class=\"getStartedVisible\" href=\"https:\/\/app.talkpal.ai\/sv\/signup?lng=\">Kom ig\u00e5ng<\/a>\r\n    \r\n<\/section>\r\n\r\n\r\n<!-- <section class=\"grammarSection\">\r\n    <div class=\"grammarLinks\">\r\n        <a href=\"https:\/\/talkpal.ai\/sv\/exercise_language\/adjektiv-sv\/\">Adjektiv <\/a><a href=\"https:\/\/talkpal.ai\/sv\/exercise_language\/adverb-sv\/\">Adverb <\/a><a href=\"https:\/\/talkpal.ai\/sv\/exercise_language\/bojning\/\">Deklination <\/a><a href=\"https:\/\/talkpal.ai\/sv\/exercise_language\/straffstruktur\/\">Meningsbyggnad <\/a><a href=\"https:\/\/talkpal.ai\/sv\/exercise_language\/prepositioner-sv\/\">Prepositioner <\/a><a href=\"https:\/\/talkpal.ai\/sv\/exercise_language\/pronomen\/\">Pronomen <\/a><a href=\"https:\/\/talkpal.ai\/sv\/exercise_language\/substantiv-och-artiklar\/\">Substantiv och artiklar <\/a><a href=\"https:\/\/talkpal.ai\/sv\/exercise_language\/tider-sv\/\">Tempus <\/a><a href=\"https:\/\/talkpal.ai\/sv\/exercise_language\/verb-sv\/\">Verb <\/a>    <\/div>\r\n<\/section> -->\r\n\r\n\r\n\r\n\r\n        <section class=\"grammarSection\">\r\n            <div class=\"grammarLinks\">\r\n                <a href=\"https:\/\/talkpal.ai\/sv\/exercise_language\/adjektiv-sv\/\">Adjektiv <\/a><a href=\"https:\/\/talkpal.ai\/sv\/exercise_language\/adverb-sv\/\">Adverb <\/a><a href=\"https:\/\/talkpal.ai\/sv\/exercise_language\/bojning\/\">Deklination <\/a><a href=\"https:\/\/talkpal.ai\/sv\/exercise_language\/straffstruktur\/\">Meningsbyggnad <\/a><a href=\"https:\/\/talkpal.ai\/sv\/exercise_language\/prepositioner-sv\/\">Prepositioner <\/a><a href=\"https:\/\/talkpal.ai\/sv\/exercise_language\/pronomen\/\">Pronomen <\/a><a href=\"https:\/\/talkpal.ai\/sv\/exercise_language\/substantiv-och-artiklar\/\">Substantiv och artiklar <\/a><a href=\"https:\/\/talkpal.ai\/sv\/exercise_language\/tider-sv\/\">Tempus <\/a><a href=\"https:\/\/talkpal.ai\/sv\/exercise_language\/verb-sv\/\">Verb <\/a>            <\/div>\r\n        <\/section>\r\n<section class=\"promotionalBanner\">\r\n    <p class=\"promotionalText\">Det mest effektiva s\u00e4ttet att l\u00e4ra sig ett spr\u00e5k<\/p>\r\n    <a class=\"promotionalLink\" href=\"https:\/\/app.talkpal.ai\/sv\/signup?lng=\">Prova Talkpal gratis<\/a>\r\n<\/section>\n<div class=\"wp-block-group pageContainerStyle\"><div class=\"wp-block-group__inner-container is-layout-constrained wp-block-group-is-layout-constrained\">\n<h2 class=\"wp-block-heading\" id=\"h-german-grammar-topics\">Tyska grammatik\u00e4mnen<\/h2>\n\n\n\n<p>Att l\u00e4ra sig ett nytt spr\u00e5k kan vara en skr\u00e4mmande uppgift, men med r\u00e4tt tillv\u00e4gag\u00e5ngss\u00e4tt kan det bli en sp\u00e4nnande och givande upplevelse. Tyska \u00e4r ett mycket strukturerat och logiskt spr\u00e5k, vilket g\u00f6r det l\u00e4ttare att l\u00e4ra sig om du har en tydlig f\u00f6rst\u00e5else f\u00f6r dess grammatikregler. <a href=\"https:\/\/talkpal.ai\/culture\/how-do-i-use-den-har-and-det-har\/\">Den h\u00e4r<\/a> guiden hj\u00e4lper dig att f\u00f6rst\u00e5 de viktigaste aspekterna av <a href=\"https:\/\/talkpal.ai\/no\/laer-tysk\/\">tysk grammatik<\/a>, s\u00e5som tempus, verb, substantiv och artiklar, pronomen, adjektiv, <a href=\"https:\/\/talkpal.ai\/zh-hans\/grammar_exercises\/deklination-%e5%be%b7%e5%9b%bd%e8%af%ad%e6%b3%95%e7%bb%83%e4%b9%a0\/\">deklination<\/a>, adverb, prepositioner och meningsbyggnad. Genom att f\u00f6lja denna sekvens kommer du att kunna g\u00f6ra framsteg i din tyska spr\u00e5kinl\u00e4rningsresa effektivt och effektivt.<\/p>\n\n\n\n<h3 class=\"wp-block-heading\" id=\"h-1-nouns-and-articles\">1. Substantiv och artiklar:<\/h3>\n\n\n\n<p>B\u00f6rja med att l\u00e4ra dig grunderna i tyska substantiv och deras tillh\u00f6rande artiklar. Tyskan har tre genus (maskulinum, femininum och neutrum) och fyra kasus (nominativ, ackusativ, dativ och genitiv). Att f\u00f6rst\u00e5 dessa regler hj\u00e4lper dig att best\u00e4mma r\u00e4tt artikel f\u00f6r varje substantiv och l\u00e4gga grunden f\u00f6r dina tyska grammatikkunskaper.<\/p>\n\n\n\n<h3 class=\"wp-block-heading\" id=\"h-2-pronouns\">2. Pronomen:<\/h3>\n\n\n\n<p>Pronomen ers\u00e4tter substantiv i en mening och har olika former beroende p\u00e5 k\u00f6n, numerus och kasus. Bekanta dig med tyska pronomen, s\u00e5som personliga, possessiva, reflexiva och relativa pronomen, f\u00f6r att skapa mer komplexa meningar och uttrycka dina tankar mer exakt.<\/p>\n\n\n\n<h3 class=\"wp-block-heading\" id=\"h-3-verbs\">3. Verb:<\/h3>\n\n\n\n<p>Verb \u00e4r avg\u00f6rande f\u00f6r att bilda meningar, eftersom de uttrycker handlingar och tillst\u00e5nd. L\u00e4r dig de olika typerna av tyska verb, s\u00e5som regelbundna, oregelbundna, modala och <a href=\"https:\/\/talkpal.ai\/sv\/grammar\/reflexiva-verb-i-letisk-grammatik\/\">reflexiva verb<\/a>, tillsammans med deras b\u00f6jningar i nutid, d\u00e5tid och framtid. Detta g\u00f6r att du kan kommunicera effektivt i olika situationer.<\/p>\n\n\n\n<h3 class=\"wp-block-heading\" id=\"h-4-tenses\">4. Tempus:<\/h3>\n\n\n\n<p>Tempus anger den tidpunkt d\u00e5 en \u00e5tg\u00e4rd utf\u00f6rs. P\u00e5 tyska finns det sex tempus: nutid, enkel preteritum, presens perfekt, d\u00e5tid perfekt, framtid och framtid perfekt. Att f\u00f6rst\u00e5 reglerna och anv\u00e4ndningen av dessa tempus hj\u00e4lper dig att uttrycka dig tydligt och korrekt.<\/p>\n\n\n\n<h3 class=\"wp-block-heading\" id=\"h-5-adjectives\">5. Adjektiv:<\/h3>\n\n\n\n<p>Adjektiv beskriver egenskaperna hos substantiv och pronomen och \u00f6verensst\u00e4mmer i genus, numerus och kasus med substantivet de modifierar. L\u00e4r dig reglerna f\u00f6r adjektivdeklination, s\u00e5v\u00e4l som komparativa och superlativa former, f\u00f6r att f\u00f6rb\u00e4ttra dina beskrivningar och g\u00f6ra ditt tal mer f\u00e4rgstarkt.<\/p>\n\n\n\n<h3 class=\"wp-block-heading\" id=\"h-6-declension\">6. Deklination:<\/h3>\n\n\n\n<p><a href=\"https:\/\/talkpal.ai\/zh-hans\/grammar_exercises\/deklination-%e5%be%b7%e5%9b%bd%e8%af%ad%e6%b3%95%e7%bb%83%e4%b9%a0\/\">Deklination<\/a> \u00e4r processen att \u00e4ndra substantiv, pronomen och adjektiv f\u00f6r att indikera deras grammatiska funktion i en mening. Bekanta dig med de fyra tyska kasusen och hur de p\u00e5verkar ordens \u00e4ndelser, vilket g\u00f6r att du kan konstruera grammatiskt korrekta meningar.<\/p>\n\n\n\n<h3 class=\"wp-block-heading\" id=\"h-7-adverbs\">7. Adverb:<\/h3>\n\n\n\n<p>Adverb ger ytterligare information om verb, adjektiv eller andra adverb. L\u00e4r dig de olika typerna av tyska adverb, till exempel de som anger tid, s\u00e4tt och plats, och hur du anv\u00e4nder dem effektivt f\u00f6r att l\u00e4gga till nyans och precision till ditt tal.<\/p>\n\n\n\n<h3 class=\"wp-block-heading\" id=\"h-8-prepositions\">8. Prepositioner:<\/h3>\n\n\n\n<p>Prepositioner anv\u00e4nds f\u00f6r att ange f\u00f6rh\u00e5llandet mellan substantiv eller pronomen och andra element i en mening. Studera de olika tyska prepositionerna och deras anv\u00e4ndning i olika fall f\u00f6r att utveckla en b\u00e4ttre f\u00f6rst\u00e5else f\u00f6r hur meningar \u00e4r konstruerade.<\/p>\n\n\n\n<h3 class=\"wp-block-heading\" id=\"h-9-sentence-structure\">9. Meningsbyggnad:<\/h3>\n\n\n\n<p>Slutligen, bekanta dig med <a href=\"https:\/\/talkpal.ai\/learn-german\/\">tysk<\/a> meningsstruktur, inklusive ordf\u00f6ljd, bisatser och konjunktioner. Genom att f\u00f6rst\u00e5 dessa regler kan du skapa sammanh\u00e4ngande och v\u00e4lstrukturerade meningar, s\u00e5 att du kan uttrycka dina tankar tydligt och effektivt p\u00e5 tyska.<\/p>\n<\/div><\/div>\n\r\n<section class=\"learnNavigationSection\">\r\n            \r\n        <a href=\"https:\/\/talkpal.ai\/sv\/lar-dig-tyska\/\">\r\n            <div class=\"learnNavigationWrapper\">\r\n                <div class=\"learnNavigationContent\">\r\n                    <img decoding=\"async\" src=\"https:\/\/talkpal.ai\/wp-content\/uploads\/2024\/08\/German.jpg\" alt=\"German Flag\">\r\n                    <div>\r\n                        <h4>Om att l\u00e4ra sig tyska<\/h4>\r\n                        <p>Ta reda p\u00e5 allt om tysk grammatik.<\/p>\r\n                    <\/div>\r\n                <\/div>\r\n            <\/div>\r\n        <\/a>\r\n\r\n        \r\n        <a href=\"https:\/\/talkpal.ai\/sv\/tysk-grammatik\/\">\r\n            <div class=\"learnNavigationWrapper\">\r\n                <div class=\"learnNavigationContent\">\r\n                    <img decoding=\"async\" src=\"https:\/\/talkpal.ai\/wp-content\/uploads\/2024\/08\/German.jpg\" alt=\"German Flag\">\r\n                    <div>\r\n                        <h4>Lektioner i tysk grammatik<\/h4>\r\n                        <p>\u00d6va tysk grammatik.<\/p>\r\n                    <\/div>\r\n                <\/div>\r\n            <\/div>\r\n        <\/a>\r\n\r\n        \r\n        <a href=\"https:\/\/talkpal.ai\/vocabulary_language\/german\/\">\r\n            <div class=\"learnNavigationWrapper\">\r\n                <div class=\"learnNavigationContent\">\r\n                    <img decoding=\"async\" src=\"https:\/\/talkpal.ai\/wp-content\/uploads\/2024\/08\/German.jpg\" alt=\"German Flag\">\r\n                    <div>\r\n                        <h4>Tysk vokabul\u00e4r<\/h4>\r\n                        <p>Ut\u00f6ka ditt tyska ordf\u00f6rr\u00e5d.<\/p>\r\n                    <\/div>\r\n                <\/div>\r\n            <\/div>\r\n        <\/a>\r\n\r\n            <\/section>","protected":false},"excerpt":{"rendered":"<p>Tyska grammatik\u00e4mnen Att l\u00e4ra sig ett nytt spr\u00e5k kan vara en skr\u00e4mmande uppgift, men med r\u00e4tt tillv\u00e4gag\u00e5ngss\u00e4tt kan det bli en sp\u00e4nnande och givande upplevelse. Tyska \u00e4r ett mycket strukturerat och logiskt spr\u00e5k, vilket g\u00f6r det l\u00e4ttare att l\u00e4ra sig om du har en tydlig f\u00f6rst\u00e5else f\u00f6r dess grammatikregler. Den h\u00e4r guiden hj\u00e4lper dig att [&hellip;]<\/p>\n","protected":false},"author":6,"featured_media":6257,"parent":0,"menu_order":0,"comment_status":"closed","ping_status":"closed","template":"LearningContentPage.php","meta":{"_acf_changed":false,"footnotes":""},"class_list":["post-91280","page","type-page","status-publish","has-post-thumbnail","hentry"],"acf":[],"yoast_head":"<!-- This site is optimized with the Yoast SEO Premium plugin v27.2 (Yoast SEO v27.2) - https:\/\/yoast.com\/product\/yoast-seo-premium-wordpress\/ -->\n<title>Tyska grammatik\u00f6vningar - Talkpal<\/title>\n<meta name=\"description\" content=\"F\u00f6rb\u00e4ttra din tyska grammatik med praktiska \u00f6vningar - bli b\u00e4ttre snabbt, \u00f6va interaktivt och f\u00e5 spr\u00e5kligt sj\u00e4lvf\u00f6rtroende med hj\u00e4lp av Talkpal AI.\" \/>\n<meta name=\"robots\" content=\"index, follow, max-snippet:-1, max-image-preview:large, max-video-preview:-1\" \/>\n<link rel=\"canonical\" href=\"https:\/\/talkpal.ai\/sv\/tyska-grammatikovningar\/\" \/>\n<meta property=\"og:locale\" content=\"sv_SE\" \/>\n<meta property=\"og:type\" content=\"article\" \/>\n<meta property=\"og:title\" content=\"Tyska grammatik\u00f6vningar\" \/>\n<meta property=\"og:description\" content=\"Tyska grammatik\u00e4mnen Att l\u00e4ra sig ett nytt spr\u00e5k kan vara en skr\u00e4mmande uppgift, men med r\u00e4tt tillv\u00e4gag\u00e5ngss\u00e4tt kan det bli en sp\u00e4nnande och givande\" \/>\n<meta property=\"og:url\" content=\"https:\/\/talkpal.ai\/sv\/tyska-grammatikovningar\/\" \/>\n<meta property=\"og:site_name\" content=\"Talkpal\" \/>\n<meta property=\"article:publisher\" content=\"https:\/\/www.facebook.com\/profile.php?id=100090733639311\" \/>\n<meta property=\"article:modified_time\" content=\"2025-12-17T16:11:10+00:00\" \/>\n<meta property=\"og:image\" content=\"https:\/\/talkpal.ai\/wp-content\/uploads\/2023\/03\/germany.png\" \/>\n\t<meta property=\"og:image:width\" content=\"512\" \/>\n\t<meta property=\"og:image:height\" content=\"512\" \/>\n\t<meta property=\"og:image:type\" content=\"image\/png\" \/>\n<meta name=\"twitter:card\" content=\"summary_large_image\" \/>\n<meta name=\"twitter:site\" content=\"@talkpalai\" \/>\n<meta name=\"twitter:label1\" content=\"Ber\u00e4knad l\u00e4stid\" \/>\n\t<meta name=\"twitter:data1\" content=\"3 minuter\" \/>\n<script type=\"application\/ld+json\" class=\"yoast-schema-graph\">{\"@context\":\"https:\/\/schema.org\",\"@graph\":[{\"@type\":\"WebPage\",\"@id\":\"https:\/\/talkpal.ai\/sv\/tyska-grammatikovningar\/\",\"url\":\"https:\/\/talkpal.ai\/sv\/tyska-grammatikovningar\/\",\"name\":\"Tyska grammatik\u00f6vningar - Talkpal\",\"isPartOf\":{\"@id\":\"https:\/\/talkpal.ai\/sv\/#website\"},\"primaryImageOfPage\":{\"@id\":\"https:\/\/talkpal.ai\/sv\/tyska-grammatikovningar\/#primaryimage\"},\"image\":{\"@id\":\"https:\/\/talkpal.ai\/sv\/tyska-grammatikovningar\/#primaryimage\"},\"thumbnailUrl\":\"https:\/\/talkpal.ai\/wp-content\/uploads\/2023\/03\/germany.png\",\"datePublished\":\"2023-06-16T09:14:18+00:00\",\"dateModified\":\"2025-12-17T16:11:10+00:00\",\"description\":\"F\u00f6rb\u00e4ttra din tyska grammatik med praktiska \u00f6vningar - bli b\u00e4ttre snabbt, \u00f6va interaktivt och f\u00e5 spr\u00e5kligt sj\u00e4lvf\u00f6rtroende med hj\u00e4lp av Talkpal AI.\",\"breadcrumb\":{\"@id\":\"https:\/\/talkpal.ai\/sv\/tyska-grammatikovningar\/#breadcrumb\"},\"inLanguage\":\"sv-SE\",\"potentialAction\":[{\"@type\":\"ReadAction\",\"target\":[\"https:\/\/talkpal.ai\/sv\/tyska-grammatikovningar\/\"]}]},{\"@type\":\"ImageObject\",\"inLanguage\":\"sv-SE\",\"@id\":\"https:\/\/talkpal.ai\/sv\/tyska-grammatikovningar\/#primaryimage\",\"url\":\"https:\/\/talkpal.ai\/wp-content\/uploads\/2023\/03\/germany.png\",\"contentUrl\":\"https:\/\/talkpal.ai\/wp-content\/uploads\/2023\/03\/germany.png\",\"width\":512,\"height\":512,\"caption\":\"TalkPal AI learn German\"},{\"@type\":\"BreadcrumbList\",\"@id\":\"https:\/\/talkpal.ai\/sv\/tyska-grammatikovningar\/#breadcrumb\",\"itemListElement\":[{\"@type\":\"ListItem\",\"position\":1,\"name\":\"Homepage\",\"item\":\"https:\/\/talkpal.ai\/sv\/\"},{\"@type\":\"ListItem\",\"position\":2,\"name\":\"Tyska grammatik\u00f6vningar\"}]},{\"@type\":\"WebSite\",\"@id\":\"https:\/\/talkpal.ai\/sv\/#website\",\"url\":\"https:\/\/talkpal.ai\/sv\/\",\"name\":\"Talkpal\",\"description\":\"AI Language Learning\",\"publisher\":{\"@id\":\"https:\/\/talkpal.ai\/sv\/#organization\"},\"alternateName\":\"Talkpal AI\",\"potentialAction\":[{\"@type\":\"SearchAction\",\"target\":{\"@type\":\"EntryPoint\",\"urlTemplate\":\"https:\/\/talkpal.ai\/sv\/?s={search_term_string}\"},\"query-input\":{\"@type\":\"PropertyValueSpecification\",\"valueRequired\":true,\"valueName\":\"search_term_string\"}}],\"inLanguage\":\"sv-SE\"},{\"@type\":\"Organization\",\"@id\":\"https:\/\/talkpal.ai\/sv\/#organization\",\"name\":\"Talkpal, Inc.\",\"alternateName\":\"Talkpal AI\",\"url\":\"https:\/\/talkpal.ai\/sv\/\",\"logo\":{\"@type\":\"ImageObject\",\"inLanguage\":\"sv-SE\",\"@id\":\"https:\/\/talkpal.ai\/sv\/#\/schema\/logo\/image\/\",\"url\":\"https:\/\/talkpal.ai\/wp-content\/uploads\/2024\/03\/Talkpal-Logo-Icon.png\",\"contentUrl\":\"https:\/\/talkpal.ai\/wp-content\/uploads\/2024\/03\/Talkpal-Logo-Icon.png\",\"width\":2880,\"height\":2880,\"caption\":\"Talkpal, Inc.\"},\"image\":{\"@id\":\"https:\/\/talkpal.ai\/sv\/#\/schema\/logo\/image\/\"},\"sameAs\":[\"https:\/\/www.facebook.com\/profile.php?id=100090733639311\",\"https:\/\/x.com\/talkpalai\",\"https:\/\/www.linkedin.com\/company\/talkpal\/\",\"https:\/\/www.youtube.com\/@TalkPal\/\",\"https:\/\/www.tiktok.com\/@talkpal\",\"https:\/\/www.instagram.com\/talkpal_ai\/\",\"https:\/\/www.crunchbase.com\/organization\/talkpal-9cde\",\"https:\/\/www.g2.com\/products\/talkpal-for-business\/\",\"https:\/\/www.trustpilot.com\/review\/talkpal.ai\",\"https:\/\/www.capterra.com\/p\/10006800\/TalkPal\/\"],\"description\":\"Talkpal is a language learning web and mobile education app, powered by the latest AI technologies, that provides engaging experiences to its customers in many different languages to help them improve their language skills. Users can chat about unlimited amount of topics with the app and use other modes to practice their language learning.\",\"email\":\"support@talkpal.ai\",\"legalName\":\"Talkpal, Inc.\",\"foundingDate\":\"2023-04-03\",\"duns\":\"118989042\",\"numberOfEmployees\":{\"@type\":\"QuantitativeValue\",\"minValue\":\"11\",\"maxValue\":\"50\"},\"publishingPrinciples\":\"https:\/\/talkpal.ai\/publishing-principles\/\",\"actionableFeedbackPolicy\":\"https:\/\/talkpal.ai\/actionable-feedback-policy\/\",\"correctionsPolicy\":\"https:\/\/talkpal.ai\/corrections-policy\/\",\"ethicsPolicy\":\"https:\/\/talkpal.ai\/ethics-policy\/\",\"diversityPolicy\":\"https:\/\/talkpal.ai\/diversity-policy\/\",\"diversityStaffingReport\":\"https:\/\/talkpal.ai\/diversity-policy\/\"}]}<\/script>\n<!-- \/ Yoast SEO Premium plugin. -->","yoast_head_json":{"title":"Tyska grammatik\u00f6vningar - Talkpal","description":"F\u00f6rb\u00e4ttra din tyska grammatik med praktiska \u00f6vningar - bli b\u00e4ttre snabbt, \u00f6va interaktivt och f\u00e5 spr\u00e5kligt sj\u00e4lvf\u00f6rtroende med hj\u00e4lp av Talkpal AI.","robots":{"index":"index","follow":"follow","max-snippet":"max-snippet:-1","max-image-preview":"max-image-preview:large","max-video-preview":"max-video-preview:-1"},"canonical":"https:\/\/talkpal.ai\/sv\/tyska-grammatikovningar\/","og_locale":"sv_SE","og_type":"article","og_title":"Tyska grammatik\u00f6vningar","og_description":"Tyska grammatik\u00e4mnen Att l\u00e4ra sig ett nytt spr\u00e5k kan vara en skr\u00e4mmande uppgift, men med r\u00e4tt tillv\u00e4gag\u00e5ngss\u00e4tt kan det bli en sp\u00e4nnande och givande","og_url":"https:\/\/talkpal.ai\/sv\/tyska-grammatikovningar\/","og_site_name":"Talkpal","article_publisher":"https:\/\/www.facebook.com\/profile.php?id=100090733639311","article_modified_time":"2025-12-17T16:11:10+00:00","og_image":[{"width":512,"height":512,"url":"https:\/\/talkpal.ai\/wp-content\/uploads\/2023\/03\/germany.png","type":"image\/png"}],"twitter_card":"summary_large_image","twitter_site":"@talkpalai","twitter_misc":{"Ber\u00e4knad l\u00e4stid":"3 minuter"},"schema":{"@context":"https:\/\/schema.org","@graph":[{"@type":"WebPage","@id":"https:\/\/talkpal.ai\/sv\/tyska-grammatikovningar\/","url":"https:\/\/talkpal.ai\/sv\/tyska-grammatikovningar\/","name":"Tyska grammatik\u00f6vningar - Talkpal","isPartOf":{"@id":"https:\/\/talkpal.ai\/sv\/#website"},"primaryImageOfPage":{"@id":"https:\/\/talkpal.ai\/sv\/tyska-grammatikovningar\/#primaryimage"},"image":{"@id":"https:\/\/talkpal.ai\/sv\/tyska-grammatikovningar\/#primaryimage"},"thumbnailUrl":"https:\/\/talkpal.ai\/wp-content\/uploads\/2023\/03\/germany.png","datePublished":"2023-06-16T09:14:18+00:00","dateModified":"2025-12-17T16:11:10+00:00","description":"F\u00f6rb\u00e4ttra din tyska grammatik med praktiska \u00f6vningar - bli b\u00e4ttre snabbt, \u00f6va interaktivt och f\u00e5 spr\u00e5kligt sj\u00e4lvf\u00f6rtroende med hj\u00e4lp av Talkpal AI.","breadcrumb":{"@id":"https:\/\/talkpal.ai\/sv\/tyska-grammatikovningar\/#breadcrumb"},"inLanguage":"sv-SE","potentialAction":[{"@type":"ReadAction","target":["https:\/\/talkpal.ai\/sv\/tyska-grammatikovningar\/"]}]},{"@type":"ImageObject","inLanguage":"sv-SE","@id":"https:\/\/talkpal.ai\/sv\/tyska-grammatikovningar\/#primaryimage","url":"https:\/\/talkpal.ai\/wp-content\/uploads\/2023\/03\/germany.png","contentUrl":"https:\/\/talkpal.ai\/wp-content\/uploads\/2023\/03\/germany.png","width":512,"height":512,"caption":"TalkPal AI learn German"},{"@type":"BreadcrumbList","@id":"https:\/\/talkpal.ai\/sv\/tyska-grammatikovningar\/#breadcrumb","itemListElement":[{"@type":"ListItem","position":1,"name":"Homepage","item":"https:\/\/talkpal.ai\/sv\/"},{"@type":"ListItem","position":2,"name":"Tyska grammatik\u00f6vningar"}]},{"@type":"WebSite","@id":"https:\/\/talkpal.ai\/sv\/#website","url":"https:\/\/talkpal.ai\/sv\/","name":"Talkpal","description":"AI Language Learning","publisher":{"@id":"https:\/\/talkpal.ai\/sv\/#organization"},"alternateName":"Talkpal AI","potentialAction":[{"@type":"SearchAction","target":{"@type":"EntryPoint","urlTemplate":"https:\/\/talkpal.ai\/sv\/?s={search_term_string}"},"query-input":{"@type":"PropertyValueSpecification","valueRequired":true,"valueName":"search_term_string"}}],"inLanguage":"sv-SE"},{"@type":"Organization","@id":"https:\/\/talkpal.ai\/sv\/#organization","name":"Talkpal, Inc.","alternateName":"Talkpal AI","url":"https:\/\/talkpal.ai\/sv\/","logo":{"@type":"ImageObject","inLanguage":"sv-SE","@id":"https:\/\/talkpal.ai\/sv\/#\/schema\/logo\/image\/","url":"https:\/\/talkpal.ai\/wp-content\/uploads\/2024\/03\/Talkpal-Logo-Icon.png","contentUrl":"https:\/\/talkpal.ai\/wp-content\/uploads\/2024\/03\/Talkpal-Logo-Icon.png","width":2880,"height":2880,"caption":"Talkpal, Inc."},"image":{"@id":"https:\/\/talkpal.ai\/sv\/#\/schema\/logo\/image\/"},"sameAs":["https:\/\/www.facebook.com\/profile.php?id=100090733639311","https:\/\/x.com\/talkpalai","https:\/\/www.linkedin.com\/company\/talkpal\/","https:\/\/www.youtube.com\/@TalkPal\/","https:\/\/www.tiktok.com\/@talkpal","https:\/\/www.instagram.com\/talkpal_ai\/","https:\/\/www.crunchbase.com\/organization\/talkpal-9cde","https:\/\/www.g2.com\/products\/talkpal-for-business\/","https:\/\/www.trustpilot.com\/review\/talkpal.ai","https:\/\/www.capterra.com\/p\/10006800\/TalkPal\/"],"description":"Talkpal is a language learning web and mobile education app, powered by the latest AI technologies, that provides engaging experiences to its customers in many different languages to help them improve their language skills. Users can chat about unlimited amount of topics with the app and use other modes to practice their language learning.","email":"support@talkpal.ai","legalName":"Talkpal, Inc.","foundingDate":"2023-04-03","duns":"118989042","numberOfEmployees":{"@type":"QuantitativeValue","minValue":"11","maxValue":"50"},"publishingPrinciples":"https:\/\/talkpal.ai\/publishing-principles\/","actionableFeedbackPolicy":"https:\/\/talkpal.ai\/actionable-feedback-policy\/","correctionsPolicy":"https:\/\/talkpal.ai\/corrections-policy\/","ethicsPolicy":"https:\/\/talkpal.ai\/ethics-policy\/","diversityPolicy":"https:\/\/talkpal.ai\/diversity-policy\/","diversityStaffingReport":"https:\/\/talkpal.ai\/diversity-policy\/"}]}},"_links":{"self":[{"href":"https:\/\/talkpal.ai\/sv\/wp-json\/wp\/v2\/pages\/91280","targetHints":{"allow":["GET"]}}],"collection":[{"href":"https:\/\/talkpal.ai\/sv\/wp-json\/wp\/v2\/pages"}],"about":[{"href":"https:\/\/talkpal.ai\/sv\/wp-json\/wp\/v2\/types\/page"}],"author":[{"embeddable":true,"href":"https:\/\/talkpal.ai\/sv\/wp-json\/wp\/v2\/users\/6"}],"replies":[{"embeddable":true,"href":"https:\/\/talkpal.ai\/sv\/wp-json\/wp\/v2\/comments?post=91280"}],"version-history":[{"count":0,"href":"https:\/\/talkpal.ai\/sv\/wp-json\/wp\/v2\/pages\/91280\/revisions"}],"wp:featuredmedia":[{"embeddable":true,"href":"https:\/\/talkpal.ai\/sv\/wp-json\/wp\/v2\/media\/6257"}],"wp:attachment":[{"href":"https:\/\/talkpal.ai\/sv\/wp-json\/wp\/v2\/media?parent=91280"}],"curies":[{"name":"wp","href":"https:\/\/api.w.org\/{rel}","templated":true}]}}