{"id":91186,"date":"2023-03-26T11:40:15","date_gmt":"2023-03-26T11:40:15","guid":{"rendered":"http:\/\/talkpal.ai\/tysk-grammatik\/"},"modified":"2025-05-22T19:21:59","modified_gmt":"2025-05-22T19:21:59","slug":"tysk-grammatik","status":"publish","type":"page","link":"https:\/\/talkpal.ai\/sv\/tysk-grammatik\/","title":{"rendered":"Tysk grammatik"},"content":{"rendered":"\r\n\r\n\r\n<section class=\"languageChallengeSection\">\r\n    <div class=\"languageInfoWrapper\">\r\n        \r\n        <h1>Tysk grammatik<\/h1>\r\n        <p>L\u00e5s upp strukturen i det <a href=\"https:\/\/talkpal.ai\/german-grammar-exercises\/\">tyska<\/a> spr\u00e5ket genom att beh\u00e4rska dess grundl\u00e4ggande grammatikregler. Genom att f\u00f6rst\u00e5 den tyska grammatiken kan du kommunicera med sj\u00e4lvf\u00f6rtroende och fullt ut uppskatta den tyskspr\u00e5kiga kulturens rikedom. B\u00f6rja l\u00e4ra dig <a href=\"https:\/\/talkpal.ai\/no\/laer-tysk\/\">tysk grammatik<\/a> idag och ta ditt f\u00f6rsta steg mot flytande spr\u00e5k!\n\n<\/p>\r\n\r\n                            <a class=\"getStartedHidden\" href=\"https:\/\/app.talkpal.ai\/sv\/signup?lng=\">Kom ig\u00e5ng<\/a>\r\n        \r\n    <\/div>\r\n\r\n    <figure>\r\n    <img decoding=\"async\" width=\"768\" height=\"768\" src=\"https:\/\/talkpal.ai\/wp-content\/uploads\/2023\/06\/german-768x768.png\" class=\"languageImage no-lazy\" alt=\"Default alt text\" fetchpriority=\"high\" sizes=\"(max-width: 768px) 150px, 768px\" srcset=\"https:\/\/talkpal.ai\/wp-content\/uploads\/2023\/06\/german-768x768.png 768w, https:\/\/talkpal.ai\/wp-content\/uploads\/2023\/06\/german-300x300.png 300w\" \/>\r\n    \r\n\r\n    <\/figure>\r\n\r\n            <a class=\"getStartedVisible\" href=\"https:\/\/app.talkpal.ai\/sv\/signup?lng=\">Kom ig\u00e5ng<\/a>\r\n    \r\n<\/section>\r\n        <section class=\"grammarSection\">\r\n            <div class=\"grammarLinks\">\r\n                <a href=\"https:\/\/talkpal.ai\/sv\/language\/adjektiv-tysk-grammatik\/\">Adjektiv <\/a><a href=\"https:\/\/talkpal.ai\/sv\/language\/adverb-tysk-grammatik\/\">Adverb <\/a><a href=\"https:\/\/talkpal.ai\/sv\/language\/deklination-tysk-grammatik\/\">Deklination <\/a><a href=\"https:\/\/talkpal.ai\/sv\/language\/meningsbyggnad-tysk-grammatik\/\">Meningsbyggnad <\/a><a href=\"https:\/\/talkpal.ai\/sv\/language\/prepositioner-tysk-grammatik\/\">Prepositioner <\/a><a href=\"https:\/\/talkpal.ai\/sv\/language\/pronomen-tysk-grammatik\/\">Pronomen <\/a><a href=\"https:\/\/talkpal.ai\/sv\/language\/substantiv-och-artiklar-tysk-grammatik\/\">Substantiv och artiklar <\/a><a href=\"https:\/\/talkpal.ai\/sv\/language\/tempus-tysk-grammatik\/\">Tempus <\/a><a href=\"https:\/\/talkpal.ai\/sv\/language\/verb-tysk-grammatik\/\">Verb <\/a>            <\/div>\r\n        <\/section>\r\n    <section class=\"promotionalBanner\">\r\n    <p class=\"promotionalText\">Det mest effektiva s\u00e4ttet att l\u00e4ra sig ett spr\u00e5k<\/p>\r\n    <a class=\"promotionalLink\" href=\"https:\/\/app.talkpal.ai\/sv\/signup?lng=\">Prova Talkpal gratis<\/a>\r\n<\/section>\n<div class=\"wp-block-group pageContainerStyle\"><div class=\"wp-block-group__inner-container is-layout-constrained wp-block-group-is-layout-constrained\">\n<h2 class=\"wp-block-heading\" id=\"h-unraveling-the-intricacies-of-german-grammar\">Att reda ut kr\u00e5ngligheterna i tysk grammatik<\/h2>\n\n\n\n<p>Att <a href=\"https:\/\/talkpal.ai\/learn-german-with-ai\/\">l\u00e4ra sig tyska<\/a> kan vara en sp\u00e4nnande och givande str\u00e4van. Du kommer inte bara att kunna <a href=\"https:\/\/talkpal.ai\/locations\/language-courses-in-tala\/\">tala<\/a> med mer \u00e4n 130 miljoner m\u00e4nniskor \u00f6ver hela v\u00e4rlden, utan du kommer ocks\u00e5 att f\u00e5 tillg\u00e5ng till en m\u00e4ngd litteratur, musik och kulturhistoria. Som med <a href=\"https:\/\/talkpal.ai\/fr\/langues\/\">alla spr\u00e5k<\/a> kr\u00e4ver beh\u00e4rskning av tyska engagemang och t\u00e5lamod \u2013 s\u00e4rskilt n\u00e4r det g\u00e4ller grammatiken. Den goda nyheten \u00e4r att m\u00e5nga aspekter av tysk grammatik \u00e4r ganska lika <a href=\"https:\/\/talkpal.ai\/da\/grammar\/korte-svar-i-engelsk-grammatik\/\">engelsk grammatik<\/a>, vilket g\u00f6r det l\u00e4ttare f\u00f6r <a href=\"https:\/\/talkpal.ai\/english-speaking-course\/\">engelsktalande<\/a> att f\u00f6rst\u00e5 sig. I <a href=\"https:\/\/talkpal.ai\/culture\/how-do-i-use-den-har-and-det-har\/\">den h\u00e4r<\/a> artikeln g\u00e5r vi igenom n\u00e5gra av de viktigaste inslagen i tysk grammatik och ger dig tips och tricks som hj\u00e4lper dig att beh\u00e4rska detta vackra och komplexa spr\u00e5k.<\/p>\n\n\n\n<h3 class=\"wp-block-heading\" id=\"h-1-nouns-and-articles-get-your-cases-right\">1. Substantiv och artiklar \u2013 G\u00f6r r\u00e4tt f\u00f6r dig!<\/h3>\n\n\n\n<p>Ett av de f\u00f6rsta hindren f\u00f6r engelsktalande att l\u00e4ra sig tyska \u00e4r att f\u00f6rst\u00e5 de fyra kasusen: nominativ, ackusativ, dativ och genitiv. Varje kasus signalerar en annan funktion hos ett substantiv i en mening, till exempel subjekt, direkt objekt eller indirekt objekt. Dessutom har tyskan tre grammatiska genus (maskulinum, femininum och neutrum), och artiklarna f\u00f6r varje genus \u00e4ndras beroende p\u00e5 fallet. L\u00e5ter det f\u00f6rvirrande? Oroa dig inte! N\u00e4r du blir mer bekant med tyska b\u00f6rjar du k\u00e4nna igen m\u00f6nster och f\u00f6rutse vilket kasus och genus du ska anv\u00e4nda.<\/p>\n\n\n\n<p>Tips: G\u00f6r en tabell \u00f6ver best\u00e4mda artiklar (der, die, das) och obest\u00e4mda artiklar (ein, eine, ein) f\u00f6r varje k\u00f6n och kasus. Memorera dessa f\u00f6rst, eftersom de kommer att fungera som din grund f\u00f6r att f\u00f6rst\u00e5 tysk meningsstruktur.<\/p>\n\n\n\n<h3 class=\"wp-block-heading\" id=\"h-2-verbs-conjugate-and-dominate\">2. Verb \u2013 Konjugera och dominera!<\/h3>\n\n\n\n<p>P\u00e5 tyska \u00e4r verb viktiga inte bara f\u00f6r att uttrycka handling utan ocks\u00e5 f\u00f6r att ange tempus och modus. Precis som engelskan m\u00e5ste tyska verb b\u00f6jas f\u00f6r att matcha meningens subjekt. Det finns dock n\u00e5gra viktiga skillnader, inklusive anv\u00e4ndningen av regelbundna (svaga) och oregelbundna (starka) verb, samt anv\u00e4ndningen av hj\u00e4lpverb f\u00f6r vissa tempus. Den goda nyheten \u00e4r att vissa aspekter av tysk verbb\u00f6jning \u00e4r enklare \u00e4n engelsk, till exempel att man inte beh\u00f6ver anv\u00e4nda &#8221;do&#8221; f\u00f6r fr\u00e5gor eller negationer.<\/p>\n\n\n\n<p>Tips: B\u00f6rja med att beh\u00e4rska regelbunden verbb\u00f6jning och ta sedan itu med de vanligaste oregelbundna verben. \u00d6va p\u00e5 att anv\u00e4nda hj\u00e4lpverb i d\u00e5tid och framtid, s\u00e5 kommer du snart att kunna konstruera mer komplexa meningar.<\/p>\n\n\n\n<h3 class=\"wp-block-heading\" id=\"h-3-adjectives-show-your-agreement\">3. Adjektiv \u2013 Visa att du h\u00e5ller med!<\/h3>\n\n\n\n<p>N\u00e4r man anv\u00e4nder adjektiv f\u00f6r att beskriva substantiv p\u00e5 tyska \u00e4r det viktigt att f\u00f6rst\u00e5 adjektivets \u00f6verenskommelse. Det inneb\u00e4r att adjektiven m\u00e5ste \u00f6verensst\u00e4mma med substantivets genus och kasus. I vissa fall kr\u00e4vs det att man l\u00e4gger till en \u00e4ndelse till adjektivet, baserat p\u00e5 substantivets artikel och kasus.<\/p>\n\n\n\n<p>Tips: Anv\u00e4nd ditt artikeldiagram fr\u00e5n tidigare f\u00f6r att hj\u00e4lpa dig att komma ih\u00e5g de korrekta adjektiv\u00e4ndelserna. N\u00e4r du \u00f6var p\u00e5 att anv\u00e4nda adjektiv i meningar, g\u00f6r en mental anteckning om \u00e4ndelsm\u00f6nstren och hur de relaterar till substantivets genus och kasus.<\/p>\n\n\n\n<h3 class=\"wp-block-heading\" id=\"h-4-word-order-embrace-the-flexibility\">4. Ordf\u00f6ljd \u2013 Omfamna flexibiliteten!<\/h3>\n\n\n\n<p>En av de m\u00e5nga gl\u00e4dje\u00e4mnena med tysk grammatik \u00e4r dess flexibla ordf\u00f6ljd. Till skillnad fr\u00e5n engelskan, som i allm\u00e4nhet f\u00f6ljer ett strikt subjekt-verb-objekt-m\u00f6nster, kan tyska meningar variera i sin struktur. Nyckeln \u00e4r att f\u00f6rst\u00e5 betydelsen av verbets position, som vanligtvis kommer som nummer tv\u00e5 i en huvudsats och sist i en bisats.<\/p>\n\n\n\n<p>Tips: Om du vill bli bekv\u00e4m med olika ordf\u00f6ljdsm\u00f6nster kan du prova att \u00f6vers\u00e4tta enkla engelska meningar till tyska och sedan ordna om meningen samtidigt som du beh\u00e5ller verbet p\u00e5 r\u00e4tt plats. Detta hj\u00e4lper dig att bli skickligare p\u00e5 att formulera nyanserade och uttrycksfulla meningar p\u00e5 tyska.<\/p>\n\n\n\n<h3 class=\"wp-block-heading\" id=\"h-5-prepositions-think-in-german\">5. Prepositioner \u2013 T\u00e4nk p\u00e5 tyska!<\/h3>\n\n\n\n<p>Den sv\u00e5raste delen av att l\u00e4ra sig tysk grammatik \u00e4r utan tvekan att beh\u00e4rska prepositioner. \u00c4ven om prepositioner finns p\u00e5 engelska och tj\u00e4nar ett liknande syfte, \u00e4r anv\u00e4ndningen av dem p\u00e5 tyska annorlunda och kr\u00e4ver ofta att du &#8221;t\u00e4nker p\u00e5 tyska&#8221; f\u00f6r att v\u00e4lja r\u00e4tt. Till exempel kan den engelska prepositionen &#8221;in&#8221; \u00f6vers\u00e4ttas till &#8221;in&#8221;, &#8221;an&#8221; eller &#8221;auf&#8221; p\u00e5 tyska, beroende p\u00e5 sammanhanget.<\/p>\n\n\n\n<p>Tips: Skapa flashcards med vanliga prepositioner och deras engelska motsvarigheter. \u00d6va p\u00e5 att anv\u00e4nda dem i meningar och fokusera p\u00e5 de specifika sammanhang d\u00e4r varje preposition anv\u00e4nds.<\/p>\n\n\n\n<h3 class=\"wp-block-heading\" id=\"h-conclusion\">Slutsats:<\/h3>\n\n\n\n<p>Tysk grammatik kan verka skr\u00e4mmande i b\u00f6rjan, men med h\u00e4ngiven \u00f6vning, t\u00e5lamod och fokus p\u00e5 att f\u00f6rst\u00e5 de underliggande reglerna och m\u00f6nstren kommer du snart att kunna konstruera sofistikerade meningar med l\u00e4tthet. Genom att f\u00f6rst\u00e5 kr\u00e5ngligheterna i tysk grammatik kommer engelsktalande inte bara att f\u00f6rb\u00e4ttra sina spr\u00e5kkunskaper utan ocks\u00e5 utveckla en nyfunnen uppskattning f\u00f6r detta vackra och komplexa spr\u00e5k. Nu, p\u00e5 geht&#8217;s! Dags att dyka in i den tyska grammatikens v\u00e4rld och l\u00e5sa upp din fulla potential f\u00f6r spr\u00e5kinl\u00e4rning.<\/p>\n<\/div><\/div>\n\r\n<section class=\"learnNavigationSection\">\r\n            \r\n        <a href=\"https:\/\/talkpal.ai\/sv\/lar-dig-tyska\/\">\r\n            <div class=\"learnNavigationWrapper\">\r\n                <div class=\"learnNavigationContent\">\r\n                    <img decoding=\"async\" src=\"https:\/\/talkpal.ai\/wp-content\/uploads\/2024\/08\/German.jpg\" alt=\"German Flag\">\r\n                    <div>\r\n                        <h4>Om att l\u00e4ra sig tyska<\/h4>\r\n                        <p>Ta reda p\u00e5 allt om tysk grammatik.<\/p>\r\n                    <\/div>\r\n                <\/div>\r\n            <\/div>\r\n        <\/a>\r\n\r\n        \r\n        <a href=\"https:\/\/talkpal.ai\/sv\/tyska-grammatikovningar\/\">\r\n            <div class=\"learnNavigationWrapper\">\r\n                <div class=\"learnNavigationContent\">\r\n                    <img decoding=\"async\" src=\"https:\/\/talkpal.ai\/wp-content\/uploads\/2024\/08\/German.jpg\" alt=\"German Flag\">\r\n                    <div>\r\n                        <h4>\u00d6vning i tysk grammatik<\/h4>\r\n                        <p>\u00d6va tysk grammatik.<\/p>\r\n                    <\/div>\r\n                <\/div>\r\n            <\/div>\r\n        <\/a>\r\n\r\n        \r\n        <a href=\"https:\/\/talkpal.ai\/vocabulary_language\/german\/\">\r\n            <div class=\"learnNavigationWrapper\">\r\n                <div class=\"learnNavigationContent\">\r\n                    <img decoding=\"async\" src=\"https:\/\/talkpal.ai\/wp-content\/uploads\/2024\/08\/German.jpg\" alt=\"German Flag\">\r\n                    <div>\r\n                        <h4>Tysk vokabul\u00e4r<\/h4>\r\n                        <p>Ut\u00f6ka ditt tyska ordf\u00f6rr\u00e5d.<\/p>\r\n                    <\/div>\r\n                <\/div>\r\n            <\/div>\r\n        <\/a>\r\n\r\n            <\/section>","protected":false},"excerpt":{"rendered":"<p>Att reda ut kr\u00e5ngligheterna i tysk grammatik Att l\u00e4ra sig tyska kan vara en sp\u00e4nnande och givande str\u00e4van. Du kommer inte bara att kunna tala med mer \u00e4n 130 miljoner m\u00e4nniskor \u00f6ver hela v\u00e4rlden, utan du kommer ocks\u00e5 att f\u00e5 tillg\u00e5ng till en m\u00e4ngd litteratur, musik och kulturhistoria. Som med alla spr\u00e5k kr\u00e4ver beh\u00e4rskning av [&hellip;]<\/p>\n","protected":false},"author":1,"featured_media":6257,"parent":0,"menu_order":0,"comment_status":"closed","ping_status":"closed","template":"LearningContentPage.php","meta":{"_acf_changed":false,"footnotes":""},"class_list":["post-91186","page","type-page","status-publish","has-post-thumbnail","hentry"],"acf":[],"yoast_head":"<!-- This site is optimized with the Yoast SEO Premium plugin v27.2 (Yoast SEO v27.2) - https:\/\/yoast.com\/product\/yoast-seo-premium-wordpress\/ -->\n<title>Tysk grammatik - Talkpal<\/title>\n<meta name=\"description\" content=\"L\u00e4r dig tysk grammatik p\u00e5 ett enkelt s\u00e4tt - f\u00f6rst\u00e5 viktiga regler, \u00f6va p\u00e5 att bygga meningar och tala tydligt med Talkpal&#039;s AI-guidade st\u00f6d.\" \/>\n<meta name=\"robots\" content=\"index, follow, max-snippet:-1, max-image-preview:large, max-video-preview:-1\" \/>\n<link rel=\"canonical\" href=\"https:\/\/talkpal.ai\/sv\/tysk-grammatik\/\" \/>\n<meta property=\"og:locale\" content=\"sv_SE\" \/>\n<meta property=\"og:type\" content=\"article\" \/>\n<meta property=\"og:title\" content=\"Tysk grammatik\" \/>\n<meta property=\"og:description\" content=\"Att reda ut kr\u00e5ngligheterna i tysk grammatik Att l\u00e4ra sig tyska kan vara en sp\u00e4nnande och givande str\u00e4van. Du kommer inte bara att kunna tala med mer \u00e4n\" \/>\n<meta property=\"og:url\" content=\"https:\/\/talkpal.ai\/sv\/tysk-grammatik\/\" \/>\n<meta property=\"og:site_name\" content=\"Talkpal\" \/>\n<meta property=\"article:publisher\" content=\"https:\/\/www.facebook.com\/profile.php?id=100090733639311\" \/>\n<meta property=\"article:modified_time\" content=\"2025-05-22T19:21:59+00:00\" \/>\n<meta property=\"og:image\" content=\"https:\/\/talkpal.ai\/wp-content\/uploads\/2023\/03\/germany.png\" \/>\n\t<meta property=\"og:image:width\" content=\"512\" \/>\n\t<meta property=\"og:image:height\" content=\"512\" \/>\n\t<meta property=\"og:image:type\" content=\"image\/png\" \/>\n<meta name=\"twitter:card\" content=\"summary_large_image\" \/>\n<meta name=\"twitter:site\" content=\"@talkpalai\" \/>\n<meta name=\"twitter:label1\" content=\"Ber\u00e4knad l\u00e4stid\" \/>\n\t<meta name=\"twitter:data1\" content=\"4 minuter\" \/>\n<script type=\"application\/ld+json\" class=\"yoast-schema-graph\">{\"@context\":\"https:\/\/schema.org\",\"@graph\":[{\"@type\":\"WebPage\",\"@id\":\"https:\/\/talkpal.ai\/sv\/tysk-grammatik\/\",\"url\":\"https:\/\/talkpal.ai\/sv\/tysk-grammatik\/\",\"name\":\"Tysk grammatik - Talkpal\",\"isPartOf\":{\"@id\":\"https:\/\/talkpal.ai\/sv\/#website\"},\"primaryImageOfPage\":{\"@id\":\"https:\/\/talkpal.ai\/sv\/tysk-grammatik\/#primaryimage\"},\"image\":{\"@id\":\"https:\/\/talkpal.ai\/sv\/tysk-grammatik\/#primaryimage\"},\"thumbnailUrl\":\"https:\/\/talkpal.ai\/wp-content\/uploads\/2023\/03\/germany.png\",\"datePublished\":\"2023-03-26T11:40:15+00:00\",\"dateModified\":\"2025-05-22T19:21:59+00:00\",\"description\":\"L\u00e4r dig tysk grammatik p\u00e5 ett enkelt s\u00e4tt - f\u00f6rst\u00e5 viktiga regler, \u00f6va p\u00e5 att bygga meningar och tala tydligt med Talkpal's AI-guidade st\u00f6d.\",\"breadcrumb\":{\"@id\":\"https:\/\/talkpal.ai\/sv\/tysk-grammatik\/#breadcrumb\"},\"inLanguage\":\"sv-SE\",\"potentialAction\":[{\"@type\":\"ReadAction\",\"target\":[\"https:\/\/talkpal.ai\/sv\/tysk-grammatik\/\"]}]},{\"@type\":\"ImageObject\",\"inLanguage\":\"sv-SE\",\"@id\":\"https:\/\/talkpal.ai\/sv\/tysk-grammatik\/#primaryimage\",\"url\":\"https:\/\/talkpal.ai\/wp-content\/uploads\/2023\/03\/germany.png\",\"contentUrl\":\"https:\/\/talkpal.ai\/wp-content\/uploads\/2023\/03\/germany.png\",\"width\":512,\"height\":512,\"caption\":\"TalkPal AI learn German\"},{\"@type\":\"BreadcrumbList\",\"@id\":\"https:\/\/talkpal.ai\/sv\/tysk-grammatik\/#breadcrumb\",\"itemListElement\":[{\"@type\":\"ListItem\",\"position\":1,\"name\":\"Homepage\",\"item\":\"https:\/\/talkpal.ai\/sv\/\"},{\"@type\":\"ListItem\",\"position\":2,\"name\":\"Tysk grammatik\"}]},{\"@type\":\"WebSite\",\"@id\":\"https:\/\/talkpal.ai\/sv\/#website\",\"url\":\"https:\/\/talkpal.ai\/sv\/\",\"name\":\"Talkpal\",\"description\":\"AI Language Learning\",\"publisher\":{\"@id\":\"https:\/\/talkpal.ai\/sv\/#organization\"},\"alternateName\":\"Talkpal AI\",\"potentialAction\":[{\"@type\":\"SearchAction\",\"target\":{\"@type\":\"EntryPoint\",\"urlTemplate\":\"https:\/\/talkpal.ai\/sv\/?s={search_term_string}\"},\"query-input\":{\"@type\":\"PropertyValueSpecification\",\"valueRequired\":true,\"valueName\":\"search_term_string\"}}],\"inLanguage\":\"sv-SE\"},{\"@type\":\"Organization\",\"@id\":\"https:\/\/talkpal.ai\/sv\/#organization\",\"name\":\"Talkpal, Inc.\",\"alternateName\":\"Talkpal AI\",\"url\":\"https:\/\/talkpal.ai\/sv\/\",\"logo\":{\"@type\":\"ImageObject\",\"inLanguage\":\"sv-SE\",\"@id\":\"https:\/\/talkpal.ai\/sv\/#\/schema\/logo\/image\/\",\"url\":\"https:\/\/talkpal.ai\/wp-content\/uploads\/2024\/03\/Talkpal-Logo-Icon.png\",\"contentUrl\":\"https:\/\/talkpal.ai\/wp-content\/uploads\/2024\/03\/Talkpal-Logo-Icon.png\",\"width\":2880,\"height\":2880,\"caption\":\"Talkpal, Inc.\"},\"image\":{\"@id\":\"https:\/\/talkpal.ai\/sv\/#\/schema\/logo\/image\/\"},\"sameAs\":[\"https:\/\/www.facebook.com\/profile.php?id=100090733639311\",\"https:\/\/x.com\/talkpalai\",\"https:\/\/www.linkedin.com\/company\/talkpal\/\",\"https:\/\/www.youtube.com\/@TalkPal\/\",\"https:\/\/www.tiktok.com\/@talkpal\",\"https:\/\/www.instagram.com\/talkpal_ai\/\",\"https:\/\/www.crunchbase.com\/organization\/talkpal-9cde\",\"https:\/\/www.g2.com\/products\/talkpal-for-business\/\",\"https:\/\/www.trustpilot.com\/review\/talkpal.ai\",\"https:\/\/www.capterra.com\/p\/10006800\/TalkPal\/\"],\"description\":\"Talkpal is a language learning web and mobile education app, powered by the latest AI technologies, that provides engaging experiences to its customers in many different languages to help them improve their language skills. Users can chat about unlimited amount of topics with the app and use other modes to practice their language learning.\",\"email\":\"support@talkpal.ai\",\"legalName\":\"Talkpal, Inc.\",\"foundingDate\":\"2023-04-03\",\"duns\":\"118989042\",\"numberOfEmployees\":{\"@type\":\"QuantitativeValue\",\"minValue\":\"11\",\"maxValue\":\"50\"},\"publishingPrinciples\":\"https:\/\/talkpal.ai\/publishing-principles\/\",\"actionableFeedbackPolicy\":\"https:\/\/talkpal.ai\/actionable-feedback-policy\/\",\"correctionsPolicy\":\"https:\/\/talkpal.ai\/corrections-policy\/\",\"ethicsPolicy\":\"https:\/\/talkpal.ai\/ethics-policy\/\",\"diversityPolicy\":\"https:\/\/talkpal.ai\/diversity-policy\/\",\"diversityStaffingReport\":\"https:\/\/talkpal.ai\/diversity-policy\/\"}]}<\/script>\n<!-- \/ Yoast SEO Premium plugin. -->","yoast_head_json":{"title":"Tysk grammatik - Talkpal","description":"L\u00e4r dig tysk grammatik p\u00e5 ett enkelt s\u00e4tt - f\u00f6rst\u00e5 viktiga regler, \u00f6va p\u00e5 att bygga meningar och tala tydligt med Talkpal's AI-guidade st\u00f6d.","robots":{"index":"index","follow":"follow","max-snippet":"max-snippet:-1","max-image-preview":"max-image-preview:large","max-video-preview":"max-video-preview:-1"},"canonical":"https:\/\/talkpal.ai\/sv\/tysk-grammatik\/","og_locale":"sv_SE","og_type":"article","og_title":"Tysk grammatik","og_description":"Att reda ut kr\u00e5ngligheterna i tysk grammatik Att l\u00e4ra sig tyska kan vara en sp\u00e4nnande och givande str\u00e4van. Du kommer inte bara att kunna tala med mer \u00e4n","og_url":"https:\/\/talkpal.ai\/sv\/tysk-grammatik\/","og_site_name":"Talkpal","article_publisher":"https:\/\/www.facebook.com\/profile.php?id=100090733639311","article_modified_time":"2025-05-22T19:21:59+00:00","og_image":[{"width":512,"height":512,"url":"https:\/\/talkpal.ai\/wp-content\/uploads\/2023\/03\/germany.png","type":"image\/png"}],"twitter_card":"summary_large_image","twitter_site":"@talkpalai","twitter_misc":{"Ber\u00e4knad l\u00e4stid":"4 minuter"},"schema":{"@context":"https:\/\/schema.org","@graph":[{"@type":"WebPage","@id":"https:\/\/talkpal.ai\/sv\/tysk-grammatik\/","url":"https:\/\/talkpal.ai\/sv\/tysk-grammatik\/","name":"Tysk grammatik - Talkpal","isPartOf":{"@id":"https:\/\/talkpal.ai\/sv\/#website"},"primaryImageOfPage":{"@id":"https:\/\/talkpal.ai\/sv\/tysk-grammatik\/#primaryimage"},"image":{"@id":"https:\/\/talkpal.ai\/sv\/tysk-grammatik\/#primaryimage"},"thumbnailUrl":"https:\/\/talkpal.ai\/wp-content\/uploads\/2023\/03\/germany.png","datePublished":"2023-03-26T11:40:15+00:00","dateModified":"2025-05-22T19:21:59+00:00","description":"L\u00e4r dig tysk grammatik p\u00e5 ett enkelt s\u00e4tt - f\u00f6rst\u00e5 viktiga regler, \u00f6va p\u00e5 att bygga meningar och tala tydligt med Talkpal's AI-guidade st\u00f6d.","breadcrumb":{"@id":"https:\/\/talkpal.ai\/sv\/tysk-grammatik\/#breadcrumb"},"inLanguage":"sv-SE","potentialAction":[{"@type":"ReadAction","target":["https:\/\/talkpal.ai\/sv\/tysk-grammatik\/"]}]},{"@type":"ImageObject","inLanguage":"sv-SE","@id":"https:\/\/talkpal.ai\/sv\/tysk-grammatik\/#primaryimage","url":"https:\/\/talkpal.ai\/wp-content\/uploads\/2023\/03\/germany.png","contentUrl":"https:\/\/talkpal.ai\/wp-content\/uploads\/2023\/03\/germany.png","width":512,"height":512,"caption":"TalkPal AI learn German"},{"@type":"BreadcrumbList","@id":"https:\/\/talkpal.ai\/sv\/tysk-grammatik\/#breadcrumb","itemListElement":[{"@type":"ListItem","position":1,"name":"Homepage","item":"https:\/\/talkpal.ai\/sv\/"},{"@type":"ListItem","position":2,"name":"Tysk grammatik"}]},{"@type":"WebSite","@id":"https:\/\/talkpal.ai\/sv\/#website","url":"https:\/\/talkpal.ai\/sv\/","name":"Talkpal","description":"AI Language Learning","publisher":{"@id":"https:\/\/talkpal.ai\/sv\/#organization"},"alternateName":"Talkpal AI","potentialAction":[{"@type":"SearchAction","target":{"@type":"EntryPoint","urlTemplate":"https:\/\/talkpal.ai\/sv\/?s={search_term_string}"},"query-input":{"@type":"PropertyValueSpecification","valueRequired":true,"valueName":"search_term_string"}}],"inLanguage":"sv-SE"},{"@type":"Organization","@id":"https:\/\/talkpal.ai\/sv\/#organization","name":"Talkpal, Inc.","alternateName":"Talkpal AI","url":"https:\/\/talkpal.ai\/sv\/","logo":{"@type":"ImageObject","inLanguage":"sv-SE","@id":"https:\/\/talkpal.ai\/sv\/#\/schema\/logo\/image\/","url":"https:\/\/talkpal.ai\/wp-content\/uploads\/2024\/03\/Talkpal-Logo-Icon.png","contentUrl":"https:\/\/talkpal.ai\/wp-content\/uploads\/2024\/03\/Talkpal-Logo-Icon.png","width":2880,"height":2880,"caption":"Talkpal, Inc."},"image":{"@id":"https:\/\/talkpal.ai\/sv\/#\/schema\/logo\/image\/"},"sameAs":["https:\/\/www.facebook.com\/profile.php?id=100090733639311","https:\/\/x.com\/talkpalai","https:\/\/www.linkedin.com\/company\/talkpal\/","https:\/\/www.youtube.com\/@TalkPal\/","https:\/\/www.tiktok.com\/@talkpal","https:\/\/www.instagram.com\/talkpal_ai\/","https:\/\/www.crunchbase.com\/organization\/talkpal-9cde","https:\/\/www.g2.com\/products\/talkpal-for-business\/","https:\/\/www.trustpilot.com\/review\/talkpal.ai","https:\/\/www.capterra.com\/p\/10006800\/TalkPal\/"],"description":"Talkpal is a language learning web and mobile education app, powered by the latest AI technologies, that provides engaging experiences to its customers in many different languages to help them improve their language skills. Users can chat about unlimited amount of topics with the app and use other modes to practice their language learning.","email":"support@talkpal.ai","legalName":"Talkpal, Inc.","foundingDate":"2023-04-03","duns":"118989042","numberOfEmployees":{"@type":"QuantitativeValue","minValue":"11","maxValue":"50"},"publishingPrinciples":"https:\/\/talkpal.ai\/publishing-principles\/","actionableFeedbackPolicy":"https:\/\/talkpal.ai\/actionable-feedback-policy\/","correctionsPolicy":"https:\/\/talkpal.ai\/corrections-policy\/","ethicsPolicy":"https:\/\/talkpal.ai\/ethics-policy\/","diversityPolicy":"https:\/\/talkpal.ai\/diversity-policy\/","diversityStaffingReport":"https:\/\/talkpal.ai\/diversity-policy\/"}]}},"_links":{"self":[{"href":"https:\/\/talkpal.ai\/sv\/wp-json\/wp\/v2\/pages\/91186","targetHints":{"allow":["GET"]}}],"collection":[{"href":"https:\/\/talkpal.ai\/sv\/wp-json\/wp\/v2\/pages"}],"about":[{"href":"https:\/\/talkpal.ai\/sv\/wp-json\/wp\/v2\/types\/page"}],"author":[{"embeddable":true,"href":"https:\/\/talkpal.ai\/sv\/wp-json\/wp\/v2\/users\/1"}],"replies":[{"embeddable":true,"href":"https:\/\/talkpal.ai\/sv\/wp-json\/wp\/v2\/comments?post=91186"}],"version-history":[{"count":0,"href":"https:\/\/talkpal.ai\/sv\/wp-json\/wp\/v2\/pages\/91186\/revisions"}],"wp:featuredmedia":[{"embeddable":true,"href":"https:\/\/talkpal.ai\/sv\/wp-json\/wp\/v2\/media\/6257"}],"wp:attachment":[{"href":"https:\/\/talkpal.ai\/sv\/wp-json\/wp\/v2\/media?parent=91186"}],"curies":[{"name":"wp","href":"https:\/\/api.w.org\/{rel}","templated":true}]}}