{"id":89847,"date":"2023-12-05T11:40:43","date_gmt":"2023-12-05T11:40:43","guid":{"rendered":"http:\/\/talkpal.ai\/tyska-sprakcertifikat\/"},"modified":"2026-01-07T14:46:21","modified_gmt":"2026-01-07T14:46:21","slug":"tyska-sprakcertifikat","status":"publish","type":"page","link":"https:\/\/talkpal.ai\/sv\/tyska-sprakcertifikat\/","title":{"rendered":"Tyska spr\u00e5kcertifikat"},"content":{"rendered":"\r\n\r\n\r\n<section class=\"languageChallengeSection\">\r\n    <div class=\"languageInfoWrapper\">\r\n        \r\n        <h1>Tyska spr\u00e5kcertifikat<\/h1>\r\n        <p>Talkpal \u00e4r en AI-genererad app f\u00f6r spr\u00e5kinl\u00e4rning som kan hj\u00e4lpa anv\u00e4ndare att f\u00f6rbereda sig f\u00f6r dessa engelska spr\u00e5kunders\u00f6kningar. Med huvudfokus p\u00e5 att f\u00f6rb\u00e4ttra tal- och lyssningsf\u00f6rm\u00e5gan erbjuder Talkpal realistiska interaktiva konversationer och uttals\u00f6vningar. Dess AI-natur m\u00f6jligg\u00f6r personlig feedback, vilket hj\u00e4lper anv\u00e4ndarna att f\u00f6rst\u00e5 sina framsteg och f\u00f6rb\u00e4ttringsomr\u00e5den. <a href=\"https:\/\/talkpal.ai\/german-grammar-exercises\/\">Tyska<\/a> spr\u00e5kkunskaper bed\u00f6ms ofta genom flera unders\u00f6kningar som TestDaF, Goethe-Zertifikat, DSH, \u00d6SD och telc. Dessa prov ger en utv\u00e4rdering av en icke-modersm\u00e5lstalares f\u00f6rm\u00e5ga i det tyska spr\u00e5ket och \u00e4r allm\u00e4nt erk\u00e4nda som formella kunskapsbevis. Varje test har specifika egenskaper som skiljer det fr\u00e5n andra n\u00e4r det g\u00e4ller spr\u00e5kf\u00e4rdighetsniv\u00e5, applikationsanv\u00e4ndning och po\u00e4ngsystem.<\/p>\r\n\r\n                \r\n    <\/div>\r\n\r\n    <figure>\r\n    <img decoding=\"async\" width=\"768\" height=\"768\" src=\"https:\/\/talkpal.ai\/wp-content\/uploads\/2026\/01\/group-with-phone-in-circle-768x768.webp\" class=\"languageImage no-lazy\" alt=\"Default alt text\" fetchpriority=\"high\" sizes=\"(max-width: 768px) 150px, 768px\" srcset=\"https:\/\/talkpal.ai\/wp-content\/uploads\/2026\/01\/group-with-phone-in-circle-768x768.webp 768w, https:\/\/talkpal.ai\/wp-content\/uploads\/2026\/01\/group-with-phone-in-circle-300x300.webp 300w\" \/>\r\n    \r\n\r\n    <\/figure>\r\n\r\n    \r\n<\/section>\n<div class=\"wp-block-group pageContainerStyle\"><div class=\"wp-block-group__inner-container is-layout-constrained wp-block-group-is-layout-constrained\">\n<h2 class=\"wp-block-heading\" id=\"h-german-language-certificates\">Tyska spr\u00e5kcertifikat<\/h2>\n\n\n\r\n                    <div class=\"methodWraper\">\r\n            <div class=\"methodContent\">\r\n                <img decoding=\"async\" src=\"https:\/\/talkpal.ai\/wp-content\/uploads\/2025\/05\/check_icon.png\" alt=\"Checkmark Icon\">\r\n                <h3>TestDaF:<\/h3>\r\n            <\/div>\r\n            <p>TestDaF (Test Deutsch als Fremdsprache): Detta \u00e4r ett standardiserat test utformat f\u00f6r utl\u00e4ndska elever i tyska som planerar att studera eller bedriva forskning i Tyskland. Examinationen testar kandidatens kunskaper i alla fyra aspekterna av spr\u00e5kinl\u00e4rning &#8211; l\u00e4sa, skriva, lyssna och tala.<\/p>\r\n        <\/div>\r\n                    <div class=\"methodWraper\">\r\n            <div class=\"methodContent\">\r\n                <img decoding=\"async\" src=\"https:\/\/talkpal.ai\/wp-content\/uploads\/2025\/05\/check_icon.png\" alt=\"Checkmark Icon\">\r\n                <h3>Goethe-Zertifikat:<\/h3>\r\n            <\/div>\r\n            <p>Goethe-Zertifikat \u00e4r erk\u00e4nt \u00f6ver hela v\u00e4rlden, Goethe-Zertifikat-testet har flera olika niv\u00e5er f\u00f6r att passa olika elevers kunskapsniv\u00e5. Den \u00e4r vidare uppdelad i sex moduler: A1 (nyb\u00f6rjare), A2, B1, B2, C1 och C2 (\u00f6verl\u00e4gsen).<\/p>\r\n        <\/div>\r\n                    <div class=\"methodWraper\">\r\n            <div class=\"methodContent\">\r\n                <img decoding=\"async\" src=\"https:\/\/talkpal.ai\/wp-content\/uploads\/2025\/05\/check_icon.png\" alt=\"Checkmark Icon\">\r\n                <h3>DSH:<\/h3>\r\n            <\/div>\r\n            <p>DSH (Deutsche Sprachpr\u00fcfung f\u00fcr den Hochschulzugang): Denna examen \u00e4r inriktad p\u00e5 dem som vill studera vid ett tyskt universitet och beh\u00f6ver visa sina spr\u00e5kkunskaper. DSH erbjuds vanligtvis genom universitet, och gr\u00e4nsen f\u00f6r godk\u00e4nt \u00e4r vanligtvis ganska h\u00f6g.<\/p>\r\n        <\/div>\r\n                    <div class=\"methodWraper\">\r\n            <div class=\"methodContent\">\r\n                <img decoding=\"async\" src=\"https:\/\/talkpal.ai\/wp-content\/uploads\/2025\/05\/check_icon.png\" alt=\"Checkmark Icon\">\r\n                <h3>\u00d6SD:<\/h3>\r\n            <\/div>\r\n            <p>\u00d6SD (\u00d6sterreichisches Sprachdiplom Deutsch): Ett \u00d6SD-certifikat ger ett internationellt erk\u00e4nt bevis p\u00e5 tyska spr\u00e5kkunskaper. Med olika examina f\u00f6r att tillgodose olika kunskapsniv\u00e5er \u00e4r det ett popul\u00e4rt val bland elever som vill ha en bred f\u00f6rst\u00e5else av det tyska spr\u00e5ket.<\/p>\r\n        <\/div>\r\n                    <div class=\"methodWraper\">\r\n            <div class=\"methodContent\">\r\n                <img decoding=\"async\" src=\"https:\/\/talkpal.ai\/wp-content\/uploads\/2025\/05\/check_icon.png\" alt=\"Checkmark Icon\">\r\n                <h3>telc:<\/h3>\r\n            <\/div>\r\n            <p>telc (de europeiska spr\u00e5kcertifikaten): Detta \u00e4r ett annat internationellt standardiserat system f\u00f6r att examinera spr\u00e5kkunskaper. telc erbjuder certifieringar f\u00f6r alla niv\u00e5er, fr\u00e5n A1 till C2. Fokus ligger p\u00e5 det dagliga livet och arbetsplatsscenarier, vilket g\u00f6r certifikatet s\u00e4rskilt anv\u00e4ndbart f\u00f6r dem som s\u00f6ker arbete i tysktalande l\u00e4nder.<\/p>\r\n        <\/div>\r\n    <\/div><\/div>\n","protected":false},"excerpt":{"rendered":"<p>Tyska spr\u00e5kcertifikat<\/p>\n","protected":false},"author":8,"featured_media":6257,"parent":0,"menu_order":0,"comment_status":"closed","ping_status":"closed","template":"simpleContentPage.php","meta":{"_acf_changed":false,"footnotes":""},"class_list":["post-89847","page","type-page","status-publish","has-post-thumbnail","hentry"],"acf":[],"yoast_head":"<!-- This site is optimized with the Yoast SEO Premium plugin v27.2 (Yoast SEO v27.2) - https:\/\/yoast.com\/product\/yoast-seo-premium-wordpress\/ -->\n<title>Tyska spr\u00e5kcertifikat - Talkpal<\/title>\n<meta name=\"description\" content=\"Tj\u00e4na erk\u00e4nda tyska spr\u00e5kcertifikat - validera dina f\u00e4rdigheter och p\u00e5skynda din karri\u00e4r!\" \/>\n<meta name=\"robots\" content=\"index, follow, max-snippet:-1, max-image-preview:large, max-video-preview:-1\" \/>\n<link rel=\"canonical\" href=\"https:\/\/talkpal.ai\/sv\/tyska-sprakcertifikat\/\" \/>\n<meta property=\"og:locale\" content=\"sv_SE\" \/>\n<meta property=\"og:type\" content=\"article\" \/>\n<meta property=\"og:title\" content=\"Tyska spr\u00e5kcertifikat\" \/>\n<meta property=\"og:description\" content=\"Tyska spr\u00e5kcertifikat\" \/>\n<meta property=\"og:url\" content=\"https:\/\/talkpal.ai\/sv\/tyska-sprakcertifikat\/\" \/>\n<meta property=\"og:site_name\" content=\"Talkpal\" \/>\n<meta property=\"article:publisher\" content=\"https:\/\/www.facebook.com\/profile.php?id=100090733639311\" \/>\n<meta property=\"article:modified_time\" content=\"2026-01-07T14:46:21+00:00\" \/>\n<meta property=\"og:image\" content=\"https:\/\/talkpal.ai\/wp-content\/uploads\/2023\/03\/germany.png\" \/>\n\t<meta property=\"og:image:width\" content=\"512\" \/>\n\t<meta property=\"og:image:height\" content=\"512\" \/>\n\t<meta property=\"og:image:type\" content=\"image\/png\" \/>\n<meta name=\"twitter:card\" content=\"summary_large_image\" \/>\n<meta name=\"twitter:site\" content=\"@talkpalai\" \/>\n<script type=\"application\/ld+json\" class=\"yoast-schema-graph\">{\"@context\":\"https:\/\/schema.org\",\"@graph\":[{\"@type\":\"WebPage\",\"@id\":\"https:\/\/talkpal.ai\/sv\/tyska-sprakcertifikat\/\",\"url\":\"https:\/\/talkpal.ai\/sv\/tyska-sprakcertifikat\/\",\"name\":\"Tyska spr\u00e5kcertifikat - Talkpal\",\"isPartOf\":{\"@id\":\"https:\/\/talkpal.ai\/sv\/#website\"},\"primaryImageOfPage\":{\"@id\":\"https:\/\/talkpal.ai\/sv\/tyska-sprakcertifikat\/#primaryimage\"},\"image\":{\"@id\":\"https:\/\/talkpal.ai\/sv\/tyska-sprakcertifikat\/#primaryimage\"},\"thumbnailUrl\":\"https:\/\/talkpal.ai\/wp-content\/uploads\/2023\/03\/germany.png\",\"datePublished\":\"2023-12-05T11:40:43+00:00\",\"dateModified\":\"2026-01-07T14:46:21+00:00\",\"description\":\"Tj\u00e4na erk\u00e4nda tyska spr\u00e5kcertifikat - validera dina f\u00e4rdigheter och p\u00e5skynda din karri\u00e4r!\",\"breadcrumb\":{\"@id\":\"https:\/\/talkpal.ai\/sv\/tyska-sprakcertifikat\/#breadcrumb\"},\"inLanguage\":\"sv-SE\",\"potentialAction\":[{\"@type\":\"ReadAction\",\"target\":[\"https:\/\/talkpal.ai\/sv\/tyska-sprakcertifikat\/\"]}]},{\"@type\":\"ImageObject\",\"inLanguage\":\"sv-SE\",\"@id\":\"https:\/\/talkpal.ai\/sv\/tyska-sprakcertifikat\/#primaryimage\",\"url\":\"https:\/\/talkpal.ai\/wp-content\/uploads\/2023\/03\/germany.png\",\"contentUrl\":\"https:\/\/talkpal.ai\/wp-content\/uploads\/2023\/03\/germany.png\",\"width\":512,\"height\":512,\"caption\":\"TalkPal AI learn German\"},{\"@type\":\"BreadcrumbList\",\"@id\":\"https:\/\/talkpal.ai\/sv\/tyska-sprakcertifikat\/#breadcrumb\",\"itemListElement\":[{\"@type\":\"ListItem\",\"position\":1,\"name\":\"Homepage\",\"item\":\"https:\/\/talkpal.ai\/sv\/\"},{\"@type\":\"ListItem\",\"position\":2,\"name\":\"Tyska spr\u00e5kcertifikat\"}]},{\"@type\":\"WebSite\",\"@id\":\"https:\/\/talkpal.ai\/sv\/#website\",\"url\":\"https:\/\/talkpal.ai\/sv\/\",\"name\":\"Talkpal\",\"description\":\"AI Language Learning\",\"publisher\":{\"@id\":\"https:\/\/talkpal.ai\/sv\/#organization\"},\"alternateName\":\"Talkpal AI\",\"potentialAction\":[{\"@type\":\"SearchAction\",\"target\":{\"@type\":\"EntryPoint\",\"urlTemplate\":\"https:\/\/talkpal.ai\/sv\/?s={search_term_string}\"},\"query-input\":{\"@type\":\"PropertyValueSpecification\",\"valueRequired\":true,\"valueName\":\"search_term_string\"}}],\"inLanguage\":\"sv-SE\"},{\"@type\":\"Organization\",\"@id\":\"https:\/\/talkpal.ai\/sv\/#organization\",\"name\":\"Talkpal, Inc.\",\"alternateName\":\"Talkpal AI\",\"url\":\"https:\/\/talkpal.ai\/sv\/\",\"logo\":{\"@type\":\"ImageObject\",\"inLanguage\":\"sv-SE\",\"@id\":\"https:\/\/talkpal.ai\/sv\/#\/schema\/logo\/image\/\",\"url\":\"https:\/\/talkpal.ai\/wp-content\/uploads\/2024\/03\/Talkpal-Logo-Icon.png\",\"contentUrl\":\"https:\/\/talkpal.ai\/wp-content\/uploads\/2024\/03\/Talkpal-Logo-Icon.png\",\"width\":2880,\"height\":2880,\"caption\":\"Talkpal, Inc.\"},\"image\":{\"@id\":\"https:\/\/talkpal.ai\/sv\/#\/schema\/logo\/image\/\"},\"sameAs\":[\"https:\/\/www.facebook.com\/profile.php?id=100090733639311\",\"https:\/\/x.com\/talkpalai\",\"https:\/\/www.linkedin.com\/company\/talkpal\/\",\"https:\/\/www.youtube.com\/@TalkPal\/\",\"https:\/\/www.tiktok.com\/@talkpal\",\"https:\/\/www.instagram.com\/talkpal_ai\/\",\"https:\/\/www.crunchbase.com\/organization\/talkpal-9cde\",\"https:\/\/www.g2.com\/products\/talkpal-for-business\/\",\"https:\/\/www.trustpilot.com\/review\/talkpal.ai\",\"https:\/\/www.capterra.com\/p\/10006800\/TalkPal\/\"],\"description\":\"Talkpal is a language learning web and mobile education app, powered by the latest AI technologies, that provides engaging experiences to its customers in many different languages to help them improve their language skills. Users can chat about unlimited amount of topics with the app and use other modes to practice their language learning.\",\"email\":\"support@talkpal.ai\",\"legalName\":\"Talkpal, Inc.\",\"foundingDate\":\"2023-04-03\",\"duns\":\"118989042\",\"numberOfEmployees\":{\"@type\":\"QuantitativeValue\",\"minValue\":\"11\",\"maxValue\":\"50\"},\"publishingPrinciples\":\"https:\/\/talkpal.ai\/publishing-principles\/\",\"actionableFeedbackPolicy\":\"https:\/\/talkpal.ai\/actionable-feedback-policy\/\",\"correctionsPolicy\":\"https:\/\/talkpal.ai\/corrections-policy\/\",\"ethicsPolicy\":\"https:\/\/talkpal.ai\/ethics-policy\/\",\"diversityPolicy\":\"https:\/\/talkpal.ai\/diversity-policy\/\",\"diversityStaffingReport\":\"https:\/\/talkpal.ai\/diversity-policy\/\"}]}<\/script>\n<!-- \/ Yoast SEO Premium plugin. -->","yoast_head_json":{"title":"Tyska spr\u00e5kcertifikat - Talkpal","description":"Tj\u00e4na erk\u00e4nda tyska spr\u00e5kcertifikat - validera dina f\u00e4rdigheter och p\u00e5skynda din karri\u00e4r!","robots":{"index":"index","follow":"follow","max-snippet":"max-snippet:-1","max-image-preview":"max-image-preview:large","max-video-preview":"max-video-preview:-1"},"canonical":"https:\/\/talkpal.ai\/sv\/tyska-sprakcertifikat\/","og_locale":"sv_SE","og_type":"article","og_title":"Tyska spr\u00e5kcertifikat","og_description":"Tyska spr\u00e5kcertifikat","og_url":"https:\/\/talkpal.ai\/sv\/tyska-sprakcertifikat\/","og_site_name":"Talkpal","article_publisher":"https:\/\/www.facebook.com\/profile.php?id=100090733639311","article_modified_time":"2026-01-07T14:46:21+00:00","og_image":[{"width":512,"height":512,"url":"https:\/\/talkpal.ai\/wp-content\/uploads\/2023\/03\/germany.png","type":"image\/png"}],"twitter_card":"summary_large_image","twitter_site":"@talkpalai","schema":{"@context":"https:\/\/schema.org","@graph":[{"@type":"WebPage","@id":"https:\/\/talkpal.ai\/sv\/tyska-sprakcertifikat\/","url":"https:\/\/talkpal.ai\/sv\/tyska-sprakcertifikat\/","name":"Tyska spr\u00e5kcertifikat - Talkpal","isPartOf":{"@id":"https:\/\/talkpal.ai\/sv\/#website"},"primaryImageOfPage":{"@id":"https:\/\/talkpal.ai\/sv\/tyska-sprakcertifikat\/#primaryimage"},"image":{"@id":"https:\/\/talkpal.ai\/sv\/tyska-sprakcertifikat\/#primaryimage"},"thumbnailUrl":"https:\/\/talkpal.ai\/wp-content\/uploads\/2023\/03\/germany.png","datePublished":"2023-12-05T11:40:43+00:00","dateModified":"2026-01-07T14:46:21+00:00","description":"Tj\u00e4na erk\u00e4nda tyska spr\u00e5kcertifikat - validera dina f\u00e4rdigheter och p\u00e5skynda din karri\u00e4r!","breadcrumb":{"@id":"https:\/\/talkpal.ai\/sv\/tyska-sprakcertifikat\/#breadcrumb"},"inLanguage":"sv-SE","potentialAction":[{"@type":"ReadAction","target":["https:\/\/talkpal.ai\/sv\/tyska-sprakcertifikat\/"]}]},{"@type":"ImageObject","inLanguage":"sv-SE","@id":"https:\/\/talkpal.ai\/sv\/tyska-sprakcertifikat\/#primaryimage","url":"https:\/\/talkpal.ai\/wp-content\/uploads\/2023\/03\/germany.png","contentUrl":"https:\/\/talkpal.ai\/wp-content\/uploads\/2023\/03\/germany.png","width":512,"height":512,"caption":"TalkPal AI learn German"},{"@type":"BreadcrumbList","@id":"https:\/\/talkpal.ai\/sv\/tyska-sprakcertifikat\/#breadcrumb","itemListElement":[{"@type":"ListItem","position":1,"name":"Homepage","item":"https:\/\/talkpal.ai\/sv\/"},{"@type":"ListItem","position":2,"name":"Tyska spr\u00e5kcertifikat"}]},{"@type":"WebSite","@id":"https:\/\/talkpal.ai\/sv\/#website","url":"https:\/\/talkpal.ai\/sv\/","name":"Talkpal","description":"AI Language Learning","publisher":{"@id":"https:\/\/talkpal.ai\/sv\/#organization"},"alternateName":"Talkpal AI","potentialAction":[{"@type":"SearchAction","target":{"@type":"EntryPoint","urlTemplate":"https:\/\/talkpal.ai\/sv\/?s={search_term_string}"},"query-input":{"@type":"PropertyValueSpecification","valueRequired":true,"valueName":"search_term_string"}}],"inLanguage":"sv-SE"},{"@type":"Organization","@id":"https:\/\/talkpal.ai\/sv\/#organization","name":"Talkpal, Inc.","alternateName":"Talkpal AI","url":"https:\/\/talkpal.ai\/sv\/","logo":{"@type":"ImageObject","inLanguage":"sv-SE","@id":"https:\/\/talkpal.ai\/sv\/#\/schema\/logo\/image\/","url":"https:\/\/talkpal.ai\/wp-content\/uploads\/2024\/03\/Talkpal-Logo-Icon.png","contentUrl":"https:\/\/talkpal.ai\/wp-content\/uploads\/2024\/03\/Talkpal-Logo-Icon.png","width":2880,"height":2880,"caption":"Talkpal, Inc."},"image":{"@id":"https:\/\/talkpal.ai\/sv\/#\/schema\/logo\/image\/"},"sameAs":["https:\/\/www.facebook.com\/profile.php?id=100090733639311","https:\/\/x.com\/talkpalai","https:\/\/www.linkedin.com\/company\/talkpal\/","https:\/\/www.youtube.com\/@TalkPal\/","https:\/\/www.tiktok.com\/@talkpal","https:\/\/www.instagram.com\/talkpal_ai\/","https:\/\/www.crunchbase.com\/organization\/talkpal-9cde","https:\/\/www.g2.com\/products\/talkpal-for-business\/","https:\/\/www.trustpilot.com\/review\/talkpal.ai","https:\/\/www.capterra.com\/p\/10006800\/TalkPal\/"],"description":"Talkpal is a language learning web and mobile education app, powered by the latest AI technologies, that provides engaging experiences to its customers in many different languages to help them improve their language skills. Users can chat about unlimited amount of topics with the app and use other modes to practice their language learning.","email":"support@talkpal.ai","legalName":"Talkpal, Inc.","foundingDate":"2023-04-03","duns":"118989042","numberOfEmployees":{"@type":"QuantitativeValue","minValue":"11","maxValue":"50"},"publishingPrinciples":"https:\/\/talkpal.ai\/publishing-principles\/","actionableFeedbackPolicy":"https:\/\/talkpal.ai\/actionable-feedback-policy\/","correctionsPolicy":"https:\/\/talkpal.ai\/corrections-policy\/","ethicsPolicy":"https:\/\/talkpal.ai\/ethics-policy\/","diversityPolicy":"https:\/\/talkpal.ai\/diversity-policy\/","diversityStaffingReport":"https:\/\/talkpal.ai\/diversity-policy\/"}]}},"_links":{"self":[{"href":"https:\/\/talkpal.ai\/sv\/wp-json\/wp\/v2\/pages\/89847","targetHints":{"allow":["GET"]}}],"collection":[{"href":"https:\/\/talkpal.ai\/sv\/wp-json\/wp\/v2\/pages"}],"about":[{"href":"https:\/\/talkpal.ai\/sv\/wp-json\/wp\/v2\/types\/page"}],"author":[{"embeddable":true,"href":"https:\/\/talkpal.ai\/sv\/wp-json\/wp\/v2\/users\/8"}],"replies":[{"embeddable":true,"href":"https:\/\/talkpal.ai\/sv\/wp-json\/wp\/v2\/comments?post=89847"}],"version-history":[{"count":0,"href":"https:\/\/talkpal.ai\/sv\/wp-json\/wp\/v2\/pages\/89847\/revisions"}],"wp:featuredmedia":[{"embeddable":true,"href":"https:\/\/talkpal.ai\/sv\/wp-json\/wp\/v2\/media\/6257"}],"wp:attachment":[{"href":"https:\/\/talkpal.ai\/sv\/wp-json\/wp\/v2\/media?parent=89847"}],"curies":[{"name":"wp","href":"https:\/\/api.w.org\/{rel}","templated":true}]}}