{"id":75222,"date":"2023-06-16T10:01:38","date_gmt":"2023-06-16T10:01:38","guid":{"rendered":"http:\/\/talkpal.ai\/svenska-grammatikovningar\/"},"modified":"2025-12-17T15:29:21","modified_gmt":"2025-12-17T15:29:21","slug":"svenska-grammatikovningar","status":"publish","type":"page","link":"https:\/\/talkpal.ai\/sv\/svenska-grammatikovningar\/","title":{"rendered":"Svenska grammatik\u00f6vningar"},"content":{"rendered":"\r\n\r\n\r\n<section class=\"languageChallengeSection\">\r\n    <div class=\"languageInfoWrapper\">\r\n        \r\n        <h1>Svenska grammatik\u00f6vningar<\/h1>\r\n        <p>\u00c4r du redo att f\u00f6rb\u00e4ttra din <a href=\"https:\/\/talkpal.ai\/learn-swedish\/\">svenska<\/a>? Att \u00f6va p\u00e5 grammatik \u00e4r ett bra s\u00e4tt att l\u00e4ra sig meningsbyggnad, verbformer och det svenska spr\u00e5kets unika m\u00f6nster. B\u00f6rja arbeta med <a href=\"https:\/\/talkpal.ai\/no\/laer-svensk\/\">svensk grammatik<\/a> idag och se dina kunskaper och ditt sj\u00e4lvf\u00f6rtroende v\u00e4xa f\u00f6r varje \u00f6vning!\n\n<\/p>\r\n\r\n                            <a class=\"getStartedHidden\" href=\"https:\/\/app.talkpal.ai\/sv\/signup?lng=\">Kom ig\u00e5ng<\/a>\r\n        \r\n    <\/div>\r\n\r\n    <figure>\r\n    <img decoding=\"async\" width=\"768\" height=\"768\" src=\"https:\/\/talkpal.ai\/wp-content\/uploads\/2023\/06\/swedish-768x768.png\" class=\"languageImage no-lazy\" alt=\"Default alt text\" fetchpriority=\"high\" sizes=\"(max-width: 768px) 150px, 768px\" srcset=\"https:\/\/talkpal.ai\/wp-content\/uploads\/2023\/06\/swedish-768x768.png 768w, https:\/\/talkpal.ai\/wp-content\/uploads\/2023\/06\/swedish-300x300.png 300w\" \/>\r\n    \r\n\r\n    <\/figure>\r\n\r\n            <a class=\"getStartedVisible\" href=\"https:\/\/app.talkpal.ai\/sv\/signup?lng=\">Kom ig\u00e5ng<\/a>\r\n    \r\n<\/section>\r\n\r\n\r\n<!-- <section class=\"grammarSection\">\r\n    <div class=\"grammarLinks\">\r\n        <a href=\"https:\/\/talkpal.ai\/sv\/exercise_language\/adjektiv-svensk-grammatik\/\">Adjektiv <\/a><a href=\"https:\/\/talkpal.ai\/sv\/exercise_language\/adverb-svensk-grammatik\/\">Adverb <\/a><a href=\"https:\/\/talkpal.ai\/sv\/exercise_language\/artiklar-svensk-grammatik\/\">Artiklar <\/a><a href=\"https:\/\/talkpal.ai\/sv\/exercise_language\/jamforelse-av-tempus-svensk-grammatik\/\">J\u00e4mf\u00f6relse av tempus <\/a><a href=\"https:\/\/talkpal.ai\/sv\/exercise_language\/meningsbyggnad-svensk-grammatik\/\">Meningsbyggnad <\/a><a href=\"https:\/\/talkpal.ai\/sv\/exercise_language\/prepositioner-svensk-grammatik\/\">Prepositioner <\/a><a href=\"https:\/\/talkpal.ai\/sv\/exercise_language\/pronomen-svensk-grammatik\/\">Pronomen <\/a><a href=\"https:\/\/talkpal.ai\/sv\/exercise_language\/substantiv-svensk-grammatik\/\">Substantiv <\/a><a href=\"https:\/\/talkpal.ai\/sv\/exercise_language\/tempus-indikativ-svensk-grammatik\/\">Tempus indikativ <\/a><a href=\"https:\/\/talkpal.ai\/sv\/exercise_language\/tempus-konjunktiv-svensk-grammatik\/\">Tempus konjunktiv <\/a><a href=\"https:\/\/talkpal.ai\/sv\/exercise_language\/verb-svensk-grammatik\/\">Verb <\/a>    <\/div>\r\n<\/section> -->\r\n\r\n\r\n\r\n\r\n        <section class=\"grammarSection\">\r\n            <div class=\"grammarLinks\">\r\n                <a href=\"https:\/\/talkpal.ai\/sv\/exercise_language\/adjektiv-svensk-grammatik\/\">Adjektiv <\/a><a href=\"https:\/\/talkpal.ai\/sv\/exercise_language\/adverb-svensk-grammatik\/\">Adverb <\/a><a href=\"https:\/\/talkpal.ai\/sv\/exercise_language\/artiklar-svensk-grammatik\/\">Artiklar <\/a><a href=\"https:\/\/talkpal.ai\/sv\/exercise_language\/jamforelse-av-tempus-svensk-grammatik\/\">J\u00e4mf\u00f6relse av tempus <\/a><a href=\"https:\/\/talkpal.ai\/sv\/exercise_language\/meningsbyggnad-svensk-grammatik\/\">Meningsbyggnad <\/a><a href=\"https:\/\/talkpal.ai\/sv\/exercise_language\/prepositioner-svensk-grammatik\/\">Prepositioner <\/a><a href=\"https:\/\/talkpal.ai\/sv\/exercise_language\/pronomen-svensk-grammatik\/\">Pronomen <\/a><a href=\"https:\/\/talkpal.ai\/sv\/exercise_language\/substantiv-svensk-grammatik\/\">Substantiv <\/a><a href=\"https:\/\/talkpal.ai\/sv\/exercise_language\/tempus-indikativ-svensk-grammatik\/\">Tempus indikativ <\/a><a href=\"https:\/\/talkpal.ai\/sv\/exercise_language\/tempus-konjunktiv-svensk-grammatik\/\">Tempus konjunktiv <\/a><a href=\"https:\/\/talkpal.ai\/sv\/exercise_language\/verb-svensk-grammatik\/\">Verb <\/a>            <\/div>\r\n        <\/section>\r\n<section class=\"promotionalBanner\">\r\n    <p class=\"promotionalText\">Det mest effektiva s\u00e4ttet att l\u00e4ra sig ett spr\u00e5k<\/p>\r\n    <a class=\"promotionalLink\" href=\"https:\/\/app.talkpal.ai\/sv\/signup?lng=\">Prova Talkpal gratis<\/a>\r\n<\/section>\n<div class=\"wp-block-group pageContainerStyle\"><div class=\"wp-block-group__inner-container is-layout-constrained wp-block-group-is-layout-constrained\">\n<h2 class=\"wp-block-heading\" id=\"h-swedish-grammar-topics\">\u00c4mnen i svensk grammatik<\/h2>\n\n\n\n<p>Att l\u00e4ra sig svenska, det officiella spr\u00e5ket i Sverige och ett av de officiella spr\u00e5ken i <a href=\"https:\/\/talkpal.ai\/locations\/language-courses-in-finland\/\">Finland<\/a>, kan vara en givande upplevelse. Det kommer inte bara att uts\u00e4tta dig f\u00f6r en rik kultur och historia, utan det kommer ocks\u00e5 att g\u00f6ra det l\u00e4ttare f\u00f6r dig att kommunicera med \u00f6ver 10 miljoner modersm\u00e5lstalare. F\u00f6r att kunna l\u00e4ra sig svenska p\u00e5 ett effektivt s\u00e4tt \u00e4r det viktigt att f\u00f6rst\u00e5 de olika grammatiska \u00e4mnena och hur de h\u00e4nger ihop med varandra. <a href=\"https:\/\/talkpal.ai\/culture\/how-do-i-use-den-har-and-det-har\/\">Den h\u00e4r<\/a> guiden ger dig en \u00f6versikt \u00f6ver viktiga svenska grammatik\u00e4mnen, organiserade i en sekvens som hj\u00e4lper dig att bygga upp dina spr\u00e5kkunskaper gradvis och effektivt.<\/p>\n\n\n\n<h3 class=\"wp-block-heading\" id=\"h-1-nouns\">1. Substantiv:<\/h3>\n\n\n\n<p>B\u00f6rja din svenska spr\u00e5kresa med att bekanta dig med substantiv eftersom de \u00e4r byggstenarna i <a href=\"https:\/\/talkpal.ai\/fr\/langues\/\">alla spr\u00e5k<\/a>. I svenskan har substantiv tv\u00e5 genus (vanligt och neutrum) som p\u00e5verkar de artiklar och adjektiv som anv\u00e4nds med dem. De har ocks\u00e5 singular- och pluralformer, s\u00e5v\u00e4l som best\u00e4mda och obest\u00e4mda former.<\/p>\n\n\n\n<h3 class=\"wp-block-heading\" id=\"h-2-articles\">2. Artiklar:<\/h3>\n\n\n\n<p>N\u00e4r du f\u00f6rst\u00e5r substantiv, g\u00e5 vidare till artiklar som \u00e4r viktiga f\u00f6r att best\u00e4mma ett substantivs k\u00f6n och antal. Svenskan har best\u00e4mda och obest\u00e4mda artiklar som \u00f6verensst\u00e4mmer med genus och numerus p\u00e5 det substantiv de modifierar.<\/p>\n\n\n\n<h3 class=\"wp-block-heading\" id=\"h-3-adjectives\">3. Adjektiv:<\/h3>\n\n\n\n<p>Adjektiv anv\u00e4nds f\u00f6r att beskriva substantiv och \u00f6verensst\u00e4mmer i genus, numerus och best\u00e4mdhet med substantivet de modifierar. Att l\u00e4ra sig adjektiv hj\u00e4lper dig att uttrycka mer komplexa id\u00e9er och beskrivningar p\u00e5 svenska.<\/p>\n\n\n\n<h3 class=\"wp-block-heading\" id=\"h-4-pronouns\">4. Pronomen:<\/h3>\n\n\n\n<p>Pronomen ers\u00e4tter substantiv i meningar och \u00e4r viktiga f\u00f6r att g\u00f6ra ditt tal mer flytande och naturligt. Svenskan har personliga, possessiva, reflexiva och relativa pronomen, var och en med sina egna regler f\u00f6r \u00f6verenskommelse och anv\u00e4ndning.<\/p>\n\n\n\n<h3 class=\"wp-block-heading\" id=\"h-5-verbs\">5. Verb:<\/h3>\n\n\n\n<p>Verb uttrycker handlingar, h\u00e4ndelser eller tillst\u00e5nd och \u00e4r en viktig del av alla spr\u00e5k. I svenskan b\u00f6js verb efter tempus och modus. B\u00f6rja med att l\u00e4ra dig presens indikativ, som \u00e4r den vanligaste och mest anv\u00e4ndbara formen.<\/p>\n\n\n\n<h3 class=\"wp-block-heading\" id=\"h-6-tenses-indicative\">6. Tempus v\u00e4gledande:<\/h3>\n\n\n\n<p>G\u00e5 vidare fr\u00e5n nutid, l\u00e4r dig d\u00e5tid och framtid i <a href=\"https:\/\/talkpal.ai\/sv\/grammar\/indikativ-stamning-och-letisk-grammatik\/\">indikativ st\u00e4mning<\/a>. Dessa g\u00f6r det m\u00f6jligt f\u00f6r dig att <a href=\"https:\/\/talkpal.ai\/locations\/language-courses-in-prata\/\">prata<\/a> om h\u00e4ndelser och handlingar som har h\u00e4nt eller kommer att h\u00e4nda, vilket ut\u00f6kar din f\u00f6rm\u00e5ga att kommunicera p\u00e5 svenska.<\/p>\n\n\n\n<h3 class=\"wp-block-heading\" id=\"h-7-tenses-subjunctive\">7. Tempus konjunktiv:<\/h3>\n\n\n\n<p>\u00c4ven om det \u00e4r mindre vanligt \u00e4n indikativen, anv\u00e4nds konjunktivmodus f\u00f6r att uttrycka hypotetiska eller os\u00e4kra h\u00e4ndelser. Att l\u00e4ra sig konjunktivformerna av verb kommer att f\u00f6rb\u00e4ttra din f\u00f6rm\u00e5ga att uttrycka mer nyanserade id\u00e9er.<\/p>\n\n\n\n<h3 class=\"wp-block-heading\" id=\"h-8-tense-comparison\">8. Sp\u00e4nd j\u00e4mf\u00f6relse:<\/h3>\n\n\n\n<p>Att f\u00f6rst\u00e5 hur man j\u00e4mf\u00f6r olika tempus g\u00f6r att du kan uttrycka mer komplexa id\u00e9er om tid och h\u00e4ndelser. Detta inkluderar att veta hur man anv\u00e4nder d\u00e5tid och framtid tillsammans, samt att f\u00f6rst\u00e5 hur olika tempus interagerar i komplexa meningar.<\/p>\n\n\n\n<h3 class=\"wp-block-heading\" id=\"h-9-adverbs\">9. Adverb:<\/h3>\n\n\n\n<p>Adverb modifierar verb, adjektiv eller andra adverb, vilket ger ytterligare information om handlingar eller egenskaper. Att l\u00e4ra sig svenska adverb hj\u00e4lper dig att uttrycka id\u00e9er mer exakt och effektivt.<\/p>\n\n\n\n<h3 class=\"wp-block-heading\" id=\"h-10-prepositions\">10. Prepositioner:<\/h3>\n\n\n\n<p>Prepositioner l\u00e4nkar substantiv, pronomen och fraser till andra ord i en mening och uttrycker relationer som plats, riktning och tid. Att beh\u00e4rska prepositioner \u00e4r grundl\u00e4ggande f\u00f6r att konstruera tydliga och meningsfulla meningar p\u00e5 svenska.<\/p>\n\n\n\n<h3 class=\"wp-block-heading\" id=\"h-11-sentence-structure\">11. Meningsbyggnad:<\/h3>\n\n\n\n<p>Slutligen, att f\u00f6rst\u00e5 de grundl\u00e4ggande reglerna f\u00f6r svensk meningsstruktur kommer att sammanf\u00f6ra alla tidigare grammatiska \u00e4mnen, vilket g\u00f6r att du kan skapa v\u00e4lformade meningar och uttrycka dig korrekt och effektivt p\u00e5 spr\u00e5ket.<\/p>\n<\/div><\/div>\n\r\n<section class=\"learnNavigationSection\">\r\n            \r\n        <a href=\"https:\/\/talkpal.ai\/sv\/lar-dig-svenska\/\">\r\n            <div class=\"learnNavigationWrapper\">\r\n                <div class=\"learnNavigationContent\">\r\n                    <img decoding=\"async\" src=\"https:\/\/talkpal.ai\/wp-content\/uploads\/2024\/08\/Swedish.jpg\" alt=\"Swedish Flag\">\r\n                    <div>\r\n                        <h4>Om Swedish Learning<\/h4>\r\n                        <p>Ta reda p\u00e5 allt om svensk grammatik.<\/p>\r\n                    <\/div>\r\n                <\/div>\r\n            <\/div>\r\n        <\/a>\r\n\r\n        \r\n        <a href=\"https:\/\/talkpal.ai\/sv\/svensk-grammatik\/\">\r\n            <div class=\"learnNavigationWrapper\">\r\n                <div class=\"learnNavigationContent\">\r\n                    <img decoding=\"async\" src=\"https:\/\/talkpal.ai\/wp-content\/uploads\/2024\/08\/Swedish.jpg\" alt=\"Swedish Flag\">\r\n                    <div>\r\n                        <h4>\u00d6vning i svensk grammatik<\/h4>\r\n                        <p>\u00d6va svensk grammatik.<\/p>\r\n                    <\/div>\r\n                <\/div>\r\n            <\/div>\r\n        <\/a>\r\n\r\n        \r\n        <a href=\"https:\/\/talkpal.ai\/vocabulary_language\/swedish\/\">\r\n            <div class=\"learnNavigationWrapper\">\r\n                <div class=\"learnNavigationContent\">\r\n                    <img decoding=\"async\" src=\"https:\/\/talkpal.ai\/wp-content\/uploads\/2024\/08\/Swedish.jpg\" alt=\"Swedish Flag\">\r\n                    <div>\r\n                        <h4>Svensk vokabul\u00e4r<\/h4>\r\n                        <p>Ut\u00f6ka ditt svenska ordf\u00f6rr\u00e5d.<\/p>\r\n                    <\/div>\r\n                <\/div>\r\n            <\/div>\r\n        <\/a>\r\n\r\n            <\/section>","protected":false},"excerpt":{"rendered":"<p>\u00c4mnen i svensk grammatik Att l\u00e4ra sig svenska, det officiella spr\u00e5ket i Sverige och ett av de officiella spr\u00e5ken i Finland, kan vara en givande upplevelse. Det kommer inte bara att uts\u00e4tta dig f\u00f6r en rik kultur och historia, utan det kommer ocks\u00e5 att g\u00f6ra det l\u00e4ttare f\u00f6r dig att kommunicera med \u00f6ver 10 miljoner [&hellip;]<\/p>\n","protected":false},"author":6,"featured_media":11618,"parent":0,"menu_order":0,"comment_status":"closed","ping_status":"closed","template":"LearningContentPage.php","meta":{"_acf_changed":false,"footnotes":""},"class_list":["post-75222","page","type-page","status-publish","has-post-thumbnail","hentry"],"acf":[],"yoast_head":"<!-- This site is optimized with the Yoast SEO Premium plugin v27.2 (Yoast SEO v27.2) - https:\/\/yoast.com\/product\/yoast-seo-premium-wordpress\/ -->\n<title>Svenska grammatik\u00f6vningar - Talkpal<\/title>\n<meta name=\"description\" content=\"F\u00f6rb\u00e4ttra dina spr\u00e5kkunskaper med engagerande svenska grammatik\u00f6vningar som \u00e4r utformade f\u00f6r alla niv\u00e5er av inl\u00e4rare.\" \/>\n<meta name=\"robots\" content=\"index, follow, max-snippet:-1, max-image-preview:large, max-video-preview:-1\" \/>\n<link rel=\"canonical\" href=\"https:\/\/talkpal.ai\/sv\/svenska-grammatikovningar\/\" \/>\n<meta property=\"og:locale\" content=\"sv_SE\" \/>\n<meta property=\"og:type\" content=\"article\" \/>\n<meta property=\"og:title\" content=\"Svenska grammatik\u00f6vningar\" \/>\n<meta property=\"og:description\" content=\"\u00c4mnen i svensk grammatik Att l\u00e4ra sig svenska, det officiella spr\u00e5ket i Sverige och ett av de officiella spr\u00e5ken i Finland, kan vara en givande\" \/>\n<meta property=\"og:url\" content=\"https:\/\/talkpal.ai\/sv\/svenska-grammatikovningar\/\" \/>\n<meta property=\"og:site_name\" content=\"Talkpal\" \/>\n<meta property=\"article:publisher\" content=\"https:\/\/www.facebook.com\/profile.php?id=100090733639311\" \/>\n<meta property=\"article:modified_time\" content=\"2025-12-17T15:29:21+00:00\" \/>\n<meta property=\"og:image\" content=\"https:\/\/talkpal.ai\/wp-content\/uploads\/2023\/04\/sweden.png\" \/>\n\t<meta property=\"og:image:width\" content=\"512\" \/>\n\t<meta property=\"og:image:height\" content=\"512\" \/>\n\t<meta property=\"og:image:type\" content=\"image\/png\" \/>\n<meta name=\"twitter:card\" content=\"summary_large_image\" \/>\n<meta name=\"twitter:site\" content=\"@talkpalai\" \/>\n<meta name=\"twitter:label1\" content=\"Ber\u00e4knad l\u00e4stid\" \/>\n\t<meta name=\"twitter:data1\" content=\"3 minuter\" \/>\n<script type=\"application\/ld+json\" class=\"yoast-schema-graph\">{\"@context\":\"https:\/\/schema.org\",\"@graph\":[{\"@type\":\"WebPage\",\"@id\":\"https:\/\/talkpal.ai\/sv\/svenska-grammatikovningar\/\",\"url\":\"https:\/\/talkpal.ai\/sv\/svenska-grammatikovningar\/\",\"name\":\"Svenska grammatik\u00f6vningar - Talkpal\",\"isPartOf\":{\"@id\":\"https:\/\/talkpal.ai\/sv\/#website\"},\"primaryImageOfPage\":{\"@id\":\"https:\/\/talkpal.ai\/sv\/svenska-grammatikovningar\/#primaryimage\"},\"image\":{\"@id\":\"https:\/\/talkpal.ai\/sv\/svenska-grammatikovningar\/#primaryimage\"},\"thumbnailUrl\":\"https:\/\/talkpal.ai\/wp-content\/uploads\/2023\/04\/sweden.png\",\"datePublished\":\"2023-06-16T10:01:38+00:00\",\"dateModified\":\"2025-12-17T15:29:21+00:00\",\"description\":\"F\u00f6rb\u00e4ttra dina spr\u00e5kkunskaper med engagerande svenska grammatik\u00f6vningar som \u00e4r utformade f\u00f6r alla niv\u00e5er av inl\u00e4rare.\",\"breadcrumb\":{\"@id\":\"https:\/\/talkpal.ai\/sv\/svenska-grammatikovningar\/#breadcrumb\"},\"inLanguage\":\"sv-SE\",\"potentialAction\":[{\"@type\":\"ReadAction\",\"target\":[\"https:\/\/talkpal.ai\/sv\/svenska-grammatikovningar\/\"]}]},{\"@type\":\"ImageObject\",\"inLanguage\":\"sv-SE\",\"@id\":\"https:\/\/talkpal.ai\/sv\/svenska-grammatikovningar\/#primaryimage\",\"url\":\"https:\/\/talkpal.ai\/wp-content\/uploads\/2023\/04\/sweden.png\",\"contentUrl\":\"https:\/\/talkpal.ai\/wp-content\/uploads\/2023\/04\/sweden.png\",\"width\":512,\"height\":512},{\"@type\":\"BreadcrumbList\",\"@id\":\"https:\/\/talkpal.ai\/sv\/svenska-grammatikovningar\/#breadcrumb\",\"itemListElement\":[{\"@type\":\"ListItem\",\"position\":1,\"name\":\"Homepage\",\"item\":\"https:\/\/talkpal.ai\/sv\/\"},{\"@type\":\"ListItem\",\"position\":2,\"name\":\"Svenska grammatik\u00f6vningar\"}]},{\"@type\":\"WebSite\",\"@id\":\"https:\/\/talkpal.ai\/sv\/#website\",\"url\":\"https:\/\/talkpal.ai\/sv\/\",\"name\":\"Talkpal\",\"description\":\"AI Language Learning\",\"publisher\":{\"@id\":\"https:\/\/talkpal.ai\/sv\/#organization\"},\"alternateName\":\"Talkpal AI\",\"potentialAction\":[{\"@type\":\"SearchAction\",\"target\":{\"@type\":\"EntryPoint\",\"urlTemplate\":\"https:\/\/talkpal.ai\/sv\/?s={search_term_string}\"},\"query-input\":{\"@type\":\"PropertyValueSpecification\",\"valueRequired\":true,\"valueName\":\"search_term_string\"}}],\"inLanguage\":\"sv-SE\"},{\"@type\":\"Organization\",\"@id\":\"https:\/\/talkpal.ai\/sv\/#organization\",\"name\":\"Talkpal, Inc.\",\"alternateName\":\"Talkpal AI\",\"url\":\"https:\/\/talkpal.ai\/sv\/\",\"logo\":{\"@type\":\"ImageObject\",\"inLanguage\":\"sv-SE\",\"@id\":\"https:\/\/talkpal.ai\/sv\/#\/schema\/logo\/image\/\",\"url\":\"https:\/\/talkpal.ai\/wp-content\/uploads\/2024\/03\/Talkpal-Logo-Icon.png\",\"contentUrl\":\"https:\/\/talkpal.ai\/wp-content\/uploads\/2024\/03\/Talkpal-Logo-Icon.png\",\"width\":2880,\"height\":2880,\"caption\":\"Talkpal, Inc.\"},\"image\":{\"@id\":\"https:\/\/talkpal.ai\/sv\/#\/schema\/logo\/image\/\"},\"sameAs\":[\"https:\/\/www.facebook.com\/profile.php?id=100090733639311\",\"https:\/\/x.com\/talkpalai\",\"https:\/\/www.linkedin.com\/company\/talkpal\/\",\"https:\/\/www.youtube.com\/@TalkPal\/\",\"https:\/\/www.tiktok.com\/@talkpal\",\"https:\/\/www.instagram.com\/talkpal_ai\/\",\"https:\/\/www.crunchbase.com\/organization\/talkpal-9cde\",\"https:\/\/www.g2.com\/products\/talkpal-for-business\/\",\"https:\/\/www.trustpilot.com\/review\/talkpal.ai\",\"https:\/\/www.capterra.com\/p\/10006800\/TalkPal\/\"],\"description\":\"Talkpal is a language learning web and mobile education app, powered by the latest AI technologies, that provides engaging experiences to its customers in many different languages to help them improve their language skills. Users can chat about unlimited amount of topics with the app and use other modes to practice their language learning.\",\"email\":\"support@talkpal.ai\",\"legalName\":\"Talkpal, Inc.\",\"foundingDate\":\"2023-04-03\",\"duns\":\"118989042\",\"numberOfEmployees\":{\"@type\":\"QuantitativeValue\",\"minValue\":\"11\",\"maxValue\":\"50\"},\"publishingPrinciples\":\"https:\/\/talkpal.ai\/publishing-principles\/\",\"actionableFeedbackPolicy\":\"https:\/\/talkpal.ai\/actionable-feedback-policy\/\",\"correctionsPolicy\":\"https:\/\/talkpal.ai\/corrections-policy\/\",\"ethicsPolicy\":\"https:\/\/talkpal.ai\/ethics-policy\/\",\"diversityPolicy\":\"https:\/\/talkpal.ai\/diversity-policy\/\",\"diversityStaffingReport\":\"https:\/\/talkpal.ai\/diversity-policy\/\"}]}<\/script>\n<!-- \/ Yoast SEO Premium plugin. -->","yoast_head_json":{"title":"Svenska grammatik\u00f6vningar - Talkpal","description":"F\u00f6rb\u00e4ttra dina spr\u00e5kkunskaper med engagerande svenska grammatik\u00f6vningar som \u00e4r utformade f\u00f6r alla niv\u00e5er av inl\u00e4rare.","robots":{"index":"index","follow":"follow","max-snippet":"max-snippet:-1","max-image-preview":"max-image-preview:large","max-video-preview":"max-video-preview:-1"},"canonical":"https:\/\/talkpal.ai\/sv\/svenska-grammatikovningar\/","og_locale":"sv_SE","og_type":"article","og_title":"Svenska grammatik\u00f6vningar","og_description":"\u00c4mnen i svensk grammatik Att l\u00e4ra sig svenska, det officiella spr\u00e5ket i Sverige och ett av de officiella spr\u00e5ken i Finland, kan vara en givande","og_url":"https:\/\/talkpal.ai\/sv\/svenska-grammatikovningar\/","og_site_name":"Talkpal","article_publisher":"https:\/\/www.facebook.com\/profile.php?id=100090733639311","article_modified_time":"2025-12-17T15:29:21+00:00","og_image":[{"width":512,"height":512,"url":"https:\/\/talkpal.ai\/wp-content\/uploads\/2023\/04\/sweden.png","type":"image\/png"}],"twitter_card":"summary_large_image","twitter_site":"@talkpalai","twitter_misc":{"Ber\u00e4knad l\u00e4stid":"3 minuter"},"schema":{"@context":"https:\/\/schema.org","@graph":[{"@type":"WebPage","@id":"https:\/\/talkpal.ai\/sv\/svenska-grammatikovningar\/","url":"https:\/\/talkpal.ai\/sv\/svenska-grammatikovningar\/","name":"Svenska grammatik\u00f6vningar - Talkpal","isPartOf":{"@id":"https:\/\/talkpal.ai\/sv\/#website"},"primaryImageOfPage":{"@id":"https:\/\/talkpal.ai\/sv\/svenska-grammatikovningar\/#primaryimage"},"image":{"@id":"https:\/\/talkpal.ai\/sv\/svenska-grammatikovningar\/#primaryimage"},"thumbnailUrl":"https:\/\/talkpal.ai\/wp-content\/uploads\/2023\/04\/sweden.png","datePublished":"2023-06-16T10:01:38+00:00","dateModified":"2025-12-17T15:29:21+00:00","description":"F\u00f6rb\u00e4ttra dina spr\u00e5kkunskaper med engagerande svenska grammatik\u00f6vningar som \u00e4r utformade f\u00f6r alla niv\u00e5er av inl\u00e4rare.","breadcrumb":{"@id":"https:\/\/talkpal.ai\/sv\/svenska-grammatikovningar\/#breadcrumb"},"inLanguage":"sv-SE","potentialAction":[{"@type":"ReadAction","target":["https:\/\/talkpal.ai\/sv\/svenska-grammatikovningar\/"]}]},{"@type":"ImageObject","inLanguage":"sv-SE","@id":"https:\/\/talkpal.ai\/sv\/svenska-grammatikovningar\/#primaryimage","url":"https:\/\/talkpal.ai\/wp-content\/uploads\/2023\/04\/sweden.png","contentUrl":"https:\/\/talkpal.ai\/wp-content\/uploads\/2023\/04\/sweden.png","width":512,"height":512},{"@type":"BreadcrumbList","@id":"https:\/\/talkpal.ai\/sv\/svenska-grammatikovningar\/#breadcrumb","itemListElement":[{"@type":"ListItem","position":1,"name":"Homepage","item":"https:\/\/talkpal.ai\/sv\/"},{"@type":"ListItem","position":2,"name":"Svenska grammatik\u00f6vningar"}]},{"@type":"WebSite","@id":"https:\/\/talkpal.ai\/sv\/#website","url":"https:\/\/talkpal.ai\/sv\/","name":"Talkpal","description":"AI Language Learning","publisher":{"@id":"https:\/\/talkpal.ai\/sv\/#organization"},"alternateName":"Talkpal AI","potentialAction":[{"@type":"SearchAction","target":{"@type":"EntryPoint","urlTemplate":"https:\/\/talkpal.ai\/sv\/?s={search_term_string}"},"query-input":{"@type":"PropertyValueSpecification","valueRequired":true,"valueName":"search_term_string"}}],"inLanguage":"sv-SE"},{"@type":"Organization","@id":"https:\/\/talkpal.ai\/sv\/#organization","name":"Talkpal, Inc.","alternateName":"Talkpal AI","url":"https:\/\/talkpal.ai\/sv\/","logo":{"@type":"ImageObject","inLanguage":"sv-SE","@id":"https:\/\/talkpal.ai\/sv\/#\/schema\/logo\/image\/","url":"https:\/\/talkpal.ai\/wp-content\/uploads\/2024\/03\/Talkpal-Logo-Icon.png","contentUrl":"https:\/\/talkpal.ai\/wp-content\/uploads\/2024\/03\/Talkpal-Logo-Icon.png","width":2880,"height":2880,"caption":"Talkpal, Inc."},"image":{"@id":"https:\/\/talkpal.ai\/sv\/#\/schema\/logo\/image\/"},"sameAs":["https:\/\/www.facebook.com\/profile.php?id=100090733639311","https:\/\/x.com\/talkpalai","https:\/\/www.linkedin.com\/company\/talkpal\/","https:\/\/www.youtube.com\/@TalkPal\/","https:\/\/www.tiktok.com\/@talkpal","https:\/\/www.instagram.com\/talkpal_ai\/","https:\/\/www.crunchbase.com\/organization\/talkpal-9cde","https:\/\/www.g2.com\/products\/talkpal-for-business\/","https:\/\/www.trustpilot.com\/review\/talkpal.ai","https:\/\/www.capterra.com\/p\/10006800\/TalkPal\/"],"description":"Talkpal is a language learning web and mobile education app, powered by the latest AI technologies, that provides engaging experiences to its customers in many different languages to help them improve their language skills. Users can chat about unlimited amount of topics with the app and use other modes to practice their language learning.","email":"support@talkpal.ai","legalName":"Talkpal, Inc.","foundingDate":"2023-04-03","duns":"118989042","numberOfEmployees":{"@type":"QuantitativeValue","minValue":"11","maxValue":"50"},"publishingPrinciples":"https:\/\/talkpal.ai\/publishing-principles\/","actionableFeedbackPolicy":"https:\/\/talkpal.ai\/actionable-feedback-policy\/","correctionsPolicy":"https:\/\/talkpal.ai\/corrections-policy\/","ethicsPolicy":"https:\/\/talkpal.ai\/ethics-policy\/","diversityPolicy":"https:\/\/talkpal.ai\/diversity-policy\/","diversityStaffingReport":"https:\/\/talkpal.ai\/diversity-policy\/"}]}},"_links":{"self":[{"href":"https:\/\/talkpal.ai\/sv\/wp-json\/wp\/v2\/pages\/75222","targetHints":{"allow":["GET"]}}],"collection":[{"href":"https:\/\/talkpal.ai\/sv\/wp-json\/wp\/v2\/pages"}],"about":[{"href":"https:\/\/talkpal.ai\/sv\/wp-json\/wp\/v2\/types\/page"}],"author":[{"embeddable":true,"href":"https:\/\/talkpal.ai\/sv\/wp-json\/wp\/v2\/users\/6"}],"replies":[{"embeddable":true,"href":"https:\/\/talkpal.ai\/sv\/wp-json\/wp\/v2\/comments?post=75222"}],"version-history":[{"count":0,"href":"https:\/\/talkpal.ai\/sv\/wp-json\/wp\/v2\/pages\/75222\/revisions"}],"wp:featuredmedia":[{"embeddable":true,"href":"https:\/\/talkpal.ai\/sv\/wp-json\/wp\/v2\/media\/11618"}],"wp:attachment":[{"href":"https:\/\/talkpal.ai\/sv\/wp-json\/wp\/v2\/media?parent=75222"}],"curies":[{"name":"wp","href":"https:\/\/api.w.org\/{rel}","templated":true}]}}