{"id":75218,"date":"2023-05-14T13:53:07","date_gmt":"2023-05-14T13:53:07","guid":{"rendered":"http:\/\/talkpal.ai\/svensk-grammatik\/"},"modified":"2025-12-11T16:31:02","modified_gmt":"2025-12-11T16:31:02","slug":"svensk-grammatik","status":"publish","type":"page","link":"https:\/\/talkpal.ai\/sv\/svensk-grammatik\/","title":{"rendered":"Svensk grammatik"},"content":{"rendered":"\r\n\r\n\r\n<section class=\"languageChallengeSection\">\r\n    <div class=\"languageInfoWrapper\">\r\n        \r\n        <h1>Svensk grammatik<\/h1>\r\n        <p>Uppt\u00e4ck det <a href=\"https:\/\/talkpal.ai\/learn-swedish\/\">svenska<\/a> spr\u00e5kets sk\u00f6nhet genom att beh\u00e4rska dess grundl\u00e4ggande grammatikregler. En gedigen f\u00f6rst\u00e5else f\u00f6r <a href=\"https:\/\/talkpal.ai\/no\/laer-svensk\/\">svensk grammatik<\/a> g\u00f6r att du kan kommunicera med sj\u00e4lvf\u00f6rtroende och ta del av den svenska kulturen. B\u00f6rja l\u00e4ra dig <a href=\"https:\/\/talkpal.ai\/learn-swedish\/\">svensk<\/a> <a href=\"https:\/\/talkpal.ai\/fr\/les\/\">grammatik<\/a> idag och ta ditt f\u00f6rsta steg mot flytande spr\u00e5k!<\/p>\r\n\r\n                            <a class=\"getStartedHidden\" href=\"https:\/\/app.talkpal.ai\/sv\/signup?lng=\">Kom ig\u00e5ng<\/a>\r\n        \r\n    <\/div>\r\n\r\n    <figure>\r\n    <img decoding=\"async\" width=\"768\" height=\"768\" src=\"https:\/\/talkpal.ai\/wp-content\/uploads\/2023\/06\/swedish-768x768.png\" class=\"languageImage no-lazy\" alt=\"Default alt text\" fetchpriority=\"high\" sizes=\"(max-width: 768px) 150px, 768px\" srcset=\"https:\/\/talkpal.ai\/wp-content\/uploads\/2023\/06\/swedish-768x768.png 768w, https:\/\/talkpal.ai\/wp-content\/uploads\/2023\/06\/swedish-300x300.png 300w\" \/>\r\n    \r\n\r\n    <\/figure>\r\n\r\n            <a class=\"getStartedVisible\" href=\"https:\/\/app.talkpal.ai\/sv\/signup?lng=\">Kom ig\u00e5ng<\/a>\r\n    \r\n<\/section>\r\n        <section class=\"grammarSection\">\r\n            <div class=\"grammarLinks\">\r\n                <a href=\"https:\/\/talkpal.ai\/sv\/language\/adjektiv-svensk-grammatik\/\">Adjektiv <\/a><a href=\"https:\/\/talkpal.ai\/sv\/language\/adverb-svensk-grammatik\/\">Adverb <\/a><a href=\"https:\/\/talkpal.ai\/sv\/language\/artiklar-svensk-grammatik\/\">Artiklar <\/a><a href=\"https:\/\/talkpal.ai\/sv\/language\/jamforelse-av-tempus-svensk-grammatik\/\">J\u00e4mf\u00f6relse av tempus <\/a><a href=\"https:\/\/talkpal.ai\/sv\/language\/meningsbyggnad-svensk-grammatik\/\">Meningsbyggnad <\/a><a href=\"https:\/\/talkpal.ai\/sv\/language\/prepositioner-svensk-grammatik\/\">Prepositioner <\/a><a href=\"https:\/\/talkpal.ai\/sv\/language\/pronomen-svensk-grammatik\/\">Pronomen <\/a><a href=\"https:\/\/talkpal.ai\/sv\/language\/substantiv-svensk-grammatik\/\">Substantiv <\/a><a href=\"https:\/\/talkpal.ai\/sv\/language\/tempus-indikativ-svensk-grammatik\/\">Tempus indikativ <\/a><a href=\"https:\/\/talkpal.ai\/sv\/language\/tempus-konjunktiv-svensk-grammatik\/\">Tempus konjunktiv <\/a><a href=\"https:\/\/talkpal.ai\/sv\/language\/verb-svensk-grammatik\/\">Verb <\/a>            <\/div>\r\n        <\/section>\r\n    <section class=\"promotionalBanner\">\r\n    <p class=\"promotionalText\">Det mest effektiva s\u00e4ttet att l\u00e4ra sig ett spr\u00e5k<\/p>\r\n    <a class=\"promotionalLink\" href=\"https:\/\/app.talkpal.ai\/sv\/signup?lng=\">Prova Talkpal gratis<\/a>\r\n<\/section>\n<div class=\"wp-block-group pageContainerStyle\"><div class=\"wp-block-group__inner-container is-layout-constrained wp-block-group-is-layout-constrained\">\n<h2 class=\"wp-block-heading\" id=\"h-demystifying-swedish-grammar-a-comprehensive-guide-to-master-its-rules-and-nuances\">Avmystifiera svensk grammatik: En omfattande guide f\u00f6r att beh\u00e4rska dess regler och nyanser<\/h2>\n\n\n\n<p>Svenska, som <a href=\"https:\/\/talkpal.ai\/locations\/language-courses-in-talas\/\">talas<\/a> av cirka 10 miljoner m\u00e4nniskor, \u00e4r ett rikt och melodiskt spr\u00e5k som tillh\u00f6r den nordgermanska spr\u00e5kfamiljen. \u00c4ven om svensk grammatik \u00e4r relativt okomplicerad j\u00e4mf\u00f6rt med vissa andra spr\u00e5k, \u00e4r det viktigt att f\u00f6rst\u00e5 dess regler och struktur f\u00f6r att f\u00f6rb\u00e4ttra dina spr\u00e5kkunskaper. I <a href=\"https:\/\/talkpal.ai\/culture\/how-do-i-use-den-har-and-det-har\/\">den h\u00e4r<\/a> artikeln guidar vi dig genom de grundl\u00e4ggande aspekterna av svensk grammatik och ger dig anv\u00e4ndbara tips f\u00f6r att f\u00f6rb\u00e4ttra dina kunskaper i <a href=\"https:\/\/talkpal.ai\/pt-pt\/aprender-sueco\/\">svenska spr\u00e5ket<\/a>.<\/p>\n\n\n\n<h3 class=\"wp-block-heading\" id=\"h-essential-components-of-swedish-grammar\">V\u00e4sentliga komponenter i svensk grammatik:<\/h3>\n\n\n\n<p>Svensk grammatik har likheter med <a href=\"https:\/\/talkpal.ai\/da\/grammar\/korte-svar-i-engelsk-grammatik\/\">engelsk grammatik<\/a>, vilket g\u00f6r den l\u00e4ttare f\u00f6r engelsktalande att ta till sig. H\u00e4r \u00e4r n\u00e5gra viktiga aspekter av svensk grammatik som \u00e4r v\u00e4rda att bekanta dig med:<\/p>\n\n\n\n<p><strong>1. Substantiv<\/strong> : Svenska substantiv delas in i tv\u00e5 grammatiska genus: vanligt (en) och neutrum (ett). Varje substantiv tillh\u00f6r en av dessa kategorier, vilket \u00e4r viktigt att t\u00e4nka p\u00e5 n\u00e4r man anv\u00e4nder obest\u00e4mda och best\u00e4mda artiklar. Svenska substantiv har ocks\u00e5 pluralformer, med flera distinkta m\u00f6nster att komma ih\u00e5g.<\/p>\n\n\n\n<p><strong>2. Adjektiv:<\/strong> Adjektiv i svenskan \u00f6verensst\u00e4mmer med substantivets k\u00f6n. Beroende p\u00e5 substantivets genus finns det tre former av adjektiv: positiv, komparativ och superlativ. Adjektiv \u00f6verensst\u00e4mmer ocks\u00e5 i numerus (singular eller plural).<\/p>\n\n\n\n<p><strong>3. Verb:<\/strong> Svenska verb delas in i fyra grupper, var och en med sitt b\u00f6jningsm\u00f6nster. Verben b\u00f6js utifr\u00e5n tempus (nutid, d\u00e5tid eller framtid) men inte utifr\u00e5n subjektet, som i engelskan. I st\u00e4llet f\u00f6rblir de svenska verbformerna konsekventa oavsett subjekt. Dessutom har svenska verb inte kontinuerliga former (dvs. -ing) som i svenskan.<\/p>\n\n\n\n<p><strong>4. Meningsbyggnad: Svensk meningsbyggnad<\/strong> \u00e4r typiskt subjekt-verb-objekt (SVO), ungef\u00e4r som engelska. Svenskan anv\u00e4nder dock ofta ordf\u00f6ljdsregeln V2, d\u00e4r verbet f\u00f6rekommer i andra positionen i deklarativa meningar och fr\u00e5gor.<\/p>\n\n\n\n<h3 class=\"wp-block-heading\" id=\"h-tips-for-learning-swedish-grammar\">Tips f\u00f6r att l\u00e4ra sig svensk grammatik:<\/h3>\n\n\n\n<p>F\u00f6r att g\u00f6ra din svenska grammatikinl\u00e4rning smidigare, h\u00e4r \u00e4r n\u00e5gra praktiska tips att f\u00f6lja:<\/p>\n\n\n\n<p><strong>1. \u00d6va regelbundet:<\/strong> Konsekvens \u00e4r nyckeln. Avs\u00e4tt tid varje dag eller vecka f\u00f6r att \u00f6va grammatik\u00f6vningar, l\u00e4sa och skriva p\u00e5 svenska.<\/p>\n\n\n\n<p><strong>2. Anv\u00e4nd inhemska resurser:<\/strong> F\u00f6rdjupa dig i inhemskt svenskt material som litteratur, nyhetsartiklar och podcasts. Detta kommer inte bara att hj\u00e4lpa dig att f\u00f6rst\u00e5 svensk grammatik i sitt sammanhang utan ocks\u00e5 f\u00f6rb\u00e4ttra din l\u00e4s- och lyssningsf\u00f6rm\u00e5ga.<\/p>\n\n\n\n<p><strong>3. L\u00e4r dig substantivgenus och plural:<\/strong> Att memorera genus (en eller ett) och pluralformer av svenska substantiv \u00e4r avg\u00f6rande. Att \u00f6va \u00f6ver tid kommer s\u00e5 sm\u00e5ningom att hj\u00e4lpa dig att internalisera dessa regler.<\/p>\n\n\n\n<p><strong>4. F\u00e5 kontakt med modersm\u00e5lstalare:<\/strong> Genom att delta i konversationer med personer som har svenska som modersm\u00e5l kan du \u00f6va p\u00e5 grammatik och f\u00e5 v\u00e4rdefull feedback. \u00d6verv\u00e4g att g\u00e5 med i spr\u00e5kutbytesgrupper eller onlineforum f\u00f6r att f\u00e5 kontakt med svensktalande personer.<\/p>\n\n\n\n<p><strong>5. Var t\u00e5lmodig och ih\u00e4rdig:<\/strong> Kom ih\u00e5g att grammatik \u00e4r en process. H\u00e5ll dig engagerad, forts\u00e4tt \u00f6va och fira framsteg p\u00e5 v\u00e4gen.<\/p>\n\n\n\n<h2 class=\"wp-block-heading\" id=\"h-conclusion\">Slutsats:<\/h2>\n\n\n\n<p>Svensk grammatik, \u00e4ven om den kan verka komplex, kan beh\u00e4rskas med engagemang och en f\u00f6rst\u00e5else f\u00f6r dess v\u00e4sentliga komponenter. Genom att f\u00f6lja v\u00e5ra f\u00f6rslag och f\u00f6rdjupa dig i spr\u00e5ket kommer du att se en stadig f\u00f6rb\u00e4ttring av dina kunskaper i svenska. Anta utmaningen och njut av resan mot svensk grammatik!<\/p>\n<\/div><\/div>\n\r\n<section class=\"learnNavigationSection\">\r\n            \r\n        <a href=\"https:\/\/talkpal.ai\/sv\/lar-dig-svenska\/\">\r\n            <div class=\"learnNavigationWrapper\">\r\n                <div class=\"learnNavigationContent\">\r\n                    <img decoding=\"async\" src=\"https:\/\/talkpal.ai\/wp-content\/uploads\/2024\/08\/Swedish.jpg\" alt=\"Swedish Flag\">\r\n                    <div>\r\n                        <h4>Om Swedish Learning<\/h4>\r\n                        <p>Ta reda p\u00e5 allt om svensk grammatik.<\/p>\r\n                    <\/div>\r\n                <\/div>\r\n            <\/div>\r\n        <\/a>\r\n\r\n        \r\n        <a href=\"https:\/\/talkpal.ai\/sv\/svenska-grammatikovningar\/\">\r\n            <div class=\"learnNavigationWrapper\">\r\n                <div class=\"learnNavigationContent\">\r\n                    <img decoding=\"async\" src=\"https:\/\/talkpal.ai\/wp-content\/uploads\/2024\/08\/Swedish.jpg\" alt=\"Swedish Flag\">\r\n                    <div>\r\n                        <h4>\u00d6vning i svensk grammatik<\/h4>\r\n                        <p>\u00d6va svensk grammatik.<\/p>\r\n                    <\/div>\r\n                <\/div>\r\n            <\/div>\r\n        <\/a>\r\n\r\n        \r\n        <a href=\"https:\/\/talkpal.ai\/vocabulary_language\/swedish\/\">\r\n            <div class=\"learnNavigationWrapper\">\r\n                <div class=\"learnNavigationContent\">\r\n                    <img decoding=\"async\" src=\"https:\/\/talkpal.ai\/wp-content\/uploads\/2024\/08\/Swedish.jpg\" alt=\"Swedish Flag\">\r\n                    <div>\r\n                        <h4>Svensk vokabul\u00e4r<\/h4>\r\n                        <p>Ut\u00f6ka ditt svenska ordf\u00f6rr\u00e5d.<\/p>\r\n                    <\/div>\r\n                <\/div>\r\n            <\/div>\r\n        <\/a>\r\n\r\n            <\/section>","protected":false},"excerpt":{"rendered":"<p>Avmystifiera svensk grammatik: En omfattande guide f\u00f6r att beh\u00e4rska dess regler och nyanser Svenska, som talas av cirka 10 miljoner m\u00e4nniskor, \u00e4r ett rikt och melodiskt spr\u00e5k som tillh\u00f6r den nordgermanska spr\u00e5kfamiljen. \u00c4ven om svensk grammatik \u00e4r relativt okomplicerad j\u00e4mf\u00f6rt med vissa andra spr\u00e5k, \u00e4r det viktigt att f\u00f6rst\u00e5 dess regler och struktur f\u00f6r att [&hellip;]<\/p>\n","protected":false},"author":1,"featured_media":11618,"parent":0,"menu_order":0,"comment_status":"closed","ping_status":"closed","template":"LearningContentPage.php","meta":{"_acf_changed":false,"footnotes":""},"class_list":["post-75218","page","type-page","status-publish","has-post-thumbnail","hentry"],"acf":[],"yoast_head":"<!-- This site is optimized with the Yoast SEO Premium plugin v27.2 (Yoast SEO v27.2) - https:\/\/yoast.com\/product\/yoast-seo-premium-wordpress\/ -->\n<title>Svensk grammatik - Talkpal<\/title>\n<meta name=\"description\" content=\"Avsl\u00f6ja den svenska grammatikens hemligheter och f\u00f6rb\u00e4ttra dina spr\u00e5kkunskaper med grundl\u00e4ggande regler och anv\u00e4ndbara tips.\" \/>\n<meta name=\"robots\" content=\"index, follow, max-snippet:-1, max-image-preview:large, max-video-preview:-1\" \/>\n<link rel=\"canonical\" href=\"https:\/\/talkpal.ai\/sv\/svensk-grammatik\/\" \/>\n<meta property=\"og:locale\" content=\"sv_SE\" \/>\n<meta property=\"og:type\" content=\"article\" \/>\n<meta property=\"og:title\" content=\"Svensk grammatik\" \/>\n<meta property=\"og:description\" content=\"Avmystifiera svensk grammatik: En omfattande guide f\u00f6r att beh\u00e4rska dess regler och nyanser Svenska, som talas av cirka 10 miljoner m\u00e4nniskor, \u00e4r ett rikt\" \/>\n<meta property=\"og:url\" content=\"https:\/\/talkpal.ai\/sv\/svensk-grammatik\/\" \/>\n<meta property=\"og:site_name\" content=\"Talkpal\" \/>\n<meta property=\"article:publisher\" content=\"https:\/\/www.facebook.com\/profile.php?id=100090733639311\" \/>\n<meta property=\"article:modified_time\" content=\"2025-12-11T16:31:02+00:00\" \/>\n<meta property=\"og:image\" content=\"https:\/\/talkpal.ai\/wp-content\/uploads\/2023\/04\/sweden.png\" \/>\n\t<meta property=\"og:image:width\" content=\"512\" \/>\n\t<meta property=\"og:image:height\" content=\"512\" \/>\n\t<meta property=\"og:image:type\" content=\"image\/png\" \/>\n<meta name=\"twitter:card\" content=\"summary_large_image\" \/>\n<meta name=\"twitter:site\" content=\"@talkpalai\" \/>\n<meta name=\"twitter:label1\" content=\"Ber\u00e4knad l\u00e4stid\" \/>\n\t<meta name=\"twitter:data1\" content=\"3 minuter\" \/>\n<script type=\"application\/ld+json\" class=\"yoast-schema-graph\">{\"@context\":\"https:\/\/schema.org\",\"@graph\":[{\"@type\":\"WebPage\",\"@id\":\"https:\/\/talkpal.ai\/sv\/svensk-grammatik\/\",\"url\":\"https:\/\/talkpal.ai\/sv\/svensk-grammatik\/\",\"name\":\"Svensk grammatik - Talkpal\",\"isPartOf\":{\"@id\":\"https:\/\/talkpal.ai\/sv\/#website\"},\"primaryImageOfPage\":{\"@id\":\"https:\/\/talkpal.ai\/sv\/svensk-grammatik\/#primaryimage\"},\"image\":{\"@id\":\"https:\/\/talkpal.ai\/sv\/svensk-grammatik\/#primaryimage\"},\"thumbnailUrl\":\"https:\/\/talkpal.ai\/wp-content\/uploads\/2023\/04\/sweden.png\",\"datePublished\":\"2023-05-14T13:53:07+00:00\",\"dateModified\":\"2025-12-11T16:31:02+00:00\",\"description\":\"Avsl\u00f6ja den svenska grammatikens hemligheter och f\u00f6rb\u00e4ttra dina spr\u00e5kkunskaper med grundl\u00e4ggande regler och anv\u00e4ndbara tips.\",\"breadcrumb\":{\"@id\":\"https:\/\/talkpal.ai\/sv\/svensk-grammatik\/#breadcrumb\"},\"inLanguage\":\"sv-SE\",\"potentialAction\":[{\"@type\":\"ReadAction\",\"target\":[\"https:\/\/talkpal.ai\/sv\/svensk-grammatik\/\"]}]},{\"@type\":\"ImageObject\",\"inLanguage\":\"sv-SE\",\"@id\":\"https:\/\/talkpal.ai\/sv\/svensk-grammatik\/#primaryimage\",\"url\":\"https:\/\/talkpal.ai\/wp-content\/uploads\/2023\/04\/sweden.png\",\"contentUrl\":\"https:\/\/talkpal.ai\/wp-content\/uploads\/2023\/04\/sweden.png\",\"width\":512,\"height\":512},{\"@type\":\"BreadcrumbList\",\"@id\":\"https:\/\/talkpal.ai\/sv\/svensk-grammatik\/#breadcrumb\",\"itemListElement\":[{\"@type\":\"ListItem\",\"position\":1,\"name\":\"Homepage\",\"item\":\"https:\/\/talkpal.ai\/sv\/\"},{\"@type\":\"ListItem\",\"position\":2,\"name\":\"Svensk grammatik\"}]},{\"@type\":\"WebSite\",\"@id\":\"https:\/\/talkpal.ai\/sv\/#website\",\"url\":\"https:\/\/talkpal.ai\/sv\/\",\"name\":\"Talkpal\",\"description\":\"AI Language Learning\",\"publisher\":{\"@id\":\"https:\/\/talkpal.ai\/sv\/#organization\"},\"alternateName\":\"Talkpal AI\",\"potentialAction\":[{\"@type\":\"SearchAction\",\"target\":{\"@type\":\"EntryPoint\",\"urlTemplate\":\"https:\/\/talkpal.ai\/sv\/?s={search_term_string}\"},\"query-input\":{\"@type\":\"PropertyValueSpecification\",\"valueRequired\":true,\"valueName\":\"search_term_string\"}}],\"inLanguage\":\"sv-SE\"},{\"@type\":\"Organization\",\"@id\":\"https:\/\/talkpal.ai\/sv\/#organization\",\"name\":\"Talkpal, Inc.\",\"alternateName\":\"Talkpal AI\",\"url\":\"https:\/\/talkpal.ai\/sv\/\",\"logo\":{\"@type\":\"ImageObject\",\"inLanguage\":\"sv-SE\",\"@id\":\"https:\/\/talkpal.ai\/sv\/#\/schema\/logo\/image\/\",\"url\":\"https:\/\/talkpal.ai\/wp-content\/uploads\/2024\/03\/Talkpal-Logo-Icon.png\",\"contentUrl\":\"https:\/\/talkpal.ai\/wp-content\/uploads\/2024\/03\/Talkpal-Logo-Icon.png\",\"width\":2880,\"height\":2880,\"caption\":\"Talkpal, Inc.\"},\"image\":{\"@id\":\"https:\/\/talkpal.ai\/sv\/#\/schema\/logo\/image\/\"},\"sameAs\":[\"https:\/\/www.facebook.com\/profile.php?id=100090733639311\",\"https:\/\/x.com\/talkpalai\",\"https:\/\/www.linkedin.com\/company\/talkpal\/\",\"https:\/\/www.youtube.com\/@TalkPal\/\",\"https:\/\/www.tiktok.com\/@talkpal\",\"https:\/\/www.instagram.com\/talkpal_ai\/\",\"https:\/\/www.crunchbase.com\/organization\/talkpal-9cde\",\"https:\/\/www.g2.com\/products\/talkpal-for-business\/\",\"https:\/\/www.trustpilot.com\/review\/talkpal.ai\",\"https:\/\/www.capterra.com\/p\/10006800\/TalkPal\/\"],\"description\":\"Talkpal is a language learning web and mobile education app, powered by the latest AI technologies, that provides engaging experiences to its customers in many different languages to help them improve their language skills. Users can chat about unlimited amount of topics with the app and use other modes to practice their language learning.\",\"email\":\"support@talkpal.ai\",\"legalName\":\"Talkpal, Inc.\",\"foundingDate\":\"2023-04-03\",\"duns\":\"118989042\",\"numberOfEmployees\":{\"@type\":\"QuantitativeValue\",\"minValue\":\"11\",\"maxValue\":\"50\"},\"publishingPrinciples\":\"https:\/\/talkpal.ai\/publishing-principles\/\",\"actionableFeedbackPolicy\":\"https:\/\/talkpal.ai\/actionable-feedback-policy\/\",\"correctionsPolicy\":\"https:\/\/talkpal.ai\/corrections-policy\/\",\"ethicsPolicy\":\"https:\/\/talkpal.ai\/ethics-policy\/\",\"diversityPolicy\":\"https:\/\/talkpal.ai\/diversity-policy\/\",\"diversityStaffingReport\":\"https:\/\/talkpal.ai\/diversity-policy\/\"}]}<\/script>\n<!-- \/ Yoast SEO Premium plugin. -->","yoast_head_json":{"title":"Svensk grammatik - Talkpal","description":"Avsl\u00f6ja den svenska grammatikens hemligheter och f\u00f6rb\u00e4ttra dina spr\u00e5kkunskaper med grundl\u00e4ggande regler och anv\u00e4ndbara tips.","robots":{"index":"index","follow":"follow","max-snippet":"max-snippet:-1","max-image-preview":"max-image-preview:large","max-video-preview":"max-video-preview:-1"},"canonical":"https:\/\/talkpal.ai\/sv\/svensk-grammatik\/","og_locale":"sv_SE","og_type":"article","og_title":"Svensk grammatik","og_description":"Avmystifiera svensk grammatik: En omfattande guide f\u00f6r att beh\u00e4rska dess regler och nyanser Svenska, som talas av cirka 10 miljoner m\u00e4nniskor, \u00e4r ett rikt","og_url":"https:\/\/talkpal.ai\/sv\/svensk-grammatik\/","og_site_name":"Talkpal","article_publisher":"https:\/\/www.facebook.com\/profile.php?id=100090733639311","article_modified_time":"2025-12-11T16:31:02+00:00","og_image":[{"width":512,"height":512,"url":"https:\/\/talkpal.ai\/wp-content\/uploads\/2023\/04\/sweden.png","type":"image\/png"}],"twitter_card":"summary_large_image","twitter_site":"@talkpalai","twitter_misc":{"Ber\u00e4knad l\u00e4stid":"3 minuter"},"schema":{"@context":"https:\/\/schema.org","@graph":[{"@type":"WebPage","@id":"https:\/\/talkpal.ai\/sv\/svensk-grammatik\/","url":"https:\/\/talkpal.ai\/sv\/svensk-grammatik\/","name":"Svensk grammatik - Talkpal","isPartOf":{"@id":"https:\/\/talkpal.ai\/sv\/#website"},"primaryImageOfPage":{"@id":"https:\/\/talkpal.ai\/sv\/svensk-grammatik\/#primaryimage"},"image":{"@id":"https:\/\/talkpal.ai\/sv\/svensk-grammatik\/#primaryimage"},"thumbnailUrl":"https:\/\/talkpal.ai\/wp-content\/uploads\/2023\/04\/sweden.png","datePublished":"2023-05-14T13:53:07+00:00","dateModified":"2025-12-11T16:31:02+00:00","description":"Avsl\u00f6ja den svenska grammatikens hemligheter och f\u00f6rb\u00e4ttra dina spr\u00e5kkunskaper med grundl\u00e4ggande regler och anv\u00e4ndbara tips.","breadcrumb":{"@id":"https:\/\/talkpal.ai\/sv\/svensk-grammatik\/#breadcrumb"},"inLanguage":"sv-SE","potentialAction":[{"@type":"ReadAction","target":["https:\/\/talkpal.ai\/sv\/svensk-grammatik\/"]}]},{"@type":"ImageObject","inLanguage":"sv-SE","@id":"https:\/\/talkpal.ai\/sv\/svensk-grammatik\/#primaryimage","url":"https:\/\/talkpal.ai\/wp-content\/uploads\/2023\/04\/sweden.png","contentUrl":"https:\/\/talkpal.ai\/wp-content\/uploads\/2023\/04\/sweden.png","width":512,"height":512},{"@type":"BreadcrumbList","@id":"https:\/\/talkpal.ai\/sv\/svensk-grammatik\/#breadcrumb","itemListElement":[{"@type":"ListItem","position":1,"name":"Homepage","item":"https:\/\/talkpal.ai\/sv\/"},{"@type":"ListItem","position":2,"name":"Svensk grammatik"}]},{"@type":"WebSite","@id":"https:\/\/talkpal.ai\/sv\/#website","url":"https:\/\/talkpal.ai\/sv\/","name":"Talkpal","description":"AI Language Learning","publisher":{"@id":"https:\/\/talkpal.ai\/sv\/#organization"},"alternateName":"Talkpal AI","potentialAction":[{"@type":"SearchAction","target":{"@type":"EntryPoint","urlTemplate":"https:\/\/talkpal.ai\/sv\/?s={search_term_string}"},"query-input":{"@type":"PropertyValueSpecification","valueRequired":true,"valueName":"search_term_string"}}],"inLanguage":"sv-SE"},{"@type":"Organization","@id":"https:\/\/talkpal.ai\/sv\/#organization","name":"Talkpal, Inc.","alternateName":"Talkpal AI","url":"https:\/\/talkpal.ai\/sv\/","logo":{"@type":"ImageObject","inLanguage":"sv-SE","@id":"https:\/\/talkpal.ai\/sv\/#\/schema\/logo\/image\/","url":"https:\/\/talkpal.ai\/wp-content\/uploads\/2024\/03\/Talkpal-Logo-Icon.png","contentUrl":"https:\/\/talkpal.ai\/wp-content\/uploads\/2024\/03\/Talkpal-Logo-Icon.png","width":2880,"height":2880,"caption":"Talkpal, Inc."},"image":{"@id":"https:\/\/talkpal.ai\/sv\/#\/schema\/logo\/image\/"},"sameAs":["https:\/\/www.facebook.com\/profile.php?id=100090733639311","https:\/\/x.com\/talkpalai","https:\/\/www.linkedin.com\/company\/talkpal\/","https:\/\/www.youtube.com\/@TalkPal\/","https:\/\/www.tiktok.com\/@talkpal","https:\/\/www.instagram.com\/talkpal_ai\/","https:\/\/www.crunchbase.com\/organization\/talkpal-9cde","https:\/\/www.g2.com\/products\/talkpal-for-business\/","https:\/\/www.trustpilot.com\/review\/talkpal.ai","https:\/\/www.capterra.com\/p\/10006800\/TalkPal\/"],"description":"Talkpal is a language learning web and mobile education app, powered by the latest AI technologies, that provides engaging experiences to its customers in many different languages to help them improve their language skills. Users can chat about unlimited amount of topics with the app and use other modes to practice their language learning.","email":"support@talkpal.ai","legalName":"Talkpal, Inc.","foundingDate":"2023-04-03","duns":"118989042","numberOfEmployees":{"@type":"QuantitativeValue","minValue":"11","maxValue":"50"},"publishingPrinciples":"https:\/\/talkpal.ai\/publishing-principles\/","actionableFeedbackPolicy":"https:\/\/talkpal.ai\/actionable-feedback-policy\/","correctionsPolicy":"https:\/\/talkpal.ai\/corrections-policy\/","ethicsPolicy":"https:\/\/talkpal.ai\/ethics-policy\/","diversityPolicy":"https:\/\/talkpal.ai\/diversity-policy\/","diversityStaffingReport":"https:\/\/talkpal.ai\/diversity-policy\/"}]}},"_links":{"self":[{"href":"https:\/\/talkpal.ai\/sv\/wp-json\/wp\/v2\/pages\/75218","targetHints":{"allow":["GET"]}}],"collection":[{"href":"https:\/\/talkpal.ai\/sv\/wp-json\/wp\/v2\/pages"}],"about":[{"href":"https:\/\/talkpal.ai\/sv\/wp-json\/wp\/v2\/types\/page"}],"author":[{"embeddable":true,"href":"https:\/\/talkpal.ai\/sv\/wp-json\/wp\/v2\/users\/1"}],"replies":[{"embeddable":true,"href":"https:\/\/talkpal.ai\/sv\/wp-json\/wp\/v2\/comments?post=75218"}],"version-history":[{"count":0,"href":"https:\/\/talkpal.ai\/sv\/wp-json\/wp\/v2\/pages\/75218\/revisions"}],"wp:featuredmedia":[{"embeddable":true,"href":"https:\/\/talkpal.ai\/sv\/wp-json\/wp\/v2\/media\/11618"}],"wp:attachment":[{"href":"https:\/\/talkpal.ai\/sv\/wp-json\/wp\/v2\/media?parent=75218"}],"curies":[{"name":"wp","href":"https:\/\/api.w.org\/{rel}","templated":true}]}}