{"id":60044,"date":"2023-03-25T16:57:06","date_gmt":"2023-03-25T16:57:06","guid":{"rendered":"http:\/\/talkpal.ai\/engelsk-grammatik\/"},"modified":"2025-05-22T19:26:06","modified_gmt":"2025-05-22T19:26:06","slug":"engelsk-grammatik","status":"publish","type":"page","link":"https:\/\/talkpal.ai\/sv\/engelsk-grammatik\/","title":{"rendered":"Engelsk grammatik"},"content":{"rendered":"\r\n\r\n\r\n<section class=\"languageChallengeSection\">\r\n    <div class=\"languageInfoWrapper\">\r\n        \r\n        <h1>Engelsk grammatik<\/h1>\r\n        <p>\u00c4r du redo att b\u00f6rja l\u00e4ra dig <a href=\"https:\/\/talkpal.ai\/learn-english-with-ai\/\">engelska<\/a>? Med bara lite <a href=\"https:\/\/talkpal.ai\/fr\/les\/\">grammatik<\/a> och n\u00e5gra nya ord kommer du att kunna chatta och f\u00e5 kontakt med m\u00e4nniskor fr\u00e5n hela v\u00e4rlden p\u00e5 nolltid. Dyk in och l\u00e5t <a href=\"https:\/\/talkpal.ai\/locations\/language-courses-in-oss\/\">oss<\/a> g\u00f6ra det roligt och enkelt att l\u00e4ra sig engelska &#8211; din resa till flytande engelska b\u00f6rjar idag!\n\n<\/p>\r\n\r\n                            <a class=\"getStartedHidden\" href=\"https:\/\/app.talkpal.ai\/sv\/signup?lng=\">Kom ig\u00e5ng<\/a>\r\n        \r\n    <\/div>\r\n\r\n    <figure>\r\n    <img decoding=\"async\" width=\"768\" height=\"768\" src=\"https:\/\/talkpal.ai\/wp-content\/uploads\/2023\/06\/English-768x768.png\" class=\"languageImage no-lazy\" alt=\"Default alt text\" fetchpriority=\"high\" sizes=\"(max-width: 768px) 150px, 768px\" srcset=\"https:\/\/talkpal.ai\/wp-content\/uploads\/2023\/06\/English-768x768.png 768w, https:\/\/talkpal.ai\/wp-content\/uploads\/2023\/06\/English-300x300.png 300w\" \/>\r\n    \r\n\r\n    <\/figure>\r\n\r\n            <a class=\"getStartedVisible\" href=\"https:\/\/app.talkpal.ai\/sv\/signup?lng=\">Kom ig\u00e5ng<\/a>\r\n    \r\n<\/section>\r\n        <section class=\"grammarSection\">\r\n            <div class=\"grammarLinks\">\r\n                <a href=\"https:\/\/talkpal.ai\/sv\/language\/adjektiv\/\">Adjektiv <\/a><a href=\"https:\/\/talkpal.ai\/sv\/language\/adverb\/\">Adverb <\/a><a href=\"https:\/\/talkpal.ai\/sv\/language\/artiklar\/\">Artiklar <\/a><a href=\"https:\/\/talkpal.ai\/sv\/language\/villkor\/\">Konditionaler <\/a><a href=\"https:\/\/talkpal.ai\/sv\/language\/meningar\/\">Meningar <\/a><a href=\"https:\/\/talkpal.ai\/sv\/language\/prepositioner\/\">Prepositioner <\/a><a href=\"https:\/\/talkpal.ai\/sv\/language\/pronomen-determinister\/\">Pronomen\/best\u00e4mningsfaktorer <\/a><a href=\"https:\/\/talkpal.ai\/sv\/language\/substantiv\/\">Substantiv <\/a><a href=\"https:\/\/talkpal.ai\/sv\/language\/tider\/\">Tempus <\/a><a href=\"https:\/\/talkpal.ai\/sv\/language\/verb\/\">Verb <\/a>            <\/div>\r\n        <\/section>\r\n    <section class=\"promotionalBanner\">\r\n    <p class=\"promotionalText\">Det mest effektiva s\u00e4ttet att l\u00e4ra sig ett spr\u00e5k<\/p>\r\n    <a class=\"promotionalLink\" href=\"https:\/\/app.talkpal.ai\/sv\/signup?lng=\">Prova Talkpal gratis<\/a>\r\n<\/section>\n<div class=\"wp-block-group pageContainerStyle\"><div class=\"wp-block-group__inner-container is-layout-constrained wp-block-group-is-layout-constrained\">\n<h2 class=\"wp-block-heading\" id=\"h-the-importance-of-english-grammar-a-guide-to-mastering-the-rules-and-principles\">Betydelsen av engelsk grammatik: En guide till att bem\u00e4stra regler och principer<\/h2>\n\n\n\n<p>Eftersom engelska \u00e4r ett av de mest framtr\u00e4dande spr\u00e5ken som <a href=\"https:\/\/talkpal.ai\/locations\/language-courses-in-talas\/\">talas<\/a> runt om i v\u00e4rlden \u00e4r det ingen \u00f6verraskning att m\u00e4nniskor \u00e4r angel\u00e4gna om att f\u00f6rb\u00e4ttra sitt flyt och sin beh\u00e4rskning av det. En viktig aspekt av att beh\u00e4rska det engelska spr\u00e5ket \u00e4r att f\u00f6rst\u00e5 dess grammatik. Men varf\u00f6r \u00e4r grammatik s\u00e5 viktigt, och hur kan vi l\u00e4ra oss det p\u00e5 ett effektivt s\u00e4tt? I <a href=\"https:\/\/talkpal.ai\/culture\/how-do-i-use-den-har-and-det-har\/\">den h\u00e4r<\/a> artikeln dyker vi ner i den engelska grammatikens betydelse, diskuterar dess viktigaste principer och delar med oss av n\u00e5gra praktiska tips f\u00f6r att v\u00e4ssa dina kunskaper.<\/p>\n\n\n\n<h3 class=\"wp-block-heading\" id=\"h-the-role-of-grammar-in-the-english-language\">Grammatikens roll i det engelska spr\u00e5ket:<\/h3>\n\n\n\n<p>S\u00e5, vad \u00e4r grejen med grammatik? Grammatik fungerar i princip som ett spr\u00e5ks byggstenar &#8211; det \u00e4r den upps\u00e4ttning regler och principer som styr hur vi anv\u00e4nder ord f\u00f6r att bilda meningsfulla meningar. Genom att f\u00f6lja dessa regler kan vi s\u00e4kerst\u00e4lla en tydlig kommunikation och undvika missf\u00f6rst\u00e5nd. T\u00e4nk dig att f\u00f6rs\u00f6ka laga en m\u00e5ltid utan att f\u00f6lja ett recept &#8211; slutresultatet kan bli osmakligt! P\u00e5 samma s\u00e4tt kan det leda till f\u00f6rvirring och feltolkningar om vi inte tar h\u00e4nsyn till grammatiken i v\u00e5rt dagliga tal och skrivande.<\/p>\n\n\n\n<h3 class=\"wp-block-heading\" id=\"h-key-principles-of-english-grammar\">Grundl\u00e4ggande principer f\u00f6r engelsk grammatik:<\/h3>\n\n\n\n<p><a href=\"https:\/\/talkpal.ai\/da\/grammar\/korte-svar-i-engelsk-grammatik\/\">Engelsk grammatik<\/a> omfattar ett stort antal regler, men det finns n\u00e5gra viktiga principer som du b\u00f6r vara medveten om:<\/p>\n\n\n\n<p><strong>1. Talets delar:<\/strong> Detta \u00e4r de roller som ord spelar i en mening. Beroende p\u00e5 deras funktion kan ord klassificeras som substantiv, pronomen, verb, adjektiv, adverb, prepositioner, konjunktioner eller interjektioner.<\/p>\n\n\n\n<p><strong>2. Tempus:<\/strong> Tempus anger tidpunkten f\u00f6r handlingar eller tillst\u00e5nd. De delas in i f\u00f6rfluten tid, nutid och framtid, d\u00e4r varje tempus har fyra aspekter &#8211; enkel, progressiv, perfekt och perfekt progressiv.<\/p>\n\n\n\n<p><strong>3. \u00d6verensst\u00e4mmelse mellan subjekt och verb:<\/strong> Subjektet (substantivet eller pronomenet) och verbet i en mening m\u00e5ste \u00f6verensst\u00e4mma i antal &#8211; singular eller plural. Till exempel \u00e4r &#8221;Hon l\u00e4ser en bok&#8221; och &#8221;De l\u00e4ser b\u00f6cker&#8221; b\u00e5da grammatiskt korrekta.<\/p>\n\n\n\n<p><strong>4. Meningens struktur:<\/strong> En v\u00e4lstrukturerad mening best\u00e5r av ett subjekt, ett verb och ofta ett objekt. Meningar kan vara enkla (en sj\u00e4lvst\u00e4ndig sats), sammansatta (tv\u00e5 eller flera sj\u00e4lvst\u00e4ndiga satser) eller komplexa (en sj\u00e4lvst\u00e4ndig sats och en eller flera osj\u00e4lvst\u00e4ndiga satser).<\/p>\n\n\n\n<p><strong>5. Interpunktion:<\/strong> Skiljetecken, som kommatecken, punkt och semikolon, \u00e4r viktiga f\u00f6r att organisera och f\u00f6rtydliga det skrivna spr\u00e5ket. Korrekt interpunktion s\u00e4kerst\u00e4ller att dina id\u00e9er f\u00f6rmedlas med precision och koherens.<\/p>\n\n\n\n<h3 class=\"wp-block-heading\" id=\"h-tips-to-improve-your-english-grammar\">Tips f\u00f6r att f\u00f6rb\u00e4ttra din engelska grammatik:<\/h3>\n\n\n\n<p>Nu n\u00e4r vi har diskuterat grunderna i engelsk grammatik ska vi utforska n\u00e5gra effektiva s\u00e4tt att finslipa dina kunskaper:<\/p>\n\n\n\n<p><strong>1. L\u00e4s regelbundet:<\/strong> L\u00e4sning \u00e4r ett utm\u00e4rkt s\u00e4tt att internalisera korrekt grammatik. Ju mer du exponerar dig f\u00f6r v\u00e4lskrivna artiklar, b\u00f6cker eller uppsatser, desto b\u00e4ttre kommer du att f\u00f6rst\u00e5 reglerna och strukturerna.<\/p>\n\n\n\n<p><strong>2. \u00d6va p\u00e5 att skriva:<\/strong> Genom att skriva regelbundet kan du till\u00e4mpa dina grammatikkunskaper och identifiera omr\u00e5den d\u00e4r du beh\u00f6ver f\u00f6rb\u00e4ttra dig. \u00d6verv\u00e4g att f\u00f6ra dagbok eller starta en blogg f\u00f6r att utveckla din skrivf\u00f6rm\u00e5ga.<\/p>\n\n\n\n<p><strong>3. Studera grammatikresurser:<\/strong> L\u00e4s n\u00e5gra v\u00e4lrenommerade grammatikb\u00f6cker, webbplatser eller appar f\u00f6r att f\u00f6rdjupa din f\u00f6rst\u00e5else av reglerna. Regelbunden genomg\u00e5ng av detta material hj\u00e4lper dig att bef\u00e4sta dina kunskaper.<\/p>\n\n\n\n<p><strong>4. S\u00f6k feedback:<\/strong> Ta kontakt med andra f\u00f6r att f\u00e5 konstruktiv kritik p\u00e5 din skriftliga och muntliga engelska. Det kan vara via onlineforum, spr\u00e5kutbytesgrupper eller v\u00e4nner och kollegor som \u00e4r duktiga p\u00e5 engelska.<\/p>\n\n\n\n<p><strong>5. Ha t\u00e5lamod och var uth\u00e5llig:<\/strong> Att l\u00e4ra sig grammatik \u00e4r en gradvis process som kr\u00e4ver tid och anstr\u00e4ngning. Forts\u00e4tt att engagera dig, \u00f6va och fira dina framsteg.<\/p>\n\n\n\n<h3 class=\"wp-block-heading\" id=\"h-conclusion\">Slutsats:<\/h3>\n\n\n\n<p>Att beh\u00e4rska den engelska grammatiken \u00e4r ett viktigt steg p\u00e5 v\u00e4gen mot flytande spr\u00e5k. Genom att f\u00f6rst\u00e5 dess betydelse, bekanta dig med de viktigaste principerna och aktivt \u00f6va kommer du snart att utveckla en stark beh\u00e4rskning av spr\u00e5ket. Kom ih\u00e5g att Rom inte byggdes p\u00e5 en dag &#8211; s\u00e5 ha t\u00e5lamod, ha kul och njut av resan mot en oklanderlig grammatik!<\/p>\n<\/div><\/div>\n\r\n<section class=\"learnNavigationSection\">\r\n            \r\n        <a href=\"https:\/\/talkpal.ai\/sv\/lar-dig-engelska\/\">\r\n            <div class=\"learnNavigationWrapper\">\r\n                <div class=\"learnNavigationContent\">\r\n                    <img decoding=\"async\" src=\"https:\/\/talkpal.ai\/wp-content\/uploads\/2024\/08\/English.jpg\" alt=\"English Flag\">\r\n                    <div>\r\n                        <h4>Om English Learning<\/h4>\r\n                        <p>Ta reda p\u00e5 allt om engelsk grammatik.<\/p>\r\n                    <\/div>\r\n                <\/div>\r\n            <\/div>\r\n        <\/a>\r\n\r\n        \r\n        <a href=\"https:\/\/talkpal.ai\/sv\/engelska-grammatikovningar\/\">\r\n            <div class=\"learnNavigationWrapper\">\r\n                <div class=\"learnNavigationContent\">\r\n                    <img decoding=\"async\" src=\"https:\/\/talkpal.ai\/wp-content\/uploads\/2024\/08\/English.jpg\" alt=\"English Flag\">\r\n                    <div>\r\n                        <h4>Engelska grammatik\u00f6vningar<\/h4>\r\n                        <p>\u00d6va engelsk grammatik.<\/p>\r\n                    <\/div>\r\n                <\/div>\r\n            <\/div>\r\n        <\/a>\r\n\r\n        \r\n        <a href=\"https:\/\/talkpal.ai\/vocabulary_language\/english\/\">\r\n            <div class=\"learnNavigationWrapper\">\r\n                <div class=\"learnNavigationContent\">\r\n                    <img decoding=\"async\" src=\"https:\/\/talkpal.ai\/wp-content\/uploads\/2024\/08\/English.jpg\" alt=\"English Flag\">\r\n                    <div>\r\n                        <h4>Engelsk vokabul\u00e4r<\/h4>\r\n                        <p>Ut\u00f6ka ditt engelska ordf\u00f6rr\u00e5d.<\/p>\r\n                    <\/div>\r\n                <\/div>\r\n            <\/div>\r\n        <\/a>\r\n\r\n            <\/section>","protected":false},"excerpt":{"rendered":"<p>Betydelsen av engelsk grammatik: En guide till att bem\u00e4stra regler och principer Eftersom engelska \u00e4r ett av de mest framtr\u00e4dande spr\u00e5ken som talas runt om i v\u00e4rlden \u00e4r det ingen \u00f6verraskning att m\u00e4nniskor \u00e4r angel\u00e4gna om att f\u00f6rb\u00e4ttra sitt flyt och sin beh\u00e4rskning av det. En viktig aspekt av att beh\u00e4rska det engelska spr\u00e5ket \u00e4r [&hellip;]<\/p>\n","protected":false},"author":1,"featured_media":6253,"parent":0,"menu_order":0,"comment_status":"closed","ping_status":"closed","template":"LearningContentPage.php","meta":{"_acf_changed":false,"footnotes":""},"class_list":["post-60044","page","type-page","status-publish","has-post-thumbnail","hentry"],"acf":[],"yoast_head":"<!-- This site is optimized with the Yoast SEO Premium plugin v27.2 (Yoast SEO v27.2) - https:\/\/yoast.com\/product\/yoast-seo-premium-wordpress\/ -->\n<title>Engelsk grammatik - Talkpal<\/title>\n<meta name=\"description\" content=\"F\u00f6rb\u00e4ttra dina kunskaper i engelsk grammatik utan anstr\u00e4ngning med TalkpalAI-drivna app f\u00f6r spr\u00e5kinl\u00e4rning.\" \/>\n<meta name=\"robots\" content=\"index, follow, max-snippet:-1, max-image-preview:large, max-video-preview:-1\" \/>\n<link rel=\"canonical\" href=\"https:\/\/talkpal.ai\/sv\/engelsk-grammatik\/\" \/>\n<meta property=\"og:locale\" content=\"sv_SE\" \/>\n<meta property=\"og:type\" content=\"article\" \/>\n<meta property=\"og:title\" content=\"Engelsk grammatik\" \/>\n<meta property=\"og:description\" content=\"Betydelsen av engelsk grammatik: En guide till att bem\u00e4stra regler och principer Eftersom engelska \u00e4r ett av de mest framtr\u00e4dande spr\u00e5ken som talas runt\" \/>\n<meta property=\"og:url\" content=\"https:\/\/talkpal.ai\/sv\/engelsk-grammatik\/\" \/>\n<meta property=\"og:site_name\" content=\"Talkpal\" \/>\n<meta property=\"article:publisher\" content=\"https:\/\/www.facebook.com\/profile.php?id=100090733639311\" \/>\n<meta property=\"article:modified_time\" content=\"2025-05-22T19:26:06+00:00\" \/>\n<meta property=\"og:image\" content=\"https:\/\/talkpal.ai\/wp-content\/uploads\/2023\/03\/united-kingdom.png\" \/>\n\t<meta property=\"og:image:width\" content=\"512\" \/>\n\t<meta property=\"og:image:height\" content=\"512\" \/>\n\t<meta property=\"og:image:type\" content=\"image\/png\" \/>\n<meta name=\"twitter:card\" content=\"summary_large_image\" \/>\n<meta name=\"twitter:site\" content=\"@talkpalai\" \/>\n<meta name=\"twitter:label1\" content=\"Ber\u00e4knad l\u00e4stid\" \/>\n\t<meta name=\"twitter:data1\" content=\"4 minuter\" \/>\n<script type=\"application\/ld+json\" class=\"yoast-schema-graph\">{\"@context\":\"https:\/\/schema.org\",\"@graph\":[{\"@type\":\"WebPage\",\"@id\":\"https:\/\/talkpal.ai\/sv\/engelsk-grammatik\/\",\"url\":\"https:\/\/talkpal.ai\/sv\/engelsk-grammatik\/\",\"name\":\"Engelsk grammatik - Talkpal\",\"isPartOf\":{\"@id\":\"https:\/\/talkpal.ai\/sv\/#website\"},\"primaryImageOfPage\":{\"@id\":\"https:\/\/talkpal.ai\/sv\/engelsk-grammatik\/#primaryimage\"},\"image\":{\"@id\":\"https:\/\/talkpal.ai\/sv\/engelsk-grammatik\/#primaryimage\"},\"thumbnailUrl\":\"https:\/\/talkpal.ai\/wp-content\/uploads\/2023\/03\/united-kingdom.png\",\"datePublished\":\"2023-03-25T16:57:06+00:00\",\"dateModified\":\"2025-05-22T19:26:06+00:00\",\"description\":\"F\u00f6rb\u00e4ttra dina kunskaper i engelsk grammatik utan anstr\u00e4ngning med TalkpalAI-drivna app f\u00f6r spr\u00e5kinl\u00e4rning.\",\"breadcrumb\":{\"@id\":\"https:\/\/talkpal.ai\/sv\/engelsk-grammatik\/#breadcrumb\"},\"inLanguage\":\"sv-SE\",\"potentialAction\":[{\"@type\":\"ReadAction\",\"target\":[\"https:\/\/talkpal.ai\/sv\/engelsk-grammatik\/\"]}]},{\"@type\":\"ImageObject\",\"inLanguage\":\"sv-SE\",\"@id\":\"https:\/\/talkpal.ai\/sv\/engelsk-grammatik\/#primaryimage\",\"url\":\"https:\/\/talkpal.ai\/wp-content\/uploads\/2023\/03\/united-kingdom.png\",\"contentUrl\":\"https:\/\/talkpal.ai\/wp-content\/uploads\/2023\/03\/united-kingdom.png\",\"width\":512,\"height\":512,\"caption\":\"TalkPal AI learn English\"},{\"@type\":\"BreadcrumbList\",\"@id\":\"https:\/\/talkpal.ai\/sv\/engelsk-grammatik\/#breadcrumb\",\"itemListElement\":[{\"@type\":\"ListItem\",\"position\":1,\"name\":\"Homepage\",\"item\":\"https:\/\/talkpal.ai\/sv\/\"},{\"@type\":\"ListItem\",\"position\":2,\"name\":\"Engelsk grammatik\"}]},{\"@type\":\"WebSite\",\"@id\":\"https:\/\/talkpal.ai\/sv\/#website\",\"url\":\"https:\/\/talkpal.ai\/sv\/\",\"name\":\"Talkpal\",\"description\":\"AI Language Learning\",\"publisher\":{\"@id\":\"https:\/\/talkpal.ai\/sv\/#organization\"},\"alternateName\":\"Talkpal AI\",\"potentialAction\":[{\"@type\":\"SearchAction\",\"target\":{\"@type\":\"EntryPoint\",\"urlTemplate\":\"https:\/\/talkpal.ai\/sv\/?s={search_term_string}\"},\"query-input\":{\"@type\":\"PropertyValueSpecification\",\"valueRequired\":true,\"valueName\":\"search_term_string\"}}],\"inLanguage\":\"sv-SE\"},{\"@type\":\"Organization\",\"@id\":\"https:\/\/talkpal.ai\/sv\/#organization\",\"name\":\"Talkpal, Inc.\",\"alternateName\":\"Talkpal AI\",\"url\":\"https:\/\/talkpal.ai\/sv\/\",\"logo\":{\"@type\":\"ImageObject\",\"inLanguage\":\"sv-SE\",\"@id\":\"https:\/\/talkpal.ai\/sv\/#\/schema\/logo\/image\/\",\"url\":\"https:\/\/talkpal.ai\/wp-content\/uploads\/2024\/03\/Talkpal-Logo-Icon.png\",\"contentUrl\":\"https:\/\/talkpal.ai\/wp-content\/uploads\/2024\/03\/Talkpal-Logo-Icon.png\",\"width\":2880,\"height\":2880,\"caption\":\"Talkpal, Inc.\"},\"image\":{\"@id\":\"https:\/\/talkpal.ai\/sv\/#\/schema\/logo\/image\/\"},\"sameAs\":[\"https:\/\/www.facebook.com\/profile.php?id=100090733639311\",\"https:\/\/x.com\/talkpalai\",\"https:\/\/www.linkedin.com\/company\/talkpal\/\",\"https:\/\/www.youtube.com\/@TalkPal\/\",\"https:\/\/www.tiktok.com\/@talkpal\",\"https:\/\/www.instagram.com\/talkpal_ai\/\",\"https:\/\/www.crunchbase.com\/organization\/talkpal-9cde\",\"https:\/\/www.g2.com\/products\/talkpal-for-business\/\",\"https:\/\/www.trustpilot.com\/review\/talkpal.ai\",\"https:\/\/www.capterra.com\/p\/10006800\/TalkPal\/\"],\"description\":\"Talkpal is a language learning web and mobile education app, powered by the latest AI technologies, that provides engaging experiences to its customers in many different languages to help them improve their language skills. Users can chat about unlimited amount of topics with the app and use other modes to practice their language learning.\",\"email\":\"support@talkpal.ai\",\"legalName\":\"Talkpal, Inc.\",\"foundingDate\":\"2023-04-03\",\"duns\":\"118989042\",\"numberOfEmployees\":{\"@type\":\"QuantitativeValue\",\"minValue\":\"11\",\"maxValue\":\"50\"},\"publishingPrinciples\":\"https:\/\/talkpal.ai\/publishing-principles\/\",\"actionableFeedbackPolicy\":\"https:\/\/talkpal.ai\/actionable-feedback-policy\/\",\"correctionsPolicy\":\"https:\/\/talkpal.ai\/corrections-policy\/\",\"ethicsPolicy\":\"https:\/\/talkpal.ai\/ethics-policy\/\",\"diversityPolicy\":\"https:\/\/talkpal.ai\/diversity-policy\/\",\"diversityStaffingReport\":\"https:\/\/talkpal.ai\/diversity-policy\/\"}]}<\/script>\n<!-- \/ Yoast SEO Premium plugin. -->","yoast_head_json":{"title":"Engelsk grammatik - Talkpal","description":"F\u00f6rb\u00e4ttra dina kunskaper i engelsk grammatik utan anstr\u00e4ngning med TalkpalAI-drivna app f\u00f6r spr\u00e5kinl\u00e4rning.","robots":{"index":"index","follow":"follow","max-snippet":"max-snippet:-1","max-image-preview":"max-image-preview:large","max-video-preview":"max-video-preview:-1"},"canonical":"https:\/\/talkpal.ai\/sv\/engelsk-grammatik\/","og_locale":"sv_SE","og_type":"article","og_title":"Engelsk grammatik","og_description":"Betydelsen av engelsk grammatik: En guide till att bem\u00e4stra regler och principer Eftersom engelska \u00e4r ett av de mest framtr\u00e4dande spr\u00e5ken som talas runt","og_url":"https:\/\/talkpal.ai\/sv\/engelsk-grammatik\/","og_site_name":"Talkpal","article_publisher":"https:\/\/www.facebook.com\/profile.php?id=100090733639311","article_modified_time":"2025-05-22T19:26:06+00:00","og_image":[{"width":512,"height":512,"url":"https:\/\/talkpal.ai\/wp-content\/uploads\/2023\/03\/united-kingdom.png","type":"image\/png"}],"twitter_card":"summary_large_image","twitter_site":"@talkpalai","twitter_misc":{"Ber\u00e4knad l\u00e4stid":"4 minuter"},"schema":{"@context":"https:\/\/schema.org","@graph":[{"@type":"WebPage","@id":"https:\/\/talkpal.ai\/sv\/engelsk-grammatik\/","url":"https:\/\/talkpal.ai\/sv\/engelsk-grammatik\/","name":"Engelsk grammatik - Talkpal","isPartOf":{"@id":"https:\/\/talkpal.ai\/sv\/#website"},"primaryImageOfPage":{"@id":"https:\/\/talkpal.ai\/sv\/engelsk-grammatik\/#primaryimage"},"image":{"@id":"https:\/\/talkpal.ai\/sv\/engelsk-grammatik\/#primaryimage"},"thumbnailUrl":"https:\/\/talkpal.ai\/wp-content\/uploads\/2023\/03\/united-kingdom.png","datePublished":"2023-03-25T16:57:06+00:00","dateModified":"2025-05-22T19:26:06+00:00","description":"F\u00f6rb\u00e4ttra dina kunskaper i engelsk grammatik utan anstr\u00e4ngning med TalkpalAI-drivna app f\u00f6r spr\u00e5kinl\u00e4rning.","breadcrumb":{"@id":"https:\/\/talkpal.ai\/sv\/engelsk-grammatik\/#breadcrumb"},"inLanguage":"sv-SE","potentialAction":[{"@type":"ReadAction","target":["https:\/\/talkpal.ai\/sv\/engelsk-grammatik\/"]}]},{"@type":"ImageObject","inLanguage":"sv-SE","@id":"https:\/\/talkpal.ai\/sv\/engelsk-grammatik\/#primaryimage","url":"https:\/\/talkpal.ai\/wp-content\/uploads\/2023\/03\/united-kingdom.png","contentUrl":"https:\/\/talkpal.ai\/wp-content\/uploads\/2023\/03\/united-kingdom.png","width":512,"height":512,"caption":"TalkPal AI learn English"},{"@type":"BreadcrumbList","@id":"https:\/\/talkpal.ai\/sv\/engelsk-grammatik\/#breadcrumb","itemListElement":[{"@type":"ListItem","position":1,"name":"Homepage","item":"https:\/\/talkpal.ai\/sv\/"},{"@type":"ListItem","position":2,"name":"Engelsk grammatik"}]},{"@type":"WebSite","@id":"https:\/\/talkpal.ai\/sv\/#website","url":"https:\/\/talkpal.ai\/sv\/","name":"Talkpal","description":"AI Language Learning","publisher":{"@id":"https:\/\/talkpal.ai\/sv\/#organization"},"alternateName":"Talkpal AI","potentialAction":[{"@type":"SearchAction","target":{"@type":"EntryPoint","urlTemplate":"https:\/\/talkpal.ai\/sv\/?s={search_term_string}"},"query-input":{"@type":"PropertyValueSpecification","valueRequired":true,"valueName":"search_term_string"}}],"inLanguage":"sv-SE"},{"@type":"Organization","@id":"https:\/\/talkpal.ai\/sv\/#organization","name":"Talkpal, Inc.","alternateName":"Talkpal AI","url":"https:\/\/talkpal.ai\/sv\/","logo":{"@type":"ImageObject","inLanguage":"sv-SE","@id":"https:\/\/talkpal.ai\/sv\/#\/schema\/logo\/image\/","url":"https:\/\/talkpal.ai\/wp-content\/uploads\/2024\/03\/Talkpal-Logo-Icon.png","contentUrl":"https:\/\/talkpal.ai\/wp-content\/uploads\/2024\/03\/Talkpal-Logo-Icon.png","width":2880,"height":2880,"caption":"Talkpal, Inc."},"image":{"@id":"https:\/\/talkpal.ai\/sv\/#\/schema\/logo\/image\/"},"sameAs":["https:\/\/www.facebook.com\/profile.php?id=100090733639311","https:\/\/x.com\/talkpalai","https:\/\/www.linkedin.com\/company\/talkpal\/","https:\/\/www.youtube.com\/@TalkPal\/","https:\/\/www.tiktok.com\/@talkpal","https:\/\/www.instagram.com\/talkpal_ai\/","https:\/\/www.crunchbase.com\/organization\/talkpal-9cde","https:\/\/www.g2.com\/products\/talkpal-for-business\/","https:\/\/www.trustpilot.com\/review\/talkpal.ai","https:\/\/www.capterra.com\/p\/10006800\/TalkPal\/"],"description":"Talkpal is a language learning web and mobile education app, powered by the latest AI technologies, that provides engaging experiences to its customers in many different languages to help them improve their language skills. Users can chat about unlimited amount of topics with the app and use other modes to practice their language learning.","email":"support@talkpal.ai","legalName":"Talkpal, Inc.","foundingDate":"2023-04-03","duns":"118989042","numberOfEmployees":{"@type":"QuantitativeValue","minValue":"11","maxValue":"50"},"publishingPrinciples":"https:\/\/talkpal.ai\/publishing-principles\/","actionableFeedbackPolicy":"https:\/\/talkpal.ai\/actionable-feedback-policy\/","correctionsPolicy":"https:\/\/talkpal.ai\/corrections-policy\/","ethicsPolicy":"https:\/\/talkpal.ai\/ethics-policy\/","diversityPolicy":"https:\/\/talkpal.ai\/diversity-policy\/","diversityStaffingReport":"https:\/\/talkpal.ai\/diversity-policy\/"}]}},"_links":{"self":[{"href":"https:\/\/talkpal.ai\/sv\/wp-json\/wp\/v2\/pages\/60044","targetHints":{"allow":["GET"]}}],"collection":[{"href":"https:\/\/talkpal.ai\/sv\/wp-json\/wp\/v2\/pages"}],"about":[{"href":"https:\/\/talkpal.ai\/sv\/wp-json\/wp\/v2\/types\/page"}],"author":[{"embeddable":true,"href":"https:\/\/talkpal.ai\/sv\/wp-json\/wp\/v2\/users\/1"}],"replies":[{"embeddable":true,"href":"https:\/\/talkpal.ai\/sv\/wp-json\/wp\/v2\/comments?post=60044"}],"version-history":[{"count":0,"href":"https:\/\/talkpal.ai\/sv\/wp-json\/wp\/v2\/pages\/60044\/revisions"}],"wp:featuredmedia":[{"embeddable":true,"href":"https:\/\/talkpal.ai\/sv\/wp-json\/wp\/v2\/media\/6253"}],"wp:attachment":[{"href":"https:\/\/talkpal.ai\/sv\/wp-json\/wp\/v2\/media?parent=60044"}],"curies":[{"name":"wp","href":"https:\/\/api.w.org\/{rel}","templated":true}]}}