{"id":165055,"date":"2023-06-16T12:01:29","date_gmt":"2023-06-16T12:01:29","guid":{"rendered":"http:\/\/talkpal.ai\/bosnisk-grammatik-2\/"},"modified":"2025-05-23T12:06:17","modified_gmt":"2025-05-23T12:06:17","slug":"bosnisk-grammatik-2","status":"publish","type":"page","link":"https:\/\/talkpal.ai\/sv\/bosnisk-grammatik-2\/","title":{"rendered":"Bosnisk grammatik"},"content":{"rendered":"\r\n\r\n\r\n<section class=\"languageChallengeSection\">\r\n    <div class=\"languageInfoWrapper\">\r\n        \r\n        <h1>Bosnisk grammatik<\/h1>\r\n        <p>\u00c4r du redo att bli s\u00e4krare p\u00e5 <a href=\"https:\/\/talkpal.ai\/learn-bosnian\/\">bosniska<\/a>? Att \u00f6va p\u00e5 grammatik \u00e4r ett bra s\u00e4tt att l\u00e4ra sig meningsbyggnad, verbformer och det <a href=\"https:\/\/talkpal.ai\/learn-bosnian\/\">bosniska<\/a> spr\u00e5kets s\u00e4rpr\u00e4glade m\u00f6nster. B\u00f6rja arbeta med <a href=\"https:\/\/talkpal.ai\/bosnian-grammar\/\">bosnisk grammatik<\/a> idag och se hur din f\u00f6rst\u00e5else och ditt flyt \u00f6kar med varje \u00f6vning!\n\n<\/p>\r\n\r\n                            <a class=\"getStartedHidden\" href=\"https:\/\/app.talkpal.ai\/sv\/signup?lng=\">Kom ig\u00e5ng<\/a>\r\n        \r\n    <\/div>\r\n\r\n    <figure>\r\n    <img decoding=\"async\" width=\"768\" height=\"768\" src=\"https:\/\/talkpal.ai\/wp-content\/uploads\/2023\/06\/bosinian-768x768.png\" class=\"languageImage no-lazy\" alt=\"Default alt text\" fetchpriority=\"high\" sizes=\"(max-width: 768px) 150px, 768px\" srcset=\"https:\/\/talkpal.ai\/wp-content\/uploads\/2023\/06\/bosinian-768x768.png 768w, https:\/\/talkpal.ai\/wp-content\/uploads\/2023\/06\/bosinian-300x300.png 300w\" \/>\r\n    \r\n\r\n    <\/figure>\r\n\r\n            <a class=\"getStartedVisible\" href=\"https:\/\/app.talkpal.ai\/sv\/signup?lng=\">Kom ig\u00e5ng<\/a>\r\n    \r\n<\/section>\r\n\r\n\r\n<!-- <section class=\"grammarSection\">\r\n    <div class=\"grammarLinks\">\r\n        <a href=\"https:\/\/talkpal.ai\/sv\/exercise_language\/adjektiv-bosnisk-grammatik\/\">Adjektiv <\/a><a href=\"https:\/\/talkpal.ai\/sv\/exercise_language\/adverb-bosnisk-grammatik\/\">Adverb <\/a><a href=\"https:\/\/talkpal.ai\/sv\/exercise_language\/artiklar-bosnisk-grammatik\/\">Artiklar \u2013 bosnisk grammatik<\/a><a href=\"https:\/\/talkpal.ai\/sv\/exercise_language\/jamforelse-av-tempus-bosnisk-grammatik\/\">J\u00e4mf\u00f6relse av tempus <\/a><a href=\"https:\/\/talkpal.ai\/sv\/exercise_language\/konditionaler-bosnisk-grammatik\/\">Konditionaler \u2013 Bosnisk grammatik<\/a><a href=\"https:\/\/talkpal.ai\/sv\/exercise_language\/meningar-bosnisk-grammatik\/\">Meningar \u2013 bosnisk grammatik<\/a><a href=\"https:\/\/talkpal.ai\/sv\/exercise_language\/perfect-progressive-bosnisk-grammatik\/\">Perfect Progressive \u2013 Bosnisk grammatik<\/a><a href=\"https:\/\/talkpal.ai\/sv\/exercise_language\/prepositioner-bosnisk-grammatik\/\">Prepositioner \u2013 bosnisk grammatik<\/a><a href=\"https:\/\/talkpal.ai\/sv\/exercise_language\/progressiv-bosnisk-grammatik\/\">Progressiv \u2013 bosnisk grammatik<\/a><a href=\"https:\/\/talkpal.ai\/sv\/exercise_language\/pronomen-bestamningsfaktorer-bosnisk-grammatik\/\">Pronomen\/best\u00e4mningsfaktorer \u2013 bosnisk grammatik<\/a><a href=\"https:\/\/talkpal.ai\/sv\/exercise_language\/substantiv-bosnisk-grammatik\/\">Substantiv \u2013 bosnisk grammatik<\/a><a href=\"https:\/\/talkpal.ai\/sv\/exercise_language\/tempus-bosnisk-grammatik\/\">Tempus <\/a><a href=\"https:\/\/talkpal.ai\/sv\/exercise_language\/verb-bosnisk-grammatik\/\">Verb <\/a>    <\/div>\r\n<\/section> -->\r\n\r\n\r\n\r\n\r\n        <section class=\"grammarSection\">\r\n            <div class=\"grammarLinks\">\r\n                <a href=\"https:\/\/talkpal.ai\/sv\/exercise_language\/adjektiv-bosnisk-grammatik\/\">Adjektiv <\/a><a href=\"https:\/\/talkpal.ai\/sv\/exercise_language\/adverb-bosnisk-grammatik\/\">Adverb <\/a><a href=\"https:\/\/talkpal.ai\/sv\/exercise_language\/artiklar-bosnisk-grammatik\/\">Artiklar \u2013 bosnisk grammatik<\/a><a href=\"https:\/\/talkpal.ai\/sv\/exercise_language\/jamforelse-av-tempus-bosnisk-grammatik\/\">J\u00e4mf\u00f6relse av tempus <\/a><a href=\"https:\/\/talkpal.ai\/sv\/exercise_language\/konditionaler-bosnisk-grammatik\/\">Konditionaler \u2013 Bosnisk grammatik<\/a><a href=\"https:\/\/talkpal.ai\/sv\/exercise_language\/meningar-bosnisk-grammatik\/\">Meningar \u2013 bosnisk grammatik<\/a><a href=\"https:\/\/talkpal.ai\/sv\/exercise_language\/perfect-progressive-bosnisk-grammatik\/\">Perfect Progressive \u2013 Bosnisk grammatik<\/a><a href=\"https:\/\/talkpal.ai\/sv\/exercise_language\/prepositioner-bosnisk-grammatik\/\">Prepositioner \u2013 bosnisk grammatik<\/a><a href=\"https:\/\/talkpal.ai\/sv\/exercise_language\/progressiv-bosnisk-grammatik\/\">Progressiv \u2013 bosnisk grammatik<\/a><a href=\"https:\/\/talkpal.ai\/sv\/exercise_language\/pronomen-bestamningsfaktorer-bosnisk-grammatik\/\">Pronomen\/best\u00e4mningsfaktorer \u2013 bosnisk grammatik<\/a><a href=\"https:\/\/talkpal.ai\/sv\/exercise_language\/substantiv-bosnisk-grammatik\/\">Substantiv \u2013 bosnisk grammatik<\/a><a href=\"https:\/\/talkpal.ai\/sv\/exercise_language\/tempus-bosnisk-grammatik\/\">Tempus <\/a><a href=\"https:\/\/talkpal.ai\/sv\/exercise_language\/verb-bosnisk-grammatik\/\">Verb <\/a>            <\/div>\r\n        <\/section>\r\n<section class=\"promotionalBanner\">\r\n    <p class=\"promotionalText\">Det mest effektiva s\u00e4ttet att l\u00e4ra sig ett spr\u00e5k<\/p>\r\n    <a class=\"promotionalLink\" href=\"https:\/\/app.talkpal.ai\/sv\/signup?lng=\">Prova Talkpal gratis<\/a>\r\n<\/section>\n<div class=\"wp-block-group pageContainerStyle\"><div class=\"wp-block-group__inner-container is-layout-constrained wp-block-group-is-layout-constrained\">\n<h2 class=\"wp-block-heading\" id=\"h-bosnian-grammar-topics\">Bosnisk grammatik \u00e4mnen<\/h2>\n\n\n\n<p>Bosniska \u00e4r ett sydslaviskt spr\u00e5k som fr\u00e4mst <a href=\"https:\/\/talkpal.ai\/locations\/language-courses-in-talas\/\">talas<\/a> i Bosnien och Hercegovina, Serbien, <a href=\"https:\/\/talkpal.ai\/locations\/language-courses-in-montenegro\/\">Montenegro<\/a> och Kroatien. Det \u00e4r \u00f6msesidigt begripligt med serbiska och kroatiska och \u00e4r en del av det standardiserade serbokroatiska spr\u00e5ket. Att l\u00e4ra sig bosniska kan vara en fascinerande och givande upplevelse, eftersom det ger insikt i Balkanregionens rika historia, kultur och traditioner. F\u00f6r att l\u00e4ra sig bosniska effektivt \u00e4r det viktigt att f\u00f6rst\u00e5 dess grammatiksystem, som inkluderar olika tempus, substantiv- och adjektivformer och meningsstrukturer. I <a href=\"https:\/\/talkpal.ai\/culture\/how-do-i-use-den-har-and-det-har\/\">den h\u00e4r<\/a> guiden kommer vi att utforska ordningsf\u00f6ljden av bosniska grammatik\u00e4mnen f\u00f6r att hj\u00e4lpa dig att beh\u00e4rska spr\u00e5ket effektivt.<\/p>\n\n\n\n<h3 class=\"wp-block-heading\" id=\"h-1-nouns-and-articles\">1. Substantiv och artiklar:<\/h3>\n\n\n\n<p>B\u00f6rja med att l\u00e4ra dig substantiven, som \u00e4r indelade i tre genus (maskulinum, femininum, neutrum) och har singular- och pluralformer. Bosniskan har inte artiklar som engelskan, men anv\u00e4nder demonstrativa pronomen f\u00f6r att ange specificitet.<\/p>\n\n\n\n<h3 class=\"wp-block-heading\" id=\"h-2-adjectives\">2. Adjektiv:<\/h3>\n\n\n\n<p>Adjektiv \u00f6verensst\u00e4mmer med substantiv i genus, numerus och kasus. L\u00e4r dig hur du bildar och anv\u00e4nder adjektiv f\u00f6r att beskriva substantiv korrekt.<\/p>\n\n\n\n<h3 class=\"wp-block-heading\" id=\"h-3-pronouns-determiners\">3. Pronomen\/best\u00e4mningsfaktorer:<\/h3>\n\n\n\n<p>Bosniska pronomen och best\u00e4mningar \u00f6verensst\u00e4mmer ocks\u00e5 med substantiv i genus, numerus och kasus. Studera personliga, possessiva, demonstrativa och fr\u00e5gande pronomen f\u00f6r att f\u00f6rb\u00e4ttra din kommunikationsf\u00f6rm\u00e5ga.<\/p>\n\n\n\n<h3 class=\"wp-block-heading\" id=\"h-4-verbs\">4. Verb:<\/h3>\n\n\n\n<p>Bekanta dig med regelbundna och <a href=\"https:\/\/talkpal.ai\/sv\/grammar\/oregelbundna-verb-i-armenisk-grammatik\/\">oregelbundna verb<\/a>, deras b\u00f6jningsm\u00f6nster och skillnaden mellan perfektiva och imperfektiva aspekter.<\/p>\n\n\n\n<h3 class=\"wp-block-heading\" id=\"h-5-tenses\">5. Tempus:<\/h3>\n\n\n\n<p>Bosniska har tre tempus: d\u00e5tid, nutid och framtid. L\u00e4r dig hur du bildar och anv\u00e4nder dessa tempus f\u00f6r att uttrycka handlingar och h\u00e4ndelser inom olika tidsramar.<\/p>\n\n\n\n<h3 class=\"wp-block-heading\" id=\"h-6-tense-comparison\">6. Sp\u00e4nd j\u00e4mf\u00f6relse:<\/h3>\n\n\n\n<p>F\u00f6rst\u00e5 skillnaderna och likheterna mellan tempus, med fokus p\u00e5 deras anv\u00e4ndning i olika sammanhang.<\/p>\n\n\n\n<h3 class=\"wp-block-heading\" id=\"h-7-progressive-and-perfect-progressive\">7. Progressiv och perfekt progressiv:<\/h3>\n\n\n\n<p>Bosniska har ingen direkt motsvarighet till engelskans progressiva och perfekt progressiva tempus. Den anv\u00e4nder dock verbal aspekt (perfektiv och imperfektiv) f\u00f6r att f\u00f6rmedla liknande betydelser.<\/p>\n\n\n\n<h3 class=\"wp-block-heading\" id=\"h-8-adverbs\">8. Adverb:<\/h3>\n\n\n\n<p>Studera adverb och deras placering i meningar f\u00f6r att uttrycka tid, s\u00e4tt och grad.<\/p>\n\n\n\n<h3 class=\"wp-block-heading\" id=\"h-9-conditionals\">9. Villkor:<\/h3>\n\n\n\n<p>L\u00e4r dig hur du bildar och anv\u00e4nder <a href=\"https:\/\/talkpal.ai\/sv\/grammar\/villkorliga-meningar-i-turkisk-grammatik\/\">villkorliga meningar<\/a> (verkliga och overkliga) f\u00f6r att uttrycka hypotetiska situationer och deras konsekvenser.<\/p>\n\n\n\n<h3 class=\"wp-block-heading\" id=\"h-10-prepositions\">10. Prepositioner:<\/h3>\n\n\n\n<p>Prepositioner \u00e4r viktiga f\u00f6r att indikera relationer mellan ord och fraser. L\u00e4r dig hur du anv\u00e4nder dem p\u00e5 r\u00e4tt s\u00e4tt i olika sammanhang.<\/p>\n\n\n\n<h3 class=\"wp-block-heading\" id=\"h-11-sentences\">11. Meningar:<\/h3>\n\n\n\n<p>Slutligen, \u00f6va p\u00e5 att konstruera enkla och komplexa meningar med hj\u00e4lp av alla grammatiska element du har l\u00e4rt dig. Detta kommer hj\u00e4lpa dig att utveckla en stark grund i bosniska och g\u00f6ra det m\u00f6jligt f\u00f6r dig att kommunicera effektivt med modersm\u00e5lstalare.<\/p>\n<\/div><\/div>\n\r\n<section class=\"learnNavigationSection\">\r\n            \r\n        <a href=\"https:\/\/talkpal.ai\/sv\/lar-dig-bosniska\/\">\r\n            <div class=\"learnNavigationWrapper\">\r\n                <div class=\"learnNavigationContent\">\r\n                    <img decoding=\"async\" src=\"https:\/\/talkpal.ai\/wp-content\/uploads\/2024\/08\/Bosnian.jpg\" alt=\"Bosnian Flag\">\r\n                    <div>\r\n                        <h4>Om Bosnian Learning<\/h4>\r\n                        <p>Ta reda p\u00e5 allt om bosnisk grammatik.<\/p>\r\n                    <\/div>\r\n                <\/div>\r\n            <\/div>\r\n        <\/a>\r\n\r\n        \r\n        <a href=\"https:\/\/talkpal.ai\/sv\/bosnisk-grammatik\/\">\r\n            <div class=\"learnNavigationWrapper\">\r\n                <div class=\"learnNavigationContent\">\r\n                    <img decoding=\"async\" src=\"https:\/\/talkpal.ai\/wp-content\/uploads\/2024\/08\/Bosnian.jpg\" alt=\"Bosnian Flag\">\r\n                    <div>\r\n                        <h4>Bosniska grammatiklektioner<\/h4>\r\n                        <p>\u00d6va bosnisk grammatik.<\/p>\r\n                    <\/div>\r\n                <\/div>\r\n            <\/div>\r\n        <\/a>\r\n\r\n        \r\n        <a href=\"https:\/\/talkpal.ai\/vocabulary_language\/bosnian\/\">\r\n            <div class=\"learnNavigationWrapper\">\r\n                <div class=\"learnNavigationContent\">\r\n                    <img decoding=\"async\" src=\"https:\/\/talkpal.ai\/wp-content\/uploads\/2024\/08\/Bosnian.jpg\" alt=\"Bosnian Flag\">\r\n                    <div>\r\n                        <h4>Bosnisk vokabul\u00e4r<\/h4>\r\n                        <p>Ut\u00f6ka ditt bosniska ordf\u00f6rr\u00e5d.<\/p>\r\n                    <\/div>\r\n                <\/div>\r\n            <\/div>\r\n        <\/a>\r\n\r\n            <\/section>","protected":false},"excerpt":{"rendered":"<p>Bosnisk grammatik \u00e4mnen Bosniska \u00e4r ett sydslaviskt spr\u00e5k som fr\u00e4mst talas i Bosnien och Hercegovina, Serbien, Montenegro och Kroatien. Det \u00e4r \u00f6msesidigt begripligt med serbiska och kroatiska och \u00e4r en del av det standardiserade serbokroatiska spr\u00e5ket. Att l\u00e4ra sig bosniska kan vara en fascinerande och givande upplevelse, eftersom det ger insikt i Balkanregionens rika historia, [&hellip;]<\/p>\n","protected":false},"author":6,"featured_media":28213,"parent":0,"menu_order":0,"comment_status":"closed","ping_status":"closed","template":"LearningContentPage.php","meta":{"_acf_changed":false,"footnotes":""},"class_list":["post-165055","page","type-page","status-publish","has-post-thumbnail","hentry"],"acf":[],"yoast_head":"<!-- This site is optimized with the Yoast SEO Premium plugin v27.2 (Yoast SEO v27.2) - https:\/\/yoast.com\/product\/yoast-seo-premium-wordpress\/ -->\n<title>Bosnisk grammatik - Talkpal<\/title>\n<meta name=\"description\" content=\"Beh\u00e4rska bosniskan med engagerande \u00f6vningar i bosnisk grammatik som \u00e4r utformade f\u00f6r att \u00f6ka din f\u00f6rst\u00e5else f\u00f6r meningsbyggnad och tempus.\" \/>\n<meta name=\"robots\" content=\"index, follow, max-snippet:-1, max-image-preview:large, max-video-preview:-1\" \/>\n<link rel=\"canonical\" href=\"https:\/\/talkpal.ai\/sv\/bosnisk-grammatik-2\/\" \/>\n<meta property=\"og:locale\" content=\"sv_SE\" \/>\n<meta property=\"og:type\" content=\"article\" \/>\n<meta property=\"og:title\" content=\"Bosnisk grammatik\" \/>\n<meta property=\"og:description\" content=\"Bosnisk grammatik \u00e4mnen Bosniska \u00e4r ett sydslaviskt spr\u00e5k som fr\u00e4mst talas i Bosnien och Hercegovina, Serbien, Montenegro och Kroatien. Det \u00e4r \u00f6msesidigt\" \/>\n<meta property=\"og:url\" content=\"https:\/\/talkpal.ai\/sv\/bosnisk-grammatik-2\/\" \/>\n<meta property=\"og:site_name\" content=\"Talkpal\" \/>\n<meta property=\"article:publisher\" content=\"https:\/\/www.facebook.com\/profile.php?id=100090733639311\" \/>\n<meta property=\"article:modified_time\" content=\"2025-05-23T12:06:17+00:00\" \/>\n<meta property=\"og:image\" content=\"https:\/\/talkpal.ai\/wp-content\/uploads\/2023\/05\/bosnia-and-herzegovina.png\" \/>\n\t<meta property=\"og:image:width\" content=\"512\" \/>\n\t<meta property=\"og:image:height\" content=\"512\" \/>\n\t<meta property=\"og:image:type\" content=\"image\/png\" \/>\n<meta name=\"twitter:card\" content=\"summary_large_image\" \/>\n<meta name=\"twitter:site\" content=\"@talkpalai\" \/>\n<meta name=\"twitter:label1\" content=\"Ber\u00e4knad l\u00e4stid\" \/>\n\t<meta name=\"twitter:data1\" content=\"2 minuter\" \/>\n<script type=\"application\/ld+json\" class=\"yoast-schema-graph\">{\"@context\":\"https:\/\/schema.org\",\"@graph\":[{\"@type\":\"WebPage\",\"@id\":\"https:\/\/talkpal.ai\/sv\/bosnisk-grammatik-2\/\",\"url\":\"https:\/\/talkpal.ai\/sv\/bosnisk-grammatik-2\/\",\"name\":\"Bosnisk grammatik - Talkpal\",\"isPartOf\":{\"@id\":\"https:\/\/talkpal.ai\/sv\/#website\"},\"primaryImageOfPage\":{\"@id\":\"https:\/\/talkpal.ai\/sv\/bosnisk-grammatik-2\/#primaryimage\"},\"image\":{\"@id\":\"https:\/\/talkpal.ai\/sv\/bosnisk-grammatik-2\/#primaryimage\"},\"thumbnailUrl\":\"https:\/\/talkpal.ai\/wp-content\/uploads\/2023\/05\/bosnia-and-herzegovina.png\",\"datePublished\":\"2023-06-16T12:01:29+00:00\",\"dateModified\":\"2025-05-23T12:06:17+00:00\",\"description\":\"Beh\u00e4rska bosniskan med engagerande \u00f6vningar i bosnisk grammatik som \u00e4r utformade f\u00f6r att \u00f6ka din f\u00f6rst\u00e5else f\u00f6r meningsbyggnad och tempus.\",\"breadcrumb\":{\"@id\":\"https:\/\/talkpal.ai\/sv\/bosnisk-grammatik-2\/#breadcrumb\"},\"inLanguage\":\"sv-SE\",\"potentialAction\":[{\"@type\":\"ReadAction\",\"target\":[\"https:\/\/talkpal.ai\/sv\/bosnisk-grammatik-2\/\"]}]},{\"@type\":\"ImageObject\",\"inLanguage\":\"sv-SE\",\"@id\":\"https:\/\/talkpal.ai\/sv\/bosnisk-grammatik-2\/#primaryimage\",\"url\":\"https:\/\/talkpal.ai\/wp-content\/uploads\/2023\/05\/bosnia-and-herzegovina.png\",\"contentUrl\":\"https:\/\/talkpal.ai\/wp-content\/uploads\/2023\/05\/bosnia-and-herzegovina.png\",\"width\":512,\"height\":512},{\"@type\":\"BreadcrumbList\",\"@id\":\"https:\/\/talkpal.ai\/sv\/bosnisk-grammatik-2\/#breadcrumb\",\"itemListElement\":[{\"@type\":\"ListItem\",\"position\":1,\"name\":\"Homepage\",\"item\":\"https:\/\/talkpal.ai\/sv\/\"},{\"@type\":\"ListItem\",\"position\":2,\"name\":\"Bosnisk grammatik\"}]},{\"@type\":\"WebSite\",\"@id\":\"https:\/\/talkpal.ai\/sv\/#website\",\"url\":\"https:\/\/talkpal.ai\/sv\/\",\"name\":\"Talkpal\",\"description\":\"AI Language Learning\",\"publisher\":{\"@id\":\"https:\/\/talkpal.ai\/sv\/#organization\"},\"alternateName\":\"Talkpal AI\",\"potentialAction\":[{\"@type\":\"SearchAction\",\"target\":{\"@type\":\"EntryPoint\",\"urlTemplate\":\"https:\/\/talkpal.ai\/sv\/?s={search_term_string}\"},\"query-input\":{\"@type\":\"PropertyValueSpecification\",\"valueRequired\":true,\"valueName\":\"search_term_string\"}}],\"inLanguage\":\"sv-SE\"},{\"@type\":\"Organization\",\"@id\":\"https:\/\/talkpal.ai\/sv\/#organization\",\"name\":\"Talkpal, Inc.\",\"alternateName\":\"Talkpal AI\",\"url\":\"https:\/\/talkpal.ai\/sv\/\",\"logo\":{\"@type\":\"ImageObject\",\"inLanguage\":\"sv-SE\",\"@id\":\"https:\/\/talkpal.ai\/sv\/#\/schema\/logo\/image\/\",\"url\":\"https:\/\/talkpal.ai\/wp-content\/uploads\/2024\/03\/Talkpal-Logo-Icon.png\",\"contentUrl\":\"https:\/\/talkpal.ai\/wp-content\/uploads\/2024\/03\/Talkpal-Logo-Icon.png\",\"width\":2880,\"height\":2880,\"caption\":\"Talkpal, Inc.\"},\"image\":{\"@id\":\"https:\/\/talkpal.ai\/sv\/#\/schema\/logo\/image\/\"},\"sameAs\":[\"https:\/\/www.facebook.com\/profile.php?id=100090733639311\",\"https:\/\/x.com\/talkpalai\",\"https:\/\/www.linkedin.com\/company\/talkpal\/\",\"https:\/\/www.youtube.com\/@TalkPal\/\",\"https:\/\/www.tiktok.com\/@talkpal\",\"https:\/\/www.instagram.com\/talkpal_ai\/\",\"https:\/\/www.crunchbase.com\/organization\/talkpal-9cde\",\"https:\/\/www.g2.com\/products\/talkpal-for-business\/\",\"https:\/\/www.trustpilot.com\/review\/talkpal.ai\",\"https:\/\/www.capterra.com\/p\/10006800\/TalkPal\/\"],\"description\":\"Talkpal is a language learning web and mobile education app, powered by the latest AI technologies, that provides engaging experiences to its customers in many different languages to help them improve their language skills. Users can chat about unlimited amount of topics with the app and use other modes to practice their language learning.\",\"email\":\"support@talkpal.ai\",\"legalName\":\"Talkpal, Inc.\",\"foundingDate\":\"2023-04-03\",\"duns\":\"118989042\",\"numberOfEmployees\":{\"@type\":\"QuantitativeValue\",\"minValue\":\"11\",\"maxValue\":\"50\"},\"publishingPrinciples\":\"https:\/\/talkpal.ai\/publishing-principles\/\",\"actionableFeedbackPolicy\":\"https:\/\/talkpal.ai\/actionable-feedback-policy\/\",\"correctionsPolicy\":\"https:\/\/talkpal.ai\/corrections-policy\/\",\"ethicsPolicy\":\"https:\/\/talkpal.ai\/ethics-policy\/\",\"diversityPolicy\":\"https:\/\/talkpal.ai\/diversity-policy\/\",\"diversityStaffingReport\":\"https:\/\/talkpal.ai\/diversity-policy\/\"}]}<\/script>\n<!-- \/ Yoast SEO Premium plugin. -->","yoast_head_json":{"title":"Bosnisk grammatik - Talkpal","description":"Beh\u00e4rska bosniskan med engagerande \u00f6vningar i bosnisk grammatik som \u00e4r utformade f\u00f6r att \u00f6ka din f\u00f6rst\u00e5else f\u00f6r meningsbyggnad och tempus.","robots":{"index":"index","follow":"follow","max-snippet":"max-snippet:-1","max-image-preview":"max-image-preview:large","max-video-preview":"max-video-preview:-1"},"canonical":"https:\/\/talkpal.ai\/sv\/bosnisk-grammatik-2\/","og_locale":"sv_SE","og_type":"article","og_title":"Bosnisk grammatik","og_description":"Bosnisk grammatik \u00e4mnen Bosniska \u00e4r ett sydslaviskt spr\u00e5k som fr\u00e4mst talas i Bosnien och Hercegovina, Serbien, Montenegro och Kroatien. Det \u00e4r \u00f6msesidigt","og_url":"https:\/\/talkpal.ai\/sv\/bosnisk-grammatik-2\/","og_site_name":"Talkpal","article_publisher":"https:\/\/www.facebook.com\/profile.php?id=100090733639311","article_modified_time":"2025-05-23T12:06:17+00:00","og_image":[{"width":512,"height":512,"url":"https:\/\/talkpal.ai\/wp-content\/uploads\/2023\/05\/bosnia-and-herzegovina.png","type":"image\/png"}],"twitter_card":"summary_large_image","twitter_site":"@talkpalai","twitter_misc":{"Ber\u00e4knad l\u00e4stid":"2 minuter"},"schema":{"@context":"https:\/\/schema.org","@graph":[{"@type":"WebPage","@id":"https:\/\/talkpal.ai\/sv\/bosnisk-grammatik-2\/","url":"https:\/\/talkpal.ai\/sv\/bosnisk-grammatik-2\/","name":"Bosnisk grammatik - Talkpal","isPartOf":{"@id":"https:\/\/talkpal.ai\/sv\/#website"},"primaryImageOfPage":{"@id":"https:\/\/talkpal.ai\/sv\/bosnisk-grammatik-2\/#primaryimage"},"image":{"@id":"https:\/\/talkpal.ai\/sv\/bosnisk-grammatik-2\/#primaryimage"},"thumbnailUrl":"https:\/\/talkpal.ai\/wp-content\/uploads\/2023\/05\/bosnia-and-herzegovina.png","datePublished":"2023-06-16T12:01:29+00:00","dateModified":"2025-05-23T12:06:17+00:00","description":"Beh\u00e4rska bosniskan med engagerande \u00f6vningar i bosnisk grammatik som \u00e4r utformade f\u00f6r att \u00f6ka din f\u00f6rst\u00e5else f\u00f6r meningsbyggnad och tempus.","breadcrumb":{"@id":"https:\/\/talkpal.ai\/sv\/bosnisk-grammatik-2\/#breadcrumb"},"inLanguage":"sv-SE","potentialAction":[{"@type":"ReadAction","target":["https:\/\/talkpal.ai\/sv\/bosnisk-grammatik-2\/"]}]},{"@type":"ImageObject","inLanguage":"sv-SE","@id":"https:\/\/talkpal.ai\/sv\/bosnisk-grammatik-2\/#primaryimage","url":"https:\/\/talkpal.ai\/wp-content\/uploads\/2023\/05\/bosnia-and-herzegovina.png","contentUrl":"https:\/\/talkpal.ai\/wp-content\/uploads\/2023\/05\/bosnia-and-herzegovina.png","width":512,"height":512},{"@type":"BreadcrumbList","@id":"https:\/\/talkpal.ai\/sv\/bosnisk-grammatik-2\/#breadcrumb","itemListElement":[{"@type":"ListItem","position":1,"name":"Homepage","item":"https:\/\/talkpal.ai\/sv\/"},{"@type":"ListItem","position":2,"name":"Bosnisk grammatik"}]},{"@type":"WebSite","@id":"https:\/\/talkpal.ai\/sv\/#website","url":"https:\/\/talkpal.ai\/sv\/","name":"Talkpal","description":"AI Language Learning","publisher":{"@id":"https:\/\/talkpal.ai\/sv\/#organization"},"alternateName":"Talkpal AI","potentialAction":[{"@type":"SearchAction","target":{"@type":"EntryPoint","urlTemplate":"https:\/\/talkpal.ai\/sv\/?s={search_term_string}"},"query-input":{"@type":"PropertyValueSpecification","valueRequired":true,"valueName":"search_term_string"}}],"inLanguage":"sv-SE"},{"@type":"Organization","@id":"https:\/\/talkpal.ai\/sv\/#organization","name":"Talkpal, Inc.","alternateName":"Talkpal AI","url":"https:\/\/talkpal.ai\/sv\/","logo":{"@type":"ImageObject","inLanguage":"sv-SE","@id":"https:\/\/talkpal.ai\/sv\/#\/schema\/logo\/image\/","url":"https:\/\/talkpal.ai\/wp-content\/uploads\/2024\/03\/Talkpal-Logo-Icon.png","contentUrl":"https:\/\/talkpal.ai\/wp-content\/uploads\/2024\/03\/Talkpal-Logo-Icon.png","width":2880,"height":2880,"caption":"Talkpal, Inc."},"image":{"@id":"https:\/\/talkpal.ai\/sv\/#\/schema\/logo\/image\/"},"sameAs":["https:\/\/www.facebook.com\/profile.php?id=100090733639311","https:\/\/x.com\/talkpalai","https:\/\/www.linkedin.com\/company\/talkpal\/","https:\/\/www.youtube.com\/@TalkPal\/","https:\/\/www.tiktok.com\/@talkpal","https:\/\/www.instagram.com\/talkpal_ai\/","https:\/\/www.crunchbase.com\/organization\/talkpal-9cde","https:\/\/www.g2.com\/products\/talkpal-for-business\/","https:\/\/www.trustpilot.com\/review\/talkpal.ai","https:\/\/www.capterra.com\/p\/10006800\/TalkPal\/"],"description":"Talkpal is a language learning web and mobile education app, powered by the latest AI technologies, that provides engaging experiences to its customers in many different languages to help them improve their language skills. Users can chat about unlimited amount of topics with the app and use other modes to practice their language learning.","email":"support@talkpal.ai","legalName":"Talkpal, Inc.","foundingDate":"2023-04-03","duns":"118989042","numberOfEmployees":{"@type":"QuantitativeValue","minValue":"11","maxValue":"50"},"publishingPrinciples":"https:\/\/talkpal.ai\/publishing-principles\/","actionableFeedbackPolicy":"https:\/\/talkpal.ai\/actionable-feedback-policy\/","correctionsPolicy":"https:\/\/talkpal.ai\/corrections-policy\/","ethicsPolicy":"https:\/\/talkpal.ai\/ethics-policy\/","diversityPolicy":"https:\/\/talkpal.ai\/diversity-policy\/","diversityStaffingReport":"https:\/\/talkpal.ai\/diversity-policy\/"}]}},"_links":{"self":[{"href":"https:\/\/talkpal.ai\/sv\/wp-json\/wp\/v2\/pages\/165055","targetHints":{"allow":["GET"]}}],"collection":[{"href":"https:\/\/talkpal.ai\/sv\/wp-json\/wp\/v2\/pages"}],"about":[{"href":"https:\/\/talkpal.ai\/sv\/wp-json\/wp\/v2\/types\/page"}],"author":[{"embeddable":true,"href":"https:\/\/talkpal.ai\/sv\/wp-json\/wp\/v2\/users\/6"}],"replies":[{"embeddable":true,"href":"https:\/\/talkpal.ai\/sv\/wp-json\/wp\/v2\/comments?post=165055"}],"version-history":[{"count":0,"href":"https:\/\/talkpal.ai\/sv\/wp-json\/wp\/v2\/pages\/165055\/revisions"}],"wp:featuredmedia":[{"embeddable":true,"href":"https:\/\/talkpal.ai\/sv\/wp-json\/wp\/v2\/media\/28213"}],"wp:attachment":[{"href":"https:\/\/talkpal.ai\/sv\/wp-json\/wp\/v2\/media?parent=165055"}],"curies":[{"name":"wp","href":"https:\/\/api.w.org\/{rel}","templated":true}]}}