{"id":164047,"date":"2023-06-16T13:02:09","date_gmt":"2023-06-16T13:02:09","guid":{"rendered":"http:\/\/talkpal.ai\/kroatiska-grammatikovningar\/"},"modified":"2025-12-17T16:25:34","modified_gmt":"2025-12-17T16:25:34","slug":"kroatiska-grammatikovningar","status":"publish","type":"page","link":"https:\/\/talkpal.ai\/sv\/kroatiska-grammatikovningar\/","title":{"rendered":"Kroatiska grammatik\u00f6vningar"},"content":{"rendered":"\r\n\r\n\r\n<section class=\"languageChallengeSection\">\r\n    <div class=\"languageInfoWrapper\">\r\n        \r\n        <h1>Kroatiska grammatik\u00f6vningar<\/h1>\r\n        <p>Vill du bli mer s\u00e4ker p\u00e5 kroatiska? Genom att \u00f6va p\u00e5 grammatik\u00f6vningar kan du l\u00e4ra dig att beh\u00e4rska meningsbyggnad, verbformer och det kroatiska spr\u00e5kets unika egenskaper. B\u00f6rja utforska <a href=\"https:\/\/talkpal.ai\/da\/laer-kroatisk\/\">kroatisk grammatik<\/a> idag och se hur dina kunskaper och ditt flyt f\u00f6rb\u00e4ttras med varje ny \u00f6vning!\n\n<\/p>\r\n\r\n                            <a class=\"getStartedHidden\" href=\"https:\/\/app.talkpal.ai\/sv\/signup?lng=\">Kom ig\u00e5ng<\/a>\r\n        \r\n    <\/div>\r\n\r\n    <figure>\r\n    <img decoding=\"async\" width=\"768\" height=\"768\" src=\"https:\/\/talkpal.ai\/wp-content\/uploads\/2023\/06\/croatian-768x768.png\" class=\"languageImage no-lazy\" alt=\"Default alt text\" fetchpriority=\"high\" sizes=\"(max-width: 768px) 150px, 768px\" srcset=\"https:\/\/talkpal.ai\/wp-content\/uploads\/2023\/06\/croatian-768x768.png 768w, https:\/\/talkpal.ai\/wp-content\/uploads\/2023\/06\/croatian-300x300.png 300w\" \/>\r\n    \r\n\r\n    <\/figure>\r\n\r\n            <a class=\"getStartedVisible\" href=\"https:\/\/app.talkpal.ai\/sv\/signup?lng=\">Kom ig\u00e5ng<\/a>\r\n    \r\n<\/section>\r\n\r\n\r\n<!-- <section class=\"grammarSection\">\r\n    <div class=\"grammarLinks\">\r\n        <a href=\"https:\/\/talkpal.ai\/sv\/exercise_language\/adjektiv-kroatisk-grammatik\/\">Adjektiv <\/a><a href=\"https:\/\/talkpal.ai\/sv\/exercise_language\/adverb-kroatisk-grammatik\/\">Adverb \u2013 kroatisk grammatik<\/a><a href=\"https:\/\/talkpal.ai\/sv\/exercise_language\/artiklar-kroatisk-grammatik\/\">Artiklar \u2013 Kroatisk grammatik<\/a><a href=\"https:\/\/talkpal.ai\/sv\/exercise_language\/jamforelse-av-tempus-kroatisk-grammatik\/\">J\u00e4mf\u00f6relse av tempus \u2013 kroatisk grammatik<\/a><a href=\"https:\/\/talkpal.ai\/sv\/exercise_language\/konditionaler-kroatisk-grammatik\/\">Konditionaler \u2013 Kroatisk grammatik<\/a><a href=\"https:\/\/talkpal.ai\/sv\/exercise_language\/meningar-kroatisk-grammatik\/\">Meningar \u2013 kroatisk grammatik<\/a><a href=\"https:\/\/talkpal.ai\/sv\/exercise_language\/perfect-progressive-kroatisk-grammatik\/\">Perfect Progressive \u2013 Kroatisk grammatik<\/a><a href=\"https:\/\/talkpal.ai\/sv\/exercise_language\/prepositioner-kroatisk-grammatik\/\">Prepositioner \u2013 Kroatisk grammatik<\/a><a href=\"https:\/\/talkpal.ai\/sv\/exercise_language\/progressiv-kroatisk-grammatik\/\">Progressiv <\/a><a href=\"https:\/\/talkpal.ai\/sv\/exercise_language\/pronomen-bestamningsfaktorer-kroatisk-grammatik\/\">Pronomen\/best\u00e4mningsfaktorer <\/a><a href=\"https:\/\/talkpal.ai\/sv\/exercise_language\/substantiv-kroatisk-grammatik\/\">Substantiv \u2013 kroatisk grammatik<\/a><a href=\"https:\/\/talkpal.ai\/sv\/exercise_language\/tempus-kroatisk-grammatik\/\">Tempus <\/a><a href=\"https:\/\/talkpal.ai\/sv\/exercise_language\/verb-kroatisk-grammatik\/\">Verb <\/a>    <\/div>\r\n<\/section> -->\r\n\r\n\r\n\r\n\r\n        <section class=\"grammarSection\">\r\n            <div class=\"grammarLinks\">\r\n                <a href=\"https:\/\/talkpal.ai\/sv\/exercise_language\/adjektiv-kroatisk-grammatik\/\">Adjektiv <\/a><a href=\"https:\/\/talkpal.ai\/sv\/exercise_language\/adverb-kroatisk-grammatik\/\">Adverb \u2013 kroatisk grammatik<\/a><a href=\"https:\/\/talkpal.ai\/sv\/exercise_language\/artiklar-kroatisk-grammatik\/\">Artiklar \u2013 Kroatisk grammatik<\/a><a href=\"https:\/\/talkpal.ai\/sv\/exercise_language\/jamforelse-av-tempus-kroatisk-grammatik\/\">J\u00e4mf\u00f6relse av tempus \u2013 kroatisk grammatik<\/a><a href=\"https:\/\/talkpal.ai\/sv\/exercise_language\/konditionaler-kroatisk-grammatik\/\">Konditionaler \u2013 Kroatisk grammatik<\/a><a href=\"https:\/\/talkpal.ai\/sv\/exercise_language\/meningar-kroatisk-grammatik\/\">Meningar \u2013 kroatisk grammatik<\/a><a href=\"https:\/\/talkpal.ai\/sv\/exercise_language\/perfect-progressive-kroatisk-grammatik\/\">Perfect Progressive \u2013 Kroatisk grammatik<\/a><a href=\"https:\/\/talkpal.ai\/sv\/exercise_language\/prepositioner-kroatisk-grammatik\/\">Prepositioner \u2013 Kroatisk grammatik<\/a><a href=\"https:\/\/talkpal.ai\/sv\/exercise_language\/progressiv-kroatisk-grammatik\/\">Progressiv <\/a><a href=\"https:\/\/talkpal.ai\/sv\/exercise_language\/pronomen-bestamningsfaktorer-kroatisk-grammatik\/\">Pronomen\/best\u00e4mningsfaktorer <\/a><a href=\"https:\/\/talkpal.ai\/sv\/exercise_language\/substantiv-kroatisk-grammatik\/\">Substantiv \u2013 kroatisk grammatik<\/a><a href=\"https:\/\/talkpal.ai\/sv\/exercise_language\/tempus-kroatisk-grammatik\/\">Tempus <\/a><a href=\"https:\/\/talkpal.ai\/sv\/exercise_language\/verb-kroatisk-grammatik\/\">Verb <\/a>            <\/div>\r\n        <\/section>\r\n<section class=\"promotionalBanner\">\r\n    <p class=\"promotionalText\">Det mest effektiva s\u00e4ttet att l\u00e4ra sig ett spr\u00e5k<\/p>\r\n    <a class=\"promotionalLink\" href=\"https:\/\/app.talkpal.ai\/sv\/signup?lng=\">Prova Talkpal gratis<\/a>\r\n<\/section>\n<div class=\"wp-block-group pageContainerStyle\"><div class=\"wp-block-group__inner-container is-layout-constrained wp-block-group-is-layout-constrained\">\n<h2 class=\"wp-block-heading\" id=\"h-croatian-grammar-topics\">Kroatiska grammatik\u00e4mnen<\/h2>\n\n\n\n<p>Kroatiska, ett sydslaviskt spr\u00e5k, \u00e4r det officiella spr\u00e5ket i Kroatien och ett av de officiella spr\u00e5ken i Bosnien och Hercegovina. Det \u00e4r ett komplext och rikt spr\u00e5k, med en l\u00e5ng historia och ett unikt grammatiksystem. F\u00f6r eleverna \u00e4r det viktigt att f\u00f6rst\u00e5 de grundl\u00e4ggande aspekterna av kroatisk grammatik f\u00f6r att bli skicklig i spr\u00e5ket. <a href=\"https:\/\/talkpal.ai\/culture\/how-do-i-use-den-har-and-det-har\/\">Den h\u00e4r<\/a> guiden hj\u00e4lper dig att navigera genom de viktigaste grammatiska \u00e4mnena som tempus, verb, substantiv och mer, i en sekvens som underl\u00e4ttar din inl\u00e4rningsprocess och ger en stark grund f\u00f6r att beh\u00e4rska detta vackra spr\u00e5k.<\/p>\n\n\n\n<h3 class=\"wp-block-heading\" id=\"h-1-nouns\">1. Substantiv:<\/h3>\n\n\n\n<p>Substantiv \u00e4r den f\u00f6rsta byggstenen i <a href=\"https:\/\/talkpal.ai\/fr\/langues\/\">alla spr\u00e5k<\/a>, och kroatiska substantiv har tre genus &#8211; maskulinum, femininum och neutrum, vilket p\u00e5verkar b\u00f6jningen och \u00f6verensst\u00e4mmelsen med adjektiv och pronomen. Bekanta dig med de olika k\u00f6nen och deras respektive \u00e4ndelser.<\/p>\n\n\n\n<h3 class=\"wp-block-heading\" id=\"h-2-articles\">2. Artiklar:<\/h3>\n\n\n\n<p>Kroatiska har inte artiklar som &#8221;the&#8221; eller &#8221;a&#8221; p\u00e5 <a href=\"https:\/\/talkpal.ai\/learn-english-with-ai\/\">engelska<\/a>, vilket g\u00f6r det l\u00e4ttare f\u00f6r nyb\u00f6rjare att b\u00f6rja konstruera <a href=\"https:\/\/talkpal.ai\/sv\/grammar\/enkla-meningar-i-tagalog-grammatik\/\">enkla meningar<\/a> utan att oroa sig f\u00f6r artikelanv\u00e4ndning.<\/p>\n\n\n\n<h3 class=\"wp-block-heading\" id=\"h-3-pronouns-determiners\">3. Pronomen\/best\u00e4mningsfaktorer:<\/h3>\n\n\n\n<p>Pronomen anv\u00e4nds f\u00f6r att ers\u00e4tta substantiv i meningar, medan best\u00e4mningar anger ett substantivs specificitet. L\u00e4r dig de olika typerna av pronomen (personliga, possessiva, demonstrativa, etc.) och deras b\u00f6jning beroende p\u00e5 k\u00f6n, numerus och kasus.<\/p>\n\n\n\n<h3 class=\"wp-block-heading\" id=\"h-4-adjectives\">4. Adjektiv:<\/h3>\n\n\n\n<p>Adjektiv beskriver substantivens egenskaper, och de \u00f6verensst\u00e4mmer med genus, numerus och kasus f\u00f6r substantivet de modifierar. L\u00e4r dig adjektivens grundformer och b\u00f6jningsm\u00f6nster.<\/p>\n\n\n\n<h3 class=\"wp-block-heading\" id=\"h-5-verbs\">5. Verb:<\/h3>\n\n\n\n<p>Verb \u00e4r k\u00e4rnan i varje mening och uttrycker handlingar eller tillst\u00e5nd. Kroatiska verb b\u00f6js efter tempus, modus, r\u00f6st och person. B\u00f6rja med de vanligaste regelbundna verben och deras b\u00f6jningsm\u00f6nster i presens.<\/p>\n\n\n\n<h3 class=\"wp-block-heading\" id=\"h-6-tenses\">6. Tempus:<\/h3>\n\n\n\n<p>Kroatiskan har sju tempus &#8211; presens, futurum I, futurum II, pastum, pluperfektum, aorist och imperfektum. B\u00f6rja med presens och g\u00e5 sedan vidare till d\u00e5tid och futurum och l\u00e4r dig b\u00f6jningsm\u00f6nstren f\u00f6r var och en.<\/p>\n\n\n\n<h3 class=\"wp-block-heading\" id=\"h-7-tense-comparison\">7. Sp\u00e4nd j\u00e4mf\u00f6relse:<\/h3>\n\n\n\n<p>Att f\u00f6rst\u00e5 skillnaderna och likheterna mellan tempus \u00e4r avg\u00f6rande f\u00f6r att beh\u00e4rska kroatiska. J\u00e4mf\u00f6r tempus och \u00f6va p\u00e5 att anv\u00e4nda dem i sitt sammanhang.<\/p>\n\n\n\n<h3 class=\"wp-block-heading\" id=\"h-8-progressive\">8. Progressiv:<\/h3>\n\n\n\n<p>Den progressiva aspekten uttrycker handlingar som \u00e4r p\u00e5g\u00e5ende eller kontinuerliga. Kroatiska har ingen separat progressiv form som engelska, men du kan f\u00f6rmedla den progressiva betydelsen genom att anv\u00e4nda specifika verbformer, adverb eller konstruktioner.<\/p>\n\n\n\n<h3 class=\"wp-block-heading\" id=\"h-9-perfect-progressive\">9. Perfekt progressiv:<\/h3>\n\n\n\n<p>Denna aspekt kombinerar de perfekta och progressiva betydelserna. P\u00e5 kroatiska uttrycks det genom att anv\u00e4nda perfekt tempus med en specifik verbform eller konstruktion som indikerar kontinuerlig handling.<\/p>\n\n\n\n<h3 class=\"wp-block-heading\" id=\"h-10-adverbs\">10. Adverb:<\/h3>\n\n\n\n<p>Adverb modifierar verb, adjektiv eller andra adverb, och de anger vanligtvis s\u00e4tt, plats, tid eller grad. L\u00e4r dig de vanligaste kroatiska adverben och deras placering i meningar.<\/p>\n\n\n\n<h3 class=\"wp-block-heading\" id=\"h-11-prepositions\">11. Prepositioner:<\/h3>\n\n\n\n<p>Prepositioner anv\u00e4nds f\u00f6r att indikera relationer mellan ord, till exempel plats, riktning, tid eller besittning. L\u00e4r dig de vanligaste kroatiska prepositionerna och de kasus de styr.<\/p>\n\n\n\n<h3 class=\"wp-block-heading\" id=\"h-12-conditionals\">12. Villkor:<\/h3>\n\n\n\n<p>Konditionaler uttrycker hypotetiska situationer eller villkor och deras konsekvenser. Kroatiskan har tre typer av konditionalis &#8211; verkliga, overkliga och blandade. L\u00e4r dig bildandet och anv\u00e4ndningen av varje typ.<\/p>\n\n\n\n<h3 class=\"wp-block-heading\" id=\"h-13-sentences\">13. Meningar:<\/h3>\n\n\n\n<p>Slutligen f\u00e5r du \u00f6va p\u00e5 att kombinera alla grammatiska element du har l\u00e4rt dig f\u00f6r att konstruera enkla och komplexa meningar p\u00e5 kroatiska. Detta kommer att hj\u00e4lpa dig att utveckla ditt spr\u00e5kflyt och f\u00f6rst\u00e5else f\u00f6r kroatisk grammatik som helhet.<\/p>\n<\/div><\/div>\n\r\n<section class=\"learnNavigationSection\">\r\n            \r\n        <a href=\"https:\/\/talkpal.ai\/sv\/lar-dig-kroatiska\/\">\r\n            <div class=\"learnNavigationWrapper\">\r\n                <div class=\"learnNavigationContent\">\r\n                    <img decoding=\"async\" src=\"https:\/\/talkpal.ai\/wp-content\/uploads\/2024\/08\/Croatian.jpg\" alt=\"Croatian Flag\">\r\n                    <div>\r\n                        <h4>Om kroatisk inl\u00e4rning<\/h4>\r\n                        <p>Ta reda p\u00e5 allt om kroatisk grammatik.<\/p>\r\n                    <\/div>\r\n                <\/div>\r\n            <\/div>\r\n        <\/a>\r\n\r\n        \r\n        <a href=\"https:\/\/talkpal.ai\/sv\/kroatisk-grammatik\/\">\r\n            <div class=\"learnNavigationWrapper\">\r\n                <div class=\"learnNavigationContent\">\r\n                    <img decoding=\"async\" src=\"https:\/\/talkpal.ai\/wp-content\/uploads\/2024\/08\/Croatian.jpg\" alt=\"Croatian Flag\">\r\n                    <div>\r\n                        <h4>Lektioner i kroatisk grammatik<\/h4>\r\n                        <p>\u00d6va kroatisk grammatik.<\/p>\r\n                    <\/div>\r\n                <\/div>\r\n            <\/div>\r\n        <\/a>\r\n\r\n        \r\n        <a href=\"https:\/\/talkpal.ai\/vocabulary_language\/croatian\/\">\r\n            <div class=\"learnNavigationWrapper\">\r\n                <div class=\"learnNavigationContent\">\r\n                    <img decoding=\"async\" src=\"https:\/\/talkpal.ai\/wp-content\/uploads\/2024\/08\/Croatian.jpg\" alt=\"Croatian Flag\">\r\n                    <div>\r\n                        <h4>Ordf\u00f6rr\u00e5d p\u00e5 kroatiska<\/h4>\r\n                        <p>Ut\u00f6ka ditt kroatiska ordf\u00f6rr\u00e5d.<\/p>\r\n                    <\/div>\r\n                <\/div>\r\n            <\/div>\r\n        <\/a>\r\n\r\n            <\/section>","protected":false},"excerpt":{"rendered":"<p>Kroatiska grammatik\u00e4mnen Kroatiska, ett sydslaviskt spr\u00e5k, \u00e4r det officiella spr\u00e5ket i Kroatien och ett av de officiella spr\u00e5ken i Bosnien och Hercegovina. Det \u00e4r ett komplext och rikt spr\u00e5k, med en l\u00e5ng historia och ett unikt grammatiksystem. F\u00f6r eleverna \u00e4r det viktigt att f\u00f6rst\u00e5 de grundl\u00e4ggande aspekterna av kroatisk grammatik f\u00f6r att bli skicklig i [&hellip;]<\/p>\n","protected":false},"author":6,"featured_media":28261,"parent":0,"menu_order":0,"comment_status":"closed","ping_status":"closed","template":"LearningContentPage.php","meta":{"_acf_changed":false,"footnotes":""},"class_list":["post-164047","page","type-page","status-publish","has-post-thumbnail","hentry"],"acf":[],"yoast_head":"<!-- This site is optimized with the Yoast SEO Premium plugin v27.2 (Yoast SEO v27.2) - https:\/\/yoast.com\/product\/yoast-seo-premium-wordpress\/ -->\n<title>Kroatiska grammatik\u00f6vningar - Talkpal<\/title>\n<meta name=\"description\" content=\"Beh\u00e4rska kroatiska med effektiva kroatiska grammatik\u00f6vningar som f\u00f6renklar inl\u00e4rning av tempus, verb och substantiv f\u00f6r anv\u00e4ndare.\" \/>\n<meta name=\"robots\" content=\"index, follow, max-snippet:-1, max-image-preview:large, max-video-preview:-1\" \/>\n<link rel=\"canonical\" href=\"https:\/\/talkpal.ai\/sv\/kroatiska-grammatikovningar\/\" \/>\n<meta property=\"og:locale\" content=\"sv_SE\" \/>\n<meta property=\"og:type\" content=\"article\" \/>\n<meta property=\"og:title\" content=\"Kroatiska grammatik\u00f6vningar\" \/>\n<meta property=\"og:description\" content=\"Kroatiska grammatik\u00e4mnen Kroatiska, ett sydslaviskt spr\u00e5k, \u00e4r det officiella spr\u00e5ket i Kroatien och ett av de officiella spr\u00e5ken i Bosnien och\" \/>\n<meta property=\"og:url\" content=\"https:\/\/talkpal.ai\/sv\/kroatiska-grammatikovningar\/\" \/>\n<meta property=\"og:site_name\" content=\"Talkpal\" \/>\n<meta property=\"article:publisher\" content=\"https:\/\/www.facebook.com\/profile.php?id=100090733639311\" \/>\n<meta property=\"article:modified_time\" content=\"2025-12-17T16:25:34+00:00\" \/>\n<meta property=\"og:image\" content=\"https:\/\/talkpal.ai\/wp-content\/uploads\/2023\/05\/croatia.png\" \/>\n\t<meta property=\"og:image:width\" content=\"512\" \/>\n\t<meta property=\"og:image:height\" content=\"512\" \/>\n\t<meta property=\"og:image:type\" content=\"image\/png\" \/>\n<meta name=\"twitter:card\" content=\"summary_large_image\" \/>\n<meta name=\"twitter:site\" content=\"@talkpalai\" \/>\n<meta name=\"twitter:label1\" content=\"Ber\u00e4knad l\u00e4stid\" \/>\n\t<meta name=\"twitter:data1\" content=\"3 minuter\" \/>\n<script type=\"application\/ld+json\" class=\"yoast-schema-graph\">{\"@context\":\"https:\/\/schema.org\",\"@graph\":[{\"@type\":\"WebPage\",\"@id\":\"https:\/\/talkpal.ai\/sv\/kroatiska-grammatikovningar\/\",\"url\":\"https:\/\/talkpal.ai\/sv\/kroatiska-grammatikovningar\/\",\"name\":\"Kroatiska grammatik\u00f6vningar - Talkpal\",\"isPartOf\":{\"@id\":\"https:\/\/talkpal.ai\/sv\/#website\"},\"primaryImageOfPage\":{\"@id\":\"https:\/\/talkpal.ai\/sv\/kroatiska-grammatikovningar\/#primaryimage\"},\"image\":{\"@id\":\"https:\/\/talkpal.ai\/sv\/kroatiska-grammatikovningar\/#primaryimage\"},\"thumbnailUrl\":\"https:\/\/talkpal.ai\/wp-content\/uploads\/2023\/05\/croatia.png\",\"datePublished\":\"2023-06-16T13:02:09+00:00\",\"dateModified\":\"2025-12-17T16:25:34+00:00\",\"description\":\"Beh\u00e4rska kroatiska med effektiva kroatiska grammatik\u00f6vningar som f\u00f6renklar inl\u00e4rning av tempus, verb och substantiv f\u00f6r anv\u00e4ndare.\",\"breadcrumb\":{\"@id\":\"https:\/\/talkpal.ai\/sv\/kroatiska-grammatikovningar\/#breadcrumb\"},\"inLanguage\":\"sv-SE\",\"potentialAction\":[{\"@type\":\"ReadAction\",\"target\":[\"https:\/\/talkpal.ai\/sv\/kroatiska-grammatikovningar\/\"]}]},{\"@type\":\"ImageObject\",\"inLanguage\":\"sv-SE\",\"@id\":\"https:\/\/talkpal.ai\/sv\/kroatiska-grammatikovningar\/#primaryimage\",\"url\":\"https:\/\/talkpal.ai\/wp-content\/uploads\/2023\/05\/croatia.png\",\"contentUrl\":\"https:\/\/talkpal.ai\/wp-content\/uploads\/2023\/05\/croatia.png\",\"width\":512,\"height\":512},{\"@type\":\"BreadcrumbList\",\"@id\":\"https:\/\/talkpal.ai\/sv\/kroatiska-grammatikovningar\/#breadcrumb\",\"itemListElement\":[{\"@type\":\"ListItem\",\"position\":1,\"name\":\"Homepage\",\"item\":\"https:\/\/talkpal.ai\/sv\/\"},{\"@type\":\"ListItem\",\"position\":2,\"name\":\"Kroatiska grammatik\u00f6vningar\"}]},{\"@type\":\"WebSite\",\"@id\":\"https:\/\/talkpal.ai\/sv\/#website\",\"url\":\"https:\/\/talkpal.ai\/sv\/\",\"name\":\"Talkpal\",\"description\":\"AI Language Learning\",\"publisher\":{\"@id\":\"https:\/\/talkpal.ai\/sv\/#organization\"},\"alternateName\":\"Talkpal AI\",\"potentialAction\":[{\"@type\":\"SearchAction\",\"target\":{\"@type\":\"EntryPoint\",\"urlTemplate\":\"https:\/\/talkpal.ai\/sv\/?s={search_term_string}\"},\"query-input\":{\"@type\":\"PropertyValueSpecification\",\"valueRequired\":true,\"valueName\":\"search_term_string\"}}],\"inLanguage\":\"sv-SE\"},{\"@type\":\"Organization\",\"@id\":\"https:\/\/talkpal.ai\/sv\/#organization\",\"name\":\"Talkpal, Inc.\",\"alternateName\":\"Talkpal AI\",\"url\":\"https:\/\/talkpal.ai\/sv\/\",\"logo\":{\"@type\":\"ImageObject\",\"inLanguage\":\"sv-SE\",\"@id\":\"https:\/\/talkpal.ai\/sv\/#\/schema\/logo\/image\/\",\"url\":\"https:\/\/talkpal.ai\/wp-content\/uploads\/2024\/03\/Talkpal-Logo-Icon.png\",\"contentUrl\":\"https:\/\/talkpal.ai\/wp-content\/uploads\/2024\/03\/Talkpal-Logo-Icon.png\",\"width\":2880,\"height\":2880,\"caption\":\"Talkpal, Inc.\"},\"image\":{\"@id\":\"https:\/\/talkpal.ai\/sv\/#\/schema\/logo\/image\/\"},\"sameAs\":[\"https:\/\/www.facebook.com\/profile.php?id=100090733639311\",\"https:\/\/x.com\/talkpalai\",\"https:\/\/www.linkedin.com\/company\/talkpal\/\",\"https:\/\/www.youtube.com\/@TalkPal\/\",\"https:\/\/www.tiktok.com\/@talkpal\",\"https:\/\/www.instagram.com\/talkpal_ai\/\",\"https:\/\/www.crunchbase.com\/organization\/talkpal-9cde\",\"https:\/\/www.g2.com\/products\/talkpal-for-business\/\",\"https:\/\/www.trustpilot.com\/review\/talkpal.ai\",\"https:\/\/www.capterra.com\/p\/10006800\/TalkPal\/\"],\"description\":\"Talkpal is a language learning web and mobile education app, powered by the latest AI technologies, that provides engaging experiences to its customers in many different languages to help them improve their language skills. Users can chat about unlimited amount of topics with the app and use other modes to practice their language learning.\",\"email\":\"support@talkpal.ai\",\"legalName\":\"Talkpal, Inc.\",\"foundingDate\":\"2023-04-03\",\"duns\":\"118989042\",\"numberOfEmployees\":{\"@type\":\"QuantitativeValue\",\"minValue\":\"11\",\"maxValue\":\"50\"},\"publishingPrinciples\":\"https:\/\/talkpal.ai\/publishing-principles\/\",\"actionableFeedbackPolicy\":\"https:\/\/talkpal.ai\/actionable-feedback-policy\/\",\"correctionsPolicy\":\"https:\/\/talkpal.ai\/corrections-policy\/\",\"ethicsPolicy\":\"https:\/\/talkpal.ai\/ethics-policy\/\",\"diversityPolicy\":\"https:\/\/talkpal.ai\/diversity-policy\/\",\"diversityStaffingReport\":\"https:\/\/talkpal.ai\/diversity-policy\/\"}]}<\/script>\n<!-- \/ Yoast SEO Premium plugin. -->","yoast_head_json":{"title":"Kroatiska grammatik\u00f6vningar - Talkpal","description":"Beh\u00e4rska kroatiska med effektiva kroatiska grammatik\u00f6vningar som f\u00f6renklar inl\u00e4rning av tempus, verb och substantiv f\u00f6r anv\u00e4ndare.","robots":{"index":"index","follow":"follow","max-snippet":"max-snippet:-1","max-image-preview":"max-image-preview:large","max-video-preview":"max-video-preview:-1"},"canonical":"https:\/\/talkpal.ai\/sv\/kroatiska-grammatikovningar\/","og_locale":"sv_SE","og_type":"article","og_title":"Kroatiska grammatik\u00f6vningar","og_description":"Kroatiska grammatik\u00e4mnen Kroatiska, ett sydslaviskt spr\u00e5k, \u00e4r det officiella spr\u00e5ket i Kroatien och ett av de officiella spr\u00e5ken i Bosnien och","og_url":"https:\/\/talkpal.ai\/sv\/kroatiska-grammatikovningar\/","og_site_name":"Talkpal","article_publisher":"https:\/\/www.facebook.com\/profile.php?id=100090733639311","article_modified_time":"2025-12-17T16:25:34+00:00","og_image":[{"width":512,"height":512,"url":"https:\/\/talkpal.ai\/wp-content\/uploads\/2023\/05\/croatia.png","type":"image\/png"}],"twitter_card":"summary_large_image","twitter_site":"@talkpalai","twitter_misc":{"Ber\u00e4knad l\u00e4stid":"3 minuter"},"schema":{"@context":"https:\/\/schema.org","@graph":[{"@type":"WebPage","@id":"https:\/\/talkpal.ai\/sv\/kroatiska-grammatikovningar\/","url":"https:\/\/talkpal.ai\/sv\/kroatiska-grammatikovningar\/","name":"Kroatiska grammatik\u00f6vningar - Talkpal","isPartOf":{"@id":"https:\/\/talkpal.ai\/sv\/#website"},"primaryImageOfPage":{"@id":"https:\/\/talkpal.ai\/sv\/kroatiska-grammatikovningar\/#primaryimage"},"image":{"@id":"https:\/\/talkpal.ai\/sv\/kroatiska-grammatikovningar\/#primaryimage"},"thumbnailUrl":"https:\/\/talkpal.ai\/wp-content\/uploads\/2023\/05\/croatia.png","datePublished":"2023-06-16T13:02:09+00:00","dateModified":"2025-12-17T16:25:34+00:00","description":"Beh\u00e4rska kroatiska med effektiva kroatiska grammatik\u00f6vningar som f\u00f6renklar inl\u00e4rning av tempus, verb och substantiv f\u00f6r anv\u00e4ndare.","breadcrumb":{"@id":"https:\/\/talkpal.ai\/sv\/kroatiska-grammatikovningar\/#breadcrumb"},"inLanguage":"sv-SE","potentialAction":[{"@type":"ReadAction","target":["https:\/\/talkpal.ai\/sv\/kroatiska-grammatikovningar\/"]}]},{"@type":"ImageObject","inLanguage":"sv-SE","@id":"https:\/\/talkpal.ai\/sv\/kroatiska-grammatikovningar\/#primaryimage","url":"https:\/\/talkpal.ai\/wp-content\/uploads\/2023\/05\/croatia.png","contentUrl":"https:\/\/talkpal.ai\/wp-content\/uploads\/2023\/05\/croatia.png","width":512,"height":512},{"@type":"BreadcrumbList","@id":"https:\/\/talkpal.ai\/sv\/kroatiska-grammatikovningar\/#breadcrumb","itemListElement":[{"@type":"ListItem","position":1,"name":"Homepage","item":"https:\/\/talkpal.ai\/sv\/"},{"@type":"ListItem","position":2,"name":"Kroatiska grammatik\u00f6vningar"}]},{"@type":"WebSite","@id":"https:\/\/talkpal.ai\/sv\/#website","url":"https:\/\/talkpal.ai\/sv\/","name":"Talkpal","description":"AI Language Learning","publisher":{"@id":"https:\/\/talkpal.ai\/sv\/#organization"},"alternateName":"Talkpal AI","potentialAction":[{"@type":"SearchAction","target":{"@type":"EntryPoint","urlTemplate":"https:\/\/talkpal.ai\/sv\/?s={search_term_string}"},"query-input":{"@type":"PropertyValueSpecification","valueRequired":true,"valueName":"search_term_string"}}],"inLanguage":"sv-SE"},{"@type":"Organization","@id":"https:\/\/talkpal.ai\/sv\/#organization","name":"Talkpal, Inc.","alternateName":"Talkpal AI","url":"https:\/\/talkpal.ai\/sv\/","logo":{"@type":"ImageObject","inLanguage":"sv-SE","@id":"https:\/\/talkpal.ai\/sv\/#\/schema\/logo\/image\/","url":"https:\/\/talkpal.ai\/wp-content\/uploads\/2024\/03\/Talkpal-Logo-Icon.png","contentUrl":"https:\/\/talkpal.ai\/wp-content\/uploads\/2024\/03\/Talkpal-Logo-Icon.png","width":2880,"height":2880,"caption":"Talkpal, Inc."},"image":{"@id":"https:\/\/talkpal.ai\/sv\/#\/schema\/logo\/image\/"},"sameAs":["https:\/\/www.facebook.com\/profile.php?id=100090733639311","https:\/\/x.com\/talkpalai","https:\/\/www.linkedin.com\/company\/talkpal\/","https:\/\/www.youtube.com\/@TalkPal\/","https:\/\/www.tiktok.com\/@talkpal","https:\/\/www.instagram.com\/talkpal_ai\/","https:\/\/www.crunchbase.com\/organization\/talkpal-9cde","https:\/\/www.g2.com\/products\/talkpal-for-business\/","https:\/\/www.trustpilot.com\/review\/talkpal.ai","https:\/\/www.capterra.com\/p\/10006800\/TalkPal\/"],"description":"Talkpal is a language learning web and mobile education app, powered by the latest AI technologies, that provides engaging experiences to its customers in many different languages to help them improve their language skills. Users can chat about unlimited amount of topics with the app and use other modes to practice their language learning.","email":"support@talkpal.ai","legalName":"Talkpal, Inc.","foundingDate":"2023-04-03","duns":"118989042","numberOfEmployees":{"@type":"QuantitativeValue","minValue":"11","maxValue":"50"},"publishingPrinciples":"https:\/\/talkpal.ai\/publishing-principles\/","actionableFeedbackPolicy":"https:\/\/talkpal.ai\/actionable-feedback-policy\/","correctionsPolicy":"https:\/\/talkpal.ai\/corrections-policy\/","ethicsPolicy":"https:\/\/talkpal.ai\/ethics-policy\/","diversityPolicy":"https:\/\/talkpal.ai\/diversity-policy\/","diversityStaffingReport":"https:\/\/talkpal.ai\/diversity-policy\/"}]}},"_links":{"self":[{"href":"https:\/\/talkpal.ai\/sv\/wp-json\/wp\/v2\/pages\/164047","targetHints":{"allow":["GET"]}}],"collection":[{"href":"https:\/\/talkpal.ai\/sv\/wp-json\/wp\/v2\/pages"}],"about":[{"href":"https:\/\/talkpal.ai\/sv\/wp-json\/wp\/v2\/types\/page"}],"author":[{"embeddable":true,"href":"https:\/\/talkpal.ai\/sv\/wp-json\/wp\/v2\/users\/6"}],"replies":[{"embeddable":true,"href":"https:\/\/talkpal.ai\/sv\/wp-json\/wp\/v2\/comments?post=164047"}],"version-history":[{"count":0,"href":"https:\/\/talkpal.ai\/sv\/wp-json\/wp\/v2\/pages\/164047\/revisions"}],"wp:featuredmedia":[{"embeddable":true,"href":"https:\/\/talkpal.ai\/sv\/wp-json\/wp\/v2\/media\/28261"}],"wp:attachment":[{"href":"https:\/\/talkpal.ai\/sv\/wp-json\/wp\/v2\/media?parent=164047"}],"curies":[{"name":"wp","href":"https:\/\/api.w.org\/{rel}","templated":true}]}}