{"id":163699,"date":"2023-06-16T13:10:39","date_gmt":"2023-06-16T13:10:39","guid":{"rendered":"http:\/\/talkpal.ai\/tjeckiska-grammatikovningar\/"},"modified":"2025-12-17T16:27:50","modified_gmt":"2025-12-17T16:27:50","slug":"tjeckiska-grammatikovningar","status":"publish","type":"page","link":"https:\/\/talkpal.ai\/sv\/tjeckiska-grammatikovningar\/","title":{"rendered":"Tjeckiska grammatik\u00f6vningar"},"content":{"rendered":"\r\n\r\n\r\n<section class=\"languageChallengeSection\">\r\n    <div class=\"languageInfoWrapper\">\r\n        \r\n        <h1>Tjeckiska grammatik\u00f6vningar<\/h1>\r\n        <p>\u00c4r du redo att v\u00e4ssa dina <a href=\"https:\/\/talkpal.ai\/learn-czech\/\">tjeckiska<\/a> f\u00e4rdigheter? Att \u00f6va p\u00e5 grammatik\u00f6vningar \u00e4r det perfekta s\u00e4ttet att l\u00e4ra sig beh\u00e4rska meningsbyggnad, verb\u00e4ndelser och det <a href=\"https:\/\/talkpal.ai\/learn-czech\/\">tjeckiska<\/a> spr\u00e5kets s\u00e4rpr\u00e4glade m\u00f6nster. B\u00f6rja arbeta med <a href=\"https:\/\/talkpal.ai\/sv\/grammar\/enkel-present-i-tjeckisk-grammatik\/\">tjeckisk grammatik<\/a> idag och se hur ditt sj\u00e4lvf\u00f6rtroende och flyt v\u00e4xer med varje \u00f6vning!\n\n<\/p>\r\n\r\n                            <a class=\"getStartedHidden\" href=\"https:\/\/app.talkpal.ai\/sv\/signup?lng=\">Kom ig\u00e5ng<\/a>\r\n        \r\n    <\/div>\r\n\r\n    <figure>\r\n    <img decoding=\"async\" width=\"768\" height=\"768\" src=\"https:\/\/talkpal.ai\/wp-content\/uploads\/2023\/06\/Czech-768x768.png\" class=\"languageImage no-lazy\" alt=\"Default alt text\" fetchpriority=\"high\" sizes=\"(max-width: 768px) 150px, 768px\" srcset=\"https:\/\/talkpal.ai\/wp-content\/uploads\/2023\/06\/Czech-768x768.png 768w, https:\/\/talkpal.ai\/wp-content\/uploads\/2023\/06\/Czech-300x300.png 300w\" \/>\r\n    \r\n\r\n    <\/figure>\r\n\r\n            <a class=\"getStartedVisible\" href=\"https:\/\/app.talkpal.ai\/sv\/signup?lng=\">Kom ig\u00e5ng<\/a>\r\n    \r\n<\/section>\r\n\r\n\r\n<!-- <section class=\"grammarSection\">\r\n    <div class=\"grammarLinks\">\r\n        <a href=\"https:\/\/talkpal.ai\/sv\/exercise_language\/adjektiv-tjeckisk-grammatik\/\">Adjektiv <\/a><a href=\"https:\/\/talkpal.ai\/sv\/exercise_language\/adverb-tjeckisk-grammatik\/\">Adverb <\/a><a href=\"https:\/\/talkpal.ai\/sv\/exercise_language\/artiklar-tjeckisk-grammatik\/\">Artiklar <\/a><a href=\"https:\/\/talkpal.ai\/sv\/exercise_language\/jamforelse-av-tempus-tjeckisk-grammatik\/\">J\u00e4mf\u00f6relse av tempus \u2013 tjeckisk grammatik<\/a><a href=\"https:\/\/talkpal.ai\/sv\/exercise_language\/konditionaler-tjeckisk-grammatik\/\">Konditionaler <\/a><a href=\"https:\/\/talkpal.ai\/sv\/exercise_language\/meningar-tjeckisk-grammatik\/\">Meningar \u2013 tjeckisk grammatik<\/a><a href=\"https:\/\/talkpal.ai\/sv\/exercise_language\/perfect-progressive-tjeckisk-grammatik\/\">Perfect Progressive <\/a><a href=\"https:\/\/talkpal.ai\/sv\/exercise_language\/prepositioner-tjeckisk-grammatik\/\">Prepositioner <\/a><a href=\"https:\/\/talkpal.ai\/sv\/exercise_language\/progressiv-tjeckisk-grammatik\/\">Progressiv \u2013 Tjeckisk grammatik<\/a><a href=\"https:\/\/talkpal.ai\/sv\/exercise_language\/pronomen-bestamningsfaktorer-tjeckisk-grammatik\/\">Pronomen\/best\u00e4mningsfaktorer \u2013 tjeckisk grammatik<\/a><a href=\"https:\/\/talkpal.ai\/sv\/exercise_language\/substantiv-tjeckisk-grammatik\/\">Substantiv <\/a><a href=\"https:\/\/talkpal.ai\/sv\/exercise_language\/tempus-tjeckisk-grammatik\/\">Tempus \u2013 tjeckisk grammatik<\/a><a href=\"https:\/\/talkpal.ai\/sv\/exercise_language\/verb-tjeckisk-grammatik\/\">Verb \u2013 tjeckisk grammatik<\/a>    <\/div>\r\n<\/section> -->\r\n\r\n\r\n\r\n\r\n        <section class=\"grammarSection\">\r\n            <div class=\"grammarLinks\">\r\n                <a href=\"https:\/\/talkpal.ai\/sv\/exercise_language\/adjektiv-tjeckisk-grammatik\/\">Adjektiv <\/a><a href=\"https:\/\/talkpal.ai\/sv\/exercise_language\/adverb-tjeckisk-grammatik\/\">Adverb <\/a><a href=\"https:\/\/talkpal.ai\/sv\/exercise_language\/artiklar-tjeckisk-grammatik\/\">Artiklar <\/a><a href=\"https:\/\/talkpal.ai\/sv\/exercise_language\/jamforelse-av-tempus-tjeckisk-grammatik\/\">J\u00e4mf\u00f6relse av tempus \u2013 tjeckisk grammatik<\/a><a href=\"https:\/\/talkpal.ai\/sv\/exercise_language\/konditionaler-tjeckisk-grammatik\/\">Konditionaler <\/a><a href=\"https:\/\/talkpal.ai\/sv\/exercise_language\/meningar-tjeckisk-grammatik\/\">Meningar \u2013 tjeckisk grammatik<\/a><a href=\"https:\/\/talkpal.ai\/sv\/exercise_language\/perfect-progressive-tjeckisk-grammatik\/\">Perfect Progressive <\/a><a href=\"https:\/\/talkpal.ai\/sv\/exercise_language\/prepositioner-tjeckisk-grammatik\/\">Prepositioner <\/a><a href=\"https:\/\/talkpal.ai\/sv\/exercise_language\/progressiv-tjeckisk-grammatik\/\">Progressiv \u2013 Tjeckisk grammatik<\/a><a href=\"https:\/\/talkpal.ai\/sv\/exercise_language\/pronomen-bestamningsfaktorer-tjeckisk-grammatik\/\">Pronomen\/best\u00e4mningsfaktorer \u2013 tjeckisk grammatik<\/a><a href=\"https:\/\/talkpal.ai\/sv\/exercise_language\/substantiv-tjeckisk-grammatik\/\">Substantiv <\/a><a href=\"https:\/\/talkpal.ai\/sv\/exercise_language\/tempus-tjeckisk-grammatik\/\">Tempus \u2013 tjeckisk grammatik<\/a><a href=\"https:\/\/talkpal.ai\/sv\/exercise_language\/verb-tjeckisk-grammatik\/\">Verb \u2013 tjeckisk grammatik<\/a>            <\/div>\r\n        <\/section>\r\n<section class=\"promotionalBanner\">\r\n    <p class=\"promotionalText\">Det mest effektiva s\u00e4ttet att l\u00e4ra sig ett spr\u00e5k<\/p>\r\n    <a class=\"promotionalLink\" href=\"https:\/\/app.talkpal.ai\/sv\/signup?lng=\">Prova Talkpal gratis<\/a>\r\n<\/section>\n<div class=\"wp-block-group pageContainerStyle\"><div class=\"wp-block-group__inner-container is-layout-constrained wp-block-group-is-layout-constrained\">\n<h2 class=\"wp-block-heading\" id=\"h-czech-grammar-topics\">Tjeckiska grammatik\u00e4mnen<\/h2>\n\n\n\n<p>Att l\u00e4ra sig ett nytt spr\u00e5k kan vara en sp\u00e4nnande och berikande upplevelse, och det tjeckiska spr\u00e5ket \u00e4r inget undantag. Med sin rika historia och unika slaviska charm erbjuder det tjeckiska spr\u00e5ket eleverna en port till hj\u00e4rtat av Centraleuropa. F\u00f6r att f\u00e5 ut s\u00e5 mycket som m\u00f6jligt av din resa i tjeckiska \u00e4r det viktigt att f\u00f6rst\u00e5 och beh\u00e4rska grammatiken, som \u00e4r ryggraden i <a href=\"https:\/\/talkpal.ai\/fr\/langues\/\">alla spr\u00e5k<\/a>. Fr\u00e5n tempus och verb till adjektiv och prepositioner, att k\u00e4nna till dessa grammatik\u00e4mnen hj\u00e4lper dig att kommunicera effektivt och sj\u00e4lvs\u00e4kert. I <a href=\"https:\/\/talkpal.ai\/culture\/how-do-i-use-den-har-and-det-har\/\">den h\u00e4r<\/a> guiden tar vi dig igenom de viktigaste tjeckiska grammatik\u00e4mnena, grupperade i en sekvens som underl\u00e4ttar din inl\u00e4rning och f\u00f6rst\u00e5else av spr\u00e5ket.<\/p>\n\n\n\n<h3 class=\"wp-block-heading\" id=\"h-1-nouns\">1. Substantiv:<\/h3>\n\n\n\n<p>B\u00f6rja din inl\u00e4rning med <a href=\"https:\/\/talkpal.ai\/sv\/grammar\/egna-substantiv-i-tjeckisk-grammatik\/\">tjeckiska substantiv<\/a>, eftersom de \u00e4r grunden f\u00f6r spr\u00e5ket. <a href=\"https:\/\/talkpal.ai\/sv\/grammar\/egna-substantiv-i-tjeckisk-grammatik\/\">Tjeckiska substantiv<\/a> har tre genus (maskulinum, femininum och neutrum) och sju kasus (nominativ, genitiv, dativ, ackusativ, vokativ, lokativ och instrumental). Att f\u00f6rst\u00e5 genus och kasussystem \u00e4r avg\u00f6rande f\u00f6r korrekt meningsbildning.<\/p>\n\n\n\n<h3 class=\"wp-block-heading\" id=\"h-2-articles\">2. Artiklar:<\/h3>\n\n\n\n<p>det tjeckiska spr\u00e5ket har inga obest\u00e4mda artiklar (a, an), och den best\u00e4mda artikeln (the) anv\u00e4nds endast i vissa specifika situationer. L\u00e4r dig n\u00e4r och hur du anv\u00e4nder best\u00e4md artikel f\u00f6r att f\u00f6rb\u00e4ttra din f\u00f6rst\u00e5else av tjeckisk grammatik.<\/p>\n\n\n\n<h3 class=\"wp-block-heading\" id=\"h-3-pronouns-determiners\">3. Pronomen\/best\u00e4mningsfaktorer:<\/h3>\n\n\n\n<p>Pronomen ers\u00e4tter substantiv i meningar, medan best\u00e4mningar anger eller modifierar substantiv. Bekanta dig med tjeckiska personliga, possessiva, demonstrativa, reflexiva och fr\u00e5gande pronomen, s\u00e5v\u00e4l som best\u00e4mningar, f\u00f6r att skapa mer komplexa meningar.<\/p>\n\n\n\n<h3 class=\"wp-block-heading\" id=\"h-4-adjectives\">4. Adjektiv:<\/h3>\n\n\n\n<p>Adjektiv beskriver eller modifierar substantiv p\u00e5 tjeckiska. L\u00e4r dig hur du anv\u00e4nder dem i r\u00e4tt genus, numerus och kasus f\u00f6r att st\u00e4mma \u00f6verens med substantivet de beskriver.<\/p>\n\n\n\n<h3 class=\"wp-block-heading\" id=\"h-5-adverbs\">5. Adverb:<\/h3>\n\n\n\n<p>Adverb modifierar verb, adjektiv eller andra adverb. De ger ytterligare information om \u00e5tg\u00e4rden, till exempel s\u00e4tt, tid eller plats. Att beh\u00e4rska tjeckiska adverb hj\u00e4lper dig att f\u00f6rmedla ditt budskap mer exakt.<\/p>\n\n\n\n<h3 class=\"wp-block-heading\" id=\"h-6-verbs\">6. Verb:<\/h3>\n\n\n\n<p>Tjeckiska verb \u00e4r viktiga f\u00f6r att uttrycka handlingar, h\u00e4ndelser eller tillst\u00e5nd. L\u00e4r dig konjugeringsm\u00f6nster, tempus (d\u00e5tid, nutid och framtid) och aspekter (perfektiv och imperfektiv) f\u00f6r att kommunicera effektivt.<\/p>\n\n\n\n<h3 class=\"wp-block-heading\" id=\"h-7-tense-comparison\">7. Sp\u00e4nd j\u00e4mf\u00f6relse:<\/h3>\n\n\n\n<p>Att f\u00f6rst\u00e5 skillnaderna och anv\u00e4ndningen av tjeckiska tempus (d\u00e5tid, nutid och framtid) g\u00f6r att du kan uttrycka dina tankar korrekt och undvika f\u00f6rvirring.<\/p>\n\n\n\n<h3 class=\"wp-block-heading\" id=\"h-8-progressive-and-perfect-progressive\">8. Progressiv och perfekt progressiv:<\/h3>\n\n\n\n<p>Tjeckiskan har inga direkta motsvarigheter till engelskans progressiv och perfekt progressiv tempus. Ist\u00e4llet anv\u00e4nder spr\u00e5ket olika verbaspekter (perfektiv och imperfektiv) och konstruktioner f\u00f6r att f\u00f6rmedla liknande betydelser. L\u00e4r dig hur du formar och anv\u00e4nder dessa konstruktioner f\u00f6r att uttrycka p\u00e5g\u00e5ende eller slutf\u00f6rda \u00e5tg\u00e4rder.<\/p>\n\n\n\n<h3 class=\"wp-block-heading\" id=\"h-9-conditionals\">9. Villkor:<\/h3>\n\n\n\n<p>Villkor anv\u00e4nds f\u00f6r att uttrycka hypotetiska situationer eller villkor. Bem\u00e4stra de tjeckiska villkorsformerna f\u00f6r att diskutera m\u00f6jligheter och g\u00f6ra f\u00f6ruts\u00e4gelser.<\/p>\n\n\n\n<h3 class=\"wp-block-heading\" id=\"h-10-prepositions\">10. Prepositioner:<\/h3>\n\n\n\n<p>Prepositioner anv\u00e4nds f\u00f6r att ange relationer mellan ord, till exempel plats, riktning, tid eller orsak. Att l\u00e4ra sig och anv\u00e4nda tjeckiska prepositioner p\u00e5 r\u00e4tt s\u00e4tt hj\u00e4lper dig att konstruera tydliga och meningsfulla meningar.<\/p>\n\n\n\n<h3 class=\"wp-block-heading\" id=\"h-11-sentences\">11. Meningar:<\/h3>\n\n\n\n<p>Slutligen kan du \u00f6va p\u00e5 att bilda tjeckiska meningar genom att kombinera de grammatiska element du har l\u00e4rt dig. Fokusera p\u00e5 att skapa enkla, sammansatta, komplexa och <a href=\"https:\/\/talkpal.ai\/sv\/grammar\/sammansatta-komplexa-meningar-i-azerbajdzjansk-grammatik\/\">sammansatta komplexa meningar<\/a> f\u00f6r att f\u00f6rb\u00e4ttra din flyt- och kommunikationsf\u00f6rm\u00e5ga i det tjeckiska spr\u00e5ket.<\/p>\n<\/div><\/div>\n\r\n<section class=\"learnNavigationSection\">\r\n            \r\n        <a href=\"https:\/\/talkpal.ai\/sv\/lar-dig-tjeckiska\/\">\r\n            <div class=\"learnNavigationWrapper\">\r\n                <div class=\"learnNavigationContent\">\r\n                    <img decoding=\"async\" src=\"https:\/\/talkpal.ai\/wp-content\/uploads\/2024\/08\/Czech.jpg\" alt=\"Czech Flag\">\r\n                    <div>\r\n                        <h4>Om Czech Learning<\/h4>\r\n                        <p>Ta reda p\u00e5 allt om tjeckisk grammatik.<\/p>\r\n                    <\/div>\r\n                <\/div>\r\n            <\/div>\r\n        <\/a>\r\n\r\n        \r\n        <a href=\"https:\/\/talkpal.ai\/sv\/tjeckisk-grammatik\/\">\r\n            <div class=\"learnNavigationWrapper\">\r\n                <div class=\"learnNavigationContent\">\r\n                    <img decoding=\"async\" src=\"https:\/\/talkpal.ai\/wp-content\/uploads\/2024\/08\/Czech.jpg\" alt=\"Czech Flag\">\r\n                    <div>\r\n                        <h4>Lektioner i tjeckisk grammatik<\/h4>\r\n                        <p>\u00d6va tjeckisk grammatik.<\/p>\r\n                    <\/div>\r\n                <\/div>\r\n            <\/div>\r\n        <\/a>\r\n\r\n        \r\n        <a href=\"https:\/\/talkpal.ai\/vocabulary_language\/czech\/\">\r\n            <div class=\"learnNavigationWrapper\">\r\n                <div class=\"learnNavigationContent\">\r\n                    <img decoding=\"async\" src=\"https:\/\/talkpal.ai\/wp-content\/uploads\/2024\/08\/Czech.jpg\" alt=\"Czech Flag\">\r\n                    <div>\r\n                        <h4>Tjeckisk vokabul\u00e4r<\/h4>\r\n                        <p>Ut\u00f6ka ditt tjeckiska ordf\u00f6rr\u00e5d.<\/p>\r\n                    <\/div>\r\n                <\/div>\r\n            <\/div>\r\n        <\/a>\r\n\r\n            <\/section>","protected":false},"excerpt":{"rendered":"<p>Tjeckiska grammatik\u00e4mnen Att l\u00e4ra sig ett nytt spr\u00e5k kan vara en sp\u00e4nnande och berikande upplevelse, och det tjeckiska spr\u00e5ket \u00e4r inget undantag. Med sin rika historia och unika slaviska charm erbjuder det tjeckiska spr\u00e5ket eleverna en port till hj\u00e4rtat av Centraleuropa. F\u00f6r att f\u00e5 ut s\u00e5 mycket som m\u00f6jligt av din resa i tjeckiska \u00e4r [&hellip;]<\/p>\n","protected":false},"author":6,"featured_media":28277,"parent":0,"menu_order":0,"comment_status":"closed","ping_status":"closed","template":"LearningContentPage.php","meta":{"_acf_changed":false,"footnotes":""},"class_list":["post-163699","page","type-page","status-publish","has-post-thumbnail","hentry"],"acf":[],"yoast_head":"<!-- This site is optimized with the Yoast SEO Premium plugin v27.2 (Yoast SEO v27.2) - https:\/\/yoast.com\/product\/yoast-seo-premium-wordpress\/ -->\n<title>Tjeckiska grammatik\u00f6vningar - Talkpal<\/title>\n<meta name=\"description\" content=\"Avsl\u00f6ja det tjeckiska spr\u00e5kets hemligheter med viktiga tjeckiska grammatik\u00f6vningar f\u00f6r s\u00e4ker kommunikation.\" \/>\n<meta name=\"robots\" content=\"index, follow, max-snippet:-1, max-image-preview:large, max-video-preview:-1\" \/>\n<link rel=\"canonical\" href=\"https:\/\/talkpal.ai\/sv\/tjeckiska-grammatikovningar\/\" \/>\n<meta property=\"og:locale\" content=\"sv_SE\" \/>\n<meta property=\"og:type\" content=\"article\" \/>\n<meta property=\"og:title\" content=\"Tjeckiska grammatik\u00f6vningar\" \/>\n<meta property=\"og:description\" content=\"Tjeckiska grammatik\u00e4mnen Att l\u00e4ra sig ett nytt spr\u00e5k kan vara en sp\u00e4nnande och berikande upplevelse, och det tjeckiska spr\u00e5ket \u00e4r inget undantag. Med sin\" \/>\n<meta property=\"og:url\" content=\"https:\/\/talkpal.ai\/sv\/tjeckiska-grammatikovningar\/\" \/>\n<meta property=\"og:site_name\" content=\"Talkpal\" \/>\n<meta property=\"article:publisher\" content=\"https:\/\/www.facebook.com\/profile.php?id=100090733639311\" \/>\n<meta property=\"article:modified_time\" content=\"2025-12-17T16:27:50+00:00\" \/>\n<meta property=\"og:image\" content=\"https:\/\/talkpal.ai\/wp-content\/uploads\/2023\/05\/czech-republic.png\" \/>\n\t<meta property=\"og:image:width\" content=\"512\" \/>\n\t<meta property=\"og:image:height\" content=\"512\" \/>\n\t<meta property=\"og:image:type\" content=\"image\/png\" \/>\n<meta name=\"twitter:card\" content=\"summary_large_image\" \/>\n<meta name=\"twitter:site\" content=\"@talkpalai\" \/>\n<meta name=\"twitter:label1\" content=\"Ber\u00e4knad l\u00e4stid\" \/>\n\t<meta name=\"twitter:data1\" content=\"3 minuter\" \/>\n<script type=\"application\/ld+json\" class=\"yoast-schema-graph\">{\"@context\":\"https:\/\/schema.org\",\"@graph\":[{\"@type\":\"WebPage\",\"@id\":\"https:\/\/talkpal.ai\/sv\/tjeckiska-grammatikovningar\/\",\"url\":\"https:\/\/talkpal.ai\/sv\/tjeckiska-grammatikovningar\/\",\"name\":\"Tjeckiska grammatik\u00f6vningar - Talkpal\",\"isPartOf\":{\"@id\":\"https:\/\/talkpal.ai\/sv\/#website\"},\"primaryImageOfPage\":{\"@id\":\"https:\/\/talkpal.ai\/sv\/tjeckiska-grammatikovningar\/#primaryimage\"},\"image\":{\"@id\":\"https:\/\/talkpal.ai\/sv\/tjeckiska-grammatikovningar\/#primaryimage\"},\"thumbnailUrl\":\"https:\/\/talkpal.ai\/wp-content\/uploads\/2023\/05\/czech-republic.png\",\"datePublished\":\"2023-06-16T13:10:39+00:00\",\"dateModified\":\"2025-12-17T16:27:50+00:00\",\"description\":\"Avsl\u00f6ja det tjeckiska spr\u00e5kets hemligheter med viktiga tjeckiska grammatik\u00f6vningar f\u00f6r s\u00e4ker kommunikation.\",\"breadcrumb\":{\"@id\":\"https:\/\/talkpal.ai\/sv\/tjeckiska-grammatikovningar\/#breadcrumb\"},\"inLanguage\":\"sv-SE\",\"potentialAction\":[{\"@type\":\"ReadAction\",\"target\":[\"https:\/\/talkpal.ai\/sv\/tjeckiska-grammatikovningar\/\"]}]},{\"@type\":\"ImageObject\",\"inLanguage\":\"sv-SE\",\"@id\":\"https:\/\/talkpal.ai\/sv\/tjeckiska-grammatikovningar\/#primaryimage\",\"url\":\"https:\/\/talkpal.ai\/wp-content\/uploads\/2023\/05\/czech-republic.png\",\"contentUrl\":\"https:\/\/talkpal.ai\/wp-content\/uploads\/2023\/05\/czech-republic.png\",\"width\":512,\"height\":512},{\"@type\":\"BreadcrumbList\",\"@id\":\"https:\/\/talkpal.ai\/sv\/tjeckiska-grammatikovningar\/#breadcrumb\",\"itemListElement\":[{\"@type\":\"ListItem\",\"position\":1,\"name\":\"Homepage\",\"item\":\"https:\/\/talkpal.ai\/sv\/\"},{\"@type\":\"ListItem\",\"position\":2,\"name\":\"Tjeckiska grammatik\u00f6vningar\"}]},{\"@type\":\"WebSite\",\"@id\":\"https:\/\/talkpal.ai\/sv\/#website\",\"url\":\"https:\/\/talkpal.ai\/sv\/\",\"name\":\"Talkpal\",\"description\":\"AI Language Learning\",\"publisher\":{\"@id\":\"https:\/\/talkpal.ai\/sv\/#organization\"},\"alternateName\":\"Talkpal AI\",\"potentialAction\":[{\"@type\":\"SearchAction\",\"target\":{\"@type\":\"EntryPoint\",\"urlTemplate\":\"https:\/\/talkpal.ai\/sv\/?s={search_term_string}\"},\"query-input\":{\"@type\":\"PropertyValueSpecification\",\"valueRequired\":true,\"valueName\":\"search_term_string\"}}],\"inLanguage\":\"sv-SE\"},{\"@type\":\"Organization\",\"@id\":\"https:\/\/talkpal.ai\/sv\/#organization\",\"name\":\"Talkpal, Inc.\",\"alternateName\":\"Talkpal AI\",\"url\":\"https:\/\/talkpal.ai\/sv\/\",\"logo\":{\"@type\":\"ImageObject\",\"inLanguage\":\"sv-SE\",\"@id\":\"https:\/\/talkpal.ai\/sv\/#\/schema\/logo\/image\/\",\"url\":\"https:\/\/talkpal.ai\/wp-content\/uploads\/2024\/03\/Talkpal-Logo-Icon.png\",\"contentUrl\":\"https:\/\/talkpal.ai\/wp-content\/uploads\/2024\/03\/Talkpal-Logo-Icon.png\",\"width\":2880,\"height\":2880,\"caption\":\"Talkpal, Inc.\"},\"image\":{\"@id\":\"https:\/\/talkpal.ai\/sv\/#\/schema\/logo\/image\/\"},\"sameAs\":[\"https:\/\/www.facebook.com\/profile.php?id=100090733639311\",\"https:\/\/x.com\/talkpalai\",\"https:\/\/www.linkedin.com\/company\/talkpal\/\",\"https:\/\/www.youtube.com\/@TalkPal\/\",\"https:\/\/www.tiktok.com\/@talkpal\",\"https:\/\/www.instagram.com\/talkpal_ai\/\",\"https:\/\/www.crunchbase.com\/organization\/talkpal-9cde\",\"https:\/\/www.g2.com\/products\/talkpal-for-business\/\",\"https:\/\/www.trustpilot.com\/review\/talkpal.ai\",\"https:\/\/www.capterra.com\/p\/10006800\/TalkPal\/\"],\"description\":\"Talkpal is a language learning web and mobile education app, powered by the latest AI technologies, that provides engaging experiences to its customers in many different languages to help them improve their language skills. Users can chat about unlimited amount of topics with the app and use other modes to practice their language learning.\",\"email\":\"support@talkpal.ai\",\"legalName\":\"Talkpal, Inc.\",\"foundingDate\":\"2023-04-03\",\"duns\":\"118989042\",\"numberOfEmployees\":{\"@type\":\"QuantitativeValue\",\"minValue\":\"11\",\"maxValue\":\"50\"},\"publishingPrinciples\":\"https:\/\/talkpal.ai\/publishing-principles\/\",\"actionableFeedbackPolicy\":\"https:\/\/talkpal.ai\/actionable-feedback-policy\/\",\"correctionsPolicy\":\"https:\/\/talkpal.ai\/corrections-policy\/\",\"ethicsPolicy\":\"https:\/\/talkpal.ai\/ethics-policy\/\",\"diversityPolicy\":\"https:\/\/talkpal.ai\/diversity-policy\/\",\"diversityStaffingReport\":\"https:\/\/talkpal.ai\/diversity-policy\/\"}]}<\/script>\n<!-- \/ Yoast SEO Premium plugin. -->","yoast_head_json":{"title":"Tjeckiska grammatik\u00f6vningar - Talkpal","description":"Avsl\u00f6ja det tjeckiska spr\u00e5kets hemligheter med viktiga tjeckiska grammatik\u00f6vningar f\u00f6r s\u00e4ker kommunikation.","robots":{"index":"index","follow":"follow","max-snippet":"max-snippet:-1","max-image-preview":"max-image-preview:large","max-video-preview":"max-video-preview:-1"},"canonical":"https:\/\/talkpal.ai\/sv\/tjeckiska-grammatikovningar\/","og_locale":"sv_SE","og_type":"article","og_title":"Tjeckiska grammatik\u00f6vningar","og_description":"Tjeckiska grammatik\u00e4mnen Att l\u00e4ra sig ett nytt spr\u00e5k kan vara en sp\u00e4nnande och berikande upplevelse, och det tjeckiska spr\u00e5ket \u00e4r inget undantag. Med sin","og_url":"https:\/\/talkpal.ai\/sv\/tjeckiska-grammatikovningar\/","og_site_name":"Talkpal","article_publisher":"https:\/\/www.facebook.com\/profile.php?id=100090733639311","article_modified_time":"2025-12-17T16:27:50+00:00","og_image":[{"width":512,"height":512,"url":"https:\/\/talkpal.ai\/wp-content\/uploads\/2023\/05\/czech-republic.png","type":"image\/png"}],"twitter_card":"summary_large_image","twitter_site":"@talkpalai","twitter_misc":{"Ber\u00e4knad l\u00e4stid":"3 minuter"},"schema":{"@context":"https:\/\/schema.org","@graph":[{"@type":"WebPage","@id":"https:\/\/talkpal.ai\/sv\/tjeckiska-grammatikovningar\/","url":"https:\/\/talkpal.ai\/sv\/tjeckiska-grammatikovningar\/","name":"Tjeckiska grammatik\u00f6vningar - Talkpal","isPartOf":{"@id":"https:\/\/talkpal.ai\/sv\/#website"},"primaryImageOfPage":{"@id":"https:\/\/talkpal.ai\/sv\/tjeckiska-grammatikovningar\/#primaryimage"},"image":{"@id":"https:\/\/talkpal.ai\/sv\/tjeckiska-grammatikovningar\/#primaryimage"},"thumbnailUrl":"https:\/\/talkpal.ai\/wp-content\/uploads\/2023\/05\/czech-republic.png","datePublished":"2023-06-16T13:10:39+00:00","dateModified":"2025-12-17T16:27:50+00:00","description":"Avsl\u00f6ja det tjeckiska spr\u00e5kets hemligheter med viktiga tjeckiska grammatik\u00f6vningar f\u00f6r s\u00e4ker kommunikation.","breadcrumb":{"@id":"https:\/\/talkpal.ai\/sv\/tjeckiska-grammatikovningar\/#breadcrumb"},"inLanguage":"sv-SE","potentialAction":[{"@type":"ReadAction","target":["https:\/\/talkpal.ai\/sv\/tjeckiska-grammatikovningar\/"]}]},{"@type":"ImageObject","inLanguage":"sv-SE","@id":"https:\/\/talkpal.ai\/sv\/tjeckiska-grammatikovningar\/#primaryimage","url":"https:\/\/talkpal.ai\/wp-content\/uploads\/2023\/05\/czech-republic.png","contentUrl":"https:\/\/talkpal.ai\/wp-content\/uploads\/2023\/05\/czech-republic.png","width":512,"height":512},{"@type":"BreadcrumbList","@id":"https:\/\/talkpal.ai\/sv\/tjeckiska-grammatikovningar\/#breadcrumb","itemListElement":[{"@type":"ListItem","position":1,"name":"Homepage","item":"https:\/\/talkpal.ai\/sv\/"},{"@type":"ListItem","position":2,"name":"Tjeckiska grammatik\u00f6vningar"}]},{"@type":"WebSite","@id":"https:\/\/talkpal.ai\/sv\/#website","url":"https:\/\/talkpal.ai\/sv\/","name":"Talkpal","description":"AI Language Learning","publisher":{"@id":"https:\/\/talkpal.ai\/sv\/#organization"},"alternateName":"Talkpal AI","potentialAction":[{"@type":"SearchAction","target":{"@type":"EntryPoint","urlTemplate":"https:\/\/talkpal.ai\/sv\/?s={search_term_string}"},"query-input":{"@type":"PropertyValueSpecification","valueRequired":true,"valueName":"search_term_string"}}],"inLanguage":"sv-SE"},{"@type":"Organization","@id":"https:\/\/talkpal.ai\/sv\/#organization","name":"Talkpal, Inc.","alternateName":"Talkpal AI","url":"https:\/\/talkpal.ai\/sv\/","logo":{"@type":"ImageObject","inLanguage":"sv-SE","@id":"https:\/\/talkpal.ai\/sv\/#\/schema\/logo\/image\/","url":"https:\/\/talkpal.ai\/wp-content\/uploads\/2024\/03\/Talkpal-Logo-Icon.png","contentUrl":"https:\/\/talkpal.ai\/wp-content\/uploads\/2024\/03\/Talkpal-Logo-Icon.png","width":2880,"height":2880,"caption":"Talkpal, Inc."},"image":{"@id":"https:\/\/talkpal.ai\/sv\/#\/schema\/logo\/image\/"},"sameAs":["https:\/\/www.facebook.com\/profile.php?id=100090733639311","https:\/\/x.com\/talkpalai","https:\/\/www.linkedin.com\/company\/talkpal\/","https:\/\/www.youtube.com\/@TalkPal\/","https:\/\/www.tiktok.com\/@talkpal","https:\/\/www.instagram.com\/talkpal_ai\/","https:\/\/www.crunchbase.com\/organization\/talkpal-9cde","https:\/\/www.g2.com\/products\/talkpal-for-business\/","https:\/\/www.trustpilot.com\/review\/talkpal.ai","https:\/\/www.capterra.com\/p\/10006800\/TalkPal\/"],"description":"Talkpal is a language learning web and mobile education app, powered by the latest AI technologies, that provides engaging experiences to its customers in many different languages to help them improve their language skills. Users can chat about unlimited amount of topics with the app and use other modes to practice their language learning.","email":"support@talkpal.ai","legalName":"Talkpal, Inc.","foundingDate":"2023-04-03","duns":"118989042","numberOfEmployees":{"@type":"QuantitativeValue","minValue":"11","maxValue":"50"},"publishingPrinciples":"https:\/\/talkpal.ai\/publishing-principles\/","actionableFeedbackPolicy":"https:\/\/talkpal.ai\/actionable-feedback-policy\/","correctionsPolicy":"https:\/\/talkpal.ai\/corrections-policy\/","ethicsPolicy":"https:\/\/talkpal.ai\/ethics-policy\/","diversityPolicy":"https:\/\/talkpal.ai\/diversity-policy\/","diversityStaffingReport":"https:\/\/talkpal.ai\/diversity-policy\/"}]}},"_links":{"self":[{"href":"https:\/\/talkpal.ai\/sv\/wp-json\/wp\/v2\/pages\/163699","targetHints":{"allow":["GET"]}}],"collection":[{"href":"https:\/\/talkpal.ai\/sv\/wp-json\/wp\/v2\/pages"}],"about":[{"href":"https:\/\/talkpal.ai\/sv\/wp-json\/wp\/v2\/types\/page"}],"author":[{"embeddable":true,"href":"https:\/\/talkpal.ai\/sv\/wp-json\/wp\/v2\/users\/6"}],"replies":[{"embeddable":true,"href":"https:\/\/talkpal.ai\/sv\/wp-json\/wp\/v2\/comments?post=163699"}],"version-history":[{"count":0,"href":"https:\/\/talkpal.ai\/sv\/wp-json\/wp\/v2\/pages\/163699\/revisions"}],"wp:featuredmedia":[{"embeddable":true,"href":"https:\/\/talkpal.ai\/sv\/wp-json\/wp\/v2\/media\/28277"}],"wp:attachment":[{"href":"https:\/\/talkpal.ai\/sv\/wp-json\/wp\/v2\/media?parent=163699"}],"curies":[{"name":"wp","href":"https:\/\/api.w.org\/{rel}","templated":true}]}}