{"id":163365,"date":"2023-06-16T13:19:10","date_gmt":"2023-06-16T13:19:10","guid":{"rendered":"http:\/\/talkpal.ai\/danska-grammatikovningar\/"},"modified":"2025-12-17T16:29:55","modified_gmt":"2025-12-17T16:29:55","slug":"danska-grammatikovningar","status":"publish","type":"page","link":"https:\/\/talkpal.ai\/sv\/danska-grammatikovningar\/","title":{"rendered":"Danska grammatik\u00f6vningar"},"content":{"rendered":"\r\n\r\n\r\n<section class=\"languageChallengeSection\">\r\n    <div class=\"languageInfoWrapper\">\r\n        \r\n        <h1>Danska grammatik\u00f6vningar<\/h1>\r\n        <p>\u00c4r du redo att f\u00f6rb\u00e4ttra din <a href=\"https:\/\/talkpal.ai\/learn-danish\/\">danska<\/a>? Att \u00f6va p\u00e5 grammatik \u00e4r ett fantastiskt s\u00e4tt att l\u00e4ra sig meningsbyggnad, verbb\u00f6jningar och det <a href=\"https:\/\/talkpal.ai\/learn-danish\/\">danska<\/a> spr\u00e5kets s\u00e4rdrag. B\u00f6rja arbeta med <a href=\"https:\/\/talkpal.ai\/prove-i-dansk-online\/\">dansk grammatik<\/a> idag och se dina kunskaper och ditt sj\u00e4lvf\u00f6rtroende v\u00e4xa med varje \u00f6vning!\n\n<\/p>\r\n\r\n                            <a class=\"getStartedHidden\" href=\"https:\/\/app.talkpal.ai\/sv\/signup?lng=\">Kom ig\u00e5ng<\/a>\r\n        \r\n    <\/div>\r\n\r\n    <figure>\r\n    <img decoding=\"async\" width=\"768\" height=\"768\" src=\"https:\/\/talkpal.ai\/wp-content\/uploads\/2023\/06\/danish-768x768.png\" class=\"languageImage no-lazy\" alt=\"Default alt text\" fetchpriority=\"high\" sizes=\"(max-width: 768px) 150px, 768px\" srcset=\"https:\/\/talkpal.ai\/wp-content\/uploads\/2023\/06\/danish-768x768.png 768w, https:\/\/talkpal.ai\/wp-content\/uploads\/2023\/06\/danish-300x300.png 300w\" \/>\r\n    \r\n\r\n    <\/figure>\r\n\r\n            <a class=\"getStartedVisible\" href=\"https:\/\/app.talkpal.ai\/sv\/signup?lng=\">Kom ig\u00e5ng<\/a>\r\n    \r\n<\/section>\r\n\r\n\r\n<!-- <section class=\"grammarSection\">\r\n    <div class=\"grammarLinks\">\r\n        <a href=\"https:\/\/talkpal.ai\/sv\/exercise_language\/adjektiv-dansk-grammatik\/\">Adjektiv <\/a><a href=\"https:\/\/talkpal.ai\/sv\/exercise_language\/adverb-dansk-grammatik\/\">Adverb <\/a><a href=\"https:\/\/talkpal.ai\/sv\/exercise_language\/artiklar-dansk-grammatik\/\">Artiklar <\/a><a href=\"https:\/\/talkpal.ai\/sv\/exercise_language\/konditionaler-dansk-grammatik\/\">Konditionaler <\/a><a href=\"https:\/\/talkpal.ai\/sv\/exercise_language\/meningar-dansk-grammatik\/\">Meningar <\/a><a href=\"https:\/\/talkpal.ai\/sv\/exercise_language\/perfect-progressive-dansk-grammatik\/\">Perfect Progressive <\/a><a href=\"https:\/\/talkpal.ai\/sv\/exercise_language\/prepositioner-dansk-grammatik\/\">Prepositioner <\/a><a href=\"https:\/\/talkpal.ai\/sv\/exercise_language\/progressiv-dansk-grammatik\/\">Progressiv <\/a><a href=\"https:\/\/talkpal.ai\/sv\/exercise_language\/pronomen-bestamningar-dansk-grammatik\/\">Pronomen\/best\u00e4mningar <\/a><a href=\"https:\/\/talkpal.ai\/sv\/exercise_language\/substantiv-dansk-grammatik\/\">Substantiv <\/a><a href=\"https:\/\/talkpal.ai\/sv\/exercise_language\/tempus-dansk-grammatik\/\">Tempus <\/a><a href=\"https:\/\/talkpal.ai\/sv\/exercise_language\/tempusjamforelse-dansk-grammatik\/\">Tempusj\u00e4mf\u00f6relse <\/a><a href=\"https:\/\/talkpal.ai\/sv\/exercise_language\/verb-dansk-grammatik\/\">Verb <\/a>    <\/div>\r\n<\/section> -->\r\n\r\n\r\n\r\n\r\n        <section class=\"grammarSection\">\r\n            <div class=\"grammarLinks\">\r\n                <a href=\"https:\/\/talkpal.ai\/sv\/exercise_language\/adjektiv-dansk-grammatik\/\">Adjektiv <\/a><a href=\"https:\/\/talkpal.ai\/sv\/exercise_language\/adverb-dansk-grammatik\/\">Adverb <\/a><a href=\"https:\/\/talkpal.ai\/sv\/exercise_language\/artiklar-dansk-grammatik\/\">Artiklar <\/a><a href=\"https:\/\/talkpal.ai\/sv\/exercise_language\/konditionaler-dansk-grammatik\/\">Konditionaler <\/a><a href=\"https:\/\/talkpal.ai\/sv\/exercise_language\/meningar-dansk-grammatik\/\">Meningar <\/a><a href=\"https:\/\/talkpal.ai\/sv\/exercise_language\/perfect-progressive-dansk-grammatik\/\">Perfect Progressive <\/a><a href=\"https:\/\/talkpal.ai\/sv\/exercise_language\/prepositioner-dansk-grammatik\/\">Prepositioner <\/a><a href=\"https:\/\/talkpal.ai\/sv\/exercise_language\/progressiv-dansk-grammatik\/\">Progressiv <\/a><a href=\"https:\/\/talkpal.ai\/sv\/exercise_language\/pronomen-bestamningar-dansk-grammatik\/\">Pronomen\/best\u00e4mningar <\/a><a href=\"https:\/\/talkpal.ai\/sv\/exercise_language\/substantiv-dansk-grammatik\/\">Substantiv <\/a><a href=\"https:\/\/talkpal.ai\/sv\/exercise_language\/tempus-dansk-grammatik\/\">Tempus <\/a><a href=\"https:\/\/talkpal.ai\/sv\/exercise_language\/tempusjamforelse-dansk-grammatik\/\">Tempusj\u00e4mf\u00f6relse <\/a><a href=\"https:\/\/talkpal.ai\/sv\/exercise_language\/verb-dansk-grammatik\/\">Verb <\/a>            <\/div>\r\n        <\/section>\r\n<section class=\"promotionalBanner\">\r\n    <p class=\"promotionalText\">Det mest effektiva s\u00e4ttet att l\u00e4ra sig ett spr\u00e5k<\/p>\r\n    <a class=\"promotionalLink\" href=\"https:\/\/app.talkpal.ai\/sv\/signup?lng=\">Prova Talkpal gratis<\/a>\r\n<\/section>\n<div class=\"wp-block-group pageContainerStyle\"><div class=\"wp-block-group__inner-container is-layout-constrained wp-block-group-is-layout-constrained\">\n<h2 class=\"wp-block-heading\" id=\"h-danish-grammar-topics\">Danska grammatik\u00e4mnen<\/h2>\n\n\n\n<p>Att l\u00e4ra sig danska kan vara en givande och trevlig upplevelse f\u00f6r dem som \u00e4r intresserade av att utforska Danmarks rika kultur och historia. Som nordgermanskt spr\u00e5k har danskan m\u00e5nga likheter med andra skandinaviska spr\u00e5k som <a href=\"https:\/\/talkpal.ai\/learn-swedish\/\">svenska<\/a> och <a href=\"https:\/\/talkpal.ai\/learn-norwegian\/\">norska<\/a>. Genom att beh\u00e4rska det danska spr\u00e5ket \u00f6ppnar du m\u00f6jligheter att f\u00e5 <a href=\"https:\/\/talkpal.ai\/contact\/\">kontakt<\/a> med modersm\u00e5lstalare, njuta av dansk litteratur och f\u00f6rdjupa din f\u00f6rst\u00e5else f\u00f6r det danska samh\u00e4llet. F\u00f6r att bli flytande i danska \u00e4r det viktigt att bekanta sig med olika grammatiska \u00e4mnen, som \u00e4r spr\u00e5kets byggstenar. I <a href=\"https:\/\/talkpal.ai\/culture\/how-do-i-use-den-har-and-det-har\/\">den h\u00e4r<\/a> guiden kommer vi att utforska den ordning som du b\u00f6r f\u00f6lja n\u00e4r du l\u00e4r dig dansk grammatik, och t\u00e4cker \u00e4mnen som tempus, verb, substantiv och mer.<\/p>\n\n\n\n<h3 class=\"wp-block-heading\" id=\"h-1-nouns-articles-and-pronouns-determiners\">1. Substantiv, artiklar och pronomen\/best\u00e4mningar:<\/h3>\n\n\n\n<p>B\u00f6rja med att l\u00e4ra dig grunderna i danska substantiv, inklusive deras genus och numerus. Bekanta dig med best\u00e4mda och obest\u00e4mda artiklar, samt de olika pronomentyperna och best\u00e4mningarna. Detta hj\u00e4lper dig att bygga en solid grund f\u00f6r att bilda <a href=\"https:\/\/talkpal.ai\/sv\/grammar\/enkla-meningar-i-tagalog-grammatik\/\">enkla meningar<\/a>.<\/p>\n\n\n\n<h3 class=\"wp-block-heading\" id=\"h-2-adjectives-and-adverbs\">2. Adjektiv och adverb:<\/h3>\n\n\n\n<p>Efter att ha f\u00f6rst\u00e5tt grunderna f\u00f6r substantiv och pronomen, g\u00e5 vidare till adjektiv och adverb. L\u00e4r dig hur du beskriver substantiv med korrekt adjektiv\u00f6verenskommelse och anv\u00e4nder adverb f\u00f6r att modifiera verb, adjektiv och andra adverb.<\/p>\n\n\n\n<h3 class=\"wp-block-heading\" id=\"h-3-verbs-and-tenses\">3. Verb och tempus:<\/h3>\n\n\n\n<p>Bem\u00e4stra b\u00f6jningen av regelbundna och <a href=\"https:\/\/talkpal.ai\/sv\/grammar\/oregelbundna-verb-i-armenisk-grammatik\/\">oregelbundna verb<\/a> i nutid, d\u00e5tid och framtid. Att f\u00f6rst\u00e5 tempusj\u00e4mf\u00f6relse hj\u00e4lper dig att uttrycka handlingar eller h\u00e4ndelser som intr\u00e4ffar vid olika tidpunkter.<\/p>\n\n\n\n<h3 class=\"wp-block-heading\" id=\"h-4-progressive-and-perfect-progressive\">4. Progressiv och perfekt progressiv:<\/h3>\n\n\n\n<p>Dessa aspekter av dansk grammatik g\u00f6r det m\u00f6jligt att beskriva p\u00e5g\u00e5ende handlingar eller h\u00e4ndelser och handlingar som har slutf\u00f6rts men som fortfarande \u00e4r relevanta. L\u00e4r dig l\u00e4mpliga verbformer och hj\u00e4lpverb som anv\u00e4nds i progressiv och perfekt progressiv tempus.<\/p>\n\n\n\n<h3 class=\"wp-block-heading\" id=\"h-5-prepositions\">5. Prepositioner:<\/h3>\n\n\n\n<p>Studera anv\u00e4ndningen av prepositioner f\u00f6r att uttrycka relationer mellan ord, till exempel plats, riktning, tid och orsak.<\/p>\n\n\n\n<h3 class=\"wp-block-heading\" id=\"h-6-sentences\">6. Meningar:<\/h3>\n\n\n\n<p>L\u00e4r dig att konstruera enkla och komplexa meningar med r\u00e4tt ordf\u00f6ljd, vilket \u00e4r viktigt f\u00f6r tydlig och effektiv kommunikation p\u00e5 danska.<\/p>\n\n\n\n<h3 class=\"wp-block-heading\" id=\"h-7-conditionals\">7. Villkor:<\/h3>\n\n\n\n<p>Slutligen b\u00f6r du bekanta dig med de olika typer av konditionaler som anv\u00e4nds i danska f\u00f6r att uttrycka hypotetiska situationer och deras konsekvenser.<\/p>\n\n\n\n<p>Genom att f\u00f6lja denna sekvens kan du systematiskt bygga upp dina kunskaper i dansk grammatik och utveckla de f\u00e4rdigheter som kr\u00e4vs f\u00f6r att kommunicera effektivt p\u00e5 spr\u00e5ket. Kom ih\u00e5g att \u00f6va regelbundet och f\u00f6rdjupa dig i spr\u00e5ket s\u00e5 mycket som m\u00f6jligt f\u00f6r att uppn\u00e5 b\u00e4sta resultat.<\/p>\n<\/div><\/div>\n\r\n<section class=\"learnNavigationSection\">\r\n            \r\n        <a href=\"https:\/\/talkpal.ai\/sv\/lar-dig-danska\/\">\r\n            <div class=\"learnNavigationWrapper\">\r\n                <div class=\"learnNavigationContent\">\r\n                    <img decoding=\"async\" src=\"https:\/\/talkpal.ai\/wp-content\/uploads\/2024\/08\/Danish.jpg\" alt=\"Danish Flag\">\r\n                    <div>\r\n                        <h4>Om Danish Learning<\/h4>\r\n                        <p>Ta reda p\u00e5 allt om dansk grammatik.<\/p>\r\n                    <\/div>\r\n                <\/div>\r\n            <\/div>\r\n        <\/a>\r\n\r\n        \r\n        <a href=\"https:\/\/talkpal.ai\/sv\/dansk-grammatik\/\">\r\n            <div class=\"learnNavigationWrapper\">\r\n                <div class=\"learnNavigationContent\">\r\n                    <img decoding=\"async\" src=\"https:\/\/talkpal.ai\/wp-content\/uploads\/2024\/08\/Danish.jpg\" alt=\"Danish Flag\">\r\n                    <div>\r\n                        <h4>Lektioner i dansk grammatik<\/h4>\r\n                        <p>\u00d6va dansk grammatik.<\/p>\r\n                    <\/div>\r\n                <\/div>\r\n            <\/div>\r\n        <\/a>\r\n\r\n        \r\n        <a href=\"https:\/\/talkpal.ai\/vocabulary_language\/danish\/\">\r\n            <div class=\"learnNavigationWrapper\">\r\n                <div class=\"learnNavigationContent\">\r\n                    <img decoding=\"async\" src=\"https:\/\/talkpal.ai\/wp-content\/uploads\/2024\/08\/Danish.jpg\" alt=\"Danish Flag\">\r\n                    <div>\r\n                        <h4>Dansk vokabul\u00e4r<\/h4>\r\n                        <p>Ut\u00f6ka ditt danska ordf\u00f6rr\u00e5d.<\/p>\r\n                    <\/div>\r\n                <\/div>\r\n            <\/div>\r\n        <\/a>\r\n\r\n            <\/section>","protected":false},"excerpt":{"rendered":"<p>Danska grammatik\u00e4mnen Att l\u00e4ra sig danska kan vara en givande och trevlig upplevelse f\u00f6r dem som \u00e4r intresserade av att utforska Danmarks rika kultur och historia. Som nordgermanskt spr\u00e5k har danskan m\u00e5nga likheter med andra skandinaviska spr\u00e5k som svenska och norska. Genom att beh\u00e4rska det danska spr\u00e5ket \u00f6ppnar du m\u00f6jligheter att f\u00e5 kontakt med modersm\u00e5lstalare, [&hellip;]<\/p>\n","protected":false},"author":6,"featured_media":28293,"parent":0,"menu_order":0,"comment_status":"closed","ping_status":"closed","template":"LearningContentPage.php","meta":{"_acf_changed":false,"footnotes":""},"class_list":["post-163365","page","type-page","status-publish","has-post-thumbnail","hentry"],"acf":[],"yoast_head":"<!-- This site is optimized with the Yoast SEO Premium plugin v27.2 (Yoast SEO v27.2) - https:\/\/yoast.com\/product\/yoast-seo-premium-wordpress\/ -->\n<title>Danska grammatik\u00f6vningar - Talkpal<\/title>\n<meta name=\"description\" content=\"Ta del av hemligheterna bakom danska grammatik\u00f6vningar f\u00f6r att f\u00f6rb\u00e4ttra dina spr\u00e5kkunskaper och f\u00e5 en effektiv kontakt med den danska kulturen.\" \/>\n<meta name=\"robots\" content=\"index, follow, max-snippet:-1, max-image-preview:large, max-video-preview:-1\" \/>\n<link rel=\"canonical\" href=\"https:\/\/talkpal.ai\/sv\/danska-grammatikovningar\/\" \/>\n<meta property=\"og:locale\" content=\"sv_SE\" \/>\n<meta property=\"og:type\" content=\"article\" \/>\n<meta property=\"og:title\" content=\"Danska grammatik\u00f6vningar\" \/>\n<meta property=\"og:description\" content=\"Danska grammatik\u00e4mnen Att l\u00e4ra sig danska kan vara en givande och trevlig upplevelse f\u00f6r dem som \u00e4r intresserade av att utforska Danmarks rika kultur och\" \/>\n<meta property=\"og:url\" content=\"https:\/\/talkpal.ai\/sv\/danska-grammatikovningar\/\" \/>\n<meta property=\"og:site_name\" content=\"Talkpal\" \/>\n<meta property=\"article:publisher\" content=\"https:\/\/www.facebook.com\/profile.php?id=100090733639311\" \/>\n<meta property=\"article:modified_time\" content=\"2025-12-17T16:29:55+00:00\" \/>\n<meta property=\"og:image\" content=\"https:\/\/talkpal.ai\/wp-content\/uploads\/2023\/05\/denmark.png\" \/>\n\t<meta property=\"og:image:width\" content=\"512\" \/>\n\t<meta property=\"og:image:height\" content=\"512\" \/>\n\t<meta property=\"og:image:type\" content=\"image\/png\" \/>\n<meta name=\"twitter:card\" content=\"summary_large_image\" \/>\n<meta name=\"twitter:site\" content=\"@talkpalai\" \/>\n<meta name=\"twitter:label1\" content=\"Ber\u00e4knad l\u00e4stid\" \/>\n\t<meta name=\"twitter:data1\" content=\"2 minuter\" \/>\n<script type=\"application\/ld+json\" class=\"yoast-schema-graph\">{\"@context\":\"https:\/\/schema.org\",\"@graph\":[{\"@type\":\"WebPage\",\"@id\":\"https:\/\/talkpal.ai\/sv\/danska-grammatikovningar\/\",\"url\":\"https:\/\/talkpal.ai\/sv\/danska-grammatikovningar\/\",\"name\":\"Danska grammatik\u00f6vningar - Talkpal\",\"isPartOf\":{\"@id\":\"https:\/\/talkpal.ai\/sv\/#website\"},\"primaryImageOfPage\":{\"@id\":\"https:\/\/talkpal.ai\/sv\/danska-grammatikovningar\/#primaryimage\"},\"image\":{\"@id\":\"https:\/\/talkpal.ai\/sv\/danska-grammatikovningar\/#primaryimage\"},\"thumbnailUrl\":\"https:\/\/talkpal.ai\/wp-content\/uploads\/2023\/05\/denmark.png\",\"datePublished\":\"2023-06-16T13:19:10+00:00\",\"dateModified\":\"2025-12-17T16:29:55+00:00\",\"description\":\"Ta del av hemligheterna bakom danska grammatik\u00f6vningar f\u00f6r att f\u00f6rb\u00e4ttra dina spr\u00e5kkunskaper och f\u00e5 en effektiv kontakt med den danska kulturen.\",\"breadcrumb\":{\"@id\":\"https:\/\/talkpal.ai\/sv\/danska-grammatikovningar\/#breadcrumb\"},\"inLanguage\":\"sv-SE\",\"potentialAction\":[{\"@type\":\"ReadAction\",\"target\":[\"https:\/\/talkpal.ai\/sv\/danska-grammatikovningar\/\"]}]},{\"@type\":\"ImageObject\",\"inLanguage\":\"sv-SE\",\"@id\":\"https:\/\/talkpal.ai\/sv\/danska-grammatikovningar\/#primaryimage\",\"url\":\"https:\/\/talkpal.ai\/wp-content\/uploads\/2023\/05\/denmark.png\",\"contentUrl\":\"https:\/\/talkpal.ai\/wp-content\/uploads\/2023\/05\/denmark.png\",\"width\":512,\"height\":512},{\"@type\":\"BreadcrumbList\",\"@id\":\"https:\/\/talkpal.ai\/sv\/danska-grammatikovningar\/#breadcrumb\",\"itemListElement\":[{\"@type\":\"ListItem\",\"position\":1,\"name\":\"Homepage\",\"item\":\"https:\/\/talkpal.ai\/sv\/\"},{\"@type\":\"ListItem\",\"position\":2,\"name\":\"Danska grammatik\u00f6vningar\"}]},{\"@type\":\"WebSite\",\"@id\":\"https:\/\/talkpal.ai\/sv\/#website\",\"url\":\"https:\/\/talkpal.ai\/sv\/\",\"name\":\"Talkpal\",\"description\":\"AI Language Learning\",\"publisher\":{\"@id\":\"https:\/\/talkpal.ai\/sv\/#organization\"},\"alternateName\":\"Talkpal AI\",\"potentialAction\":[{\"@type\":\"SearchAction\",\"target\":{\"@type\":\"EntryPoint\",\"urlTemplate\":\"https:\/\/talkpal.ai\/sv\/?s={search_term_string}\"},\"query-input\":{\"@type\":\"PropertyValueSpecification\",\"valueRequired\":true,\"valueName\":\"search_term_string\"}}],\"inLanguage\":\"sv-SE\"},{\"@type\":\"Organization\",\"@id\":\"https:\/\/talkpal.ai\/sv\/#organization\",\"name\":\"Talkpal, Inc.\",\"alternateName\":\"Talkpal AI\",\"url\":\"https:\/\/talkpal.ai\/sv\/\",\"logo\":{\"@type\":\"ImageObject\",\"inLanguage\":\"sv-SE\",\"@id\":\"https:\/\/talkpal.ai\/sv\/#\/schema\/logo\/image\/\",\"url\":\"https:\/\/talkpal.ai\/wp-content\/uploads\/2024\/03\/Talkpal-Logo-Icon.png\",\"contentUrl\":\"https:\/\/talkpal.ai\/wp-content\/uploads\/2024\/03\/Talkpal-Logo-Icon.png\",\"width\":2880,\"height\":2880,\"caption\":\"Talkpal, Inc.\"},\"image\":{\"@id\":\"https:\/\/talkpal.ai\/sv\/#\/schema\/logo\/image\/\"},\"sameAs\":[\"https:\/\/www.facebook.com\/profile.php?id=100090733639311\",\"https:\/\/x.com\/talkpalai\",\"https:\/\/www.linkedin.com\/company\/talkpal\/\",\"https:\/\/www.youtube.com\/@TalkPal\/\",\"https:\/\/www.tiktok.com\/@talkpal\",\"https:\/\/www.instagram.com\/talkpal_ai\/\",\"https:\/\/www.crunchbase.com\/organization\/talkpal-9cde\",\"https:\/\/www.g2.com\/products\/talkpal-for-business\/\",\"https:\/\/www.trustpilot.com\/review\/talkpal.ai\",\"https:\/\/www.capterra.com\/p\/10006800\/TalkPal\/\"],\"description\":\"Talkpal is a language learning web and mobile education app, powered by the latest AI technologies, that provides engaging experiences to its customers in many different languages to help them improve their language skills. Users can chat about unlimited amount of topics with the app and use other modes to practice their language learning.\",\"email\":\"support@talkpal.ai\",\"legalName\":\"Talkpal, Inc.\",\"foundingDate\":\"2023-04-03\",\"duns\":\"118989042\",\"numberOfEmployees\":{\"@type\":\"QuantitativeValue\",\"minValue\":\"11\",\"maxValue\":\"50\"},\"publishingPrinciples\":\"https:\/\/talkpal.ai\/publishing-principles\/\",\"actionableFeedbackPolicy\":\"https:\/\/talkpal.ai\/actionable-feedback-policy\/\",\"correctionsPolicy\":\"https:\/\/talkpal.ai\/corrections-policy\/\",\"ethicsPolicy\":\"https:\/\/talkpal.ai\/ethics-policy\/\",\"diversityPolicy\":\"https:\/\/talkpal.ai\/diversity-policy\/\",\"diversityStaffingReport\":\"https:\/\/talkpal.ai\/diversity-policy\/\"}]}<\/script>\n<!-- \/ Yoast SEO Premium plugin. -->","yoast_head_json":{"title":"Danska grammatik\u00f6vningar - Talkpal","description":"Ta del av hemligheterna bakom danska grammatik\u00f6vningar f\u00f6r att f\u00f6rb\u00e4ttra dina spr\u00e5kkunskaper och f\u00e5 en effektiv kontakt med den danska kulturen.","robots":{"index":"index","follow":"follow","max-snippet":"max-snippet:-1","max-image-preview":"max-image-preview:large","max-video-preview":"max-video-preview:-1"},"canonical":"https:\/\/talkpal.ai\/sv\/danska-grammatikovningar\/","og_locale":"sv_SE","og_type":"article","og_title":"Danska grammatik\u00f6vningar","og_description":"Danska grammatik\u00e4mnen Att l\u00e4ra sig danska kan vara en givande och trevlig upplevelse f\u00f6r dem som \u00e4r intresserade av att utforska Danmarks rika kultur och","og_url":"https:\/\/talkpal.ai\/sv\/danska-grammatikovningar\/","og_site_name":"Talkpal","article_publisher":"https:\/\/www.facebook.com\/profile.php?id=100090733639311","article_modified_time":"2025-12-17T16:29:55+00:00","og_image":[{"width":512,"height":512,"url":"https:\/\/talkpal.ai\/wp-content\/uploads\/2023\/05\/denmark.png","type":"image\/png"}],"twitter_card":"summary_large_image","twitter_site":"@talkpalai","twitter_misc":{"Ber\u00e4knad l\u00e4stid":"2 minuter"},"schema":{"@context":"https:\/\/schema.org","@graph":[{"@type":"WebPage","@id":"https:\/\/talkpal.ai\/sv\/danska-grammatikovningar\/","url":"https:\/\/talkpal.ai\/sv\/danska-grammatikovningar\/","name":"Danska grammatik\u00f6vningar - Talkpal","isPartOf":{"@id":"https:\/\/talkpal.ai\/sv\/#website"},"primaryImageOfPage":{"@id":"https:\/\/talkpal.ai\/sv\/danska-grammatikovningar\/#primaryimage"},"image":{"@id":"https:\/\/talkpal.ai\/sv\/danska-grammatikovningar\/#primaryimage"},"thumbnailUrl":"https:\/\/talkpal.ai\/wp-content\/uploads\/2023\/05\/denmark.png","datePublished":"2023-06-16T13:19:10+00:00","dateModified":"2025-12-17T16:29:55+00:00","description":"Ta del av hemligheterna bakom danska grammatik\u00f6vningar f\u00f6r att f\u00f6rb\u00e4ttra dina spr\u00e5kkunskaper och f\u00e5 en effektiv kontakt med den danska kulturen.","breadcrumb":{"@id":"https:\/\/talkpal.ai\/sv\/danska-grammatikovningar\/#breadcrumb"},"inLanguage":"sv-SE","potentialAction":[{"@type":"ReadAction","target":["https:\/\/talkpal.ai\/sv\/danska-grammatikovningar\/"]}]},{"@type":"ImageObject","inLanguage":"sv-SE","@id":"https:\/\/talkpal.ai\/sv\/danska-grammatikovningar\/#primaryimage","url":"https:\/\/talkpal.ai\/wp-content\/uploads\/2023\/05\/denmark.png","contentUrl":"https:\/\/talkpal.ai\/wp-content\/uploads\/2023\/05\/denmark.png","width":512,"height":512},{"@type":"BreadcrumbList","@id":"https:\/\/talkpal.ai\/sv\/danska-grammatikovningar\/#breadcrumb","itemListElement":[{"@type":"ListItem","position":1,"name":"Homepage","item":"https:\/\/talkpal.ai\/sv\/"},{"@type":"ListItem","position":2,"name":"Danska grammatik\u00f6vningar"}]},{"@type":"WebSite","@id":"https:\/\/talkpal.ai\/sv\/#website","url":"https:\/\/talkpal.ai\/sv\/","name":"Talkpal","description":"AI Language Learning","publisher":{"@id":"https:\/\/talkpal.ai\/sv\/#organization"},"alternateName":"Talkpal AI","potentialAction":[{"@type":"SearchAction","target":{"@type":"EntryPoint","urlTemplate":"https:\/\/talkpal.ai\/sv\/?s={search_term_string}"},"query-input":{"@type":"PropertyValueSpecification","valueRequired":true,"valueName":"search_term_string"}}],"inLanguage":"sv-SE"},{"@type":"Organization","@id":"https:\/\/talkpal.ai\/sv\/#organization","name":"Talkpal, Inc.","alternateName":"Talkpal AI","url":"https:\/\/talkpal.ai\/sv\/","logo":{"@type":"ImageObject","inLanguage":"sv-SE","@id":"https:\/\/talkpal.ai\/sv\/#\/schema\/logo\/image\/","url":"https:\/\/talkpal.ai\/wp-content\/uploads\/2024\/03\/Talkpal-Logo-Icon.png","contentUrl":"https:\/\/talkpal.ai\/wp-content\/uploads\/2024\/03\/Talkpal-Logo-Icon.png","width":2880,"height":2880,"caption":"Talkpal, Inc."},"image":{"@id":"https:\/\/talkpal.ai\/sv\/#\/schema\/logo\/image\/"},"sameAs":["https:\/\/www.facebook.com\/profile.php?id=100090733639311","https:\/\/x.com\/talkpalai","https:\/\/www.linkedin.com\/company\/talkpal\/","https:\/\/www.youtube.com\/@TalkPal\/","https:\/\/www.tiktok.com\/@talkpal","https:\/\/www.instagram.com\/talkpal_ai\/","https:\/\/www.crunchbase.com\/organization\/talkpal-9cde","https:\/\/www.g2.com\/products\/talkpal-for-business\/","https:\/\/www.trustpilot.com\/review\/talkpal.ai","https:\/\/www.capterra.com\/p\/10006800\/TalkPal\/"],"description":"Talkpal is a language learning web and mobile education app, powered by the latest AI technologies, that provides engaging experiences to its customers in many different languages to help them improve their language skills. Users can chat about unlimited amount of topics with the app and use other modes to practice their language learning.","email":"support@talkpal.ai","legalName":"Talkpal, Inc.","foundingDate":"2023-04-03","duns":"118989042","numberOfEmployees":{"@type":"QuantitativeValue","minValue":"11","maxValue":"50"},"publishingPrinciples":"https:\/\/talkpal.ai\/publishing-principles\/","actionableFeedbackPolicy":"https:\/\/talkpal.ai\/actionable-feedback-policy\/","correctionsPolicy":"https:\/\/talkpal.ai\/corrections-policy\/","ethicsPolicy":"https:\/\/talkpal.ai\/ethics-policy\/","diversityPolicy":"https:\/\/talkpal.ai\/diversity-policy\/","diversityStaffingReport":"https:\/\/talkpal.ai\/diversity-policy\/"}]}},"_links":{"self":[{"href":"https:\/\/talkpal.ai\/sv\/wp-json\/wp\/v2\/pages\/163365","targetHints":{"allow":["GET"]}}],"collection":[{"href":"https:\/\/talkpal.ai\/sv\/wp-json\/wp\/v2\/pages"}],"about":[{"href":"https:\/\/talkpal.ai\/sv\/wp-json\/wp\/v2\/types\/page"}],"author":[{"embeddable":true,"href":"https:\/\/talkpal.ai\/sv\/wp-json\/wp\/v2\/users\/6"}],"replies":[{"embeddable":true,"href":"https:\/\/talkpal.ai\/sv\/wp-json\/wp\/v2\/comments?post=163365"}],"version-history":[{"count":0,"href":"https:\/\/talkpal.ai\/sv\/wp-json\/wp\/v2\/pages\/163365\/revisions"}],"wp:featuredmedia":[{"embeddable":true,"href":"https:\/\/talkpal.ai\/sv\/wp-json\/wp\/v2\/media\/28293"}],"wp:attachment":[{"href":"https:\/\/talkpal.ai\/sv\/wp-json\/wp\/v2\/media?parent=163365"}],"curies":[{"name":"wp","href":"https:\/\/api.w.org\/{rel}","templated":true}]}}