{"id":162783,"date":"2023-06-21T14:01:18","date_gmt":"2023-06-21T14:01:18","guid":{"rendered":"http:\/\/talkpal.ai\/galiciska-grammatikovningar\/"},"modified":"2025-12-17T15:59:22","modified_gmt":"2025-12-17T15:59:22","slug":"galiciska-grammatikovningar","status":"publish","type":"page","link":"https:\/\/talkpal.ai\/sv\/galiciska-grammatikovningar\/","title":{"rendered":"Galiciska grammatik\u00f6vningar"},"content":{"rendered":"\r\n\r\n\r\n<section class=\"languageChallengeSection\">\r\n    <div class=\"languageInfoWrapper\">\r\n        \r\n        <h1>Galiciska grammatik\u00f6vningar<\/h1>\r\n        <p>Vill du f\u00f6rb\u00e4ttra dina spr\u00e5kkunskaper i <a href=\"https:\/\/talkpal.ai\/learn-galician\/\">galiciska<\/a>? Att \u00f6va <a href=\"https:\/\/talkpal.ai\/fr\/les\/\">grammatik<\/a> \u00e4r ett bra s\u00e4tt att l\u00e4ra sig meningsbyggnad, verbformer och galiciskans s\u00e4rdrag. B\u00f6rja arbeta med <a href=\"https:\/\/talkpal.ai\/da\/laer-galicisk\/\">galicisk grammatik<\/a> idag och se hur din f\u00f6rst\u00e5else och ditt sj\u00e4lvf\u00f6rtroende v\u00e4xer med varje \u00f6vning!<\/p>\r\n\r\n                            <a class=\"getStartedHidden\" href=\"https:\/\/app.talkpal.ai\/sv\/signup?lng=\">Kom ig\u00e5ng<\/a>\r\n        \r\n    <\/div>\r\n\r\n    <figure>\r\n    <img decoding=\"async\" width=\"768\" height=\"768\" src=\"https:\/\/talkpal.ai\/wp-content\/uploads\/2023\/06\/galician-768x768.png\" class=\"languageImage no-lazy\" alt=\"Default alt text\" fetchpriority=\"high\" sizes=\"(max-width: 768px) 150px, 768px\" srcset=\"https:\/\/talkpal.ai\/wp-content\/uploads\/2023\/06\/galician-768x768.png 768w, https:\/\/talkpal.ai\/wp-content\/uploads\/2023\/06\/galician-300x300.png 300w\" \/>\r\n    \r\n\r\n    <\/figure>\r\n\r\n            <a class=\"getStartedVisible\" href=\"https:\/\/app.talkpal.ai\/sv\/signup?lng=\">Kom ig\u00e5ng<\/a>\r\n    \r\n<\/section>\r\n\r\n\r\n<!-- <section class=\"grammarSection\">\r\n    <div class=\"grammarLinks\">\r\n        <a href=\"https:\/\/talkpal.ai\/sv\/exercise_language\/adjektiv-galicisk-grammatik\/\">Adjektiv <\/a><a href=\"https:\/\/talkpal.ai\/sv\/exercise_language\/adverb-sv-5\/\">Adverb<\/a><a href=\"https:\/\/talkpal.ai\/sv\/exercise_language\/artiklar-galicisk-grammatik\/\">Artiklar <\/a><a href=\"https:\/\/talkpal.ai\/sv\/exercise_language\/jamforelse-av-tempus-galicisk-grammatik\/\">J\u00e4mf\u00f6relse av tempus <\/a><a href=\"https:\/\/talkpal.ai\/sv\/exercise_language\/konditionaler-galicisk-grammatik\/\">Konditionaler <\/a><a href=\"https:\/\/talkpal.ai\/sv\/exercise_language\/meningar-galicisk-grammatik\/\">Meningar <\/a><a href=\"https:\/\/talkpal.ai\/sv\/exercise_language\/perfect-progressive-galicisk-grammatik\/\">Perfect Progressive <\/a><a href=\"https:\/\/talkpal.ai\/sv\/exercise_language\/prepositioner-galicisk-grammatik\/\">Prepositioner <\/a><a href=\"https:\/\/talkpal.ai\/sv\/exercise_language\/progressiv-galicisk-grammatik\/\">Progressiv <\/a><a href=\"https:\/\/talkpal.ai\/sv\/exercise_language\/pronomen-galicisk-grammatik\/\">Pronomen <\/a><a href=\"https:\/\/talkpal.ai\/sv\/exercise_language\/substantiv-galicisk-grammatik\/\">Substantiv <\/a><a href=\"https:\/\/talkpal.ai\/sv\/exercise_language\/tempus-galicisk-grammatik\/\">Tempus <\/a><a href=\"https:\/\/talkpal.ai\/sv\/exercise_language\/verb-galicisk-grammatik\/\">Verb <\/a>    <\/div>\r\n<\/section> -->\r\n\r\n\r\n\r\n\r\n        <section class=\"grammarSection\">\r\n            <div class=\"grammarLinks\">\r\n                <a href=\"https:\/\/talkpal.ai\/sv\/exercise_language\/adjektiv-galicisk-grammatik\/\">Adjektiv <\/a><a href=\"https:\/\/talkpal.ai\/sv\/exercise_language\/adverb-sv-5\/\">Adverb<\/a><a href=\"https:\/\/talkpal.ai\/sv\/exercise_language\/artiklar-galicisk-grammatik\/\">Artiklar <\/a><a href=\"https:\/\/talkpal.ai\/sv\/exercise_language\/jamforelse-av-tempus-galicisk-grammatik\/\">J\u00e4mf\u00f6relse av tempus <\/a><a href=\"https:\/\/talkpal.ai\/sv\/exercise_language\/konditionaler-galicisk-grammatik\/\">Konditionaler <\/a><a href=\"https:\/\/talkpal.ai\/sv\/exercise_language\/meningar-galicisk-grammatik\/\">Meningar <\/a><a href=\"https:\/\/talkpal.ai\/sv\/exercise_language\/perfect-progressive-galicisk-grammatik\/\">Perfect Progressive <\/a><a href=\"https:\/\/talkpal.ai\/sv\/exercise_language\/prepositioner-galicisk-grammatik\/\">Prepositioner <\/a><a href=\"https:\/\/talkpal.ai\/sv\/exercise_language\/progressiv-galicisk-grammatik\/\">Progressiv <\/a><a href=\"https:\/\/talkpal.ai\/sv\/exercise_language\/pronomen-galicisk-grammatik\/\">Pronomen <\/a><a href=\"https:\/\/talkpal.ai\/sv\/exercise_language\/substantiv-galicisk-grammatik\/\">Substantiv <\/a><a href=\"https:\/\/talkpal.ai\/sv\/exercise_language\/tempus-galicisk-grammatik\/\">Tempus <\/a><a href=\"https:\/\/talkpal.ai\/sv\/exercise_language\/verb-galicisk-grammatik\/\">Verb <\/a>            <\/div>\r\n        <\/section>\r\n<section class=\"promotionalBanner\">\r\n    <p class=\"promotionalText\">Det mest effektiva s\u00e4ttet att l\u00e4ra sig ett spr\u00e5k<\/p>\r\n    <a class=\"promotionalLink\" href=\"https:\/\/app.talkpal.ai\/sv\/signup?lng=\">Prova Talkpal gratis<\/a>\r\n<\/section>\n<div class=\"wp-block-group pageContainerStyle\"><div class=\"wp-block-group__inner-container is-layout-constrained wp-block-group-is-layout-constrained\">\n<h2 class=\"wp-block-heading\" id=\"h-galician-grammar-topics\">Galiciska Grammatik \u00c4mnen<\/h2>\n\n\n\n<p>Galicisk <a href=\"https:\/\/talkpal.ai\/fr\/les\/\">grammatik<\/a> \u00e4r studiet av den spr\u00e5kliga strukturen, reglerna och komponenterna i det <a href=\"https:\/\/talkpal.ai\/learn-galician\/\">galiciska<\/a> spr\u00e5ket, ett romanskt spr\u00e5k som <a href=\"https:\/\/talkpal.ai\/locations\/language-courses-in-talas\/\">talas<\/a> i den autonoma regionen Galicien i nordv\u00e4stra Spanien. Galicisk grammatik har ett n\u00e4ra sl\u00e4ktskap med portugisiskan och best\u00e5r av olika element som hj\u00e4lper till att bilda och f\u00f6rst\u00e5 spr\u00e5ket, t.ex. verbb\u00f6jning, substantiv och adjektiv samt anv\u00e4ndning av artiklar, pronomen, adverb och prepositioner. Att l\u00e4ra sig galicisk grammatik p\u00e5 ett strukturerat s\u00e4tt kommer att s\u00e4kerst\u00e4lla en smidig och effektiv inl\u00e4rningsprocess samtidigt som det ger en djup f\u00f6rst\u00e5else f\u00f6r detta rika och levande spr\u00e5k.<\/p>\n\n\n\n<h3 class=\"wp-block-heading\" id=\"h-1-nouns\">1. Substantiv:<\/h3>\n\n\n\n<p>B\u00f6rja med att f\u00f6rst\u00e5 begreppet substantiv p\u00e5 galiciska, som klassificeras i tv\u00e5 genus (maskulinum och femininum) och kan vara singular eller plural. L\u00e4r dig hur du identifierar och anv\u00e4nder dem p\u00e5 r\u00e4tt s\u00e4tt i meningar.<\/p>\n\n\n\n<h3 class=\"wp-block-heading\" id=\"h-2-articles\">2. Artiklar:<\/h3>\n\n\n\n<p>Studera best\u00e4mda och obest\u00e4mda artiklar p\u00e5 galiciska, som i genus och numerus \u00f6verensst\u00e4mmer med de substantiv de \u00e5tf\u00f6ljer. Detta kommer att hj\u00e4lpa till att bilda fraser och grundl\u00e4ggande meningar mer effektivt.<\/p>\n\n\n\n<h3 class=\"wp-block-heading\" id=\"h-3-adjectives\">3. Adjektiv:<\/h3>\n\n\n\n<p>L\u00e4r dig mer om adjektiv p\u00e5 galiciska, som \u00f6verensst\u00e4mmer i genus och numerus med de substantiv de \u00e4ndrar. Genom att f\u00f6rst\u00e5 placerings- och avtalsreglerna kan du beskriva objekt och personer p\u00e5 ett korrekt s\u00e4tt.<\/p>\n\n\n\n<h3 class=\"wp-block-heading\" id=\"h-4-pronouns-determiners\">4. Pronomen\/best\u00e4mningsfaktorer:<\/h3>\n\n\n\n<p>Studera de olika typerna av pronomen och best\u00e4mningar p\u00e5 galiciska, som kan ers\u00e4tta eller indikera substantiv i en mening. Detta inkluderar bland annat personliga, demonstrativa, possessiva och fr\u00e5gande pronomen.<\/p>\n\n\n\n<h3 class=\"wp-block-heading\" id=\"h-5-verbs\">5. Verb:<\/h3>\n\n\n\n<p>Fokusera p\u00e5 verbb\u00f6jning, som \u00e4r en viktig aspekt av galicisk grammatik. L\u00e4r dig de olika tempusen och modusen och \u00f6va p\u00e5 att b\u00f6ja regelbundna och <a href=\"https:\/\/talkpal.ai\/sv\/grammar\/oregelbundna-verb-i-armenisk-grammatik\/\">oregelbundna verb<\/a>.<\/p>\n\n\n\n<h3 class=\"wp-block-heading\" id=\"h-6-tense-comparison\">6. Sp\u00e4nd j\u00e4mf\u00f6relse:<\/h3>\n\n\n\n<p>F\u00f6rst\u00e5 skillnaderna mellan de olika tempusformerna p\u00e5 galiciska, och l\u00e4r dig hur du anv\u00e4nder dem p\u00e5 r\u00e4tt s\u00e4tt f\u00f6r att f\u00f6rmedla r\u00e4tt tidsreferens i ditt tal eller skrift.<\/p>\n\n\n\n<h3 class=\"wp-block-heading\" id=\"h-7-progressive\">7. Progressiv:<\/h3>\n\n\n\n<p>Studera den progressiva aspekten i galiciska, som indikerar en p\u00e5g\u00e5ende handling, och l\u00e4r dig hur man bildar och anv\u00e4nder den med olika tempus.<\/p>\n\n\n\n<h3 class=\"wp-block-heading\" id=\"h-8-perfect-progressive\">8. Perfekt progressiv:<\/h3>\n\n\n\n<p>L\u00e4r dig mer om den perfekta progressiva aspekten, som kombinerar de perfekta och progressiva aspekterna f\u00f6r att uttrycka en handling som har p\u00e5g\u00e5tt och som kan forts\u00e4tta i framtiden.<\/p>\n\n\n\n<h3 class=\"wp-block-heading\" id=\"h-9-adverbs\">9. Adverb:<\/h3>\n\n\n\n<p>Utforska galiciska adverb, som ger ytterligare information om verb, adjektiv eller andra adverb. L\u00e4r dig de olika typerna och deras placeringsregler i meningar.<\/p>\n\n\n\n<h3 class=\"wp-block-heading\" id=\"h-10-prepositions\">10. Prepositioner:<\/h3>\n\n\n\n<p>Studera de olika prepositionerna p\u00e5 galiciska, som visar f\u00f6rh\u00e5llandet mellan element i en mening, s\u00e5som plats, riktning, tid eller orsak.<\/p>\n\n\n\n<h3 class=\"wp-block-heading\" id=\"h-11-conditionals\">11. Villkorliga:<\/h3>\n\n\n\n<p>L\u00e4r dig mer om <a href=\"https:\/\/talkpal.ai\/sv\/grammar\/villkorliga-meningar-i-turkisk-grammatik\/\">villkorliga meningar<\/a> p\u00e5 galiciska, som uttrycker hypotetiska eller overkliga situationer och deras konsekvenser. Studera bildandet och anv\u00e4ndningen av de olika typerna av villkor.<\/p>\n\n\n\n<h3 class=\"wp-block-heading\" id=\"h-12-sentences\">12. Meningar:<\/h3>\n\n\n\n<p>Slutligen kan du \u00f6va p\u00e5 att kombinera alla tidigare inl\u00e4rda grammatiska komponenter f\u00f6r att bilda enkla och komplexa meningar p\u00e5 galiciska. Detta kommer att bidra till att st\u00e4rka din f\u00f6rst\u00e5else av spr\u00e5ket och bygga upp ditt flyt.<\/p>\n<\/div><\/div>\n\r\n<section class=\"learnNavigationSection\">\r\n            \r\n        <a href=\"https:\/\/talkpal.ai\/sv\/lar-dig-galiciska\/\">\r\n            <div class=\"learnNavigationWrapper\">\r\n                <div class=\"learnNavigationContent\">\r\n                    <img decoding=\"async\" src=\"https:\/\/talkpal.ai\/wp-content\/uploads\/2024\/08\/Galician.jpg\" alt=\"Galicia Flag\">\r\n                    <div>\r\n                        <h4>Om Galician Learning<\/h4>\r\n                        <p>Ta reda p\u00e5 allt om galicisk grammatik.<\/p>\r\n                    <\/div>\r\n                <\/div>\r\n            <\/div>\r\n        <\/a>\r\n\r\n        \r\n        <a href=\"https:\/\/talkpal.ai\/sv\/galicisk-grammatik\/\">\r\n            <div class=\"learnNavigationWrapper\">\r\n                <div class=\"learnNavigationContent\">\r\n                    <img decoding=\"async\" src=\"https:\/\/talkpal.ai\/wp-content\/uploads\/2024\/08\/Galician.jpg\" alt=\"Galicia Flag\">\r\n                    <div>\r\n                        <h4>Lektioner i galicisk grammatik<\/h4>\r\n                        <p>\u00d6va galicisk grammatik.<\/p>\r\n                    <\/div>\r\n                <\/div>\r\n            <\/div>\r\n        <\/a>\r\n\r\n        \r\n        <a href=\"https:\/\/talkpal.ai\/vocabulary_language\/galician\/\">\r\n            <div class=\"learnNavigationWrapper\">\r\n                <div class=\"learnNavigationContent\">\r\n                    <img decoding=\"async\" src=\"https:\/\/talkpal.ai\/wp-content\/uploads\/2024\/08\/Galician.jpg\" alt=\"Galicia Flag\">\r\n                    <div>\r\n                        <h4>Galicisk vokabul\u00e4r<\/h4>\r\n                        <p>Ut\u00f6ka ditt galiciska ordf\u00f6rr\u00e5d.<\/p>\r\n                    <\/div>\r\n                <\/div>\r\n            <\/div>\r\n        <\/a>\r\n\r\n            <\/section>","protected":false},"excerpt":{"rendered":"<p>Galiciska Grammatik \u00c4mnen Galicisk grammatik \u00e4r studiet av den spr\u00e5kliga strukturen, reglerna och komponenterna i det galiciska spr\u00e5ket, ett romanskt spr\u00e5k som talas i den autonoma regionen Galicien i nordv\u00e4stra Spanien. Galicisk grammatik har ett n\u00e4ra sl\u00e4ktskap med portugisiskan och best\u00e5r av olika element som hj\u00e4lper till att bilda och f\u00f6rst\u00e5 spr\u00e5ket, t.ex. verbb\u00f6jning, substantiv [&hellip;]<\/p>\n","protected":false},"author":6,"featured_media":28325,"parent":0,"menu_order":0,"comment_status":"closed","ping_status":"closed","template":"LearningContentPage.php","meta":{"_acf_changed":false,"footnotes":""},"class_list":["post-162783","page","type-page","status-publish","has-post-thumbnail","hentry"],"acf":[],"yoast_head":"<!-- This site is optimized with the Yoast SEO Premium plugin v27.2 (Yoast SEO v27.2) - https:\/\/yoast.com\/product\/yoast-seo-premium-wordpress\/ -->\n<title>Galiciska grammatik\u00f6vningar - Talkpal<\/title>\n<meta name=\"description\" content=\"\u00d6va galicisk grammatik enkelt - f\u00f6rb\u00e4ttra dig snabbt, engagera dig i tydliga interaktiva \u00f6vningar och f\u00e5 spr\u00e5kligt sj\u00e4lvf\u00f6rtroende\" \/>\n<meta name=\"robots\" content=\"index, follow, max-snippet:-1, max-image-preview:large, max-video-preview:-1\" \/>\n<link rel=\"canonical\" href=\"https:\/\/talkpal.ai\/sv\/galiciska-grammatikovningar\/\" \/>\n<meta property=\"og:locale\" content=\"sv_SE\" \/>\n<meta property=\"og:type\" content=\"article\" \/>\n<meta property=\"og:title\" content=\"Galiciska grammatik\u00f6vningar\" \/>\n<meta property=\"og:description\" content=\"Galiciska Grammatik \u00c4mnen Galicisk grammatik \u00e4r studiet av den spr\u00e5kliga strukturen, reglerna och komponenterna i det galiciska spr\u00e5ket, ett romanskt\" \/>\n<meta property=\"og:url\" content=\"https:\/\/talkpal.ai\/sv\/galiciska-grammatikovningar\/\" \/>\n<meta property=\"og:site_name\" content=\"Talkpal\" \/>\n<meta property=\"article:publisher\" content=\"https:\/\/www.facebook.com\/profile.php?id=100090733639311\" \/>\n<meta property=\"article:modified_time\" content=\"2025-12-17T15:59:22+00:00\" \/>\n<meta property=\"og:image\" content=\"https:\/\/talkpal.ai\/wp-content\/uploads\/2023\/05\/Galician-spain.png\" \/>\n\t<meta property=\"og:image:width\" content=\"512\" \/>\n\t<meta property=\"og:image:height\" content=\"512\" \/>\n\t<meta property=\"og:image:type\" content=\"image\/png\" \/>\n<meta name=\"twitter:card\" content=\"summary_large_image\" \/>\n<meta name=\"twitter:site\" content=\"@talkpalai\" \/>\n<meta name=\"twitter:label1\" content=\"Ber\u00e4knad l\u00e4stid\" \/>\n\t<meta name=\"twitter:data1\" content=\"3 minuter\" \/>\n<script type=\"application\/ld+json\" class=\"yoast-schema-graph\">{\"@context\":\"https:\/\/schema.org\",\"@graph\":[{\"@type\":\"WebPage\",\"@id\":\"https:\/\/talkpal.ai\/sv\/galiciska-grammatikovningar\/\",\"url\":\"https:\/\/talkpal.ai\/sv\/galiciska-grammatikovningar\/\",\"name\":\"Galiciska grammatik\u00f6vningar - Talkpal\",\"isPartOf\":{\"@id\":\"https:\/\/talkpal.ai\/sv\/#website\"},\"primaryImageOfPage\":{\"@id\":\"https:\/\/talkpal.ai\/sv\/galiciska-grammatikovningar\/#primaryimage\"},\"image\":{\"@id\":\"https:\/\/talkpal.ai\/sv\/galiciska-grammatikovningar\/#primaryimage\"},\"thumbnailUrl\":\"https:\/\/talkpal.ai\/wp-content\/uploads\/2023\/05\/Galician-spain.png\",\"datePublished\":\"2023-06-21T14:01:18+00:00\",\"dateModified\":\"2025-12-17T15:59:22+00:00\",\"description\":\"\u00d6va galicisk grammatik enkelt - f\u00f6rb\u00e4ttra dig snabbt, engagera dig i tydliga interaktiva \u00f6vningar och f\u00e5 spr\u00e5kligt sj\u00e4lvf\u00f6rtroende\",\"breadcrumb\":{\"@id\":\"https:\/\/talkpal.ai\/sv\/galiciska-grammatikovningar\/#breadcrumb\"},\"inLanguage\":\"sv-SE\",\"potentialAction\":[{\"@type\":\"ReadAction\",\"target\":[\"https:\/\/talkpal.ai\/sv\/galiciska-grammatikovningar\/\"]}]},{\"@type\":\"ImageObject\",\"inLanguage\":\"sv-SE\",\"@id\":\"https:\/\/talkpal.ai\/sv\/galiciska-grammatikovningar\/#primaryimage\",\"url\":\"https:\/\/talkpal.ai\/wp-content\/uploads\/2023\/05\/Galician-spain.png\",\"contentUrl\":\"https:\/\/talkpal.ai\/wp-content\/uploads\/2023\/05\/Galician-spain.png\",\"width\":512,\"height\":512},{\"@type\":\"BreadcrumbList\",\"@id\":\"https:\/\/talkpal.ai\/sv\/galiciska-grammatikovningar\/#breadcrumb\",\"itemListElement\":[{\"@type\":\"ListItem\",\"position\":1,\"name\":\"Homepage\",\"item\":\"https:\/\/talkpal.ai\/sv\/\"},{\"@type\":\"ListItem\",\"position\":2,\"name\":\"Galiciska grammatik\u00f6vningar\"}]},{\"@type\":\"WebSite\",\"@id\":\"https:\/\/talkpal.ai\/sv\/#website\",\"url\":\"https:\/\/talkpal.ai\/sv\/\",\"name\":\"Talkpal\",\"description\":\"AI Language Learning\",\"publisher\":{\"@id\":\"https:\/\/talkpal.ai\/sv\/#organization\"},\"alternateName\":\"Talkpal AI\",\"potentialAction\":[{\"@type\":\"SearchAction\",\"target\":{\"@type\":\"EntryPoint\",\"urlTemplate\":\"https:\/\/talkpal.ai\/sv\/?s={search_term_string}\"},\"query-input\":{\"@type\":\"PropertyValueSpecification\",\"valueRequired\":true,\"valueName\":\"search_term_string\"}}],\"inLanguage\":\"sv-SE\"},{\"@type\":\"Organization\",\"@id\":\"https:\/\/talkpal.ai\/sv\/#organization\",\"name\":\"Talkpal, Inc.\",\"alternateName\":\"Talkpal AI\",\"url\":\"https:\/\/talkpal.ai\/sv\/\",\"logo\":{\"@type\":\"ImageObject\",\"inLanguage\":\"sv-SE\",\"@id\":\"https:\/\/talkpal.ai\/sv\/#\/schema\/logo\/image\/\",\"url\":\"https:\/\/talkpal.ai\/wp-content\/uploads\/2024\/03\/Talkpal-Logo-Icon.png\",\"contentUrl\":\"https:\/\/talkpal.ai\/wp-content\/uploads\/2024\/03\/Talkpal-Logo-Icon.png\",\"width\":2880,\"height\":2880,\"caption\":\"Talkpal, Inc.\"},\"image\":{\"@id\":\"https:\/\/talkpal.ai\/sv\/#\/schema\/logo\/image\/\"},\"sameAs\":[\"https:\/\/www.facebook.com\/profile.php?id=100090733639311\",\"https:\/\/x.com\/talkpalai\",\"https:\/\/www.linkedin.com\/company\/talkpal\/\",\"https:\/\/www.youtube.com\/@TalkPal\/\",\"https:\/\/www.tiktok.com\/@talkpal\",\"https:\/\/www.instagram.com\/talkpal_ai\/\",\"https:\/\/www.crunchbase.com\/organization\/talkpal-9cde\",\"https:\/\/www.g2.com\/products\/talkpal-for-business\/\",\"https:\/\/www.trustpilot.com\/review\/talkpal.ai\",\"https:\/\/www.capterra.com\/p\/10006800\/TalkPal\/\"],\"description\":\"Talkpal is a language learning web and mobile education app, powered by the latest AI technologies, that provides engaging experiences to its customers in many different languages to help them improve their language skills. Users can chat about unlimited amount of topics with the app and use other modes to practice their language learning.\",\"email\":\"support@talkpal.ai\",\"legalName\":\"Talkpal, Inc.\",\"foundingDate\":\"2023-04-03\",\"duns\":\"118989042\",\"numberOfEmployees\":{\"@type\":\"QuantitativeValue\",\"minValue\":\"11\",\"maxValue\":\"50\"},\"publishingPrinciples\":\"https:\/\/talkpal.ai\/publishing-principles\/\",\"actionableFeedbackPolicy\":\"https:\/\/talkpal.ai\/actionable-feedback-policy\/\",\"correctionsPolicy\":\"https:\/\/talkpal.ai\/corrections-policy\/\",\"ethicsPolicy\":\"https:\/\/talkpal.ai\/ethics-policy\/\",\"diversityPolicy\":\"https:\/\/talkpal.ai\/diversity-policy\/\",\"diversityStaffingReport\":\"https:\/\/talkpal.ai\/diversity-policy\/\"}]}<\/script>\n<!-- \/ Yoast SEO Premium plugin. -->","yoast_head_json":{"title":"Galiciska grammatik\u00f6vningar - Talkpal","description":"\u00d6va galicisk grammatik enkelt - f\u00f6rb\u00e4ttra dig snabbt, engagera dig i tydliga interaktiva \u00f6vningar och f\u00e5 spr\u00e5kligt sj\u00e4lvf\u00f6rtroende","robots":{"index":"index","follow":"follow","max-snippet":"max-snippet:-1","max-image-preview":"max-image-preview:large","max-video-preview":"max-video-preview:-1"},"canonical":"https:\/\/talkpal.ai\/sv\/galiciska-grammatikovningar\/","og_locale":"sv_SE","og_type":"article","og_title":"Galiciska grammatik\u00f6vningar","og_description":"Galiciska Grammatik \u00c4mnen Galicisk grammatik \u00e4r studiet av den spr\u00e5kliga strukturen, reglerna och komponenterna i det galiciska spr\u00e5ket, ett romanskt","og_url":"https:\/\/talkpal.ai\/sv\/galiciska-grammatikovningar\/","og_site_name":"Talkpal","article_publisher":"https:\/\/www.facebook.com\/profile.php?id=100090733639311","article_modified_time":"2025-12-17T15:59:22+00:00","og_image":[{"width":512,"height":512,"url":"https:\/\/talkpal.ai\/wp-content\/uploads\/2023\/05\/Galician-spain.png","type":"image\/png"}],"twitter_card":"summary_large_image","twitter_site":"@talkpalai","twitter_misc":{"Ber\u00e4knad l\u00e4stid":"3 minuter"},"schema":{"@context":"https:\/\/schema.org","@graph":[{"@type":"WebPage","@id":"https:\/\/talkpal.ai\/sv\/galiciska-grammatikovningar\/","url":"https:\/\/talkpal.ai\/sv\/galiciska-grammatikovningar\/","name":"Galiciska grammatik\u00f6vningar - Talkpal","isPartOf":{"@id":"https:\/\/talkpal.ai\/sv\/#website"},"primaryImageOfPage":{"@id":"https:\/\/talkpal.ai\/sv\/galiciska-grammatikovningar\/#primaryimage"},"image":{"@id":"https:\/\/talkpal.ai\/sv\/galiciska-grammatikovningar\/#primaryimage"},"thumbnailUrl":"https:\/\/talkpal.ai\/wp-content\/uploads\/2023\/05\/Galician-spain.png","datePublished":"2023-06-21T14:01:18+00:00","dateModified":"2025-12-17T15:59:22+00:00","description":"\u00d6va galicisk grammatik enkelt - f\u00f6rb\u00e4ttra dig snabbt, engagera dig i tydliga interaktiva \u00f6vningar och f\u00e5 spr\u00e5kligt sj\u00e4lvf\u00f6rtroende","breadcrumb":{"@id":"https:\/\/talkpal.ai\/sv\/galiciska-grammatikovningar\/#breadcrumb"},"inLanguage":"sv-SE","potentialAction":[{"@type":"ReadAction","target":["https:\/\/talkpal.ai\/sv\/galiciska-grammatikovningar\/"]}]},{"@type":"ImageObject","inLanguage":"sv-SE","@id":"https:\/\/talkpal.ai\/sv\/galiciska-grammatikovningar\/#primaryimage","url":"https:\/\/talkpal.ai\/wp-content\/uploads\/2023\/05\/Galician-spain.png","contentUrl":"https:\/\/talkpal.ai\/wp-content\/uploads\/2023\/05\/Galician-spain.png","width":512,"height":512},{"@type":"BreadcrumbList","@id":"https:\/\/talkpal.ai\/sv\/galiciska-grammatikovningar\/#breadcrumb","itemListElement":[{"@type":"ListItem","position":1,"name":"Homepage","item":"https:\/\/talkpal.ai\/sv\/"},{"@type":"ListItem","position":2,"name":"Galiciska grammatik\u00f6vningar"}]},{"@type":"WebSite","@id":"https:\/\/talkpal.ai\/sv\/#website","url":"https:\/\/talkpal.ai\/sv\/","name":"Talkpal","description":"AI Language Learning","publisher":{"@id":"https:\/\/talkpal.ai\/sv\/#organization"},"alternateName":"Talkpal AI","potentialAction":[{"@type":"SearchAction","target":{"@type":"EntryPoint","urlTemplate":"https:\/\/talkpal.ai\/sv\/?s={search_term_string}"},"query-input":{"@type":"PropertyValueSpecification","valueRequired":true,"valueName":"search_term_string"}}],"inLanguage":"sv-SE"},{"@type":"Organization","@id":"https:\/\/talkpal.ai\/sv\/#organization","name":"Talkpal, Inc.","alternateName":"Talkpal AI","url":"https:\/\/talkpal.ai\/sv\/","logo":{"@type":"ImageObject","inLanguage":"sv-SE","@id":"https:\/\/talkpal.ai\/sv\/#\/schema\/logo\/image\/","url":"https:\/\/talkpal.ai\/wp-content\/uploads\/2024\/03\/Talkpal-Logo-Icon.png","contentUrl":"https:\/\/talkpal.ai\/wp-content\/uploads\/2024\/03\/Talkpal-Logo-Icon.png","width":2880,"height":2880,"caption":"Talkpal, Inc."},"image":{"@id":"https:\/\/talkpal.ai\/sv\/#\/schema\/logo\/image\/"},"sameAs":["https:\/\/www.facebook.com\/profile.php?id=100090733639311","https:\/\/x.com\/talkpalai","https:\/\/www.linkedin.com\/company\/talkpal\/","https:\/\/www.youtube.com\/@TalkPal\/","https:\/\/www.tiktok.com\/@talkpal","https:\/\/www.instagram.com\/talkpal_ai\/","https:\/\/www.crunchbase.com\/organization\/talkpal-9cde","https:\/\/www.g2.com\/products\/talkpal-for-business\/","https:\/\/www.trustpilot.com\/review\/talkpal.ai","https:\/\/www.capterra.com\/p\/10006800\/TalkPal\/"],"description":"Talkpal is a language learning web and mobile education app, powered by the latest AI technologies, that provides engaging experiences to its customers in many different languages to help them improve their language skills. Users can chat about unlimited amount of topics with the app and use other modes to practice their language learning.","email":"support@talkpal.ai","legalName":"Talkpal, Inc.","foundingDate":"2023-04-03","duns":"118989042","numberOfEmployees":{"@type":"QuantitativeValue","minValue":"11","maxValue":"50"},"publishingPrinciples":"https:\/\/talkpal.ai\/publishing-principles\/","actionableFeedbackPolicy":"https:\/\/talkpal.ai\/actionable-feedback-policy\/","correctionsPolicy":"https:\/\/talkpal.ai\/corrections-policy\/","ethicsPolicy":"https:\/\/talkpal.ai\/ethics-policy\/","diversityPolicy":"https:\/\/talkpal.ai\/diversity-policy\/","diversityStaffingReport":"https:\/\/talkpal.ai\/diversity-policy\/"}]}},"_links":{"self":[{"href":"https:\/\/talkpal.ai\/sv\/wp-json\/wp\/v2\/pages\/162783","targetHints":{"allow":["GET"]}}],"collection":[{"href":"https:\/\/talkpal.ai\/sv\/wp-json\/wp\/v2\/pages"}],"about":[{"href":"https:\/\/talkpal.ai\/sv\/wp-json\/wp\/v2\/types\/page"}],"author":[{"embeddable":true,"href":"https:\/\/talkpal.ai\/sv\/wp-json\/wp\/v2\/users\/6"}],"replies":[{"embeddable":true,"href":"https:\/\/talkpal.ai\/sv\/wp-json\/wp\/v2\/comments?post=162783"}],"version-history":[{"count":0,"href":"https:\/\/talkpal.ai\/sv\/wp-json\/wp\/v2\/pages\/162783\/revisions"}],"wp:featuredmedia":[{"embeddable":true,"href":"https:\/\/talkpal.ai\/sv\/wp-json\/wp\/v2\/media\/28325"}],"wp:attachment":[{"href":"https:\/\/talkpal.ai\/sv\/wp-json\/wp\/v2\/media?parent=162783"}],"curies":[{"name":"wp","href":"https:\/\/api.w.org\/{rel}","templated":true}]}}