{"id":162506,"date":"2023-06-21T14:18:43","date_gmt":"2023-06-21T14:18:43","guid":{"rendered":"http:\/\/talkpal.ai\/grekiska-grammatikovningar\/"},"modified":"2025-12-17T16:03:51","modified_gmt":"2025-12-17T16:03:51","slug":"grekiska-grammatikovningar","status":"publish","type":"page","link":"https:\/\/talkpal.ai\/sv\/grekiska-grammatikovningar\/","title":{"rendered":"Grekiska grammatik\u00f6vningar"},"content":{"rendered":"\r\n\r\n\r\n<section class=\"languageChallengeSection\">\r\n    <div class=\"languageInfoWrapper\">\r\n        \r\n        <h1>Grekiska grammatik\u00f6vningar<\/h1>\r\n        <p>L\u00e5t oss g\u00f6ra det roligt och enkelt att l\u00e4ra sig <a href=\"https:\/\/talkpal.ai\/learn-greek\/\">grekiska<\/a>! Prova dessa enkla \u00f6vningar f\u00f6r att \u00f6va p\u00e5 n\u00e5gra grundl\u00e4ggande delar av den <a href=\"https:\/\/talkpal.ai\/learn-greek\/\">grekiska<\/a> grammatiken och kickstarta din spr\u00e5kresa.<\/p>\r\n\r\n                            <a class=\"getStartedHidden\" href=\"https:\/\/app.talkpal.ai\/sv\/signup?lng=\">Kom ig\u00e5ng<\/a>\r\n        \r\n    <\/div>\r\n\r\n    <figure>\r\n    <img decoding=\"async\" width=\"768\" height=\"768\" src=\"https:\/\/talkpal.ai\/wp-content\/uploads\/2023\/06\/greek-768x768.png\" class=\"languageImage no-lazy\" alt=\"Default alt text\" fetchpriority=\"high\" sizes=\"(max-width: 768px) 150px, 768px\" srcset=\"https:\/\/talkpal.ai\/wp-content\/uploads\/2023\/06\/greek-768x768.png 768w, https:\/\/talkpal.ai\/wp-content\/uploads\/2023\/06\/greek-300x300.png 300w\" \/>\r\n    \r\n\r\n    <\/figure>\r\n\r\n            <a class=\"getStartedVisible\" href=\"https:\/\/app.talkpal.ai\/sv\/signup?lng=\">Kom ig\u00e5ng<\/a>\r\n    \r\n<\/section>\r\n\r\n\r\n<!-- <section class=\"grammarSection\">\r\n    <div class=\"grammarLinks\">\r\n        <a href=\"https:\/\/talkpal.ai\/sv\/exercise_language\/adjektiv-grekisk-grammatik\/\">Adjektiv <\/a><a href=\"https:\/\/talkpal.ai\/sv\/exercise_language\/adverb-grekisk-grammatik\/\">Adverb <\/a><a href=\"https:\/\/talkpal.ai\/sv\/exercise_language\/artiklar-grekisk-grammatik\/\">Artiklar <\/a><a href=\"https:\/\/talkpal.ai\/sv\/exercise_language\/jamforelse-av-tempus-grekisk-grammatik\/\">J\u00e4mf\u00f6relse av tempus <\/a><a href=\"https:\/\/talkpal.ai\/sv\/exercise_language\/konditionaler-grekisk-grammatik\/\">Konditionaler <\/a><a href=\"https:\/\/talkpal.ai\/sv\/exercise_language\/meningar-grekisk-grammatik\/\">Meningar <\/a><a href=\"https:\/\/talkpal.ai\/sv\/exercise_language\/perfect-progressive-grekisk-grammatik\/\">Perfect Progressive <\/a><a href=\"https:\/\/talkpal.ai\/sv\/exercise_language\/prepositioner-grekisk-grammatik\/\">Prepositioner <\/a><a href=\"https:\/\/talkpal.ai\/sv\/exercise_language\/progressiv-grekisk-grammatik\/\">Progressiv <\/a><a href=\"https:\/\/talkpal.ai\/sv\/exercise_language\/pronomen-bestamningsfaktorer-grekisk-grammatik\/\">Pronomen\/best\u00e4mningsfaktorer <\/a><a href=\"https:\/\/talkpal.ai\/sv\/exercise_language\/substantiv-grekisk-grammatik\/\">Substantiv <\/a><a href=\"https:\/\/talkpal.ai\/sv\/exercise_language\/tempus-grekisk-grammatik\/\">Tempus <\/a><a href=\"https:\/\/talkpal.ai\/sv\/exercise_language\/verb-grekisk-grammatik\/\">Verb <\/a>    <\/div>\r\n<\/section> -->\r\n\r\n\r\n\r\n\r\n        <section class=\"grammarSection\">\r\n            <div class=\"grammarLinks\">\r\n                <a href=\"https:\/\/talkpal.ai\/sv\/exercise_language\/adjektiv-grekisk-grammatik\/\">Adjektiv <\/a><a href=\"https:\/\/talkpal.ai\/sv\/exercise_language\/adverb-grekisk-grammatik\/\">Adverb <\/a><a href=\"https:\/\/talkpal.ai\/sv\/exercise_language\/artiklar-grekisk-grammatik\/\">Artiklar <\/a><a href=\"https:\/\/talkpal.ai\/sv\/exercise_language\/jamforelse-av-tempus-grekisk-grammatik\/\">J\u00e4mf\u00f6relse av tempus <\/a><a href=\"https:\/\/talkpal.ai\/sv\/exercise_language\/konditionaler-grekisk-grammatik\/\">Konditionaler <\/a><a href=\"https:\/\/talkpal.ai\/sv\/exercise_language\/meningar-grekisk-grammatik\/\">Meningar <\/a><a href=\"https:\/\/talkpal.ai\/sv\/exercise_language\/perfect-progressive-grekisk-grammatik\/\">Perfect Progressive <\/a><a href=\"https:\/\/talkpal.ai\/sv\/exercise_language\/prepositioner-grekisk-grammatik\/\">Prepositioner <\/a><a href=\"https:\/\/talkpal.ai\/sv\/exercise_language\/progressiv-grekisk-grammatik\/\">Progressiv <\/a><a href=\"https:\/\/talkpal.ai\/sv\/exercise_language\/pronomen-bestamningsfaktorer-grekisk-grammatik\/\">Pronomen\/best\u00e4mningsfaktorer <\/a><a href=\"https:\/\/talkpal.ai\/sv\/exercise_language\/substantiv-grekisk-grammatik\/\">Substantiv <\/a><a href=\"https:\/\/talkpal.ai\/sv\/exercise_language\/tempus-grekisk-grammatik\/\">Tempus <\/a><a href=\"https:\/\/talkpal.ai\/sv\/exercise_language\/verb-grekisk-grammatik\/\">Verb <\/a>            <\/div>\r\n        <\/section>\r\n<section class=\"promotionalBanner\">\r\n    <p class=\"promotionalText\">Det mest effektiva s\u00e4ttet att l\u00e4ra sig ett spr\u00e5k<\/p>\r\n    <a class=\"promotionalLink\" href=\"https:\/\/app.talkpal.ai\/sv\/signup?lng=\">Prova Talkpal gratis<\/a>\r\n<\/section>\n<div class=\"wp-block-group pageContainerStyle\"><div class=\"wp-block-group__inner-container is-layout-constrained wp-block-group-is-layout-constrained\">\n<h2 class=\"wp-block-heading\" id=\"h-greek-grammar-topics\">Grekiska grammatik\u00e4mnen<\/h2>\n\n\n\n<p>Att l\u00e4ra sig grekiska kan vara en otroligt givande upplevelse eftersom det ger en ink\u00f6rsport till en rik och m\u00e5ngsidig kultur, litteratur och historia. Det grekiska spr\u00e5ket har en unik grammatisk struktur som kan vara fascinerande att utforska. Att bekanta dig med <a href=\"https:\/\/talkpal.ai\/sv\/grammar\/particip-i-grekisk-grammatik\/\">grekisk grammatik<\/a> \u00e4r viktigt f\u00f6r att beh\u00e4rska spr\u00e5ket, eftersom det g\u00f6r att du kan kommunicera effektivt och korrekt. <a href=\"https:\/\/talkpal.ai\/culture\/how-do-i-use-den-har-and-det-har\/\">Den h\u00e4r<\/a> guiden ger dig en \u00f6versikt \u00f6ver n\u00e5gra av de viktigaste \u00e4mnena i grekisk grammatik, grupperade i en sekvens som bidrar till att l\u00e4ra dig spr\u00e5ket. Fr\u00e5n tempus och verb till prepositioner och meningar, <a href=\"https:\/\/talkpal.ai\/culture\/how-do-i-use-den-har-and-det-har\/\">den h\u00e4r<\/a> guiden kommer att s\u00e4tta dig p\u00e5 v\u00e4gen till att bli skicklig i grekiska.<\/p>\n\n\n\n<h3 class=\"wp-block-heading\" id=\"h-1-nouns\">1. Substantiv:<\/h3>\n\n\n\n<p>Substantiv \u00e4r byggstenarna i <a href=\"https:\/\/talkpal.ai\/fr\/langues\/\">alla spr\u00e5k<\/a>, och grekiska \u00e4r inget undantag. De anv\u00e4nds f\u00f6r att representera m\u00e4nniskor, platser, saker eller id\u00e9er. I grekiska har substantiv genus (maskulinum, femininum eller neutrum), numerus (singular eller plural) och kasus (nominativ, genitiv, ackusativ eller vokativ). Att f\u00f6rst\u00e5 dessa egenskaper och deras b\u00f6jningar \u00e4r avg\u00f6rande f\u00f6r att bilda meningar.<\/p>\n\n\n\n<h3 class=\"wp-block-heading\" id=\"h-2-articles\">2. Artiklar:<\/h3>\n\n\n\n<p>Artiklar p\u00e5 grekiska \u00e4r viktiga f\u00f6r att specificera ett substantivs best\u00e4mdhet. De \u00f6verensst\u00e4mmer med substantivet i genus, numerus och kasus. <a href=\"https:\/\/talkpal.ai\/culture\/how-do-i-use-det-finns-correctly\/\">Det finns<\/a> best\u00e4mda (motsvarande &#8221;the&#8221;) och obest\u00e4mda (motsvarande &#8221;a&#8221; eller &#8221;an&#8221;) artiklar som du m\u00e5ste l\u00e4ra dig och anv\u00e4nda p\u00e5 r\u00e4tt s\u00e4tt.<\/p>\n\n\n\n<h3 class=\"wp-block-heading\" id=\"h-3-adjectives\">3. Adjektiv:<\/h3>\n\n\n\n<p>Adjektiv beskriver eller modifierar substantiv, vilket ger ytterligare information om deras egenskaper eller egenskaper. P\u00e5 grekiska \u00f6verensst\u00e4mmer adjektiv med de substantiv de modifierar i genus, numerus och kasus, och har olika b\u00f6jningar beroende p\u00e5 dessa egenskaper.<\/p>\n\n\n\n<h3 class=\"wp-block-heading\" id=\"h-4-pronouns-determiners\">4. Pronomen\/best\u00e4mningsfaktorer:<\/h3>\n\n\n\n<p>Pronomen anv\u00e4nds f\u00f6r att ers\u00e4tta substantiv, medan best\u00e4mningar specificerar eller kvantifierar dem. I grekiskan b\u00f6js b\u00e5de pronomen och best\u00e4mningar f\u00f6r genus, numerus och kasus, precis som substantiv och adjektiv. N\u00e5gra exempel \u00e4r <a href=\"https:\/\/talkpal.ai\/sv\/grammar_exercises\/ovningar-for-personliga-pronomen-for-slovensk-grammatik\/\">personliga pronomen<\/a> (jag, du, han, hon, etc.), demonstrativa pronomen (detta, det) och possessiva pronomen (min, din, hans, henne, etc.).<\/p>\n\n\n\n<h3 class=\"wp-block-heading\" id=\"h-5-verbs\">5. Verb:<\/h3>\n\n\n\n<p>Verb uttrycker handlingar, f\u00f6rekomster eller tillst\u00e5nd. Grekiska verb har olika former beroende p\u00e5 tempus, modus, r\u00f6st och person. Att f\u00f6rst\u00e5 de olika b\u00f6jningarna och hur de anv\u00e4nds \u00e4r avg\u00f6rande f\u00f6r att konstruera och f\u00f6rst\u00e5 meningar.<\/p>\n\n\n\n<h3 class=\"wp-block-heading\" id=\"h-6-tenses\">6. Tempus:<\/h3>\n\n\n\n<p>Grekiska har flera tempus, till exempel nutid, d\u00e5tid och framtid. Varje tempus anv\u00e4nds f\u00f6r att ange tiden f\u00f6r en handling, h\u00e4ndelse eller tillst\u00e5nd. Att l\u00e4ra sig de olika tempusen och deras konjugationer hj\u00e4lper dig att uttrycka dig korrekt och f\u00f6rst\u00e5 andra.<\/p>\n\n\n\n<h3 class=\"wp-block-heading\" id=\"h-7-tense-comparison\">7. Sp\u00e4nd j\u00e4mf\u00f6relse:<\/h3>\n\n\n\n<p>Att j\u00e4mf\u00f6ra tempus p\u00e5 grekiska \u00e4r viktigt f\u00f6r att f\u00f6rst\u00e5 nyanserna i spr\u00e5ket. Detta inneb\u00e4r att man l\u00e4r sig att uttrycka handlingar eller tillst\u00e5nd som intr\u00e4ffar samtidigt, sekventiellt eller villkorligt.<\/p>\n\n\n\n<h3 class=\"wp-block-heading\" id=\"h-8-progressive\">8. Progressiv:<\/h3>\n\n\n\n<p>Den progressiva aspekten p\u00e5 grekiska anv\u00e4nds f\u00f6r att beteckna p\u00e5g\u00e5ende eller kontinuerliga handlingar. Att l\u00e4ra sig hur man formar och anv\u00e4nder den progressiva aspekten hj\u00e4lper dig att f\u00f6rmedla handlingar som h\u00e4nder just nu eller som h\u00e4nde tidigare.<\/p>\n\n\n\n<h3 class=\"wp-block-heading\" id=\"h-9-perfect-progressive\">9. Perfekt progressiv:<\/h3>\n\n\n\n<p>Den perfekta progressiva aspekten i grekiskan kombinerar begreppen fullbordan och kontinuitet. Det anv\u00e4nds f\u00f6r att uttrycka handlingar eller tillst\u00e5nd som b\u00f6rjade i det f\u00f6rflutna och fortsatte fram till en viss tidpunkt.<\/p>\n\n\n\n<h3 class=\"wp-block-heading\" id=\"h-10-adverbs\">10. Adverb:<\/h3>\n\n\n\n<p>Adverb ger ytterligare information om verb, adjektiv eller andra adverb. De kan uttrycka s\u00e4tt, frekvens, grad, tid eller plats. Att l\u00e4ra sig de olika typerna av adverb och deras korrekta placering i en mening kommer att f\u00f6rb\u00e4ttra din \u00f6vergripande flyt i grekiska.<\/p>\n\n\n\n<h3 class=\"wp-block-heading\" id=\"h-11-conditionals\">11. Villkorliga:<\/h3>\n\n\n\n<p>Konditionaler anv\u00e4nds f\u00f6r att uttrycka hypotetiska situationer och deras konsekvenser. Grekiskan har flera typer av villkor, inklusive verkliga, overkliga och blandade. Att f\u00f6rst\u00e5 och anv\u00e4nda villkor \u00e4r n\u00f6dv\u00e4ndigt f\u00f6r att uttrycka komplexa tankar och id\u00e9er.<\/p>\n\n\n\n<h3 class=\"wp-block-heading\" id=\"h-12-prepositions\">12. Prepositioner:<\/h3>\n\n\n\n<p>Prepositioner \u00e4r sm\u00e5 ord som anger relationer mellan substantiv, pronomen eller andra ord i en mening. De kan uttrycka plats, tid, riktning, orsak med mera. Att l\u00e4ra sig de olika prepositionerna och deras korrekta anv\u00e4ndning hj\u00e4lper dig att bilda mer exakta och sammanh\u00e4ngande meningar.<\/p>\n\n\n\n<h3 class=\"wp-block-heading\" id=\"h-13-sentences\">13. Meningar:<\/h3>\n\n\n\n<p>Slutligen \u00e4r det viktigt att beh\u00e4rska meningsstrukturen f\u00f6r att kommunicera effektivt p\u00e5 grekiska. Detta inneb\u00e4r att f\u00f6rst\u00e5 den korrekta ordf\u00f6ljden och anv\u00e4ndningen av olika grammatiska element, s\u00e5som subjekt, verb och objekt. Genom att l\u00e4ra dig att konstruera olika typer av meningar kommer du att vara p\u00e5 god v\u00e4g att bli skicklig i grekiska.<\/p>\n<\/div><\/div>\n\r\n<section class=\"learnNavigationSection\">\r\n            \r\n        <a href=\"https:\/\/talkpal.ai\/sv\/lar-dig-grekiska\/\">\r\n            <div class=\"learnNavigationWrapper\">\r\n                <div class=\"learnNavigationContent\">\r\n                    <img decoding=\"async\" src=\"https:\/\/talkpal.ai\/wp-content\/uploads\/2024\/08\/Greek.jpg\" alt=\"Greek Flag\">\r\n                    <div>\r\n                        <h4>Om Greek Learning<\/h4>\r\n                        <p>Ta reda p\u00e5 allt om grekisk grammatik.<\/p>\r\n                    <\/div>\r\n                <\/div>\r\n            <\/div>\r\n        <\/a>\r\n\r\n        \r\n        <a href=\"https:\/\/talkpal.ai\/sv\/grekisk-grammatik\/\">\r\n            <div class=\"learnNavigationWrapper\">\r\n                <div class=\"learnNavigationContent\">\r\n                    <img decoding=\"async\" src=\"https:\/\/talkpal.ai\/wp-content\/uploads\/2024\/08\/Greek.jpg\" alt=\"Greek Flag\">\r\n                    <div>\r\n                        <h4>Lektioner i grekisk grammatik<\/h4>\r\n                        <p>\u00d6va grekisk grammatik.<\/p>\r\n                    <\/div>\r\n                <\/div>\r\n            <\/div>\r\n        <\/a>\r\n\r\n        \r\n        <a href=\"https:\/\/talkpal.ai\/vocabulary_language\/greek\/\">\r\n            <div class=\"learnNavigationWrapper\">\r\n                <div class=\"learnNavigationContent\">\r\n                    <img decoding=\"async\" src=\"https:\/\/talkpal.ai\/wp-content\/uploads\/2024\/08\/Greek.jpg\" alt=\"Greek Flag\">\r\n                    <div>\r\n                        <h4>Grekisk vokabul\u00e4r<\/h4>\r\n                        <p>Ut\u00f6ka ditt grekiska ordf\u00f6rr\u00e5d.<\/p>\r\n                    <\/div>\r\n                <\/div>\r\n            <\/div>\r\n        <\/a>\r\n\r\n            <\/section>","protected":false},"excerpt":{"rendered":"<p>Grekiska grammatik\u00e4mnen Att l\u00e4ra sig grekiska kan vara en otroligt givande upplevelse eftersom det ger en ink\u00f6rsport till en rik och m\u00e5ngsidig kultur, litteratur och historia. Det grekiska spr\u00e5ket har en unik grammatisk struktur som kan vara fascinerande att utforska. Att bekanta dig med grekisk grammatik \u00e4r viktigt f\u00f6r att beh\u00e4rska spr\u00e5ket, eftersom det g\u00f6r [&hellip;]<\/p>\n","protected":false},"author":6,"featured_media":28341,"parent":0,"menu_order":0,"comment_status":"closed","ping_status":"closed","template":"LearningContentPage.php","meta":{"_acf_changed":false,"footnotes":""},"class_list":["post-162506","page","type-page","status-publish","has-post-thumbnail","hentry"],"acf":[],"yoast_head":"<!-- This site is optimized with the Yoast SEO Premium plugin v27.2 (Yoast SEO v27.2) - https:\/\/yoast.com\/product\/yoast-seo-premium-wordpress\/ -->\n<title>Grekiska grammatik\u00f6vningar - Talkpal<\/title>\n<meta name=\"description\" content=\"F\u00f6rb\u00e4ttra dina kunskaper i grekisk grammatik p\u00e5 ett enkelt s\u00e4tt - g\u00f6r interaktiva \u00f6vningar, f\u00f6rb\u00e4ttra dig snabbt och bygg upp ditt sj\u00e4lvf\u00f6rtroende med Talkpal AI.\" \/>\n<meta name=\"robots\" content=\"index, follow, max-snippet:-1, max-image-preview:large, max-video-preview:-1\" \/>\n<link rel=\"canonical\" href=\"https:\/\/talkpal.ai\/sv\/grekiska-grammatikovningar\/\" \/>\n<meta property=\"og:locale\" content=\"sv_SE\" \/>\n<meta property=\"og:type\" content=\"article\" \/>\n<meta property=\"og:title\" content=\"Grekiska grammatik\u00f6vningar\" \/>\n<meta property=\"og:description\" content=\"Grekiska grammatik\u00e4mnen Att l\u00e4ra sig grekiska kan vara en otroligt givande upplevelse eftersom det ger en ink\u00f6rsport till en rik och m\u00e5ngsidig kultur,\" \/>\n<meta property=\"og:url\" content=\"https:\/\/talkpal.ai\/sv\/grekiska-grammatikovningar\/\" \/>\n<meta property=\"og:site_name\" content=\"Talkpal\" \/>\n<meta property=\"article:publisher\" content=\"https:\/\/www.facebook.com\/profile.php?id=100090733639311\" \/>\n<meta property=\"article:modified_time\" content=\"2025-12-17T16:03:51+00:00\" \/>\n<meta property=\"og:image\" content=\"https:\/\/talkpal.ai\/wp-content\/uploads\/2023\/05\/greece.png\" \/>\n\t<meta property=\"og:image:width\" content=\"512\" \/>\n\t<meta property=\"og:image:height\" content=\"512\" \/>\n\t<meta property=\"og:image:type\" content=\"image\/png\" \/>\n<meta name=\"twitter:card\" content=\"summary_large_image\" \/>\n<meta name=\"twitter:site\" content=\"@talkpalai\" \/>\n<meta name=\"twitter:label1\" content=\"Ber\u00e4knad l\u00e4stid\" \/>\n\t<meta name=\"twitter:data1\" content=\"4 minuter\" \/>\n<script type=\"application\/ld+json\" class=\"yoast-schema-graph\">{\"@context\":\"https:\/\/schema.org\",\"@graph\":[{\"@type\":\"WebPage\",\"@id\":\"https:\/\/talkpal.ai\/sv\/grekiska-grammatikovningar\/\",\"url\":\"https:\/\/talkpal.ai\/sv\/grekiska-grammatikovningar\/\",\"name\":\"Grekiska grammatik\u00f6vningar - Talkpal\",\"isPartOf\":{\"@id\":\"https:\/\/talkpal.ai\/sv\/#website\"},\"primaryImageOfPage\":{\"@id\":\"https:\/\/talkpal.ai\/sv\/grekiska-grammatikovningar\/#primaryimage\"},\"image\":{\"@id\":\"https:\/\/talkpal.ai\/sv\/grekiska-grammatikovningar\/#primaryimage\"},\"thumbnailUrl\":\"https:\/\/talkpal.ai\/wp-content\/uploads\/2023\/05\/greece.png\",\"datePublished\":\"2023-06-21T14:18:43+00:00\",\"dateModified\":\"2025-12-17T16:03:51+00:00\",\"description\":\"F\u00f6rb\u00e4ttra dina kunskaper i grekisk grammatik p\u00e5 ett enkelt s\u00e4tt - g\u00f6r interaktiva \u00f6vningar, f\u00f6rb\u00e4ttra dig snabbt och bygg upp ditt sj\u00e4lvf\u00f6rtroende med Talkpal AI.\",\"breadcrumb\":{\"@id\":\"https:\/\/talkpal.ai\/sv\/grekiska-grammatikovningar\/#breadcrumb\"},\"inLanguage\":\"sv-SE\",\"potentialAction\":[{\"@type\":\"ReadAction\",\"target\":[\"https:\/\/talkpal.ai\/sv\/grekiska-grammatikovningar\/\"]}]},{\"@type\":\"ImageObject\",\"inLanguage\":\"sv-SE\",\"@id\":\"https:\/\/talkpal.ai\/sv\/grekiska-grammatikovningar\/#primaryimage\",\"url\":\"https:\/\/talkpal.ai\/wp-content\/uploads\/2023\/05\/greece.png\",\"contentUrl\":\"https:\/\/talkpal.ai\/wp-content\/uploads\/2023\/05\/greece.png\",\"width\":512,\"height\":512},{\"@type\":\"BreadcrumbList\",\"@id\":\"https:\/\/talkpal.ai\/sv\/grekiska-grammatikovningar\/#breadcrumb\",\"itemListElement\":[{\"@type\":\"ListItem\",\"position\":1,\"name\":\"Homepage\",\"item\":\"https:\/\/talkpal.ai\/sv\/\"},{\"@type\":\"ListItem\",\"position\":2,\"name\":\"Grekiska grammatik\u00f6vningar\"}]},{\"@type\":\"WebSite\",\"@id\":\"https:\/\/talkpal.ai\/sv\/#website\",\"url\":\"https:\/\/talkpal.ai\/sv\/\",\"name\":\"Talkpal\",\"description\":\"AI Language Learning\",\"publisher\":{\"@id\":\"https:\/\/talkpal.ai\/sv\/#organization\"},\"alternateName\":\"Talkpal AI\",\"potentialAction\":[{\"@type\":\"SearchAction\",\"target\":{\"@type\":\"EntryPoint\",\"urlTemplate\":\"https:\/\/talkpal.ai\/sv\/?s={search_term_string}\"},\"query-input\":{\"@type\":\"PropertyValueSpecification\",\"valueRequired\":true,\"valueName\":\"search_term_string\"}}],\"inLanguage\":\"sv-SE\"},{\"@type\":\"Organization\",\"@id\":\"https:\/\/talkpal.ai\/sv\/#organization\",\"name\":\"Talkpal, Inc.\",\"alternateName\":\"Talkpal AI\",\"url\":\"https:\/\/talkpal.ai\/sv\/\",\"logo\":{\"@type\":\"ImageObject\",\"inLanguage\":\"sv-SE\",\"@id\":\"https:\/\/talkpal.ai\/sv\/#\/schema\/logo\/image\/\",\"url\":\"https:\/\/talkpal.ai\/wp-content\/uploads\/2024\/03\/Talkpal-Logo-Icon.png\",\"contentUrl\":\"https:\/\/talkpal.ai\/wp-content\/uploads\/2024\/03\/Talkpal-Logo-Icon.png\",\"width\":2880,\"height\":2880,\"caption\":\"Talkpal, Inc.\"},\"image\":{\"@id\":\"https:\/\/talkpal.ai\/sv\/#\/schema\/logo\/image\/\"},\"sameAs\":[\"https:\/\/www.facebook.com\/profile.php?id=100090733639311\",\"https:\/\/x.com\/talkpalai\",\"https:\/\/www.linkedin.com\/company\/talkpal\/\",\"https:\/\/www.youtube.com\/@TalkPal\/\",\"https:\/\/www.tiktok.com\/@talkpal\",\"https:\/\/www.instagram.com\/talkpal_ai\/\",\"https:\/\/www.crunchbase.com\/organization\/talkpal-9cde\",\"https:\/\/www.g2.com\/products\/talkpal-for-business\/\",\"https:\/\/www.trustpilot.com\/review\/talkpal.ai\",\"https:\/\/www.capterra.com\/p\/10006800\/TalkPal\/\"],\"description\":\"Talkpal is a language learning web and mobile education app, powered by the latest AI technologies, that provides engaging experiences to its customers in many different languages to help them improve their language skills. Users can chat about unlimited amount of topics with the app and use other modes to practice their language learning.\",\"email\":\"support@talkpal.ai\",\"legalName\":\"Talkpal, Inc.\",\"foundingDate\":\"2023-04-03\",\"duns\":\"118989042\",\"numberOfEmployees\":{\"@type\":\"QuantitativeValue\",\"minValue\":\"11\",\"maxValue\":\"50\"},\"publishingPrinciples\":\"https:\/\/talkpal.ai\/publishing-principles\/\",\"actionableFeedbackPolicy\":\"https:\/\/talkpal.ai\/actionable-feedback-policy\/\",\"correctionsPolicy\":\"https:\/\/talkpal.ai\/corrections-policy\/\",\"ethicsPolicy\":\"https:\/\/talkpal.ai\/ethics-policy\/\",\"diversityPolicy\":\"https:\/\/talkpal.ai\/diversity-policy\/\",\"diversityStaffingReport\":\"https:\/\/talkpal.ai\/diversity-policy\/\"}]}<\/script>\n<!-- \/ Yoast SEO Premium plugin. -->","yoast_head_json":{"title":"Grekiska grammatik\u00f6vningar - Talkpal","description":"F\u00f6rb\u00e4ttra dina kunskaper i grekisk grammatik p\u00e5 ett enkelt s\u00e4tt - g\u00f6r interaktiva \u00f6vningar, f\u00f6rb\u00e4ttra dig snabbt och bygg upp ditt sj\u00e4lvf\u00f6rtroende med Talkpal AI.","robots":{"index":"index","follow":"follow","max-snippet":"max-snippet:-1","max-image-preview":"max-image-preview:large","max-video-preview":"max-video-preview:-1"},"canonical":"https:\/\/talkpal.ai\/sv\/grekiska-grammatikovningar\/","og_locale":"sv_SE","og_type":"article","og_title":"Grekiska grammatik\u00f6vningar","og_description":"Grekiska grammatik\u00e4mnen Att l\u00e4ra sig grekiska kan vara en otroligt givande upplevelse eftersom det ger en ink\u00f6rsport till en rik och m\u00e5ngsidig kultur,","og_url":"https:\/\/talkpal.ai\/sv\/grekiska-grammatikovningar\/","og_site_name":"Talkpal","article_publisher":"https:\/\/www.facebook.com\/profile.php?id=100090733639311","article_modified_time":"2025-12-17T16:03:51+00:00","og_image":[{"width":512,"height":512,"url":"https:\/\/talkpal.ai\/wp-content\/uploads\/2023\/05\/greece.png","type":"image\/png"}],"twitter_card":"summary_large_image","twitter_site":"@talkpalai","twitter_misc":{"Ber\u00e4knad l\u00e4stid":"4 minuter"},"schema":{"@context":"https:\/\/schema.org","@graph":[{"@type":"WebPage","@id":"https:\/\/talkpal.ai\/sv\/grekiska-grammatikovningar\/","url":"https:\/\/talkpal.ai\/sv\/grekiska-grammatikovningar\/","name":"Grekiska grammatik\u00f6vningar - Talkpal","isPartOf":{"@id":"https:\/\/talkpal.ai\/sv\/#website"},"primaryImageOfPage":{"@id":"https:\/\/talkpal.ai\/sv\/grekiska-grammatikovningar\/#primaryimage"},"image":{"@id":"https:\/\/talkpal.ai\/sv\/grekiska-grammatikovningar\/#primaryimage"},"thumbnailUrl":"https:\/\/talkpal.ai\/wp-content\/uploads\/2023\/05\/greece.png","datePublished":"2023-06-21T14:18:43+00:00","dateModified":"2025-12-17T16:03:51+00:00","description":"F\u00f6rb\u00e4ttra dina kunskaper i grekisk grammatik p\u00e5 ett enkelt s\u00e4tt - g\u00f6r interaktiva \u00f6vningar, f\u00f6rb\u00e4ttra dig snabbt och bygg upp ditt sj\u00e4lvf\u00f6rtroende med Talkpal AI.","breadcrumb":{"@id":"https:\/\/talkpal.ai\/sv\/grekiska-grammatikovningar\/#breadcrumb"},"inLanguage":"sv-SE","potentialAction":[{"@type":"ReadAction","target":["https:\/\/talkpal.ai\/sv\/grekiska-grammatikovningar\/"]}]},{"@type":"ImageObject","inLanguage":"sv-SE","@id":"https:\/\/talkpal.ai\/sv\/grekiska-grammatikovningar\/#primaryimage","url":"https:\/\/talkpal.ai\/wp-content\/uploads\/2023\/05\/greece.png","contentUrl":"https:\/\/talkpal.ai\/wp-content\/uploads\/2023\/05\/greece.png","width":512,"height":512},{"@type":"BreadcrumbList","@id":"https:\/\/talkpal.ai\/sv\/grekiska-grammatikovningar\/#breadcrumb","itemListElement":[{"@type":"ListItem","position":1,"name":"Homepage","item":"https:\/\/talkpal.ai\/sv\/"},{"@type":"ListItem","position":2,"name":"Grekiska grammatik\u00f6vningar"}]},{"@type":"WebSite","@id":"https:\/\/talkpal.ai\/sv\/#website","url":"https:\/\/talkpal.ai\/sv\/","name":"Talkpal","description":"AI Language Learning","publisher":{"@id":"https:\/\/talkpal.ai\/sv\/#organization"},"alternateName":"Talkpal AI","potentialAction":[{"@type":"SearchAction","target":{"@type":"EntryPoint","urlTemplate":"https:\/\/talkpal.ai\/sv\/?s={search_term_string}"},"query-input":{"@type":"PropertyValueSpecification","valueRequired":true,"valueName":"search_term_string"}}],"inLanguage":"sv-SE"},{"@type":"Organization","@id":"https:\/\/talkpal.ai\/sv\/#organization","name":"Talkpal, Inc.","alternateName":"Talkpal AI","url":"https:\/\/talkpal.ai\/sv\/","logo":{"@type":"ImageObject","inLanguage":"sv-SE","@id":"https:\/\/talkpal.ai\/sv\/#\/schema\/logo\/image\/","url":"https:\/\/talkpal.ai\/wp-content\/uploads\/2024\/03\/Talkpal-Logo-Icon.png","contentUrl":"https:\/\/talkpal.ai\/wp-content\/uploads\/2024\/03\/Talkpal-Logo-Icon.png","width":2880,"height":2880,"caption":"Talkpal, Inc."},"image":{"@id":"https:\/\/talkpal.ai\/sv\/#\/schema\/logo\/image\/"},"sameAs":["https:\/\/www.facebook.com\/profile.php?id=100090733639311","https:\/\/x.com\/talkpalai","https:\/\/www.linkedin.com\/company\/talkpal\/","https:\/\/www.youtube.com\/@TalkPal\/","https:\/\/www.tiktok.com\/@talkpal","https:\/\/www.instagram.com\/talkpal_ai\/","https:\/\/www.crunchbase.com\/organization\/talkpal-9cde","https:\/\/www.g2.com\/products\/talkpal-for-business\/","https:\/\/www.trustpilot.com\/review\/talkpal.ai","https:\/\/www.capterra.com\/p\/10006800\/TalkPal\/"],"description":"Talkpal is a language learning web and mobile education app, powered by the latest AI technologies, that provides engaging experiences to its customers in many different languages to help them improve their language skills. Users can chat about unlimited amount of topics with the app and use other modes to practice their language learning.","email":"support@talkpal.ai","legalName":"Talkpal, Inc.","foundingDate":"2023-04-03","duns":"118989042","numberOfEmployees":{"@type":"QuantitativeValue","minValue":"11","maxValue":"50"},"publishingPrinciples":"https:\/\/talkpal.ai\/publishing-principles\/","actionableFeedbackPolicy":"https:\/\/talkpal.ai\/actionable-feedback-policy\/","correctionsPolicy":"https:\/\/talkpal.ai\/corrections-policy\/","ethicsPolicy":"https:\/\/talkpal.ai\/ethics-policy\/","diversityPolicy":"https:\/\/talkpal.ai\/diversity-policy\/","diversityStaffingReport":"https:\/\/talkpal.ai\/diversity-policy\/"}]}},"_links":{"self":[{"href":"https:\/\/talkpal.ai\/sv\/wp-json\/wp\/v2\/pages\/162506","targetHints":{"allow":["GET"]}}],"collection":[{"href":"https:\/\/talkpal.ai\/sv\/wp-json\/wp\/v2\/pages"}],"about":[{"href":"https:\/\/talkpal.ai\/sv\/wp-json\/wp\/v2\/types\/page"}],"author":[{"embeddable":true,"href":"https:\/\/talkpal.ai\/sv\/wp-json\/wp\/v2\/users\/6"}],"replies":[{"embeddable":true,"href":"https:\/\/talkpal.ai\/sv\/wp-json\/wp\/v2\/comments?post=162506"}],"version-history":[{"count":0,"href":"https:\/\/talkpal.ai\/sv\/wp-json\/wp\/v2\/pages\/162506\/revisions"}],"wp:featuredmedia":[{"embeddable":true,"href":"https:\/\/talkpal.ai\/sv\/wp-json\/wp\/v2\/media\/28341"}],"wp:attachment":[{"href":"https:\/\/talkpal.ai\/sv\/wp-json\/wp\/v2\/media?parent=162506"}],"curies":[{"name":"wp","href":"https:\/\/api.w.org\/{rel}","templated":true}]}}