{"id":162230,"date":"2023-06-21T14:25:56","date_gmt":"2023-06-21T14:25:56","guid":{"rendered":"http:\/\/talkpal.ai\/hebreiska-grammatikovningar\/"},"modified":"2025-12-17T15:48:01","modified_gmt":"2025-12-17T15:48:01","slug":"hebreiska-grammatikovningar","status":"publish","type":"page","link":"https:\/\/talkpal.ai\/sv\/hebreiska-grammatikovningar\/","title":{"rendered":"Hebreiska grammatik\u00f6vningar"},"content":{"rendered":"\r\n\r\n\r\n<section class=\"languageChallengeSection\">\r\n    <div class=\"languageInfoWrapper\">\r\n        \r\n        <h1>Hebreiska grammatik\u00f6vningar<\/h1>\r\n        <p>\u00c4r du redo att dyka in i hebreisk <a href=\"https:\/\/talkpal.ai\/fr\/les\/\">grammatik<\/a>? Dessa enkla \u00f6vningar hj\u00e4lper dig att bli bekv\u00e4m med grunderna och bygga upp ditt sj\u00e4lvf\u00f6rtroende n\u00e4r du l\u00e4r dig detta vackra spr\u00e5k.<\/p>\r\n\r\n                            <a class=\"getStartedHidden\" href=\"https:\/\/app.talkpal.ai\/sv\/signup?lng=\">Kom ig\u00e5ng<\/a>\r\n        \r\n    <\/div>\r\n\r\n    <figure>\r\n    <img decoding=\"async\" width=\"768\" height=\"768\" src=\"https:\/\/talkpal.ai\/wp-content\/uploads\/2023\/06\/hebrew-768x768.png\" class=\"languageImage no-lazy\" alt=\"Default alt text\" fetchpriority=\"high\" sizes=\"(max-width: 768px) 150px, 768px\" srcset=\"https:\/\/talkpal.ai\/wp-content\/uploads\/2023\/06\/hebrew-768x768.png 768w, https:\/\/talkpal.ai\/wp-content\/uploads\/2023\/06\/hebrew-300x300.png 300w\" \/>\r\n    \r\n\r\n    <\/figure>\r\n\r\n            <a class=\"getStartedVisible\" href=\"https:\/\/app.talkpal.ai\/sv\/signup?lng=\">Kom ig\u00e5ng<\/a>\r\n    \r\n<\/section>\r\n\r\n\r\n<!-- <section class=\"grammarSection\">\r\n    <div class=\"grammarLinks\">\r\n        <a href=\"https:\/\/talkpal.ai\/sv\/exercise_language\/adjektiv-hebreisk-grammatik\/\">Adjektiv <\/a><a href=\"https:\/\/talkpal.ai\/sv\/exercise_language\/adverb-hebreisk-grammatik\/\">Adverb <\/a><a href=\"https:\/\/talkpal.ai\/sv\/exercise_language\/artiklar-hebreisk-grammatik\/\">Artiklar <\/a><a href=\"https:\/\/talkpal.ai\/sv\/exercise_language\/jamforelse-av-tempus-hebreisk-grammatik\/\">J\u00e4mf\u00f6relse av tempus <\/a><a href=\"https:\/\/talkpal.ai\/sv\/exercise_language\/konditionaler-hebreisk-grammatik\/\">Konditionaler <\/a><a href=\"https:\/\/talkpal.ai\/sv\/exercise_language\/meningar-hebreisk-grammatik\/\">Meningar <\/a><a href=\"https:\/\/talkpal.ai\/sv\/exercise_language\/perfect-progressive-hebreisk-grammatik\/\">Perfect Progressive <\/a><a href=\"https:\/\/talkpal.ai\/sv\/exercise_language\/prepositioner-hebreisk-grammatik\/\">Prepositioner <\/a><a href=\"https:\/\/talkpal.ai\/sv\/exercise_language\/progressiv-hebreisk-grammatik\/\">Progressiv <\/a><a href=\"https:\/\/talkpal.ai\/sv\/exercise_language\/pronomen-bestamningsfaktorer-hebreisk-grammatik\/\">Pronomen\/best\u00e4mningsfaktorer <\/a><a href=\"https:\/\/talkpal.ai\/sv\/exercise_language\/substantiv-hebreisk-grammatik\/\">Substantiv <\/a><a href=\"https:\/\/talkpal.ai\/sv\/exercise_language\/tempus-hebreisk-grammatik\/\">Tempus <\/a><a href=\"https:\/\/talkpal.ai\/sv\/exercise_language\/verb-hebreisk-grammatik\/\">Verb <\/a>    <\/div>\r\n<\/section> -->\r\n\r\n\r\n\r\n\r\n        <section class=\"grammarSection\">\r\n            <div class=\"grammarLinks\">\r\n                <a href=\"https:\/\/talkpal.ai\/sv\/exercise_language\/adjektiv-hebreisk-grammatik\/\">Adjektiv <\/a><a href=\"https:\/\/talkpal.ai\/sv\/exercise_language\/adverb-hebreisk-grammatik\/\">Adverb <\/a><a href=\"https:\/\/talkpal.ai\/sv\/exercise_language\/artiklar-hebreisk-grammatik\/\">Artiklar <\/a><a href=\"https:\/\/talkpal.ai\/sv\/exercise_language\/jamforelse-av-tempus-hebreisk-grammatik\/\">J\u00e4mf\u00f6relse av tempus <\/a><a href=\"https:\/\/talkpal.ai\/sv\/exercise_language\/konditionaler-hebreisk-grammatik\/\">Konditionaler <\/a><a href=\"https:\/\/talkpal.ai\/sv\/exercise_language\/meningar-hebreisk-grammatik\/\">Meningar <\/a><a href=\"https:\/\/talkpal.ai\/sv\/exercise_language\/perfect-progressive-hebreisk-grammatik\/\">Perfect Progressive <\/a><a href=\"https:\/\/talkpal.ai\/sv\/exercise_language\/prepositioner-hebreisk-grammatik\/\">Prepositioner <\/a><a href=\"https:\/\/talkpal.ai\/sv\/exercise_language\/progressiv-hebreisk-grammatik\/\">Progressiv <\/a><a href=\"https:\/\/talkpal.ai\/sv\/exercise_language\/pronomen-bestamningsfaktorer-hebreisk-grammatik\/\">Pronomen\/best\u00e4mningsfaktorer <\/a><a href=\"https:\/\/talkpal.ai\/sv\/exercise_language\/substantiv-hebreisk-grammatik\/\">Substantiv <\/a><a href=\"https:\/\/talkpal.ai\/sv\/exercise_language\/tempus-hebreisk-grammatik\/\">Tempus <\/a><a href=\"https:\/\/talkpal.ai\/sv\/exercise_language\/verb-hebreisk-grammatik\/\">Verb <\/a>            <\/div>\r\n        <\/section>\r\n<section class=\"promotionalBanner\">\r\n    <p class=\"promotionalText\">Det mest effektiva s\u00e4ttet att l\u00e4ra sig ett spr\u00e5k<\/p>\r\n    <a class=\"promotionalLink\" href=\"https:\/\/app.talkpal.ai\/sv\/signup?lng=\">Prova Talkpal gratis<\/a>\r\n<\/section>\n<div class=\"wp-block-group pageContainerStyle\"><div class=\"wp-block-group__inner-container is-layout-constrained wp-block-group-is-layout-constrained\">\n<h2 class=\"wp-block-heading\" id=\"h-hebrew-grammar-topics\">Hebreiska grammatik\u00e4mnen<\/h2>\n\n\n\n<p><a href=\"https:\/\/talkpal.ai\/learn-hebrew\/\">Hebreiska<\/a> \u00e4r ett fascinerande och gammalt spr\u00e5k som har stor historisk och kulturell betydelse. Som ett av de \u00e4ldsta spr\u00e5ken i v\u00e4rlden har det utvecklats och anpassats med tiden, vilket g\u00f6r det till ett b\u00e5de utmanande och givande spr\u00e5k att l\u00e4ra sig. Oavsett om du l\u00e4r dig hebreiska av religi\u00f6sa sk\u00e4l, f\u00f6r att knyta an till ditt arv eller helt enkelt f\u00f6r personlig utveckling, \u00e4r det viktigt att f\u00f6rst\u00e5 grammatiken f\u00f6r effektiv kommunikation. I <a href=\"https:\/\/talkpal.ai\/culture\/how-do-i-use-den-har-and-det-har\/\">den h\u00e4r<\/a> guiden kommer vi att utforska de viktigaste hebreiska grammatik\u00e4mnena som du beh\u00f6ver beh\u00e4rska i en logisk ordning, vilket ger en solid grund f\u00f6r din spr\u00e5kinl\u00e4rningsresa.<\/p>\n\n\n\n<h3 class=\"wp-block-heading\" id=\"h-1-nouns\">1. Substantiv:<\/h3>\n\n\n\n<p>Som byggstenar i <a href=\"https:\/\/talkpal.ai\/fr\/langues\/\">alla spr\u00e5k<\/a> \u00e4r det viktigt att f\u00f6rst\u00e5 hebreiska substantiv. Substantiv p\u00e5 hebreiska har genus (maskulinum eller femininum) och numerus (singular, plural och ibland dual). Att l\u00e4ra sig m\u00f6nstren f\u00f6r genus och numerisk \u00f6verenskommelse hj\u00e4lper dig att bilda grundl\u00e4ggande meningar och f\u00f6rst\u00e5 spr\u00e5kstrukturen.<\/p>\n\n\n\n<h3 class=\"wp-block-heading\" id=\"h-2-articles\">2. Artiklar:<\/h3>\n\n\n\n<p>Hebreiskan har en best\u00e4md artikel, &#8221;\u05d4&#8221; (ha), som s\u00e4tts i b\u00f6rjan av ett substantiv f\u00f6r att ange att det \u00e4r specifikt eller k\u00e4nt. <a href=\"https:\/\/talkpal.ai\/culture\/how-do-i-use-det-finns-correctly\/\">Det finns<\/a> ingen obest\u00e4md artikel p\u00e5 hebreiska, s\u00e5 det \u00e4r viktigt att l\u00e4ra sig n\u00e4r och hur man anv\u00e4nder best\u00e4md artikel f\u00f6r att kunna kommunicera p\u00e5 r\u00e4tt s\u00e4tt.<\/p>\n\n\n\n<h3 class=\"wp-block-heading\" id=\"h-3-adjectives\">3. Adjektiv:<\/h3>\n\n\n\n<p>Hebreiska adjektiv, liksom substantiv, har genus- och numerens\u00f6verenskommelse. De f\u00f6ljer substantivet de modifierar och m\u00e5ste komma \u00f6verens om genus och numerus. Att f\u00f6rst\u00e5 m\u00f6nstren och reglerna f\u00f6r adjektivkongruens hj\u00e4lper dig att korrekt beskriva f\u00f6rem\u00e5l och id\u00e9er p\u00e5 hebreiska.<\/p>\n\n\n\n<h3 class=\"wp-block-heading\" id=\"h-4-pronouns-determiners\">4. Pronomen\/best\u00e4mningsfaktorer:<\/h3>\n\n\n\n<p>Pronomen ers\u00e4tter substantiv i meningar, medan best\u00e4mningar specificerar eller kvantifierar dem. B\u00e5da spelar en avg\u00f6rande roll f\u00f6r att g\u00f6ra din hebreiska mer flytande och naturlig. Att beh\u00e4rska de olika pronomenen (subjekt, objekt, possessiv) och best\u00e4mningar (demonstrativ, fr\u00e5gande, obest\u00e4md) hj\u00e4lper dig att skapa mer komplexa meningar och f\u00f6rmedla dina id\u00e9er mer effektivt.<\/p>\n\n\n\n<h3 class=\"wp-block-heading\" id=\"h-5-verbs\">5. Verb:<\/h3>\n\n\n\n<p>Hebreiska verb \u00e4r k\u00e4rnan i spr\u00e5kets grammatik. De \u00e4r baserade p\u00e5 ett rotsystem som best\u00e5r av tre eller fyra konsonanter och b\u00f6js enligt tempus, person, genus och numerus. Genom att bekanta dig med de olika verbformerna och tempusen kan du uttrycka handlingar och tillst\u00e5nd p\u00e5 ett effektivt s\u00e4tt.<\/p>\n\n\n\n<h3 class=\"wp-block-heading\" id=\"h-6-tenses\">6. Tempus:<\/h3>\n\n\n\n<p>Hebreiskan har tre huvudtempus: d\u00e5tid, nutid och framtid. Varje tempus har specifika b\u00f6jningsregler som beror p\u00e5 verbets rot och subjektets k\u00f6n och tal. Genom att f\u00f6rst\u00e5 dessa regler kan du f\u00f6rmedla tidpunkten f\u00f6r \u00e5tg\u00e4rder korrekt.<\/p>\n\n\n\n<h3 class=\"wp-block-heading\" id=\"h-7-tense-comparison\">7. Sp\u00e4nd j\u00e4mf\u00f6relse:<\/h3>\n\n\n\n<p>Det \u00e4r viktigt att veta n\u00e4r och hur man ska anv\u00e4nda varje hebreiskt tempus f\u00f6r att kommunicera effektivt. Att j\u00e4mf\u00f6ra och kontrastera de olika tempusen hj\u00e4lper dig att f\u00f6rst\u00e5 nyanserna i spr\u00e5ket och g\u00f6r att du kan uttrycka dig mer exakt.<\/p>\n\n\n\n<h3 class=\"wp-block-heading\" id=\"h-8-progressive-and-perfect-progressive\">8. Progressiv och perfekt progressiv:<\/h3>\n\n\n\n<p>Dessa verbformer anv\u00e4nds f\u00f6r att indikera p\u00e5g\u00e5ende eller slutf\u00f6rda \u00e5tg\u00e4rder. Den progressiva formen anv\u00e4nds f\u00f6r handlingar som fortfarande p\u00e5g\u00e5r, medan den perfekta progressiva betonar fullbordandet av en handling. Att f\u00f6rst\u00e5 dessa former kommer att f\u00f6rb\u00e4ttra din f\u00f6rm\u00e5ga att uttrycka komplexa id\u00e9er och handlingar.<\/p>\n\n\n\n<h3 class=\"wp-block-heading\" id=\"h-9-adverbs\">9. Adverb:<\/h3>\n\n\n\n<p>Adverb modifierar verb, adjektiv eller andra adverb, vilket ger ytterligare information om handlingen eller kvaliteten som beskrivs. Att l\u00e4ra sig de olika typerna av hebreiska adverb och hur man anv\u00e4nder dem p\u00e5 r\u00e4tt s\u00e4tt kommer att ge variation och djup till dina spr\u00e5kkunskaper.<\/p>\n\n\n\n<h3 class=\"wp-block-heading\" id=\"h-10-prepositions\">10. Prepositioner:<\/h3>\n\n\n\n<p>Prepositioner kopplar samman substantiv, pronomen eller andra ord f\u00f6r att visa relationer i tid, plats eller andra sammanhang. Att beh\u00e4rska hebreiska prepositioner hj\u00e4lper dig att skapa mer komplexa meningar och uttrycka relationer mellan id\u00e9er tydligare.<\/p>\n\n\n\n<h3 class=\"wp-block-heading\" id=\"h-11-conditionals\">11. Villkorliga:<\/h3>\n\n\n\n<p>Hebreiska konditionaler anv\u00e4nds f\u00f6r att uttrycka hypotetiska situationer och deras konsekvenser. Att l\u00e4ra sig de olika villkorliga strukturerna (om\/d\u00e5-uttalanden) g\u00f6r att du kan kommunicera effektivt i hypotetiska eller os\u00e4kra situationer.<\/p>\n\n\n\n<h3 class=\"wp-block-heading\" id=\"h-12-sentences\">12. Meningar:<\/h3>\n\n\n\n<p>Slutligen, att s\u00e4tta ihop alla grammatiska komponenter f\u00f6r att bilda kompletta, sammanh\u00e4ngande meningar \u00e4r det ultimata m\u00e5let med att l\u00e4ra sig hebreiska. \u00d6va p\u00e5 att kombinera substantiv, verb, adjektiv och andra element f\u00f6r att skapa meningar som korrekt f\u00f6rmedlar dina tankar och id\u00e9er p\u00e5 hebreiska.<\/p>\n<\/div><\/div>\n\r\n<section class=\"learnNavigationSection\">\r\n            \r\n        <a href=\"https:\/\/talkpal.ai\/sv\/lar-dig-hebreiska\/\">\r\n            <div class=\"learnNavigationWrapper\">\r\n                <div class=\"learnNavigationContent\">\r\n                    <img decoding=\"async\" src=\"https:\/\/talkpal.ai\/wp-content\/uploads\/2024\/08\/Hebrew.jpg\" alt=\"Israel Flag\">\r\n                    <div>\r\n                        <h4>Om Hebrew Learning<\/h4>\r\n                        <p>Ta reda p\u00e5 allt om hebreisk grammatik.<\/p>\r\n                    <\/div>\r\n                <\/div>\r\n            <\/div>\r\n        <\/a>\r\n\r\n        \r\n        <a href=\"https:\/\/talkpal.ai\/sv\/hebreisk-grammatik\/\">\r\n            <div class=\"learnNavigationWrapper\">\r\n                <div class=\"learnNavigationContent\">\r\n                    <img decoding=\"async\" src=\"https:\/\/talkpal.ai\/wp-content\/uploads\/2024\/08\/Hebrew.jpg\" alt=\"Israel Flag\">\r\n                    <div>\r\n                        <h4>Lektioner i hebreisk grammatik<\/h4>\r\n                        <p>\u00d6va p\u00e5 hebreisk grammatik.<\/p>\r\n                    <\/div>\r\n                <\/div>\r\n            <\/div>\r\n        <\/a>\r\n\r\n        \r\n        <a href=\"https:\/\/talkpal.ai\/vocabulary_language\/hebrew\/\">\r\n            <div class=\"learnNavigationWrapper\">\r\n                <div class=\"learnNavigationContent\">\r\n                    <img decoding=\"async\" src=\"https:\/\/talkpal.ai\/wp-content\/uploads\/2024\/08\/Hebrew.jpg\" alt=\"Israel Flag\">\r\n                    <div>\r\n                        <h4>Hebreisk vokabul\u00e4r<\/h4>\r\n                        <p>Ut\u00f6ka ditt hebreiska ordf\u00f6rr\u00e5d.<\/p>\r\n                    <\/div>\r\n                <\/div>\r\n            <\/div>\r\n        <\/a>\r\n\r\n            <\/section>","protected":false},"excerpt":{"rendered":"<p>Hebreiska grammatik\u00e4mnen Hebreiska \u00e4r ett fascinerande och gammalt spr\u00e5k som har stor historisk och kulturell betydelse. Som ett av de \u00e4ldsta spr\u00e5ken i v\u00e4rlden har det utvecklats och anpassats med tiden, vilket g\u00f6r det till ett b\u00e5de utmanande och givande spr\u00e5k att l\u00e4ra sig. Oavsett om du l\u00e4r dig hebreiska av religi\u00f6sa sk\u00e4l, f\u00f6r att [&hellip;]<\/p>\n","protected":false},"author":6,"featured_media":28405,"parent":0,"menu_order":0,"comment_status":"closed","ping_status":"closed","template":"LearningContentPage.php","meta":{"_acf_changed":false,"footnotes":""},"class_list":["post-162230","page","type-page","status-publish","has-post-thumbnail","hentry"],"acf":[],"yoast_head":"<!-- This site is optimized with the Yoast SEO Premium plugin v27.2 (Yoast SEO v27.2) - https:\/\/yoast.com\/product\/yoast-seo-premium-wordpress\/ -->\n<title>Hebreiska grammatik\u00f6vningar - Talkpal<\/title>\n<meta name=\"description\" content=\"F\u00f6rb\u00e4ttra din hebreiska grammatik - engagera dig i tydliga, praktiska \u00f6vningar f\u00f6r att enkelt st\u00e4rka dina spr\u00e5kkunskaper med Talkpal AI.\" \/>\n<meta name=\"robots\" content=\"index, follow, max-snippet:-1, max-image-preview:large, max-video-preview:-1\" \/>\n<link rel=\"canonical\" href=\"https:\/\/talkpal.ai\/sv\/hebreiska-grammatikovningar\/\" \/>\n<meta property=\"og:locale\" content=\"sv_SE\" \/>\n<meta property=\"og:type\" content=\"article\" \/>\n<meta property=\"og:title\" content=\"Hebreiska grammatik\u00f6vningar\" \/>\n<meta property=\"og:description\" content=\"Hebreiska grammatik\u00e4mnen Hebreiska \u00e4r ett fascinerande och gammalt spr\u00e5k som har stor historisk och kulturell betydelse. Som ett av de \u00e4ldsta spr\u00e5ken i\" \/>\n<meta property=\"og:url\" content=\"https:\/\/talkpal.ai\/sv\/hebreiska-grammatikovningar\/\" \/>\n<meta property=\"og:site_name\" content=\"Talkpal\" \/>\n<meta property=\"article:publisher\" content=\"https:\/\/www.facebook.com\/profile.php?id=100090733639311\" \/>\n<meta property=\"article:modified_time\" content=\"2025-12-17T15:48:01+00:00\" \/>\n<meta property=\"og:image\" content=\"https:\/\/talkpal.ai\/wp-content\/uploads\/2023\/05\/israel.png\" \/>\n\t<meta property=\"og:image:width\" content=\"512\" \/>\n\t<meta property=\"og:image:height\" content=\"512\" \/>\n\t<meta property=\"og:image:type\" content=\"image\/png\" \/>\n<meta name=\"twitter:card\" content=\"summary_large_image\" \/>\n<meta name=\"twitter:site\" content=\"@talkpalai\" \/>\n<meta name=\"twitter:label1\" content=\"Ber\u00e4knad l\u00e4stid\" \/>\n\t<meta name=\"twitter:data1\" content=\"4 minuter\" \/>\n<script type=\"application\/ld+json\" class=\"yoast-schema-graph\">{\"@context\":\"https:\/\/schema.org\",\"@graph\":[{\"@type\":\"WebPage\",\"@id\":\"https:\/\/talkpal.ai\/sv\/hebreiska-grammatikovningar\/\",\"url\":\"https:\/\/talkpal.ai\/sv\/hebreiska-grammatikovningar\/\",\"name\":\"Hebreiska grammatik\u00f6vningar - Talkpal\",\"isPartOf\":{\"@id\":\"https:\/\/talkpal.ai\/sv\/#website\"},\"primaryImageOfPage\":{\"@id\":\"https:\/\/talkpal.ai\/sv\/hebreiska-grammatikovningar\/#primaryimage\"},\"image\":{\"@id\":\"https:\/\/talkpal.ai\/sv\/hebreiska-grammatikovningar\/#primaryimage\"},\"thumbnailUrl\":\"https:\/\/talkpal.ai\/wp-content\/uploads\/2023\/05\/israel.png\",\"datePublished\":\"2023-06-21T14:25:56+00:00\",\"dateModified\":\"2025-12-17T15:48:01+00:00\",\"description\":\"F\u00f6rb\u00e4ttra din hebreiska grammatik - engagera dig i tydliga, praktiska \u00f6vningar f\u00f6r att enkelt st\u00e4rka dina spr\u00e5kkunskaper med Talkpal AI.\",\"breadcrumb\":{\"@id\":\"https:\/\/talkpal.ai\/sv\/hebreiska-grammatikovningar\/#breadcrumb\"},\"inLanguage\":\"sv-SE\",\"potentialAction\":[{\"@type\":\"ReadAction\",\"target\":[\"https:\/\/talkpal.ai\/sv\/hebreiska-grammatikovningar\/\"]}]},{\"@type\":\"ImageObject\",\"inLanguage\":\"sv-SE\",\"@id\":\"https:\/\/talkpal.ai\/sv\/hebreiska-grammatikovningar\/#primaryimage\",\"url\":\"https:\/\/talkpal.ai\/wp-content\/uploads\/2023\/05\/israel.png\",\"contentUrl\":\"https:\/\/talkpal.ai\/wp-content\/uploads\/2023\/05\/israel.png\",\"width\":512,\"height\":512},{\"@type\":\"BreadcrumbList\",\"@id\":\"https:\/\/talkpal.ai\/sv\/hebreiska-grammatikovningar\/#breadcrumb\",\"itemListElement\":[{\"@type\":\"ListItem\",\"position\":1,\"name\":\"Homepage\",\"item\":\"https:\/\/talkpal.ai\/sv\/\"},{\"@type\":\"ListItem\",\"position\":2,\"name\":\"Hebreiska grammatik\u00f6vningar\"}]},{\"@type\":\"WebSite\",\"@id\":\"https:\/\/talkpal.ai\/sv\/#website\",\"url\":\"https:\/\/talkpal.ai\/sv\/\",\"name\":\"Talkpal\",\"description\":\"AI Language Learning\",\"publisher\":{\"@id\":\"https:\/\/talkpal.ai\/sv\/#organization\"},\"alternateName\":\"Talkpal AI\",\"potentialAction\":[{\"@type\":\"SearchAction\",\"target\":{\"@type\":\"EntryPoint\",\"urlTemplate\":\"https:\/\/talkpal.ai\/sv\/?s={search_term_string}\"},\"query-input\":{\"@type\":\"PropertyValueSpecification\",\"valueRequired\":true,\"valueName\":\"search_term_string\"}}],\"inLanguage\":\"sv-SE\"},{\"@type\":\"Organization\",\"@id\":\"https:\/\/talkpal.ai\/sv\/#organization\",\"name\":\"Talkpal, Inc.\",\"alternateName\":\"Talkpal AI\",\"url\":\"https:\/\/talkpal.ai\/sv\/\",\"logo\":{\"@type\":\"ImageObject\",\"inLanguage\":\"sv-SE\",\"@id\":\"https:\/\/talkpal.ai\/sv\/#\/schema\/logo\/image\/\",\"url\":\"https:\/\/talkpal.ai\/wp-content\/uploads\/2024\/03\/Talkpal-Logo-Icon.png\",\"contentUrl\":\"https:\/\/talkpal.ai\/wp-content\/uploads\/2024\/03\/Talkpal-Logo-Icon.png\",\"width\":2880,\"height\":2880,\"caption\":\"Talkpal, Inc.\"},\"image\":{\"@id\":\"https:\/\/talkpal.ai\/sv\/#\/schema\/logo\/image\/\"},\"sameAs\":[\"https:\/\/www.facebook.com\/profile.php?id=100090733639311\",\"https:\/\/x.com\/talkpalai\",\"https:\/\/www.linkedin.com\/company\/talkpal\/\",\"https:\/\/www.youtube.com\/@TalkPal\/\",\"https:\/\/www.tiktok.com\/@talkpal\",\"https:\/\/www.instagram.com\/talkpal_ai\/\",\"https:\/\/www.crunchbase.com\/organization\/talkpal-9cde\",\"https:\/\/www.g2.com\/products\/talkpal-for-business\/\",\"https:\/\/www.trustpilot.com\/review\/talkpal.ai\",\"https:\/\/www.capterra.com\/p\/10006800\/TalkPal\/\"],\"description\":\"Talkpal is a language learning web and mobile education app, powered by the latest AI technologies, that provides engaging experiences to its customers in many different languages to help them improve their language skills. Users can chat about unlimited amount of topics with the app and use other modes to practice their language learning.\",\"email\":\"support@talkpal.ai\",\"legalName\":\"Talkpal, Inc.\",\"foundingDate\":\"2023-04-03\",\"duns\":\"118989042\",\"numberOfEmployees\":{\"@type\":\"QuantitativeValue\",\"minValue\":\"11\",\"maxValue\":\"50\"},\"publishingPrinciples\":\"https:\/\/talkpal.ai\/publishing-principles\/\",\"actionableFeedbackPolicy\":\"https:\/\/talkpal.ai\/actionable-feedback-policy\/\",\"correctionsPolicy\":\"https:\/\/talkpal.ai\/corrections-policy\/\",\"ethicsPolicy\":\"https:\/\/talkpal.ai\/ethics-policy\/\",\"diversityPolicy\":\"https:\/\/talkpal.ai\/diversity-policy\/\",\"diversityStaffingReport\":\"https:\/\/talkpal.ai\/diversity-policy\/\"}]}<\/script>\n<!-- \/ Yoast SEO Premium plugin. -->","yoast_head_json":{"title":"Hebreiska grammatik\u00f6vningar - Talkpal","description":"F\u00f6rb\u00e4ttra din hebreiska grammatik - engagera dig i tydliga, praktiska \u00f6vningar f\u00f6r att enkelt st\u00e4rka dina spr\u00e5kkunskaper med Talkpal AI.","robots":{"index":"index","follow":"follow","max-snippet":"max-snippet:-1","max-image-preview":"max-image-preview:large","max-video-preview":"max-video-preview:-1"},"canonical":"https:\/\/talkpal.ai\/sv\/hebreiska-grammatikovningar\/","og_locale":"sv_SE","og_type":"article","og_title":"Hebreiska grammatik\u00f6vningar","og_description":"Hebreiska grammatik\u00e4mnen Hebreiska \u00e4r ett fascinerande och gammalt spr\u00e5k som har stor historisk och kulturell betydelse. Som ett av de \u00e4ldsta spr\u00e5ken i","og_url":"https:\/\/talkpal.ai\/sv\/hebreiska-grammatikovningar\/","og_site_name":"Talkpal","article_publisher":"https:\/\/www.facebook.com\/profile.php?id=100090733639311","article_modified_time":"2025-12-17T15:48:01+00:00","og_image":[{"width":512,"height":512,"url":"https:\/\/talkpal.ai\/wp-content\/uploads\/2023\/05\/israel.png","type":"image\/png"}],"twitter_card":"summary_large_image","twitter_site":"@talkpalai","twitter_misc":{"Ber\u00e4knad l\u00e4stid":"4 minuter"},"schema":{"@context":"https:\/\/schema.org","@graph":[{"@type":"WebPage","@id":"https:\/\/talkpal.ai\/sv\/hebreiska-grammatikovningar\/","url":"https:\/\/talkpal.ai\/sv\/hebreiska-grammatikovningar\/","name":"Hebreiska grammatik\u00f6vningar - Talkpal","isPartOf":{"@id":"https:\/\/talkpal.ai\/sv\/#website"},"primaryImageOfPage":{"@id":"https:\/\/talkpal.ai\/sv\/hebreiska-grammatikovningar\/#primaryimage"},"image":{"@id":"https:\/\/talkpal.ai\/sv\/hebreiska-grammatikovningar\/#primaryimage"},"thumbnailUrl":"https:\/\/talkpal.ai\/wp-content\/uploads\/2023\/05\/israel.png","datePublished":"2023-06-21T14:25:56+00:00","dateModified":"2025-12-17T15:48:01+00:00","description":"F\u00f6rb\u00e4ttra din hebreiska grammatik - engagera dig i tydliga, praktiska \u00f6vningar f\u00f6r att enkelt st\u00e4rka dina spr\u00e5kkunskaper med Talkpal AI.","breadcrumb":{"@id":"https:\/\/talkpal.ai\/sv\/hebreiska-grammatikovningar\/#breadcrumb"},"inLanguage":"sv-SE","potentialAction":[{"@type":"ReadAction","target":["https:\/\/talkpal.ai\/sv\/hebreiska-grammatikovningar\/"]}]},{"@type":"ImageObject","inLanguage":"sv-SE","@id":"https:\/\/talkpal.ai\/sv\/hebreiska-grammatikovningar\/#primaryimage","url":"https:\/\/talkpal.ai\/wp-content\/uploads\/2023\/05\/israel.png","contentUrl":"https:\/\/talkpal.ai\/wp-content\/uploads\/2023\/05\/israel.png","width":512,"height":512},{"@type":"BreadcrumbList","@id":"https:\/\/talkpal.ai\/sv\/hebreiska-grammatikovningar\/#breadcrumb","itemListElement":[{"@type":"ListItem","position":1,"name":"Homepage","item":"https:\/\/talkpal.ai\/sv\/"},{"@type":"ListItem","position":2,"name":"Hebreiska grammatik\u00f6vningar"}]},{"@type":"WebSite","@id":"https:\/\/talkpal.ai\/sv\/#website","url":"https:\/\/talkpal.ai\/sv\/","name":"Talkpal","description":"AI Language Learning","publisher":{"@id":"https:\/\/talkpal.ai\/sv\/#organization"},"alternateName":"Talkpal AI","potentialAction":[{"@type":"SearchAction","target":{"@type":"EntryPoint","urlTemplate":"https:\/\/talkpal.ai\/sv\/?s={search_term_string}"},"query-input":{"@type":"PropertyValueSpecification","valueRequired":true,"valueName":"search_term_string"}}],"inLanguage":"sv-SE"},{"@type":"Organization","@id":"https:\/\/talkpal.ai\/sv\/#organization","name":"Talkpal, Inc.","alternateName":"Talkpal AI","url":"https:\/\/talkpal.ai\/sv\/","logo":{"@type":"ImageObject","inLanguage":"sv-SE","@id":"https:\/\/talkpal.ai\/sv\/#\/schema\/logo\/image\/","url":"https:\/\/talkpal.ai\/wp-content\/uploads\/2024\/03\/Talkpal-Logo-Icon.png","contentUrl":"https:\/\/talkpal.ai\/wp-content\/uploads\/2024\/03\/Talkpal-Logo-Icon.png","width":2880,"height":2880,"caption":"Talkpal, Inc."},"image":{"@id":"https:\/\/talkpal.ai\/sv\/#\/schema\/logo\/image\/"},"sameAs":["https:\/\/www.facebook.com\/profile.php?id=100090733639311","https:\/\/x.com\/talkpalai","https:\/\/www.linkedin.com\/company\/talkpal\/","https:\/\/www.youtube.com\/@TalkPal\/","https:\/\/www.tiktok.com\/@talkpal","https:\/\/www.instagram.com\/talkpal_ai\/","https:\/\/www.crunchbase.com\/organization\/talkpal-9cde","https:\/\/www.g2.com\/products\/talkpal-for-business\/","https:\/\/www.trustpilot.com\/review\/talkpal.ai","https:\/\/www.capterra.com\/p\/10006800\/TalkPal\/"],"description":"Talkpal is a language learning web and mobile education app, powered by the latest AI technologies, that provides engaging experiences to its customers in many different languages to help them improve their language skills. Users can chat about unlimited amount of topics with the app and use other modes to practice their language learning.","email":"support@talkpal.ai","legalName":"Talkpal, Inc.","foundingDate":"2023-04-03","duns":"118989042","numberOfEmployees":{"@type":"QuantitativeValue","minValue":"11","maxValue":"50"},"publishingPrinciples":"https:\/\/talkpal.ai\/publishing-principles\/","actionableFeedbackPolicy":"https:\/\/talkpal.ai\/actionable-feedback-policy\/","correctionsPolicy":"https:\/\/talkpal.ai\/corrections-policy\/","ethicsPolicy":"https:\/\/talkpal.ai\/ethics-policy\/","diversityPolicy":"https:\/\/talkpal.ai\/diversity-policy\/","diversityStaffingReport":"https:\/\/talkpal.ai\/diversity-policy\/"}]}},"_links":{"self":[{"href":"https:\/\/talkpal.ai\/sv\/wp-json\/wp\/v2\/pages\/162230","targetHints":{"allow":["GET"]}}],"collection":[{"href":"https:\/\/talkpal.ai\/sv\/wp-json\/wp\/v2\/pages"}],"about":[{"href":"https:\/\/talkpal.ai\/sv\/wp-json\/wp\/v2\/types\/page"}],"author":[{"embeddable":true,"href":"https:\/\/talkpal.ai\/sv\/wp-json\/wp\/v2\/users\/6"}],"replies":[{"embeddable":true,"href":"https:\/\/talkpal.ai\/sv\/wp-json\/wp\/v2\/comments?post=162230"}],"version-history":[{"count":0,"href":"https:\/\/talkpal.ai\/sv\/wp-json\/wp\/v2\/pages\/162230\/revisions"}],"wp:featuredmedia":[{"embeddable":true,"href":"https:\/\/talkpal.ai\/sv\/wp-json\/wp\/v2\/media\/28405"}],"wp:attachment":[{"href":"https:\/\/talkpal.ai\/sv\/wp-json\/wp\/v2\/media?parent=162230"}],"curies":[{"name":"wp","href":"https:\/\/api.w.org\/{rel}","templated":true}]}}