{"id":161341,"date":"2023-06-22T07:25:42","date_gmt":"2023-06-22T07:25:42","guid":{"rendered":"http:\/\/talkpal.ai\/indonesiska-grammatikovningar\/"},"modified":"2025-12-17T14:53:04","modified_gmt":"2025-12-17T14:53:04","slug":"indonesiska-grammatikovningar","status":"publish","type":"page","link":"https:\/\/talkpal.ai\/sv\/indonesiska-grammatikovningar\/","title":{"rendered":"Indonesiska grammatik\u00f6vningar"},"content":{"rendered":"\r\n\r\n\r\n<section class=\"languageChallengeSection\">\r\n    <div class=\"languageInfoWrapper\">\r\n        \r\n        <h1>Indonesiska grammatik\u00f6vningar<\/h1>\r\n        <p>Vill du \u00f6ka ditt sj\u00e4lvf\u00f6rtroende i <a href=\"https:\/\/talkpal.ai\/learn-indonesian\/\">indonesiska<\/a>? Grammatik\u00f6vningar \u00e4r ett bra s\u00e4tt att l\u00e4ra sig meningsbyggnad, verbformer och viktiga m\u00f6nster som hj\u00e4lper dig att kommunicera p\u00e5 ett mer naturligt s\u00e4tt. B\u00f6rja \u00f6va p\u00e5 indonesisk grammatik idag och se dina kunskaper och din f\u00f6rst\u00e5else v\u00e4xa f\u00f6r varje session!<\/p>\r\n\r\n                            <a class=\"getStartedHidden\" href=\"https:\/\/app.talkpal.ai\/sv\/signup?lng=\">Kom ig\u00e5ng<\/a>\r\n        \r\n    <\/div>\r\n\r\n    <figure>\r\n    <img decoding=\"async\" width=\"768\" height=\"768\" src=\"https:\/\/talkpal.ai\/wp-content\/uploads\/2023\/06\/indonesia-768x768.png\" class=\"languageImage no-lazy\" alt=\"Default alt text\" fetchpriority=\"high\" sizes=\"(max-width: 768px) 150px, 768px\" srcset=\"https:\/\/talkpal.ai\/wp-content\/uploads\/2023\/06\/indonesia-768x768.png 768w, https:\/\/talkpal.ai\/wp-content\/uploads\/2023\/06\/indonesia-300x300.png 300w\" \/>\r\n    \r\n\r\n    <\/figure>\r\n\r\n            <a class=\"getStartedVisible\" href=\"https:\/\/app.talkpal.ai\/sv\/signup?lng=\">Kom ig\u00e5ng<\/a>\r\n    \r\n<\/section>\r\n\r\n\r\n<!-- <section class=\"grammarSection\">\r\n    <div class=\"grammarLinks\">\r\n        <a href=\"https:\/\/talkpal.ai\/sv\/exercise_language\/adjektiv-indonesisk-grammatik\/\">Adjektiv <\/a><a href=\"https:\/\/talkpal.ai\/sv\/exercise_language\/adverb-indonesisk-grammatik\/\">Adverb <\/a><a href=\"https:\/\/talkpal.ai\/sv\/exercise_language\/artiklar-indonesisk-grammatik\/\">Artiklar <\/a><a href=\"https:\/\/talkpal.ai\/sv\/exercise_language\/jamforelse-av-tempus-indonesisk-grammatik\/\">J\u00e4mf\u00f6relse av tempus <\/a><a href=\"https:\/\/talkpal.ai\/sv\/exercise_language\/konditionaler-indonesisk-grammatik\/\">Konditionaler <\/a><a href=\"https:\/\/talkpal.ai\/sv\/exercise_language\/meningar-indonesisk-grammatik\/\">Meningar <\/a><a href=\"https:\/\/talkpal.ai\/sv\/exercise_language\/perfect-progressive-indonesisk-grammatik\/\">Perfect Progressive <\/a><a href=\"https:\/\/talkpal.ai\/sv\/exercise_language\/prepositioner-indonesisk-grammatik\/\">Prepositioner <\/a><a href=\"https:\/\/talkpal.ai\/sv\/exercise_language\/progressiv-indonesisk-grammatik\/\">Progressiv <\/a><a href=\"https:\/\/talkpal.ai\/sv\/exercise_language\/pronomen-indonesisk-grammatik\/\">Pronomen <\/a><a href=\"https:\/\/talkpal.ai\/sv\/exercise_language\/substantiv-indonesisk-grammatik\/\">Substantiv <\/a><a href=\"https:\/\/talkpal.ai\/sv\/exercise_language\/tempus-indonesisk-grammatik\/\">Tempus <\/a><a href=\"https:\/\/talkpal.ai\/sv\/exercise_language\/verb-indonesisk-grammatik\/\">Verb <\/a>    <\/div>\r\n<\/section> -->\r\n\r\n\r\n\r\n\r\n        <section class=\"grammarSection\">\r\n            <div class=\"grammarLinks\">\r\n                <a href=\"https:\/\/talkpal.ai\/sv\/exercise_language\/adjektiv-indonesisk-grammatik\/\">Adjektiv <\/a><a href=\"https:\/\/talkpal.ai\/sv\/exercise_language\/adverb-indonesisk-grammatik\/\">Adverb <\/a><a href=\"https:\/\/talkpal.ai\/sv\/exercise_language\/artiklar-indonesisk-grammatik\/\">Artiklar <\/a><a href=\"https:\/\/talkpal.ai\/sv\/exercise_language\/jamforelse-av-tempus-indonesisk-grammatik\/\">J\u00e4mf\u00f6relse av tempus <\/a><a href=\"https:\/\/talkpal.ai\/sv\/exercise_language\/konditionaler-indonesisk-grammatik\/\">Konditionaler <\/a><a href=\"https:\/\/talkpal.ai\/sv\/exercise_language\/meningar-indonesisk-grammatik\/\">Meningar <\/a><a href=\"https:\/\/talkpal.ai\/sv\/exercise_language\/perfect-progressive-indonesisk-grammatik\/\">Perfect Progressive <\/a><a href=\"https:\/\/talkpal.ai\/sv\/exercise_language\/prepositioner-indonesisk-grammatik\/\">Prepositioner <\/a><a href=\"https:\/\/talkpal.ai\/sv\/exercise_language\/progressiv-indonesisk-grammatik\/\">Progressiv <\/a><a href=\"https:\/\/talkpal.ai\/sv\/exercise_language\/pronomen-indonesisk-grammatik\/\">Pronomen <\/a><a href=\"https:\/\/talkpal.ai\/sv\/exercise_language\/substantiv-indonesisk-grammatik\/\">Substantiv <\/a><a href=\"https:\/\/talkpal.ai\/sv\/exercise_language\/tempus-indonesisk-grammatik\/\">Tempus <\/a><a href=\"https:\/\/talkpal.ai\/sv\/exercise_language\/verb-indonesisk-grammatik\/\">Verb <\/a>            <\/div>\r\n        <\/section>\r\n<section class=\"promotionalBanner\">\r\n    <p class=\"promotionalText\">Det mest effektiva s\u00e4ttet att l\u00e4ra sig ett spr\u00e5k<\/p>\r\n    <a class=\"promotionalLink\" href=\"https:\/\/app.talkpal.ai\/sv\/signup?lng=\">Prova Talkpal gratis<\/a>\r\n<\/section>\n<div class=\"wp-block-group pageContainerStyle\"><div class=\"wp-block-group__inner-container is-layout-constrained wp-block-group-is-layout-constrained\">\n<h2 class=\"wp-block-heading\" id=\"h-indonesian-grammar-topics\">Indonesiska grammatik\u00e4mnen<\/h2>\n\n\n\n<p>Indonesiska, eller <a href=\"https:\/\/talkpal.ai\/id\/belajar-bahasa-indonesia\/\">Bahasa Indonesia<\/a>, \u00e4r det officiella spr\u00e5ket i Indonesien och fungerar som ett enande spr\u00e5k i ett land med \u00f6ver 700 talade spr\u00e5k. Som ett standardiserat <a href=\"https:\/\/talkpal.ai\/ko\/ai-%ec%96%b8%ec%96%b4-%ea%b5%90%ec%82%ac\/\">register<\/a> \u00f6ver <a href=\"https:\/\/talkpal.ai\/learn-malay\/\">malajiska<\/a> \u00e4r det ett austronesiskt spr\u00e5k med ett grammatiksystem som \u00e4r l\u00e4tt att l\u00e4ra sig. N\u00e4r du l\u00e4r dig indonesiska \u00e4r det viktigt att f\u00f6rst\u00e5 dess grammatiska regler och struktur f\u00f6r effektiv kommunikation. I <a href=\"https:\/\/talkpal.ai\/culture\/how-do-i-use-den-har-and-det-har\/\">den h\u00e4r<\/a> guiden kommer vi att fokusera p\u00e5 sekvensen f\u00f6r att l\u00e4ra sig olika indonesiska grammatik\u00e4mnen som tempus, verb, substantiv, artiklar, pronomen, adjektiv, adverb, konditionaler, prepositioner och meningsstruktur.<\/p>\n\n\n\n<h3 class=\"wp-block-heading\" id=\"h-1-nouns\">1. Substantiv<\/h3>\n\n\n\n<p>B\u00f6rja med att l\u00e4ra dig indonesiska substantiv, eftersom de \u00e4r de enklaste byggstenarna i spr\u00e5ket. Indonesiska substantiv \u00e4r inte k\u00f6nsbest\u00e4mda eller pluraliserade, vilket g\u00f6r dem l\u00e4tta att f\u00f6rst\u00e5. Bekanta dig med <a href=\"https:\/\/talkpal.ai\/sv\/grammar\/vanliga-substantiv-i-galicisk-grammatik\/\">vanliga substantiv<\/a> och deras anv\u00e4ndning i sammanhanget.<\/p>\n\n\n\n<h3 class=\"wp-block-heading\" id=\"h-2-pronouns-determiners\">2. Pronomen\/best\u00e4mningar<\/h3>\n\n\n\n<p>N\u00e4r du har f\u00f6rst\u00e5tt substantiv l\u00e4r du dig pronomen och best\u00e4mningar. Indonesiska har olika <a href=\"https:\/\/talkpal.ai\/sv\/grammar_exercises\/ovningar-for-personliga-pronomen-for-slovensk-grammatik\/\">personliga pronomen<\/a> och possessiva best\u00e4mningar som motsvarar <a href=\"https:\/\/talkpal.ai\/learn-english-with-ai\/\">engelska<\/a> motsvarigheter. \u00d6va p\u00e5 att anv\u00e4nda dem i olika sammanhang f\u00f6r att bygga din grund i meningsbyggnad.<\/p>\n\n\n\n<h3 class=\"wp-block-heading\" id=\"h-3-adjectives\">3. Adjektiv<\/h3>\n\n\n\n<p>Adjektiv \u00e4r viktiga f\u00f6r att beskriva och s\u00e4rskilja substantiv p\u00e5 indonesiska. L\u00e4r dig hur du anv\u00e4nder adjektiv i <a href=\"https:\/\/talkpal.ai\/sv\/grammar\/enkla-meningar-i-tagalog-grammatik\/\">enkla meningar<\/a> och f\u00f6rst\u00e5 deras placering i f\u00f6rh\u00e5llande till substantiv.<\/p>\n\n\n\n<h3 class=\"wp-block-heading\" id=\"h-4-verbs\">4. Verb<\/h3>\n\n\n\n<p>Indonesiska verb b\u00f6js inte, vilket g\u00f6r dem relativt l\u00e4ttare att l\u00e4ra sig j\u00e4mf\u00f6rt med andra spr\u00e5k. Studera de grundl\u00e4ggande verbformerna och deras anv\u00e4ndning i meningar.<\/p>\n\n\n\n<h3 class=\"wp-block-heading\" id=\"h-5-tenses\">5. Tempus<\/h3>\n\n\n\n<p>Indonesiska har ingen direkt motsvarighet till engelska tempus. Ist\u00e4llet uttrycks tiden genom sammanhang eller genom att anv\u00e4nda specifika ord. L\u00e4r dig att f\u00f6rmedla tidigare, nuvarande och framtida h\u00e4ndelser p\u00e5 indonesiska med hj\u00e4lp av olika adverb och fraser.<\/p>\n\n\n\n<h3 class=\"wp-block-heading\" id=\"h-6-tense-comparison-progressive-perfect-progressive\">6. Tempusj\u00e4mf\u00f6relse, progressiv, perfekt progressiv<\/h3>\n\n\n\n<p>Eftersom indonesiska inte har ett tempussystem \u00e4r det viktigt att f\u00f6rst\u00e5 begreppet tempusj\u00e4mf\u00f6relse, progressiv och perfekt progressiv. L\u00e4r dig hur du uttrycker dessa aspekter med olika ord och fraser.<\/p>\n\n\n\n<h3 class=\"wp-block-heading\" id=\"h-7-adverbs\">7. Adverb<\/h3>\n\n\n\n<p>Inkludera adverb i ditt indonesiska ordf\u00f6rr\u00e5d f\u00f6r att l\u00e4gga till mer detaljer och djup till dina meningar. L\u00e4r dig reglerna f\u00f6r placering och anv\u00e4ndning av adverb.<\/p>\n\n\n\n<h3 class=\"wp-block-heading\" id=\"h-8-prepositions\">8. Prepositioner<\/h3>\n\n\n\n<p>Prepositioner anv\u00e4nds f\u00f6r att indikera relationer mellan ord i en mening. L\u00e4r dig de vanliga indonesiska prepositionerna och deras anv\u00e4ndning i olika sammanhang.<\/p>\n\n\n\n<h3 class=\"wp-block-heading\" id=\"h-9-conditionals\">9. Villkor<\/h3>\n\n\n\n<p>Studera villkorliga meningar p\u00e5 indonesiska, som uttrycker hypotetiska situationer och deras konsekvenser. L\u00e4r dig att formulera och anv\u00e4nda &#8221;om&#8221;-satser och andra villkorliga strukturer.<\/p>\n\n\n\n<h3 class=\"wp-block-heading\" id=\"h-10-sentences\">10. Meningar<\/h3>\n\n\n\n<p>Slutligen kan du \u00f6va p\u00e5 att konstruera meningar med hj\u00e4lp av de grammatikregler och \u00e4mnen som beskrivs ovan. Bekanta dig med de olika typerna av indonesiska meningar, s\u00e5som deklarativ, fr\u00e5gande, imperativ och utropstecken, f\u00f6r att f\u00f6rb\u00e4ttra din \u00f6vergripande kommunikationsf\u00f6rm\u00e5ga p\u00e5 spr\u00e5ket.<\/p>\n<\/div><\/div>\n\r\n<section class=\"learnNavigationSection\">\r\n            \r\n        <a href=\"https:\/\/talkpal.ai\/sv\/lar-dig-indonesiska\/\">\r\n            <div class=\"learnNavigationWrapper\">\r\n                <div class=\"learnNavigationContent\">\r\n                    <img decoding=\"async\" src=\"https:\/\/talkpal.ai\/wp-content\/uploads\/2024\/08\/Indonesian.jpg\" alt=\"Indonesian Flag\">\r\n                    <div>\r\n                        <h4>Om Indonesian Learning<\/h4>\r\n                        <p>Ta reda p\u00e5 allt om indonesisk grammatik.<\/p>\r\n                    <\/div>\r\n                <\/div>\r\n            <\/div>\r\n        <\/a>\r\n\r\n        \r\n        <a href=\"https:\/\/talkpal.ai\/sv\/indonesisk-grammatik\/\">\r\n            <div class=\"learnNavigationWrapper\">\r\n                <div class=\"learnNavigationContent\">\r\n                    <img decoding=\"async\" src=\"https:\/\/talkpal.ai\/wp-content\/uploads\/2024\/08\/Indonesian.jpg\" alt=\"Indonesian Flag\">\r\n                    <div>\r\n                        <h4>Indonesiska grammatiklektioner<\/h4>\r\n                        <p>\u00d6va p\u00e5 indonesisk grammatik.<\/p>\r\n                    <\/div>\r\n                <\/div>\r\n            <\/div>\r\n        <\/a>\r\n\r\n        \r\n        <a href=\"https:\/\/talkpal.ai\/vocabulary_language\/indonesian\/\">\r\n            <div class=\"learnNavigationWrapper\">\r\n                <div class=\"learnNavigationContent\">\r\n                    <img decoding=\"async\" src=\"https:\/\/talkpal.ai\/wp-content\/uploads\/2024\/08\/Indonesian.jpg\" alt=\"Indonesian Flag\">\r\n                    <div>\r\n                        <h4>Indonesisk vokabul\u00e4r<\/h4>\r\n                        <p>Ut\u00f6ka ditt indonesiska ordf\u00f6rr\u00e5d.<\/p>\r\n                    <\/div>\r\n                <\/div>\r\n            <\/div>\r\n        <\/a>\r\n\r\n            <\/section>","protected":false},"excerpt":{"rendered":"<p>Indonesiska grammatik\u00e4mnen Indonesiska, eller Bahasa Indonesia, \u00e4r det officiella spr\u00e5ket i Indonesien och fungerar som ett enande spr\u00e5k i ett land med \u00f6ver 700 talade spr\u00e5k. Som ett standardiserat register \u00f6ver malajiska \u00e4r det ett austronesiskt spr\u00e5k med ett grammatiksystem som \u00e4r l\u00e4tt att l\u00e4ra sig. N\u00e4r du l\u00e4r dig indonesiska \u00e4r det viktigt att [&hellip;]<\/p>\n","protected":false},"author":6,"featured_media":28389,"parent":0,"menu_order":0,"comment_status":"closed","ping_status":"closed","template":"LearningContentPage.php","meta":{"_acf_changed":false,"footnotes":""},"class_list":["post-161341","page","type-page","status-publish","has-post-thumbnail","hentry"],"acf":[],"yoast_head":"<!-- This site is optimized with the Yoast SEO Premium plugin v27.2 (Yoast SEO v27.2) - https:\/\/yoast.com\/product\/yoast-seo-premium-wordpress\/ -->\n<title>Indonesiska grammatik\u00f6vningar - Talkpal<\/title>\n<meta name=\"description\" content=\"F\u00f6rb\u00e4ttra din indonesiska grammatik - \u00f6va med enkla \u00f6vningar, interaktiva exempel och tydlig feedback med hj\u00e4lp av Talkpal AI.\" \/>\n<meta name=\"robots\" content=\"index, follow, max-snippet:-1, max-image-preview:large, max-video-preview:-1\" \/>\n<link rel=\"canonical\" href=\"https:\/\/talkpal.ai\/sv\/indonesiska-grammatikovningar\/\" \/>\n<meta property=\"og:locale\" content=\"sv_SE\" \/>\n<meta property=\"og:type\" content=\"article\" \/>\n<meta property=\"og:title\" content=\"Indonesiska grammatik\u00f6vningar\" \/>\n<meta property=\"og:description\" content=\"Indonesiska grammatik\u00e4mnen Indonesiska, eller Bahasa Indonesia, \u00e4r det officiella spr\u00e5ket i Indonesien och fungerar som ett enande spr\u00e5k i ett land med\" \/>\n<meta property=\"og:url\" content=\"https:\/\/talkpal.ai\/sv\/indonesiska-grammatikovningar\/\" \/>\n<meta property=\"og:site_name\" content=\"Talkpal\" \/>\n<meta property=\"article:publisher\" content=\"https:\/\/www.facebook.com\/profile.php?id=100090733639311\" \/>\n<meta property=\"article:modified_time\" content=\"2025-12-17T14:53:04+00:00\" \/>\n<meta property=\"og:image\" content=\"https:\/\/talkpal.ai\/wp-content\/uploads\/2023\/05\/indonesia.png\" \/>\n\t<meta property=\"og:image:width\" content=\"512\" \/>\n\t<meta property=\"og:image:height\" content=\"512\" \/>\n\t<meta property=\"og:image:type\" content=\"image\/png\" \/>\n<meta name=\"twitter:card\" content=\"summary_large_image\" \/>\n<meta name=\"twitter:site\" content=\"@talkpalai\" \/>\n<meta name=\"twitter:label1\" content=\"Ber\u00e4knad l\u00e4stid\" \/>\n\t<meta name=\"twitter:data1\" content=\"2 minuter\" \/>\n<script type=\"application\/ld+json\" class=\"yoast-schema-graph\">{\"@context\":\"https:\/\/schema.org\",\"@graph\":[{\"@type\":\"WebPage\",\"@id\":\"https:\/\/talkpal.ai\/sv\/indonesiska-grammatikovningar\/\",\"url\":\"https:\/\/talkpal.ai\/sv\/indonesiska-grammatikovningar\/\",\"name\":\"Indonesiska grammatik\u00f6vningar - Talkpal\",\"isPartOf\":{\"@id\":\"https:\/\/talkpal.ai\/sv\/#website\"},\"primaryImageOfPage\":{\"@id\":\"https:\/\/talkpal.ai\/sv\/indonesiska-grammatikovningar\/#primaryimage\"},\"image\":{\"@id\":\"https:\/\/talkpal.ai\/sv\/indonesiska-grammatikovningar\/#primaryimage\"},\"thumbnailUrl\":\"https:\/\/talkpal.ai\/wp-content\/uploads\/2023\/05\/indonesia.png\",\"datePublished\":\"2023-06-22T07:25:42+00:00\",\"dateModified\":\"2025-12-17T14:53:04+00:00\",\"description\":\"F\u00f6rb\u00e4ttra din indonesiska grammatik - \u00f6va med enkla \u00f6vningar, interaktiva exempel och tydlig feedback med hj\u00e4lp av Talkpal AI.\",\"breadcrumb\":{\"@id\":\"https:\/\/talkpal.ai\/sv\/indonesiska-grammatikovningar\/#breadcrumb\"},\"inLanguage\":\"sv-SE\",\"potentialAction\":[{\"@type\":\"ReadAction\",\"target\":[\"https:\/\/talkpal.ai\/sv\/indonesiska-grammatikovningar\/\"]}]},{\"@type\":\"ImageObject\",\"inLanguage\":\"sv-SE\",\"@id\":\"https:\/\/talkpal.ai\/sv\/indonesiska-grammatikovningar\/#primaryimage\",\"url\":\"https:\/\/talkpal.ai\/wp-content\/uploads\/2023\/05\/indonesia.png\",\"contentUrl\":\"https:\/\/talkpal.ai\/wp-content\/uploads\/2023\/05\/indonesia.png\",\"width\":512,\"height\":512},{\"@type\":\"BreadcrumbList\",\"@id\":\"https:\/\/talkpal.ai\/sv\/indonesiska-grammatikovningar\/#breadcrumb\",\"itemListElement\":[{\"@type\":\"ListItem\",\"position\":1,\"name\":\"Homepage\",\"item\":\"https:\/\/talkpal.ai\/sv\/\"},{\"@type\":\"ListItem\",\"position\":2,\"name\":\"Indonesiska grammatik\u00f6vningar\"}]},{\"@type\":\"WebSite\",\"@id\":\"https:\/\/talkpal.ai\/sv\/#website\",\"url\":\"https:\/\/talkpal.ai\/sv\/\",\"name\":\"Talkpal\",\"description\":\"AI Language Learning\",\"publisher\":{\"@id\":\"https:\/\/talkpal.ai\/sv\/#organization\"},\"alternateName\":\"Talkpal AI\",\"potentialAction\":[{\"@type\":\"SearchAction\",\"target\":{\"@type\":\"EntryPoint\",\"urlTemplate\":\"https:\/\/talkpal.ai\/sv\/?s={search_term_string}\"},\"query-input\":{\"@type\":\"PropertyValueSpecification\",\"valueRequired\":true,\"valueName\":\"search_term_string\"}}],\"inLanguage\":\"sv-SE\"},{\"@type\":\"Organization\",\"@id\":\"https:\/\/talkpal.ai\/sv\/#organization\",\"name\":\"Talkpal, Inc.\",\"alternateName\":\"Talkpal AI\",\"url\":\"https:\/\/talkpal.ai\/sv\/\",\"logo\":{\"@type\":\"ImageObject\",\"inLanguage\":\"sv-SE\",\"@id\":\"https:\/\/talkpal.ai\/sv\/#\/schema\/logo\/image\/\",\"url\":\"https:\/\/talkpal.ai\/wp-content\/uploads\/2024\/03\/Talkpal-Logo-Icon.png\",\"contentUrl\":\"https:\/\/talkpal.ai\/wp-content\/uploads\/2024\/03\/Talkpal-Logo-Icon.png\",\"width\":2880,\"height\":2880,\"caption\":\"Talkpal, Inc.\"},\"image\":{\"@id\":\"https:\/\/talkpal.ai\/sv\/#\/schema\/logo\/image\/\"},\"sameAs\":[\"https:\/\/www.facebook.com\/profile.php?id=100090733639311\",\"https:\/\/x.com\/talkpalai\",\"https:\/\/www.linkedin.com\/company\/talkpal\/\",\"https:\/\/www.youtube.com\/@TalkPal\/\",\"https:\/\/www.tiktok.com\/@talkpal\",\"https:\/\/www.instagram.com\/talkpal_ai\/\",\"https:\/\/www.crunchbase.com\/organization\/talkpal-9cde\",\"https:\/\/www.g2.com\/products\/talkpal-for-business\/\",\"https:\/\/www.trustpilot.com\/review\/talkpal.ai\",\"https:\/\/www.capterra.com\/p\/10006800\/TalkPal\/\"],\"description\":\"Talkpal is a language learning web and mobile education app, powered by the latest AI technologies, that provides engaging experiences to its customers in many different languages to help them improve their language skills. Users can chat about unlimited amount of topics with the app and use other modes to practice their language learning.\",\"email\":\"support@talkpal.ai\",\"legalName\":\"Talkpal, Inc.\",\"foundingDate\":\"2023-04-03\",\"duns\":\"118989042\",\"numberOfEmployees\":{\"@type\":\"QuantitativeValue\",\"minValue\":\"11\",\"maxValue\":\"50\"},\"publishingPrinciples\":\"https:\/\/talkpal.ai\/publishing-principles\/\",\"actionableFeedbackPolicy\":\"https:\/\/talkpal.ai\/actionable-feedback-policy\/\",\"correctionsPolicy\":\"https:\/\/talkpal.ai\/corrections-policy\/\",\"ethicsPolicy\":\"https:\/\/talkpal.ai\/ethics-policy\/\",\"diversityPolicy\":\"https:\/\/talkpal.ai\/diversity-policy\/\",\"diversityStaffingReport\":\"https:\/\/talkpal.ai\/diversity-policy\/\"}]}<\/script>\n<!-- \/ Yoast SEO Premium plugin. -->","yoast_head_json":{"title":"Indonesiska grammatik\u00f6vningar - Talkpal","description":"F\u00f6rb\u00e4ttra din indonesiska grammatik - \u00f6va med enkla \u00f6vningar, interaktiva exempel och tydlig feedback med hj\u00e4lp av Talkpal AI.","robots":{"index":"index","follow":"follow","max-snippet":"max-snippet:-1","max-image-preview":"max-image-preview:large","max-video-preview":"max-video-preview:-1"},"canonical":"https:\/\/talkpal.ai\/sv\/indonesiska-grammatikovningar\/","og_locale":"sv_SE","og_type":"article","og_title":"Indonesiska grammatik\u00f6vningar","og_description":"Indonesiska grammatik\u00e4mnen Indonesiska, eller Bahasa Indonesia, \u00e4r det officiella spr\u00e5ket i Indonesien och fungerar som ett enande spr\u00e5k i ett land med","og_url":"https:\/\/talkpal.ai\/sv\/indonesiska-grammatikovningar\/","og_site_name":"Talkpal","article_publisher":"https:\/\/www.facebook.com\/profile.php?id=100090733639311","article_modified_time":"2025-12-17T14:53:04+00:00","og_image":[{"width":512,"height":512,"url":"https:\/\/talkpal.ai\/wp-content\/uploads\/2023\/05\/indonesia.png","type":"image\/png"}],"twitter_card":"summary_large_image","twitter_site":"@talkpalai","twitter_misc":{"Ber\u00e4knad l\u00e4stid":"2 minuter"},"schema":{"@context":"https:\/\/schema.org","@graph":[{"@type":"WebPage","@id":"https:\/\/talkpal.ai\/sv\/indonesiska-grammatikovningar\/","url":"https:\/\/talkpal.ai\/sv\/indonesiska-grammatikovningar\/","name":"Indonesiska grammatik\u00f6vningar - Talkpal","isPartOf":{"@id":"https:\/\/talkpal.ai\/sv\/#website"},"primaryImageOfPage":{"@id":"https:\/\/talkpal.ai\/sv\/indonesiska-grammatikovningar\/#primaryimage"},"image":{"@id":"https:\/\/talkpal.ai\/sv\/indonesiska-grammatikovningar\/#primaryimage"},"thumbnailUrl":"https:\/\/talkpal.ai\/wp-content\/uploads\/2023\/05\/indonesia.png","datePublished":"2023-06-22T07:25:42+00:00","dateModified":"2025-12-17T14:53:04+00:00","description":"F\u00f6rb\u00e4ttra din indonesiska grammatik - \u00f6va med enkla \u00f6vningar, interaktiva exempel och tydlig feedback med hj\u00e4lp av Talkpal AI.","breadcrumb":{"@id":"https:\/\/talkpal.ai\/sv\/indonesiska-grammatikovningar\/#breadcrumb"},"inLanguage":"sv-SE","potentialAction":[{"@type":"ReadAction","target":["https:\/\/talkpal.ai\/sv\/indonesiska-grammatikovningar\/"]}]},{"@type":"ImageObject","inLanguage":"sv-SE","@id":"https:\/\/talkpal.ai\/sv\/indonesiska-grammatikovningar\/#primaryimage","url":"https:\/\/talkpal.ai\/wp-content\/uploads\/2023\/05\/indonesia.png","contentUrl":"https:\/\/talkpal.ai\/wp-content\/uploads\/2023\/05\/indonesia.png","width":512,"height":512},{"@type":"BreadcrumbList","@id":"https:\/\/talkpal.ai\/sv\/indonesiska-grammatikovningar\/#breadcrumb","itemListElement":[{"@type":"ListItem","position":1,"name":"Homepage","item":"https:\/\/talkpal.ai\/sv\/"},{"@type":"ListItem","position":2,"name":"Indonesiska grammatik\u00f6vningar"}]},{"@type":"WebSite","@id":"https:\/\/talkpal.ai\/sv\/#website","url":"https:\/\/talkpal.ai\/sv\/","name":"Talkpal","description":"AI Language Learning","publisher":{"@id":"https:\/\/talkpal.ai\/sv\/#organization"},"alternateName":"Talkpal AI","potentialAction":[{"@type":"SearchAction","target":{"@type":"EntryPoint","urlTemplate":"https:\/\/talkpal.ai\/sv\/?s={search_term_string}"},"query-input":{"@type":"PropertyValueSpecification","valueRequired":true,"valueName":"search_term_string"}}],"inLanguage":"sv-SE"},{"@type":"Organization","@id":"https:\/\/talkpal.ai\/sv\/#organization","name":"Talkpal, Inc.","alternateName":"Talkpal AI","url":"https:\/\/talkpal.ai\/sv\/","logo":{"@type":"ImageObject","inLanguage":"sv-SE","@id":"https:\/\/talkpal.ai\/sv\/#\/schema\/logo\/image\/","url":"https:\/\/talkpal.ai\/wp-content\/uploads\/2024\/03\/Talkpal-Logo-Icon.png","contentUrl":"https:\/\/talkpal.ai\/wp-content\/uploads\/2024\/03\/Talkpal-Logo-Icon.png","width":2880,"height":2880,"caption":"Talkpal, Inc."},"image":{"@id":"https:\/\/talkpal.ai\/sv\/#\/schema\/logo\/image\/"},"sameAs":["https:\/\/www.facebook.com\/profile.php?id=100090733639311","https:\/\/x.com\/talkpalai","https:\/\/www.linkedin.com\/company\/talkpal\/","https:\/\/www.youtube.com\/@TalkPal\/","https:\/\/www.tiktok.com\/@talkpal","https:\/\/www.instagram.com\/talkpal_ai\/","https:\/\/www.crunchbase.com\/organization\/talkpal-9cde","https:\/\/www.g2.com\/products\/talkpal-for-business\/","https:\/\/www.trustpilot.com\/review\/talkpal.ai","https:\/\/www.capterra.com\/p\/10006800\/TalkPal\/"],"description":"Talkpal is a language learning web and mobile education app, powered by the latest AI technologies, that provides engaging experiences to its customers in many different languages to help them improve their language skills. Users can chat about unlimited amount of topics with the app and use other modes to practice their language learning.","email":"support@talkpal.ai","legalName":"Talkpal, Inc.","foundingDate":"2023-04-03","duns":"118989042","numberOfEmployees":{"@type":"QuantitativeValue","minValue":"11","maxValue":"50"},"publishingPrinciples":"https:\/\/talkpal.ai\/publishing-principles\/","actionableFeedbackPolicy":"https:\/\/talkpal.ai\/actionable-feedback-policy\/","correctionsPolicy":"https:\/\/talkpal.ai\/corrections-policy\/","ethicsPolicy":"https:\/\/talkpal.ai\/ethics-policy\/","diversityPolicy":"https:\/\/talkpal.ai\/diversity-policy\/","diversityStaffingReport":"https:\/\/talkpal.ai\/diversity-policy\/"}]}},"_links":{"self":[{"href":"https:\/\/talkpal.ai\/sv\/wp-json\/wp\/v2\/pages\/161341","targetHints":{"allow":["GET"]}}],"collection":[{"href":"https:\/\/talkpal.ai\/sv\/wp-json\/wp\/v2\/pages"}],"about":[{"href":"https:\/\/talkpal.ai\/sv\/wp-json\/wp\/v2\/types\/page"}],"author":[{"embeddable":true,"href":"https:\/\/talkpal.ai\/sv\/wp-json\/wp\/v2\/users\/6"}],"replies":[{"embeddable":true,"href":"https:\/\/talkpal.ai\/sv\/wp-json\/wp\/v2\/comments?post=161341"}],"version-history":[{"count":0,"href":"https:\/\/talkpal.ai\/sv\/wp-json\/wp\/v2\/pages\/161341\/revisions"}],"wp:featuredmedia":[{"embeddable":true,"href":"https:\/\/talkpal.ai\/sv\/wp-json\/wp\/v2\/media\/28389"}],"wp:attachment":[{"href":"https:\/\/talkpal.ai\/sv\/wp-json\/wp\/v2\/media?parent=161341"}],"curies":[{"name":"wp","href":"https:\/\/api.w.org\/{rel}","templated":true}]}}