{"id":161240,"date":"2023-06-22T07:53:19","date_gmt":"2023-06-22T07:53:19","guid":{"rendered":"http:\/\/talkpal.ai\/kannada-grammatikovningar\/"},"modified":"2025-12-17T15:09:43","modified_gmt":"2025-12-17T15:09:43","slug":"kannada-grammatikovningar","status":"publish","type":"page","link":"https:\/\/talkpal.ai\/sv\/kannada-grammatikovningar\/","title":{"rendered":"Kannada grammatik\u00f6vningar"},"content":{"rendered":"\r\n\r\n\r\n<section class=\"languageChallengeSection\">\r\n    <div class=\"languageInfoWrapper\">\r\n        \r\n        <h1>Kannada grammatik\u00f6vningar<\/h1>\r\n        <p>Vill du f\u00f6rb\u00e4ttra dina kunskaper i <a href=\"https:\/\/talkpal.ai\/learn-kannada\/\">Kannada<\/a>? Att \u00f6va grammatik \u00e4r ett bra s\u00e4tt att l\u00e4ra sig meningsbyggnad, verbformer och Kannadaspr\u00e5kets unika egenskaper. B\u00f6rja arbeta med Kannada-grammatiken idag och se hur ditt sj\u00e4lvf\u00f6rtroende och flyt v\u00e4xer med varje ny \u00f6vning!<\/p>\r\n\r\n                            <a class=\"getStartedHidden\" href=\"https:\/\/app.talkpal.ai\/sv\/signup?lng=\">Kom ig\u00e5ng<\/a>\r\n        \r\n    <\/div>\r\n\r\n    <figure>\r\n    <img decoding=\"async\" width=\"768\" height=\"768\" src=\"https:\/\/talkpal.ai\/wp-content\/uploads\/2023\/06\/Kannada-768x768.png\" class=\"languageImage no-lazy\" alt=\"Default alt text\" fetchpriority=\"high\" sizes=\"(max-width: 768px) 150px, 768px\" srcset=\"https:\/\/talkpal.ai\/wp-content\/uploads\/2023\/06\/Kannada-768x768.png 768w, https:\/\/talkpal.ai\/wp-content\/uploads\/2023\/06\/Kannada-300x300.png 300w\" \/>\r\n    \r\n\r\n    <\/figure>\r\n\r\n            <a class=\"getStartedVisible\" href=\"https:\/\/app.talkpal.ai\/sv\/signup?lng=\">Kom ig\u00e5ng<\/a>\r\n    \r\n<\/section>\r\n\r\n\r\n<!-- <section class=\"grammarSection\">\r\n    <div class=\"grammarLinks\">\r\n        <a href=\"https:\/\/talkpal.ai\/sv\/exercise_language\/adjektiv-kannada-grammatik\/\">Adjektiv <\/a><a href=\"https:\/\/talkpal.ai\/sv\/exercise_language\/adverb-kannada-grammatik\/\">Adverb <\/a><a href=\"https:\/\/talkpal.ai\/sv\/exercise_language\/artiklar-kannada-grammatik\/\">Artiklar <\/a><a href=\"https:\/\/talkpal.ai\/sv\/exercise_language\/jamforelse-av-tempus-kannada-grammatik\/\">J\u00e4mf\u00f6relse av tempus <\/a><a href=\"https:\/\/talkpal.ai\/sv\/exercise_language\/konditionaler-kannada-grammatik\/\">Konditionaler <\/a><a href=\"https:\/\/talkpal.ai\/sv\/exercise_language\/meningar-kannada-grammatik\/\">Meningar <\/a><a href=\"https:\/\/talkpal.ai\/sv\/exercise_language\/perfect-progressive-kannada-grammatik\/\">Perfect Progressive <\/a><a href=\"https:\/\/talkpal.ai\/sv\/exercise_language\/prepositioner-kannada-grammatik\/\">Prepositioner <\/a><a href=\"https:\/\/talkpal.ai\/sv\/exercise_language\/progressiv-kannada-grammatik-sv\/\">Progressiv <\/a><a href=\"https:\/\/talkpal.ai\/sv\/exercise_language\/pronomen-bestamningsfaktorer-kannada-grammatik\/\">Pronomen\/best\u00e4mningsfaktorer <\/a><a href=\"https:\/\/talkpal.ai\/sv\/exercise_language\/substantiv-kannada-grammatik\/\">Substantiv <\/a><a href=\"https:\/\/talkpal.ai\/sv\/exercise_language\/tempus-kannada-grammatik\/\">Tempus <\/a><a href=\"https:\/\/talkpal.ai\/sv\/exercise_language\/verb-kannada-grammatik\/\">Verb <\/a>    <\/div>\r\n<\/section> -->\r\n\r\n\r\n\r\n\r\n        <section class=\"grammarSection\">\r\n            <div class=\"grammarLinks\">\r\n                <a href=\"https:\/\/talkpal.ai\/sv\/exercise_language\/adjektiv-kannada-grammatik\/\">Adjektiv <\/a><a href=\"https:\/\/talkpal.ai\/sv\/exercise_language\/adverb-kannada-grammatik\/\">Adverb <\/a><a href=\"https:\/\/talkpal.ai\/sv\/exercise_language\/artiklar-kannada-grammatik\/\">Artiklar <\/a><a href=\"https:\/\/talkpal.ai\/sv\/exercise_language\/jamforelse-av-tempus-kannada-grammatik\/\">J\u00e4mf\u00f6relse av tempus <\/a><a href=\"https:\/\/talkpal.ai\/sv\/exercise_language\/konditionaler-kannada-grammatik\/\">Konditionaler <\/a><a href=\"https:\/\/talkpal.ai\/sv\/exercise_language\/meningar-kannada-grammatik\/\">Meningar <\/a><a href=\"https:\/\/talkpal.ai\/sv\/exercise_language\/perfect-progressive-kannada-grammatik\/\">Perfect Progressive <\/a><a href=\"https:\/\/talkpal.ai\/sv\/exercise_language\/prepositioner-kannada-grammatik\/\">Prepositioner <\/a><a href=\"https:\/\/talkpal.ai\/sv\/exercise_language\/progressiv-kannada-grammatik-sv\/\">Progressiv <\/a><a href=\"https:\/\/talkpal.ai\/sv\/exercise_language\/pronomen-bestamningsfaktorer-kannada-grammatik\/\">Pronomen\/best\u00e4mningsfaktorer <\/a><a href=\"https:\/\/talkpal.ai\/sv\/exercise_language\/substantiv-kannada-grammatik\/\">Substantiv <\/a><a href=\"https:\/\/talkpal.ai\/sv\/exercise_language\/tempus-kannada-grammatik\/\">Tempus <\/a><a href=\"https:\/\/talkpal.ai\/sv\/exercise_language\/verb-kannada-grammatik\/\">Verb <\/a>            <\/div>\r\n        <\/section>\r\n<section class=\"promotionalBanner\">\r\n    <p class=\"promotionalText\">Det mest effektiva s\u00e4ttet att l\u00e4ra sig ett spr\u00e5k<\/p>\r\n    <a class=\"promotionalLink\" href=\"https:\/\/app.talkpal.ai\/sv\/signup?lng=\">Prova Talkpal gratis<\/a>\r\n<\/section>\n<div class=\"wp-block-group pageContainerStyle\"><div class=\"wp-block-group__inner-container is-layout-constrained wp-block-group-is-layout-constrained\">\n<h2 class=\"wp-block-heading\" id=\"h-kannada-grammar-topics\">Kannada grammatik \u00e4mnen<\/h2>\n\n\n\n<p><a href=\"https:\/\/talkpal.ai\/learn-kannada\/\">Kannada<\/a> \u00e4r ett dravidiskt spr\u00e5k som fr\u00e4mst <a href=\"https:\/\/talkpal.ai\/locations\/language-courses-in-talas\/\">talas<\/a> i den indiska delstaten Karnataka av cirka 44 miljoner m\u00e4nniskor. Det \u00e4r ett av de 22 schemalagda spr\u00e5ken i Indien och det officiella spr\u00e5ket i delstaten Karnataka. Att l\u00e4ra sig kannada \u00e4r inte bara viktigt f\u00f6r att f\u00f6rst\u00e5 den rika kulturen och historien i Karnataka, utan det hj\u00e4lper ocks\u00e5 till med effektiv kommunikation med lokalbefolkningen. <a href=\"https:\/\/talkpal.ai\/culture\/how-do-i-use-den-har-and-det-har\/\">Den h\u00e4r<\/a> artikeln syftar till att ge ett strukturerat tillv\u00e4gag\u00e5ngss\u00e4tt f\u00f6r att l\u00e4ra sig olika Kannada-grammatik\u00e4mnen, vilket hj\u00e4lper dig att bygga en stark grund i spr\u00e5ket.<\/p>\n\n\n\n<h3 class=\"wp-block-heading\" id=\"h-1-nouns\">1. Substantiv<\/h3>\n\n\n\n<p>Som byggstenarna i <a href=\"https:\/\/talkpal.ai\/fr\/langues\/\">alla spr\u00e5k<\/a> \u00e4r substantiv p\u00e5 kannada viktiga att l\u00e4ra sig f\u00f6rst. Kannada-substantiv har olika former baserat p\u00e5 genus, numerus och kasus, vilket p\u00e5verkar substantivets form. B\u00f6rja med att f\u00f6rst\u00e5 de grundl\u00e4ggande begreppen f\u00f6r substantivformer och deras anv\u00e4ndning i spr\u00e5ket.<\/p>\n\n\n\n<h3 class=\"wp-block-heading\" id=\"h-2-pronouns-determiners\">2. Pronomen\/best\u00e4mningar<\/h3>\n\n\n\n<p>Pronomen \u00e4r ord som ers\u00e4tter substantiv i meningar, medan best\u00e4mningar modifierar substantiv. L\u00e4r dig mer om de olika typerna av pronomen och best\u00e4mningar p\u00e5 kannada, hur de anv\u00e4nds och hur de f\u00f6r\u00e4ndras beroende p\u00e5 k\u00f6n, antal och kasus.<\/p>\n\n\n\n<h3 class=\"wp-block-heading\" id=\"h-3-articles\">3. Artiklar<\/h3>\n\n\n\n<p>Kannada har inte artiklar som engelskan, men <a href=\"https:\/\/talkpal.ai\/culture\/how-do-i-use-det-finns-correctly\/\">det finns<\/a> liknande ord som hj\u00e4lper till att specificera substantivets best\u00e4mdhet. Bekanta dig med dessa ord och deras anv\u00e4ndning p\u00e5 kannada.<\/p>\n\n\n\n<h3 class=\"wp-block-heading\" id=\"h-4-adjectives\">4. Adjektiv<\/h3>\n\n\n\n<p>Adjektiv beskriver substantiv och ger mer information om dem. L\u00e4r dig hur man bildar och anv\u00e4nder adjektiv p\u00e5 kannada, samt deras kongruensregler med substantiv.<\/p>\n\n\n\n<h3 class=\"wp-block-heading\" id=\"h-5-verbs\">5. Verb<\/h3>\n\n\n\n<p>Verb \u00e4r handlingsord som anger vad subjektet g\u00f6r. L\u00e4r dig mer om de olika typerna av verb i kannada, deras former och b\u00f6jningsregler baserat p\u00e5 tempus, aspekt och modus.<\/p>\n\n\n\n<h3 class=\"wp-block-heading\" id=\"h-6-tenses\">6. Tempus<\/h3>\n\n\n\n<p>Tempus i kannada hj\u00e4lper till att uttrycka n\u00e4r en handling \u00e4gde rum. Bekanta dig med de tre huvudformerna av tempus &#8211; d\u00e5tid, nutid och framtid &#8211; och deras olika former.<\/p>\n\n\n\n<h3 class=\"wp-block-heading\" id=\"h-7-tense-comparison\">7. J\u00e4mf\u00f6relse av tempus<\/h3>\n\n\n\n<p>F\u00f6rst\u00e5 hur man j\u00e4mf\u00f6r handlingar mellan olika tempus p\u00e5 kannada. Detta hj\u00e4lper dig att bygga mer komplexa meningar och uttrycka dina tankar mer exakt.<\/p>\n\n\n\n<h3 class=\"wp-block-heading\" id=\"h-8-progressive-and-perfect-progressive\">8. Progressiv och perfekt progressiv<\/h3>\n\n\n\n<p>Dessa aspekter av Kannada-verb indikerar p\u00e5g\u00e5ende handlingar eller handlingar som p\u00e5gick men som nu \u00e4r avslutade. L\u00e4r dig hur man bildar och anv\u00e4nder progressiva och perfekta progressiva verb p\u00e5 kannada.<\/p>\n\n\n\n<h3 class=\"wp-block-heading\" id=\"h-9-adverbs\">9. Adverb<\/h3>\n\n\n\n<p>Adverb ger ytterligare information om verb, adjektiv eller andra adverb. L\u00e4r dig de olika typerna av adverb i kannada och deras placering i meningar.<\/p>\n\n\n\n<h3 class=\"wp-block-heading\" id=\"h-10-conditionals\">10. Villkor<\/h3>\n\n\n\n<p>Konditionaler \u00e4r meningar som uttrycker ett villkor och dess m\u00f6jliga resultat. L\u00e4r dig hur man bildar och anv\u00e4nder <a href=\"https:\/\/talkpal.ai\/sv\/grammar\/villkorliga-meningar-i-turkisk-grammatik\/\">villkorliga meningar<\/a> p\u00e5 kannada med hj\u00e4lp av l\u00e4mpliga verbformer och konjunktioner.<\/p>\n\n\n\n<h3 class=\"wp-block-heading\" id=\"h-11-prepositions\">11. Prepositioner<\/h3>\n\n\n\n<p>Prepositioner \u00e4r ord som visar relationer mellan substantiv eller pronomen och andra ord i en mening. L\u00e4r dig de vanliga kannada-prepositionerna och deras anv\u00e4ndning.<\/p>\n\n\n\n<h3 class=\"wp-block-heading\" id=\"h-12-sentences\">12. Meningar<\/h3>\n\n\n\n<p>Slutligen kan du \u00f6va p\u00e5 att kombinera alla grammatiska \u00e4mnen du har l\u00e4rt dig f\u00f6r att bilda fullst\u00e4ndiga meningar p\u00e5 Kannada. Detta kommer att hj\u00e4lpa dig att f\u00f6rb\u00e4ttra dina \u00f6vergripande spr\u00e5kkunskaper och kommunikationsf\u00f6rm\u00e5ga.<\/p>\n<\/div><\/div>\n\r\n<section class=\"learnNavigationSection\">\r\n            \r\n        <a href=\"https:\/\/talkpal.ai\/sv\/lar-dig-kannada\/\">\r\n            <div class=\"learnNavigationWrapper\">\r\n                <div class=\"learnNavigationContent\">\r\n                    <img decoding=\"async\" src=\"https:\/\/talkpal.ai\/wp-content\/uploads\/2024\/08\/Kannada.jpg\" alt=\"Indian Simplified Flag\">\r\n                    <div>\r\n                        <h4>Om Kannada Learning<\/h4>\r\n                        <p>Ta reda p\u00e5 allt om kannada grammatik.<\/p>\r\n                    <\/div>\r\n                <\/div>\r\n            <\/div>\r\n        <\/a>\r\n\r\n        \r\n        <a href=\"https:\/\/talkpal.ai\/sv\/kannada-grammatik\/\">\r\n            <div class=\"learnNavigationWrapper\">\r\n                <div class=\"learnNavigationContent\">\r\n                    <img decoding=\"async\" src=\"https:\/\/talkpal.ai\/wp-content\/uploads\/2024\/08\/Kannada.jpg\" alt=\"Indian Simplified Flag\">\r\n                    <div>\r\n                        <h4>Kannada grammatiklektioner<\/h4>\r\n                        <p>\u00d6va p\u00e5 kannada-grammatik .<\/p>\r\n                    <\/div>\r\n                <\/div>\r\n            <\/div>\r\n        <\/a>\r\n\r\n        \r\n        <a href=\"https:\/\/talkpal.ai\/vocabulary_language\/kannada\/\">\r\n            <div class=\"learnNavigationWrapper\">\r\n                <div class=\"learnNavigationContent\">\r\n                    <img decoding=\"async\" src=\"https:\/\/talkpal.ai\/wp-content\/uploads\/2024\/08\/Kannada.jpg\" alt=\"Indian Simplified Flag\">\r\n                    <div>\r\n                        <h4>Kannada Ordf\u00f6rr\u00e5d<\/h4>\r\n                        <p>Ut\u00f6ka ditt Kannada-vokabul\u00e4r.<\/p>\r\n                    <\/div>\r\n                <\/div>\r\n            <\/div>\r\n        <\/a>\r\n\r\n            <\/section>","protected":false},"excerpt":{"rendered":"<p>Kannada grammatik \u00e4mnen Kannada \u00e4r ett dravidiskt spr\u00e5k som fr\u00e4mst talas i den indiska delstaten Karnataka av cirka 44 miljoner m\u00e4nniskor. Det \u00e4r ett av de 22 schemalagda spr\u00e5ken i Indien och det officiella spr\u00e5ket i delstaten Karnataka. Att l\u00e4ra sig kannada \u00e4r inte bara viktigt f\u00f6r att f\u00f6rst\u00e5 den rika kulturen och historien i [&hellip;]<\/p>\n","protected":false},"author":6,"featured_media":28421,"parent":0,"menu_order":0,"comment_status":"closed","ping_status":"closed","template":"LearningContentPage.php","meta":{"_acf_changed":false,"footnotes":""},"class_list":["post-161240","page","type-page","status-publish","has-post-thumbnail","hentry"],"acf":[],"yoast_head":"<!-- This site is optimized with the Yoast SEO Premium plugin v27.2 (Yoast SEO v27.2) - https:\/\/yoast.com\/product\/yoast-seo-premium-wordpress\/ -->\n<title>Kannada grammatik\u00f6vningar - Talkpal<\/title>\n<meta name=\"description\" content=\"St\u00e4rk din Kannada-grammatik - engagera dig i interaktiva \u00f6vningar, beh\u00e4rska meningsm\u00f6nster och f\u00f6rb\u00e4ttra flytet med Talkpals AI-handledare.\" \/>\n<meta name=\"robots\" content=\"index, follow, max-snippet:-1, max-image-preview:large, max-video-preview:-1\" \/>\n<link rel=\"canonical\" href=\"https:\/\/talkpal.ai\/sv\/kannada-grammatikovningar\/\" \/>\n<meta property=\"og:locale\" content=\"sv_SE\" \/>\n<meta property=\"og:type\" content=\"article\" \/>\n<meta property=\"og:title\" content=\"Kannada grammatik\u00f6vningar\" \/>\n<meta property=\"og:description\" content=\"Kannada grammatik \u00e4mnen Kannada \u00e4r ett dravidiskt spr\u00e5k som fr\u00e4mst talas i den indiska delstaten Karnataka av cirka 44 miljoner m\u00e4nniskor. Det \u00e4r ett av\" \/>\n<meta property=\"og:url\" content=\"https:\/\/talkpal.ai\/sv\/kannada-grammatikovningar\/\" \/>\n<meta property=\"og:site_name\" content=\"Talkpal\" \/>\n<meta property=\"article:publisher\" content=\"https:\/\/www.facebook.com\/profile.php?id=100090733639311\" \/>\n<meta property=\"article:modified_time\" content=\"2025-12-17T15:09:43+00:00\" \/>\n<meta property=\"og:image\" content=\"https:\/\/talkpal.ai\/wp-content\/uploads\/2023\/05\/Kannada-india.png\" \/>\n\t<meta property=\"og:image:width\" content=\"512\" \/>\n\t<meta property=\"og:image:height\" content=\"512\" \/>\n\t<meta property=\"og:image:type\" content=\"image\/png\" \/>\n<meta name=\"twitter:card\" content=\"summary_large_image\" \/>\n<meta name=\"twitter:site\" content=\"@talkpalai\" \/>\n<meta name=\"twitter:label1\" content=\"Ber\u00e4knad l\u00e4stid\" \/>\n\t<meta name=\"twitter:data1\" content=\"3 minuter\" \/>\n<script type=\"application\/ld+json\" class=\"yoast-schema-graph\">{\"@context\":\"https:\/\/schema.org\",\"@graph\":[{\"@type\":\"WebPage\",\"@id\":\"https:\/\/talkpal.ai\/sv\/kannada-grammatikovningar\/\",\"url\":\"https:\/\/talkpal.ai\/sv\/kannada-grammatikovningar\/\",\"name\":\"Kannada grammatik\u00f6vningar - Talkpal\",\"isPartOf\":{\"@id\":\"https:\/\/talkpal.ai\/sv\/#website\"},\"primaryImageOfPage\":{\"@id\":\"https:\/\/talkpal.ai\/sv\/kannada-grammatikovningar\/#primaryimage\"},\"image\":{\"@id\":\"https:\/\/talkpal.ai\/sv\/kannada-grammatikovningar\/#primaryimage\"},\"thumbnailUrl\":\"https:\/\/talkpal.ai\/wp-content\/uploads\/2023\/05\/Kannada-india.png\",\"datePublished\":\"2023-06-22T07:53:19+00:00\",\"dateModified\":\"2025-12-17T15:09:43+00:00\",\"description\":\"St\u00e4rk din Kannada-grammatik - engagera dig i interaktiva \u00f6vningar, beh\u00e4rska meningsm\u00f6nster och f\u00f6rb\u00e4ttra flytet med Talkpals AI-handledare.\",\"breadcrumb\":{\"@id\":\"https:\/\/talkpal.ai\/sv\/kannada-grammatikovningar\/#breadcrumb\"},\"inLanguage\":\"sv-SE\",\"potentialAction\":[{\"@type\":\"ReadAction\",\"target\":[\"https:\/\/talkpal.ai\/sv\/kannada-grammatikovningar\/\"]}]},{\"@type\":\"ImageObject\",\"inLanguage\":\"sv-SE\",\"@id\":\"https:\/\/talkpal.ai\/sv\/kannada-grammatikovningar\/#primaryimage\",\"url\":\"https:\/\/talkpal.ai\/wp-content\/uploads\/2023\/05\/Kannada-india.png\",\"contentUrl\":\"https:\/\/talkpal.ai\/wp-content\/uploads\/2023\/05\/Kannada-india.png\",\"width\":512,\"height\":512},{\"@type\":\"BreadcrumbList\",\"@id\":\"https:\/\/talkpal.ai\/sv\/kannada-grammatikovningar\/#breadcrumb\",\"itemListElement\":[{\"@type\":\"ListItem\",\"position\":1,\"name\":\"Homepage\",\"item\":\"https:\/\/talkpal.ai\/sv\/\"},{\"@type\":\"ListItem\",\"position\":2,\"name\":\"Kannada grammatik\u00f6vningar\"}]},{\"@type\":\"WebSite\",\"@id\":\"https:\/\/talkpal.ai\/sv\/#website\",\"url\":\"https:\/\/talkpal.ai\/sv\/\",\"name\":\"Talkpal\",\"description\":\"AI Language Learning\",\"publisher\":{\"@id\":\"https:\/\/talkpal.ai\/sv\/#organization\"},\"alternateName\":\"Talkpal AI\",\"potentialAction\":[{\"@type\":\"SearchAction\",\"target\":{\"@type\":\"EntryPoint\",\"urlTemplate\":\"https:\/\/talkpal.ai\/sv\/?s={search_term_string}\"},\"query-input\":{\"@type\":\"PropertyValueSpecification\",\"valueRequired\":true,\"valueName\":\"search_term_string\"}}],\"inLanguage\":\"sv-SE\"},{\"@type\":\"Organization\",\"@id\":\"https:\/\/talkpal.ai\/sv\/#organization\",\"name\":\"Talkpal, Inc.\",\"alternateName\":\"Talkpal AI\",\"url\":\"https:\/\/talkpal.ai\/sv\/\",\"logo\":{\"@type\":\"ImageObject\",\"inLanguage\":\"sv-SE\",\"@id\":\"https:\/\/talkpal.ai\/sv\/#\/schema\/logo\/image\/\",\"url\":\"https:\/\/talkpal.ai\/wp-content\/uploads\/2024\/03\/Talkpal-Logo-Icon.png\",\"contentUrl\":\"https:\/\/talkpal.ai\/wp-content\/uploads\/2024\/03\/Talkpal-Logo-Icon.png\",\"width\":2880,\"height\":2880,\"caption\":\"Talkpal, Inc.\"},\"image\":{\"@id\":\"https:\/\/talkpal.ai\/sv\/#\/schema\/logo\/image\/\"},\"sameAs\":[\"https:\/\/www.facebook.com\/profile.php?id=100090733639311\",\"https:\/\/x.com\/talkpalai\",\"https:\/\/www.linkedin.com\/company\/talkpal\/\",\"https:\/\/www.youtube.com\/@TalkPal\/\",\"https:\/\/www.tiktok.com\/@talkpal\",\"https:\/\/www.instagram.com\/talkpal_ai\/\",\"https:\/\/www.crunchbase.com\/organization\/talkpal-9cde\",\"https:\/\/www.g2.com\/products\/talkpal-for-business\/\",\"https:\/\/www.trustpilot.com\/review\/talkpal.ai\",\"https:\/\/www.capterra.com\/p\/10006800\/TalkPal\/\"],\"description\":\"Talkpal is a language learning web and mobile education app, powered by the latest AI technologies, that provides engaging experiences to its customers in many different languages to help them improve their language skills. Users can chat about unlimited amount of topics with the app and use other modes to practice their language learning.\",\"email\":\"support@talkpal.ai\",\"legalName\":\"Talkpal, Inc.\",\"foundingDate\":\"2023-04-03\",\"duns\":\"118989042\",\"numberOfEmployees\":{\"@type\":\"QuantitativeValue\",\"minValue\":\"11\",\"maxValue\":\"50\"},\"publishingPrinciples\":\"https:\/\/talkpal.ai\/publishing-principles\/\",\"actionableFeedbackPolicy\":\"https:\/\/talkpal.ai\/actionable-feedback-policy\/\",\"correctionsPolicy\":\"https:\/\/talkpal.ai\/corrections-policy\/\",\"ethicsPolicy\":\"https:\/\/talkpal.ai\/ethics-policy\/\",\"diversityPolicy\":\"https:\/\/talkpal.ai\/diversity-policy\/\",\"diversityStaffingReport\":\"https:\/\/talkpal.ai\/diversity-policy\/\"}]}<\/script>\n<!-- \/ Yoast SEO Premium plugin. -->","yoast_head_json":{"title":"Kannada grammatik\u00f6vningar - Talkpal","description":"St\u00e4rk din Kannada-grammatik - engagera dig i interaktiva \u00f6vningar, beh\u00e4rska meningsm\u00f6nster och f\u00f6rb\u00e4ttra flytet med Talkpals AI-handledare.","robots":{"index":"index","follow":"follow","max-snippet":"max-snippet:-1","max-image-preview":"max-image-preview:large","max-video-preview":"max-video-preview:-1"},"canonical":"https:\/\/talkpal.ai\/sv\/kannada-grammatikovningar\/","og_locale":"sv_SE","og_type":"article","og_title":"Kannada grammatik\u00f6vningar","og_description":"Kannada grammatik \u00e4mnen Kannada \u00e4r ett dravidiskt spr\u00e5k som fr\u00e4mst talas i den indiska delstaten Karnataka av cirka 44 miljoner m\u00e4nniskor. Det \u00e4r ett av","og_url":"https:\/\/talkpal.ai\/sv\/kannada-grammatikovningar\/","og_site_name":"Talkpal","article_publisher":"https:\/\/www.facebook.com\/profile.php?id=100090733639311","article_modified_time":"2025-12-17T15:09:43+00:00","og_image":[{"width":512,"height":512,"url":"https:\/\/talkpal.ai\/wp-content\/uploads\/2023\/05\/Kannada-india.png","type":"image\/png"}],"twitter_card":"summary_large_image","twitter_site":"@talkpalai","twitter_misc":{"Ber\u00e4knad l\u00e4stid":"3 minuter"},"schema":{"@context":"https:\/\/schema.org","@graph":[{"@type":"WebPage","@id":"https:\/\/talkpal.ai\/sv\/kannada-grammatikovningar\/","url":"https:\/\/talkpal.ai\/sv\/kannada-grammatikovningar\/","name":"Kannada grammatik\u00f6vningar - Talkpal","isPartOf":{"@id":"https:\/\/talkpal.ai\/sv\/#website"},"primaryImageOfPage":{"@id":"https:\/\/talkpal.ai\/sv\/kannada-grammatikovningar\/#primaryimage"},"image":{"@id":"https:\/\/talkpal.ai\/sv\/kannada-grammatikovningar\/#primaryimage"},"thumbnailUrl":"https:\/\/talkpal.ai\/wp-content\/uploads\/2023\/05\/Kannada-india.png","datePublished":"2023-06-22T07:53:19+00:00","dateModified":"2025-12-17T15:09:43+00:00","description":"St\u00e4rk din Kannada-grammatik - engagera dig i interaktiva \u00f6vningar, beh\u00e4rska meningsm\u00f6nster och f\u00f6rb\u00e4ttra flytet med Talkpals AI-handledare.","breadcrumb":{"@id":"https:\/\/talkpal.ai\/sv\/kannada-grammatikovningar\/#breadcrumb"},"inLanguage":"sv-SE","potentialAction":[{"@type":"ReadAction","target":["https:\/\/talkpal.ai\/sv\/kannada-grammatikovningar\/"]}]},{"@type":"ImageObject","inLanguage":"sv-SE","@id":"https:\/\/talkpal.ai\/sv\/kannada-grammatikovningar\/#primaryimage","url":"https:\/\/talkpal.ai\/wp-content\/uploads\/2023\/05\/Kannada-india.png","contentUrl":"https:\/\/talkpal.ai\/wp-content\/uploads\/2023\/05\/Kannada-india.png","width":512,"height":512},{"@type":"BreadcrumbList","@id":"https:\/\/talkpal.ai\/sv\/kannada-grammatikovningar\/#breadcrumb","itemListElement":[{"@type":"ListItem","position":1,"name":"Homepage","item":"https:\/\/talkpal.ai\/sv\/"},{"@type":"ListItem","position":2,"name":"Kannada grammatik\u00f6vningar"}]},{"@type":"WebSite","@id":"https:\/\/talkpal.ai\/sv\/#website","url":"https:\/\/talkpal.ai\/sv\/","name":"Talkpal","description":"AI Language Learning","publisher":{"@id":"https:\/\/talkpal.ai\/sv\/#organization"},"alternateName":"Talkpal AI","potentialAction":[{"@type":"SearchAction","target":{"@type":"EntryPoint","urlTemplate":"https:\/\/talkpal.ai\/sv\/?s={search_term_string}"},"query-input":{"@type":"PropertyValueSpecification","valueRequired":true,"valueName":"search_term_string"}}],"inLanguage":"sv-SE"},{"@type":"Organization","@id":"https:\/\/talkpal.ai\/sv\/#organization","name":"Talkpal, Inc.","alternateName":"Talkpal AI","url":"https:\/\/talkpal.ai\/sv\/","logo":{"@type":"ImageObject","inLanguage":"sv-SE","@id":"https:\/\/talkpal.ai\/sv\/#\/schema\/logo\/image\/","url":"https:\/\/talkpal.ai\/wp-content\/uploads\/2024\/03\/Talkpal-Logo-Icon.png","contentUrl":"https:\/\/talkpal.ai\/wp-content\/uploads\/2024\/03\/Talkpal-Logo-Icon.png","width":2880,"height":2880,"caption":"Talkpal, Inc."},"image":{"@id":"https:\/\/talkpal.ai\/sv\/#\/schema\/logo\/image\/"},"sameAs":["https:\/\/www.facebook.com\/profile.php?id=100090733639311","https:\/\/x.com\/talkpalai","https:\/\/www.linkedin.com\/company\/talkpal\/","https:\/\/www.youtube.com\/@TalkPal\/","https:\/\/www.tiktok.com\/@talkpal","https:\/\/www.instagram.com\/talkpal_ai\/","https:\/\/www.crunchbase.com\/organization\/talkpal-9cde","https:\/\/www.g2.com\/products\/talkpal-for-business\/","https:\/\/www.trustpilot.com\/review\/talkpal.ai","https:\/\/www.capterra.com\/p\/10006800\/TalkPal\/"],"description":"Talkpal is a language learning web and mobile education app, powered by the latest AI technologies, that provides engaging experiences to its customers in many different languages to help them improve their language skills. Users can chat about unlimited amount of topics with the app and use other modes to practice their language learning.","email":"support@talkpal.ai","legalName":"Talkpal, Inc.","foundingDate":"2023-04-03","duns":"118989042","numberOfEmployees":{"@type":"QuantitativeValue","minValue":"11","maxValue":"50"},"publishingPrinciples":"https:\/\/talkpal.ai\/publishing-principles\/","actionableFeedbackPolicy":"https:\/\/talkpal.ai\/actionable-feedback-policy\/","correctionsPolicy":"https:\/\/talkpal.ai\/corrections-policy\/","ethicsPolicy":"https:\/\/talkpal.ai\/ethics-policy\/","diversityPolicy":"https:\/\/talkpal.ai\/diversity-policy\/","diversityStaffingReport":"https:\/\/talkpal.ai\/diversity-policy\/"}]}},"_links":{"self":[{"href":"https:\/\/talkpal.ai\/sv\/wp-json\/wp\/v2\/pages\/161240","targetHints":{"allow":["GET"]}}],"collection":[{"href":"https:\/\/talkpal.ai\/sv\/wp-json\/wp\/v2\/pages"}],"about":[{"href":"https:\/\/talkpal.ai\/sv\/wp-json\/wp\/v2\/types\/page"}],"author":[{"embeddable":true,"href":"https:\/\/talkpal.ai\/sv\/wp-json\/wp\/v2\/users\/6"}],"replies":[{"embeddable":true,"href":"https:\/\/talkpal.ai\/sv\/wp-json\/wp\/v2\/comments?post=161240"}],"version-history":[{"count":0,"href":"https:\/\/talkpal.ai\/sv\/wp-json\/wp\/v2\/pages\/161240\/revisions"}],"wp:featuredmedia":[{"embeddable":true,"href":"https:\/\/talkpal.ai\/sv\/wp-json\/wp\/v2\/media\/28421"}],"wp:attachment":[{"href":"https:\/\/talkpal.ai\/sv\/wp-json\/wp\/v2\/media?parent=161240"}],"curies":[{"name":"wp","href":"https:\/\/api.w.org\/{rel}","templated":true}]}}