{"id":159075,"date":"2023-06-22T08:43:13","date_gmt":"2023-06-22T08:43:13","guid":{"rendered":"http:\/\/talkpal.ai\/maori-grammatikovningar\/"},"modified":"2025-12-17T14:39:46","modified_gmt":"2025-12-17T14:39:46","slug":"maori-grammatikovningar","status":"publish","type":"page","link":"https:\/\/talkpal.ai\/sv\/maori-grammatikovningar\/","title":{"rendered":"Maori grammatik\u00f6vningar"},"content":{"rendered":"\r\n\r\n\r\n<section class=\"languageChallengeSection\">\r\n    <div class=\"languageInfoWrapper\">\r\n        \r\n        <h1>Maori grammatik\u00f6vningar<\/h1>\r\n        <p>Vill du st\u00e4rka dina kunskaper i <a href=\"https:\/\/talkpal.ai\/culture\/how-do-i-start-learning-te-reo-maori-as-a-beginner\/\">te reo M\u0101ori<\/a>? Att \u00f6va p\u00e5 grammatik \u00e4r ett bra s\u00e4tt att f\u00f6rst\u00e5 meningsbyggnad, verbformer och viktiga m\u00f6nster i spr\u00e5ket. B\u00f6rja utforska M\u0101ori-grammatiken idag och se ditt sj\u00e4lvf\u00f6rtroende och din f\u00f6rm\u00e5ga v\u00e4xa med varje ny \u00f6vning!<\/p>\r\n\r\n                            <a class=\"getStartedHidden\" href=\"https:\/\/app.talkpal.ai\/sv\/signup?lng=\">Kom ig\u00e5ng<\/a>\r\n        \r\n    <\/div>\r\n\r\n    <figure>\r\n    <img decoding=\"async\" width=\"768\" height=\"768\" src=\"https:\/\/talkpal.ai\/wp-content\/uploads\/2023\/06\/maori-768x768.png\" class=\"languageImage no-lazy\" alt=\"Default alt text\" fetchpriority=\"high\" sizes=\"(max-width: 768px) 150px, 768px\" srcset=\"https:\/\/talkpal.ai\/wp-content\/uploads\/2023\/06\/maori-768x768.png 768w, https:\/\/talkpal.ai\/wp-content\/uploads\/2023\/06\/maori-300x300.png 300w\" \/>\r\n    \r\n\r\n    <\/figure>\r\n\r\n            <a class=\"getStartedVisible\" href=\"https:\/\/app.talkpal.ai\/sv\/signup?lng=\">Kom ig\u00e5ng<\/a>\r\n    \r\n<\/section>\r\n\r\n\r\n<!-- <section class=\"grammarSection\">\r\n    <div class=\"grammarLinks\">\r\n        <a href=\"https:\/\/talkpal.ai\/sv\/exercise_language\/adjektiv-maori-grammatik\/\">Adjektiv <\/a><a href=\"https:\/\/talkpal.ai\/sv\/exercise_language\/adverb-maori-grammatik\/\">Adverb <\/a><a href=\"https:\/\/talkpal.ai\/sv\/exercise_language\/artiklar-maori-grammatik\/\">Artiklar <\/a><a href=\"https:\/\/talkpal.ai\/sv\/exercise_language\/jamforelse-av-tempus-maori-grammatik\/\">J\u00e4mf\u00f6relse av tempus <\/a><a href=\"https:\/\/talkpal.ai\/sv\/exercise_language\/konditionaler-maori-grammatik\/\">Konditionaler <\/a><a href=\"https:\/\/talkpal.ai\/sv\/exercise_language\/meningar-maori-grammatik\/\">Meningar <\/a><a href=\"https:\/\/talkpal.ai\/sv\/exercise_language\/perfekt-progressiv-maori-grammatik-sv\/\">Perfekt progressiv <\/a><a href=\"https:\/\/talkpal.ai\/sv\/exercise_language\/prepositioner-maori-grammatik\/\">Prepositioner <\/a><a href=\"https:\/\/talkpal.ai\/sv\/exercise_language\/progressiv-maori-grammatik-sv\/\">Progressiv <\/a><a href=\"https:\/\/talkpal.ai\/sv\/exercise_language\/pronomen-bestamningsfaktorer-maori-grammatik\/\">Pronomen\/best\u00e4mningsfaktorer <\/a><a href=\"https:\/\/talkpal.ai\/sv\/exercise_language\/substantiv-maori-grammatik\/\">Substantiv <\/a><a href=\"https:\/\/talkpal.ai\/sv\/exercise_language\/tempus-maori-grammatik\/\">Tempus <\/a><a href=\"https:\/\/talkpal.ai\/sv\/exercise_language\/verb-maori-grammatik\/\">Verb <\/a>    <\/div>\r\n<\/section> -->\r\n\r\n\r\n\r\n\r\n        <section class=\"grammarSection\">\r\n            <div class=\"grammarLinks\">\r\n                <a href=\"https:\/\/talkpal.ai\/sv\/exercise_language\/adjektiv-maori-grammatik\/\">Adjektiv <\/a><a href=\"https:\/\/talkpal.ai\/sv\/exercise_language\/adverb-maori-grammatik\/\">Adverb <\/a><a href=\"https:\/\/talkpal.ai\/sv\/exercise_language\/artiklar-maori-grammatik\/\">Artiklar <\/a><a href=\"https:\/\/talkpal.ai\/sv\/exercise_language\/jamforelse-av-tempus-maori-grammatik\/\">J\u00e4mf\u00f6relse av tempus <\/a><a href=\"https:\/\/talkpal.ai\/sv\/exercise_language\/konditionaler-maori-grammatik\/\">Konditionaler <\/a><a href=\"https:\/\/talkpal.ai\/sv\/exercise_language\/meningar-maori-grammatik\/\">Meningar <\/a><a href=\"https:\/\/talkpal.ai\/sv\/exercise_language\/perfekt-progressiv-maori-grammatik-sv\/\">Perfekt progressiv <\/a><a href=\"https:\/\/talkpal.ai\/sv\/exercise_language\/prepositioner-maori-grammatik\/\">Prepositioner <\/a><a href=\"https:\/\/talkpal.ai\/sv\/exercise_language\/progressiv-maori-grammatik-sv\/\">Progressiv <\/a><a href=\"https:\/\/talkpal.ai\/sv\/exercise_language\/pronomen-bestamningsfaktorer-maori-grammatik\/\">Pronomen\/best\u00e4mningsfaktorer <\/a><a href=\"https:\/\/talkpal.ai\/sv\/exercise_language\/substantiv-maori-grammatik\/\">Substantiv <\/a><a href=\"https:\/\/talkpal.ai\/sv\/exercise_language\/tempus-maori-grammatik\/\">Tempus <\/a><a href=\"https:\/\/talkpal.ai\/sv\/exercise_language\/verb-maori-grammatik\/\">Verb <\/a>            <\/div>\r\n        <\/section>\r\n<section class=\"promotionalBanner\">\r\n    <p class=\"promotionalText\">Det mest effektiva s\u00e4ttet att l\u00e4ra sig ett spr\u00e5k<\/p>\r\n    <a class=\"promotionalLink\" href=\"https:\/\/app.talkpal.ai\/sv\/signup?lng=\">Prova Talkpal gratis<\/a>\r\n<\/section>\n<div class=\"wp-block-group pageContainerStyle\"><div class=\"wp-block-group__inner-container is-layout-constrained wp-block-group-is-layout-constrained\">\n<h2 class=\"wp-block-heading\" id=\"h-maori-grammar-topics\">Maori Grammatik \u00c4mnen<\/h2>\n\n\n\n<p>Maorispr\u00e5ket, k\u00e4nt som te reo M\u0101ori, \u00e4r ett \u00f6stpolynesiskt spr\u00e5k som kommer fr\u00e5n Nya Zeeland. Som landets officiella spr\u00e5k b\u00e4r det p\u00e5 ett rikt kulturarv och unika spr\u00e5kliga s\u00e4rdrag. Att l\u00e4ra sig <a href=\"https:\/\/talkpal.ai\/maori-grammar\/\">maorisk grammatik<\/a> \u00e4r viktigt f\u00f6r att f\u00f6rst\u00e5 och kommunicera effektivt p\u00e5 spr\u00e5ket. <a href=\"https:\/\/talkpal.ai\/culture\/how-do-i-use-den-har-and-det-har\/\">Den h\u00e4r<\/a> guiden ger en \u00f6versikt \u00f6ver viktiga grammatik\u00e4mnen p\u00e5 <a href=\"https:\/\/talkpal.ai\/learn-maori\/\">maori<\/a>, organiserade i en sekvens som \u00e4r utformad f\u00f6r att underl\u00e4tta din inl\u00e4rningsprocess. Fr\u00e5n tempus och verb till adjektiv och prepositioner, <a href=\"https:\/\/talkpal.ai\/culture\/how-do-i-use-den-har-and-det-har\/\">den h\u00e4r<\/a> guiden hj\u00e4lper dig att f\u00f6rst\u00e5 de v\u00e4sentliga delarna av maorigrammatiken och ge dig ut p\u00e5 din spr\u00e5kinl\u00e4rningsresa.<\/p>\n\n\n\n<h3 class=\"wp-block-heading\" id=\"h-1-tenses\">1. Tempus:<\/h3>\n\n\n\n<p>P\u00e5 maori finns det tv\u00e5 prim\u00e4ra tempus \u2013 d\u00e5tid och icke-d\u00e5tid. D\u00e5tid indikerar handlingar eller h\u00e4ndelser som <a href=\"https:\/\/talkpal.ai\/locations\/learn-english-in-redan\/\">redan<\/a> har intr\u00e4ffat, medan icke-f\u00f6rfluten tid omfattar b\u00e5de nuvarande och framtida handlingar. Att f\u00f6rst\u00e5 dessa tempus \u00e4r avg\u00f6rande f\u00f6r att bilda meningar och f\u00f6rmedla inneb\u00f6rden korrekt.<\/p>\n\n\n\n<h3 class=\"wp-block-heading\" id=\"h-2-tense-comparison\">2. Sp\u00e4nd j\u00e4mf\u00f6relse:<\/h3>\n\n\n\n<p>N\u00e4r man j\u00e4mf\u00f6r tempus p\u00e5 maori \u00e4r det viktigt att f\u00f6rst\u00e5 hur man bildar meningar med de olika tempusen och g\u00f6ra l\u00e4mpliga j\u00e4mf\u00f6relser mellan dem. Denna kunskap hj\u00e4lper dig att uttrycka handlingar och h\u00e4ndelser i olika tidsm\u00e4ssiga sammanhang.<\/p>\n\n\n\n<h3 class=\"wp-block-heading\" id=\"h-3-progressive\">3. Progressiv:<\/h3>\n\n\n\n<p>Den progressiva aspekten i maori indikerar p\u00e5g\u00e5ende eller kontinuerliga handlingar. Att l\u00e4ra sig att anv\u00e4nda den progressiva aspekten g\u00f6r det m\u00f6jligt f\u00f6r dig att beskriva \u00e5tg\u00e4rder som sker just nu, vilket ger djup till din kommunikation.<\/p>\n\n\n\n<h3 class=\"wp-block-heading\" id=\"h-4-perfect-progressive\">4. Perfekt progressiv:<\/h3>\n\n\n\n<p>Den perfekta progressiva aspekten kombinerar element fr\u00e5n b\u00e5de den perfekta och den progressiva aspekten, vilket indikerar \u00e5tg\u00e4rder som har p\u00e5g\u00e5tt men som nu \u00e4r avslutade. Att beh\u00e4rska denna aspekt hj\u00e4lper dig att f\u00f6rmedla mer komplexa id\u00e9er och situationer.<\/p>\n\n\n\n<h3 class=\"wp-block-heading\" id=\"h-5-verbs\">5. Verb:<\/h3>\n\n\n\n<p>Verb \u00e4r avg\u00f6rande f\u00f6r att konstruera meningar och uttrycka handlingar eller tillst\u00e5nd p\u00e5 maori. Att bekanta sig med verbb\u00f6jning, <a href=\"https:\/\/talkpal.ai\/sv\/grammar\/vanliga-verb-i-maori-grammatik\/\">vanliga verb<\/a> och deras anv\u00e4ndning \u00e4r viktigt f\u00f6r effektiv kommunikation.<\/p>\n\n\n\n<h3 class=\"wp-block-heading\" id=\"h-6-nouns\">6. Substantiv:<\/h3>\n\n\n\n<p>Substantiv \u00e4r grunden f\u00f6r <a href=\"https:\/\/talkpal.ai\/fr\/langues\/\">alla spr\u00e5k<\/a> och representerar m\u00e4nniskor, platser, saker eller id\u00e9er. Att l\u00e4ra sig maoriska substantiv hj\u00e4lper dig att bygga upp ditt ordf\u00f6rr\u00e5d och f\u00f6rb\u00e4ttra din \u00f6vergripande f\u00f6rst\u00e5else av spr\u00e5ket.<\/p>\n\n\n\n<h3 class=\"wp-block-heading\" id=\"h-7-articles\">7. Artiklar:<\/h3>\n\n\n\n<p>Maori anv\u00e4nder artiklar f\u00f6r att specificera best\u00e4mdheten eller obest\u00e4mdheten hos ett substantiv. Att f\u00f6rst\u00e5 anv\u00e4ndningen av artiklar hj\u00e4lper dig att konstruera meningar med tydlighet och precision.<\/p>\n\n\n\n<h3 class=\"wp-block-heading\" id=\"h-8-pronouns-determiners\">8. Pronomen\/best\u00e4mningsfaktorer:<\/h3>\n\n\n\n<p>Pronomen och best\u00e4mningar spelar en viktig roll i maorisk grammatik och hj\u00e4lper till att identifiera eller specificera ett substantiv. Bekanta dig med olika pronomen och best\u00e4mningar f\u00f6r att f\u00f6rb\u00e4ttra dina spr\u00e5kkunskaper.<\/p>\n\n\n\n<h3 class=\"wp-block-heading\" id=\"h-9-adjectives\">9. Adjektiv:<\/h3>\n\n\n\n<p>Adjektiv ger beskrivningar, egenskaper eller attribut till substantiv. Att l\u00e4ra sig maoriska adjektiv g\u00f6r att du kan uttrycka mer detaljerade och nyanserade id\u00e9er.<\/p>\n\n\n\n<h3 class=\"wp-block-heading\" id=\"h-10-adverbs\">10. Adverb:<\/h3>\n\n\n\n<p>Adverb modifierar verb, adjektiv eller andra adverb, vilket ger ytterligare information om handlingar eller egenskaper. Att beh\u00e4rska maori-adverb hj\u00e4lper dig att f\u00f6rmedla mening mer effektivt och l\u00e4gga till variation i dina meningar.<\/p>\n\n\n\n<h3 class=\"wp-block-heading\" id=\"h-11-conditionals\">11. Villkorliga:<\/h3>\n\n\n\n<p>Konditionaler anv\u00e4nds f\u00f6r att uttrycka hypotetiska situationer eller konsekvenser p\u00e5 maori. Att f\u00f6rst\u00e5 villkorliga former hj\u00e4lper dig att kommunicera komplexa id\u00e9er och m\u00f6jligheter.<\/p>\n\n\n\n<h3 class=\"wp-block-heading\" id=\"h-12-prepositions\">12. Prepositioner:<\/h3>\n\n\n\n<p>Prepositioner \u00e4r viktiga f\u00f6r att indikera relationer mellan ord, till exempel plats, riktning eller tid. Att l\u00e4ra sig maoriprepositioner hj\u00e4lper dig att konstruera mer komplexa och meningsfulla meningar.<\/p>\n\n\n\n<h3 class=\"wp-block-heading\" id=\"h-13-sentences\">13. Meningar:<\/h3>\n\n\n\n<p>Slutligen \u00e4r det viktigt att f\u00f6rst\u00e5 meningsstruktur och ordf\u00f6ljd f\u00f6r effektiv kommunikation p\u00e5 maori. Bekanta dig med olika meningsm\u00f6nster och \u00f6va p\u00e5 att konstruera meningar med hj\u00e4lp av de grammatik\u00e4mnen som tas upp i den h\u00e4r guiden.<\/p>\n<\/div><\/div>\n\r\n<section class=\"learnNavigationSection\">\r\n            \r\n        <a href=\"https:\/\/talkpal.ai\/sv\/lar-dig-maori\/\">\r\n            <div class=\"learnNavigationWrapper\">\r\n                <div class=\"learnNavigationContent\">\r\n                    <img decoding=\"async\" src=\"https:\/\/talkpal.ai\/wp-content\/uploads\/2024\/08\/Maori.jpg\" alt=\"New Zealand Flag\">\r\n                    <div>\r\n                        <h4>Lektioner i maori grammatik<\/h4>\r\n                        <p>Ta reda p\u00e5 allt om maorisk grammatik.<\/p>\r\n                    <\/div>\r\n                <\/div>\r\n            <\/div>\r\n        <\/a>\r\n\r\n        \r\n        <a href=\"https:\/\/talkpal.ai\/sv\/maorisk-grammatik\/\">\r\n            <div class=\"learnNavigationWrapper\">\r\n                <div class=\"learnNavigationContent\">\r\n                    <img decoding=\"async\" src=\"https:\/\/talkpal.ai\/wp-content\/uploads\/2024\/08\/Maori.jpg\" alt=\"New Zealand Flag\">\r\n                    <div>\r\n                        <h4>Lektioner i maori grammatik<\/h4>\r\n                        <p>\u00d6va p\u00e5 maorisk grammatik.<\/p>\r\n                    <\/div>\r\n                <\/div>\r\n            <\/div>\r\n        <\/a>\r\n\r\n        \r\n        <a href=\"https:\/\/talkpal.ai\/vocabulary_language\/maori\/\">\r\n            <div class=\"learnNavigationWrapper\">\r\n                <div class=\"learnNavigationContent\">\r\n                    <img decoding=\"async\" src=\"https:\/\/talkpal.ai\/wp-content\/uploads\/2024\/08\/Maori.jpg\" alt=\"New Zealand Flag\">\r\n                    <div>\r\n                        <h4>Ordf\u00f6rr\u00e5d fr\u00e5n maori<\/h4>\r\n                        <p>Ut\u00f6ka din maoriska vokabul\u00e4r.<\/p>\r\n                    <\/div>\r\n                <\/div>\r\n            <\/div>\r\n        <\/a>\r\n\r\n            <\/section>","protected":false},"excerpt":{"rendered":"<p>Maori Grammatik \u00c4mnen Maorispr\u00e5ket, k\u00e4nt som te reo M\u0101ori, \u00e4r ett \u00f6stpolynesiskt spr\u00e5k som kommer fr\u00e5n Nya Zeeland. Som landets officiella spr\u00e5k b\u00e4r det p\u00e5 ett rikt kulturarv och unika spr\u00e5kliga s\u00e4rdrag. Att l\u00e4ra sig maorisk grammatik \u00e4r viktigt f\u00f6r att f\u00f6rst\u00e5 och kommunicera effektivt p\u00e5 spr\u00e5ket. Den h\u00e4r guiden ger en \u00f6versikt \u00f6ver viktiga [&hellip;]<\/p>\n","protected":false},"author":6,"featured_media":28501,"parent":0,"menu_order":0,"comment_status":"closed","ping_status":"closed","template":"LearningContentPage.php","meta":{"_acf_changed":false,"footnotes":""},"class_list":["post-159075","page","type-page","status-publish","has-post-thumbnail","hentry"],"acf":[],"yoast_head":"<!-- This site is optimized with the Yoast SEO Premium plugin v27.2 (Yoast SEO v27.2) - https:\/\/yoast.com\/product\/yoast-seo-premium-wordpress\/ -->\n<title>Maori grammatik\u00f6vningar - Talkpal<\/title>\n<meta name=\"description\" content=\"F\u00f6rb\u00e4ttra dina spr\u00e5kkunskaper med maoriska grammatik\u00f6vningar som \u00e4r utformade f\u00f6r att \u00f6ka din f\u00f6rst\u00e5else och ditt flyt p\u00e5 maori.\" \/>\n<meta name=\"robots\" content=\"index, follow, max-snippet:-1, max-image-preview:large, max-video-preview:-1\" \/>\n<link rel=\"canonical\" href=\"https:\/\/talkpal.ai\/sv\/maori-grammatikovningar\/\" \/>\n<meta property=\"og:locale\" content=\"sv_SE\" \/>\n<meta property=\"og:type\" content=\"article\" \/>\n<meta property=\"og:title\" content=\"Maori grammatik\u00f6vningar\" \/>\n<meta property=\"og:description\" content=\"Maori Grammatik \u00c4mnen Maorispr\u00e5ket, k\u00e4nt som te reo M\u0101ori, \u00e4r ett \u00f6stpolynesiskt spr\u00e5k som kommer fr\u00e5n Nya Zeeland. Som landets officiella spr\u00e5k b\u00e4r det\" \/>\n<meta property=\"og:url\" content=\"https:\/\/talkpal.ai\/sv\/maori-grammatikovningar\/\" \/>\n<meta property=\"og:site_name\" content=\"Talkpal\" \/>\n<meta property=\"article:publisher\" content=\"https:\/\/www.facebook.com\/profile.php?id=100090733639311\" \/>\n<meta property=\"article:modified_time\" content=\"2025-12-17T14:39:46+00:00\" \/>\n<meta property=\"og:image\" content=\"https:\/\/talkpal.ai\/wp-content\/uploads\/2023\/05\/Maori-new-zealand.png\" \/>\n\t<meta property=\"og:image:width\" content=\"512\" \/>\n\t<meta property=\"og:image:height\" content=\"512\" \/>\n\t<meta property=\"og:image:type\" content=\"image\/png\" \/>\n<meta name=\"twitter:card\" content=\"summary_large_image\" \/>\n<meta name=\"twitter:site\" content=\"@talkpalai\" \/>\n<meta name=\"twitter:label1\" content=\"Ber\u00e4knad l\u00e4stid\" \/>\n\t<meta name=\"twitter:data1\" content=\"3 minuter\" \/>\n<script type=\"application\/ld+json\" class=\"yoast-schema-graph\">{\"@context\":\"https:\/\/schema.org\",\"@graph\":[{\"@type\":\"WebPage\",\"@id\":\"https:\/\/talkpal.ai\/sv\/maori-grammatikovningar\/\",\"url\":\"https:\/\/talkpal.ai\/sv\/maori-grammatikovningar\/\",\"name\":\"Maori grammatik\u00f6vningar - Talkpal\",\"isPartOf\":{\"@id\":\"https:\/\/talkpal.ai\/sv\/#website\"},\"primaryImageOfPage\":{\"@id\":\"https:\/\/talkpal.ai\/sv\/maori-grammatikovningar\/#primaryimage\"},\"image\":{\"@id\":\"https:\/\/talkpal.ai\/sv\/maori-grammatikovningar\/#primaryimage\"},\"thumbnailUrl\":\"https:\/\/talkpal.ai\/wp-content\/uploads\/2023\/05\/Maori-new-zealand.png\",\"datePublished\":\"2023-06-22T08:43:13+00:00\",\"dateModified\":\"2025-12-17T14:39:46+00:00\",\"description\":\"F\u00f6rb\u00e4ttra dina spr\u00e5kkunskaper med maoriska grammatik\u00f6vningar som \u00e4r utformade f\u00f6r att \u00f6ka din f\u00f6rst\u00e5else och ditt flyt p\u00e5 maori.\",\"breadcrumb\":{\"@id\":\"https:\/\/talkpal.ai\/sv\/maori-grammatikovningar\/#breadcrumb\"},\"inLanguage\":\"sv-SE\",\"potentialAction\":[{\"@type\":\"ReadAction\",\"target\":[\"https:\/\/talkpal.ai\/sv\/maori-grammatikovningar\/\"]}]},{\"@type\":\"ImageObject\",\"inLanguage\":\"sv-SE\",\"@id\":\"https:\/\/talkpal.ai\/sv\/maori-grammatikovningar\/#primaryimage\",\"url\":\"https:\/\/talkpal.ai\/wp-content\/uploads\/2023\/05\/Maori-new-zealand.png\",\"contentUrl\":\"https:\/\/talkpal.ai\/wp-content\/uploads\/2023\/05\/Maori-new-zealand.png\",\"width\":512,\"height\":512},{\"@type\":\"BreadcrumbList\",\"@id\":\"https:\/\/talkpal.ai\/sv\/maori-grammatikovningar\/#breadcrumb\",\"itemListElement\":[{\"@type\":\"ListItem\",\"position\":1,\"name\":\"Homepage\",\"item\":\"https:\/\/talkpal.ai\/sv\/\"},{\"@type\":\"ListItem\",\"position\":2,\"name\":\"Maori grammatik\u00f6vningar\"}]},{\"@type\":\"WebSite\",\"@id\":\"https:\/\/talkpal.ai\/sv\/#website\",\"url\":\"https:\/\/talkpal.ai\/sv\/\",\"name\":\"Talkpal\",\"description\":\"AI Language Learning\",\"publisher\":{\"@id\":\"https:\/\/talkpal.ai\/sv\/#organization\"},\"alternateName\":\"Talkpal AI\",\"potentialAction\":[{\"@type\":\"SearchAction\",\"target\":{\"@type\":\"EntryPoint\",\"urlTemplate\":\"https:\/\/talkpal.ai\/sv\/?s={search_term_string}\"},\"query-input\":{\"@type\":\"PropertyValueSpecification\",\"valueRequired\":true,\"valueName\":\"search_term_string\"}}],\"inLanguage\":\"sv-SE\"},{\"@type\":\"Organization\",\"@id\":\"https:\/\/talkpal.ai\/sv\/#organization\",\"name\":\"Talkpal, Inc.\",\"alternateName\":\"Talkpal AI\",\"url\":\"https:\/\/talkpal.ai\/sv\/\",\"logo\":{\"@type\":\"ImageObject\",\"inLanguage\":\"sv-SE\",\"@id\":\"https:\/\/talkpal.ai\/sv\/#\/schema\/logo\/image\/\",\"url\":\"https:\/\/talkpal.ai\/wp-content\/uploads\/2024\/03\/Talkpal-Logo-Icon.png\",\"contentUrl\":\"https:\/\/talkpal.ai\/wp-content\/uploads\/2024\/03\/Talkpal-Logo-Icon.png\",\"width\":2880,\"height\":2880,\"caption\":\"Talkpal, Inc.\"},\"image\":{\"@id\":\"https:\/\/talkpal.ai\/sv\/#\/schema\/logo\/image\/\"},\"sameAs\":[\"https:\/\/www.facebook.com\/profile.php?id=100090733639311\",\"https:\/\/x.com\/talkpalai\",\"https:\/\/www.linkedin.com\/company\/talkpal\/\",\"https:\/\/www.youtube.com\/@TalkPal\/\",\"https:\/\/www.tiktok.com\/@talkpal\",\"https:\/\/www.instagram.com\/talkpal_ai\/\",\"https:\/\/www.crunchbase.com\/organization\/talkpal-9cde\",\"https:\/\/www.g2.com\/products\/talkpal-for-business\/\",\"https:\/\/www.trustpilot.com\/review\/talkpal.ai\",\"https:\/\/www.capterra.com\/p\/10006800\/TalkPal\/\"],\"description\":\"Talkpal is a language learning web and mobile education app, powered by the latest AI technologies, that provides engaging experiences to its customers in many different languages to help them improve their language skills. Users can chat about unlimited amount of topics with the app and use other modes to practice their language learning.\",\"email\":\"support@talkpal.ai\",\"legalName\":\"Talkpal, Inc.\",\"foundingDate\":\"2023-04-03\",\"duns\":\"118989042\",\"numberOfEmployees\":{\"@type\":\"QuantitativeValue\",\"minValue\":\"11\",\"maxValue\":\"50\"},\"publishingPrinciples\":\"https:\/\/talkpal.ai\/publishing-principles\/\",\"actionableFeedbackPolicy\":\"https:\/\/talkpal.ai\/actionable-feedback-policy\/\",\"correctionsPolicy\":\"https:\/\/talkpal.ai\/corrections-policy\/\",\"ethicsPolicy\":\"https:\/\/talkpal.ai\/ethics-policy\/\",\"diversityPolicy\":\"https:\/\/talkpal.ai\/diversity-policy\/\",\"diversityStaffingReport\":\"https:\/\/talkpal.ai\/diversity-policy\/\"}]}<\/script>\n<!-- \/ Yoast SEO Premium plugin. -->","yoast_head_json":{"title":"Maori grammatik\u00f6vningar - Talkpal","description":"F\u00f6rb\u00e4ttra dina spr\u00e5kkunskaper med maoriska grammatik\u00f6vningar som \u00e4r utformade f\u00f6r att \u00f6ka din f\u00f6rst\u00e5else och ditt flyt p\u00e5 maori.","robots":{"index":"index","follow":"follow","max-snippet":"max-snippet:-1","max-image-preview":"max-image-preview:large","max-video-preview":"max-video-preview:-1"},"canonical":"https:\/\/talkpal.ai\/sv\/maori-grammatikovningar\/","og_locale":"sv_SE","og_type":"article","og_title":"Maori grammatik\u00f6vningar","og_description":"Maori Grammatik \u00c4mnen Maorispr\u00e5ket, k\u00e4nt som te reo M\u0101ori, \u00e4r ett \u00f6stpolynesiskt spr\u00e5k som kommer fr\u00e5n Nya Zeeland. Som landets officiella spr\u00e5k b\u00e4r det","og_url":"https:\/\/talkpal.ai\/sv\/maori-grammatikovningar\/","og_site_name":"Talkpal","article_publisher":"https:\/\/www.facebook.com\/profile.php?id=100090733639311","article_modified_time":"2025-12-17T14:39:46+00:00","og_image":[{"width":512,"height":512,"url":"https:\/\/talkpal.ai\/wp-content\/uploads\/2023\/05\/Maori-new-zealand.png","type":"image\/png"}],"twitter_card":"summary_large_image","twitter_site":"@talkpalai","twitter_misc":{"Ber\u00e4knad l\u00e4stid":"3 minuter"},"schema":{"@context":"https:\/\/schema.org","@graph":[{"@type":"WebPage","@id":"https:\/\/talkpal.ai\/sv\/maori-grammatikovningar\/","url":"https:\/\/talkpal.ai\/sv\/maori-grammatikovningar\/","name":"Maori grammatik\u00f6vningar - Talkpal","isPartOf":{"@id":"https:\/\/talkpal.ai\/sv\/#website"},"primaryImageOfPage":{"@id":"https:\/\/talkpal.ai\/sv\/maori-grammatikovningar\/#primaryimage"},"image":{"@id":"https:\/\/talkpal.ai\/sv\/maori-grammatikovningar\/#primaryimage"},"thumbnailUrl":"https:\/\/talkpal.ai\/wp-content\/uploads\/2023\/05\/Maori-new-zealand.png","datePublished":"2023-06-22T08:43:13+00:00","dateModified":"2025-12-17T14:39:46+00:00","description":"F\u00f6rb\u00e4ttra dina spr\u00e5kkunskaper med maoriska grammatik\u00f6vningar som \u00e4r utformade f\u00f6r att \u00f6ka din f\u00f6rst\u00e5else och ditt flyt p\u00e5 maori.","breadcrumb":{"@id":"https:\/\/talkpal.ai\/sv\/maori-grammatikovningar\/#breadcrumb"},"inLanguage":"sv-SE","potentialAction":[{"@type":"ReadAction","target":["https:\/\/talkpal.ai\/sv\/maori-grammatikovningar\/"]}]},{"@type":"ImageObject","inLanguage":"sv-SE","@id":"https:\/\/talkpal.ai\/sv\/maori-grammatikovningar\/#primaryimage","url":"https:\/\/talkpal.ai\/wp-content\/uploads\/2023\/05\/Maori-new-zealand.png","contentUrl":"https:\/\/talkpal.ai\/wp-content\/uploads\/2023\/05\/Maori-new-zealand.png","width":512,"height":512},{"@type":"BreadcrumbList","@id":"https:\/\/talkpal.ai\/sv\/maori-grammatikovningar\/#breadcrumb","itemListElement":[{"@type":"ListItem","position":1,"name":"Homepage","item":"https:\/\/talkpal.ai\/sv\/"},{"@type":"ListItem","position":2,"name":"Maori grammatik\u00f6vningar"}]},{"@type":"WebSite","@id":"https:\/\/talkpal.ai\/sv\/#website","url":"https:\/\/talkpal.ai\/sv\/","name":"Talkpal","description":"AI Language Learning","publisher":{"@id":"https:\/\/talkpal.ai\/sv\/#organization"},"alternateName":"Talkpal AI","potentialAction":[{"@type":"SearchAction","target":{"@type":"EntryPoint","urlTemplate":"https:\/\/talkpal.ai\/sv\/?s={search_term_string}"},"query-input":{"@type":"PropertyValueSpecification","valueRequired":true,"valueName":"search_term_string"}}],"inLanguage":"sv-SE"},{"@type":"Organization","@id":"https:\/\/talkpal.ai\/sv\/#organization","name":"Talkpal, Inc.","alternateName":"Talkpal AI","url":"https:\/\/talkpal.ai\/sv\/","logo":{"@type":"ImageObject","inLanguage":"sv-SE","@id":"https:\/\/talkpal.ai\/sv\/#\/schema\/logo\/image\/","url":"https:\/\/talkpal.ai\/wp-content\/uploads\/2024\/03\/Talkpal-Logo-Icon.png","contentUrl":"https:\/\/talkpal.ai\/wp-content\/uploads\/2024\/03\/Talkpal-Logo-Icon.png","width":2880,"height":2880,"caption":"Talkpal, Inc."},"image":{"@id":"https:\/\/talkpal.ai\/sv\/#\/schema\/logo\/image\/"},"sameAs":["https:\/\/www.facebook.com\/profile.php?id=100090733639311","https:\/\/x.com\/talkpalai","https:\/\/www.linkedin.com\/company\/talkpal\/","https:\/\/www.youtube.com\/@TalkPal\/","https:\/\/www.tiktok.com\/@talkpal","https:\/\/www.instagram.com\/talkpal_ai\/","https:\/\/www.crunchbase.com\/organization\/talkpal-9cde","https:\/\/www.g2.com\/products\/talkpal-for-business\/","https:\/\/www.trustpilot.com\/review\/talkpal.ai","https:\/\/www.capterra.com\/p\/10006800\/TalkPal\/"],"description":"Talkpal is a language learning web and mobile education app, powered by the latest AI technologies, that provides engaging experiences to its customers in many different languages to help them improve their language skills. Users can chat about unlimited amount of topics with the app and use other modes to practice their language learning.","email":"support@talkpal.ai","legalName":"Talkpal, Inc.","foundingDate":"2023-04-03","duns":"118989042","numberOfEmployees":{"@type":"QuantitativeValue","minValue":"11","maxValue":"50"},"publishingPrinciples":"https:\/\/talkpal.ai\/publishing-principles\/","actionableFeedbackPolicy":"https:\/\/talkpal.ai\/actionable-feedback-policy\/","correctionsPolicy":"https:\/\/talkpal.ai\/corrections-policy\/","ethicsPolicy":"https:\/\/talkpal.ai\/ethics-policy\/","diversityPolicy":"https:\/\/talkpal.ai\/diversity-policy\/","diversityStaffingReport":"https:\/\/talkpal.ai\/diversity-policy\/"}]}},"_links":{"self":[{"href":"https:\/\/talkpal.ai\/sv\/wp-json\/wp\/v2\/pages\/159075","targetHints":{"allow":["GET"]}}],"collection":[{"href":"https:\/\/talkpal.ai\/sv\/wp-json\/wp\/v2\/pages"}],"about":[{"href":"https:\/\/talkpal.ai\/sv\/wp-json\/wp\/v2\/types\/page"}],"author":[{"embeddable":true,"href":"https:\/\/talkpal.ai\/sv\/wp-json\/wp\/v2\/users\/6"}],"replies":[{"embeddable":true,"href":"https:\/\/talkpal.ai\/sv\/wp-json\/wp\/v2\/comments?post=159075"}],"version-history":[{"count":0,"href":"https:\/\/talkpal.ai\/sv\/wp-json\/wp\/v2\/pages\/159075\/revisions"}],"wp:featuredmedia":[{"embeddable":true,"href":"https:\/\/talkpal.ai\/sv\/wp-json\/wp\/v2\/media\/28501"}],"wp:attachment":[{"href":"https:\/\/talkpal.ai\/sv\/wp-json\/wp\/v2\/media?parent=159075"}],"curies":[{"name":"wp","href":"https:\/\/api.w.org\/{rel}","templated":true}]}}