{"id":157081,"date":"2023-06-28T13:47:13","date_gmt":"2023-06-28T13:47:13","guid":{"rendered":"http:\/\/talkpal.ai\/slovakiska-grammatikovningar\/"},"modified":"2025-12-17T15:05:12","modified_gmt":"2025-12-17T15:05:12","slug":"slovakiska-grammatikovningar","status":"publish","type":"page","link":"https:\/\/talkpal.ai\/sv\/slovakiska-grammatikovningar\/","title":{"rendered":"Slovakiska grammatik\u00f6vningar"},"content":{"rendered":"\r\n\r\n\r\n<section class=\"languageChallengeSection\">\r\n    <div class=\"languageInfoWrapper\">\r\n        \r\n        <h1>Slovakiska grammatik\u00f6vningar<\/h1>\r\n        <p>Vill du bli mer s\u00e4ker p\u00e5 <a href=\"https:\/\/talkpal.ai\/learn-slovak\/\">slovakiska<\/a>? Grammatik\u00f6vningar \u00e4r ett bra s\u00e4tt att l\u00e4ra sig beh\u00e4rska meningsbyggnad, verb\u00e4ndelser och de unika reglerna i det <a href=\"https:\/\/talkpal.ai\/learn-slovak\/\">slovakiska<\/a> spr\u00e5ket. B\u00f6rja utforska slovakisk <a href=\"https:\/\/talkpal.ai\/fr\/les\/\">grammatik<\/a> idag och se dina f\u00e4rdigheter och ditt flyt f\u00f6rb\u00e4ttras med varje \u00f6vning!<\/p>\r\n\r\n                            <a class=\"getStartedHidden\" href=\"https:\/\/app.talkpal.ai\/sv\/signup?lng=\">Kom ig\u00e5ng<\/a>\r\n        \r\n    <\/div>\r\n\r\n    <figure>\r\n    <img decoding=\"async\" width=\"768\" height=\"768\" src=\"https:\/\/talkpal.ai\/wp-content\/uploads\/2023\/06\/slovak-768x768.png\" class=\"languageImage no-lazy\" alt=\"Default alt text\" fetchpriority=\"high\" sizes=\"(max-width: 768px) 150px, 768px\" srcset=\"https:\/\/talkpal.ai\/wp-content\/uploads\/2023\/06\/slovak-768x768.png 768w, https:\/\/talkpal.ai\/wp-content\/uploads\/2023\/06\/slovak-300x300.png 300w\" \/>\r\n    \r\n\r\n    <\/figure>\r\n\r\n            <a class=\"getStartedVisible\" href=\"https:\/\/app.talkpal.ai\/sv\/signup?lng=\">Kom ig\u00e5ng<\/a>\r\n    \r\n<\/section>\r\n\r\n\r\n<!-- <section class=\"grammarSection\">\r\n    <div class=\"grammarLinks\">\r\n        <a href=\"https:\/\/talkpal.ai\/sv\/exercise_language\/adjektiv-slovakisk-grammatik\/\">Adjektiv <\/a><a href=\"https:\/\/talkpal.ai\/sv\/exercise_language\/adverb-slovakisk-grammatik\/\">Adverb <\/a><a href=\"https:\/\/talkpal.ai\/sv\/exercise_language\/artiklar-slovakisk-grammatik\/\">Artiklar <\/a><a href=\"https:\/\/talkpal.ai\/sv\/exercise_language\/jamforelse-av-tempus-slovakisk-grammatik\/\">J\u00e4mf\u00f6relse av tempus <\/a><a href=\"https:\/\/talkpal.ai\/sv\/exercise_language\/konditionaler-slovakisk-grammatik\/\">Konditionaler <\/a><a href=\"https:\/\/talkpal.ai\/sv\/exercise_language\/meningar-slovakisk-grammatik\/\">Meningar <\/a><a href=\"https:\/\/talkpal.ai\/sv\/exercise_language\/perfect-progressive-slovakisk-grammatik\/\">Perfect Progressive <\/a><a href=\"https:\/\/talkpal.ai\/sv\/exercise_language\/prepositioner-slovakisk-grammatik\/\">Prepositioner <\/a><a href=\"https:\/\/talkpal.ai\/sv\/exercise_language\/progressiv-slovakisk-grammatik\/\">Progressiv <\/a><a href=\"https:\/\/talkpal.ai\/sv\/exercise_language\/pronomen-slovakisk-grammatik\/\">Pronomen <\/a><a href=\"https:\/\/talkpal.ai\/sv\/exercise_language\/substantiv-slovakisk-grammatik\/\">Substantiv <\/a><a href=\"https:\/\/talkpal.ai\/sv\/exercise_language\/tempus-slovakisk-grammatik\/\">Tempus <\/a><a href=\"https:\/\/talkpal.ai\/sv\/exercise_language\/verb-slovakisk-grammatik\/\">Verb <\/a>    <\/div>\r\n<\/section> -->\r\n\r\n\r\n\r\n\r\n        <section class=\"grammarSection\">\r\n            <div class=\"grammarLinks\">\r\n                <a href=\"https:\/\/talkpal.ai\/sv\/exercise_language\/adjektiv-slovakisk-grammatik\/\">Adjektiv <\/a><a href=\"https:\/\/talkpal.ai\/sv\/exercise_language\/adverb-slovakisk-grammatik\/\">Adverb <\/a><a href=\"https:\/\/talkpal.ai\/sv\/exercise_language\/artiklar-slovakisk-grammatik\/\">Artiklar <\/a><a href=\"https:\/\/talkpal.ai\/sv\/exercise_language\/jamforelse-av-tempus-slovakisk-grammatik\/\">J\u00e4mf\u00f6relse av tempus <\/a><a href=\"https:\/\/talkpal.ai\/sv\/exercise_language\/konditionaler-slovakisk-grammatik\/\">Konditionaler <\/a><a href=\"https:\/\/talkpal.ai\/sv\/exercise_language\/meningar-slovakisk-grammatik\/\">Meningar <\/a><a href=\"https:\/\/talkpal.ai\/sv\/exercise_language\/perfect-progressive-slovakisk-grammatik\/\">Perfect Progressive <\/a><a href=\"https:\/\/talkpal.ai\/sv\/exercise_language\/prepositioner-slovakisk-grammatik\/\">Prepositioner <\/a><a href=\"https:\/\/talkpal.ai\/sv\/exercise_language\/progressiv-slovakisk-grammatik\/\">Progressiv <\/a><a href=\"https:\/\/talkpal.ai\/sv\/exercise_language\/pronomen-slovakisk-grammatik\/\">Pronomen <\/a><a href=\"https:\/\/talkpal.ai\/sv\/exercise_language\/substantiv-slovakisk-grammatik\/\">Substantiv <\/a><a href=\"https:\/\/talkpal.ai\/sv\/exercise_language\/tempus-slovakisk-grammatik\/\">Tempus <\/a><a href=\"https:\/\/talkpal.ai\/sv\/exercise_language\/verb-slovakisk-grammatik\/\">Verb <\/a>            <\/div>\r\n        <\/section>\r\n<section class=\"promotionalBanner\">\r\n    <p class=\"promotionalText\">Det mest effektiva s\u00e4ttet att l\u00e4ra sig ett spr\u00e5k<\/p>\r\n    <a class=\"promotionalLink\" href=\"https:\/\/app.talkpal.ai\/sv\/signup?lng=\">Prova Talkpal gratis<\/a>\r\n<\/section>\n<div class=\"wp-block-group pageContainerStyle\"><div class=\"wp-block-group__inner-container is-layout-constrained wp-block-group-is-layout-constrained\">\n<h2 class=\"wp-block-heading\" id=\"h-slovak-grammar-topics\">Slovakiska grammatik\u00e4mnen<\/h2>\n\n\n\n<p>Att l\u00e4ra sig slovakiska, ett v\u00e4stslaviskt spr\u00e5k, kan vara en givande utmaning f\u00f6r <a href=\"https:\/\/talkpal.ai\/talkpal-discount-for-language-enthusiasts\/\">spr\u00e5kentusiaster<\/a>. Med sin unika fonetiska struktur och komplexa grammatik g\u00f6r <a href=\"https:\/\/talkpal.ai\/culture\/what-is-the-difference-between-den-and-det\/\">den det<\/a> m\u00f6jligt f\u00f6r eleverna att engagera sig djupare i slovakisk kultur och historia. F\u00f6r att effektivt l\u00e4ra sig slovakiska b\u00f6r vissa grammatik\u00e4mnen prioriteras i en viss ordning.<\/p>\n\n\n\n<h3 class=\"wp-block-heading\" id=\"h-1-nouns\">1. Substantiv:<\/h3>\n\n\n\n<p>B\u00f6rja med grunderna i <a href=\"https:\/\/talkpal.ai\/es\/gramatica-eslovaca\/\">slovakisk grammatik<\/a>: substantiv. L\u00e4r dig mer om singular- och pluralformer, k\u00f6nsskillnader och kasusb\u00f6jningar.<\/p>\n\n\n\n<h3 class=\"wp-block-heading\" id=\"h-2-pronouns-determiners\">2. Pronomen\/best\u00e4mningsord:<\/h3>\n\n\n\n<p>N\u00e4r du har beh\u00e4rskat substantiv, g\u00e5 \u00f6ver till pronomen och best\u00e4mningar. Att f\u00f6rst\u00e5 dessa element hj\u00e4lper dig att bilda grundl\u00e4ggande meningar och uttrycka besittning, kvantitet och identitet.<\/p>\n\n\n\n<h3 class=\"wp-block-heading\" id=\"h-3-articles\">3. Artiklar:<\/h3>\n\n\n\n<p>\u00c4ven om det slovakiska spr\u00e5ket inte har best\u00e4mda och obest\u00e4mda artiklar som <a href=\"https:\/\/talkpal.ai\/learn-english-with-ai\/\">engelska<\/a>, b\u00f6r du f\u00f6rst\u00e5 hur man anger best\u00e4mdhet och obest\u00e4mdhet p\u00e5 slovakiska.<\/p>\n\n\n\n<h3 class=\"wp-block-heading\" id=\"h-4-adjectives\">4. Adjektiv:<\/h3>\n\n\n\n<p>L\u00e4r dig sedan om adjektiv, deras b\u00f6jning och \u00f6verensst\u00e4mmelse med substantiv i genus, numerus och kasus.<\/p>\n\n\n\n<h3 class=\"wp-block-heading\" id=\"h-5-verbs\">5. Verb:<\/h3>\n\n\n\n<p>Verb utg\u00f6r ryggraden i <a href=\"https:\/\/talkpal.ai\/fr\/langues\/\">alla spr\u00e5k<\/a>. L\u00e4r dig mer om regelbundna och <a href=\"https:\/\/talkpal.ai\/sv\/grammar\/oregelbundna-verb-i-armenisk-grammatik\/\">oregelbundna verb<\/a> och deras b\u00f6jning i nutid, d\u00e5tid och framtid.<\/p>\n\n\n\n<h3 class=\"wp-block-heading\" id=\"h-6-tenses\">6. Tempus:<\/h3>\n\n\n\n<p>N\u00e4r du har f\u00f6rst\u00e5tt verben kan du f\u00f6rdjupa dig i tempus. F\u00f6rst\u00e5 hur man anv\u00e4nder nutid, d\u00e5tid och framtid i olika sammanhang.<\/p>\n\n\n\n<h3 class=\"wp-block-heading\" id=\"h-7-tense-comparison\">7. Sp\u00e4nd j\u00e4mf\u00f6relse:<\/h3>\n\n\n\n<p>Detta hj\u00e4lper dig att f\u00f6rst\u00e5 hur olika tempus relaterar och kontrasterar med varandra.<\/p>\n\n\n\n<h3 class=\"wp-block-heading\" id=\"h-8-progressive\">8. Progressiv:<\/h3>\n\n\n\n<p>Efter att ha beh\u00e4rskat enkla tempus, g\u00e5 vidare till progressiva aspekter. Detta hj\u00e4lper dig att uttrycka p\u00e5g\u00e5ende \u00e5tg\u00e4rder.<\/p>\n\n\n\n<h3 class=\"wp-block-heading\" id=\"h-9-perfect-progressive\">9. Perfekt progressiv:<\/h3>\n\n\n\n<p>Detta tempus anv\u00e4nds f\u00f6r att indikera handlingar som p\u00e5gick i det f\u00f6rflutna och vanligtvis har en inverkan p\u00e5 nuet.<\/p>\n\n\n\n<h3 class=\"wp-block-heading\" id=\"h-10-adverbs\">10. Adverb:<\/h3>\n\n\n\n<p>Adverb modifierar verb, adjektiv och andra adverb. De ger ytterligare information om \u00e5tg\u00e4rder, tillst\u00e5nd eller egenskaper.<\/p>\n\n\n\n<h3 class=\"wp-block-heading\" id=\"h-11-prepositions\">11. Prepositioner:<\/h3>\n\n\n\n<p>L\u00e4r dig mer om prepositioner f\u00f6r att uttrycka relationer mellan olika delar av en mening.<\/p>\n\n\n\n<h3 class=\"wp-block-heading\" id=\"h-12-conditionals\">12. Villkor:<\/h3>\n\n\n\n<p>Villkor anv\u00e4nds f\u00f6r att uttrycka hypotetiska situationer och deras m\u00f6jliga utfall.<\/p>\n\n\n\n<h3 class=\"wp-block-heading\" id=\"h-13-sentences\">13. Meningar:<\/h3>\n\n\n\n<p>Slutligen, med alla grammatikens grunder p\u00e5 plats, kan du b\u00f6rja bilda komplexa meningar och uttrycka dina tankar tydligt och effektivt p\u00e5 slovakiska.<\/p>\n<\/div><\/div>\n\r\n<section class=\"learnNavigationSection\">\r\n            \r\n        <a href=\"https:\/\/talkpal.ai\/sv\/lar-dig-slovakiska\/\">\r\n            <div class=\"learnNavigationWrapper\">\r\n                <div class=\"learnNavigationContent\">\r\n                    <img decoding=\"async\" src=\"https:\/\/talkpal.ai\/wp-content\/uploads\/2024\/08\/Slovak.jpg\" alt=\"Slovak Flag\">\r\n                    <div>\r\n                        <h4>Om Slovak Learning<\/h4>\r\n                        <p>Ta reda p\u00e5 allt om slovakisk grammatik.<\/p>\r\n                    <\/div>\r\n                <\/div>\r\n            <\/div>\r\n        <\/a>\r\n\r\n        \r\n        <a href=\"https:\/\/talkpal.ai\/sv\/slovakisk-grammatik\/\">\r\n            <div class=\"learnNavigationWrapper\">\r\n                <div class=\"learnNavigationContent\">\r\n                    <img decoding=\"async\" src=\"https:\/\/talkpal.ai\/wp-content\/uploads\/2024\/08\/Slovak.jpg\" alt=\"Slovak Flag\">\r\n                    <div>\r\n                        <h4>Slovakiska grammatiklektioner<\/h4>\r\n                        <p>\u00d6va slovakisk grammatik.<\/p>\r\n                    <\/div>\r\n                <\/div>\r\n            <\/div>\r\n        <\/a>\r\n\r\n        \r\n        <a href=\"https:\/\/talkpal.ai\/vocabulary_language\/slovak\/\">\r\n            <div class=\"learnNavigationWrapper\">\r\n                <div class=\"learnNavigationContent\">\r\n                    <img decoding=\"async\" src=\"https:\/\/talkpal.ai\/wp-content\/uploads\/2024\/08\/Slovak.jpg\" alt=\"Slovak Flag\">\r\n                    <div>\r\n                        <h4>Slovakisk vokabul\u00e4r<\/h4>\r\n                        <p>Ut\u00f6ka ditt ordf\u00f6rr\u00e5d p\u00e5 slovakiska.<\/p>\r\n                    <\/div>\r\n                <\/div>\r\n            <\/div>\r\n        <\/a>\r\n\r\n            <\/section>","protected":false},"excerpt":{"rendered":"<p>Slovakiska grammatik\u00e4mnen Att l\u00e4ra sig slovakiska, ett v\u00e4stslaviskt spr\u00e5k, kan vara en givande utmaning f\u00f6r spr\u00e5kentusiaster. Med sin unika fonetiska struktur och komplexa grammatik g\u00f6r den det m\u00f6jligt f\u00f6r eleverna att engagera sig djupare i slovakisk kultur och historia. F\u00f6r att effektivt l\u00e4ra sig slovakiska b\u00f6r vissa grammatik\u00e4mnen prioriteras i en viss ordning. 1. Substantiv: [&hellip;]<\/p>\n","protected":false},"author":6,"featured_media":28645,"parent":0,"menu_order":0,"comment_status":"closed","ping_status":"closed","template":"LearningContentPage.php","meta":{"_acf_changed":false,"footnotes":""},"class_list":["post-157081","page","type-page","status-publish","has-post-thumbnail","hentry"],"acf":[],"yoast_head":"<!-- This site is optimized with the Yoast SEO Premium plugin v27.2 (Yoast SEO v27.2) - https:\/\/yoast.com\/product\/yoast-seo-premium-wordpress\/ -->\n<title>Slovakiska grammatik\u00f6vningar - Talkpal<\/title>\n<meta name=\"description\" content=\"F\u00f6rb\u00e4ttra dina kunskaper i slovakisk grammatik med interaktiva \u00f6vningar f\u00f6r alla niv\u00e5er. Boosta din spr\u00e5kinl\u00e4rning redan idag!\" \/>\n<meta name=\"robots\" content=\"index, follow, max-snippet:-1, max-image-preview:large, max-video-preview:-1\" \/>\n<link rel=\"canonical\" href=\"https:\/\/talkpal.ai\/sv\/slovakiska-grammatikovningar\/\" \/>\n<meta property=\"og:locale\" content=\"sv_SE\" \/>\n<meta property=\"og:type\" content=\"article\" \/>\n<meta property=\"og:title\" content=\"Slovakiska grammatik\u00f6vningar\" \/>\n<meta property=\"og:description\" content=\"Slovakiska grammatik\u00e4mnen Att l\u00e4ra sig slovakiska, ett v\u00e4stslaviskt spr\u00e5k, kan vara en givande utmaning f\u00f6r spr\u00e5kentusiaster. Med sin unika fonetiska\" \/>\n<meta property=\"og:url\" content=\"https:\/\/talkpal.ai\/sv\/slovakiska-grammatikovningar\/\" \/>\n<meta property=\"og:site_name\" content=\"Talkpal\" \/>\n<meta property=\"article:publisher\" content=\"https:\/\/www.facebook.com\/profile.php?id=100090733639311\" \/>\n<meta property=\"article:modified_time\" content=\"2025-12-17T15:05:12+00:00\" \/>\n<meta property=\"og:image\" content=\"https:\/\/talkpal.ai\/wp-content\/uploads\/2023\/05\/slovakia.png\" \/>\n\t<meta property=\"og:image:width\" content=\"512\" \/>\n\t<meta property=\"og:image:height\" content=\"512\" \/>\n\t<meta property=\"og:image:type\" content=\"image\/png\" \/>\n<meta name=\"twitter:card\" content=\"summary_large_image\" \/>\n<meta name=\"twitter:site\" content=\"@talkpalai\" \/>\n<meta name=\"twitter:label1\" content=\"Ber\u00e4knad l\u00e4stid\" \/>\n\t<meta name=\"twitter:data1\" content=\"2 minuter\" \/>\n<script type=\"application\/ld+json\" class=\"yoast-schema-graph\">{\"@context\":\"https:\/\/schema.org\",\"@graph\":[{\"@type\":\"WebPage\",\"@id\":\"https:\/\/talkpal.ai\/sv\/slovakiska-grammatikovningar\/\",\"url\":\"https:\/\/talkpal.ai\/sv\/slovakiska-grammatikovningar\/\",\"name\":\"Slovakiska grammatik\u00f6vningar - Talkpal\",\"isPartOf\":{\"@id\":\"https:\/\/talkpal.ai\/sv\/#website\"},\"primaryImageOfPage\":{\"@id\":\"https:\/\/talkpal.ai\/sv\/slovakiska-grammatikovningar\/#primaryimage\"},\"image\":{\"@id\":\"https:\/\/talkpal.ai\/sv\/slovakiska-grammatikovningar\/#primaryimage\"},\"thumbnailUrl\":\"https:\/\/talkpal.ai\/wp-content\/uploads\/2023\/05\/slovakia.png\",\"datePublished\":\"2023-06-28T13:47:13+00:00\",\"dateModified\":\"2025-12-17T15:05:12+00:00\",\"description\":\"F\u00f6rb\u00e4ttra dina kunskaper i slovakisk grammatik med interaktiva \u00f6vningar f\u00f6r alla niv\u00e5er. Boosta din spr\u00e5kinl\u00e4rning redan idag!\",\"breadcrumb\":{\"@id\":\"https:\/\/talkpal.ai\/sv\/slovakiska-grammatikovningar\/#breadcrumb\"},\"inLanguage\":\"sv-SE\",\"potentialAction\":[{\"@type\":\"ReadAction\",\"target\":[\"https:\/\/talkpal.ai\/sv\/slovakiska-grammatikovningar\/\"]}]},{\"@type\":\"ImageObject\",\"inLanguage\":\"sv-SE\",\"@id\":\"https:\/\/talkpal.ai\/sv\/slovakiska-grammatikovningar\/#primaryimage\",\"url\":\"https:\/\/talkpal.ai\/wp-content\/uploads\/2023\/05\/slovakia.png\",\"contentUrl\":\"https:\/\/talkpal.ai\/wp-content\/uploads\/2023\/05\/slovakia.png\",\"width\":512,\"height\":512},{\"@type\":\"BreadcrumbList\",\"@id\":\"https:\/\/talkpal.ai\/sv\/slovakiska-grammatikovningar\/#breadcrumb\",\"itemListElement\":[{\"@type\":\"ListItem\",\"position\":1,\"name\":\"Homepage\",\"item\":\"https:\/\/talkpal.ai\/sv\/\"},{\"@type\":\"ListItem\",\"position\":2,\"name\":\"Slovakiska grammatik\u00f6vningar\"}]},{\"@type\":\"WebSite\",\"@id\":\"https:\/\/talkpal.ai\/sv\/#website\",\"url\":\"https:\/\/talkpal.ai\/sv\/\",\"name\":\"Talkpal\",\"description\":\"AI Language Learning\",\"publisher\":{\"@id\":\"https:\/\/talkpal.ai\/sv\/#organization\"},\"alternateName\":\"Talkpal AI\",\"potentialAction\":[{\"@type\":\"SearchAction\",\"target\":{\"@type\":\"EntryPoint\",\"urlTemplate\":\"https:\/\/talkpal.ai\/sv\/?s={search_term_string}\"},\"query-input\":{\"@type\":\"PropertyValueSpecification\",\"valueRequired\":true,\"valueName\":\"search_term_string\"}}],\"inLanguage\":\"sv-SE\"},{\"@type\":\"Organization\",\"@id\":\"https:\/\/talkpal.ai\/sv\/#organization\",\"name\":\"Talkpal, Inc.\",\"alternateName\":\"Talkpal AI\",\"url\":\"https:\/\/talkpal.ai\/sv\/\",\"logo\":{\"@type\":\"ImageObject\",\"inLanguage\":\"sv-SE\",\"@id\":\"https:\/\/talkpal.ai\/sv\/#\/schema\/logo\/image\/\",\"url\":\"https:\/\/talkpal.ai\/wp-content\/uploads\/2024\/03\/Talkpal-Logo-Icon.png\",\"contentUrl\":\"https:\/\/talkpal.ai\/wp-content\/uploads\/2024\/03\/Talkpal-Logo-Icon.png\",\"width\":2880,\"height\":2880,\"caption\":\"Talkpal, Inc.\"},\"image\":{\"@id\":\"https:\/\/talkpal.ai\/sv\/#\/schema\/logo\/image\/\"},\"sameAs\":[\"https:\/\/www.facebook.com\/profile.php?id=100090733639311\",\"https:\/\/x.com\/talkpalai\",\"https:\/\/www.linkedin.com\/company\/talkpal\/\",\"https:\/\/www.youtube.com\/@TalkPal\/\",\"https:\/\/www.tiktok.com\/@talkpal\",\"https:\/\/www.instagram.com\/talkpal_ai\/\",\"https:\/\/www.crunchbase.com\/organization\/talkpal-9cde\",\"https:\/\/www.g2.com\/products\/talkpal-for-business\/\",\"https:\/\/www.trustpilot.com\/review\/talkpal.ai\",\"https:\/\/www.capterra.com\/p\/10006800\/TalkPal\/\"],\"description\":\"Talkpal is a language learning web and mobile education app, powered by the latest AI technologies, that provides engaging experiences to its customers in many different languages to help them improve their language skills. Users can chat about unlimited amount of topics with the app and use other modes to practice their language learning.\",\"email\":\"support@talkpal.ai\",\"legalName\":\"Talkpal, Inc.\",\"foundingDate\":\"2023-04-03\",\"duns\":\"118989042\",\"numberOfEmployees\":{\"@type\":\"QuantitativeValue\",\"minValue\":\"11\",\"maxValue\":\"50\"},\"publishingPrinciples\":\"https:\/\/talkpal.ai\/publishing-principles\/\",\"actionableFeedbackPolicy\":\"https:\/\/talkpal.ai\/actionable-feedback-policy\/\",\"correctionsPolicy\":\"https:\/\/talkpal.ai\/corrections-policy\/\",\"ethicsPolicy\":\"https:\/\/talkpal.ai\/ethics-policy\/\",\"diversityPolicy\":\"https:\/\/talkpal.ai\/diversity-policy\/\",\"diversityStaffingReport\":\"https:\/\/talkpal.ai\/diversity-policy\/\"}]}<\/script>\n<!-- \/ Yoast SEO Premium plugin. -->","yoast_head_json":{"title":"Slovakiska grammatik\u00f6vningar - Talkpal","description":"F\u00f6rb\u00e4ttra dina kunskaper i slovakisk grammatik med interaktiva \u00f6vningar f\u00f6r alla niv\u00e5er. Boosta din spr\u00e5kinl\u00e4rning redan idag!","robots":{"index":"index","follow":"follow","max-snippet":"max-snippet:-1","max-image-preview":"max-image-preview:large","max-video-preview":"max-video-preview:-1"},"canonical":"https:\/\/talkpal.ai\/sv\/slovakiska-grammatikovningar\/","og_locale":"sv_SE","og_type":"article","og_title":"Slovakiska grammatik\u00f6vningar","og_description":"Slovakiska grammatik\u00e4mnen Att l\u00e4ra sig slovakiska, ett v\u00e4stslaviskt spr\u00e5k, kan vara en givande utmaning f\u00f6r spr\u00e5kentusiaster. Med sin unika fonetiska","og_url":"https:\/\/talkpal.ai\/sv\/slovakiska-grammatikovningar\/","og_site_name":"Talkpal","article_publisher":"https:\/\/www.facebook.com\/profile.php?id=100090733639311","article_modified_time":"2025-12-17T15:05:12+00:00","og_image":[{"width":512,"height":512,"url":"https:\/\/talkpal.ai\/wp-content\/uploads\/2023\/05\/slovakia.png","type":"image\/png"}],"twitter_card":"summary_large_image","twitter_site":"@talkpalai","twitter_misc":{"Ber\u00e4knad l\u00e4stid":"2 minuter"},"schema":{"@context":"https:\/\/schema.org","@graph":[{"@type":"WebPage","@id":"https:\/\/talkpal.ai\/sv\/slovakiska-grammatikovningar\/","url":"https:\/\/talkpal.ai\/sv\/slovakiska-grammatikovningar\/","name":"Slovakiska grammatik\u00f6vningar - Talkpal","isPartOf":{"@id":"https:\/\/talkpal.ai\/sv\/#website"},"primaryImageOfPage":{"@id":"https:\/\/talkpal.ai\/sv\/slovakiska-grammatikovningar\/#primaryimage"},"image":{"@id":"https:\/\/talkpal.ai\/sv\/slovakiska-grammatikovningar\/#primaryimage"},"thumbnailUrl":"https:\/\/talkpal.ai\/wp-content\/uploads\/2023\/05\/slovakia.png","datePublished":"2023-06-28T13:47:13+00:00","dateModified":"2025-12-17T15:05:12+00:00","description":"F\u00f6rb\u00e4ttra dina kunskaper i slovakisk grammatik med interaktiva \u00f6vningar f\u00f6r alla niv\u00e5er. Boosta din spr\u00e5kinl\u00e4rning redan idag!","breadcrumb":{"@id":"https:\/\/talkpal.ai\/sv\/slovakiska-grammatikovningar\/#breadcrumb"},"inLanguage":"sv-SE","potentialAction":[{"@type":"ReadAction","target":["https:\/\/talkpal.ai\/sv\/slovakiska-grammatikovningar\/"]}]},{"@type":"ImageObject","inLanguage":"sv-SE","@id":"https:\/\/talkpal.ai\/sv\/slovakiska-grammatikovningar\/#primaryimage","url":"https:\/\/talkpal.ai\/wp-content\/uploads\/2023\/05\/slovakia.png","contentUrl":"https:\/\/talkpal.ai\/wp-content\/uploads\/2023\/05\/slovakia.png","width":512,"height":512},{"@type":"BreadcrumbList","@id":"https:\/\/talkpal.ai\/sv\/slovakiska-grammatikovningar\/#breadcrumb","itemListElement":[{"@type":"ListItem","position":1,"name":"Homepage","item":"https:\/\/talkpal.ai\/sv\/"},{"@type":"ListItem","position":2,"name":"Slovakiska grammatik\u00f6vningar"}]},{"@type":"WebSite","@id":"https:\/\/talkpal.ai\/sv\/#website","url":"https:\/\/talkpal.ai\/sv\/","name":"Talkpal","description":"AI Language Learning","publisher":{"@id":"https:\/\/talkpal.ai\/sv\/#organization"},"alternateName":"Talkpal AI","potentialAction":[{"@type":"SearchAction","target":{"@type":"EntryPoint","urlTemplate":"https:\/\/talkpal.ai\/sv\/?s={search_term_string}"},"query-input":{"@type":"PropertyValueSpecification","valueRequired":true,"valueName":"search_term_string"}}],"inLanguage":"sv-SE"},{"@type":"Organization","@id":"https:\/\/talkpal.ai\/sv\/#organization","name":"Talkpal, Inc.","alternateName":"Talkpal AI","url":"https:\/\/talkpal.ai\/sv\/","logo":{"@type":"ImageObject","inLanguage":"sv-SE","@id":"https:\/\/talkpal.ai\/sv\/#\/schema\/logo\/image\/","url":"https:\/\/talkpal.ai\/wp-content\/uploads\/2024\/03\/Talkpal-Logo-Icon.png","contentUrl":"https:\/\/talkpal.ai\/wp-content\/uploads\/2024\/03\/Talkpal-Logo-Icon.png","width":2880,"height":2880,"caption":"Talkpal, Inc."},"image":{"@id":"https:\/\/talkpal.ai\/sv\/#\/schema\/logo\/image\/"},"sameAs":["https:\/\/www.facebook.com\/profile.php?id=100090733639311","https:\/\/x.com\/talkpalai","https:\/\/www.linkedin.com\/company\/talkpal\/","https:\/\/www.youtube.com\/@TalkPal\/","https:\/\/www.tiktok.com\/@talkpal","https:\/\/www.instagram.com\/talkpal_ai\/","https:\/\/www.crunchbase.com\/organization\/talkpal-9cde","https:\/\/www.g2.com\/products\/talkpal-for-business\/","https:\/\/www.trustpilot.com\/review\/talkpal.ai","https:\/\/www.capterra.com\/p\/10006800\/TalkPal\/"],"description":"Talkpal is a language learning web and mobile education app, powered by the latest AI technologies, that provides engaging experiences to its customers in many different languages to help them improve their language skills. Users can chat about unlimited amount of topics with the app and use other modes to practice their language learning.","email":"support@talkpal.ai","legalName":"Talkpal, Inc.","foundingDate":"2023-04-03","duns":"118989042","numberOfEmployees":{"@type":"QuantitativeValue","minValue":"11","maxValue":"50"},"publishingPrinciples":"https:\/\/talkpal.ai\/publishing-principles\/","actionableFeedbackPolicy":"https:\/\/talkpal.ai\/actionable-feedback-policy\/","correctionsPolicy":"https:\/\/talkpal.ai\/corrections-policy\/","ethicsPolicy":"https:\/\/talkpal.ai\/ethics-policy\/","diversityPolicy":"https:\/\/talkpal.ai\/diversity-policy\/","diversityStaffingReport":"https:\/\/talkpal.ai\/diversity-policy\/"}]}},"_links":{"self":[{"href":"https:\/\/talkpal.ai\/sv\/wp-json\/wp\/v2\/pages\/157081","targetHints":{"allow":["GET"]}}],"collection":[{"href":"https:\/\/talkpal.ai\/sv\/wp-json\/wp\/v2\/pages"}],"about":[{"href":"https:\/\/talkpal.ai\/sv\/wp-json\/wp\/v2\/types\/page"}],"author":[{"embeddable":true,"href":"https:\/\/talkpal.ai\/sv\/wp-json\/wp\/v2\/users\/6"}],"replies":[{"embeddable":true,"href":"https:\/\/talkpal.ai\/sv\/wp-json\/wp\/v2\/comments?post=157081"}],"version-history":[{"count":0,"href":"https:\/\/talkpal.ai\/sv\/wp-json\/wp\/v2\/pages\/157081\/revisions"}],"wp:featuredmedia":[{"embeddable":true,"href":"https:\/\/talkpal.ai\/sv\/wp-json\/wp\/v2\/media\/28645"}],"wp:attachment":[{"href":"https:\/\/talkpal.ai\/sv\/wp-json\/wp\/v2\/media?parent=157081"}],"curies":[{"name":"wp","href":"https:\/\/api.w.org\/{rel}","templated":true}]}}