{"id":156103,"date":"2023-07-05T10:17:13","date_gmt":"2023-07-05T10:17:13","guid":{"rendered":"http:\/\/talkpal.ai\/tamilska-grammatikovningar\/"},"modified":"2025-12-17T15:01:23","modified_gmt":"2025-12-17T15:01:23","slug":"tamilska-grammatikovningar","status":"publish","type":"page","link":"https:\/\/talkpal.ai\/sv\/tamilska-grammatikovningar\/","title":{"rendered":"Tamilska grammatik\u00f6vningar"},"content":{"rendered":"\r\n\r\n\r\n<section class=\"languageChallengeSection\">\r\n    <div class=\"languageInfoWrapper\">\r\n        \r\n        <h1>Tamilska grammatik\u00f6vningar<\/h1>\r\n        <p>Om du vill beh\u00e4rska <a href=\"https:\/\/talkpal.ai\/learn-tamil\/\">tamil<\/a> \u00e4r det viktigt att du \u00f6var grammatik genom riktade \u00f6vningar. B\u00f6rja idag, utmana dig sj\u00e4lv med nya grammatiska m\u00f6nster och se dina Tamil-kunskaper v\u00e4xa med varje \u00f6vning!<\/p>\r\n\r\n                            <a class=\"getStartedHidden\" href=\"https:\/\/app.talkpal.ai\/sv\/signup?lng=\">Kom ig\u00e5ng<\/a>\r\n        \r\n    <\/div>\r\n\r\n    <figure>\r\n    <img decoding=\"async\" width=\"768\" height=\"768\" src=\"https:\/\/talkpal.ai\/wp-content\/uploads\/2023\/06\/tamil-768x768.png\" class=\"languageImage no-lazy\" alt=\"Default alt text\" fetchpriority=\"high\" sizes=\"(max-width: 768px) 150px, 768px\" srcset=\"https:\/\/talkpal.ai\/wp-content\/uploads\/2023\/06\/tamil-768x768.png 768w, https:\/\/talkpal.ai\/wp-content\/uploads\/2023\/06\/tamil-300x300.png 300w\" \/>\r\n    \r\n\r\n    <\/figure>\r\n\r\n            <a class=\"getStartedVisible\" href=\"https:\/\/app.talkpal.ai\/sv\/signup?lng=\">Kom ig\u00e5ng<\/a>\r\n    \r\n<\/section>\r\n\r\n\r\n<!-- <section class=\"grammarSection\">\r\n    <div class=\"grammarLinks\">\r\n        <a href=\"https:\/\/talkpal.ai\/sv\/exercise_language\/adjektiv-tamilsk-grammatik\/\">Adjektiv <\/a><a href=\"https:\/\/talkpal.ai\/sv\/exercise_language\/adverb-tamilsk-grammatik\/\">Adverb <\/a><a href=\"https:\/\/talkpal.ai\/sv\/exercise_language\/artiklar-tamilsk-grammatik\/\">Artiklar <\/a><a href=\"https:\/\/talkpal.ai\/sv\/exercise_language\/jamforelse-av-tempus-tamilsk-grammatik\/\">J\u00e4mf\u00f6relse av tempus <\/a><a href=\"https:\/\/talkpal.ai\/sv\/exercise_language\/konditionaler-tamilsk-grammatik\/\">Konditionaler <\/a><a href=\"https:\/\/talkpal.ai\/sv\/exercise_language\/meningar-tamilsk-grammatik\/\">Meningar <\/a><a href=\"https:\/\/talkpal.ai\/sv\/exercise_language\/perfect-progressive-tamilsk-grammatik\/\">Perfect Progressive <\/a><a href=\"https:\/\/talkpal.ai\/sv\/exercise_language\/prepositioner-tamilsk-grammatik\/\">Prepositioner <\/a><a href=\"https:\/\/talkpal.ai\/sv\/exercise_language\/progressiv-tamilsk-grammatik\/\">Progressiv <\/a><a href=\"https:\/\/talkpal.ai\/sv\/exercise_language\/pronomen-bestamningsfaktorer-tamilsk-grammatik\/\">Pronomen\/best\u00e4mningsfaktorer <\/a><a href=\"https:\/\/talkpal.ai\/sv\/exercise_language\/substantiv-tamilsk-grammatik\/\">Substantiv <\/a><a href=\"https:\/\/talkpal.ai\/sv\/exercise_language\/tempus-tamilsk-grammatik\/\">Tempus <\/a><a href=\"https:\/\/talkpal.ai\/sv\/exercise_language\/verb-tamilsk-grammatik\/\">Verb <\/a>    <\/div>\r\n<\/section> -->\r\n\r\n\r\n\r\n\r\n        <section class=\"grammarSection\">\r\n            <div class=\"grammarLinks\">\r\n                <a href=\"https:\/\/talkpal.ai\/sv\/exercise_language\/adjektiv-tamilsk-grammatik\/\">Adjektiv <\/a><a href=\"https:\/\/talkpal.ai\/sv\/exercise_language\/adverb-tamilsk-grammatik\/\">Adverb <\/a><a href=\"https:\/\/talkpal.ai\/sv\/exercise_language\/artiklar-tamilsk-grammatik\/\">Artiklar <\/a><a href=\"https:\/\/talkpal.ai\/sv\/exercise_language\/jamforelse-av-tempus-tamilsk-grammatik\/\">J\u00e4mf\u00f6relse av tempus <\/a><a href=\"https:\/\/talkpal.ai\/sv\/exercise_language\/konditionaler-tamilsk-grammatik\/\">Konditionaler <\/a><a href=\"https:\/\/talkpal.ai\/sv\/exercise_language\/meningar-tamilsk-grammatik\/\">Meningar <\/a><a href=\"https:\/\/talkpal.ai\/sv\/exercise_language\/perfect-progressive-tamilsk-grammatik\/\">Perfect Progressive <\/a><a href=\"https:\/\/talkpal.ai\/sv\/exercise_language\/prepositioner-tamilsk-grammatik\/\">Prepositioner <\/a><a href=\"https:\/\/talkpal.ai\/sv\/exercise_language\/progressiv-tamilsk-grammatik\/\">Progressiv <\/a><a href=\"https:\/\/talkpal.ai\/sv\/exercise_language\/pronomen-bestamningsfaktorer-tamilsk-grammatik\/\">Pronomen\/best\u00e4mningsfaktorer <\/a><a href=\"https:\/\/talkpal.ai\/sv\/exercise_language\/substantiv-tamilsk-grammatik\/\">Substantiv <\/a><a href=\"https:\/\/talkpal.ai\/sv\/exercise_language\/tempus-tamilsk-grammatik\/\">Tempus <\/a><a href=\"https:\/\/talkpal.ai\/sv\/exercise_language\/verb-tamilsk-grammatik\/\">Verb <\/a>            <\/div>\r\n        <\/section>\r\n<section class=\"promotionalBanner\">\r\n    <p class=\"promotionalText\">Det mest effektiva s\u00e4ttet att l\u00e4ra sig ett spr\u00e5k<\/p>\r\n    <a class=\"promotionalLink\" href=\"https:\/\/app.talkpal.ai\/sv\/signup?lng=\">Prova Talkpal gratis<\/a>\r\n<\/section>\n<div class=\"wp-block-group pageContainerStyle\"><div class=\"wp-block-group__inner-container is-layout-constrained wp-block-group-is-layout-constrained\">\n<h2 class=\"wp-block-heading\" id=\"h-tamil-grammar-topics\">Tamilska grammatik\u00e4mnen<\/h2>\n\n\n\n<p>Tamil \u00e4r ett levande och rikt spr\u00e5k som fr\u00e4mst <a href=\"https:\/\/talkpal.ai\/locations\/language-courses-in-talas\/\">talas<\/a> i s\u00f6dra Indien och Sri Lanka. Det \u00e4r k\u00e4nt f\u00f6r sin unika skrift och sitt komplexa grammatiksystem. Att l\u00e4ra sig tamil kan vara en fascinerande upplevelse, men det kr\u00e4ver ett strukturerat tillv\u00e4gag\u00e5ngss\u00e4tt f\u00f6r att f\u00f6rst\u00e5 grammatiken. Detta inkluderar att f\u00f6rst\u00e5 tempus, verb, substantiv, artiklar, pronomen\/best\u00e4mningar, adjektiv, adverb, konditionaler, prepositioner och meningsstrukturer.<\/p>\n\n\n\n<h3 class=\"wp-block-heading\" id=\"h-1-nouns\">1. Substantiv:<\/h3>\n\n\n\n<p>B\u00f6rja din <a href=\"https:\/\/talkpal.ai\/learn-tamil\/\">tamilska<\/a> inl\u00e4rning med substantiv, eftersom de \u00e4r byggstenarna i <a href=\"https:\/\/talkpal.ai\/fr\/langues\/\">alla spr\u00e5k<\/a>. P\u00e5 tamil delas substantiv in i tv\u00e5 kategorier: uyirmei (levande) och mei (icke-levande). De har ocks\u00e5 olika b\u00f6jningar baserat p\u00e5 antal och kasus.<\/p>\n\n\n\n<h3 class=\"wp-block-heading\" id=\"h-2-pronouns-determiners\">2. Pronomen\/best\u00e4mningsord:<\/h3>\n\n\n\n<p>Efter att ha beh\u00e4rskat substantiv, g\u00e5 vidare till pronomen och best\u00e4mningar. De anv\u00e4nds f\u00f6r att h\u00e4nvisa till n\u00e5gon eller n\u00e5got som <a href=\"https:\/\/talkpal.ai\/locations\/learn-english-in-redan\/\">redan<\/a> n\u00e4mnts eller l\u00e4tt kan identifieras. P\u00e5 tamil \u00e4r pronomen k\u00f6nsneutrala och b\u00f6js f\u00f6r numerus och kasus.<\/p>\n\n\n\n<h3 class=\"wp-block-heading\" id=\"h-3-verbs\">3. Verb:<\/h3>\n\n\n\n<p>Verb p\u00e5 tamil delas in i tv\u00e5 kategorier: transitiva och intransitiva verb. Att f\u00f6rst\u00e5 hur de fungerar \u00e4r avg\u00f6rande eftersom de betecknar handlingen i en mening.<\/p>\n\n\n\n<h3 class=\"wp-block-heading\" id=\"h-4-tenses\">4. Tempus:<\/h3>\n\n\n\n<p>Tamil har tre grundl\u00e4ggande tempus: d\u00e5tid, nutid och framtid. Varje tempus har olika former f\u00f6r singular och plural, liksom f\u00f6r olika personer. Att f\u00f6rst\u00e5 dessa f\u00f6r\u00e4ndringar \u00e4r viktigt f\u00f6r korrekt meningsbildning.<\/p>\n\n\n\n<h3 class=\"wp-block-heading\" id=\"h-5-tense-comparison\">5. Sp\u00e4nd j\u00e4mf\u00f6relse:<\/h3>\n\n\n\n<p>N\u00e4r du f\u00f6rst\u00e5r de grundl\u00e4ggande tempusen kan du g\u00e5 vidare till tempusj\u00e4mf\u00f6relse. Detta kr\u00e4ver att man j\u00e4mf\u00f6r olika handlingar i olika tempus, vilket \u00e4r avg\u00f6rande f\u00f6r avancerad spr\u00e5kanv\u00e4ndning.<\/p>\n\n\n\n<h3 class=\"wp-block-heading\" id=\"h-6-adjectives\">6. Adjektiv:<\/h3>\n\n\n\n<p>Adjektiv p\u00e5 tamil, som p\u00e5 <a href=\"https:\/\/talkpal.ai\/learn-english-with-ai\/\">engelska<\/a>, beskriver eller modifierar substantiv. De h\u00e5ller med substantivet de modifierar i kasus, numerus och genus.<\/p>\n\n\n\n<h3 class=\"wp-block-heading\" id=\"h-7-articles\">7. Artiklar:<\/h3>\n\n\n\n<p>Tamil har inte best\u00e4mda eller obest\u00e4mda artiklar som &#8221;a&#8221;, &#8221;an&#8221; eller &#8221;the&#8221;. Att f\u00f6rst\u00e5 hur man ers\u00e4tter dem \u00e4r dock viktigt f\u00f6r meningsbildning.<\/p>\n\n\n\n<h3 class=\"wp-block-heading\" id=\"h-8-adverbs\">8. Adverb:<\/h3>\n\n\n\n<p>Adverb modifierar verb, adjektiv eller andra adverb. De kan uttrycka ett s\u00e4tt, en plats, en tid, en frekvens, en grad med mera.<\/p>\n\n\n\n<h3 class=\"wp-block-heading\" id=\"h-9-prepositions\">9. Prepositioner:<\/h3>\n\n\n\n<p>Prepositioner anv\u00e4nds f\u00f6r att l\u00e4nka substantiv, pronomen eller fraser till andra ord i en mening. De uttrycker relationer av plats, riktning, tid, s\u00e4tt, orsak och grad.<\/p>\n\n\n\n<h3 class=\"wp-block-heading\" id=\"h-10-conditionals\">10. Villkor:<\/h3>\n\n\n\n<p>Konditionaler \u00e4r meningar som uttrycker hypotetiska situationer och deras konsekvenser. P\u00e5 tamil bildas konditionaler av specifika verbformer och konjunktioner.<\/p>\n\n\n\n<h3 class=\"wp-block-heading\" id=\"h-11-progressive-and-perfect-progressive\">11. Progressiv och perfekt progressiv:<\/h3>\n\n\n\n<p>Dessa \u00e4r aspekter av tempus som betecknar p\u00e5g\u00e5ende handlingar eller handlingar som p\u00e5gick men som nu \u00e4r avslutade. De \u00e4r viktiga f\u00f6r att uttrycka \u00e5tg\u00e4rdernas varaktighet och kontinuitet.<\/p>\n\n\n\n<h3 class=\"wp-block-heading\" id=\"h-12-sentences\">12. Meningar:<\/h3>\n\n\n\n<p>Slutligen \u00e4r det viktigt att f\u00f6rst\u00e5 strukturen i meningar p\u00e5 tamil. Tamil f\u00f6ljer ordf\u00f6ljden Subjekt-Objekt-Verb (SOV). Att f\u00f6rst\u00e5 sammansatta och komplexa meningar kommer ocks\u00e5 att f\u00f6rb\u00e4ttra din \u00f6vergripande beh\u00e4rskning av spr\u00e5ket.<\/p>\n<\/div><\/div>\n\r\n<section class=\"learnNavigationSection\">\r\n            \r\n        <a href=\"https:\/\/talkpal.ai\/sv\/lar-dig-tamil\/\">\r\n            <div class=\"learnNavigationWrapper\">\r\n                <div class=\"learnNavigationContent\">\r\n                    <img decoding=\"async\" src=\"https:\/\/talkpal.ai\/wp-content\/uploads\/2024\/08\/Tamil.jpg\" alt=\"Indian Simplified Flag\">\r\n                    <div>\r\n                        <h4>Om Tamil Learning<\/h4>\r\n                        <p>Ta reda p\u00e5 allt om tamilsk grammatik.<\/p>\r\n                    <\/div>\r\n                <\/div>\r\n            <\/div>\r\n        <\/a>\r\n\r\n        \r\n        <a href=\"https:\/\/talkpal.ai\/sv\/tamilsk-grammatik\/\">\r\n            <div class=\"learnNavigationWrapper\">\r\n                <div class=\"learnNavigationContent\">\r\n                    <img decoding=\"async\" src=\"https:\/\/talkpal.ai\/wp-content\/uploads\/2024\/08\/Tamil.jpg\" alt=\"Indian Simplified Flag\">\r\n                    <div>\r\n                        <h4>Lektioner i tamilsk grammatik<\/h4>\r\n                        <p>\u00d6va p\u00e5 tamilsk grammatik.<\/p>\r\n                    <\/div>\r\n                <\/div>\r\n            <\/div>\r\n        <\/a>\r\n\r\n        \r\n        <a href=\"https:\/\/talkpal.ai\/vocabulary_language\/tamil\/\">\r\n            <div class=\"learnNavigationWrapper\">\r\n                <div class=\"learnNavigationContent\">\r\n                    <img decoding=\"async\" src=\"https:\/\/talkpal.ai\/wp-content\/uploads\/2024\/08\/Tamil.jpg\" alt=\"Indian Simplified Flag\">\r\n                    <div>\r\n                        <h4>Tamilsk vokabul\u00e4r<\/h4>\r\n                        <p>Ut\u00f6ka ditt tamilska ordf\u00f6rr\u00e5d.<\/p>\r\n                    <\/div>\r\n                <\/div>\r\n            <\/div>\r\n        <\/a>\r\n\r\n            <\/section>","protected":false},"excerpt":{"rendered":"<p>Tamilska grammatik\u00e4mnen Tamil \u00e4r ett levande och rikt spr\u00e5k som fr\u00e4mst talas i s\u00f6dra Indien och Sri Lanka. Det \u00e4r k\u00e4nt f\u00f6r sin unika skrift och sitt komplexa grammatiksystem. Att l\u00e4ra sig tamil kan vara en fascinerande upplevelse, men det kr\u00e4ver ett strukturerat tillv\u00e4gag\u00e5ngss\u00e4tt f\u00f6r att f\u00f6rst\u00e5 grammatiken. Detta inkluderar att f\u00f6rst\u00e5 tempus, verb, substantiv, [&hellip;]<\/p>\n","protected":false},"author":6,"featured_media":28725,"parent":0,"menu_order":0,"comment_status":"closed","ping_status":"closed","template":"LearningContentPage.php","meta":{"_acf_changed":false,"footnotes":""},"class_list":["post-156103","page","type-page","status-publish","has-post-thumbnail","hentry"],"acf":[],"yoast_head":"<!-- This site is optimized with the Yoast SEO Premium plugin v27.2 (Yoast SEO v27.2) - https:\/\/yoast.com\/product\/yoast-seo-premium-wordpress\/ -->\n<title>Tamilska grammatik\u00f6vningar - Talkpal<\/title>\n<meta name=\"description\" content=\"Utforska effektiva tamilska grammatik\u00f6vningar f\u00f6r att f\u00f6rb\u00e4ttra dina spr\u00e5kkunskaper och \u00f6ka f\u00f6rst\u00e5elsen.\" \/>\n<meta name=\"robots\" content=\"index, follow, max-snippet:-1, max-image-preview:large, max-video-preview:-1\" \/>\n<link rel=\"canonical\" href=\"https:\/\/talkpal.ai\/sv\/tamilska-grammatikovningar\/\" \/>\n<meta property=\"og:locale\" content=\"sv_SE\" \/>\n<meta property=\"og:type\" content=\"article\" \/>\n<meta property=\"og:title\" content=\"Tamilska grammatik\u00f6vningar\" \/>\n<meta property=\"og:description\" content=\"Tamilska grammatik\u00e4mnen Tamil \u00e4r ett levande och rikt spr\u00e5k som fr\u00e4mst talas i s\u00f6dra Indien och Sri Lanka. Det \u00e4r k\u00e4nt f\u00f6r sin unika skrift och sitt\" \/>\n<meta property=\"og:url\" content=\"https:\/\/talkpal.ai\/sv\/tamilska-grammatikovningar\/\" \/>\n<meta property=\"og:site_name\" content=\"Talkpal\" \/>\n<meta property=\"article:publisher\" content=\"https:\/\/www.facebook.com\/profile.php?id=100090733639311\" \/>\n<meta property=\"article:modified_time\" content=\"2025-12-17T15:01:23+00:00\" \/>\n<meta property=\"og:image\" content=\"https:\/\/talkpal.ai\/wp-content\/uploads\/2023\/05\/Tamil-india.png\" \/>\n\t<meta property=\"og:image:width\" content=\"512\" \/>\n\t<meta property=\"og:image:height\" content=\"512\" \/>\n\t<meta property=\"og:image:type\" content=\"image\/png\" \/>\n<meta name=\"twitter:card\" content=\"summary_large_image\" \/>\n<meta name=\"twitter:site\" content=\"@talkpalai\" \/>\n<meta name=\"twitter:label1\" content=\"Ber\u00e4knad l\u00e4stid\" \/>\n\t<meta name=\"twitter:data1\" content=\"2 minuter\" \/>\n<script type=\"application\/ld+json\" class=\"yoast-schema-graph\">{\"@context\":\"https:\/\/schema.org\",\"@graph\":[{\"@type\":\"WebPage\",\"@id\":\"https:\/\/talkpal.ai\/sv\/tamilska-grammatikovningar\/\",\"url\":\"https:\/\/talkpal.ai\/sv\/tamilska-grammatikovningar\/\",\"name\":\"Tamilska grammatik\u00f6vningar - Talkpal\",\"isPartOf\":{\"@id\":\"https:\/\/talkpal.ai\/sv\/#website\"},\"primaryImageOfPage\":{\"@id\":\"https:\/\/talkpal.ai\/sv\/tamilska-grammatikovningar\/#primaryimage\"},\"image\":{\"@id\":\"https:\/\/talkpal.ai\/sv\/tamilska-grammatikovningar\/#primaryimage\"},\"thumbnailUrl\":\"https:\/\/talkpal.ai\/wp-content\/uploads\/2023\/05\/Tamil-india.png\",\"datePublished\":\"2023-07-05T10:17:13+00:00\",\"dateModified\":\"2025-12-17T15:01:23+00:00\",\"description\":\"Utforska effektiva tamilska grammatik\u00f6vningar f\u00f6r att f\u00f6rb\u00e4ttra dina spr\u00e5kkunskaper och \u00f6ka f\u00f6rst\u00e5elsen.\",\"breadcrumb\":{\"@id\":\"https:\/\/talkpal.ai\/sv\/tamilska-grammatikovningar\/#breadcrumb\"},\"inLanguage\":\"sv-SE\",\"potentialAction\":[{\"@type\":\"ReadAction\",\"target\":[\"https:\/\/talkpal.ai\/sv\/tamilska-grammatikovningar\/\"]}]},{\"@type\":\"ImageObject\",\"inLanguage\":\"sv-SE\",\"@id\":\"https:\/\/talkpal.ai\/sv\/tamilska-grammatikovningar\/#primaryimage\",\"url\":\"https:\/\/talkpal.ai\/wp-content\/uploads\/2023\/05\/Tamil-india.png\",\"contentUrl\":\"https:\/\/talkpal.ai\/wp-content\/uploads\/2023\/05\/Tamil-india.png\",\"width\":512,\"height\":512},{\"@type\":\"BreadcrumbList\",\"@id\":\"https:\/\/talkpal.ai\/sv\/tamilska-grammatikovningar\/#breadcrumb\",\"itemListElement\":[{\"@type\":\"ListItem\",\"position\":1,\"name\":\"Homepage\",\"item\":\"https:\/\/talkpal.ai\/sv\/\"},{\"@type\":\"ListItem\",\"position\":2,\"name\":\"Tamilska grammatik\u00f6vningar\"}]},{\"@type\":\"WebSite\",\"@id\":\"https:\/\/talkpal.ai\/sv\/#website\",\"url\":\"https:\/\/talkpal.ai\/sv\/\",\"name\":\"Talkpal\",\"description\":\"AI Language Learning\",\"publisher\":{\"@id\":\"https:\/\/talkpal.ai\/sv\/#organization\"},\"alternateName\":\"Talkpal AI\",\"potentialAction\":[{\"@type\":\"SearchAction\",\"target\":{\"@type\":\"EntryPoint\",\"urlTemplate\":\"https:\/\/talkpal.ai\/sv\/?s={search_term_string}\"},\"query-input\":{\"@type\":\"PropertyValueSpecification\",\"valueRequired\":true,\"valueName\":\"search_term_string\"}}],\"inLanguage\":\"sv-SE\"},{\"@type\":\"Organization\",\"@id\":\"https:\/\/talkpal.ai\/sv\/#organization\",\"name\":\"Talkpal, Inc.\",\"alternateName\":\"Talkpal AI\",\"url\":\"https:\/\/talkpal.ai\/sv\/\",\"logo\":{\"@type\":\"ImageObject\",\"inLanguage\":\"sv-SE\",\"@id\":\"https:\/\/talkpal.ai\/sv\/#\/schema\/logo\/image\/\",\"url\":\"https:\/\/talkpal.ai\/wp-content\/uploads\/2024\/03\/Talkpal-Logo-Icon.png\",\"contentUrl\":\"https:\/\/talkpal.ai\/wp-content\/uploads\/2024\/03\/Talkpal-Logo-Icon.png\",\"width\":2880,\"height\":2880,\"caption\":\"Talkpal, Inc.\"},\"image\":{\"@id\":\"https:\/\/talkpal.ai\/sv\/#\/schema\/logo\/image\/\"},\"sameAs\":[\"https:\/\/www.facebook.com\/profile.php?id=100090733639311\",\"https:\/\/x.com\/talkpalai\",\"https:\/\/www.linkedin.com\/company\/talkpal\/\",\"https:\/\/www.youtube.com\/@TalkPal\/\",\"https:\/\/www.tiktok.com\/@talkpal\",\"https:\/\/www.instagram.com\/talkpal_ai\/\",\"https:\/\/www.crunchbase.com\/organization\/talkpal-9cde\",\"https:\/\/www.g2.com\/products\/talkpal-for-business\/\",\"https:\/\/www.trustpilot.com\/review\/talkpal.ai\",\"https:\/\/www.capterra.com\/p\/10006800\/TalkPal\/\"],\"description\":\"Talkpal is a language learning web and mobile education app, powered by the latest AI technologies, that provides engaging experiences to its customers in many different languages to help them improve their language skills. Users can chat about unlimited amount of topics with the app and use other modes to practice their language learning.\",\"email\":\"support@talkpal.ai\",\"legalName\":\"Talkpal, Inc.\",\"foundingDate\":\"2023-04-03\",\"duns\":\"118989042\",\"numberOfEmployees\":{\"@type\":\"QuantitativeValue\",\"minValue\":\"11\",\"maxValue\":\"50\"},\"publishingPrinciples\":\"https:\/\/talkpal.ai\/publishing-principles\/\",\"actionableFeedbackPolicy\":\"https:\/\/talkpal.ai\/actionable-feedback-policy\/\",\"correctionsPolicy\":\"https:\/\/talkpal.ai\/corrections-policy\/\",\"ethicsPolicy\":\"https:\/\/talkpal.ai\/ethics-policy\/\",\"diversityPolicy\":\"https:\/\/talkpal.ai\/diversity-policy\/\",\"diversityStaffingReport\":\"https:\/\/talkpal.ai\/diversity-policy\/\"}]}<\/script>\n<!-- \/ Yoast SEO Premium plugin. -->","yoast_head_json":{"title":"Tamilska grammatik\u00f6vningar - Talkpal","description":"Utforska effektiva tamilska grammatik\u00f6vningar f\u00f6r att f\u00f6rb\u00e4ttra dina spr\u00e5kkunskaper och \u00f6ka f\u00f6rst\u00e5elsen.","robots":{"index":"index","follow":"follow","max-snippet":"max-snippet:-1","max-image-preview":"max-image-preview:large","max-video-preview":"max-video-preview:-1"},"canonical":"https:\/\/talkpal.ai\/sv\/tamilska-grammatikovningar\/","og_locale":"sv_SE","og_type":"article","og_title":"Tamilska grammatik\u00f6vningar","og_description":"Tamilska grammatik\u00e4mnen Tamil \u00e4r ett levande och rikt spr\u00e5k som fr\u00e4mst talas i s\u00f6dra Indien och Sri Lanka. Det \u00e4r k\u00e4nt f\u00f6r sin unika skrift och sitt","og_url":"https:\/\/talkpal.ai\/sv\/tamilska-grammatikovningar\/","og_site_name":"Talkpal","article_publisher":"https:\/\/www.facebook.com\/profile.php?id=100090733639311","article_modified_time":"2025-12-17T15:01:23+00:00","og_image":[{"width":512,"height":512,"url":"https:\/\/talkpal.ai\/wp-content\/uploads\/2023\/05\/Tamil-india.png","type":"image\/png"}],"twitter_card":"summary_large_image","twitter_site":"@talkpalai","twitter_misc":{"Ber\u00e4knad l\u00e4stid":"2 minuter"},"schema":{"@context":"https:\/\/schema.org","@graph":[{"@type":"WebPage","@id":"https:\/\/talkpal.ai\/sv\/tamilska-grammatikovningar\/","url":"https:\/\/talkpal.ai\/sv\/tamilska-grammatikovningar\/","name":"Tamilska grammatik\u00f6vningar - Talkpal","isPartOf":{"@id":"https:\/\/talkpal.ai\/sv\/#website"},"primaryImageOfPage":{"@id":"https:\/\/talkpal.ai\/sv\/tamilska-grammatikovningar\/#primaryimage"},"image":{"@id":"https:\/\/talkpal.ai\/sv\/tamilska-grammatikovningar\/#primaryimage"},"thumbnailUrl":"https:\/\/talkpal.ai\/wp-content\/uploads\/2023\/05\/Tamil-india.png","datePublished":"2023-07-05T10:17:13+00:00","dateModified":"2025-12-17T15:01:23+00:00","description":"Utforska effektiva tamilska grammatik\u00f6vningar f\u00f6r att f\u00f6rb\u00e4ttra dina spr\u00e5kkunskaper och \u00f6ka f\u00f6rst\u00e5elsen.","breadcrumb":{"@id":"https:\/\/talkpal.ai\/sv\/tamilska-grammatikovningar\/#breadcrumb"},"inLanguage":"sv-SE","potentialAction":[{"@type":"ReadAction","target":["https:\/\/talkpal.ai\/sv\/tamilska-grammatikovningar\/"]}]},{"@type":"ImageObject","inLanguage":"sv-SE","@id":"https:\/\/talkpal.ai\/sv\/tamilska-grammatikovningar\/#primaryimage","url":"https:\/\/talkpal.ai\/wp-content\/uploads\/2023\/05\/Tamil-india.png","contentUrl":"https:\/\/talkpal.ai\/wp-content\/uploads\/2023\/05\/Tamil-india.png","width":512,"height":512},{"@type":"BreadcrumbList","@id":"https:\/\/talkpal.ai\/sv\/tamilska-grammatikovningar\/#breadcrumb","itemListElement":[{"@type":"ListItem","position":1,"name":"Homepage","item":"https:\/\/talkpal.ai\/sv\/"},{"@type":"ListItem","position":2,"name":"Tamilska grammatik\u00f6vningar"}]},{"@type":"WebSite","@id":"https:\/\/talkpal.ai\/sv\/#website","url":"https:\/\/talkpal.ai\/sv\/","name":"Talkpal","description":"AI Language Learning","publisher":{"@id":"https:\/\/talkpal.ai\/sv\/#organization"},"alternateName":"Talkpal AI","potentialAction":[{"@type":"SearchAction","target":{"@type":"EntryPoint","urlTemplate":"https:\/\/talkpal.ai\/sv\/?s={search_term_string}"},"query-input":{"@type":"PropertyValueSpecification","valueRequired":true,"valueName":"search_term_string"}}],"inLanguage":"sv-SE"},{"@type":"Organization","@id":"https:\/\/talkpal.ai\/sv\/#organization","name":"Talkpal, Inc.","alternateName":"Talkpal AI","url":"https:\/\/talkpal.ai\/sv\/","logo":{"@type":"ImageObject","inLanguage":"sv-SE","@id":"https:\/\/talkpal.ai\/sv\/#\/schema\/logo\/image\/","url":"https:\/\/talkpal.ai\/wp-content\/uploads\/2024\/03\/Talkpal-Logo-Icon.png","contentUrl":"https:\/\/talkpal.ai\/wp-content\/uploads\/2024\/03\/Talkpal-Logo-Icon.png","width":2880,"height":2880,"caption":"Talkpal, Inc."},"image":{"@id":"https:\/\/talkpal.ai\/sv\/#\/schema\/logo\/image\/"},"sameAs":["https:\/\/www.facebook.com\/profile.php?id=100090733639311","https:\/\/x.com\/talkpalai","https:\/\/www.linkedin.com\/company\/talkpal\/","https:\/\/www.youtube.com\/@TalkPal\/","https:\/\/www.tiktok.com\/@talkpal","https:\/\/www.instagram.com\/talkpal_ai\/","https:\/\/www.crunchbase.com\/organization\/talkpal-9cde","https:\/\/www.g2.com\/products\/talkpal-for-business\/","https:\/\/www.trustpilot.com\/review\/talkpal.ai","https:\/\/www.capterra.com\/p\/10006800\/TalkPal\/"],"description":"Talkpal is a language learning web and mobile education app, powered by the latest AI technologies, that provides engaging experiences to its customers in many different languages to help them improve their language skills. Users can chat about unlimited amount of topics with the app and use other modes to practice their language learning.","email":"support@talkpal.ai","legalName":"Talkpal, Inc.","foundingDate":"2023-04-03","duns":"118989042","numberOfEmployees":{"@type":"QuantitativeValue","minValue":"11","maxValue":"50"},"publishingPrinciples":"https:\/\/talkpal.ai\/publishing-principles\/","actionableFeedbackPolicy":"https:\/\/talkpal.ai\/actionable-feedback-policy\/","correctionsPolicy":"https:\/\/talkpal.ai\/corrections-policy\/","ethicsPolicy":"https:\/\/talkpal.ai\/ethics-policy\/","diversityPolicy":"https:\/\/talkpal.ai\/diversity-policy\/","diversityStaffingReport":"https:\/\/talkpal.ai\/diversity-policy\/"}]}},"_links":{"self":[{"href":"https:\/\/talkpal.ai\/sv\/wp-json\/wp\/v2\/pages\/156103","targetHints":{"allow":["GET"]}}],"collection":[{"href":"https:\/\/talkpal.ai\/sv\/wp-json\/wp\/v2\/pages"}],"about":[{"href":"https:\/\/talkpal.ai\/sv\/wp-json\/wp\/v2\/types\/page"}],"author":[{"embeddable":true,"href":"https:\/\/talkpal.ai\/sv\/wp-json\/wp\/v2\/users\/6"}],"replies":[{"embeddable":true,"href":"https:\/\/talkpal.ai\/sv\/wp-json\/wp\/v2\/comments?post=156103"}],"version-history":[{"count":0,"href":"https:\/\/talkpal.ai\/sv\/wp-json\/wp\/v2\/pages\/156103\/revisions"}],"wp:featuredmedia":[{"embeddable":true,"href":"https:\/\/talkpal.ai\/sv\/wp-json\/wp\/v2\/media\/28725"}],"wp:attachment":[{"href":"https:\/\/talkpal.ai\/sv\/wp-json\/wp\/v2\/media?parent=156103"}],"curies":[{"name":"wp","href":"https:\/\/api.w.org\/{rel}","templated":true}]}}