{"id":154643,"date":"2023-07-05T11:13:09","date_gmt":"2023-07-05T11:13:09","guid":{"rendered":"http:\/\/talkpal.ai\/walesiska-grammatikovningar\/"},"modified":"2025-12-17T14:57:17","modified_gmt":"2025-12-17T14:57:17","slug":"walesiska-grammatikovningar","status":"publish","type":"page","link":"https:\/\/talkpal.ai\/sv\/walesiska-grammatikovningar\/","title":{"rendered":"Walesiska grammatik\u00f6vningar"},"content":{"rendered":"\r\n\r\n\r\n<section class=\"languageChallengeSection\">\r\n    <div class=\"languageInfoWrapper\">\r\n        \r\n        <h1>Walesiska grammatik\u00f6vningar<\/h1>\r\n        <p>\u00c4r du redo att f\u00f6rdjupa dig i walesisk <a href=\"https:\/\/talkpal.ai\/fr\/les\/\">grammatik<\/a>? Genom att \u00f6va p\u00e5 n\u00e5gra grunder kan du bli bekv\u00e4m med detta unika och vackra spr\u00e5k. Prova dessa \u00f6vningar f\u00f6r att bygga upp ditt sj\u00e4lvf\u00f6rtroende och ha lite kul p\u00e5 v\u00e4gen!<\/p>\r\n\r\n                            <a class=\"getStartedHidden\" href=\"https:\/\/app.talkpal.ai\/sv\/signup?lng=\">Kom ig\u00e5ng<\/a>\r\n        \r\n    <\/div>\r\n\r\n    <figure>\r\n    <img decoding=\"async\" width=\"768\" height=\"768\" src=\"https:\/\/talkpal.ai\/wp-content\/uploads\/2023\/06\/welsh-768x768.png\" class=\"languageImage no-lazy\" alt=\"Default alt text\" fetchpriority=\"high\" sizes=\"(max-width: 768px) 150px, 768px\" srcset=\"https:\/\/talkpal.ai\/wp-content\/uploads\/2023\/06\/welsh-768x768.png 768w, https:\/\/talkpal.ai\/wp-content\/uploads\/2023\/06\/welsh-300x300.png 300w\" \/>\r\n    \r\n\r\n    <\/figure>\r\n\r\n            <a class=\"getStartedVisible\" href=\"https:\/\/app.talkpal.ai\/sv\/signup?lng=\">Kom ig\u00e5ng<\/a>\r\n    \r\n<\/section>\r\n\r\n\r\n<!-- <section class=\"grammarSection\">\r\n    <div class=\"grammarLinks\">\r\n        <a href=\"https:\/\/talkpal.ai\/sv\/exercise_language\/adjektiv-walesisk-grammatik\/\">Adjektiv <\/a><a href=\"https:\/\/talkpal.ai\/sv\/exercise_language\/adverb-walesisk-grammatik\/\">Adverb <\/a><a href=\"https:\/\/talkpal.ai\/sv\/exercise_language\/artiklar-walesisk-grammatik\/\">Artiklar <\/a><a href=\"https:\/\/talkpal.ai\/sv\/exercise_language\/jamforelse-av-tempus-walesisk-grammatik\/\">J\u00e4mf\u00f6relse av tempus \u2013 walesisk grammatik<\/a><a href=\"https:\/\/talkpal.ai\/sv\/exercise_language\/konditionaler-walesisk-grammatik\/\">Konditionaler <\/a><a href=\"https:\/\/talkpal.ai\/sv\/exercise_language\/meningar-walesisk-grammatik\/\">Meningar \u2013 walesisk grammatik<\/a><a href=\"https:\/\/talkpal.ai\/sv\/exercise_language\/perfect-progressive-walesisk-grammatik\/\">Perfect Progressive <\/a><a href=\"https:\/\/talkpal.ai\/sv\/exercise_language\/prepositioner-walesisk-grammatik\/\">Prepositioner <\/a><a href=\"https:\/\/talkpal.ai\/sv\/exercise_language\/progressiv-walesisk-grammatik\/\">Progressiv <\/a><a href=\"https:\/\/talkpal.ai\/sv\/exercise_language\/pronomen-bestamningsfaktorer-walesisk-grammatik\/\">Pronomen\/best\u00e4mningsfaktorer <\/a><a href=\"https:\/\/talkpal.ai\/sv\/exercise_language\/substantiv-walesisk-grammatik\/\">Substantiv <\/a><a href=\"https:\/\/talkpal.ai\/sv\/exercise_language\/tempus-walesisk-grammatik\/\">Tempus \u2013 walesisk grammatik<\/a><a href=\"https:\/\/talkpal.ai\/sv\/exercise_language\/verb-walesisk-grammatik\/\">Verb \u2013 walesisk grammatik<\/a>    <\/div>\r\n<\/section> -->\r\n\r\n\r\n\r\n\r\n        <section class=\"grammarSection\">\r\n            <div class=\"grammarLinks\">\r\n                <a href=\"https:\/\/talkpal.ai\/sv\/exercise_language\/adjektiv-walesisk-grammatik\/\">Adjektiv <\/a><a href=\"https:\/\/talkpal.ai\/sv\/exercise_language\/adverb-walesisk-grammatik\/\">Adverb <\/a><a href=\"https:\/\/talkpal.ai\/sv\/exercise_language\/artiklar-walesisk-grammatik\/\">Artiklar <\/a><a href=\"https:\/\/talkpal.ai\/sv\/exercise_language\/jamforelse-av-tempus-walesisk-grammatik\/\">J\u00e4mf\u00f6relse av tempus \u2013 walesisk grammatik<\/a><a href=\"https:\/\/talkpal.ai\/sv\/exercise_language\/konditionaler-walesisk-grammatik\/\">Konditionaler <\/a><a href=\"https:\/\/talkpal.ai\/sv\/exercise_language\/meningar-walesisk-grammatik\/\">Meningar \u2013 walesisk grammatik<\/a><a href=\"https:\/\/talkpal.ai\/sv\/exercise_language\/perfect-progressive-walesisk-grammatik\/\">Perfect Progressive <\/a><a href=\"https:\/\/talkpal.ai\/sv\/exercise_language\/prepositioner-walesisk-grammatik\/\">Prepositioner <\/a><a href=\"https:\/\/talkpal.ai\/sv\/exercise_language\/progressiv-walesisk-grammatik\/\">Progressiv <\/a><a href=\"https:\/\/talkpal.ai\/sv\/exercise_language\/pronomen-bestamningsfaktorer-walesisk-grammatik\/\">Pronomen\/best\u00e4mningsfaktorer <\/a><a href=\"https:\/\/talkpal.ai\/sv\/exercise_language\/substantiv-walesisk-grammatik\/\">Substantiv <\/a><a href=\"https:\/\/talkpal.ai\/sv\/exercise_language\/tempus-walesisk-grammatik\/\">Tempus \u2013 walesisk grammatik<\/a><a href=\"https:\/\/talkpal.ai\/sv\/exercise_language\/verb-walesisk-grammatik\/\">Verb \u2013 walesisk grammatik<\/a>            <\/div>\r\n        <\/section>\r\n<section class=\"promotionalBanner\">\r\n    <p class=\"promotionalText\">Det mest effektiva s\u00e4ttet att l\u00e4ra sig ett spr\u00e5k<\/p>\r\n    <a class=\"promotionalLink\" href=\"https:\/\/app.talkpal.ai\/sv\/signup?lng=\">Prova Talkpal gratis<\/a>\r\n<\/section>\n<div class=\"wp-block-group pageContainerStyle\"><div class=\"wp-block-group__inner-container is-layout-constrained wp-block-group-is-layout-constrained\">\n<h2 class=\"wp-block-heading\" id=\"h-welsh-grammar-topics\">Walesiska grammatik\u00e4mnen<\/h2>\n\n\n\n<p>Att l\u00e4ra sig ett nytt spr\u00e5k kan vara en utmanande men givande str\u00e4van. <a href=\"https:\/\/talkpal.ai\/learn-welsh\/\">Walesiska<\/a>, ett keltiskt spr\u00e5k som fr\u00e4mst <a href=\"https:\/\/talkpal.ai\/locations\/language-courses-in-talas\/\">talas<\/a> i Wales, \u00e4r inget undantag. Med sina unika egenskaper och strukturer kr\u00e4ver inl\u00e4rning av walesiska ett systematiskt tillv\u00e4gag\u00e5ngss\u00e4tt f\u00f6r att f\u00f6rst\u00e5 dess komplexa grammatik. <a href=\"https:\/\/talkpal.ai\/culture\/how-do-i-use-den-har-and-det-har\/\">Den h\u00e4r<\/a> guiden beskriver de viktigaste omr\u00e5dena i <a href=\"https:\/\/talkpal.ai\/es\/gramatica-galesa\/\">walesisk grammatik<\/a> i en logisk ordning f\u00f6r <a href=\"https:\/\/talkpal.ai\/sv\/hur-lar-man-sig-ett-sprak-via-talkpal-chat\/\">spr\u00e5kinl\u00e4rning<\/a>, med b\u00f6rjan fr\u00e5n grunderna som substantiv och artiklar, och g\u00e5r vidare till mer komplexa omr\u00e5den som tempus och meningsbyggnad.<\/p>\n\n\n\n<h3 class=\"wp-block-heading\" id=\"h-1-nouns\">1. Substantiv:<\/h3>\n\n\n\n<p>B\u00f6rja din walesiska spr\u00e5kresa med att l\u00e4ra dig substantiven. Detta inkluderar att f\u00f6rst\u00e5 de olika kategorierna av substantiv, s\u00e5som vanliga och egennamn samt deras pluralformer.<\/p>\n\n\n\n<h3 class=\"wp-block-heading\" id=\"h-2-articles\">2. Artiklar:<\/h3>\n\n\n\n<p>Artiklar p\u00e5 walesiska anv\u00e4nds p\u00e5 ett annat s\u00e4tt \u00e4n p\u00e5 <a href=\"https:\/\/talkpal.ai\/learn-english-with-ai\/\">engelska<\/a>. Att f\u00f6rst\u00e5 hur man anv\u00e4nder best\u00e4mda och obest\u00e4mda artiklar korrekt \u00e4r avg\u00f6rande vid meningskonstruktion.<\/p>\n\n\n\n<h3 class=\"wp-block-heading\" id=\"h-3-adjectives\">3. Adjektiv:<\/h3>\n\n\n\n<p>Adjektiv p\u00e5 walesiska f\u00f6ljer sina substantiv, vilket skiljer sig fr\u00e5n engelska. Du m\u00e5ste ocks\u00e5 l\u00e4ra dig om deras mutationer och hur du bildar komparativ och superlativ.<\/p>\n\n\n\n<h3 class=\"wp-block-heading\" id=\"h-4-pronouns-determiners\">4. Pronomen\/best\u00e4mningsfaktorer:<\/h3>\n\n\n\n<p>Pronomen och best\u00e4mningar \u00e4r viktiga i walesiska; De ers\u00e4tter substantiv och ger information om kvantitet, innehav med mera. Korrekt anv\u00e4ndning av dem \u00e4r n\u00f6dv\u00e4ndig f\u00f6r effektiv kommunikation.<\/p>\n\n\n\n<h3 class=\"wp-block-heading\" id=\"h-5-verbs\">5. Verb:<\/h3>\n\n\n\n<p>Walesiska verb har olika former beroende p\u00e5 tempus, modus och r\u00f6st. B\u00f6rja med nutid och utforska gradvis d\u00e5tid och framtida tempus.<\/p>\n\n\n\n<h3 class=\"wp-block-heading\" id=\"h-6-tenses\">6. Tempus:<\/h3>\n\n\n\n<p>Efter att ha beh\u00e4rskat verbformerna kan du f\u00f6rdjupa dig i de walesiska tempusformerna. Detta inkluderar att f\u00f6rst\u00e5 skillnaderna mellan nutid, d\u00e5tid och framtid, och hur de anv\u00e4nds i olika sammanhang.<\/p>\n\n\n\n<h3 class=\"wp-block-heading\" id=\"h-7-tense-comparison\">7. Sp\u00e4nd j\u00e4mf\u00f6relse:<\/h3>\n\n\n\n<p>Att j\u00e4mf\u00f6ra tempus p\u00e5 walesiska hj\u00e4lper till att f\u00f6rst\u00e5 h\u00e4ndelsef\u00f6rloppet. Att j\u00e4mf\u00f6ra samma verb i olika tempus ger en b\u00e4ttre f\u00f6rst\u00e5else f\u00f6r det walesiska spr\u00e5ket.<\/p>\n\n\n\n<h3 class=\"wp-block-heading\" id=\"h-8-progressive\">8. Progressiv:<\/h3>\n\n\n\n<p>Progressiv tempus i walesiska anv\u00e4nds f\u00f6r att uttrycka p\u00e5g\u00e5ende handlingar. Det bildas genom att anv\u00e4nda verbet &#8221;att vara&#8221; f\u00f6ljt av &#8221;yn&#8221; och verb-nomen.<\/p>\n\n\n\n<h3 class=\"wp-block-heading\" id=\"h-9-perfect-progressive\">9. Perfekt progressiv:<\/h3>\n\n\n\n<p>Detta tempus anv\u00e4nds f\u00f6r att uttrycka handlingar som har p\u00e5g\u00e5tt fram till en viss punkt. I walesiskan bildas det av verbet &#8221;att vara&#8221;, participet i f\u00f6rfluten tid och verb-nounnet.<\/p>\n\n\n\n<h3 class=\"wp-block-heading\" id=\"h-10-conditionals\">10. Villkor:<\/h3>\n\n\n\n<p>Konditionaler uttrycker hypotetiska situationer och deras m\u00f6jliga utfall. De \u00e4r en viktig del av den walesiska grammatiken och kommer att g\u00f6ra dina spr\u00e5kkunskaper mer komplexa.<\/p>\n\n\n\n<h3 class=\"wp-block-heading\" id=\"h-11-adverbs\">11. Adverb:<\/h3>\n\n\n\n<p>Adverb p\u00e5 walesiska modifierar verb, adjektiv eller andra adverb. De ger information om s\u00e4tt, plats, tid, grad med mera.<\/p>\n\n\n\n<h3 class=\"wp-block-heading\" id=\"h-12-prepositions\">12. Prepositioner:<\/h3>\n\n\n\n<p>Prepositioner l\u00e4nkar samman ord och fraser. De uttrycker relationer av tid, plats, riktning med mera.<\/p>\n\n\n\n<h3 class=\"wp-block-heading\" id=\"h-13-sentences\">13. Meningar:<\/h3>\n\n\n\n<p>Slutligen, \u00f6va p\u00e5 att konstruera meningar. Detta kommer att inneb\u00e4ra att man anv\u00e4nder alla tidigare inl\u00e4rda grammatiska punkter i sitt sammanhang, vilket s\u00e4kerst\u00e4ller en omfattande f\u00f6rst\u00e5else av det walesiska spr\u00e5ket.<\/p>\n<\/div><\/div>\n\r\n<section class=\"learnNavigationSection\">\r\n            \r\n        <a href=\"https:\/\/talkpal.ai\/sv\/lar-dig-walesiska\/\">\r\n            <div class=\"learnNavigationWrapper\">\r\n                <div class=\"learnNavigationContent\">\r\n                    <img decoding=\"async\" src=\"https:\/\/talkpal.ai\/wp-content\/uploads\/2024\/08\/Welsh.jpg\" alt=\"Welsh Flag\">\r\n                    <div>\r\n                        <h4>Om Welsh Learning<\/h4>\r\n                        <p>Ta reda p\u00e5 allt om walesisk grammatik.<\/p>\r\n                    <\/div>\r\n                <\/div>\r\n            <\/div>\r\n        <\/a>\r\n\r\n        \r\n        <a href=\"https:\/\/talkpal.ai\/sv\/walesisk-grammatik\/\">\r\n            <div class=\"learnNavigationWrapper\">\r\n                <div class=\"learnNavigationContent\">\r\n                    <img decoding=\"async\" src=\"https:\/\/talkpal.ai\/wp-content\/uploads\/2024\/08\/Welsh.jpg\" alt=\"Welsh Flag\">\r\n                    <div>\r\n                        <h4>Lektioner i walesisk grammatik<\/h4>\r\n                        <p>\u00d6va walesisk grammatik.<\/p>\r\n                    <\/div>\r\n                <\/div>\r\n            <\/div>\r\n        <\/a>\r\n\r\n        \r\n        <a href=\"https:\/\/talkpal.ai\/vocabulary_language\/welsh\/\">\r\n            <div class=\"learnNavigationWrapper\">\r\n                <div class=\"learnNavigationContent\">\r\n                    <img decoding=\"async\" src=\"https:\/\/talkpal.ai\/wp-content\/uploads\/2024\/08\/Welsh.jpg\" alt=\"Welsh Flag\">\r\n                    <div>\r\n                        <h4>Ordf\u00f6rr\u00e5d p\u00e5 walesiska<\/h4>\r\n                        <p>Ut\u00f6ka ditt ordf\u00f6rr\u00e5d p\u00e5 walesiska.<\/p>\r\n                    <\/div>\r\n                <\/div>\r\n            <\/div>\r\n        <\/a>\r\n\r\n            <\/section>","protected":false},"excerpt":{"rendered":"<p>Walesiska grammatik\u00e4mnen Att l\u00e4ra sig ett nytt spr\u00e5k kan vara en utmanande men givande str\u00e4van. Walesiska, ett keltiskt spr\u00e5k som fr\u00e4mst talas i Wales, \u00e4r inget undantag. Med sina unika egenskaper och strukturer kr\u00e4ver inl\u00e4rning av walesiska ett systematiskt tillv\u00e4gag\u00e5ngss\u00e4tt f\u00f6r att f\u00f6rst\u00e5 dess komplexa grammatik. Den h\u00e4r guiden beskriver de viktigaste omr\u00e5dena i walesisk [&hellip;]<\/p>\n","protected":false},"author":6,"featured_media":28805,"parent":0,"menu_order":0,"comment_status":"closed","ping_status":"closed","template":"LearningContentPage.php","meta":{"_acf_changed":false,"footnotes":""},"class_list":["post-154643","page","type-page","status-publish","has-post-thumbnail","hentry"],"acf":[],"yoast_head":"<!-- This site is optimized with the Yoast SEO Premium plugin v27.2 (Yoast SEO v27.2) - https:\/\/yoast.com\/product\/yoast-seo-premium-wordpress\/ -->\n<title>Walesiska grammatik\u00f6vningar - Talkpal<\/title>\n<meta name=\"description\" content=\"L\u00e4r dig grunderna med walesiska grammatik\u00f6vningar som \u00e4r utformade f\u00f6r att f\u00f6rb\u00e4ttra dina spr\u00e5kkunskaper p\u00e5 ett systematiskt och effektivt s\u00e4tt.\" \/>\n<meta name=\"robots\" content=\"index, follow, max-snippet:-1, max-image-preview:large, max-video-preview:-1\" \/>\n<link rel=\"canonical\" href=\"https:\/\/talkpal.ai\/sv\/walesiska-grammatikovningar\/\" \/>\n<meta property=\"og:locale\" content=\"sv_SE\" \/>\n<meta property=\"og:type\" content=\"article\" \/>\n<meta property=\"og:title\" content=\"Walesiska grammatik\u00f6vningar\" \/>\n<meta property=\"og:description\" content=\"Walesiska grammatik\u00e4mnen Att l\u00e4ra sig ett nytt spr\u00e5k kan vara en utmanande men givande str\u00e4van. Walesiska, ett keltiskt spr\u00e5k som fr\u00e4mst talas i Wales, \u00e4r\" \/>\n<meta property=\"og:url\" content=\"https:\/\/talkpal.ai\/sv\/walesiska-grammatikovningar\/\" \/>\n<meta property=\"og:site_name\" content=\"Talkpal\" \/>\n<meta property=\"article:publisher\" content=\"https:\/\/www.facebook.com\/profile.php?id=100090733639311\" \/>\n<meta property=\"article:modified_time\" content=\"2025-12-17T14:57:17+00:00\" \/>\n<meta property=\"og:image\" content=\"https:\/\/talkpal.ai\/wp-content\/uploads\/2023\/05\/Wales.png\" \/>\n\t<meta property=\"og:image:width\" content=\"512\" \/>\n\t<meta property=\"og:image:height\" content=\"512\" \/>\n\t<meta property=\"og:image:type\" content=\"image\/png\" \/>\n<meta name=\"twitter:card\" content=\"summary_large_image\" \/>\n<meta name=\"twitter:site\" content=\"@talkpalai\" \/>\n<meta name=\"twitter:label1\" content=\"Ber\u00e4knad l\u00e4stid\" \/>\n\t<meta name=\"twitter:data1\" content=\"3 minuter\" \/>\n<script type=\"application\/ld+json\" class=\"yoast-schema-graph\">{\"@context\":\"https:\/\/schema.org\",\"@graph\":[{\"@type\":\"WebPage\",\"@id\":\"https:\/\/talkpal.ai\/sv\/walesiska-grammatikovningar\/\",\"url\":\"https:\/\/talkpal.ai\/sv\/walesiska-grammatikovningar\/\",\"name\":\"Walesiska grammatik\u00f6vningar - Talkpal\",\"isPartOf\":{\"@id\":\"https:\/\/talkpal.ai\/sv\/#website\"},\"primaryImageOfPage\":{\"@id\":\"https:\/\/talkpal.ai\/sv\/walesiska-grammatikovningar\/#primaryimage\"},\"image\":{\"@id\":\"https:\/\/talkpal.ai\/sv\/walesiska-grammatikovningar\/#primaryimage\"},\"thumbnailUrl\":\"https:\/\/talkpal.ai\/wp-content\/uploads\/2023\/05\/Wales.png\",\"datePublished\":\"2023-07-05T11:13:09+00:00\",\"dateModified\":\"2025-12-17T14:57:17+00:00\",\"description\":\"L\u00e4r dig grunderna med walesiska grammatik\u00f6vningar som \u00e4r utformade f\u00f6r att f\u00f6rb\u00e4ttra dina spr\u00e5kkunskaper p\u00e5 ett systematiskt och effektivt s\u00e4tt.\",\"breadcrumb\":{\"@id\":\"https:\/\/talkpal.ai\/sv\/walesiska-grammatikovningar\/#breadcrumb\"},\"inLanguage\":\"sv-SE\",\"potentialAction\":[{\"@type\":\"ReadAction\",\"target\":[\"https:\/\/talkpal.ai\/sv\/walesiska-grammatikovningar\/\"]}]},{\"@type\":\"ImageObject\",\"inLanguage\":\"sv-SE\",\"@id\":\"https:\/\/talkpal.ai\/sv\/walesiska-grammatikovningar\/#primaryimage\",\"url\":\"https:\/\/talkpal.ai\/wp-content\/uploads\/2023\/05\/Wales.png\",\"contentUrl\":\"https:\/\/talkpal.ai\/wp-content\/uploads\/2023\/05\/Wales.png\",\"width\":512,\"height\":512},{\"@type\":\"BreadcrumbList\",\"@id\":\"https:\/\/talkpal.ai\/sv\/walesiska-grammatikovningar\/#breadcrumb\",\"itemListElement\":[{\"@type\":\"ListItem\",\"position\":1,\"name\":\"Homepage\",\"item\":\"https:\/\/talkpal.ai\/sv\/\"},{\"@type\":\"ListItem\",\"position\":2,\"name\":\"Walesiska grammatik\u00f6vningar\"}]},{\"@type\":\"WebSite\",\"@id\":\"https:\/\/talkpal.ai\/sv\/#website\",\"url\":\"https:\/\/talkpal.ai\/sv\/\",\"name\":\"Talkpal\",\"description\":\"AI Language Learning\",\"publisher\":{\"@id\":\"https:\/\/talkpal.ai\/sv\/#organization\"},\"alternateName\":\"Talkpal AI\",\"potentialAction\":[{\"@type\":\"SearchAction\",\"target\":{\"@type\":\"EntryPoint\",\"urlTemplate\":\"https:\/\/talkpal.ai\/sv\/?s={search_term_string}\"},\"query-input\":{\"@type\":\"PropertyValueSpecification\",\"valueRequired\":true,\"valueName\":\"search_term_string\"}}],\"inLanguage\":\"sv-SE\"},{\"@type\":\"Organization\",\"@id\":\"https:\/\/talkpal.ai\/sv\/#organization\",\"name\":\"Talkpal, Inc.\",\"alternateName\":\"Talkpal AI\",\"url\":\"https:\/\/talkpal.ai\/sv\/\",\"logo\":{\"@type\":\"ImageObject\",\"inLanguage\":\"sv-SE\",\"@id\":\"https:\/\/talkpal.ai\/sv\/#\/schema\/logo\/image\/\",\"url\":\"https:\/\/talkpal.ai\/wp-content\/uploads\/2024\/03\/Talkpal-Logo-Icon.png\",\"contentUrl\":\"https:\/\/talkpal.ai\/wp-content\/uploads\/2024\/03\/Talkpal-Logo-Icon.png\",\"width\":2880,\"height\":2880,\"caption\":\"Talkpal, Inc.\"},\"image\":{\"@id\":\"https:\/\/talkpal.ai\/sv\/#\/schema\/logo\/image\/\"},\"sameAs\":[\"https:\/\/www.facebook.com\/profile.php?id=100090733639311\",\"https:\/\/x.com\/talkpalai\",\"https:\/\/www.linkedin.com\/company\/talkpal\/\",\"https:\/\/www.youtube.com\/@TalkPal\/\",\"https:\/\/www.tiktok.com\/@talkpal\",\"https:\/\/www.instagram.com\/talkpal_ai\/\",\"https:\/\/www.crunchbase.com\/organization\/talkpal-9cde\",\"https:\/\/www.g2.com\/products\/talkpal-for-business\/\",\"https:\/\/www.trustpilot.com\/review\/talkpal.ai\",\"https:\/\/www.capterra.com\/p\/10006800\/TalkPal\/\"],\"description\":\"Talkpal is a language learning web and mobile education app, powered by the latest AI technologies, that provides engaging experiences to its customers in many different languages to help them improve their language skills. Users can chat about unlimited amount of topics with the app and use other modes to practice their language learning.\",\"email\":\"support@talkpal.ai\",\"legalName\":\"Talkpal, Inc.\",\"foundingDate\":\"2023-04-03\",\"duns\":\"118989042\",\"numberOfEmployees\":{\"@type\":\"QuantitativeValue\",\"minValue\":\"11\",\"maxValue\":\"50\"},\"publishingPrinciples\":\"https:\/\/talkpal.ai\/publishing-principles\/\",\"actionableFeedbackPolicy\":\"https:\/\/talkpal.ai\/actionable-feedback-policy\/\",\"correctionsPolicy\":\"https:\/\/talkpal.ai\/corrections-policy\/\",\"ethicsPolicy\":\"https:\/\/talkpal.ai\/ethics-policy\/\",\"diversityPolicy\":\"https:\/\/talkpal.ai\/diversity-policy\/\",\"diversityStaffingReport\":\"https:\/\/talkpal.ai\/diversity-policy\/\"}]}<\/script>\n<!-- \/ Yoast SEO Premium plugin. -->","yoast_head_json":{"title":"Walesiska grammatik\u00f6vningar - Talkpal","description":"L\u00e4r dig grunderna med walesiska grammatik\u00f6vningar som \u00e4r utformade f\u00f6r att f\u00f6rb\u00e4ttra dina spr\u00e5kkunskaper p\u00e5 ett systematiskt och effektivt s\u00e4tt.","robots":{"index":"index","follow":"follow","max-snippet":"max-snippet:-1","max-image-preview":"max-image-preview:large","max-video-preview":"max-video-preview:-1"},"canonical":"https:\/\/talkpal.ai\/sv\/walesiska-grammatikovningar\/","og_locale":"sv_SE","og_type":"article","og_title":"Walesiska grammatik\u00f6vningar","og_description":"Walesiska grammatik\u00e4mnen Att l\u00e4ra sig ett nytt spr\u00e5k kan vara en utmanande men givande str\u00e4van. Walesiska, ett keltiskt spr\u00e5k som fr\u00e4mst talas i Wales, \u00e4r","og_url":"https:\/\/talkpal.ai\/sv\/walesiska-grammatikovningar\/","og_site_name":"Talkpal","article_publisher":"https:\/\/www.facebook.com\/profile.php?id=100090733639311","article_modified_time":"2025-12-17T14:57:17+00:00","og_image":[{"width":512,"height":512,"url":"https:\/\/talkpal.ai\/wp-content\/uploads\/2023\/05\/Wales.png","type":"image\/png"}],"twitter_card":"summary_large_image","twitter_site":"@talkpalai","twitter_misc":{"Ber\u00e4knad l\u00e4stid":"3 minuter"},"schema":{"@context":"https:\/\/schema.org","@graph":[{"@type":"WebPage","@id":"https:\/\/talkpal.ai\/sv\/walesiska-grammatikovningar\/","url":"https:\/\/talkpal.ai\/sv\/walesiska-grammatikovningar\/","name":"Walesiska grammatik\u00f6vningar - Talkpal","isPartOf":{"@id":"https:\/\/talkpal.ai\/sv\/#website"},"primaryImageOfPage":{"@id":"https:\/\/talkpal.ai\/sv\/walesiska-grammatikovningar\/#primaryimage"},"image":{"@id":"https:\/\/talkpal.ai\/sv\/walesiska-grammatikovningar\/#primaryimage"},"thumbnailUrl":"https:\/\/talkpal.ai\/wp-content\/uploads\/2023\/05\/Wales.png","datePublished":"2023-07-05T11:13:09+00:00","dateModified":"2025-12-17T14:57:17+00:00","description":"L\u00e4r dig grunderna med walesiska grammatik\u00f6vningar som \u00e4r utformade f\u00f6r att f\u00f6rb\u00e4ttra dina spr\u00e5kkunskaper p\u00e5 ett systematiskt och effektivt s\u00e4tt.","breadcrumb":{"@id":"https:\/\/talkpal.ai\/sv\/walesiska-grammatikovningar\/#breadcrumb"},"inLanguage":"sv-SE","potentialAction":[{"@type":"ReadAction","target":["https:\/\/talkpal.ai\/sv\/walesiska-grammatikovningar\/"]}]},{"@type":"ImageObject","inLanguage":"sv-SE","@id":"https:\/\/talkpal.ai\/sv\/walesiska-grammatikovningar\/#primaryimage","url":"https:\/\/talkpal.ai\/wp-content\/uploads\/2023\/05\/Wales.png","contentUrl":"https:\/\/talkpal.ai\/wp-content\/uploads\/2023\/05\/Wales.png","width":512,"height":512},{"@type":"BreadcrumbList","@id":"https:\/\/talkpal.ai\/sv\/walesiska-grammatikovningar\/#breadcrumb","itemListElement":[{"@type":"ListItem","position":1,"name":"Homepage","item":"https:\/\/talkpal.ai\/sv\/"},{"@type":"ListItem","position":2,"name":"Walesiska grammatik\u00f6vningar"}]},{"@type":"WebSite","@id":"https:\/\/talkpal.ai\/sv\/#website","url":"https:\/\/talkpal.ai\/sv\/","name":"Talkpal","description":"AI Language Learning","publisher":{"@id":"https:\/\/talkpal.ai\/sv\/#organization"},"alternateName":"Talkpal AI","potentialAction":[{"@type":"SearchAction","target":{"@type":"EntryPoint","urlTemplate":"https:\/\/talkpal.ai\/sv\/?s={search_term_string}"},"query-input":{"@type":"PropertyValueSpecification","valueRequired":true,"valueName":"search_term_string"}}],"inLanguage":"sv-SE"},{"@type":"Organization","@id":"https:\/\/talkpal.ai\/sv\/#organization","name":"Talkpal, Inc.","alternateName":"Talkpal AI","url":"https:\/\/talkpal.ai\/sv\/","logo":{"@type":"ImageObject","inLanguage":"sv-SE","@id":"https:\/\/talkpal.ai\/sv\/#\/schema\/logo\/image\/","url":"https:\/\/talkpal.ai\/wp-content\/uploads\/2024\/03\/Talkpal-Logo-Icon.png","contentUrl":"https:\/\/talkpal.ai\/wp-content\/uploads\/2024\/03\/Talkpal-Logo-Icon.png","width":2880,"height":2880,"caption":"Talkpal, Inc."},"image":{"@id":"https:\/\/talkpal.ai\/sv\/#\/schema\/logo\/image\/"},"sameAs":["https:\/\/www.facebook.com\/profile.php?id=100090733639311","https:\/\/x.com\/talkpalai","https:\/\/www.linkedin.com\/company\/talkpal\/","https:\/\/www.youtube.com\/@TalkPal\/","https:\/\/www.tiktok.com\/@talkpal","https:\/\/www.instagram.com\/talkpal_ai\/","https:\/\/www.crunchbase.com\/organization\/talkpal-9cde","https:\/\/www.g2.com\/products\/talkpal-for-business\/","https:\/\/www.trustpilot.com\/review\/talkpal.ai","https:\/\/www.capterra.com\/p\/10006800\/TalkPal\/"],"description":"Talkpal is a language learning web and mobile education app, powered by the latest AI technologies, that provides engaging experiences to its customers in many different languages to help them improve their language skills. Users can chat about unlimited amount of topics with the app and use other modes to practice their language learning.","email":"support@talkpal.ai","legalName":"Talkpal, Inc.","foundingDate":"2023-04-03","duns":"118989042","numberOfEmployees":{"@type":"QuantitativeValue","minValue":"11","maxValue":"50"},"publishingPrinciples":"https:\/\/talkpal.ai\/publishing-principles\/","actionableFeedbackPolicy":"https:\/\/talkpal.ai\/actionable-feedback-policy\/","correctionsPolicy":"https:\/\/talkpal.ai\/corrections-policy\/","ethicsPolicy":"https:\/\/talkpal.ai\/ethics-policy\/","diversityPolicy":"https:\/\/talkpal.ai\/diversity-policy\/","diversityStaffingReport":"https:\/\/talkpal.ai\/diversity-policy\/"}]}},"_links":{"self":[{"href":"https:\/\/talkpal.ai\/sv\/wp-json\/wp\/v2\/pages\/154643","targetHints":{"allow":["GET"]}}],"collection":[{"href":"https:\/\/talkpal.ai\/sv\/wp-json\/wp\/v2\/pages"}],"about":[{"href":"https:\/\/talkpal.ai\/sv\/wp-json\/wp\/v2\/types\/page"}],"author":[{"embeddable":true,"href":"https:\/\/talkpal.ai\/sv\/wp-json\/wp\/v2\/users\/6"}],"replies":[{"embeddable":true,"href":"https:\/\/talkpal.ai\/sv\/wp-json\/wp\/v2\/comments?post=154643"}],"version-history":[{"count":0,"href":"https:\/\/talkpal.ai\/sv\/wp-json\/wp\/v2\/pages\/154643\/revisions"}],"wp:featuredmedia":[{"embeddable":true,"href":"https:\/\/talkpal.ai\/sv\/wp-json\/wp\/v2\/media\/28805"}],"wp:attachment":[{"href":"https:\/\/talkpal.ai\/sv\/wp-json\/wp\/v2\/media?parent=154643"}],"curies":[{"name":"wp","href":"https:\/\/api.w.org\/{rel}","templated":true}]}}