{"id":154350,"date":"2023-06-16T11:18:42","date_gmt":"2023-06-16T11:18:42","guid":{"rendered":"http:\/\/talkpal.ai\/afrikaans-grammatikovningar\/"},"modified":"2025-05-23T14:06:14","modified_gmt":"2025-05-23T14:06:14","slug":"afrikaans-grammatikovningar","status":"publish","type":"page","link":"https:\/\/talkpal.ai\/sv\/afrikaans-grammatikovningar\/","title":{"rendered":"Afrikaans grammatik\u00f6vningar"},"content":{"rendered":"\r\n\r\n\r\n<section class=\"languageChallengeSection\">\r\n    <div class=\"languageInfoWrapper\">\r\n        \r\n        <h1>Afrikaans grammatik\u00f6vningar<\/h1>\r\n        <p>\u00c4r du redo att utveckla dina kunskaper i <a href=\"https:\/\/talkpal.ai\/learn-afrikaans\/\">afrikaans<\/a>? Grammatik\u00f6vningar \u00e4r ett bra s\u00e4tt att l\u00e4ra sig att beh\u00e4rska meningsbyggnad, verbformer och afrikaansspr\u00e5kets unika egenskaper. B\u00f6rja arbeta med <a href=\"https:\/\/talkpal.ai\/es\/gramatica-afrikaans\/\">afrikaans grammatik<\/a> idag och se hur ditt sj\u00e4lvf\u00f6rtroende och din f\u00f6rm\u00e5ga att <a href=\"https:\/\/talkpal.ai\/locations\/language-courses-in-tala\/\">tala<\/a> flytande \u00f6kar med varje \u00f6vning!\n\n<\/p>\r\n\r\n                            <a class=\"getStartedHidden\" href=\"https:\/\/app.talkpal.ai\/sv\/signup?lng=\">Kom ig\u00e5ng<\/a>\r\n        \r\n    <\/div>\r\n\r\n    <figure>\r\n    <img decoding=\"async\" width=\"768\" height=\"768\" src=\"https:\/\/talkpal.ai\/wp-content\/uploads\/2023\/06\/afrikaans-768x768.png\" class=\"languageImage no-lazy\" alt=\"Default alt text\" fetchpriority=\"high\" sizes=\"(max-width: 768px) 150px, 768px\" srcset=\"https:\/\/talkpal.ai\/wp-content\/uploads\/2023\/06\/afrikaans-768x768.png 768w, https:\/\/talkpal.ai\/wp-content\/uploads\/2023\/06\/afrikaans-300x300.png 300w\" \/>\r\n    \r\n\r\n    <\/figure>\r\n\r\n            <a class=\"getStartedVisible\" href=\"https:\/\/app.talkpal.ai\/sv\/signup?lng=\">Kom ig\u00e5ng<\/a>\r\n    \r\n<\/section>\r\n\r\n\r\n<!-- <section class=\"grammarSection\">\r\n    <div class=\"grammarLinks\">\r\n        <a href=\"https:\/\/talkpal.ai\/sv\/exercise_language\/adjektiv-afrikaans-grammatik\/\">Adjektiv <\/a><a href=\"https:\/\/talkpal.ai\/sv\/exercise_language\/adverb-afrikaans-grammatik\/\">Adverb <\/a><a href=\"https:\/\/talkpal.ai\/sv\/exercise_language\/artiklar-afrikaans-grammatik\/\">Artiklar <\/a><a href=\"https:\/\/talkpal.ai\/sv\/exercise_language\/konditionaler-afrikaans-grammatik\/\">Konditionaler <\/a><a href=\"https:\/\/talkpal.ai\/sv\/exercise_language\/meningar-afrikaans-grammatik\/\">Meningar <\/a><a href=\"https:\/\/talkpal.ai\/sv\/exercise_language\/perfect-progressive-afrikaans-grammatik\/\">Perfect Progressive <\/a><a href=\"https:\/\/talkpal.ai\/sv\/exercise_language\/prepositioner-afrikaans-grammatik\/\">Prepositioner <\/a><a href=\"https:\/\/talkpal.ai\/sv\/exercise_language\/progressiv-afrikaans-grammatik-sv\/\">Progressiv <\/a><a href=\"https:\/\/talkpal.ai\/sv\/exercise_language\/pronomen-bestamningsfaktorer-afrikaans-grammatik\/\">Pronomen\/best\u00e4mningsfaktorer <\/a><a href=\"https:\/\/talkpal.ai\/sv\/exercise_language\/substantiv-afrikaans-grammatik\/\">Substantiv <\/a><a href=\"https:\/\/talkpal.ai\/sv\/exercise_language\/tempus-afrikaans-grammatik\/\">Tempus <\/a><a href=\"https:\/\/talkpal.ai\/sv\/exercise_language\/tempus-jamforelse-afrikaans-grammatik\/\">Tempus J\u00e4mf\u00f6relse <\/a><a href=\"https:\/\/talkpal.ai\/sv\/exercise_language\/verb-afrikaans-grammatik\/\">Verb <\/a>    <\/div>\r\n<\/section> -->\r\n\r\n\r\n\r\n\r\n        <section class=\"grammarSection\">\r\n            <div class=\"grammarLinks\">\r\n                <a href=\"https:\/\/talkpal.ai\/sv\/exercise_language\/adjektiv-afrikaans-grammatik\/\">Adjektiv <\/a><a href=\"https:\/\/talkpal.ai\/sv\/exercise_language\/adverb-afrikaans-grammatik\/\">Adverb <\/a><a href=\"https:\/\/talkpal.ai\/sv\/exercise_language\/artiklar-afrikaans-grammatik\/\">Artiklar <\/a><a href=\"https:\/\/talkpal.ai\/sv\/exercise_language\/konditionaler-afrikaans-grammatik\/\">Konditionaler <\/a><a href=\"https:\/\/talkpal.ai\/sv\/exercise_language\/meningar-afrikaans-grammatik\/\">Meningar <\/a><a href=\"https:\/\/talkpal.ai\/sv\/exercise_language\/perfect-progressive-afrikaans-grammatik\/\">Perfect Progressive <\/a><a href=\"https:\/\/talkpal.ai\/sv\/exercise_language\/prepositioner-afrikaans-grammatik\/\">Prepositioner <\/a><a href=\"https:\/\/talkpal.ai\/sv\/exercise_language\/progressiv-afrikaans-grammatik-sv\/\">Progressiv <\/a><a href=\"https:\/\/talkpal.ai\/sv\/exercise_language\/pronomen-bestamningsfaktorer-afrikaans-grammatik\/\">Pronomen\/best\u00e4mningsfaktorer <\/a><a href=\"https:\/\/talkpal.ai\/sv\/exercise_language\/substantiv-afrikaans-grammatik\/\">Substantiv <\/a><a href=\"https:\/\/talkpal.ai\/sv\/exercise_language\/tempus-afrikaans-grammatik\/\">Tempus <\/a><a href=\"https:\/\/talkpal.ai\/sv\/exercise_language\/tempus-jamforelse-afrikaans-grammatik\/\">Tempus J\u00e4mf\u00f6relse <\/a><a href=\"https:\/\/talkpal.ai\/sv\/exercise_language\/verb-afrikaans-grammatik\/\">Verb <\/a>            <\/div>\r\n        <\/section>\r\n<section class=\"promotionalBanner\">\r\n    <p class=\"promotionalText\">Det mest effektiva s\u00e4ttet att l\u00e4ra sig ett spr\u00e5k<\/p>\r\n    <a class=\"promotionalLink\" href=\"https:\/\/app.talkpal.ai\/sv\/signup?lng=\">Prova Talkpal gratis<\/a>\r\n<\/section>\n<div class=\"wp-block-group pageContainerStyle\"><div class=\"wp-block-group__inner-container is-layout-constrained wp-block-group-is-layout-constrained\">\n<h2 class=\"wp-block-heading\" id=\"h-afrikaans-grammar-topics\">Afrikaans Grammatik \u00c4mnen<\/h2>\n\n\n\n<p><a href=\"https:\/\/talkpal.ai\/learn-afrikaans\/\">Afrikaans<\/a>, ett v\u00e4stgermanskt spr\u00e5k, \u00e4r ett av de elva officiella spr\u00e5ken i Sydafrika och <a href=\"https:\/\/talkpal.ai\/locations\/language-courses-in-talas\/\">talas<\/a> av cirka 6 miljoner m\u00e4nniskor. Att l\u00e4ra sig afrikaans kan vara en berikande och givande upplevelse, eftersom det inte bara talas i Sydafrika utan \u00e4ven i Namibia och i mindre utstr\u00e4ckning i Zimbabwe och Botswana. Spr\u00e5ket \u00e4r relativt l\u00e4tt att l\u00e4ra sig, s\u00e4rskilt f\u00f6r <a href=\"https:\/\/talkpal.ai\/english-speaking-course\/\">engelsktalande<\/a>, eftersom det har en f\u00f6renklad <a href=\"https:\/\/talkpal.ai\/fr\/les\/\">grammatik<\/a> och delar m\u00e5nga ord med <a href=\"https:\/\/talkpal.ai\/learn-english-with-ai\/\">engelska<\/a> och nederl\u00e4ndska. I <a href=\"https:\/\/talkpal.ai\/culture\/how-do-i-use-den-har-and-det-har\/\">den h\u00e4r<\/a> guiden tar vi dig igenom de viktigaste afrikaans-grammatik\u00e4mnena som du beh\u00f6ver beh\u00e4rska f\u00f6r att kunna tala och f\u00f6rst\u00e5 spr\u00e5ket flytande.<\/p>\n\n\n\n<h3 class=\"wp-block-heading\" id=\"h-1-nouns-and-articles\">1. Substantiv och artiklar:<\/h3>\n\n\n\n<p>I afrikaans har substantiv inget genus, vilket g\u00f6r det l\u00e4ttare att l\u00e4ra sig j\u00e4mf\u00f6rt med andra germanska spr\u00e5k. Artiklarna \u00e4r ocks\u00e5 enkla, med &#8221;die&#8221; som best\u00e4md artikel och &#8221;n&#8221; eller &#8221;een&#8221; som obest\u00e4md artikel.<\/p>\n\n\n\n<h3 class=\"wp-block-heading\" id=\"h-2-pronouns-determiners\">2. Pronomen\/best\u00e4mningsord:<\/h3>\n\n\n\n<p>Pronomen \u00e4r ord som ers\u00e4tter substantiv och hj\u00e4lper till att undvika upprepning i en mening. Afrikaans har personliga, possessiva, demonstrativa och fr\u00e5gande pronomen, som \u00e4r viktiga f\u00f6r att bilda meningar.<\/p>\n\n\n\n<h3 class=\"wp-block-heading\" id=\"h-3-adjectives\">3. Adjektiv:<\/h3>\n\n\n\n<p>Adjektiv beskriver eller modifierar substantiv. P\u00e5 afrikaans kommer de vanligtvis f\u00f6re substantivet och \u00f6verensst\u00e4mmer i numerus med det. Det finns ingen k\u00f6ns\u00f6verenskommelse, vilket g\u00f6r det enklare att l\u00e4ra sig.<\/p>\n\n\n\n<h3 class=\"wp-block-heading\" id=\"h-4-verbs\">4. Verb:<\/h3>\n\n\n\n<p>Verb \u00e4r handlingsord och \u00e4r viktiga f\u00f6r att bilda meningar. P\u00e5 afrikaans b\u00f6js inte verben efter subjektet, vilket g\u00f6r det l\u00e4ttare att l\u00e4ra sig \u00e4n andra spr\u00e5k. Vanliga verb f\u00f6ljer ett enkelt m\u00f6nster, medan oregelbundna verb m\u00e5ste memoreras.<\/p>\n\n\n\n<h3 class=\"wp-block-heading\" id=\"h-5-tenses-and-tense-comparison\">5. Tempus och tempusj\u00e4mf\u00f6relse:<\/h3>\n\n\n\n<p>Afrikaans har tre huvudtempus: d\u00e5tid, nutid och framtid. Att l\u00e4ra sig att bilda och j\u00e4mf\u00f6ra dessa tempus \u00e4r avg\u00f6rande f\u00f6r att f\u00f6rst\u00e5 och tala spr\u00e5ket.<\/p>\n\n\n\n<h3 class=\"wp-block-heading\" id=\"h-6-progressive-and-perfect-progressive\">6. Progressiv och perfekt progressiv:<\/h3>\n\n\n\n<p>Progressiv tid anv\u00e4nds f\u00f6r att beskriva p\u00e5g\u00e5ende handlingar, medan perfekt progressiv indikerar handlingar som har slutf\u00f6rts. Att l\u00e4ra sig dessa tempus hj\u00e4lper till att uttrycka handlingar tydligt.<\/p>\n\n\n\n<h3 class=\"wp-block-heading\" id=\"h-7-adverbs\">7. Adverb:<\/h3>\n\n\n\n<p>Adverb modifierar verb, adjektiv eller andra adverb, vilket ger mer information om handlingen, kvaliteten eller s\u00e4ttet. De \u00e4r viktiga f\u00f6r att l\u00e4gga till detaljer i dina meningar.<\/p>\n\n\n\n<h3 class=\"wp-block-heading\" id=\"h-8-prepositions\">8. Prepositioner:<\/h3>\n\n\n\n<p>Prepositioner \u00e4r ord som visar f\u00f6rh\u00e5llandet mellan substantiv eller pronomen och andra ord i meningen. De \u00e4r avg\u00f6rande f\u00f6r att uttrycka plats, riktning, tid och andra relationer.<\/p>\n\n\n\n<h3 class=\"wp-block-heading\" id=\"h-9-conditionals\">9. Villkor:<\/h3>\n\n\n\n<p>Villkorliga meningar uttrycker en handling eller ett tillst\u00e5nd som \u00e4r beroende av att ett villkor uppfylls. Att l\u00e4ra sig villkor hj\u00e4lper dig att uttrycka hypotetiska situationer och konsekvenser.<\/p>\n\n\n\n<h3 class=\"wp-block-heading\" id=\"h-10-sentences\">10. Meningar:<\/h3>\n\n\n\n<p>Att f\u00f6rst\u00e5 strukturen i afrikaans-meningar \u00e4r avg\u00f6rande f\u00f6r att bilda dina egna meningar och f\u00f6rst\u00e5 vad andra s\u00e4ger. Att veta hur man anv\u00e4nder alla grammatiska komponenter som n\u00e4mns ovan hj\u00e4lper dig att skapa tydliga och sammanh\u00e4ngande meningar.<\/p>\n<\/div><\/div>\n\r\n<section class=\"learnNavigationSection\">\r\n            \r\n        <a href=\"https:\/\/talkpal.ai\/sv\/lar-dig-afrikaans\/\">\r\n            <div class=\"learnNavigationWrapper\">\r\n                <div class=\"learnNavigationContent\">\r\n                    <img decoding=\"async\" src=\"https:\/\/talkpal.ai\/wp-content\/uploads\/2024\/08\/Afrikaans.jpg\" alt=\"South Africa Flag\">\r\n                    <div>\r\n                        <h4>Om Afrikaans Learning<\/h4>\r\n                        <p>Ta reda p\u00e5 allt om afrikaansk grammatik.<\/p>\r\n                    <\/div>\r\n                <\/div>\r\n            <\/div>\r\n        <\/a>\r\n\r\n        \r\n        <a href=\"https:\/\/talkpal.ai\/sv\/afrikaans-grammatik\/\">\r\n            <div class=\"learnNavigationWrapper\">\r\n                <div class=\"learnNavigationContent\">\r\n                    <img decoding=\"async\" src=\"https:\/\/talkpal.ai\/wp-content\/uploads\/2024\/08\/Afrikaans.jpg\" alt=\"South Africa Flag\">\r\n                    <div>\r\n                        <h4>Afrikaans Grammatik Lektioner<\/h4>\r\n                        <p>\u00d6va afrikaans grammatik.<\/p>\r\n                    <\/div>\r\n                <\/div>\r\n            <\/div>\r\n        <\/a>\r\n\r\n        \r\n        <a href=\"https:\/\/talkpal.ai\/vocabulary_language\/afrikaans\/\">\r\n            <div class=\"learnNavigationWrapper\">\r\n                <div class=\"learnNavigationContent\">\r\n                    <img decoding=\"async\" src=\"https:\/\/talkpal.ai\/wp-content\/uploads\/2024\/08\/Afrikaans.jpg\" alt=\"South Africa Flag\">\r\n                    <div>\r\n                        <h4>Ordf\u00f6rr\u00e5d p\u00e5 afrikaans<\/h4>\r\n                        <p>Ut\u00f6ka ditt ordf\u00f6rr\u00e5d p\u00e5 afrikaans.<\/p>\r\n                    <\/div>\r\n                <\/div>\r\n            <\/div>\r\n        <\/a>\r\n\r\n            <\/section>","protected":false},"excerpt":{"rendered":"<p>Afrikaans Grammatik \u00c4mnen Afrikaans, ett v\u00e4stgermanskt spr\u00e5k, \u00e4r ett av de elva officiella spr\u00e5ken i Sydafrika och talas av cirka 6 miljoner m\u00e4nniskor. Att l\u00e4ra sig afrikaans kan vara en berikande och givande upplevelse, eftersom det inte bara talas i Sydafrika utan \u00e4ven i Namibia och i mindre utstr\u00e4ckning i Zimbabwe och Botswana. Spr\u00e5ket \u00e4r [&hellip;]<\/p>\n","protected":false},"author":6,"featured_media":28677,"parent":0,"menu_order":0,"comment_status":"closed","ping_status":"closed","template":"LearningContentPage.php","meta":{"_acf_changed":false,"footnotes":""},"class_list":["post-154350","page","type-page","status-publish","has-post-thumbnail","hentry"],"acf":[],"yoast_head":"<!-- This site is optimized with the Yoast SEO Premium plugin v27.2 (Yoast SEO v27.2) - https:\/\/yoast.com\/product\/yoast-seo-premium-wordpress\/ -->\n<title>Afrikaans grammatik\u00f6vningar - Talkpal<\/title>\n<meta name=\"description\" content=\"Beh\u00e4rska afrikaans med engagerande \u00f6vningar i afrikaans grammatik som \u00e4r utformade f\u00f6r att f\u00f6rb\u00e4ttra dina spr\u00e5kkunskaper och ditt flyt.\" \/>\n<meta name=\"robots\" content=\"index, follow, max-snippet:-1, max-image-preview:large, max-video-preview:-1\" \/>\n<link rel=\"canonical\" href=\"https:\/\/talkpal.ai\/sv\/afrikaans-grammatikovningar\/\" \/>\n<meta property=\"og:locale\" content=\"sv_SE\" \/>\n<meta property=\"og:type\" content=\"article\" \/>\n<meta property=\"og:title\" content=\"Afrikaans grammatik\u00f6vningar\" \/>\n<meta property=\"og:description\" content=\"Afrikaans Grammatik \u00c4mnen Afrikaans, ett v\u00e4stgermanskt spr\u00e5k, \u00e4r ett av de elva officiella spr\u00e5ken i Sydafrika och talas av cirka 6 miljoner m\u00e4nniskor.\" \/>\n<meta property=\"og:url\" content=\"https:\/\/talkpal.ai\/sv\/afrikaans-grammatikovningar\/\" \/>\n<meta property=\"og:site_name\" content=\"Talkpal\" \/>\n<meta property=\"article:publisher\" content=\"https:\/\/www.facebook.com\/profile.php?id=100090733639311\" \/>\n<meta property=\"article:modified_time\" content=\"2025-05-23T14:06:14+00:00\" \/>\n<meta property=\"og:image\" content=\"https:\/\/talkpal.ai\/wp-content\/uploads\/2023\/05\/south-africa.png\" \/>\n\t<meta property=\"og:image:width\" content=\"512\" \/>\n\t<meta property=\"og:image:height\" content=\"512\" \/>\n\t<meta property=\"og:image:type\" content=\"image\/png\" \/>\n<meta name=\"twitter:card\" content=\"summary_large_image\" \/>\n<meta name=\"twitter:site\" content=\"@talkpalai\" \/>\n<meta name=\"twitter:label1\" content=\"Ber\u00e4knad l\u00e4stid\" \/>\n\t<meta name=\"twitter:data1\" content=\"3 minuter\" \/>\n<script type=\"application\/ld+json\" class=\"yoast-schema-graph\">{\"@context\":\"https:\/\/schema.org\",\"@graph\":[{\"@type\":\"WebPage\",\"@id\":\"https:\/\/talkpal.ai\/sv\/afrikaans-grammatikovningar\/\",\"url\":\"https:\/\/talkpal.ai\/sv\/afrikaans-grammatikovningar\/\",\"name\":\"Afrikaans grammatik\u00f6vningar - Talkpal\",\"isPartOf\":{\"@id\":\"https:\/\/talkpal.ai\/sv\/#website\"},\"primaryImageOfPage\":{\"@id\":\"https:\/\/talkpal.ai\/sv\/afrikaans-grammatikovningar\/#primaryimage\"},\"image\":{\"@id\":\"https:\/\/talkpal.ai\/sv\/afrikaans-grammatikovningar\/#primaryimage\"},\"thumbnailUrl\":\"https:\/\/talkpal.ai\/wp-content\/uploads\/2023\/05\/south-africa.png\",\"datePublished\":\"2023-06-16T11:18:42+00:00\",\"dateModified\":\"2025-05-23T14:06:14+00:00\",\"description\":\"Beh\u00e4rska afrikaans med engagerande \u00f6vningar i afrikaans grammatik som \u00e4r utformade f\u00f6r att f\u00f6rb\u00e4ttra dina spr\u00e5kkunskaper och ditt flyt.\",\"breadcrumb\":{\"@id\":\"https:\/\/talkpal.ai\/sv\/afrikaans-grammatikovningar\/#breadcrumb\"},\"inLanguage\":\"sv-SE\",\"potentialAction\":[{\"@type\":\"ReadAction\",\"target\":[\"https:\/\/talkpal.ai\/sv\/afrikaans-grammatikovningar\/\"]}]},{\"@type\":\"ImageObject\",\"inLanguage\":\"sv-SE\",\"@id\":\"https:\/\/talkpal.ai\/sv\/afrikaans-grammatikovningar\/#primaryimage\",\"url\":\"https:\/\/talkpal.ai\/wp-content\/uploads\/2023\/05\/south-africa.png\",\"contentUrl\":\"https:\/\/talkpal.ai\/wp-content\/uploads\/2023\/05\/south-africa.png\",\"width\":512,\"height\":512},{\"@type\":\"BreadcrumbList\",\"@id\":\"https:\/\/talkpal.ai\/sv\/afrikaans-grammatikovningar\/#breadcrumb\",\"itemListElement\":[{\"@type\":\"ListItem\",\"position\":1,\"name\":\"Homepage\",\"item\":\"https:\/\/talkpal.ai\/sv\/\"},{\"@type\":\"ListItem\",\"position\":2,\"name\":\"Afrikaans grammatik\u00f6vningar\"}]},{\"@type\":\"WebSite\",\"@id\":\"https:\/\/talkpal.ai\/sv\/#website\",\"url\":\"https:\/\/talkpal.ai\/sv\/\",\"name\":\"Talkpal\",\"description\":\"AI Language Learning\",\"publisher\":{\"@id\":\"https:\/\/talkpal.ai\/sv\/#organization\"},\"alternateName\":\"Talkpal AI\",\"potentialAction\":[{\"@type\":\"SearchAction\",\"target\":{\"@type\":\"EntryPoint\",\"urlTemplate\":\"https:\/\/talkpal.ai\/sv\/?s={search_term_string}\"},\"query-input\":{\"@type\":\"PropertyValueSpecification\",\"valueRequired\":true,\"valueName\":\"search_term_string\"}}],\"inLanguage\":\"sv-SE\"},{\"@type\":\"Organization\",\"@id\":\"https:\/\/talkpal.ai\/sv\/#organization\",\"name\":\"Talkpal, Inc.\",\"alternateName\":\"Talkpal AI\",\"url\":\"https:\/\/talkpal.ai\/sv\/\",\"logo\":{\"@type\":\"ImageObject\",\"inLanguage\":\"sv-SE\",\"@id\":\"https:\/\/talkpal.ai\/sv\/#\/schema\/logo\/image\/\",\"url\":\"https:\/\/talkpal.ai\/wp-content\/uploads\/2024\/03\/Talkpal-Logo-Icon.png\",\"contentUrl\":\"https:\/\/talkpal.ai\/wp-content\/uploads\/2024\/03\/Talkpal-Logo-Icon.png\",\"width\":2880,\"height\":2880,\"caption\":\"Talkpal, Inc.\"},\"image\":{\"@id\":\"https:\/\/talkpal.ai\/sv\/#\/schema\/logo\/image\/\"},\"sameAs\":[\"https:\/\/www.facebook.com\/profile.php?id=100090733639311\",\"https:\/\/x.com\/talkpalai\",\"https:\/\/www.linkedin.com\/company\/talkpal\/\",\"https:\/\/www.youtube.com\/@TalkPal\/\",\"https:\/\/www.tiktok.com\/@talkpal\",\"https:\/\/www.instagram.com\/talkpal_ai\/\",\"https:\/\/www.crunchbase.com\/organization\/talkpal-9cde\",\"https:\/\/www.g2.com\/products\/talkpal-for-business\/\",\"https:\/\/www.trustpilot.com\/review\/talkpal.ai\",\"https:\/\/www.capterra.com\/p\/10006800\/TalkPal\/\"],\"description\":\"Talkpal is a language learning web and mobile education app, powered by the latest AI technologies, that provides engaging experiences to its customers in many different languages to help them improve their language skills. Users can chat about unlimited amount of topics with the app and use other modes to practice their language learning.\",\"email\":\"support@talkpal.ai\",\"legalName\":\"Talkpal, Inc.\",\"foundingDate\":\"2023-04-03\",\"duns\":\"118989042\",\"numberOfEmployees\":{\"@type\":\"QuantitativeValue\",\"minValue\":\"11\",\"maxValue\":\"50\"},\"publishingPrinciples\":\"https:\/\/talkpal.ai\/publishing-principles\/\",\"actionableFeedbackPolicy\":\"https:\/\/talkpal.ai\/actionable-feedback-policy\/\",\"correctionsPolicy\":\"https:\/\/talkpal.ai\/corrections-policy\/\",\"ethicsPolicy\":\"https:\/\/talkpal.ai\/ethics-policy\/\",\"diversityPolicy\":\"https:\/\/talkpal.ai\/diversity-policy\/\",\"diversityStaffingReport\":\"https:\/\/talkpal.ai\/diversity-policy\/\"}]}<\/script>\n<!-- \/ Yoast SEO Premium plugin. -->","yoast_head_json":{"title":"Afrikaans grammatik\u00f6vningar - Talkpal","description":"Beh\u00e4rska afrikaans med engagerande \u00f6vningar i afrikaans grammatik som \u00e4r utformade f\u00f6r att f\u00f6rb\u00e4ttra dina spr\u00e5kkunskaper och ditt flyt.","robots":{"index":"index","follow":"follow","max-snippet":"max-snippet:-1","max-image-preview":"max-image-preview:large","max-video-preview":"max-video-preview:-1"},"canonical":"https:\/\/talkpal.ai\/sv\/afrikaans-grammatikovningar\/","og_locale":"sv_SE","og_type":"article","og_title":"Afrikaans grammatik\u00f6vningar","og_description":"Afrikaans Grammatik \u00c4mnen Afrikaans, ett v\u00e4stgermanskt spr\u00e5k, \u00e4r ett av de elva officiella spr\u00e5ken i Sydafrika och talas av cirka 6 miljoner m\u00e4nniskor.","og_url":"https:\/\/talkpal.ai\/sv\/afrikaans-grammatikovningar\/","og_site_name":"Talkpal","article_publisher":"https:\/\/www.facebook.com\/profile.php?id=100090733639311","article_modified_time":"2025-05-23T14:06:14+00:00","og_image":[{"width":512,"height":512,"url":"https:\/\/talkpal.ai\/wp-content\/uploads\/2023\/05\/south-africa.png","type":"image\/png"}],"twitter_card":"summary_large_image","twitter_site":"@talkpalai","twitter_misc":{"Ber\u00e4knad l\u00e4stid":"3 minuter"},"schema":{"@context":"https:\/\/schema.org","@graph":[{"@type":"WebPage","@id":"https:\/\/talkpal.ai\/sv\/afrikaans-grammatikovningar\/","url":"https:\/\/talkpal.ai\/sv\/afrikaans-grammatikovningar\/","name":"Afrikaans grammatik\u00f6vningar - Talkpal","isPartOf":{"@id":"https:\/\/talkpal.ai\/sv\/#website"},"primaryImageOfPage":{"@id":"https:\/\/talkpal.ai\/sv\/afrikaans-grammatikovningar\/#primaryimage"},"image":{"@id":"https:\/\/talkpal.ai\/sv\/afrikaans-grammatikovningar\/#primaryimage"},"thumbnailUrl":"https:\/\/talkpal.ai\/wp-content\/uploads\/2023\/05\/south-africa.png","datePublished":"2023-06-16T11:18:42+00:00","dateModified":"2025-05-23T14:06:14+00:00","description":"Beh\u00e4rska afrikaans med engagerande \u00f6vningar i afrikaans grammatik som \u00e4r utformade f\u00f6r att f\u00f6rb\u00e4ttra dina spr\u00e5kkunskaper och ditt flyt.","breadcrumb":{"@id":"https:\/\/talkpal.ai\/sv\/afrikaans-grammatikovningar\/#breadcrumb"},"inLanguage":"sv-SE","potentialAction":[{"@type":"ReadAction","target":["https:\/\/talkpal.ai\/sv\/afrikaans-grammatikovningar\/"]}]},{"@type":"ImageObject","inLanguage":"sv-SE","@id":"https:\/\/talkpal.ai\/sv\/afrikaans-grammatikovningar\/#primaryimage","url":"https:\/\/talkpal.ai\/wp-content\/uploads\/2023\/05\/south-africa.png","contentUrl":"https:\/\/talkpal.ai\/wp-content\/uploads\/2023\/05\/south-africa.png","width":512,"height":512},{"@type":"BreadcrumbList","@id":"https:\/\/talkpal.ai\/sv\/afrikaans-grammatikovningar\/#breadcrumb","itemListElement":[{"@type":"ListItem","position":1,"name":"Homepage","item":"https:\/\/talkpal.ai\/sv\/"},{"@type":"ListItem","position":2,"name":"Afrikaans grammatik\u00f6vningar"}]},{"@type":"WebSite","@id":"https:\/\/talkpal.ai\/sv\/#website","url":"https:\/\/talkpal.ai\/sv\/","name":"Talkpal","description":"AI Language Learning","publisher":{"@id":"https:\/\/talkpal.ai\/sv\/#organization"},"alternateName":"Talkpal AI","potentialAction":[{"@type":"SearchAction","target":{"@type":"EntryPoint","urlTemplate":"https:\/\/talkpal.ai\/sv\/?s={search_term_string}"},"query-input":{"@type":"PropertyValueSpecification","valueRequired":true,"valueName":"search_term_string"}}],"inLanguage":"sv-SE"},{"@type":"Organization","@id":"https:\/\/talkpal.ai\/sv\/#organization","name":"Talkpal, Inc.","alternateName":"Talkpal AI","url":"https:\/\/talkpal.ai\/sv\/","logo":{"@type":"ImageObject","inLanguage":"sv-SE","@id":"https:\/\/talkpal.ai\/sv\/#\/schema\/logo\/image\/","url":"https:\/\/talkpal.ai\/wp-content\/uploads\/2024\/03\/Talkpal-Logo-Icon.png","contentUrl":"https:\/\/talkpal.ai\/wp-content\/uploads\/2024\/03\/Talkpal-Logo-Icon.png","width":2880,"height":2880,"caption":"Talkpal, Inc."},"image":{"@id":"https:\/\/talkpal.ai\/sv\/#\/schema\/logo\/image\/"},"sameAs":["https:\/\/www.facebook.com\/profile.php?id=100090733639311","https:\/\/x.com\/talkpalai","https:\/\/www.linkedin.com\/company\/talkpal\/","https:\/\/www.youtube.com\/@TalkPal\/","https:\/\/www.tiktok.com\/@talkpal","https:\/\/www.instagram.com\/talkpal_ai\/","https:\/\/www.crunchbase.com\/organization\/talkpal-9cde","https:\/\/www.g2.com\/products\/talkpal-for-business\/","https:\/\/www.trustpilot.com\/review\/talkpal.ai","https:\/\/www.capterra.com\/p\/10006800\/TalkPal\/"],"description":"Talkpal is a language learning web and mobile education app, powered by the latest AI technologies, that provides engaging experiences to its customers in many different languages to help them improve their language skills. Users can chat about unlimited amount of topics with the app and use other modes to practice their language learning.","email":"support@talkpal.ai","legalName":"Talkpal, Inc.","foundingDate":"2023-04-03","duns":"118989042","numberOfEmployees":{"@type":"QuantitativeValue","minValue":"11","maxValue":"50"},"publishingPrinciples":"https:\/\/talkpal.ai\/publishing-principles\/","actionableFeedbackPolicy":"https:\/\/talkpal.ai\/actionable-feedback-policy\/","correctionsPolicy":"https:\/\/talkpal.ai\/corrections-policy\/","ethicsPolicy":"https:\/\/talkpal.ai\/ethics-policy\/","diversityPolicy":"https:\/\/talkpal.ai\/diversity-policy\/","diversityStaffingReport":"https:\/\/talkpal.ai\/diversity-policy\/"}]}},"_links":{"self":[{"href":"https:\/\/talkpal.ai\/sv\/wp-json\/wp\/v2\/pages\/154350","targetHints":{"allow":["GET"]}}],"collection":[{"href":"https:\/\/talkpal.ai\/sv\/wp-json\/wp\/v2\/pages"}],"about":[{"href":"https:\/\/talkpal.ai\/sv\/wp-json\/wp\/v2\/types\/page"}],"author":[{"embeddable":true,"href":"https:\/\/talkpal.ai\/sv\/wp-json\/wp\/v2\/users\/6"}],"replies":[{"embeddable":true,"href":"https:\/\/talkpal.ai\/sv\/wp-json\/wp\/v2\/comments?post=154350"}],"version-history":[{"count":0,"href":"https:\/\/talkpal.ai\/sv\/wp-json\/wp\/v2\/pages\/154350\/revisions"}],"wp:featuredmedia":[{"embeddable":true,"href":"https:\/\/talkpal.ai\/sv\/wp-json\/wp\/v2\/media\/28677"}],"wp:attachment":[{"href":"https:\/\/talkpal.ai\/sv\/wp-json\/wp\/v2\/media?parent=154350"}],"curies":[{"name":"wp","href":"https:\/\/api.w.org\/{rel}","templated":true}]}}