{"id":153823,"date":"2023-05-14T14:25:05","date_gmt":"2023-05-14T14:25:05","guid":{"rendered":"http:\/\/talkpal.ai\/swahili-grammatik\/"},"modified":"2025-12-13T15:50:10","modified_gmt":"2025-12-13T15:50:10","slug":"swahili-grammatik","status":"publish","type":"page","link":"https:\/\/talkpal.ai\/sv\/swahili-grammatik\/","title":{"rendered":"Swahili Grammatik"},"content":{"rendered":"\r\n\r\n\r\n<section class=\"languageChallengeSection\">\r\n    <div class=\"languageInfoWrapper\">\r\n        \r\n        <h1>Swahili Grammatik<\/h1>\r\n        <p>Avsl\u00f6ja hemligheterna bakom swahilis <a href=\"https:\/\/talkpal.ai\/fr\/les\/\">grammatik<\/a> och f\u00f6rb\u00e4ttra dina spr\u00e5kkunskaper med engagerande lektioner och exempel fr\u00e5n verkliga livet. F\u00f6rdjupa dig i grunderna f\u00f6r meningsbyggnad, verbm\u00f6nster och viktiga grammatikregler. Praktisera det du l\u00e4r dig med interaktiva \u00f6vningar som \u00e4r utformade f\u00f6r att f\u00f6rst\u00e4rka din f\u00f6rst\u00e5else. B\u00f6rja bem\u00e4stra Swahilis grammatik idag och kommunicera med st\u00f6rre sj\u00e4lvf\u00f6rtroende!<\/p>\r\n\r\n                            <a class=\"getStartedHidden\" href=\"https:\/\/app.talkpal.ai\/sv\/signup?lng=\">Kom ig\u00e5ng<\/a>\r\n        \r\n    <\/div>\r\n\r\n    <figure>\r\n    <img decoding=\"async\" width=\"768\" height=\"768\" src=\"https:\/\/talkpal.ai\/wp-content\/uploads\/2023\/06\/Swahili-768x768.png\" class=\"languageImage no-lazy\" alt=\"Default alt text\" fetchpriority=\"high\" sizes=\"(max-width: 768px) 150px, 768px\" srcset=\"https:\/\/talkpal.ai\/wp-content\/uploads\/2023\/06\/Swahili-768x768.png 768w, https:\/\/talkpal.ai\/wp-content\/uploads\/2023\/06\/Swahili-300x300.png 300w\" \/>\r\n    \r\n\r\n    <\/figure>\r\n\r\n            <a class=\"getStartedVisible\" href=\"https:\/\/app.talkpal.ai\/sv\/signup?lng=\">Kom ig\u00e5ng<\/a>\r\n    \r\n<\/section>\r\n        <section class=\"grammarSection\">\r\n            <div class=\"grammarLinks\">\r\n                <a href=\"https:\/\/talkpal.ai\/sv\/language\/adjektiv-swahili-grammatik\/\">Adjektiv <\/a><a href=\"https:\/\/talkpal.ai\/sv\/language\/adverb-swahili-grammatik\/\">Adverb <\/a><a href=\"https:\/\/talkpal.ai\/sv\/language\/artiklar-swahili-grammatik\/\">Artiklar <\/a><a href=\"https:\/\/talkpal.ai\/sv\/language\/jamforelse-av-tempus-swahili-grammatik\/\">J\u00e4mf\u00f6relse av tempus <\/a><a href=\"https:\/\/talkpal.ai\/sv\/language\/konditionaler-swahili-grammatik\/\">Konditionaler <\/a><a href=\"https:\/\/talkpal.ai\/sv\/language\/meningar-swahili-grammatik\/\">Meningar <\/a><a href=\"https:\/\/talkpal.ai\/sv\/language\/perfect-progressive-swahili-grammatik\/\">Perfect Progressive <\/a><a href=\"https:\/\/talkpal.ai\/sv\/language\/prepositioner-swahili-grammatik\/\">Prepositioner <\/a><a href=\"https:\/\/talkpal.ai\/sv\/language\/progressiv-swahili-grammatik-sv\/\">Progressiv <\/a><a href=\"https:\/\/talkpal.ai\/sv\/language\/pronomen-bestamningsfaktorer-swahili-grammatik\/\">Pronomen\/best\u00e4mningsfaktorer <\/a><a href=\"https:\/\/talkpal.ai\/sv\/language\/substantiv-swahili-grammatik\/\">Substantiv <\/a><a href=\"https:\/\/talkpal.ai\/sv\/language\/tempus-swahili-grammatik\/\">Tempus <\/a><a href=\"https:\/\/talkpal.ai\/sv\/language\/verb-swahili-grammatik\/\">Verb <\/a>            <\/div>\r\n        <\/section>\r\n    <section class=\"promotionalBanner\">\r\n    <p class=\"promotionalText\">Det mest effektiva s\u00e4ttet att l\u00e4ra sig ett spr\u00e5k<\/p>\r\n    <a class=\"promotionalLink\" href=\"https:\/\/app.talkpal.ai\/sv\/signup?lng=\">Prova Talkpal gratis<\/a>\r\n<\/section>\n<div class=\"wp-block-group pageContainerStyle\"><div class=\"wp-block-group__inner-container is-layout-constrained wp-block-group-is-layout-constrained\">\n<h2 class=\"wp-block-heading\" id=\"h-swahili-grammar-demystifying-the-linguistic-adventure\">Swahili grammatik: Avmystifiera det spr\u00e5kliga \u00e4ventyret<\/h2>\n\n\n\n<p>Swahilis grammatik &#8211; inbjudande men g\u00e5tfull, flytande men sp\u00e4nnande, livfull men fascinerande. N\u00e4r du ger dig ut p\u00e5 din spr\u00e5kliga resa i <a href=\"https:\/\/talkpal.ai\/learn-swahili\/\">swahili<\/a> kan du st\u00f6ta p\u00e5 en blandning av fascination och os\u00e4kerhet. Oroa dig inte, andra spr\u00e5kfanatiker! Vi \u00e4r h\u00e4r f\u00f6r att hj\u00e4lpa dig att navigera i dessa sp\u00e4nnande spr\u00e5kliga vatten!<\/p>\n\n\n\n<p>I <a href=\"https:\/\/talkpal.ai\/culture\/how-do-i-use-den-har-and-det-har\/\">den h\u00e4r<\/a> artikeln kommer vi att ge en omfattande \u00f6versikt \u00f6ver <a href=\"https:\/\/talkpal.ai\/swahili-grammar\/\">swahili grammatik<\/a>, utforska nyckelkomponenter, erbjuda f\u00f6rklaringar och exempel och f\u00f6renkla kr\u00e5ngligheterna. S\u00e5 l\u00e5t <a href=\"https:\/\/talkpal.ai\/locations\/language-courses-in-oss\/\">oss<\/a> sl\u00e4ppa loss swahilispr\u00e5kets magi och avsl\u00f6ja grammatikens mysterier!<\/p>\n\n\n\n<h3 class=\"wp-block-heading\" id=\"h-1-noun-classes-from-people-to-abstract-ideas\">1. Substantivklasser: Fr\u00e5n m\u00e4nniskor till abstrakta id\u00e9er<\/h3>\n\n\n\n<p><a href=\"https:\/\/talkpal.ai\/swahili-grammar\/\">Swahili grammatik<\/a> kretsar kring ett distinkt men viktigt substantivklassificeringssystem. Substantiv \u00e4r ordnade i olika klasser baserat p\u00e5 deras betydelse eller egenskaper, och varje klass har ett specifikt prefix. \u00c4ven om detta kan verka skr\u00e4mmande, \u00e4r det avg\u00f6rande f\u00f6r att skapa \u00f6verensst\u00e4mmelse mellan substantiv, adjektiv och verb.<\/p>\n\n\n\n<p>F\u00f6r att f\u00f6renkla den h\u00e4r processen kan du b\u00f6rja med att fokusera p\u00e5 de vanligaste substantivklasserna:<\/p>\n\n\n\n<p><strong>&#8211; Klass 1: M\u00e4nniskor (t.ex. mtu &#8211; person)<\/strong><\/p>\n\n\n\n<p><strong>&#8211; Klass 2: Pluralis av substantiv i klass 1 (t.ex. watu &#8211; m\u00e4nniskor)<\/strong><\/p>\n\n\n\n<p><strong>&#8211; Klass 3: Tr\u00e4d, v\u00e4xter och abstrakta substantiv (t.ex. mti &#8211; tr\u00e4d)<\/strong><\/p>\n\n\n\n<p><strong>&#8211; Klass 4: Livl\u00f6sa f\u00f6rem\u00e5l och abstrakta substantiv (t.ex. kiti &#8211; stol)<\/strong><\/p>\n\n\n\n<p>Kom ih\u00e5g att \u00f6vning ger f\u00e4rdighet, och att f\u00f6rst\u00e5 substantivklasser kommer att bli l\u00e4ttare med tiden!<\/p>\n\n\n\n<h3 class=\"wp-block-heading\" id=\"h-2-adjectives-from-basic-to-intricate-agreement\">2. Adjektiv: Fr\u00e5n grundl\u00e4ggande till invecklad \u00f6verenskommelse<\/h3>\n\n\n\n<p>Adjektiv p\u00e5 <a href=\"https:\/\/talkpal.ai\/learn-swahili\/\">swahili<\/a> \u00f6verensst\u00e4mmer med substantivklassen och numerusen de modifierar. Som ett resultat har adjektiv flera prefix f\u00f6r att motsvara olika substantivklasser. Den goda nyheten \u00e4r att m\u00e5nga adjektiv delar samma rotord, vilket g\u00f6r det l\u00e4ttare att l\u00e4ra sig dem.<\/p>\n\n\n\n<p>Till exempel betyder roten &#8221;-refu&#8221; &#8221;l\u00e5ng&#8221;. Beroende p\u00e5 substantivklass kan det f\u00f6rekomma som &#8221;mrefu&#8221; (klass 1), &#8221;wazuri&#8221; (klass 2), &#8221;jurefu&#8221; (klass 3) och s\u00e5 vidare. Med \u00f6vning blir det enkelt att f\u00e5 grepp om adjektiv-substantivkongruens!<\/p>\n\n\n\n<h3 class=\"wp-block-heading\" id=\"h-3-verbs-tense-subject-and-object\">3. Verb: tempus, subjekt och objekt<\/h3>\n\n\n\n<p>Swahili-verb \u00e4r som effektiva schweiziska arm\u00e9knivar, som kompakt f\u00f6rmedlar tempus, subjekt och objekt, allt i ett snyggt paket. Tempus bildas genom att f\u00e4sta tempusmark\u00f6rer till verbroten, medan subjekts- och objektmark\u00f6rer uttrycker vem som \u00e4r involverad i handlingen.<\/p>\n\n\n\n<p>Till exempel betyder roten &#8221;-soma&#8221; &#8221;att l\u00e4sa&#8221;. Genom att l\u00e4gga till olika prefix och suffix kan du skapa m\u00e5nga variationer: &#8221;anasoma&#8221; (han\/hon l\u00e4ser), &#8221;alisoma&#8221; (han\/hon l\u00e4ser) eller &#8221;atasoma&#8221; (han\/hon kommer att l\u00e4sa).<\/p>\n\n\n\n<h3 class=\"wp-block-heading\" id=\"h-4-word-order-subject-verb-object-for-clarity\">4. Ordf\u00f6ljd: subjekt-verb-objekt f\u00f6r tydlighetens skull<\/h3>\n\n\n\n<p>Swahili f\u00f6ljer en enkel men tydlig ordf\u00f6ljd (SVO) som liknar engelskan, vilket g\u00f6r meningsuppbyggnaden mindre skr\u00e4mmande. Till exempel kan &#8221;Mwanafunzi anasoma kitabu&#8221; direkt \u00f6vers\u00e4ttas till &#8221;Student (subjekt) l\u00e4ser (verb) bok (objekt)&#8221;.<\/p>\n\n\n\n<h3 class=\"wp-block-heading\" id=\"h-5-embrace-the-challenges-practice-is-key\">5. Omfamna utmaningarna: \u00d6vning \u00e4r nyckeln<\/h3>\n\n\n\n<p>Att dyka ner i swahili-grammatiken kan k\u00e4nnas lite \u00f6verv\u00e4ldigande till en b\u00f6rjan. T\u00e4nk dock p\u00e5 att t\u00e5lamod, \u00f6vning och uth\u00e5llighet \u00e4r hemligheterna till framg\u00e5ng. Engagera dig i spr\u00e5ket genom att l\u00e4sa, skriva, lyssna och tala f\u00f6r att f\u00f6rb\u00e4ttra din f\u00f6rst\u00e5else och ditt sj\u00e4lvf\u00f6rtroende.<\/p>\n\n\n\n<p>S\u00e5, \u00e4r du redo att utforska underverken i swahili-grammatik? Omfamna dess kr\u00e5ngligheter, njut av nyanserna och kom ih\u00e5g att du med engagemang och entusiasm kan l\u00e5sa upp den sanna sk\u00f6nheten i swahilispr\u00e5ket. Bahati njema! (Lycka till!)<\/p>\n<\/div><\/div>\n\r\n<section class=\"learnNavigationSection\">\r\n            \r\n        <a href=\"https:\/\/talkpal.ai\/sv\/lar-dig-swahili\/\">\r\n            <div class=\"learnNavigationWrapper\">\r\n                <div class=\"learnNavigationContent\">\r\n                    <img decoding=\"async\" src=\"https:\/\/talkpal.ai\/wp-content\/uploads\/2024\/08\/Swahili.jpg\" alt=\"Kenya and Tanzania Flags\">\r\n                    <div>\r\n                        <h4>Om att l\u00e4ra sig swahili<\/h4>\r\n                        <p>Ta reda p\u00e5 allt om swahilisk grammatik.<\/p>\r\n                    <\/div>\r\n                <\/div>\r\n            <\/div>\r\n        <\/a>\r\n\r\n        \r\n        <a href=\"https:\/\/talkpal.ai\/sv\/swahili-grammatikovningar\/\">\r\n            <div class=\"learnNavigationWrapper\">\r\n                <div class=\"learnNavigationContent\">\r\n                    <img decoding=\"async\" src=\"https:\/\/talkpal.ai\/wp-content\/uploads\/2024\/08\/Swahili.jpg\" alt=\"Kenya and Tanzania Flags\">\r\n                    <div>\r\n                        <h4>Swahili grammatik \u00f6vning<\/h4>\r\n                        <p>\u00d6va p\u00e5 swahili-grammatik .<\/p>\r\n                    <\/div>\r\n                <\/div>\r\n            <\/div>\r\n        <\/a>\r\n\r\n        \r\n        <a href=\"https:\/\/talkpal.ai\/vocabulary_language\/swahili\/\">\r\n            <div class=\"learnNavigationWrapper\">\r\n                <div class=\"learnNavigationContent\">\r\n                    <img decoding=\"async\" src=\"https:\/\/talkpal.ai\/wp-content\/uploads\/2024\/08\/Swahili.jpg\" alt=\"Kenya and Tanzania Flags\">\r\n                    <div>\r\n                        <h4>Ordf\u00f6rr\u00e5d p\u00e5 swahili<\/h4>\r\n                        <p>Ut\u00f6ka ditt ordf\u00f6rr\u00e5d p\u00e5 swahili.<\/p>\r\n                    <\/div>\r\n                <\/div>\r\n            <\/div>\r\n        <\/a>\r\n\r\n            <\/section>","protected":false},"excerpt":{"rendered":"<p>Swahili grammatik: Avmystifiera det spr\u00e5kliga \u00e4ventyret Swahilis grammatik &#8211; inbjudande men g\u00e5tfull, flytande men sp\u00e4nnande, livfull men fascinerande. N\u00e4r du ger dig ut p\u00e5 din spr\u00e5kliga resa i swahili kan du st\u00f6ta p\u00e5 en blandning av fascination och os\u00e4kerhet. Oroa dig inte, andra spr\u00e5kfanatiker! Vi \u00e4r h\u00e4r f\u00f6r att hj\u00e4lpa dig att navigera i dessa [&hellip;]<\/p>\n","protected":false},"author":1,"featured_media":28693,"parent":0,"menu_order":0,"comment_status":"closed","ping_status":"closed","template":"LearningContentPage.php","meta":{"_acf_changed":false,"footnotes":""},"class_list":["post-153823","page","type-page","status-publish","has-post-thumbnail","hentry"],"acf":[],"yoast_head":"<!-- This site is optimized with the Yoast SEO Premium plugin v27.2 (Yoast SEO v27.2) - https:\/\/yoast.com\/product\/yoast-seo-premium-wordpress\/ -->\n<title>Swahili Grammatik - Talkpal<\/title>\n<meta name=\"description\" content=\"Avsl\u00f6ja hemligheterna bakom swahili-grammatiken med v\u00e5r omfattande guide! Uppt\u00e4ck dess unika noun-klasser och nyckelkomponenter.\" \/>\n<meta name=\"robots\" content=\"index, follow, max-snippet:-1, max-image-preview:large, max-video-preview:-1\" \/>\n<link rel=\"canonical\" href=\"https:\/\/talkpal.ai\/sv\/swahili-grammatik\/\" \/>\n<meta property=\"og:locale\" content=\"sv_SE\" \/>\n<meta property=\"og:type\" content=\"article\" \/>\n<meta property=\"og:title\" content=\"Swahili Grammatik\" \/>\n<meta property=\"og:description\" content=\"Swahili grammatik: Avmystifiera det spr\u00e5kliga \u00e4ventyret Swahilis grammatik - inbjudande men g\u00e5tfull, flytande men sp\u00e4nnande, livfull men fascinerande. N\u00e4r\" \/>\n<meta property=\"og:url\" content=\"https:\/\/talkpal.ai\/sv\/swahili-grammatik\/\" \/>\n<meta property=\"og:site_name\" content=\"Talkpal\" \/>\n<meta property=\"article:publisher\" content=\"https:\/\/www.facebook.com\/profile.php?id=100090733639311\" \/>\n<meta property=\"article:modified_time\" content=\"2025-12-13T15:50:10+00:00\" \/>\n<meta property=\"og:image\" content=\"https:\/\/talkpal.ai\/wp-content\/uploads\/2023\/05\/Swahili-tanzania.png\" \/>\n\t<meta property=\"og:image:width\" content=\"512\" \/>\n\t<meta property=\"og:image:height\" content=\"512\" \/>\n\t<meta property=\"og:image:type\" content=\"image\/png\" \/>\n<meta name=\"twitter:card\" content=\"summary_large_image\" \/>\n<meta name=\"twitter:site\" content=\"@talkpalai\" \/>\n<meta name=\"twitter:label1\" content=\"Ber\u00e4knad l\u00e4stid\" \/>\n\t<meta name=\"twitter:data1\" content=\"3 minuter\" \/>\n<script type=\"application\/ld+json\" class=\"yoast-schema-graph\">{\"@context\":\"https:\/\/schema.org\",\"@graph\":[{\"@type\":\"WebPage\",\"@id\":\"https:\/\/talkpal.ai\/sv\/swahili-grammatik\/\",\"url\":\"https:\/\/talkpal.ai\/sv\/swahili-grammatik\/\",\"name\":\"Swahili Grammatik - Talkpal\",\"isPartOf\":{\"@id\":\"https:\/\/talkpal.ai\/sv\/#website\"},\"primaryImageOfPage\":{\"@id\":\"https:\/\/talkpal.ai\/sv\/swahili-grammatik\/#primaryimage\"},\"image\":{\"@id\":\"https:\/\/talkpal.ai\/sv\/swahili-grammatik\/#primaryimage\"},\"thumbnailUrl\":\"https:\/\/talkpal.ai\/wp-content\/uploads\/2023\/05\/Swahili-tanzania.png\",\"datePublished\":\"2023-05-14T14:25:05+00:00\",\"dateModified\":\"2025-12-13T15:50:10+00:00\",\"description\":\"Avsl\u00f6ja hemligheterna bakom swahili-grammatiken med v\u00e5r omfattande guide! Uppt\u00e4ck dess unika noun-klasser och nyckelkomponenter.\",\"breadcrumb\":{\"@id\":\"https:\/\/talkpal.ai\/sv\/swahili-grammatik\/#breadcrumb\"},\"inLanguage\":\"sv-SE\",\"potentialAction\":[{\"@type\":\"ReadAction\",\"target\":[\"https:\/\/talkpal.ai\/sv\/swahili-grammatik\/\"]}]},{\"@type\":\"ImageObject\",\"inLanguage\":\"sv-SE\",\"@id\":\"https:\/\/talkpal.ai\/sv\/swahili-grammatik\/#primaryimage\",\"url\":\"https:\/\/talkpal.ai\/wp-content\/uploads\/2023\/05\/Swahili-tanzania.png\",\"contentUrl\":\"https:\/\/talkpal.ai\/wp-content\/uploads\/2023\/05\/Swahili-tanzania.png\",\"width\":512,\"height\":512},{\"@type\":\"BreadcrumbList\",\"@id\":\"https:\/\/talkpal.ai\/sv\/swahili-grammatik\/#breadcrumb\",\"itemListElement\":[{\"@type\":\"ListItem\",\"position\":1,\"name\":\"Homepage\",\"item\":\"https:\/\/talkpal.ai\/sv\/\"},{\"@type\":\"ListItem\",\"position\":2,\"name\":\"Swahili Grammatik\"}]},{\"@type\":\"WebSite\",\"@id\":\"https:\/\/talkpal.ai\/sv\/#website\",\"url\":\"https:\/\/talkpal.ai\/sv\/\",\"name\":\"Talkpal\",\"description\":\"AI Language Learning\",\"publisher\":{\"@id\":\"https:\/\/talkpal.ai\/sv\/#organization\"},\"alternateName\":\"Talkpal AI\",\"potentialAction\":[{\"@type\":\"SearchAction\",\"target\":{\"@type\":\"EntryPoint\",\"urlTemplate\":\"https:\/\/talkpal.ai\/sv\/?s={search_term_string}\"},\"query-input\":{\"@type\":\"PropertyValueSpecification\",\"valueRequired\":true,\"valueName\":\"search_term_string\"}}],\"inLanguage\":\"sv-SE\"},{\"@type\":\"Organization\",\"@id\":\"https:\/\/talkpal.ai\/sv\/#organization\",\"name\":\"Talkpal, Inc.\",\"alternateName\":\"Talkpal AI\",\"url\":\"https:\/\/talkpal.ai\/sv\/\",\"logo\":{\"@type\":\"ImageObject\",\"inLanguage\":\"sv-SE\",\"@id\":\"https:\/\/talkpal.ai\/sv\/#\/schema\/logo\/image\/\",\"url\":\"https:\/\/talkpal.ai\/wp-content\/uploads\/2024\/03\/Talkpal-Logo-Icon.png\",\"contentUrl\":\"https:\/\/talkpal.ai\/wp-content\/uploads\/2024\/03\/Talkpal-Logo-Icon.png\",\"width\":2880,\"height\":2880,\"caption\":\"Talkpal, Inc.\"},\"image\":{\"@id\":\"https:\/\/talkpal.ai\/sv\/#\/schema\/logo\/image\/\"},\"sameAs\":[\"https:\/\/www.facebook.com\/profile.php?id=100090733639311\",\"https:\/\/x.com\/talkpalai\",\"https:\/\/www.linkedin.com\/company\/talkpal\/\",\"https:\/\/www.youtube.com\/@TalkPal\/\",\"https:\/\/www.tiktok.com\/@talkpal\",\"https:\/\/www.instagram.com\/talkpal_ai\/\",\"https:\/\/www.crunchbase.com\/organization\/talkpal-9cde\",\"https:\/\/www.g2.com\/products\/talkpal-for-business\/\",\"https:\/\/www.trustpilot.com\/review\/talkpal.ai\",\"https:\/\/www.capterra.com\/p\/10006800\/TalkPal\/\"],\"description\":\"Talkpal is a language learning web and mobile education app, powered by the latest AI technologies, that provides engaging experiences to its customers in many different languages to help them improve their language skills. Users can chat about unlimited amount of topics with the app and use other modes to practice their language learning.\",\"email\":\"support@talkpal.ai\",\"legalName\":\"Talkpal, Inc.\",\"foundingDate\":\"2023-04-03\",\"duns\":\"118989042\",\"numberOfEmployees\":{\"@type\":\"QuantitativeValue\",\"minValue\":\"11\",\"maxValue\":\"50\"},\"publishingPrinciples\":\"https:\/\/talkpal.ai\/publishing-principles\/\",\"actionableFeedbackPolicy\":\"https:\/\/talkpal.ai\/actionable-feedback-policy\/\",\"correctionsPolicy\":\"https:\/\/talkpal.ai\/corrections-policy\/\",\"ethicsPolicy\":\"https:\/\/talkpal.ai\/ethics-policy\/\",\"diversityPolicy\":\"https:\/\/talkpal.ai\/diversity-policy\/\",\"diversityStaffingReport\":\"https:\/\/talkpal.ai\/diversity-policy\/\"}]}<\/script>\n<!-- \/ Yoast SEO Premium plugin. -->","yoast_head_json":{"title":"Swahili Grammatik - Talkpal","description":"Avsl\u00f6ja hemligheterna bakom swahili-grammatiken med v\u00e5r omfattande guide! Uppt\u00e4ck dess unika noun-klasser och nyckelkomponenter.","robots":{"index":"index","follow":"follow","max-snippet":"max-snippet:-1","max-image-preview":"max-image-preview:large","max-video-preview":"max-video-preview:-1"},"canonical":"https:\/\/talkpal.ai\/sv\/swahili-grammatik\/","og_locale":"sv_SE","og_type":"article","og_title":"Swahili Grammatik","og_description":"Swahili grammatik: Avmystifiera det spr\u00e5kliga \u00e4ventyret Swahilis grammatik - inbjudande men g\u00e5tfull, flytande men sp\u00e4nnande, livfull men fascinerande. N\u00e4r","og_url":"https:\/\/talkpal.ai\/sv\/swahili-grammatik\/","og_site_name":"Talkpal","article_publisher":"https:\/\/www.facebook.com\/profile.php?id=100090733639311","article_modified_time":"2025-12-13T15:50:10+00:00","og_image":[{"width":512,"height":512,"url":"https:\/\/talkpal.ai\/wp-content\/uploads\/2023\/05\/Swahili-tanzania.png","type":"image\/png"}],"twitter_card":"summary_large_image","twitter_site":"@talkpalai","twitter_misc":{"Ber\u00e4knad l\u00e4stid":"3 minuter"},"schema":{"@context":"https:\/\/schema.org","@graph":[{"@type":"WebPage","@id":"https:\/\/talkpal.ai\/sv\/swahili-grammatik\/","url":"https:\/\/talkpal.ai\/sv\/swahili-grammatik\/","name":"Swahili Grammatik - Talkpal","isPartOf":{"@id":"https:\/\/talkpal.ai\/sv\/#website"},"primaryImageOfPage":{"@id":"https:\/\/talkpal.ai\/sv\/swahili-grammatik\/#primaryimage"},"image":{"@id":"https:\/\/talkpal.ai\/sv\/swahili-grammatik\/#primaryimage"},"thumbnailUrl":"https:\/\/talkpal.ai\/wp-content\/uploads\/2023\/05\/Swahili-tanzania.png","datePublished":"2023-05-14T14:25:05+00:00","dateModified":"2025-12-13T15:50:10+00:00","description":"Avsl\u00f6ja hemligheterna bakom swahili-grammatiken med v\u00e5r omfattande guide! Uppt\u00e4ck dess unika noun-klasser och nyckelkomponenter.","breadcrumb":{"@id":"https:\/\/talkpal.ai\/sv\/swahili-grammatik\/#breadcrumb"},"inLanguage":"sv-SE","potentialAction":[{"@type":"ReadAction","target":["https:\/\/talkpal.ai\/sv\/swahili-grammatik\/"]}]},{"@type":"ImageObject","inLanguage":"sv-SE","@id":"https:\/\/talkpal.ai\/sv\/swahili-grammatik\/#primaryimage","url":"https:\/\/talkpal.ai\/wp-content\/uploads\/2023\/05\/Swahili-tanzania.png","contentUrl":"https:\/\/talkpal.ai\/wp-content\/uploads\/2023\/05\/Swahili-tanzania.png","width":512,"height":512},{"@type":"BreadcrumbList","@id":"https:\/\/talkpal.ai\/sv\/swahili-grammatik\/#breadcrumb","itemListElement":[{"@type":"ListItem","position":1,"name":"Homepage","item":"https:\/\/talkpal.ai\/sv\/"},{"@type":"ListItem","position":2,"name":"Swahili Grammatik"}]},{"@type":"WebSite","@id":"https:\/\/talkpal.ai\/sv\/#website","url":"https:\/\/talkpal.ai\/sv\/","name":"Talkpal","description":"AI Language Learning","publisher":{"@id":"https:\/\/talkpal.ai\/sv\/#organization"},"alternateName":"Talkpal AI","potentialAction":[{"@type":"SearchAction","target":{"@type":"EntryPoint","urlTemplate":"https:\/\/talkpal.ai\/sv\/?s={search_term_string}"},"query-input":{"@type":"PropertyValueSpecification","valueRequired":true,"valueName":"search_term_string"}}],"inLanguage":"sv-SE"},{"@type":"Organization","@id":"https:\/\/talkpal.ai\/sv\/#organization","name":"Talkpal, Inc.","alternateName":"Talkpal AI","url":"https:\/\/talkpal.ai\/sv\/","logo":{"@type":"ImageObject","inLanguage":"sv-SE","@id":"https:\/\/talkpal.ai\/sv\/#\/schema\/logo\/image\/","url":"https:\/\/talkpal.ai\/wp-content\/uploads\/2024\/03\/Talkpal-Logo-Icon.png","contentUrl":"https:\/\/talkpal.ai\/wp-content\/uploads\/2024\/03\/Talkpal-Logo-Icon.png","width":2880,"height":2880,"caption":"Talkpal, Inc."},"image":{"@id":"https:\/\/talkpal.ai\/sv\/#\/schema\/logo\/image\/"},"sameAs":["https:\/\/www.facebook.com\/profile.php?id=100090733639311","https:\/\/x.com\/talkpalai","https:\/\/www.linkedin.com\/company\/talkpal\/","https:\/\/www.youtube.com\/@TalkPal\/","https:\/\/www.tiktok.com\/@talkpal","https:\/\/www.instagram.com\/talkpal_ai\/","https:\/\/www.crunchbase.com\/organization\/talkpal-9cde","https:\/\/www.g2.com\/products\/talkpal-for-business\/","https:\/\/www.trustpilot.com\/review\/talkpal.ai","https:\/\/www.capterra.com\/p\/10006800\/TalkPal\/"],"description":"Talkpal is a language learning web and mobile education app, powered by the latest AI technologies, that provides engaging experiences to its customers in many different languages to help them improve their language skills. Users can chat about unlimited amount of topics with the app and use other modes to practice their language learning.","email":"support@talkpal.ai","legalName":"Talkpal, Inc.","foundingDate":"2023-04-03","duns":"118989042","numberOfEmployees":{"@type":"QuantitativeValue","minValue":"11","maxValue":"50"},"publishingPrinciples":"https:\/\/talkpal.ai\/publishing-principles\/","actionableFeedbackPolicy":"https:\/\/talkpal.ai\/actionable-feedback-policy\/","correctionsPolicy":"https:\/\/talkpal.ai\/corrections-policy\/","ethicsPolicy":"https:\/\/talkpal.ai\/ethics-policy\/","diversityPolicy":"https:\/\/talkpal.ai\/diversity-policy\/","diversityStaffingReport":"https:\/\/talkpal.ai\/diversity-policy\/"}]}},"_links":{"self":[{"href":"https:\/\/talkpal.ai\/sv\/wp-json\/wp\/v2\/pages\/153823","targetHints":{"allow":["GET"]}}],"collection":[{"href":"https:\/\/talkpal.ai\/sv\/wp-json\/wp\/v2\/pages"}],"about":[{"href":"https:\/\/talkpal.ai\/sv\/wp-json\/wp\/v2\/types\/page"}],"author":[{"embeddable":true,"href":"https:\/\/talkpal.ai\/sv\/wp-json\/wp\/v2\/users\/1"}],"replies":[{"embeddable":true,"href":"https:\/\/talkpal.ai\/sv\/wp-json\/wp\/v2\/comments?post=153823"}],"version-history":[{"count":0,"href":"https:\/\/talkpal.ai\/sv\/wp-json\/wp\/v2\/pages\/153823\/revisions"}],"wp:featuredmedia":[{"embeddable":true,"href":"https:\/\/talkpal.ai\/sv\/wp-json\/wp\/v2\/media\/28693"}],"wp:attachment":[{"href":"https:\/\/talkpal.ai\/sv\/wp-json\/wp\/v2\/media?parent=153823"}],"curies":[{"name":"wp","href":"https:\/\/api.w.org\/{rel}","templated":true}]}}