{"id":153438,"date":"2023-05-14T14:24:42","date_gmt":"2023-05-14T14:24:42","guid":{"rendered":"http:\/\/talkpal.ai\/thailandsk-grammatik\/"},"modified":"2025-12-13T15:46:24","modified_gmt":"2025-12-13T15:46:24","slug":"thailandsk-grammatik","status":"publish","type":"page","link":"https:\/\/talkpal.ai\/sv\/thailandsk-grammatik\/","title":{"rendered":"Thail\u00e4ndsk grammatik"},"content":{"rendered":"\r\n\r\n\r\n<section class=\"languageChallengeSection\">\r\n    <div class=\"languageInfoWrapper\">\r\n        \r\n        <h1>Thail\u00e4ndsk grammatik<\/h1>\r\n        <p>L\u00e4r dig <a href=\"https:\/\/talkpal.ai\/thai-grammar\/\">thail\u00e4ndsk grammatik<\/a> och upplev sk\u00f6nheten i ett spr\u00e5k som \u00e4r b\u00e5de logiskt och uttrycksfullt. B\u00f6rja din resa och \u00f6ppna d\u00f6rren till ett fascinerande s\u00e4tt att t\u00e4nka och tala!<\/p>\r\n\r\n                            <a class=\"getStartedHidden\" href=\"https:\/\/app.talkpal.ai\/sv\/signup?lng=\">Kom ig\u00e5ng<\/a>\r\n        \r\n    <\/div>\r\n\r\n    <figure>\r\n    <img decoding=\"async\" width=\"768\" height=\"768\" src=\"https:\/\/talkpal.ai\/wp-content\/uploads\/2023\/06\/thai-768x768.png\" class=\"languageImage no-lazy\" alt=\"Default alt text\" fetchpriority=\"high\" sizes=\"(max-width: 768px) 150px, 768px\" srcset=\"https:\/\/talkpal.ai\/wp-content\/uploads\/2023\/06\/thai-768x768.png 768w, https:\/\/talkpal.ai\/wp-content\/uploads\/2023\/06\/thai-300x300.png 300w\" \/>\r\n    \r\n\r\n    <\/figure>\r\n\r\n            <a class=\"getStartedVisible\" href=\"https:\/\/app.talkpal.ai\/sv\/signup?lng=\">Kom ig\u00e5ng<\/a>\r\n    \r\n<\/section>\r\n        <section class=\"grammarSection\">\r\n            <div class=\"grammarLinks\">\r\n                <a href=\"https:\/\/talkpal.ai\/sv\/language\/adjektiv-thailandsk-grammatik\/\">Adjektiv <\/a><a href=\"https:\/\/talkpal.ai\/sv\/language\/adverb-thailandsk-grammatik\/\">Adverb <\/a><a href=\"https:\/\/talkpal.ai\/sv\/language\/artiklar-thailandsk-grammatik\/\">Artiklar <\/a><a href=\"https:\/\/talkpal.ai\/sv\/language\/jamforelse-av-tempus-thailandsk-grammatik\/\">J\u00e4mf\u00f6relse av tempus <\/a><a href=\"https:\/\/talkpal.ai\/sv\/language\/konditionaler-thailandsk-grammatik\/\">Konditionaler <\/a><a href=\"https:\/\/talkpal.ai\/sv\/language\/meningar-thailandsk-grammatik\/\">Meningar <\/a><a href=\"https:\/\/talkpal.ai\/sv\/language\/perfekt-progressiv-thailandsk-grammatik\/\">Perfekt progressiv <\/a><a href=\"https:\/\/talkpal.ai\/sv\/language\/prepositioner-thailandsk-grammatik\/\">Prepositioner <\/a><a href=\"https:\/\/talkpal.ai\/sv\/language\/progressiv-thailandsk-grammatik\/\">Progressiv <\/a><a href=\"https:\/\/talkpal.ai\/sv\/language\/pronomen-bestamningsfaktorer-thailandsk-grammatik\/\">Pronomen\/best\u00e4mningsfaktorer <\/a><a href=\"https:\/\/talkpal.ai\/sv\/language\/substantiv-thailandsk-grammatik\/\">Substantiv <\/a><a href=\"https:\/\/talkpal.ai\/sv\/language\/tempus-thailandsk-grammatik\/\">Tempus <\/a><a href=\"https:\/\/talkpal.ai\/sv\/language\/verb-thailandsk-grammatik\/\">Verb <\/a>            <\/div>\r\n        <\/section>\r\n    <section class=\"promotionalBanner\">\r\n    <p class=\"promotionalText\">Det mest effektiva s\u00e4ttet att l\u00e4ra sig ett spr\u00e5k<\/p>\r\n    <a class=\"promotionalLink\" href=\"https:\/\/app.talkpal.ai\/sv\/signup?lng=\">Prova Talkpal gratis<\/a>\r\n<\/section>\n<div class=\"wp-block-group pageContainerStyle\"><div class=\"wp-block-group__inner-container is-layout-constrained wp-block-group-is-layout-constrained\">\n<h2 class=\"wp-block-heading\" id=\"h-thai-grammar-exploring-a-unique-linguistic-world\">Thail\u00e4ndsk grammatik: Utforska en unik spr\u00e5klig v\u00e4rld<\/h2>\n\n\n\n<p><a href=\"https:\/\/talkpal.ai\/learn-thai\/\">Thail\u00e4ndsk<\/a> <a href=\"https:\/\/talkpal.ai\/fr\/les\/\">grammatik<\/a> &#8211; till synes g\u00e5tfull, exotisk och f\u00e4ngslande. N\u00e4r du ger dig ut p\u00e5 din resa f\u00f6r att l\u00e4ra dig det thail\u00e4ndska spr\u00e5ket kan du bli ov\u00e4ntat fascinerad av dess grammatik. Frukta inte, mina spr\u00e5kliga uppt\u00e4cktsresande! Vi \u00e4r h\u00e4r f\u00f6r att erbjuda v\u00e4gledning och st\u00f6d p\u00e5 detta fascinerande \u00e4ventyr!<\/p>\n\n\n\n<p>I <a href=\"https:\/\/talkpal.ai\/culture\/how-do-i-use-den-har-and-det-har\/\">den h\u00e4r<\/a> artikeln f\u00f6rdjupar vi <a href=\"https:\/\/talkpal.ai\/locations\/language-courses-in-oss\/\">oss<\/a> i de viktigaste aspekterna av thail\u00e4ndsk grammatik, bryter ner nyckelbegrepp, f\u00f6rklarar regler och till och med f\u00f6renklar komplexiteten. F\u00f6lj med oss n\u00e4r vi lyfter sl\u00f6jan p\u00e5 thail\u00e4ndsk grammatik och t\u00e4nder din passion f\u00f6r detta underbart unika spr\u00e5k!<\/p>\n\n\n\n<h3 class=\"wp-block-heading\" id=\"h-1-nouns-no-plurals-no-genders-no-worries\">1. Substantiv: Inga pluralformer, inga k\u00f6n, inga bekymmer!<\/h3>\n\n\n\n<p>Sk\u00f6nheten i thail\u00e4ndsk grammatik ligger i dess enkelhet n\u00e4r det g\u00e4ller substantiv. Thail\u00e4ndska substantiv har inte genus eller pluralformer, vilket g\u00f6r dem l\u00e4tta att anv\u00e4nda och f\u00f6rst\u00e5. F\u00f6r att ange pluralitet l\u00e4gger du bara till ett kvantitetsord som &#8221;m\u00e5nga&#8221; (\u0e21\u0e32\u0e01, m\u00e2ak) eller &#8221;n\u00e5gra&#8221; (\u0e1a\u0e49\u0e32\u0e07, b\u00e2ang) eller upprepar substantivet f\u00f6r att betona den plurala betydelsen.<\/p>\n\n\n\n<h3 class=\"wp-block-heading\" id=\"h-2-pronouns-choose-wisely-based-on-politeness\">2. Pronomen: V\u00e4lj klokt baserat p\u00e5 artighet<\/h3>\n\n\n\n<p>Att v\u00e4lja r\u00e4tt pronomen \u00e4r viktigt i thail\u00e4ndsk grammatik f\u00f6r att visa respekt och \u00f6dmjukhet. De thail\u00e4ndska pronomenen varierar beroende p\u00e5 talarens och lyssnarens k\u00f6n, \u00e5lder och relation. Till exempel \u00e4r &#8221;\u0e09\u0e31\u0e19&#8221; (ch\u0103n) ett vanligt informellt f\u00f6rstapersonspronomen, medan &#8221;\u0e1c\u0e21&#8221; (p\u014fm) ofta anv\u00e4nds av m\u00e4n i mer formella situationer.<\/p>\n\n\n\n<p>Om du vill vara lite artigare kan du anv\u00e4nda &#8221;\u0e04\u0e38\u0e13&#8221; (kun) f\u00f6r &#8221;du&#8221; och &#8221;\u0e40\u0e02\u0e32&#8221; (k\u0103o) f\u00f6r &#8221;han\/hon\/de&#8221;.<\/p>\n\n\n\n<h3 class=\"wp-block-heading\" id=\"h-3-verbs-no-conjugation-or-tenses-only-particles\">3. Verb: inga b\u00f6jningar eller tempus, bara partiklar<\/h3>\n\n\n\n<p>I thail\u00e4ndsk grammatik f\u00f6rblir verben of\u00f6r\u00e4ndrade oavsett tempus, modus eller subjekt. Ist\u00e4llet f\u00f6rlitar sig thail\u00e4ndskan p\u00e5 enkla ord som kallas partiklar f\u00f6r att indikera meningens tempus eller attityd. Dessa partiklar placeras i slutet av meningen.<\/p>\n\n\n\n<p>Till exempel anger partikeln &#8221;\u0e41\u0e25\u0e49\u0e27&#8221; (l\u00e1ew) f\u00f6rfluten tid eller avslutad handling, och &#8221;\u0e01\u0e33\u0e25\u0e31\u0e07&#8221; (gam-lang) anv\u00e4nds f\u00f6r p\u00e5g\u00e5ende handlingar. D\u00e4rf\u00f6r betyder &#8221;\u0e40\u0e02\u0e32\u0e01\u0e34\u0e19&#8221; (k\u0103o gin) &#8221;han\/hon \u00e4ter&#8221;, medan &#8221;\u0e40\u0e02\u0e32\u0e01\u0e34\u0e19\u0e41\u0e25\u0e49\u0e27&#8221; (k\u0103o gin l\u00e1ew) betyder &#8221;han\/hon \u00e5t&#8221;.<\/p>\n\n\n\n<h3 class=\"wp-block-heading\" id=\"h-4-sentence-structure-clear-and-straightforward\">4. Meningsstruktur: Tydlig och enkel<\/h3>\n\n\n\n<p>Thail\u00e4ndsk grammatik f\u00f6ljer en SVO-meningsstruktur (Subject-Verb-Object), liknande <a href=\"https:\/\/talkpal.ai\/learn-english-with-ai\/\">engelska<\/a>, vilket f\u00f6renklar f\u00f6rst\u00e5elsen f\u00f6r engelsktalande. Huvudregeln \u00e4r att adjektiv, adverb och andra beskrivande ord f\u00f6ljer substantivet eller verbet de beskriver.<\/p>\n\n\n\n<p>Till exempel kan &#8221;\u0e1c\u0e21\u0e0a\u0e2d\u0e1a\u0e2b\u0e19\u0e31\u0e07\u0e2a\u0e37\u0e2d\u0e19\u0e35\u0e49&#8221; (p\u014fm ch\u00e2wp n\u0103ng s\u011bu n\u00e9e) \u00f6vers\u00e4ttas till &#8221;Jag (subjekt) gillar (verb) den h\u00e4r boken (objekt)&#8221;.<\/p>\n\n\n\n<h3 class=\"wp-block-heading\" id=\"h-5-immerse-yourself-in-thai-practice-makes-perfect\">5. F\u00f6rdjupa dig i thail\u00e4ndska: \u00f6vning ger f\u00e4rdighet<\/h3>\n\n\n\n<p>Att f\u00f6rst\u00e5 och beh\u00e4rska thail\u00e4ndsk grammatik kan till en b\u00f6rjan verka utmanande, men nyckeln \u00e4r uth\u00e5llighet och konsekvent \u00f6vning. Engagera alla dina sinnen genom att f\u00f6rdjupa dig i spr\u00e5ket, l\u00e4sa, skriva, lyssna och konversera med modersm\u00e5lstalare. Ju mer exponering du har f\u00f6r thail\u00e4ndsk grammatik, desto mer kommer dessa exotiska begrepp att k\u00e4nnas bekanta och bekv\u00e4ma.<\/p>\n\n\n\n<p>S\u00e5, \u00e4r du redo att dyka in i den fascinerande v\u00e4rlden av thail\u00e4ndsk grammatik? Omfamna utmaningen och de unika egenskaperna hos thail\u00e4ndsk grammatik och med tid, engagemang och en k\u00e4nsla av \u00e4ventyr kan du l\u00e5sa upp det thail\u00e4ndska spr\u00e5kets f\u00e4ngslande sk\u00f6nhet.<\/p>\n<\/div><\/div>\n\r\n<section class=\"learnNavigationSection\">\r\n            \r\n        <a href=\"https:\/\/talkpal.ai\/sv\/lar-dig-thailandska\/\">\r\n            <div class=\"learnNavigationWrapper\">\r\n                <div class=\"learnNavigationContent\">\r\n                    <img decoding=\"async\" src=\"https:\/\/talkpal.ai\/wp-content\/uploads\/2024\/08\/Thai.jpg\" alt=\"Thai Flag\">\r\n                    <div>\r\n                        <h4>Om Thai Learning<\/h4>\r\n                        <p>Ta reda p\u00e5 allt om thail\u00e4ndsk grammatik.<\/p>\r\n                    <\/div>\r\n                <\/div>\r\n            <\/div>\r\n        <\/a>\r\n\r\n        \r\n        <a href=\"https:\/\/talkpal.ai\/sv\/thailandska-grammatikovningar\/\">\r\n            <div class=\"learnNavigationWrapper\">\r\n                <div class=\"learnNavigationContent\">\r\n                    <img decoding=\"async\" src=\"https:\/\/talkpal.ai\/wp-content\/uploads\/2024\/08\/Thai.jpg\" alt=\"Thai Flag\">\r\n                    <div>\r\n                        <h4>\u00d6vning i thail\u00e4ndsk grammatik<\/h4>\r\n                        <p>\u00d6va thail\u00e4ndsk grammatik.<\/p>\r\n                    <\/div>\r\n                <\/div>\r\n            <\/div>\r\n        <\/a>\r\n\r\n        \r\n        <a href=\"https:\/\/talkpal.ai\/vocabulary_language\/thai\/\">\r\n            <div class=\"learnNavigationWrapper\">\r\n                <div class=\"learnNavigationContent\">\r\n                    <img decoding=\"async\" src=\"https:\/\/talkpal.ai\/wp-content\/uploads\/2024\/08\/Thai.jpg\" alt=\"Thai Flag\">\r\n                    <div>\r\n                        <h4>Thail\u00e4ndsk vokabul\u00e4r<\/h4>\r\n                        <p>Ut\u00f6ka ditt thail\u00e4ndska ordf\u00f6rr\u00e5d.<\/p>\r\n                    <\/div>\r\n                <\/div>\r\n            <\/div>\r\n        <\/a>\r\n\r\n            <\/section>","protected":false},"excerpt":{"rendered":"<p>Thail\u00e4ndsk grammatik: Utforska en unik spr\u00e5klig v\u00e4rld Thail\u00e4ndsk grammatik &#8211; till synes g\u00e5tfull, exotisk och f\u00e4ngslande. N\u00e4r du ger dig ut p\u00e5 din resa f\u00f6r att l\u00e4ra dig det thail\u00e4ndska spr\u00e5ket kan du bli ov\u00e4ntat fascinerad av dess grammatik. Frukta inte, mina spr\u00e5kliga uppt\u00e4cktsresande! Vi \u00e4r h\u00e4r f\u00f6r att erbjuda v\u00e4gledning och st\u00f6d p\u00e5 detta [&hellip;]<\/p>\n","protected":false},"author":1,"featured_media":28741,"parent":0,"menu_order":0,"comment_status":"closed","ping_status":"closed","template":"LearningContentPage.php","meta":{"_acf_changed":false,"footnotes":""},"class_list":["post-153438","page","type-page","status-publish","has-post-thumbnail","hentry"],"acf":[],"yoast_head":"<!-- This site is optimized with the Yoast SEO Premium plugin v27.2 (Yoast SEO v27.2) - https:\/\/yoast.com\/product\/yoast-seo-premium-wordpress\/ -->\n<title>Thail\u00e4ndsk grammatik - Talkpal<\/title>\n<meta name=\"description\" content=\"Utforska den fascinerande v\u00e4rlden av thail\u00e4ndsk grammatik. Uppt\u00e4ck dess enkelhet och unika funktioner som g\u00f6r inl\u00e4rning till ett n\u00f6je.\" \/>\n<meta name=\"robots\" content=\"index, follow, max-snippet:-1, max-image-preview:large, max-video-preview:-1\" \/>\n<link rel=\"canonical\" href=\"https:\/\/talkpal.ai\/sv\/thailandsk-grammatik\/\" \/>\n<meta property=\"og:locale\" content=\"sv_SE\" \/>\n<meta property=\"og:type\" content=\"article\" \/>\n<meta property=\"og:title\" content=\"Thail\u00e4ndsk grammatik\" \/>\n<meta property=\"og:description\" content=\"Thail\u00e4ndsk grammatik: Utforska en unik spr\u00e5klig v\u00e4rld Thail\u00e4ndsk grammatik - till synes g\u00e5tfull, exotisk och f\u00e4ngslande. N\u00e4r du ger dig ut p\u00e5 din resa f\u00f6r\" \/>\n<meta property=\"og:url\" content=\"https:\/\/talkpal.ai\/sv\/thailandsk-grammatik\/\" \/>\n<meta property=\"og:site_name\" content=\"Talkpal\" \/>\n<meta property=\"article:publisher\" content=\"https:\/\/www.facebook.com\/profile.php?id=100090733639311\" \/>\n<meta property=\"article:modified_time\" content=\"2025-12-13T15:46:24+00:00\" \/>\n<meta property=\"og:image\" content=\"https:\/\/talkpal.ai\/wp-content\/uploads\/2023\/05\/thailand.png\" \/>\n\t<meta property=\"og:image:width\" content=\"512\" \/>\n\t<meta property=\"og:image:height\" content=\"512\" \/>\n\t<meta property=\"og:image:type\" content=\"image\/png\" \/>\n<meta name=\"twitter:card\" content=\"summary_large_image\" \/>\n<meta name=\"twitter:site\" content=\"@talkpalai\" \/>\n<meta name=\"twitter:label1\" content=\"Ber\u00e4knad l\u00e4stid\" \/>\n\t<meta name=\"twitter:data1\" content=\"3 minuter\" \/>\n<script type=\"application\/ld+json\" class=\"yoast-schema-graph\">{\"@context\":\"https:\/\/schema.org\",\"@graph\":[{\"@type\":\"WebPage\",\"@id\":\"https:\/\/talkpal.ai\/sv\/thailandsk-grammatik\/\",\"url\":\"https:\/\/talkpal.ai\/sv\/thailandsk-grammatik\/\",\"name\":\"Thail\u00e4ndsk grammatik - Talkpal\",\"isPartOf\":{\"@id\":\"https:\/\/talkpal.ai\/sv\/#website\"},\"primaryImageOfPage\":{\"@id\":\"https:\/\/talkpal.ai\/sv\/thailandsk-grammatik\/#primaryimage\"},\"image\":{\"@id\":\"https:\/\/talkpal.ai\/sv\/thailandsk-grammatik\/#primaryimage\"},\"thumbnailUrl\":\"https:\/\/talkpal.ai\/wp-content\/uploads\/2023\/05\/thailand.png\",\"datePublished\":\"2023-05-14T14:24:42+00:00\",\"dateModified\":\"2025-12-13T15:46:24+00:00\",\"description\":\"Utforska den fascinerande v\u00e4rlden av thail\u00e4ndsk grammatik. Uppt\u00e4ck dess enkelhet och unika funktioner som g\u00f6r inl\u00e4rning till ett n\u00f6je.\",\"breadcrumb\":{\"@id\":\"https:\/\/talkpal.ai\/sv\/thailandsk-grammatik\/#breadcrumb\"},\"inLanguage\":\"sv-SE\",\"potentialAction\":[{\"@type\":\"ReadAction\",\"target\":[\"https:\/\/talkpal.ai\/sv\/thailandsk-grammatik\/\"]}]},{\"@type\":\"ImageObject\",\"inLanguage\":\"sv-SE\",\"@id\":\"https:\/\/talkpal.ai\/sv\/thailandsk-grammatik\/#primaryimage\",\"url\":\"https:\/\/talkpal.ai\/wp-content\/uploads\/2023\/05\/thailand.png\",\"contentUrl\":\"https:\/\/talkpal.ai\/wp-content\/uploads\/2023\/05\/thailand.png\",\"width\":512,\"height\":512},{\"@type\":\"BreadcrumbList\",\"@id\":\"https:\/\/talkpal.ai\/sv\/thailandsk-grammatik\/#breadcrumb\",\"itemListElement\":[{\"@type\":\"ListItem\",\"position\":1,\"name\":\"Homepage\",\"item\":\"https:\/\/talkpal.ai\/sv\/\"},{\"@type\":\"ListItem\",\"position\":2,\"name\":\"Thail\u00e4ndsk grammatik\"}]},{\"@type\":\"WebSite\",\"@id\":\"https:\/\/talkpal.ai\/sv\/#website\",\"url\":\"https:\/\/talkpal.ai\/sv\/\",\"name\":\"Talkpal\",\"description\":\"AI Language Learning\",\"publisher\":{\"@id\":\"https:\/\/talkpal.ai\/sv\/#organization\"},\"alternateName\":\"Talkpal AI\",\"potentialAction\":[{\"@type\":\"SearchAction\",\"target\":{\"@type\":\"EntryPoint\",\"urlTemplate\":\"https:\/\/talkpal.ai\/sv\/?s={search_term_string}\"},\"query-input\":{\"@type\":\"PropertyValueSpecification\",\"valueRequired\":true,\"valueName\":\"search_term_string\"}}],\"inLanguage\":\"sv-SE\"},{\"@type\":\"Organization\",\"@id\":\"https:\/\/talkpal.ai\/sv\/#organization\",\"name\":\"Talkpal, Inc.\",\"alternateName\":\"Talkpal AI\",\"url\":\"https:\/\/talkpal.ai\/sv\/\",\"logo\":{\"@type\":\"ImageObject\",\"inLanguage\":\"sv-SE\",\"@id\":\"https:\/\/talkpal.ai\/sv\/#\/schema\/logo\/image\/\",\"url\":\"https:\/\/talkpal.ai\/wp-content\/uploads\/2024\/03\/Talkpal-Logo-Icon.png\",\"contentUrl\":\"https:\/\/talkpal.ai\/wp-content\/uploads\/2024\/03\/Talkpal-Logo-Icon.png\",\"width\":2880,\"height\":2880,\"caption\":\"Talkpal, Inc.\"},\"image\":{\"@id\":\"https:\/\/talkpal.ai\/sv\/#\/schema\/logo\/image\/\"},\"sameAs\":[\"https:\/\/www.facebook.com\/profile.php?id=100090733639311\",\"https:\/\/x.com\/talkpalai\",\"https:\/\/www.linkedin.com\/company\/talkpal\/\",\"https:\/\/www.youtube.com\/@TalkPal\/\",\"https:\/\/www.tiktok.com\/@talkpal\",\"https:\/\/www.instagram.com\/talkpal_ai\/\",\"https:\/\/www.crunchbase.com\/organization\/talkpal-9cde\",\"https:\/\/www.g2.com\/products\/talkpal-for-business\/\",\"https:\/\/www.trustpilot.com\/review\/talkpal.ai\",\"https:\/\/www.capterra.com\/p\/10006800\/TalkPal\/\"],\"description\":\"Talkpal is a language learning web and mobile education app, powered by the latest AI technologies, that provides engaging experiences to its customers in many different languages to help them improve their language skills. Users can chat about unlimited amount of topics with the app and use other modes to practice their language learning.\",\"email\":\"support@talkpal.ai\",\"legalName\":\"Talkpal, Inc.\",\"foundingDate\":\"2023-04-03\",\"duns\":\"118989042\",\"numberOfEmployees\":{\"@type\":\"QuantitativeValue\",\"minValue\":\"11\",\"maxValue\":\"50\"},\"publishingPrinciples\":\"https:\/\/talkpal.ai\/publishing-principles\/\",\"actionableFeedbackPolicy\":\"https:\/\/talkpal.ai\/actionable-feedback-policy\/\",\"correctionsPolicy\":\"https:\/\/talkpal.ai\/corrections-policy\/\",\"ethicsPolicy\":\"https:\/\/talkpal.ai\/ethics-policy\/\",\"diversityPolicy\":\"https:\/\/talkpal.ai\/diversity-policy\/\",\"diversityStaffingReport\":\"https:\/\/talkpal.ai\/diversity-policy\/\"}]}<\/script>\n<!-- \/ Yoast SEO Premium plugin. -->","yoast_head_json":{"title":"Thail\u00e4ndsk grammatik - Talkpal","description":"Utforska den fascinerande v\u00e4rlden av thail\u00e4ndsk grammatik. Uppt\u00e4ck dess enkelhet och unika funktioner som g\u00f6r inl\u00e4rning till ett n\u00f6je.","robots":{"index":"index","follow":"follow","max-snippet":"max-snippet:-1","max-image-preview":"max-image-preview:large","max-video-preview":"max-video-preview:-1"},"canonical":"https:\/\/talkpal.ai\/sv\/thailandsk-grammatik\/","og_locale":"sv_SE","og_type":"article","og_title":"Thail\u00e4ndsk grammatik","og_description":"Thail\u00e4ndsk grammatik: Utforska en unik spr\u00e5klig v\u00e4rld Thail\u00e4ndsk grammatik - till synes g\u00e5tfull, exotisk och f\u00e4ngslande. N\u00e4r du ger dig ut p\u00e5 din resa f\u00f6r","og_url":"https:\/\/talkpal.ai\/sv\/thailandsk-grammatik\/","og_site_name":"Talkpal","article_publisher":"https:\/\/www.facebook.com\/profile.php?id=100090733639311","article_modified_time":"2025-12-13T15:46:24+00:00","og_image":[{"width":512,"height":512,"url":"https:\/\/talkpal.ai\/wp-content\/uploads\/2023\/05\/thailand.png","type":"image\/png"}],"twitter_card":"summary_large_image","twitter_site":"@talkpalai","twitter_misc":{"Ber\u00e4knad l\u00e4stid":"3 minuter"},"schema":{"@context":"https:\/\/schema.org","@graph":[{"@type":"WebPage","@id":"https:\/\/talkpal.ai\/sv\/thailandsk-grammatik\/","url":"https:\/\/talkpal.ai\/sv\/thailandsk-grammatik\/","name":"Thail\u00e4ndsk grammatik - Talkpal","isPartOf":{"@id":"https:\/\/talkpal.ai\/sv\/#website"},"primaryImageOfPage":{"@id":"https:\/\/talkpal.ai\/sv\/thailandsk-grammatik\/#primaryimage"},"image":{"@id":"https:\/\/talkpal.ai\/sv\/thailandsk-grammatik\/#primaryimage"},"thumbnailUrl":"https:\/\/talkpal.ai\/wp-content\/uploads\/2023\/05\/thailand.png","datePublished":"2023-05-14T14:24:42+00:00","dateModified":"2025-12-13T15:46:24+00:00","description":"Utforska den fascinerande v\u00e4rlden av thail\u00e4ndsk grammatik. Uppt\u00e4ck dess enkelhet och unika funktioner som g\u00f6r inl\u00e4rning till ett n\u00f6je.","breadcrumb":{"@id":"https:\/\/talkpal.ai\/sv\/thailandsk-grammatik\/#breadcrumb"},"inLanguage":"sv-SE","potentialAction":[{"@type":"ReadAction","target":["https:\/\/talkpal.ai\/sv\/thailandsk-grammatik\/"]}]},{"@type":"ImageObject","inLanguage":"sv-SE","@id":"https:\/\/talkpal.ai\/sv\/thailandsk-grammatik\/#primaryimage","url":"https:\/\/talkpal.ai\/wp-content\/uploads\/2023\/05\/thailand.png","contentUrl":"https:\/\/talkpal.ai\/wp-content\/uploads\/2023\/05\/thailand.png","width":512,"height":512},{"@type":"BreadcrumbList","@id":"https:\/\/talkpal.ai\/sv\/thailandsk-grammatik\/#breadcrumb","itemListElement":[{"@type":"ListItem","position":1,"name":"Homepage","item":"https:\/\/talkpal.ai\/sv\/"},{"@type":"ListItem","position":2,"name":"Thail\u00e4ndsk grammatik"}]},{"@type":"WebSite","@id":"https:\/\/talkpal.ai\/sv\/#website","url":"https:\/\/talkpal.ai\/sv\/","name":"Talkpal","description":"AI Language Learning","publisher":{"@id":"https:\/\/talkpal.ai\/sv\/#organization"},"alternateName":"Talkpal AI","potentialAction":[{"@type":"SearchAction","target":{"@type":"EntryPoint","urlTemplate":"https:\/\/talkpal.ai\/sv\/?s={search_term_string}"},"query-input":{"@type":"PropertyValueSpecification","valueRequired":true,"valueName":"search_term_string"}}],"inLanguage":"sv-SE"},{"@type":"Organization","@id":"https:\/\/talkpal.ai\/sv\/#organization","name":"Talkpal, Inc.","alternateName":"Talkpal AI","url":"https:\/\/talkpal.ai\/sv\/","logo":{"@type":"ImageObject","inLanguage":"sv-SE","@id":"https:\/\/talkpal.ai\/sv\/#\/schema\/logo\/image\/","url":"https:\/\/talkpal.ai\/wp-content\/uploads\/2024\/03\/Talkpal-Logo-Icon.png","contentUrl":"https:\/\/talkpal.ai\/wp-content\/uploads\/2024\/03\/Talkpal-Logo-Icon.png","width":2880,"height":2880,"caption":"Talkpal, Inc."},"image":{"@id":"https:\/\/talkpal.ai\/sv\/#\/schema\/logo\/image\/"},"sameAs":["https:\/\/www.facebook.com\/profile.php?id=100090733639311","https:\/\/x.com\/talkpalai","https:\/\/www.linkedin.com\/company\/talkpal\/","https:\/\/www.youtube.com\/@TalkPal\/","https:\/\/www.tiktok.com\/@talkpal","https:\/\/www.instagram.com\/talkpal_ai\/","https:\/\/www.crunchbase.com\/organization\/talkpal-9cde","https:\/\/www.g2.com\/products\/talkpal-for-business\/","https:\/\/www.trustpilot.com\/review\/talkpal.ai","https:\/\/www.capterra.com\/p\/10006800\/TalkPal\/"],"description":"Talkpal is a language learning web and mobile education app, powered by the latest AI technologies, that provides engaging experiences to its customers in many different languages to help them improve their language skills. Users can chat about unlimited amount of topics with the app and use other modes to practice their language learning.","email":"support@talkpal.ai","legalName":"Talkpal, Inc.","foundingDate":"2023-04-03","duns":"118989042","numberOfEmployees":{"@type":"QuantitativeValue","minValue":"11","maxValue":"50"},"publishingPrinciples":"https:\/\/talkpal.ai\/publishing-principles\/","actionableFeedbackPolicy":"https:\/\/talkpal.ai\/actionable-feedback-policy\/","correctionsPolicy":"https:\/\/talkpal.ai\/corrections-policy\/","ethicsPolicy":"https:\/\/talkpal.ai\/ethics-policy\/","diversityPolicy":"https:\/\/talkpal.ai\/diversity-policy\/","diversityStaffingReport":"https:\/\/talkpal.ai\/diversity-policy\/"}]}},"_links":{"self":[{"href":"https:\/\/talkpal.ai\/sv\/wp-json\/wp\/v2\/pages\/153438","targetHints":{"allow":["GET"]}}],"collection":[{"href":"https:\/\/talkpal.ai\/sv\/wp-json\/wp\/v2\/pages"}],"about":[{"href":"https:\/\/talkpal.ai\/sv\/wp-json\/wp\/v2\/types\/page"}],"author":[{"embeddable":true,"href":"https:\/\/talkpal.ai\/sv\/wp-json\/wp\/v2\/users\/1"}],"replies":[{"embeddable":true,"href":"https:\/\/talkpal.ai\/sv\/wp-json\/wp\/v2\/comments?post=153438"}],"version-history":[{"count":0,"href":"https:\/\/talkpal.ai\/sv\/wp-json\/wp\/v2\/pages\/153438\/revisions"}],"wp:featuredmedia":[{"embeddable":true,"href":"https:\/\/talkpal.ai\/sv\/wp-json\/wp\/v2\/media\/28741"}],"wp:attachment":[{"href":"https:\/\/talkpal.ai\/sv\/wp-json\/wp\/v2\/media?parent=153438"}],"curies":[{"name":"wp","href":"https:\/\/api.w.org\/{rel}","templated":true}]}}