{"id":153197,"date":"2023-05-14T14:23:49","date_gmt":"2023-05-14T14:23:49","guid":{"rendered":"http:\/\/talkpal.ai\/turkisk-grammatik\/"},"modified":"2025-12-13T15:45:11","modified_gmt":"2025-12-13T15:45:11","slug":"turkisk-grammatik","status":"publish","type":"page","link":"https:\/\/talkpal.ai\/sv\/turkisk-grammatik\/","title":{"rendered":"Turkisk grammatik"},"content":{"rendered":"\r\n\r\n\r\n<section class=\"languageChallengeSection\">\r\n    <div class=\"languageInfoWrapper\">\r\n        \r\n        <h1>Turkisk grammatik<\/h1>\r\n        <p>\u00c4r du nyfiken p\u00e5 att l\u00e4ra dig turkiska? Utforska den turkiska grammatiken och se hur dess logiska struktur, vokalharmoni och l\u00e4ttbegripliga verbm\u00f6nster g\u00f6r den b\u00e5de fascinerande och l\u00e4ttillg\u00e4nglig. B\u00f6rja din resa idag &#8211; att beh\u00e4rska <a href=\"https:\/\/talkpal.ai\/sv\/grammar\/noll-artiklar-i-turkisk-grammatik\/\">turkisk grammatik<\/a> \u00e4r din nyckel till flytande kommunikation och till att \u00f6ppna upp en livlig v\u00e4rld av kultur och kontakter!<\/p>\r\n\r\n                            <a class=\"getStartedHidden\" href=\"https:\/\/app.talkpal.ai\/sv\/signup?lng=\">Kom ig\u00e5ng<\/a>\r\n        \r\n    <\/div>\r\n\r\n    <figure>\r\n    <img decoding=\"async\" width=\"768\" height=\"768\" src=\"https:\/\/talkpal.ai\/wp-content\/uploads\/2023\/06\/turkish-768x768.png\" class=\"languageImage no-lazy\" alt=\"Default alt text\" fetchpriority=\"high\" sizes=\"(max-width: 768px) 150px, 768px\" srcset=\"https:\/\/talkpal.ai\/wp-content\/uploads\/2023\/06\/turkish-768x768.png 768w, https:\/\/talkpal.ai\/wp-content\/uploads\/2023\/06\/turkish-300x300.png 300w\" \/>\r\n    \r\n\r\n    <\/figure>\r\n\r\n            <a class=\"getStartedVisible\" href=\"https:\/\/app.talkpal.ai\/sv\/signup?lng=\">Kom ig\u00e5ng<\/a>\r\n    \r\n<\/section>\r\n        <section class=\"grammarSection\">\r\n            <div class=\"grammarLinks\">\r\n                <a href=\"https:\/\/talkpal.ai\/sv\/language\/adjektiv-turkisk-grammatik\/\">Adjektiv <\/a><a href=\"https:\/\/talkpal.ai\/sv\/language\/adverb-turkisk-grammatik\/\">Adverb <\/a><a href=\"https:\/\/talkpal.ai\/sv\/language\/artiklar-turkisk-grammatik\/\">Artiklar <\/a><a href=\"https:\/\/talkpal.ai\/sv\/language\/jamforelse-av-tempus-turkisk-grammatik\/\">J\u00e4mf\u00f6relse av tempus <\/a><a href=\"https:\/\/talkpal.ai\/sv\/language\/konditionaler-turkisk-grammatik\/\">Konditionaler <\/a><a href=\"https:\/\/talkpal.ai\/sv\/language\/meningar-turkisk-grammatik\/\">Meningar <\/a><a href=\"https:\/\/talkpal.ai\/sv\/language\/perfect-progressive-turkisk-spraklara\/\">Perfect Progressive <\/a><a href=\"https:\/\/talkpal.ai\/sv\/language\/prepositioner-turkisk-grammatik\/\">Prepositioner <\/a><a href=\"https:\/\/talkpal.ai\/sv\/language\/progressiv-turkisk-spraklara\/\">Progressiv <\/a><a href=\"https:\/\/talkpal.ai\/sv\/language\/pronomen-bestamningsfaktorer-turkisk-grammatik\/\">Pronomen\/best\u00e4mningsfaktorer <\/a><a href=\"https:\/\/talkpal.ai\/sv\/language\/substantiv-turkisk-grammatik\/\">Substantiv <\/a><a href=\"https:\/\/talkpal.ai\/sv\/language\/tempus-turkisk-grammatik\/\">Tempus <\/a><a href=\"https:\/\/talkpal.ai\/sv\/language\/verb-turkisk-grammatik\/\">Verb <\/a>            <\/div>\r\n        <\/section>\r\n    <section class=\"promotionalBanner\">\r\n    <p class=\"promotionalText\">Det mest effektiva s\u00e4ttet att l\u00e4ra sig ett spr\u00e5k<\/p>\r\n    <a class=\"promotionalLink\" href=\"https:\/\/app.talkpal.ai\/sv\/signup?lng=\">Prova Talkpal gratis<\/a>\r\n<\/section>\n<div class=\"wp-block-group pageContainerStyle\"><div class=\"wp-block-group__inner-container is-layout-constrained wp-block-group-is-layout-constrained\">\n<h2 class=\"wp-block-heading\" id=\"h-the-ultimate-guide-to-turkish-grammar-navigating-the-intricacies-of-a-unique-language\">Den ultimata guiden till turkisk grammatik: Navigera i ett unikt spr\u00e5ks kr\u00e5ngligheter<\/h2>\n\n\n\n<p><a href=\"https:\/\/talkpal.ai\/sv\/grammar\/noll-artiklar-i-turkisk-grammatik\/\">Turkisk grammatik<\/a>, liksom spr\u00e5ket sj\u00e4lvt, utg\u00f6r en rik och fascinerande v\u00e4v av spr\u00e5kliga element. Som medlem av den turkiska spr\u00e5kfamiljen f\u00e4ngslar turkiska eleverna med sina olika egenskaper och utmanar \u00e4ven de mest skickliga talarna. I <a href=\"https:\/\/talkpal.ai\/culture\/how-do-i-use-den-har-and-det-har\/\">den h\u00e4r<\/a> guiden utforskar vi de viktigaste principerna f\u00f6r <a href=\"https:\/\/talkpal.ai\/learn-turkish\/\">turkisk<\/a> <a href=\"https:\/\/talkpal.ai\/fr\/les\/\">grammatik<\/a>, avmystifierar dess komplexitet och hj\u00e4lper dig p\u00e5 din resa mot att bli flytande i detta f\u00e4ngslande spr\u00e5k. L\u00e5t <a href=\"https:\/\/talkpal.ai\/locations\/language-courses-in-oss\/\">oss<\/a> b\u00f6rja!<\/p>\n\n\n\n<h3 class=\"wp-block-heading\" id=\"h-the-nuts-and-bolts-turkish-sentence-structure\">Muttrar och bultar: Turkisk meningsstruktur<\/h3>\n\n\n\n<p>I grund och botten \u00e4r <a href=\"https:\/\/talkpal.ai\/learn-turkish\/\">turkisk<\/a> grammatik ganska okomplicerad. Spr\u00e5ket f\u00f6ljer i allm\u00e4nhet meningsstrukturen <a href=\"https:\/\/talkpal.ai\/culture\/how-do-you-structure-a-sentence-using-subject-object-verb-order-in-uzbek\/\">Subject-Object-Verb<\/a> (SOV), till skillnad fr\u00e5n <a href=\"https:\/\/talkpal.ai\/learn-english-with-ai\/\">engelska<\/a> och m\u00e5nga andra spr\u00e5k. Till exempel kan meningen &#8221;Jag \u00e4ter ett \u00e4pple&#8221; \u00f6vers\u00e4ttas till &#8221;Ben elma yiyorum&#8221; (Ben=jag, elma=\u00e4pple, yiyorum=\u00e4ta). Enkelt, eller hur? Men n\u00e4r vi gr\u00e4ver djupare kommer du att st\u00f6ta p\u00e5 n\u00e5gra sp\u00e4nnande och distinkta drag i den turkiska grammatiken.<\/p>\n\n\n\n<h3 class=\"wp-block-heading\" id=\"h-meet-the-family-turkish-nouns-and-their-suffixes\">M\u00f6t familjen: Turkiska substantiv och deras suffix<\/h3>\n\n\n\n<p>Ett av de mest speciella k\u00e4nnetecknen f\u00f6r turkisk grammatik \u00e4r anv\u00e4ndningen av suffix f\u00f6r att uttrycka olika grammatiska relationer. Det finns inga prepositioner p\u00e5 turkiska; I st\u00e4llet f\u00f6r dem \u00e4r suffix kopplade till substantiv f\u00f6r att indikera besittning, direkta objekt och plats.<\/p>\n\n\n\n<p>L\u00e5t oss till exempel ta ordet &#8221;elma&#8221; (elma) som betyder &#8221;\u00e4pple&#8221;:<\/p>\n\n\n\n<p><strong>&#8211; Besittning: Benim elmam (Mitt \u00e4pple)<\/strong><\/p>\n\n\n\n<p><strong>&#8211; Direkt objekt: Elmay\u0131 yedim (Jag \u00e5t upp \u00e4pplet)<\/strong><\/p>\n\n\n\n<p><strong>&#8211; Plats: Elmada (vid \u00e4pplet)<\/strong><\/p>\n\n\n\n<p>Det \u00e4r viktigt att du bekantar dig med dessa suffix, eftersom de kan f\u00f6r\u00e4ndra betydelsen av dina meningar dramatiskt.<\/p>\n\n\n\n<h3 class=\"wp-block-heading\" id=\"h-playing-with-numbers-turkish-plurals-and-genders\">Leka med siffror: Turkiska plural och genus<\/h3>\n\n\n\n<p>N\u00e4r man bildar pluralis p\u00e5 turkiska \u00e4r det viktigt att bara l\u00e4gga till ett suffix: -ler eller -lar, beroende p\u00e5 den n\u00e4rmaste vokalen i ordet. Till skillnad fr\u00e5n m\u00e5nga andra spr\u00e5k har turkiska inte n\u00e5got grammatiskt genus. Det inneb\u00e4r att du inte beh\u00f6ver oroa dig f\u00f6r att l\u00e4ra dig olika \u00e4ndelser eller former f\u00f6r maskulina, feminina eller neutrala substantiv.<\/p>\n\n\n\n<p>Till exempel blir &#8221;k\u00f6pek&#8221; (k\u00f6pek, ett substantiv som betyder &#8221;hund&#8221;) &#8221;k\u00f6pekler&#8221; (k\u00f6pekler, hundar) och &#8221;kedi&#8221; (kedi, ett substantiv som betyder &#8221;katt&#8221;) blir &#8221;kediler&#8221; (kediler, katter).<\/p>\n\n\n\n<h3 class=\"wp-block-heading\" id=\"h-the-art-of-conjugation-turkish-verbs\">Konsten att b\u00f6ja: Turkiska verb<\/h3>\n\n\n\n<p>Turkiska verb kan verka skr\u00e4mmande till en b\u00f6rjan p\u00e5 grund av deras m\u00e5nga tempus, modus och b\u00f6jningar. Nyckeln till att f\u00f6rst\u00e5 dem \u00e4r dock att k\u00e4nna igen vanliga m\u00f6nster och \u00f6va regelbundet.<\/p>\n\n\n\n<p>P\u00e5 turkiska anv\u00e4nder verb en m\u00e4ngd olika suffix f\u00f6r att ange tempus, hum\u00f6r och person. Ververbstammen f\u00f6rblir of\u00f6r\u00e4ndrad. L\u00e5t oss ta verbet &#8221;yemek&#8221; (yemek, &#8221;att \u00e4ta&#8221;) som exempel:<\/p>\n\n\n\n<p><strong>Presens kontinuerligt: Yiyorum (jag \u00e4ter)<\/strong><\/p>\n\n\n\n<p><strong>F\u00f6rfluten tid: Yedim (jag \u00e5t)<\/strong><\/p>\n\n\n\n<p><strong>Futurum: Yiyece\u011fim (jag ska \u00e4ta)<\/strong><\/p>\n\n\n\n<p>Som du kan se \u00e4ndras \u00e4ndelserna beroende p\u00e5 tempus och person. Med \u00f6vning och t\u00e5lamod kommer du att b\u00f6rja k\u00e4nna igen m\u00f6nstren och \u00f6vervinna den h\u00e4r utmaningen.<\/p>\n\n\n\n<h3 class=\"wp-block-heading\" id=\"h-the-finishing-touches-turkish-adjectives-adverbs-and-more\">Pricken \u00f6ver i:et: Turkiska adjektiv, adverb och mer<\/h3>\n\n\n\n<p>N\u00e4r det kommer till turkiska adjektiv och adverb spelar de en avg\u00f6rande roll f\u00f6r att l\u00e4gga till djup och komplexitet till ditt tal. Adjektiv p\u00e5 turkiska beh\u00f6ver inte \u00f6verensst\u00e4mma med de substantiv de modifierar, vilket g\u00f6r dem l\u00e4ttare att hantera \u00e4n p\u00e5 m\u00e5nga andra spr\u00e5k.<\/p>\n\n\n\n<p>Till exempel betyder &#8221;g\u00fczel&#8221; (g\u00fczel) &#8221;vacker&#8221;, och du kan se det som &#8221;g\u00fczel \u00e7i\u00e7ek&#8221; (g\u00fczel \u00e7i\u00e7ek, &#8221;vacker blomma&#8221;) eller &#8221;g\u00fczel k\u00f6pek&#8221; (g\u00fczel k\u00f6pek, &#8221;vacker hund&#8221;), utan \u00e4ndring av plural eller k\u00f6n.<\/p>\n\n\n\n<p>Adverb f\u00f6ljer vanligtvis liknande m\u00f6nster, ofta h\u00e4rledda fr\u00e5n adjektiv. P\u00e5 turkiska kan m\u00e5nga adverb bildas genom att l\u00e4gga till suffixet -ce eller -ca till adjektiven, beroende p\u00e5 n\u00e4rmaste vokal.<\/p>\n\n\n\n<p>Sammanfattningsvis kan man s\u00e4ga att den turkiska grammatikens komplexitet och egenheter, \u00e4ven om de \u00e4r utmanande, ger spr\u00e5ket dess f\u00e4ngslande sk\u00f6nhet och karakt\u00e4r. Med en kombination av envishet, nyfikenhet och praktisk till\u00e4mpning kommer du snart att kunna navigera i den turkiska grammatiken med l\u00e4tthet och sj\u00e4lvf\u00f6rtroende. Lycka till med l\u00e4randet!<\/p>\n<\/div><\/div>\n\r\n<section class=\"learnNavigationSection\">\r\n            \r\n        <a href=\"https:\/\/talkpal.ai\/sv\/lar-dig-turkiska\/\">\r\n            <div class=\"learnNavigationWrapper\">\r\n                <div class=\"learnNavigationContent\">\r\n                    <img decoding=\"async\" src=\"https:\/\/talkpal.ai\/wp-content\/uploads\/2024\/08\/Turkish.jpg\" alt=\"Turkish Flag\">\r\n                    <div>\r\n                        <h4>Om turkisk inl\u00e4rning<\/h4>\r\n                        <p>Ta reda p\u00e5 allt om turkisk grammatik.<\/p>\r\n                    <\/div>\r\n                <\/div>\r\n            <\/div>\r\n        <\/a>\r\n\r\n        \r\n        <a href=\"https:\/\/talkpal.ai\/sv\/turkiska-grammatikovningar\/\">\r\n            <div class=\"learnNavigationWrapper\">\r\n                <div class=\"learnNavigationContent\">\r\n                    <img decoding=\"async\" src=\"https:\/\/talkpal.ai\/wp-content\/uploads\/2024\/08\/Turkish.jpg\" alt=\"Turkish Flag\">\r\n                    <div>\r\n                        <h4>\u00d6vning i turkisk grammatik<\/h4>\r\n                        <p>\u00d6va turkisk grammatik.<\/p>\r\n                    <\/div>\r\n                <\/div>\r\n            <\/div>\r\n        <\/a>\r\n\r\n        \r\n        <a href=\"https:\/\/talkpal.ai\/vocabulary_language\/turkish\/\">\r\n            <div class=\"learnNavigationWrapper\">\r\n                <div class=\"learnNavigationContent\">\r\n                    <img decoding=\"async\" src=\"https:\/\/talkpal.ai\/wp-content\/uploads\/2024\/08\/Turkish.jpg\" alt=\"Turkish Flag\">\r\n                    <div>\r\n                        <h4>Turkisk vokabul\u00e4r<\/h4>\r\n                        <p>Ut\u00f6ka ditt turkiska ordf\u00f6rr\u00e5d.<\/p>\r\n                    <\/div>\r\n                <\/div>\r\n            <\/div>\r\n        <\/a>\r\n\r\n            <\/section>","protected":false},"excerpt":{"rendered":"<p>Den ultimata guiden till turkisk grammatik: Navigera i ett unikt spr\u00e5ks kr\u00e5ngligheter Turkisk grammatik, liksom spr\u00e5ket sj\u00e4lvt, utg\u00f6r en rik och fascinerande v\u00e4v av spr\u00e5kliga element. Som medlem av den turkiska spr\u00e5kfamiljen f\u00e4ngslar turkiska eleverna med sina olika egenskaper och utmanar \u00e4ven de mest skickliga talarna. I den h\u00e4r guiden utforskar vi de viktigaste principerna [&hellip;]<\/p>\n","protected":false},"author":1,"featured_media":28757,"parent":0,"menu_order":0,"comment_status":"closed","ping_status":"closed","template":"LearningContentPage.php","meta":{"_acf_changed":false,"footnotes":""},"class_list":["post-153197","page","type-page","status-publish","has-post-thumbnail","hentry"],"acf":[],"yoast_head":"<!-- This site is optimized with the Yoast SEO Premium plugin v27.2 (Yoast SEO v27.2) - https:\/\/yoast.com\/product\/yoast-seo-premium-wordpress\/ -->\n<title>Turkisk grammatik - Talkpal<\/title>\n<meta name=\"description\" content=\"Avsl\u00f6ja den turkiska grammatikens hemligheter med v\u00e5r omfattande guide till dess viktigaste principer och meningsbyggnad.\" \/>\n<meta name=\"robots\" content=\"index, follow, max-snippet:-1, max-image-preview:large, max-video-preview:-1\" \/>\n<link rel=\"canonical\" href=\"https:\/\/talkpal.ai\/sv\/turkisk-grammatik\/\" \/>\n<meta property=\"og:locale\" content=\"sv_SE\" \/>\n<meta property=\"og:type\" content=\"article\" \/>\n<meta property=\"og:title\" content=\"Turkisk grammatik\" \/>\n<meta property=\"og:description\" content=\"Den ultimata guiden till turkisk grammatik: Navigera i ett unikt spr\u00e5ks kr\u00e5ngligheter Turkisk grammatik, liksom spr\u00e5ket sj\u00e4lvt, utg\u00f6r en rik och\" \/>\n<meta property=\"og:url\" content=\"https:\/\/talkpal.ai\/sv\/turkisk-grammatik\/\" \/>\n<meta property=\"og:site_name\" content=\"Talkpal\" \/>\n<meta property=\"article:publisher\" content=\"https:\/\/www.facebook.com\/profile.php?id=100090733639311\" \/>\n<meta property=\"article:modified_time\" content=\"2025-12-13T15:45:11+00:00\" \/>\n<meta property=\"og:image\" content=\"https:\/\/talkpal.ai\/wp-content\/uploads\/2023\/05\/turkish.png\" \/>\n\t<meta property=\"og:image:width\" content=\"512\" \/>\n\t<meta property=\"og:image:height\" content=\"512\" \/>\n\t<meta property=\"og:image:type\" content=\"image\/png\" \/>\n<meta name=\"twitter:card\" content=\"summary_large_image\" \/>\n<meta name=\"twitter:site\" content=\"@talkpalai\" \/>\n<meta name=\"twitter:label1\" content=\"Ber\u00e4knad l\u00e4stid\" \/>\n\t<meta name=\"twitter:data1\" content=\"4 minuter\" \/>\n<script type=\"application\/ld+json\" class=\"yoast-schema-graph\">{\"@context\":\"https:\/\/schema.org\",\"@graph\":[{\"@type\":\"WebPage\",\"@id\":\"https:\/\/talkpal.ai\/sv\/turkisk-grammatik\/\",\"url\":\"https:\/\/talkpal.ai\/sv\/turkisk-grammatik\/\",\"name\":\"Turkisk grammatik - Talkpal\",\"isPartOf\":{\"@id\":\"https:\/\/talkpal.ai\/sv\/#website\"},\"primaryImageOfPage\":{\"@id\":\"https:\/\/talkpal.ai\/sv\/turkisk-grammatik\/#primaryimage\"},\"image\":{\"@id\":\"https:\/\/talkpal.ai\/sv\/turkisk-grammatik\/#primaryimage\"},\"thumbnailUrl\":\"https:\/\/talkpal.ai\/wp-content\/uploads\/2023\/05\/turkish.png\",\"datePublished\":\"2023-05-14T14:23:49+00:00\",\"dateModified\":\"2025-12-13T15:45:11+00:00\",\"description\":\"Avsl\u00f6ja den turkiska grammatikens hemligheter med v\u00e5r omfattande guide till dess viktigaste principer och meningsbyggnad.\",\"breadcrumb\":{\"@id\":\"https:\/\/talkpal.ai\/sv\/turkisk-grammatik\/#breadcrumb\"},\"inLanguage\":\"sv-SE\",\"potentialAction\":[{\"@type\":\"ReadAction\",\"target\":[\"https:\/\/talkpal.ai\/sv\/turkisk-grammatik\/\"]}]},{\"@type\":\"ImageObject\",\"inLanguage\":\"sv-SE\",\"@id\":\"https:\/\/talkpal.ai\/sv\/turkisk-grammatik\/#primaryimage\",\"url\":\"https:\/\/talkpal.ai\/wp-content\/uploads\/2023\/05\/turkish.png\",\"contentUrl\":\"https:\/\/talkpal.ai\/wp-content\/uploads\/2023\/05\/turkish.png\",\"width\":512,\"height\":512},{\"@type\":\"BreadcrumbList\",\"@id\":\"https:\/\/talkpal.ai\/sv\/turkisk-grammatik\/#breadcrumb\",\"itemListElement\":[{\"@type\":\"ListItem\",\"position\":1,\"name\":\"Homepage\",\"item\":\"https:\/\/talkpal.ai\/sv\/\"},{\"@type\":\"ListItem\",\"position\":2,\"name\":\"Turkisk grammatik\"}]},{\"@type\":\"WebSite\",\"@id\":\"https:\/\/talkpal.ai\/sv\/#website\",\"url\":\"https:\/\/talkpal.ai\/sv\/\",\"name\":\"Talkpal\",\"description\":\"AI Language Learning\",\"publisher\":{\"@id\":\"https:\/\/talkpal.ai\/sv\/#organization\"},\"alternateName\":\"Talkpal AI\",\"potentialAction\":[{\"@type\":\"SearchAction\",\"target\":{\"@type\":\"EntryPoint\",\"urlTemplate\":\"https:\/\/talkpal.ai\/sv\/?s={search_term_string}\"},\"query-input\":{\"@type\":\"PropertyValueSpecification\",\"valueRequired\":true,\"valueName\":\"search_term_string\"}}],\"inLanguage\":\"sv-SE\"},{\"@type\":\"Organization\",\"@id\":\"https:\/\/talkpal.ai\/sv\/#organization\",\"name\":\"Talkpal, Inc.\",\"alternateName\":\"Talkpal AI\",\"url\":\"https:\/\/talkpal.ai\/sv\/\",\"logo\":{\"@type\":\"ImageObject\",\"inLanguage\":\"sv-SE\",\"@id\":\"https:\/\/talkpal.ai\/sv\/#\/schema\/logo\/image\/\",\"url\":\"https:\/\/talkpal.ai\/wp-content\/uploads\/2024\/03\/Talkpal-Logo-Icon.png\",\"contentUrl\":\"https:\/\/talkpal.ai\/wp-content\/uploads\/2024\/03\/Talkpal-Logo-Icon.png\",\"width\":2880,\"height\":2880,\"caption\":\"Talkpal, Inc.\"},\"image\":{\"@id\":\"https:\/\/talkpal.ai\/sv\/#\/schema\/logo\/image\/\"},\"sameAs\":[\"https:\/\/www.facebook.com\/profile.php?id=100090733639311\",\"https:\/\/x.com\/talkpalai\",\"https:\/\/www.linkedin.com\/company\/talkpal\/\",\"https:\/\/www.youtube.com\/@TalkPal\/\",\"https:\/\/www.tiktok.com\/@talkpal\",\"https:\/\/www.instagram.com\/talkpal_ai\/\",\"https:\/\/www.crunchbase.com\/organization\/talkpal-9cde\",\"https:\/\/www.g2.com\/products\/talkpal-for-business\/\",\"https:\/\/www.trustpilot.com\/review\/talkpal.ai\",\"https:\/\/www.capterra.com\/p\/10006800\/TalkPal\/\"],\"description\":\"Talkpal is a language learning web and mobile education app, powered by the latest AI technologies, that provides engaging experiences to its customers in many different languages to help them improve their language skills. Users can chat about unlimited amount of topics with the app and use other modes to practice their language learning.\",\"email\":\"support@talkpal.ai\",\"legalName\":\"Talkpal, Inc.\",\"foundingDate\":\"2023-04-03\",\"duns\":\"118989042\",\"numberOfEmployees\":{\"@type\":\"QuantitativeValue\",\"minValue\":\"11\",\"maxValue\":\"50\"},\"publishingPrinciples\":\"https:\/\/talkpal.ai\/publishing-principles\/\",\"actionableFeedbackPolicy\":\"https:\/\/talkpal.ai\/actionable-feedback-policy\/\",\"correctionsPolicy\":\"https:\/\/talkpal.ai\/corrections-policy\/\",\"ethicsPolicy\":\"https:\/\/talkpal.ai\/ethics-policy\/\",\"diversityPolicy\":\"https:\/\/talkpal.ai\/diversity-policy\/\",\"diversityStaffingReport\":\"https:\/\/talkpal.ai\/diversity-policy\/\"}]}<\/script>\n<!-- \/ Yoast SEO Premium plugin. -->","yoast_head_json":{"title":"Turkisk grammatik - Talkpal","description":"Avsl\u00f6ja den turkiska grammatikens hemligheter med v\u00e5r omfattande guide till dess viktigaste principer och meningsbyggnad.","robots":{"index":"index","follow":"follow","max-snippet":"max-snippet:-1","max-image-preview":"max-image-preview:large","max-video-preview":"max-video-preview:-1"},"canonical":"https:\/\/talkpal.ai\/sv\/turkisk-grammatik\/","og_locale":"sv_SE","og_type":"article","og_title":"Turkisk grammatik","og_description":"Den ultimata guiden till turkisk grammatik: Navigera i ett unikt spr\u00e5ks kr\u00e5ngligheter Turkisk grammatik, liksom spr\u00e5ket sj\u00e4lvt, utg\u00f6r en rik och","og_url":"https:\/\/talkpal.ai\/sv\/turkisk-grammatik\/","og_site_name":"Talkpal","article_publisher":"https:\/\/www.facebook.com\/profile.php?id=100090733639311","article_modified_time":"2025-12-13T15:45:11+00:00","og_image":[{"width":512,"height":512,"url":"https:\/\/talkpal.ai\/wp-content\/uploads\/2023\/05\/turkish.png","type":"image\/png"}],"twitter_card":"summary_large_image","twitter_site":"@talkpalai","twitter_misc":{"Ber\u00e4knad l\u00e4stid":"4 minuter"},"schema":{"@context":"https:\/\/schema.org","@graph":[{"@type":"WebPage","@id":"https:\/\/talkpal.ai\/sv\/turkisk-grammatik\/","url":"https:\/\/talkpal.ai\/sv\/turkisk-grammatik\/","name":"Turkisk grammatik - Talkpal","isPartOf":{"@id":"https:\/\/talkpal.ai\/sv\/#website"},"primaryImageOfPage":{"@id":"https:\/\/talkpal.ai\/sv\/turkisk-grammatik\/#primaryimage"},"image":{"@id":"https:\/\/talkpal.ai\/sv\/turkisk-grammatik\/#primaryimage"},"thumbnailUrl":"https:\/\/talkpal.ai\/wp-content\/uploads\/2023\/05\/turkish.png","datePublished":"2023-05-14T14:23:49+00:00","dateModified":"2025-12-13T15:45:11+00:00","description":"Avsl\u00f6ja den turkiska grammatikens hemligheter med v\u00e5r omfattande guide till dess viktigaste principer och meningsbyggnad.","breadcrumb":{"@id":"https:\/\/talkpal.ai\/sv\/turkisk-grammatik\/#breadcrumb"},"inLanguage":"sv-SE","potentialAction":[{"@type":"ReadAction","target":["https:\/\/talkpal.ai\/sv\/turkisk-grammatik\/"]}]},{"@type":"ImageObject","inLanguage":"sv-SE","@id":"https:\/\/talkpal.ai\/sv\/turkisk-grammatik\/#primaryimage","url":"https:\/\/talkpal.ai\/wp-content\/uploads\/2023\/05\/turkish.png","contentUrl":"https:\/\/talkpal.ai\/wp-content\/uploads\/2023\/05\/turkish.png","width":512,"height":512},{"@type":"BreadcrumbList","@id":"https:\/\/talkpal.ai\/sv\/turkisk-grammatik\/#breadcrumb","itemListElement":[{"@type":"ListItem","position":1,"name":"Homepage","item":"https:\/\/talkpal.ai\/sv\/"},{"@type":"ListItem","position":2,"name":"Turkisk grammatik"}]},{"@type":"WebSite","@id":"https:\/\/talkpal.ai\/sv\/#website","url":"https:\/\/talkpal.ai\/sv\/","name":"Talkpal","description":"AI Language Learning","publisher":{"@id":"https:\/\/talkpal.ai\/sv\/#organization"},"alternateName":"Talkpal AI","potentialAction":[{"@type":"SearchAction","target":{"@type":"EntryPoint","urlTemplate":"https:\/\/talkpal.ai\/sv\/?s={search_term_string}"},"query-input":{"@type":"PropertyValueSpecification","valueRequired":true,"valueName":"search_term_string"}}],"inLanguage":"sv-SE"},{"@type":"Organization","@id":"https:\/\/talkpal.ai\/sv\/#organization","name":"Talkpal, Inc.","alternateName":"Talkpal AI","url":"https:\/\/talkpal.ai\/sv\/","logo":{"@type":"ImageObject","inLanguage":"sv-SE","@id":"https:\/\/talkpal.ai\/sv\/#\/schema\/logo\/image\/","url":"https:\/\/talkpal.ai\/wp-content\/uploads\/2024\/03\/Talkpal-Logo-Icon.png","contentUrl":"https:\/\/talkpal.ai\/wp-content\/uploads\/2024\/03\/Talkpal-Logo-Icon.png","width":2880,"height":2880,"caption":"Talkpal, Inc."},"image":{"@id":"https:\/\/talkpal.ai\/sv\/#\/schema\/logo\/image\/"},"sameAs":["https:\/\/www.facebook.com\/profile.php?id=100090733639311","https:\/\/x.com\/talkpalai","https:\/\/www.linkedin.com\/company\/talkpal\/","https:\/\/www.youtube.com\/@TalkPal\/","https:\/\/www.tiktok.com\/@talkpal","https:\/\/www.instagram.com\/talkpal_ai\/","https:\/\/www.crunchbase.com\/organization\/talkpal-9cde","https:\/\/www.g2.com\/products\/talkpal-for-business\/","https:\/\/www.trustpilot.com\/review\/talkpal.ai","https:\/\/www.capterra.com\/p\/10006800\/TalkPal\/"],"description":"Talkpal is a language learning web and mobile education app, powered by the latest AI technologies, that provides engaging experiences to its customers in many different languages to help them improve their language skills. Users can chat about unlimited amount of topics with the app and use other modes to practice their language learning.","email":"support@talkpal.ai","legalName":"Talkpal, Inc.","foundingDate":"2023-04-03","duns":"118989042","numberOfEmployees":{"@type":"QuantitativeValue","minValue":"11","maxValue":"50"},"publishingPrinciples":"https:\/\/talkpal.ai\/publishing-principles\/","actionableFeedbackPolicy":"https:\/\/talkpal.ai\/actionable-feedback-policy\/","correctionsPolicy":"https:\/\/talkpal.ai\/corrections-policy\/","ethicsPolicy":"https:\/\/talkpal.ai\/ethics-policy\/","diversityPolicy":"https:\/\/talkpal.ai\/diversity-policy\/","diversityStaffingReport":"https:\/\/talkpal.ai\/diversity-policy\/"}]}},"_links":{"self":[{"href":"https:\/\/talkpal.ai\/sv\/wp-json\/wp\/v2\/pages\/153197","targetHints":{"allow":["GET"]}}],"collection":[{"href":"https:\/\/talkpal.ai\/sv\/wp-json\/wp\/v2\/pages"}],"about":[{"href":"https:\/\/talkpal.ai\/sv\/wp-json\/wp\/v2\/types\/page"}],"author":[{"embeddable":true,"href":"https:\/\/talkpal.ai\/sv\/wp-json\/wp\/v2\/users\/1"}],"replies":[{"embeddable":true,"href":"https:\/\/talkpal.ai\/sv\/wp-json\/wp\/v2\/comments?post=153197"}],"version-history":[{"count":0,"href":"https:\/\/talkpal.ai\/sv\/wp-json\/wp\/v2\/pages\/153197\/revisions"}],"wp:featuredmedia":[{"embeddable":true,"href":"https:\/\/talkpal.ai\/sv\/wp-json\/wp\/v2\/media\/28757"}],"wp:attachment":[{"href":"https:\/\/talkpal.ai\/sv\/wp-json\/wp\/v2\/media?parent=153197"}],"curies":[{"name":"wp","href":"https:\/\/api.w.org\/{rel}","templated":true}]}}