{"id":153049,"date":"2023-05-14T14:23:21","date_gmt":"2023-05-14T14:23:21","guid":{"rendered":"http:\/\/talkpal.ai\/tagalog-grammatik\/"},"modified":"2025-12-17T15:38:18","modified_gmt":"2025-12-17T15:38:18","slug":"tagalog-grammatik","status":"publish","type":"page","link":"https:\/\/talkpal.ai\/sv\/tagalog-grammatik\/","title":{"rendered":"Tagalog Grammatik"},"content":{"rendered":"\r\n\r\n\r\n<section class=\"languageChallengeSection\">\r\n    <div class=\"languageInfoWrapper\">\r\n        \r\n        <h1>Tagalog Grammatik<\/h1>\r\n        <p>\u00c4r du sugen p\u00e5 att l\u00e4ra dig <a href=\"https:\/\/talkpal.ai\/learn-tagalog\/\">tagalog<\/a>? Utforska tagaloggrammatiken, d\u00e4r unika system med verbfokus, flexibel meningsordning och hj\u00e4lpsamma partiklar skapar ett spr\u00e5k som \u00e4r lika uttrycksfullt som det \u00e4r intressant. B\u00f6rja din resa nu &#8211; att beh\u00e4rska <a href=\"https:\/\/talkpal.ai\/tagalog-grammar\/\">tagalog-grammatik<\/a> kommer att ge dig m\u00f6jlighet att kommunicera sj\u00e4lvs\u00e4kert och f\u00f6rdjupa dig i den livliga kulturen i Filippinerna!<\/p>\r\n\r\n                            <a class=\"getStartedHidden\" href=\"https:\/\/app.talkpal.ai\/sv\/signup?lng=\">Kom ig\u00e5ng<\/a>\r\n        \r\n    <\/div>\r\n\r\n    <figure>\r\n    <img decoding=\"async\" width=\"768\" height=\"768\" src=\"https:\/\/talkpal.ai\/wp-content\/uploads\/2023\/06\/tagalog-768x768.png\" class=\"languageImage no-lazy\" alt=\"Default alt text\" fetchpriority=\"high\" sizes=\"(max-width: 768px) 150px, 768px\" srcset=\"https:\/\/talkpal.ai\/wp-content\/uploads\/2023\/06\/tagalog-768x768.png 768w, https:\/\/talkpal.ai\/wp-content\/uploads\/2023\/06\/tagalog-300x300.png 300w\" \/>\r\n    \r\n\r\n    <\/figure>\r\n\r\n            <a class=\"getStartedVisible\" href=\"https:\/\/app.talkpal.ai\/sv\/signup?lng=\">Kom ig\u00e5ng<\/a>\r\n    \r\n<\/section>\r\n        <section class=\"grammarSection\">\r\n            <div class=\"grammarLinks\">\r\n                <a href=\"https:\/\/talkpal.ai\/sv\/language\/adjektiv-grammatik-pa-tagalog\/\">Adjektiv <\/a><a href=\"https:\/\/talkpal.ai\/sv\/language\/adverb-grammatik-pa-tagalog\/\">Adverb <\/a><a href=\"https:\/\/talkpal.ai\/sv\/language\/artiklar-tagalog-grammatik\/\">Artiklar <\/a><a href=\"https:\/\/talkpal.ai\/sv\/language\/jamforelse-av-tempus-tagalog-grammatik\/\">J\u00e4mf\u00f6relse av tempus <\/a><a href=\"https:\/\/talkpal.ai\/sv\/language\/konditionaler-grammatik-pa-tagalog\/\">Konditionaler <\/a><a href=\"https:\/\/talkpal.ai\/sv\/language\/meningar-tagalog-grammatik\/\">Meningar <\/a><a href=\"https:\/\/talkpal.ai\/sv\/language\/perfekt-progressiv-tagalog-grammatik-sv\/\">Perfekt progressiv <\/a><a href=\"https:\/\/talkpal.ai\/sv\/language\/prepositioner-grammatik-pa-tagalog\/\">Prepositioner <\/a><a href=\"https:\/\/talkpal.ai\/sv\/language\/progressiv-tagalog-grammatik-sv\/\">Progressiv <\/a><a href=\"https:\/\/talkpal.ai\/sv\/language\/pronomen-bestamningsfaktorer-tagalog-grammatik\/\">Pronomen\/best\u00e4mningsfaktorer <\/a><a href=\"https:\/\/talkpal.ai\/sv\/language\/substantiv-tagalog-grammatik\/\">Substantiv <\/a><a href=\"https:\/\/talkpal.ai\/sv\/language\/tempus-grammatik-pa-tagalog\/\">Tempus <\/a><a href=\"https:\/\/talkpal.ai\/sv\/language\/verb-tagalog-grammatik\/\">Verb <\/a>            <\/div>\r\n        <\/section>\r\n    <section class=\"promotionalBanner\">\r\n    <p class=\"promotionalText\">Det mest effektiva s\u00e4ttet att l\u00e4ra sig ett spr\u00e5k<\/p>\r\n    <a class=\"promotionalLink\" href=\"https:\/\/app.talkpal.ai\/sv\/signup?lng=\">Prova Talkpal gratis<\/a>\r\n<\/section>\n<div class=\"wp-block-group pageContainerStyle\"><div class=\"wp-block-group__inner-container is-layout-constrained wp-block-group-is-layout-constrained\">\n<h1 class=\"wp-block-heading\" id=\"h-tagalog-grammar-get-to-know-the-heart-of-filipino-language\">Tagalog grammatik: L\u00e4r k\u00e4nna hj\u00e4rtat av det filippinska spr\u00e5ket<\/h1>\n\n\n\n<p><a href=\"https:\/\/talkpal.ai\/learn-tagalog\/\">Tagalog<\/a>, grunden f\u00f6r det nationella spr\u00e5ket i Filippinerna, filippinska, <a href=\"https:\/\/talkpal.ai\/locations\/language-courses-in-talas\/\">talas<\/a> av miljontals m\u00e4nniskor \u00f6ver hela v\u00e4rlden. F\u00f6r att l\u00e4ra sig tagalog m\u00e5ste du f\u00f6rst f\u00f6rst\u00e5 dess intrikata och fascinerande <a href=\"https:\/\/talkpal.ai\/fr\/les\/\">grammatik<\/a>. I <a href=\"https:\/\/talkpal.ai\/culture\/how-do-i-use-den-har-and-det-har\/\">den h\u00e4r<\/a> artikeln kommer vi att f\u00f6rdjupa <a href=\"https:\/\/talkpal.ai\/locations\/language-courses-in-oss\/\">oss<\/a> i de v\u00e4sentliga aspekterna av tagalog-grammatik och hj\u00e4lpa dig att uppskatta detta vackra spr\u00e5k p\u00e5 ett konverserande och v\u00e4nligt s\u00e4tt.<\/p>\n\n\n\n<h3 class=\"wp-block-heading\" id=\"h-1-nouns-genderless-countable-and-uncountable\">1. Substantiv \u2013 k\u00f6nl\u00f6sa, r\u00e4knebara och or\u00e4kneliga<\/h3>\n\n\n\n<p>I tagalog kategoriseras substantiv (pangngalan) inte efter k\u00f6n, vilket g\u00f6r det l\u00e4ttare att hantera \u00e4n vissa andra spr\u00e5k. <a href=\"https:\/\/talkpal.ai\/sv\/grammar\/vanliga-substantiv-i-galicisk-grammatik\/\">Vanliga substantiv<\/a> h\u00e4nvisar till m\u00e4nniskor, djur, platser, saker eller id\u00e9er, med egennamn som betecknar specifika namn. Du kommer att st\u00f6ta p\u00e5 b\u00e5de r\u00e4knebara (tahanan, som betyder &#8221;hus&#8221;) och or\u00e4kneliga substantiv (tubig, som betyder &#8221;vatten&#8221;). Substantiv kan ocks\u00e5 omvandlas till pluralformer genom att l\u00e4gga till specifika mark\u00f6rer som &#8221;mga&#8221;.<\/p>\n\n\n\n<h3 class=\"wp-block-heading\" id=\"h-2-adjectives-describing-with-flair\">2. Adjektiv \u2013 Att beskriva med stil<\/h3>\n\n\n\n<p>Adjektiv (pang-uri) ger mer information om substantiv, med flera s\u00e4tt att anv\u00e4nda adjektiv p\u00e5 tagalog. J\u00e4mf\u00f6relse av substantiv g\u00f6rs med adjektiv genom att anv\u00e4nda mark\u00f6rerna &#8221;mas&#8221; och &#8221;pinaka&#8221; f\u00f6r att skapa komparativa och superlativa grader. Till exempel betyder &#8221;maganda&#8221; &#8221;vacker&#8221;, medan &#8221;mas maganda&#8221; betyder &#8221;vackrare&#8221; och &#8221;pinakamaganda&#8221; betyder &#8221;den vackraste&#8221;.<\/p>\n\n\n\n<h3 class=\"wp-block-heading\" id=\"h-3-pronouns-keeping-it-personal\">3. Pronomen \u2013 Att h\u00e5lla det personligt<\/h3>\n\n\n\n<p>Tagaloggrammatiken best\u00e5r av personliga, possessiva, demonstrativa, fr\u00e5gande och relativa pronomen. <a href=\"https:\/\/talkpal.ai\/sv\/grammar_exercises\/ovningar-for-personliga-pronomen-for-slovensk-grammatik\/\">Personliga pronomen<\/a> finns i tre fall: nominativ (som anger subjektet), genitiv (som anger besittning) och ackusativ (som anger objektet). Demonstrativa pronomen, som &#8221;ito&#8221; (det h\u00e4r) och &#8221;iyan&#8221; (det d\u00e4r), anv\u00e4nds f\u00f6r att peka ut specifika saker, medan interrogativa pronomen anv\u00e4nds f\u00f6r att st\u00e4lla fr\u00e5gor.<\/p>\n\n\n\n<h3 class=\"wp-block-heading\" id=\"h-4-verbs-conjugation-and-focus\">4. Verb \u2013 konjugation och fokus<\/h3>\n\n\n\n<p>Tagalog-verb (pandiwa) spelar en viktig roll i meningsuppbyggnad, och deras b\u00f6jning \u00e4r distinkt. I st\u00e4llet f\u00f6r tempus\u00e4ndringar inneb\u00e4r verbb\u00f6jningar i tagalog aspektf\u00f6r\u00e4ndringar. Det finns tre verbaspekter: fullbordad (perfektiv), ofullbordad (imperfektiv) och \u00f6verv\u00e4gd (framtid).  <\/p>\n\n\n\n<p>Dessutom har tagalog ett unikt fokussystem relaterat till verb. I detta system \u00e4ndras verbformen beroende p\u00e5 vilken del av meningen som fokuseras p\u00e5, till exempel handlingens objekt, subjekt eller riktning. Nyckelmark\u00f6rer som &#8221;um-&#8221;, &#8221;mag-&#8221; och &#8221;-in&#8221; hj\u00e4lper till att f\u00f6rmedla olika nyanser i meningar.<\/p>\n\n\n\n<h3 class=\"wp-block-heading\" id=\"h-5-embracing-the-journey\">5. Omfamna resan<\/h3>\n\n\n\n<p>Att l\u00e4ra sig tagalog-grammatik kr\u00e4ver tid, anstr\u00e4ngning och en gnutta t\u00e5lamod. Men dess unika karakt\u00e4r, n\u00e4r den v\u00e4l beh\u00e4rskas, ger o\u00f6vertr\u00e4ffade insikter i filippinsk kultur och arv. Ha ett \u00f6ppet sinne, \u00f6va konsekvent och var inte r\u00e4dd f\u00f6r att g\u00f6ra misstag n\u00e4r du talar.<\/p>\n\n\n\n<p>N\u00e4r du dyker djupare in i tagaloggrammatikens nyanser, ta dig tid att njuta av den livlighet och rikedom som den erbjuder. Njut av din f\u00f6rst\u00e5else f\u00f6r komplexiteten som g\u00f6r detta spr\u00e5k verkligen exceptionellt. Maligayang pag-aaral \u2013 lycka till med l\u00e4randet!<\/p>\n<\/div><\/div>\n\r\n<section class=\"learnNavigationSection\">\r\n            \r\n        <a href=\"https:\/\/talkpal.ai\/sv\/lar-dig-tagalog\/\">\r\n            <div class=\"learnNavigationWrapper\">\r\n                <div class=\"learnNavigationContent\">\r\n                    <img decoding=\"async\" src=\"https:\/\/talkpal.ai\/wp-content\/uploads\/2024\/08\/Tagalog.jpg\" alt=\"Philippines Flag\">\r\n                    <div>\r\n                        <h4>Om Tagalog Learning<\/h4>\r\n                        <p>Ta reda p\u00e5 allt om tagalogisk grammatik.<\/p>\r\n                    <\/div>\r\n                <\/div>\r\n            <\/div>\r\n        <\/a>\r\n\r\n        \r\n        <a href=\"https:\/\/talkpal.ai\/sv\/grammatikovningar-pa-tagalog\/\">\r\n            <div class=\"learnNavigationWrapper\">\r\n                <div class=\"learnNavigationContent\">\r\n                    <img decoding=\"async\" src=\"https:\/\/talkpal.ai\/wp-content\/uploads\/2024\/08\/Tagalog.jpg\" alt=\"Philippines Flag\">\r\n                    <div>\r\n                        <h4>Tagalog grammatik \u00f6vning<\/h4>\r\n                        <p>\u00d6va p\u00e5 tagaloggrammatik.<\/p>\r\n                    <\/div>\r\n                <\/div>\r\n            <\/div>\r\n        <\/a>\r\n\r\n        \r\n        <a href=\"https:\/\/talkpal.ai\/vocabulary_language\/tagalog\/\">\r\n            <div class=\"learnNavigationWrapper\">\r\n                <div class=\"learnNavigationContent\">\r\n                    <img decoding=\"async\" src=\"https:\/\/talkpal.ai\/wp-content\/uploads\/2024\/08\/Tagalog.jpg\" alt=\"Philippines Flag\">\r\n                    <div>\r\n                        <h4>Ordf\u00f6rr\u00e5d i tagalog<\/h4>\r\n                        <p>Ut\u00f6ka ditt ordf\u00f6rr\u00e5d med tagalog.<\/p>\r\n                    <\/div>\r\n                <\/div>\r\n            <\/div>\r\n        <\/a>\r\n\r\n            <\/section>","protected":false},"excerpt":{"rendered":"<p>Tagalog grammatik: L\u00e4r k\u00e4nna hj\u00e4rtat av det filippinska spr\u00e5ket Tagalog, grunden f\u00f6r det nationella spr\u00e5ket i Filippinerna, filippinska, talas av miljontals m\u00e4nniskor \u00f6ver hela v\u00e4rlden. F\u00f6r att l\u00e4ra sig tagalog m\u00e5ste du f\u00f6rst f\u00f6rst\u00e5 dess intrikata och fascinerande grammatik. I den h\u00e4r artikeln kommer vi att f\u00f6rdjupa oss i de v\u00e4sentliga aspekterna av tagalog-grammatik och [&hellip;]<\/p>\n","protected":false},"author":1,"featured_media":265781,"parent":0,"menu_order":0,"comment_status":"closed","ping_status":"closed","template":"LearningContentPage.php","meta":{"_acf_changed":false,"footnotes":""},"class_list":["post-153049","page","type-page","status-publish","has-post-thumbnail","hentry"],"acf":[],"yoast_head":"<!-- This site is optimized with the Yoast SEO Premium plugin v27.2 (Yoast SEO v27.2) - https:\/\/yoast.com\/product\/yoast-seo-premium-wordpress\/ -->\n<title>Tagalog Grammatik - Talkpal<\/title>\n<meta name=\"description\" content=\"Utforska grammatiken p\u00e5 tagalog och l\u00e4r dig att uppskatta detta vackra spr\u00e5k p\u00e5 ett enkelt och v\u00e4nligt s\u00e4tt.\" \/>\n<meta name=\"robots\" content=\"index, follow, max-snippet:-1, max-image-preview:large, max-video-preview:-1\" \/>\n<link rel=\"canonical\" href=\"https:\/\/talkpal.ai\/sv\/tagalog-grammatik\/\" \/>\n<meta property=\"og:locale\" content=\"sv_SE\" \/>\n<meta property=\"og:type\" content=\"article\" \/>\n<meta property=\"og:title\" content=\"Tagalog Grammatik\" \/>\n<meta property=\"og:description\" content=\"Tagalog grammatik: L\u00e4r k\u00e4nna hj\u00e4rtat av det filippinska spr\u00e5ket Tagalog, grunden f\u00f6r det nationella spr\u00e5ket i Filippinerna, filippinska, talas av\" \/>\n<meta property=\"og:url\" content=\"https:\/\/talkpal.ai\/sv\/tagalog-grammatik\/\" \/>\n<meta property=\"og:site_name\" content=\"Talkpal\" \/>\n<meta property=\"article:publisher\" content=\"https:\/\/www.facebook.com\/profile.php?id=100090733639311\" \/>\n<meta property=\"article:modified_time\" content=\"2025-12-17T15:38:18+00:00\" \/>\n<meta property=\"og:image\" content=\"https:\/\/talkpal.ai\/wp-content\/uploads\/2024\/05\/Talkpal-Illustration-for-Vocabulary65-1024x574.png\" \/>\n\t<meta property=\"og:image:width\" content=\"1024\" \/>\n\t<meta property=\"og:image:height\" content=\"574\" \/>\n\t<meta property=\"og:image:type\" content=\"image\/png\" \/>\n<meta name=\"twitter:card\" content=\"summary_large_image\" \/>\n<meta name=\"twitter:site\" content=\"@talkpalai\" \/>\n<meta name=\"twitter:label1\" content=\"Ber\u00e4knad l\u00e4stid\" \/>\n\t<meta name=\"twitter:data1\" content=\"3 minuter\" \/>\n<script type=\"application\/ld+json\" class=\"yoast-schema-graph\">{\"@context\":\"https:\/\/schema.org\",\"@graph\":[{\"@type\":\"WebPage\",\"@id\":\"https:\/\/talkpal.ai\/sv\/tagalog-grammatik\/\",\"url\":\"https:\/\/talkpal.ai\/sv\/tagalog-grammatik\/\",\"name\":\"Tagalog Grammatik - Talkpal\",\"isPartOf\":{\"@id\":\"https:\/\/talkpal.ai\/sv\/#website\"},\"primaryImageOfPage\":{\"@id\":\"https:\/\/talkpal.ai\/sv\/tagalog-grammatik\/#primaryimage\"},\"image\":{\"@id\":\"https:\/\/talkpal.ai\/sv\/tagalog-grammatik\/#primaryimage\"},\"thumbnailUrl\":\"https:\/\/talkpal.ai\/wp-content\/uploads\/2024\/05\/Talkpal-Illustration-for-Vocabulary65.png\",\"datePublished\":\"2023-05-14T14:23:21+00:00\",\"dateModified\":\"2025-12-17T15:38:18+00:00\",\"description\":\"Utforska grammatiken p\u00e5 tagalog och l\u00e4r dig att uppskatta detta vackra spr\u00e5k p\u00e5 ett enkelt och v\u00e4nligt s\u00e4tt.\",\"breadcrumb\":{\"@id\":\"https:\/\/talkpal.ai\/sv\/tagalog-grammatik\/#breadcrumb\"},\"inLanguage\":\"sv-SE\",\"potentialAction\":[{\"@type\":\"ReadAction\",\"target\":[\"https:\/\/talkpal.ai\/sv\/tagalog-grammatik\/\"]}]},{\"@type\":\"ImageObject\",\"inLanguage\":\"sv-SE\",\"@id\":\"https:\/\/talkpal.ai\/sv\/tagalog-grammatik\/#primaryimage\",\"url\":\"https:\/\/talkpal.ai\/wp-content\/uploads\/2024\/05\/Talkpal-Illustration-for-Vocabulary65.png\",\"contentUrl\":\"https:\/\/talkpal.ai\/wp-content\/uploads\/2024\/05\/Talkpal-Illustration-for-Vocabulary65.png\",\"width\":1456,\"height\":816},{\"@type\":\"BreadcrumbList\",\"@id\":\"https:\/\/talkpal.ai\/sv\/tagalog-grammatik\/#breadcrumb\",\"itemListElement\":[{\"@type\":\"ListItem\",\"position\":1,\"name\":\"Homepage\",\"item\":\"https:\/\/talkpal.ai\/sv\/\"},{\"@type\":\"ListItem\",\"position\":2,\"name\":\"Tagalog Grammatik\"}]},{\"@type\":\"WebSite\",\"@id\":\"https:\/\/talkpal.ai\/sv\/#website\",\"url\":\"https:\/\/talkpal.ai\/sv\/\",\"name\":\"Talkpal\",\"description\":\"AI Language Learning\",\"publisher\":{\"@id\":\"https:\/\/talkpal.ai\/sv\/#organization\"},\"alternateName\":\"Talkpal AI\",\"potentialAction\":[{\"@type\":\"SearchAction\",\"target\":{\"@type\":\"EntryPoint\",\"urlTemplate\":\"https:\/\/talkpal.ai\/sv\/?s={search_term_string}\"},\"query-input\":{\"@type\":\"PropertyValueSpecification\",\"valueRequired\":true,\"valueName\":\"search_term_string\"}}],\"inLanguage\":\"sv-SE\"},{\"@type\":\"Organization\",\"@id\":\"https:\/\/talkpal.ai\/sv\/#organization\",\"name\":\"Talkpal, Inc.\",\"alternateName\":\"Talkpal AI\",\"url\":\"https:\/\/talkpal.ai\/sv\/\",\"logo\":{\"@type\":\"ImageObject\",\"inLanguage\":\"sv-SE\",\"@id\":\"https:\/\/talkpal.ai\/sv\/#\/schema\/logo\/image\/\",\"url\":\"https:\/\/talkpal.ai\/wp-content\/uploads\/2024\/03\/Talkpal-Logo-Icon.png\",\"contentUrl\":\"https:\/\/talkpal.ai\/wp-content\/uploads\/2024\/03\/Talkpal-Logo-Icon.png\",\"width\":2880,\"height\":2880,\"caption\":\"Talkpal, Inc.\"},\"image\":{\"@id\":\"https:\/\/talkpal.ai\/sv\/#\/schema\/logo\/image\/\"},\"sameAs\":[\"https:\/\/www.facebook.com\/profile.php?id=100090733639311\",\"https:\/\/x.com\/talkpalai\",\"https:\/\/www.linkedin.com\/company\/talkpal\/\",\"https:\/\/www.youtube.com\/@TalkPal\/\",\"https:\/\/www.tiktok.com\/@talkpal\",\"https:\/\/www.instagram.com\/talkpal_ai\/\",\"https:\/\/www.crunchbase.com\/organization\/talkpal-9cde\",\"https:\/\/www.g2.com\/products\/talkpal-for-business\/\",\"https:\/\/www.trustpilot.com\/review\/talkpal.ai\",\"https:\/\/www.capterra.com\/p\/10006800\/TalkPal\/\"],\"description\":\"Talkpal is a language learning web and mobile education app, powered by the latest AI technologies, that provides engaging experiences to its customers in many different languages to help them improve their language skills. Users can chat about unlimited amount of topics with the app and use other modes to practice their language learning.\",\"email\":\"support@talkpal.ai\",\"legalName\":\"Talkpal, Inc.\",\"foundingDate\":\"2023-04-03\",\"duns\":\"118989042\",\"numberOfEmployees\":{\"@type\":\"QuantitativeValue\",\"minValue\":\"11\",\"maxValue\":\"50\"},\"publishingPrinciples\":\"https:\/\/talkpal.ai\/publishing-principles\/\",\"actionableFeedbackPolicy\":\"https:\/\/talkpal.ai\/actionable-feedback-policy\/\",\"correctionsPolicy\":\"https:\/\/talkpal.ai\/corrections-policy\/\",\"ethicsPolicy\":\"https:\/\/talkpal.ai\/ethics-policy\/\",\"diversityPolicy\":\"https:\/\/talkpal.ai\/diversity-policy\/\",\"diversityStaffingReport\":\"https:\/\/talkpal.ai\/diversity-policy\/\"}]}<\/script>\n<!-- \/ Yoast SEO Premium plugin. -->","yoast_head_json":{"title":"Tagalog Grammatik - Talkpal","description":"Utforska grammatiken p\u00e5 tagalog och l\u00e4r dig att uppskatta detta vackra spr\u00e5k p\u00e5 ett enkelt och v\u00e4nligt s\u00e4tt.","robots":{"index":"index","follow":"follow","max-snippet":"max-snippet:-1","max-image-preview":"max-image-preview:large","max-video-preview":"max-video-preview:-1"},"canonical":"https:\/\/talkpal.ai\/sv\/tagalog-grammatik\/","og_locale":"sv_SE","og_type":"article","og_title":"Tagalog Grammatik","og_description":"Tagalog grammatik: L\u00e4r k\u00e4nna hj\u00e4rtat av det filippinska spr\u00e5ket Tagalog, grunden f\u00f6r det nationella spr\u00e5ket i Filippinerna, filippinska, talas av","og_url":"https:\/\/talkpal.ai\/sv\/tagalog-grammatik\/","og_site_name":"Talkpal","article_publisher":"https:\/\/www.facebook.com\/profile.php?id=100090733639311","article_modified_time":"2025-12-17T15:38:18+00:00","og_image":[{"width":1024,"height":574,"url":"https:\/\/talkpal.ai\/wp-content\/uploads\/2024\/05\/Talkpal-Illustration-for-Vocabulary65-1024x574.png","type":"image\/png"}],"twitter_card":"summary_large_image","twitter_site":"@talkpalai","twitter_misc":{"Ber\u00e4knad l\u00e4stid":"3 minuter"},"schema":{"@context":"https:\/\/schema.org","@graph":[{"@type":"WebPage","@id":"https:\/\/talkpal.ai\/sv\/tagalog-grammatik\/","url":"https:\/\/talkpal.ai\/sv\/tagalog-grammatik\/","name":"Tagalog Grammatik - Talkpal","isPartOf":{"@id":"https:\/\/talkpal.ai\/sv\/#website"},"primaryImageOfPage":{"@id":"https:\/\/talkpal.ai\/sv\/tagalog-grammatik\/#primaryimage"},"image":{"@id":"https:\/\/talkpal.ai\/sv\/tagalog-grammatik\/#primaryimage"},"thumbnailUrl":"https:\/\/talkpal.ai\/wp-content\/uploads\/2024\/05\/Talkpal-Illustration-for-Vocabulary65.png","datePublished":"2023-05-14T14:23:21+00:00","dateModified":"2025-12-17T15:38:18+00:00","description":"Utforska grammatiken p\u00e5 tagalog och l\u00e4r dig att uppskatta detta vackra spr\u00e5k p\u00e5 ett enkelt och v\u00e4nligt s\u00e4tt.","breadcrumb":{"@id":"https:\/\/talkpal.ai\/sv\/tagalog-grammatik\/#breadcrumb"},"inLanguage":"sv-SE","potentialAction":[{"@type":"ReadAction","target":["https:\/\/talkpal.ai\/sv\/tagalog-grammatik\/"]}]},{"@type":"ImageObject","inLanguage":"sv-SE","@id":"https:\/\/talkpal.ai\/sv\/tagalog-grammatik\/#primaryimage","url":"https:\/\/talkpal.ai\/wp-content\/uploads\/2024\/05\/Talkpal-Illustration-for-Vocabulary65.png","contentUrl":"https:\/\/talkpal.ai\/wp-content\/uploads\/2024\/05\/Talkpal-Illustration-for-Vocabulary65.png","width":1456,"height":816},{"@type":"BreadcrumbList","@id":"https:\/\/talkpal.ai\/sv\/tagalog-grammatik\/#breadcrumb","itemListElement":[{"@type":"ListItem","position":1,"name":"Homepage","item":"https:\/\/talkpal.ai\/sv\/"},{"@type":"ListItem","position":2,"name":"Tagalog Grammatik"}]},{"@type":"WebSite","@id":"https:\/\/talkpal.ai\/sv\/#website","url":"https:\/\/talkpal.ai\/sv\/","name":"Talkpal","description":"AI Language Learning","publisher":{"@id":"https:\/\/talkpal.ai\/sv\/#organization"},"alternateName":"Talkpal AI","potentialAction":[{"@type":"SearchAction","target":{"@type":"EntryPoint","urlTemplate":"https:\/\/talkpal.ai\/sv\/?s={search_term_string}"},"query-input":{"@type":"PropertyValueSpecification","valueRequired":true,"valueName":"search_term_string"}}],"inLanguage":"sv-SE"},{"@type":"Organization","@id":"https:\/\/talkpal.ai\/sv\/#organization","name":"Talkpal, Inc.","alternateName":"Talkpal AI","url":"https:\/\/talkpal.ai\/sv\/","logo":{"@type":"ImageObject","inLanguage":"sv-SE","@id":"https:\/\/talkpal.ai\/sv\/#\/schema\/logo\/image\/","url":"https:\/\/talkpal.ai\/wp-content\/uploads\/2024\/03\/Talkpal-Logo-Icon.png","contentUrl":"https:\/\/talkpal.ai\/wp-content\/uploads\/2024\/03\/Talkpal-Logo-Icon.png","width":2880,"height":2880,"caption":"Talkpal, Inc."},"image":{"@id":"https:\/\/talkpal.ai\/sv\/#\/schema\/logo\/image\/"},"sameAs":["https:\/\/www.facebook.com\/profile.php?id=100090733639311","https:\/\/x.com\/talkpalai","https:\/\/www.linkedin.com\/company\/talkpal\/","https:\/\/www.youtube.com\/@TalkPal\/","https:\/\/www.tiktok.com\/@talkpal","https:\/\/www.instagram.com\/talkpal_ai\/","https:\/\/www.crunchbase.com\/organization\/talkpal-9cde","https:\/\/www.g2.com\/products\/talkpal-for-business\/","https:\/\/www.trustpilot.com\/review\/talkpal.ai","https:\/\/www.capterra.com\/p\/10006800\/TalkPal\/"],"description":"Talkpal is a language learning web and mobile education app, powered by the latest AI technologies, that provides engaging experiences to its customers in many different languages to help them improve their language skills. Users can chat about unlimited amount of topics with the app and use other modes to practice their language learning.","email":"support@talkpal.ai","legalName":"Talkpal, Inc.","foundingDate":"2023-04-03","duns":"118989042","numberOfEmployees":{"@type":"QuantitativeValue","minValue":"11","maxValue":"50"},"publishingPrinciples":"https:\/\/talkpal.ai\/publishing-principles\/","actionableFeedbackPolicy":"https:\/\/talkpal.ai\/actionable-feedback-policy\/","correctionsPolicy":"https:\/\/talkpal.ai\/corrections-policy\/","ethicsPolicy":"https:\/\/talkpal.ai\/ethics-policy\/","diversityPolicy":"https:\/\/talkpal.ai\/diversity-policy\/","diversityStaffingReport":"https:\/\/talkpal.ai\/diversity-policy\/"}]}},"_links":{"self":[{"href":"https:\/\/talkpal.ai\/sv\/wp-json\/wp\/v2\/pages\/153049","targetHints":{"allow":["GET"]}}],"collection":[{"href":"https:\/\/talkpal.ai\/sv\/wp-json\/wp\/v2\/pages"}],"about":[{"href":"https:\/\/talkpal.ai\/sv\/wp-json\/wp\/v2\/types\/page"}],"author":[{"embeddable":true,"href":"https:\/\/talkpal.ai\/sv\/wp-json\/wp\/v2\/users\/1"}],"replies":[{"embeddable":true,"href":"https:\/\/talkpal.ai\/sv\/wp-json\/wp\/v2\/comments?post=153049"}],"version-history":[{"count":0,"href":"https:\/\/talkpal.ai\/sv\/wp-json\/wp\/v2\/pages\/153049\/revisions"}],"wp:featuredmedia":[{"embeddable":true,"href":"https:\/\/talkpal.ai\/sv\/wp-json\/wp\/v2\/media\/265781"}],"wp:attachment":[{"href":"https:\/\/talkpal.ai\/sv\/wp-json\/wp\/v2\/media?parent=153049"}],"curies":[{"name":"wp","href":"https:\/\/api.w.org\/{rel}","templated":true}]}}