{"id":152572,"date":"2023-05-14T14:23:00","date_gmt":"2023-05-14T14:23:00","guid":{"rendered":"http:\/\/talkpal.ai\/vietnamesisk-grammatik\/"},"modified":"2025-12-12T11:04:04","modified_gmt":"2025-12-12T11:04:04","slug":"vietnamesisk-grammatik","status":"publish","type":"page","link":"https:\/\/talkpal.ai\/sv\/vietnamesisk-grammatik\/","title":{"rendered":"Vietnamesisk grammatik"},"content":{"rendered":"\r\n\r\n\r\n<section class=\"languageChallengeSection\">\r\n    <div class=\"languageInfoWrapper\">\r\n        \r\n        <h1>Vietnamesisk grammatik<\/h1>\r\n        <p><a href=\"https:\/\/talkpal.ai\/no\/laer-vietnamesisk\/\">Vietnamesisk grammatik<\/a> \u00e4r k\u00e4nd f\u00f6r sin enkelhet och logiska struktur, vilket g\u00f6r den l\u00e4ttillg\u00e4nglig f\u00f6r nya inl\u00e4rare. Med ett romaniserat alfabet, inga verbb\u00f6jningar och minimal anv\u00e4ndning av pluralis kan eleverna snabbt fokusera p\u00e5 att bygga upp ordf\u00f6rr\u00e5d och konversationsf\u00f6rm\u00e5ga. Att utforska <a href=\"https:\/\/talkpal.ai\/learn-vietnamese\/\">vietnamesiska<\/a> handlar inte bara om att l\u00e4ra sig spr\u00e5ket &#8211; det \u00f6ppnar ocks\u00e5 ett f\u00f6nster till landets rika kultur och historia.<\/p>\r\n\r\n                            <a class=\"getStartedHidden\" href=\"https:\/\/app.talkpal.ai\/sv\/signup?lng=\">Kom ig\u00e5ng<\/a>\r\n        \r\n    <\/div>\r\n\r\n    <figure>\r\n    <img decoding=\"async\" width=\"768\" height=\"768\" src=\"https:\/\/talkpal.ai\/wp-content\/uploads\/2023\/06\/vietnamese-768x768.png\" class=\"languageImage no-lazy\" alt=\"Default alt text\" fetchpriority=\"high\" sizes=\"(max-width: 768px) 150px, 768px\" srcset=\"https:\/\/talkpal.ai\/wp-content\/uploads\/2023\/06\/vietnamese-768x768.png 768w, https:\/\/talkpal.ai\/wp-content\/uploads\/2023\/06\/vietnamese-300x300.png 300w\" \/>\r\n    \r\n\r\n    <\/figure>\r\n\r\n            <a class=\"getStartedVisible\" href=\"https:\/\/app.talkpal.ai\/sv\/signup?lng=\">Kom ig\u00e5ng<\/a>\r\n    \r\n<\/section>\r\n        <section class=\"grammarSection\">\r\n            <div class=\"grammarLinks\">\r\n                <a href=\"https:\/\/talkpal.ai\/sv\/language\/adjektiv-vietnamesisk-grammatik\/\">Adjektiv <\/a><a href=\"https:\/\/talkpal.ai\/sv\/language\/adverb-vietnamesisk-grammatik\/\">Adverb <\/a><a href=\"https:\/\/talkpal.ai\/sv\/language\/artiklar-vietnamesisk-grammatik\/\">Artiklar <\/a><a href=\"https:\/\/talkpal.ai\/sv\/language\/jamforelse-av-tempus-vietnamesisk-grammatik\/\">J\u00e4mf\u00f6relse av tempus <\/a><a href=\"https:\/\/talkpal.ai\/sv\/language\/konditionaler-vietnamesisk-grammatik\/\">Konditionaler <\/a><a href=\"https:\/\/talkpal.ai\/sv\/language\/meningar-vietnamesisk-grammatik\/\">Meningar <\/a><a href=\"https:\/\/talkpal.ai\/sv\/language\/perfect-progressive-vietnamesisk-grammatik\/\">Perfect Progressive <\/a><a href=\"https:\/\/talkpal.ai\/sv\/language\/prepositioner-vietnamesisk-grammatik\/\">Prepositioner <\/a><a href=\"https:\/\/talkpal.ai\/sv\/language\/progressiv-vietnamesisk-spraklara\/\">Progressiv <\/a><a href=\"https:\/\/talkpal.ai\/sv\/language\/pronomen-bestamningsfaktorer-vietnamesisk-grammatik\/\">Pronomen\/best\u00e4mningsfaktorer <\/a><a href=\"https:\/\/talkpal.ai\/sv\/language\/substantiv-vietnamesisk-grammatik\/\">Substantiv <\/a><a href=\"https:\/\/talkpal.ai\/sv\/language\/tempus-vietnamesisk-grammatik\/\">Tempus <\/a><a href=\"https:\/\/talkpal.ai\/sv\/language\/verb-vietnamesisk-grammatik\/\">Verb <\/a>            <\/div>\r\n        <\/section>\r\n    <section class=\"promotionalBanner\">\r\n    <p class=\"promotionalText\">Det mest effektiva s\u00e4ttet att l\u00e4ra sig ett spr\u00e5k<\/p>\r\n    <a class=\"promotionalLink\" href=\"https:\/\/app.talkpal.ai\/sv\/signup?lng=\">Prova Talkpal gratis<\/a>\r\n<\/section>\n<div class=\"wp-block-group pageContainerStyle\"><div class=\"wp-block-group__inner-container is-layout-constrained wp-block-group-is-layout-constrained\">\n<h2 class=\"wp-block-heading\" id=\"h-the-intricacies-of-vietnamese-grammar-an-engaging-exploration\">Den vietnamesiska grammatikens kr\u00e5ngligheter: En engagerande utforskning<\/h2>\n\n\n\n<p>Det vietnamesiska spr\u00e5ket, med sina djupa historiska r\u00f6tter och unika kulturella bakgrund, erbjuder ett lockande \u00e4ventyr f\u00f6r b\u00e5de lingvister och spr\u00e5kinl\u00e4rare. \u00c4ven om vietnamesisk grammatik till en b\u00f6rjan kan framst\u00e5 som en utmaning, banar dess enkla logik och konsekvens v\u00e4g f\u00f6r en sp\u00e4nnande inl\u00e4rningsupplevelse. S\u00e5 f\u00f6rbered dig p\u00e5 en sp\u00e4nnande spr\u00e5kresa n\u00e4r vi f\u00f6rdjupar <a href=\"https:\/\/talkpal.ai\/locations\/language-courses-in-oss\/\">oss<\/a> i den vietnamesiska grammatikens s\u00e4rdrag.<\/p>\n\n\n\n<h3 class=\"wp-block-heading\" id=\"h-1-the-alphabet-a-gift-from-the-past\">1. Alfabetet: En g\u00e5va fr\u00e5n det f\u00f6rflutna<\/h3>\n\n\n\n<p>Det vietnamesiska alfabetet, som best\u00e5r av 29 bokst\u00e4ver, h\u00e4rstammar huvudsakligen fr\u00e5n det latinska alfabetet, med <a href=\"https:\/\/talkpal.ai\/learn-portuguese\/\">portugisiska<\/a> och <a href=\"https:\/\/talkpal.ai\/learn-french\/\">franska<\/a> begynnelser. Tack vare Qu\u1ed1c Ng\u1eef-skriften har \u00f6verg\u00e5ngen till en romaniserad skrift gjort alfabetet bekant och l\u00e4ttillg\u00e4ngligt f\u00f6r talare av andra latinbaserade spr\u00e5k. Detta m\u00f6jligg\u00f6r en smidig startpunkt f\u00f6r nyb\u00f6rjare att fokusera p\u00e5 spr\u00e5kets unika ljud och uttal.<\/p>\n\n\n\n<h3 class=\"wp-block-heading\" id=\"h-2-tones-vietnamese-s-musical-notation\">2. Toner: Vietnamesisk musikalisk notation<\/h3>\n\n\n\n<p>Vietnamesiska \u00e4r ett tonalt spr\u00e5k med sex distinkta toner som \u00e4ndrar betydelsen av ett ord genom att anv\u00e4nda olika diakritiska tecken. Att bem\u00e4stra dessa toner kan vara utmanande, men det tillf\u00f6r musikalitet och nyans till spr\u00e5ket vilket g\u00f6r det \u00e4nnu mer f\u00e4ngslande. T\u00e5lamod och \u00f6vning kommer att g\u00f6ra det perfekt, s\u00e5 att du till fullo kan uppskatta den melodiska sk\u00f6nheten i vietnamesiska.<\/p>\n\n\n\n<h3 class=\"wp-block-heading\" id=\"h-3-word-order-unraveling-the-vietnamese-sentence-structure\">3. Ordf\u00f6ljd: Att reda ut den vietnamesiska meningsstrukturen<\/h3>\n\n\n\n<p>Tack och lov \u00e4r den vietnamesiska ordf\u00f6ljden ganska enkel och f\u00f6ljer det v\u00e4lbekanta SVO-formatet (Subject-Verb-Object). Denna l\u00e4ttillg\u00e4ngliga struktur g\u00f6r det l\u00e4ttare f\u00f6r <a href=\"https:\/\/talkpal.ai\/english-speaking-course\/\">engelsktalande<\/a> att bilda meningar p\u00e5 vietnamesiska utan att uppleva en st\u00f6rre f\u00f6r\u00e4ndring i lingvistiken. Ta exemplet med &#8221;T\u00f4i y\u00eau Vi\u1ec7t Nam!&#8221; (Jag \u00e4lskar Vietnam!), d\u00e4r b\u00e5da spr\u00e5ken har parallella konstruktioner.<\/p>\n\n\n\n<h3 class=\"wp-block-heading\" id=\"h-4-no-more-plural-nouns-or-verb-conjugations\">4. Inga fler plurala substantiv eller verbb\u00f6jningar<\/h3>\n\n\n\n<p>P\u00e5 vietnamesiska \u00e4ndrar substantiv inte sin form f\u00f6r att indikera pluralitet, och verb f\u00f6rblir konsekventa oavsett tempus eller subjekt. \u00c4ven om detta kan verka f\u00f6rvirrande till en b\u00f6rjan, f\u00f6renklar det avsev\u00e4rt inl\u00e4rningen av grammatikregler. I st\u00e4llet f\u00f6rtydligar sammanhanget och anv\u00e4ndningen av ytterligare ord meningens betydelse. S\u00e5 dra en suck av l\u00e4ttnad n\u00e4r du tar farv\u00e4l av besv\u00e4ret med konjugation.<\/p>\n\n\n\n<h3 class=\"wp-block-heading\" id=\"h-5-immerse-yourself-in-the-vietnamese-mindset\">5. F\u00f6rdjupa dig i det vietnamesiska t\u00e4nkes\u00e4ttet<\/h3>\n\n\n\n<p>Att l\u00e4ra sig vietnamesiska handlar inte bara om att beh\u00e4rska grammatiken &#8211; det handlar ocks\u00e5 om att ta till sig de kulturella, historiska och sociala sammanhang som har format spr\u00e5ket. <a href=\"https:\/\/talkpal.ai\/locations\/language-courses-in-prata\/\">Prata<\/a> med personer som talar vietnamesiska som modersm\u00e5l, utforska vietnamesisk litteratur och konst och f\u00f6rs\u00f6k att f\u00e5 <a href=\"https:\/\/talkpal.ai\/contact\/\">kontakt<\/a> med landets v\u00e4rderingar och seder. Detta holistiska tillv\u00e4gag\u00e5ngss\u00e4tt kommer inte bara att f\u00f6rb\u00e4ttra dina spr\u00e5kkunskaper utan ocks\u00e5 f\u00f6rdjupa din f\u00f6rst\u00e5else f\u00f6r Vietnams m\u00e5ngfacetterade sk\u00f6nhet.<\/p>\n\n\n\n<h3 class=\"wp-block-heading\" id=\"h-in-conclusion-relish-the-charm-of-vietnamese-grammar\">Sammanfattningsvis: Njut av charmen i vietnamesisk grammatik<\/h3>\n\n\n\n<p>\u00c4ven om vietnamesisk grammatik kan verka f\u00f6rbryllande p\u00e5 ytan, inbjuder dess fascinerande struktur och inneboende enkelhet eleverna att ge sig ut p\u00e5 en givande spr\u00e5klig resa. N\u00e4r du dyker in i vietnamesiskans v\u00e4rld kommer du att f\u00f6rundras \u00f6ver grammatikens elegans och sk\u00f6nhet och den rika kulturella v\u00e4v som har format spr\u00e5ket genom \u00e5rhundradena. S\u00e5 forts\u00e4tt och utforska den vietnamesiska grammatikens underverk n\u00e4r du navigerar i det spr\u00e5kliga landskapet i detta f\u00f6rtrollande spr\u00e5k.<\/p>\n<\/div><\/div>\n\r\n<section class=\"learnNavigationSection\">\r\n            \r\n        <a href=\"https:\/\/talkpal.ai\/sv\/lar-dig-vietnamesiska\/\">\r\n            <div class=\"learnNavigationWrapper\">\r\n                <div class=\"learnNavigationContent\">\r\n                    <img decoding=\"async\" src=\"https:\/\/talkpal.ai\/wp-content\/uploads\/2024\/08\/Vietnamese.jpg\" alt=\"Vietnamise Flag\">\r\n                    <div>\r\n                        <h4>Om att l\u00e4ra sig vietnamesiska<\/h4>\r\n                        <p>Ta reda p\u00e5 allt om vietnamesisk grammatik.<\/p>\r\n                    <\/div>\r\n                <\/div>\r\n            <\/div>\r\n        <\/a>\r\n\r\n        \r\n        <a href=\"https:\/\/talkpal.ai\/sv\/vietnamesiska-grammatikovningar\/\">\r\n            <div class=\"learnNavigationWrapper\">\r\n                <div class=\"learnNavigationContent\">\r\n                    <img decoding=\"async\" src=\"https:\/\/talkpal.ai\/wp-content\/uploads\/2024\/08\/Vietnamese.jpg\" alt=\"Vietnamise Flag\">\r\n                    <div>\r\n                        <h4>\u00d6vning i vietnamesisk grammatik<\/h4>\r\n                        <p>\u00d6va vietnamesisk grammatik.<\/p>\r\n                    <\/div>\r\n                <\/div>\r\n            <\/div>\r\n        <\/a>\r\n\r\n        \r\n        <a href=\"https:\/\/talkpal.ai\/vocabulary_language\/vietnamese\/\">\r\n            <div class=\"learnNavigationWrapper\">\r\n                <div class=\"learnNavigationContent\">\r\n                    <img decoding=\"async\" src=\"https:\/\/talkpal.ai\/wp-content\/uploads\/2024\/08\/Vietnamese.jpg\" alt=\"Vietnamise Flag\">\r\n                    <div>\r\n                        <h4>Vietnamesisk vokabul\u00e4r<\/h4>\r\n                        <p>Ut\u00f6ka ditt vietnamesiska ordf\u00f6rr\u00e5d.<\/p>\r\n                    <\/div>\r\n                <\/div>\r\n            <\/div>\r\n        <\/a>\r\n\r\n            <\/section>","protected":false},"excerpt":{"rendered":"<p>Den vietnamesiska grammatikens kr\u00e5ngligheter: En engagerande utforskning Det vietnamesiska spr\u00e5ket, med sina djupa historiska r\u00f6tter och unika kulturella bakgrund, erbjuder ett lockande \u00e4ventyr f\u00f6r b\u00e5de lingvister och spr\u00e5kinl\u00e4rare. \u00c4ven om vietnamesisk grammatik till en b\u00f6rjan kan framst\u00e5 som en utmaning, banar dess enkla logik och konsekvens v\u00e4g f\u00f6r en sp\u00e4nnande inl\u00e4rningsupplevelse. S\u00e5 f\u00f6rbered dig p\u00e5 [&hellip;]<\/p>\n","protected":false},"author":1,"featured_media":28789,"parent":0,"menu_order":0,"comment_status":"closed","ping_status":"closed","template":"LearningContentPage.php","meta":{"_acf_changed":false,"footnotes":""},"class_list":["post-152572","page","type-page","status-publish","has-post-thumbnail","hentry"],"acf":[],"yoast_head":"<!-- This site is optimized with the Yoast SEO Premium plugin v27.2 (Yoast SEO v27.2) - https:\/\/yoast.com\/product\/yoast-seo-premium-wordpress\/ -->\n<title>Vietnamesisk grammatik - Talkpal<\/title>\n<meta name=\"description\" content=\"Utforska de fascinerande aspekterna av vietnamesisk grammatik och uppt\u00e4ck gl\u00e4djen i att l\u00e4ra sig detta unika spr\u00e5k.\" \/>\n<meta name=\"robots\" content=\"index, follow, max-snippet:-1, max-image-preview:large, max-video-preview:-1\" \/>\n<link rel=\"canonical\" href=\"https:\/\/talkpal.ai\/sv\/vietnamesisk-grammatik\/\" \/>\n<meta property=\"og:locale\" content=\"sv_SE\" \/>\n<meta property=\"og:type\" content=\"article\" \/>\n<meta property=\"og:title\" content=\"Vietnamesisk grammatik\" \/>\n<meta property=\"og:description\" content=\"Den vietnamesiska grammatikens kr\u00e5ngligheter: En engagerande utforskning Det vietnamesiska spr\u00e5ket, med sina djupa historiska r\u00f6tter och unika kulturella\" \/>\n<meta property=\"og:url\" content=\"https:\/\/talkpal.ai\/sv\/vietnamesisk-grammatik\/\" \/>\n<meta property=\"og:site_name\" content=\"Talkpal\" \/>\n<meta property=\"article:publisher\" content=\"https:\/\/www.facebook.com\/profile.php?id=100090733639311\" \/>\n<meta property=\"article:modified_time\" content=\"2025-12-12T11:04:04+00:00\" \/>\n<meta property=\"og:image\" content=\"https:\/\/talkpal.ai\/wp-content\/uploads\/2023\/05\/vietnam.png\" \/>\n\t<meta property=\"og:image:width\" content=\"512\" \/>\n\t<meta property=\"og:image:height\" content=\"512\" \/>\n\t<meta property=\"og:image:type\" content=\"image\/png\" \/>\n<meta name=\"twitter:card\" content=\"summary_large_image\" \/>\n<meta name=\"twitter:site\" content=\"@talkpalai\" \/>\n<meta name=\"twitter:label1\" content=\"Ber\u00e4knad l\u00e4stid\" \/>\n\t<meta name=\"twitter:data1\" content=\"3 minuter\" \/>\n<script type=\"application\/ld+json\" class=\"yoast-schema-graph\">{\"@context\":\"https:\/\/schema.org\",\"@graph\":[{\"@type\":\"WebPage\",\"@id\":\"https:\/\/talkpal.ai\/sv\/vietnamesisk-grammatik\/\",\"url\":\"https:\/\/talkpal.ai\/sv\/vietnamesisk-grammatik\/\",\"name\":\"Vietnamesisk grammatik - Talkpal\",\"isPartOf\":{\"@id\":\"https:\/\/talkpal.ai\/sv\/#website\"},\"primaryImageOfPage\":{\"@id\":\"https:\/\/talkpal.ai\/sv\/vietnamesisk-grammatik\/#primaryimage\"},\"image\":{\"@id\":\"https:\/\/talkpal.ai\/sv\/vietnamesisk-grammatik\/#primaryimage\"},\"thumbnailUrl\":\"https:\/\/talkpal.ai\/wp-content\/uploads\/2023\/05\/vietnam.png\",\"datePublished\":\"2023-05-14T14:23:00+00:00\",\"dateModified\":\"2025-12-12T11:04:04+00:00\",\"description\":\"Utforska de fascinerande aspekterna av vietnamesisk grammatik och uppt\u00e4ck gl\u00e4djen i att l\u00e4ra sig detta unika spr\u00e5k.\",\"breadcrumb\":{\"@id\":\"https:\/\/talkpal.ai\/sv\/vietnamesisk-grammatik\/#breadcrumb\"},\"inLanguage\":\"sv-SE\",\"potentialAction\":[{\"@type\":\"ReadAction\",\"target\":[\"https:\/\/talkpal.ai\/sv\/vietnamesisk-grammatik\/\"]}]},{\"@type\":\"ImageObject\",\"inLanguage\":\"sv-SE\",\"@id\":\"https:\/\/talkpal.ai\/sv\/vietnamesisk-grammatik\/#primaryimage\",\"url\":\"https:\/\/talkpal.ai\/wp-content\/uploads\/2023\/05\/vietnam.png\",\"contentUrl\":\"https:\/\/talkpal.ai\/wp-content\/uploads\/2023\/05\/vietnam.png\",\"width\":512,\"height\":512},{\"@type\":\"BreadcrumbList\",\"@id\":\"https:\/\/talkpal.ai\/sv\/vietnamesisk-grammatik\/#breadcrumb\",\"itemListElement\":[{\"@type\":\"ListItem\",\"position\":1,\"name\":\"Homepage\",\"item\":\"https:\/\/talkpal.ai\/sv\/\"},{\"@type\":\"ListItem\",\"position\":2,\"name\":\"Vietnamesisk grammatik\"}]},{\"@type\":\"WebSite\",\"@id\":\"https:\/\/talkpal.ai\/sv\/#website\",\"url\":\"https:\/\/talkpal.ai\/sv\/\",\"name\":\"Talkpal\",\"description\":\"AI Language Learning\",\"publisher\":{\"@id\":\"https:\/\/talkpal.ai\/sv\/#organization\"},\"alternateName\":\"Talkpal AI\",\"potentialAction\":[{\"@type\":\"SearchAction\",\"target\":{\"@type\":\"EntryPoint\",\"urlTemplate\":\"https:\/\/talkpal.ai\/sv\/?s={search_term_string}\"},\"query-input\":{\"@type\":\"PropertyValueSpecification\",\"valueRequired\":true,\"valueName\":\"search_term_string\"}}],\"inLanguage\":\"sv-SE\"},{\"@type\":\"Organization\",\"@id\":\"https:\/\/talkpal.ai\/sv\/#organization\",\"name\":\"Talkpal, Inc.\",\"alternateName\":\"Talkpal AI\",\"url\":\"https:\/\/talkpal.ai\/sv\/\",\"logo\":{\"@type\":\"ImageObject\",\"inLanguage\":\"sv-SE\",\"@id\":\"https:\/\/talkpal.ai\/sv\/#\/schema\/logo\/image\/\",\"url\":\"https:\/\/talkpal.ai\/wp-content\/uploads\/2024\/03\/Talkpal-Logo-Icon.png\",\"contentUrl\":\"https:\/\/talkpal.ai\/wp-content\/uploads\/2024\/03\/Talkpal-Logo-Icon.png\",\"width\":2880,\"height\":2880,\"caption\":\"Talkpal, Inc.\"},\"image\":{\"@id\":\"https:\/\/talkpal.ai\/sv\/#\/schema\/logo\/image\/\"},\"sameAs\":[\"https:\/\/www.facebook.com\/profile.php?id=100090733639311\",\"https:\/\/x.com\/talkpalai\",\"https:\/\/www.linkedin.com\/company\/talkpal\/\",\"https:\/\/www.youtube.com\/@TalkPal\/\",\"https:\/\/www.tiktok.com\/@talkpal\",\"https:\/\/www.instagram.com\/talkpal_ai\/\",\"https:\/\/www.crunchbase.com\/organization\/talkpal-9cde\",\"https:\/\/www.g2.com\/products\/talkpal-for-business\/\",\"https:\/\/www.trustpilot.com\/review\/talkpal.ai\",\"https:\/\/www.capterra.com\/p\/10006800\/TalkPal\/\"],\"description\":\"Talkpal is a language learning web and mobile education app, powered by the latest AI technologies, that provides engaging experiences to its customers in many different languages to help them improve their language skills. Users can chat about unlimited amount of topics with the app and use other modes to practice their language learning.\",\"email\":\"support@talkpal.ai\",\"legalName\":\"Talkpal, Inc.\",\"foundingDate\":\"2023-04-03\",\"duns\":\"118989042\",\"numberOfEmployees\":{\"@type\":\"QuantitativeValue\",\"minValue\":\"11\",\"maxValue\":\"50\"},\"publishingPrinciples\":\"https:\/\/talkpal.ai\/publishing-principles\/\",\"actionableFeedbackPolicy\":\"https:\/\/talkpal.ai\/actionable-feedback-policy\/\",\"correctionsPolicy\":\"https:\/\/talkpal.ai\/corrections-policy\/\",\"ethicsPolicy\":\"https:\/\/talkpal.ai\/ethics-policy\/\",\"diversityPolicy\":\"https:\/\/talkpal.ai\/diversity-policy\/\",\"diversityStaffingReport\":\"https:\/\/talkpal.ai\/diversity-policy\/\"}]}<\/script>\n<!-- \/ Yoast SEO Premium plugin. -->","yoast_head_json":{"title":"Vietnamesisk grammatik - Talkpal","description":"Utforska de fascinerande aspekterna av vietnamesisk grammatik och uppt\u00e4ck gl\u00e4djen i att l\u00e4ra sig detta unika spr\u00e5k.","robots":{"index":"index","follow":"follow","max-snippet":"max-snippet:-1","max-image-preview":"max-image-preview:large","max-video-preview":"max-video-preview:-1"},"canonical":"https:\/\/talkpal.ai\/sv\/vietnamesisk-grammatik\/","og_locale":"sv_SE","og_type":"article","og_title":"Vietnamesisk grammatik","og_description":"Den vietnamesiska grammatikens kr\u00e5ngligheter: En engagerande utforskning Det vietnamesiska spr\u00e5ket, med sina djupa historiska r\u00f6tter och unika kulturella","og_url":"https:\/\/talkpal.ai\/sv\/vietnamesisk-grammatik\/","og_site_name":"Talkpal","article_publisher":"https:\/\/www.facebook.com\/profile.php?id=100090733639311","article_modified_time":"2025-12-12T11:04:04+00:00","og_image":[{"width":512,"height":512,"url":"https:\/\/talkpal.ai\/wp-content\/uploads\/2023\/05\/vietnam.png","type":"image\/png"}],"twitter_card":"summary_large_image","twitter_site":"@talkpalai","twitter_misc":{"Ber\u00e4knad l\u00e4stid":"3 minuter"},"schema":{"@context":"https:\/\/schema.org","@graph":[{"@type":"WebPage","@id":"https:\/\/talkpal.ai\/sv\/vietnamesisk-grammatik\/","url":"https:\/\/talkpal.ai\/sv\/vietnamesisk-grammatik\/","name":"Vietnamesisk grammatik - Talkpal","isPartOf":{"@id":"https:\/\/talkpal.ai\/sv\/#website"},"primaryImageOfPage":{"@id":"https:\/\/talkpal.ai\/sv\/vietnamesisk-grammatik\/#primaryimage"},"image":{"@id":"https:\/\/talkpal.ai\/sv\/vietnamesisk-grammatik\/#primaryimage"},"thumbnailUrl":"https:\/\/talkpal.ai\/wp-content\/uploads\/2023\/05\/vietnam.png","datePublished":"2023-05-14T14:23:00+00:00","dateModified":"2025-12-12T11:04:04+00:00","description":"Utforska de fascinerande aspekterna av vietnamesisk grammatik och uppt\u00e4ck gl\u00e4djen i att l\u00e4ra sig detta unika spr\u00e5k.","breadcrumb":{"@id":"https:\/\/talkpal.ai\/sv\/vietnamesisk-grammatik\/#breadcrumb"},"inLanguage":"sv-SE","potentialAction":[{"@type":"ReadAction","target":["https:\/\/talkpal.ai\/sv\/vietnamesisk-grammatik\/"]}]},{"@type":"ImageObject","inLanguage":"sv-SE","@id":"https:\/\/talkpal.ai\/sv\/vietnamesisk-grammatik\/#primaryimage","url":"https:\/\/talkpal.ai\/wp-content\/uploads\/2023\/05\/vietnam.png","contentUrl":"https:\/\/talkpal.ai\/wp-content\/uploads\/2023\/05\/vietnam.png","width":512,"height":512},{"@type":"BreadcrumbList","@id":"https:\/\/talkpal.ai\/sv\/vietnamesisk-grammatik\/#breadcrumb","itemListElement":[{"@type":"ListItem","position":1,"name":"Homepage","item":"https:\/\/talkpal.ai\/sv\/"},{"@type":"ListItem","position":2,"name":"Vietnamesisk grammatik"}]},{"@type":"WebSite","@id":"https:\/\/talkpal.ai\/sv\/#website","url":"https:\/\/talkpal.ai\/sv\/","name":"Talkpal","description":"AI Language Learning","publisher":{"@id":"https:\/\/talkpal.ai\/sv\/#organization"},"alternateName":"Talkpal AI","potentialAction":[{"@type":"SearchAction","target":{"@type":"EntryPoint","urlTemplate":"https:\/\/talkpal.ai\/sv\/?s={search_term_string}"},"query-input":{"@type":"PropertyValueSpecification","valueRequired":true,"valueName":"search_term_string"}}],"inLanguage":"sv-SE"},{"@type":"Organization","@id":"https:\/\/talkpal.ai\/sv\/#organization","name":"Talkpal, Inc.","alternateName":"Talkpal AI","url":"https:\/\/talkpal.ai\/sv\/","logo":{"@type":"ImageObject","inLanguage":"sv-SE","@id":"https:\/\/talkpal.ai\/sv\/#\/schema\/logo\/image\/","url":"https:\/\/talkpal.ai\/wp-content\/uploads\/2024\/03\/Talkpal-Logo-Icon.png","contentUrl":"https:\/\/talkpal.ai\/wp-content\/uploads\/2024\/03\/Talkpal-Logo-Icon.png","width":2880,"height":2880,"caption":"Talkpal, Inc."},"image":{"@id":"https:\/\/talkpal.ai\/sv\/#\/schema\/logo\/image\/"},"sameAs":["https:\/\/www.facebook.com\/profile.php?id=100090733639311","https:\/\/x.com\/talkpalai","https:\/\/www.linkedin.com\/company\/talkpal\/","https:\/\/www.youtube.com\/@TalkPal\/","https:\/\/www.tiktok.com\/@talkpal","https:\/\/www.instagram.com\/talkpal_ai\/","https:\/\/www.crunchbase.com\/organization\/talkpal-9cde","https:\/\/www.g2.com\/products\/talkpal-for-business\/","https:\/\/www.trustpilot.com\/review\/talkpal.ai","https:\/\/www.capterra.com\/p\/10006800\/TalkPal\/"],"description":"Talkpal is a language learning web and mobile education app, powered by the latest AI technologies, that provides engaging experiences to its customers in many different languages to help them improve their language skills. Users can chat about unlimited amount of topics with the app and use other modes to practice their language learning.","email":"support@talkpal.ai","legalName":"Talkpal, Inc.","foundingDate":"2023-04-03","duns":"118989042","numberOfEmployees":{"@type":"QuantitativeValue","minValue":"11","maxValue":"50"},"publishingPrinciples":"https:\/\/talkpal.ai\/publishing-principles\/","actionableFeedbackPolicy":"https:\/\/talkpal.ai\/actionable-feedback-policy\/","correctionsPolicy":"https:\/\/talkpal.ai\/corrections-policy\/","ethicsPolicy":"https:\/\/talkpal.ai\/ethics-policy\/","diversityPolicy":"https:\/\/talkpal.ai\/diversity-policy\/","diversityStaffingReport":"https:\/\/talkpal.ai\/diversity-policy\/"}]}},"_links":{"self":[{"href":"https:\/\/talkpal.ai\/sv\/wp-json\/wp\/v2\/pages\/152572","targetHints":{"allow":["GET"]}}],"collection":[{"href":"https:\/\/talkpal.ai\/sv\/wp-json\/wp\/v2\/pages"}],"about":[{"href":"https:\/\/talkpal.ai\/sv\/wp-json\/wp\/v2\/types\/page"}],"author":[{"embeddable":true,"href":"https:\/\/talkpal.ai\/sv\/wp-json\/wp\/v2\/users\/1"}],"replies":[{"embeddable":true,"href":"https:\/\/talkpal.ai\/sv\/wp-json\/wp\/v2\/comments?post=152572"}],"version-history":[{"count":0,"href":"https:\/\/talkpal.ai\/sv\/wp-json\/wp\/v2\/pages\/152572\/revisions"}],"wp:featuredmedia":[{"embeddable":true,"href":"https:\/\/talkpal.ai\/sv\/wp-json\/wp\/v2\/media\/28789"}],"wp:attachment":[{"href":"https:\/\/talkpal.ai\/sv\/wp-json\/wp\/v2\/media?parent=152572"}],"curies":[{"name":"wp","href":"https:\/\/api.w.org\/{rel}","templated":true}]}}